{"id":10032,"date":"2020-08-28T15:18:26","date_gmt":"2020-08-28T14:18:26","guid":{"rendered":"https:\/\/thingstodoinamsterdam.com\/?page_id=10032"},"modified":"2026-02-03T14:35:46","modified_gmt":"2026-02-03T13:35:46","slug":"schone-stadte-in-den-niederlanden","status":"publish","type":"page","link":"https:\/\/thingstodoinamsterdam.com\/de\/schone-stadte-in-den-niederlanden\/","title":{"rendered":"Sch\u00f6ne St\u00e4dte in den Niederlanden"},"content":{"rendered":"<div class=\"wpb-content-wrapper\"><p>[vc_row][vc_column][vc_column_text]Wir lieben Amsterdam. Es ist eine sch\u00f6ne Stadt, in der es nicht langweilig wird. Es gibt so viel zu sehen und zu tun. Aber wir wissen, dass die Niederlande mehr als nur Amsterdam sind. Wenn du Zeit hast, solltest du unbedingt einen Tagesausflug von Amsterdam aus machen. Verlasse ausgetretene Pfade und entdecke was die Niederlande neben Amsterdam noch zu bieten haben. An nur einem Tag kannst du einen der unten empfohlenen St\u00e4dte in den Niederlanden besuchen.<\/p><div id=\"ez-toc-container\" class=\"ez-toc-v2_0_82_2 counter-hierarchy ez-toc-counter ez-toc-custom ez-toc-container-direction\">\n<div class=\"ez-toc-title-container\">\n<span class=\"ez-toc-title-toggle\"><a href=\"#\" class=\"ez-toc-pull-right ez-toc-btn ez-toc-btn-xs ez-toc-btn-default ez-toc-toggle\" aria-label=\"Toggle Table of Content\"><span class=\"ez-toc-js-icon-con\"><span class=\"\"><span class=\"eztoc-hide\" style=\"display:none;\">Toggle<\/span><span class=\"ez-toc-icon-toggle-span\"><svg style=\"fill: #999;color:#999\" xmlns=\"http:\/\/www.w3.org\/2000\/svg\" class=\"list-377408\" width=\"20px\" height=\"20px\" viewBox=\"0 0 24 24\" fill=\"none\"><path d=\"M6 6H4v2h2V6zm14 0H8v2h12V6zM4 11h2v2H4v-2zm16 0H8v2h12v-2zM4 16h2v2H4v-2zm16 0H8v2h12v-2z\" fill=\"currentColor\"><\/path><\/svg><svg style=\"fill: #999;color:#999\" class=\"arrow-unsorted-368013\" xmlns=\"http:\/\/www.w3.org\/2000\/svg\" width=\"10px\" height=\"10px\" viewBox=\"0 0 24 24\" version=\"1.2\" baseProfile=\"tiny\"><path d=\"M18.2 9.3l-6.2-6.3-6.2 6.3c-.2.2-.3.4-.3.7s.1.5.3.7c.2.2.4.3.7.3h11c.3 0 .5-.1.7-.3.2-.2.3-.5.3-.7s-.1-.5-.3-.7zM5.8 14.7l6.2 6.3 6.2-6.3c.2-.2.3-.5.3-.7s-.1-.5-.3-.7c-.2-.2-.4-.3-.7-.3h-11c-.3 0-.5.1-.7.3-.2.2-.3.5-.3.7s.1.5.3.7z\"\/><\/svg><\/span><\/span><\/span><\/a><\/span><\/div>\n<nav><ul class='ez-toc-list ez-toc-list-level-1 ' ><li class='ez-toc-page-1 ez-toc-heading-level-2'><a class=\"ez-toc-link ez-toc-heading-1\" href=\"https:\/\/thingstodoinamsterdam.com\/de\/schone-stadte-in-den-niederlanden\/#sehenswerte-staedte-in-den-niederlanden\" >Sehenswerte St\u00e4dte in den Niederlanden<\/a><\/li><li class='ez-toc-page-1 ez-toc-heading-level-2'><a class=\"ez-toc-link ez-toc-heading-2\" href=\"https:\/\/thingstodoinamsterdam.com\/de\/schone-stadte-in-den-niederlanden\/#staedtetrips-von-amsterdam-aus\" >St\u00e4dtetrips von Amsterdam aus<\/a><\/li><li class='ez-toc-page-1 ez-toc-heading-level-2'><a class=\"ez-toc-link ez-toc-heading-3\" href=\"https:\/\/thingstodoinamsterdam.com\/de\/schone-stadte-in-den-niederlanden\/#tagesausfluege-ans-meer\" >Tagesausfl\u00fcge ans Meer<\/a><\/li><\/ul><\/nav><\/div>\n\n<p>Die Zahl der Touristen, die nach Amsterdam kommen, ist in den letzten zwei Jahrzehnten exponentiell gestiegen. Jedes Jahr kommen sch\u00e4tzungsweise 9 Millionen Touristen nach Amsterdam. Im Jahr 2000 waren es nur 4,5 Millionen Besucher. F\u00fcr eine relativ kleine Stadt mit knapp \u00fcber 800.000 Einwohnern bleibt das nicht unbemerkt. Besonders in der Hochsaison kann man sich irgendwann wie in einem \u00fcberf\u00fcllten Vergn\u00fcgungspark f\u00fchlen. Nach ein paar Tagen Sightseeing in Amsterdam k\u00f6nnte man also das Bed\u00fcrfnis versp\u00fcren, Orte abseits der gro\u00dfen Masse zu entdecken.<\/p>\n<p>Das Beste ist, dass diese St\u00e4dte von Amsterdam aus zum Greifen nah sind. Da die Niederlande ein kleines Land sind, musst du nicht weit reisen. Nur wenige Kilometer von Amsterdam entfernt findest du Orte, die auf jeden Fall einen Besuch wert sind. Winzige D\u00f6rfer wie Weesp oder Muiden, in denen die Zeit stehen geblieben zu sein scheint. Aber auch gr\u00f6\u00dfere St\u00e4dte wie Utrecht oder Rotterdam sind nur eine Stunde mit \u00f6ffentlichen Verkehrsmitteln entfernt.<\/p>\n<p>Wenn du also Lust auf einen Tagesausflug von Amsterdam aus hast, schau dir unsere Liste der sch\u00f6nsten St\u00e4dte in den Niederlanden an. Es ist bestimmt ein Tagesausflug f\u00fcr dich dabei.<\/p>\n<h2><span class=\"ez-toc-section\" id=\"sehenswerte-staedte-in-den-niederlanden\"><\/span>Sehenswerte St\u00e4dte in den Niederlanden<span class=\"ez-toc-section-end\"><\/span><\/h2>\n<p>Brauchst du eine Pause vom Trubel der Stadt? Dann solltest du unbedingt diese authentischen niederl\u00e4ndischen D\u00f6rfer entdecken. F\u00fcr manche reicht schon ein halber Tag, denn sie sind weniger als eine Stunde entfernt. In dieser kurzen Zeit kannst du dorthin gelangen und umherschlendern. Du wirst \u00fcberrascht sein von der reichen Geschichte, den sch\u00f6nen Landschaften und den monumentalen Geb\u00e4uden. Wenn du uns fragst, sind diese St\u00e4dte perfekt f\u00fcr einen Tagesausflug von Amsterdam aus. Die D\u00f6rfer in der N\u00e4he von Amsterdam lassen sich gut mit dem Fahrrad besuchen oder mit den \u00f6ffentlichen Verkehrsmitteln erreichen.[\/vc_column_text][button title=&#8220;Buche eine eint\u00e4gige Tour nach Volendam, Marken &amp; Zaanse Schans&#8220; link=&#8220;https:\/\/thingstodoinamsterdam.com\/ticketlink-countryside-windmills-tour-tours-combi-canalcruise&#8220; icon=&#8220;fas fa-angle-double-right&#8220; button_align=&#8220;center&#8220; target=&#8220;true&#8220; nofollow=&#8220;true&#8220; el_id=&#8220;1564476330763-f68bf620-7b84&#8243;][promo_block style_var=&#8220;style2&#8243; el_id=&#8220;1564476430490-c53ba6ce-7602&#8243;][promo link=&#8220;url:https%3A%2F%2Fthingstodoinamsterdam.com%2Fde%2Fschone-stadte-in-den-niederlanden%2Fweesp%2F|title:Weesp&#8220; text=&#8220;Entdecke die alte Stadt Weesp mit ihren monumentalen Geb\u00e4uden und vielen Br\u00fccken. Weesp ist nur 15 Minuten von Amsterdam entfernt und bietet dir einen v\u00f6llig neuen Blick auf die Niederlande.&#8220; img=&#8220;595&#8243;][promo link=&#8220;url:https%3A%2F%2Fthingstodoinamsterdam.com%2Fde%2Fschone-stadte-in-den-niederlanden%2Fmuiden%2F|title:Muiden&#8220; text=&#8220;Unternimm eine Reise in die Vergangenheit in Muiden. Besichtige das Amsterdamer Schloss und schlendere durch die kleinen Gassen. Dieses alte Dorf liegt ganz in der N\u00e4he von Amsterdam und hat eine sehr reiche Geschichte.&#8220; img=&#8220;1304&#8243;][promo link=&#8220;url:https%3A%2F%2Fthingstodoinamsterdam.com%2Fday-trip-from-amsterdam%2Fgiethoorn%2F|title:Giethoorn||&#8220; text=&#8220;Dieses Wasserdorf, das als Venedig der Niederlande bekannt ist, liegt ziemlich weit von Amsterdam entfernt. Es bietet aber ein unvergessliches Erlebnis.&#8220; img=&#8220;1296&#8243;][promo link=&#8220;url:https%3A%2F%2Fthingstodoinamsterdam.com%2Fde%2Fschone-stadte-in-den-niederlanden%2Fzaanse-schans%2F|title:Zaanse%20Schans%20Windm%C3%BChlendorf&#8220; text=&#8220;Die Zaanse Schans ist touristisch, und das aus gutem Grund: Sie beherbergt einige der sch\u00f6nsten historischen Windm\u00fchlen, die die Niederlande zu bieten haben. Au\u00dferdem findest du hier Museen \u00fcber typisch holl\u00e4ndische Dinge wie Holzschuhe, K\u00e4se und Stroopwafels.&#8220; img=&#8220;597&#8243;][promo link=&#8220;title:Naarden&#8220; text=&#8220;Naarden ist ein echter Geheimtipp ganz in der N\u00e4he von Amsterdam. Dieses historische Festungsdorf ist aufgrund seiner reichen Geschichte und der sternf\u00f6rmigen Konstruktion mit doppelten Mauern ein sehr interessanter Ort f\u00fcr einen Besuch.&#8220; img=&#8220;1306&#8243;][promo link=&#8220;title:Amstelveen&#8220; text=&#8220;Amstelveen ist eine ruhige Stadt in der N\u00e4he von Amsterdam. Viele Pendler leben hier. Die Stadt ist perfekt, wenn du den gro\u00dfen Menschenmassen in Amsterdam entfliehen willst. Amstelveen ist f\u00fcr Liebhaber der modernen und zeitgen\u00f6ssischen Kunst interessant. Hier findest du das Cobra Museum und das Jan van der Togt Museum.&#8220; img=&#8220;1294&#8243;][\/promo_block][\/vc_column][\/vc_row][vc_row][vc_column][vc_column_text]<\/p>\n<h2><span class=\"ez-toc-section\" id=\"staedtetrips-von-amsterdam-aus\"><\/span>St\u00e4dtetrips von Amsterdam aus<span class=\"ez-toc-section-end\"><\/span><\/h2>\n<p>Die Niederlande sind ein sehr kompaktes, kleines Land. Dennoch gibt es so viel mehr zu sehen als nur Amsterdam. Wir empfehlen Besuchern, mindestens einen Tagesausflug von Amsterdam aus in eine andere niederl\u00e4ndische Stadt zu unternehmen. Andere St\u00e4dte sind in den Niederlanden nie weit entfernt. Selbst mit den \u00f6ffentlichen Verkehrsmitteln sind die viele St\u00e4dte innerhalb einer Stunde zu erreichen. Viele sch\u00f6ne St\u00e4dte in den Niederlanden sind noch nicht von den gro\u00dfen Menschenmassen entdeckt worden und daher weniger touristisch. Schau dir unsere Auswahl an St\u00e4dten an, die auf jeden Fall einen Besuch wert sind.[\/vc_column_text][button title=&#8220;Buche eine eint\u00e4gige Tour nach Den Haag, Delft und Madurodam&#8220; link=&#8220;https:\/\/thingstodoinamsterdam.com\/ticketlinkde-madurodamdelftdenhaag-tours-std&#8220; icon=&#8220;fas fa-angle-double-right&#8220; button_align=&#8220;center&#8220; target=&#8220;true&#8220; nofollow=&#8220;true&#8220; el_id=&#8220;1564476369352-3f3da5a2-4d3d&#8220;][\/vc_column][\/vc_row][vc_row][vc_column][promo_block style_var=&#8220;style2&#8243; el_id=&#8220;1564476940246-8e6f3538-b807&#8243;][promo link=&#8220;url:https%3A%2F%2Fthingstodoinamsterdam.com%2Fde%2Fschone-stadte-in-den-niederlanden%2Faktivitaeten-in-utrecht%2F|title:Utrecht&#8220; text=&#8220;In der Mitte der Niederlande liegt Utrecht. Eine alte Stadt mit h\u00fcbschen Grachten, genau wie in Amsterdam.&#8220; img=&#8220;1312&#8243;][promo link=&#8220;title:Haarlem&#8220; text=&#8220;Weniger als zwanzig Minuten vom Amsterdamer Hauptbahnhof entfernt befindet sich Haarlem. Diese Stadt hat eine ganz besondere Atmosph\u00e4re. Der bekannte Stadtteil Harlem in New York ist nach dieser sch\u00f6nen Stadt benannt.&#8220; img=&#8220;545&#8243;][promo link=&#8220;title:Rotterdam&#8220; text=&#8220;Rotterdam kann man als das Berlin der Niederlande bezeichnen: modern, industriell und ein bisschen underground.&#8220; img=&#8220;1310&#8243;][promo link=&#8220;title:Leiden&#8220; text=&#8220;Besuche das V\u00f6lkerkundemuseum in Leiden, einer historischen Stadt, die f\u00fcr ihre Universit\u00e4t bekannt ist. Genie\u00dfe eine Grachtenfahrt oder schlendere durch die Blumen im Hortus Botanicus, dem \u00e4ltesten botanischen Garten der Niederlande.&#8220; img=&#8220;565&#8243;][promo link=&#8220;title:Delft&#8220; text=&#8220;Delft ist eine historische mittelgro\u00dfe Stadt mit einer \u00fcber 750 Jahre alten Geschichte. Unentdeckt von den gro\u00dfen Menschenmassen, ruhig aber lebendig.&#8220; img=&#8220;1300&#8243;][promo link=&#8220;title:Alkmaar&#8220; text=&#8220;Eine Stunde n\u00f6rdlich von Amsterdam liegt Alkmaar. Eine wundersch\u00f6ne Stadt, die f\u00fcr ihren gem\u00fctlichen, von Terrassen umgebenen K\u00e4semarkt bekannt ist. Gehe einkaufen und schlendere durch das entspannte historische Zentrum.&#8220; img=&#8220;1298&#8243;][promo link=&#8220;title:The%20Hague&#8220; text=&#8220;Die Niederlande sind das einzige Land, in dem die Regierung nicht in der Hauptstadt ans\u00e4ssig ist. Die niederl\u00e4ndische Regierung hat ihren Sitz in der sch\u00f6nen Stadt Den Haag an der niederl\u00e4ndischen K\u00fcste.&#8220; img=&#8220;2887&#8243;][promo link=&#8220;title:Apeldoorn&#8220; text=&#8220;Unentdeckt von den gro\u00dfen Menschenmassen bietet Apeldoorn eine interessante Alternative zum Stadtgebiet. Von einem k\u00f6niglichen Palast \u00fcber einen Affenzoo und Museen bis hin zu einem ruhigen Spaziergang durch die Natur. Apeldoorn hat alles zu bieten.&#8220; img=&#8220;2855&#8243;][\/promo_block][vc_column_text]<\/p>\n<h2><span class=\"ez-toc-section\" id=\"tagesausfluege-ans-meer\"><\/span>Tagesausfl\u00fcge ans Meer<span class=\"ez-toc-section-end\"><\/span><\/h2>\n<p>Hast du das Gl\u00fcck, bei gutem Wetter in Amsterdam zu sein? Dann ist ein Tagesausflug ans Meer eine gute Idee. G\u00f6nn dir eine kleine Pause von der hektischen Stadt. Mache einen sch\u00f6nen langen Strandspaziergang oder gehe vielleicht sogar im Meer schwimmen. Die meisten Str\u00e4nde sind von D\u00fcnen umgeben, die eine hervorragende Landschaft f\u00fcr einen romantischen Spaziergang bieten.[\/vc_column_text][\/vc_column][\/vc_row][vc_row][vc_column][promo_block style_var=&#8220;style2&#8243; el_id=&#8220;1564477566718-1a231b8e-f3e3&#8243;][promo link=&#8220;title:Zandvoort&#8220; text=&#8220;Lust auf einen Kurzurlaub am Meer? Zandvoort ist der ideale Ort. Nur drei\u00dfig Minuten von Amsterdam entfernt.&#8220; img=&#8220;1314&#8243;][promo link=&#8220;|title:Scheveningen||&#8220; text=&#8220;Scheveningen ist einer der beliebtesten Str\u00e4nde der Niederlande. Kombiniere ihn mit einem Ausflug nach Den Haag.&#8220; img=&#8220;1308&#8243;][promo link=&#8220;|title:IJmuiden||&#8220; text=&#8220;Der Strand von IJmuiden ist der Schauplatz f\u00fcr Wind- und Kitesurfer. Mach einen sch\u00f6nen Spaziergang oder besuche die Leuchtt\u00fcrme.&#8220; img=&#8220;1302&#8243;][\/promo_block][\/vc_column][\/vc_row]<\/p>\n<\/div>","protected":false},"excerpt":{"rendered":"<p>[vc_row][vc_column][vc_column_text]Wir lieben Amsterdam. Es ist eine sch\u00f6ne Stadt, in der es nicht langweilig wird. Es gibt so viel zu sehen und zu tun. Aber wir\u2026<\/p>\n","protected":false},"author":33,"featured_media":1018976,"parent":0,"menu_order":0,"comment_status":"closed","ping_status":"closed","template":"","meta":{"footnotes":""},"class_list":["post-10032","page","type-page","status-publish","has-post-thumbnail","hentry"],"yoast_head":"<!-- This site is optimized with the Yoast SEO plugin v27.3 - https:\/\/yoast.com\/product\/yoast-seo-wordpress\/ -->\n<title>Sch\u00f6ne St\u00e4dte in den Niederlanden - ThingstodoinAmsterdam.com<\/title>\n<meta name=\"description\" content=\"Die Niederlande haben neben Amsterdam noch viel zu bieten. Wir zeigen dir die sch\u00f6nsten St\u00e4dte der Niederlande f\u00fcr einen Tagesausflug.\" \/>\n<meta name=\"robots\" content=\"index, follow, max-snippet:-1, max-image-preview:large, max-video-preview:-1\" \/>\n<link rel=\"canonical\" href=\"https:\/\/thingstodoinamsterdam.com\/de\/schone-stadte-in-den-niederlanden\/\" \/>\n<meta property=\"og:locale\" content=\"de_DE\" \/>\n<meta property=\"og:type\" content=\"article\" \/>\n<meta property=\"og:title\" content=\"Sch\u00f6ne St\u00e4dte in den Niederlanden - ThingstodoinAmsterdam.com\" \/>\n<meta property=\"og:description\" content=\"Die Niederlande haben neben Amsterdam noch viel zu bieten. Wir zeigen dir die sch\u00f6nsten St\u00e4dte der Niederlande f\u00fcr einen Tagesausflug.\" \/>\n<meta property=\"og:url\" content=\"https:\/\/thingstodoinamsterdam.com\/de\/schone-stadte-in-den-niederlanden\/\" \/>\n<meta property=\"og:site_name\" content=\"ThingstodoinAmsterdam.com\" \/>\n<meta property=\"article:publisher\" content=\"https:\/\/www.facebook.com\/thingstodoinamsterdamcom\" \/>\n<meta property=\"article:modified_time\" content=\"2026-02-03T13:35:46+00:00\" \/>\n<meta property=\"og:image\" content=\"https:\/\/thingstodoinamsterdam.com\/wp-content\/uploads\/2023\/12\/Zaanse-Schans.jpg\" \/>\n\t<meta property=\"og:image:width\" content=\"1200\" \/>\n\t<meta property=\"og:image:height\" content=\"800\" \/>\n\t<meta property=\"og:image:type\" content=\"image\/jpeg\" \/>\n<meta name=\"twitter:card\" content=\"summary_large_image\" \/>\n<meta name=\"twitter:label1\" content=\"Gesch\u00e4tzte Lesezeit\" \/>\n\t<meta name=\"twitter:data1\" content=\"5\u00a0Minuten\" \/>\n<script type=\"application\/ld+json\" class=\"yoast-schema-graph\">{\"@context\":\"https:\\\/\\\/schema.org\",\"@graph\":[{\"@type\":\"WebPage\",\"@id\":\"https:\\\/\\\/thingstodoinamsterdam.com\\\/de\\\/schone-stadte-in-den-niederlanden\\\/\",\"url\":\"https:\\\/\\\/thingstodoinamsterdam.com\\\/de\\\/schone-stadte-in-den-niederlanden\\\/\",\"name\":\"Sch\u00f6ne St\u00e4dte in den Niederlanden - ThingstodoinAmsterdam.com\",\"isPartOf\":{\"@id\":\"https:\\\/\\\/thingstodoinamsterdam.com\\\/de\\\/#website\"},\"primaryImageOfPage\":{\"@id\":\"https:\\\/\\\/thingstodoinamsterdam.com\\\/de\\\/schone-stadte-in-den-niederlanden\\\/#primaryimage\"},\"image\":{\"@id\":\"https:\\\/\\\/thingstodoinamsterdam.com\\\/de\\\/schone-stadte-in-den-niederlanden\\\/#primaryimage\"},\"thumbnailUrl\":\"https:\\\/\\\/thingstodoinamsterdam.com\\\/wp-content\\\/uploads\\\/2023\\\/12\\\/Zaanse-Schans.jpg\",\"datePublished\":\"2020-08-28T14:18:26+00:00\",\"dateModified\":\"2026-02-03T13:35:46+00:00\",\"description\":\"Die Niederlande haben neben Amsterdam noch viel zu bieten. Wir zeigen dir die sch\u00f6nsten St\u00e4dte der Niederlande f\u00fcr einen Tagesausflug.\",\"breadcrumb\":{\"@id\":\"https:\\\/\\\/thingstodoinamsterdam.com\\\/de\\\/schone-stadte-in-den-niederlanden\\\/#breadcrumb\"},\"inLanguage\":\"de\",\"potentialAction\":[{\"@type\":\"ReadAction\",\"target\":[\"https:\\\/\\\/thingstodoinamsterdam.com\\\/de\\\/schone-stadte-in-den-niederlanden\\\/\"]}]},{\"@type\":\"ImageObject\",\"inLanguage\":\"de\",\"@id\":\"https:\\\/\\\/thingstodoinamsterdam.com\\\/de\\\/schone-stadte-in-den-niederlanden\\\/#primaryimage\",\"url\":\"https:\\\/\\\/thingstodoinamsterdam.com\\\/wp-content\\\/uploads\\\/2023\\\/12\\\/Zaanse-Schans.jpg\",\"contentUrl\":\"https:\\\/\\\/thingstodoinamsterdam.com\\\/wp-content\\\/uploads\\\/2023\\\/12\\\/Zaanse-Schans.jpg\",\"width\":1200,\"height\":800,\"caption\":\"Zaanse Schans\"},{\"@type\":\"BreadcrumbList\",\"@id\":\"https:\\\/\\\/thingstodoinamsterdam.com\\\/de\\\/schone-stadte-in-den-niederlanden\\\/#breadcrumb\",\"itemListElement\":[{\"@type\":\"ListItem\",\"position\":1,\"name\":\"Machen in Amsterdam\",\"item\":\"https:\\\/\\\/thingstodoinamsterdam.com\\\/de\\\/\"},{\"@type\":\"ListItem\",\"position\":2,\"name\":\"Sch\u00f6ne St\u00e4dte in den Niederlanden\"}]},{\"@type\":\"WebSite\",\"@id\":\"https:\\\/\\\/thingstodoinamsterdam.com\\\/de\\\/#website\",\"url\":\"https:\\\/\\\/thingstodoinamsterdam.com\\\/de\\\/\",\"name\":\"ThingstodoinAmsterdam.com\",\"description\":\"Amsterdam&#039;s highlights and hidden secrets\",\"publisher\":{\"@id\":\"https:\\\/\\\/thingstodoinamsterdam.com\\\/de\\\/#organization\"},\"potentialAction\":[{\"@type\":\"SearchAction\",\"target\":{\"@type\":\"EntryPoint\",\"urlTemplate\":\"https:\\\/\\\/thingstodoinamsterdam.com\\\/de\\\/?s={search_term_string}\"},\"query-input\":{\"@type\":\"PropertyValueSpecification\",\"valueRequired\":true,\"valueName\":\"search_term_string\"}}],\"inLanguage\":\"de\"},{\"@type\":\"Organization\",\"@id\":\"https:\\\/\\\/thingstodoinamsterdam.com\\\/de\\\/#organization\",\"name\":\"Machen in Amsterdam\",\"url\":\"https:\\\/\\\/thingstodoinamsterdam.com\\\/de\\\/\",\"logo\":{\"@type\":\"ImageObject\",\"inLanguage\":\"de\",\"@id\":\"https:\\\/\\\/thingstodoinamsterdam.com\\\/de\\\/#\\\/schema\\\/logo\\\/image\\\/\",\"url\":\"https:\\\/\\\/thingstodoinamsterdam.com\\\/wp-content\\\/uploads\\\/2025\\\/02\\\/ThingsToDoInAmsterdam-Favicon-logo.png\",\"contentUrl\":\"https:\\\/\\\/thingstodoinamsterdam.com\\\/wp-content\\\/uploads\\\/2025\\\/02\\\/ThingsToDoInAmsterdam-Favicon-logo.png\",\"width\":512,\"height\":512,\"caption\":\"Machen in Amsterdam\"},\"image\":{\"@id\":\"https:\\\/\\\/thingstodoinamsterdam.com\\\/de\\\/#\\\/schema\\\/logo\\\/image\\\/\"},\"sameAs\":[\"https:\\\/\\\/www.facebook.com\\\/thingstodoinamsterdamcom\"]}]}<\/script>\n<!-- \/ Yoast SEO plugin. -->","yoast_head_json":{"title":"Sch\u00f6ne St\u00e4dte in den Niederlanden - ThingstodoinAmsterdam.com","description":"Die Niederlande haben neben Amsterdam noch viel zu bieten. Wir zeigen dir die sch\u00f6nsten St\u00e4dte der Niederlande f\u00fcr einen Tagesausflug.","robots":{"index":"index","follow":"follow","max-snippet":"max-snippet:-1","max-image-preview":"max-image-preview:large","max-video-preview":"max-video-preview:-1"},"canonical":"https:\/\/thingstodoinamsterdam.com\/de\/schone-stadte-in-den-niederlanden\/","og_locale":"de_DE","og_type":"article","og_title":"Sch\u00f6ne St\u00e4dte in den Niederlanden - ThingstodoinAmsterdam.com","og_description":"Die Niederlande haben neben Amsterdam noch viel zu bieten. Wir zeigen dir die sch\u00f6nsten St\u00e4dte der Niederlande f\u00fcr einen Tagesausflug.","og_url":"https:\/\/thingstodoinamsterdam.com\/de\/schone-stadte-in-den-niederlanden\/","og_site_name":"ThingstodoinAmsterdam.com","article_publisher":"https:\/\/www.facebook.com\/thingstodoinamsterdamcom","article_modified_time":"2026-02-03T13:35:46+00:00","og_image":[{"width":1200,"height":800,"url":"https:\/\/thingstodoinamsterdam.com\/wp-content\/uploads\/2023\/12\/Zaanse-Schans.jpg","type":"image\/jpeg"}],"twitter_card":"summary_large_image","twitter_misc":{"Gesch\u00e4tzte Lesezeit":"5\u00a0Minuten"},"schema":{"@context":"https:\/\/schema.org","@graph":[{"@type":"WebPage","@id":"https:\/\/thingstodoinamsterdam.com\/de\/schone-stadte-in-den-niederlanden\/","url":"https:\/\/thingstodoinamsterdam.com\/de\/schone-stadte-in-den-niederlanden\/","name":"Sch\u00f6ne St\u00e4dte in den Niederlanden - ThingstodoinAmsterdam.com","isPartOf":{"@id":"https:\/\/thingstodoinamsterdam.com\/de\/#website"},"primaryImageOfPage":{"@id":"https:\/\/thingstodoinamsterdam.com\/de\/schone-stadte-in-den-niederlanden\/#primaryimage"},"image":{"@id":"https:\/\/thingstodoinamsterdam.com\/de\/schone-stadte-in-den-niederlanden\/#primaryimage"},"thumbnailUrl":"https:\/\/thingstodoinamsterdam.com\/wp-content\/uploads\/2023\/12\/Zaanse-Schans.jpg","datePublished":"2020-08-28T14:18:26+00:00","dateModified":"2026-02-03T13:35:46+00:00","description":"Die Niederlande haben neben Amsterdam noch viel zu bieten. Wir zeigen dir die sch\u00f6nsten St\u00e4dte der Niederlande f\u00fcr einen Tagesausflug.","breadcrumb":{"@id":"https:\/\/thingstodoinamsterdam.com\/de\/schone-stadte-in-den-niederlanden\/#breadcrumb"},"inLanguage":"de","potentialAction":[{"@type":"ReadAction","target":["https:\/\/thingstodoinamsterdam.com\/de\/schone-stadte-in-den-niederlanden\/"]}]},{"@type":"ImageObject","inLanguage":"de","@id":"https:\/\/thingstodoinamsterdam.com\/de\/schone-stadte-in-den-niederlanden\/#primaryimage","url":"https:\/\/thingstodoinamsterdam.com\/wp-content\/uploads\/2023\/12\/Zaanse-Schans.jpg","contentUrl":"https:\/\/thingstodoinamsterdam.com\/wp-content\/uploads\/2023\/12\/Zaanse-Schans.jpg","width":1200,"height":800,"caption":"Zaanse Schans"},{"@type":"BreadcrumbList","@id":"https:\/\/thingstodoinamsterdam.com\/de\/schone-stadte-in-den-niederlanden\/#breadcrumb","itemListElement":[{"@type":"ListItem","position":1,"name":"Machen in Amsterdam","item":"https:\/\/thingstodoinamsterdam.com\/de\/"},{"@type":"ListItem","position":2,"name":"Sch\u00f6ne St\u00e4dte in den Niederlanden"}]},{"@type":"WebSite","@id":"https:\/\/thingstodoinamsterdam.com\/de\/#website","url":"https:\/\/thingstodoinamsterdam.com\/de\/","name":"ThingstodoinAmsterdam.com","description":"Amsterdam&#039;s highlights and hidden secrets","publisher":{"@id":"https:\/\/thingstodoinamsterdam.com\/de\/#organization"},"potentialAction":[{"@type":"SearchAction","target":{"@type":"EntryPoint","urlTemplate":"https:\/\/thingstodoinamsterdam.com\/de\/?s={search_term_string}"},"query-input":{"@type":"PropertyValueSpecification","valueRequired":true,"valueName":"search_term_string"}}],"inLanguage":"de"},{"@type":"Organization","@id":"https:\/\/thingstodoinamsterdam.com\/de\/#organization","name":"Machen in Amsterdam","url":"https:\/\/thingstodoinamsterdam.com\/de\/","logo":{"@type":"ImageObject","inLanguage":"de","@id":"https:\/\/thingstodoinamsterdam.com\/de\/#\/schema\/logo\/image\/","url":"https:\/\/thingstodoinamsterdam.com\/wp-content\/uploads\/2025\/02\/ThingsToDoInAmsterdam-Favicon-logo.png","contentUrl":"https:\/\/thingstodoinamsterdam.com\/wp-content\/uploads\/2025\/02\/ThingsToDoInAmsterdam-Favicon-logo.png","width":512,"height":512,"caption":"Machen in Amsterdam"},"image":{"@id":"https:\/\/thingstodoinamsterdam.com\/de\/#\/schema\/logo\/image\/"},"sameAs":["https:\/\/www.facebook.com\/thingstodoinamsterdamcom"]}]}},"_links":{"self":[{"href":"https:\/\/thingstodoinamsterdam.com\/de\/wp-json\/wp\/v2\/pages\/10032","targetHints":{"allow":["GET"]}}],"collection":[{"href":"https:\/\/thingstodoinamsterdam.com\/de\/wp-json\/wp\/v2\/pages"}],"about":[{"href":"https:\/\/thingstodoinamsterdam.com\/de\/wp-json\/wp\/v2\/types\/page"}],"author":[{"embeddable":true,"href":"https:\/\/thingstodoinamsterdam.com\/de\/wp-json\/wp\/v2\/users\/33"}],"replies":[{"embeddable":true,"href":"https:\/\/thingstodoinamsterdam.com\/de\/wp-json\/wp\/v2\/comments?post=10032"}],"version-history":[{"count":5,"href":"https:\/\/thingstodoinamsterdam.com\/de\/wp-json\/wp\/v2\/pages\/10032\/revisions"}],"predecessor-version":[{"id":2531433,"href":"https:\/\/thingstodoinamsterdam.com\/de\/wp-json\/wp\/v2\/pages\/10032\/revisions\/2531433"}],"wp:featuredmedia":[{"embeddable":true,"href":"https:\/\/thingstodoinamsterdam.com\/de\/wp-json\/wp\/v2\/media\/1018976"}],"wp:attachment":[{"href":"https:\/\/thingstodoinamsterdam.com\/de\/wp-json\/wp\/v2\/media?parent=10032"}],"curies":[{"name":"wp","href":"https:\/\/api.w.org\/{rel}","templated":true}]}}