{"id":1018867,"date":"2023-12-08T11:33:05","date_gmt":"2023-12-08T09:33:05","guid":{"rendered":"https:\/\/thingstodoinamsterdam.com\/?page_id=1018867"},"modified":"2026-04-04T10:09:16","modified_gmt":"2026-04-04T08:09:16","slug":"the-magic-mushroom-gallery","status":"publish","type":"page","link":"https:\/\/thingstodoinamsterdam.com\/de\/smartshops-amsterdam\/the-magic-mushroom-gallery\/","title":{"rendered":"Die Magic Mushroom Gallery"},"content":{"rendered":"<div class=\"wpb-content-wrapper\"><p>[vc_row][vc_column width=&#8220;2\/3&#8243;][vc_column_text]Die Magic Mushroom Gallery ist einer der \u00e4ltesten und besten Smartshops der Stadt, sie existiert bereits seit 1996. Smartshops sind Gesch\u00e4fte, die legale Stimulanzien, Halluzinogene, psychoaktive Kr\u00e4uter, Cannabissamen und \u00c4hnliches verkaufen. Die Magic Mushroom Gallery hebt sich von anderen Smartshops durch ihren hohen Service und ihre kompetenten Mitarbeiter ab. Sie verkaufen nicht nur ihre Produkte, sondern nehmen sich auch die Zeit, deine pers\u00f6nliche Situation zu beurteilen und alle Fragen zu beantworten, die du haben k\u00f6nntest. Wir betonen, dass jeder, der Produkte verwenden m\u00f6chte, ihren Rat genau befolgen sollte, damit du sicher und verantwortungsbewusst genie\u00dfen kannst! Alle verkauften Produkte, einschlie\u00dflich der beliebten Zaubertr\u00fcffel, d\u00fcrfen in den Niederlanden legal verkauft und konsumiert werden.     <\/p><div id=\"ez-toc-container\" class=\"ez-toc-v2_0_82_2 counter-hierarchy ez-toc-counter ez-toc-custom ez-toc-container-direction\">\n<div class=\"ez-toc-title-container\">\n<span class=\"ez-toc-title-toggle\"><a href=\"#\" class=\"ez-toc-pull-right ez-toc-btn ez-toc-btn-xs ez-toc-btn-default ez-toc-toggle\" aria-label=\"Toggle Table of Content\"><span class=\"ez-toc-js-icon-con\"><span class=\"\"><span class=\"eztoc-hide\" style=\"display:none;\">Toggle<\/span><span class=\"ez-toc-icon-toggle-span\"><svg style=\"fill: #999;color:#999\" xmlns=\"http:\/\/www.w3.org\/2000\/svg\" class=\"list-377408\" width=\"20px\" height=\"20px\" viewBox=\"0 0 24 24\" fill=\"none\"><path d=\"M6 6H4v2h2V6zm14 0H8v2h12V6zM4 11h2v2H4v-2zm16 0H8v2h12v-2zM4 16h2v2H4v-2zm16 0H8v2h12v-2z\" fill=\"currentColor\"><\/path><\/svg><svg style=\"fill: #999;color:#999\" class=\"arrow-unsorted-368013\" xmlns=\"http:\/\/www.w3.org\/2000\/svg\" width=\"10px\" height=\"10px\" viewBox=\"0 0 24 24\" version=\"1.2\" baseProfile=\"tiny\"><path d=\"M18.2 9.3l-6.2-6.3-6.2 6.3c-.2.2-.3.4-.3.7s.1.5.3.7c.2.2.4.3.7.3h11c.3 0 .5-.1.7-.3.2-.2.3-.5.3-.7s-.1-.5-.3-.7zM5.8 14.7l6.2 6.3 6.2-6.3c.2-.2.3-.5.3-.7s-.1-.5-.3-.7c-.2-.2-.4-.3-.7-.3h-11c-.3 0-.5.1-.7.3-.2.2-.3.5-.3.7s.1.5.3.7z\"\/><\/svg><\/span><\/span><\/span><\/a><\/span><\/div>\n<nav><ul class='ez-toc-list ez-toc-list-level-1 ' ><li class='ez-toc-page-1 ez-toc-heading-level-2'><a class=\"ez-toc-link ez-toc-heading-1\" href=\"https:\/\/thingstodoinamsterdam.com\/de\/smartshops-amsterdam\/the-magic-mushroom-gallery\/#exklusiver-rabattgutschein\" >Exklusiver Rabattgutschein<\/a><\/li><li class='ez-toc-page-1 ez-toc-heading-level-2'><a class=\"ez-toc-link ez-toc-heading-2\" href=\"https:\/\/thingstodoinamsterdam.com\/de\/smartshops-amsterdam\/the-magic-mushroom-gallery\/#zaubertrueffel\" >Zaubertr\u00fcffel<\/a><\/li><li class='ez-toc-page-1 ez-toc-heading-level-2'><a class=\"ez-toc-link ez-toc-heading-3\" href=\"https:\/\/thingstodoinamsterdam.com\/de\/smartshops-amsterdam\/the-magic-mushroom-gallery\/#natuerliche-psychedelika-partypillen-kraeuter-xtc\" >Nat\u00fcrliche Psychedelika, Partypillen &amp; Kr\u00e4uter-XTC<\/a><\/li><li class='ez-toc-page-1 ez-toc-heading-level-2'><a class=\"ez-toc-link ez-toc-heading-4\" href=\"https:\/\/thingstodoinamsterdam.com\/de\/smartshops-amsterdam\/the-magic-mushroom-gallery\/#kraeuter-nahrungsergaenzungsmittel\" >Kr\u00e4uter-Nahrungserg\u00e4nzungsmittel<\/a><\/li><li class='ez-toc-page-1 ez-toc-heading-level-2'><a class=\"ez-toc-link ez-toc-heading-5\" href=\"https:\/\/thingstodoinamsterdam.com\/de\/smartshops-amsterdam\/the-magic-mushroom-gallery\/#adressen-standorte\" >Adressen &amp; Standorte<\/a><\/li><\/ul><\/nav><\/div>\n\n<p>Produkte, die du in der Magic Mushroom Gallery findest, sind:<\/p>\n<ul>\n<li>\u00dcber 10 verschiedene Arten von <a href=\"https:\/\/thingstodoinamsterdam.com\/de\/blog\/alles-uber-magische-truffel\/\">Zaubertr\u00fcffeln<\/a><\/li>\n<li>Kr\u00e4uter- &amp; nat\u00fcrliche Alternativen f\u00fcr Partydrogen wie XTC<\/li>\n<li>Nat\u00fcrliche psychoaktive Substanzen, einschlie\u00dflich Kr\u00e4uter und Kakteen<\/li>\n<li>Biologische sexuelle Stimulanzien<\/li>\n<li>Coole Geschenke, Gadgets und mehr<\/li>\n<\/ul>\n<p>[\/vc_column_text][\/vc_column][vc_column width=&#8220;1\/3&#8243;][vc_single_image image=&#8220;2531629&#8243; img_size=&#8220;full&#8220; alignment=&#8220;center&#8220; onclick=&#8220;img_link_large&#8220; css=&#8220;&#8220;][\/vc_column][\/vc_row][vc_row][vc_column width=&#8220;1\/3&#8243;][vc_single_image image=&#8220;2539230&#8243; img_size=&#8220;full&#8220; alignment=&#8220;center&#8220; onclick=&#8220;zoom&#8220; css=&#8220;&#8220;][\/vc_column][vc_column width=&#8220;1\/3&#8243;][vc_single_image image=&#8220;1018786&#8243; img_size=&#8220;full&#8220; alignment=&#8220;center&#8220; onclick=&#8220;custom_link&#8220; link=&#8220;https:\/\/thingstodoinamsterdam.com\/wp-content\/uploads\/2020\/11\/The-Magic-Mushroom-Gallery-discount-voucher.pdf&#8220;][\/vc_column][vc_column width=&#8220;1\/3&#8243;][vc_single_image image=&#8220;2539231&#8243; img_size=&#8220;full&#8220; alignment=&#8220;center&#8220; onclick=&#8220;img_link_large&#8220; css=&#8220;&#8220;][\/vc_column][\/vc_row][vc_row][vc_column][vc_column_text]<\/p>\n<h2><span class=\"ez-toc-section\" id=\"exklusiver-rabattgutschein\"><\/span>Exklusiver Rabattgutschein<span class=\"ez-toc-section-end\"><\/span><\/h2>\n<p>Du planst einen Besuch in der Magic Mushroom Gallery? Lade oder drucke unseren exklusiven 10 % Rabattgutschein herunter und erhalte 10 % Rabatt auf alle Eink\u00e4ufe![\/vc_column_text][button title=&#8220;Erhalte 10 % Rabatt auf alle Eink\u00e4ufe @ The Magic Mushroom Gallery&#8220; link=&#8220;https:\/\/thingstodoinamsterdam.com\/wp-content\/uploads\/2020\/11\/The-Magic-Mushroom-Gallery-discount-voucher.pdf&#8220; icon=&#8220;&#8220; button_align=&#8220;center&#8220; target=&#8220;true&#8220; el_id=&#8220;1570179223317-e7e33b72-1f2c&#8220;][\/vc_column][\/vc_row][vc_row][vc_column][vc_column_text css=&#8220;&#8220;]<\/p>\n<h2><span class=\"ez-toc-section\" id=\"zaubertrueffel\"><\/span>Zaubertr\u00fcffel<span class=\"ez-toc-section-end\"><\/span><\/h2>\n<p>Das bei weitem beliebteste Produkt der Magic Mushroom Gallery ist der Psilocybin-haltige psychedelische Tr\u00fcffel. Diese unterirdisch wachsenden Organismen k\u00f6nnen als Mikrodosis f\u00fcr medizinische Zwecke oder in gr\u00f6\u00dferen Dosen f\u00fcr eine psychedelische Erfahrung eingenommen werden. Sprich unbedingt mit den Mitarbeitern der Magic Mushroom Gallery; sie k\u00f6nnen dich bez\u00fcglich der Tr\u00fcffelsorte und der richtigen Dosierung beraten, damit du eine sichere, gl\u00fcckselige Erfahrung mit diesen Geschenken der Natur machen kannst.[\/vc_column_text][vc_single_image image=&#8220;2535841&#8243; img_size=&#8220;full&#8220; alignment=&#8220;center&#8220; onclick=&#8220;img_link_large&#8220; css=&#8220;&#8220;][vc_single_image image=&#8220;2539232&#8243; img_size=&#8220;full&#8220; alignment=&#8220;center&#8220; onclick=&#8220;img_link_large&#8220; css=&#8220;&#8220;][\/vc_column][\/vc_row][vc_row][vc_column][vc_column_text css=&#8220;&#8220;]<\/p>\n<h2><span class=\"ez-toc-section\" id=\"natuerliche-psychedelika-partypillen-kraeuter-xtc\"><\/span>Nat\u00fcrliche Psychedelika, Partypillen &amp; Kr\u00e4uter-XTC<span class=\"ez-toc-section-end\"><\/span><\/h2>\n<p>Wenn du auf der Suche nach einem nat\u00fcrlichen Rausch, zus\u00e4tzlicher Energie oder einem aufschlussreichen Trip bist, bietet die Magic Mushroom Gallery verschiedene Alternativen zu illegalen Substanzen wie MDMA an. Diese nat\u00fcrlichen Rauschmittel sind legal und bieten \u00e4hnliche Effekte wie Freizeitdrogen, mit einem milderen \u201eCome-down\u201c. Frag unbedingt nach Rat, die Mitarbeiter helfen dir gerne weiter.[\/vc_column_text][vc_single_image image=&#8220;2535842&#8243; img_size=&#8220;full&#8220; alignment=&#8220;center&#8220; onclick=&#8220;img_link_large&#8220; css=&#8220;&#8220;][\/vc_column][\/vc_row][vc_row][vc_column][vc_column_text css=&#8220;&#8220;]<\/p>\n<h2><span class=\"ez-toc-section\" id=\"kraeuter-nahrungsergaenzungsmittel\"><\/span>Kr\u00e4uter-Nahrungserg\u00e4nzungsmittel<span class=\"ez-toc-section-end\"><\/span><\/h2>\n<p>Hier findest du verschiedene nat\u00fcrliche Heilmittel und Nahrungserg\u00e4nzungsmittel zur Verbesserung deines Schlafs, deiner Konzentration und deiner Stimmung. Basierend auf nat\u00fcrlichen Substanzen, wie dem L\u00f6wenm\u00e4hnenpilz.[\/vc_column_text][vc_single_image image=&#8220;2535843&#8243; img_size=&#8220;full&#8220; alignment=&#8220;center&#8220; onclick=&#8220;img_link_large&#8220; css=&#8220;&#8220;][\/vc_column][\/vc_row][vc_row][vc_column width=&#8220;1\/3&#8243;][vc_single_image image=&#8220;2539233&#8243; img_size=&#8220;full&#8220; alignment=&#8220;center&#8220; onclick=&#8220;img_link_large&#8220; css=&#8220;&#8220;][\/vc_column][vc_column width=&#8220;1\/3&#8243;][vc_single_image image=&#8220;2539234&#8243; img_size=&#8220;full&#8220; alignment=&#8220;center&#8220; onclick=&#8220;img_link_large&#8220; css=&#8220;&#8220;][\/vc_column][vc_column width=&#8220;1\/3&#8243;][vc_single_image image=&#8220;2539235&#8243; img_size=&#8220;full&#8220; alignment=&#8220;center&#8220; onclick=&#8220;img_link_large&#8220; css=&#8220;&#8220;][\/vc_column][\/vc_row][vc_row][vc_column][vc_column_text css=&#8220;&#8220;]<\/p>\n<h2><span class=\"ez-toc-section\" id=\"adressen-standorte\"><\/span>Adressen &amp; Standorte<span class=\"ez-toc-section-end\"><\/span><\/h2>\n<p>Die Magic Mushroom Gallery hat derzeit zwei zentral gelegene Gesch\u00e4fte in Amsterdam. Das Flagship-Gesch\u00e4ft befindet sich in der Spuistraat 249, das andere Gesch\u00e4ft am Bloemenmarkt (Blumenmarkt).[\/vc_column_text][g_map heading=&#8220;The Magic Mushroom Gallery &#8211; Spuistraat&#8220; el_id=&#8220;1606486865437-93102fdb-acd1&#8243;]<iframe style=\"border: 0;\" tabindex=\"0\" src=\"https:\/\/www.google.com\/maps\/embed?pb=!1m18!1m12!1m3!1d4872.4148899922375!2d4.887468496520604!3d52.36665840785079!2m3!1f0!2f0!3f0!3m2!1i1024!2i768!4f13.1!3m3!1m2!1s0x47c609c16648cc13%3A0xe89271d48fe636f2!2sThe%20Magic%20Mushroom%20Gallery!5e0!3m2!1sen!2snl!4v1606487789827!5m2!1sen!2snl\" width=\"600\" height=\"450\" frameborder=\"0\" allowfullscreen=\"allowfullscreen\" aria-hidden=\"false\"><\/iframe>[\/g_map][vc_column_text]<strong>The Magic Mushrooms Gallery &#8211; Spuistraat<br \/>\n<\/strong>Spuistraat 249<br \/>\n1012 VP<br \/>\nAmsterdam<strong><br \/>\n<\/strong><\/p>\n<p>[\/vc_column_text][g_map el_id=&#8220;1606486806910-6b1f4cdb-96ab&#8220;]<iframe style=\"border: 0;\" tabindex=\"0\" src=\"https:\/\/www.google.com\/maps\/embed?pb=!1m18!1m12!1m3!1d2033.8599295600586!2d4.890018652591216!3d52.366658502798!2m3!1f0!2f0!3f0!3m2!1i1024!2i768!4f13.1!3m3!1m2!1s0x47c609c42bd9795f%3A0x7dfad9a10bb890f8!2sThe%20Magic%20Mushroom%20Gallery!5e0!3m2!1sen!2snl!4v1606485721274!5m2!1sen!2snl\" width=\"600\" height=\"450\" frameborder=\"0\" allowfullscreen=\"allowfullscreen\" aria-hidden=\"false\"><\/iframe>[\/g_map][vc_column_text]<strong>The Magic Mushrooms Gallery &#8211; Blumenmarkt<br \/>\n<\/strong>Singel 524<br \/>\n1017AZ<br \/>\nAmsterdam<strong><br \/>\n<\/strong><\/p>\n<p>[\/vc_column_text][\/vc_column][\/vc_row][vc_row][vc_column][reviews heading=&#8220;Bewertungen der Magic Mushroom Gallery Amsterdam&#8220; description=&#8220;Wir sind immer daran interessiert, die Erfahrungen unserer Besucher zu erfahren. Bitte hinterlasse deine Bewertung unten und hilf anderen Besuchern! Was hieltest du von der Magic Mushroom Gallery? Konnten sie deine Fragen beantworten? W\u00fcrdest du sie deinen Freunden empfehlen? F\u00fcge alles hinzu, was du m\u00f6chtest, und sei bitte geduldig, da wir alle Bewertungen manuell pr\u00fcfen. Deine wird bald ver\u00f6ffentlicht!      &#8220; item_name=&#8220;Heineken Experience&#8220; item_image=&#8220;1575&#8243; item_tel=&#8220;+31 (0)20 523 9222&#8243; item_web=&#8220;https:\/\/www.heineken.com\/&#8220; item_address=&#8220;Stadhouderskade 76&#8243; item_city=&#8220;Amsterdam&#8220; item_postal_code=&#8220;1072 AE&#8220; item_country=&#8220;NLD&#8220; el_id=&#8220;1606484017463-54c18636-572d&#8220;][\/reviews][\/vc_column][\/vc_row][vc_row][vc_column][promo_block style_var=&#8220;style2&#8243; el_id=&#8220;1565013379594-e68cefa7-5151&#8243;][promo link=&#8220;url:https%3A%2F%2Fthingstodoinamsterdam.com%2Fde%2Fgrachtenfahrt-amsterdam%2Fcloud-boat-amsterdam-bewertung%2F|title:Cloud%20Boat%20%E2%80%93%20420%20Friendly%20Smoke%20Boat%20Tour%20|&#8220; text=&#8220;Genie\u00dfe einen Joint und ein Getr\u00e4nk auf dieser entspannten 420-freundlichen Grachtenfahrt in Amsterdam&#8220; img=&#8220;2529808&#8243;][promo link=&#8220;url:https%3A%2F%2Fthingstodoinamsterdam.com%2Fde%2Fgrachtenfahrt-amsterdam%2F|title:Grachtenrundfahrten|&#8220; text=&#8220;Entdecke Amsterdams beste Grachtenfahrten, einschlie\u00dflich 420-freundlicher Touren!&#8220; img=&#8220;4189&#8243;][promo link=&#8220;url:https%3A%2F%2Fthingstodoinamsterdam.com%2Fde%2Famsterdam-museen%2Fripleys-believe-it-or-not%2F|title:Ripley%27s%20Believe%20It%20or%20Not%21|&#8220; text=&#8220;Entdecke in diesem Museum einige der seltsamsten Artefakte der Welt!&#8220; img=&#8220;2394&#8243;][\/promo_block][\/vc_column][\/vc_row]<\/p>\n<\/div>","protected":false},"excerpt":{"rendered":"<p>[vc_row][vc_column width=&#8220;2\/3&#8243;][vc_column_text]Die Magic Mushroom Gallery ist einer der \u00e4ltesten und besten Smartshops der Stadt, sie existiert bereits seit 1996. Smartshops sind Gesch\u00e4fte, die legale Stimulanzien,\u2026<\/p>\n","protected":false},"author":1,"featured_media":2531629,"parent":1018865,"menu_order":0,"comment_status":"closed","ping_status":"closed","template":"","meta":{"footnotes":""},"class_list":["post-1018867","page","type-page","status-publish","has-post-thumbnail","hentry"],"yoast_head":"<!-- This site is optimized with the Yoast SEO plugin v27.3 - https:\/\/yoast.com\/product\/yoast-seo-wordpress\/ -->\n<title>Die Magic Mushroom Gallery \u2013 Bewertungen, Rabatte &amp; mehr!<\/title>\n<meta name=\"description\" content=\"Die Magic Mushroom Gallery ist ein Smartshop in Amsterdam, der Zaubertr\u00fcffel, Kr\u00e4uter und Psychoaktiva verkauft. Hol dir unseren exklusiven Rabattgutschein!\" \/>\n<meta name=\"robots\" content=\"index, follow, max-snippet:-1, max-image-preview:large, max-video-preview:-1\" \/>\n<link rel=\"canonical\" href=\"https:\/\/thingstodoinamsterdam.com\/de\/smartshops-amsterdam\/the-magic-mushroom-gallery\/\" \/>\n<meta property=\"og:locale\" content=\"de_DE\" \/>\n<meta property=\"og:type\" content=\"article\" \/>\n<meta property=\"og:title\" content=\"Die Magic Mushroom Gallery \u2013 Bewertungen, Rabatte &amp; mehr!\" \/>\n<meta property=\"og:description\" content=\"Die Magic Mushroom Gallery ist ein Smartshop in Amsterdam, der Zaubertr\u00fcffel, Kr\u00e4uter und Psychoaktiva verkauft. Hol dir unseren exklusiven Rabattgutschein!\" \/>\n<meta property=\"og:url\" content=\"https:\/\/thingstodoinamsterdam.com\/de\/smartshops-amsterdam\/the-magic-mushroom-gallery\/\" \/>\n<meta property=\"og:site_name\" content=\"ThingstodoinAmsterdam.com\" \/>\n<meta property=\"article:publisher\" content=\"https:\/\/www.facebook.com\/thingstodoinamsterdamcom\" \/>\n<meta property=\"article:modified_time\" content=\"2026-04-04T08:09:16+00:00\" \/>\n<meta property=\"og:image\" content=\"https:\/\/thingstodoinamsterdam.com\/wp-content\/uploads\/2026\/02\/The-Magic-Mushroom-Gallery-smartshop-Storefront-Spuistraat.jpg\" \/>\n\t<meta property=\"og:image:width\" content=\"1200\" \/>\n\t<meta property=\"og:image:height\" content=\"903\" \/>\n\t<meta property=\"og:image:type\" content=\"image\/jpeg\" \/>\n<meta name=\"twitter:card\" content=\"summary_large_image\" \/>\n<meta name=\"twitter:label1\" content=\"Gesch\u00e4tzte Lesezeit\" \/>\n\t<meta name=\"twitter:data1\" content=\"2\u00a0Minuten\" \/>\n<script type=\"application\/ld+json\" class=\"yoast-schema-graph\">{\"@context\":\"https:\\\/\\\/schema.org\",\"@graph\":[{\"@type\":\"WebPage\",\"@id\":\"https:\\\/\\\/thingstodoinamsterdam.com\\\/de\\\/smartshops-amsterdam\\\/the-magic-mushroom-gallery\\\/\",\"url\":\"https:\\\/\\\/thingstodoinamsterdam.com\\\/de\\\/smartshops-amsterdam\\\/the-magic-mushroom-gallery\\\/\",\"name\":\"Die Magic Mushroom Gallery \u2013 Bewertungen, Rabatte & mehr!\",\"isPartOf\":{\"@id\":\"https:\\\/\\\/thingstodoinamsterdam.com\\\/de\\\/#website\"},\"primaryImageOfPage\":{\"@id\":\"https:\\\/\\\/thingstodoinamsterdam.com\\\/de\\\/smartshops-amsterdam\\\/the-magic-mushroom-gallery\\\/#primaryimage\"},\"image\":{\"@id\":\"https:\\\/\\\/thingstodoinamsterdam.com\\\/de\\\/smartshops-amsterdam\\\/the-magic-mushroom-gallery\\\/#primaryimage\"},\"thumbnailUrl\":\"https:\\\/\\\/thingstodoinamsterdam.com\\\/wp-content\\\/uploads\\\/2026\\\/02\\\/The-Magic-Mushroom-Gallery-smartshop-Storefront-Spuistraat.jpg\",\"datePublished\":\"2023-12-08T09:33:05+00:00\",\"dateModified\":\"2026-04-04T08:09:16+00:00\",\"description\":\"Die Magic Mushroom Gallery ist ein Smartshop in Amsterdam, der Zaubertr\u00fcffel, Kr\u00e4uter und Psychoaktiva verkauft. Hol dir unseren exklusiven Rabattgutschein!\",\"breadcrumb\":{\"@id\":\"https:\\\/\\\/thingstodoinamsterdam.com\\\/de\\\/smartshops-amsterdam\\\/the-magic-mushroom-gallery\\\/#breadcrumb\"},\"inLanguage\":\"de\",\"potentialAction\":[{\"@type\":\"ReadAction\",\"target\":[\"https:\\\/\\\/thingstodoinamsterdam.com\\\/de\\\/smartshops-amsterdam\\\/the-magic-mushroom-gallery\\\/\"]}]},{\"@type\":\"ImageObject\",\"inLanguage\":\"de\",\"@id\":\"https:\\\/\\\/thingstodoinamsterdam.com\\\/de\\\/smartshops-amsterdam\\\/the-magic-mushroom-gallery\\\/#primaryimage\",\"url\":\"https:\\\/\\\/thingstodoinamsterdam.com\\\/wp-content\\\/uploads\\\/2026\\\/02\\\/The-Magic-Mushroom-Gallery-smartshop-Storefront-Spuistraat.jpg\",\"contentUrl\":\"https:\\\/\\\/thingstodoinamsterdam.com\\\/wp-content\\\/uploads\\\/2026\\\/02\\\/The-Magic-Mushroom-Gallery-smartshop-Storefront-Spuistraat.jpg\",\"width\":1200,\"height\":903,\"caption\":\"Der Smartshop Magic Mushroom Gallery \u2013 Ladenfront Spuistraat\"},{\"@type\":\"BreadcrumbList\",\"@id\":\"https:\\\/\\\/thingstodoinamsterdam.com\\\/de\\\/smartshops-amsterdam\\\/the-magic-mushroom-gallery\\\/#breadcrumb\",\"itemListElement\":[{\"@type\":\"ListItem\",\"position\":1,\"name\":\"Machen in Amsterdam\",\"item\":\"https:\\\/\\\/thingstodoinamsterdam.com\\\/de\\\/\"},{\"@type\":\"ListItem\",\"position\":2,\"name\":\"Smartshops Amsterdam\",\"item\":\"https:\\\/\\\/thingstodoinamsterdam.com\\\/de\\\/smartshops-amsterdam\\\/\"},{\"@type\":\"ListItem\",\"position\":3,\"name\":\"Die Magic Mushroom Gallery\"}]},{\"@type\":\"WebSite\",\"@id\":\"https:\\\/\\\/thingstodoinamsterdam.com\\\/de\\\/#website\",\"url\":\"https:\\\/\\\/thingstodoinamsterdam.com\\\/de\\\/\",\"name\":\"ThingstodoinAmsterdam.com\",\"description\":\"Amsterdam&#039;s highlights and hidden secrets\",\"publisher\":{\"@id\":\"https:\\\/\\\/thingstodoinamsterdam.com\\\/de\\\/#organization\"},\"potentialAction\":[{\"@type\":\"SearchAction\",\"target\":{\"@type\":\"EntryPoint\",\"urlTemplate\":\"https:\\\/\\\/thingstodoinamsterdam.com\\\/de\\\/?s={search_term_string}\"},\"query-input\":{\"@type\":\"PropertyValueSpecification\",\"valueRequired\":true,\"valueName\":\"search_term_string\"}}],\"inLanguage\":\"de\"},{\"@type\":\"Organization\",\"@id\":\"https:\\\/\\\/thingstodoinamsterdam.com\\\/de\\\/#organization\",\"name\":\"Machen in Amsterdam\",\"url\":\"https:\\\/\\\/thingstodoinamsterdam.com\\\/de\\\/\",\"logo\":{\"@type\":\"ImageObject\",\"inLanguage\":\"de\",\"@id\":\"https:\\\/\\\/thingstodoinamsterdam.com\\\/de\\\/#\\\/schema\\\/logo\\\/image\\\/\",\"url\":\"https:\\\/\\\/thingstodoinamsterdam.com\\\/wp-content\\\/uploads\\\/2025\\\/02\\\/ThingsToDoInAmsterdam-Favicon-logo.png\",\"contentUrl\":\"https:\\\/\\\/thingstodoinamsterdam.com\\\/wp-content\\\/uploads\\\/2025\\\/02\\\/ThingsToDoInAmsterdam-Favicon-logo.png\",\"width\":512,\"height\":512,\"caption\":\"Machen in Amsterdam\"},\"image\":{\"@id\":\"https:\\\/\\\/thingstodoinamsterdam.com\\\/de\\\/#\\\/schema\\\/logo\\\/image\\\/\"},\"sameAs\":[\"https:\\\/\\\/www.facebook.com\\\/thingstodoinamsterdamcom\"]}]}<\/script>\n<!-- \/ Yoast SEO plugin. -->","yoast_head_json":{"title":"Die Magic Mushroom Gallery \u2013 Bewertungen, Rabatte & mehr!","description":"Die Magic Mushroom Gallery ist ein Smartshop in Amsterdam, der Zaubertr\u00fcffel, Kr\u00e4uter und Psychoaktiva verkauft. Hol dir unseren exklusiven Rabattgutschein!","robots":{"index":"index","follow":"follow","max-snippet":"max-snippet:-1","max-image-preview":"max-image-preview:large","max-video-preview":"max-video-preview:-1"},"canonical":"https:\/\/thingstodoinamsterdam.com\/de\/smartshops-amsterdam\/the-magic-mushroom-gallery\/","og_locale":"de_DE","og_type":"article","og_title":"Die Magic Mushroom Gallery \u2013 Bewertungen, Rabatte & mehr!","og_description":"Die Magic Mushroom Gallery ist ein Smartshop in Amsterdam, der Zaubertr\u00fcffel, Kr\u00e4uter und Psychoaktiva verkauft. Hol dir unseren exklusiven Rabattgutschein!","og_url":"https:\/\/thingstodoinamsterdam.com\/de\/smartshops-amsterdam\/the-magic-mushroom-gallery\/","og_site_name":"ThingstodoinAmsterdam.com","article_publisher":"https:\/\/www.facebook.com\/thingstodoinamsterdamcom","article_modified_time":"2026-04-04T08:09:16+00:00","og_image":[{"width":1200,"height":903,"url":"https:\/\/thingstodoinamsterdam.com\/wp-content\/uploads\/2026\/02\/The-Magic-Mushroom-Gallery-smartshop-Storefront-Spuistraat.jpg","type":"image\/jpeg"}],"twitter_card":"summary_large_image","twitter_misc":{"Gesch\u00e4tzte Lesezeit":"2\u00a0Minuten"},"schema":{"@context":"https:\/\/schema.org","@graph":[{"@type":"WebPage","@id":"https:\/\/thingstodoinamsterdam.com\/de\/smartshops-amsterdam\/the-magic-mushroom-gallery\/","url":"https:\/\/thingstodoinamsterdam.com\/de\/smartshops-amsterdam\/the-magic-mushroom-gallery\/","name":"Die Magic Mushroom Gallery \u2013 Bewertungen, Rabatte & mehr!","isPartOf":{"@id":"https:\/\/thingstodoinamsterdam.com\/de\/#website"},"primaryImageOfPage":{"@id":"https:\/\/thingstodoinamsterdam.com\/de\/smartshops-amsterdam\/the-magic-mushroom-gallery\/#primaryimage"},"image":{"@id":"https:\/\/thingstodoinamsterdam.com\/de\/smartshops-amsterdam\/the-magic-mushroom-gallery\/#primaryimage"},"thumbnailUrl":"https:\/\/thingstodoinamsterdam.com\/wp-content\/uploads\/2026\/02\/The-Magic-Mushroom-Gallery-smartshop-Storefront-Spuistraat.jpg","datePublished":"2023-12-08T09:33:05+00:00","dateModified":"2026-04-04T08:09:16+00:00","description":"Die Magic Mushroom Gallery ist ein Smartshop in Amsterdam, der Zaubertr\u00fcffel, Kr\u00e4uter und Psychoaktiva verkauft. Hol dir unseren exklusiven Rabattgutschein!","breadcrumb":{"@id":"https:\/\/thingstodoinamsterdam.com\/de\/smartshops-amsterdam\/the-magic-mushroom-gallery\/#breadcrumb"},"inLanguage":"de","potentialAction":[{"@type":"ReadAction","target":["https:\/\/thingstodoinamsterdam.com\/de\/smartshops-amsterdam\/the-magic-mushroom-gallery\/"]}]},{"@type":"ImageObject","inLanguage":"de","@id":"https:\/\/thingstodoinamsterdam.com\/de\/smartshops-amsterdam\/the-magic-mushroom-gallery\/#primaryimage","url":"https:\/\/thingstodoinamsterdam.com\/wp-content\/uploads\/2026\/02\/The-Magic-Mushroom-Gallery-smartshop-Storefront-Spuistraat.jpg","contentUrl":"https:\/\/thingstodoinamsterdam.com\/wp-content\/uploads\/2026\/02\/The-Magic-Mushroom-Gallery-smartshop-Storefront-Spuistraat.jpg","width":1200,"height":903,"caption":"Der Smartshop Magic Mushroom Gallery \u2013 Ladenfront Spuistraat"},{"@type":"BreadcrumbList","@id":"https:\/\/thingstodoinamsterdam.com\/de\/smartshops-amsterdam\/the-magic-mushroom-gallery\/#breadcrumb","itemListElement":[{"@type":"ListItem","position":1,"name":"Machen in Amsterdam","item":"https:\/\/thingstodoinamsterdam.com\/de\/"},{"@type":"ListItem","position":2,"name":"Smartshops Amsterdam","item":"https:\/\/thingstodoinamsterdam.com\/de\/smartshops-amsterdam\/"},{"@type":"ListItem","position":3,"name":"Die Magic Mushroom Gallery"}]},{"@type":"WebSite","@id":"https:\/\/thingstodoinamsterdam.com\/de\/#website","url":"https:\/\/thingstodoinamsterdam.com\/de\/","name":"ThingstodoinAmsterdam.com","description":"Amsterdam&#039;s highlights and hidden secrets","publisher":{"@id":"https:\/\/thingstodoinamsterdam.com\/de\/#organization"},"potentialAction":[{"@type":"SearchAction","target":{"@type":"EntryPoint","urlTemplate":"https:\/\/thingstodoinamsterdam.com\/de\/?s={search_term_string}"},"query-input":{"@type":"PropertyValueSpecification","valueRequired":true,"valueName":"search_term_string"}}],"inLanguage":"de"},{"@type":"Organization","@id":"https:\/\/thingstodoinamsterdam.com\/de\/#organization","name":"Machen in Amsterdam","url":"https:\/\/thingstodoinamsterdam.com\/de\/","logo":{"@type":"ImageObject","inLanguage":"de","@id":"https:\/\/thingstodoinamsterdam.com\/de\/#\/schema\/logo\/image\/","url":"https:\/\/thingstodoinamsterdam.com\/wp-content\/uploads\/2025\/02\/ThingsToDoInAmsterdam-Favicon-logo.png","contentUrl":"https:\/\/thingstodoinamsterdam.com\/wp-content\/uploads\/2025\/02\/ThingsToDoInAmsterdam-Favicon-logo.png","width":512,"height":512,"caption":"Machen in Amsterdam"},"image":{"@id":"https:\/\/thingstodoinamsterdam.com\/de\/#\/schema\/logo\/image\/"},"sameAs":["https:\/\/www.facebook.com\/thingstodoinamsterdamcom"]}]}},"_links":{"self":[{"href":"https:\/\/thingstodoinamsterdam.com\/de\/wp-json\/wp\/v2\/pages\/1018867","targetHints":{"allow":["GET"]}}],"collection":[{"href":"https:\/\/thingstodoinamsterdam.com\/de\/wp-json\/wp\/v2\/pages"}],"about":[{"href":"https:\/\/thingstodoinamsterdam.com\/de\/wp-json\/wp\/v2\/types\/page"}],"author":[{"embeddable":true,"href":"https:\/\/thingstodoinamsterdam.com\/de\/wp-json\/wp\/v2\/users\/1"}],"replies":[{"embeddable":true,"href":"https:\/\/thingstodoinamsterdam.com\/de\/wp-json\/wp\/v2\/comments?post=1018867"}],"version-history":[{"count":6,"href":"https:\/\/thingstodoinamsterdam.com\/de\/wp-json\/wp\/v2\/pages\/1018867\/revisions"}],"predecessor-version":[{"id":2539242,"href":"https:\/\/thingstodoinamsterdam.com\/de\/wp-json\/wp\/v2\/pages\/1018867\/revisions\/2539242"}],"up":[{"embeddable":true,"href":"https:\/\/thingstodoinamsterdam.com\/de\/wp-json\/wp\/v2\/pages\/1018865"}],"wp:featuredmedia":[{"embeddable":true,"href":"https:\/\/thingstodoinamsterdam.com\/de\/wp-json\/wp\/v2\/media\/2531629"}],"wp:attachment":[{"href":"https:\/\/thingstodoinamsterdam.com\/de\/wp-json\/wp\/v2\/media?parent=1018867"}],"curies":[{"name":"wp","href":"https:\/\/api.w.org\/{rel}","templated":true}]}}