{"id":2026561,"date":"2025-04-08T14:55:13","date_gmt":"2025-04-08T12:55:13","guid":{"rendered":"https:\/\/thingstodoinamsterdam.com\/?page_id=2026561"},"modified":"2025-11-14T18:41:49","modified_gmt":"2025-11-14T17:41:49","slug":"canal-motorboats","status":"publish","type":"page","link":"https:\/\/thingstodoinamsterdam.com\/de\/grachtenfahrt-amsterdam\/boot-mieten\/canal-motorboats\/","title":{"rendered":"Canal Motorboats &#8211; Boot mieten in Amsterdam"},"content":{"rendered":"<div class=\"wpb-content-wrapper\"><p>[vc_row][vc_column width=&#8220;2\/3&#8243;][vc_column_text css=&#8220;&#8220;]Canal Motorboats ist das \u00e4lteste Bootsverleih-Unternehmen in Amsterdam und wurde 1996 gegr\u00fcndet. Es betreibt f\u00fcnf Mietstationen in der Stadt, an denen du kleine elektrische Boote f\u00fcr bis zu 8 Personen mieten kannst. Eine gro\u00dfartige M\u00f6glichkeit, Amsterdam mit deiner eigenen Crew zu entdecken \u2013 und eine perfekte Alternative zu einer <a href=\"https:\/\/thingstodoinamsterdam.com\/de\/grachtenfahrt-amsterdam\/\">\u00f6ffentlichen Grachtenfahrt<\/a>.<\/p><div id=\"ez-toc-container\" class=\"ez-toc-v2_0_82_2 counter-hierarchy ez-toc-counter ez-toc-custom ez-toc-container-direction\">\n<div class=\"ez-toc-title-container\">\n<span class=\"ez-toc-title-toggle\"><a href=\"#\" class=\"ez-toc-pull-right ez-toc-btn ez-toc-btn-xs ez-toc-btn-default ez-toc-toggle\" aria-label=\"Toggle Table of Content\"><span class=\"ez-toc-js-icon-con\"><span class=\"\"><span class=\"eztoc-hide\" style=\"display:none;\">Toggle<\/span><span class=\"ez-toc-icon-toggle-span\"><svg style=\"fill: #999;color:#999\" xmlns=\"http:\/\/www.w3.org\/2000\/svg\" class=\"list-377408\" width=\"20px\" height=\"20px\" viewBox=\"0 0 24 24\" fill=\"none\"><path d=\"M6 6H4v2h2V6zm14 0H8v2h12V6zM4 11h2v2H4v-2zm16 0H8v2h12v-2zM4 16h2v2H4v-2zm16 0H8v2h12v-2z\" fill=\"currentColor\"><\/path><\/svg><svg style=\"fill: #999;color:#999\" class=\"arrow-unsorted-368013\" xmlns=\"http:\/\/www.w3.org\/2000\/svg\" width=\"10px\" height=\"10px\" viewBox=\"0 0 24 24\" version=\"1.2\" baseProfile=\"tiny\"><path d=\"M18.2 9.3l-6.2-6.3-6.2 6.3c-.2.2-.3.4-.3.7s.1.5.3.7c.2.2.4.3.7.3h11c.3 0 .5-.1.7-.3.2-.2.3-.5.3-.7s-.1-.5-.3-.7zM5.8 14.7l6.2 6.3 6.2-6.3c.2-.2.3-.5.3-.7s-.1-.5-.3-.7c-.2-.2-.4-.3-.7-.3h-11c-.3 0-.5.1-.7.3-.2.2-.3.5-.3.7s.1.5.3.7z\"\/><\/svg><\/span><\/span><\/span><\/a><\/span><\/div>\n<nav><ul class='ez-toc-list ez-toc-list-level-1 ' ><li class='ez-toc-page-1 ez-toc-heading-level-2'><a class=\"ez-toc-link ez-toc-heading-1\" href=\"https:\/\/thingstodoinamsterdam.com\/de\/grachtenfahrt-amsterdam\/boot-mieten\/canal-motorboats\/#elektrische-mietboote\" >Elektrische Mietboote<\/a><\/li><li class='ez-toc-page-1 ez-toc-heading-level-2'><a class=\"ez-toc-link ez-toc-heading-2\" href=\"https:\/\/thingstodoinamsterdam.com\/de\/grachtenfahrt-amsterdam\/boot-mieten\/canal-motorboats\/#oeffentliche-grachtenfahrten\" >\u00d6ffentliche Grachtenfahrten<\/a><\/li><li class='ez-toc-page-1 ez-toc-heading-level-2'><a class=\"ez-toc-link ez-toc-heading-3\" href=\"https:\/\/thingstodoinamsterdam.com\/de\/grachtenfahrt-amsterdam\/boot-mieten\/canal-motorboats\/#private-bootstouren-mit-canal-motorboats\" >Private Bootstouren mit Canal Motorboats<\/a><\/li><\/ul><\/nav><\/div>\n\n<p>Egal ob du alleine reist, mit Freunden oder der Familie \u2013 Canal Motorboats bietet dir ein unkompliziertes und unvergessliches Erlebnis auf dem Wasser. Lies weiter, um herauszufinden, warum ihre Boote die perfekte Wahl f\u00fcr eine Tour durch Amsterdams Kan\u00e4le sind![\/vc_column_text][\/vc_column][vc_column width=&#8220;1\/3&#8243;][vc_single_image image=&#8220;1524535&#8243; img_size=&#8220;full&#8220; alignment=&#8220;center&#8220;][\/vc_column][\/vc_row][vc_row][vc_column][button title=&#8220;Buche dein Mietboot online auf CanalMotorboats.com&#8220; link=&#8220;https:\/\/www.canalmotorboats.com\/de\/?ref=thingstodoinamsterdam&amp;utm_source=thingstodoinamsterdam&amp;utm_medium=partner&amp;utm_campaign=thingstodoinamsterdam&#8220; icon=&#8220;fa fa-solid fa-angles-right&#8220; button_align=&#8220;center&#8220; target=&#8220;true&#8220; nofollow=&#8220;true&#8220; el_id=&#8220;1736518164952-6d42f912-2f93&#8243;][vc_images_carousel images=&#8220;1525449,1525464&#8243; img_size=&#8220;full&#8220; onclick=&#8220;link_no&#8220; hide_pagination_control=&#8220;yes&#8220;][\/vc_column][\/vc_row][vc_row][vc_column width=&#8220;2\/3&#8243;][vc_column_text css=&#8220;&#8220;]<\/p>\n<h2 id=\"boat-rental\"><span class=\"ez-toc-section\" id=\"elektrische-mietboote\"><\/span>Elektrische Mietboote<span class=\"ez-toc-section-end\"><\/span><\/h2>\n<p>Die Mietboote von Canal Motorboats sind zu 100 % elektrisch betrieben. Das bedeutet: keine Abgase, keine L\u00e4rmbel\u00e4stigung \u2013 nur entspannter Fahrspa\u00df. Und das Beste: Jeder \u00fcber 18 Jahre darf die Boote <strong>ohne F\u00fchrerschein<\/strong> steuern. Alle Boote sind mit einem Lenkrad ausgestattet, was das Fahren selbst f\u00fcr Anf\u00e4nger einfach macht.<\/p>\n<h3>Mietpreise<\/h3>\n<p><strong>50 \u20ac pro Stunde<\/strong>, Mindestmietdauer: 2 Stunden.<\/p>\n<p>Aktueller Rabatt: Derzeit 20 \u20ac Rabatt auf 2-Stunden-Mieten von Montag bis Freitag.<\/p>\n<p><em>* Hinweis: Preise k\u00f6nnen sich \u00e4ndern und dienen nur zur Orientierung<\/em>[\/vc_column_text][\/vc_column][vc_column width=&#8220;1\/3&#8243;][vc_single_image image=&#8220;1525454&#8243; img_size=&#8220;full&#8220; alignment=&#8220;center&#8220;][\/vc_column][\/vc_row][vc_row][vc_column][button title=&#8220;Jetzt Boot online reservieren und Entt\u00e4uschungen vermeiden&#8220; link=&#8220;https:\/\/www.canalmotorboats.com\/de\/?ref=thingstodoinamsterdam&amp;utm_source=thingstodoinamsterdam&amp;utm_medium=partner&amp;utm_campaign=thingstodoinamsterdam&#8220; icon=&#8220;fa fa-solid fa-angles-right&#8220; button_align=&#8220;center&#8220; target=&#8220;true&#8220; nofollow=&#8220;true&#8220; el_id=&#8220;1736522301799-d474735b-91eb&#8220;][\/vc_column][\/vc_row][vc_row][vc_column][vc_column_text]<br \/>\n[\/vc_column_text][\/vc_column][\/vc_row][vc_row][vc_column width=&#8220;1\/2&#8243;][vc_column_text css=&#8220;&#8220;]<\/p>\n<h3 id=\"rental-locations\">Canal Motorboats Mietstationen in Amsterdam<\/h3>\n<p>Derzeit gibt es f\u00fcnf verschiedene Mietstationen von Canal Motorboats in Amsterdam. Die Boote sind an allen Standorten gleich \u2013 such dir also einfach den aus, der f\u00fcr dich am besten gelegen ist!<\/p>\n<h4>1. Canal Motorboats Zandhoek (Zentrum)<\/h4>\n<p>Adresse: <a href=\"https:\/\/maps.app.goo.gl\/zJrAQfdVXWCxPDBa8\" target=\"_blank\" rel=\"noopener\">Zandhoek 22, Amsterdam<\/a><\/p>\n<h4>2. Canal Motorboats Westerdoksdijk (Zentrum)<\/h4>\n<p>Adresse: <a href=\"https:\/\/www.google.com\/maps\/place\/Westerdoksdijk+705,+1013+BX+Amsterdam\/@52.3890529,4.8887684,16z\/data=!3m1!4b1!4m6!3m5!1s0x47c60834ab30f61f:0x70c8b8f68e9215!8m2!3d52.3890529!4d4.8913433!16s%2Fg%2F11gj0vjrhl?entry=ttu&amp;g_ep=EgoyMDI1MDEyMC4wIKXMDSoASAFQAw%3D%3D\" target=\"_blank\" rel=\"noopener\">Westerdoksdijk 705, Amsterdam<\/a><\/p>\n<h4>3. Canal Motorboats Polonceaukade (Westerpark)<\/h4>\n<p>Adresse: <a href=\"https:\/\/www.google.com\/maps\/place\/Polonceaukade+20,+1014+DA+Amsterdam\/@52.385809,4.8692962,17z\/data=!3m1!4b1!4m6!3m5!1s0x47c609d59ed08abf:0x9b9c27d5a7275308!8m2!3d52.385809!4d4.8718711!16s%2Fg%2F11cshzzx73?entry=ttu&amp;g_ep=EgoyMDI1MDEyMC4wIKXMDSoASAFQAw%3D%3D\" target=\"_blank\" rel=\"noopener\">Polonceaukade 20, Amsterdam<\/a><\/p>\n<h4>4. Canal Motorboats Nassaukade (Zentrum\/West)<\/h4>\n<p>Adresse: <a href=\"https:\/\/www.google.com\/maps\/place\/Nassaukade+341,+1053+LZ+Amsterdam\/@52.3678489,4.8742201,17z\/data=!3m1!4b1!4m5!3m4!1s0x47c609dd8be58c3d:0x127a0259fc72b932!8m2!3d52.3678489!4d4.876795?entry=ttu&amp;g_ep=EgoyMDI1MDEyMC4wIKXMDSoASAFQAw%3D%3D\" target=\"_blank\" rel=\"noopener\">Nassaukade 341, Amsterdam<\/a><\/p>\n<h4>5. Canal Motorboats Borneosteiger (Osten)<\/h4>\n<p>Adresse: <a href=\"https:\/\/maps.app.goo.gl\/iRPueHCcfdGRvqZs8\">Borneosteiger 8, Amsterdam<\/a><\/p>\n<p>&nbsp;<\/p>\n<p>Sind alle Boote von Canal Motorboats ausgebucht? Schau dir <a href=\"https:\/\/thingstodoinamsterdam.com\/de\/grachtenfahrt-amsterdam\/boot-mieten\/\">weitere Bootsverleihe in Amsterdam<\/a> an![\/vc_column_text][button title=&#8220;Jetzt online reservieren, um Entt\u00e4uschungen zu vermeiden&#8220; link=&#8220;https:\/\/www.canalmotorboats.com\/de\/?ref=thingstodoinamsterdam&amp;utm_source=thingstodoinamsterdam&amp;utm_medium=partner&amp;utm_campaign=thingstodoinamsterdam&#8220; icon=&#8220;fa fa-solid fa-angles-right&#8220; button_align=&#8220;center&#8220; target=&#8220;true&#8220; nofollow=&#8220;true&#8220; el_id=&#8220;1743512046355-73ebe7e4-cce6&#8243;][\/vc_column][vc_column width=&#8220;1\/2&#8243;][g_map el_id=&#8220;1733843508743-45926f7c-4038&#8243;]<iframe src=\"https:\/\/www.google.com\/maps\/d\/embed?mid=1Xu6Z1tFj_PdAOkwMFFqyeED-_qroLbM&amp;ehbc=2E312F\" width=\"640\" height=\"480\"><\/iframe>[\/g_map][\/vc_column][\/vc_row][vc_row][vc_column width=&#8220;2\/3&#8243;][vc_column_text css=&#8220;&#8220;]<\/p>\n<h2 id=\"public\"><span class=\"ez-toc-section\" id=\"oeffentliche-grachtenfahrten\"><\/span>\u00d6ffentliche Grachtenfahrten<span class=\"ez-toc-section-end\"><\/span><\/h2>\n<p>Ab sofort kannst du auch gef\u00fchrte \u00f6ffentliche Grachtenfahrten in Zusammenarbeit mit der Schwesterfirma von Canal Motorboats, <a href=\"https:\/\/thingstodoinamsterdam.com\/de\/grachtenfahrt-amsterdam\/eco-boats-amsterdam\/\" target=\"_blank\" rel=\"noopener\">Eco Boats<\/a>, buchen! Die Tour startet am Amsterdamer Hauptbahnhof \u2013 ein offenes Boot mit professionellem Kapit\u00e4n nimmt dich mit auf eine einst\u00fcndige Fahrt entlang der Highlights der Stadt. Genau wie die Mietboote sind auch diese Boote elektrisch betrieben und bieten eine ruhige, angenehme Fahrt.<\/p>\n<div id=\"gtx-trans\" style=\"position: absolute; left: 1542px; top: 145.187px;\">\n<div class=\"gtx-trans-icon\"><\/div>\n<\/div>\n<p>[\/vc_column_text][\/vc_column][vc_column width=&#8220;1\/3&#8243;][vc_single_image image=&#8220;1524493&#8243; img_size=&#8220;full&#8220; alignment=&#8220;center&#8220; css=&#8220;&#8220;][\/vc_column][\/vc_row][vc_row][vc_column][button title=&#8220;Buche die 1-st\u00fcndige Grachtenfahrt&#8220; link=&#8220;https:\/\/thingstodoinamsterdam.com\/ticketlinkde-ecoboatsopencs-tiqets-std&#8220; icon=&#8220;fa fa-solid fa-angles-right&#8220; button_align=&#8220;center&#8220; target=&#8220;true&#8220; nofollow=&#8220;true&#8220; el_id=&#8220;1743512382747-fd4a1bdd-7581&#8243;][\/vc_column][\/vc_row][vc_row][vc_column][vc_column_text]<br \/>\n[\/vc_column_text][\/vc_column][\/vc_row][vc_row][vc_column width=&#8220;2\/3&#8243;][vc_column_text css=&#8220;&#8220;]<\/p>\n<h2 id=\"private\"><span class=\"ez-toc-section\" id=\"private-bootstouren-mit-canal-motorboats\"><\/span>Private Bootstouren mit Canal Motorboats<span class=\"ez-toc-section-end\"><\/span><\/h2>\n<p>M\u00f6chtest du mit einer gr\u00f6\u00dferen Gruppe unterwegs sein als die 8 Personen, die auf ein Mietboot passen? Kein Problem \u2013 Canal Motorboats bietet jetzt auch private Touren auf modernen, elektrischen Booten an. Lade bis zu 29 Freund*innen ein und gestaltet eure Tour ganz nach euren W\u00fcnschen!<\/p>\n<ul>\n<li>Bis zu 30 Personen an Bord<\/li>\n<li>Modernes Boot mit \u00fcberdachbarem Bereich f\u00fcr Regenwetter<\/li>\n<li>Flexible Dauer: 1,5 \/ 2 \/ 3 oder 4 Stunden<\/li>\n<li>Startpunkt: Amsterdam Hauptbahnhof<\/li>\n<li>Open Bar: unbegrenzt Bier, Wein &amp; Softdrinks inklusive<\/li>\n<li>Snacks zubuchbar \u2013 siehe alle Optionen unten<\/li>\n<li>Live-Guide auf Englisch &amp; Niederl\u00e4ndisch<\/li>\n<li>Eco Boats verf\u00fcgt \u00fcber \u00e4hnliche Boote wie \u201eEmilia\u201c, die f\u00fcr die Privattour genutzt werden k\u00f6nnen<\/li>\n<li>Flexible Stornierungsrichtlinie: kostenlos bis 48 Stunden vor Abfahrt<\/li>\n<\/ul>\n<p>Welche Option passt zu euch? W\u00e4hle unten direkt \u00fcber Fareharbor.com:<\/p>\n<ol>\n<li><a href=\"https:\/\/fareharbor.com\/embeds\/book\/ecoboatsamsterdam\/items\/564563\/?button-tags=thingstodoinamsterdam-eur-asn&amp;ref=thingstodoinamsterdam-eur-asn&amp;asn=thingstodoinamsterdam-eur&amp;asn-ref=thingstodoinamsterdam-eur-asn&amp;full-items=yes&amp;flow=718489\" rel=\"nofollow\">Private Bootstour mit Open Bar buchen<\/a><\/li>\n<li><a href=\"https:\/\/fareharbor.com\/embeds\/book\/ecoboatsamsterdam\/items\/564564\/?button-tags=thingstodoinamsterdam-eur-asn&amp;ref=thingstodoinamsterdam-eur-asn&amp;asn=thingstodoinamsterdam-eur&amp;asn-ref=thingstodoinamsterdam-eur-asn&amp;full-items=yes&amp;flow=718489\" rel=\"nofollow\">Private Tour mit Open Bar + Snacks buchen<\/a><\/li>\n<li><a href=\"https:\/\/fareharbor.com\/embeds\/book\/ecoboatsamsterdam\/items\/564574\/?button-tags=thingstodoinamsterdam-eur-asn&amp;ref=thingstodoinamsterdam-eur-asn&amp;asn=thingstodoinamsterdam-eur&amp;asn-ref=thingstodoinamsterdam-eur-asn&amp;full-items=yes&amp;flow=718489\" rel=\"nofollow\">Private Tour mit Open Bar + Pizza buchen<\/a><\/li>\n<li><a href=\"https:\/\/fareharbor.com\/embeds\/book\/ecoboatsamsterdam\/items\/564578\/?button-tags=thingstodoinamsterdam-eur-asn&amp;ref=thingstodoinamsterdam-eur-asn&amp;asn=thingstodoinamsterdam-eur&amp;asn-ref=thingstodoinamsterdam-eur-asn&amp;full-items=yes&amp;flow=718489\" rel=\"nofollow\">Private Tour mit Open Bar + Tapas buchen<\/a><\/li>\n<\/ol>\n<p>&nbsp;<\/p>\n<p>[\/vc_column_text][\/vc_column][vc_column width=&#8220;1\/3&#8243;][vc_single_image image=&#8220;2026468&#8243; img_size=&#8220;full&#8220; alignment=&#8220;center&#8220; css=&#8220;&#8220;][\/vc_column][\/vc_row][vc_row][vc_column][reviews heading=&#8220;Canal Motorboats Amsterdam Bewertungen&#8220; description=&#8220;Hast du eine Bootstour mit Canal Motorboats gemacht? Wie hat es dir gefallen? Welche Tour hast du gew\u00e4hlt? W\u00fcrdest du es anderen empfehlen? Teile deine Erfahrung mit Eco Boats mit uns und anderen Besucher*innen \u2013 hinterlasse jetzt deine Bewertung unten!&#8220; item_name=&#8220;Eco Boats Amsterdam&#8220; item_image=&#8220;1524528&#8243; item_price_range=&#8220;18-120&#8243; item_tel=&#8220;+316 21617111&#8243; item_web=&#8220;https:\/\/ecoboatsamsterdam.com\/&#8220; item_city=&#8220;Amsterdam&#8220; item_postal_code=&#8220;1013KT&#8220; item_country=&#8220;NL&#8220; el_id=&#8220;1736519694039-fa3928bc-d188&#8243;][\/reviews][\/vc_column][\/vc_row]<\/p>\n<\/div>","protected":false},"excerpt":{"rendered":"<p>[vc_row][vc_column width=&#8220;2\/3&#8243;][vc_column_text css=&#8220;&#8220;]Canal Motorboats ist das \u00e4lteste Bootsverleih-Unternehmen in Amsterdam und wurde 1996 gegr\u00fcndet. Es betreibt f\u00fcnf Mietstationen in der Stadt, an denen du kleine\u2026<\/p>\n","protected":false},"author":33,"featured_media":1525452,"parent":1525629,"menu_order":0,"comment_status":"closed","ping_status":"closed","template":"","meta":{"footnotes":""},"class_list":["post-2026561","page","type-page","status-publish","has-post-thumbnail","hentry"],"yoast_head":"<!-- This site is optimized with the Yoast SEO plugin v27.3 - https:\/\/yoast.com\/product\/yoast-seo-wordpress\/ -->\n<title>Canal Motorboats - Boot mieten in Amsterdam - ThingstodoinAmsterdam.com<\/title>\n<meta name=\"robots\" content=\"index, follow, max-snippet:-1, max-image-preview:large, max-video-preview:-1\" \/>\n<link rel=\"canonical\" href=\"https:\/\/thingstodoinamsterdam.com\/de\/grachtenfahrt-amsterdam\/boot-mieten\/canal-motorboats\/\" \/>\n<meta property=\"og:locale\" content=\"de_DE\" \/>\n<meta property=\"og:type\" content=\"article\" \/>\n<meta property=\"og:title\" content=\"Canal Motorboats - Boot mieten in Amsterdam - ThingstodoinAmsterdam.com\" \/>\n<meta property=\"og:description\" content=\"[vc_row][vc_column width=&#8220;2\/3&#8243;][vc_column_text css=&#8220;&#8220;]Canal Motorboats ist das \u00e4lteste Bootsverleih-Unternehmen in Amsterdam und wurde 1996 gegr\u00fcndet. Es betreibt f\u00fcnf Mietstationen in der Stadt, an denen du kleine\u2026\" \/>\n<meta property=\"og:url\" content=\"https:\/\/thingstodoinamsterdam.com\/de\/grachtenfahrt-amsterdam\/boot-mieten\/canal-motorboats\/\" \/>\n<meta property=\"og:site_name\" content=\"ThingstodoinAmsterdam.com\" \/>\n<meta property=\"article:publisher\" content=\"https:\/\/www.facebook.com\/thingstodoinamsterdamcom\" \/>\n<meta property=\"article:modified_time\" content=\"2025-11-14T17:41:49+00:00\" \/>\n<meta property=\"og:image\" content=\"https:\/\/thingstodoinamsterdam.com\/wp-content\/uploads\/2025\/01\/Canal-Motorboats-family-in-rental-boat.jpg\" \/>\n\t<meta property=\"og:image:width\" content=\"1200\" \/>\n\t<meta property=\"og:image:height\" content=\"799\" \/>\n\t<meta property=\"og:image:type\" content=\"image\/jpeg\" \/>\n<meta name=\"twitter:card\" content=\"summary_large_image\" \/>\n<meta name=\"twitter:label1\" content=\"Gesch\u00e4tzte Lesezeit\" \/>\n\t<meta name=\"twitter:data1\" content=\"5\u00a0Minuten\" \/>\n<script type=\"application\/ld+json\" class=\"yoast-schema-graph\">{\"@context\":\"https:\\\/\\\/schema.org\",\"@graph\":[{\"@type\":\"WebPage\",\"@id\":\"https:\\\/\\\/thingstodoinamsterdam.com\\\/de\\\/grachtenfahrt-amsterdam\\\/boot-mieten\\\/canal-motorboats\\\/\",\"url\":\"https:\\\/\\\/thingstodoinamsterdam.com\\\/de\\\/grachtenfahrt-amsterdam\\\/boot-mieten\\\/canal-motorboats\\\/\",\"name\":\"Canal Motorboats - Boot mieten in Amsterdam - ThingstodoinAmsterdam.com\",\"isPartOf\":{\"@id\":\"https:\\\/\\\/thingstodoinamsterdam.com\\\/de\\\/#website\"},\"primaryImageOfPage\":{\"@id\":\"https:\\\/\\\/thingstodoinamsterdam.com\\\/de\\\/grachtenfahrt-amsterdam\\\/boot-mieten\\\/canal-motorboats\\\/#primaryimage\"},\"image\":{\"@id\":\"https:\\\/\\\/thingstodoinamsterdam.com\\\/de\\\/grachtenfahrt-amsterdam\\\/boot-mieten\\\/canal-motorboats\\\/#primaryimage\"},\"thumbnailUrl\":\"https:\\\/\\\/thingstodoinamsterdam.com\\\/wp-content\\\/uploads\\\/2025\\\/01\\\/Canal-Motorboats-family-in-rental-boat.jpg\",\"datePublished\":\"2025-04-08T12:55:13+00:00\",\"dateModified\":\"2025-11-14T17:41:49+00:00\",\"breadcrumb\":{\"@id\":\"https:\\\/\\\/thingstodoinamsterdam.com\\\/de\\\/grachtenfahrt-amsterdam\\\/boot-mieten\\\/canal-motorboats\\\/#breadcrumb\"},\"inLanguage\":\"de\",\"potentialAction\":[{\"@type\":\"ReadAction\",\"target\":[\"https:\\\/\\\/thingstodoinamsterdam.com\\\/de\\\/grachtenfahrt-amsterdam\\\/boot-mieten\\\/canal-motorboats\\\/\"]}]},{\"@type\":\"ImageObject\",\"inLanguage\":\"de\",\"@id\":\"https:\\\/\\\/thingstodoinamsterdam.com\\\/de\\\/grachtenfahrt-amsterdam\\\/boot-mieten\\\/canal-motorboats\\\/#primaryimage\",\"url\":\"https:\\\/\\\/thingstodoinamsterdam.com\\\/wp-content\\\/uploads\\\/2025\\\/01\\\/Canal-Motorboats-family-in-rental-boat.jpg\",\"contentUrl\":\"https:\\\/\\\/thingstodoinamsterdam.com\\\/wp-content\\\/uploads\\\/2025\\\/01\\\/Canal-Motorboats-family-in-rental-boat.jpg\",\"width\":1200,\"height\":799,\"caption\":\"Canal Motorboats - family in rental boat\"},{\"@type\":\"BreadcrumbList\",\"@id\":\"https:\\\/\\\/thingstodoinamsterdam.com\\\/de\\\/grachtenfahrt-amsterdam\\\/boot-mieten\\\/canal-motorboats\\\/#breadcrumb\",\"itemListElement\":[{\"@type\":\"ListItem\",\"position\":1,\"name\":\"Machen in Amsterdam\",\"item\":\"https:\\\/\\\/thingstodoinamsterdam.com\\\/de\\\/\"},{\"@type\":\"ListItem\",\"position\":2,\"name\":\"Grachtenfahrt Amsterdam\",\"item\":\"https:\\\/\\\/thingstodoinamsterdam.com\\\/de\\\/grachtenfahrt-amsterdam\\\/\"},{\"@type\":\"ListItem\",\"position\":3,\"name\":\"Amsterdam Boot mieten zum selber fahren\",\"item\":\"https:\\\/\\\/thingstodoinamsterdam.com\\\/de\\\/grachtenfahrt-amsterdam\\\/boot-mieten\\\/\"},{\"@type\":\"ListItem\",\"position\":4,\"name\":\"Canal Motorboats &#8211; Boot mieten in Amsterdam\"}]},{\"@type\":\"WebSite\",\"@id\":\"https:\\\/\\\/thingstodoinamsterdam.com\\\/de\\\/#website\",\"url\":\"https:\\\/\\\/thingstodoinamsterdam.com\\\/de\\\/\",\"name\":\"ThingstodoinAmsterdam.com\",\"description\":\"Amsterdam&#039;s highlights and hidden secrets\",\"publisher\":{\"@id\":\"https:\\\/\\\/thingstodoinamsterdam.com\\\/de\\\/#organization\"},\"potentialAction\":[{\"@type\":\"SearchAction\",\"target\":{\"@type\":\"EntryPoint\",\"urlTemplate\":\"https:\\\/\\\/thingstodoinamsterdam.com\\\/de\\\/?s={search_term_string}\"},\"query-input\":{\"@type\":\"PropertyValueSpecification\",\"valueRequired\":true,\"valueName\":\"search_term_string\"}}],\"inLanguage\":\"de\"},{\"@type\":\"Organization\",\"@id\":\"https:\\\/\\\/thingstodoinamsterdam.com\\\/de\\\/#organization\",\"name\":\"Machen in Amsterdam\",\"url\":\"https:\\\/\\\/thingstodoinamsterdam.com\\\/de\\\/\",\"logo\":{\"@type\":\"ImageObject\",\"inLanguage\":\"de\",\"@id\":\"https:\\\/\\\/thingstodoinamsterdam.com\\\/de\\\/#\\\/schema\\\/logo\\\/image\\\/\",\"url\":\"https:\\\/\\\/thingstodoinamsterdam.com\\\/wp-content\\\/uploads\\\/2025\\\/02\\\/ThingsToDoInAmsterdam-Favicon-logo.png\",\"contentUrl\":\"https:\\\/\\\/thingstodoinamsterdam.com\\\/wp-content\\\/uploads\\\/2025\\\/02\\\/ThingsToDoInAmsterdam-Favicon-logo.png\",\"width\":512,\"height\":512,\"caption\":\"Machen in Amsterdam\"},\"image\":{\"@id\":\"https:\\\/\\\/thingstodoinamsterdam.com\\\/de\\\/#\\\/schema\\\/logo\\\/image\\\/\"},\"sameAs\":[\"https:\\\/\\\/www.facebook.com\\\/thingstodoinamsterdamcom\"]}]}<\/script>\n<!-- \/ Yoast SEO plugin. -->","yoast_head_json":{"title":"Canal Motorboats - Boot mieten in Amsterdam - ThingstodoinAmsterdam.com","robots":{"index":"index","follow":"follow","max-snippet":"max-snippet:-1","max-image-preview":"max-image-preview:large","max-video-preview":"max-video-preview:-1"},"canonical":"https:\/\/thingstodoinamsterdam.com\/de\/grachtenfahrt-amsterdam\/boot-mieten\/canal-motorboats\/","og_locale":"de_DE","og_type":"article","og_title":"Canal Motorboats - Boot mieten in Amsterdam - ThingstodoinAmsterdam.com","og_description":"[vc_row][vc_column width=&#8220;2\/3&#8243;][vc_column_text css=&#8220;&#8220;]Canal Motorboats ist das \u00e4lteste Bootsverleih-Unternehmen in Amsterdam und wurde 1996 gegr\u00fcndet. Es betreibt f\u00fcnf Mietstationen in der Stadt, an denen du kleine\u2026","og_url":"https:\/\/thingstodoinamsterdam.com\/de\/grachtenfahrt-amsterdam\/boot-mieten\/canal-motorboats\/","og_site_name":"ThingstodoinAmsterdam.com","article_publisher":"https:\/\/www.facebook.com\/thingstodoinamsterdamcom","article_modified_time":"2025-11-14T17:41:49+00:00","og_image":[{"width":1200,"height":799,"url":"https:\/\/thingstodoinamsterdam.com\/wp-content\/uploads\/2025\/01\/Canal-Motorboats-family-in-rental-boat.jpg","type":"image\/jpeg"}],"twitter_card":"summary_large_image","twitter_misc":{"Gesch\u00e4tzte Lesezeit":"5\u00a0Minuten"},"schema":{"@context":"https:\/\/schema.org","@graph":[{"@type":"WebPage","@id":"https:\/\/thingstodoinamsterdam.com\/de\/grachtenfahrt-amsterdam\/boot-mieten\/canal-motorboats\/","url":"https:\/\/thingstodoinamsterdam.com\/de\/grachtenfahrt-amsterdam\/boot-mieten\/canal-motorboats\/","name":"Canal Motorboats - Boot mieten in Amsterdam - ThingstodoinAmsterdam.com","isPartOf":{"@id":"https:\/\/thingstodoinamsterdam.com\/de\/#website"},"primaryImageOfPage":{"@id":"https:\/\/thingstodoinamsterdam.com\/de\/grachtenfahrt-amsterdam\/boot-mieten\/canal-motorboats\/#primaryimage"},"image":{"@id":"https:\/\/thingstodoinamsterdam.com\/de\/grachtenfahrt-amsterdam\/boot-mieten\/canal-motorboats\/#primaryimage"},"thumbnailUrl":"https:\/\/thingstodoinamsterdam.com\/wp-content\/uploads\/2025\/01\/Canal-Motorboats-family-in-rental-boat.jpg","datePublished":"2025-04-08T12:55:13+00:00","dateModified":"2025-11-14T17:41:49+00:00","breadcrumb":{"@id":"https:\/\/thingstodoinamsterdam.com\/de\/grachtenfahrt-amsterdam\/boot-mieten\/canal-motorboats\/#breadcrumb"},"inLanguage":"de","potentialAction":[{"@type":"ReadAction","target":["https:\/\/thingstodoinamsterdam.com\/de\/grachtenfahrt-amsterdam\/boot-mieten\/canal-motorboats\/"]}]},{"@type":"ImageObject","inLanguage":"de","@id":"https:\/\/thingstodoinamsterdam.com\/de\/grachtenfahrt-amsterdam\/boot-mieten\/canal-motorboats\/#primaryimage","url":"https:\/\/thingstodoinamsterdam.com\/wp-content\/uploads\/2025\/01\/Canal-Motorboats-family-in-rental-boat.jpg","contentUrl":"https:\/\/thingstodoinamsterdam.com\/wp-content\/uploads\/2025\/01\/Canal-Motorboats-family-in-rental-boat.jpg","width":1200,"height":799,"caption":"Canal Motorboats - family in rental boat"},{"@type":"BreadcrumbList","@id":"https:\/\/thingstodoinamsterdam.com\/de\/grachtenfahrt-amsterdam\/boot-mieten\/canal-motorboats\/#breadcrumb","itemListElement":[{"@type":"ListItem","position":1,"name":"Machen in Amsterdam","item":"https:\/\/thingstodoinamsterdam.com\/de\/"},{"@type":"ListItem","position":2,"name":"Grachtenfahrt Amsterdam","item":"https:\/\/thingstodoinamsterdam.com\/de\/grachtenfahrt-amsterdam\/"},{"@type":"ListItem","position":3,"name":"Amsterdam Boot mieten zum selber fahren","item":"https:\/\/thingstodoinamsterdam.com\/de\/grachtenfahrt-amsterdam\/boot-mieten\/"},{"@type":"ListItem","position":4,"name":"Canal Motorboats &#8211; Boot mieten in Amsterdam"}]},{"@type":"WebSite","@id":"https:\/\/thingstodoinamsterdam.com\/de\/#website","url":"https:\/\/thingstodoinamsterdam.com\/de\/","name":"ThingstodoinAmsterdam.com","description":"Amsterdam&#039;s highlights and hidden secrets","publisher":{"@id":"https:\/\/thingstodoinamsterdam.com\/de\/#organization"},"potentialAction":[{"@type":"SearchAction","target":{"@type":"EntryPoint","urlTemplate":"https:\/\/thingstodoinamsterdam.com\/de\/?s={search_term_string}"},"query-input":{"@type":"PropertyValueSpecification","valueRequired":true,"valueName":"search_term_string"}}],"inLanguage":"de"},{"@type":"Organization","@id":"https:\/\/thingstodoinamsterdam.com\/de\/#organization","name":"Machen in Amsterdam","url":"https:\/\/thingstodoinamsterdam.com\/de\/","logo":{"@type":"ImageObject","inLanguage":"de","@id":"https:\/\/thingstodoinamsterdam.com\/de\/#\/schema\/logo\/image\/","url":"https:\/\/thingstodoinamsterdam.com\/wp-content\/uploads\/2025\/02\/ThingsToDoInAmsterdam-Favicon-logo.png","contentUrl":"https:\/\/thingstodoinamsterdam.com\/wp-content\/uploads\/2025\/02\/ThingsToDoInAmsterdam-Favicon-logo.png","width":512,"height":512,"caption":"Machen in Amsterdam"},"image":{"@id":"https:\/\/thingstodoinamsterdam.com\/de\/#\/schema\/logo\/image\/"},"sameAs":["https:\/\/www.facebook.com\/thingstodoinamsterdamcom"]}]}},"_links":{"self":[{"href":"https:\/\/thingstodoinamsterdam.com\/de\/wp-json\/wp\/v2\/pages\/2026561","targetHints":{"allow":["GET"]}}],"collection":[{"href":"https:\/\/thingstodoinamsterdam.com\/de\/wp-json\/wp\/v2\/pages"}],"about":[{"href":"https:\/\/thingstodoinamsterdam.com\/de\/wp-json\/wp\/v2\/types\/page"}],"author":[{"embeddable":true,"href":"https:\/\/thingstodoinamsterdam.com\/de\/wp-json\/wp\/v2\/users\/33"}],"replies":[{"embeddable":true,"href":"https:\/\/thingstodoinamsterdam.com\/de\/wp-json\/wp\/v2\/comments?post=2026561"}],"version-history":[{"count":6,"href":"https:\/\/thingstodoinamsterdam.com\/de\/wp-json\/wp\/v2\/pages\/2026561\/revisions"}],"predecessor-version":[{"id":2530313,"href":"https:\/\/thingstodoinamsterdam.com\/de\/wp-json\/wp\/v2\/pages\/2026561\/revisions\/2530313"}],"up":[{"embeddable":true,"href":"https:\/\/thingstodoinamsterdam.com\/de\/wp-json\/wp\/v2\/pages\/1525629"}],"wp:featuredmedia":[{"embeddable":true,"href":"https:\/\/thingstodoinamsterdam.com\/de\/wp-json\/wp\/v2\/media\/1525452"}],"wp:attachment":[{"href":"https:\/\/thingstodoinamsterdam.com\/de\/wp-json\/wp\/v2\/media?parent=2026561"}],"curies":[{"name":"wp","href":"https:\/\/api.w.org\/{rel}","templated":true}]}}