{"id":2027223,"date":"2025-04-11T11:52:07","date_gmt":"2025-04-11T09:52:07","guid":{"rendered":"https:\/\/thingstodoinamsterdam.com\/?page_id=2027223"},"modified":"2025-09-01T15:03:32","modified_gmt":"2025-09-01T13:03:32","slug":"besten-vr-amsterdam","status":"publish","type":"page","link":"https:\/\/thingstodoinamsterdam.com\/de\/beste-attraktionen\/besten-vr-amsterdam\/","title":{"rendered":"Die besten VR-Erlebnisse in Amsterdam"},"content":{"rendered":"<div class=\"wpb-content-wrapper\"><p>[vc_row][vc_column][vc_column_text css=&#8220;&#8220;]<\/p>\n<p class=\"p1\">Abgesehen von den gewundenen Grachten, den charmanten Br\u00fccken und den historischen Stra\u00dfen bietet Amsterdam auch einige der modernsten Virtual Reality (VR)-Erlebnisse. In der ganzen Stadt gibt es Spielzentren, in denen Kreativit\u00e4t, Technologie und Abenteuer aufeinandertreffen. Ob Sie sich f\u00fcr einen gro\u00dfen Komplex mit mehreren R\u00e4umen oder ein kleineres Studio entscheiden, ob Sie Geheimnisse l\u00f6sen oder Apokalypsen \u00fcberleben wollen, in Amsterdam k\u00f6nnen Sie immersive und aufregende VR-Erlebnisse erwarten.<\/p>\n<p class=\"p1\">Die VR-Zentren ziehen Touristen und Firmenteams, Familien, Freunde und begeisterte Gamer an. Modernste Technologie, frei begehbare Arenen und von Geschichten getriebene Abenteuer machen Amsterdams VR-Szene so aufregend, egal ob Sie ein Neuling oder ein Fan sind. Es ist eine frische und unterhaltsame Erfahrung, die Sie befl\u00fcgeln wird, wenn Sie in die reale Welt zur\u00fcckkehren.<\/p>\n<p class=\"p1\">Im Folgenden haben wir die besten VR-Orte in Amsterdam zusammengestellt, um Ihnen bei der Planung Ihres n\u00e4chsten Abenteuers zu helfen. Wir haben sie aufgrund ihres VR-Angebots, ihrer Einrichtungen, ihrer Standorte, ihrer Qualit\u00e4t und ihrer Zug\u00e4nglichkeit ausgew\u00e4hlt.<\/p>\n<p>[\/vc_column_text][\/vc_column][\/vc_row][vc_row][vc_column][promo_block style_var=&#8220;style2&#8243; el_id=&#8220;1635510990126-ab872e2a-205d&#8220;][promo link=&#8220;url:https%3A%2F%2Fthingstodoinamsterdam.com%2Fde%2Fbeste-attraktionen%2Fbesten-vr-amsterdam%2Fadam-vr%2F|title:A&#8217;DAM%20VR%20Game%20%26%20Race%20Park&#8220; address=&#8220;JTNDYnIlM0UlMjBBJUUyJTgwJTk5REFNJTIwVlIlMjBHYW1lJTIwJTI2JTIwUmFjZSUyMFBhcmslMjAlM0NiciUzRSUwQU92ZXJob2Vrc3BsZWluJTIwMTUlMjAlM0NiciUzRSUwQTEwMzElMjBLUyUyMEFtc3RlcmRhbSUyMCUzQ2JyJTNFJTBB&#8220; text=&#8220;Der A\u2019DAM VR Game Park befindet sich im legend\u00e4ren A\u2019DAM Tower und bietet eine vielf\u00e4ltige Auswahl an Erlebnissen, die von adrenalingeladenen Shootern \u00fcber Achterbahnfahrten bis hin zu H\u00f6henfl\u00fcgen reichen. Der Veranstaltungsort verf\u00fcgt \u00fcber modernste VR-Ger\u00e4te und eine energiegeladene Umgebung, die sich perfekt f\u00fcr Gruppenausfl\u00fcge oder Solo-Herausforderungen eignet. Seine zentrale Lage und die einzigartige Atmosph\u00e4re machen ihn zu einem Muss f\u00fcr Einheimische und Touristen, die gro\u00dfartige VR mit einem wirklich freundlichen Team erleben m\u00f6chten, das immer mit Rat und Tat zur Seite steht.&#8220; img=&#8220;2026684&#8243;][promo link=&#8220;url:https%3A%2F%2Fthingstodoinamsterdam.com%2Fde%2Fgrachtenfahrt-amsterdam%2Fvr-reise-bootstour%2F|title:VR%20Bootstour&#8220; address=&#8220;JTNDYnIlM0UlMjBWUiUyMFZveWFnZSUyMCUzQ2JyJTNFJTBBTGVpZHNla2FkZSUyMDEwMCUyMCUzQ2JyJTNFJTBBMTAxN1BQJTIwQW1zdGVyZGFtJTIwJTNDYnIlM0U=&#8220; text=&#8220;Neu! Reise 400 Jahre zur\u00fcck in der Zeit mit dieser Virtual-Reality-Bootstour, bei der du deine Umgebung (360\u00b0) so erleben kannst, wie sie w\u00e4hrend des niederl\u00e4ndischen Goldenen Zeitalters war. Eine Grachtenfahrt ist ein absolutes Muss in Amsterdam! Diese neue VR-Tour ist spannender als eine gew\u00f6hnliche Bootstour. W\u00e4hrend der Fahrt kannst du ganz einfach in die Vergangenheit reisen \u2013 setz einfach die VR-Brille auf.&#8220; img=&#8220;2027208&#8243;][promo link=&#8220;title:Lightning%20VR&#8220; address=&#8220;JTNDYnIlM0UlMjBMaWdodG5pbmclMjBWUiUyMCUzQ2JyJTNFJTBBQXN0ZXJ3ZWclMjAxOUUxJTIwJTNDYnIlM0UlMEExMDMxJTIwSEwlMjBBbXN0ZXJkYW0lM0NiciUzRSUwQQ==&#8220; text=&#8220;Lightning VR Amsterdam wird f\u00fcr seine aufregenden Free-Roam-Abenteuer mit speziell in ihrem Studio entwickelten Spielen hoch bewertet. Sie haben eine gro\u00dfe Sammlung von immersiven Titeln, so dass Sie ein hochintensives, filmisches VR-Erlebnis erwarten k\u00f6nnen. Der Veranstaltungsort ist in zwei Teile unterteilt &#8211; der eine ist ein 200 m2 gro\u00dfes Spielzimmer, der andere verf\u00fcgt \u00fcber eine Bar, Billardtische und Arcade-Spiele. Gut zu wissen ist, dass es auch kinderfreundliche Shooter-Spiele gibt.&#8220; img=&#8220;2026914&#8243;][promo link=&#8220;title:VR%20Gamehouse%20(VRGH)&#8220; address=&#8220;JTNDYnIlM0UlMjBWUiUyMEdhbWVob3VzZSUyMCUyOFZSR0glMjklMjAlM0NiciUzRSUwQUd5cm9zY29vcHdlZyUyMDEwMiUyMCUzQ2JyJTNFJTBBMTA0MiUyMEFYJTIwQW1zdGVyZGFtJTIwJTNDYnIlM0UlMEE=&#8220; text=&#8220;VR GameHouse Amsterdam bietet eine intimere, aber ebenso immersive Umgebung, die auf Gruppenspiele und Herausforderungen im Stil von Escape Rooms zugeschnitten ist. Dieser Veranstaltungsort kombiniert eine gem\u00fctliche Atmosph\u00e4re mit einem ausgekl\u00fcgelten Setup, ideal f\u00fcr Multiplayer-Erlebnisse. Dies ist ein Top-Spot f\u00fcr Veranstaltungen oder Partys, und Sie k\u00f6nnen Ihren VR-Spa\u00df mit Top-DJs, Drinks und Tanz kombinieren.&#8220; img=&#8220;2026970&#8243;][promo link=&#8220;title:VR%20Experience%20Amsterdam&#8220; address=&#8220;JTNDYnIlM0UlMjBWUiUyMEV4cGVyaWVuY2UlMjBBbXN0ZXJkYW0lMjAlM0NiciUzRSUwQVRvbSUyMFNjaHJldXJzd2VnJTIwMTAtRCUyMCUzQ2JyJTNFJTBBMTA2NyUyME1DJTIwQW1zdGVyZGFtJTIwJTNDYnIlM0UlMEElMEElMEE=&#8220; text=&#8220;VR Experience Amsterdam konzentriert sich auf immersive Escape-Room- und Abenteuerszenarien und schafft multisensorische Erlebnisse, die ideal f\u00fcr Freunde und Firmenveranstaltungen sind, da die Erlebnisse so angepasst sind, dass sie Teamwork und Probleml\u00f6sung f\u00f6rdern. Die angebotenen Spiele sind Cops vs Robbers, ein aufregendes Shooter-Spiel f\u00fcr 2 bis 6 Spieler, und Cook\u2019d UP, bei dem es darum geht, die ungeduldigen Kunden so schnell wie m\u00f6glich zu bedienen.&#8220; img=&#8220;2026949&#8243;][promo link=&#8220;title:VR%20Amsterdam&#8220; address=&#8220;JTNDYnIlM0UlMjBWUiUyMEFtc3RlcmRhbSUyMCUzQ2JyJTNFJTBBRHVpdmVuZHJlY2h0c2VrYWRlJTIwMzYlMjAlM0NiciUzRSUwQTEwOTYlMjBBSCUyMEFtc3RlcmRhbSUyMCUwQQ==&#8220; text=&#8220;VR Amsterdam bietet eine breite Palette an Spielen f\u00fcr Gelegenheitsspieler und erfahrene Enthusiasten. Der Veranstaltungsort verf\u00fcgt \u00fcber eine sich st\u00e4ndig ver\u00e4ndernde Spielebibliothek und eine offene Umgebung, die Ihr Reaktionsverm\u00f6gen und Ihr strategisches Denken herausfordert. Mit einer freundlichen und entspannten Atmosph\u00e4re ist VR Amsterdam eine gute Option f\u00fcr alle, die in die Welt der virtuellen Realit\u00e4t eintauchen m\u00f6chten.&#8220; img=&#8220;2026976&#8243;][promo link=&#8220;title:Zero%20Latency&#8220; address=&#8220;JTNDYnIlM0UlMjBaZXJvJTIwTGF0ZW5jeSUyMCUzQ2JyJTNFJTBBTWVldXdlbmxhYW4lMjAxMjIlMjAlM0NiciUzRSUwQTEwMjElMjBKTiUyMEFtc3RlcmRhbSUyMCUzQ2JyJTNFJTBB&#8220; text=&#8220;Zero Latency VR bietet Gr\u00f6\u00dfe, Geschwindigkeit und vollst\u00e4ndiges Eintauchen. Es ist ein erstklassiger Free-Roam-VR-Veranstaltungsort mit gro\u00dfen, kabellosen Arenen, in denen sich Teams bewegen, Strategien entwickeln und gemeinsam in virtuellen Abenteuern k\u00e4mpfen k\u00f6nnen. Erwarten Sie intensive und rasante Missionen &#8211; vom \u00dcberleben eines Virenausbruchs bis zum Kampf gegen Aliens. Zero Latency ist perfekt f\u00fcr Nervenkitzel-Suchende, Teamplayer und alle, die sich nach einem adrenalingeladenen Erlebnis sehnen.&#8220; img=&#8220;2026954&#8243;][promo link=&#8220;title:The%20Park%20Playground&#8220; address=&#8220;JTNDYnIlM0UlMjBUaGUlMjBQYXJrJTIwUGxheWdyb3VuZCUyMCUzQ2JyJTNFJTBBUmlnYWthZGUlMjAxMCUwQTEwMTMlMjBCQyUyMEFtc3RlcmRhbSUyMCUzQ2JyJTNFJTBBJTBBJTBBJTBB&#8220; text=&#8220;The Park Playground ist spezialisiert auf von Geschichten getriebene Missionen und weitl\u00e4ufige Free-Roam-Arenen, die die Spieler einladen, in fantastische Welten einzutauchen. Der Veranstaltungsort ist f\u00fcr Anf\u00e4nger und erfahrene Spieler geeignet und bietet aufregende Spiele wie einen Escape Room, eine VR-Schlacht, eine Rettungsmission und eine Alien-Schlacht. Jedes Spiel ist so realit\u00e4tsnah, wie man es erwarten kann, und Sie sind herzlich eingeladen, sich nach dem Spielen in der Bar zu entspannen, um abzuschalten &#8211; und in die Realit\u00e4t zur\u00fcckzukehren.&#8220; img=&#8220;2026924&#8243;][promo link=&#8220;url:https%3A%2F%2Fthingstodoinamsterdam.com%2Faloha-bowling-minigolf-laser-tag-amsterdam%2F|title:Aloha%20VR&#8220; address=&#8220;JTNDYnIlM0UlMjBBbG9oYSUyMFZSJTIwJTNDYnIlM0UlMEFEZSUyMFJ1eXRlcmthZGUlMjAxNTElMjAlM0NiciUzRSUwQTEwMTElMjBBQyUyMEFtc3RlcmRhbSUyMCUzQ2JyJTNFJTBBJTBBJTBBJTBBJTBB&#8220; text=&#8220;Aloha VR liegt im pulsierenden Aloha-Unterhaltungszentrum und bietet eine unterhaltsame und festliche Variante des VR-Gamings. Hier wird die Aufregung der virtuellen Realit\u00e4t mit anderen Aktivit\u00e4ten wie Bowling, Laser Tag und zwanglosem Essen kombiniert, was es zu einem unterhaltsamen Ausflug f\u00fcr Familien, Freunde oder Firmengruppen macht. Seine lebendige Atmosph\u00e4re und das vielf\u00e4ltige Angebot machen es zu einem idealen Ort f\u00fcr alle, die High-Tech-Gaming mit einer Party-Atmosph\u00e4re verbinden m\u00f6chten.&#8220; img=&#8220;2026904&#8243;][\/promo_block][\/vc_column][\/vc_row][vc_row][vc_column][g_map heading=&#8220;VR-Erlebnisse auf der Stadtkarte&#8220; el_id=&#8220;1744705770633-f9f2755d-21d7&#8243;]<iframe src=\"https:\/\/www.google.com\/maps\/d\/embed?mid=1iAAfz0HN0BgWlnFePzhqt5lVcmhgl0A&amp;ehbc=2E312F\"><\/iframe>[\/g_map][\/vc_column][\/vc_row][vc_row][vc_column][vc_column_text css=&#8220;&#8220;]<\/p>\n<h3>Tipps f\u00fcr den Besuch von VR-Zentren in Amsterdam<\/h3>\n<h4>1. Bleiben Sie in Ihrer VR-Komfortzone<\/h4>\n<p>VR kann intensiv sein; wenn Sie ein Neuling sind, w\u00e4hlen Sie Erlebnisse, die dazu passen. Sprechen Sie mit den Mitarbeitern vor Ort, um herauszufinden, was besser zu Ihnen passt &#8211; es ist normalerweise f\u00fcr jeden etwas dabei. Wenn Sie zu Reisekrankheit neigen, fragen Sie die Mitarbeiter, welche Spiele station\u00e4rer oder weniger desorientierend sind.<\/p>\n<h4>2. Kommen Sie fr\u00fchzeitig an<\/h4>\n<p>Viele Veranstaltungsorte empfehlen, 10 bis 15 Minuten fr\u00fcher anzureisen, um einzuchecken und sich einweisen zu lassen.<\/p>\n<h4>3. Bequem anziehen<\/h4>\n<p>Tragen Sie bequeme Kleidung und Schuhe, die Bewegungsfreiheit erm\u00f6glichen, insbesondere in den frei begehbaren Bereichen.<\/p>\n<h4>4. Halten Sie sich an die Frist<\/h4>\n<p>Achten Sie auf Ihren Zeitrahmen, damit die n\u00e4chste Gruppe p\u00fcnktlich beginnen kann. Feiern Sie Ihren Gewinn au\u00dferhalb der Spielzone![\/vc_column_text][\/vc_column][\/vc_row][vc_row][vc_column][promo_block style_var=&#8220;style2&#8243; el_id=&#8220;1566375886183-4d56e822-4a99&#8243;][promo link=&#8220;url:https%3A%2F%2Fthingstodoinamsterdam.com%2Fde%2Fgrachtenfahrt-amsterdam%2F|title:Grachtenrundfahrt&#8220; text=&#8220;Setzen Sie die Segel und sehen Sie Amsterdam von den bezaubernden Grachten aus w\u00e4hrend einer herrlichen Grachtenfahrt!&#8220; img=&#8220;1524317&#8243;][promo link=&#8220;url:https%3A%2F%2Fthingstodoinamsterdam.com%2Fde%2Famsterdam-museen%2Fschifffahrtsmuseum-amsterdam%2F|title:Schifffahrtsmuseum&#8220; text=&#8220;Das Museum hat sich zum Ziel gesetzt, etwa 500 Jahre Seefahrtsgeschichte zu beleuchten.&#8220; img=&#8220;2026152&#8243;][promo link=&#8220;url:https%3A%2F%2Fthingstodoinamsterdam.com%2Fde%2Fgrachtenfahrt-amsterdam%2Fboot-mieten%2F|title:Boot%20mieten&#8220; text=&#8220;Wie cool w\u00e4re es, wenn du in Amsterdam ein Boot mieten und einfach selbst ohne F\u00fchrerschein durch die Grachten schippern k\u00f6nntest?&#8220; img=&#8220;1524935&#8243;][\/promo_block][\/vc_column][\/vc_row]<\/p>\n<\/div>","protected":false},"excerpt":{"rendered":"<p>[vc_row][vc_column][vc_column_text css=&#8220;&#8220;] Abgesehen von den gewundenen Grachten, den charmanten Br\u00fccken und den historischen Stra\u00dfen bietet Amsterdam auch einige der modernsten Virtual Reality (VR)-Erlebnisse. In der\u2026<\/p>\n","protected":false},"author":33,"featured_media":2026667,"parent":1521381,"menu_order":0,"comment_status":"closed","ping_status":"closed","template":"","meta":{"footnotes":""},"class_list":["post-2027223","page","type-page","status-publish","has-post-thumbnail","hentry"],"yoast_head":"<!-- This site is optimized with the Yoast SEO plugin v27.4 - https:\/\/yoast.com\/product\/yoast-seo-wordpress\/ -->\n<title>Die besten VR-Erlebnisse in Amsterdam - ThingstodoinAmsterdam.com<\/title>\n<meta name=\"description\" content=\"Discover the best VR gaming venues in Amsterdam! From free-roam adventures to VR games, explore where to play, compete and escape reality.\" \/>\n<meta name=\"robots\" content=\"index, follow, max-snippet:-1, max-image-preview:large, max-video-preview:-1\" \/>\n<link rel=\"canonical\" href=\"https:\/\/thingstodoinamsterdam.com\/de\/beste-attraktionen\/besten-vr-amsterdam\/\" \/>\n<meta property=\"og:locale\" content=\"de_DE\" \/>\n<meta property=\"og:type\" content=\"article\" \/>\n<meta property=\"og:title\" content=\"Die besten VR-Erlebnisse in Amsterdam - ThingstodoinAmsterdam.com\" \/>\n<meta property=\"og:description\" content=\"Discover the best VR gaming venues in Amsterdam! From free-roam adventures to VR games, explore where to play, compete and escape reality.\" \/>\n<meta property=\"og:url\" content=\"https:\/\/thingstodoinamsterdam.com\/de\/beste-attraktionen\/besten-vr-amsterdam\/\" \/>\n<meta property=\"og:site_name\" content=\"ThingstodoinAmsterdam.com\" \/>\n<meta property=\"article:publisher\" content=\"https:\/\/www.facebook.com\/thingstodoinamsterdamcom\" \/>\n<meta property=\"article:modified_time\" content=\"2025-09-01T13:03:32+00:00\" \/>\n<meta property=\"og:image\" content=\"https:\/\/thingstodoinamsterdam.com\/wp-content\/uploads\/2025\/04\/ADAM-VR-2-1.jpg\" \/>\n\t<meta property=\"og:image:width\" content=\"1200\" \/>\n\t<meta property=\"og:image:height\" content=\"900\" \/>\n\t<meta property=\"og:image:type\" content=\"image\/jpeg\" \/>\n<meta name=\"twitter:card\" content=\"summary_large_image\" \/>\n<meta name=\"twitter:label1\" content=\"Gesch\u00e4tzte Lesezeit\" \/>\n\t<meta name=\"twitter:data1\" content=\"7\u00a0Minuten\" \/>\n<script type=\"application\/ld+json\" class=\"yoast-schema-graph\">{\"@context\":\"https:\\\/\\\/schema.org\",\"@graph\":[{\"@type\":\"WebPage\",\"@id\":\"https:\\\/\\\/thingstodoinamsterdam.com\\\/de\\\/beste-attraktionen\\\/besten-vr-amsterdam\\\/\",\"url\":\"https:\\\/\\\/thingstodoinamsterdam.com\\\/de\\\/beste-attraktionen\\\/besten-vr-amsterdam\\\/\",\"name\":\"Die besten VR-Erlebnisse in Amsterdam - ThingstodoinAmsterdam.com\",\"isPartOf\":{\"@id\":\"https:\\\/\\\/thingstodoinamsterdam.com\\\/de\\\/#website\"},\"primaryImageOfPage\":{\"@id\":\"https:\\\/\\\/thingstodoinamsterdam.com\\\/de\\\/beste-attraktionen\\\/besten-vr-amsterdam\\\/#primaryimage\"},\"image\":{\"@id\":\"https:\\\/\\\/thingstodoinamsterdam.com\\\/de\\\/beste-attraktionen\\\/besten-vr-amsterdam\\\/#primaryimage\"},\"thumbnailUrl\":\"https:\\\/\\\/thingstodoinamsterdam.com\\\/wp-content\\\/uploads\\\/2025\\\/04\\\/ADAM-VR-2-1.jpg\",\"datePublished\":\"2025-04-11T09:52:07+00:00\",\"dateModified\":\"2025-09-01T13:03:32+00:00\",\"description\":\"Discover the best VR gaming venues in Amsterdam! From free-roam adventures to VR games, explore where to play, compete and escape reality.\",\"breadcrumb\":{\"@id\":\"https:\\\/\\\/thingstodoinamsterdam.com\\\/de\\\/beste-attraktionen\\\/besten-vr-amsterdam\\\/#breadcrumb\"},\"inLanguage\":\"de\",\"potentialAction\":[{\"@type\":\"ReadAction\",\"target\":[\"https:\\\/\\\/thingstodoinamsterdam.com\\\/de\\\/beste-attraktionen\\\/besten-vr-amsterdam\\\/\"]}]},{\"@type\":\"ImageObject\",\"inLanguage\":\"de\",\"@id\":\"https:\\\/\\\/thingstodoinamsterdam.com\\\/de\\\/beste-attraktionen\\\/besten-vr-amsterdam\\\/#primaryimage\",\"url\":\"https:\\\/\\\/thingstodoinamsterdam.com\\\/wp-content\\\/uploads\\\/2025\\\/04\\\/ADAM-VR-2-1.jpg\",\"contentUrl\":\"https:\\\/\\\/thingstodoinamsterdam.com\\\/wp-content\\\/uploads\\\/2025\\\/04\\\/ADAM-VR-2-1.jpg\",\"width\":1200,\"height\":900,\"caption\":\"A'DAM VR gaming Amsterdam\"},{\"@type\":\"BreadcrumbList\",\"@id\":\"https:\\\/\\\/thingstodoinamsterdam.com\\\/de\\\/beste-attraktionen\\\/besten-vr-amsterdam\\\/#breadcrumb\",\"itemListElement\":[{\"@type\":\"ListItem\",\"position\":1,\"name\":\"Machen in Amsterdam\",\"item\":\"https:\\\/\\\/thingstodoinamsterdam.com\\\/de\\\/\"},{\"@type\":\"ListItem\",\"position\":2,\"name\":\"Die besten Attraktionen in Amsterdam\",\"item\":\"https:\\\/\\\/thingstodoinamsterdam.com\\\/de\\\/beste-attraktionen\\\/\"},{\"@type\":\"ListItem\",\"position\":3,\"name\":\"Die besten VR-Erlebnisse in Amsterdam\"}]},{\"@type\":\"WebSite\",\"@id\":\"https:\\\/\\\/thingstodoinamsterdam.com\\\/de\\\/#website\",\"url\":\"https:\\\/\\\/thingstodoinamsterdam.com\\\/de\\\/\",\"name\":\"ThingstodoinAmsterdam.com\",\"description\":\"Amsterdam&#039;s highlights and hidden secrets\",\"publisher\":{\"@id\":\"https:\\\/\\\/thingstodoinamsterdam.com\\\/de\\\/#organization\"},\"potentialAction\":[{\"@type\":\"SearchAction\",\"target\":{\"@type\":\"EntryPoint\",\"urlTemplate\":\"https:\\\/\\\/thingstodoinamsterdam.com\\\/de\\\/?s={search_term_string}\"},\"query-input\":{\"@type\":\"PropertyValueSpecification\",\"valueRequired\":true,\"valueName\":\"search_term_string\"}}],\"inLanguage\":\"de\"},{\"@type\":\"Organization\",\"@id\":\"https:\\\/\\\/thingstodoinamsterdam.com\\\/de\\\/#organization\",\"name\":\"Machen in Amsterdam\",\"url\":\"https:\\\/\\\/thingstodoinamsterdam.com\\\/de\\\/\",\"logo\":{\"@type\":\"ImageObject\",\"inLanguage\":\"de\",\"@id\":\"https:\\\/\\\/thingstodoinamsterdam.com\\\/de\\\/#\\\/schema\\\/logo\\\/image\\\/\",\"url\":\"https:\\\/\\\/thingstodoinamsterdam.com\\\/wp-content\\\/uploads\\\/2025\\\/02\\\/ThingsToDoInAmsterdam-Favicon-logo.png\",\"contentUrl\":\"https:\\\/\\\/thingstodoinamsterdam.com\\\/wp-content\\\/uploads\\\/2025\\\/02\\\/ThingsToDoInAmsterdam-Favicon-logo.png\",\"width\":512,\"height\":512,\"caption\":\"Machen in Amsterdam\"},\"image\":{\"@id\":\"https:\\\/\\\/thingstodoinamsterdam.com\\\/de\\\/#\\\/schema\\\/logo\\\/image\\\/\"},\"sameAs\":[\"https:\\\/\\\/www.facebook.com\\\/thingstodoinamsterdamcom\"]}]}<\/script>\n<!-- \/ Yoast SEO plugin. -->","yoast_head_json":{"title":"Die besten VR-Erlebnisse in Amsterdam - ThingstodoinAmsterdam.com","description":"Discover the best VR gaming venues in Amsterdam! From free-roam adventures to VR games, explore where to play, compete and escape reality.","robots":{"index":"index","follow":"follow","max-snippet":"max-snippet:-1","max-image-preview":"max-image-preview:large","max-video-preview":"max-video-preview:-1"},"canonical":"https:\/\/thingstodoinamsterdam.com\/de\/beste-attraktionen\/besten-vr-amsterdam\/","og_locale":"de_DE","og_type":"article","og_title":"Die besten VR-Erlebnisse in Amsterdam - ThingstodoinAmsterdam.com","og_description":"Discover the best VR gaming venues in Amsterdam! From free-roam adventures to VR games, explore where to play, compete and escape reality.","og_url":"https:\/\/thingstodoinamsterdam.com\/de\/beste-attraktionen\/besten-vr-amsterdam\/","og_site_name":"ThingstodoinAmsterdam.com","article_publisher":"https:\/\/www.facebook.com\/thingstodoinamsterdamcom","article_modified_time":"2025-09-01T13:03:32+00:00","og_image":[{"width":1200,"height":900,"url":"https:\/\/thingstodoinamsterdam.com\/wp-content\/uploads\/2025\/04\/ADAM-VR-2-1.jpg","type":"image\/jpeg"}],"twitter_card":"summary_large_image","twitter_misc":{"Gesch\u00e4tzte Lesezeit":"7\u00a0Minuten"},"schema":{"@context":"https:\/\/schema.org","@graph":[{"@type":"WebPage","@id":"https:\/\/thingstodoinamsterdam.com\/de\/beste-attraktionen\/besten-vr-amsterdam\/","url":"https:\/\/thingstodoinamsterdam.com\/de\/beste-attraktionen\/besten-vr-amsterdam\/","name":"Die besten VR-Erlebnisse in Amsterdam - ThingstodoinAmsterdam.com","isPartOf":{"@id":"https:\/\/thingstodoinamsterdam.com\/de\/#website"},"primaryImageOfPage":{"@id":"https:\/\/thingstodoinamsterdam.com\/de\/beste-attraktionen\/besten-vr-amsterdam\/#primaryimage"},"image":{"@id":"https:\/\/thingstodoinamsterdam.com\/de\/beste-attraktionen\/besten-vr-amsterdam\/#primaryimage"},"thumbnailUrl":"https:\/\/thingstodoinamsterdam.com\/wp-content\/uploads\/2025\/04\/ADAM-VR-2-1.jpg","datePublished":"2025-04-11T09:52:07+00:00","dateModified":"2025-09-01T13:03:32+00:00","description":"Discover the best VR gaming venues in Amsterdam! From free-roam adventures to VR games, explore where to play, compete and escape reality.","breadcrumb":{"@id":"https:\/\/thingstodoinamsterdam.com\/de\/beste-attraktionen\/besten-vr-amsterdam\/#breadcrumb"},"inLanguage":"de","potentialAction":[{"@type":"ReadAction","target":["https:\/\/thingstodoinamsterdam.com\/de\/beste-attraktionen\/besten-vr-amsterdam\/"]}]},{"@type":"ImageObject","inLanguage":"de","@id":"https:\/\/thingstodoinamsterdam.com\/de\/beste-attraktionen\/besten-vr-amsterdam\/#primaryimage","url":"https:\/\/thingstodoinamsterdam.com\/wp-content\/uploads\/2025\/04\/ADAM-VR-2-1.jpg","contentUrl":"https:\/\/thingstodoinamsterdam.com\/wp-content\/uploads\/2025\/04\/ADAM-VR-2-1.jpg","width":1200,"height":900,"caption":"A'DAM VR gaming Amsterdam"},{"@type":"BreadcrumbList","@id":"https:\/\/thingstodoinamsterdam.com\/de\/beste-attraktionen\/besten-vr-amsterdam\/#breadcrumb","itemListElement":[{"@type":"ListItem","position":1,"name":"Machen in Amsterdam","item":"https:\/\/thingstodoinamsterdam.com\/de\/"},{"@type":"ListItem","position":2,"name":"Die besten Attraktionen in Amsterdam","item":"https:\/\/thingstodoinamsterdam.com\/de\/beste-attraktionen\/"},{"@type":"ListItem","position":3,"name":"Die besten VR-Erlebnisse in Amsterdam"}]},{"@type":"WebSite","@id":"https:\/\/thingstodoinamsterdam.com\/de\/#website","url":"https:\/\/thingstodoinamsterdam.com\/de\/","name":"ThingstodoinAmsterdam.com","description":"Amsterdam&#039;s highlights and hidden secrets","publisher":{"@id":"https:\/\/thingstodoinamsterdam.com\/de\/#organization"},"potentialAction":[{"@type":"SearchAction","target":{"@type":"EntryPoint","urlTemplate":"https:\/\/thingstodoinamsterdam.com\/de\/?s={search_term_string}"},"query-input":{"@type":"PropertyValueSpecification","valueRequired":true,"valueName":"search_term_string"}}],"inLanguage":"de"},{"@type":"Organization","@id":"https:\/\/thingstodoinamsterdam.com\/de\/#organization","name":"Machen in Amsterdam","url":"https:\/\/thingstodoinamsterdam.com\/de\/","logo":{"@type":"ImageObject","inLanguage":"de","@id":"https:\/\/thingstodoinamsterdam.com\/de\/#\/schema\/logo\/image\/","url":"https:\/\/thingstodoinamsterdam.com\/wp-content\/uploads\/2025\/02\/ThingsToDoInAmsterdam-Favicon-logo.png","contentUrl":"https:\/\/thingstodoinamsterdam.com\/wp-content\/uploads\/2025\/02\/ThingsToDoInAmsterdam-Favicon-logo.png","width":512,"height":512,"caption":"Machen in Amsterdam"},"image":{"@id":"https:\/\/thingstodoinamsterdam.com\/de\/#\/schema\/logo\/image\/"},"sameAs":["https:\/\/www.facebook.com\/thingstodoinamsterdamcom"]}]}},"_links":{"self":[{"href":"https:\/\/thingstodoinamsterdam.com\/de\/wp-json\/wp\/v2\/pages\/2027223","targetHints":{"allow":["GET"]}}],"collection":[{"href":"https:\/\/thingstodoinamsterdam.com\/de\/wp-json\/wp\/v2\/pages"}],"about":[{"href":"https:\/\/thingstodoinamsterdam.com\/de\/wp-json\/wp\/v2\/types\/page"}],"author":[{"embeddable":true,"href":"https:\/\/thingstodoinamsterdam.com\/de\/wp-json\/wp\/v2\/users\/33"}],"replies":[{"embeddable":true,"href":"https:\/\/thingstodoinamsterdam.com\/de\/wp-json\/wp\/v2\/comments?post=2027223"}],"version-history":[{"count":5,"href":"https:\/\/thingstodoinamsterdam.com\/de\/wp-json\/wp\/v2\/pages\/2027223\/revisions"}],"predecessor-version":[{"id":2027226,"href":"https:\/\/thingstodoinamsterdam.com\/de\/wp-json\/wp\/v2\/pages\/2027223\/revisions\/2027226"}],"up":[{"embeddable":true,"href":"https:\/\/thingstodoinamsterdam.com\/de\/wp-json\/wp\/v2\/pages\/1521381"}],"wp:featuredmedia":[{"embeddable":true,"href":"https:\/\/thingstodoinamsterdam.com\/de\/wp-json\/wp\/v2\/media\/2026667"}],"wp:attachment":[{"href":"https:\/\/thingstodoinamsterdam.com\/de\/wp-json\/wp\/v2\/media?parent=2027223"}],"curies":[{"name":"wp","href":"https:\/\/api.w.org\/{rel}","templated":true}]}}