{"id":2027489,"date":"2025-06-10T11:27:29","date_gmt":"2025-06-10T09:27:29","guid":{"rendered":"https:\/\/thingstodoinamsterdam.com\/?page_id=2027489"},"modified":"2025-06-10T14:22:50","modified_gmt":"2025-06-10T12:22:50","slug":"cocktail-cruise","status":"publish","type":"page","link":"https:\/\/thingstodoinamsterdam.com\/de\/grachtenfahrt-amsterdam\/stromma\/cocktail-cruise\/","title":{"rendered":"Cocktail cruise &#8211; Stromma"},"content":{"rendered":"<div class=\"wpb-content-wrapper\"><p>[vc_row][vc_column][buttonsticky title=&#8220;Buche deine Cocktail Cruise bei Stromma&#8220; link=&#8220;https:\/\/thingstodoinamsterdam.com\/ticketlinkde-cocktailcruise-stromma-std&#8220; target=&#8220;true&#8220; nofollow=&#8220;true&#8220; el_id=&#8220;1722005386472-5ab5eef9-f515&#8243;][\/vc_column][\/vc_row][vc_row][vc_column width=&#8220;2\/3&#8243;][vc_column_text css=&#8220;&#8220;]Wir haben Amsterdam aus nahezu jedem Blickwinkel erlebt \u2013 zu Fu\u00df, mit dem Fahrrad, von D\u00e4chern, aus Trams und Bussen \u2013 aber nichts kommt dem Anblick vom Wasser aus gleich. Die Stadt bekommt vom Kanal aus einen ganz eigenen Rhythmus, und wenn du das mit dem warmen Licht der Goldenen Stunde, einem perfekt gemixten Cocktail und der ruhigen Energie der Stadt kombinierst, entsteht ein unvergessliches Erlebnis.<\/p><div id=\"ez-toc-container\" class=\"ez-toc-v2_0_82_2 counter-hierarchy ez-toc-counter ez-toc-custom ez-toc-container-direction\">\n<div class=\"ez-toc-title-container\">\n<span class=\"ez-toc-title-toggle\"><a href=\"#\" class=\"ez-toc-pull-right ez-toc-btn ez-toc-btn-xs ez-toc-btn-default ez-toc-toggle\" aria-label=\"Toggle Table of Content\"><span class=\"ez-toc-js-icon-con\"><span class=\"\"><span class=\"eztoc-hide\" style=\"display:none;\">Toggle<\/span><span class=\"ez-toc-icon-toggle-span\"><svg style=\"fill: #999;color:#999\" xmlns=\"http:\/\/www.w3.org\/2000\/svg\" class=\"list-377408\" width=\"20px\" height=\"20px\" viewBox=\"0 0 24 24\" fill=\"none\"><path d=\"M6 6H4v2h2V6zm14 0H8v2h12V6zM4 11h2v2H4v-2zm16 0H8v2h12v-2zM4 16h2v2H4v-2zm16 0H8v2h12v-2z\" fill=\"currentColor\"><\/path><\/svg><svg style=\"fill: #999;color:#999\" class=\"arrow-unsorted-368013\" xmlns=\"http:\/\/www.w3.org\/2000\/svg\" width=\"10px\" height=\"10px\" viewBox=\"0 0 24 24\" version=\"1.2\" baseProfile=\"tiny\"><path d=\"M18.2 9.3l-6.2-6.3-6.2 6.3c-.2.2-.3.4-.3.7s.1.5.3.7c.2.2.4.3.7.3h11c.3 0 .5-.1.7-.3.2-.2.3-.5.3-.7s-.1-.5-.3-.7zM5.8 14.7l6.2 6.3 6.2-6.3c.2-.2.3-.5.3-.7s-.1-.5-.3-.7c-.2-.2-.4-.3-.7-.3h-11c-.3 0-.5.1-.7.3-.2.2-.3.5-.3.7s.1.5.3.7z\"\/><\/svg><\/span><\/span><\/span><\/a><\/span><\/div>\n<nav><ul class='ez-toc-list ez-toc-list-level-1 ' ><li class='ez-toc-page-1 ez-toc-heading-level-2'><a class=\"ez-toc-link ez-toc-heading-1\" href=\"https:\/\/thingstodoinamsterdam.com\/de\/grachtenfahrt-amsterdam\/stromma\/cocktail-cruise\/#an-bord-der-stromma-cocktail-cruise\" >An Bord der Stromma Cocktail Cruise<\/a><\/li><li class='ez-toc-page-1 ez-toc-heading-level-2'><a class=\"ez-toc-link ez-toc-heading-2\" href=\"https:\/\/thingstodoinamsterdam.com\/de\/grachtenfahrt-amsterdam\/stromma\/cocktail-cruise\/#unsere-erfahrung\" >Unsere Erfahrung<\/a><\/li><\/ul><\/nav><\/div>\n\n<p>Diese Erinnerungen haben wir auf der <strong>Cocktail Cruise von Stromma<\/strong> gesammelt \u2013 eine 75-min\u00fctige Fahrt durch die historischen Wasserwege der Stadt, mit einem erfrischenden Cocktail in der Hand. Stromma bietet eine Vielzahl an <a href=\"https:\/\/thingstodoinamsterdam.com\/de\/grachtenfahrt-amsterdam\/\">Grachtsfahrten in Amsterdam<\/a> an, da ist wirklich f\u00fcr jeden etwas dabei \u2013 von K\u00e4se- und Weinkreuzfahrten \u00fcber Pizza-Cruises bis hin zu offenen Booten und Tretbooten.<\/p>\n<p>Stromma Netherlands ist Teil der schwedischen Str\u00f6mma-Gruppe mit Wurzeln bis ins Jahr 1912, unter anderem durch die historischen Amsterdamer Reedereien Rederij Bergmann und Meijer\u2019s Rondvaarten. Heute ist Stromma ein fester Bestandteil des Kanaltourismus in Amsterdam \u2013 gut erkennbar an den Booten mit dem gelben Streifen, dem Schriftzug \u201cCanal Tours Amsterdam\u201d und dem markanten roten \u201eS\u201c-Logo.<\/p>\n<p><strong>&gt;&gt;&gt;<\/strong> Neugierig auf unser Fazit? Springe direkt zu unserer <a href=\"#experience\"><strong>Bewertung.<\/strong><\/a>[\/vc_column_text][\/vc_column][vc_column width=&#8220;1\/3&#8243;][vc_single_image image=&#8220;2027172&#8243; img_size=&#8220;full&#8220; alignment=&#8220;center&#8220; css=&#8220;&#8220;][vc_column_text css=&#8220;&#8220;]<em>Der Abfahrtspunkt der Stromma Cocktail Cruise am Damrak, im Zentrum von Amsterdam.<\/em>[\/vc_column_text][\/vc_column][\/vc_row][vc_row][vc_column][button title=&#8220;Buche deine Cocktail Cruise bei Stromma&#8220; link=&#8220;https:\/\/thingstodoinamsterdam.com\/ticketlinkde-cocktailcruise-stromma-std&#8220; icon=&#8220;fa fa-solid fa-angles-right&#8220; button_align=&#8220;center&#8220; target=&#8220;true&#8220; nofollow=&#8220;true&#8220; el_id=&#8220;1715359069789-13c6ea6d-a6f7&#8243;][vc_column_text css=&#8220;&#8220;]<\/p>\n<p style=\"text-align: center;\">\u2013 Buche deine Fahrt mit unserem exklusiven Rabattcode <strong><mark>&#8218;THINGSTODO10&#8216;<\/mark><\/strong> und erhalte 10% Extra-Rabatt \u2013<\/p>\n<p>[\/vc_column_text][\/vc_column][\/vc_row][vc_row][vc_column width=&#8220;1\/2&#8243;][vc_single_image image=&#8220;2027087&#8243; img_size=&#8220;full&#8220; alignment=&#8220;center&#8220; css=&#8220;&#8220;][vc_column_text css=&#8220;&#8220;]<em>Snacks und Men\u00fc bei der Ankunft.<\/em>[\/vc_column_text][\/vc_column][vc_column width=&#8220;1\/2&#8243;][vc_single_image image=&#8220;2027445&#8243; img_size=&#8220;full&#8220; alignment=&#8220;center&#8220; css=&#8220;&#8220;][vc_column_text css=&#8220;&#8220;]<em>Du kannst aus einer Auswahl gro\u00dfartiger Cocktails w\u00e4hlen.<\/em>[\/vc_column_text][\/vc_column][\/vc_row][vc_row][vc_column width=&#8220;2\/3&#8243;][vc_column_text css=&#8220;&#8220;]<\/p>\n<h2><span class=\"ez-toc-section\" id=\"an-bord-der-stromma-cocktail-cruise\"><\/span>An Bord der Stromma Cocktail Cruise<span class=\"ez-toc-section-end\"><\/span><\/h2>\n<p>Bei der Ankunft kannst du direkt aus einer Auswahl an Cocktails und Mocktails bestellen. Die Karte f\u00fcr unsere Grachtenfahrt umfasste:<br \/>\nCocktails: Pornstar Martini, Espresso Martini und Lala Paloma.<br \/>\nGin &amp; Tonics: Dry Gin und Pink Gin Optionen.<br \/>\nMocktails: Passion Mojito und Spiced Mule<br \/>\nJeder Tisch hat au\u00dferdem kostenlose Oliven und Nachos mit Salsa, an denen du w\u00e4hrend der Fahrt knabbern kannst. Bitte beachte, dass sich die Karte \u00e4ndern kann. Wenn du dir Sorgen machst, was angeboten wird, kannst du dich bei der Buchung bei Stromma erkundigen.<br \/>\nW\u00e4hrend du durch die malerischen Grachten Amsterdams f\u00e4hrst, siehst du einige der sch\u00f6nsten Wahrzeichen der Stadt. Ob im Sommer mit seiner herrlichen &#8222;goldenen Stunde&#8220; oder im Winter mit seinem wundersch\u00f6nen Glanz, jede Jahreszeit bietet etwas Einzigartiges &#8211; von Bl\u00fcten und Weihnachtslichtern bis hin zu Sonnenstrahlen und feurigen Herbstbl\u00e4ttern.<br \/>\nDie Grachtenfahrt beinhaltet in der Regel Sehensw\u00fcrdigkeiten wie das Nemo Science Centre, Grachtenh\u00e4user aus dem 17. Jahrhundert, die Magere Brug und andere Br\u00fccken.[\/vc_column_text][\/vc_column][vc_column width=&#8220;1\/3&#8243;][vc_single_image image=&#8220;2027017&#8243; img_size=&#8220;full&#8220; alignment=&#8220;center&#8220; css=&#8220;&#8220;][vc_column_text css=&#8220;&#8220;]<em>Nemo Science Museum.<\/em>[\/vc_column_text][vc_single_image image=&#8220;2027027&#8243; img_size=&#8220;full&#8220; css=&#8220;&#8220;][vc_column_text css=&#8220;&#8220;]<em><a href=\"https:\/\/thingstodoinamsterdam.com\/de\/amsterdam-museen\/schifffahrtsmuseum-amsterdam\/\">Het Scheepvaartmusuem<\/a>\/Das Schifffahrtsmuseum<\/em>[\/vc_column_text][\/vc_column][\/vc_row][vc_row][vc_column width=&#8220;1\/2&#8243;][vc_single_image image=&#8220;2027032&#8243; img_size=&#8220;full&#8220; alignment=&#8220;center&#8220; css=&#8220;&#8220;][vc_column_text]<em>Malerische Stadtansichten von Amsterdam, wundersch\u00f6n beleuchtet f\u00fcr einen unvergesslichen Abend auf dem Wasser.<\/em>[\/vc_column_text][\/vc_column][vc_column width=&#8220;1\/2&#8243;][vc_single_image image=&#8220;2027042&#8243; img_size=&#8220;full&#8220; alignment=&#8220;center&#8220; css=&#8220;&#8220;][vc_column_text]<em>Ein freier Blick auf die Magere Brug.<\/em>[\/vc_column_text][\/vc_column][\/vc_row][vc_row][vc_column width=&#8220;1\/2&#8243;][vc_single_image image=&#8220;2027057&#8243; img_size=&#8220;full&#8220; alignment=&#8220;center&#8220; css=&#8220;&#8220;][vc_column_text css=&#8220;&#8220;]<em>Charmante Grachtenh\u00e4user.<\/em>[\/vc_column_text][\/vc_column][vc_column width=&#8220;1\/2&#8243;][vc_single_image image=&#8220;2027052&#8243; img_size=&#8220;full&#8220; alignment=&#8220;center&#8220; css=&#8220;&#8220;][vc_column_text css=&#8220;&#8220;]<em>Die Nationale Oper &amp; Ballett.<\/em>[\/vc_column_text][\/vc_column][\/vc_row][vc_row][vc_column width=&#8220;1\/2&#8243;][vc_single_image image=&#8220;2027147&#8243; img_size=&#8220;full&#8220; alignment=&#8220;center&#8220; css=&#8220;&#8220;][vc_column_text css=&#8220;&#8220;]<em>Zentrales Amsterdam.<\/em>[\/vc_column_text][\/vc_column][vc_column width=&#8220;1\/2&#8243;][vc_single_image image=&#8220;2027152&#8243; img_size=&#8220;full&#8220; alignment=&#8220;center&#8220; css=&#8220;&#8220;][vc_column_text css=&#8220;&#8220;]<em>R\u00fcckkehr zum Damrak, einem der meistfotografierten Orte der Stadt.<\/em>[\/vc_column_text][\/vc_column][\/vc_row][vc_row][vc_column][button title=&#8220;Buche deine Cocktail-Grachtenfahrt direkt bei Stromma&#8220; link=&#8220;https:\/\/thingstodoinamsterdam.com\/ticketlinkde-cocktailcruise-stromma-std&#8220; icon=&#8220;fa fa-solid fa-angles-right&#8220; button_align=&#8220;center&#8220; target=&#8220;true&#8220; nofollow=&#8220;true&#8220; el_id=&#8220;1715359602038-1888ca03-25a3&#8243;][vc_column_text css=&#8220;&#8220;]<\/p>\n<p style=\"text-align: center;\">&#8211; Buche deine Grachtenfahrt mit unserem exklusiven Rabattcode<strong> <mark>&#8218;THINGSTODO10&#8216;<\/mark><\/strong> und erhalte 10% Extra-Rabatt &#8211;<\/p>\n<p>[\/vc_column_text][\/vc_column][\/vc_row][vc_row][vc_column][vc_column_text css=&#8220;&#8220;]<\/p>\n<h2 id=\"experience\"><span class=\"ez-toc-section\" id=\"unsere-erfahrung\"><\/span>Unsere Erfahrung<span class=\"ez-toc-section-end\"><\/span><\/h2>\n<p>Als wir zum Dock zur\u00fcckkamen, f\u00fchlten wir uns entspannt und voller Energie, weil wir die Stadt auf diese neuartige und ruhige Weise gesehen hatten, und nat\u00fcrlich mit einem erfrischenden G&amp;T. Auf unserer Grachtenfahrt waren Paare und zwei kleine Gruppen, und es herrschte eine gute Atmosph\u00e4re, aber es war nicht zu laut &#8211; wir konnten immer noch h\u00f6ren, wie der Kapit\u00e4n sprach und interessante Fakten \u00fcber das erz\u00e4hlte, was wir sahen.<br \/>\nWenn du Amsterdam besuchst oder sogar hier wohnst und die Stadt aus einem neuen Blickwinkel sehen m\u00f6chtest, ist diese Grachtenfahrt eine sanfte Erinnerung daran, dass das Entschleunigen der beste Teil des Reisens sein kann.<br \/>\nEs ist eine sch\u00f6ne Erfahrung f\u00fcr Paare, die etwas feiern, und kleine Gruppen von Freunden und Reisenden, die eine Pause vom Sightseeing machen und die Stadt in einem neuen Licht genie\u00dfen m\u00f6chten. Es ist eine besonders gute Option, wenn du keine Lust auf eine laute Bar oder eine von Touristen \u00fcberlaufene Tour hast, aber Amsterdam trotzdem auf besondere Weise erleben m\u00f6chtest.[\/vc_column_text][\/vc_column][\/vc_row][vc_row][vc_column][reviews heading=&#8220;Stromma Cocktail Cruise Bewertungen&#8220; description=&#8220;Warst du schon auf der Cocktail Cruise von Stromma? Wir w\u00fcrden gerne von deinen Erfahrungen h\u00f6ren und ob du sie anderen Reisenden empfehlen w\u00fcrdest. Lass es uns unten wissen!&#8220; el_id=&#8220;1715686148341-8d645a2d-144b&#8220;][\/reviews][\/vc_column][\/vc_row]<\/p>\n<\/div>","protected":false},"excerpt":{"rendered":"<p>[vc_row][vc_column][buttonsticky title=&#8220;Buche deine Cocktail Cruise bei Stromma&#8220; link=&#8220;https:\/\/thingstodoinamsterdam.com\/ticketlinkde-cocktailcruise-stromma-std&#8220; target=&#8220;true&#8220; nofollow=&#8220;true&#8220; el_id=&#8220;1722005386472-5ab5eef9-f515&#8243;][\/vc_column][\/vc_row][vc_row][vc_column width=&#8220;2\/3&#8243;][vc_column_text css=&#8220;&#8220;]Wir haben Amsterdam aus nahezu jedem Blickwinkel erlebt \u2013 zu Fu\u00df, mit dem\u2026<\/p>\n","protected":false},"author":1,"featured_media":2027448,"parent":1523663,"menu_order":0,"comment_status":"closed","ping_status":"closed","template":"","meta":{"footnotes":""},"class_list":["post-2027489","page","type-page","status-publish","has-post-thumbnail","hentry"],"yoast_head":"<!-- This site is optimized with the Yoast SEO plugin v27.3 - https:\/\/yoast.com\/product\/yoast-seo-wordpress\/ -->\n<title>Cocktail cruise - Stromma - ThingstodoinAmsterdam.com<\/title>\n<meta name=\"robots\" content=\"index, follow, max-snippet:-1, max-image-preview:large, max-video-preview:-1\" \/>\n<link rel=\"canonical\" href=\"https:\/\/thingstodoinamsterdam.com\/de\/grachtenfahrt-amsterdam\/stromma\/cocktail-cruise\/\" \/>\n<meta property=\"og:locale\" content=\"de_DE\" \/>\n<meta property=\"og:type\" content=\"article\" \/>\n<meta property=\"og:title\" content=\"Cocktail cruise - Stromma - ThingstodoinAmsterdam.com\" \/>\n<meta property=\"og:description\" content=\"[vc_row][vc_column][buttonsticky title=&#8220;Buche deine Cocktail Cruise bei Stromma&#8220; link=&#8220;https:\/\/thingstodoinamsterdam.com\/ticketlinkde-cocktailcruise-stromma-std&#8220; target=&#8220;true&#8220; nofollow=&#8220;true&#8220; el_id=&#8220;1722005386472-5ab5eef9-f515&#8243;][\/vc_column][\/vc_row][vc_row][vc_column width=&#8220;2\/3&#8243;][vc_column_text css=&#8220;&#8220;]Wir haben Amsterdam aus nahezu jedem Blickwinkel erlebt \u2013 zu Fu\u00df, mit dem\u2026\" \/>\n<meta property=\"og:url\" content=\"https:\/\/thingstodoinamsterdam.com\/de\/grachtenfahrt-amsterdam\/stromma\/cocktail-cruise\/\" \/>\n<meta property=\"og:site_name\" content=\"ThingstodoinAmsterdam.com\" \/>\n<meta property=\"article:publisher\" content=\"https:\/\/www.facebook.com\/thingstodoinamsterdamcom\" \/>\n<meta property=\"article:modified_time\" content=\"2025-06-10T12:22:50+00:00\" \/>\n<meta property=\"og:image\" content=\"https:\/\/thingstodoinamsterdam.com\/wp-content\/uploads\/2025\/06\/Stromma-cocktail-cruise-1.jpg\" \/>\n\t<meta property=\"og:image:width\" content=\"1200\" \/>\n\t<meta property=\"og:image:height\" content=\"900\" \/>\n\t<meta property=\"og:image:type\" content=\"image\/jpeg\" \/>\n<meta name=\"twitter:card\" content=\"summary_large_image\" \/>\n<meta name=\"twitter:label1\" content=\"Gesch\u00e4tzte Lesezeit\" \/>\n\t<meta name=\"twitter:data1\" content=\"4\u00a0Minuten\" \/>\n<script type=\"application\/ld+json\" class=\"yoast-schema-graph\">{\"@context\":\"https:\\\/\\\/schema.org\",\"@graph\":[{\"@type\":\"WebPage\",\"@id\":\"https:\\\/\\\/thingstodoinamsterdam.com\\\/de\\\/grachtenfahrt-amsterdam\\\/stromma\\\/cocktail-cruise\\\/\",\"url\":\"https:\\\/\\\/thingstodoinamsterdam.com\\\/de\\\/grachtenfahrt-amsterdam\\\/stromma\\\/cocktail-cruise\\\/\",\"name\":\"Cocktail cruise - Stromma - ThingstodoinAmsterdam.com\",\"isPartOf\":{\"@id\":\"https:\\\/\\\/thingstodoinamsterdam.com\\\/de\\\/#website\"},\"primaryImageOfPage\":{\"@id\":\"https:\\\/\\\/thingstodoinamsterdam.com\\\/de\\\/grachtenfahrt-amsterdam\\\/stromma\\\/cocktail-cruise\\\/#primaryimage\"},\"image\":{\"@id\":\"https:\\\/\\\/thingstodoinamsterdam.com\\\/de\\\/grachtenfahrt-amsterdam\\\/stromma\\\/cocktail-cruise\\\/#primaryimage\"},\"thumbnailUrl\":\"https:\\\/\\\/thingstodoinamsterdam.com\\\/wp-content\\\/uploads\\\/2025\\\/06\\\/Stromma-cocktail-cruise-1.jpg\",\"datePublished\":\"2025-06-10T09:27:29+00:00\",\"dateModified\":\"2025-06-10T12:22:50+00:00\",\"breadcrumb\":{\"@id\":\"https:\\\/\\\/thingstodoinamsterdam.com\\\/de\\\/grachtenfahrt-amsterdam\\\/stromma\\\/cocktail-cruise\\\/#breadcrumb\"},\"inLanguage\":\"de\",\"potentialAction\":[{\"@type\":\"ReadAction\",\"target\":[\"https:\\\/\\\/thingstodoinamsterdam.com\\\/de\\\/grachtenfahrt-amsterdam\\\/stromma\\\/cocktail-cruise\\\/\"]}]},{\"@type\":\"ImageObject\",\"inLanguage\":\"de\",\"@id\":\"https:\\\/\\\/thingstodoinamsterdam.com\\\/de\\\/grachtenfahrt-amsterdam\\\/stromma\\\/cocktail-cruise\\\/#primaryimage\",\"url\":\"https:\\\/\\\/thingstodoinamsterdam.com\\\/wp-content\\\/uploads\\\/2025\\\/06\\\/Stromma-cocktail-cruise-1.jpg\",\"contentUrl\":\"https:\\\/\\\/thingstodoinamsterdam.com\\\/wp-content\\\/uploads\\\/2025\\\/06\\\/Stromma-cocktail-cruise-1.jpg\",\"width\":1200,\"height\":900,\"caption\":\"Stromma cocktail cruise Amsterdam\"},{\"@type\":\"BreadcrumbList\",\"@id\":\"https:\\\/\\\/thingstodoinamsterdam.com\\\/de\\\/grachtenfahrt-amsterdam\\\/stromma\\\/cocktail-cruise\\\/#breadcrumb\",\"itemListElement\":[{\"@type\":\"ListItem\",\"position\":1,\"name\":\"Machen in Amsterdam\",\"item\":\"https:\\\/\\\/thingstodoinamsterdam.com\\\/de\\\/\"},{\"@type\":\"ListItem\",\"position\":2,\"name\":\"Grachtenfahrt Amsterdam\",\"item\":\"https:\\\/\\\/thingstodoinamsterdam.com\\\/de\\\/grachtenfahrt-amsterdam\\\/\"},{\"@type\":\"ListItem\",\"position\":3,\"name\":\"Stromma Grachtenfahrten\",\"item\":\"https:\\\/\\\/thingstodoinamsterdam.com\\\/de\\\/grachtenfahrt-amsterdam\\\/stromma\\\/\"},{\"@type\":\"ListItem\",\"position\":4,\"name\":\"Cocktail cruise &#8211; Stromma\"}]},{\"@type\":\"WebSite\",\"@id\":\"https:\\\/\\\/thingstodoinamsterdam.com\\\/de\\\/#website\",\"url\":\"https:\\\/\\\/thingstodoinamsterdam.com\\\/de\\\/\",\"name\":\"ThingstodoinAmsterdam.com\",\"description\":\"Amsterdam&#039;s highlights and hidden secrets\",\"publisher\":{\"@id\":\"https:\\\/\\\/thingstodoinamsterdam.com\\\/de\\\/#organization\"},\"potentialAction\":[{\"@type\":\"SearchAction\",\"target\":{\"@type\":\"EntryPoint\",\"urlTemplate\":\"https:\\\/\\\/thingstodoinamsterdam.com\\\/de\\\/?s={search_term_string}\"},\"query-input\":{\"@type\":\"PropertyValueSpecification\",\"valueRequired\":true,\"valueName\":\"search_term_string\"}}],\"inLanguage\":\"de\"},{\"@type\":\"Organization\",\"@id\":\"https:\\\/\\\/thingstodoinamsterdam.com\\\/de\\\/#organization\",\"name\":\"Machen in Amsterdam\",\"url\":\"https:\\\/\\\/thingstodoinamsterdam.com\\\/de\\\/\",\"logo\":{\"@type\":\"ImageObject\",\"inLanguage\":\"de\",\"@id\":\"https:\\\/\\\/thingstodoinamsterdam.com\\\/de\\\/#\\\/schema\\\/logo\\\/image\\\/\",\"url\":\"https:\\\/\\\/thingstodoinamsterdam.com\\\/wp-content\\\/uploads\\\/2025\\\/02\\\/ThingsToDoInAmsterdam-Favicon-logo.png\",\"contentUrl\":\"https:\\\/\\\/thingstodoinamsterdam.com\\\/wp-content\\\/uploads\\\/2025\\\/02\\\/ThingsToDoInAmsterdam-Favicon-logo.png\",\"width\":512,\"height\":512,\"caption\":\"Machen in Amsterdam\"},\"image\":{\"@id\":\"https:\\\/\\\/thingstodoinamsterdam.com\\\/de\\\/#\\\/schema\\\/logo\\\/image\\\/\"},\"sameAs\":[\"https:\\\/\\\/www.facebook.com\\\/thingstodoinamsterdamcom\"]}]}<\/script>\n<!-- \/ Yoast SEO plugin. -->","yoast_head_json":{"title":"Cocktail cruise - Stromma - ThingstodoinAmsterdam.com","robots":{"index":"index","follow":"follow","max-snippet":"max-snippet:-1","max-image-preview":"max-image-preview:large","max-video-preview":"max-video-preview:-1"},"canonical":"https:\/\/thingstodoinamsterdam.com\/de\/grachtenfahrt-amsterdam\/stromma\/cocktail-cruise\/","og_locale":"de_DE","og_type":"article","og_title":"Cocktail cruise - Stromma - ThingstodoinAmsterdam.com","og_description":"[vc_row][vc_column][buttonsticky title=&#8220;Buche deine Cocktail Cruise bei Stromma&#8220; link=&#8220;https:\/\/thingstodoinamsterdam.com\/ticketlinkde-cocktailcruise-stromma-std&#8220; target=&#8220;true&#8220; nofollow=&#8220;true&#8220; el_id=&#8220;1722005386472-5ab5eef9-f515&#8243;][\/vc_column][\/vc_row][vc_row][vc_column width=&#8220;2\/3&#8243;][vc_column_text css=&#8220;&#8220;]Wir haben Amsterdam aus nahezu jedem Blickwinkel erlebt \u2013 zu Fu\u00df, mit dem\u2026","og_url":"https:\/\/thingstodoinamsterdam.com\/de\/grachtenfahrt-amsterdam\/stromma\/cocktail-cruise\/","og_site_name":"ThingstodoinAmsterdam.com","article_publisher":"https:\/\/www.facebook.com\/thingstodoinamsterdamcom","article_modified_time":"2025-06-10T12:22:50+00:00","og_image":[{"width":1200,"height":900,"url":"https:\/\/thingstodoinamsterdam.com\/wp-content\/uploads\/2025\/06\/Stromma-cocktail-cruise-1.jpg","type":"image\/jpeg"}],"twitter_card":"summary_large_image","twitter_misc":{"Gesch\u00e4tzte Lesezeit":"4\u00a0Minuten"},"schema":{"@context":"https:\/\/schema.org","@graph":[{"@type":"WebPage","@id":"https:\/\/thingstodoinamsterdam.com\/de\/grachtenfahrt-amsterdam\/stromma\/cocktail-cruise\/","url":"https:\/\/thingstodoinamsterdam.com\/de\/grachtenfahrt-amsterdam\/stromma\/cocktail-cruise\/","name":"Cocktail cruise - Stromma - ThingstodoinAmsterdam.com","isPartOf":{"@id":"https:\/\/thingstodoinamsterdam.com\/de\/#website"},"primaryImageOfPage":{"@id":"https:\/\/thingstodoinamsterdam.com\/de\/grachtenfahrt-amsterdam\/stromma\/cocktail-cruise\/#primaryimage"},"image":{"@id":"https:\/\/thingstodoinamsterdam.com\/de\/grachtenfahrt-amsterdam\/stromma\/cocktail-cruise\/#primaryimage"},"thumbnailUrl":"https:\/\/thingstodoinamsterdam.com\/wp-content\/uploads\/2025\/06\/Stromma-cocktail-cruise-1.jpg","datePublished":"2025-06-10T09:27:29+00:00","dateModified":"2025-06-10T12:22:50+00:00","breadcrumb":{"@id":"https:\/\/thingstodoinamsterdam.com\/de\/grachtenfahrt-amsterdam\/stromma\/cocktail-cruise\/#breadcrumb"},"inLanguage":"de","potentialAction":[{"@type":"ReadAction","target":["https:\/\/thingstodoinamsterdam.com\/de\/grachtenfahrt-amsterdam\/stromma\/cocktail-cruise\/"]}]},{"@type":"ImageObject","inLanguage":"de","@id":"https:\/\/thingstodoinamsterdam.com\/de\/grachtenfahrt-amsterdam\/stromma\/cocktail-cruise\/#primaryimage","url":"https:\/\/thingstodoinamsterdam.com\/wp-content\/uploads\/2025\/06\/Stromma-cocktail-cruise-1.jpg","contentUrl":"https:\/\/thingstodoinamsterdam.com\/wp-content\/uploads\/2025\/06\/Stromma-cocktail-cruise-1.jpg","width":1200,"height":900,"caption":"Stromma cocktail cruise Amsterdam"},{"@type":"BreadcrumbList","@id":"https:\/\/thingstodoinamsterdam.com\/de\/grachtenfahrt-amsterdam\/stromma\/cocktail-cruise\/#breadcrumb","itemListElement":[{"@type":"ListItem","position":1,"name":"Machen in Amsterdam","item":"https:\/\/thingstodoinamsterdam.com\/de\/"},{"@type":"ListItem","position":2,"name":"Grachtenfahrt Amsterdam","item":"https:\/\/thingstodoinamsterdam.com\/de\/grachtenfahrt-amsterdam\/"},{"@type":"ListItem","position":3,"name":"Stromma Grachtenfahrten","item":"https:\/\/thingstodoinamsterdam.com\/de\/grachtenfahrt-amsterdam\/stromma\/"},{"@type":"ListItem","position":4,"name":"Cocktail cruise &#8211; Stromma"}]},{"@type":"WebSite","@id":"https:\/\/thingstodoinamsterdam.com\/de\/#website","url":"https:\/\/thingstodoinamsterdam.com\/de\/","name":"ThingstodoinAmsterdam.com","description":"Amsterdam&#039;s highlights and hidden secrets","publisher":{"@id":"https:\/\/thingstodoinamsterdam.com\/de\/#organization"},"potentialAction":[{"@type":"SearchAction","target":{"@type":"EntryPoint","urlTemplate":"https:\/\/thingstodoinamsterdam.com\/de\/?s={search_term_string}"},"query-input":{"@type":"PropertyValueSpecification","valueRequired":true,"valueName":"search_term_string"}}],"inLanguage":"de"},{"@type":"Organization","@id":"https:\/\/thingstodoinamsterdam.com\/de\/#organization","name":"Machen in Amsterdam","url":"https:\/\/thingstodoinamsterdam.com\/de\/","logo":{"@type":"ImageObject","inLanguage":"de","@id":"https:\/\/thingstodoinamsterdam.com\/de\/#\/schema\/logo\/image\/","url":"https:\/\/thingstodoinamsterdam.com\/wp-content\/uploads\/2025\/02\/ThingsToDoInAmsterdam-Favicon-logo.png","contentUrl":"https:\/\/thingstodoinamsterdam.com\/wp-content\/uploads\/2025\/02\/ThingsToDoInAmsterdam-Favicon-logo.png","width":512,"height":512,"caption":"Machen in Amsterdam"},"image":{"@id":"https:\/\/thingstodoinamsterdam.com\/de\/#\/schema\/logo\/image\/"},"sameAs":["https:\/\/www.facebook.com\/thingstodoinamsterdamcom"]}]}},"_links":{"self":[{"href":"https:\/\/thingstodoinamsterdam.com\/de\/wp-json\/wp\/v2\/pages\/2027489","targetHints":{"allow":["GET"]}}],"collection":[{"href":"https:\/\/thingstodoinamsterdam.com\/de\/wp-json\/wp\/v2\/pages"}],"about":[{"href":"https:\/\/thingstodoinamsterdam.com\/de\/wp-json\/wp\/v2\/types\/page"}],"author":[{"embeddable":true,"href":"https:\/\/thingstodoinamsterdam.com\/de\/wp-json\/wp\/v2\/users\/1"}],"replies":[{"embeddable":true,"href":"https:\/\/thingstodoinamsterdam.com\/de\/wp-json\/wp\/v2\/comments?post=2027489"}],"version-history":[{"count":5,"href":"https:\/\/thingstodoinamsterdam.com\/de\/wp-json\/wp\/v2\/pages\/2027489\/revisions"}],"predecessor-version":[{"id":2027510,"href":"https:\/\/thingstodoinamsterdam.com\/de\/wp-json\/wp\/v2\/pages\/2027489\/revisions\/2027510"}],"up":[{"embeddable":true,"href":"https:\/\/thingstodoinamsterdam.com\/de\/wp-json\/wp\/v2\/pages\/1523663"}],"wp:featuredmedia":[{"embeddable":true,"href":"https:\/\/thingstodoinamsterdam.com\/de\/wp-json\/wp\/v2\/media\/2027448"}],"wp:attachment":[{"href":"https:\/\/thingstodoinamsterdam.com\/de\/wp-json\/wp\/v2\/media?parent=2027489"}],"curies":[{"name":"wp","href":"https:\/\/api.w.org\/{rel}","templated":true}]}}