{"id":2028135,"date":"2025-07-08T12:43:31","date_gmt":"2025-07-08T10:43:31","guid":{"rendered":"https:\/\/thingstodoinamsterdam.com\/?page_id=2028135"},"modified":"2026-04-02T10:30:59","modified_gmt":"2026-04-02T08:30:59","slug":"hotel-amsterdam","status":"publish","type":"page","link":"https:\/\/thingstodoinamsterdam.com\/de\/hotel-amsterdam\/","title":{"rendered":"Hotel Amsterdam"},"content":{"rendered":"<div class=\"wpb-content-wrapper\"><p>[vc_row][vc_column][vc_column_text]Da jedes Jahr \u00fcber 10 Millionen Touristen Amsterdam besuchen, suchen viele Menschen nach einem Hotel in Amsterdam. Um dieser riesigen Nachfrage nach Hotelbetten gerecht zu werden, gibt es in Amsterdam \u00fcber 400 Hotels. Trotz der 400 Amsterdamer Hotels mit 55.000 Betten kann es immer noch eine Herausforderung sein, eine preiswerte Unterkunft zu finden. Besonders in der Hochsaison von Ende April bis Oktober k\u00f6nnen die Preise f\u00fcr ein Zimmer oder sogar ein Bett im Schlafsaal in die H\u00f6he schie\u00dfen. Juli und August sind die belebtesten und teuersten Monate. Auch an Feiertagen wie Ostern und Weihnachten sind die Preise am h\u00f6chsten. Zum Beispiel kann das Osterwochenende doppelt so teuer sein wie das Wochenende danach. Daher ist es sinnvoll, deine Reise sorgf\u00e4ltig zu planen, wenn du mit einem begrenzten Budget reist. Wenn du im Voraus buchst, hast du eine gr\u00f6\u00dfere Auswahl an Hotels und Preisen. Wenn du in einer unvergesslichen, einzigartigen Unterkunft \u00fcbernachten m\u00f6chtest, wie zum Beispiel einem <a href=\"https:\/\/thingstodoinamsterdam.com\/de\/blog\/hausboot-mieten-fur-ubernachtung\/\">Aufenthalt auf einem Hausboot in den Grachten<\/a>, solltest du so fr\u00fch wie m\u00f6glich buchen, da diese schnell ausgebucht sind! Wenn du einen Luxusurlaub planst, solltest du dir unseren Artikel \u00fcber die <a href=\"https:\/\/thingstodoinamsterdam.com\/de\/blog\/die-14-besten-luxushotels-in-amsterdam\/\">besten Luxushotels in Amsterdam<\/a> nicht entgehen lassen!          <\/p><div id=\"ez-toc-container\" class=\"ez-toc-v2_0_82_2 counter-hierarchy ez-toc-counter ez-toc-custom ez-toc-container-direction\">\n<div class=\"ez-toc-title-container\">\n<span class=\"ez-toc-title-toggle\"><a href=\"#\" class=\"ez-toc-pull-right ez-toc-btn ez-toc-btn-xs ez-toc-btn-default ez-toc-toggle\" aria-label=\"Toggle Table of Content\"><span class=\"ez-toc-js-icon-con\"><span class=\"\"><span class=\"eztoc-hide\" style=\"display:none;\">Toggle<\/span><span class=\"ez-toc-icon-toggle-span\"><svg style=\"fill: #999;color:#999\" xmlns=\"http:\/\/www.w3.org\/2000\/svg\" class=\"list-377408\" width=\"20px\" height=\"20px\" viewBox=\"0 0 24 24\" fill=\"none\"><path d=\"M6 6H4v2h2V6zm14 0H8v2h12V6zM4 11h2v2H4v-2zm16 0H8v2h12v-2zM4 16h2v2H4v-2zm16 0H8v2h12v-2z\" fill=\"currentColor\"><\/path><\/svg><svg style=\"fill: #999;color:#999\" class=\"arrow-unsorted-368013\" xmlns=\"http:\/\/www.w3.org\/2000\/svg\" width=\"10px\" height=\"10px\" viewBox=\"0 0 24 24\" version=\"1.2\" baseProfile=\"tiny\"><path d=\"M18.2 9.3l-6.2-6.3-6.2 6.3c-.2.2-.3.4-.3.7s.1.5.3.7c.2.2.4.3.7.3h11c.3 0 .5-.1.7-.3.2-.2.3-.5.3-.7s-.1-.5-.3-.7zM5.8 14.7l6.2 6.3 6.2-6.3c.2-.2.3-.5.3-.7s-.1-.5-.3-.7c-.2-.2-.4-.3-.7-.3h-11c-.3 0-.5.1-.7.3-.2.2-.3.5-.3.7s.1.5.3.7z\"\/><\/svg><\/span><\/span><\/span><\/a><\/span><\/div>\n<nav><ul class='ez-toc-list ez-toc-list-level-1 ' ><li class='ez-toc-page-1 ez-toc-heading-level-2'><a class=\"ez-toc-link ez-toc-heading-1\" href=\"https:\/\/thingstodoinamsterdam.com\/de\/hotel-amsterdam\/#so-findest-du-das-passende-hotel-in-amsterdam\" >So findest du das passende Hotel in Amsterdam<\/a><\/li><li class='ez-toc-page-1 ez-toc-heading-level-2'><a class=\"ez-toc-link ez-toc-heading-2\" href=\"https:\/\/thingstodoinamsterdam.com\/de\/hotel-amsterdam\/#die-besten-hotels-in-amsterdam\" >Die besten Hotels in Amsterdam<\/a><\/li><li class='ez-toc-page-1 ez-toc-heading-level-2'><a class=\"ez-toc-link ez-toc-heading-3\" href=\"https:\/\/thingstodoinamsterdam.com\/de\/hotel-amsterdam\/#guenstige-hotels-in-amsterdam\" >G\u00fcnstige Hotels in Amsterdam<\/a><\/li><\/ul><\/nav><\/div>\n\n<div id=\"gtx-trans\" style=\"position: absolute; left: 146px; top: 110.667px;\">\n<div class=\"gtx-trans-icon\"><\/div>\n<\/div>\n<p>[\/vc_column_text][button title=&#8220;Schau dir die empfohlenen Hotels in Amsterdam auf Booking.com an&#8220; link=&#8220;https:\/\/thingstodoinamsterdam.com\/ticketlink-amsterdamhotel-booking-std&#8220; icon=&#8220;&#8220; button_align=&#8220;center&#8220; target=&#8220;true&#8220; nofollow=&#8220;true&#8220; el_id=&#8220;1661529258704-426fe517-a817&#8243;][vc_single_image image=&#8220;516360&#8243; img_size=&#8220;full&#8220; alignment=&#8220;center&#8220; css=&#8220;&#8220;][vc_column_text]<\/p>\n<h2><span class=\"ez-toc-section\" id=\"so-findest-du-das-passende-hotel-in-amsterdam\"><\/span>So findest du das passende Hotel in Amsterdam<span class=\"ez-toc-section-end\"><\/span><\/h2>\n<p>Wenn du nach einem Hotel suchst, wirst du wahrscheinlich nach einer bestimmten Preisklasse Ausschau halten. Aber neben dem Preis empfehlen wir dir, auch auf ein paar andere Dinge zu achten. Du solltest auch ber\u00fccksichtigen, was du unternehmen m\u00f6chtest. Obwohl der <a href=\"https:\/\/thingstodoinamsterdam.com\/transport\/amsterdam-public-transport\/\">\u00f6ffentliche Nahverkehr<\/a> gut organisiert ist, fahren nachts keine U-Bahnen und Stra\u00dfenbahnen. Wenn du also vorhast, in Clubs zu gehen, solltest du vielleicht etwas mehr f\u00fcr <a href=\"https:\/\/thingstodoinamsterdam.com\/hotel-amsterdam\/hotels-in-amsterdam-city-centre\/\">ein Hotel im Zentrum<\/a> bezahlen, anstatt das gesparte Geld f\u00fcr Taxis auszugeben. Wenn dir das Nachtleben hingegen egal ist, kannst du etwas Geld sparen und ein sch\u00f6nes, ruhiges Hotel au\u00dferhalb des Stadtzentrums w\u00e4hlen.     <\/p>\n<p>Ber\u00fccksichtige bei der Wahl eines Hotels die folgenden Aspekte:<\/p>\n<ul>\n<li>Lage des Hotels: Au\u00dferhalb des Zentrums bekommst du mehr f\u00fcr dein Geld \u2013 passt das zu deinen Pl\u00e4nen? Der Nachteil des Zentrums ist, dass es in der N\u00e4he der Pubs etwas laut sein kann. <\/li>\n<li>Art der Besucher: Einige Hotels sind eher f\u00fcr Gesch\u00e4ftsleute geeignet, w\u00e4hrend andere besser f\u00fcr junge, unternehmungslustige Leute passen. Wenn du andere Reisende treffen m\u00f6chtest, ist ein Hostel vielleicht eine gute Alternative. <\/li>\n<li>Ausstattung: Planst du, im Hotel zu fr\u00fchst\u00fccken? H\u00e4ttest du gerne eine Hotelbar? <\/li>\n<li>Bewertungen: Alle Hotels werben damit, sauber und komfortabel zu sein, aber die ehrlichsten und n\u00fctzlichsten Informationen findest du oft in den Bewertungen.<\/li>\n<\/ul>\n<p>[\/vc_column_text][button title=&#8220;Schau dir die empfohlenen Hotels in Amsterdam auf Booking.com an&#8220; link=&#8220;https:\/\/thingstodoinamsterdam.com\/ticketlink-amsterdamhotel-booking-std&#8220; icon=&#8220;&#8220; button_align=&#8220;center&#8220; target=&#8220;true&#8220; nofollow=&#8220;true&#8220; el_id=&#8220;1757671093133-2c60190a-65a9&#8243;][vc_column_text css=&#8220;&#8220;]Es gibt auch Websites wie <a href=\"https:\/\/thingstodoinamsterdam.com\/de\/hotel-amsterdam\/cozycozy\/\">CozyCozy<\/a>, die die Datenbanken mehrerer Buchungsportale nutzen. Sie sind auf einzigartige Standorte spezialisiert![\/vc_column_text][\/vc_column][\/vc_row][vc_row][vc_column][vc_single_image image=&#8220;516340&#8243; img_size=&#8220;full&#8220; alignment=&#8220;center&#8220; css=&#8220;&#8220;][vc_column_text]<\/p>\n<h2><span class=\"ez-toc-section\" id=\"die-besten-hotels-in-amsterdam\"><\/span>Die besten Hotels in Amsterdam<span class=\"ez-toc-section-end\"><\/span><\/h2>\n<p>Das wohl ber\u00fchmteste und ikonischste Hotel in Amsterdam ist das Amstel Hotel, das heute zur Intercontinental-Hotelgruppe geh\u00f6rt. Die Preise beginnen bei etwa 500 \u20ac pro Nacht. Mit etwas Gl\u00fcck findet man in der Nebensaison und bei fr\u00fchzeitiger Buchung ein Zimmer f\u00fcr 400 \u20ac. Obwohl das nach viel Geld klingt, bekommst du hier wirklich viel f\u00fcr dein Geld geboten. Dieses F\u00fcnf-Sterne-Hotel liegt an einem einzigartigen Ort mit Blick auf die Amstel. Das prachtvolle, monumentale Geb\u00e4ude wurde 1867 er\u00f6ffnet und bietet seitdem allen Luxus, den man sich w\u00fcnschen kann, einschlie\u00dflich eines Michelin-Sterne-Restaurants. Das macht das Amstel Hotel zur perfekten Wahl f\u00fcr eine Luxusreise nach Amsterdam, zum Beispiel f\u00fcr die Flitterwochen.      <\/p>\n<p>Entdecke unsere Liste der 14 Top-Hotels in Amsterdam. Wir haben nur die <a href=\"https:\/\/thingstodoinamsterdam.com\/de\/blog\/die-14-besten-luxushotels-in-amsterdam\/\">exklusivsten Luxushotels in Amsterdam<\/a> f\u00fcr dich ausgew\u00e4hlt. <\/p>\n<h3>Weitere erstklassige Hotels<\/h3>\n<p>Neben dem Amstel Hotel gibt es noch weitere erstklassige Hotels, die den gleichen hohen Standard an Gastfreundschaft bieten. Hier findest du \u00e4hnlichen Luxus zu einem besseren Preis. Wenn du also auf das Preis-Leistungs-Verh\u00e4ltnis achtest, sind sie eine hervorragende Alternative. Schau dir diese herausragenden Alternativen zum Amstel Hotel an:   <\/p>\n<ul>\n<li><strong>De L&#8217;Europe Hotel<\/strong>: Vielleicht genauso sch\u00f6n wie das Amstel Hotel. Es liegt im Zentrum, in der N\u00e4he des Ausgehviertels am Rembrandtplein. Das Hotel verf\u00fcgt \u00fcber eine wundersch\u00f6ne Terrasse am Wasser und ein Restaurant mit 2 Michelin-Sternen. Dar\u00fcber hinaus findest du hier ein Wellnesscenter, ein Spa, einen Fitnessraum und einen Swimmingpool.   <\/li>\n<li><strong>Conservatorium Hotel<\/strong>: Luxushotel im Zentrum am Museumplein. Die Einrichtung des Hotels ist modern. Zur Ausstattung geh\u00f6ren ein Spa, ein Fitnessraum, ein Swimmingpool und ein exzellentes Restaurant.  <\/li>\n<li><strong>Krasnapolsky Hotel<\/strong>: Da der Dam-Platz als das absolute Zentrum von Amsterdam gilt, hat das Krasnapolsky eine der besten Lagen \u00fcberhaupt. Es liegt direkt am Dam und bietet ger\u00e4umige Zimmer, ein Grand Caf\u00e9 und einen Wintergarten vor Ort. <\/li>\n<li><strong>Okura Hotel<\/strong>: Das Okura Hotel befindet sich in De Pijp, einem trendigen, entspannten Viertel knapp au\u00dferhalb des Stadtzentrums. Nach einem langen Tag wirst du dich hier v\u00f6llig zur Ruhe kommen. Genie\u00dfe eines der vier verschiedenen Restaurants im Hotel, die alle mit einem Michelin-Stern ausgezeichnet wurden, eines davon sogar mit zwei. Nach dem Abendessen kannst du einen Drink auf der Terrasse oder im japanischen Spa genie\u00dfen.   <\/li>\n<li><strong>Waldorf Astoria Hotel:<\/strong> Nicht so bekannt wie das Amstel Hotel, aber definitiv genauso fabelhaft. Das Waldorf Astoria Hotel liegt an einer der sch\u00f6nsten Grachten Amsterdams, der Herengracht. Es ist nur wenige hundert Meter vom Ausgehviertel am Rembrandtplein entfernt, aber die Zimmer sind angenehm ruhig. Zur Ausstattung geh\u00f6ren ein gro\u00dfer Garten, ein Spa und zwei mit Michelin-Sternen ausgezeichnete Restaurants.   <\/li>\n<\/ul>\n<p>[\/vc_column_text][button title=&#8220;Schau dir die besten Angebote f\u00fcr 4*- und 5*-Hotels in Amsterdam an&#8220; link=&#8220;https:\/\/thingstodoinamsterdam.com\/ticketlink-tophotel-booking-std&#8220; button_align=&#8220;center&#8220; target=&#8220;true&#8220; nofollow=&#8220;true&#8220; el_id=&#8220;1564747511197-6bf3dafc-86a1&#8243;][vc_column_text]<\/p>\n<h2><span class=\"ez-toc-section\" id=\"guenstige-hotels-in-amsterdam\"><\/span>G\u00fcnstige Hotels in Amsterdam<span class=\"ez-toc-section-end\"><\/span><\/h2>\n<p>Ein g\u00fcnstiges Hotel in Amsterdam zu finden, ist eine schwierige Aufgabe, und du fragst dich wahrscheinlich, <a href=\"https:\/\/thingstodoinamsterdam.com\/de\/?page_id=1520996\">wo man in Amsterdam am besten \u00fcbernachtet<\/a>? Wenn du weniger als 90 \u20ac pro Zimmer und Nacht ausgeben m\u00f6chtest, stelle dich darauf ein, einige Zugest\u00e4ndnisse machen zu m\u00fcssen. Das Hotel wird wahrscheinlich etwas au\u00dferhalb des Zentrums liegen, eine Bewertung von ein bis drei Sternen haben und deine Optionen werden begrenzt sein. Wenn du etwas mehr ausgeben kannst, solltest du etwa 120 \u20ac pro Nacht einplanen, da du dann mehr Auswahl und bessere Hotels zur Verf\u00fcgung hast.[\/vc_column_text][button title=&#8220;Schau dir die g\u00fcnstigsten Hotelangebote in Amsterdam an&#8220; link=&#8220;https:\/\/thingstodoinamsterdam.com\/ticketlink-cheaphotel-booking-std&#8220; icon=&#8220;&#8220; button_align=&#8220;center&#8220; target=&#8220;true&#8220; nofollow=&#8220;true&#8220; el_id=&#8220;1564747452850-0e0a2da1-c232&#8243;][vc_column_text]<\/p>\n<h3>Empfohlene g\u00fcnstige Hotels<\/h3>\n<p>Wie bereits erw\u00e4hnt, ist es recht schwierig, ein g\u00fcnstiges Hotel f\u00fcr unter 90 \u20ac pro Nacht zu finden. Es ist jedoch nicht unm\u00f6glich. Wir finden, dass du dir die folgenden Hotels ansehen solltest, wenn du nach einer relativ g\u00fcnstigen Unterkunft suchst:  <\/p>\n<ul>\n<li><strong>Amstel Botel<\/strong>: Ein einzigartiges Hotel auf einem Schiff. Die Zimmer sind klein und einfach, aber auch sauber und g\u00fcnstig. Das Amstel Botel liegt in Amsterdam Noord und ist mit einer (kostenlosen) 10-min\u00fctigen F\u00e4hre vom Amsterdamer Hauptbahnhof aus erreichbar. Nachts bietet das Hotel einen kostenlosen Shuttle-Service vom Hauptbahnhof an. Zur Ausstattung geh\u00f6ren eine Terrasse und eine Bar.    <\/li>\n<li><strong>ClinkNOORD Hostel<\/strong>: Neben Schlafs\u00e4len bietet dieses Hostel auch Privatzimmer an. Es ist ein idealer Ort f\u00fcr junge Leute, da es eine Bar mit regelm\u00e4\u00dfiger Live-Musik, DJs und Billardtischen gibt. Ein hervorragender Ort, um andere junge Reisende und Backpacker zu treffen.  <\/li>\n<li><strong>The Student Hotel:<\/strong> Dieses Hotel dient auch als vor\u00fcbergehende Unterkunft f\u00fcr Expats. Es liegt in Amsterdam West, hat aber eine h\u00e4ufige Stra\u00dfenbahnverbindung in mehrere Teile Amsteram, die nur wenige hundert Meter entfernt ist. Die Stra\u00dfenbahn bringt dich innerhalb von zwanzig Minuten ins Zentrum. Es gibt eine gro\u00dfe Lounge und einen Fitnessraum. Au\u00dferdem ist es ein perfekter Ort, um andere Leute kennenzulernen.    <\/li>\n<\/ul>\n<p>F\u00fcr weitere Tipps zu erschwinglichen Unterk\u00fcnften in Amsterdam solltest du auch <a href=\"https:\/\/thingstodoinamsterdam.com\/blog\/best-hostels-amsterdam\/\">diesen Artikel \u00fcber die besten Hostels in Amsterdam lesen<\/a>.[\/vc_column_text][\/vc_column][\/vc_row][vc_row][vc_column][vc_single_image image=&#8220;7552&#8243; img_size=&#8220;full&#8220; add_caption=&#8220;yes&#8220; alignment=&#8220;center&#8220;][\/vc_column][\/vc_row]<\/p>\n<\/div>","protected":false},"excerpt":{"rendered":"<p>[vc_row][vc_column][vc_column_text]Da jedes Jahr \u00fcber 10 Millionen Touristen Amsterdam besuchen, suchen viele Menschen nach einem Hotel in Amsterdam. Um dieser riesigen Nachfrage nach Hotelbetten gerecht zu\u2026<\/p>\n","protected":false},"author":1,"featured_media":8567,"parent":0,"menu_order":0,"comment_status":"closed","ping_status":"closed","template":"","meta":{"footnotes":""},"class_list":["post-2028135","page","type-page","status-publish","has-post-thumbnail","hentry"],"yoast_head":"<!-- This site is optimized with the Yoast SEO plugin v27.3 - https:\/\/yoast.com\/product\/yoast-seo-wordpress\/ -->\n<title>Hotel Amsterdam - ThingstodoinAmsterdam.com<\/title>\n<meta name=\"description\" content=\"Suchst du nach einem Hotel in Amsterdam? Schau dir diese Seite an, um mehr \u00fcber die besten Hotels, g\u00fcnstige Unterk\u00fcnfte und Alternativen zu erfahren. Wirf auch einen Blick auf unsere Empfehlungen!\" \/>\n<meta name=\"robots\" content=\"index, follow, max-snippet:-1, max-image-preview:large, max-video-preview:-1\" \/>\n<link rel=\"canonical\" href=\"https:\/\/thingstodoinamsterdam.com\/de\/hotel-amsterdam\/\" \/>\n<meta property=\"og:locale\" content=\"de_DE\" \/>\n<meta property=\"og:type\" content=\"article\" \/>\n<meta property=\"og:title\" content=\"Hotel Amsterdam - ThingstodoinAmsterdam.com\" \/>\n<meta property=\"og:description\" content=\"Suchst du nach einem Hotel in Amsterdam? Schau dir diese Seite an, um mehr \u00fcber die besten Hotels, g\u00fcnstige Unterk\u00fcnfte und Alternativen zu erfahren. Wirf auch einen Blick auf unsere Empfehlungen!\" \/>\n<meta property=\"og:url\" content=\"https:\/\/thingstodoinamsterdam.com\/de\/hotel-amsterdam\/\" \/>\n<meta property=\"og:site_name\" content=\"ThingstodoinAmsterdam.com\" \/>\n<meta property=\"article:publisher\" content=\"https:\/\/www.facebook.com\/thingstodoinamsterdamcom\" \/>\n<meta property=\"article:modified_time\" content=\"2026-04-02T08:30:59+00:00\" \/>\n<meta property=\"og:image\" content=\"https:\/\/thingstodoinamsterdam.com\/wp-content\/uploads\/2019\/08\/Amstel-Hotel-Amsterdam-1.jpg\" \/>\n\t<meta property=\"og:image:width\" content=\"800\" \/>\n\t<meta property=\"og:image:height\" content=\"532\" \/>\n\t<meta property=\"og:image:type\" content=\"image\/jpeg\" \/>\n<meta name=\"twitter:card\" content=\"summary_large_image\" \/>\n<meta name=\"twitter:label1\" content=\"Gesch\u00e4tzte Lesezeit\" \/>\n\t<meta name=\"twitter:data1\" content=\"6\u00a0Minuten\" \/>\n<script type=\"application\/ld+json\" class=\"yoast-schema-graph\">{\"@context\":\"https:\\\/\\\/schema.org\",\"@graph\":[{\"@type\":\"WebPage\",\"@id\":\"https:\\\/\\\/thingstodoinamsterdam.com\\\/de\\\/hotel-amsterdam\\\/\",\"url\":\"https:\\\/\\\/thingstodoinamsterdam.com\\\/de\\\/hotel-amsterdam\\\/\",\"name\":\"Hotel Amsterdam - ThingstodoinAmsterdam.com\",\"isPartOf\":{\"@id\":\"https:\\\/\\\/thingstodoinamsterdam.com\\\/de\\\/#website\"},\"primaryImageOfPage\":{\"@id\":\"https:\\\/\\\/thingstodoinamsterdam.com\\\/de\\\/hotel-amsterdam\\\/#primaryimage\"},\"image\":{\"@id\":\"https:\\\/\\\/thingstodoinamsterdam.com\\\/de\\\/hotel-amsterdam\\\/#primaryimage\"},\"thumbnailUrl\":\"https:\\\/\\\/thingstodoinamsterdam.com\\\/wp-content\\\/uploads\\\/2019\\\/08\\\/Amstel-Hotel-Amsterdam-1.jpg\",\"datePublished\":\"2025-07-08T10:43:31+00:00\",\"dateModified\":\"2026-04-02T08:30:59+00:00\",\"description\":\"Suchst du nach einem Hotel in Amsterdam? Schau dir diese Seite an, um mehr \u00fcber die besten Hotels, g\u00fcnstige Unterk\u00fcnfte und Alternativen zu erfahren. Wirf auch einen Blick auf unsere Empfehlungen!\",\"breadcrumb\":{\"@id\":\"https:\\\/\\\/thingstodoinamsterdam.com\\\/de\\\/hotel-amsterdam\\\/#breadcrumb\"},\"inLanguage\":\"de\",\"potentialAction\":[{\"@type\":\"ReadAction\",\"target\":[\"https:\\\/\\\/thingstodoinamsterdam.com\\\/de\\\/hotel-amsterdam\\\/\"]}]},{\"@type\":\"ImageObject\",\"inLanguage\":\"de\",\"@id\":\"https:\\\/\\\/thingstodoinamsterdam.com\\\/de\\\/hotel-amsterdam\\\/#primaryimage\",\"url\":\"https:\\\/\\\/thingstodoinamsterdam.com\\\/wp-content\\\/uploads\\\/2019\\\/08\\\/Amstel-Hotel-Amsterdam-1.jpg\",\"contentUrl\":\"https:\\\/\\\/thingstodoinamsterdam.com\\\/wp-content\\\/uploads\\\/2019\\\/08\\\/Amstel-Hotel-Amsterdam-1.jpg\",\"width\":800,\"height\":532,\"caption\":\"Amstel Hotel Amsterdam\"},{\"@type\":\"BreadcrumbList\",\"@id\":\"https:\\\/\\\/thingstodoinamsterdam.com\\\/de\\\/hotel-amsterdam\\\/#breadcrumb\",\"itemListElement\":[{\"@type\":\"ListItem\",\"position\":1,\"name\":\"Machen in Amsterdam\",\"item\":\"https:\\\/\\\/thingstodoinamsterdam.com\\\/de\\\/\"},{\"@type\":\"ListItem\",\"position\":2,\"name\":\"Hotel Amsterdam\"}]},{\"@type\":\"WebSite\",\"@id\":\"https:\\\/\\\/thingstodoinamsterdam.com\\\/de\\\/#website\",\"url\":\"https:\\\/\\\/thingstodoinamsterdam.com\\\/de\\\/\",\"name\":\"ThingstodoinAmsterdam.com\",\"description\":\"Amsterdam&#039;s highlights and hidden secrets\",\"publisher\":{\"@id\":\"https:\\\/\\\/thingstodoinamsterdam.com\\\/de\\\/#organization\"},\"potentialAction\":[{\"@type\":\"SearchAction\",\"target\":{\"@type\":\"EntryPoint\",\"urlTemplate\":\"https:\\\/\\\/thingstodoinamsterdam.com\\\/de\\\/?s={search_term_string}\"},\"query-input\":{\"@type\":\"PropertyValueSpecification\",\"valueRequired\":true,\"valueName\":\"search_term_string\"}}],\"inLanguage\":\"de\"},{\"@type\":\"Organization\",\"@id\":\"https:\\\/\\\/thingstodoinamsterdam.com\\\/de\\\/#organization\",\"name\":\"Machen in Amsterdam\",\"url\":\"https:\\\/\\\/thingstodoinamsterdam.com\\\/de\\\/\",\"logo\":{\"@type\":\"ImageObject\",\"inLanguage\":\"de\",\"@id\":\"https:\\\/\\\/thingstodoinamsterdam.com\\\/de\\\/#\\\/schema\\\/logo\\\/image\\\/\",\"url\":\"https:\\\/\\\/thingstodoinamsterdam.com\\\/wp-content\\\/uploads\\\/2025\\\/02\\\/ThingsToDoInAmsterdam-Favicon-logo.png\",\"contentUrl\":\"https:\\\/\\\/thingstodoinamsterdam.com\\\/wp-content\\\/uploads\\\/2025\\\/02\\\/ThingsToDoInAmsterdam-Favicon-logo.png\",\"width\":512,\"height\":512,\"caption\":\"Machen in Amsterdam\"},\"image\":{\"@id\":\"https:\\\/\\\/thingstodoinamsterdam.com\\\/de\\\/#\\\/schema\\\/logo\\\/image\\\/\"},\"sameAs\":[\"https:\\\/\\\/www.facebook.com\\\/thingstodoinamsterdamcom\"]}]}<\/script>\n<!-- \/ Yoast SEO plugin. -->","yoast_head_json":{"title":"Hotel Amsterdam - ThingstodoinAmsterdam.com","description":"Suchst du nach einem Hotel in Amsterdam? Schau dir diese Seite an, um mehr \u00fcber die besten Hotels, g\u00fcnstige Unterk\u00fcnfte und Alternativen zu erfahren. Wirf auch einen Blick auf unsere Empfehlungen!","robots":{"index":"index","follow":"follow","max-snippet":"max-snippet:-1","max-image-preview":"max-image-preview:large","max-video-preview":"max-video-preview:-1"},"canonical":"https:\/\/thingstodoinamsterdam.com\/de\/hotel-amsterdam\/","og_locale":"de_DE","og_type":"article","og_title":"Hotel Amsterdam - ThingstodoinAmsterdam.com","og_description":"Suchst du nach einem Hotel in Amsterdam? Schau dir diese Seite an, um mehr \u00fcber die besten Hotels, g\u00fcnstige Unterk\u00fcnfte und Alternativen zu erfahren. Wirf auch einen Blick auf unsere Empfehlungen!","og_url":"https:\/\/thingstodoinamsterdam.com\/de\/hotel-amsterdam\/","og_site_name":"ThingstodoinAmsterdam.com","article_publisher":"https:\/\/www.facebook.com\/thingstodoinamsterdamcom","article_modified_time":"2026-04-02T08:30:59+00:00","og_image":[{"width":800,"height":532,"url":"https:\/\/thingstodoinamsterdam.com\/wp-content\/uploads\/2019\/08\/Amstel-Hotel-Amsterdam-1.jpg","type":"image\/jpeg"}],"twitter_card":"summary_large_image","twitter_misc":{"Gesch\u00e4tzte Lesezeit":"6\u00a0Minuten"},"schema":{"@context":"https:\/\/schema.org","@graph":[{"@type":"WebPage","@id":"https:\/\/thingstodoinamsterdam.com\/de\/hotel-amsterdam\/","url":"https:\/\/thingstodoinamsterdam.com\/de\/hotel-amsterdam\/","name":"Hotel Amsterdam - ThingstodoinAmsterdam.com","isPartOf":{"@id":"https:\/\/thingstodoinamsterdam.com\/de\/#website"},"primaryImageOfPage":{"@id":"https:\/\/thingstodoinamsterdam.com\/de\/hotel-amsterdam\/#primaryimage"},"image":{"@id":"https:\/\/thingstodoinamsterdam.com\/de\/hotel-amsterdam\/#primaryimage"},"thumbnailUrl":"https:\/\/thingstodoinamsterdam.com\/wp-content\/uploads\/2019\/08\/Amstel-Hotel-Amsterdam-1.jpg","datePublished":"2025-07-08T10:43:31+00:00","dateModified":"2026-04-02T08:30:59+00:00","description":"Suchst du nach einem Hotel in Amsterdam? Schau dir diese Seite an, um mehr \u00fcber die besten Hotels, g\u00fcnstige Unterk\u00fcnfte und Alternativen zu erfahren. Wirf auch einen Blick auf unsere Empfehlungen!","breadcrumb":{"@id":"https:\/\/thingstodoinamsterdam.com\/de\/hotel-amsterdam\/#breadcrumb"},"inLanguage":"de","potentialAction":[{"@type":"ReadAction","target":["https:\/\/thingstodoinamsterdam.com\/de\/hotel-amsterdam\/"]}]},{"@type":"ImageObject","inLanguage":"de","@id":"https:\/\/thingstodoinamsterdam.com\/de\/hotel-amsterdam\/#primaryimage","url":"https:\/\/thingstodoinamsterdam.com\/wp-content\/uploads\/2019\/08\/Amstel-Hotel-Amsterdam-1.jpg","contentUrl":"https:\/\/thingstodoinamsterdam.com\/wp-content\/uploads\/2019\/08\/Amstel-Hotel-Amsterdam-1.jpg","width":800,"height":532,"caption":"Amstel Hotel Amsterdam"},{"@type":"BreadcrumbList","@id":"https:\/\/thingstodoinamsterdam.com\/de\/hotel-amsterdam\/#breadcrumb","itemListElement":[{"@type":"ListItem","position":1,"name":"Machen in Amsterdam","item":"https:\/\/thingstodoinamsterdam.com\/de\/"},{"@type":"ListItem","position":2,"name":"Hotel Amsterdam"}]},{"@type":"WebSite","@id":"https:\/\/thingstodoinamsterdam.com\/de\/#website","url":"https:\/\/thingstodoinamsterdam.com\/de\/","name":"ThingstodoinAmsterdam.com","description":"Amsterdam&#039;s highlights and hidden secrets","publisher":{"@id":"https:\/\/thingstodoinamsterdam.com\/de\/#organization"},"potentialAction":[{"@type":"SearchAction","target":{"@type":"EntryPoint","urlTemplate":"https:\/\/thingstodoinamsterdam.com\/de\/?s={search_term_string}"},"query-input":{"@type":"PropertyValueSpecification","valueRequired":true,"valueName":"search_term_string"}}],"inLanguage":"de"},{"@type":"Organization","@id":"https:\/\/thingstodoinamsterdam.com\/de\/#organization","name":"Machen in Amsterdam","url":"https:\/\/thingstodoinamsterdam.com\/de\/","logo":{"@type":"ImageObject","inLanguage":"de","@id":"https:\/\/thingstodoinamsterdam.com\/de\/#\/schema\/logo\/image\/","url":"https:\/\/thingstodoinamsterdam.com\/wp-content\/uploads\/2025\/02\/ThingsToDoInAmsterdam-Favicon-logo.png","contentUrl":"https:\/\/thingstodoinamsterdam.com\/wp-content\/uploads\/2025\/02\/ThingsToDoInAmsterdam-Favicon-logo.png","width":512,"height":512,"caption":"Machen in Amsterdam"},"image":{"@id":"https:\/\/thingstodoinamsterdam.com\/de\/#\/schema\/logo\/image\/"},"sameAs":["https:\/\/www.facebook.com\/thingstodoinamsterdamcom"]}]}},"_links":{"self":[{"href":"https:\/\/thingstodoinamsterdam.com\/de\/wp-json\/wp\/v2\/pages\/2028135","targetHints":{"allow":["GET"]}}],"collection":[{"href":"https:\/\/thingstodoinamsterdam.com\/de\/wp-json\/wp\/v2\/pages"}],"about":[{"href":"https:\/\/thingstodoinamsterdam.com\/de\/wp-json\/wp\/v2\/types\/page"}],"author":[{"embeddable":true,"href":"https:\/\/thingstodoinamsterdam.com\/de\/wp-json\/wp\/v2\/users\/1"}],"replies":[{"embeddable":true,"href":"https:\/\/thingstodoinamsterdam.com\/de\/wp-json\/wp\/v2\/comments?post=2028135"}],"version-history":[{"count":6,"href":"https:\/\/thingstodoinamsterdam.com\/de\/wp-json\/wp\/v2\/pages\/2028135\/revisions"}],"predecessor-version":[{"id":2538954,"href":"https:\/\/thingstodoinamsterdam.com\/de\/wp-json\/wp\/v2\/pages\/2028135\/revisions\/2538954"}],"wp:featuredmedia":[{"embeddable":true,"href":"https:\/\/thingstodoinamsterdam.com\/de\/wp-json\/wp\/v2\/media\/8567"}],"wp:attachment":[{"href":"https:\/\/thingstodoinamsterdam.com\/de\/wp-json\/wp\/v2\/media?parent=2028135"}],"curies":[{"name":"wp","href":"https:\/\/api.w.org\/{rel}","templated":true}]}}