{"id":2028159,"date":"2025-07-08T14:34:37","date_gmt":"2025-07-08T12:34:37","guid":{"rendered":"https:\/\/thingstodoinamsterdam.com\/?page_id=2028159"},"modified":"2025-07-08T14:34:37","modified_gmt":"2025-07-08T12:34:37","slug":"cozycozy","status":"publish","type":"page","link":"https:\/\/thingstodoinamsterdam.com\/de\/hotel-amsterdam\/cozycozy\/","title":{"rendered":"CozyCozy &#8211; einzigartige unterkunft"},"content":{"rendered":"<div class=\"wpb-content-wrapper\"><p>[vc_row][vc_column][buttonsticky title=&#8220;Buche deine einzigartige Unterkunft bei CozyCozy&#8220; link=&#8220;https:\/\/www.cozycozy.com\/de&#8220; target=&#8220;true&#8220; nofollow=&#8220;true&#8220; el_id=&#8220;1750166649745-9ef10786-a9e0&#8243;][\/vc_column][\/vc_row][vc_row][vc_column width=&#8220;2\/3&#8243;][vc_column_text css=&#8220;&#8220;]<\/p><div id=\"ez-toc-container\" class=\"ez-toc-v2_0_82_2 counter-hierarchy ez-toc-counter ez-toc-custom ez-toc-container-direction\">\n<div class=\"ez-toc-title-container\">\n<span class=\"ez-toc-title-toggle\"><a href=\"#\" class=\"ez-toc-pull-right ez-toc-btn ez-toc-btn-xs ez-toc-btn-default ez-toc-toggle\" aria-label=\"Toggle Table of Content\"><span class=\"ez-toc-js-icon-con\"><span class=\"\"><span class=\"eztoc-hide\" style=\"display:none;\">Toggle<\/span><span class=\"ez-toc-icon-toggle-span\"><svg style=\"fill: #999;color:#999\" xmlns=\"http:\/\/www.w3.org\/2000\/svg\" class=\"list-377408\" width=\"20px\" height=\"20px\" viewBox=\"0 0 24 24\" fill=\"none\"><path d=\"M6 6H4v2h2V6zm14 0H8v2h12V6zM4 11h2v2H4v-2zm16 0H8v2h12v-2zM4 16h2v2H4v-2zm16 0H8v2h12v-2z\" fill=\"currentColor\"><\/path><\/svg><svg style=\"fill: #999;color:#999\" class=\"arrow-unsorted-368013\" xmlns=\"http:\/\/www.w3.org\/2000\/svg\" width=\"10px\" height=\"10px\" viewBox=\"0 0 24 24\" version=\"1.2\" baseProfile=\"tiny\"><path d=\"M18.2 9.3l-6.2-6.3-6.2 6.3c-.2.2-.3.4-.3.7s.1.5.3.7c.2.2.4.3.7.3h11c.3 0 .5-.1.7-.3.2-.2.3-.5.3-.7s-.1-.5-.3-.7zM5.8 14.7l6.2 6.3 6.2-6.3c.2-.2.3-.5.3-.7s-.1-.5-.3-.7c-.2-.2-.4-.3-.7-.3h-11c-.3 0-.5.1-.7.3-.2.2-.3.5-.3.7s.1.5.3.7z\"\/><\/svg><\/span><\/span><\/span><\/a><\/span><\/div>\n<nav><ul class='ez-toc-list ez-toc-list-level-1 ' ><li class='ez-toc-page-1 ez-toc-heading-level-2'><a class=\"ez-toc-link ez-toc-heading-1\" href=\"https:\/\/thingstodoinamsterdam.com\/de\/hotel-amsterdam\/cozycozy\/#wie-cozycozy-funktioniert\" >Wie CozyCozy funktioniert<\/a><\/li><li class='ez-toc-page-1 ez-toc-heading-level-2'><a class=\"ez-toc-link ez-toc-heading-2\" href=\"https:\/\/thingstodoinamsterdam.com\/de\/hotel-amsterdam\/cozycozy\/#wie-du-suchst\" >Wie du suchst<\/a><\/li><li class='ez-toc-page-1 ez-toc-heading-level-2'><a class=\"ez-toc-link ez-toc-heading-3\" href=\"https:\/\/thingstodoinamsterdam.com\/de\/hotel-amsterdam\/cozycozy\/#unsere-erfahrung\" >Unsere Erfahrung<\/a><\/li><\/ul><\/nav><\/div>\n\n<div class=\"flex-shrink-0 flex flex-col relative items-end\">\n<div class=\"pt-0\">\n<div class=\"gizmo-bot-avatar flex h-8 w-8 items-center justify-center overflow-hidden rounded-full\"><\/div>\n<\/div>\n<\/div>\n<p>Es kann heutzutage \u00fcberw\u00e4ltigend sein, eine Reise zu planen. Zwischen den verschiedenen Websites f\u00fcr Hotels, Ferienwohnungen, Hostels, Glamping-Pl\u00e4tze und sogar Hausboote \u2013 alle mit eigenen Preisen, Angeboten und versteckten Geb\u00fchren \u2013 kann es einem schnell den Spa\u00df am Buchen verderben.<\/p>\n<p>Bei so vielen Buchungsplattformen w\u00fcnscht man sich am besten einen einzigen Ort, der einem die M\u00fche erspart, viele Seiten zu durchsuchen und Preise manuell zu vergleichen. Genau hier kommt CozyCozy ins Spiel: eine Meta-Suchmaschine f\u00fcr Unterk\u00fcnfte, die den gesamten Prozess vereinfacht.<\/p>\n<p>CozyCozy vereint alle Buchungsplattformen an einem praktischen Ort. Ob du ein g\u00fcnstiges Hotel in Paris, ein Hausboot in Amsterdam oder eine ger\u00e4umige Ferienwohnung in Rom suchst \u2013 CozyCozy zeigt dir alle Optionen mit transparenten Preisen und einem einfachen Vergleich. So wird dir der Buchungsstress abgenommen und du kannst dich auf das Wesentliche konzentrieren: deine Reise zu genie\u00dfen.<\/p>\n<p>Neugierig auf unsere Bewertung? <a href=\"https:\/\/thingstodoinamsterdam.com\/de\/hotel-amsterdam\/cozycozy\/#review\">Lies sie direkt hier<\/a>..[\/vc_column_text][\/vc_column][vc_column width=&#8220;1\/3&#8243;][vc_single_image image=&#8220;2027945&#8243; img_size=&#8220;full&#8220; alignment=&#8220;center&#8220; css=&#8220;&#8220;][\/vc_column][\/vc_row][vc_row][vc_column width=&#8220;1\/2&#8243;][vc_single_image image=&#8220;2027950&#8243; img_size=&#8220;full&#8220; alignment=&#8220;center&#8220; css=&#8220;&#8220;][\/vc_column][vc_column width=&#8220;1\/2&#8243;][vc_single_image image=&#8220;2027973&#8243; img_size=&#8220;full&#8220; alignment=&#8220;center&#8220; css=&#8220;&#8220;][\/vc_column][\/vc_row][vc_row][vc_column width=&#8220;2\/3&#8243;][vc_column_text css=&#8220;&#8220;]<\/p>\n<h2><span class=\"ez-toc-section\" id=\"wie-cozycozy-funktioniert\"><\/span>Wie CozyCozy funktioniert<span class=\"ez-toc-section-end\"><\/span><\/h2>\n<p>CozyCozy vergleicht Preise und Verf\u00fcgbarkeiten fast aller gro\u00dfen Buchungsseiten an einem Ort. Stell es dir wie den \u201eSkyscanner f\u00fcr Unterk\u00fcnfte\u201c vor: Es b\u00fcndelt Angebote von Seiten wie Booking.com, Airbnb, Vrbo, Expedia, Agoda und vielen mehr, sodass du alle Optionen \u00fcbersichtlich nebeneinander siehst.<\/p>\n<p>Und egal, nach welcher Art von Unterkunft du suchst \u2013 Hotel, Ferienwohnung, H\u00fctte, Chalet, Jurte, Baumhaus, Hostel oder Campingplatz \u2013 du kannst alles an einem Ort suchen, die Preise mehrerer Anbieter vergleichen und genau das Angebot ausw\u00e4hlen, das du m\u00f6chtest. Du kannst hier sogar einen Haustausch finden.<\/p>\n<p>CozyCozy deckt die ganze Welt ab mit Inseraten in mehr als 200 L\u00e4ndern, sodass du Reisen fast \u00fcberall planen kannst. Die Plattform macht es dir leicht, Preise von Buchungsseiten direkt nebeneinander zu vergleichen, damit du ohne Aufwand das beste Angebot findest.<\/p>\n<p>Praktische Filter und Suchtools helfen dir, die Ergebnisse nach Unterkunftsart, Personenzahl, Haustierfreundlichkeit, Poolzugang, kostenloser Stornierung und mehr einzugrenzen. Es gibt auch eine Kartenansicht, um Unterk\u00fcnfte in Strandn\u00e4he oder bei Sehensw\u00fcrdigkeiten zu finden \u2013 und es gibt auch Last-Minute-Angebote, falls du spontan verreisen willst.<\/p>\n<p>In Zahlen bedeutet CozyCozy:<\/p>\n<ul>\n<li class=\"p1\">Sammelt Angebote von \u00fcber 100 Buchungsseiten<\/li>\n<li class=\"p1\">Zugang zu \u00fcber 20 Millionen Unterk\u00fcnften weltweit<\/li>\n<li class=\"p1\">Mehr als 400 Millionen Fotos<\/li>\n<li class=\"p1\">Abdeckung von \u00fcber 750 Touristengebieten<\/li>\n<li class=\"p1\">Enth\u00e4lt \u00fcber 3 Millionen Hotels<\/li>\n<li class=\"p1\">Bietet \u00fcber 7,5 Millionen Apartments<\/li>\n<li class=\"p1\">Listet \u00fcber 4,5 Millionen H\u00e4user<\/li>\n<li class=\"p1\">Zeigt \u00fcber 500.000 au\u00dfergew\u00f6hnliche Unterk\u00fcnfte<\/li>\n<li class=\"p1\">Unterst\u00fctzt \u00fcber 175.000 Haustausch-Angebote<\/li>\n<li class=\"p1\">Umfasst \u00fcber 60.000 Campingpl\u00e4tze<\/li>\n<li class=\"p1\">Beinhaltet \u00fcber 3.500 Baumh\u00e4user<\/li>\n<\/ul>\n<p>[\/vc_column_text][button title=&#8220;Unterk\u00fcnfte auf CozyCozy suchen&#8220; link=&#8220;https:\/\/www.cozycozy.com\/de&#8220; icon=&#8220;&#8220; button_align=&#8220;center&#8220; target=&#8220;true&#8220; nofollow=&#8220;true&#8220; el_id=&#8220;1570179223317-e7e33b72-1f2c&#8220;][\/vc_column][vc_column width=&#8220;1\/3&#8243;][vc_single_image image=&#8220;2028091&#8243; img_size=&#8220;full&#8220; alignment=&#8220;center&#8220; css=&#8220;&#8220;][vc_single_image image=&#8220;2027968&#8243; img_size=&#8220;full&#8220; alignment=&#8220;center&#8220; css=&#8220;&#8220;][vc_single_image image=&#8220;2027963&#8243; img_size=&#8220;full&#8220; alignment=&#8220;center&#8220; css=&#8220;&#8220;][\/vc_column][\/vc_row][vc_row][vc_column width=&#8220;2\/3&#8243;][vc_column_text css=&#8220;&#8220;]<\/p>\n<h2><span class=\"ez-toc-section\" id=\"wie-du-suchst\"><\/span>Wie du suchst<span class=\"ez-toc-section-end\"><\/span><\/h2>\n<p>Es ist ganz einfach, deine ideale Unterkunft zu finden. Nutze einfach dein Ger\u00e4t, um dein Reiseziel und deine Reisedaten einzugeben \u2013 und du siehst eine gro\u00dfe Auswahl an Unterk\u00fcnften auf einen Blick, komplett mit Preisen verschiedener Anbieter. Filtere nach Belieben, um deine Ergebnisse noch genauer einzugrenzen.<\/p>\n<p>Du kannst Angebote ganz einfach vergleichen, CozyCozy zeigt dir dabei immer die g\u00fcnstigsten Preise auf verschiedenen Seiten an. Wenn du die passende Unterkunft gefunden hast, w\u00e4hlst du sie einfach aus und CozyCozy leitet dich zur Partnerseite weiter, zum Beispiel Airbnb oder Booking.com, um deine Buchung abzuschlie\u00dfen.<\/p>\n<p>Gut zu wissen: F\u00fcr die Nutzung von CozyCozy fallen keine zus\u00e4tzlichen Geb\u00fchren an \u2013 die Suche und der Vergleich sind kostenlos. Falls du deine Buchung stornieren oder \u00e4ndern musst, kannst du das direkt \u00fcber die Seite tun, bei der du gebucht hast, wie Booking.com oder Airbnb.<br \/>\n[\/vc_column_text][button title=&#8220;Finde deinen idealen Urlaubsort bei CozyCozy&#8220; link=&#8220;https:\/\/www.cozycozy.com\/de&#8220; icon=&#8220;&#8220; button_align=&#8220;center&#8220; target=&#8220;true&#8220; nofollow=&#8220;true&#8220; el_id=&#8220;1750167352999-902ee187-0c07&#8243;][\/vc_column][vc_column width=&#8220;1\/3&#8243;][vc_single_image image=&#8220;2027984&#8243; img_size=&#8220;full&#8220; alignment=&#8220;center&#8220; css=&#8220;&#8220;][\/vc_column][\/vc_row][vc_row][vc_column width=&#8220;2\/3&#8243;][vc_column_text css=&#8220;&#8220;]<\/p>\n<h2 id=\"review\"><span class=\"ez-toc-section\" id=\"unsere-erfahrung\"><\/span>Unsere Erfahrung<span class=\"ez-toc-section-end\"><\/span><\/h2>\n<p>Die Website ist \u00fcbersichtlich und intuitiv gestaltet, mit hilfreichen Filtern, die die Suche einfacher machen. Sie ist <span data-teams=\"true\">besonders praktisch, wenn du eine ganz bestimmte Unterkunft suchst, denn CozyCozy greift auf viele Plattformen zu, darunter Airbnb, Booking und andere. So bekommst du einen sehr vollst\u00e4ndigen \u00dcberblick, ohne jede Plattform einzeln durchsuchen zu m\u00fcssen.<\/span><\/p>\n<p>Alles in allem macht CozyCozy die Reiseplanung viel einfacher. Anstatt ein Dutzend Tabs und Websites zu jonglieren und dich von zu vielen Optionen \u00fcberw\u00e4ltigen zu lassen, siehst du alles an einem Ort und kannst sicher sein, dass du ein faires Angebot bekommst. Das nimmt dir den Buchungsstress ab, damit du dich darauf konzentrieren kannst, dir deine Unterkunft auszusuchen und dich einfach auf die Reise zu freuen.<br \/>\n[\/vc_column_text][\/vc_column][vc_column width=&#8220;1\/3&#8243;][vc_single_image image=&#8220;2027994&#8243; img_size=&#8220;full&#8220; alignment=&#8220;center&#8220; css=&#8220;&#8220;][vc_single_image image=&#8220;2027989&#8243; img_size=&#8220;full&#8220; alignment=&#8220;center&#8220; css=&#8220;&#8220;][\/vc_column][\/vc_row][vc_row][vc_column][reviews heading=&#8220;CozyCozy Bewertungen&#8220; description=&#8220;Hast du schon einmal \u00fcber CozyCozy eine Unterkunft gesucht? Wir w\u00fcrden gerne deine Erfahrungen h\u00f6ren! W\u00fcrdest du CozyCozy anderen empfehlen? Lass es uns unten wissen!&#8220; item_name=&#8220;A&#8217;DAM VR Game Park &#8211; Virtual Reality Amsterdam&#8220; item_web=&#8220;https:\/\/adam-vr.com\/&#8220; item_address=&#8220;Overhoeksplein 15&#8243; item_city=&#8220;Amsterdam&#8220; item_postal_code=&#8220;1031KS&#8220; item_country=&#8220;NL&#8220; el_id=&#8220;1715686148341-8d645a2d-144b&#8220;][\/reviews][\/vc_column][\/vc_row]<\/p>\n<\/div>","protected":false},"excerpt":{"rendered":"<p>[vc_row][vc_column][buttonsticky title=&#8220;Buche deine einzigartige Unterkunft bei CozyCozy&#8220; link=&#8220;https:\/\/www.cozycozy.com\/de&#8220; target=&#8220;true&#8220; nofollow=&#8220;true&#8220; el_id=&#8220;1750166649745-9ef10786-a9e0&#8243;][\/vc_column][\/vc_row][vc_row][vc_column width=&#8220;2\/3&#8243;][vc_column_text css=&#8220;&#8220;] Es kann heutzutage \u00fcberw\u00e4ltigend sein, eine Reise zu planen. Zwischen den verschiedenen\u2026<\/p>\n","protected":false},"author":33,"featured_media":2027942,"parent":2028135,"menu_order":0,"comment_status":"closed","ping_status":"closed","template":"","meta":{"footnotes":""},"class_list":["post-2028159","page","type-page","status-publish","has-post-thumbnail","hentry"],"yoast_head":"<!-- This site is optimized with the Yoast SEO plugin v27.3 - https:\/\/yoast.com\/product\/yoast-seo-wordpress\/ -->\n<title>CozyCozy - einzigartige unterkunft - ThingstodoinAmsterdam.com<\/title>\n<meta name=\"robots\" content=\"index, follow, max-snippet:-1, max-image-preview:large, max-video-preview:-1\" \/>\n<link rel=\"canonical\" href=\"https:\/\/thingstodoinamsterdam.com\/de\/hotel-amsterdam\/cozycozy\/\" \/>\n<meta property=\"og:locale\" content=\"de_DE\" \/>\n<meta property=\"og:type\" content=\"article\" \/>\n<meta property=\"og:title\" content=\"CozyCozy - einzigartige unterkunft - ThingstodoinAmsterdam.com\" \/>\n<meta property=\"og:description\" content=\"[vc_row][vc_column][buttonsticky title=&#8220;Buche deine einzigartige Unterkunft bei CozyCozy&#8220; link=&#8220;https:\/\/www.cozycozy.com\/de&#8220; target=&#8220;true&#8220; nofollow=&#8220;true&#8220; el_id=&#8220;1750166649745-9ef10786-a9e0&#8243;][\/vc_column][\/vc_row][vc_row][vc_column width=&#8220;2\/3&#8243;][vc_column_text css=&#8220;&#8220;] Es kann heutzutage \u00fcberw\u00e4ltigend sein, eine Reise zu planen. Zwischen den verschiedenen\u2026\" \/>\n<meta property=\"og:url\" content=\"https:\/\/thingstodoinamsterdam.com\/de\/hotel-amsterdam\/cozycozy\/\" \/>\n<meta property=\"og:site_name\" content=\"ThingstodoinAmsterdam.com\" \/>\n<meta property=\"article:publisher\" content=\"https:\/\/www.facebook.com\/thingstodoinamsterdamcom\" \/>\n<meta property=\"og:image\" content=\"https:\/\/thingstodoinamsterdam.com\/wp-content\/uploads\/2025\/06\/CozyCozytravel.jpeg\" \/>\n\t<meta property=\"og:image:width\" content=\"1200\" \/>\n\t<meta property=\"og:image:height\" content=\"800\" \/>\n\t<meta property=\"og:image:type\" content=\"image\/jpeg\" \/>\n<meta name=\"twitter:card\" content=\"summary_large_image\" \/>\n<meta name=\"twitter:label1\" content=\"Gesch\u00e4tzte Lesezeit\" \/>\n\t<meta name=\"twitter:data1\" content=\"4\u00a0Minuten\" \/>\n<script type=\"application\/ld+json\" class=\"yoast-schema-graph\">{\"@context\":\"https:\\\/\\\/schema.org\",\"@graph\":[{\"@type\":\"WebPage\",\"@id\":\"https:\\\/\\\/thingstodoinamsterdam.com\\\/de\\\/hotel-amsterdam\\\/cozycozy\\\/\",\"url\":\"https:\\\/\\\/thingstodoinamsterdam.com\\\/de\\\/hotel-amsterdam\\\/cozycozy\\\/\",\"name\":\"CozyCozy - einzigartige unterkunft - ThingstodoinAmsterdam.com\",\"isPartOf\":{\"@id\":\"https:\\\/\\\/thingstodoinamsterdam.com\\\/de\\\/#website\"},\"primaryImageOfPage\":{\"@id\":\"https:\\\/\\\/thingstodoinamsterdam.com\\\/de\\\/hotel-amsterdam\\\/cozycozy\\\/#primaryimage\"},\"image\":{\"@id\":\"https:\\\/\\\/thingstodoinamsterdam.com\\\/de\\\/hotel-amsterdam\\\/cozycozy\\\/#primaryimage\"},\"thumbnailUrl\":\"https:\\\/\\\/thingstodoinamsterdam.com\\\/wp-content\\\/uploads\\\/2025\\\/06\\\/CozyCozytravel.jpeg\",\"datePublished\":\"2025-07-08T12:34:37+00:00\",\"breadcrumb\":{\"@id\":\"https:\\\/\\\/thingstodoinamsterdam.com\\\/de\\\/hotel-amsterdam\\\/cozycozy\\\/#breadcrumb\"},\"inLanguage\":\"de\",\"potentialAction\":[{\"@type\":\"ReadAction\",\"target\":[\"https:\\\/\\\/thingstodoinamsterdam.com\\\/de\\\/hotel-amsterdam\\\/cozycozy\\\/\"]}]},{\"@type\":\"ImageObject\",\"inLanguage\":\"de\",\"@id\":\"https:\\\/\\\/thingstodoinamsterdam.com\\\/de\\\/hotel-amsterdam\\\/cozycozy\\\/#primaryimage\",\"url\":\"https:\\\/\\\/thingstodoinamsterdam.com\\\/wp-content\\\/uploads\\\/2025\\\/06\\\/CozyCozytravel.jpeg\",\"contentUrl\":\"https:\\\/\\\/thingstodoinamsterdam.com\\\/wp-content\\\/uploads\\\/2025\\\/06\\\/CozyCozytravel.jpeg\",\"width\":1200,\"height\":800,\"caption\":\"CozyCozy unique accommodation\"},{\"@type\":\"BreadcrumbList\",\"@id\":\"https:\\\/\\\/thingstodoinamsterdam.com\\\/de\\\/hotel-amsterdam\\\/cozycozy\\\/#breadcrumb\",\"itemListElement\":[{\"@type\":\"ListItem\",\"position\":1,\"name\":\"Machen in Amsterdam\",\"item\":\"https:\\\/\\\/thingstodoinamsterdam.com\\\/de\\\/\"},{\"@type\":\"ListItem\",\"position\":2,\"name\":\"Hotel Amsterdam\",\"item\":\"https:\\\/\\\/thingstodoinamsterdam.com\\\/de\\\/hotel-amsterdam\\\/\"},{\"@type\":\"ListItem\",\"position\":3,\"name\":\"CozyCozy &#8211; einzigartige unterkunft\"}]},{\"@type\":\"WebSite\",\"@id\":\"https:\\\/\\\/thingstodoinamsterdam.com\\\/de\\\/#website\",\"url\":\"https:\\\/\\\/thingstodoinamsterdam.com\\\/de\\\/\",\"name\":\"ThingstodoinAmsterdam.com\",\"description\":\"Amsterdam&#039;s highlights and hidden secrets\",\"publisher\":{\"@id\":\"https:\\\/\\\/thingstodoinamsterdam.com\\\/de\\\/#organization\"},\"potentialAction\":[{\"@type\":\"SearchAction\",\"target\":{\"@type\":\"EntryPoint\",\"urlTemplate\":\"https:\\\/\\\/thingstodoinamsterdam.com\\\/de\\\/?s={search_term_string}\"},\"query-input\":{\"@type\":\"PropertyValueSpecification\",\"valueRequired\":true,\"valueName\":\"search_term_string\"}}],\"inLanguage\":\"de\"},{\"@type\":\"Organization\",\"@id\":\"https:\\\/\\\/thingstodoinamsterdam.com\\\/de\\\/#organization\",\"name\":\"Machen in Amsterdam\",\"url\":\"https:\\\/\\\/thingstodoinamsterdam.com\\\/de\\\/\",\"logo\":{\"@type\":\"ImageObject\",\"inLanguage\":\"de\",\"@id\":\"https:\\\/\\\/thingstodoinamsterdam.com\\\/de\\\/#\\\/schema\\\/logo\\\/image\\\/\",\"url\":\"https:\\\/\\\/thingstodoinamsterdam.com\\\/wp-content\\\/uploads\\\/2025\\\/02\\\/ThingsToDoInAmsterdam-Favicon-logo.png\",\"contentUrl\":\"https:\\\/\\\/thingstodoinamsterdam.com\\\/wp-content\\\/uploads\\\/2025\\\/02\\\/ThingsToDoInAmsterdam-Favicon-logo.png\",\"width\":512,\"height\":512,\"caption\":\"Machen in Amsterdam\"},\"image\":{\"@id\":\"https:\\\/\\\/thingstodoinamsterdam.com\\\/de\\\/#\\\/schema\\\/logo\\\/image\\\/\"},\"sameAs\":[\"https:\\\/\\\/www.facebook.com\\\/thingstodoinamsterdamcom\"]}]}<\/script>\n<!-- \/ Yoast SEO plugin. -->","yoast_head_json":{"title":"CozyCozy - einzigartige unterkunft - ThingstodoinAmsterdam.com","robots":{"index":"index","follow":"follow","max-snippet":"max-snippet:-1","max-image-preview":"max-image-preview:large","max-video-preview":"max-video-preview:-1"},"canonical":"https:\/\/thingstodoinamsterdam.com\/de\/hotel-amsterdam\/cozycozy\/","og_locale":"de_DE","og_type":"article","og_title":"CozyCozy - einzigartige unterkunft - ThingstodoinAmsterdam.com","og_description":"[vc_row][vc_column][buttonsticky title=&#8220;Buche deine einzigartige Unterkunft bei CozyCozy&#8220; link=&#8220;https:\/\/www.cozycozy.com\/de&#8220; target=&#8220;true&#8220; nofollow=&#8220;true&#8220; el_id=&#8220;1750166649745-9ef10786-a9e0&#8243;][\/vc_column][\/vc_row][vc_row][vc_column width=&#8220;2\/3&#8243;][vc_column_text css=&#8220;&#8220;] Es kann heutzutage \u00fcberw\u00e4ltigend sein, eine Reise zu planen. Zwischen den verschiedenen\u2026","og_url":"https:\/\/thingstodoinamsterdam.com\/de\/hotel-amsterdam\/cozycozy\/","og_site_name":"ThingstodoinAmsterdam.com","article_publisher":"https:\/\/www.facebook.com\/thingstodoinamsterdamcom","og_image":[{"width":1200,"height":800,"url":"https:\/\/thingstodoinamsterdam.com\/wp-content\/uploads\/2025\/06\/CozyCozytravel.jpeg","type":"image\/jpeg"}],"twitter_card":"summary_large_image","twitter_misc":{"Gesch\u00e4tzte Lesezeit":"4\u00a0Minuten"},"schema":{"@context":"https:\/\/schema.org","@graph":[{"@type":"WebPage","@id":"https:\/\/thingstodoinamsterdam.com\/de\/hotel-amsterdam\/cozycozy\/","url":"https:\/\/thingstodoinamsterdam.com\/de\/hotel-amsterdam\/cozycozy\/","name":"CozyCozy - einzigartige unterkunft - ThingstodoinAmsterdam.com","isPartOf":{"@id":"https:\/\/thingstodoinamsterdam.com\/de\/#website"},"primaryImageOfPage":{"@id":"https:\/\/thingstodoinamsterdam.com\/de\/hotel-amsterdam\/cozycozy\/#primaryimage"},"image":{"@id":"https:\/\/thingstodoinamsterdam.com\/de\/hotel-amsterdam\/cozycozy\/#primaryimage"},"thumbnailUrl":"https:\/\/thingstodoinamsterdam.com\/wp-content\/uploads\/2025\/06\/CozyCozytravel.jpeg","datePublished":"2025-07-08T12:34:37+00:00","breadcrumb":{"@id":"https:\/\/thingstodoinamsterdam.com\/de\/hotel-amsterdam\/cozycozy\/#breadcrumb"},"inLanguage":"de","potentialAction":[{"@type":"ReadAction","target":["https:\/\/thingstodoinamsterdam.com\/de\/hotel-amsterdam\/cozycozy\/"]}]},{"@type":"ImageObject","inLanguage":"de","@id":"https:\/\/thingstodoinamsterdam.com\/de\/hotel-amsterdam\/cozycozy\/#primaryimage","url":"https:\/\/thingstodoinamsterdam.com\/wp-content\/uploads\/2025\/06\/CozyCozytravel.jpeg","contentUrl":"https:\/\/thingstodoinamsterdam.com\/wp-content\/uploads\/2025\/06\/CozyCozytravel.jpeg","width":1200,"height":800,"caption":"CozyCozy unique accommodation"},{"@type":"BreadcrumbList","@id":"https:\/\/thingstodoinamsterdam.com\/de\/hotel-amsterdam\/cozycozy\/#breadcrumb","itemListElement":[{"@type":"ListItem","position":1,"name":"Machen in Amsterdam","item":"https:\/\/thingstodoinamsterdam.com\/de\/"},{"@type":"ListItem","position":2,"name":"Hotel Amsterdam","item":"https:\/\/thingstodoinamsterdam.com\/de\/hotel-amsterdam\/"},{"@type":"ListItem","position":3,"name":"CozyCozy &#8211; einzigartige unterkunft"}]},{"@type":"WebSite","@id":"https:\/\/thingstodoinamsterdam.com\/de\/#website","url":"https:\/\/thingstodoinamsterdam.com\/de\/","name":"ThingstodoinAmsterdam.com","description":"Amsterdam&#039;s highlights and hidden secrets","publisher":{"@id":"https:\/\/thingstodoinamsterdam.com\/de\/#organization"},"potentialAction":[{"@type":"SearchAction","target":{"@type":"EntryPoint","urlTemplate":"https:\/\/thingstodoinamsterdam.com\/de\/?s={search_term_string}"},"query-input":{"@type":"PropertyValueSpecification","valueRequired":true,"valueName":"search_term_string"}}],"inLanguage":"de"},{"@type":"Organization","@id":"https:\/\/thingstodoinamsterdam.com\/de\/#organization","name":"Machen in Amsterdam","url":"https:\/\/thingstodoinamsterdam.com\/de\/","logo":{"@type":"ImageObject","inLanguage":"de","@id":"https:\/\/thingstodoinamsterdam.com\/de\/#\/schema\/logo\/image\/","url":"https:\/\/thingstodoinamsterdam.com\/wp-content\/uploads\/2025\/02\/ThingsToDoInAmsterdam-Favicon-logo.png","contentUrl":"https:\/\/thingstodoinamsterdam.com\/wp-content\/uploads\/2025\/02\/ThingsToDoInAmsterdam-Favicon-logo.png","width":512,"height":512,"caption":"Machen in Amsterdam"},"image":{"@id":"https:\/\/thingstodoinamsterdam.com\/de\/#\/schema\/logo\/image\/"},"sameAs":["https:\/\/www.facebook.com\/thingstodoinamsterdamcom"]}]}},"_links":{"self":[{"href":"https:\/\/thingstodoinamsterdam.com\/de\/wp-json\/wp\/v2\/pages\/2028159","targetHints":{"allow":["GET"]}}],"collection":[{"href":"https:\/\/thingstodoinamsterdam.com\/de\/wp-json\/wp\/v2\/pages"}],"about":[{"href":"https:\/\/thingstodoinamsterdam.com\/de\/wp-json\/wp\/v2\/types\/page"}],"author":[{"embeddable":true,"href":"https:\/\/thingstodoinamsterdam.com\/de\/wp-json\/wp\/v2\/users\/33"}],"replies":[{"embeddable":true,"href":"https:\/\/thingstodoinamsterdam.com\/de\/wp-json\/wp\/v2\/comments?post=2028159"}],"version-history":[{"count":3,"href":"https:\/\/thingstodoinamsterdam.com\/de\/wp-json\/wp\/v2\/pages\/2028159\/revisions"}],"predecessor-version":[{"id":2028162,"href":"https:\/\/thingstodoinamsterdam.com\/de\/wp-json\/wp\/v2\/pages\/2028159\/revisions\/2028162"}],"up":[{"embeddable":true,"href":"https:\/\/thingstodoinamsterdam.com\/de\/wp-json\/wp\/v2\/pages\/2028135"}],"wp:featuredmedia":[{"embeddable":true,"href":"https:\/\/thingstodoinamsterdam.com\/de\/wp-json\/wp\/v2\/media\/2027942"}],"wp:attachment":[{"href":"https:\/\/thingstodoinamsterdam.com\/de\/wp-json\/wp\/v2\/media?parent=2028159"}],"curies":[{"name":"wp","href":"https:\/\/api.w.org\/{rel}","templated":true}]}}