{"id":2028437,"date":"2025-07-28T11:53:40","date_gmt":"2025-07-28T09:53:40","guid":{"rendered":"https:\/\/thingstodoinamsterdam.com\/besten-essenslieferdienste\/lieferando-amsterdam-und-essen-bestellen-in-amsterdam-wie-funktioniert-das\/"},"modified":"2026-03-30T16:37:59","modified_gmt":"2026-03-30T14:37:59","slug":"lieferando-thuisbezorgd","status":"publish","type":"page","link":"https:\/\/thingstodoinamsterdam.com\/de\/praktische-informationen\/besten-essenslieferdienste\/lieferando-thuisbezorgd\/","title":{"rendered":"Lieferando Amsterdam und Essen bestellen in Amsterdam: Wie funktioniert das?"},"content":{"rendered":"<div class=\"wpb-content-wrapper\"><p>[vc_row][vc_column width=&#8220;2\/3&#8243;][vc_column_text css=&#8220;&#8220;]Sind Sie neu in Amsterdam und haben Hunger, aber keine Lust zu kochen? Gute Nachrichten: Essen bestellen ist hier ganz einfach mit <a href=\"https:\/\/www.thuisbezorgd.nl\/de\/essen-bestellen-amsterdam\">Lieferando in Amsterdam<\/a> (bekannt als Thuisbezorgd.nl in den Niederlanden). In dieser Stadt k\u00f6nnen Sie Ihre Lieblingsgerichte mit wenigen Klicks ausw\u00e4hlen und sich einfach an die Haust\u00fcr liefern lassen. Klingt gut, wissen aber noch nicht, wie man Essen bestellt? Lesen Sie weiter, denn in diesem Artikel erkl\u00e4ren wir, wie es funktioniert, worauf Sie achten m\u00fcssen und geben einige Tipps f\u00fcr gute Lieferrestaurants.<\/p><div id=\"ez-toc-container\" class=\"ez-toc-v2_0_82_2 counter-hierarchy ez-toc-counter ez-toc-custom ez-toc-container-direction\">\n<div class=\"ez-toc-title-container\">\n<span class=\"ez-toc-title-toggle\"><a href=\"#\" class=\"ez-toc-pull-right ez-toc-btn ez-toc-btn-xs ez-toc-btn-default ez-toc-toggle\" aria-label=\"Toggle Table of Content\"><span class=\"ez-toc-js-icon-con\"><span class=\"\"><span class=\"eztoc-hide\" style=\"display:none;\">Toggle<\/span><span class=\"ez-toc-icon-toggle-span\"><svg style=\"fill: #999;color:#999\" xmlns=\"http:\/\/www.w3.org\/2000\/svg\" class=\"list-377408\" width=\"20px\" height=\"20px\" viewBox=\"0 0 24 24\" fill=\"none\"><path d=\"M6 6H4v2h2V6zm14 0H8v2h12V6zM4 11h2v2H4v-2zm16 0H8v2h12v-2zM4 16h2v2H4v-2zm16 0H8v2h12v-2z\" fill=\"currentColor\"><\/path><\/svg><svg style=\"fill: #999;color:#999\" class=\"arrow-unsorted-368013\" xmlns=\"http:\/\/www.w3.org\/2000\/svg\" width=\"10px\" height=\"10px\" viewBox=\"0 0 24 24\" version=\"1.2\" baseProfile=\"tiny\"><path d=\"M18.2 9.3l-6.2-6.3-6.2 6.3c-.2.2-.3.4-.3.7s.1.5.3.7c.2.2.4.3.7.3h11c.3 0 .5-.1.7-.3.2-.2.3-.5.3-.7s-.1-.5-.3-.7zM5.8 14.7l6.2 6.3 6.2-6.3c.2-.2.3-.5.3-.7s-.1-.5-.3-.7c-.2-.2-.4-.3-.7-.3h-11c-.3 0-.5.1-.7.3-.2.2-.3.5-.3.7s.1.5.3.7z\"\/><\/svg><\/span><\/span><\/span><\/a><\/span><\/div>\n<nav><ul class='ez-toc-list ez-toc-list-level-1 ' ><li class='ez-toc-page-1 ez-toc-heading-level-2'><a class=\"ez-toc-link ez-toc-heading-1\" href=\"https:\/\/thingstodoinamsterdam.com\/de\/praktische-informationen\/besten-essenslieferdienste\/lieferando-thuisbezorgd\/#wie-bestellt-man-essen-in-amsterdam\" >Wie bestellt man Essen in Amsterdam?<\/a><\/li><li class='ez-toc-page-1 ez-toc-heading-level-2'><a class=\"ez-toc-link ez-toc-heading-2\" href=\"https:\/\/thingstodoinamsterdam.com\/de\/praktische-informationen\/besten-essenslieferdienste\/lieferando-thuisbezorgd\/#was-sie-wissen-muessen\" >Was Sie wissen m\u00fcssen<\/a><\/li><li class='ez-toc-page-1 ez-toc-heading-level-2'><a class=\"ez-toc-link ez-toc-heading-3\" href=\"https:\/\/thingstodoinamsterdam.com\/de\/praktische-informationen\/besten-essenslieferdienste\/lieferando-thuisbezorgd\/#unsere-erfahrungen-mit-dem-bestellen-von-essen-in-amsterdam-ueber-thuisbezorgdnl\" >Unsere Erfahrungen mit dem Bestellen von Essen in Amsterdam \u00fcber thuisbezorgd.nl<\/a><\/li><\/ul><\/nav><\/div>\n\n<div id=\"gtx-trans\" style=\"position: absolute; left: 76px; top: 61.375px;\">\n<div class=\"gtx-trans-icon\"><\/div>\n<\/div>\n<p>[\/vc_column_text][\/vc_column][vc_column width=&#8220;1\/3&#8243;][vc_single_image image=&#8220;2028442&#8243; img_size=&#8220;full&#8220; alignment=&#8220;center&#8220; css=&#8220;&#8220;][\/vc_column][\/vc_row][vc_row][vc_column width=&#8220;2\/3&#8243;][vc_column_text css=&#8220;&#8220;]<\/p>\n<h2><span class=\"ez-toc-section\" id=\"wie-bestellt-man-essen-in-amsterdam\"><\/span>Wie bestellt man Essen in Amsterdam?<span class=\"ez-toc-section-end\"><\/span><\/h2>\n<p>In den Niederlanden gibt es verschiedene M\u00f6glichkeiten, Essen zu bestellen. Die meisten Restaurants haben ihre eigenen Websites mit Online-Bestellmen\u00fcs. Sie sind sich noch nicht sicher, was Sie m\u00f6chten, und suchen nach einer \u00dcbersicht der Restaurants in der N\u00e4he? Dann ist die <strong><a href=\"https:\/\/www.thuisbezorgd.nl\/de\/apps\">Lieferando App<\/a><\/strong> sehr praktisch. (Thuisbezord.nl App in den Niederlanden) Hier sehen Sie nicht nur die Restaurants, sondern auch Bewertungen und wie lange die Bestellung im Durchschnitt dauert. Websites und Apps, mit denen Sie Essen bestellen k\u00f6nnen.<\/p>\n<h3>Bestellen f\u00fcr Nutzer der Lieferando App<\/h3>\n<p>Wenn Sie Lieferando bereits genutzt haben, brauchen Sie sich die niederl\u00e4ndische Thuisbezorgd.nl App nicht herunterzuladen. Sie k\u00f6nnen einfach Ihre Lieferando App nutzen, und sie zeigt Ihnen automatisch Lieferrestaurants in Amsterdam an, sobald Ihr Standort erkannt\/auf eine Adresse in Amsterdam eingestellt wurde. Au\u00dferdem m\u00fcssen Sie kein zus\u00e4tzliches Konto erstellen; Sie k\u00f6nnen alles wie zu Hause nutzen!<\/p>\n<h3>\u00dcber die Lieferando \/Thuisbezorgd.nl Apps<\/h3>\n<p>Die Apps sind au\u00dferdem vollgepackt mit praktischen und unterhaltsamen Funktionen, die das Bestellen Ihrer Lieblingsgerichte besonders einfach machen. So finden Sie beispielsweise regelm\u00e4\u00dfig attraktive Angebote und Rabatte, mit denen Sie Ihre Lieblingsgerichte zu einem g\u00fcnstigeren Preis genie\u00dfen k\u00f6nnen. Intelligente Filter erm\u00f6glichen es Ihnen au\u00dferdem, schnell die Art der K\u00fcche, die Lieferzeit, den Preis oder die Ern\u00e4hrungsbed\u00fcrfnisse auszuw\u00e4hlen, sodass Sie mit wenigen Klicks genau das finden, wonach Sie sich sehnen. Dar\u00fcber hinaus merkt sich die App Ihre vorherigen Bestellungen, sodass Ihr Lieblingsgericht noch schneller auf dem Tisch steht. Kurz gesagt: Komfort und Vorteil in einer App!<\/p>\n<div id=\"gtx-trans\" style=\"position: absolute; left: 713px; top: 74.2062px;\">\n<div class=\"gtx-trans-icon\"><\/div>\n<\/div>\n<p>[\/vc_column_text][\/vc_column][vc_column width=&#8220;1\/3&#8243;][vc_single_image image=&#8220;2028402&#8243; img_size=&#8220;full&#8220; alignment=&#8220;center&#8220; css=&#8220;&#8220;][\/vc_column][\/vc_row][vc_row][vc_column][vc_single_image image=&#8220;2028412&#8243; img_size=&#8220;full&#8220; alignment=&#8220;center&#8220; css=&#8220;&#8220;][vc_column_text css=&#8220;&#8220;]<\/p>\n<h3>Bestellen ohne die App, \u00fcber thuisbezorgd.nl<\/h3>\n<p>Wenn Sie die App nicht installieren k\u00f6nnen oder wollen, kein Problem. Sie k\u00f6nnen auch \u00fcber Ihren Browser \u00fcber Thuisbezorgd.nl bestellen, das auch auf Englisch verf\u00fcgbar ist. Akzeptierte Zahlungsmethoden sind Kreditkarte sowie PayPal.[\/vc_column_text][vc_column_text css=&#8220;&#8220;]<\/p>\n<h2><span class=\"ez-toc-section\" id=\"was-sie-wissen-muessen\"><\/span>Was Sie wissen m\u00fcssen<span class=\"ez-toc-section-end\"><\/span><\/h2>\n<p>Es gibt ein paar Dinge, die Sie beim Bestellen von Essen beachten sollten. Zum Beispiel sind viele Restaurants vom sp\u00e4ten Nachmittag bis zum sp\u00e4ten Abend ge\u00f6ffnet. Es gibt aber auch Lokale, die nur morgens oder sp\u00e4t in der Nacht Bestellungen annehmen. Diese Informationen sind oft in den Apps oder auf den Websites aufgef\u00fchrt.<\/p>\n<h3>Lieferung<\/h3>\n<p>Achten Sie darauf, die richtige Adresse einzugeben, damit Sie nur die Restaurants sehen, die an Ihre Haust\u00fcr liefern. Au\u00dferdem ist es gut zu wissen, dass:<\/p>\n<ul>\n<li>Oft fallen Liefergeb\u00fchren f\u00fcr Ihre Bestellung an. Normalerweise liegen diese zus\u00e4tzlichen Geb\u00fchren zwischen 1 \u20ac und 3 \u20ac. Sie m\u00fcssen nicht immer Liefergeb\u00fchren bezahlen: In einigen Restaurants ist die Lieferung kostenlos, wenn Sie \u00fcber einem bestimmten Betrag bestellen.<\/li>\n<li>Sonntagabende sind in der Regel die Sto\u00dfzeiten f\u00fcr Lieferrestaurants, daher dauert Ihre Bestellung in der Regel l\u00e4nger als angegeben.<\/li>\n<li>Nicht alle Hotels\/Unterk\u00fcnfte erlauben das Bestellen von Essen. Im Zweifelsfall fragen Sie an der Rezeption nach.<\/li>\n<li>F\u00fcr eine Bestellung ist immer eine Adresse erforderlich. Wenn Sie sich zum Beispiel in einem Park befinden und Essen bestellen m\u00f6chten, warten Sie an einem Geb\u00e4ude mit einer Hausnummer, zu der der Fahrer navigieren kann. Achten Sie au\u00dferdem darauf, dass Ihr Telefon eingeschaltet ist, falls das Restaurant\/der Fahrer Sie erreichen m\u00f6chte.<\/li>\n<li>Trinkgeld ist nicht obligatorisch, wird aber sicherlich gesch\u00e4tzt. Wenn Sie ein Trinkgeld geben m\u00f6chten, k\u00f6nnen Sie es in bar geben oder die Lieferando\/Thuisbezorgd App verwenden.<\/li>\n<\/ul>\n<h3>Allergien und Ern\u00e4hrungsbed\u00fcrfnisse<\/h3>\n<p>Wenn Sie unter Allergien leiden oder spezielle Ern\u00e4hrungsbed\u00fcrfnisse haben, k\u00f6nnen Sie oft schon auf der Speisekarte sehen, welche Produkte in Ihrem Essen enthalten sind oder nicht. Sie k\u00f6nnen auch Kommentare zu den ausgew\u00e4hlten Artikeln hinzuf\u00fcgen, bevor Sie Ihre Bestellung aufgeben; z. B. \u201ekeine Milch wegen Allergie\u201c oder \u00e4hnliches.[\/vc_column_text][\/vc_column][\/vc_row][vc_row][vc_column][vc_column_text css=&#8220;&#8220;]<\/p>\n<h3>Brauchen Sie Inspiration? Sehen Sie sich diese Empfehlungen an<\/h3>\n<p>Als Neuling in Amsterdam sind Sie vielleicht von der riesigen Auswahl \u00fcberw\u00e4ltigt. Keine Sorge, wenn Sie die \u201eQual der Wahl haben und sich nicht entscheiden k\u00f6nnen\u201c: Wir haben einige unserer Lieblingslokale hervorgehoben, bei denen Sie unten Essen bestellen k\u00f6nnen:<\/p>\n<ul>\n<li><strong>Musashi Sushi &amp; Grill<\/strong>: Mit einer durchschnittlichen Bewertung von 4,5 Sternen und mehr als 300 Bewertungen k\u00f6nnen Sie sich bei Musashi Sushi &amp; Grill auf erstklassige, k\u00f6stliche Kleinigkeiten verlassen. Sie bieten frische Gerichte wie Uramaki, Nigiri und Sashimi.<\/li>\n<li><strong>Pizza&#8217;dam Buikslotermeerplein<\/strong>: Lust auf eine leckere Pizza? Pizza&#8217;dam ist f\u00fcr Sie da! Dieses Restaurant hat ebenfalls eine sehr hohe Bewertung: durchschnittlich 4,6 Sterne von mehr als 1.500 Bewertungen!<\/li>\n<li><strong>Fulu Mandarijn<\/strong>: Sie k\u00f6nnen das Restaurant Fulu Mandarijn f\u00fcr k\u00f6stliche chinesische Gerichte besuchen, aber Sie k\u00f6nnen es sich auch einfach an die Haust\u00fcr liefern lassen. Auf diese Weise k\u00f6nnen Sie authentische und schmackhafte Gerichte in k\u00fcrzester Zeit genie\u00dfen.<\/li>\n<\/ul>\n<h3>Bereit zu bestellen?<\/h3>\n<p>Essen in Amsterdam zu bestellen ist einfach! Egal, ob Sie gerade als Student angekommen sind oder als Tourist zu Besuch sind, es gibt eine gro\u00dfe Auswahl an k\u00f6stlichen Restaurants, die Ihnen Ihr Essen an die Haust\u00fcr liefern. Probieren Sie verschiedene K\u00fcchen aus und entdecken Sie, was die Stadt zu bieten hat, ganz bequem von Ihrer Couch aus!<\/p>\n<p>[\/vc_column_text][\/vc_column][\/vc_row][vc_row][vc_column width=&#8220;2\/3&#8243;][vc_column_text css=&#8220;&#8220;]<\/p>\n<h2><span class=\"ez-toc-section\" id=\"unsere-erfahrungen-mit-dem-bestellen-von-essen-in-amsterdam-ueber-thuisbezorgdnl\"><\/span>Unsere Erfahrungen mit dem Bestellen von Essen in Amsterdam \u00fcber thuisbezorgd.nl<span class=\"ez-toc-section-end\"><\/span><\/h2>\n<p>Bei der Vielzahl an (Liefer-)Restaurants in Amsterdam ist die Thuisbezorgd-App ein echter Segen f\u00fcr alle Foodies! Sie kann praktisch jedes Verlangen nach Essen zu jeder Tageszeit stillen. Wenn du Thuisbezorgd.nl schon in l\u00e4ndlicheren Gegenden genutzt hast, wirst du dich in Amsterdam f\u00fchlen wie ein Kind im S\u00fc\u00dfwarenladen!<\/p>\n<p>Das f\u00fchrt zu einer riesigen Auswahl an Lieferoptionen im Laufe des Tages. Schon am Morgen kannst du dir dein Lieblingsfr\u00fchst\u00fcck liefern lassen \u2013 perfekt, wenn du selbst keine Zeit hattest, einkaufen zu gehen! Gegen die Mittagszeit nimmt die Anzahl der verf\u00fcgbaren Restaurants weiter zu. Am Abend, zwischen 18:00 und 21:00 Uhr, solltest du dich auf echte Entscheidungsprobleme gefasst machen, denn die Auswahl scheint schier endlos zu sein! In der Nacht nimmt das Angebot etwas ab, aber die Klassiker bleiben: Pizza, D\u00f6ner, Burger und Co.<\/p>\n<p>[\/vc_column_text][\/vc_column][vc_column width=&#8220;1\/3&#8243;][vc_single_image image=&#8220;2028428&#8243; img_size=&#8220;full&#8220; alignment=&#8220;center&#8220; css=&#8220;&#8220;][\/vc_column][\/vc_row][vc_row][vc_column width=&#8220;2\/3&#8243;][vc_column_text css=&#8220;&#8220;]<\/p>\n<h3>Sammeln von Stempelkarten<\/h3>\n<p>Ein nettes kleines Extra, das einige Restaurants auf Thuisbezorgd.nl anbieten, ist das Sammeln von Stempelkarten. Als gro\u00dfe Fans des Essensbestellens kommt uns das sehr gelegen! Jedes Mal, wenn Sie im Restaurant bestellen, sammeln Sie Guthaben f\u00fcr einen Rabatt auf Ihre n\u00e4chste Bestellung.<\/p>\n<h3>Leicht s\u00fcchtig machend<\/h3>\n<p>Bei so vielen guten Lieferrestaurants in Amsterdam m\u00fcssen wir Sie warnen, dass die Nutzung von Thuisbezorgd.nl leicht s\u00fcchtig machen kann! Wenn Sie das Gef\u00fchl haben, dass Sie mehr Abwechslung brauchen, schauen Sie sich auch die <a href=\"https:\/\/thingstodoinamsterdam.com\/de\/praktische-informationen\/besten-essenslieferdienste\/\">anderen Essenslieferdienste in Amsterdam<\/a> an.[\/vc_column_text][\/vc_column][vc_column width=&#8220;1\/3&#8243;][vc_single_image image=&#8220;2028423&#8243; img_size=&#8220;full&#8220; alignment=&#8220;center&#8220; css=&#8220;&#8220;][\/vc_column][\/vc_row]<\/p>\n<\/div>","protected":false},"excerpt":{"rendered":"<p>[vc_row][vc_column width=&#8220;2\/3&#8243;][vc_column_text css=&#8220;&#8220;]Sind Sie neu in Amsterdam und haben Hunger, aber keine Lust zu kochen? Gute Nachrichten: Essen bestellen ist hier ganz einfach mit Lieferando\u2026<\/p>\n","protected":false},"author":1,"featured_media":2028442,"parent":2028360,"menu_order":0,"comment_status":"closed","ping_status":"closed","template":"","meta":{"footnotes":""},"class_list":["post-2028437","page","type-page","status-publish","has-post-thumbnail","hentry"],"yoast_head":"<!-- This site is optimized with the Yoast SEO plugin v27.4 - https:\/\/yoast.com\/product\/yoast-seo-wordpress\/ -->\n<title>Lieferando Amsterdam und Essen bestellen in Amsterdam: Wie funktioniert das? - ThingstodoinAmsterdam.com<\/title>\n<meta name=\"robots\" content=\"index, follow, max-snippet:-1, max-image-preview:large, max-video-preview:-1\" \/>\n<link rel=\"canonical\" href=\"https:\/\/thingstodoinamsterdam.com\/de\/praktische-informationen\/besten-essenslieferdienste\/lieferando-thuisbezorgd\/\" \/>\n<meta property=\"og:locale\" content=\"de_DE\" \/>\n<meta property=\"og:type\" content=\"article\" \/>\n<meta property=\"og:title\" content=\"Lieferando Amsterdam und Essen bestellen in Amsterdam: Wie funktioniert das? - ThingstodoinAmsterdam.com\" \/>\n<meta property=\"og:description\" content=\"[vc_row][vc_column width=&#8220;2\/3&#8243;][vc_column_text css=&#8220;&#8220;]Sind Sie neu in Amsterdam und haben Hunger, aber keine Lust zu kochen? Gute Nachrichten: Essen bestellen ist hier ganz einfach mit Lieferando\u2026\" \/>\n<meta property=\"og:url\" content=\"https:\/\/thingstodoinamsterdam.com\/de\/praktische-informationen\/besten-essenslieferdienste\/lieferando-thuisbezorgd\/\" \/>\n<meta property=\"og:site_name\" content=\"ThingstodoinAmsterdam.com\" \/>\n<meta property=\"article:publisher\" content=\"https:\/\/www.facebook.com\/thingstodoinamsterdamcom\" \/>\n<meta property=\"article:modified_time\" content=\"2026-03-30T14:37:59+00:00\" \/>\n<meta property=\"og:image\" content=\"https:\/\/thingstodoinamsterdam.com\/wp-content\/uploads\/2025\/07\/Lieferando-Thuisbezord.jpg\" \/>\n\t<meta property=\"og:image:width\" content=\"819\" \/>\n\t<meta property=\"og:image:height\" content=\"819\" \/>\n\t<meta property=\"og:image:type\" content=\"image\/jpeg\" \/>\n<meta name=\"twitter:card\" content=\"summary_large_image\" \/>\n<meta name=\"twitter:label1\" content=\"Gesch\u00e4tzte Lesezeit\" \/>\n\t<meta name=\"twitter:data1\" content=\"7\u00a0Minuten\" \/>\n<script type=\"application\/ld+json\" class=\"yoast-schema-graph\">{\"@context\":\"https:\\\/\\\/schema.org\",\"@graph\":[{\"@type\":\"WebPage\",\"@id\":\"https:\\\/\\\/thingstodoinamsterdam.com\\\/de\\\/praktische-informationen\\\/besten-essenslieferdienste\\\/lieferando-thuisbezorgd\\\/\",\"url\":\"https:\\\/\\\/thingstodoinamsterdam.com\\\/de\\\/praktische-informationen\\\/besten-essenslieferdienste\\\/lieferando-thuisbezorgd\\\/\",\"name\":\"Lieferando Amsterdam und Essen bestellen in Amsterdam: Wie funktioniert das? - ThingstodoinAmsterdam.com\",\"isPartOf\":{\"@id\":\"https:\\\/\\\/thingstodoinamsterdam.com\\\/de\\\/#website\"},\"primaryImageOfPage\":{\"@id\":\"https:\\\/\\\/thingstodoinamsterdam.com\\\/de\\\/praktische-informationen\\\/besten-essenslieferdienste\\\/lieferando-thuisbezorgd\\\/#primaryimage\"},\"image\":{\"@id\":\"https:\\\/\\\/thingstodoinamsterdam.com\\\/de\\\/praktische-informationen\\\/besten-essenslieferdienste\\\/lieferando-thuisbezorgd\\\/#primaryimage\"},\"thumbnailUrl\":\"https:\\\/\\\/thingstodoinamsterdam.com\\\/wp-content\\\/uploads\\\/2025\\\/07\\\/Lieferando-Thuisbezord.jpg\",\"datePublished\":\"2025-07-28T09:53:40+00:00\",\"dateModified\":\"2026-03-30T14:37:59+00:00\",\"breadcrumb\":{\"@id\":\"https:\\\/\\\/thingstodoinamsterdam.com\\\/de\\\/praktische-informationen\\\/besten-essenslieferdienste\\\/lieferando-thuisbezorgd\\\/#breadcrumb\"},\"inLanguage\":\"de\",\"potentialAction\":[{\"@type\":\"ReadAction\",\"target\":[\"https:\\\/\\\/thingstodoinamsterdam.com\\\/de\\\/praktische-informationen\\\/besten-essenslieferdienste\\\/lieferando-thuisbezorgd\\\/\"]}]},{\"@type\":\"ImageObject\",\"inLanguage\":\"de\",\"@id\":\"https:\\\/\\\/thingstodoinamsterdam.com\\\/de\\\/praktische-informationen\\\/besten-essenslieferdienste\\\/lieferando-thuisbezorgd\\\/#primaryimage\",\"url\":\"https:\\\/\\\/thingstodoinamsterdam.com\\\/wp-content\\\/uploads\\\/2025\\\/07\\\/Lieferando-Thuisbezord.jpg\",\"contentUrl\":\"https:\\\/\\\/thingstodoinamsterdam.com\\\/wp-content\\\/uploads\\\/2025\\\/07\\\/Lieferando-Thuisbezord.jpg\",\"width\":819,\"height\":819,\"caption\":\"Lieferando - Thuisbezord\"},{\"@type\":\"BreadcrumbList\",\"@id\":\"https:\\\/\\\/thingstodoinamsterdam.com\\\/de\\\/praktische-informationen\\\/besten-essenslieferdienste\\\/lieferando-thuisbezorgd\\\/#breadcrumb\",\"itemListElement\":[{\"@type\":\"ListItem\",\"position\":1,\"name\":\"Machen in Amsterdam\",\"item\":\"https:\\\/\\\/thingstodoinamsterdam.com\\\/de\\\/\"},{\"@type\":\"ListItem\",\"position\":2,\"name\":\"Praktische Informationen\",\"item\":\"https:\\\/\\\/thingstodoinamsterdam.com\\\/de\\\/praktische-informationen\\\/\"},{\"@type\":\"ListItem\",\"position\":3,\"name\":\"Die besten Essenslieferdienste &amp; Apps in Amsterdam\",\"item\":\"https:\\\/\\\/thingstodoinamsterdam.com\\\/de\\\/praktische-informationen\\\/besten-essenslieferdienste\\\/\"},{\"@type\":\"ListItem\",\"position\":4,\"name\":\"Lieferando Amsterdam und Essen bestellen in Amsterdam: Wie funktioniert das?\"}]},{\"@type\":\"WebSite\",\"@id\":\"https:\\\/\\\/thingstodoinamsterdam.com\\\/de\\\/#website\",\"url\":\"https:\\\/\\\/thingstodoinamsterdam.com\\\/de\\\/\",\"name\":\"ThingstodoinAmsterdam.com\",\"description\":\"Amsterdam&#039;s highlights and hidden secrets\",\"publisher\":{\"@id\":\"https:\\\/\\\/thingstodoinamsterdam.com\\\/de\\\/#organization\"},\"potentialAction\":[{\"@type\":\"SearchAction\",\"target\":{\"@type\":\"EntryPoint\",\"urlTemplate\":\"https:\\\/\\\/thingstodoinamsterdam.com\\\/de\\\/?s={search_term_string}\"},\"query-input\":{\"@type\":\"PropertyValueSpecification\",\"valueRequired\":true,\"valueName\":\"search_term_string\"}}],\"inLanguage\":\"de\"},{\"@type\":\"Organization\",\"@id\":\"https:\\\/\\\/thingstodoinamsterdam.com\\\/de\\\/#organization\",\"name\":\"Machen in Amsterdam\",\"url\":\"https:\\\/\\\/thingstodoinamsterdam.com\\\/de\\\/\",\"logo\":{\"@type\":\"ImageObject\",\"inLanguage\":\"de\",\"@id\":\"https:\\\/\\\/thingstodoinamsterdam.com\\\/de\\\/#\\\/schema\\\/logo\\\/image\\\/\",\"url\":\"https:\\\/\\\/thingstodoinamsterdam.com\\\/wp-content\\\/uploads\\\/2025\\\/02\\\/ThingsToDoInAmsterdam-Favicon-logo.png\",\"contentUrl\":\"https:\\\/\\\/thingstodoinamsterdam.com\\\/wp-content\\\/uploads\\\/2025\\\/02\\\/ThingsToDoInAmsterdam-Favicon-logo.png\",\"width\":512,\"height\":512,\"caption\":\"Machen in Amsterdam\"},\"image\":{\"@id\":\"https:\\\/\\\/thingstodoinamsterdam.com\\\/de\\\/#\\\/schema\\\/logo\\\/image\\\/\"},\"sameAs\":[\"https:\\\/\\\/www.facebook.com\\\/thingstodoinamsterdamcom\"]}]}<\/script>\n<!-- \/ Yoast SEO plugin. -->","yoast_head_json":{"title":"Lieferando Amsterdam und Essen bestellen in Amsterdam: Wie funktioniert das? - ThingstodoinAmsterdam.com","robots":{"index":"index","follow":"follow","max-snippet":"max-snippet:-1","max-image-preview":"max-image-preview:large","max-video-preview":"max-video-preview:-1"},"canonical":"https:\/\/thingstodoinamsterdam.com\/de\/praktische-informationen\/besten-essenslieferdienste\/lieferando-thuisbezorgd\/","og_locale":"de_DE","og_type":"article","og_title":"Lieferando Amsterdam und Essen bestellen in Amsterdam: Wie funktioniert das? - ThingstodoinAmsterdam.com","og_description":"[vc_row][vc_column width=&#8220;2\/3&#8243;][vc_column_text css=&#8220;&#8220;]Sind Sie neu in Amsterdam und haben Hunger, aber keine Lust zu kochen? Gute Nachrichten: Essen bestellen ist hier ganz einfach mit Lieferando\u2026","og_url":"https:\/\/thingstodoinamsterdam.com\/de\/praktische-informationen\/besten-essenslieferdienste\/lieferando-thuisbezorgd\/","og_site_name":"ThingstodoinAmsterdam.com","article_publisher":"https:\/\/www.facebook.com\/thingstodoinamsterdamcom","article_modified_time":"2026-03-30T14:37:59+00:00","og_image":[{"width":819,"height":819,"url":"https:\/\/thingstodoinamsterdam.com\/wp-content\/uploads\/2025\/07\/Lieferando-Thuisbezord.jpg","type":"image\/jpeg"}],"twitter_card":"summary_large_image","twitter_misc":{"Gesch\u00e4tzte Lesezeit":"7\u00a0Minuten"},"schema":{"@context":"https:\/\/schema.org","@graph":[{"@type":"WebPage","@id":"https:\/\/thingstodoinamsterdam.com\/de\/praktische-informationen\/besten-essenslieferdienste\/lieferando-thuisbezorgd\/","url":"https:\/\/thingstodoinamsterdam.com\/de\/praktische-informationen\/besten-essenslieferdienste\/lieferando-thuisbezorgd\/","name":"Lieferando Amsterdam und Essen bestellen in Amsterdam: Wie funktioniert das? - ThingstodoinAmsterdam.com","isPartOf":{"@id":"https:\/\/thingstodoinamsterdam.com\/de\/#website"},"primaryImageOfPage":{"@id":"https:\/\/thingstodoinamsterdam.com\/de\/praktische-informationen\/besten-essenslieferdienste\/lieferando-thuisbezorgd\/#primaryimage"},"image":{"@id":"https:\/\/thingstodoinamsterdam.com\/de\/praktische-informationen\/besten-essenslieferdienste\/lieferando-thuisbezorgd\/#primaryimage"},"thumbnailUrl":"https:\/\/thingstodoinamsterdam.com\/wp-content\/uploads\/2025\/07\/Lieferando-Thuisbezord.jpg","datePublished":"2025-07-28T09:53:40+00:00","dateModified":"2026-03-30T14:37:59+00:00","breadcrumb":{"@id":"https:\/\/thingstodoinamsterdam.com\/de\/praktische-informationen\/besten-essenslieferdienste\/lieferando-thuisbezorgd\/#breadcrumb"},"inLanguage":"de","potentialAction":[{"@type":"ReadAction","target":["https:\/\/thingstodoinamsterdam.com\/de\/praktische-informationen\/besten-essenslieferdienste\/lieferando-thuisbezorgd\/"]}]},{"@type":"ImageObject","inLanguage":"de","@id":"https:\/\/thingstodoinamsterdam.com\/de\/praktische-informationen\/besten-essenslieferdienste\/lieferando-thuisbezorgd\/#primaryimage","url":"https:\/\/thingstodoinamsterdam.com\/wp-content\/uploads\/2025\/07\/Lieferando-Thuisbezord.jpg","contentUrl":"https:\/\/thingstodoinamsterdam.com\/wp-content\/uploads\/2025\/07\/Lieferando-Thuisbezord.jpg","width":819,"height":819,"caption":"Lieferando - Thuisbezord"},{"@type":"BreadcrumbList","@id":"https:\/\/thingstodoinamsterdam.com\/de\/praktische-informationen\/besten-essenslieferdienste\/lieferando-thuisbezorgd\/#breadcrumb","itemListElement":[{"@type":"ListItem","position":1,"name":"Machen in Amsterdam","item":"https:\/\/thingstodoinamsterdam.com\/de\/"},{"@type":"ListItem","position":2,"name":"Praktische Informationen","item":"https:\/\/thingstodoinamsterdam.com\/de\/praktische-informationen\/"},{"@type":"ListItem","position":3,"name":"Die besten Essenslieferdienste &amp; Apps in Amsterdam","item":"https:\/\/thingstodoinamsterdam.com\/de\/praktische-informationen\/besten-essenslieferdienste\/"},{"@type":"ListItem","position":4,"name":"Lieferando Amsterdam und Essen bestellen in Amsterdam: Wie funktioniert das?"}]},{"@type":"WebSite","@id":"https:\/\/thingstodoinamsterdam.com\/de\/#website","url":"https:\/\/thingstodoinamsterdam.com\/de\/","name":"ThingstodoinAmsterdam.com","description":"Amsterdam&#039;s highlights and hidden secrets","publisher":{"@id":"https:\/\/thingstodoinamsterdam.com\/de\/#organization"},"potentialAction":[{"@type":"SearchAction","target":{"@type":"EntryPoint","urlTemplate":"https:\/\/thingstodoinamsterdam.com\/de\/?s={search_term_string}"},"query-input":{"@type":"PropertyValueSpecification","valueRequired":true,"valueName":"search_term_string"}}],"inLanguage":"de"},{"@type":"Organization","@id":"https:\/\/thingstodoinamsterdam.com\/de\/#organization","name":"Machen in Amsterdam","url":"https:\/\/thingstodoinamsterdam.com\/de\/","logo":{"@type":"ImageObject","inLanguage":"de","@id":"https:\/\/thingstodoinamsterdam.com\/de\/#\/schema\/logo\/image\/","url":"https:\/\/thingstodoinamsterdam.com\/wp-content\/uploads\/2025\/02\/ThingsToDoInAmsterdam-Favicon-logo.png","contentUrl":"https:\/\/thingstodoinamsterdam.com\/wp-content\/uploads\/2025\/02\/ThingsToDoInAmsterdam-Favicon-logo.png","width":512,"height":512,"caption":"Machen in Amsterdam"},"image":{"@id":"https:\/\/thingstodoinamsterdam.com\/de\/#\/schema\/logo\/image\/"},"sameAs":["https:\/\/www.facebook.com\/thingstodoinamsterdamcom"]}]}},"_links":{"self":[{"href":"https:\/\/thingstodoinamsterdam.com\/de\/wp-json\/wp\/v2\/pages\/2028437","targetHints":{"allow":["GET"]}}],"collection":[{"href":"https:\/\/thingstodoinamsterdam.com\/de\/wp-json\/wp\/v2\/pages"}],"about":[{"href":"https:\/\/thingstodoinamsterdam.com\/de\/wp-json\/wp\/v2\/types\/page"}],"author":[{"embeddable":true,"href":"https:\/\/thingstodoinamsterdam.com\/de\/wp-json\/wp\/v2\/users\/1"}],"replies":[{"embeddable":true,"href":"https:\/\/thingstodoinamsterdam.com\/de\/wp-json\/wp\/v2\/comments?post=2028437"}],"version-history":[{"count":5,"href":"https:\/\/thingstodoinamsterdam.com\/de\/wp-json\/wp\/v2\/pages\/2028437\/revisions"}],"predecessor-version":[{"id":2538644,"href":"https:\/\/thingstodoinamsterdam.com\/de\/wp-json\/wp\/v2\/pages\/2028437\/revisions\/2538644"}],"up":[{"embeddable":true,"href":"https:\/\/thingstodoinamsterdam.com\/de\/wp-json\/wp\/v2\/pages\/2028360"}],"wp:featuredmedia":[{"embeddable":true,"href":"https:\/\/thingstodoinamsterdam.com\/de\/wp-json\/wp\/v2\/media\/2028442"}],"wp:attachment":[{"href":"https:\/\/thingstodoinamsterdam.com\/de\/wp-json\/wp\/v2\/media?parent=2028437"}],"curies":[{"name":"wp","href":"https:\/\/api.w.org\/{rel}","templated":true}]}}