{"id":2028629,"date":"2025-08-08T14:34:03","date_gmt":"2025-08-08T12:34:03","guid":{"rendered":"https:\/\/thingstodoinamsterdam.com\/praktische-informationen\/"},"modified":"2026-04-03T15:04:13","modified_gmt":"2026-04-03T13:04:13","slug":"praktische-informationen","status":"publish","type":"page","link":"https:\/\/thingstodoinamsterdam.com\/de\/praktische-informationen\/","title":{"rendered":"Praktische Informationen"},"content":{"rendered":"<div class=\"wpb-content-wrapper\"><p>[vc_row][vc_column][vc_column_text css=&#8220;&#8220;]In dieser Liste findest du einen schnellen \u00dcberblick \u00fcber die g\u00e4ngigsten praktischen Infothemen.<\/p>\n<ul>\n<li><strong>Notrufnummer<\/strong>: Rufe <strong>112<\/strong> im Falle einer lebensbedrohlichen Situation an.<\/li>\n<li><strong>Niederl\u00e4ndische Sprache<\/strong>: In den Niederlanden spricht man Niederl\u00e4ndisch. Dennoch wurde Englisch von vielen als zweite Sprache angenommen. Das bedeutet, dass du dich mit grundlegenden Englischkenntnissen leicht verst\u00e4ndigen kannst. Andere Sprachen, die von vielen Niederl\u00e4ndern gesprochen werden, sind Franz\u00f6sisch und Deutsch.   <\/li>\n<li><strong>Geld und W\u00e4hrung<\/strong>: Der Euro (EUR, \u20ac) wird im ganzen Land als W\u00e4hrung verwendet. Fremdw\u00e4hrungen k\u00f6nnen umgetauscht werden, werden aber nicht akzeptiert. Oder nutze einfach deine heimische Bankkarte an einem der vielen Geldautomaten. Kreditkarten werden in der Regel in Hotels, Restaurants und Tankstellen akzeptiert. Beachte jedoch, dass die meisten Superm\u00e4rkte keine Kreditkartenzahlungen akzeptieren.    <\/li>\n<li><strong>Rabattkarten<\/strong>: Amsterdams meistgenutzte Rabattkarten sind die <a href=\"https:\/\/thingstodoinamsterdam.com\/de\/praktische-informationen\/i-amsterdam-city-card\/\">I Amsterdam City Card<\/a> und die Museumkaart.<\/li>\n<li><strong>Amsterdam mit <\/strong><b>Kindern<\/b> besuchen: Amsterdam gilt als sehr sichere Stadt. Obwohl es viel Verkehr gibt, halten viele Leute nicht an Ampeln. Einige Einheimische verwenden den Begriff \u201eAmsterdamer Gr\u00fcn\u201c f\u00fcr eine rote Ampel. Dennoch gibt es viele Aktivit\u00e4ten, die man mit kleinen Kindern oder fast Erwachsenen unternehmen kann.   <\/li>\n<li><strong>Botschaften<\/strong>: \u00dcber die Website des <a href=\"https:\/\/www.government.nl\/topics\/embassies-consulates-and-other-representations\">Ministeriums f\u00fcr ausw\u00e4rtige Angelegenheiten<\/a> kannst du dein Land eingeben, um genau zu sehen, wo sich die Botschaft deines Landes befindet. Einige von euch m\u00fcssen vielleicht auch wissen, ob ein Visum f\u00fcr eure Reise obligatorisch ist. <\/li>\n<li><strong>Steckdosen und Stecker<\/strong>: In den Niederlanden wird \u00fcblicherweise der Eurostecker verwendet. Es handelt sich um einen flachen, nicht wiederverdrahtbaren zweipoligen AC-Stecker mit runden Stiften, der f\u00fcr Spannungen bis 250 V und Str\u00f6me bis 2,5 A ausgelegt ist. <\/li>\n<\/ul>\n<p>[\/vc_column_text][vc_column_text]Besuchst du Amsterdam und m\u00f6chtest gut vorbereitet sein? Schau dir die verschiedenen Themen auf dieser Website unten an![\/vc_column_text][\/vc_column][\/vc_row][vc_row][vc_column][promo_block style_var=&#8220;style2&#8243; el_id=&#8220;1565265736520-ebffa72c-0349&#8243;][promo link=&#8220;url:https%3A%2F%2Fthingstodoinamsterdam.com%2Fde%2Fpraktische-informationen%2Fi-amsterdam-city-card%2F|title:I%20amsterdam%20City%20Card|&#8220; text=&#8220;Entdecke Amsterdam mit der I Amsterdam City Card! Diese Karte gew\u00e4hrt freien Eintritt zu vielen wichtigen Attraktionen und bietet Erm\u00e4\u00dfigungen f\u00fcr noch mehr. Au\u00dferdem kann sie im \u00f6ffentlichen Nahverkehr genutzt werden, erfahre hier mehr!  &#8220; img=&#8220;2945&#8243;][promo link=&#8220;url:https%3A%2F%2Fthingstodoinamsterdam.com%2Fde%2Fverkehrsmittel-amsterdam%2Famsterdam-parken%2F|title:Parken%20in%20Amsterdam|&#8220; text=&#8220;Das Parken in Amsterdam ist ein Thema f\u00fcr sich. Die Parkgeb\u00fchren auf der Stra\u00dfe sind teuer und die Verf\u00fcgbarkeit ist begrenzt. Daher kann eine gute Planung bez\u00fcglich des Parkens dir viel Zeit und Geld sparen!  &#8220; img=&#8220;2703&#8243;][promo link=&#8220;url:https%3A%2F%2Fthingstodoinamsterdam.com%2Fde%2Fpraktische-informationen%2Fbesten-essenslieferdienste%2F|title:Beste%20Essensliefer-Dienste%20in%20Amsterdam|&#8220; text=&#8220;Genie\u00dfe das Beste der Amsterdamer kulinarischen Szene bequem von deiner Unterkunft aus! Egal, ob du Lust auf lokale holl\u00e4ndische Gerichte, frisches Sushi oder Gourmet-Burger hast, die Essensliefer-Dienste der Stadt bringen eine Welt voller Geschm\u00e4cker direkt zu deiner T\u00fcr. Entdecke die zuverl\u00e4ssigsten Plattformen, schnellsten Lieferoptionen und besten Angebote, um deinen Appetit zu stillen, ohne das Haus verlassen zu m\u00fcssen.  &#8220; img=&#8220;2028370&#8243;][promo link=&#8220;url:https%3A%2F%2Fthingstodoinamsterdam.com%2Fde%2Fwetter-klima-in-amsterdam%2F|title:Wetter%20in%20Amsterdam|&#8220; text=&#8220;In nur wenigen Minuten bist du vollst\u00e4ndig \u00fcber das Amsterdamer Wetter informiert und vorbereitet.&#8220; img=&#8220;2697&#8243;][promo link=&#8220;url:https%3A%2F%2Fthingstodoinamsterdam.com%2Fde%2Fverkehrsmittel-amsterdam%2F|title:Transport%20in%20Amsterdam|&#8220; text=&#8220;Lies alles \u00fcber Reisen in und nach Amsterdam! Die Infrastruktur des \u00f6ffentlichen Nahverkehrs ist gro\u00dfartig! Schau dir alle deine Optionen an, vom Fliegen \u00fcber das Autofahren bis hin zum Fahrradmieten nat\u00fcrlich. &#8220; img=&#8220;2695&#8243;][promo link=&#8220;url:https%3A%2F%2Fthingstodoinamsterdam.com%2Fde%2Fwo-man-in-amsterdam-uebernachtet%2F|title:Wo%20man%20in%20Amsterdam%20%C3%BCbernachtet|&#8220; text=&#8220;Wenn du dein Hotel noch nicht gebucht hast, hilft dir dieser Artikel zu verstehen, was du bei der Buchung deines Hotels\/deiner Unterkunft beachten solltest.&#8220; img=&#8220;1971&#8243;][promo link=&#8220;url:https%3A%2F%2Fthingstodoinamsterdam.com%2Fpractical-information%2Fodido-esim%2F|title:Odido%20ESIM|&#8220; text=&#8220;In Amsterdam oder anderswo in den Niederlanden in Verbindung zu bleiben, ist einfacher denn je. Eine Option, die Reisende in Betracht ziehen k\u00f6nnen, ist die Odido SimWallet eSIM. &#8220; img=&#8220;2529175&#8243;][promo link=&#8220;url:https%3A%2F%2Fthingstodoinamsterdam.com%2Fbest-time-visit-amsterdam%2F|title:Beste%20Reisezeit%20f%C3%BCr%20Amsterdam|&#8220; text=&#8220;Finde heraus, wann die beste Reisezeit f\u00fcr Amsterdam ist, je nach deinen Bed\u00fcrfnissen.&#8220; img=&#8220;1087&#8243;][promo link=&#8220;url:https%3A%2F%2Fthingstodoinamsterdam.com%2Fpractical-information%2Ftourist-information-center-amsterdam%2F|title:Touristeninformation%20Amsterdam|&#8220; text=&#8220;Finde heraus, wo sich die Touristeninformationen befinden und was sie dir bieten k\u00f6nnen!&#8220; img=&#8220;2693&#8243;][promo link=&#8220;url:https%3A%2F%2Fthingstodoinamsterdam.com%2Fpractical-information%2Ffaq-amsterdam%2F|title:FAQ%20Amsterdam|&#8220; text=&#8220;Finde deine Antwort auf die meisten h\u00e4ufig gestellten Fragen von thingstodoinamsterdam.com.&#8220; img=&#8220;2701&#8243;][promo link=&#8220;url:https%3A%2F%2Fthingstodoinamsterdam.com%2Fpractical-information%2Famsterdam-maps%2F|title:Stadtplan%20Amsterdam|&#8220; text=&#8220;Entdecke und bereite dich mit dem Stadtplan von Amsterdam vor.&#8220; img=&#8220;2699&#8243;][promo link=&#8220;url:https%3A%2F%2Fthingstodoinamsterdam.com%2Fpractical-information%2Famsterdam-apps%2F|title:Amsterdam%20Apps|&#8220; text=&#8220;Finde hier die meistgenutzten Reise-Apps f\u00fcr Amsterdam.&#8220; img=&#8220;2691&#8243;][\/promo_block][\/vc_column][\/vc_row]<\/p>\n<\/div>","protected":false},"excerpt":{"rendered":"<p>[vc_row][vc_column][vc_column_text css=&#8220;&#8220;]In dieser Liste findest du einen schnellen \u00dcberblick \u00fcber die g\u00e4ngigsten praktischen Infothemen. Notrufnummer: Rufe 112 im Falle einer lebensbedrohlichen Situation an. Niederl\u00e4ndische Sprache:\u2026<\/p>\n","protected":false},"author":1,"featured_media":11029,"parent":0,"menu_order":0,"comment_status":"closed","ping_status":"closed","template":"","meta":{"footnotes":""},"class_list":["post-2028629","page","type-page","status-publish","has-post-thumbnail","hentry"],"yoast_head":"<!-- This site is optimized with the Yoast SEO plugin v27.4 - https:\/\/yoast.com\/product\/yoast-seo-wordpress\/ -->\n<title>Praktische Informationen \u2013 thingstodoinamsterdam.com<\/title>\n<meta name=\"description\" content=\"Schau dir die praktischen Informationen f\u00fcr deine Reise nach Amsterdam an. Diese Informationen helfen dir, viel Geld und Zeit zu sparen. Sei gut vorbereitet!\" \/>\n<meta name=\"robots\" content=\"index, follow, max-snippet:-1, max-image-preview:large, max-video-preview:-1\" \/>\n<link rel=\"canonical\" href=\"https:\/\/thingstodoinamsterdam.com\/de\/praktische-informationen\/\" \/>\n<meta property=\"og:locale\" content=\"de_DE\" \/>\n<meta property=\"og:type\" content=\"article\" \/>\n<meta property=\"og:title\" content=\"Praktische Informationen \u2013 thingstodoinamsterdam.com\" \/>\n<meta property=\"og:description\" content=\"Schau dir die praktischen Informationen f\u00fcr deine Reise nach Amsterdam an. Diese Informationen helfen dir, viel Geld und Zeit zu sparen. Sei gut vorbereitet!\" \/>\n<meta property=\"og:url\" content=\"https:\/\/thingstodoinamsterdam.com\/de\/praktische-informationen\/\" \/>\n<meta property=\"og:site_name\" content=\"ThingstodoinAmsterdam.com\" \/>\n<meta property=\"article:publisher\" content=\"https:\/\/www.facebook.com\/thingstodoinamsterdamcom\" \/>\n<meta property=\"article:modified_time\" content=\"2026-04-03T13:04:13+00:00\" \/>\n<meta property=\"og:image\" content=\"https:\/\/thingstodoinamsterdam.com\/wp-content\/uploads\/2021\/08\/faq.jpg\" \/>\n\t<meta property=\"og:image:width\" content=\"400\" \/>\n\t<meta property=\"og:image:height\" content=\"219\" \/>\n\t<meta property=\"og:image:type\" content=\"image\/jpeg\" \/>\n<meta name=\"twitter:card\" content=\"summary_large_image\" \/>\n<meta name=\"twitter:label1\" content=\"Gesch\u00e4tzte Lesezeit\" \/>\n\t<meta name=\"twitter:data1\" content=\"4\u00a0Minuten\" \/>\n<script type=\"application\/ld+json\" class=\"yoast-schema-graph\">{\"@context\":\"https:\\\/\\\/schema.org\",\"@graph\":[{\"@type\":\"WebPage\",\"@id\":\"https:\\\/\\\/thingstodoinamsterdam.com\\\/de\\\/praktische-informationen\\\/\",\"url\":\"https:\\\/\\\/thingstodoinamsterdam.com\\\/de\\\/praktische-informationen\\\/\",\"name\":\"Praktische Informationen \u2013 thingstodoinamsterdam.com\",\"isPartOf\":{\"@id\":\"https:\\\/\\\/thingstodoinamsterdam.com\\\/de\\\/#website\"},\"primaryImageOfPage\":{\"@id\":\"https:\\\/\\\/thingstodoinamsterdam.com\\\/de\\\/praktische-informationen\\\/#primaryimage\"},\"image\":{\"@id\":\"https:\\\/\\\/thingstodoinamsterdam.com\\\/de\\\/praktische-informationen\\\/#primaryimage\"},\"thumbnailUrl\":\"https:\\\/\\\/thingstodoinamsterdam.com\\\/wp-content\\\/uploads\\\/2021\\\/08\\\/faq.jpg\",\"datePublished\":\"2025-08-08T12:34:03+00:00\",\"dateModified\":\"2026-04-03T13:04:13+00:00\",\"description\":\"Schau dir die praktischen Informationen f\u00fcr deine Reise nach Amsterdam an. Diese Informationen helfen dir, viel Geld und Zeit zu sparen. Sei gut vorbereitet!\",\"breadcrumb\":{\"@id\":\"https:\\\/\\\/thingstodoinamsterdam.com\\\/de\\\/praktische-informationen\\\/#breadcrumb\"},\"inLanguage\":\"de\",\"potentialAction\":[{\"@type\":\"ReadAction\",\"target\":[\"https:\\\/\\\/thingstodoinamsterdam.com\\\/de\\\/praktische-informationen\\\/\"]}]},{\"@type\":\"ImageObject\",\"inLanguage\":\"de\",\"@id\":\"https:\\\/\\\/thingstodoinamsterdam.com\\\/de\\\/praktische-informationen\\\/#primaryimage\",\"url\":\"https:\\\/\\\/thingstodoinamsterdam.com\\\/wp-content\\\/uploads\\\/2021\\\/08\\\/faq.jpg\",\"contentUrl\":\"https:\\\/\\\/thingstodoinamsterdam.com\\\/wp-content\\\/uploads\\\/2021\\\/08\\\/faq.jpg\",\"width\":400,\"height\":219,\"caption\":\"faq\"},{\"@type\":\"BreadcrumbList\",\"@id\":\"https:\\\/\\\/thingstodoinamsterdam.com\\\/de\\\/praktische-informationen\\\/#breadcrumb\",\"itemListElement\":[{\"@type\":\"ListItem\",\"position\":1,\"name\":\"Machen in Amsterdam\",\"item\":\"https:\\\/\\\/thingstodoinamsterdam.com\\\/de\\\/\"},{\"@type\":\"ListItem\",\"position\":2,\"name\":\"Praktische Informationen\"}]},{\"@type\":\"WebSite\",\"@id\":\"https:\\\/\\\/thingstodoinamsterdam.com\\\/de\\\/#website\",\"url\":\"https:\\\/\\\/thingstodoinamsterdam.com\\\/de\\\/\",\"name\":\"ThingstodoinAmsterdam.com\",\"description\":\"Amsterdam&#039;s highlights and hidden secrets\",\"publisher\":{\"@id\":\"https:\\\/\\\/thingstodoinamsterdam.com\\\/de\\\/#organization\"},\"potentialAction\":[{\"@type\":\"SearchAction\",\"target\":{\"@type\":\"EntryPoint\",\"urlTemplate\":\"https:\\\/\\\/thingstodoinamsterdam.com\\\/de\\\/?s={search_term_string}\"},\"query-input\":{\"@type\":\"PropertyValueSpecification\",\"valueRequired\":true,\"valueName\":\"search_term_string\"}}],\"inLanguage\":\"de\"},{\"@type\":\"Organization\",\"@id\":\"https:\\\/\\\/thingstodoinamsterdam.com\\\/de\\\/#organization\",\"name\":\"Machen in Amsterdam\",\"url\":\"https:\\\/\\\/thingstodoinamsterdam.com\\\/de\\\/\",\"logo\":{\"@type\":\"ImageObject\",\"inLanguage\":\"de\",\"@id\":\"https:\\\/\\\/thingstodoinamsterdam.com\\\/de\\\/#\\\/schema\\\/logo\\\/image\\\/\",\"url\":\"https:\\\/\\\/thingstodoinamsterdam.com\\\/wp-content\\\/uploads\\\/2025\\\/02\\\/ThingsToDoInAmsterdam-Favicon-logo.png\",\"contentUrl\":\"https:\\\/\\\/thingstodoinamsterdam.com\\\/wp-content\\\/uploads\\\/2025\\\/02\\\/ThingsToDoInAmsterdam-Favicon-logo.png\",\"width\":512,\"height\":512,\"caption\":\"Machen in Amsterdam\"},\"image\":{\"@id\":\"https:\\\/\\\/thingstodoinamsterdam.com\\\/de\\\/#\\\/schema\\\/logo\\\/image\\\/\"},\"sameAs\":[\"https:\\\/\\\/www.facebook.com\\\/thingstodoinamsterdamcom\"]}]}<\/script>\n<!-- \/ Yoast SEO plugin. -->","yoast_head_json":{"title":"Praktische Informationen \u2013 thingstodoinamsterdam.com","description":"Schau dir die praktischen Informationen f\u00fcr deine Reise nach Amsterdam an. Diese Informationen helfen dir, viel Geld und Zeit zu sparen. Sei gut vorbereitet!","robots":{"index":"index","follow":"follow","max-snippet":"max-snippet:-1","max-image-preview":"max-image-preview:large","max-video-preview":"max-video-preview:-1"},"canonical":"https:\/\/thingstodoinamsterdam.com\/de\/praktische-informationen\/","og_locale":"de_DE","og_type":"article","og_title":"Praktische Informationen \u2013 thingstodoinamsterdam.com","og_description":"Schau dir die praktischen Informationen f\u00fcr deine Reise nach Amsterdam an. Diese Informationen helfen dir, viel Geld und Zeit zu sparen. Sei gut vorbereitet!","og_url":"https:\/\/thingstodoinamsterdam.com\/de\/praktische-informationen\/","og_site_name":"ThingstodoinAmsterdam.com","article_publisher":"https:\/\/www.facebook.com\/thingstodoinamsterdamcom","article_modified_time":"2026-04-03T13:04:13+00:00","og_image":[{"width":400,"height":219,"url":"https:\/\/thingstodoinamsterdam.com\/wp-content\/uploads\/2021\/08\/faq.jpg","type":"image\/jpeg"}],"twitter_card":"summary_large_image","twitter_misc":{"Gesch\u00e4tzte Lesezeit":"4\u00a0Minuten"},"schema":{"@context":"https:\/\/schema.org","@graph":[{"@type":"WebPage","@id":"https:\/\/thingstodoinamsterdam.com\/de\/praktische-informationen\/","url":"https:\/\/thingstodoinamsterdam.com\/de\/praktische-informationen\/","name":"Praktische Informationen \u2013 thingstodoinamsterdam.com","isPartOf":{"@id":"https:\/\/thingstodoinamsterdam.com\/de\/#website"},"primaryImageOfPage":{"@id":"https:\/\/thingstodoinamsterdam.com\/de\/praktische-informationen\/#primaryimage"},"image":{"@id":"https:\/\/thingstodoinamsterdam.com\/de\/praktische-informationen\/#primaryimage"},"thumbnailUrl":"https:\/\/thingstodoinamsterdam.com\/wp-content\/uploads\/2021\/08\/faq.jpg","datePublished":"2025-08-08T12:34:03+00:00","dateModified":"2026-04-03T13:04:13+00:00","description":"Schau dir die praktischen Informationen f\u00fcr deine Reise nach Amsterdam an. Diese Informationen helfen dir, viel Geld und Zeit zu sparen. Sei gut vorbereitet!","breadcrumb":{"@id":"https:\/\/thingstodoinamsterdam.com\/de\/praktische-informationen\/#breadcrumb"},"inLanguage":"de","potentialAction":[{"@type":"ReadAction","target":["https:\/\/thingstodoinamsterdam.com\/de\/praktische-informationen\/"]}]},{"@type":"ImageObject","inLanguage":"de","@id":"https:\/\/thingstodoinamsterdam.com\/de\/praktische-informationen\/#primaryimage","url":"https:\/\/thingstodoinamsterdam.com\/wp-content\/uploads\/2021\/08\/faq.jpg","contentUrl":"https:\/\/thingstodoinamsterdam.com\/wp-content\/uploads\/2021\/08\/faq.jpg","width":400,"height":219,"caption":"faq"},{"@type":"BreadcrumbList","@id":"https:\/\/thingstodoinamsterdam.com\/de\/praktische-informationen\/#breadcrumb","itemListElement":[{"@type":"ListItem","position":1,"name":"Machen in Amsterdam","item":"https:\/\/thingstodoinamsterdam.com\/de\/"},{"@type":"ListItem","position":2,"name":"Praktische Informationen"}]},{"@type":"WebSite","@id":"https:\/\/thingstodoinamsterdam.com\/de\/#website","url":"https:\/\/thingstodoinamsterdam.com\/de\/","name":"ThingstodoinAmsterdam.com","description":"Amsterdam&#039;s highlights and hidden secrets","publisher":{"@id":"https:\/\/thingstodoinamsterdam.com\/de\/#organization"},"potentialAction":[{"@type":"SearchAction","target":{"@type":"EntryPoint","urlTemplate":"https:\/\/thingstodoinamsterdam.com\/de\/?s={search_term_string}"},"query-input":{"@type":"PropertyValueSpecification","valueRequired":true,"valueName":"search_term_string"}}],"inLanguage":"de"},{"@type":"Organization","@id":"https:\/\/thingstodoinamsterdam.com\/de\/#organization","name":"Machen in Amsterdam","url":"https:\/\/thingstodoinamsterdam.com\/de\/","logo":{"@type":"ImageObject","inLanguage":"de","@id":"https:\/\/thingstodoinamsterdam.com\/de\/#\/schema\/logo\/image\/","url":"https:\/\/thingstodoinamsterdam.com\/wp-content\/uploads\/2025\/02\/ThingsToDoInAmsterdam-Favicon-logo.png","contentUrl":"https:\/\/thingstodoinamsterdam.com\/wp-content\/uploads\/2025\/02\/ThingsToDoInAmsterdam-Favicon-logo.png","width":512,"height":512,"caption":"Machen in Amsterdam"},"image":{"@id":"https:\/\/thingstodoinamsterdam.com\/de\/#\/schema\/logo\/image\/"},"sameAs":["https:\/\/www.facebook.com\/thingstodoinamsterdamcom"]}]}},"_links":{"self":[{"href":"https:\/\/thingstodoinamsterdam.com\/de\/wp-json\/wp\/v2\/pages\/2028629","targetHints":{"allow":["GET"]}}],"collection":[{"href":"https:\/\/thingstodoinamsterdam.com\/de\/wp-json\/wp\/v2\/pages"}],"about":[{"href":"https:\/\/thingstodoinamsterdam.com\/de\/wp-json\/wp\/v2\/types\/page"}],"author":[{"embeddable":true,"href":"https:\/\/thingstodoinamsterdam.com\/de\/wp-json\/wp\/v2\/users\/1"}],"replies":[{"embeddable":true,"href":"https:\/\/thingstodoinamsterdam.com\/de\/wp-json\/wp\/v2\/comments?post=2028629"}],"version-history":[{"count":6,"href":"https:\/\/thingstodoinamsterdam.com\/de\/wp-json\/wp\/v2\/pages\/2028629\/revisions"}],"predecessor-version":[{"id":2539183,"href":"https:\/\/thingstodoinamsterdam.com\/de\/wp-json\/wp\/v2\/pages\/2028629\/revisions\/2539183"}],"wp:featuredmedia":[{"embeddable":true,"href":"https:\/\/thingstodoinamsterdam.com\/de\/wp-json\/wp\/v2\/media\/11029"}],"wp:attachment":[{"href":"https:\/\/thingstodoinamsterdam.com\/de\/wp-json\/wp\/v2\/media?parent=2028629"}],"curies":[{"name":"wp","href":"https:\/\/api.w.org\/{rel}","templated":true}]}}