{"id":2529237,"date":"2025-09-12T17:15:42","date_gmt":"2025-09-12T15:15:42","guid":{"rendered":"https:\/\/thingstodoinamsterdam.com\/praktische-informationen\/besten-essenslieferdienste\/factor-meals-leckere-fertiggerichte\/"},"modified":"2026-02-06T17:09:39","modified_gmt":"2026-02-06T16:09:39","slug":"factor-meals","status":"publish","type":"page","link":"https:\/\/thingstodoinamsterdam.com\/de\/praktische-informationen\/besten-essenslieferdienste\/factor-meals\/","title":{"rendered":"Factor Meals \u2013 leckere Fertiggerichte"},"content":{"rendered":"<div class=\"wpb-content-wrapper\"><p>[vc_row][vc_column width=&#8220;2\/3&#8243;][vc_column_text css=&#8220;&#8220;]Haben Sie auch einen \u00fcberf\u00fcllten Terminkalender und deshalb wenig Zeit zum Kochen? Dann ist Essensbestellung oft eine einfache L\u00f6sung. Wenn Sie jedoch auch ein wenig in Form bleiben m\u00f6chten, ist dies oft nicht die beste L\u00f6sung. Auch kann die Lieferung manchmal (zu) lange dauern, ist teuer und die Qualit\u00e4t schwankend. Wenn Sie dies kennen, dann k\u00f6nnte Factor Meals die L\u00f6sung f\u00fcr Sie sein! Factor liefert n\u00e4mlich gesunde, schmackhafte Fertiggerichte nach Hause. Die Rezepte wechseln regelm\u00e4\u00dfig und werden in Zusammenarbeit mit Di\u00e4tassistenten zusammengestellt. Mit den Fertiggerichten von Factor behalten Sie also den Komfort, nicht kochen zu m\u00fcssen, ohne Kompromisse bei der Gesundheit eingehen zu m\u00fcssen!<\/p><div id=\"ez-toc-container\" class=\"ez-toc-v2_0_82_2 counter-hierarchy ez-toc-counter ez-toc-custom ez-toc-container-direction\">\n<div class=\"ez-toc-title-container\">\n<span class=\"ez-toc-title-toggle\"><a href=\"#\" class=\"ez-toc-pull-right ez-toc-btn ez-toc-btn-xs ez-toc-btn-default ez-toc-toggle\" aria-label=\"Toggle Table of Content\"><span class=\"ez-toc-js-icon-con\"><span class=\"\"><span class=\"eztoc-hide\" style=\"display:none;\">Toggle<\/span><span class=\"ez-toc-icon-toggle-span\"><svg style=\"fill: #999;color:#999\" xmlns=\"http:\/\/www.w3.org\/2000\/svg\" class=\"list-377408\" width=\"20px\" height=\"20px\" viewBox=\"0 0 24 24\" fill=\"none\"><path d=\"M6 6H4v2h2V6zm14 0H8v2h12V6zM4 11h2v2H4v-2zm16 0H8v2h12v-2zM4 16h2v2H4v-2zm16 0H8v2h12v-2z\" fill=\"currentColor\"><\/path><\/svg><svg style=\"fill: #999;color:#999\" class=\"arrow-unsorted-368013\" xmlns=\"http:\/\/www.w3.org\/2000\/svg\" width=\"10px\" height=\"10px\" viewBox=\"0 0 24 24\" version=\"1.2\" baseProfile=\"tiny\"><path d=\"M18.2 9.3l-6.2-6.3-6.2 6.3c-.2.2-.3.4-.3.7s.1.5.3.7c.2.2.4.3.7.3h11c.3 0 .5-.1.7-.3.2-.2.3-.5.3-.7s-.1-.5-.3-.7zM5.8 14.7l6.2 6.3 6.2-6.3c.2-.2.3-.5.3-.7s-.1-.5-.3-.7c-.2-.2-.4-.3-.7-.3h-11c-.3 0-.5.1-.7.3-.2.2-.3.5-.3.7s.1.5.3.7z\"\/><\/svg><\/span><\/span><\/span><\/a><\/span><\/div>\n<nav><ul class='ez-toc-list ez-toc-list-level-1 ' ><li class='ez-toc-page-1 ez-toc-heading-level-2'><a class=\"ez-toc-link ez-toc-heading-1\" href=\"https:\/\/thingstodoinamsterdam.com\/de\/praktische-informationen\/besten-essenslieferdienste\/factor-meals\/#wie-funktioniert-das-konzept-von-factor\" >Wie funktioniert das Konzept von Factor?<\/a><\/li><li class='ez-toc-page-1 ez-toc-heading-level-2'><a class=\"ez-toc-link ez-toc-heading-2\" href=\"https:\/\/thingstodoinamsterdam.com\/de\/praktische-informationen\/besten-essenslieferdienste\/factor-meals\/#unsere-erfahrung-mit-den-fertiggerichten-von-factor\" >Unsere Erfahrung mit den Fertiggerichten von Factor<\/a><\/li><\/ul><\/nav><\/div>\n\n<p>Bist du nur kurz in Amsterdam? Die leckeren <a href=\"https:\/\/www.factormeals.de\/fertiggerichte\">Fertiggerichte von Factor<\/a> kannst du auch in Deutschland bestellen![\/vc_column_text][\/vc_column][vc_column width=&#8220;1\/3&#8243;][vc_single_image image=&#8220;2529169&#8243; img_size=&#8220;full&#8220; alignment=&#8220;center&#8220; css=&#8220;&#8220;][\/vc_column][\/vc_row][vc_row][vc_column][vc_column_text css=&#8220;&#8220;]<\/p>\n<h2><span class=\"ez-toc-section\" id=\"wie-funktioniert-das-konzept-von-factor\"><\/span>Wie funktioniert das Konzept von Factor?<span class=\"ez-toc-section-end\"><\/span><\/h2>\n<p>Als Kunde von Factor Meals erhalten Sie w\u00f6chentlich eine Einladung, das neue Men\u00fc anzusehen, um Ihre Mahlzeiten f\u00fcr die kommende Woche auszuw\u00e4hlen. Die Mahlzeiten sind so eingeteilt, dass sie verschiedenen Di\u00e4ten entsprechen;<\/p>\n<ol>\n<li>Keto<\/li>\n<li>Chef&#8217;s Choice<\/li>\n<li>Proteinreich<\/li>\n<li>Kalorienbewusst<\/li>\n<\/ol>\n<p>Selbstverst\u00e4ndlich k\u00f6nnen Sie diese auch nach eigenem Wunsch und Geschmack mischen! Die Mahlzeiten enthalten immer mindestens 150 Gramm Gem\u00fcse und werden frisch (nicht gefroren) geliefert. Sie k\u00f6nnen die Mahlzeiten auch automatisch ausw\u00e4hlen lassen, indem Sie Ihr gew\u00fcnschtes Di\u00e4t und Allergien angeben; dann m\u00fcssen Sie nicht weiter pr\u00fcfen, was diese Woche auf der Speisekarte steht, und werden jede Woche \u00fcberrascht.<\/p>\n<h3>Flexibles Abonnement<\/h3>\n<p>Als Kunde von Factor haben Sie immer ein Abonnement, das Sie flexibel anpassen k\u00f6nnen. Sie k\u00f6nnen zwischen 4 und 14 Mahlzeiten pro Woche w\u00e4hlen. Zudem k\u00f6nnen Sie einfach zus\u00e4tzliche Mahlzeiten zu Ihrer Lieferung hinzuf\u00fcgen, wenn Sie sich nicht entscheiden k\u00f6nnen oder zum Beispiel Besuch bekommen. \u00c4nderungen an Ihrer Bestellung geben Sie sp\u00e4testens bis Mittwoch im Voraus bei Factor durch, dies ist \u00fcber die Website oder die praktische App m\u00f6glich.<\/p>\n<p>[\/vc_column_text][\/vc_column][\/vc_row][vc_row][vc_column][vc_single_image image=&#8220;2529201&#8243; img_size=&#8220;full&#8220; alignment=&#8220;center&#8220; css=&#8220;&#8220;][\/vc_column][\/vc_row][vc_row][vc_column width=&#8220;2\/3&#8243;][vc_column_text css=&#8220;&#8220;]<\/p>\n<h2><span class=\"ez-toc-section\" id=\"unsere-erfahrung-mit-den-fertiggerichten-von-factor\"><\/span>Unsere Erfahrung mit den Fertiggerichten von Factor<span class=\"ez-toc-section-end\"><\/span><\/h2>\n<p>Um zu sehen, wie die Mahlzeiten von Factor ankommen, habe ich mich f\u00fcr eine Box mit 8 Mahlzeiten entschieden. Bei der Auswahl der Gerichte fand ich ausreichend Auswahl und Abwechslung. Ich muss jedoch hinzuf\u00fcgen, dass ich ein relativ unkomplizierter Esser bin, der eigentlich (fast) alles mag und keine Allergien hat. Die Auswahl von 8 Mahlzeiten war also schnell erledigt, obwohl ich noch mehr Mahlzeiten gesehen habe, die ich gerne probiert h\u00e4tte!<\/p>\n<p>Ich hatte meine Mahlzeiten an einem Freitag bestellt. Die erste Lieferung der Mahlzeiten dauerte anderthalb Wochen, wodurch ich es schon wieder etwas vergessen hatte. Die Lieferung war \u00e4u\u00dferst p\u00fcnktlich. Sie wurde zwischen 07:00 Uhr morgens und 12:00 Uhr mittags angek\u00fcndigt. Der Zusteller stand bereits um 7:15 Uhr vor der T\u00fcr, eine Zeit, mit der ich nicht ganz gerechnet hatte. Der Zusteller klingelte auch, damit ich die Mahlzeiten kalt stellen konnte, an sich logisch, aber nach meinem Geschmack etwas zu fr\u00fch zum Klingeln.[\/vc_column_text][\/vc_column][vc_column width=&#8220;1\/3&#8243;][vc_single_image image=&#8220;2529186&#8243; img_size=&#8220;full&#8220; alignment=&#8220;center&#8220; css=&#8220;&#8220;][\/vc_column][\/vc_row][vc_row][vc_column width=&#8220;2\/3&#8243;][vc_column_text css=&#8220;&#8220;]<\/p>\n<h3>Erster Eindruck<\/h3>\n<p>Der erste Eindruck ist ausgezeichnet. Die Mahlzeiten sind professionell einzeln verpackt, und jede Mahlzeit hat ihre eigene Banderole mit Informationen \u00fcber das Gericht und die Zutaten. Zudem liegen der Box noch einige Einladungen bei, damit Ihre Freunde oder Familie Factor ebenfalls kostenlos kennenlernen k\u00f6nnen. Wenn Sie die Banderolen von der Mahlzeit entfernen, sehen die Mahlzeiten noch nicht so gut aus wie auf den Bildern, da einige Zutaten wie die So\u00dfe beim Erw\u00e4rmen schmelzen m\u00fcssen.<\/p>\n<h3>Die Zubereitung der Mahlzeiten<\/h3>\n<p>Wie Sie es von einem Fertiggericht erwarten k\u00f6nnen, m\u00fcssen Sie f\u00fcr die Zubereitung der Mahlzeit nichts weiter tun, als eine Mikrowelle\/einen Ofen zu bedienen. In meinem Fall entscheide ich mich daf\u00fcr, den Ofen zu verwenden. Der Ofen dauert etwa 10-15 Minuten l\u00e4nger als die Mikrowelle, aber ich pers\u00f6nlich finde, dass im Ofen erw\u00e4rmtes Essen geschmacklich und strukturell besser ist.[\/vc_column_text][\/vc_column][vc_column width=&#8220;1\/3&#8243;][vc_single_image image=&#8220;2529191&#8243; img_size=&#8220;full&#8220; alignment=&#8220;center&#8220; css=&#8220;&#8220;][\/vc_column][\/vc_row][vc_row][vc_column width=&#8220;2\/3&#8243;][vc_column_text css=&#8220;&#8220;]<\/p>\n<h3>Die Qualit\u00e4t und der Geschmack der Mahlzeiten<\/h3>\n<p>Mit dem Geschmack des Essens bin ich sehr zufrieden! Ich bin jemand, der Gerichte mit viel Geschmack mag, und das ist bei den meisten Gerichten ausgezeichnet. Das Gem\u00fcse und das Fleisch sind oft mit einer So\u00dfe und Kr\u00e4utern mariniert. Hier und da d\u00fcrfte es f\u00fcr meinen Geschmack etwas sch\u00e4rfer sein, aber das ist pers\u00f6nlich, und gl\u00fccklicherweise habe ich immer Sambal im Haus.<\/p>\n<h3>Die Portionsgr\u00f6\u00dfe<\/h3>\n<p>Die Menge der Mahlzeiten ist f\u00fcr mich pers\u00f6nlich etwas zu gering. Insbesondere die Keto-Mahlzeiten ohne Kohlenhydrate sind nicht in der Lage, mir ein wirklich s\u00e4ttigendes Gef\u00fchl zu geben. Dies k\u00f6nnten Sie eventuell l\u00f6sen, indem Sie selbst zum Beispiel Brot, Reis oder Pasta hinzuf\u00fcgen oder nat\u00fcrlich die Keto-Optionen nicht mehr ausw\u00e4hlen. Ich selbst esse nur zwei Mahlzeiten pro Tag, wodurch ich es gewohnt bin, besonders beim Abendessen eine gr\u00f6\u00dfere Portion zu mir zu nehmen. Mit den Fertiggerichten von Factor k\u00f6nnte ich eigentlich zwei Mahlzeiten essen, um ausreichend gegessen zu haben.[\/vc_column_text][\/vc_column][vc_column width=&#8220;1\/3&#8243;][vc_single_image image=&#8220;2529196&#8243; img_size=&#8220;full&#8220; alignment=&#8220;center&#8220; css=&#8220;&#8220;][\/vc_column][\/vc_row][vc_row][vc_column][vc_column_text css=&#8220;&#8220;]<\/p>\n<h3>Fazit<\/h3>\n<p>Factor ist eine ausgezeichnete Option f\u00fcr alle, die Zeit beim Kochen sparen m\u00f6chten, ohne dabei ihre Gesundheit oder Di\u00e4t zu beeintr\u00e4chtigen. Factor arbeitet immer mit einem Abonnement, das jedoch w\u00f6chentlich einfach angepasst werden kann. Es gibt eine recht gro\u00dfe Vielfalt an Gerichten, die Sie w\u00e4hlen k\u00f6nnen, und die Rezepte wechseln regelm\u00e4\u00dfig, sodass Sie nicht immer dasselbe essen. Die Mahlzeiten werden frisch geliefert, was der Qualit\u00e4t zugutekommt, aber die Haltbarkeit begrenzt. Die Gerichte sind sehr schmackhaft und im Handumdrehen fertig. Abh\u00e4ngig vom Gericht und dem Appetit sind die Portionen f\u00fcr einen gro\u00dfen Esser eher klein.[\/vc_column_text][\/vc_column][\/vc_row]<\/p>\n<\/div>","protected":false},"excerpt":{"rendered":"<p>[vc_row][vc_column width=&#8220;2\/3&#8243;][vc_column_text css=&#8220;&#8220;]Haben Sie auch einen \u00fcberf\u00fcllten Terminkalender und deshalb wenig Zeit zum Kochen? Dann ist Essensbestellung oft eine einfache L\u00f6sung. Wenn Sie jedoch auch\u2026<\/p>\n","protected":false},"author":1,"featured_media":2529169,"parent":2028360,"menu_order":0,"comment_status":"closed","ping_status":"closed","template":"","meta":{"footnotes":""},"class_list":["post-2529237","page","type-page","status-publish","has-post-thumbnail","hentry"],"yoast_head":"<!-- This site is optimized with the Yoast SEO plugin v27.4 - https:\/\/yoast.com\/product\/yoast-seo-wordpress\/ -->\n<title>Factor Meals \u2013 leckere Fertiggerichte - ThingstodoinAmsterdam.com<\/title>\n<meta name=\"robots\" content=\"index, follow, max-snippet:-1, max-image-preview:large, max-video-preview:-1\" \/>\n<link rel=\"canonical\" href=\"https:\/\/thingstodoinamsterdam.com\/de\/praktische-informationen\/besten-essenslieferdienste\/factor-meals\/\" \/>\n<meta property=\"og:locale\" content=\"de_DE\" \/>\n<meta property=\"og:type\" content=\"article\" \/>\n<meta property=\"og:title\" content=\"Factor Meals \u2013 leckere Fertiggerichte - ThingstodoinAmsterdam.com\" \/>\n<meta property=\"og:description\" content=\"[vc_row][vc_column width=&#8220;2\/3&#8243;][vc_column_text css=&#8220;&#8220;]Haben Sie auch einen \u00fcberf\u00fcllten Terminkalender und deshalb wenig Zeit zum Kochen? Dann ist Essensbestellung oft eine einfache L\u00f6sung. Wenn Sie jedoch auch\u2026\" \/>\n<meta property=\"og:url\" content=\"https:\/\/thingstodoinamsterdam.com\/de\/praktische-informationen\/besten-essenslieferdienste\/factor-meals\/\" \/>\n<meta property=\"og:site_name\" content=\"ThingstodoinAmsterdam.com\" \/>\n<meta property=\"article:publisher\" content=\"https:\/\/www.facebook.com\/thingstodoinamsterdamcom\" \/>\n<meta property=\"article:modified_time\" content=\"2026-02-06T16:09:39+00:00\" \/>\n<meta property=\"og:image\" content=\"https:\/\/thingstodoinamsterdam.com\/wp-content\/uploads\/2025\/09\/Factor-meals-logo.jpg\" \/>\n\t<meta property=\"og:image:width\" content=\"800\" \/>\n\t<meta property=\"og:image:height\" content=\"800\" \/>\n\t<meta property=\"og:image:type\" content=\"image\/jpeg\" \/>\n<meta name=\"twitter:card\" content=\"summary_large_image\" \/>\n<meta name=\"twitter:label1\" content=\"Gesch\u00e4tzte Lesezeit\" \/>\n\t<meta name=\"twitter:data1\" content=\"5\u00a0Minuten\" \/>\n<script type=\"application\/ld+json\" class=\"yoast-schema-graph\">{\"@context\":\"https:\\\/\\\/schema.org\",\"@graph\":[{\"@type\":\"WebPage\",\"@id\":\"https:\\\/\\\/thingstodoinamsterdam.com\\\/de\\\/praktische-informationen\\\/besten-essenslieferdienste\\\/factor-meals\\\/\",\"url\":\"https:\\\/\\\/thingstodoinamsterdam.com\\\/de\\\/praktische-informationen\\\/besten-essenslieferdienste\\\/factor-meals\\\/\",\"name\":\"Factor Meals \u2013 leckere Fertiggerichte - ThingstodoinAmsterdam.com\",\"isPartOf\":{\"@id\":\"https:\\\/\\\/thingstodoinamsterdam.com\\\/de\\\/#website\"},\"primaryImageOfPage\":{\"@id\":\"https:\\\/\\\/thingstodoinamsterdam.com\\\/de\\\/praktische-informationen\\\/besten-essenslieferdienste\\\/factor-meals\\\/#primaryimage\"},\"image\":{\"@id\":\"https:\\\/\\\/thingstodoinamsterdam.com\\\/de\\\/praktische-informationen\\\/besten-essenslieferdienste\\\/factor-meals\\\/#primaryimage\"},\"thumbnailUrl\":\"https:\\\/\\\/thingstodoinamsterdam.com\\\/wp-content\\\/uploads\\\/2025\\\/09\\\/Factor-meals-logo.jpg\",\"datePublished\":\"2025-09-12T15:15:42+00:00\",\"dateModified\":\"2026-02-06T16:09:39+00:00\",\"breadcrumb\":{\"@id\":\"https:\\\/\\\/thingstodoinamsterdam.com\\\/de\\\/praktische-informationen\\\/besten-essenslieferdienste\\\/factor-meals\\\/#breadcrumb\"},\"inLanguage\":\"de\",\"potentialAction\":[{\"@type\":\"ReadAction\",\"target\":[\"https:\\\/\\\/thingstodoinamsterdam.com\\\/de\\\/praktische-informationen\\\/besten-essenslieferdienste\\\/factor-meals\\\/\"]}]},{\"@type\":\"ImageObject\",\"inLanguage\":\"de\",\"@id\":\"https:\\\/\\\/thingstodoinamsterdam.com\\\/de\\\/praktische-informationen\\\/besten-essenslieferdienste\\\/factor-meals\\\/#primaryimage\",\"url\":\"https:\\\/\\\/thingstodoinamsterdam.com\\\/wp-content\\\/uploads\\\/2025\\\/09\\\/Factor-meals-logo.jpg\",\"contentUrl\":\"https:\\\/\\\/thingstodoinamsterdam.com\\\/wp-content\\\/uploads\\\/2025\\\/09\\\/Factor-meals-logo.jpg\",\"width\":800,\"height\":800,\"caption\":\"Factor meals logo\"},{\"@type\":\"BreadcrumbList\",\"@id\":\"https:\\\/\\\/thingstodoinamsterdam.com\\\/de\\\/praktische-informationen\\\/besten-essenslieferdienste\\\/factor-meals\\\/#breadcrumb\",\"itemListElement\":[{\"@type\":\"ListItem\",\"position\":1,\"name\":\"Machen in Amsterdam\",\"item\":\"https:\\\/\\\/thingstodoinamsterdam.com\\\/de\\\/\"},{\"@type\":\"ListItem\",\"position\":2,\"name\":\"Praktische Informationen\",\"item\":\"https:\\\/\\\/thingstodoinamsterdam.com\\\/de\\\/praktische-informationen\\\/\"},{\"@type\":\"ListItem\",\"position\":3,\"name\":\"Die besten Essenslieferdienste &amp; Apps in Amsterdam\",\"item\":\"https:\\\/\\\/thingstodoinamsterdam.com\\\/de\\\/praktische-informationen\\\/besten-essenslieferdienste\\\/\"},{\"@type\":\"ListItem\",\"position\":4,\"name\":\"Factor Meals \u2013 leckere Fertiggerichte\"}]},{\"@type\":\"WebSite\",\"@id\":\"https:\\\/\\\/thingstodoinamsterdam.com\\\/de\\\/#website\",\"url\":\"https:\\\/\\\/thingstodoinamsterdam.com\\\/de\\\/\",\"name\":\"ThingstodoinAmsterdam.com\",\"description\":\"Amsterdam&#039;s highlights and hidden secrets\",\"publisher\":{\"@id\":\"https:\\\/\\\/thingstodoinamsterdam.com\\\/de\\\/#organization\"},\"potentialAction\":[{\"@type\":\"SearchAction\",\"target\":{\"@type\":\"EntryPoint\",\"urlTemplate\":\"https:\\\/\\\/thingstodoinamsterdam.com\\\/de\\\/?s={search_term_string}\"},\"query-input\":{\"@type\":\"PropertyValueSpecification\",\"valueRequired\":true,\"valueName\":\"search_term_string\"}}],\"inLanguage\":\"de\"},{\"@type\":\"Organization\",\"@id\":\"https:\\\/\\\/thingstodoinamsterdam.com\\\/de\\\/#organization\",\"name\":\"Machen in Amsterdam\",\"url\":\"https:\\\/\\\/thingstodoinamsterdam.com\\\/de\\\/\",\"logo\":{\"@type\":\"ImageObject\",\"inLanguage\":\"de\",\"@id\":\"https:\\\/\\\/thingstodoinamsterdam.com\\\/de\\\/#\\\/schema\\\/logo\\\/image\\\/\",\"url\":\"https:\\\/\\\/thingstodoinamsterdam.com\\\/wp-content\\\/uploads\\\/2025\\\/02\\\/ThingsToDoInAmsterdam-Favicon-logo.png\",\"contentUrl\":\"https:\\\/\\\/thingstodoinamsterdam.com\\\/wp-content\\\/uploads\\\/2025\\\/02\\\/ThingsToDoInAmsterdam-Favicon-logo.png\",\"width\":512,\"height\":512,\"caption\":\"Machen in Amsterdam\"},\"image\":{\"@id\":\"https:\\\/\\\/thingstodoinamsterdam.com\\\/de\\\/#\\\/schema\\\/logo\\\/image\\\/\"},\"sameAs\":[\"https:\\\/\\\/www.facebook.com\\\/thingstodoinamsterdamcom\"]}]}<\/script>\n<!-- \/ Yoast SEO plugin. -->","yoast_head_json":{"title":"Factor Meals \u2013 leckere Fertiggerichte - ThingstodoinAmsterdam.com","robots":{"index":"index","follow":"follow","max-snippet":"max-snippet:-1","max-image-preview":"max-image-preview:large","max-video-preview":"max-video-preview:-1"},"canonical":"https:\/\/thingstodoinamsterdam.com\/de\/praktische-informationen\/besten-essenslieferdienste\/factor-meals\/","og_locale":"de_DE","og_type":"article","og_title":"Factor Meals \u2013 leckere Fertiggerichte - ThingstodoinAmsterdam.com","og_description":"[vc_row][vc_column width=&#8220;2\/3&#8243;][vc_column_text css=&#8220;&#8220;]Haben Sie auch einen \u00fcberf\u00fcllten Terminkalender und deshalb wenig Zeit zum Kochen? Dann ist Essensbestellung oft eine einfache L\u00f6sung. Wenn Sie jedoch auch\u2026","og_url":"https:\/\/thingstodoinamsterdam.com\/de\/praktische-informationen\/besten-essenslieferdienste\/factor-meals\/","og_site_name":"ThingstodoinAmsterdam.com","article_publisher":"https:\/\/www.facebook.com\/thingstodoinamsterdamcom","article_modified_time":"2026-02-06T16:09:39+00:00","og_image":[{"width":800,"height":800,"url":"https:\/\/thingstodoinamsterdam.com\/wp-content\/uploads\/2025\/09\/Factor-meals-logo.jpg","type":"image\/jpeg"}],"twitter_card":"summary_large_image","twitter_misc":{"Gesch\u00e4tzte Lesezeit":"5\u00a0Minuten"},"schema":{"@context":"https:\/\/schema.org","@graph":[{"@type":"WebPage","@id":"https:\/\/thingstodoinamsterdam.com\/de\/praktische-informationen\/besten-essenslieferdienste\/factor-meals\/","url":"https:\/\/thingstodoinamsterdam.com\/de\/praktische-informationen\/besten-essenslieferdienste\/factor-meals\/","name":"Factor Meals \u2013 leckere Fertiggerichte - ThingstodoinAmsterdam.com","isPartOf":{"@id":"https:\/\/thingstodoinamsterdam.com\/de\/#website"},"primaryImageOfPage":{"@id":"https:\/\/thingstodoinamsterdam.com\/de\/praktische-informationen\/besten-essenslieferdienste\/factor-meals\/#primaryimage"},"image":{"@id":"https:\/\/thingstodoinamsterdam.com\/de\/praktische-informationen\/besten-essenslieferdienste\/factor-meals\/#primaryimage"},"thumbnailUrl":"https:\/\/thingstodoinamsterdam.com\/wp-content\/uploads\/2025\/09\/Factor-meals-logo.jpg","datePublished":"2025-09-12T15:15:42+00:00","dateModified":"2026-02-06T16:09:39+00:00","breadcrumb":{"@id":"https:\/\/thingstodoinamsterdam.com\/de\/praktische-informationen\/besten-essenslieferdienste\/factor-meals\/#breadcrumb"},"inLanguage":"de","potentialAction":[{"@type":"ReadAction","target":["https:\/\/thingstodoinamsterdam.com\/de\/praktische-informationen\/besten-essenslieferdienste\/factor-meals\/"]}]},{"@type":"ImageObject","inLanguage":"de","@id":"https:\/\/thingstodoinamsterdam.com\/de\/praktische-informationen\/besten-essenslieferdienste\/factor-meals\/#primaryimage","url":"https:\/\/thingstodoinamsterdam.com\/wp-content\/uploads\/2025\/09\/Factor-meals-logo.jpg","contentUrl":"https:\/\/thingstodoinamsterdam.com\/wp-content\/uploads\/2025\/09\/Factor-meals-logo.jpg","width":800,"height":800,"caption":"Factor meals logo"},{"@type":"BreadcrumbList","@id":"https:\/\/thingstodoinamsterdam.com\/de\/praktische-informationen\/besten-essenslieferdienste\/factor-meals\/#breadcrumb","itemListElement":[{"@type":"ListItem","position":1,"name":"Machen in Amsterdam","item":"https:\/\/thingstodoinamsterdam.com\/de\/"},{"@type":"ListItem","position":2,"name":"Praktische Informationen","item":"https:\/\/thingstodoinamsterdam.com\/de\/praktische-informationen\/"},{"@type":"ListItem","position":3,"name":"Die besten Essenslieferdienste &amp; Apps in Amsterdam","item":"https:\/\/thingstodoinamsterdam.com\/de\/praktische-informationen\/besten-essenslieferdienste\/"},{"@type":"ListItem","position":4,"name":"Factor Meals \u2013 leckere Fertiggerichte"}]},{"@type":"WebSite","@id":"https:\/\/thingstodoinamsterdam.com\/de\/#website","url":"https:\/\/thingstodoinamsterdam.com\/de\/","name":"ThingstodoinAmsterdam.com","description":"Amsterdam&#039;s highlights and hidden secrets","publisher":{"@id":"https:\/\/thingstodoinamsterdam.com\/de\/#organization"},"potentialAction":[{"@type":"SearchAction","target":{"@type":"EntryPoint","urlTemplate":"https:\/\/thingstodoinamsterdam.com\/de\/?s={search_term_string}"},"query-input":{"@type":"PropertyValueSpecification","valueRequired":true,"valueName":"search_term_string"}}],"inLanguage":"de"},{"@type":"Organization","@id":"https:\/\/thingstodoinamsterdam.com\/de\/#organization","name":"Machen in Amsterdam","url":"https:\/\/thingstodoinamsterdam.com\/de\/","logo":{"@type":"ImageObject","inLanguage":"de","@id":"https:\/\/thingstodoinamsterdam.com\/de\/#\/schema\/logo\/image\/","url":"https:\/\/thingstodoinamsterdam.com\/wp-content\/uploads\/2025\/02\/ThingsToDoInAmsterdam-Favicon-logo.png","contentUrl":"https:\/\/thingstodoinamsterdam.com\/wp-content\/uploads\/2025\/02\/ThingsToDoInAmsterdam-Favicon-logo.png","width":512,"height":512,"caption":"Machen in Amsterdam"},"image":{"@id":"https:\/\/thingstodoinamsterdam.com\/de\/#\/schema\/logo\/image\/"},"sameAs":["https:\/\/www.facebook.com\/thingstodoinamsterdamcom"]}]}},"_links":{"self":[{"href":"https:\/\/thingstodoinamsterdam.com\/de\/wp-json\/wp\/v2\/pages\/2529237","targetHints":{"allow":["GET"]}}],"collection":[{"href":"https:\/\/thingstodoinamsterdam.com\/de\/wp-json\/wp\/v2\/pages"}],"about":[{"href":"https:\/\/thingstodoinamsterdam.com\/de\/wp-json\/wp\/v2\/types\/page"}],"author":[{"embeddable":true,"href":"https:\/\/thingstodoinamsterdam.com\/de\/wp-json\/wp\/v2\/users\/1"}],"replies":[{"embeddable":true,"href":"https:\/\/thingstodoinamsterdam.com\/de\/wp-json\/wp\/v2\/comments?post=2529237"}],"version-history":[{"count":5,"href":"https:\/\/thingstodoinamsterdam.com\/de\/wp-json\/wp\/v2\/pages\/2529237\/revisions"}],"predecessor-version":[{"id":2531646,"href":"https:\/\/thingstodoinamsterdam.com\/de\/wp-json\/wp\/v2\/pages\/2529237\/revisions\/2531646"}],"up":[{"embeddable":true,"href":"https:\/\/thingstodoinamsterdam.com\/de\/wp-json\/wp\/v2\/pages\/2028360"}],"wp:featuredmedia":[{"embeddable":true,"href":"https:\/\/thingstodoinamsterdam.com\/de\/wp-json\/wp\/v2\/media\/2529169"}],"wp:attachment":[{"href":"https:\/\/thingstodoinamsterdam.com\/de\/wp-json\/wp\/v2\/media?parent=2529237"}],"curies":[{"name":"wp","href":"https:\/\/api.w.org\/{rel}","templated":true}]}}