{"id":2533832,"date":"2026-02-17T17:52:20","date_gmt":"2026-02-17T16:52:20","guid":{"rendered":"https:\/\/thingstodoinamsterdam.com\/entdecke-den-amsterdamer-begijnhof-eine-oase-der-ruhe\/"},"modified":"2026-03-10T14:40:54","modified_gmt":"2026-03-10T13:40:54","slug":"entdecke-den-amsterdamer-begijnhof-eine-oase-der-ruhe","status":"publish","type":"page","link":"https:\/\/thingstodoinamsterdam.com\/de\/sehenswuerdigkeiten-sightseeing-in-amsterdam\/entdecke-den-amsterdamer-begijnhof-eine-oase-der-ruhe\/","title":{"rendered":"Entdecke den Amsterdamer Begijnhof \u2013 Eine Oase der Ruhe!"},"content":{"rendered":"<div class=\"wpb-content-wrapper\"><p>[vc_row][vc_column][vc_column_text]<a href=\"https:\/\/thingstodoinamsterdam.com\/de\/\">Amsterdam<\/a> ist eine Stadt, die Besucher immer wieder in Staunen versetzt. Von alten Kirchen (<a href=\"https:\/\/thingstodoinamsterdam.com\/places-sightseeing-amsterdam\/de-oude-kerk\/\">Oude Kerk<\/a> und <a href=\"https:\/\/thingstodoinamsterdam.com\/places-sightseeing-amsterdam\/nieuwe-kerk\/\">Nieuwe Kerk<\/a>) \u00fcber das <a href=\"https:\/\/thingstodoinamsterdam.com\/de\/rotlichtviertel-amsterdam\/\">Rotlichtviertel<\/a> bis hin zum wundersch\u00f6nen <a href=\"https:\/\/thingstodoinamsterdam.com\/de\/grachtenfahrt-amsterdam\/\">Grachteng\u00fcrtel<\/a> \u2013 diese Stadt ist sowohl geschichtstr\u00e4chtig als auch einen Besuch wert. Der Begijnhof Amsterdam ist eine Oase der Ruhe im gesch\u00e4ftigen Amsterdamer Stadtzentrum. Er ist einer der \u00e4ltesten \u201eHofjes\u201c in Amsterdam. Ein \u201eHofje\u201c ist das niederl\u00e4ndische Wort f\u00fcr einen Innenhof, um den herum Armenh\u00e4user liegen. Sie existieren seit dem Mittelalter und boten \u00e4lteren Menschen (meist Frauen) eine Unterkunft. Sie wurden privat finanziert und dienten als eine Form der sozialen Absicherung. Wie der Name schon sagt, war der Begijnhof urspr\u00fcnglich ein im 14. Jahrhundert gegr\u00fcndeter Beginenhof. Ein Beginenhof (vom franz\u00f6sischen Begriff b\u00e9guinage) ist ein architektonischer Komplex, der zur Unterbringung von Beginen geschaffen wurde: religi\u00f6se Frauen, die in einer Gemeinschaft lebten, ohne Gel\u00fcbde abzulegen oder sich v\u00f6llig von der Welt zur\u00fcckzuziehen. Urspr\u00fcnglich lagen die R\u00fcckfassaden des Begijnhofs im Wasser. Durch die Zusch\u00fcttung unter anderem des Spui und der Begijnensloot ist das umgebende Wasser verschwunden.      <\/p><div id=\"ez-toc-container\" class=\"ez-toc-v2_0_82_2 counter-hierarchy ez-toc-counter ez-toc-custom ez-toc-container-direction\">\n<div class=\"ez-toc-title-container\">\n<span class=\"ez-toc-title-toggle\"><a href=\"#\" class=\"ez-toc-pull-right ez-toc-btn ez-toc-btn-xs ez-toc-btn-default ez-toc-toggle\" aria-label=\"Toggle Table of Content\"><span class=\"ez-toc-js-icon-con\"><span class=\"\"><span class=\"eztoc-hide\" style=\"display:none;\">Toggle<\/span><span class=\"ez-toc-icon-toggle-span\"><svg style=\"fill: #999;color:#999\" xmlns=\"http:\/\/www.w3.org\/2000\/svg\" class=\"list-377408\" width=\"20px\" height=\"20px\" viewBox=\"0 0 24 24\" fill=\"none\"><path d=\"M6 6H4v2h2V6zm14 0H8v2h12V6zM4 11h2v2H4v-2zm16 0H8v2h12v-2zM4 16h2v2H4v-2zm16 0H8v2h12v-2z\" fill=\"currentColor\"><\/path><\/svg><svg style=\"fill: #999;color:#999\" class=\"arrow-unsorted-368013\" xmlns=\"http:\/\/www.w3.org\/2000\/svg\" width=\"10px\" height=\"10px\" viewBox=\"0 0 24 24\" version=\"1.2\" baseProfile=\"tiny\"><path d=\"M18.2 9.3l-6.2-6.3-6.2 6.3c-.2.2-.3.4-.3.7s.1.5.3.7c.2.2.4.3.7.3h11c.3 0 .5-.1.7-.3.2-.2.3-.5.3-.7s-.1-.5-.3-.7zM5.8 14.7l6.2 6.3 6.2-6.3c.2-.2.3-.5.3-.7s-.1-.5-.3-.7c-.2-.2-.4-.3-.7-.3h-11c-.3 0-.5.1-.7.3-.2.2-.3.5-.3.7s.1.5.3.7z\"\/><\/svg><\/span><\/span><\/span><\/a><\/span><\/div>\n<nav><ul class='ez-toc-list ez-toc-list-level-1 ' ><li class='ez-toc-page-1 ez-toc-heading-level-2'><a class=\"ez-toc-link ez-toc-heading-1\" href=\"https:\/\/thingstodoinamsterdam.com\/de\/sehenswuerdigkeiten-sightseeing-in-amsterdam\/entdecke-den-amsterdamer-begijnhof-eine-oase-der-ruhe\/#geschichte-des-begijnhofs-amsterdam\" >Geschichte des Begijnhofs Amsterdam<\/a><\/li><li class='ez-toc-page-1 ez-toc-heading-level-2'><a class=\"ez-toc-link ez-toc-heading-2\" href=\"https:\/\/thingstodoinamsterdam.com\/de\/sehenswuerdigkeiten-sightseeing-in-amsterdam\/entdecke-den-amsterdamer-begijnhof-eine-oase-der-ruhe\/#begijnhof-amsterdam-adresse-und-oeffnungszeiten\" >Begijnhof Amsterdam Adresse und \u00d6ffnungszeiten<\/a><\/li><li class='ez-toc-page-1 ez-toc-heading-level-2'><a class=\"ez-toc-link ez-toc-heading-3\" href=\"https:\/\/thingstodoinamsterdam.com\/de\/sehenswuerdigkeiten-sightseeing-in-amsterdam\/entdecke-den-amsterdamer-begijnhof-eine-oase-der-ruhe\/#so-kommst-du-zum-begijnhof-amsterdam\" >So kommst du zum Begijnhof Amsterdam<\/a><\/li><li class='ez-toc-page-1 ez-toc-heading-level-2'><a class=\"ez-toc-link ez-toc-heading-4\" href=\"https:\/\/thingstodoinamsterdam.com\/de\/sehenswuerdigkeiten-sightseeing-in-amsterdam\/entdecke-den-amsterdamer-begijnhof-eine-oase-der-ruhe\/#zu-fuss\" >Zu Fu\u00df<\/a><\/li><\/ul><\/nav><\/div>\n\n<h2><img decoding=\"async\" class=\"aligncenter wp-image-7247 size-full\" src=\"https:\/\/thingstodoinamsterdam.com\/wp-content\/uploads\/2019\/08\/Begijnhof-Amsterdam.jpg\" alt=\"Begijnhof Amsterdam\" width=\"1024\" height=\"768\"><\/h2>\n<h2><\/h2>\n<h2><span class=\"ez-toc-section\" id=\"geschichte-des-begijnhofs-amsterdam\"><\/span>Geschichte des Begijnhofs Amsterdam<span class=\"ez-toc-section-end\"><\/span><\/h2>\n<p>Um das Jahr 1150 beschloss eine Gruppe frommer Frauen, sich zu einer religi\u00f6sen Gemeinschaft zusammenzuschlie\u00dfen, mit dem vorrangigen Ziel, Kranke zu pflegen und Bildung zu vermitteln. Dies waren die ersten \u201eBeginen\u201c, obwohl sie zu dieser Zeit noch nicht so genannt wurden. Die Frauen waren keine Nonnen und lebten nicht ihr ganzes Leben in der Abgeschiedenheit eines Klosters. Obwohl sie unverheiratet sein mussten, konnten sie ihr Gel\u00fcbde jederzeit widerrufen und den Beginenhof verlassen, etwa um zu heiraten oder bei der Familie zu sein. Die Urspr\u00fcnge des Innenhofs des Amsterdamer Begijnhofs lassen sich bis in die zweite H\u00e4lfte des 14. Jahrhunderts zur\u00fcckverfolgen. Das genaue Gr\u00fcndungsjahr ist unbekannt. Direkt hinter dem <a href=\"https:\/\/thingstodoinamsterdam.com\/museum-amsterdam\/amsterdam-museum\/\">Amsterdam City Museum<\/a> gelegen, ist der Beginenhof heute eine Oase der Ruhe im pulsierenden Herzen des Stadtzentrums. Der Begijnhof bestand aus kleinen H\u00e4usern und einer Kirche um einen Innenhof, der abends stets geschlossen wurde. W\u00e4hrend der Reformation mussten die Beginen ihre Kirche an die Engl\u00e4nder abtreten, weshalb sie seitdem \u201eEnglische Kirche\u201c genannt wird. Im Laufe der Zeit wurden die mittelalterlichen H\u00e4user umgebaut oder ersetzt, aber die Fassade des Hauses mit der Nummer 34 ist erhalten geblieben. Das Haus stammt aus der zweiten H\u00e4lfte des 15. Jahrhunderts und wurde 1957 unter Verwendung der Originalmaterialien rekonstruiert. Der Begijnhof Amsterdam ist weitgehend f\u00fcr Besucher zug\u00e4nglich. Der n\u00f6rdliche Teil, in dem sich nur Wohnh\u00e4user befinden, ist nur f\u00fcr die Bewohner und deren G\u00e4ste zug\u00e4nglich. Im Garten befindet sich unter anderem eine Statue einer Begine. Die meisten Fassaden im Beginenhof stammen aus dem 17. und 18. Jahrhundert. Die H\u00e4user selbst sind oft \u00e4lter als die Fassaden. Die Fassade des Holzhauses am Begijnhof 34 ist die einzigartigste von allen. Die English Reformed Church und die Begijnhof-Kapelle befinden sich innerhalb des Hofes.[\/vc_column_text][\/vc_column][\/vc_row][vc_row][vc_column][vc_video link=&#8220;https:\/\/www.youtube.com\/watch?v=DOijtdMUPGo&#8220; title=&#8220;Ein Video \u00fcber den Amsterdamer Begijnhof&#8220;][\/vc_column][\/vc_row][vc_row][vc_column][vc_column_text]<\/p>\n<h2><span class=\"ez-toc-section\" id=\"begijnhof-amsterdam-adresse-und-oeffnungszeiten\"><\/span>Begijnhof Amsterdam Adresse und \u00d6ffnungszeiten<span class=\"ez-toc-section-end\"><\/span><\/h2>\n<p>Der Beginenhof ist t\u00e4glich von <strong>9:00 Uhr<\/strong> bis <strong>17:00 Uhr<\/strong> f\u00fcr Besucher ge\u00f6ffnet und sonntags geschlossen. Es gibt zwei Eing\u00e4nge: an der Nordseite des Spui und an der Gedempte Begijnensloot (in der Verl\u00e4ngerung der Schuttersgalerij). <strong>Adresse<br \/>\n<\/strong>Beguinage Amsterdam Nieuwezijds Voorburgwal 371 1012 AB Amsterdam <\/p>\n<p>+31 (0)20 622 1918<br \/>\n<a href=\"https:\/\/begijnhofkapelamsterdam.nl\/english-information\/\">https:\/\/begijnhofkapelamsterdam.nl\/<\/a><\/p>\n<p>Der Eintritt ist kostenlos.[\/vc_column_text][\/vc_column][\/vc_row][vc_row][vc_column][vc_column_text]<\/p>\n<h2><span class=\"ez-toc-section\" id=\"so-kommst-du-zum-begijnhof-amsterdam\"><\/span>So kommst du zum Begijnhof Amsterdam<span class=\"ez-toc-section-end\"><\/span><\/h2>\n<p>Der Innenhof des Begijnhofs wird von der Kalverstraat, dem Spui und dem Nieuwezijds Voorburgwal umschlossen. Eing\u00e4nge befinden sich an der Nordseite des Spui und an der Gedempte Begijnensloot. Der Begijnhof ist vom <a href=\"https:\/\/thingstodoinamsterdam.com\/transport\/amsterdam-central-station\/\">Bahnhof Amsterdam Centraal<\/a> und vom <a href=\"https:\/\/thingstodoinamsterdam.com\/places-sightseeing-amsterdam\/leidseplein\/\">Leidseplein<\/a> aus mit der Stra\u00dfenbahn sowie zu Fu\u00df erreichbar. <strong>Vom Bahnhof Amsterdam Centraal mit der Stra\u00dfenbahn:<\/strong> Linien 4, 12, 14 und 24 \u2013 Haltestelle <strong>SPUI<\/strong>, dann zu Fu\u00df zum <strong>Nieuwezijds Voorburgwal<\/strong>. <strong>Vom Leidseplein mit der Stra\u00dfenbahn:<\/strong> Linien 2, 11 und 12 \u2013 Haltestelle <strong>SPUI<\/strong>, dann zu Fu\u00df zum <strong>Nieuwezijds Voorburgwal<\/strong>.  <\/p>\n<h2><span class=\"ez-toc-section\" id=\"zu-fuss\"><\/span>Zu Fu\u00df<span class=\"ez-toc-section-end\"><\/span><\/h2>\n<p>Wenn du vom Bahnhof Amsterdam Centraal zu Fu\u00df gehen m\u00f6chtest, l\u00e4ufst du durch die Einkaufsstra\u00dfe Kalverstraat in Richtung <a href=\"https:\/\/thingstodoinamsterdam.com\/dam-square\/\">Dam-Platz<\/a>, <a href=\"https:\/\/thingstodoinamsterdam.com\/museum-amsterdam\/madame-tussauds-wax-museum-amsterdam\/\">Madame Tussauds<\/a> und <a href=\"https:\/\/thingstodoinamsterdam.com\/de\/amsterdam-museen\/ripleys-believe-it-or-not\/\">Ripley&#8217;s Believe It or Not!<\/a> Die Kalverstraat f\u00fchrt bis zum Spui, und der Begijnhof befindet sich direkt hinter dem <a href=\"https:\/\/thingstodoinamsterdam.com\/museum-amsterdam\/amsterdam-museum\/\">Amsterdam Museum<\/a>.[\/vc_column_text][\/vc_column][\/vc_row][vc_row][vc_column][g_map heading=&#8220;Begijnhof Amsterdam on the City Map&#8220; el_id=&#8220;1565191969222-4f3be406-d955&#8243;]<iframe style=\"border: 0;\" src=\"https:\/\/www.google.com\/maps\/embed?pb=!1m18!1m12!1m3!1d2436.044164868093!2d4.887961015801877!3d52.369619179786014!2m3!1f0!2f0!3f0!3m2!1i1024!2i768!4f13.1!3m3!1m2!1s0x47c609c10ab92779%3A0xdb03cc5fdb4c1975!2sBegijnhof!5e0!3m2!1sen!2snl!4v1551972200833\" width=\"600\" height=\"450\" frameborder=\"0\" allowfullscreen=\"allowfullscreen\"><\/iframe>[\/g_map][\/vc_column][\/vc_row][vc_row][vc_column][promo_block style_var=&#8220;style2&#8243; el_id=&#8220;1565192062938-e350daa9-35a8&#8243;][promo link=&#8220;url:https%3A%2F%2Fthingstodoinamsterdam.com%2Fmuseum-amsterdam%2Famsterdam-museum%2F|title:Amsterdam%20City%20Museum||&#8220; text=&#8220;Erfahre alles \u00fcber Amsterdam bei einem Besuch im Museum der Stadt!&#8220; img=&#8220;2614&#8243;][promo link=&#8220;url:https%3A%2F%2Fthingstodoinamsterdam.com%2Fmuseum-amsterdam%2Fripleys-believe-it-or-not%2F|title:Ripley%E2%80%99s%20Believe%20It%20or%20Not!||&#8220; text=&#8220;Entdecke die wunderbare Welt des Kuriosen und Bizarren bei Ripley\u2019s Believe It or Not!&#8220; img=&#8220;2400&#8243;][promo link=&#8220;url:https%3A%2F%2Fthingstodoinamsterdam.com%2Fmuseum-amsterdam%2Fmadame-tussauds-wax-museum-amsterdam%2F|title:Madame%20Tussauds||&#8220; text=&#8220;Mach ein Selfie mit der niederl\u00e4ndischen K\u00f6nigsfamilie!&#8220; img=&#8220;2233&#8243;][\/promo_block][\/vc_column][\/vc_row][vc_row][vc_column][reviews item_name=&#8220;Begijnhof Amsterdam&#8220; item_image=&#8220;1575&#8243; item_tel=&#8220;+31 (0)20 622 1918&#8243; item_web=&#8220;https:\/\/www.amsterdamoudestad.nl\/bezienswaardigheden\/bezienswaardigheden-oude-binnenstad\/begijnhof&#8220; item_address=&#8220;Nieuwezijds Voorburgwal 371&#8243; item_city=&#8220;Amsterdam&#8220; item_postal_code=&#8220;1012 RS&#8220; item_country=&#8220;NL&#8220; el_id=&#8220;1565191985801-17005e04-1855&#8243;][\/reviews][\/vc_column][\/vc_row]<\/p>\n<\/div>","protected":false},"excerpt":{"rendered":"<p>[vc_row][vc_column][vc_column_text]Amsterdam ist eine Stadt, die Besucher immer wieder in Staunen versetzt. Von alten Kirchen (Oude Kerk und Nieuwe Kerk) \u00fcber das Rotlichtviertel bis hin zum\u2026<\/p>\n","protected":false},"author":3,"featured_media":8088,"parent":2534868,"menu_order":0,"comment_status":"closed","ping_status":"closed","template":"","meta":{"footnotes":""},"class_list":["post-2533832","page","type-page","status-publish","has-post-thumbnail","hentry"],"yoast_head":"<!-- This site is optimized with the Yoast SEO plugin v27.4 - https:\/\/yoast.com\/product\/yoast-seo-wordpress\/ -->\n<title>Entdecke den Amsterdamer Begijnhof \u2013 Eine Oase der Ruhe im Stadtzentrum<\/title>\n<meta name=\"description\" content=\"Der Begijnhof Amsterdam befindet sich im Herzen der Stadt. Er war urspr\u00fcnglich ein im 14. Jahrhundert gegr\u00fcndeter Beginenhof, in dem religi\u00f6se Laienfrauen lebten.\" \/>\n<meta name=\"robots\" content=\"index, follow, max-snippet:-1, max-image-preview:large, max-video-preview:-1\" \/>\n<link rel=\"canonical\" href=\"https:\/\/thingstodoinamsterdam.com\/de\/sehenswuerdigkeiten-sightseeing-in-amsterdam\/entdecke-den-amsterdamer-begijnhof-eine-oase-der-ruhe\/\" \/>\n<meta property=\"og:locale\" content=\"de_DE\" \/>\n<meta property=\"og:type\" content=\"article\" \/>\n<meta property=\"og:title\" content=\"Entdecke den Amsterdamer Begijnhof \u2013 Eine Oase der Ruhe im Stadtzentrum\" \/>\n<meta property=\"og:description\" content=\"Der Begijnhof Amsterdam befindet sich im Herzen der Stadt. Er war urspr\u00fcnglich ein im 14. Jahrhundert gegr\u00fcndeter Beginenhof, in dem religi\u00f6se Laienfrauen lebten.\" \/>\n<meta property=\"og:url\" content=\"https:\/\/thingstodoinamsterdam.com\/de\/sehenswuerdigkeiten-sightseeing-in-amsterdam\/entdecke-den-amsterdamer-begijnhof-eine-oase-der-ruhe\/\" \/>\n<meta property=\"og:site_name\" content=\"ThingstodoinAmsterdam.com\" \/>\n<meta property=\"article:publisher\" content=\"https:\/\/www.facebook.com\/thingstodoinamsterdamcom\" \/>\n<meta property=\"article:modified_time\" content=\"2026-03-10T13:40:54+00:00\" \/>\n<meta property=\"og:image\" content=\"https:\/\/thingstodoinamsterdam.com\/wp-content\/uploads\/2019\/08\/Amsterdams-Begijnhof.jpg\" \/>\n\t<meta property=\"og:image:width\" content=\"2048\" \/>\n\t<meta property=\"og:image:height\" content=\"1365\" \/>\n\t<meta property=\"og:image:type\" content=\"image\/jpeg\" \/>\n<meta name=\"twitter:card\" content=\"summary_large_image\" \/>\n<meta name=\"twitter:label1\" content=\"Gesch\u00e4tzte Lesezeit\" \/>\n\t<meta name=\"twitter:data1\" content=\"5\u00a0Minuten\" \/>\n<script type=\"application\/ld+json\" class=\"yoast-schema-graph\">{\"@context\":\"https:\\\/\\\/schema.org\",\"@graph\":[{\"@type\":\"WebPage\",\"@id\":\"https:\\\/\\\/thingstodoinamsterdam.com\\\/de\\\/sehenswuerdigkeiten-sightseeing-in-amsterdam\\\/entdecke-den-amsterdamer-begijnhof-eine-oase-der-ruhe\\\/\",\"url\":\"https:\\\/\\\/thingstodoinamsterdam.com\\\/de\\\/sehenswuerdigkeiten-sightseeing-in-amsterdam\\\/entdecke-den-amsterdamer-begijnhof-eine-oase-der-ruhe\\\/\",\"name\":\"Entdecke den Amsterdamer Begijnhof \u2013 Eine Oase der Ruhe im Stadtzentrum\",\"isPartOf\":{\"@id\":\"https:\\\/\\\/thingstodoinamsterdam.com\\\/de\\\/#website\"},\"primaryImageOfPage\":{\"@id\":\"https:\\\/\\\/thingstodoinamsterdam.com\\\/de\\\/sehenswuerdigkeiten-sightseeing-in-amsterdam\\\/entdecke-den-amsterdamer-begijnhof-eine-oase-der-ruhe\\\/#primaryimage\"},\"image\":{\"@id\":\"https:\\\/\\\/thingstodoinamsterdam.com\\\/de\\\/sehenswuerdigkeiten-sightseeing-in-amsterdam\\\/entdecke-den-amsterdamer-begijnhof-eine-oase-der-ruhe\\\/#primaryimage\"},\"thumbnailUrl\":\"https:\\\/\\\/thingstodoinamsterdam.com\\\/wp-content\\\/uploads\\\/2019\\\/08\\\/Amsterdams-Begijnhof.jpg\",\"datePublished\":\"2026-02-17T16:52:20+00:00\",\"dateModified\":\"2026-03-10T13:40:54+00:00\",\"description\":\"Der Begijnhof Amsterdam befindet sich im Herzen der Stadt. Er war urspr\u00fcnglich ein im 14. Jahrhundert gegr\u00fcndeter Beginenhof, in dem religi\u00f6se Laienfrauen lebten.\",\"breadcrumb\":{\"@id\":\"https:\\\/\\\/thingstodoinamsterdam.com\\\/de\\\/sehenswuerdigkeiten-sightseeing-in-amsterdam\\\/entdecke-den-amsterdamer-begijnhof-eine-oase-der-ruhe\\\/#breadcrumb\"},\"inLanguage\":\"de\",\"potentialAction\":[{\"@type\":\"ReadAction\",\"target\":[\"https:\\\/\\\/thingstodoinamsterdam.com\\\/de\\\/sehenswuerdigkeiten-sightseeing-in-amsterdam\\\/entdecke-den-amsterdamer-begijnhof-eine-oase-der-ruhe\\\/\"]}]},{\"@type\":\"ImageObject\",\"inLanguage\":\"de\",\"@id\":\"https:\\\/\\\/thingstodoinamsterdam.com\\\/de\\\/sehenswuerdigkeiten-sightseeing-in-amsterdam\\\/entdecke-den-amsterdamer-begijnhof-eine-oase-der-ruhe\\\/#primaryimage\",\"url\":\"https:\\\/\\\/thingstodoinamsterdam.com\\\/wp-content\\\/uploads\\\/2019\\\/08\\\/Amsterdams-Begijnhof.jpg\",\"contentUrl\":\"https:\\\/\\\/thingstodoinamsterdam.com\\\/wp-content\\\/uploads\\\/2019\\\/08\\\/Amsterdams-Begijnhof.jpg\",\"width\":2048,\"height\":1365},{\"@type\":\"BreadcrumbList\",\"@id\":\"https:\\\/\\\/thingstodoinamsterdam.com\\\/de\\\/sehenswuerdigkeiten-sightseeing-in-amsterdam\\\/entdecke-den-amsterdamer-begijnhof-eine-oase-der-ruhe\\\/#breadcrumb\",\"itemListElement\":[{\"@type\":\"ListItem\",\"position\":1,\"name\":\"Machen in Amsterdam\",\"item\":\"https:\\\/\\\/thingstodoinamsterdam.com\\\/de\\\/\"},{\"@type\":\"ListItem\",\"position\":2,\"name\":\"Sehensw\u00fcrdigkeiten &amp; Sightseeing in Amsterdam\",\"item\":\"https:\\\/\\\/thingstodoinamsterdam.com\\\/de\\\/sehenswuerdigkeiten-sightseeing-in-amsterdam\\\/\"},{\"@type\":\"ListItem\",\"position\":3,\"name\":\"Entdecke den Amsterdamer Begijnhof \u2013 Eine Oase der Ruhe!\"}]},{\"@type\":\"WebSite\",\"@id\":\"https:\\\/\\\/thingstodoinamsterdam.com\\\/de\\\/#website\",\"url\":\"https:\\\/\\\/thingstodoinamsterdam.com\\\/de\\\/\",\"name\":\"ThingstodoinAmsterdam.com\",\"description\":\"Amsterdam&#039;s highlights and hidden secrets\",\"publisher\":{\"@id\":\"https:\\\/\\\/thingstodoinamsterdam.com\\\/de\\\/#organization\"},\"potentialAction\":[{\"@type\":\"SearchAction\",\"target\":{\"@type\":\"EntryPoint\",\"urlTemplate\":\"https:\\\/\\\/thingstodoinamsterdam.com\\\/de\\\/?s={search_term_string}\"},\"query-input\":{\"@type\":\"PropertyValueSpecification\",\"valueRequired\":true,\"valueName\":\"search_term_string\"}}],\"inLanguage\":\"de\"},{\"@type\":\"Organization\",\"@id\":\"https:\\\/\\\/thingstodoinamsterdam.com\\\/de\\\/#organization\",\"name\":\"Machen in Amsterdam\",\"url\":\"https:\\\/\\\/thingstodoinamsterdam.com\\\/de\\\/\",\"logo\":{\"@type\":\"ImageObject\",\"inLanguage\":\"de\",\"@id\":\"https:\\\/\\\/thingstodoinamsterdam.com\\\/de\\\/#\\\/schema\\\/logo\\\/image\\\/\",\"url\":\"https:\\\/\\\/thingstodoinamsterdam.com\\\/wp-content\\\/uploads\\\/2025\\\/02\\\/ThingsToDoInAmsterdam-Favicon-logo.png\",\"contentUrl\":\"https:\\\/\\\/thingstodoinamsterdam.com\\\/wp-content\\\/uploads\\\/2025\\\/02\\\/ThingsToDoInAmsterdam-Favicon-logo.png\",\"width\":512,\"height\":512,\"caption\":\"Machen in Amsterdam\"},\"image\":{\"@id\":\"https:\\\/\\\/thingstodoinamsterdam.com\\\/de\\\/#\\\/schema\\\/logo\\\/image\\\/\"},\"sameAs\":[\"https:\\\/\\\/www.facebook.com\\\/thingstodoinamsterdamcom\"]}]}<\/script>\n<!-- \/ Yoast SEO plugin. -->","yoast_head_json":{"title":"Entdecke den Amsterdamer Begijnhof \u2013 Eine Oase der Ruhe im Stadtzentrum","description":"Der Begijnhof Amsterdam befindet sich im Herzen der Stadt. Er war urspr\u00fcnglich ein im 14. Jahrhundert gegr\u00fcndeter Beginenhof, in dem religi\u00f6se Laienfrauen lebten.","robots":{"index":"index","follow":"follow","max-snippet":"max-snippet:-1","max-image-preview":"max-image-preview:large","max-video-preview":"max-video-preview:-1"},"canonical":"https:\/\/thingstodoinamsterdam.com\/de\/sehenswuerdigkeiten-sightseeing-in-amsterdam\/entdecke-den-amsterdamer-begijnhof-eine-oase-der-ruhe\/","og_locale":"de_DE","og_type":"article","og_title":"Entdecke den Amsterdamer Begijnhof \u2013 Eine Oase der Ruhe im Stadtzentrum","og_description":"Der Begijnhof Amsterdam befindet sich im Herzen der Stadt. Er war urspr\u00fcnglich ein im 14. Jahrhundert gegr\u00fcndeter Beginenhof, in dem religi\u00f6se Laienfrauen lebten.","og_url":"https:\/\/thingstodoinamsterdam.com\/de\/sehenswuerdigkeiten-sightseeing-in-amsterdam\/entdecke-den-amsterdamer-begijnhof-eine-oase-der-ruhe\/","og_site_name":"ThingstodoinAmsterdam.com","article_publisher":"https:\/\/www.facebook.com\/thingstodoinamsterdamcom","article_modified_time":"2026-03-10T13:40:54+00:00","og_image":[{"width":2048,"height":1365,"url":"https:\/\/thingstodoinamsterdam.com\/wp-content\/uploads\/2019\/08\/Amsterdams-Begijnhof.jpg","type":"image\/jpeg"}],"twitter_card":"summary_large_image","twitter_misc":{"Gesch\u00e4tzte Lesezeit":"5\u00a0Minuten"},"schema":{"@context":"https:\/\/schema.org","@graph":[{"@type":"WebPage","@id":"https:\/\/thingstodoinamsterdam.com\/de\/sehenswuerdigkeiten-sightseeing-in-amsterdam\/entdecke-den-amsterdamer-begijnhof-eine-oase-der-ruhe\/","url":"https:\/\/thingstodoinamsterdam.com\/de\/sehenswuerdigkeiten-sightseeing-in-amsterdam\/entdecke-den-amsterdamer-begijnhof-eine-oase-der-ruhe\/","name":"Entdecke den Amsterdamer Begijnhof \u2013 Eine Oase der Ruhe im Stadtzentrum","isPartOf":{"@id":"https:\/\/thingstodoinamsterdam.com\/de\/#website"},"primaryImageOfPage":{"@id":"https:\/\/thingstodoinamsterdam.com\/de\/sehenswuerdigkeiten-sightseeing-in-amsterdam\/entdecke-den-amsterdamer-begijnhof-eine-oase-der-ruhe\/#primaryimage"},"image":{"@id":"https:\/\/thingstodoinamsterdam.com\/de\/sehenswuerdigkeiten-sightseeing-in-amsterdam\/entdecke-den-amsterdamer-begijnhof-eine-oase-der-ruhe\/#primaryimage"},"thumbnailUrl":"https:\/\/thingstodoinamsterdam.com\/wp-content\/uploads\/2019\/08\/Amsterdams-Begijnhof.jpg","datePublished":"2026-02-17T16:52:20+00:00","dateModified":"2026-03-10T13:40:54+00:00","description":"Der Begijnhof Amsterdam befindet sich im Herzen der Stadt. Er war urspr\u00fcnglich ein im 14. Jahrhundert gegr\u00fcndeter Beginenhof, in dem religi\u00f6se Laienfrauen lebten.","breadcrumb":{"@id":"https:\/\/thingstodoinamsterdam.com\/de\/sehenswuerdigkeiten-sightseeing-in-amsterdam\/entdecke-den-amsterdamer-begijnhof-eine-oase-der-ruhe\/#breadcrumb"},"inLanguage":"de","potentialAction":[{"@type":"ReadAction","target":["https:\/\/thingstodoinamsterdam.com\/de\/sehenswuerdigkeiten-sightseeing-in-amsterdam\/entdecke-den-amsterdamer-begijnhof-eine-oase-der-ruhe\/"]}]},{"@type":"ImageObject","inLanguage":"de","@id":"https:\/\/thingstodoinamsterdam.com\/de\/sehenswuerdigkeiten-sightseeing-in-amsterdam\/entdecke-den-amsterdamer-begijnhof-eine-oase-der-ruhe\/#primaryimage","url":"https:\/\/thingstodoinamsterdam.com\/wp-content\/uploads\/2019\/08\/Amsterdams-Begijnhof.jpg","contentUrl":"https:\/\/thingstodoinamsterdam.com\/wp-content\/uploads\/2019\/08\/Amsterdams-Begijnhof.jpg","width":2048,"height":1365},{"@type":"BreadcrumbList","@id":"https:\/\/thingstodoinamsterdam.com\/de\/sehenswuerdigkeiten-sightseeing-in-amsterdam\/entdecke-den-amsterdamer-begijnhof-eine-oase-der-ruhe\/#breadcrumb","itemListElement":[{"@type":"ListItem","position":1,"name":"Machen in Amsterdam","item":"https:\/\/thingstodoinamsterdam.com\/de\/"},{"@type":"ListItem","position":2,"name":"Sehensw\u00fcrdigkeiten &amp; Sightseeing in Amsterdam","item":"https:\/\/thingstodoinamsterdam.com\/de\/sehenswuerdigkeiten-sightseeing-in-amsterdam\/"},{"@type":"ListItem","position":3,"name":"Entdecke den Amsterdamer Begijnhof \u2013 Eine Oase der Ruhe!"}]},{"@type":"WebSite","@id":"https:\/\/thingstodoinamsterdam.com\/de\/#website","url":"https:\/\/thingstodoinamsterdam.com\/de\/","name":"ThingstodoinAmsterdam.com","description":"Amsterdam&#039;s highlights and hidden secrets","publisher":{"@id":"https:\/\/thingstodoinamsterdam.com\/de\/#organization"},"potentialAction":[{"@type":"SearchAction","target":{"@type":"EntryPoint","urlTemplate":"https:\/\/thingstodoinamsterdam.com\/de\/?s={search_term_string}"},"query-input":{"@type":"PropertyValueSpecification","valueRequired":true,"valueName":"search_term_string"}}],"inLanguage":"de"},{"@type":"Organization","@id":"https:\/\/thingstodoinamsterdam.com\/de\/#organization","name":"Machen in Amsterdam","url":"https:\/\/thingstodoinamsterdam.com\/de\/","logo":{"@type":"ImageObject","inLanguage":"de","@id":"https:\/\/thingstodoinamsterdam.com\/de\/#\/schema\/logo\/image\/","url":"https:\/\/thingstodoinamsterdam.com\/wp-content\/uploads\/2025\/02\/ThingsToDoInAmsterdam-Favicon-logo.png","contentUrl":"https:\/\/thingstodoinamsterdam.com\/wp-content\/uploads\/2025\/02\/ThingsToDoInAmsterdam-Favicon-logo.png","width":512,"height":512,"caption":"Machen in Amsterdam"},"image":{"@id":"https:\/\/thingstodoinamsterdam.com\/de\/#\/schema\/logo\/image\/"},"sameAs":["https:\/\/www.facebook.com\/thingstodoinamsterdamcom"]}]}},"_links":{"self":[{"href":"https:\/\/thingstodoinamsterdam.com\/de\/wp-json\/wp\/v2\/pages\/2533832","targetHints":{"allow":["GET"]}}],"collection":[{"href":"https:\/\/thingstodoinamsterdam.com\/de\/wp-json\/wp\/v2\/pages"}],"about":[{"href":"https:\/\/thingstodoinamsterdam.com\/de\/wp-json\/wp\/v2\/types\/page"}],"author":[{"embeddable":true,"href":"https:\/\/thingstodoinamsterdam.com\/de\/wp-json\/wp\/v2\/users\/3"}],"replies":[{"embeddable":true,"href":"https:\/\/thingstodoinamsterdam.com\/de\/wp-json\/wp\/v2\/comments?post=2533832"}],"version-history":[{"count":4,"href":"https:\/\/thingstodoinamsterdam.com\/de\/wp-json\/wp\/v2\/pages\/2533832\/revisions"}],"predecessor-version":[{"id":2533845,"href":"https:\/\/thingstodoinamsterdam.com\/de\/wp-json\/wp\/v2\/pages\/2533832\/revisions\/2533845"}],"up":[{"embeddable":true,"href":"https:\/\/thingstodoinamsterdam.com\/de\/wp-json\/wp\/v2\/pages\/2534868"}],"wp:featuredmedia":[{"embeddable":true,"href":"https:\/\/thingstodoinamsterdam.com\/de\/wp-json\/wp\/v2\/media\/8088"}],"wp:attachment":[{"href":"https:\/\/thingstodoinamsterdam.com\/de\/wp-json\/wp\/v2\/media?parent=2533832"}],"curies":[{"name":"wp","href":"https:\/\/api.w.org\/{rel}","templated":true}]}}