{"id":2534797,"date":"2026-03-10T11:43:43","date_gmt":"2026-03-10T10:43:43","guid":{"rendered":"https:\/\/thingstodoinamsterdam.com\/werben\/"},"modified":"2026-03-10T11:43:44","modified_gmt":"2026-03-10T10:43:44","slug":"werben","status":"publish","type":"page","link":"https:\/\/thingstodoinamsterdam.com\/de\/werben\/","title":{"rendered":"Werben"},"content":{"rendered":"<div class=\"wpb-content-wrapper\"><p>[vc_row][vc_column][vc_column_text css=&#8220;&#8220;]<\/p><div id=\"ez-toc-container\" class=\"ez-toc-v2_0_82_2 counter-hierarchy ez-toc-counter ez-toc-custom ez-toc-container-direction\">\n<div class=\"ez-toc-title-container\">\n<span class=\"ez-toc-title-toggle\"><a href=\"#\" class=\"ez-toc-pull-right ez-toc-btn ez-toc-btn-xs ez-toc-btn-default ez-toc-toggle\" aria-label=\"Toggle Table of Content\"><span class=\"ez-toc-js-icon-con\"><span class=\"\"><span class=\"eztoc-hide\" style=\"display:none;\">Toggle<\/span><span class=\"ez-toc-icon-toggle-span\"><svg style=\"fill: #999;color:#999\" xmlns=\"http:\/\/www.w3.org\/2000\/svg\" class=\"list-377408\" width=\"20px\" height=\"20px\" viewBox=\"0 0 24 24\" fill=\"none\"><path d=\"M6 6H4v2h2V6zm14 0H8v2h12V6zM4 11h2v2H4v-2zm16 0H8v2h12v-2zM4 16h2v2H4v-2zm16 0H8v2h12v-2z\" fill=\"currentColor\"><\/path><\/svg><svg style=\"fill: #999;color:#999\" class=\"arrow-unsorted-368013\" xmlns=\"http:\/\/www.w3.org\/2000\/svg\" width=\"10px\" height=\"10px\" viewBox=\"0 0 24 24\" version=\"1.2\" baseProfile=\"tiny\"><path d=\"M18.2 9.3l-6.2-6.3-6.2 6.3c-.2.2-.3.4-.3.7s.1.5.3.7c.2.2.4.3.7.3h11c.3 0 .5-.1.7-.3.2-.2.3-.5.3-.7s-.1-.5-.3-.7zM5.8 14.7l6.2 6.3 6.2-6.3c.2-.2.3-.5.3-.7s-.1-.5-.3-.7c-.2-.2-.4-.3-.7-.3h-11c-.3 0-.5.1-.7.3-.2.2-.3.5-.3.7s.1.5.3.7z\"\/><\/svg><\/span><\/span><\/span><\/a><\/span><\/div>\n<nav><ul class='ez-toc-list ez-toc-list-level-1 ' ><li class='ez-toc-page-1 ez-toc-heading-level-2'><a class=\"ez-toc-link ez-toc-heading-1\" href=\"https:\/\/thingstodoinamsterdam.com\/de\/werben\/#arbeite-mit-thingstodoinamsterdam-zusammen\" >Arbeite mit ThingstodoinAmsterdam zusammen<\/a><\/li><li class='ez-toc-page-1 ez-toc-heading-level-2'><a class=\"ez-toc-link ez-toc-heading-2\" href=\"https:\/\/thingstodoinamsterdam.com\/de\/werben\/#unternehmensseite\" >Unternehmensseite<\/a><\/li><li class='ez-toc-page-1 ez-toc-heading-level-2'><a class=\"ez-toc-link ez-toc-heading-3\" href=\"https:\/\/thingstodoinamsterdam.com\/de\/werben\/#kontaktiere-uns-fuer-ein-massgeschneidertes-branded-content-angebot\" >Kontaktiere uns f\u00fcr ein ma\u00dfgeschneidertes Branded-Content-Angebot<\/a><\/li><li class='ez-toc-page-1 ez-toc-heading-level-2'><a class=\"ez-toc-link ez-toc-heading-4\" href=\"https:\/\/thingstodoinamsterdam.com\/de\/werben\/#moechtest-du-mehr-wissen\" >M\u00f6chtest du mehr wissen?<\/a><\/li><li class='ez-toc-page-1 ez-toc-heading-level-2'><a class=\"ez-toc-link ez-toc-heading-5\" href=\"https:\/\/thingstodoinamsterdam.com\/de\/werben\/#kontaktiere-uns\" >Kontaktiere uns<\/a><\/li><\/ul><\/nav><\/div>\n\n<h2 id=\"collaborate-with-thingstodoinamsterdam\"><span class=\"ez-toc-section\" id=\"arbeite-mit-thingstodoinamsterdam-zusammen\"><\/span>Arbeite mit ThingstodoinAmsterdam zusammen<span class=\"ez-toc-section-end\"><\/span><\/h2>\n<p>Super, dass du an einer <strong>Zusammenarbeit<\/strong> mit ThingstodoinAmsterdam.com, Dani und Floris interessiert bist. Was Ende 2017 als Schreiben aus Caf\u00e9s und Dachzimmern begann, ist heute der digitale Stadtf\u00fchrer von Amsterdam. Jeden Monat besuchen mehr als <strong>54.589 einzigartige Besucher<\/strong> ThingstodoinAmsterdam, und zusammen <strong>rufen sie 829.789 Seiten auf<\/strong> (gemessen \u00fcber Google Analytics 2025).  <\/p>\n<p>Sieh dir gleich unser <a href=\"https:\/\/thingstodoinamsterdam.com\/wp-content\/uploads\/2026\/01\/ThingsToDo_Presentation_2026.pptx.pdf\">Mediakit f\u00fcr 2026<\/a> an. Es gibt viele ma\u00dfgeschneiderte M\u00f6glichkeiten. <\/p>\n<p>Die Zusammenarbeit mit uns bietet dir:<\/p>\n<ul>\n<li>Markenbekanntheit<\/li>\n<li>Neue relevante Besucher<\/li>\n<li>H\u00f6here Positionen bei Google<\/li>\n<li>Mehr Umsatz.<\/li>\n<\/ul>\n<p>[\/vc_column_text][vc_single_image image=&#8220;1018080&#8243; img_size=&#8220;full&#8220; alignment=&#8220;center&#8220;][vc_column_text css=&#8220;&#8220;]<\/p>\n<h2 id=\"company-page\"><span class=\"ez-toc-section\" id=\"unternehmensseite\"><\/span>Unternehmensseite<span class=\"ez-toc-section-end\"><\/span><\/h2>\n<p>Seiten, die am besten zu unserer Zielgruppe passen, sind Unternehmensseiten. Auf diesen Seiten erz\u00e4hlen wir die Geschichte deines Unternehmens und du kannst leicht mit deiner Zielgruppe in Kontakt treten. Diese Seiten schneiden in der Suchmaschine gut ab, was bedeutet, dass zus\u00e4tzlich zu den Besuchern unserer Website auch Traffic von der Suchmaschine kommt. Diese Seiten sind optimiert und mit Fotos, Videomaterial und strukturierten Daten angereichert.   <\/p>\n<p>Kontaktiere uns oder sieh dir das <a href=\"https:\/\/thingstodoinamsterdam.com\/wp-content\/uploads\/2026\/01\/ThingsToDo_Presentation_2026.pptx.pdf\">Mediakit 2026<\/a> an, um weitere Informationen zu Unternehmensseiten zu erhalten.<\/p>\n<h2 id=\"contact-us-for-a-customized-branded-content-proposal\"><span class=\"ez-toc-section\" id=\"kontaktiere-uns-fuer-ein-massgeschneidertes-branded-content-angebot\"><\/span>Kontaktiere uns f\u00fcr ein ma\u00dfgeschneidertes Branded-Content-Angebot<span class=\"ez-toc-section-end\"><\/span><\/h2>\n<p>Um den Inhalt f\u00fcr unsere Leser einzigartig und ansprechend zu halten, sind (fast) alle Kooperationen mit ThingstodoinAmsterdam ma\u00dfgeschneidert. Deshalb setzen wir uns am liebsten pers\u00f6nlich mit dir zusammen oder vereinbaren ein Gespr\u00e4ch, um eine Strategie zu besprechen. Wir pflegen auf ThingstodoinAmsterdam einen <strong>klaren Tonfall<\/strong>, dem sowohl wir als auch unsere Stammautoren folgen. Mit <strong>mehr als 19 Jahren Erfahrung im Online-Marketing<\/strong> in den Bereichen SEO, Beratung und Affiliate-Marketing k\u00f6nnen Dani und Floris schnell herausfinden, wie sie deine Kommunikations- und Marketingziele in ansprechende Inhalte umwandeln, die Ergebnisse liefern. F\u00fcr Werbem\u00f6glichkeiten kannst du eine E-Mail an bookings@thingstodoinamsterdam.com senden.    <\/p>\n<h2 id=\"want-to-know-more-\"><span class=\"ez-toc-section\" id=\"moechtest-du-mehr-wissen\"><\/span>M\u00f6chtest du mehr wissen?<span class=\"ez-toc-section-end\"><\/span><\/h2>\n<p>M\u00f6chtest du wissen, was wir f\u00fcr dein Unternehmen tun k\u00f6nnen und welche Kosten f\u00fcr Werbung auf Things to do in Amsterdam anfallen? Dann sende eine E-Mail an bookings@thingstodoinamsterdam.com.[\/vc_column_text][\/vc_column][\/vc_row][vc_row equal_height=&#8220;yes&#8220;][vc_column width=&#8220;1\/2&#8243;][vc_single_image image=&#8220;1017565&#8243; img_size=&#8220;large&#8220; alignment=&#8220;center&#8220; style=&#8220;vc_box_circle_2&#8243;][vc_column_text]<\/p>\n<p style=\"text-align: center;\"><strong>Floris Broekmeulen<\/strong><\/p>\n<p>[\/vc_column_text][\/vc_column][vc_column width=&#8220;1\/2&#8243;][vc_single_image image=&#8220;1017570&#8243; img_size=&#8220;large&#8220; alignment=&#8220;center&#8220; style=&#8220;vc_box_circle_2&#8243;][vc_column_text]<\/p>\n<p style=\"text-align: center;\"><strong>Dani van Rooij<\/strong><\/p>\n<p>[\/vc_column_text][\/vc_column][\/vc_row][vc_row][vc_column][vc_column_text]<\/p>\n<h2><span class=\"ez-toc-section\" id=\"kontaktiere-uns\"><\/span>Kontaktiere uns<span class=\"ez-toc-section-end\"><\/span><\/h2>\n<p>F\u00fcr direkten Kontakt nutze bitte das untenstehende Kontaktformular oder sende uns eine E-Mail an bookings[at]thingstodoinamsterdam.com und hinterlasse uns deine Kontaktdaten. Wir melden uns so schnell wie m\u00f6glich bei dir!<\/p>\n<div class=\"wpcf7 no-js\" id=\"wpcf7-f895-o1\" lang=\"\" dir=\"ltr\" data-wpcf7-id=\"895\">\n<div class=\"screen-reader-response\"><p role=\"status\" aria-live=\"polite\" aria-atomic=\"true\"><\/p> <ul><\/ul><\/div>\n<form action=\"\/de\/wp-json\/wp\/v2\/pages\/2534797#wpcf7-f895-o1\" method=\"post\" class=\"wpcf7-form init\" aria-label=\"Kontaktformular\" novalidate=\"novalidate\" data-status=\"init\">\n<fieldset class=\"hidden-fields-container\"><input type=\"hidden\" name=\"_wpcf7\" value=\"895\" \/><input type=\"hidden\" name=\"_wpcf7_version\" value=\"6.1.5\" \/><input type=\"hidden\" name=\"_wpcf7_locale\" value=\"\" \/><input type=\"hidden\" name=\"_wpcf7_unit_tag\" value=\"wpcf7-f895-o1\" \/><input type=\"hidden\" name=\"_wpcf7_container_post\" value=\"0\" \/><input type=\"hidden\" name=\"_wpcf7_posted_data_hash\" value=\"\" \/>\n<\/fieldset>\n<p><label> Name:<br \/>\n<span class=\"wpcf7-form-control-wrap\" data-name=\"your-name\"><input size=\"40\" maxlength=\"400\" class=\"wpcf7-form-control wpcf7-text wpcf7-validates-as-required\" aria-required=\"true\" aria-invalid=\"false\" placeholder=\"Your Name\" value=\"\" type=\"text\" name=\"your-name\" \/><\/span> <\/label>\n<\/p>\n<p><label> Email Adress:<br \/>\n<span class=\"wpcf7-form-control-wrap\" data-name=\"your-email\"><input size=\"40\" maxlength=\"400\" class=\"wpcf7-form-control wpcf7-email wpcf7-validates-as-required wpcf7-text wpcf7-validates-as-email\" aria-required=\"true\" aria-invalid=\"false\" value=\"Your Email Adress\" type=\"email\" name=\"your-email\" \/><\/span> <\/label>\n<\/p>\n<p><label> Message:<br \/>\n<span class=\"wpcf7-form-control-wrap\" data-name=\"your-subject\"><input size=\"40\" maxlength=\"400\" class=\"wpcf7-form-control wpcf7-text\" aria-invalid=\"false\" placeholder=\"Your Message\" value=\"\" type=\"text\" name=\"your-subject\" \/><\/span> <\/label>\n<\/p>\n<p><label> Your Message<br \/>\n<span class=\"wpcf7-form-control-wrap\" data-name=\"your-message\"><textarea cols=\"40\" rows=\"10\" maxlength=\"2000\" class=\"wpcf7-form-control wpcf7-textarea wpcf7-validates-as-required\" aria-required=\"true\" aria-invalid=\"false\" name=\"your-message\"><\/textarea><\/span> <\/label>\n<\/p>\n<p><span class=\"wpcf7-form-control-wrap\" data-name=\"acceptance-433\"><span class=\"wpcf7-form-control wpcf7-acceptance\"><span class=\"wpcf7-list-item\"><label><input type=\"checkbox\" name=\"acceptance-433\" value=\"1\" aria-invalid=\"false\" \/><span class=\"wpcf7-list-item-label\">I accept the processing of my personal data and would like ThingstodoinAmsterdam.com to contact me<\/span><\/label><\/span><\/span><\/span>\n<\/p>\n<p><input class=\"wpcf7-form-control wpcf7-submit has-spinner\" type=\"submit\" value=\"Send Message\" \/>\n<\/p><p style=\"display: none !important;\" class=\"akismet-fields-container\" data-prefix=\"_wpcf7_ak_\"><label>&#916;<textarea name=\"_wpcf7_ak_hp_textarea\" cols=\"45\" rows=\"8\" maxlength=\"100\"><\/textarea><\/label><input type=\"hidden\" id=\"ak_js_1\" name=\"_wpcf7_ak_js\" value=\"78\"\/><script>document.getElementById( \"ak_js_1\" ).setAttribute( \"value\", ( new Date() ).getTime() );<\/script><\/p><div class=\"wpcf7-response-output\" aria-hidden=\"true\"><\/div>\n<\/form>\n<\/div>\n[\/vc_column_text][\/vc_column][\/vc_row][vc_row][vc_column][buttonsticky title=&#8220;E-Mail an bookings@thingstodoinamsterdam.com&#8220; el_id=&#8220;1699002149496-6cf28cc4-67a5&#8243;][\/vc_column][\/vc_row]<\/p>\n<\/div>","protected":false},"excerpt":{"rendered":"<p>[vc_row][vc_column][vc_column_text css=&#8220;&#8220;] Arbeite mit ThingstodoinAmsterdam zusammen Super, dass du an einer Zusammenarbeit mit ThingstodoinAmsterdam.com, Dani und Floris interessiert bist. Was Ende 2017 als Schreiben aus\u2026<\/p>\n","protected":false},"author":33,"featured_media":1016921,"parent":0,"menu_order":0,"comment_status":"closed","ping_status":"closed","template":"","meta":{"footnotes":""},"class_list":["post-2534797","page","type-page","status-publish","has-post-thumbnail","hentry"],"yoast_head":"<!-- This site is optimized with the Yoast SEO plugin v27.4 - https:\/\/yoast.com\/product\/yoast-seo-wordpress\/ -->\n<title>Werben - ThingstodoinAmsterdam.com<\/title>\n<meta name=\"description\" content=\"Arbeite mit uns zusammen. Wir haben viele M\u00f6glichkeiten, dein Gesch\u00e4ft unter Tausenden von Amsterdam-Besuchern zu bewerben.\" \/>\n<meta name=\"robots\" content=\"index, follow, max-snippet:-1, max-image-preview:large, max-video-preview:-1\" \/>\n<link rel=\"canonical\" href=\"https:\/\/thingstodoinamsterdam.com\/de\/werben\/\" \/>\n<meta property=\"og:locale\" content=\"de_DE\" \/>\n<meta property=\"og:type\" content=\"article\" \/>\n<meta property=\"og:title\" content=\"Werben - ThingstodoinAmsterdam.com\" \/>\n<meta property=\"og:description\" content=\"Arbeite mit uns zusammen. Wir haben viele M\u00f6glichkeiten, dein Gesch\u00e4ft unter Tausenden von Amsterdam-Besuchern zu bewerben.\" \/>\n<meta property=\"og:url\" content=\"https:\/\/thingstodoinamsterdam.com\/de\/werben\/\" \/>\n<meta property=\"og:site_name\" content=\"ThingstodoinAmsterdam.com\" \/>\n<meta property=\"article:publisher\" content=\"https:\/\/www.facebook.com\/thingstodoinamsterdamcom\" \/>\n<meta property=\"article:modified_time\" content=\"2026-03-10T10:43:44+00:00\" \/>\n<meta property=\"og:image\" content=\"https:\/\/thingstodoinamsterdam.com\/wp-content\/uploads\/2023\/08\/cropped-ThingsToDo_favicon.png\" \/>\n\t<meta property=\"og:image:width\" content=\"512\" \/>\n\t<meta property=\"og:image:height\" content=\"512\" \/>\n\t<meta property=\"og:image:type\" content=\"image\/png\" \/>\n<meta name=\"twitter:card\" content=\"summary_large_image\" \/>\n<meta name=\"twitter:label1\" content=\"Gesch\u00e4tzte Lesezeit\" \/>\n\t<meta name=\"twitter:data1\" content=\"2\u00a0Minuten\" \/>\n<script type=\"application\/ld+json\" class=\"yoast-schema-graph\">{\"@context\":\"https:\\\/\\\/schema.org\",\"@graph\":[{\"@type\":\"WebPage\",\"@id\":\"https:\\\/\\\/thingstodoinamsterdam.com\\\/de\\\/werben\\\/\",\"url\":\"https:\\\/\\\/thingstodoinamsterdam.com\\\/de\\\/werben\\\/\",\"name\":\"Werben - ThingstodoinAmsterdam.com\",\"isPartOf\":{\"@id\":\"https:\\\/\\\/thingstodoinamsterdam.com\\\/de\\\/#website\"},\"primaryImageOfPage\":{\"@id\":\"https:\\\/\\\/thingstodoinamsterdam.com\\\/de\\\/werben\\\/#primaryimage\"},\"image\":{\"@id\":\"https:\\\/\\\/thingstodoinamsterdam.com\\\/de\\\/werben\\\/#primaryimage\"},\"thumbnailUrl\":\"https:\\\/\\\/thingstodoinamsterdam.com\\\/wp-content\\\/uploads\\\/2023\\\/08\\\/cropped-ThingsToDo_favicon.png\",\"datePublished\":\"2026-03-10T10:43:43+00:00\",\"dateModified\":\"2026-03-10T10:43:44+00:00\",\"description\":\"Arbeite mit uns zusammen. Wir haben viele M\u00f6glichkeiten, dein Gesch\u00e4ft unter Tausenden von Amsterdam-Besuchern zu bewerben.\",\"breadcrumb\":{\"@id\":\"https:\\\/\\\/thingstodoinamsterdam.com\\\/de\\\/werben\\\/#breadcrumb\"},\"inLanguage\":\"de\",\"potentialAction\":[{\"@type\":\"ReadAction\",\"target\":[\"https:\\\/\\\/thingstodoinamsterdam.com\\\/de\\\/werben\\\/\"]}]},{\"@type\":\"ImageObject\",\"inLanguage\":\"de\",\"@id\":\"https:\\\/\\\/thingstodoinamsterdam.com\\\/de\\\/werben\\\/#primaryimage\",\"url\":\"https:\\\/\\\/thingstodoinamsterdam.com\\\/wp-content\\\/uploads\\\/2023\\\/08\\\/cropped-ThingsToDo_favicon.png\",\"contentUrl\":\"https:\\\/\\\/thingstodoinamsterdam.com\\\/wp-content\\\/uploads\\\/2023\\\/08\\\/cropped-ThingsToDo_favicon.png\",\"width\":512,\"height\":512},{\"@type\":\"BreadcrumbList\",\"@id\":\"https:\\\/\\\/thingstodoinamsterdam.com\\\/de\\\/werben\\\/#breadcrumb\",\"itemListElement\":[{\"@type\":\"ListItem\",\"position\":1,\"name\":\"Machen in Amsterdam\",\"item\":\"https:\\\/\\\/thingstodoinamsterdam.com\\\/de\\\/\"},{\"@type\":\"ListItem\",\"position\":2,\"name\":\"Werben\"}]},{\"@type\":\"WebSite\",\"@id\":\"https:\\\/\\\/thingstodoinamsterdam.com\\\/de\\\/#website\",\"url\":\"https:\\\/\\\/thingstodoinamsterdam.com\\\/de\\\/\",\"name\":\"ThingstodoinAmsterdam.com\",\"description\":\"Amsterdam&#039;s highlights and hidden secrets\",\"publisher\":{\"@id\":\"https:\\\/\\\/thingstodoinamsterdam.com\\\/de\\\/#organization\"},\"potentialAction\":[{\"@type\":\"SearchAction\",\"target\":{\"@type\":\"EntryPoint\",\"urlTemplate\":\"https:\\\/\\\/thingstodoinamsterdam.com\\\/de\\\/?s={search_term_string}\"},\"query-input\":{\"@type\":\"PropertyValueSpecification\",\"valueRequired\":true,\"valueName\":\"search_term_string\"}}],\"inLanguage\":\"de\"},{\"@type\":\"Organization\",\"@id\":\"https:\\\/\\\/thingstodoinamsterdam.com\\\/de\\\/#organization\",\"name\":\"Machen in Amsterdam\",\"url\":\"https:\\\/\\\/thingstodoinamsterdam.com\\\/de\\\/\",\"logo\":{\"@type\":\"ImageObject\",\"inLanguage\":\"de\",\"@id\":\"https:\\\/\\\/thingstodoinamsterdam.com\\\/de\\\/#\\\/schema\\\/logo\\\/image\\\/\",\"url\":\"https:\\\/\\\/thingstodoinamsterdam.com\\\/wp-content\\\/uploads\\\/2025\\\/02\\\/ThingsToDoInAmsterdam-Favicon-logo.png\",\"contentUrl\":\"https:\\\/\\\/thingstodoinamsterdam.com\\\/wp-content\\\/uploads\\\/2025\\\/02\\\/ThingsToDoInAmsterdam-Favicon-logo.png\",\"width\":512,\"height\":512,\"caption\":\"Machen in Amsterdam\"},\"image\":{\"@id\":\"https:\\\/\\\/thingstodoinamsterdam.com\\\/de\\\/#\\\/schema\\\/logo\\\/image\\\/\"},\"sameAs\":[\"https:\\\/\\\/www.facebook.com\\\/thingstodoinamsterdamcom\"]}]}<\/script>\n<!-- \/ Yoast SEO plugin. -->","yoast_head_json":{"title":"Werben - ThingstodoinAmsterdam.com","description":"Arbeite mit uns zusammen. Wir haben viele M\u00f6glichkeiten, dein Gesch\u00e4ft unter Tausenden von Amsterdam-Besuchern zu bewerben.","robots":{"index":"index","follow":"follow","max-snippet":"max-snippet:-1","max-image-preview":"max-image-preview:large","max-video-preview":"max-video-preview:-1"},"canonical":"https:\/\/thingstodoinamsterdam.com\/de\/werben\/","og_locale":"de_DE","og_type":"article","og_title":"Werben - ThingstodoinAmsterdam.com","og_description":"Arbeite mit uns zusammen. Wir haben viele M\u00f6glichkeiten, dein Gesch\u00e4ft unter Tausenden von Amsterdam-Besuchern zu bewerben.","og_url":"https:\/\/thingstodoinamsterdam.com\/de\/werben\/","og_site_name":"ThingstodoinAmsterdam.com","article_publisher":"https:\/\/www.facebook.com\/thingstodoinamsterdamcom","article_modified_time":"2026-03-10T10:43:44+00:00","og_image":[{"width":512,"height":512,"url":"https:\/\/thingstodoinamsterdam.com\/wp-content\/uploads\/2023\/08\/cropped-ThingsToDo_favicon.png","type":"image\/png"}],"twitter_card":"summary_large_image","twitter_misc":{"Gesch\u00e4tzte Lesezeit":"2\u00a0Minuten"},"schema":{"@context":"https:\/\/schema.org","@graph":[{"@type":"WebPage","@id":"https:\/\/thingstodoinamsterdam.com\/de\/werben\/","url":"https:\/\/thingstodoinamsterdam.com\/de\/werben\/","name":"Werben - ThingstodoinAmsterdam.com","isPartOf":{"@id":"https:\/\/thingstodoinamsterdam.com\/de\/#website"},"primaryImageOfPage":{"@id":"https:\/\/thingstodoinamsterdam.com\/de\/werben\/#primaryimage"},"image":{"@id":"https:\/\/thingstodoinamsterdam.com\/de\/werben\/#primaryimage"},"thumbnailUrl":"https:\/\/thingstodoinamsterdam.com\/wp-content\/uploads\/2023\/08\/cropped-ThingsToDo_favicon.png","datePublished":"2026-03-10T10:43:43+00:00","dateModified":"2026-03-10T10:43:44+00:00","description":"Arbeite mit uns zusammen. Wir haben viele M\u00f6glichkeiten, dein Gesch\u00e4ft unter Tausenden von Amsterdam-Besuchern zu bewerben.","breadcrumb":{"@id":"https:\/\/thingstodoinamsterdam.com\/de\/werben\/#breadcrumb"},"inLanguage":"de","potentialAction":[{"@type":"ReadAction","target":["https:\/\/thingstodoinamsterdam.com\/de\/werben\/"]}]},{"@type":"ImageObject","inLanguage":"de","@id":"https:\/\/thingstodoinamsterdam.com\/de\/werben\/#primaryimage","url":"https:\/\/thingstodoinamsterdam.com\/wp-content\/uploads\/2023\/08\/cropped-ThingsToDo_favicon.png","contentUrl":"https:\/\/thingstodoinamsterdam.com\/wp-content\/uploads\/2023\/08\/cropped-ThingsToDo_favicon.png","width":512,"height":512},{"@type":"BreadcrumbList","@id":"https:\/\/thingstodoinamsterdam.com\/de\/werben\/#breadcrumb","itemListElement":[{"@type":"ListItem","position":1,"name":"Machen in Amsterdam","item":"https:\/\/thingstodoinamsterdam.com\/de\/"},{"@type":"ListItem","position":2,"name":"Werben"}]},{"@type":"WebSite","@id":"https:\/\/thingstodoinamsterdam.com\/de\/#website","url":"https:\/\/thingstodoinamsterdam.com\/de\/","name":"ThingstodoinAmsterdam.com","description":"Amsterdam&#039;s highlights and hidden secrets","publisher":{"@id":"https:\/\/thingstodoinamsterdam.com\/de\/#organization"},"potentialAction":[{"@type":"SearchAction","target":{"@type":"EntryPoint","urlTemplate":"https:\/\/thingstodoinamsterdam.com\/de\/?s={search_term_string}"},"query-input":{"@type":"PropertyValueSpecification","valueRequired":true,"valueName":"search_term_string"}}],"inLanguage":"de"},{"@type":"Organization","@id":"https:\/\/thingstodoinamsterdam.com\/de\/#organization","name":"Machen in Amsterdam","url":"https:\/\/thingstodoinamsterdam.com\/de\/","logo":{"@type":"ImageObject","inLanguage":"de","@id":"https:\/\/thingstodoinamsterdam.com\/de\/#\/schema\/logo\/image\/","url":"https:\/\/thingstodoinamsterdam.com\/wp-content\/uploads\/2025\/02\/ThingsToDoInAmsterdam-Favicon-logo.png","contentUrl":"https:\/\/thingstodoinamsterdam.com\/wp-content\/uploads\/2025\/02\/ThingsToDoInAmsterdam-Favicon-logo.png","width":512,"height":512,"caption":"Machen in Amsterdam"},"image":{"@id":"https:\/\/thingstodoinamsterdam.com\/de\/#\/schema\/logo\/image\/"},"sameAs":["https:\/\/www.facebook.com\/thingstodoinamsterdamcom"]}]}},"_links":{"self":[{"href":"https:\/\/thingstodoinamsterdam.com\/de\/wp-json\/wp\/v2\/pages\/2534797","targetHints":{"allow":["GET"]}}],"collection":[{"href":"https:\/\/thingstodoinamsterdam.com\/de\/wp-json\/wp\/v2\/pages"}],"about":[{"href":"https:\/\/thingstodoinamsterdam.com\/de\/wp-json\/wp\/v2\/types\/page"}],"author":[{"embeddable":true,"href":"https:\/\/thingstodoinamsterdam.com\/de\/wp-json\/wp\/v2\/users\/33"}],"replies":[{"embeddable":true,"href":"https:\/\/thingstodoinamsterdam.com\/de\/wp-json\/wp\/v2\/comments?post=2534797"}],"version-history":[{"count":3,"href":"https:\/\/thingstodoinamsterdam.com\/de\/wp-json\/wp\/v2\/pages\/2534797\/revisions"}],"predecessor-version":[{"id":2534801,"href":"https:\/\/thingstodoinamsterdam.com\/de\/wp-json\/wp\/v2\/pages\/2534797\/revisions\/2534801"}],"wp:featuredmedia":[{"embeddable":true,"href":"https:\/\/thingstodoinamsterdam.com\/de\/wp-json\/wp\/v2\/media\/1016921"}],"wp:attachment":[{"href":"https:\/\/thingstodoinamsterdam.com\/de\/wp-json\/wp\/v2\/media?parent=2534797"}],"curies":[{"name":"wp","href":"https:\/\/api.w.org\/{rel}","templated":true}]}}