{"id":2534868,"date":"2026-03-10T14:40:46","date_gmt":"2026-03-10T13:40:46","guid":{"rendered":"https:\/\/thingstodoinamsterdam.com\/sehenswuerdigkeiten-sightseeing-in-amsterdam\/"},"modified":"2026-03-11T16:56:58","modified_gmt":"2026-03-11T15:56:58","slug":"sehenswuerdigkeiten-sightseeing-in-amsterdam","status":"publish","type":"page","link":"https:\/\/thingstodoinamsterdam.com\/de\/sehenswuerdigkeiten-sightseeing-in-amsterdam\/","title":{"rendered":"Sehensw\u00fcrdigkeiten &amp; Sightseeing in Amsterdam"},"content":{"rendered":"<div class=\"wpb-content-wrapper\"><p>[vc_row][vc_column][vc_column_text css=&#8220;&#8220;]Besuchst du Amsterdam und fragst dich, welche Orte du besichtigen solltest? Gut, dass du planst, denn es gibt so viel zu sehen und zu tun! Auf dieser Seite zeigen wir dir <a href=\"https:\/\/thingstodoinamsterdam.com\/de\/\">Amsterdams Highlights<\/a> und versteckte Geheimnisse f\u00fcr deinen Sightseeing-Trip. Wir k\u00f6nnen dir w\u00e4rmstens empfehlen, auch die Umgebung von Amsterdam zu erkunden. Plane deine <a href=\"https:\/\/thingstodoinamsterdam.com\/de\/schone-stadte-in-den-niederlanden\/\">Tagesausfl\u00fcge ab Amsterdam<\/a>. Unser Rat ist, dies zu tun, wenn du 2 Tage oder mehr Zeit hast. Die meisten Besucher verbringen jedoch ein paar Tage mit Sightseeing in Amsterdam, also plane deine Zeit klug, damit du die besten Sachen nicht verpasst!<\/p>\n<p>Da das <a href=\"https:\/\/thingstodoinamsterdam.com\/de\/wetter-klima-in-amsterdam\/\" target=\"_blank\" rel=\"noopener\">Wetter in Amsterdam<\/a> beim <span style=\"box-sizing: border-box; margin: 0px; padding: 0px;\">Sightseeing nicht immer mitspielt, kannst du eine <a href=\"https:\/\/thingstodoinamsterdam.com\/de\/hop-on-hop-off-bus-boot-touren-amsterdam\/\" target=\"_blank\" rel=\"noopener\">Hop-on-Hop-off-Tour<\/a> buchen, um die Sehensw\u00fcrdigkeiten<\/span> wettergesch\u00fctzt zu sehen, entweder mit dem Bus oder dem Boot. Wenn du Gl\u00fcck mit dem Wetter hast<span style=\"box-sizing: border-box; margin: 0px; padding: 0px;\">, kannst du auch eine <a href=\"https:\/\/thingstodoinamsterdam.com\/de\/radtouren-amsterdam\/\" target=\"_blank\" rel=\"noopener\">Radtour zu den Sehensw\u00fcrdigkeiten<\/a> in Betracht ziehen<\/span>.[\/vc_column_text][vc_column_text css=&#8220;&#8220;]<\/p>\n<h2>Highlights und Geheimtipps f\u00fcr Sightseeing in Amsterdam<\/h2>\n<p>Unser Motto ist es, sowohl die Highlights als auch die verborgenen Sch\u00e4tze zu zeigen \u2013 die Orte, die man bei einer Reise nach Amsterdam nicht verpassen darf. Wir m\u00f6chten aber auch einige Geheimtipps mit dir teilen: Orte in Amsterdam, die nicht so bekannt, aber definitiv einen Besuch wert sind. Wenn du also Sightseeing abseits der ausgetretenen Pfade in und um Amsterdam machen willst, lies einfach weiter!<\/p>\n<p>Wir als echte Einheimische raten dir, <a href=\"https:\/\/thingstodoinamsterdam.com\/transport\/cycling-bike-rental-tours\/\" target=\"_blank\" rel=\"noopener\">ein Fahrrad zu mieten<\/a>, da dies eine bequeme Art ist, sich in einem so kompakten Stadtzentrum fortzubewegen. Alternativ ist auch das Zu-Fu\u00df-Gehen in Kombination mit dem <a href=\"https:\/\/thingstodoinamsterdam.com\/transport\/amsterdam-public-transport\/\">\u00f6ffentlichen Nahverkehr in Amsterdam<\/a> eine tolle M\u00f6glichkeit, die Stadt zu erkunden.<\/p>\n<h3>Must-sees in Amsterdam:<\/h3>\n<p>[\/vc_column_text][\/vc_column][\/vc_row][vc_row][vc_column][promo_block style_var=&#8220;style3&#8243; el_id=&#8220;1565184574520-4eec6a0b-9a3a&#8220;][promo link=&#8220;url:https%3A%2F%2Fthingstodoinamsterdam.com%2Fde%2Fsehenswuerdigkeiten-sightseeing-in-amsterdam%2Fgrachtengurtel-amsterdam%2F|title:Amsterdamer%20Grachteng%C3%BCrtel|&#8220; text=&#8220;Amsterdams romantischer Grachteng\u00fcrtel geh\u00f6rt zum UNESCO-Welterbe. Er ist voller monumentaler Grachtenh\u00e4user und typischer Amsterdamer Architektur. Nimm dir Zeit zum Schlendern oder erkunde ihn bei einer Grachtenrundfahrt.&#8220; img=&#8220;2498&#8243;][promo link=&#8220;url:https%3A%2F%2Fthingstodoinamsterdam.com%2Fde%2Fsehenswuerdigkeiten-sightseeing-in-amsterdam%2Falbert-cuyp-market%2F|title:Albert-Cuyp-Markt|&#8220; text=&#8220;Schlendere \u00fcber den Albert-Cuyp-Markt, wo du \u00fcber dreihundert Marktst\u00e4nde findest. Umgib dich mit Essensst\u00e4nden, die Produkte wie Fisch, Gefl\u00fcgel, K\u00e4se, Gem\u00fcse und Obst verkaufen. Au\u00dferdem findest du St\u00e4nde mit Kleidung, Kosmetik und mehr. Das Beste daran: Die Preise geh\u00f6ren zu den g\u00fcnstigsten in Amsterdam. Die Albert-Cuyp-Stra\u00dfe selbst ist von zahlreichen exotischen Gesch\u00e4ften, Ateliers, gem\u00fctlichen Caf\u00e9s und Restaurants umgeben, die alle zur prachtvollen und festlichen Marktatmosph\u00e4re beitragen.&#8220; img=&#8220;2496&#8243;][promo link=&#8220;url:https%3A%2F%2Fthingstodoinamsterdam.com%2Fplaces-sightseeing-amsterdam%2F9-streets-amsterdam%2F|title:Neun%20Stra%C3%9Fen%20%28Negen%20Straatjes%29|&#8220; text=&#8220;Dieser spezielle Teil des Amsterdamer Grachteng\u00fcrtels ist f\u00fcr seine vielen Gesch\u00e4fte und Terrassen bekannt. Es ist ein toller Ort f\u00fcr entspanntes Souvenir-Shopping oder um etwas auf einer Terrasse zu trinken.&#8220; img=&#8220;2500&#8243;][promo link=&#8220;url:https%3A%2F%2Fthingstodoinamsterdam.com%2Fde%2Frotlichtviertel-amsterdam%2F|title:Rotlichtviertel|&#8220; text=&#8220;Das Rotlichtviertel oder \u201eDe Wallen\u201c auf Niederl\u00e4ndisch beherbergt eines der \u00e4ltesten Gewerbe der Welt. Schlendere durch die Gegend und besuche Amsterdams \u00e4ltestes Erotiktheater Casa Rosso oder eine der Peepshows!&#8220; img=&#8220;2516&#8243;][promo link=&#8220;url:https%3A%2F%2Fthingstodoinamsterdam.com%2Fde%2Fsehenswuerdigkeiten-sightseeing-in-amsterdam%2Fentdecke-den-amsterdamer-begijnhof-eine-oase-der-ruhe%2F|title:Begijnhof|&#8220; text=&#8220;Der Begijnhof ist vielleicht eines der bestgeh\u00fcteten Geheimnisse Amsterdams. Mitten im Stadtzentrum, direkt hinter der belebten Einkaufsstra\u00dfe Kalverstraat, findest du dieses kulturelle Erbe. Er kann kostenlos besichtigt werden.&#8220; img=&#8220;2502&#8243;][promo link=&#8220;url:https%3A%2F%2Fthingstodoinamsterdam.com%2Fplaces-sightseeing-amsterdam%2Fleidseplein%2F|title:Leidseplein|&#8220; text=&#8220;Entdecke das lebhafte Leidseplein-Viertel. Der Leidseplein grenzt an eine der belebtesten Stra\u00dfen Amsterdams: die Leidsetraat. Die Leidsestraat verbindet die verschiedenen Amsterdamer Grachten und f\u00fchrt dich vom Leidseplein zum Koningsplein und zum Bloemenmarkt (Schwimmender Blumenmarkt). Der Leidseplein selbst ist bekannt f\u00fcr seine Bars, Clubs und sein Nachtleben. Die bekannten Veranstaltungsorte Melkweg und Paradiso findest du dort, zusammen mit verschiedenen Kneipen, von denen viele Terrassen auf dem Platz haben! Erlebe selbst das Unterhaltungsangebot am \u201eLeidse\u201c, wie die Niederl\u00e4nder es nennen!&#8220; img=&#8220;2510&#8243;][promo link=&#8220;url:https%3A%2F%2Fthingstodoinamsterdam.com%2Fde%2Fsehenswuerdigkeiten-sightseeing-in-amsterdam%2Fjohan-cruijff-arena-stadium-tour%2F|title:Amsterdam%20ArenA|&#8220; text=&#8220;Die Amsterdam Arena wurde nach der Club-Ikone Johan Cruijff in Johan Cruijff Arena umbenannt. Schau dir den ber\u00fchmtesten (und besten) Fu\u00dfballverein der Niederlande an und besuche die Heimat von Ajax.&#8220; img=&#8220;2512&#8243;][promo link=&#8220;url:https%3A%2F%2Fthingstodoinamsterdam.com%2Fdam-square%2F|title:Dam-Platz|&#8220; text=&#8220;Besuche den Platz, der als das Herz der Stadt gilt. Er ist \u00fcber die Stra\u00dfe \u201eDamrak\u201c mit dem Amsterdamer Hauptbahnhof verbunden. Am Dam findest du mehrere beliebte Sehensw\u00fcrdigkeiten und Attraktionen wie die Grote Kerk, Madame Tussauds, den K\u00f6niglichen Palast und Ripley\u2019s Believe It or Not.&#8220; img=&#8220;2506&#8243;][promo link=&#8220;url:https%3A%2F%2Fthingstodoinamsterdam.com%2Fde%2Fschone-stadte-in-den-niederlanden%2F|title:Tagesausflug%20von%20Amsterdam|&#8220; text=&#8220;Wenn du etwas mehr Zeit hast, empfehlen wir dir dringend, \u00fcber die Stadtgrenzen hinauszugehen. Es gibt viele Orte direkt au\u00dferhalb von Amsterdam, die wirklich lohnenswert sind!&#8220; img=&#8220;2531733&#8243;][promo link=&#8220;url:https%3A%2F%2Fthingstodoinamsterdam.com%2Fthe-catboat%2F|title:Das%20Katzenboot|&#8220; text=&#8220;Besuche das einzige schwimmende Tierheim der Welt! Ein Muss f\u00fcr jeden Katzenfreund. Der Besuch des Poezenboots ist v\u00f6llig kostenlos, aber eine Spende ist erw\u00fcnscht.&#8220; img=&#8220;2518&#8243;][promo link=&#8220;url:https%3A%2F%2Fthingstodoinamsterdam.com%2Fplaces-sightseeing-amsterdam%2Fnieuwe-kerk%2F|title:Nieuwe%20Kerk|&#8220; text=&#8220;Jede Stadt hat Kirchen. Der einzige Unterschied ist, dass diejenige in Amsterdam eine ganz besondere Bedeutung in der Geschichte des Landes hat. Es ist die Kirche, in der alle niederl\u00e4ndischen Prinzen und Prinzessinnen seit K\u00f6nig Wilhelm I. im Jahr 1814 bei ihrer Thronbesteigung eingeweiht werden (2013 auch K\u00f6nig Willem-Alexander).&#8220; img=&#8220;2508&#8243;][promo link=&#8220;url:https%3A%2F%2Fthingstodoinamsterdam.com%2Fplaces-sightseeing-amsterdam%2Fconcertgebouw-amsterdam%2F|title:Concertgebouw%20Amsterdam|&#8220; text=&#8220;Das Concertgebouw hat eine gro\u00dfe Tradition in der Organisation legend\u00e4rer Konzerte von Gr\u00f6\u00dfen wie Gustav Mahler, Richard Strauss, Bernard Haitink, Yehudi Menuhin, Jessye Norman, Louis Armstrong, Sting und anderen. Zusammen mit anderen Orchestern stellt das Royal Concertgebouw Orchestra einige der besten Auff\u00fchrungen auf die Beine. Vielen Experten zufolge ist es das beste Orchester der Welt. Besuche das Geb\u00e4ude und lass deine Ohren von einem ganzen Orchester massieren, umgeben von den besten Musikern der Welt.&#8220; img=&#8220;2504&#8243;][promo link=&#8220;url:https%3A%2F%2Fthingstodoinamsterdam.com%2Fde%2Fsehenswuerdigkeiten-sightseeing-in-amsterdam%2Fmuseumplein%2F|title:Museumplein|&#8220; text=&#8220;Der Museumplein beherbergt eine gro\u00dfe Auswahl an Museen, darunter das weltber\u00fchmte Rijksmuseum und das Van Gogh Museum. Er bietet auch Platz zum Ausruhen oder zum Beispiel f\u00fcr ein Picknick und darf bei deiner Reise nach Amsterdam nicht fehlen.&#8220; img=&#8220;2514&#8243;][promo link=&#8220;url:https%3A%2F%2Fthingstodoinamsterdam.com%2Fde%2Fsehenswuerdigkeiten-sightseeing-in-amsterdam%2Famsterdam-noord%2F|title:Amsterdam-Noord&#8220; text=&#8220;Amsterdam Noord ist ein Stadtteil, der von den gro\u00dfen Massen weniger entdeckt wird. Aber nichtsdestotrotz ist er definitiv einen Besuch wert! Dieser eher industrielle Teil der Stadt f\u00fchlt sich rauer und weniger poliert an als das Zentrum. G\u00f6nn dir eine Pause vom trubeligen Zentrum, nimm die kostenlose F\u00e4hre und erkunde, was der Norden der Stadt zu bieten hat.&#8220; img=&#8220;3169&#8243;][promo link=&#8220;url:https%3A%2F%2Fthingstodoinamsterdam.com%2Fplaces-sightseeing-amsterdam%2Fde-oude-kerk%2F|title:Oude%20Kerk&#8220; text=&#8220;Die Oude Kerk, w\u00f6rtlich die Alte Kirche im Rotlichtviertel, gibt es schon seit der Geburtsstunde der Stadt. Sie war schon da, als Amsterdam noch eine Hafenstadt am Meer war. Erfahre hier mehr!&#8220; img=&#8220;8921&#8243;][\/promo_block][\/vc_column][\/vc_row]<\/p>\n<\/div>","protected":false},"excerpt":{"rendered":"<p>[vc_row][vc_column][vc_column_text css=&#8220;&#8220;]Besuchst du Amsterdam und fragst dich, welche Orte du besichtigen solltest? Gut, dass du planst, denn es gibt so viel zu sehen und zu\u2026<\/p>\n","protected":false},"author":1,"featured_media":8576,"parent":0,"menu_order":0,"comment_status":"closed","ping_status":"closed","template":"","meta":{"footnotes":""},"class_list":["post-2534868","page","type-page","status-publish","has-post-thumbnail","hentry"],"yoast_head":"<!-- This site is optimized with the Yoast SEO plugin v27.4 - https:\/\/yoast.com\/product\/yoast-seo-wordpress\/ -->\n<title>Sehensw\u00fcrdigkeiten &amp; Sightseeing in Amsterdam - ThingstodoinAmsterdam.com<\/title>\n<meta name=\"description\" content=\"Welche Orte darfst du bei deiner Reise nach Amsterdam auf keinen Fall verpassen? Schau sie dir hier an und erlebe das beste Sightseeing! Von den Highlights bis zu den Geheimtipps.\" \/>\n<meta name=\"robots\" content=\"index, follow, max-snippet:-1, max-image-preview:large, max-video-preview:-1\" \/>\n<link rel=\"canonical\" href=\"https:\/\/thingstodoinamsterdam.com\/de\/sehenswuerdigkeiten-sightseeing-in-amsterdam\/\" \/>\n<meta property=\"og:locale\" content=\"de_DE\" \/>\n<meta property=\"og:type\" content=\"article\" \/>\n<meta property=\"og:title\" content=\"Sehensw\u00fcrdigkeiten &amp; Sightseeing in Amsterdam - ThingstodoinAmsterdam.com\" \/>\n<meta property=\"og:description\" content=\"Welche Orte darfst du bei deiner Reise nach Amsterdam auf keinen Fall verpassen? Schau sie dir hier an und erlebe das beste Sightseeing! Von den Highlights bis zu den Geheimtipps.\" \/>\n<meta property=\"og:url\" content=\"https:\/\/thingstodoinamsterdam.com\/de\/sehenswuerdigkeiten-sightseeing-in-amsterdam\/\" \/>\n<meta property=\"og:site_name\" content=\"ThingstodoinAmsterdam.com\" \/>\n<meta property=\"article:publisher\" content=\"https:\/\/www.facebook.com\/thingstodoinamsterdamcom\" \/>\n<meta property=\"article:modified_time\" content=\"2026-03-11T15:56:58+00:00\" \/>\n<meta property=\"og:image\" content=\"https:\/\/thingstodoinamsterdam.com\/wp-content\/uploads\/2019\/08\/Amsterdam-Canal-Belt-map-by-Unesco-300x300-2.png\" \/>\n\t<meta property=\"og:image:width\" content=\"300\" \/>\n\t<meta property=\"og:image:height\" content=\"300\" \/>\n\t<meta property=\"og:image:type\" content=\"image\/png\" \/>\n<meta name=\"twitter:card\" content=\"summary_large_image\" \/>\n<meta name=\"twitter:label1\" content=\"Gesch\u00e4tzte Lesezeit\" \/>\n\t<meta name=\"twitter:data1\" content=\"5\u00a0Minuten\" \/>\n<script type=\"application\/ld+json\" class=\"yoast-schema-graph\">{\"@context\":\"https:\\\/\\\/schema.org\",\"@graph\":[{\"@type\":\"WebPage\",\"@id\":\"https:\\\/\\\/thingstodoinamsterdam.com\\\/de\\\/sehenswuerdigkeiten-sightseeing-in-amsterdam\\\/\",\"url\":\"https:\\\/\\\/thingstodoinamsterdam.com\\\/de\\\/sehenswuerdigkeiten-sightseeing-in-amsterdam\\\/\",\"name\":\"Sehensw\u00fcrdigkeiten &amp; Sightseeing in Amsterdam - ThingstodoinAmsterdam.com\",\"isPartOf\":{\"@id\":\"https:\\\/\\\/thingstodoinamsterdam.com\\\/de\\\/#website\"},\"primaryImageOfPage\":{\"@id\":\"https:\\\/\\\/thingstodoinamsterdam.com\\\/de\\\/sehenswuerdigkeiten-sightseeing-in-amsterdam\\\/#primaryimage\"},\"image\":{\"@id\":\"https:\\\/\\\/thingstodoinamsterdam.com\\\/de\\\/sehenswuerdigkeiten-sightseeing-in-amsterdam\\\/#primaryimage\"},\"thumbnailUrl\":\"https:\\\/\\\/thingstodoinamsterdam.com\\\/wp-content\\\/uploads\\\/2019\\\/08\\\/Amsterdam-Canal-Belt-map-by-Unesco-300x300-2.png\",\"datePublished\":\"2026-03-10T13:40:46+00:00\",\"dateModified\":\"2026-03-11T15:56:58+00:00\",\"description\":\"Welche Orte darfst du bei deiner Reise nach Amsterdam auf keinen Fall verpassen? Schau sie dir hier an und erlebe das beste Sightseeing! Von den Highlights bis zu den Geheimtipps.\",\"breadcrumb\":{\"@id\":\"https:\\\/\\\/thingstodoinamsterdam.com\\\/de\\\/sehenswuerdigkeiten-sightseeing-in-amsterdam\\\/#breadcrumb\"},\"inLanguage\":\"de\",\"potentialAction\":[{\"@type\":\"ReadAction\",\"target\":[\"https:\\\/\\\/thingstodoinamsterdam.com\\\/de\\\/sehenswuerdigkeiten-sightseeing-in-amsterdam\\\/\"]}]},{\"@type\":\"ImageObject\",\"inLanguage\":\"de\",\"@id\":\"https:\\\/\\\/thingstodoinamsterdam.com\\\/de\\\/sehenswuerdigkeiten-sightseeing-in-amsterdam\\\/#primaryimage\",\"url\":\"https:\\\/\\\/thingstodoinamsterdam.com\\\/wp-content\\\/uploads\\\/2019\\\/08\\\/Amsterdam-Canal-Belt-map-by-Unesco-300x300-2.png\",\"contentUrl\":\"https:\\\/\\\/thingstodoinamsterdam.com\\\/wp-content\\\/uploads\\\/2019\\\/08\\\/Amsterdam-Canal-Belt-map-by-Unesco-300x300-2.png\",\"width\":300,\"height\":300,\"caption\":\"Canal belt\"},{\"@type\":\"BreadcrumbList\",\"@id\":\"https:\\\/\\\/thingstodoinamsterdam.com\\\/de\\\/sehenswuerdigkeiten-sightseeing-in-amsterdam\\\/#breadcrumb\",\"itemListElement\":[{\"@type\":\"ListItem\",\"position\":1,\"name\":\"Machen in Amsterdam\",\"item\":\"https:\\\/\\\/thingstodoinamsterdam.com\\\/de\\\/\"},{\"@type\":\"ListItem\",\"position\":2,\"name\":\"Sehensw\u00fcrdigkeiten &amp; Sightseeing in Amsterdam\"}]},{\"@type\":\"WebSite\",\"@id\":\"https:\\\/\\\/thingstodoinamsterdam.com\\\/de\\\/#website\",\"url\":\"https:\\\/\\\/thingstodoinamsterdam.com\\\/de\\\/\",\"name\":\"ThingstodoinAmsterdam.com\",\"description\":\"Amsterdam&#039;s highlights and hidden secrets\",\"publisher\":{\"@id\":\"https:\\\/\\\/thingstodoinamsterdam.com\\\/de\\\/#organization\"},\"potentialAction\":[{\"@type\":\"SearchAction\",\"target\":{\"@type\":\"EntryPoint\",\"urlTemplate\":\"https:\\\/\\\/thingstodoinamsterdam.com\\\/de\\\/?s={search_term_string}\"},\"query-input\":{\"@type\":\"PropertyValueSpecification\",\"valueRequired\":true,\"valueName\":\"search_term_string\"}}],\"inLanguage\":\"de\"},{\"@type\":\"Organization\",\"@id\":\"https:\\\/\\\/thingstodoinamsterdam.com\\\/de\\\/#organization\",\"name\":\"Machen in Amsterdam\",\"url\":\"https:\\\/\\\/thingstodoinamsterdam.com\\\/de\\\/\",\"logo\":{\"@type\":\"ImageObject\",\"inLanguage\":\"de\",\"@id\":\"https:\\\/\\\/thingstodoinamsterdam.com\\\/de\\\/#\\\/schema\\\/logo\\\/image\\\/\",\"url\":\"https:\\\/\\\/thingstodoinamsterdam.com\\\/wp-content\\\/uploads\\\/2025\\\/02\\\/ThingsToDoInAmsterdam-Favicon-logo.png\",\"contentUrl\":\"https:\\\/\\\/thingstodoinamsterdam.com\\\/wp-content\\\/uploads\\\/2025\\\/02\\\/ThingsToDoInAmsterdam-Favicon-logo.png\",\"width\":512,\"height\":512,\"caption\":\"Machen in Amsterdam\"},\"image\":{\"@id\":\"https:\\\/\\\/thingstodoinamsterdam.com\\\/de\\\/#\\\/schema\\\/logo\\\/image\\\/\"},\"sameAs\":[\"https:\\\/\\\/www.facebook.com\\\/thingstodoinamsterdamcom\"]}]}<\/script>\n<!-- \/ Yoast SEO plugin. -->","yoast_head_json":{"title":"Sehensw\u00fcrdigkeiten &amp; Sightseeing in Amsterdam - ThingstodoinAmsterdam.com","description":"Welche Orte darfst du bei deiner Reise nach Amsterdam auf keinen Fall verpassen? Schau sie dir hier an und erlebe das beste Sightseeing! Von den Highlights bis zu den Geheimtipps.","robots":{"index":"index","follow":"follow","max-snippet":"max-snippet:-1","max-image-preview":"max-image-preview:large","max-video-preview":"max-video-preview:-1"},"canonical":"https:\/\/thingstodoinamsterdam.com\/de\/sehenswuerdigkeiten-sightseeing-in-amsterdam\/","og_locale":"de_DE","og_type":"article","og_title":"Sehensw\u00fcrdigkeiten &amp; Sightseeing in Amsterdam - ThingstodoinAmsterdam.com","og_description":"Welche Orte darfst du bei deiner Reise nach Amsterdam auf keinen Fall verpassen? Schau sie dir hier an und erlebe das beste Sightseeing! Von den Highlights bis zu den Geheimtipps.","og_url":"https:\/\/thingstodoinamsterdam.com\/de\/sehenswuerdigkeiten-sightseeing-in-amsterdam\/","og_site_name":"ThingstodoinAmsterdam.com","article_publisher":"https:\/\/www.facebook.com\/thingstodoinamsterdamcom","article_modified_time":"2026-03-11T15:56:58+00:00","og_image":[{"width":300,"height":300,"url":"https:\/\/thingstodoinamsterdam.com\/wp-content\/uploads\/2019\/08\/Amsterdam-Canal-Belt-map-by-Unesco-300x300-2.png","type":"image\/png"}],"twitter_card":"summary_large_image","twitter_misc":{"Gesch\u00e4tzte Lesezeit":"5\u00a0Minuten"},"schema":{"@context":"https:\/\/schema.org","@graph":[{"@type":"WebPage","@id":"https:\/\/thingstodoinamsterdam.com\/de\/sehenswuerdigkeiten-sightseeing-in-amsterdam\/","url":"https:\/\/thingstodoinamsterdam.com\/de\/sehenswuerdigkeiten-sightseeing-in-amsterdam\/","name":"Sehensw\u00fcrdigkeiten &amp; Sightseeing in Amsterdam - ThingstodoinAmsterdam.com","isPartOf":{"@id":"https:\/\/thingstodoinamsterdam.com\/de\/#website"},"primaryImageOfPage":{"@id":"https:\/\/thingstodoinamsterdam.com\/de\/sehenswuerdigkeiten-sightseeing-in-amsterdam\/#primaryimage"},"image":{"@id":"https:\/\/thingstodoinamsterdam.com\/de\/sehenswuerdigkeiten-sightseeing-in-amsterdam\/#primaryimage"},"thumbnailUrl":"https:\/\/thingstodoinamsterdam.com\/wp-content\/uploads\/2019\/08\/Amsterdam-Canal-Belt-map-by-Unesco-300x300-2.png","datePublished":"2026-03-10T13:40:46+00:00","dateModified":"2026-03-11T15:56:58+00:00","description":"Welche Orte darfst du bei deiner Reise nach Amsterdam auf keinen Fall verpassen? Schau sie dir hier an und erlebe das beste Sightseeing! Von den Highlights bis zu den Geheimtipps.","breadcrumb":{"@id":"https:\/\/thingstodoinamsterdam.com\/de\/sehenswuerdigkeiten-sightseeing-in-amsterdam\/#breadcrumb"},"inLanguage":"de","potentialAction":[{"@type":"ReadAction","target":["https:\/\/thingstodoinamsterdam.com\/de\/sehenswuerdigkeiten-sightseeing-in-amsterdam\/"]}]},{"@type":"ImageObject","inLanguage":"de","@id":"https:\/\/thingstodoinamsterdam.com\/de\/sehenswuerdigkeiten-sightseeing-in-amsterdam\/#primaryimage","url":"https:\/\/thingstodoinamsterdam.com\/wp-content\/uploads\/2019\/08\/Amsterdam-Canal-Belt-map-by-Unesco-300x300-2.png","contentUrl":"https:\/\/thingstodoinamsterdam.com\/wp-content\/uploads\/2019\/08\/Amsterdam-Canal-Belt-map-by-Unesco-300x300-2.png","width":300,"height":300,"caption":"Canal belt"},{"@type":"BreadcrumbList","@id":"https:\/\/thingstodoinamsterdam.com\/de\/sehenswuerdigkeiten-sightseeing-in-amsterdam\/#breadcrumb","itemListElement":[{"@type":"ListItem","position":1,"name":"Machen in Amsterdam","item":"https:\/\/thingstodoinamsterdam.com\/de\/"},{"@type":"ListItem","position":2,"name":"Sehensw\u00fcrdigkeiten &amp; Sightseeing in Amsterdam"}]},{"@type":"WebSite","@id":"https:\/\/thingstodoinamsterdam.com\/de\/#website","url":"https:\/\/thingstodoinamsterdam.com\/de\/","name":"ThingstodoinAmsterdam.com","description":"Amsterdam&#039;s highlights and hidden secrets","publisher":{"@id":"https:\/\/thingstodoinamsterdam.com\/de\/#organization"},"potentialAction":[{"@type":"SearchAction","target":{"@type":"EntryPoint","urlTemplate":"https:\/\/thingstodoinamsterdam.com\/de\/?s={search_term_string}"},"query-input":{"@type":"PropertyValueSpecification","valueRequired":true,"valueName":"search_term_string"}}],"inLanguage":"de"},{"@type":"Organization","@id":"https:\/\/thingstodoinamsterdam.com\/de\/#organization","name":"Machen in Amsterdam","url":"https:\/\/thingstodoinamsterdam.com\/de\/","logo":{"@type":"ImageObject","inLanguage":"de","@id":"https:\/\/thingstodoinamsterdam.com\/de\/#\/schema\/logo\/image\/","url":"https:\/\/thingstodoinamsterdam.com\/wp-content\/uploads\/2025\/02\/ThingsToDoInAmsterdam-Favicon-logo.png","contentUrl":"https:\/\/thingstodoinamsterdam.com\/wp-content\/uploads\/2025\/02\/ThingsToDoInAmsterdam-Favicon-logo.png","width":512,"height":512,"caption":"Machen in Amsterdam"},"image":{"@id":"https:\/\/thingstodoinamsterdam.com\/de\/#\/schema\/logo\/image\/"},"sameAs":["https:\/\/www.facebook.com\/thingstodoinamsterdamcom"]}]}},"_links":{"self":[{"href":"https:\/\/thingstodoinamsterdam.com\/de\/wp-json\/wp\/v2\/pages\/2534868","targetHints":{"allow":["GET"]}}],"collection":[{"href":"https:\/\/thingstodoinamsterdam.com\/de\/wp-json\/wp\/v2\/pages"}],"about":[{"href":"https:\/\/thingstodoinamsterdam.com\/de\/wp-json\/wp\/v2\/types\/page"}],"author":[{"embeddable":true,"href":"https:\/\/thingstodoinamsterdam.com\/de\/wp-json\/wp\/v2\/users\/1"}],"replies":[{"embeddable":true,"href":"https:\/\/thingstodoinamsterdam.com\/de\/wp-json\/wp\/v2\/comments?post=2534868"}],"version-history":[{"count":5,"href":"https:\/\/thingstodoinamsterdam.com\/de\/wp-json\/wp\/v2\/pages\/2534868\/revisions"}],"predecessor-version":[{"id":2535175,"href":"https:\/\/thingstodoinamsterdam.com\/de\/wp-json\/wp\/v2\/pages\/2534868\/revisions\/2535175"}],"wp:featuredmedia":[{"embeddable":true,"href":"https:\/\/thingstodoinamsterdam.com\/de\/wp-json\/wp\/v2\/media\/8576"}],"wp:attachment":[{"href":"https:\/\/thingstodoinamsterdam.com\/de\/wp-json\/wp\/v2\/media?parent=2534868"}],"curies":[{"name":"wp","href":"https:\/\/api.w.org\/{rel}","templated":true}]}}