{"id":2538709,"date":"2026-03-31T10:44:06","date_gmt":"2026-03-31T08:44:06","guid":{"rendered":"https:\/\/thingstodoinamsterdam.com\/amsterdam-museen\/diamantenmuseum-amsterdam\/"},"modified":"2026-03-31T10:44:15","modified_gmt":"2026-03-31T08:44:15","slug":"diamantenmuseum-amsterdam","status":"publish","type":"page","link":"https:\/\/thingstodoinamsterdam.com\/de\/amsterdam-museen\/diamantenmuseum-amsterdam\/","title":{"rendered":"Diamantenmuseum Amsterdam"},"content":{"rendered":"<div class=\"wpb-content-wrapper\"><p>[vc_row][vc_column][vc_column_text]<\/p><div id=\"ez-toc-container\" class=\"ez-toc-v2_0_82_2 counter-hierarchy ez-toc-counter ez-toc-custom ez-toc-container-direction\">\n<div class=\"ez-toc-title-container\">\n<span class=\"ez-toc-title-toggle\"><a href=\"#\" class=\"ez-toc-pull-right ez-toc-btn ez-toc-btn-xs ez-toc-btn-default ez-toc-toggle\" aria-label=\"Toggle Table of Content\"><span class=\"ez-toc-js-icon-con\"><span class=\"\"><span class=\"eztoc-hide\" style=\"display:none;\">Toggle<\/span><span class=\"ez-toc-icon-toggle-span\"><svg style=\"fill: #999;color:#999\" xmlns=\"http:\/\/www.w3.org\/2000\/svg\" class=\"list-377408\" width=\"20px\" height=\"20px\" viewBox=\"0 0 24 24\" fill=\"none\"><path d=\"M6 6H4v2h2V6zm14 0H8v2h12V6zM4 11h2v2H4v-2zm16 0H8v2h12v-2zM4 16h2v2H4v-2zm16 0H8v2h12v-2z\" fill=\"currentColor\"><\/path><\/svg><svg style=\"fill: #999;color:#999\" class=\"arrow-unsorted-368013\" xmlns=\"http:\/\/www.w3.org\/2000\/svg\" width=\"10px\" height=\"10px\" viewBox=\"0 0 24 24\" version=\"1.2\" baseProfile=\"tiny\"><path d=\"M18.2 9.3l-6.2-6.3-6.2 6.3c-.2.2-.3.4-.3.7s.1.5.3.7c.2.2.4.3.7.3h11c.3 0 .5-.1.7-.3.2-.2.3-.5.3-.7s-.1-.5-.3-.7zM5.8 14.7l6.2 6.3 6.2-6.3c.2-.2.3-.5.3-.7s-.1-.5-.3-.7c-.2-.2-.4-.3-.7-.3h-11c-.3 0-.5.1-.7.3-.2.2-.3.5-.3.7s.1.5.3.7z\"\/><\/svg><\/span><\/span><\/span><\/a><\/span><\/div>\n<nav><ul class='ez-toc-list ez-toc-list-level-1 ' ><li class='ez-toc-page-1 ez-toc-heading-level-2'><a class=\"ez-toc-link ez-toc-heading-1\" href=\"https:\/\/thingstodoinamsterdam.com\/de\/amsterdam-museen\/diamantenmuseum-amsterdam\/#oeffnungszeiten-des-diamantenmuseums-amsterdam\" >\u00d6ffnungszeiten des Diamantenmuseums Amsterdam<\/a><\/li><li class='ez-toc-page-1 ez-toc-heading-level-2'><a class=\"ez-toc-link ez-toc-heading-2\" href=\"https:\/\/thingstodoinamsterdam.com\/de\/amsterdam-museen\/diamantenmuseum-amsterdam\/#preise-und-ermaessigungen-fuer-das-diamantenmuseum-amsterdam\" >Preise und Erm\u00e4\u00dfigungen f\u00fcr das Diamantenmuseum Amsterdam<\/a><\/li><li class='ez-toc-page-1 ez-toc-heading-level-2'><a class=\"ez-toc-link ez-toc-heading-3\" href=\"https:\/\/thingstodoinamsterdam.com\/de\/amsterdam-museen\/diamantenmuseum-amsterdam\/#adresse-kontaktinformationen-und-anfahrt-zum-diamantenmuseum-amsterdam\" >Adresse, Kontaktinformationen und Anfahrt zum Diamantenmuseum Amsterdam.<\/a><\/li><li class='ez-toc-page-1 ez-toc-heading-level-2'><a class=\"ez-toc-link ez-toc-heading-4\" href=\"https:\/\/thingstodoinamsterdam.com\/de\/amsterdam-museen\/diamantenmuseum-amsterdam\/#oeffentliche-verkehrsmittel-zum-diamantenmuseum-amsterdam\" >\u00d6ffentliche Verkehrsmittel zum Diamantenmuseum Amsterdam<\/a><\/li><\/ul><\/nav><\/div>\n\n<figure id=\"attachment_3479\" aria-describedby=\"caption-attachment-3479\" style=\"width: 300px\" class=\"wp-caption alignright\"><a href=\"https:\/\/thingstodoinamsterdam.com\/wp-content\/uploads\/2019\/08\/14298855402_5e83c5fd6b_o.jpg\"><img decoding=\"async\" class=\"size-medium wp-image-3479\" src=\"https:\/\/thingstodoinamsterdam.com\/wp-content\/uploads\/2019\/08\/14298855402_5e83c5fd6b_o-300x225-1.jpg\" alt=\"Diamantenmuseum Amsterdam\" width=\"300\" height=\"225\"><\/a><figcaption id=\"caption-attachment-3479\" class=\"wp-caption-text\">Diamantenmuseum Amsterdam<\/figcaption><\/figure>\n<p>Es gibt viele Menschen, die von Diamanten tr\u00e4umen, mehr \u00fcber sie erfahren und einige der wunderbaren Werke erfahrener Diamantschleifer aus n\u00e4chster N\u00e4he sehen m\u00f6chten, aber nicht viele haben die Chance, Amsterdams bezaubernde \u201eStadt der Diamanten\u201c zu besuchen. Das 2007 von Ben Meier gegr\u00fcndete Diamantenmuseum Amsterdam liegt verkehrsg\u00fcnstig am Amsterdamer Museumplein (Museumsplatz), direkt neben dem <a href=\"https:\/\/thingstodoinamsterdam.com\/de\/amsterdam-museen\/reichsmuseum-amsterdam\/\">Rijksmuseum<\/a> und dem <a href=\"https:\/\/thingstodoinamsterdam.com\/de\/amsterdam-museen\/van-gogh-museum\/\">Van Gogh Museum<\/a>. Es ist nicht nur ein Zuhause f\u00fcr Juwelen oder die Stadt der Diamanten, sondern selbst ein Juwel. Das vom 200 Jahre alten Diamantschleif- und Handelsunternehmen Coster Diamonds gegr\u00fcndete Museum versteht sich als Lern- und Ausstellungszentrum f\u00fcr Diamantenliebhaber. Das Diamantenmuseum und seine Ausstellungen kl\u00e4ren die Besucher dar\u00fcber auf, wie Diamanten entstehen. Sie zeigen auch, wie die Menschen ihre Liebe und Leidenschaft f\u00fcr Diamanten entwickelten, und erkl\u00e4ren, wie der Diamant nicht nur zum Symbol f\u00fcr Reichtum wurde, sondern auch mit Sch\u00f6nheit und Macht in Verbindung gebracht wurde.    <\/p>\n<p>Gef\u00fcllt mit hochwertigen Repliken ber\u00fchmter und sehr teurer Juwelen (Hochzeits- und Verlobungsringe, Halsketten, Armb\u00e4nder, Ketten usw.), zeigt das Diamantenmuseum Amsterdam die Geschichte des menschlichen Wissens \u00fcber Diamanten, die wichtigsten Steine der Welt, eine vollst\u00e4ndige Sammlung der historischen, mit Diamanten besetzten Kronen der Welt, die Geschichte der prestigetr\u00e4chtigen Amsterdamer Diamantenindustrie sowie den einzigartigen Einfluss, den Diamanten auf die Mode, die Unterhaltungsindustrie und das Leben ganz normaler Menschen hatten.<\/p>\n<p>Es gibt F\u00fchrungen f\u00fcr Paare, Einzelpersonen und Gruppen. Zudem besteht die M\u00f6glichkeit f\u00fcr Sondervereinbarungen, bei denen Besucher ihre pers\u00f6nlichen W\u00fcnsche an das Museumspersonal richten k\u00f6nnen.[\/vc_column_text][button title=&#8220;Bestelle deine erm\u00e4\u00dfigten Tickets f\u00fcr das Diamantenmuseum Amsterdam bei Tours and Tickets&#8220; link=&#8220;https:\/\/thingstodoinamsterdam.com\/ticketlink-diamondmuseum-tours-std&#8220; icon=&#8220;&#8220; button_align=&#8220;center&#8220; target=&#8220;true&#8220; nofollow=&#8220;true&#8220; el_id=&#8220;1565006605626-407b3e41-9f6b&#8220;][vc_column_text]<\/p>\n<p style=\"text-align: center;\">&#8211; L\u00f6se unbedingt unseren exklusiven Tours &amp; Tickets Rabattcode <mark><strong>&#8218;THINGSTODO10<\/strong>&#8218; ein und erhalte 10 % Rabatt<\/mark> &#8211;<\/p>\n<p>[\/vc_column_text][vc_single_image image=&#8220;8762&#8243; img_size=&#8220;full&#8220; alignment=&#8220;center&#8220;][vc_single_image image=&#8220;8763&#8243; img_size=&#8220;full&#8220; alignment=&#8220;center&#8220;][vc_single_image image=&#8220;8764&#8243; img_size=&#8220;full&#8220; alignment=&#8220;center&#8220;][vc_column_text]<\/p>\n<h2><span class=\"ez-toc-section\" id=\"oeffnungszeiten-des-diamantenmuseums-amsterdam\"><\/span>\u00d6ffnungszeiten des Diamantenmuseums Amsterdam<span class=\"ez-toc-section-end\"><\/span><\/h2>\n<p>Das Diamantenmuseum Amsterdam ist an 7 Tagen in der Woche und 365 Tagen im Jahr ge\u00f6ffnet.<\/p>\n<table style=\"width: 100%;\">\n<tbody>\n<tr>\n<td>Montag \u2013 Sonntag<\/td>\n<td> 09:00 \u2013 17:00 Uhr<\/td>\n<\/tr>\n<\/tbody>\n<\/table>\n<p>[\/vc_column_text][vc_column_text css=&#8220;&#8220;]<\/p>\n<h2><span class=\"ez-toc-section\" id=\"preise-und-ermaessigungen-fuer-das-diamantenmuseum-amsterdam\"><\/span>Preise und Erm\u00e4\u00dfigungen f\u00fcr das Diamantenmuseum Amsterdam<span class=\"ez-toc-section-end\"><\/span><\/h2>\n<p>Tickets sind am Museumseingang sowie auf der offiziellen Website des Diamantenmuseums Amsterdam erh\u00e4ltlich. Online-Tickets sind g\u00fcnstiger und im Handumdrehen gekauft. <\/p>\n<table style=\"width: 100%;\">\n<tbody>\n<tr>\n<td>Erwachsene<\/td>\n<td>12,50 \u20ac<\/td>\n<\/tr>\n<tr>\n<td>Kinder 13 \u2013 18 Jahre<\/td>\n<td>10,\u2013 \u20ac<\/td>\n<\/tr>\n<tr>\n<td>Kinder unter 12 Jahren<\/td>\n<td>Kostenlos<\/td>\n<\/tr>\n<\/tbody>\n<\/table>\n<p>[\/vc_column_text][button title=&#8220;Bestelle deine erm\u00e4\u00dfigten Tickets f\u00fcr das Diamantenmuseum Amsterdam bei Tours and Tickets&#8220; link=&#8220;https:\/\/thingstodoinamsterdam.com\/ticketlink-diamondmuseum-tours-std&#8220; icon=&#8220;&#8220; button_align=&#8220;center&#8220; target=&#8220;true&#8220; nofollow=&#8220;true&#8220; el_id=&#8220;1565006699221-6069db4d-c0ab&#8220;][vc_column_text]<\/p>\n<p style=\"text-align: center;\">&#8211; L\u00f6se unbedingt unseren exklusiven Tours &amp; Tickets Rabattcode <mark><strong>&#8218;THINGSTODO10<\/strong>&#8218; ein und erhalte 10 % Rabatt<\/mark> &#8211;<\/p>\n<p>[\/vc_column_text][vc_column_text]<\/p>\n<h2><span class=\"ez-toc-section\" id=\"adresse-kontaktinformationen-und-anfahrt-zum-diamantenmuseum-amsterdam\"><\/span>Adresse, Kontaktinformationen und Anfahrt zum Diamantenmuseum Amsterdam.<span class=\"ez-toc-section-end\"><\/span><\/h2>\n<p>Das Diamantenmuseum Amsterdam befindet sich am Museumsplatz (Museumplein) in Amsterdam in der Paulus Potterstraat 8. Am einfachsten erreichst du das Museum mit den \u00f6ffentlichen Verkehrsmitteln vom Amsterdamer Hauptbahnhof (Centraal Station) oder zu Fu\u00df vom Rijksmuseum und\/oder Van Gogh Museum. <\/p>\n<p><strong>Adresse<br \/>\n<\/strong>Royal Coster Diamonds Museum<br \/>\nPaulus Potterstraat 8<br \/>\n1071 CZ Amsterdam<br \/>\n+31 (0)20-305 5555<br \/>\nsupport@royalcoster.com<br \/>\n<a href=\"https:\/\/www.costerdiamonds.com\/\">https:\/\/www.costerdiamonds.com\/<\/a><\/p>\n<h3><strong>Anfahrt:<\/strong><\/h3>\n<p><strong>Zu Fu\u00df:<\/strong> Vom Rijksmuseum aus, mit dem R\u00fccken zum Museum und Blick auf den Museumplein, gehst du links in Richtung des Platzes (3 Minuten Fu\u00dfweg). Das Museum ist das dritte Haus auf der rechten Seite. <\/p>\n<p><strong>Mit der Stra\u00dfenbahn:<\/strong> Linien 2 und 5 vom Amsterdamer Hauptbahnhof (Centraal Station).[\/vc_column_text][g_map heading=&#8220;Diamond Museum Amsterdam on the city map&#8220; el_id=&#8220;1567515635428-261804bd-bd36&#8243;]<iframe style=\"border: 0;\" src=\"https:\/\/www.google.com\/maps\/embed?pb=!1m18!1m12!1m3!1d2436.605090281513!2d4.880299715858117!3d52.35944737978413!2m3!1f0!2f0!3f0!3m2!1i1024!2i768!4f13.1!3m3!1m2!1s0x47c609eefe52e217%3A0xc2a8e54ec45198db!2sDiamond+Museum+Amsterdam!5e0!3m2!1sen!2snl!4v1505740934449\" width=\"600\" height=\"450\" frameborder=\"0\" allowfullscreen=\"allowfullscreen\"><\/iframe>[\/g_map][vc_column_text]<\/p>\n<h2><span class=\"ez-toc-section\" id=\"oeffentliche-verkehrsmittel-zum-diamantenmuseum-amsterdam\"><\/span>\u00d6ffentliche Verkehrsmittel zum Diamantenmuseum Amsterdam<span class=\"ez-toc-section-end\"><\/span><\/h2>\n<p>Von vielen Stadtteilen Amsterdams aus bringen dich Stra\u00dfenbahnen zum Rijksmuseum. Je nachdem, wo du einsteigst, musst du an der Haltestelle Rijksmuseum, Museumplein oder Spiegelgracht aussteigen. Folgende Linien bringen dich zu diesen Haltestellen:  <\/p>\n<p><strong>Vom Amsterdamer Hauptbahnhof:<\/strong><\/p>\n<ul>\n<li>Stra\u00dfenbahn 2, Richtung Nieuw Sloten, Haltestelle Museumplein<\/li>\n<li>Stra\u00dfenbahn 5, Richtung Amstelveen Binnenhof, Haltestelle Museumplein<\/li>\n<li>Bus 170, Richtung Uithoorn, Amstelplein, Haltestelle Rijksmuseum oder Museumplein<\/li>\n<li>Bus 172, Richtung Kudelstaart, Haltestelle Rijksmuseum oder Museumplein<\/li>\n<\/ul>\n<p><strong>Von Amsterdam Sloterdijk:<br \/>\n<\/strong>Stra\u00dfenbahn 12, Richtung Amsterdam Amstel, Haltestelle Museumplein<\/p>\n<p><strong>Von Amsterdam Amstel:<br \/>\n<\/strong>Stra\u00dfenbahn 12, Richtung Station Sloterdijk, Haltestelle Museumplein<\/p>\n<p><strong>Von Amsterdam Zuid WTC:<br \/>\n<\/strong>Stra\u00dfenbahn 5, Richtung Amsterdam Centraal, Haltestelle Museumplein<\/p>\n<p><strong>Vom Flughafen Amsterdam Schiphol:<br \/>\n<\/strong>Bus 197 Richtung Marnixstraat, Haltestelle Museumplein<\/p>\n<p>Bist du dir nicht sicher, wo du dich gerade befindest oder welche Stra\u00dfenbahn du nehmen sollst? Nutze den Button unten, um eine genaue Reiseberatung in Echtzeit basierend auf deinem aktuellen Standort zu erhalten. <\/p>\n<p>&nbsp;<\/p>\n<p><a href=\"https:\/\/9292.nl\/en?to=amsterdam_museumplein-square\"><img decoding=\"async\" class=\"alignnone wp-image-3080 size-medium\" src=\"https:\/\/thingstodoinamsterdam.com\/wp-content\/uploads\/2019\/07\/Button-Plan-mijn-OV-reis-EN-300x54.png\" alt=\"ov Taste Eisleiste\" width=\"300\" height=\"54\"><\/a>[\/vc_column_text][\/vc_column][\/vc_row][vc_row][vc_column][reviews heading=&#8220;Bewertungen zum Diamantenmuseum Amsterdam&#8220; description=&#8220;Wir sind immer an den Erfahrungen unserer Besucher interessiert. Bitte hinterlasse unten deine Bewertung f\u00fcr das Diamantenmuseum Amsterdam und hilf damit anderen Reisenden! Wie hat dir das Diamantenmuseum Amsterdam gefallen? W\u00fcrdest du es Freunden empfehlen? Hattest du eine wunderbare F\u00fchrung durch das Museum? Lass es uns wissen und bitte hab etwas Geduld, da wir alle Bewertungen manuell pr\u00fcfen; sie wird bald ver\u00f6ffentlicht!     &#8220; item_name=&#8220;Diamond Museum Amsterdam&#8220; item_image=&#8220;1575&#8243; item_tel=&#8220;+3120 305 5300&#8243; item_web=&#8220;https:\/\/diamonds-amsterdam.com\/&#8220; item_address=&#8220;Paulus Potterstraat 8&#8243; item_city=&#8220;Amsterdam&#8220; item_postal_code=&#8220;1071 CZ&#8220; item_country=&#8220;NL&#8220; el_id=&#8220;1565006880578-14cd1ec4-ee5c&#8220;][\/reviews][vc_column_text]<strong>Sieh dir eines der folgenden Museen an oder gehe zur\u00fcck zur allgemeinen Seite \u00fcber die <a href=\"https:\/\/thingstodoinamsterdam.com\/de\/amsterdam-museen\/\">Museen in Amsterdam<\/a>.<\/strong>[\/vc_column_text][\/vc_column][\/vc_row][vc_row][vc_column][promo_block style_var=&#8220;style2&#8243; el_id=&#8220;1565006966227-2964f00d-4c4f&#8220;][promo link=&#8220;url:https%3A%2F%2Fthingstodoinamsterdam.com%2Fde%2Famsterdam-museen%2Freichsmuseum-amsterdam%2F|title:Rijksmuseum|&#8220; text=&#8220;Entdecke Rembrandts Nachtwache und viele weitere ber\u00fchmte niederl\u00e4ndische K\u00fcnstler&#8220; img=&#8220;1089&#8243;][promo link=&#8220;url:https%3A%2F%2Fthingstodoinamsterdam.com%2Fmuseum-amsterdam%2Famsterdam-dungeon%2F|title:Amsterdam%20Dungeon|&#8220; text=&#8220;Schau dir Live-Shows \u00fcber die Geschichte von Amsterdam an&#8220; img=&#8220;2065&#8243;][promo link=&#8220;url:https%3A%2F%2Fthingstodoinamsterdam.com%2Fmuseum-amsterdam%2Fmadame-tussauds-wax-museum-amsterdam%2F|title:Madame%20Tussauds|&#8220; text=&#8220;Mach ein Selfie mit der niederl\u00e4ndischen K\u00f6nigsfamilie!&#8220; img=&#8220;632&#8243;][\/promo_block][\/vc_column][\/vc_row][vc_row][vc_column][buttonsticky title=&#8220;Sichere dir Online-Rabatt-Tickets @ Tours-tickets.com&#8220; link=&#8220;https:\/\/thingstodoinamsterdam.com\/ticketlink-diamondmuseum-tours-std&#8220; target=&#8220;true&#8220; nofollow=&#8220;true&#8220; el_id=&#8220;1601642025027-30c9a0eb-78d2&#8243;][\/vc_column][\/vc_row]<\/p>\n<\/div>","protected":false},"excerpt":{"rendered":"<p>[vc_row][vc_column][vc_column_text] Es gibt viele Menschen, die von Diamanten tr\u00e4umen, mehr \u00fcber sie erfahren und einige der wunderbaren Werke erfahrener Diamantschleifer aus n\u00e4chster N\u00e4he sehen m\u00f6chten,\u2026<\/p>\n","protected":false},"author":3,"featured_media":7662,"parent":8982,"menu_order":0,"comment_status":"closed","ping_status":"closed","template":"","meta":{"footnotes":""},"class_list":["post-2538709","page","type-page","status-publish","has-post-thumbnail","hentry"],"yoast_head":"<!-- This site is optimized with the Yoast SEO plugin v27.4 - https:\/\/yoast.com\/product\/yoast-seo-wordpress\/ -->\n<title>Diamantenmuseum Amsterdam - ThingstodoinAmsterdam.com<\/title>\n<meta name=\"description\" content=\"Es gibt viele Menschen, die von Diamanten tr\u00e4umen, mehr \u00fcber sie erfahren und einige der wunderbaren Werke erfahrener Diamantschleifer sehen m\u00f6chten.\" \/>\n<meta name=\"robots\" content=\"index, follow, max-snippet:-1, max-image-preview:large, max-video-preview:-1\" \/>\n<link rel=\"canonical\" href=\"https:\/\/thingstodoinamsterdam.com\/de\/amsterdam-museen\/diamantenmuseum-amsterdam\/\" \/>\n<meta property=\"og:locale\" content=\"de_DE\" \/>\n<meta property=\"og:type\" content=\"article\" \/>\n<meta property=\"og:title\" content=\"Diamantenmuseum Amsterdam - ThingstodoinAmsterdam.com\" \/>\n<meta property=\"og:description\" content=\"Es gibt viele Menschen, die von Diamanten tr\u00e4umen, mehr \u00fcber sie erfahren und einige der wunderbaren Werke erfahrener Diamantschleifer sehen m\u00f6chten.\" \/>\n<meta property=\"og:url\" content=\"https:\/\/thingstodoinamsterdam.com\/de\/amsterdam-museen\/diamantenmuseum-amsterdam\/\" \/>\n<meta property=\"og:site_name\" content=\"ThingstodoinAmsterdam.com\" \/>\n<meta property=\"article:publisher\" content=\"https:\/\/www.facebook.com\/thingstodoinamsterdamcom\" \/>\n<meta property=\"article:modified_time\" content=\"2026-03-31T08:44:15+00:00\" \/>\n<meta property=\"og:image\" content=\"https:\/\/thingstodoinamsterdam.com\/wp-content\/uploads\/2019\/08\/14298855402_5e83c5fd6b_o.jpg\" \/>\n\t<meta property=\"og:image:width\" content=\"1080\" \/>\n\t<meta property=\"og:image:height\" content=\"810\" \/>\n\t<meta property=\"og:image:type\" content=\"image\/jpeg\" \/>\n<meta name=\"twitter:card\" content=\"summary_large_image\" \/>\n<meta name=\"twitter:label1\" content=\"Gesch\u00e4tzte Lesezeit\" \/>\n\t<meta name=\"twitter:data1\" content=\"5\u00a0Minuten\" \/>\n<script type=\"application\/ld+json\" class=\"yoast-schema-graph\">{\"@context\":\"https:\\\/\\\/schema.org\",\"@graph\":[{\"@type\":\"WebPage\",\"@id\":\"https:\\\/\\\/thingstodoinamsterdam.com\\\/de\\\/amsterdam-museen\\\/diamantenmuseum-amsterdam\\\/\",\"url\":\"https:\\\/\\\/thingstodoinamsterdam.com\\\/de\\\/amsterdam-museen\\\/diamantenmuseum-amsterdam\\\/\",\"name\":\"Diamantenmuseum Amsterdam - ThingstodoinAmsterdam.com\",\"isPartOf\":{\"@id\":\"https:\\\/\\\/thingstodoinamsterdam.com\\\/de\\\/#website\"},\"primaryImageOfPage\":{\"@id\":\"https:\\\/\\\/thingstodoinamsterdam.com\\\/de\\\/amsterdam-museen\\\/diamantenmuseum-amsterdam\\\/#primaryimage\"},\"image\":{\"@id\":\"https:\\\/\\\/thingstodoinamsterdam.com\\\/de\\\/amsterdam-museen\\\/diamantenmuseum-amsterdam\\\/#primaryimage\"},\"thumbnailUrl\":\"https:\\\/\\\/thingstodoinamsterdam.com\\\/wp-content\\\/uploads\\\/2019\\\/08\\\/14298855402_5e83c5fd6b_o.jpg\",\"datePublished\":\"2026-03-31T08:44:06+00:00\",\"dateModified\":\"2026-03-31T08:44:15+00:00\",\"description\":\"Es gibt viele Menschen, die von Diamanten tr\u00e4umen, mehr \u00fcber sie erfahren und einige der wunderbaren Werke erfahrener Diamantschleifer sehen m\u00f6chten.\",\"breadcrumb\":{\"@id\":\"https:\\\/\\\/thingstodoinamsterdam.com\\\/de\\\/amsterdam-museen\\\/diamantenmuseum-amsterdam\\\/#breadcrumb\"},\"inLanguage\":\"de\",\"potentialAction\":[{\"@type\":\"ReadAction\",\"target\":[\"https:\\\/\\\/thingstodoinamsterdam.com\\\/de\\\/amsterdam-museen\\\/diamantenmuseum-amsterdam\\\/\"]}]},{\"@type\":\"ImageObject\",\"inLanguage\":\"de\",\"@id\":\"https:\\\/\\\/thingstodoinamsterdam.com\\\/de\\\/amsterdam-museen\\\/diamantenmuseum-amsterdam\\\/#primaryimage\",\"url\":\"https:\\\/\\\/thingstodoinamsterdam.com\\\/wp-content\\\/uploads\\\/2019\\\/08\\\/14298855402_5e83c5fd6b_o.jpg\",\"contentUrl\":\"https:\\\/\\\/thingstodoinamsterdam.com\\\/wp-content\\\/uploads\\\/2019\\\/08\\\/14298855402_5e83c5fd6b_o.jpg\",\"width\":1080,\"height\":810},{\"@type\":\"BreadcrumbList\",\"@id\":\"https:\\\/\\\/thingstodoinamsterdam.com\\\/de\\\/amsterdam-museen\\\/diamantenmuseum-amsterdam\\\/#breadcrumb\",\"itemListElement\":[{\"@type\":\"ListItem\",\"position\":1,\"name\":\"Machen in Amsterdam\",\"item\":\"https:\\\/\\\/thingstodoinamsterdam.com\\\/de\\\/\"},{\"@type\":\"ListItem\",\"position\":2,\"name\":\"Amsterdam Museen\",\"item\":\"https:\\\/\\\/thingstodoinamsterdam.com\\\/de\\\/amsterdam-museen\\\/\"},{\"@type\":\"ListItem\",\"position\":3,\"name\":\"Diamantenmuseum Amsterdam\"}]},{\"@type\":\"WebSite\",\"@id\":\"https:\\\/\\\/thingstodoinamsterdam.com\\\/de\\\/#website\",\"url\":\"https:\\\/\\\/thingstodoinamsterdam.com\\\/de\\\/\",\"name\":\"ThingstodoinAmsterdam.com\",\"description\":\"Amsterdam&#039;s highlights and hidden secrets\",\"publisher\":{\"@id\":\"https:\\\/\\\/thingstodoinamsterdam.com\\\/de\\\/#organization\"},\"potentialAction\":[{\"@type\":\"SearchAction\",\"target\":{\"@type\":\"EntryPoint\",\"urlTemplate\":\"https:\\\/\\\/thingstodoinamsterdam.com\\\/de\\\/?s={search_term_string}\"},\"query-input\":{\"@type\":\"PropertyValueSpecification\",\"valueRequired\":true,\"valueName\":\"search_term_string\"}}],\"inLanguage\":\"de\"},{\"@type\":\"Organization\",\"@id\":\"https:\\\/\\\/thingstodoinamsterdam.com\\\/de\\\/#organization\",\"name\":\"Machen in Amsterdam\",\"url\":\"https:\\\/\\\/thingstodoinamsterdam.com\\\/de\\\/\",\"logo\":{\"@type\":\"ImageObject\",\"inLanguage\":\"de\",\"@id\":\"https:\\\/\\\/thingstodoinamsterdam.com\\\/de\\\/#\\\/schema\\\/logo\\\/image\\\/\",\"url\":\"https:\\\/\\\/thingstodoinamsterdam.com\\\/wp-content\\\/uploads\\\/2025\\\/02\\\/ThingsToDoInAmsterdam-Favicon-logo.png\",\"contentUrl\":\"https:\\\/\\\/thingstodoinamsterdam.com\\\/wp-content\\\/uploads\\\/2025\\\/02\\\/ThingsToDoInAmsterdam-Favicon-logo.png\",\"width\":512,\"height\":512,\"caption\":\"Machen in Amsterdam\"},\"image\":{\"@id\":\"https:\\\/\\\/thingstodoinamsterdam.com\\\/de\\\/#\\\/schema\\\/logo\\\/image\\\/\"},\"sameAs\":[\"https:\\\/\\\/www.facebook.com\\\/thingstodoinamsterdamcom\"]}]}<\/script>\n<!-- \/ Yoast SEO plugin. -->","yoast_head_json":{"title":"Diamantenmuseum Amsterdam - ThingstodoinAmsterdam.com","description":"Es gibt viele Menschen, die von Diamanten tr\u00e4umen, mehr \u00fcber sie erfahren und einige der wunderbaren Werke erfahrener Diamantschleifer sehen m\u00f6chten.","robots":{"index":"index","follow":"follow","max-snippet":"max-snippet:-1","max-image-preview":"max-image-preview:large","max-video-preview":"max-video-preview:-1"},"canonical":"https:\/\/thingstodoinamsterdam.com\/de\/amsterdam-museen\/diamantenmuseum-amsterdam\/","og_locale":"de_DE","og_type":"article","og_title":"Diamantenmuseum Amsterdam - ThingstodoinAmsterdam.com","og_description":"Es gibt viele Menschen, die von Diamanten tr\u00e4umen, mehr \u00fcber sie erfahren und einige der wunderbaren Werke erfahrener Diamantschleifer sehen m\u00f6chten.","og_url":"https:\/\/thingstodoinamsterdam.com\/de\/amsterdam-museen\/diamantenmuseum-amsterdam\/","og_site_name":"ThingstodoinAmsterdam.com","article_publisher":"https:\/\/www.facebook.com\/thingstodoinamsterdamcom","article_modified_time":"2026-03-31T08:44:15+00:00","og_image":[{"width":1080,"height":810,"url":"https:\/\/thingstodoinamsterdam.com\/wp-content\/uploads\/2019\/08\/14298855402_5e83c5fd6b_o.jpg","type":"image\/jpeg"}],"twitter_card":"summary_large_image","twitter_misc":{"Gesch\u00e4tzte Lesezeit":"5\u00a0Minuten"},"schema":{"@context":"https:\/\/schema.org","@graph":[{"@type":"WebPage","@id":"https:\/\/thingstodoinamsterdam.com\/de\/amsterdam-museen\/diamantenmuseum-amsterdam\/","url":"https:\/\/thingstodoinamsterdam.com\/de\/amsterdam-museen\/diamantenmuseum-amsterdam\/","name":"Diamantenmuseum Amsterdam - ThingstodoinAmsterdam.com","isPartOf":{"@id":"https:\/\/thingstodoinamsterdam.com\/de\/#website"},"primaryImageOfPage":{"@id":"https:\/\/thingstodoinamsterdam.com\/de\/amsterdam-museen\/diamantenmuseum-amsterdam\/#primaryimage"},"image":{"@id":"https:\/\/thingstodoinamsterdam.com\/de\/amsterdam-museen\/diamantenmuseum-amsterdam\/#primaryimage"},"thumbnailUrl":"https:\/\/thingstodoinamsterdam.com\/wp-content\/uploads\/2019\/08\/14298855402_5e83c5fd6b_o.jpg","datePublished":"2026-03-31T08:44:06+00:00","dateModified":"2026-03-31T08:44:15+00:00","description":"Es gibt viele Menschen, die von Diamanten tr\u00e4umen, mehr \u00fcber sie erfahren und einige der wunderbaren Werke erfahrener Diamantschleifer sehen m\u00f6chten.","breadcrumb":{"@id":"https:\/\/thingstodoinamsterdam.com\/de\/amsterdam-museen\/diamantenmuseum-amsterdam\/#breadcrumb"},"inLanguage":"de","potentialAction":[{"@type":"ReadAction","target":["https:\/\/thingstodoinamsterdam.com\/de\/amsterdam-museen\/diamantenmuseum-amsterdam\/"]}]},{"@type":"ImageObject","inLanguage":"de","@id":"https:\/\/thingstodoinamsterdam.com\/de\/amsterdam-museen\/diamantenmuseum-amsterdam\/#primaryimage","url":"https:\/\/thingstodoinamsterdam.com\/wp-content\/uploads\/2019\/08\/14298855402_5e83c5fd6b_o.jpg","contentUrl":"https:\/\/thingstodoinamsterdam.com\/wp-content\/uploads\/2019\/08\/14298855402_5e83c5fd6b_o.jpg","width":1080,"height":810},{"@type":"BreadcrumbList","@id":"https:\/\/thingstodoinamsterdam.com\/de\/amsterdam-museen\/diamantenmuseum-amsterdam\/#breadcrumb","itemListElement":[{"@type":"ListItem","position":1,"name":"Machen in Amsterdam","item":"https:\/\/thingstodoinamsterdam.com\/de\/"},{"@type":"ListItem","position":2,"name":"Amsterdam Museen","item":"https:\/\/thingstodoinamsterdam.com\/de\/amsterdam-museen\/"},{"@type":"ListItem","position":3,"name":"Diamantenmuseum Amsterdam"}]},{"@type":"WebSite","@id":"https:\/\/thingstodoinamsterdam.com\/de\/#website","url":"https:\/\/thingstodoinamsterdam.com\/de\/","name":"ThingstodoinAmsterdam.com","description":"Amsterdam&#039;s highlights and hidden secrets","publisher":{"@id":"https:\/\/thingstodoinamsterdam.com\/de\/#organization"},"potentialAction":[{"@type":"SearchAction","target":{"@type":"EntryPoint","urlTemplate":"https:\/\/thingstodoinamsterdam.com\/de\/?s={search_term_string}"},"query-input":{"@type":"PropertyValueSpecification","valueRequired":true,"valueName":"search_term_string"}}],"inLanguage":"de"},{"@type":"Organization","@id":"https:\/\/thingstodoinamsterdam.com\/de\/#organization","name":"Machen in Amsterdam","url":"https:\/\/thingstodoinamsterdam.com\/de\/","logo":{"@type":"ImageObject","inLanguage":"de","@id":"https:\/\/thingstodoinamsterdam.com\/de\/#\/schema\/logo\/image\/","url":"https:\/\/thingstodoinamsterdam.com\/wp-content\/uploads\/2025\/02\/ThingsToDoInAmsterdam-Favicon-logo.png","contentUrl":"https:\/\/thingstodoinamsterdam.com\/wp-content\/uploads\/2025\/02\/ThingsToDoInAmsterdam-Favicon-logo.png","width":512,"height":512,"caption":"Machen in Amsterdam"},"image":{"@id":"https:\/\/thingstodoinamsterdam.com\/de\/#\/schema\/logo\/image\/"},"sameAs":["https:\/\/www.facebook.com\/thingstodoinamsterdamcom"]}]}},"_links":{"self":[{"href":"https:\/\/thingstodoinamsterdam.com\/de\/wp-json\/wp\/v2\/pages\/2538709","targetHints":{"allow":["GET"]}}],"collection":[{"href":"https:\/\/thingstodoinamsterdam.com\/de\/wp-json\/wp\/v2\/pages"}],"about":[{"href":"https:\/\/thingstodoinamsterdam.com\/de\/wp-json\/wp\/v2\/types\/page"}],"author":[{"embeddable":true,"href":"https:\/\/thingstodoinamsterdam.com\/de\/wp-json\/wp\/v2\/users\/3"}],"replies":[{"embeddable":true,"href":"https:\/\/thingstodoinamsterdam.com\/de\/wp-json\/wp\/v2\/comments?post=2538709"}],"version-history":[{"count":3,"href":"https:\/\/thingstodoinamsterdam.com\/de\/wp-json\/wp\/v2\/pages\/2538709\/revisions"}],"predecessor-version":[{"id":2538712,"href":"https:\/\/thingstodoinamsterdam.com\/de\/wp-json\/wp\/v2\/pages\/2538709\/revisions\/2538712"}],"up":[{"embeddable":true,"href":"https:\/\/thingstodoinamsterdam.com\/de\/wp-json\/wp\/v2\/pages\/8982"}],"wp:featuredmedia":[{"embeddable":true,"href":"https:\/\/thingstodoinamsterdam.com\/de\/wp-json\/wp\/v2\/media\/7662"}],"wp:attachment":[{"href":"https:\/\/thingstodoinamsterdam.com\/de\/wp-json\/wp\/v2\/media?parent=2538709"}],"curies":[{"name":"wp","href":"https:\/\/api.w.org\/{rel}","templated":true}]}}