{"id":2542537,"date":"2026-05-08T14:17:38","date_gmt":"2026-05-08T12:17:38","guid":{"rendered":"https:\/\/thingstodoinamsterdam.com\/de-poezenboot-das-katzenboot\/"},"modified":"2026-05-08T14:17:40","modified_gmt":"2026-05-08T12:17:40","slug":"de-poezenboot-das-katzenboot","status":"publish","type":"page","link":"https:\/\/thingstodoinamsterdam.com\/de\/de-poezenboot-das-katzenboot\/","title":{"rendered":"De Poezenboot (Das Katzenboot)"},"content":{"rendered":"<div class=\"wpb-content-wrapper\"><p>[vc_row][vc_column width=&#8220;2\/3&#8243;][vc_column_text]Jeder, der schon einmal in Amsterdam war, wei\u00df, dass die Stadt von Grachten und Hausbooten gepr\u00e4gt ist. De Poezenboot ist ein einzigartiges Hausboot, das in ein Tierheim umgewandelt wurde. Freiwillige f\u00fchren es mit einem gro\u00dfen Herz f\u00fcr Tiere und Katzen. Wie du dir wahrscheinlich schon denken kannst, er\u00fcbrigt sich die Erkl\u00e4rung, wie einzigartig ein schwimmendes Katzenparadies ist. Das Beste daran ist, dass De Poezenboot f\u00fcr die \u00d6ffentlichkeit zug\u00e4nglich ist. Wenn du also als Katzenliebhaber Amsterdam besuchst und Lust auf einen entspannten Moment abseits der gesch\u00e4ftigen Stadt hast, besuche De Poezenboot. Es wird kein Eintritt erhoben, aber nat\u00fcrlich wirst du eine Spende hinterlassen, damit die Katzen im Trockenen und gl\u00fccklich bleiben!     <\/p><div id=\"ez-toc-container\" class=\"ez-toc-v2_0_82_2 counter-hierarchy ez-toc-counter ez-toc-custom ez-toc-container-direction\">\n<div class=\"ez-toc-title-container\">\n<span class=\"ez-toc-title-toggle\"><a href=\"#\" class=\"ez-toc-pull-right ez-toc-btn ez-toc-btn-xs ez-toc-btn-default ez-toc-toggle\" aria-label=\"Toggle Table of Content\"><span class=\"ez-toc-js-icon-con\"><span class=\"\"><span class=\"eztoc-hide\" style=\"display:none;\">Toggle<\/span><span class=\"ez-toc-icon-toggle-span\"><svg style=\"fill: #999;color:#999\" xmlns=\"http:\/\/www.w3.org\/2000\/svg\" class=\"list-377408\" width=\"20px\" height=\"20px\" viewBox=\"0 0 24 24\" fill=\"none\"><path d=\"M6 6H4v2h2V6zm14 0H8v2h12V6zM4 11h2v2H4v-2zm16 0H8v2h12v-2zM4 16h2v2H4v-2zm16 0H8v2h12v-2z\" fill=\"currentColor\"><\/path><\/svg><svg style=\"fill: #999;color:#999\" class=\"arrow-unsorted-368013\" xmlns=\"http:\/\/www.w3.org\/2000\/svg\" width=\"10px\" height=\"10px\" viewBox=\"0 0 24 24\" version=\"1.2\" baseProfile=\"tiny\"><path d=\"M18.2 9.3l-6.2-6.3-6.2 6.3c-.2.2-.3.4-.3.7s.1.5.3.7c.2.2.4.3.7.3h11c.3 0 .5-.1.7-.3.2-.2.3-.5.3-.7s-.1-.5-.3-.7zM5.8 14.7l6.2 6.3 6.2-6.3c.2-.2.3-.5.3-.7s-.1-.5-.3-.7c-.2-.2-.4-.3-.7-.3h-11c-.3 0-.5.1-.7.3-.2.2-.3.5-.3.7s.1.5.3.7z\"\/><\/svg><\/span><\/span><\/span><\/a><\/span><\/div>\n<nav><ul class='ez-toc-list ez-toc-list-level-1 ' ><li class='ez-toc-page-1 ez-toc-heading-level-2'><a class=\"ez-toc-link ez-toc-heading-1\" href=\"https:\/\/thingstodoinamsterdam.com\/de\/de-poezenboot-das-katzenboot\/#geschichte-von-de-poezenboot\" >Geschichte von De Poezenboot<\/a><\/li><li class='ez-toc-page-1 ez-toc-heading-level-2'><a class=\"ez-toc-link ez-toc-heading-2\" href=\"https:\/\/thingstodoinamsterdam.com\/de\/de-poezenboot-das-katzenboot\/#oeffnungszeiten-von-de-poezenboot\" >\u00d6ffnungszeiten von De Poezenboot<\/a><\/li><li class='ez-toc-page-1 ez-toc-heading-level-2'><a class=\"ez-toc-link ez-toc-heading-3\" href=\"https:\/\/thingstodoinamsterdam.com\/de\/de-poezenboot-das-katzenboot\/#tickets-und-preise\" >Tickets und Preise<\/a><\/li><li class='ez-toc-page-1 ez-toc-heading-level-2'><a class=\"ez-toc-link ez-toc-heading-4\" href=\"https:\/\/thingstodoinamsterdam.com\/de\/de-poezenboot-das-katzenboot\/#adresse-kontaktinformationen-und-route\" >Adresse, Kontaktinformationen und Route<\/a><\/li><\/ul><\/nav><\/div>\n\n<p><em><strong>Update: Nach 45 Jahren im Dienst geht der alte Poezenboot in den Ruhestand. Mit Hilfe von Freiwilligen und Spenden wird an einem neuen schwimmenden Unterstand gearbeitet. Wie du dir vorstellen kannst, kostet das eine Menge Geld und M\u00fche. Jede <a href=\"https:\/\/www.denieuwepoezenboot.nl\/the-new-amsterdam-catboat\/\">Unterst\u00fctzung ist willkommen. Schau dir diese Website an, um zu helfen<\/a>.   <\/strong><\/em>[\/vc_column_text][\/vc_column][vc_column width=&#8220;1\/3&#8243;][vc_single_image image=&#8220;7546&#8243; img_size=&#8220;full&#8220; alignment=&#8220;center&#8220; onclick=&#8220;link_image&#8220;][\/vc_column][\/vc_row][vc_row][vc_column][vc_column_text css=&#8220;&#8220;]<\/p>\n<h2><span class=\"ez-toc-section\" id=\"geschichte-von-de-poezenboot\"><\/span>Geschichte von De Poezenboot<span class=\"ez-toc-section-end\"><\/span><\/h2>\n<p>Die Geschichte von \u201eDe Poezenboot\u201c (dem Katzenboot) reicht bis ins Jahr 1966 zur\u00fcck, als die Gr\u00fcnderin Henriette van Weelde eine obdachlose Katzenfamilie entdeckte, die unter einem Baum Schutz suchte. Sie beschloss, die Katzen mitzunehmen und sie in ihrem Zuhause an der Herengracht zu versorgen. Kurz nach dieser ersten Katzenfamilie folgte eine weitere zugelaufene Katze. Ehe Henriette sich versah, machten Ger\u00fcchte die Runde, und die Leute brachten ihr Katzen, um die sie sich nicht mehr k\u00fcmmern konnten. 1968 war Henriette auch als \u201edie Katzenlady\u201c bekannt und brauchte jeden Winkel ihres Hauses, um all ihre Katzen unterzubringen. Irgendwann waren ihr ganzes Haus, der Garten und die Dachterrasse voller Katzen \u2013 und trotzdem wurden weiterhin neue gebracht. Henriette brauchte eine L\u00f6sung, und sie fand sie, indem sie einfach aus dem Fenster schaute. Als sie ein Hausboot an der Herengracht sah, kam ihr die Idee, ein Hausboot als Unterkunft f\u00fcr ihre Katzen zu nutzen. Ein alter niederl\u00e4ndischer Segelschubkahn wurde angeschafft, und mit Hilfe von Freiwilligen wurde das Innere so umgebaut, dass es seiner neuen Aufgabe gerecht wurde: ein schwimmendes Katzenasyl.         Das Boot diente \u00fcber ein Jahrzehnt lang diesem Zweck, bis es 1979 ersetzt wurde.<\/p>\n<p>Leider ist Henriette 2005 verstorben. Ihre Arbeit wird jedoch von einigen treuen Freiwilligen unter der Leitung von Henriettes enger Freundin Judith fortgef\u00fchrt. Gro\u00dfer Applaus f\u00fcr sie!  <\/p>\n<p><img decoding=\"async\" class=\"wp-image-2794 size-full aligncenter\" src=\"https:\/\/thingstodoinamsterdam.com\/wp-content\/uploads\/2019\/08\/The-Catboat-judith-300x225.jpg\" alt=\"\" width=\"300\" height=\"225\">[\/vc_column_text][vc_column_text]<img decoding=\"async\" class=\"size-full wp-image-2609 aligncenter\" src=\"https:\/\/thingstodoinamsterdam.com\/wp-content\/uploads\/2019\/08\/The-Catboat-rebel.jpg\" alt=\"\" width=\"900\" height=\"600\"><\/p>\n<p style=\"text-align: center;\">Es ist ein hartes Leben auf dem Catboat!<\/p>\n<p style=\"text-align: center;\"><img decoding=\"async\" class=\"aligncenter size-full wp-image-2610\" src=\"https:\/\/thingstodoinamsterdam.com\/wp-content\/uploads\/2019\/08\/The-Catboat-rooie.jpg\" alt=\"\" width=\"900\" height=\"675\"><\/p>\n<p style=\"text-align: center;\">Einfach nur chillen<\/p>\n<p style=\"text-align: center;\"><img decoding=\"async\" class=\"aligncenter size-full wp-image-2579\" src=\"https:\/\/thingstodoinamsterdam.com\/wp-content\/uploads\/2019\/08\/Catboat-feeding.jpg\" alt=\"\" width=\"900\" height=\"675\"><\/p>\n<p style=\"text-align: center;\">Zu dieser Tageszeit wacht jede Katze f\u00fcr einen Moment auf<\/p>\n<p style=\"text-align: center;\"><img decoding=\"async\" class=\"aligncenter size-full wp-image-2608\" src=\"https:\/\/thingstodoinamsterdam.com\/wp-content\/uploads\/2019\/08\/The-Catboat-mr-big.jpg\" alt=\"\" width=\"900\" height=\"675\">Mr. Big liebt es, in der Sonne zu chillen!<\/p>\n<p>[\/vc_column_text][vc_column_text]<\/p>\n<h2><span class=\"ez-toc-section\" id=\"oeffnungszeiten-von-de-poezenboot\"><\/span>\u00d6ffnungszeiten von De Poezenboot<span class=\"ez-toc-section-end\"><\/span><\/h2>\n<p>Das Katzenboot ist an drei Tagen in der Woche f\u00fcr Besuche ge\u00f6ffnet. Die \u00d6ffnungszeiten sind jedoch begrenzt, da es vollst\u00e4ndig auf Freiwillige angewiesen ist. <\/p>\n<table style=\"width: 100%;\">\n<tbody>\n<tr>\n<td>Montag<\/td>\n<td>Geschlossen<\/td>\n<\/tr>\n<tr>\n<td>Dienstag<\/td>\n<td>13:00 \u2013 15:00<\/td>\n<\/tr>\n<tr>\n<td>Mittwoch<\/td>\n<td>Geschlossen<\/td>\n<\/tr>\n<tr>\n<td>Donnerstag<\/td>\n<td>Geschlossen<\/td>\n<\/tr>\n<tr>\n<td>Freitag<\/td>\n<td>13:00 \u2013 15:00<\/td>\n<\/tr>\n<tr>\n<td>Samstag<\/td>\n<td>13:00 \u2013 15:00<\/td>\n<\/tr>\n<tr>\n<td>Sonntag<\/td>\n<td>Geschlossen<\/td>\n<\/tr>\n<\/tbody>\n<\/table>\n<p>[\/vc_column_text][vc_column_text]<\/p>\n<h2><span class=\"ez-toc-section\" id=\"tickets-und-preise\"><\/span>Tickets und Preise<span class=\"ez-toc-section-end\"><\/span><\/h2>\n<p>Der Besuch des Katzenboots (De Poezenboot) ist v\u00f6llig kostenlos. Wir wissen jedoch, dass du eine <strong>gro\u00dfz\u00fcgige Spende<\/strong> hinterlassen wirst, genau wie wir es getan haben, damit die Freiwilligen ihre gute Arbeit fortsetzen k\u00f6nnen! <\/p>\n<p>Weitere Aktivit\u00e4ten rund um Tiere in Amsterdam sind ein <a href=\"https:\/\/thingstodoinamsterdam.com\/de\/artis-amsterdam-zoo\/\">Besuch im Artis<\/a> oder im <a href=\"https:\/\/thingstodoinamsterdam.com\/museum-amsterdam\/kattenkabinet\/\">Kattenkabinet<\/a>.[\/vc_column_text][vc_column_text]<\/p>\n<h2><span class=\"ez-toc-section\" id=\"adresse-kontaktinformationen-und-route\"><\/span>Adresse, Kontaktinformationen und Route<span class=\"ez-toc-section-end\"><\/span><\/h2>\n<p>Das Catboat befindet sich ganz am Anfang der Singel. Du kannst vom Hauptbahnhof aus in wenigen Minuten dorthin laufen. Wenn du den <a href=\"https:\/\/thingstodoinamsterdam.com\/de\/verkehrsmittel-amsterdam\/amsterdamer-hauptbahnhof\/\">Hauptbahnhof<\/a> an der Vorderseite verl\u00e4sst, halte dich einfach rechts, bis du den ersten Kanal erreichst. Das Catboat liegt auf der rechten Seite des Wassers.   <\/p>\n<p><strong>Adresse<\/strong><br \/>\nDe Poezenboot \u2013 Das Katzenboot<br \/>\nSingel 38.G<br \/>\n1015 AB Amsterdam<br \/>\nNiederlande<br \/>\n+31 (0) 20 625 8794<br \/>\n<a href=\"http:\/\/depoezenboot.nl\/en\/\">http:\/\/depoezenboot.nl\/en\/<\/a>[\/vc_column_text][g_map heading=&#8220;The Catboat Amsterdam&#8220; el_id=&#8220;1565338426982-f62d40ab-f6d7&#8243;]<iframe style=\"border: 0;\" src=\"https:\/\/www.google.com\/maps\/embed?pb=!1m18!1m12!1m3!1d2435.57417675237!2d4.8909062155863126!3d52.378140854485345!2m3!1f0!2f0!3f0!3m2!1i1024!2i768!4f13.1!3m3!1m2!1s0x47c609c889013aad%3A0x22fbd4af1537b2e6!2sPoezenboot!5e0!3m2!1sen!2snl!4v1487438763120\" width=\"600\" height=\"450\" frameborder=\"0\" allowfullscreen=\"allowfullscreen\"><\/iframe>[\/g_map][\/vc_column][\/vc_row][vc_row][vc_column][reviews heading=&#8220;Bewertungen zu De Poezenboot&#8220; description=&#8220;Wie hat es dir gefallen, das weltweit einzige schwimmende Katzenasyl zu sehen? W\u00fcrdest du einen Besuch empfehlen, wenn du in Amsterdam bist? Hinterlasse unten eine Bewertung.  &#8220; item_name=&#8220;Poezenboot&#8220; item_image=&#8220;1575&#8243; item_web=&#8220;http:\/\/depoezenboot.nl\/&#8220; item_address=&#8220;Singel 38G&#8220; item_city=&#8220;Amsterdam&#8220; item_postal_code=&#8220;1015 AB&#8220; item_country=&#8220;NL&#8220; el_id=&#8220;1565340080872-32660518-7713&#8243;][\/reviews][vc_column_text]<strong>Sieh dir eines der folgenden Museen an oder gehe zur\u00fcck zur allgemeinen Seite \u00fcber die <a href=\"https:\/\/thingstodoinamsterdam.com\/de\/amsterdam-museen\/\">Museen in Amsterdam<\/a>.<\/strong>[\/vc_column_text][\/vc_column][\/vc_row][vc_row][vc_column][promo_block style_var=&#8220;style2&#8243; el_id=&#8220;1565340218783-2884dd7c-107e&#8220;][promo link=&#8220;url:https%3A%2F%2Fthingstodoinamsterdam.com%2Fde%2Fartis-amsterdam-zoo%2F|title:Artis%20Amsterdam%20Zoo|&#8220; text=&#8220;Besuche einen der \u00e4ltesten und charmantesten Zoos Europas!&#8220; img=&#8220;84&#8243;][promo link=&#8220;url:https%3A%2F%2Fthingstodoinamsterdam.com%2Fde%2Fgrachtenfahrt-amsterdam%2F|title:Kanal-Kreuzfahrten|&#8220; text=&#8220;Bewundere Amsterdam von seinen sch\u00f6nen Grachten aus&#8220; img=&#8220;13723&#8243;][promo link=&#8220;url:https%3A%2F%2Fthingstodoinamsterdam.com%2Fde%2Famsterdam-museen%2Fvan-gogh-museum%2F|title:Van%20Gogh%20Museum|&#8220; text=&#8220;Schau dir Van Goghs ikonische Kunstwerke an&#8220; img=&#8220;591&#8243;][\/promo_block][\/vc_column][\/vc_row]<\/p>\n<\/div>","protected":false},"excerpt":{"rendered":"<p>[vc_row][vc_column width=&#8220;2\/3&#8243;][vc_column_text]Jeder, der schon einmal in Amsterdam war, wei\u00df, dass die Stadt von Grachten und Hausbooten gepr\u00e4gt ist. De Poezenboot ist ein einzigartiges Hausboot, das\u2026<\/p>\n","protected":false},"author":1,"featured_media":8245,"parent":0,"menu_order":0,"comment_status":"closed","ping_status":"closed","template":"","meta":{"footnotes":""},"class_list":["post-2542537","page","type-page","status-publish","has-post-thumbnail","hentry"],"yoast_head":"<!-- This site is optimized with the Yoast SEO plugin v27.5 - https:\/\/yoast.com\/product\/yoast-seo-wordpress\/ -->\n<title>Das Catboat - De Poezenboot in Amsterdam - thingstodoinamsterdam.com<\/title>\n<meta name=\"description\" content=\"Besuche das Catboat in Amsterdam. Das einzige schwimmende Katzenasyl der Welt. Bilder, \u00d6ffnungszeiten und Bewertungen findest du hier!\" \/>\n<meta name=\"robots\" content=\"index, follow, max-snippet:-1, max-image-preview:large, max-video-preview:-1\" \/>\n<link rel=\"canonical\" href=\"https:\/\/thingstodoinamsterdam.com\/de\/de-poezenboot-das-katzenboot\/\" \/>\n<meta property=\"og:locale\" content=\"de_DE\" \/>\n<meta property=\"og:type\" content=\"article\" \/>\n<meta property=\"og:title\" content=\"Das Catboat - De Poezenboot in Amsterdam - thingstodoinamsterdam.com\" \/>\n<meta property=\"og:description\" content=\"Besuche das Catboat in Amsterdam. Das einzige schwimmende Katzenasyl der Welt. Bilder, \u00d6ffnungszeiten und Bewertungen findest du hier!\" \/>\n<meta property=\"og:url\" content=\"https:\/\/thingstodoinamsterdam.com\/de\/de-poezenboot-das-katzenboot\/\" \/>\n<meta property=\"og:site_name\" content=\"ThingstodoinAmsterdam.com\" \/>\n<meta property=\"article:publisher\" content=\"https:\/\/www.facebook.com\/thingstodoinamsterdamcom\" \/>\n<meta property=\"article:modified_time\" content=\"2026-05-08T12:17:40+00:00\" \/>\n<meta property=\"og:image\" content=\"https:\/\/thingstodoinamsterdam.com\/wp-content\/uploads\/2019\/08\/The-Catboat-judith-300x225.jpg\" \/>\n\t<meta property=\"og:image:width\" content=\"300\" \/>\n\t<meta property=\"og:image:height\" content=\"225\" \/>\n\t<meta property=\"og:image:type\" content=\"image\/jpeg\" \/>\n<meta name=\"twitter:card\" content=\"summary_large_image\" \/>\n<meta name=\"twitter:label1\" content=\"Gesch\u00e4tzte Lesezeit\" \/>\n\t<meta name=\"twitter:data1\" content=\"4\u00a0Minuten\" \/>\n<script type=\"application\/ld+json\" class=\"yoast-schema-graph\">{\"@context\":\"https:\\\/\\\/schema.org\",\"@graph\":[{\"@type\":\"WebPage\",\"@id\":\"https:\\\/\\\/thingstodoinamsterdam.com\\\/de\\\/de-poezenboot-das-katzenboot\\\/\",\"url\":\"https:\\\/\\\/thingstodoinamsterdam.com\\\/de\\\/de-poezenboot-das-katzenboot\\\/\",\"name\":\"Das Catboat - De Poezenboot in Amsterdam - thingstodoinamsterdam.com\",\"isPartOf\":{\"@id\":\"https:\\\/\\\/thingstodoinamsterdam.com\\\/de\\\/#website\"},\"primaryImageOfPage\":{\"@id\":\"https:\\\/\\\/thingstodoinamsterdam.com\\\/de\\\/de-poezenboot-das-katzenboot\\\/#primaryimage\"},\"image\":{\"@id\":\"https:\\\/\\\/thingstodoinamsterdam.com\\\/de\\\/de-poezenboot-das-katzenboot\\\/#primaryimage\"},\"thumbnailUrl\":\"https:\\\/\\\/thingstodoinamsterdam.com\\\/wp-content\\\/uploads\\\/2019\\\/08\\\/The-Catboat-judith-300x225.jpg\",\"datePublished\":\"2026-05-08T12:17:38+00:00\",\"dateModified\":\"2026-05-08T12:17:40+00:00\",\"description\":\"Besuche das Catboat in Amsterdam. Das einzige schwimmende Katzenasyl der Welt. Bilder, \u00d6ffnungszeiten und Bewertungen findest du hier!\",\"breadcrumb\":{\"@id\":\"https:\\\/\\\/thingstodoinamsterdam.com\\\/de\\\/de-poezenboot-das-katzenboot\\\/#breadcrumb\"},\"inLanguage\":\"de\",\"potentialAction\":[{\"@type\":\"ReadAction\",\"target\":[\"https:\\\/\\\/thingstodoinamsterdam.com\\\/de\\\/de-poezenboot-das-katzenboot\\\/\"]}]},{\"@type\":\"ImageObject\",\"inLanguage\":\"de\",\"@id\":\"https:\\\/\\\/thingstodoinamsterdam.com\\\/de\\\/de-poezenboot-das-katzenboot\\\/#primaryimage\",\"url\":\"https:\\\/\\\/thingstodoinamsterdam.com\\\/wp-content\\\/uploads\\\/2019\\\/08\\\/The-Catboat-judith-300x225.jpg\",\"contentUrl\":\"https:\\\/\\\/thingstodoinamsterdam.com\\\/wp-content\\\/uploads\\\/2019\\\/08\\\/The-Catboat-judith-300x225.jpg\",\"width\":300,\"height\":225},{\"@type\":\"BreadcrumbList\",\"@id\":\"https:\\\/\\\/thingstodoinamsterdam.com\\\/de\\\/de-poezenboot-das-katzenboot\\\/#breadcrumb\",\"itemListElement\":[{\"@type\":\"ListItem\",\"position\":1,\"name\":\"Machen in Amsterdam\",\"item\":\"https:\\\/\\\/thingstodoinamsterdam.com\\\/de\\\/\"},{\"@type\":\"ListItem\",\"position\":2,\"name\":\"De Poezenboot (Das Katzenboot)\"}]},{\"@type\":\"WebSite\",\"@id\":\"https:\\\/\\\/thingstodoinamsterdam.com\\\/de\\\/#website\",\"url\":\"https:\\\/\\\/thingstodoinamsterdam.com\\\/de\\\/\",\"name\":\"ThingstodoinAmsterdam.com\",\"description\":\"Amsterdam&#039;s highlights and hidden secrets\",\"publisher\":{\"@id\":\"https:\\\/\\\/thingstodoinamsterdam.com\\\/de\\\/#organization\"},\"potentialAction\":[{\"@type\":\"SearchAction\",\"target\":{\"@type\":\"EntryPoint\",\"urlTemplate\":\"https:\\\/\\\/thingstodoinamsterdam.com\\\/de\\\/?s={search_term_string}\"},\"query-input\":{\"@type\":\"PropertyValueSpecification\",\"valueRequired\":true,\"valueName\":\"search_term_string\"}}],\"inLanguage\":\"de\"},{\"@type\":\"Organization\",\"@id\":\"https:\\\/\\\/thingstodoinamsterdam.com\\\/de\\\/#organization\",\"name\":\"Machen in Amsterdam\",\"url\":\"https:\\\/\\\/thingstodoinamsterdam.com\\\/de\\\/\",\"logo\":{\"@type\":\"ImageObject\",\"inLanguage\":\"de\",\"@id\":\"https:\\\/\\\/thingstodoinamsterdam.com\\\/de\\\/#\\\/schema\\\/logo\\\/image\\\/\",\"url\":\"https:\\\/\\\/thingstodoinamsterdam.com\\\/wp-content\\\/uploads\\\/2025\\\/02\\\/ThingsToDoInAmsterdam-Favicon-logo.png\",\"contentUrl\":\"https:\\\/\\\/thingstodoinamsterdam.com\\\/wp-content\\\/uploads\\\/2025\\\/02\\\/ThingsToDoInAmsterdam-Favicon-logo.png\",\"width\":512,\"height\":512,\"caption\":\"Machen in Amsterdam\"},\"image\":{\"@id\":\"https:\\\/\\\/thingstodoinamsterdam.com\\\/de\\\/#\\\/schema\\\/logo\\\/image\\\/\"},\"sameAs\":[\"https:\\\/\\\/www.facebook.com\\\/thingstodoinamsterdamcom\"]}]}<\/script>\n<!-- \/ Yoast SEO plugin. -->","yoast_head_json":{"title":"Das Catboat - De Poezenboot in Amsterdam - thingstodoinamsterdam.com","description":"Besuche das Catboat in Amsterdam. Das einzige schwimmende Katzenasyl der Welt. Bilder, \u00d6ffnungszeiten und Bewertungen findest du hier!","robots":{"index":"index","follow":"follow","max-snippet":"max-snippet:-1","max-image-preview":"max-image-preview:large","max-video-preview":"max-video-preview:-1"},"canonical":"https:\/\/thingstodoinamsterdam.com\/de\/de-poezenboot-das-katzenboot\/","og_locale":"de_DE","og_type":"article","og_title":"Das Catboat - De Poezenboot in Amsterdam - thingstodoinamsterdam.com","og_description":"Besuche das Catboat in Amsterdam. Das einzige schwimmende Katzenasyl der Welt. Bilder, \u00d6ffnungszeiten und Bewertungen findest du hier!","og_url":"https:\/\/thingstodoinamsterdam.com\/de\/de-poezenboot-das-katzenboot\/","og_site_name":"ThingstodoinAmsterdam.com","article_publisher":"https:\/\/www.facebook.com\/thingstodoinamsterdamcom","article_modified_time":"2026-05-08T12:17:40+00:00","og_image":[{"width":300,"height":225,"url":"https:\/\/thingstodoinamsterdam.com\/wp-content\/uploads\/2019\/08\/The-Catboat-judith-300x225.jpg","type":"image\/jpeg"}],"twitter_card":"summary_large_image","twitter_misc":{"Gesch\u00e4tzte Lesezeit":"4\u00a0Minuten"},"schema":{"@context":"https:\/\/schema.org","@graph":[{"@type":"WebPage","@id":"https:\/\/thingstodoinamsterdam.com\/de\/de-poezenboot-das-katzenboot\/","url":"https:\/\/thingstodoinamsterdam.com\/de\/de-poezenboot-das-katzenboot\/","name":"Das Catboat - De Poezenboot in Amsterdam - thingstodoinamsterdam.com","isPartOf":{"@id":"https:\/\/thingstodoinamsterdam.com\/de\/#website"},"primaryImageOfPage":{"@id":"https:\/\/thingstodoinamsterdam.com\/de\/de-poezenboot-das-katzenboot\/#primaryimage"},"image":{"@id":"https:\/\/thingstodoinamsterdam.com\/de\/de-poezenboot-das-katzenboot\/#primaryimage"},"thumbnailUrl":"https:\/\/thingstodoinamsterdam.com\/wp-content\/uploads\/2019\/08\/The-Catboat-judith-300x225.jpg","datePublished":"2026-05-08T12:17:38+00:00","dateModified":"2026-05-08T12:17:40+00:00","description":"Besuche das Catboat in Amsterdam. Das einzige schwimmende Katzenasyl der Welt. Bilder, \u00d6ffnungszeiten und Bewertungen findest du hier!","breadcrumb":{"@id":"https:\/\/thingstodoinamsterdam.com\/de\/de-poezenboot-das-katzenboot\/#breadcrumb"},"inLanguage":"de","potentialAction":[{"@type":"ReadAction","target":["https:\/\/thingstodoinamsterdam.com\/de\/de-poezenboot-das-katzenboot\/"]}]},{"@type":"ImageObject","inLanguage":"de","@id":"https:\/\/thingstodoinamsterdam.com\/de\/de-poezenboot-das-katzenboot\/#primaryimage","url":"https:\/\/thingstodoinamsterdam.com\/wp-content\/uploads\/2019\/08\/The-Catboat-judith-300x225.jpg","contentUrl":"https:\/\/thingstodoinamsterdam.com\/wp-content\/uploads\/2019\/08\/The-Catboat-judith-300x225.jpg","width":300,"height":225},{"@type":"BreadcrumbList","@id":"https:\/\/thingstodoinamsterdam.com\/de\/de-poezenboot-das-katzenboot\/#breadcrumb","itemListElement":[{"@type":"ListItem","position":1,"name":"Machen in Amsterdam","item":"https:\/\/thingstodoinamsterdam.com\/de\/"},{"@type":"ListItem","position":2,"name":"De Poezenboot (Das Katzenboot)"}]},{"@type":"WebSite","@id":"https:\/\/thingstodoinamsterdam.com\/de\/#website","url":"https:\/\/thingstodoinamsterdam.com\/de\/","name":"ThingstodoinAmsterdam.com","description":"Amsterdam&#039;s highlights and hidden secrets","publisher":{"@id":"https:\/\/thingstodoinamsterdam.com\/de\/#organization"},"potentialAction":[{"@type":"SearchAction","target":{"@type":"EntryPoint","urlTemplate":"https:\/\/thingstodoinamsterdam.com\/de\/?s={search_term_string}"},"query-input":{"@type":"PropertyValueSpecification","valueRequired":true,"valueName":"search_term_string"}}],"inLanguage":"de"},{"@type":"Organization","@id":"https:\/\/thingstodoinamsterdam.com\/de\/#organization","name":"Machen in Amsterdam","url":"https:\/\/thingstodoinamsterdam.com\/de\/","logo":{"@type":"ImageObject","inLanguage":"de","@id":"https:\/\/thingstodoinamsterdam.com\/de\/#\/schema\/logo\/image\/","url":"https:\/\/thingstodoinamsterdam.com\/wp-content\/uploads\/2025\/02\/ThingsToDoInAmsterdam-Favicon-logo.png","contentUrl":"https:\/\/thingstodoinamsterdam.com\/wp-content\/uploads\/2025\/02\/ThingsToDoInAmsterdam-Favicon-logo.png","width":512,"height":512,"caption":"Machen in Amsterdam"},"image":{"@id":"https:\/\/thingstodoinamsterdam.com\/de\/#\/schema\/logo\/image\/"},"sameAs":["https:\/\/www.facebook.com\/thingstodoinamsterdamcom"]}]}},"_links":{"self":[{"href":"https:\/\/thingstodoinamsterdam.com\/de\/wp-json\/wp\/v2\/pages\/2542537","targetHints":{"allow":["GET"]}}],"collection":[{"href":"https:\/\/thingstodoinamsterdam.com\/de\/wp-json\/wp\/v2\/pages"}],"about":[{"href":"https:\/\/thingstodoinamsterdam.com\/de\/wp-json\/wp\/v2\/types\/page"}],"author":[{"embeddable":true,"href":"https:\/\/thingstodoinamsterdam.com\/de\/wp-json\/wp\/v2\/users\/1"}],"replies":[{"embeddable":true,"href":"https:\/\/thingstodoinamsterdam.com\/de\/wp-json\/wp\/v2\/comments?post=2542537"}],"version-history":[{"count":3,"href":"https:\/\/thingstodoinamsterdam.com\/de\/wp-json\/wp\/v2\/pages\/2542537\/revisions"}],"predecessor-version":[{"id":2542540,"href":"https:\/\/thingstodoinamsterdam.com\/de\/wp-json\/wp\/v2\/pages\/2542537\/revisions\/2542540"}],"wp:featuredmedia":[{"embeddable":true,"href":"https:\/\/thingstodoinamsterdam.com\/de\/wp-json\/wp\/v2\/media\/8245"}],"wp:attachment":[{"href":"https:\/\/thingstodoinamsterdam.com\/de\/wp-json\/wp\/v2\/media?parent=2542537"}],"curies":[{"name":"wp","href":"https:\/\/api.w.org\/{rel}","templated":true}]}}