{"id":2542580,"date":"2026-05-12T11:02:17","date_gmt":"2026-05-12T09:02:17","guid":{"rendered":"https:\/\/thingstodoinamsterdam.com\/adam-lookout\/"},"modified":"2026-05-12T11:02:26","modified_gmt":"2026-05-12T09:02:26","slug":"adam-lookout","status":"publish","type":"page","link":"https:\/\/thingstodoinamsterdam.com\/de\/adam-lookout\/","title":{"rendered":"A&#8217;DAM Lookout"},"content":{"rendered":"<div class=\"wpb-content-wrapper\"><p>[vc_row][vc_column][vc_column_text]Der Amsterdamer Aussichtspunkt, auch A&#8217;DAM Lookout genannt, bietet dir zweifelsohne den sch\u00f6nsten Blick \u00fcber die Stadt Amsterdam. Dies ist wahrscheinlich der beste Ort der Stadt f\u00fcr <a href=\"https:\/\/thingstodoinamsterdam.com\/de\/sehenswuerdigkeiten-sightseeing-in-amsterdam\/\">Sightseeing in Amsterdam<\/a>. Der Turm ist etwa 100 Meter hoch und befindet sich im Norden der Stadt neben <a href=\"https:\/\/thingstodoinamsterdam.com\/de\/this-is-holland-5d-flugerlebnis-amsterdam\/\">THIS IS HOLLAND<\/a>. Vom Amsterdamer Aussichtspunkt aus kannst du das historische Zentrum von Amsterdam hinter dem Fluss IJ, das Hafengebiet und die l\u00e4ndlichen Gebiete n\u00f6rdlich der Stadt sehen. An klaren Tagen kannst du sogar hohe Geb\u00e4ude in den umliegenden St\u00e4dten erkennen.    <\/p><div id=\"ez-toc-container\" class=\"ez-toc-v2_0_83 counter-hierarchy ez-toc-counter ez-toc-custom ez-toc-container-direction\">\n<div class=\"ez-toc-title-container\">\n<span class=\"ez-toc-title-toggle\"><a href=\"#\" class=\"ez-toc-pull-right ez-toc-btn ez-toc-btn-xs ez-toc-btn-default ez-toc-toggle\" aria-label=\"Toggle Table of Content\"><span class=\"ez-toc-js-icon-con\"><span class=\"\"><span class=\"eztoc-hide\" style=\"display:none;\">Toggle<\/span><span class=\"ez-toc-icon-toggle-span\"><svg style=\"fill: #999;color:#999\" xmlns=\"http:\/\/www.w3.org\/2000\/svg\" class=\"list-377408\" width=\"20px\" height=\"20px\" viewBox=\"0 0 24 24\" fill=\"none\"><path d=\"M6 6H4v2h2V6zm14 0H8v2h12V6zM4 11h2v2H4v-2zm16 0H8v2h12v-2zM4 16h2v2H4v-2zm16 0H8v2h12v-2z\" fill=\"currentColor\"><\/path><\/svg><svg style=\"fill: #999;color:#999\" class=\"arrow-unsorted-368013\" xmlns=\"http:\/\/www.w3.org\/2000\/svg\" width=\"10px\" height=\"10px\" viewBox=\"0 0 24 24\" version=\"1.2\" baseProfile=\"tiny\"><path d=\"M18.2 9.3l-6.2-6.3-6.2 6.3c-.2.2-.3.4-.3.7s.1.5.3.7c.2.2.4.3.7.3h11c.3 0 .5-.1.7-.3.2-.2.3-.5.3-.7s-.1-.5-.3-.7zM5.8 14.7l6.2 6.3 6.2-6.3c.2-.2.3-.5.3-.7s-.1-.5-.3-.7c-.2-.2-.4-.3-.7-.3h-11c-.3 0-.5.1-.7.3-.2.2-.3.5-.3.7s.1.5.3.7z\"\/><\/svg><\/span><\/span><\/span><\/a><\/span><\/div>\n<nav><ul class='ez-toc-list ez-toc-list-level-1 ' ><li class='ez-toc-page-1 ez-toc-heading-level-2'><a class=\"ez-toc-link ez-toc-heading-1\" href=\"https:\/\/thingstodoinamsterdam.com\/de\/adam-lookout\/#oeffnungszeiten-amsterdam-aussichtsturm\" >\u00d6ffnungszeiten Amsterdam Aussichtsturm<\/a><\/li><li class='ez-toc-page-1 ez-toc-heading-level-2'><a class=\"ez-toc-link ez-toc-heading-2\" href=\"https:\/\/thingstodoinamsterdam.com\/de\/adam-lookout\/#amsterdam-lookout-tower-preise-tickets-und-rabatte\" >Amsterdam Lookout Tower Preise, Tickets und Rabatte<\/a><\/li><li class='ez-toc-page-1 ez-toc-heading-level-2'><a class=\"ez-toc-link ez-toc-heading-3\" href=\"https:\/\/thingstodoinamsterdam.com\/de\/adam-lookout\/#fotoimpression-des-amsterdamer-aussichtsturms\" >Fotoimpression des Amsterdamer Aussichtsturms<\/a><\/li><li class='ez-toc-page-1 ez-toc-heading-level-2'><a class=\"ez-toc-link ez-toc-heading-4\" href=\"https:\/\/thingstodoinamsterdam.com\/de\/adam-lookout\/#adresse-kontaktinformationen-und-route-zum-adam-lookout\" >Adresse, Kontaktinformationen und Route zum A&#8217;DAM Lookout<\/a><\/li><li class='ez-toc-page-1 ez-toc-heading-level-2'><a class=\"ez-toc-link ez-toc-heading-5\" href=\"https:\/\/thingstodoinamsterdam.com\/de\/adam-lookout\/#oeffentliche-verkehrsmittel\" >\u00d6ffentliche Verkehrsmittel<\/a><\/li><\/ul><\/nav><\/div>\n\n<p>F\u00fcr die Nervenkitzel-Suchenden unter euch gibt es eine Schaukel \u00fcber den Rand des Turms. So kannst du in 100 Metern H\u00f6he schaukeln und dabei die Skyline von Amsterdam genie\u00dfen. Diese Schaukel namens OverTheEdge ist die h\u00f6chste Schaukel Europas und kostet nur 7,50 \u20ac. Wenn du uns also fragst, ist das definitiv einen Versuch wert!   <\/p>\n<p>Wenn du H\u00f6henangst hast oder dir der Gedanke an eine Schaukel auf der Spitze eines Turms nicht gef\u00e4llt, gibt es auch die M\u00f6glichkeit, im Restaurant ein Getr\u00e4nk und etwas zu essen zu genie\u00dfen, w\u00e4hrend du die Aussicht genie\u00dft.[\/vc_column_text][button title=&#8220;Buche deine Tickets f\u00fcr den Amsterdam Lookout&#8220; link=&#8220;https:\/\/thingstodoinamsterdam.com\/ticketlink-lookout-tiqets-std&#8220; icon=&#8220;fa fa-solid fa-angles-right&#8220; button_align=&#8220;center&#8220; target=&#8220;true&#8220; nofollow=&#8220;true&#8220; el_id=&#8220;1728649084396-8f06a236-91ae&#8220;][vc_video link=&#8220;https:\/\/youtu.be\/LBDMRgj5EzQ&#8220; css=&#8220;.vc_custom_1490647146962{margin-right: 25px !important;margin-left: 25px !important;}&#8220; title=&#8220;A&apos;DAM Lookout &#8211; was dich erwartet&#8220;][vc_column_text]<\/p>\n<h2><span class=\"ez-toc-section\" id=\"oeffnungszeiten-amsterdam-aussichtsturm\"><\/span>\u00d6ffnungszeiten Amsterdam Aussichtsturm<span class=\"ez-toc-section-end\"><\/span><\/h2>\n<p>Der Amsterdam Lookout ist t\u00e4glich, 7 Tage die Woche ge\u00f6ffnet. Keine Ausnahmen. Die letzten G\u00e4ste werden 1 Stunde vor Schlie\u00dfung eingelassen. Um Entt\u00e4uschungen zu vermeiden, solltest du vor 20:00 Uhr am Eingang sein, denn nach 20:00 Uhr wirst du nicht mehr reingelassen.   <\/p>\n<table style=\"width: 100%;\">\n<tbody>\n<tr>\n<td>Montag<\/td>\n<td>10:00 &#8211; 22:00<\/td>\n<\/tr>\n<tr>\n<td>Dienstag<\/td>\n<td>10:00 &#8211; 22:00<\/td>\n<\/tr>\n<tr>\n<td>Mittwoch<\/td>\n<td>10:00 &#8211; 22:00<\/td>\n<\/tr>\n<tr>\n<td>Donnerstag<\/td>\n<td>10:00 &#8211; 22:00<\/td>\n<\/tr>\n<tr>\n<td>Freitag<\/td>\n<td>10:00 &#8211; 22:00<\/td>\n<\/tr>\n<tr>\n<td>Samstag<\/td>\n<td>10:00 &#8211; 22:00<\/td>\n<\/tr>\n<tr>\n<td>Sonntag<\/td>\n<td>10:00 &#8211; 22:00<\/td>\n<\/tr>\n<\/tbody>\n<\/table>\n<p>[\/vc_column_text][vc_column_text css=&#8220;&#8220;]<\/p>\n<h2><span class=\"ez-toc-section\" id=\"amsterdam-lookout-tower-preise-tickets-und-rabatte\"><\/span>Amsterdam Lookout Tower Preise, Tickets und Rabatte<span class=\"ez-toc-section-end\"><\/span><\/h2>\n<p>Der Amsterdam Lookout kostet Sie 18,50 \u20ac, wenn Sie Ihr Ticket am Eingang kaufen. Dieser Preis beinhaltet ein kostenloses Digitalfoto und die Nutzung des Fernglases. Online-Buchungen berechtigen zu einem Rabatt, den Sie sich nicht entgehen lassen sollten!  <\/p>\n<table style=\"width: 100%;\">\n<tbody>\n<tr>\n<td>Erwachsene<\/td>\n<td>24,50 \u20ac<\/td>\n<\/tr>\n<tr>\n<td>Kinder 4 &#8211; 12<\/td>\n<td>12,50 \u20ac<\/td>\n<\/tr>\n<tr>\n<td>Kleinkinder bis 4<\/td>\n<td>Frei<\/td>\n<\/tr>\n<\/tbody>\n<\/table>\n<div id=\"gtx-trans\" style=\"position: absolute; left: 1222px; top: 49.8125px;\">\n<div class=\"gtx-trans-icon\"><\/div>\n<\/div>\n<p>[\/vc_column_text][button title=&#8220;Buche deine Tickets f\u00fcr den Amsterdam Lookout&#8220; link=&#8220;https:\/\/thingstodoinamsterdam.com\/ticketlink-lookout-tiqets-std&#8220; icon=&#8220;&#8220; button_align=&#8220;center&#8220; target=&#8220;true&#8220; nofollow=&#8220;true&#8220; el_id=&#8220;1728649341252-6871bcd3-ea2a&#8220;][vc_column_text]<\/p>\n<h2><span class=\"ez-toc-section\" id=\"fotoimpression-des-amsterdamer-aussichtsturms\"><\/span>Fotoimpression des Amsterdamer Aussichtsturms<span class=\"ez-toc-section-end\"><\/span><\/h2>\n<p><a href=\"https:\/\/thingstodoinamsterdam.com\/wp-content\/uploads\/2019\/07\/adam-tower-elevator.jpg\"><img decoding=\"async\" class=\"size-full wp-image-6501 aligncenter\" src=\"https:\/\/thingstodoinamsterdam.com\/wp-content\/uploads\/2019\/07\/adam-tower-elevator.jpg\" alt=\"adam tower elevator\" width=\"900\" height=\"600\"><\/a><br \/>\n<a href=\"https:\/\/thingstodoinamsterdam.com\/wp-content\/uploads\/2019\/07\/adam-swing.jpg\"><img decoding=\"async\" class=\"size-full wp-image-6505 aligncenter\" src=\"https:\/\/thingstodoinamsterdam.com\/wp-content\/uploads\/2019\/07\/adam-swing.jpg\" alt=\"adam swing\" width=\"900\" height=\"600\"><\/a><br \/>\n<a href=\"https:\/\/thingstodoinamsterdam.com\/wp-content\/uploads\/2019\/07\/view-adam-lookout-tower.jpg\"><img decoding=\"async\" class=\"size-full wp-image-6507 aligncenter\" src=\"https:\/\/thingstodoinamsterdam.com\/wp-content\/uploads\/2019\/07\/view-adam-lookout-tower.jpg\" alt=\"adam aussichtsturm ansehen\" width=\"900\" height=\"384\"><\/a><br \/>\n<img decoding=\"async\" class=\"aligncenter size-full wp-image-2711\" src=\"https:\/\/thingstodoinamsterdam.com\/wp-content\/uploads\/2019\/07\/ADAM-Lookout-tower.jpg\" alt=\"\" width=\"900\" height=\"900\"><\/p>\n<p>&nbsp;<\/p>\n<p><img decoding=\"async\" class=\"aligncenter size-full wp-image-2712\" src=\"https:\/\/thingstodoinamsterdam.com\/wp-content\/uploads\/2019\/07\/ADAM-Lookout1.jpg\" alt=\"\" width=\"900\" height=\"900\">[\/vc_column_text][vc_column_text]<\/p>\n<h2><span class=\"ez-toc-section\" id=\"adresse-kontaktinformationen-und-route-zum-adam-lookout\"><\/span>Adresse, Kontaktinformationen und Route zum A&#8217;DAM Lookout<span class=\"ez-toc-section-end\"><\/span><\/h2>\n<p>Der Aussichtsturm von Amsterdam befindet sich im Norden der Stadt. Diesen Teil der Stadt erreichst du am besten mit der F\u00e4hre, die an der R\u00fcckseite des Amsterdamer Hauptbahnhofs abf\u00e4hrt. Vergewissere dich, dass du die F\u00e4hre zum Buiksloterweg findest. Diese F\u00e4hre bringt dich in nur zwei Minuten auf die andere Seite des IJ.  <\/p>\n<p><strong>Adresse<\/strong><br \/>\nA&#8217;DAM Lookout<br \/>\nOverhoeksplein 5<br \/>\n1031 KS Amsterdam<br \/>\n+31 (0)20 242 0100[\/vc_column_text][g_map heading=&#8220;A&#8217;DAM Lookout on the city map&#8220; height=&#8220;&#8222;450&#8222;&#8220; style=&#8220;&#8222;border: 0&#8222;;&#8220; src=&#8220;&#8222;https:\/\/www.google.com\/maps\/embed?pb=!1m18!1m12!1m3!1d2435.2586145429696!2d4.89993381580237!3d52.38386197978867!2m3!1f0!2f0!3f0!3m2!1i1024!2i768!4f13.1!3m3!1m2!1s0x47c609b440714bbb%3A0xa6175c28f97a0af6!2zQeKAmURBTSBMb29rb3V0!5e0!3m2!1sen!2snl!4v1490647588855&#8222;&#8220; width=&#8220;&#8222;600&#8222;&#8220; frameborder=&#8220;&#8222;0&#8222;&#8220; el_id=&#8220;1564145656002-965c137f-5c5e&#8220;]<iframe style=\"border: 0;\" src=\"https:\/\/www.google.com\/maps\/embed?pb=!1m18!1m12!1m3!1d2435.2586145429696!2d4.89993381580237!3d52.38386197978867!2m3!1f0!2f0!3f0!3m2!1i1024!2i768!4f13.1!3m3!1m2!1s0x47c609b440714bbb%3A0xa6175c28f97a0af6!2zQeKAmURBTSBMb29rb3V0!5e0!3m2!1sen!2snl!4v1490647588855\" width=\"600\" height=\"450\" frameborder=\"0\" allowfullscreen=\"allowfullscreen\"><\/iframe>[\/g_map][vc_column_text]<\/p>\n<h2><span class=\"ez-toc-section\" id=\"oeffentliche-verkehrsmittel\"><\/span>\u00d6ffentliche Verkehrsmittel<span class=\"ez-toc-section-end\"><\/span><\/h2>\n<p>Du willst wissen, wie du mit \u00f6ffentlichen Verkehrsmitteln zum A&#8217;DAM Lookout kommst? Vorsicht! Mach dich einfach auf den Weg zum Amsterdamer Hauptbahnhof. Hinter dem Bahnhof liegen die F\u00e4hren, die in den Norden von Amsterdam fahren. Achte darauf, dass du die F\u00e4hre in Richtung Buiksloterweg findest. Diese F\u00e4hre bringt dich innerhalb von 5 Minuten dorthin. Sobald du auf der anderen Seite des Wassers bist, kannst du den Turm nicht mehr \u00fcbersehen. Der A&#8217;DAM-Turm r\u00e4t Besuchern davon ab, ein Fahrrad mitzunehmen, da es nur wenige Abstellm\u00f6glichkeiten f\u00fcr Fahrr\u00e4der gibt. Nutze einfach das zuverl\u00e4ssige <a href=\"https:\/\/thingstodoinamsterdam.com\/transport\/amsterdam-public-transport\/\">\u00f6ffentliche Verkehrssystem <\/a>von Amsterdam.        <\/p>\n<p><a href=\"http:\/\/9292.nl\/en\/?to=amsterdam_overhoeksplein-5\"><img decoding=\"async\" class=\"alignnone wp-image-3080 size-medium\" src=\"https:\/\/thingstodoinamsterdam.com\/wp-content\/uploads\/2019\/07\/Button-Plan-mijn-OV-reis-EN-300x54.png\" alt=\"\" width=\"300\" height=\"54\"><\/a>[\/vc_column_text][vc_column_text css=&#8220;&#8220;]<\/p>\n<h3>Weitere Aktivit\u00e4ten in Amsterdam<\/h3>\n<p><a href=\"https:\/\/thingstodoinamsterdam.com\/de\/artis-amsterdam-zoo\/\">Artis Amsterdam Zoo<\/a><br \/>\n<a href=\"https:\/\/thingstodoinamsterdam.com\/museum-amsterdam\/amsterdam-dungeon\/\">Amsterdam Dungeon<\/a><br \/>\n<a href=\"https:\/\/thingstodoinamsterdam.com\/de\/amsterdam-museen\/korperwelten-amsterdam\/\">BODY WORLDS Amsterdam<\/a><br \/>\n<a href=\"https:\/\/thingstodoinamsterdam.com\/de\/grachtenfahrt-amsterdam\/\">Grachtenrundfahrt Amsterdam<\/a><br \/>\n<a href=\"https:\/\/thingstodoinamsterdam.com\/de\/rotlichtviertel-amsterdam\/casa-rosso\/\">Casa Rosso<\/a><br \/>\n<a href=\"https:\/\/thingstodoinamsterdam.com\/de\/amsterdam-museen\/heineken-experience\/\">Heineken Erlebnis<\/a><br \/>\n<a href=\"https:\/\/thingstodoinamsterdam.com\/de\/this-is-holland-5d-flugerlebnis-amsterdam\/\">DAS IST HOLLAND<\/a><br \/>\n<a href=\"https:\/\/thingstodoinamsterdam.com\/de\/amsterdam-museen\/moco-museum\/\">Moco Museum<\/a><br \/>\n<a href=\"https:\/\/thingstodoinamsterdam.com\/de\/amsterdam-museen\/nemo-science-museum\/\">NEMO Wissenschaftsmuseum<\/a><br \/>\n<a href=\"https:\/\/thingstodoinamsterdam.com\/powerzone-bowling-minigolf-laser-tag-amsterdam\/\">Powerzone<\/a><br \/>\n<a href=\"https:\/\/thingstodoinamsterdam.com\/de\/amsterdam-museen\/reichsmuseum-amsterdam\/\">Rijksmuseum<\/a><br \/>\n<a href=\"https:\/\/thingstodoinamsterdam.com\/de\/amsterdam-museen\/stedelijk-museum\/\">Stedelijk Museum<\/a><br \/>\n<a href=\"https:\/\/thingstodoinamsterdam.com\/museum-amsterdam\/tropenmuseum\/\">Tropenmuseum<\/a><br \/>\n<a href=\"https:\/\/thingstodoinamsterdam.com\/de\/amsterdam-museen\/van-gogh-museum\/\">Van Gogh Museum<\/a>[\/vc_column_text][\/vc_column][\/vc_row][vc_row][vc_column][reviews heading=&#8220;Bewertungen zum Amsterdam Lookout&#8220; description=&#8220;Erz\u00e4hl uns, wie du den Amsterdam Lookout erlebt hast! Wie hat dir die Aussicht gefallen? Hast du etwas an der Bar getrunken oder konntest du die Schaukel ausprobieren? Hinterlasse unten eine Bewertung und hilf anderen Reisenden.   &#8220; el_id=&#8220;1564146067547-d2a95c14-a53b&#8220;][\/reviews][vc_column_text]Wirf <strong>einen Blick auf die untenstehenden <a href=\"https:\/\/thingstodoinamsterdam.com\/de\/\">Dinge, die du in Amsterdam tun kannst<\/a> <\/strong>und finde dein n\u00e4chstes Abenteuer.[\/vc_column_text][\/vc_column][\/vc_row][vc_row][vc_column][promo_block style_var=&#8220;style2&#8243; el_id=&#8220;1564146086475-94048365-c765&#8243;][promo link=&#8220;url:https%3A%2F%2Fthingstodoinamsterdam.com%2Fde%2Famsterdam-museen%2Fheineken-experience%2F|title:Heineken%20Experience|&#8220; text=&#8220;Erfahre alles \u00fcber die weltber\u00fchmte Marke!&#8220; img=&#8220;87&#8243;][promo link=&#8220;url:https%3A%2F%2Fthingstodoinamsterdam.com%2Fde%2Fartis-amsterdam-zoo%2F|title:Artis%20Royal%20Zoo|&#8220; text=&#8220;Im Amsterdamer Zoo sind immer Affen am Werk&#8220; img=&#8220;84&#8243;][promo link=&#8220;url:https%3A%2F%2Fthingstodoinamsterdam.com%2Fmuseum-amsterdam%2Fmadame-tussauds-wax-museum-amsterdam%2F|title:Madame%20Tussauds|&#8220; text=&#8220;Mach ein Selfie mit der niederl\u00e4ndischen K\u00f6nigsfamilie!&#8220; img=&#8220;632&#8243;][\/promo_block][\/vc_column][\/vc_row]<\/p>\n<\/div>","protected":false},"excerpt":{"rendered":"<p>[vc_row][vc_column][vc_column_text]Der Amsterdamer Aussichtspunkt, auch A&#8217;DAM Lookout genannt, bietet dir zweifelsohne den sch\u00f6nsten Blick \u00fcber die Stadt Amsterdam. Dies ist wahrscheinlich der beste Ort der Stadt\u2026<\/p>\n","protected":false},"author":1,"featured_media":2535442,"parent":0,"menu_order":0,"comment_status":"closed","ping_status":"closed","template":"","meta":{"footnotes":""},"class_list":["post-2542580","page","type-page","status-publish","has-post-thumbnail","hentry"],"yoast_head":"<!-- This site is optimized with the Yoast SEO plugin v27.5 - https:\/\/yoast.com\/product\/yoast-seo-wordpress\/ -->\n<title>A&#039;DAM Lookout - ThingstodoinAmsterdam.com<\/title>\n<meta name=\"description\" content=\"Vom Amsterdamer Aussichtsturm hast du einen herrlichen Blick \u00fcber die Stadt. Schau dir die Bewertungen an und hol dir hier verg\u00fcnstigte Skip-the-Line-Tickets!\" \/>\n<meta name=\"robots\" content=\"index, follow, max-snippet:-1, max-image-preview:large, max-video-preview:-1\" \/>\n<link rel=\"canonical\" href=\"https:\/\/thingstodoinamsterdam.com\/de\/adam-lookout\/\" \/>\n<meta property=\"og:locale\" content=\"de_DE\" \/>\n<meta property=\"og:type\" content=\"article\" \/>\n<meta property=\"og:title\" content=\"A&#039;DAM Lookout - ThingstodoinAmsterdam.com\" \/>\n<meta property=\"og:description\" content=\"Vom Amsterdamer Aussichtsturm hast du einen herrlichen Blick \u00fcber die Stadt. Schau dir die Bewertungen an und hol dir hier verg\u00fcnstigte Skip-the-Line-Tickets!\" \/>\n<meta property=\"og:url\" content=\"https:\/\/thingstodoinamsterdam.com\/de\/adam-lookout\/\" \/>\n<meta property=\"og:site_name\" content=\"ThingstodoinAmsterdam.com\" \/>\n<meta property=\"article:publisher\" content=\"https:\/\/www.facebook.com\/thingstodoinamsterdamcom\" \/>\n<meta property=\"article:modified_time\" content=\"2026-05-12T09:02:26+00:00\" \/>\n<meta property=\"og:image\" content=\"https:\/\/thingstodoinamsterdam.com\/wp-content\/uploads\/2019\/07\/view-adam-lookout-tower.jpg\" \/>\n\t<meta property=\"og:image:width\" content=\"900\" \/>\n\t<meta property=\"og:image:height\" content=\"384\" \/>\n\t<meta property=\"og:image:type\" content=\"image\/jpeg\" \/>\n<meta name=\"twitter:card\" content=\"summary_large_image\" \/>\n<meta name=\"twitter:label1\" content=\"Gesch\u00e4tzte Lesezeit\" \/>\n\t<meta name=\"twitter:data1\" content=\"4\u00a0Minuten\" \/>\n<script type=\"application\/ld+json\" class=\"yoast-schema-graph\">{\"@context\":\"https:\\\/\\\/schema.org\",\"@graph\":[{\"@type\":\"WebPage\",\"@id\":\"https:\\\/\\\/thingstodoinamsterdam.com\\\/de\\\/adam-lookout\\\/\",\"url\":\"https:\\\/\\\/thingstodoinamsterdam.com\\\/de\\\/adam-lookout\\\/\",\"name\":\"A'DAM Lookout - ThingstodoinAmsterdam.com\",\"isPartOf\":{\"@id\":\"https:\\\/\\\/thingstodoinamsterdam.com\\\/de\\\/#website\"},\"primaryImageOfPage\":{\"@id\":\"https:\\\/\\\/thingstodoinamsterdam.com\\\/de\\\/adam-lookout\\\/#primaryimage\"},\"image\":{\"@id\":\"https:\\\/\\\/thingstodoinamsterdam.com\\\/de\\\/adam-lookout\\\/#primaryimage\"},\"thumbnailUrl\":\"https:\\\/\\\/thingstodoinamsterdam.com\\\/wp-content\\\/uploads\\\/2019\\\/07\\\/view-adam-lookout-tower.jpg\",\"datePublished\":\"2026-05-12T09:02:17+00:00\",\"dateModified\":\"2026-05-12T09:02:26+00:00\",\"description\":\"Vom Amsterdamer Aussichtsturm hast du einen herrlichen Blick \u00fcber die Stadt. Schau dir die Bewertungen an und hol dir hier verg\u00fcnstigte Skip-the-Line-Tickets!\",\"breadcrumb\":{\"@id\":\"https:\\\/\\\/thingstodoinamsterdam.com\\\/de\\\/adam-lookout\\\/#breadcrumb\"},\"inLanguage\":\"de\",\"potentialAction\":[{\"@type\":\"ReadAction\",\"target\":[\"https:\\\/\\\/thingstodoinamsterdam.com\\\/de\\\/adam-lookout\\\/\"]}]},{\"@type\":\"ImageObject\",\"inLanguage\":\"de\",\"@id\":\"https:\\\/\\\/thingstodoinamsterdam.com\\\/de\\\/adam-lookout\\\/#primaryimage\",\"url\":\"https:\\\/\\\/thingstodoinamsterdam.com\\\/wp-content\\\/uploads\\\/2019\\\/07\\\/view-adam-lookout-tower.jpg\",\"contentUrl\":\"https:\\\/\\\/thingstodoinamsterdam.com\\\/wp-content\\\/uploads\\\/2019\\\/07\\\/view-adam-lookout-tower.jpg\",\"width\":900,\"height\":384},{\"@type\":\"BreadcrumbList\",\"@id\":\"https:\\\/\\\/thingstodoinamsterdam.com\\\/de\\\/adam-lookout\\\/#breadcrumb\",\"itemListElement\":[{\"@type\":\"ListItem\",\"position\":1,\"name\":\"Machen in Amsterdam\",\"item\":\"https:\\\/\\\/thingstodoinamsterdam.com\\\/de\\\/\"},{\"@type\":\"ListItem\",\"position\":2,\"name\":\"A&#8217;DAM Lookout\"}]},{\"@type\":\"WebSite\",\"@id\":\"https:\\\/\\\/thingstodoinamsterdam.com\\\/de\\\/#website\",\"url\":\"https:\\\/\\\/thingstodoinamsterdam.com\\\/de\\\/\",\"name\":\"ThingstodoinAmsterdam.com\",\"description\":\"Amsterdam&#039;s highlights and hidden secrets\",\"publisher\":{\"@id\":\"https:\\\/\\\/thingstodoinamsterdam.com\\\/de\\\/#organization\"},\"potentialAction\":[{\"@type\":\"SearchAction\",\"target\":{\"@type\":\"EntryPoint\",\"urlTemplate\":\"https:\\\/\\\/thingstodoinamsterdam.com\\\/de\\\/?s={search_term_string}\"},\"query-input\":{\"@type\":\"PropertyValueSpecification\",\"valueRequired\":true,\"valueName\":\"search_term_string\"}}],\"inLanguage\":\"de\"},{\"@type\":\"Organization\",\"@id\":\"https:\\\/\\\/thingstodoinamsterdam.com\\\/de\\\/#organization\",\"name\":\"Machen in Amsterdam\",\"alternateName\":\"Thingstodo B.V.\",\"url\":\"https:\\\/\\\/thingstodoinamsterdam.com\\\/de\\\/\",\"logo\":{\"@type\":\"ImageObject\",\"inLanguage\":\"de\",\"@id\":\"https:\\\/\\\/thingstodoinamsterdam.com\\\/de\\\/#\\\/schema\\\/logo\\\/image\\\/\",\"url\":\"https:\\\/\\\/thingstodoinamsterdam.com\\\/wp-content\\\/uploads\\\/2025\\\/02\\\/ThingsToDoInAmsterdam-Favicon-logo.png\",\"contentUrl\":\"https:\\\/\\\/thingstodoinamsterdam.com\\\/wp-content\\\/uploads\\\/2025\\\/02\\\/ThingsToDoInAmsterdam-Favicon-logo.png\",\"width\":512,\"height\":512,\"caption\":\"Machen in Amsterdam\"},\"image\":{\"@id\":\"https:\\\/\\\/thingstodoinamsterdam.com\\\/de\\\/#\\\/schema\\\/logo\\\/image\\\/\"},\"sameAs\":[\"https:\\\/\\\/www.facebook.com\\\/thingstodoinamsterdamcom\"]}]}<\/script>\n<!-- \/ Yoast SEO plugin. -->","yoast_head_json":{"title":"A'DAM Lookout - ThingstodoinAmsterdam.com","description":"Vom Amsterdamer Aussichtsturm hast du einen herrlichen Blick \u00fcber die Stadt. Schau dir die Bewertungen an und hol dir hier verg\u00fcnstigte Skip-the-Line-Tickets!","robots":{"index":"index","follow":"follow","max-snippet":"max-snippet:-1","max-image-preview":"max-image-preview:large","max-video-preview":"max-video-preview:-1"},"canonical":"https:\/\/thingstodoinamsterdam.com\/de\/adam-lookout\/","og_locale":"de_DE","og_type":"article","og_title":"A'DAM Lookout - ThingstodoinAmsterdam.com","og_description":"Vom Amsterdamer Aussichtsturm hast du einen herrlichen Blick \u00fcber die Stadt. Schau dir die Bewertungen an und hol dir hier verg\u00fcnstigte Skip-the-Line-Tickets!","og_url":"https:\/\/thingstodoinamsterdam.com\/de\/adam-lookout\/","og_site_name":"ThingstodoinAmsterdam.com","article_publisher":"https:\/\/www.facebook.com\/thingstodoinamsterdamcom","article_modified_time":"2026-05-12T09:02:26+00:00","og_image":[{"width":900,"height":384,"url":"https:\/\/thingstodoinamsterdam.com\/wp-content\/uploads\/2019\/07\/view-adam-lookout-tower.jpg","type":"image\/jpeg"}],"twitter_card":"summary_large_image","twitter_misc":{"Gesch\u00e4tzte Lesezeit":"4\u00a0Minuten"},"schema":{"@context":"https:\/\/schema.org","@graph":[{"@type":"WebPage","@id":"https:\/\/thingstodoinamsterdam.com\/de\/adam-lookout\/","url":"https:\/\/thingstodoinamsterdam.com\/de\/adam-lookout\/","name":"A'DAM Lookout - ThingstodoinAmsterdam.com","isPartOf":{"@id":"https:\/\/thingstodoinamsterdam.com\/de\/#website"},"primaryImageOfPage":{"@id":"https:\/\/thingstodoinamsterdam.com\/de\/adam-lookout\/#primaryimage"},"image":{"@id":"https:\/\/thingstodoinamsterdam.com\/de\/adam-lookout\/#primaryimage"},"thumbnailUrl":"https:\/\/thingstodoinamsterdam.com\/wp-content\/uploads\/2019\/07\/view-adam-lookout-tower.jpg","datePublished":"2026-05-12T09:02:17+00:00","dateModified":"2026-05-12T09:02:26+00:00","description":"Vom Amsterdamer Aussichtsturm hast du einen herrlichen Blick \u00fcber die Stadt. Schau dir die Bewertungen an und hol dir hier verg\u00fcnstigte Skip-the-Line-Tickets!","breadcrumb":{"@id":"https:\/\/thingstodoinamsterdam.com\/de\/adam-lookout\/#breadcrumb"},"inLanguage":"de","potentialAction":[{"@type":"ReadAction","target":["https:\/\/thingstodoinamsterdam.com\/de\/adam-lookout\/"]}]},{"@type":"ImageObject","inLanguage":"de","@id":"https:\/\/thingstodoinamsterdam.com\/de\/adam-lookout\/#primaryimage","url":"https:\/\/thingstodoinamsterdam.com\/wp-content\/uploads\/2019\/07\/view-adam-lookout-tower.jpg","contentUrl":"https:\/\/thingstodoinamsterdam.com\/wp-content\/uploads\/2019\/07\/view-adam-lookout-tower.jpg","width":900,"height":384},{"@type":"BreadcrumbList","@id":"https:\/\/thingstodoinamsterdam.com\/de\/adam-lookout\/#breadcrumb","itemListElement":[{"@type":"ListItem","position":1,"name":"Machen in Amsterdam","item":"https:\/\/thingstodoinamsterdam.com\/de\/"},{"@type":"ListItem","position":2,"name":"A&#8217;DAM Lookout"}]},{"@type":"WebSite","@id":"https:\/\/thingstodoinamsterdam.com\/de\/#website","url":"https:\/\/thingstodoinamsterdam.com\/de\/","name":"ThingstodoinAmsterdam.com","description":"Amsterdam&#039;s highlights and hidden secrets","publisher":{"@id":"https:\/\/thingstodoinamsterdam.com\/de\/#organization"},"potentialAction":[{"@type":"SearchAction","target":{"@type":"EntryPoint","urlTemplate":"https:\/\/thingstodoinamsterdam.com\/de\/?s={search_term_string}"},"query-input":{"@type":"PropertyValueSpecification","valueRequired":true,"valueName":"search_term_string"}}],"inLanguage":"de"},{"@type":"Organization","@id":"https:\/\/thingstodoinamsterdam.com\/de\/#organization","name":"Machen in Amsterdam","alternateName":"Thingstodo B.V.","url":"https:\/\/thingstodoinamsterdam.com\/de\/","logo":{"@type":"ImageObject","inLanguage":"de","@id":"https:\/\/thingstodoinamsterdam.com\/de\/#\/schema\/logo\/image\/","url":"https:\/\/thingstodoinamsterdam.com\/wp-content\/uploads\/2025\/02\/ThingsToDoInAmsterdam-Favicon-logo.png","contentUrl":"https:\/\/thingstodoinamsterdam.com\/wp-content\/uploads\/2025\/02\/ThingsToDoInAmsterdam-Favicon-logo.png","width":512,"height":512,"caption":"Machen in Amsterdam"},"image":{"@id":"https:\/\/thingstodoinamsterdam.com\/de\/#\/schema\/logo\/image\/"},"sameAs":["https:\/\/www.facebook.com\/thingstodoinamsterdamcom"]}]}},"_links":{"self":[{"href":"https:\/\/thingstodoinamsterdam.com\/de\/wp-json\/wp\/v2\/pages\/2542580","targetHints":{"allow":["GET"]}}],"collection":[{"href":"https:\/\/thingstodoinamsterdam.com\/de\/wp-json\/wp\/v2\/pages"}],"about":[{"href":"https:\/\/thingstodoinamsterdam.com\/de\/wp-json\/wp\/v2\/types\/page"}],"author":[{"embeddable":true,"href":"https:\/\/thingstodoinamsterdam.com\/de\/wp-json\/wp\/v2\/users\/1"}],"replies":[{"embeddable":true,"href":"https:\/\/thingstodoinamsterdam.com\/de\/wp-json\/wp\/v2\/comments?post=2542580"}],"version-history":[{"count":4,"href":"https:\/\/thingstodoinamsterdam.com\/de\/wp-json\/wp\/v2\/pages\/2542580\/revisions"}],"predecessor-version":[{"id":2542584,"href":"https:\/\/thingstodoinamsterdam.com\/de\/wp-json\/wp\/v2\/pages\/2542580\/revisions\/2542584"}],"wp:featuredmedia":[{"embeddable":true,"href":"https:\/\/thingstodoinamsterdam.com\/de\/wp-json\/wp\/v2\/media\/2535442"}],"wp:attachment":[{"href":"https:\/\/thingstodoinamsterdam.com\/de\/wp-json\/wp\/v2\/media?parent=2542580"}],"curies":[{"name":"wp","href":"https:\/\/api.w.org\/{rel}","templated":true}]}}