{"id":9004,"date":"2020-05-12T15:42:51","date_gmt":"2020-05-12T14:42:51","guid":{"rendered":"https:\/\/thingstodoinamsterdam.com\/?page_id=9004"},"modified":"2025-04-03T11:31:41","modified_gmt":"2025-04-03T09:31:41","slug":"van-gogh-museum","status":"publish","type":"page","link":"https:\/\/thingstodoinamsterdam.com\/de\/amsterdam-museen\/van-gogh-museum\/","title":{"rendered":"Van Gogh Museum"},"content":{"rendered":"<div class=\"wpb-content-wrapper\"><p>[vc_row][vc_column][vc_column_text]<span style=\"font-weight: 400;\">Das Van Gogh-Museum enth\u00e4lt die gr\u00f6\u00dfte Sammlung von Werken des weltber\u00fchmten K\u00fcnstlers Vincent van Gogh (1853-1890). \u00dcberall auf der Welt kennen Menschen Vincent Van Gogh als einen der ber\u00fchmtesten K\u00fcnstler aller Zeiten. Zu seiner Zeit hat man ihm nicht die Anerkennung zuteil werden lassen, die er verdient h\u00e4tte. Eigentlich hat er nie gewusst, dass seine Arbeit hoch gesch\u00e4tzt wird. Aufgrund der hohen Frustration hat er sich selbst ein Ohr abgeschnitten.<\/span><\/p><div id=\"ez-toc-container\" class=\"ez-toc-v2_0_82_2 counter-hierarchy ez-toc-counter ez-toc-custom ez-toc-container-direction\">\n<div class=\"ez-toc-title-container\">\n<span class=\"ez-toc-title-toggle\"><a href=\"#\" class=\"ez-toc-pull-right ez-toc-btn ez-toc-btn-xs ez-toc-btn-default ez-toc-toggle\" aria-label=\"Toggle Table of Content\"><span class=\"ez-toc-js-icon-con\"><span class=\"\"><span class=\"eztoc-hide\" style=\"display:none;\">Toggle<\/span><span class=\"ez-toc-icon-toggle-span\"><svg style=\"fill: #999;color:#999\" xmlns=\"http:\/\/www.w3.org\/2000\/svg\" class=\"list-377408\" width=\"20px\" height=\"20px\" viewBox=\"0 0 24 24\" fill=\"none\"><path d=\"M6 6H4v2h2V6zm14 0H8v2h12V6zM4 11h2v2H4v-2zm16 0H8v2h12v-2zM4 16h2v2H4v-2zm16 0H8v2h12v-2z\" fill=\"currentColor\"><\/path><\/svg><svg style=\"fill: #999;color:#999\" class=\"arrow-unsorted-368013\" xmlns=\"http:\/\/www.w3.org\/2000\/svg\" width=\"10px\" height=\"10px\" viewBox=\"0 0 24 24\" version=\"1.2\" baseProfile=\"tiny\"><path d=\"M18.2 9.3l-6.2-6.3-6.2 6.3c-.2.2-.3.4-.3.7s.1.5.3.7c.2.2.4.3.7.3h11c.3 0 .5-.1.7-.3.2-.2.3-.5.3-.7s-.1-.5-.3-.7zM5.8 14.7l6.2 6.3 6.2-6.3c.2-.2.3-.5.3-.7s-.1-.5-.3-.7c-.2-.2-.4-.3-.7-.3h-11c-.3 0-.5.1-.7.3-.2.2-.3.5-.3.7s.1.5.3.7z\"\/><\/svg><\/span><\/span><\/span><\/a><\/span><\/div>\n<nav><ul class='ez-toc-list ez-toc-list-level-1 ' ><li class='ez-toc-page-1 ez-toc-heading-level-2'><a class=\"ez-toc-link ez-toc-heading-1\" href=\"https:\/\/thingstodoinamsterdam.com\/de\/amsterdam-museen\/van-gogh-museum\/#oeffnungszeiten\" >\u00d6ffnungszeiten<\/a><\/li><li class='ez-toc-page-1 ez-toc-heading-level-2'><a class=\"ez-toc-link ez-toc-heading-2\" href=\"https:\/\/thingstodoinamsterdam.com\/de\/amsterdam-museen\/van-gogh-museum\/#tickets-preise-und-rabatte\" >Tickets, Preise und Rabatte<\/a><\/li><li class='ez-toc-page-1 ez-toc-heading-level-2'><a class=\"ez-toc-link ez-toc-heading-3\" href=\"https:\/\/thingstodoinamsterdam.com\/de\/amsterdam-museen\/van-gogh-museum\/#adresse-kontaktinfos-und-wegbeschreibung\" >Adresse, Kontaktinfos und Wegbeschreibung<\/a><\/li><\/ul><\/nav><\/div>\n\n<p><span style=\"font-weight: 400;\">Das Van Gogh-Museum verdient definitiv einen Platz weit oben auf deiner To-Do-Liste f\u00fcr Amsterdam. Es ist eines meistbesuchten <a href=\"https:\/\/thingstodoinamsterdam.com\/de\/amsterdam-museen\/\">Museen Amsterdams<\/a> und z\u00e4hlt sch\u00e4tzungsweise 1,6 Millionen Besucher pro Jahr.<\/span><\/p>\n<p><span style=\"font-weight: 400;\">Unserer Meinung nach ist dieses Museum ein absolutes Muss unter den vielen <a href=\"https:\/\/thingstodoinamsterdam.com\/de\/\">Dingen, die es in Amsterdam zu tun gibt<\/a>. Eine k\u00fcrzlich von der Erasmus Universit\u00e4t in Rotterdam durchgef\u00fchrte Studie, die bez\u00fcglich dem Image der 18 bekanntesten Kunstmuseen der Welt gefragt hat, hat ergeben, dass das Van Gogh Museum den zweitbesten Ruf der Welt hat! Und zwar direkt hinter dem Louvre-Museum in Paris. Laut dieser Studie \u00fcbertrifft der Ruf des Van Gogh Museums sogar den Ruf des bestbesuchten Museums in Amsterdam, dem Reichsmuseum. Willst nun auch du auf keinen Fall die Kunstwerke dieses ber\u00fchmten Malers verpassen? Dann hol dir unbedingt Tickets online, damit du nicht in der Warteschlange stehen musst.<\/span>[\/vc_column_text][button title=&#8220;Ticket f\u00fcr das Van Gogh Museum via GetYourGuide&#8220; link=&#8220;https:\/\/thingstodoinamsterdam.com\/ticketlink-vangogh-gyg-std&#8220; icon=&#8220;fas fa-angle-double-right&#8220; button_align=&#8220;center&#8220; target=&#8220;true&#8220; nofollow=&#8220;true&#8220; el_id=&#8220;1591711701414-403c48d3-7515&#8243;][button title=&#8220;Kombiticket f\u00fcr das Van Gogh Museum &amp; eine Grachtenrundfahrt mit Rabatt via Tours &amp; Tickets&#8220; link=&#8220;https:\/\/thingstodoinamsterdam.com\/ticketlinkde-vangoghrondvaart-tours-combi&#8220; icon=&#8220;fas fa-angle-double-right&#8220; button_align=&#8220;center&#8220; target=&#8220;true&#8220; nofollow=&#8220;true&#8220; el_id=&#8220;1622802696278-7fcd4b0e-9a16&#8243;][vc_video link=&#8220;https:\/\/youtu.be\/-j7oxO2fxRU&#8220; css=&#8220;.vc_custom_1461706535588{margin-right: 25px !important;margin-left: 25px !important;}&#8220; title=&#8220;Van Gogh Museum multi media guide&#8220;][vc_column_text]<\/p>\n<h2><span class=\"ez-toc-section\" id=\"oeffnungszeiten\"><\/span>\u00d6ffnungszeiten<span class=\"ez-toc-section-end\"><\/span><\/h2>\n<p>Das Van Gogh Museum hat 7 Tage in der Woche und 365 Tage im Jahr ge\u00f6ffnet, auch an nationalen Feiertagen wie dem K\u00f6nigstag, Weihnachten und Neujahr.<\/p>\n<p><strong>Tipp:<\/strong> Die beste Zeit f\u00fcr einen Besuch ist von 9 bis 11 Uhr oder nach 15 Uhr.\u00a0 Meistens sind die belebtesten Zeiten zwischen 11 Uhr morgens und 15 Uhr nachmittags.<\/p>\n<table style=\"width: 100%;\">\n<tbody>\n<tr>\n<td>T\u00e4glich von 9:00 Uhr &#8211; 18:00 Uhr || Freitags bis 22:00 Uhr<\/td>\n<\/tr>\n<\/tbody>\n<\/table>\n<p>[\/vc_column_text][vc_column_text css=&#8220;&#8220;]<\/p>\n<h2><span class=\"ez-toc-section\" id=\"tickets-preise-und-rabatte\"><\/span>Tickets, Preise und Rabatte<span class=\"ez-toc-section-end\"><\/span><\/h2>\n<p>Du kannst Tickets f\u00fcr das Van Gogh Museum an dem Verkaufsstand vor dem Eingang kaufen. Wir empfehlen jedoch aus unserer Erfahrung heraus, die Tickets f\u00fcr das Van Gogh Museum online vorzubestellen. Das Museum ist eines der am besten bewerteten Museen der Welt, daher kann es sehr voll sein und sich lange Warteschlangen bilden. Besonders nachmittags am Freitag, Samstag und Sonntag gibt es eine lange Warteschlange. W\u00e4hrend der nationalen Feiertage kann die Wartezeit sogar noch l\u00e4nger sein.<\/p>\n<table style=\"width: 100%;\">\n<tbody>\n<tr>\n<td>Erwachsene<\/td>\n<td>\u20ac 20,-<\/td>\n<\/tr>\n<tr>\n<td>Unter 18 Jahre<\/td>\n<td>Kostenlos (gilt nicht f\u00fcr Schulgruppen)<\/td>\n<\/tr>\n<tr>\n<td>I amsterdam City Card<\/td>\n<td>Kostenlos<\/td>\n<\/tr>\n<\/tbody>\n<\/table>\n<p>[\/vc_column_text][button title=&#8220;Ticket f\u00fcr das Van Gogh Museum via GetYourGuide&#8220; link=&#8220;https:\/\/thingstodoinamsterdam.com\/ticketlink-vangogh-gyg-std&#8220; icon=&#8220;fas fa-angle-double-right&#8220; button_align=&#8220;center&#8220; target=&#8220;true&#8220; nofollow=&#8220;true&#8220; el_id=&#8220;1622802775914-5612c782-0b92&#8243;][vc_column_text]<\/p>\n<h3>Erm\u00e4\u00dfigte Online-Tickets<\/h3>\n<p>Tickets online zu kaufen hat den Vorteil, dass man vor Ort nicht lange warten muss. Wir haben die folgenden Ticketanbieter sorgf\u00e4ltig ausgew\u00e4hlt, um dir beim Online-Ticketkauf zu helfen: Tiqets.com und Tours &amp; Tickets. Tiqets.com schenkt uns einen 5% Rabattcoupon, der auch f\u00fcr das Van Gogh Museum g\u00fcltig ist. Vergewissere dich, dass du den Rabatt-Code vor dem Bezahlen eingel\u00f6st hast. Tours &amp; Tickets bietet ein Sonderangebot an, das auch eine Grachtenfahrt inkludiert. Mit diesem Kombiticket spart ihr \u20ac5,- pro Person. Finde heraus, welches Angebot am besten zu dir passt![\/vc_column_text][button title=&#8220;Kombiticket f\u00fcr das Van Gogh Museum &amp; eine Grachtenrundfahrt mit Rabatt via Tours &amp; Tickets&#8220; link=&#8220;https:\/\/thingstodoinamsterdam.com\/ticketlinkde-vangoghrondvaart-tours-combi&#8220; icon=&#8220;fas fa-angle-double-right&#8220; button_align=&#8220;center&#8220; target=&#8220;true&#8220; nofollow=&#8220;true&#8220; el_id=&#8220;1570107344184-965a6d98-d8df&#8220;][vc_single_image image=&#8220;2445&#8243; img_size=&#8220;full&#8220; add_caption=&#8220;yes&#8220; alignment=&#8220;center&#8220;][vc_column_text]<\/p>\n<p style=\"text-align: center;\"><em>Verschwende deine Zeit in Amsterdam nicht in einer Warteschlange! Hol dir vorab Online-Tickets!<\/em><\/p>\n<p>[\/vc_column_text][vc_column_text]<\/p>\n<h2><span class=\"ez-toc-section\" id=\"adresse-kontaktinfos-und-wegbeschreibung\"><\/span>Adresse, Kontaktinfos und Wegbeschreibung<span class=\"ez-toc-section-end\"><\/span><\/h2>\n<p>Das Museum befindet sich direkt am Museumplein. Seit September letzten Jahres hat das Van Gogh Museum einen neuen Eingang aus Glas auf der R\u00fcckseite des Geb\u00e4udes. Der Eingang ist leicht zu erkennen durch den Fast Track-Eingang, der mit einem gelben Schild gekennzeichnet ist.<\/p>\n<p><strong>Adresse<br \/>\n<\/strong>Van Gogh Museum<br \/>\nMuseumplein 6<br \/>\n1070 AJ Amsterdam<br \/>\n+31 (0)20 570 5200<br \/>\ninfo@vangoghmuseum.nl<br \/>\n<a href=\"https:\/\/www.vangoghmuseum.nl\/\">www.vangoghmuseum.nl<\/a>[\/vc_column_text][vc_column_text]<\/p>\n<h3>\u00d6ffentliche Verkehrsmittel<\/h3>\n<p>Von vielen Orten aus kannst du eine Bus- oder Stra\u00dfenbahnhaltestelle finden, die dich fast direkt vor den Eingang des Museums bringt. Von allen Haltestellen brauchst du 1 Minute zu Fu\u00df zum Eingang am Museumplein 6. Du kannst das gelbe Schild vor dem Eingang, das aus Glas besteht, nicht \u00fcbersehen. Die folgenden Stra\u00dfenbahnen und Busse bringen dich zum Museum:<\/p>\n<p><strong>Vom Hauptbahnhof Amsterdam Central:<\/strong><\/p>\n<ul>\n<li style=\"list-style-type: none;\">\n<ul>\n<li style=\"list-style-type: none;\">\n<ul>\n<li>Stra\u00dfenbahn 5, Richtung Amstelveen Binnenhof, Haltestelle Van Baerlestraat<\/li>\n<li>Bus 170, Richtung Uithoorn, Haltestelle Museumplein<\/li>\n<\/ul>\n<\/li>\n<\/ul>\n<\/li>\n<\/ul>\n<p>Du befindest dich wo anders? Dann verwende das untenstehende Widget, gib deinen Standort ein und lass dir in Echtzeit die beste Verbindung zum Van Gogh Museum zeigen.\u00a0<!-- 9292 widget v1 --><br \/>\n<a href=\"https:\/\/9292.nl\/en\/?to=amsterdam_van-gogh-museum\"><img decoding=\"async\" class=\"alignnone size-medium wp-image-3080\" src=\"https:\/\/thingstodoinamsterdam.com\/wp-content\/uploads\/2019\/07\/Button-Plan-mijn-OV-reis-EN-300x54.png\" alt=\"ov button Amsterdam\" width=\"300\" height=\"54\" \/><\/a>[\/vc_column_text][g_map heading=&#8220;Van Gogh Museum Amsterdam&#8220; el_id=&#8220;1565179095818-d1e9bdf1-5650&#8243;]<iframe style=\"border: 0;\" src=\"https:\/\/www.google.com\/maps\/embed?pb=!1m18!1m12!1m3!1d2436.6617875635475!2d4.878886915997385!3d52.35841915594336!2m3!1f0!2f0!3f0!3m2!1i1024!2i768!4f13.1!3m3!1m2!1s0x47c609ef96d35a5f%3A0xc22828aef97cc51a!2sVan+Gogh+Museum!5e0!3m2!1sen!2snl!4v1460489018278\" width=\"600\" height=\"450\" frameborder=\"0\" allowfullscreen=\"allowfullscreen\"><\/iframe>[\/g_map][vc_column_text css=&#8220;&#8220;]Besuchen Sie auch:<\/p>\n<ul>\n<li><a href=\"https:\/\/thingstodoinamsterdam.com\/de\/grachtenfahrt-amsterdam\/\">Beste Bootsfahrten in Amsterdam<\/a><\/li>\n<li><a href=\"https:\/\/thingstodoinamsterdam.com\/de\/artis-amsterdam-zoo\/\">Artis Zoo<\/a><\/li>\n<li><a href=\"https:\/\/thingstodoinamsterdam.com\/de\/amsterdam-museen\/nemo-science-museum\/\">NEMO Science Center<\/a><\/li>\n<li><a href=\"https:\/\/thingstodoinamsterdam.com\/de\/rotlichtviertel-amsterdam\/\">Rotlichtviertel Amsterdam<\/a><\/li>\n<li><a href=\"https:\/\/thingstodoinamsterdam.com\/de\/amsterdam-museen\/anne-frank-haus\/\">Anne Frank Haus<\/a><\/li>\n<\/ul>\n<p>[\/vc_column_text][\/vc_column][\/vc_row][vc_row][vc_column][reviews heading=&#8220;Bewertungen des Museums&#8220; description=&#8220;Wir m\u00f6chten gerne wissen, wie dir da Van Gogh Museum gefallen hat. Erz\u00e4hl uns von deinem Erlebnis und hilf so anderen Reisenden. Wir sind gespannt, was du zu berichten hast!&#8220; item_name=&#8220;Van Gogh Museum&#8220; item_image=&#8220;1575&#8243; item_web=&#8220;http:\/\/www.vangoghmuseum.nl\/&#8220; item_address=&#8220;Museumplein 6&#8243; item_city=&#8220;Amsterdam&#8220; item_postal_code=&#8220;1071 DJ&#8220; item_country=&#8220;NL&#8220; el_id=&#8220;1565179236257-02d41ef4-febb&#8220;][\/reviews][vc_column_text]<strong>Sieh dir die untenstehenden Museen an oder klick auf unsere <a href=\"https:\/\/thingstodoinamsterdam.com\/de\/amsterdam-museen\/\">Amsterdam Museen<\/a> Seite f\u00fcr eine komplette \u00dcbersicht.\u00a0<\/strong>[\/vc_column_text][\/vc_column][\/vc_row][vc_row][vc_column][promo_block style_var=&#8220;style2&#8243; el_id=&#8220;1565179325385-0a169283-c903&#8243;][promo link=&#8220;url:https%3A%2F%2Fthingstodoinamsterdam.com%2Fde%2Famsterdam-museen%2Freichsmuseum-amsterdam%2F|title:Reichsmuseum||&#8220; text=&#8220;Entdecke Rembrandts Nachtwacht und viele weitere Kunstwerke!&#8220; img=&#8220;1089&#8243;][promo link=&#8220;url:https%3A%2F%2Fthingstodoinamsterdam.com%2Fde%2Famsterdam-museen%2Fheineken-experience%2F|title:Heineken%20Experience||&#8220; text=&#8220;Lerne alles \u00fcber die ber\u00fchmte Biermarke.&#8220; img=&#8220;547&#8243;][promo link=&#8220;url:https%3A%2F%2Fthingstodoinamsterdam.com%2Fde%2Famsterdam-museen%2Fanne-frank-haus%2F|title:Anne%20Frank%20Haus||&#8220; text=&#8220;Begib dich auf die Spuren von Anne Frank.&#8220; img=&#8220;527&#8243;][\/promo_block][\/vc_column][\/vc_row]<\/p>\n<\/div>","protected":false},"excerpt":{"rendered":"<p>[vc_row][vc_column][vc_column_text]Das Van Gogh-Museum enth\u00e4lt die gr\u00f6\u00dfte Sammlung von Werken des weltber\u00fchmten K\u00fcnstlers Vincent van Gogh (1853-1890). \u00dcberall auf der Welt kennen Menschen Vincent Van Gogh\u2026<\/p>\n","protected":false},"author":33,"featured_media":8120,"parent":8982,"menu_order":0,"comment_status":"closed","ping_status":"closed","template":"","meta":{"footnotes":""},"class_list":["post-9004","page","type-page","status-publish","has-post-thumbnail","hentry"],"yoast_head":"<!-- This site is optimized with the Yoast SEO plugin v27.4 - https:\/\/yoast.com\/product\/yoast-seo-wordpress\/ -->\n<title>Van Gogh Museum: Preise, Eintritt und Erm\u00e4\u00dfigungen<\/title>\n<meta name=\"description\" content=\"Das Van Gogh Museum ist eines der meistbesuchten Museen Amsterdams. Hier findest du alle Infos \u00fcber den Eintritt, Preise und Rabatte.\" \/>\n<meta name=\"robots\" content=\"index, follow, max-snippet:-1, max-image-preview:large, max-video-preview:-1\" \/>\n<link rel=\"canonical\" href=\"https:\/\/thingstodoinamsterdam.com\/de\/amsterdam-museen\/van-gogh-museum\/\" \/>\n<meta property=\"og:locale\" content=\"de_DE\" \/>\n<meta property=\"og:type\" content=\"article\" \/>\n<meta property=\"og:title\" content=\"Van Gogh Museum: Preise, Eintritt und Erm\u00e4\u00dfigungen\" \/>\n<meta property=\"og:description\" content=\"Das Van Gogh Museum ist eines der meistbesuchten Museen Amsterdams. Hier findest du alle Infos \u00fcber den Eintritt, Preise und Rabatte.\" \/>\n<meta property=\"og:url\" content=\"https:\/\/thingstodoinamsterdam.com\/de\/amsterdam-museen\/van-gogh-museum\/\" \/>\n<meta property=\"og:site_name\" content=\"ThingstodoinAmsterdam.com\" \/>\n<meta property=\"article:publisher\" content=\"https:\/\/www.facebook.com\/thingstodoinamsterdamcom\" \/>\n<meta property=\"article:modified_time\" content=\"2025-04-03T09:31:41+00:00\" \/>\n<meta property=\"og:image\" content=\"https:\/\/thingstodoinamsterdam.com\/wp-content\/uploads\/2019\/08\/Van-Gogh-Museum-Amsterdam.jpg\" \/>\n\t<meta property=\"og:image:width\" content=\"4032\" \/>\n\t<meta property=\"og:image:height\" content=\"1960\" \/>\n\t<meta property=\"og:image:type\" content=\"image\/jpeg\" \/>\n<meta name=\"twitter:card\" content=\"summary_large_image\" \/>\n<meta name=\"twitter:label1\" content=\"Gesch\u00e4tzte Lesezeit\" \/>\n\t<meta name=\"twitter:data1\" content=\"6\u00a0Minuten\" \/>\n<script type=\"application\/ld+json\" class=\"yoast-schema-graph\">{\"@context\":\"https:\\\/\\\/schema.org\",\"@graph\":[{\"@type\":\"WebPage\",\"@id\":\"https:\\\/\\\/thingstodoinamsterdam.com\\\/de\\\/amsterdam-museen\\\/van-gogh-museum\\\/\",\"url\":\"https:\\\/\\\/thingstodoinamsterdam.com\\\/de\\\/amsterdam-museen\\\/van-gogh-museum\\\/\",\"name\":\"Van Gogh Museum: Preise, Eintritt und Erm\u00e4\u00dfigungen\",\"isPartOf\":{\"@id\":\"https:\\\/\\\/thingstodoinamsterdam.com\\\/de\\\/#website\"},\"primaryImageOfPage\":{\"@id\":\"https:\\\/\\\/thingstodoinamsterdam.com\\\/de\\\/amsterdam-museen\\\/van-gogh-museum\\\/#primaryimage\"},\"image\":{\"@id\":\"https:\\\/\\\/thingstodoinamsterdam.com\\\/de\\\/amsterdam-museen\\\/van-gogh-museum\\\/#primaryimage\"},\"thumbnailUrl\":\"https:\\\/\\\/thingstodoinamsterdam.com\\\/wp-content\\\/uploads\\\/2019\\\/08\\\/Van-Gogh-Museum-Amsterdam.jpg\",\"datePublished\":\"2020-05-12T14:42:51+00:00\",\"dateModified\":\"2025-04-03T09:31:41+00:00\",\"description\":\"Das Van Gogh Museum ist eines der meistbesuchten Museen Amsterdams. Hier findest du alle Infos \u00fcber den Eintritt, Preise und Rabatte.\",\"breadcrumb\":{\"@id\":\"https:\\\/\\\/thingstodoinamsterdam.com\\\/de\\\/amsterdam-museen\\\/van-gogh-museum\\\/#breadcrumb\"},\"inLanguage\":\"de\",\"potentialAction\":[{\"@type\":\"ReadAction\",\"target\":[\"https:\\\/\\\/thingstodoinamsterdam.com\\\/de\\\/amsterdam-museen\\\/van-gogh-museum\\\/\"]}]},{\"@type\":\"ImageObject\",\"inLanguage\":\"de\",\"@id\":\"https:\\\/\\\/thingstodoinamsterdam.com\\\/de\\\/amsterdam-museen\\\/van-gogh-museum\\\/#primaryimage\",\"url\":\"https:\\\/\\\/thingstodoinamsterdam.com\\\/wp-content\\\/uploads\\\/2019\\\/08\\\/Van-Gogh-Museum-Amsterdam.jpg\",\"contentUrl\":\"https:\\\/\\\/thingstodoinamsterdam.com\\\/wp-content\\\/uploads\\\/2019\\\/08\\\/Van-Gogh-Museum-Amsterdam.jpg\",\"width\":4032,\"height\":1960},{\"@type\":\"BreadcrumbList\",\"@id\":\"https:\\\/\\\/thingstodoinamsterdam.com\\\/de\\\/amsterdam-museen\\\/van-gogh-museum\\\/#breadcrumb\",\"itemListElement\":[{\"@type\":\"ListItem\",\"position\":1,\"name\":\"Machen in Amsterdam\",\"item\":\"https:\\\/\\\/thingstodoinamsterdam.com\\\/de\\\/\"},{\"@type\":\"ListItem\",\"position\":2,\"name\":\"Amsterdam Museen\",\"item\":\"https:\\\/\\\/thingstodoinamsterdam.com\\\/de\\\/amsterdam-museen\\\/\"},{\"@type\":\"ListItem\",\"position\":3,\"name\":\"Van Gogh Museum\"}]},{\"@type\":\"WebSite\",\"@id\":\"https:\\\/\\\/thingstodoinamsterdam.com\\\/de\\\/#website\",\"url\":\"https:\\\/\\\/thingstodoinamsterdam.com\\\/de\\\/\",\"name\":\"ThingstodoinAmsterdam.com\",\"description\":\"Amsterdam&#039;s highlights and hidden secrets\",\"publisher\":{\"@id\":\"https:\\\/\\\/thingstodoinamsterdam.com\\\/de\\\/#organization\"},\"potentialAction\":[{\"@type\":\"SearchAction\",\"target\":{\"@type\":\"EntryPoint\",\"urlTemplate\":\"https:\\\/\\\/thingstodoinamsterdam.com\\\/de\\\/?s={search_term_string}\"},\"query-input\":{\"@type\":\"PropertyValueSpecification\",\"valueRequired\":true,\"valueName\":\"search_term_string\"}}],\"inLanguage\":\"de\"},{\"@type\":\"Organization\",\"@id\":\"https:\\\/\\\/thingstodoinamsterdam.com\\\/de\\\/#organization\",\"name\":\"Machen in Amsterdam\",\"url\":\"https:\\\/\\\/thingstodoinamsterdam.com\\\/de\\\/\",\"logo\":{\"@type\":\"ImageObject\",\"inLanguage\":\"de\",\"@id\":\"https:\\\/\\\/thingstodoinamsterdam.com\\\/de\\\/#\\\/schema\\\/logo\\\/image\\\/\",\"url\":\"https:\\\/\\\/thingstodoinamsterdam.com\\\/wp-content\\\/uploads\\\/2025\\\/02\\\/ThingsToDoInAmsterdam-Favicon-logo.png\",\"contentUrl\":\"https:\\\/\\\/thingstodoinamsterdam.com\\\/wp-content\\\/uploads\\\/2025\\\/02\\\/ThingsToDoInAmsterdam-Favicon-logo.png\",\"width\":512,\"height\":512,\"caption\":\"Machen in Amsterdam\"},\"image\":{\"@id\":\"https:\\\/\\\/thingstodoinamsterdam.com\\\/de\\\/#\\\/schema\\\/logo\\\/image\\\/\"},\"sameAs\":[\"https:\\\/\\\/www.facebook.com\\\/thingstodoinamsterdamcom\"]}]}<\/script>\n<!-- \/ Yoast SEO plugin. -->","yoast_head_json":{"title":"Van Gogh Museum: Preise, Eintritt und Erm\u00e4\u00dfigungen","description":"Das Van Gogh Museum ist eines der meistbesuchten Museen Amsterdams. Hier findest du alle Infos \u00fcber den Eintritt, Preise und Rabatte.","robots":{"index":"index","follow":"follow","max-snippet":"max-snippet:-1","max-image-preview":"max-image-preview:large","max-video-preview":"max-video-preview:-1"},"canonical":"https:\/\/thingstodoinamsterdam.com\/de\/amsterdam-museen\/van-gogh-museum\/","og_locale":"de_DE","og_type":"article","og_title":"Van Gogh Museum: Preise, Eintritt und Erm\u00e4\u00dfigungen","og_description":"Das Van Gogh Museum ist eines der meistbesuchten Museen Amsterdams. Hier findest du alle Infos \u00fcber den Eintritt, Preise und Rabatte.","og_url":"https:\/\/thingstodoinamsterdam.com\/de\/amsterdam-museen\/van-gogh-museum\/","og_site_name":"ThingstodoinAmsterdam.com","article_publisher":"https:\/\/www.facebook.com\/thingstodoinamsterdamcom","article_modified_time":"2025-04-03T09:31:41+00:00","og_image":[{"width":4032,"height":1960,"url":"https:\/\/thingstodoinamsterdam.com\/wp-content\/uploads\/2019\/08\/Van-Gogh-Museum-Amsterdam.jpg","type":"image\/jpeg"}],"twitter_card":"summary_large_image","twitter_misc":{"Gesch\u00e4tzte Lesezeit":"6\u00a0Minuten"},"schema":{"@context":"https:\/\/schema.org","@graph":[{"@type":"WebPage","@id":"https:\/\/thingstodoinamsterdam.com\/de\/amsterdam-museen\/van-gogh-museum\/","url":"https:\/\/thingstodoinamsterdam.com\/de\/amsterdam-museen\/van-gogh-museum\/","name":"Van Gogh Museum: Preise, Eintritt und Erm\u00e4\u00dfigungen","isPartOf":{"@id":"https:\/\/thingstodoinamsterdam.com\/de\/#website"},"primaryImageOfPage":{"@id":"https:\/\/thingstodoinamsterdam.com\/de\/amsterdam-museen\/van-gogh-museum\/#primaryimage"},"image":{"@id":"https:\/\/thingstodoinamsterdam.com\/de\/amsterdam-museen\/van-gogh-museum\/#primaryimage"},"thumbnailUrl":"https:\/\/thingstodoinamsterdam.com\/wp-content\/uploads\/2019\/08\/Van-Gogh-Museum-Amsterdam.jpg","datePublished":"2020-05-12T14:42:51+00:00","dateModified":"2025-04-03T09:31:41+00:00","description":"Das Van Gogh Museum ist eines der meistbesuchten Museen Amsterdams. Hier findest du alle Infos \u00fcber den Eintritt, Preise und Rabatte.","breadcrumb":{"@id":"https:\/\/thingstodoinamsterdam.com\/de\/amsterdam-museen\/van-gogh-museum\/#breadcrumb"},"inLanguage":"de","potentialAction":[{"@type":"ReadAction","target":["https:\/\/thingstodoinamsterdam.com\/de\/amsterdam-museen\/van-gogh-museum\/"]}]},{"@type":"ImageObject","inLanguage":"de","@id":"https:\/\/thingstodoinamsterdam.com\/de\/amsterdam-museen\/van-gogh-museum\/#primaryimage","url":"https:\/\/thingstodoinamsterdam.com\/wp-content\/uploads\/2019\/08\/Van-Gogh-Museum-Amsterdam.jpg","contentUrl":"https:\/\/thingstodoinamsterdam.com\/wp-content\/uploads\/2019\/08\/Van-Gogh-Museum-Amsterdam.jpg","width":4032,"height":1960},{"@type":"BreadcrumbList","@id":"https:\/\/thingstodoinamsterdam.com\/de\/amsterdam-museen\/van-gogh-museum\/#breadcrumb","itemListElement":[{"@type":"ListItem","position":1,"name":"Machen in Amsterdam","item":"https:\/\/thingstodoinamsterdam.com\/de\/"},{"@type":"ListItem","position":2,"name":"Amsterdam Museen","item":"https:\/\/thingstodoinamsterdam.com\/de\/amsterdam-museen\/"},{"@type":"ListItem","position":3,"name":"Van Gogh Museum"}]},{"@type":"WebSite","@id":"https:\/\/thingstodoinamsterdam.com\/de\/#website","url":"https:\/\/thingstodoinamsterdam.com\/de\/","name":"ThingstodoinAmsterdam.com","description":"Amsterdam&#039;s highlights and hidden secrets","publisher":{"@id":"https:\/\/thingstodoinamsterdam.com\/de\/#organization"},"potentialAction":[{"@type":"SearchAction","target":{"@type":"EntryPoint","urlTemplate":"https:\/\/thingstodoinamsterdam.com\/de\/?s={search_term_string}"},"query-input":{"@type":"PropertyValueSpecification","valueRequired":true,"valueName":"search_term_string"}}],"inLanguage":"de"},{"@type":"Organization","@id":"https:\/\/thingstodoinamsterdam.com\/de\/#organization","name":"Machen in Amsterdam","url":"https:\/\/thingstodoinamsterdam.com\/de\/","logo":{"@type":"ImageObject","inLanguage":"de","@id":"https:\/\/thingstodoinamsterdam.com\/de\/#\/schema\/logo\/image\/","url":"https:\/\/thingstodoinamsterdam.com\/wp-content\/uploads\/2025\/02\/ThingsToDoInAmsterdam-Favicon-logo.png","contentUrl":"https:\/\/thingstodoinamsterdam.com\/wp-content\/uploads\/2025\/02\/ThingsToDoInAmsterdam-Favicon-logo.png","width":512,"height":512,"caption":"Machen in Amsterdam"},"image":{"@id":"https:\/\/thingstodoinamsterdam.com\/de\/#\/schema\/logo\/image\/"},"sameAs":["https:\/\/www.facebook.com\/thingstodoinamsterdamcom"]}]}},"_links":{"self":[{"href":"https:\/\/thingstodoinamsterdam.com\/de\/wp-json\/wp\/v2\/pages\/9004","targetHints":{"allow":["GET"]}}],"collection":[{"href":"https:\/\/thingstodoinamsterdam.com\/de\/wp-json\/wp\/v2\/pages"}],"about":[{"href":"https:\/\/thingstodoinamsterdam.com\/de\/wp-json\/wp\/v2\/types\/page"}],"author":[{"embeddable":true,"href":"https:\/\/thingstodoinamsterdam.com\/de\/wp-json\/wp\/v2\/users\/33"}],"replies":[{"embeddable":true,"href":"https:\/\/thingstodoinamsterdam.com\/de\/wp-json\/wp\/v2\/comments?post=9004"}],"version-history":[{"count":6,"href":"https:\/\/thingstodoinamsterdam.com\/de\/wp-json\/wp\/v2\/pages\/9004\/revisions"}],"predecessor-version":[{"id":2026505,"href":"https:\/\/thingstodoinamsterdam.com\/de\/wp-json\/wp\/v2\/pages\/9004\/revisions\/2026505"}],"up":[{"embeddable":true,"href":"https:\/\/thingstodoinamsterdam.com\/de\/wp-json\/wp\/v2\/pages\/8982"}],"wp:featuredmedia":[{"embeddable":true,"href":"https:\/\/thingstodoinamsterdam.com\/de\/wp-json\/wp\/v2\/media\/8120"}],"wp:attachment":[{"href":"https:\/\/thingstodoinamsterdam.com\/de\/wp-json\/wp\/v2\/media?parent=9004"}],"curies":[{"name":"wp","href":"https:\/\/api.w.org\/{rel}","templated":true}]}}