{"id":9006,"date":"2025-04-03T15:43:49","date_gmt":"2025-04-03T13:43:49","guid":{"rendered":"https:\/\/thingstodoinamsterdam.com\/?page_id=9006"},"modified":"2025-04-03T16:02:26","modified_gmt":"2025-04-03T14:02:26","slug":"anne-frank-haus","status":"publish","type":"page","link":"https:\/\/thingstodoinamsterdam.com\/de\/amsterdam-museen\/anne-frank-haus\/","title":{"rendered":"Anne Frank Haus"},"content":{"rendered":"<div class=\"wpb-content-wrapper\"><p>[vc_row][vc_column][vc_column_text]<span style=\"font-weight: 400;\">Du wirst kein einziges Museum auf der Welt finden, das dir einen so realistischen Einblick gibt. Und zwar in das Leben einer J\u00fcdin, die w\u00e4hrend der Schrecken des Zweiten Weltkriegs gezwungen war, sich zu verstecken. W\u00e4hrend der deutschen Besatzung im Zweiten Weltkrieg wurden ganze j\u00fcdische Viertel in Amsterdam in Konzentrationslager deportiert. W\u00e4hrend viele Niederl\u00e4nder aus Angst vor den Folgen still beobachtet haben, traten nur wenige mutige Niederl\u00e4nder auf und boten j\u00fcdischen Mitb\u00fcrgern ein Versteck an. Dabei setzten sie auch immer ihr eigenes Leben aufs Spiel. Die Geschichte des j\u00fcdischen M\u00e4dchens wird im Anne Frank Haus unglaublich lebendig und verleiht Besuchern pure G\u00e4nsehaut. Das Anne Frank Haus ist n\u00e4mlich das Versteck, in dem sich ihre Familie und Anne selbst versteckt haben. Sie lebte dort viele Jahre lang und schrieb gro\u00dfe Teile ihres weltber\u00fchmten Tagebuchs. Wer die \u00fcberw\u00e4ltigende Geschichte gelesen hat, kann sich im Anne Frank Haus noch mehr mit den Hintergr\u00fcnden dazu auseinandersetzen.<\/span><\/p><div id=\"ez-toc-container\" class=\"ez-toc-v2_0_82_2 counter-hierarchy ez-toc-counter ez-toc-custom ez-toc-container-direction\">\n<div class=\"ez-toc-title-container\">\n<span class=\"ez-toc-title-toggle\"><a href=\"#\" class=\"ez-toc-pull-right ez-toc-btn ez-toc-btn-xs ez-toc-btn-default ez-toc-toggle\" aria-label=\"Toggle Table of Content\"><span class=\"ez-toc-js-icon-con\"><span class=\"\"><span class=\"eztoc-hide\" style=\"display:none;\">Toggle<\/span><span class=\"ez-toc-icon-toggle-span\"><svg style=\"fill: #999;color:#999\" xmlns=\"http:\/\/www.w3.org\/2000\/svg\" class=\"list-377408\" width=\"20px\" height=\"20px\" viewBox=\"0 0 24 24\" fill=\"none\"><path d=\"M6 6H4v2h2V6zm14 0H8v2h12V6zM4 11h2v2H4v-2zm16 0H8v2h12v-2zM4 16h2v2H4v-2zm16 0H8v2h12v-2z\" fill=\"currentColor\"><\/path><\/svg><svg style=\"fill: #999;color:#999\" class=\"arrow-unsorted-368013\" xmlns=\"http:\/\/www.w3.org\/2000\/svg\" width=\"10px\" height=\"10px\" viewBox=\"0 0 24 24\" version=\"1.2\" baseProfile=\"tiny\"><path d=\"M18.2 9.3l-6.2-6.3-6.2 6.3c-.2.2-.3.4-.3.7s.1.5.3.7c.2.2.4.3.7.3h11c.3 0 .5-.1.7-.3.2-.2.3-.5.3-.7s-.1-.5-.3-.7zM5.8 14.7l6.2 6.3 6.2-6.3c.2-.2.3-.5.3-.7s-.1-.5-.3-.7c-.2-.2-.4-.3-.7-.3h-11c-.3 0-.5.1-.7.3-.2.2-.3.5-.3.7s.1.5.3.7z\"\/><\/svg><\/span><\/span><\/span><\/a><\/span><\/div>\n<nav><ul class='ez-toc-list ez-toc-list-level-1 ' ><li class='ez-toc-page-1 ez-toc-heading-level-2'><a class=\"ez-toc-link ez-toc-heading-1\" href=\"https:\/\/thingstodoinamsterdam.com\/de\/amsterdam-museen\/anne-frank-haus\/#zu-fuss-auf-den-spuren-von-anne-frank-%e2%80%93-zweiter-weltkrieg-%e2%80%93-rundgang\" >Zu Fu\u00df auf den Spuren von Anne Frank &#8211; Zweiter Weltkrieg \u2013 Rundgang<\/a><\/li><li class='ez-toc-page-1 ez-toc-heading-level-2'><a class=\"ez-toc-link ez-toc-heading-2\" href=\"https:\/\/thingstodoinamsterdam.com\/de\/amsterdam-museen\/anne-frank-haus\/#anne-frank-haus-oeffnungszeiten\" >Anne Frank Haus \u00d6ffnungszeiten<\/a><\/li><li class='ez-toc-page-1 ez-toc-heading-level-2'><a class=\"ez-toc-link ez-toc-heading-3\" href=\"https:\/\/thingstodoinamsterdam.com\/de\/amsterdam-museen\/anne-frank-haus\/#anne-frank-haus-tickets-und-preise\" >Anne Frank Haus Tickets und Preise<\/a><\/li><li class='ez-toc-page-1 ez-toc-heading-level-2'><a class=\"ez-toc-link ez-toc-heading-4\" href=\"https:\/\/thingstodoinamsterdam.com\/de\/amsterdam-museen\/anne-frank-haus\/#adresse-kontaktinformationen-und-wegbeschreibung-zum-anne-frank-haus\" >Adresse, Kontaktinformationen und Wegbeschreibung zum Anne Frank Haus<\/a><\/li><\/ul><\/nav><\/div>\n\n<p><span style=\"font-weight: 400;\">Sieh dir das Video unten an, um einen Eindruck von den winzigen Verstecken im Anne Frank Haus zu bekommen. Au\u00dferdem findest du viele interessante Informationen \u00fcber den Zweiten Weltkrieg, Konzentrationslager und die deutsche Besatzung. Eine Geschichte, die von Generation zu Generation weitergegeben werden sollte, in der Hoffnung, dass die Menschheit nie wieder ein derartiges Verbrechen begeht.<\/span>[\/vc_column_text][vc_column_text]<\/p>\n<h2><span class=\"ez-toc-section\" id=\"zu-fuss-auf-den-spuren-von-anne-frank-%e2%80%93-zweiter-weltkrieg-%e2%80%93-rundgang\"><\/span>Zu Fu\u00df auf den Spuren von Anne Frank &#8211; Zweiter Weltkrieg \u2013 Rundgang<span class=\"ez-toc-section-end\"><\/span><\/h2>\n<p><span style=\"font-weight: 400;\">Das Anne Frank Museum ist aufgrund der begrenzten Kapazit\u00e4t oft ausverkauft. Wenn du kein Tickets mehr ergattern kannst, du aber mehr \u00fcber das Leben von Anne Frank herausfinden m\u00f6chtest, dann entscheide dich doch f\u00fcr eine Walking Tour durch die Viertel, in denen sich die Geschichte abgespielt hat. Ein professioneller Tourguide zeigt dir die Gegend, in der sie ihre Kindheit verbrachte, bevor sie gezwungen wurde, sich zu verstecken.<\/span>[\/vc_column_text][button title=&#8220;Walking Tour \u00fcber das Leben von Anne Frank buchen&#8220; link=&#8220;https:\/\/thingstodoinamsterdam.com\/ticketlinkde-annefranktour-gyg-std&#8220; icon=&#8220;&#8220; button_align=&#8220;center&#8220; target=&#8220;true&#8220; nofollow=&#8220;true&#8220; el_id=&#8220;1570105990903-6d300747-22d3&#8243;][vc_video link=&#8220;https:\/\/youtu.be\/7o8jSbCanv0&#8243; align=&#8220;center&#8220; title=&#8220;Introduction video: Anne Frank&#8220;][vc_column_text]<\/p>\n<h2><span class=\"ez-toc-section\" id=\"anne-frank-haus-oeffnungszeiten\"><\/span>Anne Frank Haus \u00d6ffnungszeiten<span class=\"ez-toc-section-end\"><\/span><\/h2>\n<p><span style=\"font-weight: 400;\">Das Anne Frank Haus ist 7 Tage die Woche ge\u00f6ffnet, aber die \u00d6ffnungszeiten variieren von Jahreszeit zu Jahreszeit. In der untenstehenden Tabelle findest du die aktuellen \u00d6ffnungszeiten. Wir empfehlen dir, Tickets online zu kaufen, um garantiert Zutritt zu bekommen.<\/span><\/p>\n<table style=\"width: 100%;\">\n<tbody>\n<tr>\n<td>1. November &#8211;\u00a0 31. M\u00e4rz<\/td>\n<td>t\u00e4glich 09:00 &#8211; 19:00 \u00a0|| Samstag bis 21:00<\/td>\n<\/tr>\n<tr>\n<td>1. April\u00a0 &#8211; 30. Juni<\/td>\n<td>t\u00e4glich 09:00 &#8211; 21:00 \u00a0|| Samstag bis 22:00<\/td>\n<\/tr>\n<tr>\n<td>1. Juli &#8211; 31. August<\/td>\n<td>t\u00e4glich 09:00 &#8211; 22:00<\/td>\n<\/tr>\n<tr>\n<td>1. September\u00a0 &#8211; 31. Oktober<\/td>\n<td>t\u00e4glich 09:00 &#8211; 21:00 \u00a0|| Samstag bis 22:00<\/td>\n<\/tr>\n<\/tbody>\n<\/table>\n<ul>\n<li><\/li>\n<\/ul>\n<p>[\/vc_column_text][button title=&#8220;Tickets f\u00fcr das Anne-Frank-Haus \u00fcber die offizielle Website&#8220; link=&#8220;https:\/\/www.annefrank.org\/de\/museum\/tickets\/&#8220; icon=&#8220;fas fa-angle-double-right&#8220; button_align=&#8220;center&#8220; target=&#8220;true&#8220; nofollow=&#8220;true&#8220; el_id=&#8220;1570106045707-180a2b53-7948&#8243;][vc_column_text]<\/p>\n<h2><span class=\"ez-toc-section\" id=\"anne-frank-haus-tickets-und-preise\"><\/span>Anne Frank Haus Tickets und Preise<span class=\"ez-toc-section-end\"><\/span><\/h2>\n<p><span style=\"font-weight: 400;\">Aufgrund der Struktur des Anne-Frank-Hauses mit seinen engen Treppenh\u00e4usern, kleinen Zimmern und schmalen G\u00e4ngen ist die maximale Besucherzahl begrenzt. Wir empfehlen dringend, die Verf\u00fcgbarkeit im Voraus zu pr\u00fcfen und Tickets online zu kaufen. Benutze den blauen Button oben, um dein E-Ticket f\u00fcr das Anne Frank Haus zu kaufen. F\u00fcr den Fall, dass das Anne Frank Haus ausverkauft ist, du aber mehr \u00fcber Amsterdam w\u00e4hrend des Zweiten Weltkriegs und den Holocaust erfahren m\u00f6chtest, empfehlen wir dir, das Niederl\u00e4ndische Widerstandsmuseum oder das J\u00fcdische Kulturviertel zu besuchen.<\/span><\/p>\n<table style=\"width: 100%;\">\n<tbody>\n<tr>\n<td>Erwachsene<\/td>\n<td>\u20ac 16,00<\/td>\n<\/tr>\n<tr>\n<td>Jugendliche von 10-17 Jahre<\/td>\n<td>\u20ac 7,00<\/td>\n<\/tr>\n<tr>\n<td>Kinder bis 9 Jahre<\/td>\n<td>\u20ac 1,00<\/td>\n<\/tr>\n<\/tbody>\n<\/table>\n<p><em>*Aufgepasst: Die I Amsterdam Card wird im Anne Frank Haus nicht akzeptiert.<\/em>[\/vc_column_text][button title=&#8220;Anne Frank Walking Tour buchen&#8220; link=&#8220;https:\/\/thingstodoinamsterdam.com\/ticketlinkde-annefranktour-gyg-std&#8220; icon=&#8220;&#8220; button_align=&#8220;center&#8220; target=&#8220;true&#8220; nofollow=&#8220;true&#8220; el_id=&#8220;1743686678387-4358d24f-b1c0&#8243;][vc_column_text]<\/p>\n<h2><span class=\"ez-toc-section\" id=\"adresse-kontaktinformationen-und-wegbeschreibung-zum-anne-frank-haus\"><\/span>Adresse, Kontaktinformationen und Wegbeschreibung zum Anne Frank Haus<span class=\"ez-toc-section-end\"><\/span><\/h2>\n<p><span style=\"font-weight: 400;\">Das Anne-Frank-Museum befindet sich in der N\u00e4he der Westerkerk an der Prinsengracht. Es ist 10 Minuten zu Fu\u00df vom Damsquare entfernt. Da das Museum an einem Kanal liegt, gibt es keine Parkm\u00f6glichkeiten. Eine Wegbeschreibung findest du weiter unten.<\/span><\/p>\n<p><strong>Adresse<\/strong><br \/>\nAnne Frank Museum<br \/>\nPrinsengracht 263-267<br \/>\n1016 GV Amsterdam<br \/>\n+31 (0)20 5567100[\/vc_column_text][g_map heading=&#8220;Anne Frank Haus Amsterdam&#8220; el_id=&#8220;1565000326732-9e3cb147-a462&#8243;]<iframe style=\"border: 0;\" src=\"https:\/\/www.google.com\/maps\/embed?pb=!1m18!1m12!1m3!1d2435.7351938010897!2d4.881787815628408!3d52.375221454701254!2m3!1f0!2f0!3f0!3m2!1i1024!2i768!4f13.1!3m3!1m2!1s0x47c609c5213e1149%3A0xd49a5d653e635b0a!2sAnne+Frank+House!5e0!3m2!1sen!2snl!4v1460898785302\" width=\"600\" height=\"450\" frameborder=\"0\" allowfullscreen=\"allowfullscreen\"><\/iframe>[\/g_map][vc_column_text]<\/p>\n<h3>\u00d6ffentliche Verkehrsmittel<\/h3>\n<p><span style=\"font-weight: 400;\">Die n\u00e4heste Haltestelle ist die Station Westermarkt. Es gibt mehrere Stra\u00dfenbahnen und Busse, die dich dorthin bringen. Vom Westermarkt aus sind es 2 Minuten zu Fu\u00df zum Museum. Du gehst einfach zu Fu\u00df zum Kanal namens Prinsengracht und nach ein paar hundert Metern findest du das Anne-Frank-Museum.<\/span><\/p>\n<p><b>Vom Hauptbahnhof Amsterdam:<\/b><\/p>\n<ul>\n<li style=\"font-weight: 400;\"><span style=\"font-weight: 400;\">Tram 13, 14, 17 bis zur Station Westermarkt<\/span><\/li>\n<li style=\"font-weight: 400;\"><span style=\"font-weight: 400;\">Bus 170, 172, 174 bis zur Station Westermarkt<\/span><\/li>\n<\/ul>\n<p><span style=\"font-weight: 400;\">Du bist nicht sicher, wie du von deinem Standort zum Anne Frank Haus kommst? Dann nutze die 9292 Anwendung weiter unten. Sie zeigt dir, welche Verbindung am besten zu deinem Standort passt.<\/span><\/p>\n<p><a href=\"http:\/\/9292.nl\/en\/?to=amsterdam_anne-frank-huis\"><img decoding=\"async\" class=\"alignnone size-medium wp-image-3080\" src=\"https:\/\/thingstodoinamsterdam.com\/wp-content\/uploads\/2019\/07\/Button-Plan-mijn-OV-reis-EN-300x54.png\" alt=\"\" width=\"300\" height=\"54\" \/><\/a>[\/vc_column_text][\/vc_column][\/vc_row][vc_row][vc_column][reviews heading=&#8220;Beurteilungen zum Anne Frank Haus&#8220; description=&#8220;Wir sind immer gespannt, wie dir die Erlebnisse und Museen in Amsterdam gefallen. Wie hat dir das Anne Frank Haus gefallen? Lass es uns wissen und helfe anderen Reisenden.&#8220; item_name=&#8220;Anne Frank House&#8220; item_image=&#8220;1575&#8243; item_tel=&#8220;+31 (0)20-5567105&#8243; item_web=&#8220;http:\/\/www.annefrank.org\/en&#8220; item_address=&#8220;Prinsengracht 267&#8243; item_city=&#8220;Amsterdam&#8220; item_country=&#8220;NL&#8220; el_id=&#8220;1565000422571-4232d99a-ddd5&#8243;][\/reviews][vc_column_text]<strong>Sieh dir die folgenden Museen an oder besuche unsere Amsterdam Museen Seite.<\/strong>[\/vc_column_text][\/vc_column][\/vc_row][vc_row][vc_column][promo_block style_var=&#8220;style2&#8243; el_id=&#8220;1565000520238-5be615f6-f023&#8243;][promo link=&#8220;url:https%3A%2F%2Fthingstodoinamsterdam.com%2Fde%2Famsterdam-museen%2Freichsmuseum-amsterdam%2F|title:Reichsmuseum%20Amsterdam||&#8220; text=&#8220;Entdecke die Kunstwerke von Rembrandt und vielen weiteren K\u00fcnstlern.&#8220; img=&#8220;1089&#8243;][promo link=&#8220;url:https%3A%2F%2Fthingstodoinamsterdam.com%2Fde%2Famsterdam-museen%2Fstedelijk-museum%2F|title:Stedelijk%20Museum||&#8220; text=&#8220;Hier findest du jede Menge moderne und zeitgen\u00f6ssische Kunst.&#8220; img=&#8220;1674&#8243;][promo link=&#8220;url:https%3A%2F%2Fthingstodoinamsterdam.com%2Fde%2Famsterdam-museen%2Fvan-gogh-museum%2F|title:Van%20Gogh%20Museum||&#8220; text=&#8220;Bewundere die Kunstwerke von Van Gogh.&#8220; img=&#8220;591&#8243;][\/promo_block][\/vc_column][\/vc_row]<\/p>\n<\/div>","protected":false},"excerpt":{"rendered":"<p>[vc_row][vc_column][vc_column_text]Du wirst kein einziges Museum auf der Welt finden, das dir einen so realistischen Einblick gibt. Und zwar in das Leben einer J\u00fcdin, die w\u00e4hrend\u2026<\/p>\n","protected":false},"author":33,"featured_media":7634,"parent":8982,"menu_order":0,"comment_status":"closed","ping_status":"closed","template":"","meta":{"footnotes":""},"class_list":["post-9006","page","type-page","status-publish","has-post-thumbnail","hentry"],"yoast_head":"<!-- This site is optimized with the Yoast SEO plugin v27.3 - https:\/\/yoast.com\/product\/yoast-seo-wordpress\/ -->\n<title>Anne Frank Haus Amsterdam - Tickets, \u00d6ffnungszeiten und Preise<\/title>\n<meta name=\"description\" content=\"Das Anne Frank Haus in Amsterdam ist wohl eines der bedeutensten Museen der Stadt. Informiere dich \u00fcber Preise, Tickets und \u00d6ffnungszeiten.\" \/>\n<meta name=\"robots\" content=\"index, follow, max-snippet:-1, max-image-preview:large, max-video-preview:-1\" \/>\n<link rel=\"canonical\" href=\"https:\/\/thingstodoinamsterdam.com\/de\/amsterdam-museen\/anne-frank-haus\/\" \/>\n<meta property=\"og:locale\" content=\"de_DE\" \/>\n<meta property=\"og:type\" content=\"article\" \/>\n<meta property=\"og:title\" content=\"Anne Frank Haus Amsterdam - Tickets, \u00d6ffnungszeiten und Preise\" \/>\n<meta property=\"og:description\" content=\"Das Anne Frank Haus in Amsterdam ist wohl eines der bedeutensten Museen der Stadt. Informiere dich \u00fcber Preise, Tickets und \u00d6ffnungszeiten.\" \/>\n<meta property=\"og:url\" content=\"https:\/\/thingstodoinamsterdam.com\/de\/amsterdam-museen\/anne-frank-haus\/\" \/>\n<meta property=\"og:site_name\" content=\"ThingstodoinAmsterdam.com\" \/>\n<meta property=\"article:publisher\" content=\"https:\/\/www.facebook.com\/thingstodoinamsterdamcom\" \/>\n<meta property=\"article:modified_time\" content=\"2025-04-03T14:02:26+00:00\" \/>\n<meta property=\"og:image\" content=\"https:\/\/thingstodoinamsterdam.com\/wp-content\/uploads\/2019\/08\/anne-frank.jpg\" \/>\n\t<meta property=\"og:image:width\" content=\"240\" \/>\n\t<meta property=\"og:image:height\" content=\"237\" \/>\n\t<meta property=\"og:image:type\" content=\"image\/jpeg\" \/>\n<meta name=\"twitter:card\" content=\"summary_large_image\" \/>\n<meta name=\"twitter:label1\" content=\"Gesch\u00e4tzte Lesezeit\" \/>\n\t<meta name=\"twitter:data1\" content=\"4\u00a0Minuten\" \/>\n<script type=\"application\/ld+json\" class=\"yoast-schema-graph\">{\"@context\":\"https:\\\/\\\/schema.org\",\"@graph\":[{\"@type\":\"WebPage\",\"@id\":\"https:\\\/\\\/thingstodoinamsterdam.com\\\/de\\\/amsterdam-museen\\\/anne-frank-haus\\\/\",\"url\":\"https:\\\/\\\/thingstodoinamsterdam.com\\\/de\\\/amsterdam-museen\\\/anne-frank-haus\\\/\",\"name\":\"Anne Frank Haus Amsterdam - Tickets, \u00d6ffnungszeiten und Preise\",\"isPartOf\":{\"@id\":\"https:\\\/\\\/thingstodoinamsterdam.com\\\/de\\\/#website\"},\"primaryImageOfPage\":{\"@id\":\"https:\\\/\\\/thingstodoinamsterdam.com\\\/de\\\/amsterdam-museen\\\/anne-frank-haus\\\/#primaryimage\"},\"image\":{\"@id\":\"https:\\\/\\\/thingstodoinamsterdam.com\\\/de\\\/amsterdam-museen\\\/anne-frank-haus\\\/#primaryimage\"},\"thumbnailUrl\":\"https:\\\/\\\/thingstodoinamsterdam.com\\\/wp-content\\\/uploads\\\/2019\\\/08\\\/anne-frank.jpg\",\"datePublished\":\"2025-04-03T13:43:49+00:00\",\"dateModified\":\"2025-04-03T14:02:26+00:00\",\"description\":\"Das Anne Frank Haus in Amsterdam ist wohl eines der bedeutensten Museen der Stadt. Informiere dich \u00fcber Preise, Tickets und \u00d6ffnungszeiten.\",\"breadcrumb\":{\"@id\":\"https:\\\/\\\/thingstodoinamsterdam.com\\\/de\\\/amsterdam-museen\\\/anne-frank-haus\\\/#breadcrumb\"},\"inLanguage\":\"de\",\"potentialAction\":[{\"@type\":\"ReadAction\",\"target\":[\"https:\\\/\\\/thingstodoinamsterdam.com\\\/de\\\/amsterdam-museen\\\/anne-frank-haus\\\/\"]}]},{\"@type\":\"ImageObject\",\"inLanguage\":\"de\",\"@id\":\"https:\\\/\\\/thingstodoinamsterdam.com\\\/de\\\/amsterdam-museen\\\/anne-frank-haus\\\/#primaryimage\",\"url\":\"https:\\\/\\\/thingstodoinamsterdam.com\\\/wp-content\\\/uploads\\\/2019\\\/08\\\/anne-frank.jpg\",\"contentUrl\":\"https:\\\/\\\/thingstodoinamsterdam.com\\\/wp-content\\\/uploads\\\/2019\\\/08\\\/anne-frank.jpg\",\"width\":240,\"height\":237},{\"@type\":\"BreadcrumbList\",\"@id\":\"https:\\\/\\\/thingstodoinamsterdam.com\\\/de\\\/amsterdam-museen\\\/anne-frank-haus\\\/#breadcrumb\",\"itemListElement\":[{\"@type\":\"ListItem\",\"position\":1,\"name\":\"Machen in Amsterdam\",\"item\":\"https:\\\/\\\/thingstodoinamsterdam.com\\\/de\\\/\"},{\"@type\":\"ListItem\",\"position\":2,\"name\":\"Amsterdam Museen\",\"item\":\"https:\\\/\\\/thingstodoinamsterdam.com\\\/de\\\/amsterdam-museen\\\/\"},{\"@type\":\"ListItem\",\"position\":3,\"name\":\"Anne Frank Haus\"}]},{\"@type\":\"WebSite\",\"@id\":\"https:\\\/\\\/thingstodoinamsterdam.com\\\/de\\\/#website\",\"url\":\"https:\\\/\\\/thingstodoinamsterdam.com\\\/de\\\/\",\"name\":\"ThingstodoinAmsterdam.com\",\"description\":\"Amsterdam&#039;s highlights and hidden secrets\",\"publisher\":{\"@id\":\"https:\\\/\\\/thingstodoinamsterdam.com\\\/de\\\/#organization\"},\"potentialAction\":[{\"@type\":\"SearchAction\",\"target\":{\"@type\":\"EntryPoint\",\"urlTemplate\":\"https:\\\/\\\/thingstodoinamsterdam.com\\\/de\\\/?s={search_term_string}\"},\"query-input\":{\"@type\":\"PropertyValueSpecification\",\"valueRequired\":true,\"valueName\":\"search_term_string\"}}],\"inLanguage\":\"de\"},{\"@type\":\"Organization\",\"@id\":\"https:\\\/\\\/thingstodoinamsterdam.com\\\/de\\\/#organization\",\"name\":\"Machen in Amsterdam\",\"url\":\"https:\\\/\\\/thingstodoinamsterdam.com\\\/de\\\/\",\"logo\":{\"@type\":\"ImageObject\",\"inLanguage\":\"de\",\"@id\":\"https:\\\/\\\/thingstodoinamsterdam.com\\\/de\\\/#\\\/schema\\\/logo\\\/image\\\/\",\"url\":\"https:\\\/\\\/thingstodoinamsterdam.com\\\/wp-content\\\/uploads\\\/2025\\\/02\\\/ThingsToDoInAmsterdam-Favicon-logo.png\",\"contentUrl\":\"https:\\\/\\\/thingstodoinamsterdam.com\\\/wp-content\\\/uploads\\\/2025\\\/02\\\/ThingsToDoInAmsterdam-Favicon-logo.png\",\"width\":512,\"height\":512,\"caption\":\"Machen in Amsterdam\"},\"image\":{\"@id\":\"https:\\\/\\\/thingstodoinamsterdam.com\\\/de\\\/#\\\/schema\\\/logo\\\/image\\\/\"},\"sameAs\":[\"https:\\\/\\\/www.facebook.com\\\/thingstodoinamsterdamcom\"]}]}<\/script>\n<!-- \/ Yoast SEO plugin. -->","yoast_head_json":{"title":"Anne Frank Haus Amsterdam - Tickets, \u00d6ffnungszeiten und Preise","description":"Das Anne Frank Haus in Amsterdam ist wohl eines der bedeutensten Museen der Stadt. Informiere dich \u00fcber Preise, Tickets und \u00d6ffnungszeiten.","robots":{"index":"index","follow":"follow","max-snippet":"max-snippet:-1","max-image-preview":"max-image-preview:large","max-video-preview":"max-video-preview:-1"},"canonical":"https:\/\/thingstodoinamsterdam.com\/de\/amsterdam-museen\/anne-frank-haus\/","og_locale":"de_DE","og_type":"article","og_title":"Anne Frank Haus Amsterdam - Tickets, \u00d6ffnungszeiten und Preise","og_description":"Das Anne Frank Haus in Amsterdam ist wohl eines der bedeutensten Museen der Stadt. Informiere dich \u00fcber Preise, Tickets und \u00d6ffnungszeiten.","og_url":"https:\/\/thingstodoinamsterdam.com\/de\/amsterdam-museen\/anne-frank-haus\/","og_site_name":"ThingstodoinAmsterdam.com","article_publisher":"https:\/\/www.facebook.com\/thingstodoinamsterdamcom","article_modified_time":"2025-04-03T14:02:26+00:00","og_image":[{"width":240,"height":237,"url":"https:\/\/thingstodoinamsterdam.com\/wp-content\/uploads\/2019\/08\/anne-frank.jpg","type":"image\/jpeg"}],"twitter_card":"summary_large_image","twitter_misc":{"Gesch\u00e4tzte Lesezeit":"4\u00a0Minuten"},"schema":{"@context":"https:\/\/schema.org","@graph":[{"@type":"WebPage","@id":"https:\/\/thingstodoinamsterdam.com\/de\/amsterdam-museen\/anne-frank-haus\/","url":"https:\/\/thingstodoinamsterdam.com\/de\/amsterdam-museen\/anne-frank-haus\/","name":"Anne Frank Haus Amsterdam - Tickets, \u00d6ffnungszeiten und Preise","isPartOf":{"@id":"https:\/\/thingstodoinamsterdam.com\/de\/#website"},"primaryImageOfPage":{"@id":"https:\/\/thingstodoinamsterdam.com\/de\/amsterdam-museen\/anne-frank-haus\/#primaryimage"},"image":{"@id":"https:\/\/thingstodoinamsterdam.com\/de\/amsterdam-museen\/anne-frank-haus\/#primaryimage"},"thumbnailUrl":"https:\/\/thingstodoinamsterdam.com\/wp-content\/uploads\/2019\/08\/anne-frank.jpg","datePublished":"2025-04-03T13:43:49+00:00","dateModified":"2025-04-03T14:02:26+00:00","description":"Das Anne Frank Haus in Amsterdam ist wohl eines der bedeutensten Museen der Stadt. Informiere dich \u00fcber Preise, Tickets und \u00d6ffnungszeiten.","breadcrumb":{"@id":"https:\/\/thingstodoinamsterdam.com\/de\/amsterdam-museen\/anne-frank-haus\/#breadcrumb"},"inLanguage":"de","potentialAction":[{"@type":"ReadAction","target":["https:\/\/thingstodoinamsterdam.com\/de\/amsterdam-museen\/anne-frank-haus\/"]}]},{"@type":"ImageObject","inLanguage":"de","@id":"https:\/\/thingstodoinamsterdam.com\/de\/amsterdam-museen\/anne-frank-haus\/#primaryimage","url":"https:\/\/thingstodoinamsterdam.com\/wp-content\/uploads\/2019\/08\/anne-frank.jpg","contentUrl":"https:\/\/thingstodoinamsterdam.com\/wp-content\/uploads\/2019\/08\/anne-frank.jpg","width":240,"height":237},{"@type":"BreadcrumbList","@id":"https:\/\/thingstodoinamsterdam.com\/de\/amsterdam-museen\/anne-frank-haus\/#breadcrumb","itemListElement":[{"@type":"ListItem","position":1,"name":"Machen in Amsterdam","item":"https:\/\/thingstodoinamsterdam.com\/de\/"},{"@type":"ListItem","position":2,"name":"Amsterdam Museen","item":"https:\/\/thingstodoinamsterdam.com\/de\/amsterdam-museen\/"},{"@type":"ListItem","position":3,"name":"Anne Frank Haus"}]},{"@type":"WebSite","@id":"https:\/\/thingstodoinamsterdam.com\/de\/#website","url":"https:\/\/thingstodoinamsterdam.com\/de\/","name":"ThingstodoinAmsterdam.com","description":"Amsterdam&#039;s highlights and hidden secrets","publisher":{"@id":"https:\/\/thingstodoinamsterdam.com\/de\/#organization"},"potentialAction":[{"@type":"SearchAction","target":{"@type":"EntryPoint","urlTemplate":"https:\/\/thingstodoinamsterdam.com\/de\/?s={search_term_string}"},"query-input":{"@type":"PropertyValueSpecification","valueRequired":true,"valueName":"search_term_string"}}],"inLanguage":"de"},{"@type":"Organization","@id":"https:\/\/thingstodoinamsterdam.com\/de\/#organization","name":"Machen in Amsterdam","url":"https:\/\/thingstodoinamsterdam.com\/de\/","logo":{"@type":"ImageObject","inLanguage":"de","@id":"https:\/\/thingstodoinamsterdam.com\/de\/#\/schema\/logo\/image\/","url":"https:\/\/thingstodoinamsterdam.com\/wp-content\/uploads\/2025\/02\/ThingsToDoInAmsterdam-Favicon-logo.png","contentUrl":"https:\/\/thingstodoinamsterdam.com\/wp-content\/uploads\/2025\/02\/ThingsToDoInAmsterdam-Favicon-logo.png","width":512,"height":512,"caption":"Machen in Amsterdam"},"image":{"@id":"https:\/\/thingstodoinamsterdam.com\/de\/#\/schema\/logo\/image\/"},"sameAs":["https:\/\/www.facebook.com\/thingstodoinamsterdamcom"]}]}},"_links":{"self":[{"href":"https:\/\/thingstodoinamsterdam.com\/de\/wp-json\/wp\/v2\/pages\/9006","targetHints":{"allow":["GET"]}}],"collection":[{"href":"https:\/\/thingstodoinamsterdam.com\/de\/wp-json\/wp\/v2\/pages"}],"about":[{"href":"https:\/\/thingstodoinamsterdam.com\/de\/wp-json\/wp\/v2\/types\/page"}],"author":[{"embeddable":true,"href":"https:\/\/thingstodoinamsterdam.com\/de\/wp-json\/wp\/v2\/users\/33"}],"replies":[{"embeddable":true,"href":"https:\/\/thingstodoinamsterdam.com\/de\/wp-json\/wp\/v2\/comments?post=9006"}],"version-history":[{"count":6,"href":"https:\/\/thingstodoinamsterdam.com\/de\/wp-json\/wp\/v2\/pages\/9006\/revisions"}],"predecessor-version":[{"id":2026512,"href":"https:\/\/thingstodoinamsterdam.com\/de\/wp-json\/wp\/v2\/pages\/9006\/revisions\/2026512"}],"up":[{"embeddable":true,"href":"https:\/\/thingstodoinamsterdam.com\/de\/wp-json\/wp\/v2\/pages\/8982"}],"wp:featuredmedia":[{"embeddable":true,"href":"https:\/\/thingstodoinamsterdam.com\/de\/wp-json\/wp\/v2\/media\/7634"}],"wp:attachment":[{"href":"https:\/\/thingstodoinamsterdam.com\/de\/wp-json\/wp\/v2\/media?parent=9006"}],"curies":[{"name":"wp","href":"https:\/\/api.w.org\/{rel}","templated":true}]}}