{"id":9009,"date":"2024-05-12T15:45:47","date_gmt":"2024-05-12T13:45:47","guid":{"rendered":"https:\/\/thingstodoinamsterdam.com\/?page_id=9009"},"modified":"2025-09-05T10:52:18","modified_gmt":"2025-09-05T08:52:18","slug":"stedelijk-museum","status":"publish","type":"page","link":"https:\/\/thingstodoinamsterdam.com\/de\/amsterdam-museen\/stedelijk-museum\/","title":{"rendered":"Stedelijk Museum"},"content":{"rendered":"<div class=\"wpb-content-wrapper\"><p>[vc_row 0=&#8220;&#8220;][vc_column 0=&#8220;&#8220;][vc_column_text 0=&#8220;&#8220;]<span style=\"font-weight: 400;\">Im Stedelijk Museum erwartet dich moderne und zeitgen\u00f6ssische Kunst vom Feinsten. Das neue Geb\u00e4ude aus dem Jahr 2012 ist mit dem historischen Teil von 1895 verbunden ist. Der Architekt war sehr bem\u00fcht, eine einwandfreie Verbindung zwischen den Geb\u00e4uden im Inneren zu schaffen. Tats\u00e4chlich bemerken viele Besucher den \u00dcbergang von einem Geb\u00e4ude zum anderen gar nicht. Die Kunstsammlung des Museums wird regelm\u00e4\u00dfig aktualisiert, wobei gro\u00dfe K\u00fcnstler wie Karel Appel zu sehen sind. Neben Bildern und Gem\u00e4lden, gibt es im Stedelijk Raum f\u00fcr Kunst in jeder Art und Weise. Sei unter anderem gespannt auf Fotografien, M\u00f6belst\u00fccke und Lichtinstallationen. Hier sind der Kreativit\u00e4t keine Grenzen gesetzt und wer wei\u00df, vielleicht findest auch du im Stedelijk Museum etwas k\u00fcnstlerische Inspiration &#8230;<\/span>[\/vc_column_text][button title=&#8220;Stedelijk Museum Tickets bei Tours-tickets.com&#8220; link=&#8220;https:\/\/thingstodoinamsterdam.com\/ticketlinkde-stedelijkmuseum-tours-std&#8220; icon=&#8220;fas fa-angle-double-right&#8220; button_align=&#8220;center&#8220; target=&#8220;true&#8220; nofollow=&#8220;true&#8220; el_id=&#8220;1565164047449-d8cd876f-a8a6&#8243;][vc_column_text]<\/p><div id=\"ez-toc-container\" class=\"ez-toc-v2_0_82_2 counter-hierarchy ez-toc-counter ez-toc-custom ez-toc-container-direction\">\n<div class=\"ez-toc-title-container\">\n<span class=\"ez-toc-title-toggle\"><a href=\"#\" class=\"ez-toc-pull-right ez-toc-btn ez-toc-btn-xs ez-toc-btn-default ez-toc-toggle\" aria-label=\"Toggle Table of Content\"><span class=\"ez-toc-js-icon-con\"><span class=\"\"><span class=\"eztoc-hide\" style=\"display:none;\">Toggle<\/span><span class=\"ez-toc-icon-toggle-span\"><svg style=\"fill: #999;color:#999\" xmlns=\"http:\/\/www.w3.org\/2000\/svg\" class=\"list-377408\" width=\"20px\" height=\"20px\" viewBox=\"0 0 24 24\" fill=\"none\"><path d=\"M6 6H4v2h2V6zm14 0H8v2h12V6zM4 11h2v2H4v-2zm16 0H8v2h12v-2zM4 16h2v2H4v-2zm16 0H8v2h12v-2z\" fill=\"currentColor\"><\/path><\/svg><svg style=\"fill: #999;color:#999\" class=\"arrow-unsorted-368013\" xmlns=\"http:\/\/www.w3.org\/2000\/svg\" width=\"10px\" height=\"10px\" viewBox=\"0 0 24 24\" version=\"1.2\" baseProfile=\"tiny\"><path d=\"M18.2 9.3l-6.2-6.3-6.2 6.3c-.2.2-.3.4-.3.7s.1.5.3.7c.2.2.4.3.7.3h11c.3 0 .5-.1.7-.3.2-.2.3-.5.3-.7s-.1-.5-.3-.7zM5.8 14.7l6.2 6.3 6.2-6.3c.2-.2.3-.5.3-.7s-.1-.5-.3-.7c-.2-.2-.4-.3-.7-.3h-11c-.3 0-.5.1-.7.3-.2.2-.3.5-.3.7s.1.5.3.7z\"\/><\/svg><\/span><\/span><\/span><\/a><\/span><\/div>\n<nav><ul class='ez-toc-list ez-toc-list-level-1 ' ><li class='ez-toc-page-1 ez-toc-heading-level-2'><a class=\"ez-toc-link ez-toc-heading-1\" href=\"https:\/\/thingstodoinamsterdam.com\/de\/amsterdam-museen\/stedelijk-museum\/#stedelijk-museum-oeffnungszeiten\" >Stedelijk Museum: \u00d6ffnungszeiten<\/a><\/li><li class='ez-toc-page-1 ez-toc-heading-level-2'><a class=\"ez-toc-link ez-toc-heading-2\" href=\"https:\/\/thingstodoinamsterdam.com\/de\/amsterdam-museen\/stedelijk-museum\/#eintritt-tickets-und-preise\" >Eintritt, Tickets und Preise<\/a><\/li><li class='ez-toc-page-1 ez-toc-heading-level-2'><a class=\"ez-toc-link ez-toc-heading-3\" href=\"https:\/\/thingstodoinamsterdam.com\/de\/amsterdam-museen\/stedelijk-museum\/#adresse-kontaktinfos-und-wegbeschreibung\" >Adresse, Kontaktinfos und Wegbeschreibung<\/a><\/li><li class='ez-toc-page-1 ez-toc-heading-level-2'><a class=\"ez-toc-link ez-toc-heading-4\" href=\"https:\/\/thingstodoinamsterdam.com\/de\/amsterdam-museen\/stedelijk-museum\/#ein-paar-fotos-vom-stedelijk-museum\" >Ein paar Fotos vom Stedelijk Museum<\/a><\/li><\/ul><\/nav><\/div>\n\n<p style=\"text-align: center;\">&#8211; Reserviere Tickets mit dem Tours-tickets.com Rabattcode<strong>\u00a0<mark>&#8218;THINGS10AMSTERDAM&#8216;<\/mark><\/strong> und hol dir 10% Erm\u00e4\u00dfigung &#8211;<\/p>\n<p>[\/vc_column_text][vc_video link=&#8220;https:\/\/youtu.be\/Ca_Lv7nW0oE&#8220; title=&#8220;Kurzes Einf\u00fchrungsvideo&#8220; css=&#8220;.vc_custom_1591648967318{margin-right: 25px !important;margin-left: 25px !important;}&#8220;][vc_column_text]<\/p>\n<h2><span class=\"ez-toc-section\" id=\"stedelijk-museum-oeffnungszeiten\"><\/span>Stedelijk Museum: \u00d6ffnungszeiten<span class=\"ez-toc-section-end\"><\/span><\/h2>\n<p>Das Stedelijk Museum hat 7 Tage die Woche und 365 Tage im Jahr ge\u00f6ffnet, einschlie\u00dflich der nationalen Feiertage wie K\u00f6nigstag, Weihnachten und Neujahr.<\/p>\n<table style=\"width: 1008px; height: 56px;\">\n<tbody>\n<tr>\n<td>T\u00e4glich<\/td>\n<td>\u00a010:00 Uhr &#8211; 18:00 Uhr<\/td>\n<\/tr>\n<tr>\n<td><\/td>\n<td><\/td>\n<\/tr>\n<tr>\n<td><\/td>\n<td><\/td>\n<\/tr>\n<\/tbody>\n<\/table>\n<p>[\/vc_column_text][vc_column_text]<\/p>\n<h2><span class=\"ez-toc-section\" id=\"eintritt-tickets-und-preise\"><\/span>Eintritt, Tickets und Preise<span class=\"ez-toc-section-end\"><\/span><\/h2>\n<p>Die Eintrittskarten f\u00fcr das Stedelijk Museum sind am Eingang erh\u00e4ltlich. Das Museum ist auch f\u00fcr viele Schulen ein beliebtes Ausflugsziel. Daher kann die Warteschlange manchmal ganz sch\u00f6n lange sein. Besorg die im Vorhinein Online-Tickets, damit du nicht lange warten musst. Weiter unten findest du ein paar Optionen f\u00fcr Online-Tickets mit Rabatt.<\/p>\n<table style=\"width: 100%;\">\n<tbody>\n<tr>\n<td>Erwachsene<\/td>\n<td>\u20ac 22,50<\/td>\n<\/tr>\n<tr>\n<td>Unter 18 Jahre<\/td>\n<td>Frei<\/td>\n<\/tr>\n<tr>\n<td>Studenten<\/td>\n<td>\u20ac 10,-<\/td>\n<\/tr>\n<tr>\n<td><a href=\"https:\/\/thingstodoinamsterdam.com\/de\/i-amsterdam-city-card\/\">I amsterdam city card<\/a><\/td>\n<td>Frei<\/td>\n<\/tr>\n<\/tbody>\n<\/table>\n<p>[\/vc_column_text][button title=&#8220;Tickets f\u00fcr das Stedelijk Museum bei Tours-tickets.com&#8220; link=&#8220;https:\/\/thingstodoinamsterdam.com\/ticketlinkde-stedelijkmuseum-tours-std&#8220; icon=&#8220;fas fa-angle-double-right&#8220; button_align=&#8220;center&#8220; target=&#8220;true&#8220; el_id=&#8220;1565164172109-a6b75946-a475&#8243;][vc_column_text]<\/p>\n<p style=\"text-align: center;\">&#8211; Reserviere Tickets mit dem Tours-tickets.com Rabattcode<strong>\u00a0<mark>&#8218;THINGS10AMSTERDAM&#8216;<\/mark><\/strong> und hol dir 10% Erm\u00e4\u00dfigung &#8211;<\/p>\n<p>[\/vc_column_text][vc_column_text 0=&#8220;&#8220;]<\/p>\n<h2><span class=\"ez-toc-section\" id=\"adresse-kontaktinfos-und-wegbeschreibung\"><\/span>Adresse, Kontaktinfos und Wegbeschreibung<span class=\"ez-toc-section-end\"><\/span><\/h2>\n<p>Das Museum befindet sich direkt am Museumplein in unmittelbarer N\u00e4he des Van Gogh Museums.<\/p>\n<p><strong><br \/>\n<\/strong>Stedelijk Museum<br \/>\nMuseumplein 10<br \/>\n1071 DJ Amsterdam<br \/>\n+31 (0)20 573 2991<br \/>\n<a href=\"https:\/\/stedelijk.nl\/\">https:\/\/stedelijk.nl\/<\/a><br \/>\ninfo@stedelijk.nl[\/vc_column_text][g_map heading=&#8220;Stedelijk Museum Amsterdam&#8220; el_id=&#8220;1565164241273-839e9cce-3ea3&#8243;]<iframe style=\"border: 0;\" src=\"https:\/\/www.google.com\/maps\/embed?pb=!1m18!1m12!1m3!1d2436.6841084199305!2d4.877566715627814!3d52.35801435597383!2m3!1f0!2f0!3f0!3m2!1i1024!2i768!4f13.1!3m3!1m2!1s0x47c609e567e9302b%3A0xec3c9aad1ccadbea!2sStedelijk+Museum+Amsterdam!5e0!3m2!1sen!2snl!4v1461090864952\" width=\"600\" height=\"450\" frameborder=\"0\" allowfullscreen=\"allowfullscreen\"><\/iframe>[\/g_map][vc_column_text 0=&#8220;&#8220;]<\/p>\n<h2><span class=\"ez-toc-section\" id=\"ein-paar-fotos-vom-stedelijk-museum\"><\/span>Ein paar Fotos vom Stedelijk Museum<span class=\"ez-toc-section-end\"><\/span><\/h2>\n<p>[\/vc_column_text][vc_single_image image=&#8220;2412&#8243; img_size=&#8220;full&#8220; add_caption=&#8220;yes&#8220; alignment=&#8220;center&#8220;][vc_single_image image=&#8220;2414&#8243; img_size=&#8220;full&#8220; add_caption=&#8220;yes&#8220; alignment=&#8220;center&#8220;][vc_single_image image=&#8220;2416&#8243; img_size=&#8220;full&#8220; add_caption=&#8220;yes&#8220; alignment=&#8220;center&#8220;][vc_single_image image=&#8220;2418&#8243; img_size=&#8220;full&#8220; add_caption=&#8220;yes&#8220; alignment=&#8220;center&#8220;][vc_column_text 0=&#8220;&#8220;]<\/p>\n<h3>\u00d6ffentliche Verkehrsmittel<\/h3>\n<p>Das Stedelijk Museum befindet sich an einem zentralen Ort in Amsterdam. Du kommst also mit vielen unterschiedlichen Stra\u00dfenbahnen und Bussen dorthin. Von allen Haltestellen brauchst du 1 bis 2 Minuten zu Fu\u00df zum Eingang. Die folgenden Stra\u00dfenbahnen und Busse bringen euch zum Museum:<\/p>\n<p><strong>Vom Hauptbahnhof Amsterdam (Amsterdam Central):<\/strong><\/p>\n<ul>\n<li>Stra\u00dfenbahn 2, Richtung Nieuw Sloten, Haltestelle Van Baerlestraat<\/li>\n<li>Stra\u00dfenbahn 5, Richtung Amstelveen Binnenhof, Haltestelle Van Baerlestraat<\/li>\n<li>Bus 172, Richtung Kudelstaart, Haltestelle Museumplein<\/li>\n<\/ul>\n<p>Du f\u00e4hrst von wo anders ab oder m\u00f6chtest in Echtzeit wissen, wann die n\u00e4chste Stra\u00dfenbahn, U-Bahn oder der n\u00e4chste Bus kommt? Dann verwende einfach das untenstehende Widget von <a href=\"https:\/\/9292.nl\/\" target=\"_blank\" rel=\"noopener noreferrer\">9292<\/a>, gib deinen aktuellen Standort ein und schon erh\u00e4ltst du Infos dar\u00fcber, wie du am besten zum Museumplein kommst.<\/p>\n<p><a href=\"http:\/\/9292.nl\/en\/?to=amsterdam_stedelijk-museum\"><img decoding=\"async\" class=\"alignnone size-medium wp-image-3080\" src=\"https:\/\/thingstodoinamsterdam.com\/wp-content\/uploads\/2019\/07\/Button-Plan-mijn-OV-reis-EN-300x54.png\" alt=\"\" width=\"300\" height=\"54\" \/><\/a>[\/vc_column_text][\/vc_column][\/vc_row][vc_row 0=&#8220;&#8220;][vc_column 0=&#8220;&#8220;][reviews heading=&#8220;Bewertungen \u00fcber das Stedelijk Museum&#8220; description=&#8220;Wir sind gespannt, wie dir das Stedelijk Museum gefallen hat. Lass uns und andere Reisende daran teilhaben. Wir freuen uns auf deinen Bericht!&#8220; item_name=&#8220;Stedelijk Museum&#8220; item_image=&#8220;1575&#8243; item_tel=&#8220;+31 (0)20 573 2991&#8243; item_web=&#8220;http:\/\/www.stedelijk.nl\/en&#8220; item_address=&#8220;Museumplein 10&#8243; item_city=&#8220;Amsterdam&#8220; item_country=&#8220;NL&#8220; el_id=&#8220;1565164566962-6f06e30f-53b7&#8243;][\/reviews][vc_column_text 0=&#8220;&#8220;]<strong>Sieh dir die untenstehenden Museen an oder klick dich einfach zur\u00fcck auf unsere allgemein Seite mit den <a href=\"https:\/\/thingstodoinamsterdam.com\/de\/amsterdam-museen\/\" target=\"_blank\" rel=\"noopener noreferrer\">Museen Amsterdam.\u00a0<\/a><\/strong>[\/vc_column_text][\/vc_column][\/vc_row][vc_row][vc_column][promo_block style_var=&#8220;style2&#8243; el_id=&#8220;1565164676547-8fbfc449-cf6f&#8220;][promo link=&#8220;url:https%3A%2F%2Fthingstodoinamsterdam.com%2Fde%2Famsterdam-museen%2Freichsmuseum-amsterdam%2F|title:Reichsmuseum||&#8220; text=&#8220;Entdecke Rembrandts Nachtwacht und weiter Meister der holl\u00e4ndischen Kunst!&#8220; img=&#8220;1089&#8243;][promo link=&#8220;url:https%3A%2F%2Fthingstodoinamsterdam.com%2Fde%2Famsterdam-museen%2Fvan-gogh-museum%2F|title:Van%20Gogh%20Museum||&#8220; text=&#8220;Entdecke alles \u00fcber den ber\u00fchmten Maler Van Gogh.&#8220; img=&#8220;591&#8243;][promo link=&#8220;|title:Madame%20Tussauds||&#8220; text=&#8220;Mach ein Foto mit den Royals der Niederlande!&#8220; img=&#8220;2233&#8243;][\/promo_block][\/vc_column][\/vc_row]<\/p>\n<\/div>","protected":false},"excerpt":{"rendered":"<p>[vc_row 0=&#8220;&#8220;][vc_column 0=&#8220;&#8220;][vc_column_text 0=&#8220;&#8220;]Im Stedelijk Museum erwartet dich moderne und zeitgen\u00f6ssische Kunst vom Feinsten. Das neue Geb\u00e4ude aus dem Jahr 2012 ist mit dem historischen\u2026<\/p>\n","protected":false},"author":33,"featured_media":8825,"parent":8982,"menu_order":0,"comment_status":"closed","ping_status":"closed","template":"","meta":{"footnotes":""},"class_list":["post-9009","page","type-page","status-publish","has-post-thumbnail","hentry"],"yoast_head":"<!-- This site is optimized with the Yoast SEO plugin v27.4 - https:\/\/yoast.com\/product\/yoast-seo-wordpress\/ -->\n<title>Stedelijk Museum: Moderne und zeitngen\u00f6ssische Kunst<\/title>\n<meta name=\"description\" content=\"Das Stedelijk Museum befindet sich auf dem Museumplein in Amsterdam stellt moderne und zeitngen\u00f6ssische Kunst aus. Finde hier alles \u00fcber Tickets und Preise.\" \/>\n<meta name=\"robots\" content=\"index, follow, max-snippet:-1, max-image-preview:large, max-video-preview:-1\" \/>\n<link rel=\"canonical\" href=\"https:\/\/thingstodoinamsterdam.com\/de\/amsterdam-museen\/stedelijk-museum\/\" \/>\n<meta property=\"og:locale\" content=\"de_DE\" \/>\n<meta property=\"og:type\" content=\"article\" \/>\n<meta property=\"og:title\" content=\"Stedelijk Museum: Moderne und zeitngen\u00f6ssische Kunst\" \/>\n<meta property=\"og:description\" content=\"Das Stedelijk Museum befindet sich auf dem Museumplein in Amsterdam stellt moderne und zeitngen\u00f6ssische Kunst aus. Finde hier alles \u00fcber Tickets und Preise.\" \/>\n<meta property=\"og:url\" content=\"https:\/\/thingstodoinamsterdam.com\/de\/amsterdam-museen\/stedelijk-museum\/\" \/>\n<meta property=\"og:site_name\" content=\"ThingstodoinAmsterdam.com\" \/>\n<meta property=\"article:publisher\" content=\"https:\/\/www.facebook.com\/thingstodoinamsterdamcom\" \/>\n<meta property=\"article:modified_time\" content=\"2025-09-05T08:52:18+00:00\" \/>\n<meta property=\"og:image\" content=\"https:\/\/thingstodoinamsterdam.com\/wp-content\/uploads\/2020\/02\/stedelijk-museum.jpg\" \/>\n\t<meta property=\"og:image:width\" content=\"400\" \/>\n\t<meta property=\"og:image:height\" content=\"267\" \/>\n\t<meta property=\"og:image:type\" content=\"image\/jpeg\" \/>\n<meta name=\"twitter:card\" content=\"summary_large_image\" \/>\n<meta name=\"twitter:label1\" content=\"Gesch\u00e4tzte Lesezeit\" \/>\n\t<meta name=\"twitter:data1\" content=\"3\u00a0Minuten\" \/>\n<script type=\"application\/ld+json\" class=\"yoast-schema-graph\">{\"@context\":\"https:\\\/\\\/schema.org\",\"@graph\":[{\"@type\":\"WebPage\",\"@id\":\"https:\\\/\\\/thingstodoinamsterdam.com\\\/de\\\/amsterdam-museen\\\/stedelijk-museum\\\/\",\"url\":\"https:\\\/\\\/thingstodoinamsterdam.com\\\/de\\\/amsterdam-museen\\\/stedelijk-museum\\\/\",\"name\":\"Stedelijk Museum: Moderne und zeitngen\u00f6ssische Kunst\",\"isPartOf\":{\"@id\":\"https:\\\/\\\/thingstodoinamsterdam.com\\\/de\\\/#website\"},\"primaryImageOfPage\":{\"@id\":\"https:\\\/\\\/thingstodoinamsterdam.com\\\/de\\\/amsterdam-museen\\\/stedelijk-museum\\\/#primaryimage\"},\"image\":{\"@id\":\"https:\\\/\\\/thingstodoinamsterdam.com\\\/de\\\/amsterdam-museen\\\/stedelijk-museum\\\/#primaryimage\"},\"thumbnailUrl\":\"https:\\\/\\\/thingstodoinamsterdam.com\\\/wp-content\\\/uploads\\\/2020\\\/02\\\/stedelijk-museum.jpg\",\"datePublished\":\"2024-05-12T13:45:47+00:00\",\"dateModified\":\"2025-09-05T08:52:18+00:00\",\"description\":\"Das Stedelijk Museum befindet sich auf dem Museumplein in Amsterdam stellt moderne und zeitngen\u00f6ssische Kunst aus. Finde hier alles \u00fcber Tickets und Preise.\",\"breadcrumb\":{\"@id\":\"https:\\\/\\\/thingstodoinamsterdam.com\\\/de\\\/amsterdam-museen\\\/stedelijk-museum\\\/#breadcrumb\"},\"inLanguage\":\"de\",\"potentialAction\":[{\"@type\":\"ReadAction\",\"target\":[\"https:\\\/\\\/thingstodoinamsterdam.com\\\/de\\\/amsterdam-museen\\\/stedelijk-museum\\\/\"]}]},{\"@type\":\"ImageObject\",\"inLanguage\":\"de\",\"@id\":\"https:\\\/\\\/thingstodoinamsterdam.com\\\/de\\\/amsterdam-museen\\\/stedelijk-museum\\\/#primaryimage\",\"url\":\"https:\\\/\\\/thingstodoinamsterdam.com\\\/wp-content\\\/uploads\\\/2020\\\/02\\\/stedelijk-museum.jpg\",\"contentUrl\":\"https:\\\/\\\/thingstodoinamsterdam.com\\\/wp-content\\\/uploads\\\/2020\\\/02\\\/stedelijk-museum.jpg\",\"width\":400,\"height\":267},{\"@type\":\"BreadcrumbList\",\"@id\":\"https:\\\/\\\/thingstodoinamsterdam.com\\\/de\\\/amsterdam-museen\\\/stedelijk-museum\\\/#breadcrumb\",\"itemListElement\":[{\"@type\":\"ListItem\",\"position\":1,\"name\":\"Machen in Amsterdam\",\"item\":\"https:\\\/\\\/thingstodoinamsterdam.com\\\/de\\\/\"},{\"@type\":\"ListItem\",\"position\":2,\"name\":\"Amsterdam Museen\",\"item\":\"https:\\\/\\\/thingstodoinamsterdam.com\\\/de\\\/amsterdam-museen\\\/\"},{\"@type\":\"ListItem\",\"position\":3,\"name\":\"Stedelijk Museum\"}]},{\"@type\":\"WebSite\",\"@id\":\"https:\\\/\\\/thingstodoinamsterdam.com\\\/de\\\/#website\",\"url\":\"https:\\\/\\\/thingstodoinamsterdam.com\\\/de\\\/\",\"name\":\"ThingstodoinAmsterdam.com\",\"description\":\"Amsterdam&#039;s highlights and hidden secrets\",\"publisher\":{\"@id\":\"https:\\\/\\\/thingstodoinamsterdam.com\\\/de\\\/#organization\"},\"potentialAction\":[{\"@type\":\"SearchAction\",\"target\":{\"@type\":\"EntryPoint\",\"urlTemplate\":\"https:\\\/\\\/thingstodoinamsterdam.com\\\/de\\\/?s={search_term_string}\"},\"query-input\":{\"@type\":\"PropertyValueSpecification\",\"valueRequired\":true,\"valueName\":\"search_term_string\"}}],\"inLanguage\":\"de\"},{\"@type\":\"Organization\",\"@id\":\"https:\\\/\\\/thingstodoinamsterdam.com\\\/de\\\/#organization\",\"name\":\"Machen in Amsterdam\",\"url\":\"https:\\\/\\\/thingstodoinamsterdam.com\\\/de\\\/\",\"logo\":{\"@type\":\"ImageObject\",\"inLanguage\":\"de\",\"@id\":\"https:\\\/\\\/thingstodoinamsterdam.com\\\/de\\\/#\\\/schema\\\/logo\\\/image\\\/\",\"url\":\"https:\\\/\\\/thingstodoinamsterdam.com\\\/wp-content\\\/uploads\\\/2025\\\/02\\\/ThingsToDoInAmsterdam-Favicon-logo.png\",\"contentUrl\":\"https:\\\/\\\/thingstodoinamsterdam.com\\\/wp-content\\\/uploads\\\/2025\\\/02\\\/ThingsToDoInAmsterdam-Favicon-logo.png\",\"width\":512,\"height\":512,\"caption\":\"Machen in Amsterdam\"},\"image\":{\"@id\":\"https:\\\/\\\/thingstodoinamsterdam.com\\\/de\\\/#\\\/schema\\\/logo\\\/image\\\/\"},\"sameAs\":[\"https:\\\/\\\/www.facebook.com\\\/thingstodoinamsterdamcom\"]}]}<\/script>\n<!-- \/ Yoast SEO plugin. -->","yoast_head_json":{"title":"Stedelijk Museum: Moderne und zeitngen\u00f6ssische Kunst","description":"Das Stedelijk Museum befindet sich auf dem Museumplein in Amsterdam stellt moderne und zeitngen\u00f6ssische Kunst aus. Finde hier alles \u00fcber Tickets und Preise.","robots":{"index":"index","follow":"follow","max-snippet":"max-snippet:-1","max-image-preview":"max-image-preview:large","max-video-preview":"max-video-preview:-1"},"canonical":"https:\/\/thingstodoinamsterdam.com\/de\/amsterdam-museen\/stedelijk-museum\/","og_locale":"de_DE","og_type":"article","og_title":"Stedelijk Museum: Moderne und zeitngen\u00f6ssische Kunst","og_description":"Das Stedelijk Museum befindet sich auf dem Museumplein in Amsterdam stellt moderne und zeitngen\u00f6ssische Kunst aus. Finde hier alles \u00fcber Tickets und Preise.","og_url":"https:\/\/thingstodoinamsterdam.com\/de\/amsterdam-museen\/stedelijk-museum\/","og_site_name":"ThingstodoinAmsterdam.com","article_publisher":"https:\/\/www.facebook.com\/thingstodoinamsterdamcom","article_modified_time":"2025-09-05T08:52:18+00:00","og_image":[{"width":400,"height":267,"url":"https:\/\/thingstodoinamsterdam.com\/wp-content\/uploads\/2020\/02\/stedelijk-museum.jpg","type":"image\/jpeg"}],"twitter_card":"summary_large_image","twitter_misc":{"Gesch\u00e4tzte Lesezeit":"3\u00a0Minuten"},"schema":{"@context":"https:\/\/schema.org","@graph":[{"@type":"WebPage","@id":"https:\/\/thingstodoinamsterdam.com\/de\/amsterdam-museen\/stedelijk-museum\/","url":"https:\/\/thingstodoinamsterdam.com\/de\/amsterdam-museen\/stedelijk-museum\/","name":"Stedelijk Museum: Moderne und zeitngen\u00f6ssische Kunst","isPartOf":{"@id":"https:\/\/thingstodoinamsterdam.com\/de\/#website"},"primaryImageOfPage":{"@id":"https:\/\/thingstodoinamsterdam.com\/de\/amsterdam-museen\/stedelijk-museum\/#primaryimage"},"image":{"@id":"https:\/\/thingstodoinamsterdam.com\/de\/amsterdam-museen\/stedelijk-museum\/#primaryimage"},"thumbnailUrl":"https:\/\/thingstodoinamsterdam.com\/wp-content\/uploads\/2020\/02\/stedelijk-museum.jpg","datePublished":"2024-05-12T13:45:47+00:00","dateModified":"2025-09-05T08:52:18+00:00","description":"Das Stedelijk Museum befindet sich auf dem Museumplein in Amsterdam stellt moderne und zeitngen\u00f6ssische Kunst aus. Finde hier alles \u00fcber Tickets und Preise.","breadcrumb":{"@id":"https:\/\/thingstodoinamsterdam.com\/de\/amsterdam-museen\/stedelijk-museum\/#breadcrumb"},"inLanguage":"de","potentialAction":[{"@type":"ReadAction","target":["https:\/\/thingstodoinamsterdam.com\/de\/amsterdam-museen\/stedelijk-museum\/"]}]},{"@type":"ImageObject","inLanguage":"de","@id":"https:\/\/thingstodoinamsterdam.com\/de\/amsterdam-museen\/stedelijk-museum\/#primaryimage","url":"https:\/\/thingstodoinamsterdam.com\/wp-content\/uploads\/2020\/02\/stedelijk-museum.jpg","contentUrl":"https:\/\/thingstodoinamsterdam.com\/wp-content\/uploads\/2020\/02\/stedelijk-museum.jpg","width":400,"height":267},{"@type":"BreadcrumbList","@id":"https:\/\/thingstodoinamsterdam.com\/de\/amsterdam-museen\/stedelijk-museum\/#breadcrumb","itemListElement":[{"@type":"ListItem","position":1,"name":"Machen in Amsterdam","item":"https:\/\/thingstodoinamsterdam.com\/de\/"},{"@type":"ListItem","position":2,"name":"Amsterdam Museen","item":"https:\/\/thingstodoinamsterdam.com\/de\/amsterdam-museen\/"},{"@type":"ListItem","position":3,"name":"Stedelijk Museum"}]},{"@type":"WebSite","@id":"https:\/\/thingstodoinamsterdam.com\/de\/#website","url":"https:\/\/thingstodoinamsterdam.com\/de\/","name":"ThingstodoinAmsterdam.com","description":"Amsterdam&#039;s highlights and hidden secrets","publisher":{"@id":"https:\/\/thingstodoinamsterdam.com\/de\/#organization"},"potentialAction":[{"@type":"SearchAction","target":{"@type":"EntryPoint","urlTemplate":"https:\/\/thingstodoinamsterdam.com\/de\/?s={search_term_string}"},"query-input":{"@type":"PropertyValueSpecification","valueRequired":true,"valueName":"search_term_string"}}],"inLanguage":"de"},{"@type":"Organization","@id":"https:\/\/thingstodoinamsterdam.com\/de\/#organization","name":"Machen in Amsterdam","url":"https:\/\/thingstodoinamsterdam.com\/de\/","logo":{"@type":"ImageObject","inLanguage":"de","@id":"https:\/\/thingstodoinamsterdam.com\/de\/#\/schema\/logo\/image\/","url":"https:\/\/thingstodoinamsterdam.com\/wp-content\/uploads\/2025\/02\/ThingsToDoInAmsterdam-Favicon-logo.png","contentUrl":"https:\/\/thingstodoinamsterdam.com\/wp-content\/uploads\/2025\/02\/ThingsToDoInAmsterdam-Favicon-logo.png","width":512,"height":512,"caption":"Machen in Amsterdam"},"image":{"@id":"https:\/\/thingstodoinamsterdam.com\/de\/#\/schema\/logo\/image\/"},"sameAs":["https:\/\/www.facebook.com\/thingstodoinamsterdamcom"]}]}},"_links":{"self":[{"href":"https:\/\/thingstodoinamsterdam.com\/de\/wp-json\/wp\/v2\/pages\/9009","targetHints":{"allow":["GET"]}}],"collection":[{"href":"https:\/\/thingstodoinamsterdam.com\/de\/wp-json\/wp\/v2\/pages"}],"about":[{"href":"https:\/\/thingstodoinamsterdam.com\/de\/wp-json\/wp\/v2\/types\/page"}],"author":[{"embeddable":true,"href":"https:\/\/thingstodoinamsterdam.com\/de\/wp-json\/wp\/v2\/users\/33"}],"replies":[{"embeddable":true,"href":"https:\/\/thingstodoinamsterdam.com\/de\/wp-json\/wp\/v2\/comments?post=9009"}],"version-history":[{"count":6,"href":"https:\/\/thingstodoinamsterdam.com\/de\/wp-json\/wp\/v2\/pages\/9009\/revisions"}],"predecessor-version":[{"id":9338,"href":"https:\/\/thingstodoinamsterdam.com\/de\/wp-json\/wp\/v2\/pages\/9009\/revisions\/9338"}],"up":[{"embeddable":true,"href":"https:\/\/thingstodoinamsterdam.com\/de\/wp-json\/wp\/v2\/pages\/8982"}],"wp:featuredmedia":[{"embeddable":true,"href":"https:\/\/thingstodoinamsterdam.com\/de\/wp-json\/wp\/v2\/media\/8825"}],"wp:attachment":[{"href":"https:\/\/thingstodoinamsterdam.com\/de\/wp-json\/wp\/v2\/media?parent=9009"}],"curies":[{"name":"wp","href":"https:\/\/api.w.org\/{rel}","templated":true}]}}