{"id":9342,"date":"2020-06-19T13:19:53","date_gmt":"2020-06-19T12:19:53","guid":{"rendered":"https:\/\/thingstodoinamsterdam.com\/?page_id=9342"},"modified":"2026-03-10T14:40:52","modified_gmt":"2026-03-10T13:40:52","slug":"johan-cruijff-arena-stadium-tour","status":"publish","type":"page","link":"https:\/\/thingstodoinamsterdam.com\/de\/sehenswuerdigkeiten-sightseeing-in-amsterdam\/johan-cruijff-arena-stadium-tour\/","title":{"rendered":"Johan Cruijff ArenA Stadium Tour"},"content":{"rendered":"<div class=\"wpb-content-wrapper\"><p>[vc_row][vc_column][buttonsticky title=&#8220;Kaufe Tickets f\u00fcr die Arena Stadium Tour bei Getyourguide.com&#8220; link=&#8220;https:\/\/thingstodoinamsterdam.com\/ticketlink-arena-gyg-std&#8220; target=&#8220;true&#8220; nofollow=&#8220;true&#8220; el_id=&#8220;1654846815913-d630f606-18fb&#8220;][\/vc_column][\/vc_row][vc_row][vc_column][vc_column_text]Die Johan Cruijff ArenA (f\u00fcr die meisten besser bekannt als Amsterdam ArenA) ist die Heimatbasis des AFC Ajax (Amsterdam Fu\u00dfballclub Ajax), der mit Abstand der beliebteste Fu\u00dfballclub der Niederlande ist. Die meisten Leute kennen die Amsterdam ArenA gerade wegen Ajax.<\/p><div id=\"ez-toc-container\" class=\"ez-toc-v2_0_82_2 counter-hierarchy ez-toc-counter ez-toc-custom ez-toc-container-direction\">\n<div class=\"ez-toc-title-container\">\n<span class=\"ez-toc-title-toggle\"><a href=\"#\" class=\"ez-toc-pull-right ez-toc-btn ez-toc-btn-xs ez-toc-btn-default ez-toc-toggle\" aria-label=\"Toggle Table of Content\"><span class=\"ez-toc-js-icon-con\"><span class=\"\"><span class=\"eztoc-hide\" style=\"display:none;\">Toggle<\/span><span class=\"ez-toc-icon-toggle-span\"><svg style=\"fill: #999;color:#999\" xmlns=\"http:\/\/www.w3.org\/2000\/svg\" class=\"list-377408\" width=\"20px\" height=\"20px\" viewBox=\"0 0 24 24\" fill=\"none\"><path d=\"M6 6H4v2h2V6zm14 0H8v2h12V6zM4 11h2v2H4v-2zm16 0H8v2h12v-2zM4 16h2v2H4v-2zm16 0H8v2h12v-2z\" fill=\"currentColor\"><\/path><\/svg><svg style=\"fill: #999;color:#999\" class=\"arrow-unsorted-368013\" xmlns=\"http:\/\/www.w3.org\/2000\/svg\" width=\"10px\" height=\"10px\" viewBox=\"0 0 24 24\" version=\"1.2\" baseProfile=\"tiny\"><path d=\"M18.2 9.3l-6.2-6.3-6.2 6.3c-.2.2-.3.4-.3.7s.1.5.3.7c.2.2.4.3.7.3h11c.3 0 .5-.1.7-.3.2-.2.3-.5.3-.7s-.1-.5-.3-.7zM5.8 14.7l6.2 6.3 6.2-6.3c.2-.2.3-.5.3-.7s-.1-.5-.3-.7c-.2-.2-.4-.3-.7-.3h-11c-.3 0-.5.1-.7.3-.2.2-.3.5-.3.7s.1.5.3.7z\"\/><\/svg><\/span><\/span><\/span><\/a><\/span><\/div>\n<nav><ul class='ez-toc-list ez-toc-list-level-1 ' ><li class='ez-toc-page-1 ez-toc-heading-level-2'><a class=\"ez-toc-link ez-toc-heading-1\" href=\"https:\/\/thingstodoinamsterdam.com\/de\/sehenswuerdigkeiten-sightseeing-in-amsterdam\/johan-cruijff-arena-stadium-tour\/#-oeffnungszeiten\" >\u00a0\u00d6ffnungszeiten<\/a><\/li><li class='ez-toc-page-1 ez-toc-heading-level-2'><a class=\"ez-toc-link ez-toc-heading-2\" href=\"https:\/\/thingstodoinamsterdam.com\/de\/sehenswuerdigkeiten-sightseeing-in-amsterdam\/johan-cruijff-arena-stadium-tour\/#amsterdam-arena-tour-tickets-preise-und-rabatte\" >Amsterdam ArenA Tour: Tickets, Preise und Rabatte<\/a><\/li><li class='ez-toc-page-1 ez-toc-heading-level-2'><a class=\"ez-toc-link ez-toc-heading-3\" href=\"https:\/\/thingstodoinamsterdam.com\/de\/sehenswuerdigkeiten-sightseeing-in-amsterdam\/johan-cruijff-arena-stadium-tour\/#adresse-konaktinfos-und-wegbeschreibung\" >Adresse, Konaktinfos und Wegbeschreibung<\/a><\/li><\/ul><\/nav><\/div>\n\n<p>Der Fu\u00dfballclub Ajax wurde im Jahr 1900 gegr\u00fcndet und befindet sich im s\u00fcd\u00f6stlichen Teil von Amsterdam. Du m\u00f6chtest mehr \u00fcber Ajax und die Amsterdam Arena erfahren? Dann buche am besten eine spannende Johan Cruijff ArenA Stadium Tour, bei der du garantiert die ein oder anderen Fakten erfahren wirst, die du noch nicht kanntest.<\/p>\n<figure id=\"attachment_1634\" aria-describedby=\"caption-attachment-1634\" style=\"width: 300px\" class=\"wp-caption alignright\"><a href=\"https:\/\/thingstodoinamsterdam.com\/wp-content\/uploads\/2019\/08\/Amsterdam-ArenA-Ajax.jpg\"><img decoding=\"async\" class=\"wp-image-1634 size-medium\" src=\"https:\/\/thingstodoinamsterdam.com\/wp-content\/uploads\/2019\/08\/Amsterdam-ArenA-Ajax-300x224-1.jpg\" alt=\"Johan Cruijff ArenA Stadium Tour\" width=\"300\" height=\"224\" \/><\/a><figcaption id=\"caption-attachment-1634\" class=\"wp-caption-text\">Im Inneren der ArenA<\/figcaption><\/figure>\n<p><strong>Was du in der Amsterdam ArenA\u00a0 erleben\u00a0 kannst: \u00a0<\/strong><\/p>\n<ul>\n<li>Johan Cruijff ArenA Stadium Tour- Erlebe den besten Fu\u00dfballclub des Landes hautnah<\/li>\n<li>Ajax Museum &#8211; Erfahre alles was es \u00fcber Ajax zu wissen gibt<\/li>\n<li>Fiebere bei einem spannenden Fu\u00dfballmatch mit<\/li>\n<li>Riesige Themenpartys, wie das ADE (Amsterdam Dance Event)<\/li>\n<li>Ajax Experience (im Zentrum von Amsterdam gelegen)<\/li>\n<\/ul>\n<p><strong>Weitere Fakten<br \/>\n<\/strong>Ajax hat eine sehr beeindruckende Geschichte f\u00fcr einen Fu\u00dfballclub eines so kleinen Landes. Zum Beispiel haben sie 2 Mal die Weltmeisterschaft, 4 Mal die UEFA Champions League und einmal die UEFA Europa League gewonnen!<br \/>\nNat\u00fcrlich ist Ajax bekannt f\u00fcr seine Verbindung zu Johan Cruyff. Er hatte seinen Durchbruch bei Ajax und nach seiner Fu\u00dfballkarriere war er lange Zeit ein aktives Mitglied im Vorstand von Ajax. Mehr erf\u00e4hrst du in der Johan Cruijff ArenA Stadium Tour.[\/vc_column_text][button title=&#8220;Kaufe Tickets f\u00fcr die Arena Stadium Tour bei Getyourguide.com&#8220; link=&#8220;https:\/\/thingstodoinamsterdam.com\/ticketlink-arena-gyg-std&#8220; icon=&#8220;fas fa-angle-double-right&#8220; button_align=&#8220;center&#8220; target=&#8220;true&#8220; nofollow=&#8220;true&#8220; el_id=&#8220;1565188709032-12f33bbd-857d&#8220;][vc_video link=&#8220;https:\/\/youtu.be\/MWK3j3vlEeo&#8220; title=&#8220;Drone footage of the Amsterdam ArenA&#8220; css=&#8220;.vc_custom_1470254601773{margin-right: 25px !important;margin-left: 25px !important;}&#8220;][vc_column_text]<\/p>\n<h2><span class=\"ez-toc-section\" id=\"-oeffnungszeiten\"><\/span>\u00a0\u00d6ffnungszeiten<span class=\"ez-toc-section-end\"><\/span><\/h2>\n<p>Die Tour ist an 7 Tagen die Woche verf\u00fcgbar. Von 09:30 Uhr bis 16:30 Uhr starten Touren alle 30 Minuten. Die Tour dauert ca. 75 Minuten.<\/p>\n<p><strong>Achtung:\u00a0<\/strong>Am Wochenende und w\u00e4hren der Schulferien finden nur Self-Guided Touren statt.<\/p>\n<p>F\u00fcr m\u00f6gliche Abweichungen, besuche bitte immer erst die <a href=\"https:\/\/www.johancruijffarena.nl\/en\/stadium-tour\/\" target=\"_blank\" rel=\"noopener noreferrer\">Website der Johan Cruijff ArenA<\/a>, um Entt\u00e4uschungen zu vermeiden.[\/vc_column_text][vc_column_text]<\/p>\n<h2><span class=\"ez-toc-section\" id=\"amsterdam-arena-tour-tickets-preise-und-rabatte\"><\/span>Amsterdam ArenA Tour: Tickets, Preise und Rabatte<span class=\"ez-toc-section-end\"><\/span><\/h2>\n<p>Tickets f\u00fcr die Amsterdam ArenA Tour k\u00f6nnen entweder am Haupteingang oder online erworben werden. Wir empfehlen euch, eure Tickets im Voraus zu bestellen, da die Online-Tickets g\u00fcnstiger sind. Dadurch spart ihr \u20ac 2,- pro Erwachsenen-Ticket und \u20ac 1,50 pro Kinder-Ticket. Denkt daran, dass w\u00e4hrend der nationalen Feiertage die Wartezeit noch l\u00e4nger sein kann.<\/p>\n<p><strong>Hinweis<\/strong>: Barzahlungen werden am Schalter nicht akzeptiert. Ihr m\u00fcsst eure Tickets online oder per Kredit- oder EC-Karte bezahlen.<\/p>\n<h3>Regul\u00e4rer Ticketpreis am Haupteingang<\/h3>\n<table style=\"width: 100%;\">\n<tbody>\n<tr>\n<td>Erwachsene<\/td>\n<td>\u20ac 27,50<\/td>\n<\/tr>\n<tr>\n<td>Kinder (5-12 Jahre)<\/td>\n<td>\u20ac 19,25<\/td>\n<\/tr>\n<\/tbody>\n<\/table>\n<h3>Online-Tickets mit Erm\u00e4\u00dfigung<\/h3>\n<p>Wenn du deine Tickets \u00fcber unsere Ticketpartner bestellst, bekommst du einen attraktiven Rabatt auf jedes Ticket. Wir haben auch regelm\u00e4\u00dfig exklusive Rabatt-Codes, die noch mehr Rabatt gew\u00e4hren. Die Tickets werden dir sofort auf dein Handy geschickt und du brauchst sie vorab nicht auszudrucken. Praktisch, oder?[\/vc_column_text][button title=&#8220;Kaufe Tickets f\u00fcr die Arena Stadium Tour bei Getyourguide.com&#8220; link=&#8220;https:\/\/thingstodoinamsterdam.com\/ticketlink-arena-gyg-std&#8220; icon=&#8220;fas fa-angle-double-right&#8220; button_align=&#8220;center&#8220; target=&#8220;true&#8220; nofollow=&#8220;true&#8220; el_id=&#8220;1677248614642-cfe95cf6-92a4&#8243;][vc_column_text]<\/p>\n<h2><span class=\"ez-toc-section\" id=\"adresse-konaktinfos-und-wegbeschreibung\"><\/span>Adresse, Konaktinfos und Wegbeschreibung<span class=\"ez-toc-section-end\"><\/span><\/h2>\n<p>Die ArenA befindet sich im s\u00fcd\u00f6stlichen Au\u00dfenbezirk von Amsterdam. Es gibt mehrere M\u00f6glichkeiten mit \u00f6ffentlichen Verkehrsmitteln zur ArenA zu gelangen. Wenn du mit dem Auto anreist, kannst du die Autobahn A2 von Amsterdam aus benutzen.<\/p>\n<figure id=\"attachment_1636\" aria-describedby=\"caption-attachment-1636\" style=\"width: 300px\" class=\"wp-caption alignright\"><a href=\"https:\/\/thingstodoinamsterdam.com\/wp-content\/uploads\/2019\/08\/Ajax-logo-Amsterdam-ArenA.jpg\"><img decoding=\"async\" class=\"wp-image-1636 size-medium\" src=\"https:\/\/thingstodoinamsterdam.com\/wp-content\/uploads\/2019\/08\/Ajax-logo-Amsterdam-ArenA-300x200.jpg\" alt=\"Logo von Ajax - Amsterdam ArenA\" width=\"300\" height=\"199\" \/><\/a><figcaption id=\"caption-attachment-1636\" class=\"wp-caption-text\">Johan Cruijff ArenA Stadium Tour &#8211; das Logo des Fu\u00dfballclubs<\/figcaption><\/figure>\n<p><strong>Adresse<br \/>\n<\/strong>Amsterdam ArenA<br \/>\nArenA Boulevard 1<br \/>\n1100 DL Amsterdam<br \/>\n+31 (0)20 311 1333<br \/>\ninfo@amsterdamarena.nl[\/vc_column_text][g_map heading=&#8220;Amsterdam ArenA location&#8220; el_id=&#8220;1565189028456-1cf0e656-beda&#8220;]<iframe style=\"border: 0;\" src=\"https:\/\/www.google.com\/maps\/embed?pb=!1m18!1m12!1m3!1d2439.0897132956216!2d4.939775415657724!3d52.31437455920017!2m3!1f0!2f0!3f0!3m2!1i1024!2i768!4f13.1!3m3!1m2!1s0x47c60b964b718393%3A0x7419d4c50fc7fcc3!2sAmsterdam+ArenA!5e0!3m2!1sen!2snl!4v1469882829965\" width=\"600\" height=\"450\" frameborder=\"0\" allowfullscreen=\"allowfullscreen\"><\/iframe>[\/g_map][vc_column_text]<\/p>\n<h3>\u00d6ffentliche Verkehrsmittel<\/h3>\n<p>Die ArenA befindet sich im S\u00fcdosten von Amsterdam. Je nachdem, von wo aus ihr abreist, gibt es viele M\u00f6glichkeiten, zur Amsterdam ArenA zu gelangen. Du kannst zum Beispiel mit dem Bus, der U-Bahn oder dem Zug fahren.<\/p>\n<p><strong>Von Amsterdam Central Station (Hauptbahnhof)<\/strong><\/p>\n<ul>\n<li style=\"list-style-type: none;\">\n<ul>\n<li style=\"list-style-type: none;\">\n<ul>\n<li>Metro 53, Richtung to Gaasperplas, Haltestelle Van der Maandeweg, umsteigen in die Metro 50 bis zur Haltestelle Bijlmer ArenA<\/li>\n<li>Metro 54, Richtung Gein, Haltestelle Bijlmer ArenA<\/li>\n<li>Zug bis nach Amsterdam Bijlmer ArenA<\/li>\n<\/ul>\n<\/li>\n<\/ul>\n<\/li>\n<\/ul>\n<p>Wenn du dir nicht sicher bist, wie du zur Amsterdam Arena kommst, dann f\u00fcge deinen Standort einfach in das untenstehende Widget ein und schon erf\u00e4hrst du, welche Verbindung die beste f\u00fcr dich ist.<\/p>\n<p><a href=\"http:\/\/9292.nl\/en\/?to=amsterdam_johan-cruijff-arena\"><img decoding=\"async\" class=\"alignnone size-medium wp-image-3080\" src=\"https:\/\/thingstodoinamsterdam.com\/wp-content\/uploads\/2019\/07\/Button-Plan-mijn-OV-reis-EN-300x54.png\" alt=\"\" width=\"300\" height=\"54\" \/><\/a>[\/vc_column_text][vc_column_text]<a href=\"https:\/\/thingstodoinamsterdam.com\/de\/artis-amsterdam-zoo\/\">Artis Zoo<\/a><br \/>\n<a href=\"https:\/\/thingstodoinamsterdam.com\/de\/amsterdam-museen\/korperwelten-amsterdam\/\">K\u00f6rperwelten Amsterdam<\/a><br \/>\n<a href=\"https:\/\/thingstodoinamsterdam.com\/de\/grachtenfahrt-amsterdam\/\">Grachtenfahrt Amsterdam<\/a><br \/>\n<a href=\"https:\/\/thingstodoinamsterdam.com\/de\/amsterdam-museen\/heineken-experience\/\">Heineken Experience<\/a><br \/>\n<a href=\"https:\/\/thingstodoinamsterdam.com\/de\/ice-bar-amsterdam\/\">Ice Bar Amsterdam<\/a><br \/>\n<a href=\"https:\/\/thingstodoinamsterdam.com\/de\/amsterdam-museen\/reichsmuseum-amsterdam\/\">Reichsmuseum<\/a><br \/>\n<a href=\"https:\/\/thingstodoinamsterdam.com\/de\/amsterdam-museen\/stedelijk-museum\/\">Stedelijk Museum<\/a>[\/vc_column_text][\/vc_column][\/vc_row][vc_row][vc_column][reviews heading=&#8220;Bewertungen der Amsterdam ArenA&#8220; description=&#8220;Hast du die Amsterdam Arena schon besucht? Dann lass&#8216; uns wissen, wie es dir gefallen hat und ob du die Tour empfehlen kannst.&#8220; item_name=&#8220;Amsterdam ArenA&#8220; item_image=&#8220;1575&#8243; item_tel=&#8220;+31 (0)20 311 1333&#8243; item_web=&#8220;http:\/\/www.amsterdamarena.nl\/home.htm&#8220; item_address=&#8220;ArenA Boulevard 1&#8243; item_city=&#8220;Amsterdam&#8220; item_postal_code=&#8220;1100 DL&#8220; item_country=&#8220;NL&#8220; el_id=&#8220;1565189133553-e806c760-d753&#8243;][\/reviews][vc_column_text]<strong>Finde weitere <a href=\"https:\/\/thingstodoinamsterdam.com\/de\/\">Erlebnisse und Aktivit\u00e4ten in Amsterdam<\/a>:<\/strong>[\/vc_column_text][\/vc_column][\/vc_row][vc_row][vc_column][promo_block style_var=&#8220;style2&#8243; el_id=&#8220;1565189230427-3dd08e7c-87d3&#8243;][promo link=&#8220;|title:Hotels%20in%20Amsterdam||&#8220; text=&#8220;Finde eine \u00dcbernachtungsm\u00f6glichkeit in einem tollen Hotel in Amsterdam.&#8220; img=&#8220;1975&#8243;][promo link=&#8220;url:https%3A%2F%2Fthingstodoinamsterdam.com%2Fde%2Famsterdam-museen%2Fheineken-experience%2F|title:Heineken%20Experience||&#8220; text=&#8220;Du wolltest schon immer mal alles \u00fcber die weltber\u00fchmte Biermarke wissen? Dann ist das jetzt deine Chance!&#8220; img=&#8220;547&#8243;][promo link=&#8220;url:https%3A%2F%2Fthingstodoinamsterdam.com%2Fde%2Fgrachtenfahrt-amsterdam%2F|title:Grachtenfahrt%20Amsterdam||&#8220; text=&#8220;Eine sch\u00f6nere Art und Weise, die Grachten von Amsterdam zu erleben, gibt es wohl kaum.&#8220; img=&#8220;2579&#8243;][\/promo_block][\/vc_column][\/vc_row]<\/p>\n<\/div>","protected":false},"excerpt":{"rendered":"<p>[vc_row][vc_column][buttonsticky title=&#8220;Kaufe Tickets f\u00fcr die Arena Stadium Tour bei Getyourguide.com&#8220; link=&#8220;https:\/\/thingstodoinamsterdam.com\/ticketlink-arena-gyg-std&#8220; target=&#8220;true&#8220; nofollow=&#8220;true&#8220; el_id=&#8220;1654846815913-d630f606-18fb&#8220;][\/vc_column][\/vc_row][vc_row][vc_column][vc_column_text]Die Johan Cruijff ArenA (f\u00fcr die meisten besser bekannt als Amsterdam ArenA)\u2026<\/p>\n","protected":false},"author":33,"featured_media":0,"parent":2534868,"menu_order":0,"comment_status":"closed","ping_status":"closed","template":"","meta":{"footnotes":""},"class_list":["post-9342","page","type-page","status-publish","hentry"],"yoast_head":"<!-- This site is optimized with the Yoast SEO plugin v27.4 - https:\/\/yoast.com\/product\/yoast-seo-wordpress\/ -->\n<title>Johan Cruijff ArenA Stadium Tour: Preise, Tickets &amp; mehr<\/title>\n<meta name=\"description\" content=\"Bei der Johan Cruijff ArenA Stadium Tour in Amsterdam erf\u00e4hrst du alles \u00fcber den weltber\u00fchmten Fu\u00dfballclub Ajax und erlebst das Stadion hautnah!\" \/>\n<meta name=\"robots\" content=\"index, follow, max-snippet:-1, max-image-preview:large, max-video-preview:-1\" \/>\n<link rel=\"canonical\" href=\"https:\/\/thingstodoinamsterdam.com\/de\/sehenswuerdigkeiten-sightseeing-in-amsterdam\/johan-cruijff-arena-stadium-tour\/\" \/>\n<meta property=\"og:locale\" content=\"de_DE\" \/>\n<meta property=\"og:type\" content=\"article\" \/>\n<meta property=\"og:title\" content=\"Johan Cruijff ArenA Stadium Tour: Preise, Tickets &amp; mehr\" \/>\n<meta property=\"og:description\" content=\"Bei der Johan Cruijff ArenA Stadium Tour in Amsterdam erf\u00e4hrst du alles \u00fcber den weltber\u00fchmten Fu\u00dfballclub Ajax und erlebst das Stadion hautnah!\" \/>\n<meta property=\"og:url\" content=\"https:\/\/thingstodoinamsterdam.com\/de\/sehenswuerdigkeiten-sightseeing-in-amsterdam\/johan-cruijff-arena-stadium-tour\/\" \/>\n<meta property=\"og:site_name\" content=\"ThingstodoinAmsterdam.com\" \/>\n<meta property=\"article:publisher\" content=\"https:\/\/www.facebook.com\/thingstodoinamsterdamcom\" \/>\n<meta property=\"article:modified_time\" content=\"2026-03-10T13:40:52+00:00\" \/>\n<meta property=\"og:image\" content=\"https:\/\/thingstodoinamsterdam.com\/wp-content\/uploads\/2019\/08\/Amsterdam-ArenA-Ajax-300x224-1.jpg\" \/>\n\t<meta property=\"og:image:width\" content=\"300\" \/>\n\t<meta property=\"og:image:height\" content=\"224\" \/>\n\t<meta property=\"og:image:type\" content=\"image\/jpeg\" \/>\n<meta name=\"twitter:card\" content=\"summary_large_image\" \/>\n<meta name=\"twitter:label1\" content=\"Gesch\u00e4tzte Lesezeit\" \/>\n\t<meta name=\"twitter:data1\" content=\"5\u00a0Minuten\" \/>\n<script type=\"application\/ld+json\" class=\"yoast-schema-graph\">{\"@context\":\"https:\\\/\\\/schema.org\",\"@graph\":[{\"@type\":\"WebPage\",\"@id\":\"https:\\\/\\\/thingstodoinamsterdam.com\\\/de\\\/sehenswuerdigkeiten-sightseeing-in-amsterdam\\\/johan-cruijff-arena-stadium-tour\\\/\",\"url\":\"https:\\\/\\\/thingstodoinamsterdam.com\\\/de\\\/sehenswuerdigkeiten-sightseeing-in-amsterdam\\\/johan-cruijff-arena-stadium-tour\\\/\",\"name\":\"Johan Cruijff ArenA Stadium Tour: Preise, Tickets & mehr\",\"isPartOf\":{\"@id\":\"https:\\\/\\\/thingstodoinamsterdam.com\\\/de\\\/#website\"},\"primaryImageOfPage\":{\"@id\":\"https:\\\/\\\/thingstodoinamsterdam.com\\\/de\\\/sehenswuerdigkeiten-sightseeing-in-amsterdam\\\/johan-cruijff-arena-stadium-tour\\\/#primaryimage\"},\"image\":{\"@id\":\"https:\\\/\\\/thingstodoinamsterdam.com\\\/de\\\/sehenswuerdigkeiten-sightseeing-in-amsterdam\\\/johan-cruijff-arena-stadium-tour\\\/#primaryimage\"},\"thumbnailUrl\":\"https:\\\/\\\/thingstodoinamsterdam.com\\\/wp-content\\\/uploads\\\/2019\\\/08\\\/Amsterdam-ArenA-Ajax-300x224-1.jpg\",\"datePublished\":\"2020-06-19T12:19:53+00:00\",\"dateModified\":\"2026-03-10T13:40:52+00:00\",\"description\":\"Bei der Johan Cruijff ArenA Stadium Tour in Amsterdam erf\u00e4hrst du alles \u00fcber den weltber\u00fchmten Fu\u00dfballclub Ajax und erlebst das Stadion hautnah!\",\"breadcrumb\":{\"@id\":\"https:\\\/\\\/thingstodoinamsterdam.com\\\/de\\\/sehenswuerdigkeiten-sightseeing-in-amsterdam\\\/johan-cruijff-arena-stadium-tour\\\/#breadcrumb\"},\"inLanguage\":\"de\",\"potentialAction\":[{\"@type\":\"ReadAction\",\"target\":[\"https:\\\/\\\/thingstodoinamsterdam.com\\\/de\\\/sehenswuerdigkeiten-sightseeing-in-amsterdam\\\/johan-cruijff-arena-stadium-tour\\\/\"]}]},{\"@type\":\"ImageObject\",\"inLanguage\":\"de\",\"@id\":\"https:\\\/\\\/thingstodoinamsterdam.com\\\/de\\\/sehenswuerdigkeiten-sightseeing-in-amsterdam\\\/johan-cruijff-arena-stadium-tour\\\/#primaryimage\",\"url\":\"https:\\\/\\\/thingstodoinamsterdam.com\\\/wp-content\\\/uploads\\\/2019\\\/08\\\/Amsterdam-ArenA-Ajax-300x224-1.jpg\",\"contentUrl\":\"https:\\\/\\\/thingstodoinamsterdam.com\\\/wp-content\\\/uploads\\\/2019\\\/08\\\/Amsterdam-ArenA-Ajax-300x224-1.jpg\"},{\"@type\":\"BreadcrumbList\",\"@id\":\"https:\\\/\\\/thingstodoinamsterdam.com\\\/de\\\/sehenswuerdigkeiten-sightseeing-in-amsterdam\\\/johan-cruijff-arena-stadium-tour\\\/#breadcrumb\",\"itemListElement\":[{\"@type\":\"ListItem\",\"position\":1,\"name\":\"Machen in Amsterdam\",\"item\":\"https:\\\/\\\/thingstodoinamsterdam.com\\\/de\\\/\"},{\"@type\":\"ListItem\",\"position\":2,\"name\":\"Sehensw\u00fcrdigkeiten &amp; Sightseeing in Amsterdam\",\"item\":\"https:\\\/\\\/thingstodoinamsterdam.com\\\/de\\\/sehenswuerdigkeiten-sightseeing-in-amsterdam\\\/\"},{\"@type\":\"ListItem\",\"position\":3,\"name\":\"Johan Cruijff ArenA Stadium Tour\"}]},{\"@type\":\"WebSite\",\"@id\":\"https:\\\/\\\/thingstodoinamsterdam.com\\\/de\\\/#website\",\"url\":\"https:\\\/\\\/thingstodoinamsterdam.com\\\/de\\\/\",\"name\":\"ThingstodoinAmsterdam.com\",\"description\":\"Amsterdam&#039;s highlights and hidden secrets\",\"publisher\":{\"@id\":\"https:\\\/\\\/thingstodoinamsterdam.com\\\/de\\\/#organization\"},\"potentialAction\":[{\"@type\":\"SearchAction\",\"target\":{\"@type\":\"EntryPoint\",\"urlTemplate\":\"https:\\\/\\\/thingstodoinamsterdam.com\\\/de\\\/?s={search_term_string}\"},\"query-input\":{\"@type\":\"PropertyValueSpecification\",\"valueRequired\":true,\"valueName\":\"search_term_string\"}}],\"inLanguage\":\"de\"},{\"@type\":\"Organization\",\"@id\":\"https:\\\/\\\/thingstodoinamsterdam.com\\\/de\\\/#organization\",\"name\":\"Machen in Amsterdam\",\"url\":\"https:\\\/\\\/thingstodoinamsterdam.com\\\/de\\\/\",\"logo\":{\"@type\":\"ImageObject\",\"inLanguage\":\"de\",\"@id\":\"https:\\\/\\\/thingstodoinamsterdam.com\\\/de\\\/#\\\/schema\\\/logo\\\/image\\\/\",\"url\":\"https:\\\/\\\/thingstodoinamsterdam.com\\\/wp-content\\\/uploads\\\/2025\\\/02\\\/ThingsToDoInAmsterdam-Favicon-logo.png\",\"contentUrl\":\"https:\\\/\\\/thingstodoinamsterdam.com\\\/wp-content\\\/uploads\\\/2025\\\/02\\\/ThingsToDoInAmsterdam-Favicon-logo.png\",\"width\":512,\"height\":512,\"caption\":\"Machen in Amsterdam\"},\"image\":{\"@id\":\"https:\\\/\\\/thingstodoinamsterdam.com\\\/de\\\/#\\\/schema\\\/logo\\\/image\\\/\"},\"sameAs\":[\"https:\\\/\\\/www.facebook.com\\\/thingstodoinamsterdamcom\"]}]}<\/script>\n<!-- \/ Yoast SEO plugin. -->","yoast_head_json":{"title":"Johan Cruijff ArenA Stadium Tour: Preise, Tickets & mehr","description":"Bei der Johan Cruijff ArenA Stadium Tour in Amsterdam erf\u00e4hrst du alles \u00fcber den weltber\u00fchmten Fu\u00dfballclub Ajax und erlebst das Stadion hautnah!","robots":{"index":"index","follow":"follow","max-snippet":"max-snippet:-1","max-image-preview":"max-image-preview:large","max-video-preview":"max-video-preview:-1"},"canonical":"https:\/\/thingstodoinamsterdam.com\/de\/sehenswuerdigkeiten-sightseeing-in-amsterdam\/johan-cruijff-arena-stadium-tour\/","og_locale":"de_DE","og_type":"article","og_title":"Johan Cruijff ArenA Stadium Tour: Preise, Tickets & mehr","og_description":"Bei der Johan Cruijff ArenA Stadium Tour in Amsterdam erf\u00e4hrst du alles \u00fcber den weltber\u00fchmten Fu\u00dfballclub Ajax und erlebst das Stadion hautnah!","og_url":"https:\/\/thingstodoinamsterdam.com\/de\/sehenswuerdigkeiten-sightseeing-in-amsterdam\/johan-cruijff-arena-stadium-tour\/","og_site_name":"ThingstodoinAmsterdam.com","article_publisher":"https:\/\/www.facebook.com\/thingstodoinamsterdamcom","article_modified_time":"2026-03-10T13:40:52+00:00","og_image":[{"width":300,"height":224,"url":"https:\/\/thingstodoinamsterdam.com\/wp-content\/uploads\/2019\/08\/Amsterdam-ArenA-Ajax-300x224-1.jpg","type":"image\/jpeg"}],"twitter_card":"summary_large_image","twitter_misc":{"Gesch\u00e4tzte Lesezeit":"5\u00a0Minuten"},"schema":{"@context":"https:\/\/schema.org","@graph":[{"@type":"WebPage","@id":"https:\/\/thingstodoinamsterdam.com\/de\/sehenswuerdigkeiten-sightseeing-in-amsterdam\/johan-cruijff-arena-stadium-tour\/","url":"https:\/\/thingstodoinamsterdam.com\/de\/sehenswuerdigkeiten-sightseeing-in-amsterdam\/johan-cruijff-arena-stadium-tour\/","name":"Johan Cruijff ArenA Stadium Tour: Preise, Tickets & mehr","isPartOf":{"@id":"https:\/\/thingstodoinamsterdam.com\/de\/#website"},"primaryImageOfPage":{"@id":"https:\/\/thingstodoinamsterdam.com\/de\/sehenswuerdigkeiten-sightseeing-in-amsterdam\/johan-cruijff-arena-stadium-tour\/#primaryimage"},"image":{"@id":"https:\/\/thingstodoinamsterdam.com\/de\/sehenswuerdigkeiten-sightseeing-in-amsterdam\/johan-cruijff-arena-stadium-tour\/#primaryimage"},"thumbnailUrl":"https:\/\/thingstodoinamsterdam.com\/wp-content\/uploads\/2019\/08\/Amsterdam-ArenA-Ajax-300x224-1.jpg","datePublished":"2020-06-19T12:19:53+00:00","dateModified":"2026-03-10T13:40:52+00:00","description":"Bei der Johan Cruijff ArenA Stadium Tour in Amsterdam erf\u00e4hrst du alles \u00fcber den weltber\u00fchmten Fu\u00dfballclub Ajax und erlebst das Stadion hautnah!","breadcrumb":{"@id":"https:\/\/thingstodoinamsterdam.com\/de\/sehenswuerdigkeiten-sightseeing-in-amsterdam\/johan-cruijff-arena-stadium-tour\/#breadcrumb"},"inLanguage":"de","potentialAction":[{"@type":"ReadAction","target":["https:\/\/thingstodoinamsterdam.com\/de\/sehenswuerdigkeiten-sightseeing-in-amsterdam\/johan-cruijff-arena-stadium-tour\/"]}]},{"@type":"ImageObject","inLanguage":"de","@id":"https:\/\/thingstodoinamsterdam.com\/de\/sehenswuerdigkeiten-sightseeing-in-amsterdam\/johan-cruijff-arena-stadium-tour\/#primaryimage","url":"https:\/\/thingstodoinamsterdam.com\/wp-content\/uploads\/2019\/08\/Amsterdam-ArenA-Ajax-300x224-1.jpg","contentUrl":"https:\/\/thingstodoinamsterdam.com\/wp-content\/uploads\/2019\/08\/Amsterdam-ArenA-Ajax-300x224-1.jpg"},{"@type":"BreadcrumbList","@id":"https:\/\/thingstodoinamsterdam.com\/de\/sehenswuerdigkeiten-sightseeing-in-amsterdam\/johan-cruijff-arena-stadium-tour\/#breadcrumb","itemListElement":[{"@type":"ListItem","position":1,"name":"Machen in Amsterdam","item":"https:\/\/thingstodoinamsterdam.com\/de\/"},{"@type":"ListItem","position":2,"name":"Sehensw\u00fcrdigkeiten &amp; Sightseeing in Amsterdam","item":"https:\/\/thingstodoinamsterdam.com\/de\/sehenswuerdigkeiten-sightseeing-in-amsterdam\/"},{"@type":"ListItem","position":3,"name":"Johan Cruijff ArenA Stadium Tour"}]},{"@type":"WebSite","@id":"https:\/\/thingstodoinamsterdam.com\/de\/#website","url":"https:\/\/thingstodoinamsterdam.com\/de\/","name":"ThingstodoinAmsterdam.com","description":"Amsterdam&#039;s highlights and hidden secrets","publisher":{"@id":"https:\/\/thingstodoinamsterdam.com\/de\/#organization"},"potentialAction":[{"@type":"SearchAction","target":{"@type":"EntryPoint","urlTemplate":"https:\/\/thingstodoinamsterdam.com\/de\/?s={search_term_string}"},"query-input":{"@type":"PropertyValueSpecification","valueRequired":true,"valueName":"search_term_string"}}],"inLanguage":"de"},{"@type":"Organization","@id":"https:\/\/thingstodoinamsterdam.com\/de\/#organization","name":"Machen in Amsterdam","url":"https:\/\/thingstodoinamsterdam.com\/de\/","logo":{"@type":"ImageObject","inLanguage":"de","@id":"https:\/\/thingstodoinamsterdam.com\/de\/#\/schema\/logo\/image\/","url":"https:\/\/thingstodoinamsterdam.com\/wp-content\/uploads\/2025\/02\/ThingsToDoInAmsterdam-Favicon-logo.png","contentUrl":"https:\/\/thingstodoinamsterdam.com\/wp-content\/uploads\/2025\/02\/ThingsToDoInAmsterdam-Favicon-logo.png","width":512,"height":512,"caption":"Machen in Amsterdam"},"image":{"@id":"https:\/\/thingstodoinamsterdam.com\/de\/#\/schema\/logo\/image\/"},"sameAs":["https:\/\/www.facebook.com\/thingstodoinamsterdamcom"]}]}},"_links":{"self":[{"href":"https:\/\/thingstodoinamsterdam.com\/de\/wp-json\/wp\/v2\/pages\/9342","targetHints":{"allow":["GET"]}}],"collection":[{"href":"https:\/\/thingstodoinamsterdam.com\/de\/wp-json\/wp\/v2\/pages"}],"about":[{"href":"https:\/\/thingstodoinamsterdam.com\/de\/wp-json\/wp\/v2\/types\/page"}],"author":[{"embeddable":true,"href":"https:\/\/thingstodoinamsterdam.com\/de\/wp-json\/wp\/v2\/users\/33"}],"replies":[{"embeddable":true,"href":"https:\/\/thingstodoinamsterdam.com\/de\/wp-json\/wp\/v2\/comments?post=9342"}],"version-history":[{"count":6,"href":"https:\/\/thingstodoinamsterdam.com\/de\/wp-json\/wp\/v2\/pages\/9342\/revisions"}],"predecessor-version":[{"id":2029121,"href":"https:\/\/thingstodoinamsterdam.com\/de\/wp-json\/wp\/v2\/pages\/9342\/revisions\/2029121"}],"up":[{"embeddable":true,"href":"https:\/\/thingstodoinamsterdam.com\/de\/wp-json\/wp\/v2\/pages\/2534868"}],"wp:attachment":[{"href":"https:\/\/thingstodoinamsterdam.com\/de\/wp-json\/wp\/v2\/media?parent=9342"}],"curies":[{"name":"wp","href":"https:\/\/api.w.org\/{rel}","templated":true}]}}