{"id":9352,"date":"2020-06-19T13:29:00","date_gmt":"2020-06-19T12:29:00","guid":{"rendered":"https:\/\/thingstodoinamsterdam.com\/?page_id=9352"},"modified":"2025-09-02T14:21:40","modified_gmt":"2025-09-02T12:21:40","slug":"micropia","status":"publish","type":"page","link":"https:\/\/thingstodoinamsterdam.com\/de\/amsterdam-museen\/micropia\/","title":{"rendered":"Micropia"},"content":{"rendered":"<div class=\"wpb-content-wrapper\"><p>[vc_row][vc_column][vc_column_text]Micropia ist ein preisgekr\u00f6ntes Museum in der N\u00e4he von Amsterdam Oost (\u00f6stlicher Teil der Stadt) als Teil des Artis Zoos. Das 2014 er\u00f6ffnete Micropia ist das einzige Mikroben-Museum seiner Art. Hier wird gezeigt, dass die Milliarden von lebenden Organismen, die \u00fcberall und in allem zu finden sind und als Mikroben bekannt sind, viele Vorteile haben, die das t\u00e4gliche Leben erleichtern.<\/p>\n<p>Die G\u00e4ste des Museums sehen Pflanzen, Tiere und andere Gegenst\u00e4nde des t\u00e4glichen Lebens unter der Linse eines Mikroskops. Das moderne Mikroskop ist an sich eine haupts\u00e4chlich holl\u00e4ndische Erfindung, wobei Antonie van Leeuwenhoek den Entwurf und die Vergr\u00f6\u00dferung verbessert und den Weg f\u00fcr das, was wir heute als Mikrobiologie kennen, geebnet hat.<\/p>\n<p>W\u00e4hrend du dich auf dem Gel\u00e4nde des Museums bewegst, lernst du neue Dinge \u00fcber Wissenschaft, die dein Verst\u00e4ndnis zwischen der Wissenschaft und dem t\u00e4glichen Leben garantiert bereichern werden. Erfahre im Labor mehr \u00fcber Mikroben, Wissenschaft und Biologie sowie \u00fcber Antibiotika.[\/vc_column_text][button title=&#8220;Kaufe Skip-the-Line Tickets f\u00fcr Micropia via Tours-tickets.com&#8220; link=&#8220;https:\/\/thingstodoinamsterdam.com\/ticketlinkde-micropia-tours-std&#8220; icon=&#8220;&#8220; button_align=&#8220;center&#8220; target=&#8220;true&#8220; nofollow=&#8220;true&#8220; el_id=&#8220;1565087001959-1eb87a56-c274&#8243;][vc_video link=&#8220;https:\/\/youtu.be\/mc8rZQRQycE?t=8&#8243; align=&#8220;center&#8220; css=&#8220;.vc_custom_1595674564901{margin-right: 25px !important;margin-left: 25px !important;}&#8220; title=&#8220;Einblick in Micropia&#8220;][vc_column_text]<\/p>\n<h3>\u00d6ffnungszeiten<\/h3>\n<p>Micropia ist jeden Tag ge\u00f6ffnet.<\/p>\n<table style=\"width: 100%;\">\n<tbody>\n<tr>\n<td>Montag, Mittwoch &amp; Sonntag<\/td>\n<td>\u00a09:00 Uhr &#8211; 18:00 Uhr<\/td>\n<\/tr>\n<tr>\n<td>Donnerstag bis Samstag<\/td>\n<td>\u00a09:00 Uhr &#8211; 20:00 Uhr<\/td>\n<\/tr>\n<\/tbody>\n<\/table>\n<p>[\/vc_column_text][vc_column_text]<script type=\"application\/ld+json\"><br \/>\n{<br \/>\n  \"@context\": \"http:\/\/schema.org\/\",<br \/>\n  \"@type\": \"Product\",<br \/>\n  \"name\": \"Micropia entrance ticket\",<br \/>\n  \"image\": \"https:\/\/thingstodoinamsterdam.com\/wp-content\/uploads\/2018\/12\/micropes-at-micropia.jpg\",<br \/>\n  \"description\": \"Micropia museum of microbes entrance tickets\",<br \/>\n  \"offers\": {<br \/>\n    \"@type\": \"Offer\",<br \/>\n    \"priceCurrency\": \"EUR\",<br \/>\n    \"price\": \"16\",<br \/>\n    \"priceValidUntil\": \"2019-12-01\",<br \/>\n    \"availability\": \"http:\/\/schema.org\/LimitedAvailability\",<br \/>\n    \"itemCondition\": \"http:\/\/schema.org\/NewCondition\"<br \/>\n  }<br \/>\n}<br \/>\n<\/script>[\/vc_column_text][vc_column_text]<\/p>\n<h2>Tickets, Preise und Rabatte<\/h2>\n<p>Tickets sind am Eingang von Micropia erh\u00e4ltlich, sowie auf deren Website oder \u00fcber unsere Ticketpartner. Regul\u00e4re Eintrittskarten f\u00fcr Erwachsene kosten \u20ac16,-, Kinder von 3-9 Jahren bezahlen \u20ac14,- und Kleinkinder unter 2 Jahren haben freien Eintritt.<\/p>\n<h3>Regul\u00e4re Ticketpreise<\/h3>\n<table style=\"width: 100%;\">\n<tbody>\n<tr>\n<td><b>Ticket Kategorien<\/b><\/td>\n<td><strong>Micropia<\/strong><\/td>\n<td><strong>Artis Zoo &amp; Micropia<br \/>\n<\/strong><\/td>\n<\/tr>\n<tr>\n<td>Erwachsene (ab 10 Jahren)<\/td>\n<td>\u20ac16,-<\/td>\n<td>\u20ac30,50<\/td>\n<\/tr>\n<tr>\n<td>Kinder (3-9 Jahre)<\/td>\n<td>\u20ac14,-<\/td>\n<td>\u20ac26,50*<\/td>\n<\/tr>\n<tr>\n<td>Kleinkinder* (0-2 Jahre)<\/td>\n<td>kostenlos*<\/td>\n<td>kostenlos*<\/td>\n<\/tr>\n<tr>\n<td>*Das empfohlene Mindestalter f\u00fcr Micropia betr\u00e4gt 8 Jahre<\/td>\n<td><\/td>\n<td><\/td>\n<\/tr>\n<\/tbody>\n<\/table>\n<p>[\/vc_column_text][button title=&#8220;Kaufe Skip-the-Line Tickets f\u00fcr Micropia via Tours-tickets.com&#8220; link=&#8220;https:\/\/thingstodoinamsterdam.com\/ticketlinkde-micropia-tours-std&#8220; icon=&#8220;&#8220; button_align=&#8220;center&#8220; target=&#8220;true&#8220; nofollow=&#8220;true&#8220; el_id=&#8220;1595927580372-7a208a9c-0942&#8243;][vc_column_text]<\/p>\n<h3>Kombiticket ARTIS Zoo &amp; Micropia<\/h3>\n<p>Micropia ist ein unabh\u00e4ngiges Museum rund um (super winzige) Tiere, weshalb es sich im ARTIS Zoo befindet. Wenn du dich f\u00fcr ein Kombiticket f\u00fcr ARTIS und Micropia entscheidest, bekommst du einen Rabatt von 20%. Viele Leute entscheiden sich f\u00fcr das Kombi-Ticket, da die Besucher beide Aktivit\u00e4ten innerhalb eines halben Tages problemlos besuchen k\u00f6nnen. Klicke auf den Button unten, um Tickets \u00fcber Tours &amp; Tickets zu bekommen.[\/vc_column_text][button title=&#8220;Kombiticket Artis &amp; Micropia via Tours-tickets.com&#8220; link=&#8220;https:\/\/thingstodoinamsterdam.com\/ticketlinkde-micropia-tours-combi&#8220; icon=&#8220;&#8220; button_align=&#8220;center&#8220; target=&#8220;true&#8220; nofollow=&#8220;true&#8220; el_id=&#8220;1565087055906-d04ac109-d243&#8243;][vc_column_text]Adresse &amp; Kontaktinformationen<a href=\"https:\/\/thingstodoinamsterdam.com\/wp-content\/uploads\/2019\/08\/micropes-at-micropia.jpg\"><img decoding=\"async\" class=\"alignright wp-image-6339 size-medium\" src=\"https:\/\/thingstodoinamsterdam.com\/wp-content\/uploads\/2019\/08\/micropes-at-micropia-300x169-1.jpg\" alt=\"micropes at micropia\" width=\"300\" height=\"169\" \/><\/a><\/p>\n<p><strong>Adresse<br \/>\n<\/strong>Artisplein<br \/>\nPlantage Kerklaan 38-40<br \/>\nAmsterdam<br \/>\nTel: +31 20 52\u00a033\u00a0671<\/p>\n<div class=\"mceTemp\"><\/div>\n<p>[\/vc_column_text][g_map el_id=&#8220;1565087154444-5750a414-59fa&#8220;]<iframe style=\"border: 0;\" src=\"https:\/\/www.google.com\/maps\/embed?pb=!1m18!1m12!1m3!1d2436.193670874274!2d4.910381951239059!3d52.36690817968628!2m3!1f0!2f0!3f0!3m2!1i1024!2i768!4f13.1!3m3!1m2!1s0x47c609a26c702645%3A0x85e9e582ae50dc6c!2sMicropia!5e0!3m2!1sen!2sus!4v1543461814115\" width=\"600\" height=\"450\" frameborder=\"0\" allowfullscreen=\"allowfullscreen\"><\/iframe>[\/g_map][vc_column_text]<\/p>\n<h3>H\u00e4ufig gestellte Fragen<\/h3>\n<ol>\n<li style=\"list-style-type: none;\">\n<ol>\n<li><strong>Ist das Museum rollstuhlgerecht?<\/strong><br \/>\nJa! Es gibt Aufz\u00fcge und Toiletten, die f\u00fcr Rollstuhlfahrer geeignet sind.<\/li>\n<li><strong>Kann man in der N\u00e4he essen?<\/strong><br \/>\nJa, das ARTIS-Caf\u00e9-Restaurant de Plantage befindet sich in unmittelbarer N\u00e4he des Museums.<\/li>\n<li><strong>Kann ich meine I amsterdam Card f\u00fcr freien Eintritt benutzen?<\/strong><br \/>\nJa! Micropia gew\u00e4hrt mit deiner Karte freien Eintritt.<\/li>\n<\/ol>\n<\/li>\n<\/ol>\n<p>[\/vc_column_text][vc_column_text]<a href=\"https:\/\/thingstodoinamsterdam.com\/de\/amsterdam-museen\/korperwelten-amsterdam\/\">K\u00f6rperwelten Amsterdam<\/a><br \/>\n<a href=\"https:\/\/thingstodoinamsterdam.com\/de\/grachtenfahrt-amsterdam\/\">Grachtenfahrt Amsterdam<\/a><br \/>\n<a href=\"https:\/\/thingstodoinamsterdam.com\/de\/amsterdam-museen\/heineken-experience\/\">Heineken Experience<\/a><br \/>\n<a href=\"https:\/\/thingstodoinamsterdam.com\/de\/ice-bar-amsterdam\/\">Ice Bar Amsterdam<\/a><br \/>\n<a href=\"https:\/\/thingstodoinamsterdam.com\/de\/amsterdam-museen\/nemo-science-museum\/\">NEMO Science Museum<\/a><br \/>\n<a href=\"https:\/\/thingstodoinamsterdam.com\/de\/amsterdam-museen\/reichsmuseum-amsterdam\/\">Reichsmuseum<\/a><br \/>\n<a href=\"https:\/\/thingstodoinamsterdam.com\/de\/amsterdam-museen\/stedelijk-museum\/\">Stedelijk Museum<\/a><br \/>\n<a href=\"https:\/\/thingstodoinamsterdam.com\/de\/amsterdam-museen\/van-gogh-museum\/\">Van Gogh Museum<\/a>[\/vc_column_text][vc_row_inner][vc_column_inner][reviews heading=&#8220;Micropia Erfahrungsberichte&#8220; description=&#8220;Wir sind immer daran interessiert, etwas \u00fcber die Erfahrungen unserer Besucher zu erfahren. Bitte hinterlasse deine Micropia-Bewertung unten und hilf unseren Mitreisenden! Wie fandest du das Museum? W\u00fcrdest du es an Freunde weiterempfehlen? Musstest du lange am Eingang warten? Wir freuen uns auf deine Bewertung.&#8220; item_name=&#8220;Micropia&#8220; item_image=&#8220;1575&#8243; item_tel=&#8220;+31 20 523 3670&#8243; item_web=&#8220;https:\/\/www.micropia.nl\/en\/&#8220; item_address=&#8220;Plantage Kerklaan 38-40&#8243; item_city=&#8220;Amsterdam&#8220; item_postal_code=&#8220;1018 CZ&#8220; item_country=&#8220;NL&#8220; el_id=&#8220;1565087228076-c673ae21-b207&#8243;][\/reviews][vc_column_text]<strong>Sieh dir die untenstehenden Museen an oder gehe zur\u00fcck auf unsere allgemeine <a href=\"https:\/\/thingstodoinamsterdam.com\/de\/amsterdam-museen\/\">Amsterdam Museen <\/a>Seite<\/strong>.[\/vc_column_text][\/vc_column_inner][\/vc_row_inner][\/vc_column][\/vc_row][vc_row][vc_column][promo_block style_var=&#8220;style2&#8243; el_id=&#8220;1565087298437-653801d9-5d12&#8243;][promo link=&#8220;|title:Beste%20Reisezeit||&#8220; text=&#8220;Finde heraus, wann es am besten ist, Amsterdam zu besuchen.&#8220; img=&#8220;1087&#8243;][promo link=&#8220;url:https%3A%2F%2Fthingstodoinamsterdam.com%2Fde%2Famsterdam-museen%2F|title:Museen%20in%20Amsterdam||&#8220; text=&#8220;Entdecke die tollen Museen der Stadt.&#8220; img=&#8220;1089&#8243;][promo link=&#8220;|title:%C3%96ffentliche%20Verkehrsmittel||&#8220; text=&#8220;Die \u00f6ffentlichen Verkehrsmittel geh\u00f6ren zu den am besten organisierten der Welt.&#8220; img=&#8220;1082&#8243;][\/promo_block][\/vc_column][\/vc_row]<\/p>\n<\/div>","protected":false},"excerpt":{"rendered":"<p>[vc_row][vc_column][vc_column_text]Micropia ist ein preisgekr\u00f6ntes Museum in der N\u00e4he von Amsterdam Oost (\u00f6stlicher Teil der Stadt) als Teil des Artis Zoos. Das 2014 er\u00f6ffnete Micropia ist\u2026<\/p>\n","protected":false},"author":33,"featured_media":7760,"parent":8982,"menu_order":0,"comment_status":"closed","ping_status":"closed","template":"","meta":{"footnotes":""},"class_list":["post-9352","page","type-page","status-publish","has-post-thumbnail","hentry"],"yoast_head":"<!-- This site is optimized with the Yoast SEO plugin v27.4 - https:\/\/yoast.com\/product\/yoast-seo-wordpress\/ -->\n<title>Micropia: \u00d6ffnungszeiten, Preise und erm\u00e4\u00dfigte Tickets<\/title>\n<meta name=\"description\" content=\"Micropia Amsterdam: Finde alles \u00fcber die winzigen Mikroben und ihre Funktionen heraus und spare Geld mit tollen Rabattcodes f\u00fcr deine Tickets.\" \/>\n<meta name=\"robots\" content=\"index, follow, max-snippet:-1, max-image-preview:large, max-video-preview:-1\" \/>\n<link rel=\"canonical\" href=\"https:\/\/thingstodoinamsterdam.com\/de\/amsterdam-museen\/micropia\/\" \/>\n<meta property=\"og:locale\" content=\"de_DE\" \/>\n<meta property=\"og:type\" content=\"article\" \/>\n<meta property=\"og:title\" content=\"Micropia: \u00d6ffnungszeiten, Preise und erm\u00e4\u00dfigte Tickets\" \/>\n<meta property=\"og:description\" content=\"Micropia Amsterdam: Finde alles \u00fcber die winzigen Mikroben und ihre Funktionen heraus und spare Geld mit tollen Rabattcodes f\u00fcr deine Tickets.\" \/>\n<meta property=\"og:url\" content=\"https:\/\/thingstodoinamsterdam.com\/de\/amsterdam-museen\/micropia\/\" \/>\n<meta property=\"og:site_name\" content=\"ThingstodoinAmsterdam.com\" \/>\n<meta property=\"article:publisher\" content=\"https:\/\/www.facebook.com\/thingstodoinamsterdamcom\" \/>\n<meta property=\"article:modified_time\" content=\"2025-09-02T12:21:40+00:00\" \/>\n<meta property=\"og:image\" content=\"https:\/\/thingstodoinamsterdam.com\/wp-content\/uploads\/2019\/08\/micropia.jpg\" \/>\n\t<meta property=\"og:image:width\" content=\"1536\" \/>\n\t<meta property=\"og:image:height\" content=\"2048\" \/>\n\t<meta property=\"og:image:type\" content=\"image\/jpeg\" \/>\n<meta name=\"twitter:card\" content=\"summary_large_image\" \/>\n<meta name=\"twitter:label1\" content=\"Gesch\u00e4tzte Lesezeit\" \/>\n\t<meta name=\"twitter:data1\" content=\"3\u00a0Minuten\" \/>\n<script type=\"application\/ld+json\" class=\"yoast-schema-graph\">{\"@context\":\"https:\\\/\\\/schema.org\",\"@graph\":[{\"@type\":\"WebPage\",\"@id\":\"https:\\\/\\\/thingstodoinamsterdam.com\\\/de\\\/amsterdam-museen\\\/micropia\\\/\",\"url\":\"https:\\\/\\\/thingstodoinamsterdam.com\\\/de\\\/amsterdam-museen\\\/micropia\\\/\",\"name\":\"Micropia: \u00d6ffnungszeiten, Preise und erm\u00e4\u00dfigte Tickets\",\"isPartOf\":{\"@id\":\"https:\\\/\\\/thingstodoinamsterdam.com\\\/de\\\/#website\"},\"primaryImageOfPage\":{\"@id\":\"https:\\\/\\\/thingstodoinamsterdam.com\\\/de\\\/amsterdam-museen\\\/micropia\\\/#primaryimage\"},\"image\":{\"@id\":\"https:\\\/\\\/thingstodoinamsterdam.com\\\/de\\\/amsterdam-museen\\\/micropia\\\/#primaryimage\"},\"thumbnailUrl\":\"https:\\\/\\\/thingstodoinamsterdam.com\\\/wp-content\\\/uploads\\\/2019\\\/08\\\/micropia.jpg\",\"datePublished\":\"2020-06-19T12:29:00+00:00\",\"dateModified\":\"2025-09-02T12:21:40+00:00\",\"description\":\"Micropia Amsterdam: Finde alles \u00fcber die winzigen Mikroben und ihre Funktionen heraus und spare Geld mit tollen Rabattcodes f\u00fcr deine Tickets.\",\"breadcrumb\":{\"@id\":\"https:\\\/\\\/thingstodoinamsterdam.com\\\/de\\\/amsterdam-museen\\\/micropia\\\/#breadcrumb\"},\"inLanguage\":\"de\",\"potentialAction\":[{\"@type\":\"ReadAction\",\"target\":[\"https:\\\/\\\/thingstodoinamsterdam.com\\\/de\\\/amsterdam-museen\\\/micropia\\\/\"]}]},{\"@type\":\"ImageObject\",\"inLanguage\":\"de\",\"@id\":\"https:\\\/\\\/thingstodoinamsterdam.com\\\/de\\\/amsterdam-museen\\\/micropia\\\/#primaryimage\",\"url\":\"https:\\\/\\\/thingstodoinamsterdam.com\\\/wp-content\\\/uploads\\\/2019\\\/08\\\/micropia.jpg\",\"contentUrl\":\"https:\\\/\\\/thingstodoinamsterdam.com\\\/wp-content\\\/uploads\\\/2019\\\/08\\\/micropia.jpg\",\"width\":1536,\"height\":2048},{\"@type\":\"BreadcrumbList\",\"@id\":\"https:\\\/\\\/thingstodoinamsterdam.com\\\/de\\\/amsterdam-museen\\\/micropia\\\/#breadcrumb\",\"itemListElement\":[{\"@type\":\"ListItem\",\"position\":1,\"name\":\"Machen in Amsterdam\",\"item\":\"https:\\\/\\\/thingstodoinamsterdam.com\\\/de\\\/\"},{\"@type\":\"ListItem\",\"position\":2,\"name\":\"Amsterdam Museen\",\"item\":\"https:\\\/\\\/thingstodoinamsterdam.com\\\/de\\\/amsterdam-museen\\\/\"},{\"@type\":\"ListItem\",\"position\":3,\"name\":\"Micropia\"}]},{\"@type\":\"WebSite\",\"@id\":\"https:\\\/\\\/thingstodoinamsterdam.com\\\/de\\\/#website\",\"url\":\"https:\\\/\\\/thingstodoinamsterdam.com\\\/de\\\/\",\"name\":\"ThingstodoinAmsterdam.com\",\"description\":\"Amsterdam&#039;s highlights and hidden secrets\",\"publisher\":{\"@id\":\"https:\\\/\\\/thingstodoinamsterdam.com\\\/de\\\/#organization\"},\"potentialAction\":[{\"@type\":\"SearchAction\",\"target\":{\"@type\":\"EntryPoint\",\"urlTemplate\":\"https:\\\/\\\/thingstodoinamsterdam.com\\\/de\\\/?s={search_term_string}\"},\"query-input\":{\"@type\":\"PropertyValueSpecification\",\"valueRequired\":true,\"valueName\":\"search_term_string\"}}],\"inLanguage\":\"de\"},{\"@type\":\"Organization\",\"@id\":\"https:\\\/\\\/thingstodoinamsterdam.com\\\/de\\\/#organization\",\"name\":\"Machen in Amsterdam\",\"url\":\"https:\\\/\\\/thingstodoinamsterdam.com\\\/de\\\/\",\"logo\":{\"@type\":\"ImageObject\",\"inLanguage\":\"de\",\"@id\":\"https:\\\/\\\/thingstodoinamsterdam.com\\\/de\\\/#\\\/schema\\\/logo\\\/image\\\/\",\"url\":\"https:\\\/\\\/thingstodoinamsterdam.com\\\/wp-content\\\/uploads\\\/2025\\\/02\\\/ThingsToDoInAmsterdam-Favicon-logo.png\",\"contentUrl\":\"https:\\\/\\\/thingstodoinamsterdam.com\\\/wp-content\\\/uploads\\\/2025\\\/02\\\/ThingsToDoInAmsterdam-Favicon-logo.png\",\"width\":512,\"height\":512,\"caption\":\"Machen in Amsterdam\"},\"image\":{\"@id\":\"https:\\\/\\\/thingstodoinamsterdam.com\\\/de\\\/#\\\/schema\\\/logo\\\/image\\\/\"},\"sameAs\":[\"https:\\\/\\\/www.facebook.com\\\/thingstodoinamsterdamcom\"]}]}<\/script>\n<!-- \/ Yoast SEO plugin. -->","yoast_head_json":{"title":"Micropia: \u00d6ffnungszeiten, Preise und erm\u00e4\u00dfigte Tickets","description":"Micropia Amsterdam: Finde alles \u00fcber die winzigen Mikroben und ihre Funktionen heraus und spare Geld mit tollen Rabattcodes f\u00fcr deine Tickets.","robots":{"index":"index","follow":"follow","max-snippet":"max-snippet:-1","max-image-preview":"max-image-preview:large","max-video-preview":"max-video-preview:-1"},"canonical":"https:\/\/thingstodoinamsterdam.com\/de\/amsterdam-museen\/micropia\/","og_locale":"de_DE","og_type":"article","og_title":"Micropia: \u00d6ffnungszeiten, Preise und erm\u00e4\u00dfigte Tickets","og_description":"Micropia Amsterdam: Finde alles \u00fcber die winzigen Mikroben und ihre Funktionen heraus und spare Geld mit tollen Rabattcodes f\u00fcr deine Tickets.","og_url":"https:\/\/thingstodoinamsterdam.com\/de\/amsterdam-museen\/micropia\/","og_site_name":"ThingstodoinAmsterdam.com","article_publisher":"https:\/\/www.facebook.com\/thingstodoinamsterdamcom","article_modified_time":"2025-09-02T12:21:40+00:00","og_image":[{"width":1536,"height":2048,"url":"https:\/\/thingstodoinamsterdam.com\/wp-content\/uploads\/2019\/08\/micropia.jpg","type":"image\/jpeg"}],"twitter_card":"summary_large_image","twitter_misc":{"Gesch\u00e4tzte Lesezeit":"3\u00a0Minuten"},"schema":{"@context":"https:\/\/schema.org","@graph":[{"@type":"WebPage","@id":"https:\/\/thingstodoinamsterdam.com\/de\/amsterdam-museen\/micropia\/","url":"https:\/\/thingstodoinamsterdam.com\/de\/amsterdam-museen\/micropia\/","name":"Micropia: \u00d6ffnungszeiten, Preise und erm\u00e4\u00dfigte Tickets","isPartOf":{"@id":"https:\/\/thingstodoinamsterdam.com\/de\/#website"},"primaryImageOfPage":{"@id":"https:\/\/thingstodoinamsterdam.com\/de\/amsterdam-museen\/micropia\/#primaryimage"},"image":{"@id":"https:\/\/thingstodoinamsterdam.com\/de\/amsterdam-museen\/micropia\/#primaryimage"},"thumbnailUrl":"https:\/\/thingstodoinamsterdam.com\/wp-content\/uploads\/2019\/08\/micropia.jpg","datePublished":"2020-06-19T12:29:00+00:00","dateModified":"2025-09-02T12:21:40+00:00","description":"Micropia Amsterdam: Finde alles \u00fcber die winzigen Mikroben und ihre Funktionen heraus und spare Geld mit tollen Rabattcodes f\u00fcr deine Tickets.","breadcrumb":{"@id":"https:\/\/thingstodoinamsterdam.com\/de\/amsterdam-museen\/micropia\/#breadcrumb"},"inLanguage":"de","potentialAction":[{"@type":"ReadAction","target":["https:\/\/thingstodoinamsterdam.com\/de\/amsterdam-museen\/micropia\/"]}]},{"@type":"ImageObject","inLanguage":"de","@id":"https:\/\/thingstodoinamsterdam.com\/de\/amsterdam-museen\/micropia\/#primaryimage","url":"https:\/\/thingstodoinamsterdam.com\/wp-content\/uploads\/2019\/08\/micropia.jpg","contentUrl":"https:\/\/thingstodoinamsterdam.com\/wp-content\/uploads\/2019\/08\/micropia.jpg","width":1536,"height":2048},{"@type":"BreadcrumbList","@id":"https:\/\/thingstodoinamsterdam.com\/de\/amsterdam-museen\/micropia\/#breadcrumb","itemListElement":[{"@type":"ListItem","position":1,"name":"Machen in Amsterdam","item":"https:\/\/thingstodoinamsterdam.com\/de\/"},{"@type":"ListItem","position":2,"name":"Amsterdam Museen","item":"https:\/\/thingstodoinamsterdam.com\/de\/amsterdam-museen\/"},{"@type":"ListItem","position":3,"name":"Micropia"}]},{"@type":"WebSite","@id":"https:\/\/thingstodoinamsterdam.com\/de\/#website","url":"https:\/\/thingstodoinamsterdam.com\/de\/","name":"ThingstodoinAmsterdam.com","description":"Amsterdam&#039;s highlights and hidden secrets","publisher":{"@id":"https:\/\/thingstodoinamsterdam.com\/de\/#organization"},"potentialAction":[{"@type":"SearchAction","target":{"@type":"EntryPoint","urlTemplate":"https:\/\/thingstodoinamsterdam.com\/de\/?s={search_term_string}"},"query-input":{"@type":"PropertyValueSpecification","valueRequired":true,"valueName":"search_term_string"}}],"inLanguage":"de"},{"@type":"Organization","@id":"https:\/\/thingstodoinamsterdam.com\/de\/#organization","name":"Machen in Amsterdam","url":"https:\/\/thingstodoinamsterdam.com\/de\/","logo":{"@type":"ImageObject","inLanguage":"de","@id":"https:\/\/thingstodoinamsterdam.com\/de\/#\/schema\/logo\/image\/","url":"https:\/\/thingstodoinamsterdam.com\/wp-content\/uploads\/2025\/02\/ThingsToDoInAmsterdam-Favicon-logo.png","contentUrl":"https:\/\/thingstodoinamsterdam.com\/wp-content\/uploads\/2025\/02\/ThingsToDoInAmsterdam-Favicon-logo.png","width":512,"height":512,"caption":"Machen in Amsterdam"},"image":{"@id":"https:\/\/thingstodoinamsterdam.com\/de\/#\/schema\/logo\/image\/"},"sameAs":["https:\/\/www.facebook.com\/thingstodoinamsterdamcom"]}]}},"_links":{"self":[{"href":"https:\/\/thingstodoinamsterdam.com\/de\/wp-json\/wp\/v2\/pages\/9352","targetHints":{"allow":["GET"]}}],"collection":[{"href":"https:\/\/thingstodoinamsterdam.com\/de\/wp-json\/wp\/v2\/pages"}],"about":[{"href":"https:\/\/thingstodoinamsterdam.com\/de\/wp-json\/wp\/v2\/types\/page"}],"author":[{"embeddable":true,"href":"https:\/\/thingstodoinamsterdam.com\/de\/wp-json\/wp\/v2\/users\/33"}],"replies":[{"embeddable":true,"href":"https:\/\/thingstodoinamsterdam.com\/de\/wp-json\/wp\/v2\/comments?post=9352"}],"version-history":[{"count":5,"href":"https:\/\/thingstodoinamsterdam.com\/de\/wp-json\/wp\/v2\/pages\/9352\/revisions"}],"predecessor-version":[{"id":2028942,"href":"https:\/\/thingstodoinamsterdam.com\/de\/wp-json\/wp\/v2\/pages\/9352\/revisions\/2028942"}],"up":[{"embeddable":true,"href":"https:\/\/thingstodoinamsterdam.com\/de\/wp-json\/wp\/v2\/pages\/8982"}],"wp:featuredmedia":[{"embeddable":true,"href":"https:\/\/thingstodoinamsterdam.com\/de\/wp-json\/wp\/v2\/media\/7760"}],"wp:attachment":[{"href":"https:\/\/thingstodoinamsterdam.com\/de\/wp-json\/wp\/v2\/media?parent=9352"}],"curies":[{"name":"wp","href":"https:\/\/api.w.org\/{rel}","templated":true}]}}