{"id":9728,"date":"2020-07-28T11:52:55","date_gmt":"2020-07-28T10:52:55","guid":{"rendered":"https:\/\/thingstodoinamsterdam.com\/?page_id=9728"},"modified":"2025-09-02T15:06:04","modified_gmt":"2025-09-02T13:06:04","slug":"moco-museum","status":"publish","type":"page","link":"https:\/\/thingstodoinamsterdam.com\/de\/amsterdam-museen\/moco-museum\/","title":{"rendered":"Moco Museum"},"content":{"rendered":"<div class=\"wpb-content-wrapper\"><p>[vc_row][vc_column][vc_column_text]<span style=\"font-weight: 400;\"><img decoding=\"async\" class=\"alignright wp-image-4798 size-medium\" src=\"https:\/\/thingstodoinamsterdam.com\/wp-content\/uploads\/2019\/08\/mocosignEDIT-240x300.jpg\" alt=\"Moco Museum\" width=\"240\" height=\"300\" \/>Das Moco Museum (Modern Contemporary Museum) in Amsterdam beherbergt eine Sammlung von Werken unvergleichlicher K\u00fcnstler der zeitgen\u00f6ssischen Kunst. Die Galerie befindet sich auf drei Stockwerken direkt am Museumplein. Das 1904 erbaute Alsberger Stadthaus, in dem sich das Museum befindet, bildet eine sch\u00f6ne Kulisse f\u00fcr die Kunst, die es ausstellt.<br \/>\n<\/span><\/p><div id=\"ez-toc-container\" class=\"ez-toc-v2_0_82_2 counter-hierarchy ez-toc-counter ez-toc-custom ez-toc-container-direction\">\n<div class=\"ez-toc-title-container\">\n<span class=\"ez-toc-title-toggle\"><a href=\"#\" class=\"ez-toc-pull-right ez-toc-btn ez-toc-btn-xs ez-toc-btn-default ez-toc-toggle\" aria-label=\"Toggle Table of Content\"><span class=\"ez-toc-js-icon-con\"><span class=\"\"><span class=\"eztoc-hide\" style=\"display:none;\">Toggle<\/span><span class=\"ez-toc-icon-toggle-span\"><svg style=\"fill: #999;color:#999\" xmlns=\"http:\/\/www.w3.org\/2000\/svg\" class=\"list-377408\" width=\"20px\" height=\"20px\" viewBox=\"0 0 24 24\" fill=\"none\"><path d=\"M6 6H4v2h2V6zm14 0H8v2h12V6zM4 11h2v2H4v-2zm16 0H8v2h12v-2zM4 16h2v2H4v-2zm16 0H8v2h12v-2z\" fill=\"currentColor\"><\/path><\/svg><svg style=\"fill: #999;color:#999\" class=\"arrow-unsorted-368013\" xmlns=\"http:\/\/www.w3.org\/2000\/svg\" width=\"10px\" height=\"10px\" viewBox=\"0 0 24 24\" version=\"1.2\" baseProfile=\"tiny\"><path d=\"M18.2 9.3l-6.2-6.3-6.2 6.3c-.2.2-.3.4-.3.7s.1.5.3.7c.2.2.4.3.7.3h11c.3 0 .5-.1.7-.3.2-.2.3-.5.3-.7s-.1-.5-.3-.7zM5.8 14.7l6.2 6.3 6.2-6.3c.2-.2.3-.5.3-.7s-.1-.5-.3-.7c-.2-.2-.4-.3-.7-.3h-11c-.3 0-.5.1-.7.3-.2.2-.3.5-.3.7s.1.5.3.7z\"\/><\/svg><\/span><\/span><\/span><\/a><\/span><\/div>\n<nav><ul class='ez-toc-list ez-toc-list-level-1 ' ><li class='ez-toc-page-1 ez-toc-heading-level-2'><a class=\"ez-toc-link ez-toc-heading-1\" href=\"https:\/\/thingstodoinamsterdam.com\/de\/amsterdam-museen\/moco-museum\/#moco-museum-oeffnungszeiten\" >Moco Museum \u00d6ffnungszeiten<\/a><\/li><li class='ez-toc-page-1 ez-toc-heading-level-2'><a class=\"ez-toc-link ez-toc-heading-2\" href=\"https:\/\/thingstodoinamsterdam.com\/de\/amsterdam-museen\/moco-museum\/#moco-museum-tickets-preise-und-rabatte\" >Moco Museum: Tickets, Preise und Rabatte<\/a><\/li><li class='ez-toc-page-1 ez-toc-heading-level-2'><a class=\"ez-toc-link ez-toc-heading-3\" href=\"https:\/\/thingstodoinamsterdam.com\/de\/amsterdam-museen\/moco-museum\/#haeufig-gestellte-fragen\" >H\u00e4ufig gestellte Fragen<\/a><\/li><li class='ez-toc-page-1 ez-toc-heading-level-2'><a class=\"ez-toc-link ez-toc-heading-4\" href=\"https:\/\/thingstodoinamsterdam.com\/de\/amsterdam-museen\/moco-museum\/#anfahrt-mit-den-oeffentlichen-verkehrsmitteln\" >Anfahrt mit den \u00f6ffentlichen Verkehrsmitteln<\/a><\/li><li class='ez-toc-page-1 ez-toc-heading-level-2'><a class=\"ez-toc-link ez-toc-heading-5\" href=\"https:\/\/thingstodoinamsterdam.com\/de\/amsterdam-museen\/moco-museum\/#adresse-und-kontaktinformationen\" >Adresse und Kontaktinformationen<\/a><\/li><\/ul><\/nav><\/div>\n\n<p><em>Hinweis: Es kann sein, dass einige der Ausstellungen auf dieser Seite m\u00f6glicherweise nicht mehr aktuell sind. Wenn du einen Besuch planst, dann informiere dich auch immer auf der Website des Museums.<\/em><\/p>\n<h3><span style=\"font-weight: 400;\">Banksy &#8211; Laugh Now (Tempor\u00e4re Ausstellung)<\/span><\/h3>\n<p>Das Moco Museum ist stolz darauf, eine der gr\u00f6\u00dften Sammlungen von Banksy&#8217;s Kunstwerken auszustellen. Mit \u00fcber 90 Originalst\u00fccken gibt es f\u00fcr Besucher viel zu entdecken. Banksy begann seine Karriere als Stra\u00dfenk\u00fcnstler, dessen Faszination neben seines Talents auch davon ausgeht, dass die Person hinter Banksy ein Mysterium darstellt. Seit seinen Anf\u00e4ngen auf den Stra\u00dfen Londons in den 1990er Jahren hat Banksy seitdem bahnbrechende und inspirierende Kunst in Form von Skulpturen und politischen Werken geschaffen. Seine Arbeiten sind unter den Mainstream-Medien so popul\u00e4r geworden, dass die Chancen hoch sind, dass Besucher die Kunstwerke irgendwo schon gesehen haben. Im Moco Museum kannst du Banksy&#8217;s Leinwandarbeiten, Skulpturen und sogar Graffitikunstwerke, die aus abgerissenen Geb\u00e4uden gerettet wurden, bestaunen.[\/vc_column_text][button title=&#8220;Erm\u00e4\u00dfigte Skip-the-Line-Tickets f\u00fcr das Moco Museum via Tours-tickets.com&#8220; link=&#8220;https:\/\/thingstodoinamsterdam.com\/ticketlinkde-moco-tours-std&#8220; icon=&#8220;&#8220; button_align=&#8220;center&#8220; target=&#8220;true&#8220; nofollow=&#8220;true&#8220; el_id=&#8220;1565087878677-37812712-b245&#8243;][vc_column_text]<\/p>\n<h3><span style=\"font-weight: 400;\">Moco Masters (Dauerausstellung):<\/span><\/h3>\n<p><span style=\"font-weight: 400;\">This permanent collection to the museum showcases the talent of the leading artists of the 20th century. Shown here are the creations of Andy Warhol, Jeff Koons, Keith Haring, among other influential artists. The collection pieces together current brands to show the artists&#8216; relevance in today&#8217;s society, proving that they are truly the masters of modern art.\u00a0<\/span><\/p>\n<h3><span style=\"font-weight: 400;\">Daniel Arsham &#8211; Amethyst Ball Cavern (2020):<\/span><\/h3>\n<p>Der in New York lebende K\u00fcnstler Daniel Arsham kehrt nach seiner Ausstellung &#8222;Connecting Time&#8220; aus dem Jahr 2019 ins Moco Museum zur\u00fcck. Arshams liefert Betrachtern durch die Verwendung von Architektur, Film und Skulptur anregende Denkanst\u00f6sse. Die wechselnden Realit\u00e4ten und vielleicht auch die bewusstseinsver\u00e4ndernden Anblicke erlauben Besuchern einen Einblick in den Geist des K\u00fcnstlers. Die aktuelle Installation ist ein Raum mit umlaufenden violetten, fluoreszierenden Skulpturen.[\/vc_column_text][vc_column_text]<\/p>\n<h2><span class=\"ez-toc-section\" id=\"moco-museum-oeffnungszeiten\"><\/span>Moco Museum \u00d6ffnungszeiten<span class=\"ez-toc-section-end\"><\/span><\/h2>\n<p>Das Museum hat das ganze Jahr \u00fcber ge\u00f6ffnet.<\/p>\n<table style=\"width: 483px; height: 64px;\">\n<tbody>\n<tr>\n<td>Regul\u00e4r<\/td>\n<td>10:00 &#8211; 18:00<\/td>\n<\/tr>\n<tr>\n<td>April &#8211; Oktober, Freitags &amp; Samstags<\/td>\n<td>10:00 &#8211; 19:00<\/td>\n<\/tr>\n<tr>\n<td>Juli- August<\/td>\n<td>\u00a09:00 &#8211; 19:00<\/td>\n<\/tr>\n<\/tbody>\n<\/table>\n<p>[\/vc_column_text][vc_column_text]<\/p>\n<h2><span class=\"ez-toc-section\" id=\"moco-museum-tickets-preise-und-rabatte\"><\/span>Moco Museum: Tickets, Preise und Rabatte<span class=\"ez-toc-section-end\"><\/span><\/h2>\n<p>Tickets sind am Eingang des Museums oder online erh\u00e4ltlich. Der regul\u00e4re Eintrittspreis f\u00fcr Erwachsene betr\u00e4gt 19,50 \u20ac. F\u00fcr Studenten und Besitzer der I Amsterdam Card gibt es erm\u00e4\u00dfigte Eintrittskarten f\u00fcr 16,50 \u20ac. Keine Lust auf Schlangestehen? Dann kauf dir dein Ticket vorab schon online. Damit sparst du nicht nur Zeit, sondern auch Geld!<\/p>\n<h3>Regul\u00e4re Eintrittspreise<\/h3>\n<table style=\"width: 100%;\">\n<tbody>\n<tr>\n<td>Erwachsene<\/td>\n<td><span style=\"font-family: Verdana, Geneva, sans-serif;\">\u20ac<\/span>19,50<\/td>\n<\/tr>\n<tr>\n<td>Studenten<\/td>\n<td>\u20ac16,50<\/td>\n<\/tr>\n<tr>\n<td>13-17 Jahre alt<\/td>\n<td>\u20ac16,50<\/td>\n<\/tr>\n<tr>\n<td>Unter 13 Jahre<\/td>\n<td>Kostenlos<\/td>\n<\/tr>\n<\/tbody>\n<\/table>\n<h3>Erm\u00e4\u00dfigte Online-Tickets<\/h3>\n<p>[\/vc_column_text][button title=&#8220;Erm\u00e4\u00dfigte Skip-the-Line-Tickets f\u00fcr das Moco Museum via Tours-tickets.com&#8220; link=&#8220;https:\/\/thingstodoinamsterdam.com\/ticketlinkde-moco-tours-std&#8220; icon=&#8220;&#8220; button_align=&#8220;center&#8220; target=&#8220;true&#8220; nofollow=&#8220;true&#8220; el_id=&#8220;1598613802524-c492eddc-c1a3&#8243;][vc_column_text]<\/p>\n<p style=\"text-align: center;\">\u2013 Make sure to redeem our exclusive <a href=\"https:\/\/thingstodoinamsterdam.com\/de\/about\/tours-tickets-amsterdam\/\">Tours &amp; Tickets<\/a> discount code\u00a0<mark><strong>\u2018THINGSTODO10<\/strong>\u2018 to get 10%<\/mark>\u00a0discount \u2013<\/p>\n<p>[\/vc_column_text][vc_column_text]<\/p>\n<h2><span class=\"ez-toc-section\" id=\"haeufig-gestellte-fragen\"><\/span>H\u00e4ufig gestellte Fragen<span class=\"ez-toc-section-end\"><\/span><\/h2>\n<ol>\n<li><strong>Gibt es eine Warteschlange vor dem Einlass?<br \/>\n<\/strong>Meistens ja, vor allem zu bestimmten Zeiten, wie etwa am Wochenende.<\/li>\n<li><strong>Ist das Museum barrierefrei?<br \/>\n<\/strong>Leider nicht. Das Museum befindet sich in einem alten Geb\u00e4ude mit steilen Treppen und ohne Aufzug.<\/li>\n<li><strong>Kann ich mit meiner I Amsterdam Card gratis ins Museum?<br \/>\n<\/strong>Ja! Das Moco Museum kannst du umsonst mit deiner I Amsterdam Card besuchen.<\/li>\n<li><strong>Gibt es Schlie\u00dff\u00e4cher?<br \/>\n<\/strong>Leider nicht.<\/li>\n<\/ol>\n<p>[\/vc_column_text][vc_column_text]<\/p>\n<h2><span class=\"ez-toc-section\" id=\"anfahrt-mit-den-oeffentlichen-verkehrsmitteln\"><\/span>Anfahrt mit den \u00f6ffentlichen Verkehrsmitteln<span class=\"ez-toc-section-end\"><\/span><\/h2>\n<p>Das Moco Museum befindet sich auf dem Museumplein, in unmittelbarer N\u00e4he des <a href=\"https:\/\/thingstodoinamsterdam.com\/de\/amsterdam-museen\/van-gogh-museum\/\">Van Gogh Museums<\/a>, des <a href=\"https:\/\/thingstodoinamsterdam.com\/de\/amsterdam-museen\/stedelijk-museum\/\">Stedelijk Museums<\/a> und des <a href=\"https:\/\/thingstodoinamsterdam.com\/de\/amsterdam-museen\/reichsmuseum-amsterdam\/\">Reichsmuseums<\/a>.<\/p>\n<p><strong>Diese Stra\u00dfenbahnen halten am Museumplein:<\/strong><\/p>\n<p>Stra\u00dfenbahn 3<\/p>\n<p>Stra\u00dfenbahn 5<\/p>\n<p>Stra\u00dfenbahn 12<\/p>\n<p>Nicht sicher, wie du von deinem Standort zum Museumplein kommst? Nutze das untenstehende Widget und du erh\u00e4ltst die schnellste Verbindung.<\/p>\n<p><a href=\"https:\/\/9292.nl\/en\/?to=amsterdam_moco-museum\"><img decoding=\"async\" class=\"alignnone wp-image-3080 size-medium\" src=\"https:\/\/thingstodoinamsterdam.com\/wp-content\/uploads\/2019\/07\/Button-Plan-mijn-OV-reis-EN-300x54.png\" alt=\"ov button Ice bar\" width=\"300\" height=\"54\" \/><\/a>[\/vc_column_text][vc_column_text]<\/p>\n<h2><span class=\"ez-toc-section\" id=\"adresse-und-kontaktinformationen\"><\/span>Adresse und Kontaktinformationen <img decoding=\"async\" class=\"size-medium wp-image-4796 alignright\" src=\"https:\/\/thingstodoinamsterdam.com\/wp-content\/uploads\/2019\/08\/mocoedit-300x224.jpg\" alt=\"moco museum banksy amsterdam\" width=\"300\" height=\"224\" \/><span class=\"ez-toc-section-end\"><\/span><\/h2>\n<p>Das Moco Museum befindet sich in einem gro\u00dfen, malerischen Stadthaus am Museumplein, zwischen dem Rijksmuseum und dem Van Gogh-Museum.<\/p>\n<h4>Adresse<\/h4>\n<p>Moco Museum<br \/>\nHonthorststraat 20<br \/>\n1071 DE Amsterdam<br \/>\nE-Mail: hello@mocomuseum.com<br \/>\nTel:+31 (0)203701997<br \/>\n<a href=\"https:\/\/mocomuseum.com\">https:\/\/www.mocomuseum.com<\/a>[\/vc_column_text][g_map heading=&#8220;Moco Museum&#8220; el_id=&#8220;1565088135179-87c8400b-b349&#8243;]<iframe style=\"border: 0;\" src=\"https:\/\/www.google.com\/maps\/embed?pb=!1m18!1m12!1m3!1d2436.645581712877!2d4.879707851089238!3d52.358713055823145!2m3!1f0!2f0!3f0!3m2!1i1024!2i768!4f13.1!3m3!1m2!1s0x47c609efa37f3c45%3A0x9cab82c5051ab028!2sMoco+Museum!5e0!3m2!1sen!2sus!4v1524618842032\" width=\"600\" height=\"450\" frameborder=\"0\" allowfullscreen=\"allowfullscreen\"><\/iframe>[\/g_map][\/vc_column][\/vc_row][vc_row][vc_column][reviews heading=&#8220;Bewertungen&#8220; description=&#8220;Hast du schon das Moco Musem besucht? Dann freuen wir uns auf deine Bewertung!&#8220; item_name=&#8220;Moco Museum&#8220; item_image=&#8220;1575&#8243; item_tel=&#8220;+31 (0)203701997&#8243; item_web=&#8220;https:\/\/mocomuseum.com&#8220; item_address=&#8220;Honthorststraat 20&#8243; item_city=&#8220;Amsterdam&#8220; item_postal_code=&#8220;1071 DE&#8220; item_country=&#8220;NLD&#8220; el_id=&#8220;1565088147939-6f253160-e844&#8243;][\/reviews][vc_column_text]<b>Sieh dir die folgenden Museen an oder gehe zur\u00fcck auf die <a href=\"https:\/\/thingstodoinamsterdam.com\/de\/amsterdam-museen\/\">allgemeine Amsterdam-Museen-Seite<\/a>.\u00a0<\/b>[\/vc_column_text][\/vc_column][\/vc_row][vc_row][vc_column][promo_block style_var=&#8220;style2&#8243; el_id=&#8220;1565088209077-11a0a0b0-1246&#8243;][promo link=&#8220;url:https%3A%2F%2Fthingstodoinamsterdam.com%2Fde%2Famsterdam-museen%2Freichsmuseum-amsterdam%2F|title:Reichsmuseum||&#8220; text=&#8220;Tauche ein in die Geschichte und Kunst des weltber\u00fchmten Reichsmuseum.&#8220; img=&#8220;1089&#8243;][promo link=&#8220;url:https%3A%2F%2Fthingstodoinamsterdam.com%2Fde%2Famsterdam-museen%2Fvan-gogh-museum%2F|title:Van%20Gogh%20Museum||&#8220; text=&#8220;Bewundere die Kunst von Van Gogh und lerne mehr \u00fcber sein Leben.&#8220; img=&#8220;591&#8243;][promo link=&#8220;|title:Madame%20Tussauds||&#8220; text=&#8220;Promis hautnah! Schie\u00dfe jetzt ein Selfie mit deinem Liebslingsstar!&#8220; img=&#8220;632&#8243;][\/promo_block][\/vc_column][\/vc_row]<\/p>\n<\/div>","protected":false},"excerpt":{"rendered":"<p>[vc_row][vc_column][vc_column_text]Das Moco Museum (Modern Contemporary Museum) in Amsterdam beherbergt eine Sammlung von Werken unvergleichlicher K\u00fcnstler der zeitgen\u00f6ssischen Kunst. Die Galerie befindet sich auf drei Stockwerken\u2026<\/p>\n","protected":false},"author":33,"featured_media":7764,"parent":8982,"menu_order":0,"comment_status":"closed","ping_status":"closed","template":"","meta":{"footnotes":""},"class_list":["post-9728","page","type-page","status-publish","has-post-thumbnail","hentry"],"yoast_head":"<!-- This site is optimized with the Yoast SEO plugin v27.4 - https:\/\/yoast.com\/product\/yoast-seo-wordpress\/ -->\n<title>Moco Museum in Amsterdam: Preise, Tickets und Rabatte<\/title>\n<meta name=\"description\" content=\"Im Moco Museum in Amsterdam dreht sich alles um zeitgen\u00f6ssische Kunst. Erlebe einzigartige Installationen und moderne Skulpturen rund um aktuelle Themen.\" \/>\n<meta name=\"robots\" content=\"index, follow, max-snippet:-1, max-image-preview:large, max-video-preview:-1\" \/>\n<link rel=\"canonical\" href=\"https:\/\/thingstodoinamsterdam.com\/de\/amsterdam-museen\/moco-museum\/\" \/>\n<meta property=\"og:locale\" content=\"de_DE\" \/>\n<meta property=\"og:type\" content=\"article\" \/>\n<meta property=\"og:title\" content=\"Moco Museum in Amsterdam: Preise, Tickets und Rabatte\" \/>\n<meta property=\"og:description\" content=\"Im Moco Museum in Amsterdam dreht sich alles um zeitgen\u00f6ssische Kunst. Erlebe einzigartige Installationen und moderne Skulpturen rund um aktuelle Themen.\" \/>\n<meta property=\"og:url\" content=\"https:\/\/thingstodoinamsterdam.com\/de\/amsterdam-museen\/moco-museum\/\" \/>\n<meta property=\"og:site_name\" content=\"ThingstodoinAmsterdam.com\" \/>\n<meta property=\"article:publisher\" content=\"https:\/\/www.facebook.com\/thingstodoinamsterdamcom\" \/>\n<meta property=\"article:modified_time\" content=\"2025-09-02T13:06:04+00:00\" \/>\n<meta property=\"og:image\" content=\"https:\/\/thingstodoinamsterdam.com\/wp-content\/uploads\/2019\/08\/mocosignEDIT-240x300.jpg\" \/>\n\t<meta property=\"og:image:width\" content=\"240\" \/>\n\t<meta property=\"og:image:height\" content=\"300\" \/>\n\t<meta property=\"og:image:type\" content=\"image\/jpeg\" \/>\n<meta name=\"twitter:card\" content=\"summary_large_image\" \/>\n<meta name=\"twitter:label1\" content=\"Gesch\u00e4tzte Lesezeit\" \/>\n\t<meta name=\"twitter:data1\" content=\"5\u00a0Minuten\" \/>\n<script type=\"application\/ld+json\" class=\"yoast-schema-graph\">{\"@context\":\"https:\\\/\\\/schema.org\",\"@graph\":[{\"@type\":\"WebPage\",\"@id\":\"https:\\\/\\\/thingstodoinamsterdam.com\\\/de\\\/amsterdam-museen\\\/moco-museum\\\/\",\"url\":\"https:\\\/\\\/thingstodoinamsterdam.com\\\/de\\\/amsterdam-museen\\\/moco-museum\\\/\",\"name\":\"Moco Museum in Amsterdam: Preise, Tickets und Rabatte\",\"isPartOf\":{\"@id\":\"https:\\\/\\\/thingstodoinamsterdam.com\\\/de\\\/#website\"},\"primaryImageOfPage\":{\"@id\":\"https:\\\/\\\/thingstodoinamsterdam.com\\\/de\\\/amsterdam-museen\\\/moco-museum\\\/#primaryimage\"},\"image\":{\"@id\":\"https:\\\/\\\/thingstodoinamsterdam.com\\\/de\\\/amsterdam-museen\\\/moco-museum\\\/#primaryimage\"},\"thumbnailUrl\":\"https:\\\/\\\/thingstodoinamsterdam.com\\\/wp-content\\\/uploads\\\/2019\\\/08\\\/mocosignEDIT-240x300.jpg\",\"datePublished\":\"2020-07-28T10:52:55+00:00\",\"dateModified\":\"2025-09-02T13:06:04+00:00\",\"description\":\"Im Moco Museum in Amsterdam dreht sich alles um zeitgen\u00f6ssische Kunst. Erlebe einzigartige Installationen und moderne Skulpturen rund um aktuelle Themen.\",\"breadcrumb\":{\"@id\":\"https:\\\/\\\/thingstodoinamsterdam.com\\\/de\\\/amsterdam-museen\\\/moco-museum\\\/#breadcrumb\"},\"inLanguage\":\"de\",\"potentialAction\":[{\"@type\":\"ReadAction\",\"target\":[\"https:\\\/\\\/thingstodoinamsterdam.com\\\/de\\\/amsterdam-museen\\\/moco-museum\\\/\"]}]},{\"@type\":\"ImageObject\",\"inLanguage\":\"de\",\"@id\":\"https:\\\/\\\/thingstodoinamsterdam.com\\\/de\\\/amsterdam-museen\\\/moco-museum\\\/#primaryimage\",\"url\":\"https:\\\/\\\/thingstodoinamsterdam.com\\\/wp-content\\\/uploads\\\/2019\\\/08\\\/mocosignEDIT-240x300.jpg\",\"contentUrl\":\"https:\\\/\\\/thingstodoinamsterdam.com\\\/wp-content\\\/uploads\\\/2019\\\/08\\\/mocosignEDIT-240x300.jpg\",\"width\":240,\"height\":300,\"caption\":\"moco museum amsterdam\"},{\"@type\":\"BreadcrumbList\",\"@id\":\"https:\\\/\\\/thingstodoinamsterdam.com\\\/de\\\/amsterdam-museen\\\/moco-museum\\\/#breadcrumb\",\"itemListElement\":[{\"@type\":\"ListItem\",\"position\":1,\"name\":\"Machen in Amsterdam\",\"item\":\"https:\\\/\\\/thingstodoinamsterdam.com\\\/de\\\/\"},{\"@type\":\"ListItem\",\"position\":2,\"name\":\"Amsterdam Museen\",\"item\":\"https:\\\/\\\/thingstodoinamsterdam.com\\\/de\\\/amsterdam-museen\\\/\"},{\"@type\":\"ListItem\",\"position\":3,\"name\":\"Moco Museum\"}]},{\"@type\":\"WebSite\",\"@id\":\"https:\\\/\\\/thingstodoinamsterdam.com\\\/de\\\/#website\",\"url\":\"https:\\\/\\\/thingstodoinamsterdam.com\\\/de\\\/\",\"name\":\"ThingstodoinAmsterdam.com\",\"description\":\"Amsterdam&#039;s highlights and hidden secrets\",\"publisher\":{\"@id\":\"https:\\\/\\\/thingstodoinamsterdam.com\\\/de\\\/#organization\"},\"potentialAction\":[{\"@type\":\"SearchAction\",\"target\":{\"@type\":\"EntryPoint\",\"urlTemplate\":\"https:\\\/\\\/thingstodoinamsterdam.com\\\/de\\\/?s={search_term_string}\"},\"query-input\":{\"@type\":\"PropertyValueSpecification\",\"valueRequired\":true,\"valueName\":\"search_term_string\"}}],\"inLanguage\":\"de\"},{\"@type\":\"Organization\",\"@id\":\"https:\\\/\\\/thingstodoinamsterdam.com\\\/de\\\/#organization\",\"name\":\"Machen in Amsterdam\",\"url\":\"https:\\\/\\\/thingstodoinamsterdam.com\\\/de\\\/\",\"logo\":{\"@type\":\"ImageObject\",\"inLanguage\":\"de\",\"@id\":\"https:\\\/\\\/thingstodoinamsterdam.com\\\/de\\\/#\\\/schema\\\/logo\\\/image\\\/\",\"url\":\"https:\\\/\\\/thingstodoinamsterdam.com\\\/wp-content\\\/uploads\\\/2025\\\/02\\\/ThingsToDoInAmsterdam-Favicon-logo.png\",\"contentUrl\":\"https:\\\/\\\/thingstodoinamsterdam.com\\\/wp-content\\\/uploads\\\/2025\\\/02\\\/ThingsToDoInAmsterdam-Favicon-logo.png\",\"width\":512,\"height\":512,\"caption\":\"Machen in Amsterdam\"},\"image\":{\"@id\":\"https:\\\/\\\/thingstodoinamsterdam.com\\\/de\\\/#\\\/schema\\\/logo\\\/image\\\/\"},\"sameAs\":[\"https:\\\/\\\/www.facebook.com\\\/thingstodoinamsterdamcom\"]}]}<\/script>\n<!-- \/ Yoast SEO plugin. -->","yoast_head_json":{"title":"Moco Museum in Amsterdam: Preise, Tickets und Rabatte","description":"Im Moco Museum in Amsterdam dreht sich alles um zeitgen\u00f6ssische Kunst. Erlebe einzigartige Installationen und moderne Skulpturen rund um aktuelle Themen.","robots":{"index":"index","follow":"follow","max-snippet":"max-snippet:-1","max-image-preview":"max-image-preview:large","max-video-preview":"max-video-preview:-1"},"canonical":"https:\/\/thingstodoinamsterdam.com\/de\/amsterdam-museen\/moco-museum\/","og_locale":"de_DE","og_type":"article","og_title":"Moco Museum in Amsterdam: Preise, Tickets und Rabatte","og_description":"Im Moco Museum in Amsterdam dreht sich alles um zeitgen\u00f6ssische Kunst. Erlebe einzigartige Installationen und moderne Skulpturen rund um aktuelle Themen.","og_url":"https:\/\/thingstodoinamsterdam.com\/de\/amsterdam-museen\/moco-museum\/","og_site_name":"ThingstodoinAmsterdam.com","article_publisher":"https:\/\/www.facebook.com\/thingstodoinamsterdamcom","article_modified_time":"2025-09-02T13:06:04+00:00","og_image":[{"width":240,"height":300,"url":"https:\/\/thingstodoinamsterdam.com\/wp-content\/uploads\/2019\/08\/mocosignEDIT-240x300.jpg","type":"image\/jpeg"}],"twitter_card":"summary_large_image","twitter_misc":{"Gesch\u00e4tzte Lesezeit":"5\u00a0Minuten"},"schema":{"@context":"https:\/\/schema.org","@graph":[{"@type":"WebPage","@id":"https:\/\/thingstodoinamsterdam.com\/de\/amsterdam-museen\/moco-museum\/","url":"https:\/\/thingstodoinamsterdam.com\/de\/amsterdam-museen\/moco-museum\/","name":"Moco Museum in Amsterdam: Preise, Tickets und Rabatte","isPartOf":{"@id":"https:\/\/thingstodoinamsterdam.com\/de\/#website"},"primaryImageOfPage":{"@id":"https:\/\/thingstodoinamsterdam.com\/de\/amsterdam-museen\/moco-museum\/#primaryimage"},"image":{"@id":"https:\/\/thingstodoinamsterdam.com\/de\/amsterdam-museen\/moco-museum\/#primaryimage"},"thumbnailUrl":"https:\/\/thingstodoinamsterdam.com\/wp-content\/uploads\/2019\/08\/mocosignEDIT-240x300.jpg","datePublished":"2020-07-28T10:52:55+00:00","dateModified":"2025-09-02T13:06:04+00:00","description":"Im Moco Museum in Amsterdam dreht sich alles um zeitgen\u00f6ssische Kunst. Erlebe einzigartige Installationen und moderne Skulpturen rund um aktuelle Themen.","breadcrumb":{"@id":"https:\/\/thingstodoinamsterdam.com\/de\/amsterdam-museen\/moco-museum\/#breadcrumb"},"inLanguage":"de","potentialAction":[{"@type":"ReadAction","target":["https:\/\/thingstodoinamsterdam.com\/de\/amsterdam-museen\/moco-museum\/"]}]},{"@type":"ImageObject","inLanguage":"de","@id":"https:\/\/thingstodoinamsterdam.com\/de\/amsterdam-museen\/moco-museum\/#primaryimage","url":"https:\/\/thingstodoinamsterdam.com\/wp-content\/uploads\/2019\/08\/mocosignEDIT-240x300.jpg","contentUrl":"https:\/\/thingstodoinamsterdam.com\/wp-content\/uploads\/2019\/08\/mocosignEDIT-240x300.jpg","width":240,"height":300,"caption":"moco museum amsterdam"},{"@type":"BreadcrumbList","@id":"https:\/\/thingstodoinamsterdam.com\/de\/amsterdam-museen\/moco-museum\/#breadcrumb","itemListElement":[{"@type":"ListItem","position":1,"name":"Machen in Amsterdam","item":"https:\/\/thingstodoinamsterdam.com\/de\/"},{"@type":"ListItem","position":2,"name":"Amsterdam Museen","item":"https:\/\/thingstodoinamsterdam.com\/de\/amsterdam-museen\/"},{"@type":"ListItem","position":3,"name":"Moco Museum"}]},{"@type":"WebSite","@id":"https:\/\/thingstodoinamsterdam.com\/de\/#website","url":"https:\/\/thingstodoinamsterdam.com\/de\/","name":"ThingstodoinAmsterdam.com","description":"Amsterdam&#039;s highlights and hidden secrets","publisher":{"@id":"https:\/\/thingstodoinamsterdam.com\/de\/#organization"},"potentialAction":[{"@type":"SearchAction","target":{"@type":"EntryPoint","urlTemplate":"https:\/\/thingstodoinamsterdam.com\/de\/?s={search_term_string}"},"query-input":{"@type":"PropertyValueSpecification","valueRequired":true,"valueName":"search_term_string"}}],"inLanguage":"de"},{"@type":"Organization","@id":"https:\/\/thingstodoinamsterdam.com\/de\/#organization","name":"Machen in Amsterdam","url":"https:\/\/thingstodoinamsterdam.com\/de\/","logo":{"@type":"ImageObject","inLanguage":"de","@id":"https:\/\/thingstodoinamsterdam.com\/de\/#\/schema\/logo\/image\/","url":"https:\/\/thingstodoinamsterdam.com\/wp-content\/uploads\/2025\/02\/ThingsToDoInAmsterdam-Favicon-logo.png","contentUrl":"https:\/\/thingstodoinamsterdam.com\/wp-content\/uploads\/2025\/02\/ThingsToDoInAmsterdam-Favicon-logo.png","width":512,"height":512,"caption":"Machen in Amsterdam"},"image":{"@id":"https:\/\/thingstodoinamsterdam.com\/de\/#\/schema\/logo\/image\/"},"sameAs":["https:\/\/www.facebook.com\/thingstodoinamsterdamcom"]}]}},"_links":{"self":[{"href":"https:\/\/thingstodoinamsterdam.com\/de\/wp-json\/wp\/v2\/pages\/9728","targetHints":{"allow":["GET"]}}],"collection":[{"href":"https:\/\/thingstodoinamsterdam.com\/de\/wp-json\/wp\/v2\/pages"}],"about":[{"href":"https:\/\/thingstodoinamsterdam.com\/de\/wp-json\/wp\/v2\/types\/page"}],"author":[{"embeddable":true,"href":"https:\/\/thingstodoinamsterdam.com\/de\/wp-json\/wp\/v2\/users\/33"}],"replies":[{"embeddable":true,"href":"https:\/\/thingstodoinamsterdam.com\/de\/wp-json\/wp\/v2\/comments?post=9728"}],"version-history":[{"count":5,"href":"https:\/\/thingstodoinamsterdam.com\/de\/wp-json\/wp\/v2\/pages\/9728\/revisions"}],"predecessor-version":[{"id":2028952,"href":"https:\/\/thingstodoinamsterdam.com\/de\/wp-json\/wp\/v2\/pages\/9728\/revisions\/2028952"}],"up":[{"embeddable":true,"href":"https:\/\/thingstodoinamsterdam.com\/de\/wp-json\/wp\/v2\/pages\/8982"}],"wp:featuredmedia":[{"embeddable":true,"href":"https:\/\/thingstodoinamsterdam.com\/de\/wp-json\/wp\/v2\/media\/7764"}],"wp:attachment":[{"href":"https:\/\/thingstodoinamsterdam.com\/de\/wp-json\/wp\/v2\/media?parent=9728"}],"curies":[{"name":"wp","href":"https:\/\/api.w.org\/{rel}","templated":true}]}}