{"id":9730,"date":"2025-04-03T11:54:44","date_gmt":"2025-04-03T09:54:44","guid":{"rendered":"https:\/\/thingstodoinamsterdam.com\/?page_id=9730"},"modified":"2025-04-03T15:58:44","modified_gmt":"2025-04-03T13:58:44","slug":"schifffahrtsmuseum-amsterdam","status":"publish","type":"page","link":"https:\/\/thingstodoinamsterdam.com\/de\/amsterdam-museen\/schifffahrtsmuseum-amsterdam\/","title":{"rendered":"Schifffahrtsmuseum Amsterdam"},"content":{"rendered":"<div class=\"wpb-content-wrapper\"><p>[vc_row][vc_column width=&#8220;2\/3&#8243;][vc_column_text css=&#8220;&#8220;]Wenn du dich f\u00fcr Schiffe, Boote und das Meer interessierst, dann gef\u00e4llt dir garantiert auch das Nationale Schifffahrtsmuseum. In diesem Museum erf\u00e4hrst du, wie die maritime Geschichte der Niederlande das Land zu dem geformt hat, was es heute ist. Das Museum hat sich zum Ziel gesetzt, etwa 500 Jahre Seefahrtsgeschichte zu beleuchten. Highlight ist definitiv die Nachbildung des alten Segelschiffes &#8218;The East Indiaman Amsterdam&#8216;. Besucher d\u00fcrfen hier sogar an Board gehen. Au\u00dferdem gibt es viele interaktive Elemente, was das Museum auch perfekt f\u00fcr Kids macht.<\/p><div id=\"ez-toc-container\" class=\"ez-toc-v2_0_82_2 counter-hierarchy ez-toc-counter ez-toc-custom ez-toc-container-direction\">\n<div class=\"ez-toc-title-container\">\n<span class=\"ez-toc-title-toggle\"><a href=\"#\" class=\"ez-toc-pull-right ez-toc-btn ez-toc-btn-xs ez-toc-btn-default ez-toc-toggle\" aria-label=\"Toggle Table of Content\"><span class=\"ez-toc-js-icon-con\"><span class=\"\"><span class=\"eztoc-hide\" style=\"display:none;\">Toggle<\/span><span class=\"ez-toc-icon-toggle-span\"><svg style=\"fill: #999;color:#999\" xmlns=\"http:\/\/www.w3.org\/2000\/svg\" class=\"list-377408\" width=\"20px\" height=\"20px\" viewBox=\"0 0 24 24\" fill=\"none\"><path d=\"M6 6H4v2h2V6zm14 0H8v2h12V6zM4 11h2v2H4v-2zm16 0H8v2h12v-2zM4 16h2v2H4v-2zm16 0H8v2h12v-2z\" fill=\"currentColor\"><\/path><\/svg><svg style=\"fill: #999;color:#999\" class=\"arrow-unsorted-368013\" xmlns=\"http:\/\/www.w3.org\/2000\/svg\" width=\"10px\" height=\"10px\" viewBox=\"0 0 24 24\" version=\"1.2\" baseProfile=\"tiny\"><path d=\"M18.2 9.3l-6.2-6.3-6.2 6.3c-.2.2-.3.4-.3.7s.1.5.3.7c.2.2.4.3.7.3h11c.3 0 .5-.1.7-.3.2-.2.3-.5.3-.7s-.1-.5-.3-.7zM5.8 14.7l6.2 6.3 6.2-6.3c.2-.2.3-.5.3-.7s-.1-.5-.3-.7c-.2-.2-.4-.3-.7-.3h-11c-.3 0-.5.1-.7.3-.2.2-.3.5-.3.7s.1.5.3.7z\"\/><\/svg><\/span><\/span><\/span><\/a><\/span><\/div>\n<nav><ul class='ez-toc-list ez-toc-list-level-1 ' ><li class='ez-toc-page-1 ez-toc-heading-level-2'><a class=\"ez-toc-link ez-toc-heading-1\" href=\"https:\/\/thingstodoinamsterdam.com\/de\/amsterdam-museen\/schifffahrtsmuseum-amsterdam\/#oeffnungszeiten\" >\u00d6ffnungszeiten<\/a><\/li><li class='ez-toc-page-1 ez-toc-heading-level-2'><a class=\"ez-toc-link ez-toc-heading-2\" href=\"https:\/\/thingstodoinamsterdam.com\/de\/amsterdam-museen\/schifffahrtsmuseum-amsterdam\/#tickets-preise-und-rabatte\" >Tickets, Preise und Rabatte<\/a><\/li><li class='ez-toc-page-1 ez-toc-heading-level-2'><a class=\"ez-toc-link ez-toc-heading-3\" href=\"https:\/\/thingstodoinamsterdam.com\/de\/amsterdam-museen\/schifffahrtsmuseum-amsterdam\/#adresse-kontaktinformationen-und-anfahrt\" >Adresse Kontaktinformationen und Anfahrt<\/a><\/li><\/ul><\/nav><\/div>\n\n<p>Aber auch f\u00fcr Erwachsene gibt es im Nationalen Schifffahrtsmuseum viel zu entdecken. Absolutes Prunkst\u00fcck des Museums ist die Royal Barge. Au\u00dferdem findest du im Museum eine riesige Sammlung an:<\/p>\n<ul>\n<li>Gem\u00e4lden<\/li>\n<li>Schiffsteilen<\/li>\n<li>Instrumenten<\/li>\n<li>Waffen<\/li>\n<li>Schiffsmodellen<\/li>\n<li>Flottenkarten<\/li>\n<li>M\u00f6bel<\/li>\n<li>Technische Modelle<\/li>\n<li>Schiffsteile<\/li>\n<li>und vieles mehr<\/li>\n<\/ul>\n<p>[\/vc_column_text][\/vc_column][vc_column width=&#8220;1\/3&#8243;][vc_single_image image=&#8220;2319&#8243; img_size=&#8220;full&#8220; add_caption=&#8220;yes&#8220; alignment=&#8220;center&#8220;][\/vc_column][\/vc_row][vc_row][vc_column][button title=&#8220;Reserviere Tickets f\u00fcr das Nationale Schifffahrtsmuseum&#8220; link=&#8220;https:\/\/thingstodoinamsterdam.com\/ticketlinkde-schifffahrtsmuseum-tours-std&#8220; icon=&#8220;fas fa-angle-double-right&#8220; button_align=&#8220;center&#8220; target=&#8220;true&#8220; nofollow=&#8220;true&#8220; el_id=&#8220;1598614351571-924db24c-879d&#8220;][vc_column_text css=&#8220;&#8220;]Genau wie andere europ\u00e4ische L\u00e4nder haben die Holl\u00e4nder im 16. Jahrhundert begonnen, die Welt auf dem Seeweg zu erkunden. Auch der Handel mit Gew\u00fcrzen, Baumwolle und Gold begann. Im Schifffahrtsmuseum kannst du herausfinden, wie es gewesen sein muss, in dieser Zeit zu leben. Begib dich an Bord der beeindruckenden Nachbildung eines Schiffes, das 1749 gesunken ist und tauche ein in die Welt der Seefahrer.<\/p>\n<p>Obwohl die Niederlande und das \u00fcbrige Europa im 16. und 17. Jahrhundert enorm vom Import und Export in diese &#8217;neuen&#8216; L\u00e4nder profitierten, wuchs der Wohlstand in diesen L\u00e4ndern selbst nicht in gleichem Ma\u00dfe. Im Gegenteil; die L\u00e4nder wurden oft kolonisiert und ausgebeutet. Es war eine gewaltt\u00e4tige Zeit, in der die Menschheit zugunsten des Wohlstands beiseite geschoben wurde. Die Rolle der Niederlande in der Sklaverei wird oft als eine schwarze Seite in der Geschichte des Landes bezeichnet. Eine Seite der Geschichte, die auch im Nationalen Schifffahrtsmuseum erz\u00e4hlt wird.[\/vc_column_text][vc_video link=&#8220;https:\/\/www.youtube.com\/watch?v=1STuLJwFzj4&#8243; css=&#8220;&#8220;][vc_column_text]<\/p>\n<h2><span class=\"ez-toc-section\" id=\"oeffnungszeiten\"><\/span>\u00d6ffnungszeiten<span class=\"ez-toc-section-end\"><\/span><\/h2>\n<p>Das Nationale Schifffahrtsmuseum hat normalerweise 7 Tage die Woche von 09:00 Uhr bis 17:00 Uhr ge\u00f6ffnet. Die einzigen Ausnahmen sind die folgenden Feiertage:<\/p>\n<ul>\n<li>1. Januar<\/li>\n<li>27. April<\/li>\n<li>25. Dezember<\/li>\n<\/ul>\n<p>[\/vc_column_text][vc_column_text css=&#8220;&#8220;]<\/p>\n<h2><span class=\"ez-toc-section\" id=\"tickets-preise-und-rabatte\"><\/span>Tickets, Preise und Rabatte<span class=\"ez-toc-section-end\"><\/span><\/h2>\n<p>Tickets f\u00fcr das Nationale Schifffahrtsmuseum k\u00f6nnen am Eingang oder online \u00fcber Ticket-Buttons erworben werden. Unser Ticketpartner schickt dir deine E-Tickets sofort auf dein Handy, damit du die Warteschlange \u00fcberspringen kannst. Au\u00dferdem gibt es bei den Online-Tickets einen tollen Rabatt.<\/p>\n<table style=\"width: 100%;\">\n<tbody>\n<tr>\n<td>Kleinkinder bis 3 Jahre<\/td>\n<td>Kostenlos<\/td>\n<\/tr>\n<tr>\n<td>Kinder von 4 &#8211; 17 Jahre &amp; Studenten<\/td>\n<td>\u20ac 8,50<\/td>\n<\/tr>\n<tr>\n<td>Erwachsene<\/td>\n<td>\u20ac 18,50<\/td>\n<\/tr>\n<\/tbody>\n<\/table>\n<p>[\/vc_column_text][button title=&#8220;Reserviere Tickets f\u00fcr das Nationale Schifffahrtsmuseum&#8220; link=&#8220;https:\/\/thingstodoinamsterdam.com\/ticketlinkde-schifffahrtsmuseum-tours-std&#8220; icon=&#8220;fas fa-angle-double-right&#8220; button_align=&#8220;center&#8220; target=&#8220;true&#8220; nofollow=&#8220;true&#8220; el_id=&#8220;1743687418879-0637e040-d1ff&#8220;][vc_column_text]<\/p>\n<h2><span class=\"ez-toc-section\" id=\"adresse-kontaktinformationen-und-anfahrt\"><\/span>Adresse Kontaktinformationen und Anfahrt<span class=\"ez-toc-section-end\"><\/span><\/h2>\n<p>Das Nationale Schifffahrtsmuseum befindet sich \u00f6stlich vom Hauptbahnhof in Richtung <a href=\"https:\/\/thingstodoinamsterdam.com\/de\/amsterdam-museen\/nemo-science-museum\/\">Nemo Science Museum<\/a>.<\/p>\n<p><strong>Adresse<br \/>\n<\/strong>Het Scheepvaartmuseum<strong><br \/>\n<\/strong>Kattenburgerplein 1<br \/>\n1018 KK Amsterdam<br \/>\n+31 (0)20 52 32 222<br \/>\n<a href=\"mailto:info@hetscheepvaartmuseum.nl\">info@hetscheepvaartmuseum.nl<\/a><\/p>\n<p><a href=\"https:\/\/www.hetscheepvaartmuseum.nl\/\">https:\/\/www.hetscheepvaartmuseum.nl\/<\/a>[\/vc_column_text][vc_column_text]<\/p>\n<h3>\u00d6ffentliche Verkehrsmittel<\/h3>\n<p>Das Nationale Schifffahrtsmuseum befindet sich in der N\u00e4he des Amsterdamer Hauptbahnhofs. Von dort aus l\u00e4ufst du rund 15- 20 Minuten zu Fu\u00df. Du kannst auch den Bus nehmen. Dieser h\u00e4lt direkt vor dem Museum:<\/p>\n<ul>\n<li style=\"list-style-type: none;\">\n<ul>\n<li style=\"list-style-type: none;\">\n<ul>\n<li>Bus 22, Richtung Indische Buurt, Haltestelle Kadijksplein<\/li>\n<li>Bus 48, Richtung Borneo Eiland, Haltestelle Kadijksplein<\/li>\n<\/ul>\n<\/li>\n<\/ul>\n<\/li>\n<\/ul>\n<p><a href=\"http:\/\/9292.nl\/en\/?to=amsterdam_kattenburgerplein-1\"><img decoding=\"async\" class=\"alignnone size-medium wp-image-3080\" src=\"https:\/\/thingstodoinamsterdam.com\/wp-content\/uploads\/2019\/07\/Button-Plan-mijn-OV-reis-EN-300x54.png\" alt=\"\" width=\"300\" height=\"54\" \/><\/a>[\/vc_column_text][vc_column_text css=&#8220;&#8220;]<\/p>\n<p>Besuche Sie acuh:<\/p>\n<ul>\n<li><a href=\"https:\/\/thingstodoinamsterdam.com\/de\/artis-amsterdam-zoo\/\">Artis Zoo<\/a><\/li>\n<li><a href=\"https:\/\/thingstodoinamsterdam.com\/de\/amsterdam-museen\/korperwelten-amsterdam\/\">Amsterdam K\u00f6rperwelten<\/a><\/li>\n<li><a href=\"https:\/\/thingstodoinamsterdam.com\/de\/grachtenfahrt-amsterdam\/\">Grachtenfahrt Amsterdam<\/a><\/li>\n<li><a href=\"https:\/\/thingstodoinamsterdam.com\/de\/amsterdam-museen\/heineken-experience\/\">Heineken Experience<\/a><\/li>\n<li><a href=\"https:\/\/thingstodoinamsterdam.com\/de\/ice-bar-amsterdam\/\">Ice Bar Amsterdam<\/a><\/li>\n<li><a href=\"https:\/\/thingstodoinamsterdam.com\/de\/amsterdam-museen\/reichsmuseum-amsterdam\/\">Reichsmuseum<\/a><\/li>\n<li><a href=\"https:\/\/thingstodoinamsterdam.com\/de\/amsterdam-museen\/stedelijk-museum\/\">Stedelijk Museum<\/a><\/li>\n<\/ul>\n<p>[\/vc_column_text][\/vc_column][\/vc_row][vc_row][vc_column][reviews heading=&#8220;Bewertungen zum Nationalen Schifffahrtsmuseum&#8220; description=&#8220;Hast du das Museum schon besucht? Dann lass uns und andere Leser an deiner Erfahrung teilhaben. Wir sind gespannt!&#8220; item_name=&#8220;Het Scheepvaartmuseum&#8220; item_image=&#8220;1575&#8243; item_tel=&#8220;+31 (0)20 52 32 222&#8243; item_web=&#8220;https:\/\/www.hetscheepvaartmuseum.nl\/&#8220; item_address=&#8220;Kattenburgerplein 1&#8243; item_city=&#8220;Amsterdam&#8220; item_postal_code=&#8220;1018 KK Amsterdam&#8220; item_country=&#8220;NL&#8220; el_id=&#8220;1565096582967-30f6f1a6-b84d&#8220;][\/reviews][vc_column_text]Sieh dir die folgenden Museen an oder gehe zur\u00fcck auf die allgemeine <a href=\"https:\/\/thingstodoinamsterdam.com\/de\/amsterdam-museen\/\">Museen-Seite<\/a>.[\/vc_column_text][\/vc_column][\/vc_row][vc_row][vc_column][promo_block style_var=&#8220;style2&#8243; el_id=&#8220;1565096677689-94e80d9d-900a&#8220;][promo link=&#8220;url:https%3A%2F%2Fthingstodoinamsterdam.com%2Fde%2Fgrachtenfahrt-amsterdam%2Fstromma%2Ftretboot-verleih%2F|title:Tretboot%20Verleih&#8220; text=&#8220;Es gibt zwar viele tolle Grachtenrundfahrten in Amsterdam, aber auf einem Tretboot bist du ganz nah am Wasser, hast den vollen \u00dcberblick \u00fcber deine Umgebung und kannst selbst den Kapit\u00e4n spielen und deine Route bestimmen.&#8220; img=&#8220;1522732&#8243;][promo link=&#8220;url:https%3A%2F%2Fthingstodoinamsterdam.com%2Fde%2Fjohan-cruijff-arena-stadium-tour%2F|title:Johan%20Cruijff%20ArenA%20Tour&#8220; text=&#8220;Die Johan Cruijff ArenA (f\u00fcr die meisten besser bekannt als Amsterdam ArenA) ist die Heimatbasis des AFC Ajax (Amsterdam Fu\u00dfballclub Ajax), der mit Abstand der beliebteste Fu\u00dfballclub der Niederlande ist. Die meisten Leute kennen die Amsterdam ArenA gerade wegen Ajax.&#8220; img=&#8220;8056&#8243;][promo link=&#8220;url:https%3A%2F%2Fthingstodoinamsterdam.com%2Fde%2Fgrachtenfahrt-amsterdam%2Flovers%2Fcity-sightseeing-amsterdam-hop-on-hop-off-boat-tour-review%2F|title:Hop%20on%20Hop%20off%20Bootsfahrt&#8220; text=&#8220;Auf den Hop-On-Hop-Off-Touren von City Sightseeing Amsterdam kannst du die Stadt innerhalb von 24 oder 48 Stunden erkunden. Dabei hast du immer die Freiheit zu entscheiden, an welchem der sieben Punkte du ein- oder aussteigen m\u00f6chtest.&#8220; img=&#8220;11042&#8243;][\/promo_block][\/vc_column][\/vc_row]<\/p>\n<\/div>","protected":false},"excerpt":{"rendered":"<p>[vc_row][vc_column width=&#8220;2\/3&#8243;][vc_column_text css=&#8220;&#8220;]Wenn du dich f\u00fcr Schiffe, Boote und das Meer interessierst, dann gef\u00e4llt dir garantiert auch das Nationale Schifffahrtsmuseum. In diesem Museum erf\u00e4hrst du,\u2026<\/p>\n","protected":false},"author":33,"featured_media":8610,"parent":8982,"menu_order":0,"comment_status":"closed","ping_status":"closed","template":"","meta":{"footnotes":""},"class_list":["post-9730","page","type-page","status-publish","has-post-thumbnail","hentry"],"yoast_head":"<!-- This site is optimized with the Yoast SEO plugin v27.3 - https:\/\/yoast.com\/product\/yoast-seo-wordpress\/ -->\n<title>Nationales Schifffahrtsmuseum in Amsterdam<\/title>\n<meta name=\"description\" content=\"Tauche ein in die Welt der Seefahrer, Schiffe und Eroberer! Hier erf\u00e4hrst du alles \u00fcber das nationale Schifffahrtsmuseum, Preise, Tickets und mehr.\" \/>\n<meta name=\"robots\" content=\"index, follow, max-snippet:-1, max-image-preview:large, max-video-preview:-1\" \/>\n<link rel=\"canonical\" href=\"https:\/\/thingstodoinamsterdam.com\/de\/amsterdam-museen\/schifffahrtsmuseum-amsterdam\/\" \/>\n<meta property=\"og:locale\" content=\"de_DE\" \/>\n<meta property=\"og:type\" content=\"article\" \/>\n<meta property=\"og:title\" content=\"Nationales Schifffahrtsmuseum in Amsterdam\" \/>\n<meta property=\"og:description\" content=\"Tauche ein in die Welt der Seefahrer, Schiffe und Eroberer! Hier erf\u00e4hrst du alles \u00fcber das nationale Schifffahrtsmuseum, Preise, Tickets und mehr.\" \/>\n<meta property=\"og:url\" content=\"https:\/\/thingstodoinamsterdam.com\/de\/amsterdam-museen\/schifffahrtsmuseum-amsterdam\/\" \/>\n<meta property=\"og:site_name\" content=\"ThingstodoinAmsterdam.com\" \/>\n<meta property=\"article:publisher\" content=\"https:\/\/www.facebook.com\/thingstodoinamsterdamcom\" \/>\n<meta property=\"article:modified_time\" content=\"2025-04-03T13:58:44+00:00\" \/>\n<meta property=\"og:image\" content=\"https:\/\/thingstodoinamsterdam.com\/wp-content\/uploads\/2019\/08\/Maritime-Museum-Amsterdam-2.jpg\" \/>\n\t<meta property=\"og:image:width\" content=\"1200\" \/>\n\t<meta property=\"og:image:height\" content=\"900\" \/>\n\t<meta property=\"og:image:type\" content=\"image\/jpeg\" \/>\n<meta name=\"twitter:card\" content=\"summary_large_image\" \/>\n<meta name=\"twitter:label1\" content=\"Gesch\u00e4tzte Lesezeit\" \/>\n\t<meta name=\"twitter:data1\" content=\"4\u00a0Minuten\" \/>\n<script type=\"application\/ld+json\" class=\"yoast-schema-graph\">{\"@context\":\"https:\\\/\\\/schema.org\",\"@graph\":[{\"@type\":\"WebPage\",\"@id\":\"https:\\\/\\\/thingstodoinamsterdam.com\\\/de\\\/amsterdam-museen\\\/schifffahrtsmuseum-amsterdam\\\/\",\"url\":\"https:\\\/\\\/thingstodoinamsterdam.com\\\/de\\\/amsterdam-museen\\\/schifffahrtsmuseum-amsterdam\\\/\",\"name\":\"Nationales Schifffahrtsmuseum in Amsterdam\",\"isPartOf\":{\"@id\":\"https:\\\/\\\/thingstodoinamsterdam.com\\\/de\\\/#website\"},\"primaryImageOfPage\":{\"@id\":\"https:\\\/\\\/thingstodoinamsterdam.com\\\/de\\\/amsterdam-museen\\\/schifffahrtsmuseum-amsterdam\\\/#primaryimage\"},\"image\":{\"@id\":\"https:\\\/\\\/thingstodoinamsterdam.com\\\/de\\\/amsterdam-museen\\\/schifffahrtsmuseum-amsterdam\\\/#primaryimage\"},\"thumbnailUrl\":\"https:\\\/\\\/thingstodoinamsterdam.com\\\/wp-content\\\/uploads\\\/2019\\\/08\\\/Maritime-Museum-Amsterdam-2.jpg\",\"datePublished\":\"2025-04-03T09:54:44+00:00\",\"dateModified\":\"2025-04-03T13:58:44+00:00\",\"description\":\"Tauche ein in die Welt der Seefahrer, Schiffe und Eroberer! Hier erf\u00e4hrst du alles \u00fcber das nationale Schifffahrtsmuseum, Preise, Tickets und mehr.\",\"breadcrumb\":{\"@id\":\"https:\\\/\\\/thingstodoinamsterdam.com\\\/de\\\/amsterdam-museen\\\/schifffahrtsmuseum-amsterdam\\\/#breadcrumb\"},\"inLanguage\":\"de\",\"potentialAction\":[{\"@type\":\"ReadAction\",\"target\":[\"https:\\\/\\\/thingstodoinamsterdam.com\\\/de\\\/amsterdam-museen\\\/schifffahrtsmuseum-amsterdam\\\/\"]}]},{\"@type\":\"ImageObject\",\"inLanguage\":\"de\",\"@id\":\"https:\\\/\\\/thingstodoinamsterdam.com\\\/de\\\/amsterdam-museen\\\/schifffahrtsmuseum-amsterdam\\\/#primaryimage\",\"url\":\"https:\\\/\\\/thingstodoinamsterdam.com\\\/wp-content\\\/uploads\\\/2019\\\/08\\\/Maritime-Museum-Amsterdam-2.jpg\",\"contentUrl\":\"https:\\\/\\\/thingstodoinamsterdam.com\\\/wp-content\\\/uploads\\\/2019\\\/08\\\/Maritime-Museum-Amsterdam-2.jpg\",\"width\":1200,\"height\":900,\"caption\":\"Maritime Museum Amsterdam\"},{\"@type\":\"BreadcrumbList\",\"@id\":\"https:\\\/\\\/thingstodoinamsterdam.com\\\/de\\\/amsterdam-museen\\\/schifffahrtsmuseum-amsterdam\\\/#breadcrumb\",\"itemListElement\":[{\"@type\":\"ListItem\",\"position\":1,\"name\":\"Machen in Amsterdam\",\"item\":\"https:\\\/\\\/thingstodoinamsterdam.com\\\/de\\\/\"},{\"@type\":\"ListItem\",\"position\":2,\"name\":\"Amsterdam Museen\",\"item\":\"https:\\\/\\\/thingstodoinamsterdam.com\\\/de\\\/amsterdam-museen\\\/\"},{\"@type\":\"ListItem\",\"position\":3,\"name\":\"Schifffahrtsmuseum Amsterdam\"}]},{\"@type\":\"WebSite\",\"@id\":\"https:\\\/\\\/thingstodoinamsterdam.com\\\/de\\\/#website\",\"url\":\"https:\\\/\\\/thingstodoinamsterdam.com\\\/de\\\/\",\"name\":\"ThingstodoinAmsterdam.com\",\"description\":\"Amsterdam&#039;s highlights and hidden secrets\",\"publisher\":{\"@id\":\"https:\\\/\\\/thingstodoinamsterdam.com\\\/de\\\/#organization\"},\"potentialAction\":[{\"@type\":\"SearchAction\",\"target\":{\"@type\":\"EntryPoint\",\"urlTemplate\":\"https:\\\/\\\/thingstodoinamsterdam.com\\\/de\\\/?s={search_term_string}\"},\"query-input\":{\"@type\":\"PropertyValueSpecification\",\"valueRequired\":true,\"valueName\":\"search_term_string\"}}],\"inLanguage\":\"de\"},{\"@type\":\"Organization\",\"@id\":\"https:\\\/\\\/thingstodoinamsterdam.com\\\/de\\\/#organization\",\"name\":\"Machen in Amsterdam\",\"url\":\"https:\\\/\\\/thingstodoinamsterdam.com\\\/de\\\/\",\"logo\":{\"@type\":\"ImageObject\",\"inLanguage\":\"de\",\"@id\":\"https:\\\/\\\/thingstodoinamsterdam.com\\\/de\\\/#\\\/schema\\\/logo\\\/image\\\/\",\"url\":\"https:\\\/\\\/thingstodoinamsterdam.com\\\/wp-content\\\/uploads\\\/2025\\\/02\\\/ThingsToDoInAmsterdam-Favicon-logo.png\",\"contentUrl\":\"https:\\\/\\\/thingstodoinamsterdam.com\\\/wp-content\\\/uploads\\\/2025\\\/02\\\/ThingsToDoInAmsterdam-Favicon-logo.png\",\"width\":512,\"height\":512,\"caption\":\"Machen in Amsterdam\"},\"image\":{\"@id\":\"https:\\\/\\\/thingstodoinamsterdam.com\\\/de\\\/#\\\/schema\\\/logo\\\/image\\\/\"},\"sameAs\":[\"https:\\\/\\\/www.facebook.com\\\/thingstodoinamsterdamcom\"]}]}<\/script>\n<!-- \/ Yoast SEO plugin. -->","yoast_head_json":{"title":"Nationales Schifffahrtsmuseum in Amsterdam","description":"Tauche ein in die Welt der Seefahrer, Schiffe und Eroberer! Hier erf\u00e4hrst du alles \u00fcber das nationale Schifffahrtsmuseum, Preise, Tickets und mehr.","robots":{"index":"index","follow":"follow","max-snippet":"max-snippet:-1","max-image-preview":"max-image-preview:large","max-video-preview":"max-video-preview:-1"},"canonical":"https:\/\/thingstodoinamsterdam.com\/de\/amsterdam-museen\/schifffahrtsmuseum-amsterdam\/","og_locale":"de_DE","og_type":"article","og_title":"Nationales Schifffahrtsmuseum in Amsterdam","og_description":"Tauche ein in die Welt der Seefahrer, Schiffe und Eroberer! Hier erf\u00e4hrst du alles \u00fcber das nationale Schifffahrtsmuseum, Preise, Tickets und mehr.","og_url":"https:\/\/thingstodoinamsterdam.com\/de\/amsterdam-museen\/schifffahrtsmuseum-amsterdam\/","og_site_name":"ThingstodoinAmsterdam.com","article_publisher":"https:\/\/www.facebook.com\/thingstodoinamsterdamcom","article_modified_time":"2025-04-03T13:58:44+00:00","og_image":[{"width":1200,"height":900,"url":"https:\/\/thingstodoinamsterdam.com\/wp-content\/uploads\/2019\/08\/Maritime-Museum-Amsterdam-2.jpg","type":"image\/jpeg"}],"twitter_card":"summary_large_image","twitter_misc":{"Gesch\u00e4tzte Lesezeit":"4\u00a0Minuten"},"schema":{"@context":"https:\/\/schema.org","@graph":[{"@type":"WebPage","@id":"https:\/\/thingstodoinamsterdam.com\/de\/amsterdam-museen\/schifffahrtsmuseum-amsterdam\/","url":"https:\/\/thingstodoinamsterdam.com\/de\/amsterdam-museen\/schifffahrtsmuseum-amsterdam\/","name":"Nationales Schifffahrtsmuseum in Amsterdam","isPartOf":{"@id":"https:\/\/thingstodoinamsterdam.com\/de\/#website"},"primaryImageOfPage":{"@id":"https:\/\/thingstodoinamsterdam.com\/de\/amsterdam-museen\/schifffahrtsmuseum-amsterdam\/#primaryimage"},"image":{"@id":"https:\/\/thingstodoinamsterdam.com\/de\/amsterdam-museen\/schifffahrtsmuseum-amsterdam\/#primaryimage"},"thumbnailUrl":"https:\/\/thingstodoinamsterdam.com\/wp-content\/uploads\/2019\/08\/Maritime-Museum-Amsterdam-2.jpg","datePublished":"2025-04-03T09:54:44+00:00","dateModified":"2025-04-03T13:58:44+00:00","description":"Tauche ein in die Welt der Seefahrer, Schiffe und Eroberer! Hier erf\u00e4hrst du alles \u00fcber das nationale Schifffahrtsmuseum, Preise, Tickets und mehr.","breadcrumb":{"@id":"https:\/\/thingstodoinamsterdam.com\/de\/amsterdam-museen\/schifffahrtsmuseum-amsterdam\/#breadcrumb"},"inLanguage":"de","potentialAction":[{"@type":"ReadAction","target":["https:\/\/thingstodoinamsterdam.com\/de\/amsterdam-museen\/schifffahrtsmuseum-amsterdam\/"]}]},{"@type":"ImageObject","inLanguage":"de","@id":"https:\/\/thingstodoinamsterdam.com\/de\/amsterdam-museen\/schifffahrtsmuseum-amsterdam\/#primaryimage","url":"https:\/\/thingstodoinamsterdam.com\/wp-content\/uploads\/2019\/08\/Maritime-Museum-Amsterdam-2.jpg","contentUrl":"https:\/\/thingstodoinamsterdam.com\/wp-content\/uploads\/2019\/08\/Maritime-Museum-Amsterdam-2.jpg","width":1200,"height":900,"caption":"Maritime Museum Amsterdam"},{"@type":"BreadcrumbList","@id":"https:\/\/thingstodoinamsterdam.com\/de\/amsterdam-museen\/schifffahrtsmuseum-amsterdam\/#breadcrumb","itemListElement":[{"@type":"ListItem","position":1,"name":"Machen in Amsterdam","item":"https:\/\/thingstodoinamsterdam.com\/de\/"},{"@type":"ListItem","position":2,"name":"Amsterdam Museen","item":"https:\/\/thingstodoinamsterdam.com\/de\/amsterdam-museen\/"},{"@type":"ListItem","position":3,"name":"Schifffahrtsmuseum Amsterdam"}]},{"@type":"WebSite","@id":"https:\/\/thingstodoinamsterdam.com\/de\/#website","url":"https:\/\/thingstodoinamsterdam.com\/de\/","name":"ThingstodoinAmsterdam.com","description":"Amsterdam&#039;s highlights and hidden secrets","publisher":{"@id":"https:\/\/thingstodoinamsterdam.com\/de\/#organization"},"potentialAction":[{"@type":"SearchAction","target":{"@type":"EntryPoint","urlTemplate":"https:\/\/thingstodoinamsterdam.com\/de\/?s={search_term_string}"},"query-input":{"@type":"PropertyValueSpecification","valueRequired":true,"valueName":"search_term_string"}}],"inLanguage":"de"},{"@type":"Organization","@id":"https:\/\/thingstodoinamsterdam.com\/de\/#organization","name":"Machen in Amsterdam","url":"https:\/\/thingstodoinamsterdam.com\/de\/","logo":{"@type":"ImageObject","inLanguage":"de","@id":"https:\/\/thingstodoinamsterdam.com\/de\/#\/schema\/logo\/image\/","url":"https:\/\/thingstodoinamsterdam.com\/wp-content\/uploads\/2025\/02\/ThingsToDoInAmsterdam-Favicon-logo.png","contentUrl":"https:\/\/thingstodoinamsterdam.com\/wp-content\/uploads\/2025\/02\/ThingsToDoInAmsterdam-Favicon-logo.png","width":512,"height":512,"caption":"Machen in Amsterdam"},"image":{"@id":"https:\/\/thingstodoinamsterdam.com\/de\/#\/schema\/logo\/image\/"},"sameAs":["https:\/\/www.facebook.com\/thingstodoinamsterdamcom"]}]}},"_links":{"self":[{"href":"https:\/\/thingstodoinamsterdam.com\/de\/wp-json\/wp\/v2\/pages\/9730","targetHints":{"allow":["GET"]}}],"collection":[{"href":"https:\/\/thingstodoinamsterdam.com\/de\/wp-json\/wp\/v2\/pages"}],"about":[{"href":"https:\/\/thingstodoinamsterdam.com\/de\/wp-json\/wp\/v2\/types\/page"}],"author":[{"embeddable":true,"href":"https:\/\/thingstodoinamsterdam.com\/de\/wp-json\/wp\/v2\/users\/33"}],"replies":[{"embeddable":true,"href":"https:\/\/thingstodoinamsterdam.com\/de\/wp-json\/wp\/v2\/comments?post=9730"}],"version-history":[{"count":5,"href":"https:\/\/thingstodoinamsterdam.com\/de\/wp-json\/wp\/v2\/pages\/9730\/revisions"}],"predecessor-version":[{"id":2026511,"href":"https:\/\/thingstodoinamsterdam.com\/de\/wp-json\/wp\/v2\/pages\/9730\/revisions\/2026511"}],"up":[{"embeddable":true,"href":"https:\/\/thingstodoinamsterdam.com\/de\/wp-json\/wp\/v2\/pages\/8982"}],"wp:featuredmedia":[{"embeddable":true,"href":"https:\/\/thingstodoinamsterdam.com\/de\/wp-json\/wp\/v2\/media\/8610"}],"wp:attachment":[{"href":"https:\/\/thingstodoinamsterdam.com\/de\/wp-json\/wp\/v2\/media?parent=9730"}],"curies":[{"name":"wp","href":"https:\/\/api.w.org\/{rel}","templated":true}]}}