{"id":1018859,"date":"2023-12-08T10:40:55","date_gmt":"2023-12-08T08:40:55","guid":{"rendered":"https:\/\/thingstodoinamsterdam.com\/?page_id=1018859"},"modified":"2026-04-04T10:10:36","modified_gmt":"2026-04-04T08:10:36","slug":"tienda-the-magic-mushroom-gallery","status":"publish","type":"page","link":"https:\/\/thingstodoinamsterdam.com\/es\/smartshops-amsterdam\/tienda-the-magic-mushroom-gallery\/","title":{"rendered":"Tienda Smartshop \u00bbThe Magic Mushroom Gallery\u00bb"},"content":{"rendered":"<div class=\"wpb-content-wrapper\"><p>[vc_row][vc_column width=\u00bb2\/3&#8243;][vc_column_text]The Magic Mushroom Gallery es uno de los smartshops m\u00e1s antiguos y mejores de la ciudad; existe desde 1996. Los smartshops son tiendas que venden estimulantes legales, alucin\u00f3genos, hierbas psicoactivas, semillas de cannabis y similares. The Magic Mushroom Gallery destaca frente a otros smartshops por su alto nivel de servicio y por contar con empleados con muchos conocimientos. No solo venden sus productos, sino que tambi\u00e9n se toman el tiempo de valorar tu situaci\u00f3n personal y responder a cualquier pregunta que puedas tener. Recalcamos a cualquiera que est\u00e9 pensando en usar estos productos que siga sus consejos al pie de la letra, para que puedas disfrutar de forma segura y responsable. Todos los productos que venden, incluidas las populares trufas m\u00e1gicas, son legales para su venta y consumo en los Pa\u00edses Bajos.     <\/p><div id=\"ez-toc-container\" class=\"ez-toc-v2_0_82_2 counter-hierarchy ez-toc-counter ez-toc-custom ez-toc-container-direction\">\n<div class=\"ez-toc-title-container\">\n<span class=\"ez-toc-title-toggle\"><a href=\"#\" class=\"ez-toc-pull-right ez-toc-btn ez-toc-btn-xs ez-toc-btn-default ez-toc-toggle\" aria-label=\"Alternar tabla de contenidos\"><span class=\"ez-toc-js-icon-con\"><span class=\"\"><span class=\"eztoc-hide\" style=\"display:none;\">Toggle<\/span><span class=\"ez-toc-icon-toggle-span\"><svg style=\"fill: #999;color:#999\" xmlns=\"http:\/\/www.w3.org\/2000\/svg\" class=\"list-377408\" width=\"20px\" height=\"20px\" viewBox=\"0 0 24 24\" fill=\"none\"><path d=\"M6 6H4v2h2V6zm14 0H8v2h12V6zM4 11h2v2H4v-2zm16 0H8v2h12v-2zM4 16h2v2H4v-2zm16 0H8v2h12v-2z\" fill=\"currentColor\"><\/path><\/svg><svg style=\"fill: #999;color:#999\" class=\"arrow-unsorted-368013\" xmlns=\"http:\/\/www.w3.org\/2000\/svg\" width=\"10px\" height=\"10px\" viewBox=\"0 0 24 24\" version=\"1.2\" baseProfile=\"tiny\"><path d=\"M18.2 9.3l-6.2-6.3-6.2 6.3c-.2.2-.3.4-.3.7s.1.5.3.7c.2.2.4.3.7.3h11c.3 0 .5-.1.7-.3.2-.2.3-.5.3-.7s-.1-.5-.3-.7zM5.8 14.7l6.2 6.3 6.2-6.3c.2-.2.3-.5.3-.7s-.1-.5-.3-.7c-.2-.2-.4-.3-.7-.3h-11c-.3 0-.5.1-.7.3-.2.2-.3.5-.3.7s.1.5.3.7z\"\/><\/svg><\/span><\/span><\/span><\/a><\/span><\/div>\n<nav><ul class='ez-toc-list ez-toc-list-level-1 ' ><li class='ez-toc-page-1 ez-toc-heading-level-2'><a class=\"ez-toc-link ez-toc-heading-1\" href=\"https:\/\/thingstodoinamsterdam.com\/es\/smartshops-amsterdam\/tienda-the-magic-mushroom-gallery\/#cupon-de-descuento-exclusivo\" >Cup\u00f3n de descuento exclusivo<\/a><\/li><li class='ez-toc-page-1 ez-toc-heading-level-2'><a class=\"ez-toc-link ez-toc-heading-2\" href=\"https:\/\/thingstodoinamsterdam.com\/es\/smartshops-amsterdam\/tienda-the-magic-mushroom-gallery\/#trufas-magicas\" >Trufas m\u00e1gicas<\/a><\/li><li class='ez-toc-page-1 ez-toc-heading-level-2'><a class=\"ez-toc-link ez-toc-heading-3\" href=\"https:\/\/thingstodoinamsterdam.com\/es\/smartshops-amsterdam\/tienda-the-magic-mushroom-gallery\/#psicodelicos-naturales-pastillas-de-fiesta-y-xtc-herbal\" >Psicod\u00e9licos naturales, pastillas de fiesta y XTC herbal<\/a><\/li><li class='ez-toc-page-1 ez-toc-heading-level-2'><a class=\"ez-toc-link ez-toc-heading-4\" href=\"https:\/\/thingstodoinamsterdam.com\/es\/smartshops-amsterdam\/tienda-the-magic-mushroom-gallery\/#suplementos-alimenticios-herbales\" >Suplementos alimenticios herbales<\/a><\/li><li class='ez-toc-page-1 ez-toc-heading-level-2'><a class=\"ez-toc-link ez-toc-heading-5\" href=\"https:\/\/thingstodoinamsterdam.com\/es\/smartshops-amsterdam\/tienda-the-magic-mushroom-gallery\/#direcciones-y-ubicaciones\" >Direcciones y ubicaciones<\/a><\/li><\/ul><\/nav><\/div>\n\n<p>Entre los productos que puedes encontrar en The Magic Mushroom Gallery est\u00e1n:<\/p>\n<ul>\n<li>M\u00e1s de 10 tipos diferentes de <a href=\"https:\/\/thingstodoinamsterdam.com\/es\/blog\/todo-lo-que-necesitas-saber-trufas-magicas-amsterdam\/\">trufas m\u00e1gicas<\/a><\/li>\n<li>Alternativas herbales y naturales a las drogas de fiesta, como el XTC<\/li>\n<li>Sustancias psicoactivas naturales, incluidas hierbas y cactus<\/li>\n<li>Estimulantes sexuales org\u00e1nicos<\/li>\n<li>Regalos originales, gadgets y m\u00e1s<\/li>\n<\/ul>\n<p>[\/vc_column_text][\/vc_column][vc_column width=\u00bb1\/3&#8243;][vc_single_image image=\u00bb2531628&#8243; img_size=\u00bbfull\u00bb alignment=\u00bbcenter\u00bb onclick=\u00bbimg_link_large\u00bb css=\u00bb\u00bb][\/vc_column][\/vc_row][vc_row][vc_column width=\u00bb1\/3&#8243;][vc_single_image image=\u00bb2539243&#8243; img_size=\u00bbfull\u00bb alignment=\u00bbcenter\u00bb onclick=\u00bbzoom\u00bb css=\u00bb\u00bb][\/vc_column][vc_column width=\u00bb1\/3&#8243;][vc_single_image image=\u00bb1018787&#8243; img_size=\u00bbfull\u00bb alignment=\u00bbcenter\u00bb onclick=\u00bbcustom_link\u00bb link=\u00bbhttps:\/\/thingstodoinamsterdam.com\/wp-content\/uploads\/2020\/11\/The-Magic-Mushroom-Gallery-discount-voucher.pdf\u00bb][\/vc_column][vc_column width=\u00bb1\/3&#8243;][vc_single_image image=\u00bb2539244&#8243; img_size=\u00bbfull\u00bb alignment=\u00bbcenter\u00bb onclick=\u00bbimg_link_large\u00bb css=\u00bb\u00bb][\/vc_column][\/vc_row][vc_row][vc_column][vc_column_text]<\/p>\n<h2><span class=\"ez-toc-section\" id=\"cupon-de-descuento-exclusivo\"><\/span>Cup\u00f3n de descuento exclusivo<span class=\"ez-toc-section-end\"><\/span><\/h2>\n<p>\u00bfVas a visitar The Magic Mushroom Gallery? Descarga o imprime nuestro cup\u00f3n de descuento exclusivo del 10% y consigue un 10% de descuento en todas tus compras.[\/vc_column_text][button title=\u00bbConsigue un 10% de descuento en todas tus compras en The Magic Mushroom Gallery\u00bb link=\u00bbhttps:\/\/thingstodoinamsterdam.com\/wp-content\/uploads\/2020\/11\/The-Magic-Mushroom-Gallery-discount-voucher.pdf\u00bb icon=\u00bb\u00bb button_align=\u00bbcenter\u00bb target=\u00bbtrue\u00bb el_id=\u00bb1570179223317-e7e33b72-1f2c\u00bb][\/vc_column][\/vc_row][vc_row][vc_column][vc_column_text css=\u00bb\u00bb]<\/p>\n<h2><span class=\"ez-toc-section\" id=\"trufas-magicas\"><\/span>Trufas m\u00e1gicas<span class=\"ez-toc-section-end\"><\/span><\/h2>\n<p>El producto m\u00e1s popular de The Magic Mushroom Gallery, con diferencia, es la trufa psicod\u00e9lica que contiene psilocibina. Estos organismos que crecen bajo tierra pueden tomarse en microdosis con fines medicinales o en dosis mayores para una experiencia psicod\u00e9lica. Aseg\u00farate de consultar con el personal de Magic Mushroom Gallery; pueden aconsejarte sobre el tipo de trufas y la dosis correcta para que tengas una experiencia segura y placentera con estos regalos de la naturaleza.[\/vc_column_text][vc_single_image image=\u00bb2535849&#8243; img_size=\u00bbfull\u00bb alignment=\u00bbcenter\u00bb onclick=\u00bbimg_link_large\u00bb css=\u00bb\u00bb][vc_single_image image=\u00bb2539245&#8243; img_size=\u00bbfull\u00bb alignment=\u00bbcenter\u00bb onclick=\u00bbimg_link_large\u00bb css=\u00bb\u00bb][\/vc_column][\/vc_row][vc_row][vc_column][vc_column_text css=\u00bb\u00bb]<\/p>\n<h2><span class=\"ez-toc-section\" id=\"psicodelicos-naturales-pastillas-de-fiesta-y-xtc-herbal\"><\/span>Psicod\u00e9licos naturales, pastillas de fiesta y XTC herbal<span class=\"ez-toc-section-end\"><\/span><\/h2>\n<p>Si buscas un coloc\u00f3n natural, energ\u00eda extra o un viaje revelador, Magic Mushroom Gallery vende varias alternativas a sustancias ilegales como el MDMA. Estos colocones naturales son legales y ofrecen efectos similares a los de las drogas recreativas, con una bajada m\u00e1s suave. Pide consejo y el personal estar\u00e1 encantado de ayudarte.[\/vc_column_text][vc_single_image image=\u00bb2535850&#8243; img_size=\u00bbfull\u00bb alignment=\u00bbcenter\u00bb onclick=\u00bbimg_link_large\u00bb css=\u00bb\u00bb][\/vc_column][\/vc_row][vc_row][vc_column][vc_column_text css=\u00bb\u00bb]<\/p>\n<h2><span class=\"ez-toc-section\" id=\"suplementos-alimenticios-herbales\"><\/span>Suplementos alimenticios herbales<span class=\"ez-toc-section-end\"><\/span><\/h2>\n<p>Encontrar\u00e1s varios remedios y suplementos naturales para mejorar el sue\u00f1o, la concentraci\u00f3n y el estado de \u00e1nimo. Basados en sustancias naturales, como el hongo Lion\u2019s Mane.[\/vc_column_text][vc_single_image image=\u00bb2535851&#8243; img_size=\u00bbfull\u00bb alignment=\u00bbcenter\u00bb onclick=\u00bbimg_link_large\u00bb css=\u00bb\u00bb][\/vc_column][\/vc_row][vc_row][vc_column width=\u00bb1\/3&#8243;][vc_single_image image=\u00bb2539246&#8243; img_size=\u00bbfull\u00bb alignment=\u00bbcenter\u00bb onclick=\u00bbimg_link_large\u00bb css=\u00bb\u00bb][\/vc_column][vc_column width=\u00bb1\/3&#8243;][vc_single_image image=\u00bb2539247&#8243; img_size=\u00bbfull\u00bb alignment=\u00bbcenter\u00bb onclick=\u00bbimg_link_large\u00bb css=\u00bb\u00bb][\/vc_column][vc_column width=\u00bb1\/3&#8243;][vc_single_image image=\u00bb2539248&#8243; img_size=\u00bbfull\u00bb alignment=\u00bbcenter\u00bb onclick=\u00bbimg_link_large\u00bb css=\u00bb\u00bb][\/vc_column][\/vc_row][vc_row][vc_column][vc_column_text css=\u00bb\u00bb]<\/p>\n<h2><span class=\"ez-toc-section\" id=\"direcciones-y-ubicaciones\"><\/span>Direcciones y ubicaciones<span class=\"ez-toc-section-end\"><\/span><\/h2>\n<p>The Magic Mushroom Gallery tiene actualmente dos tiendas c\u00e9ntricas en \u00c1msterdam. La tienda principal est\u00e1 en Spuistraat 249; la otra est\u00e1 en el Bloemenmarkt (mercado de flores).[\/vc_column_text][g_map heading=\u00bbThe Magic Mushroom Gallery &#8211; Spuistraat\u00bb el_id=\u00bb1606486865437-93102fdb-acd1&#8243;]<iframe style=\"border: 0;\" tabindex=\"0\" src=\"https:\/\/www.google.com\/maps\/embed?pb=!1m18!1m12!1m3!1d4872.4148899922375!2d4.887468496520604!3d52.36665840785079!2m3!1f0!2f0!3f0!3m2!1i1024!2i768!4f13.1!3m3!1m2!1s0x47c609c16648cc13%3A0xe89271d48fe636f2!2sThe%20Magic%20Mushroom%20Gallery!5e0!3m2!1sen!2snl!4v1606487789827!5m2!1sen!2snl\" width=\"600\" height=\"450\" frameborder=\"0\" allowfullscreen=\"allowfullscreen\" aria-hidden=\"false\"><\/iframe>[\/g_map][vc_column_text]<strong>The Magic Mushrooms Gallery &#8211; Spuistraat<br \/>\n<\/strong>Spuistraat 249<br \/>\n1012 VP<br \/>\n\u00c1msterdam<strong><br \/>\n<\/strong><\/p>\n<p>[\/vc_column_text][g_map el_id=\u00bb1606486806910-6b1f4cdb-96ab\u00bb]<iframe style=\"border: 0;\" tabindex=\"0\" src=\"https:\/\/www.google.com\/maps\/embed?pb=!1m18!1m12!1m3!1d2033.8599295600586!2d4.890018652591216!3d52.366658502798!2m3!1f0!2f0!3f0!3m2!1i1024!2i768!4f13.1!3m3!1m2!1s0x47c609c42bd9795f%3A0x7dfad9a10bb890f8!2sThe%20Magic%20Mushroom%20Gallery!5e0!3m2!1sen!2snl!4v1606485721274!5m2!1sen!2snl\" width=\"600\" height=\"450\" frameborder=\"0\" allowfullscreen=\"allowfullscreen\" aria-hidden=\"false\"><\/iframe>[\/g_map][vc_column_text]<strong>The Magic Mushrooms Gallery &#8211; Flower Market<br \/>\n<\/strong>Singel 524<br \/>\n1017AZ<br \/>\n\u00c1msterdam<strong><br \/>\n<\/strong><\/p>\n<p>[\/vc_column_text][\/vc_column][\/vc_row][vc_row][vc_column][reviews heading=\u00bbRese\u00f1as de The Magic Mushroom Gallery \u00c1msterdam\u00bb description=\u00bbSiempre nos interesa conocer las experiencias de nuestros visitantes. Deja tu rese\u00f1a abajo y ayuda a otros viajeros. \u00bfQu\u00e9 te pareci\u00f3 The Magic Mushroom Gallery? \u00bfPudieron responder a tus preguntas? \u00bfLo recomendar\u00edas a tus amigos? Incluye todo lo que quieras en tu rese\u00f1a y, por favor, ten paciencia, ya que revisamos todas las rese\u00f1as manualmente. \u00a1La tuya se publicar\u00e1 pronto!      \u00bb item_name=\u00bbHeineken Experience\u00bb item_image=\u00bb1575&#8243; item_tel=\u00bb+31 (0)20 523 9222&#8243; item_web=\u00bbhttps:\/\/www.heineken.com\/\u00bb item_address=\u00bbStadhouderskade 76&#8243; item_city=\u00bbAmsterdam\u00bb item_postal_code=\u00bb1072 AE\u00bb item_country=\u00bbNLD\u00bb el_id=\u00bb1606484017463-54c18636-572d\u00bb][\/reviews][\/vc_column][\/vc_row][vc_row][vc_column][promo_block style_var=\u00bbstyle2&#8243; el_id=\u00bb1565013379594-e68cefa7-5151&#8243;][promo link=\u00bburl:https%3A%2F%2Fthingstodoinamsterdam.com%2Fes%2Fcrucero-canales-amsterdam%2Fcloud-boat-amsterdam%2F|title:Cloud%20Boat%3A%20tour%20en%20barco%20para%20fumadores%20420%20|\u00bb text=\u00bbDisfruta de un porro y una bebida en este relajado crucero 420 por los canales de \u00c1msterdam\u00bb img=\u00bb2529808&#8243;][promo link=\u00bburl:https%3A%2F%2Fthingstodoinamsterdam.com%2Fes%2Fcrucero-canales-amsterdam%2F|title:Cruceros%20por%20los%20canales|\u00bb text=\u00bbDescubre los mejores cruceros por los canales de \u00c1msterdam, \u00a1incluidos los cruceros 420!\u00bb img=\u00bb4189&#8243;][promo link=\u00bburl:https%3A%2F%2Fthingstodoinamsterdam.com%2Fes%2Fmuseos-amsterdam%2Fripleys-amsterdam%2F|title:Ripley%27s%20Believe%20It%20or%20Not%21|\u00bb text=\u00bbDescubre algunos de los artefactos m\u00e1s raros del mundo en este museo\u00bb img=\u00bb2394&#8243;][\/promo_block][\/vc_column][\/vc_row]<\/p>\n<\/div>","protected":false},"excerpt":{"rendered":"<p>[vc_row][vc_column width=\u00bb2\/3&#8243;][vc_column_text]The Magic Mushroom Gallery es uno de los smartshops m\u00e1s antiguos y mejores de la ciudad; existe desde 1996. Los smartshops son tiendas que\u2026<\/p>\n","protected":false},"author":1,"featured_media":2531628,"parent":1017190,"menu_order":0,"comment_status":"closed","ping_status":"closed","template":"","meta":{"footnotes":""},"class_list":["post-1018859","page","type-page","status-publish","has-post-thumbnail","hentry"],"yoast_head":"<!-- This site is optimized with the Yoast SEO plugin v27.3 - https:\/\/yoast.com\/product\/yoast-seo-wordpress\/ -->\n<title>The Magic Mushroom Gallery: rese\u00f1as, descuentos y mucho m\u00e1s<\/title>\n<meta name=\"description\" content=\"The Magic Mushroom Gallery es un smartshop en \u00c1msterdam que vende trufas m\u00e1gicas, productos herbales y psicoactivos. \u00a1Consigue nuestro cup\u00f3n de descuento exclusivo!\" \/>\n<meta name=\"robots\" content=\"index, follow, max-snippet:-1, max-image-preview:large, max-video-preview:-1\" \/>\n<link rel=\"canonical\" href=\"https:\/\/thingstodoinamsterdam.com\/es\/smartshops-amsterdam\/tienda-the-magic-mushroom-gallery\/\" \/>\n<meta property=\"og:locale\" content=\"es_ES\" \/>\n<meta property=\"og:type\" content=\"article\" \/>\n<meta property=\"og:title\" content=\"The Magic Mushroom Gallery: rese\u00f1as, descuentos y mucho m\u00e1s\" \/>\n<meta property=\"og:description\" content=\"The Magic Mushroom Gallery es un smartshop en \u00c1msterdam que vende trufas m\u00e1gicas, productos herbales y psicoactivos. \u00a1Consigue nuestro cup\u00f3n de descuento exclusivo!\" \/>\n<meta property=\"og:url\" content=\"https:\/\/thingstodoinamsterdam.com\/es\/smartshops-amsterdam\/tienda-the-magic-mushroom-gallery\/\" \/>\n<meta property=\"og:site_name\" content=\"ThingstodoinAmsterdam.com\" \/>\n<meta property=\"article:publisher\" content=\"https:\/\/www.facebook.com\/thingstodoinamsterdamcom\" \/>\n<meta property=\"article:modified_time\" content=\"2026-04-04T08:10:36+00:00\" \/>\n<meta property=\"og:image\" content=\"https:\/\/thingstodoinamsterdam.com\/wp-content\/uploads\/2026\/02\/The-Magic-Mushroom-Gallery-smartshop-Storefront-Spuistraat.jpg\" \/>\n\t<meta property=\"og:image:width\" content=\"1200\" \/>\n\t<meta property=\"og:image:height\" content=\"903\" \/>\n\t<meta property=\"og:image:type\" content=\"image\/jpeg\" \/>\n<meta name=\"twitter:card\" content=\"summary_large_image\" \/>\n<meta name=\"twitter:label1\" content=\"Tiempo de lectura\" \/>\n\t<meta name=\"twitter:data1\" content=\"3 minutos\" \/>\n<script type=\"application\/ld+json\" class=\"yoast-schema-graph\">{\"@context\":\"https:\\\/\\\/schema.org\",\"@graph\":[{\"@type\":\"WebPage\",\"@id\":\"https:\\\/\\\/thingstodoinamsterdam.com\\\/es\\\/smartshops-amsterdam\\\/tienda-the-magic-mushroom-gallery\\\/\",\"url\":\"https:\\\/\\\/thingstodoinamsterdam.com\\\/es\\\/smartshops-amsterdam\\\/tienda-the-magic-mushroom-gallery\\\/\",\"name\":\"The Magic Mushroom Gallery: rese\u00f1as, descuentos y mucho m\u00e1s\",\"isPartOf\":{\"@id\":\"https:\\\/\\\/thingstodoinamsterdam.com\\\/es\\\/#website\"},\"primaryImageOfPage\":{\"@id\":\"https:\\\/\\\/thingstodoinamsterdam.com\\\/es\\\/smartshops-amsterdam\\\/tienda-the-magic-mushroom-gallery\\\/#primaryimage\"},\"image\":{\"@id\":\"https:\\\/\\\/thingstodoinamsterdam.com\\\/es\\\/smartshops-amsterdam\\\/tienda-the-magic-mushroom-gallery\\\/#primaryimage\"},\"thumbnailUrl\":\"https:\\\/\\\/thingstodoinamsterdam.com\\\/wp-content\\\/uploads\\\/2026\\\/02\\\/The-Magic-Mushroom-Gallery-smartshop-Storefront-Spuistraat.jpg\",\"datePublished\":\"2023-12-08T08:40:55+00:00\",\"dateModified\":\"2026-04-04T08:10:36+00:00\",\"description\":\"The Magic Mushroom Gallery es un smartshop en \u00c1msterdam que vende trufas m\u00e1gicas, productos herbales y psicoactivos. \u00a1Consigue nuestro cup\u00f3n de descuento exclusivo!\",\"breadcrumb\":{\"@id\":\"https:\\\/\\\/thingstodoinamsterdam.com\\\/es\\\/smartshops-amsterdam\\\/tienda-the-magic-mushroom-gallery\\\/#breadcrumb\"},\"inLanguage\":\"es\",\"potentialAction\":[{\"@type\":\"ReadAction\",\"target\":[\"https:\\\/\\\/thingstodoinamsterdam.com\\\/es\\\/smartshops-amsterdam\\\/tienda-the-magic-mushroom-gallery\\\/\"]}]},{\"@type\":\"ImageObject\",\"inLanguage\":\"es\",\"@id\":\"https:\\\/\\\/thingstodoinamsterdam.com\\\/es\\\/smartshops-amsterdam\\\/tienda-the-magic-mushroom-gallery\\\/#primaryimage\",\"url\":\"https:\\\/\\\/thingstodoinamsterdam.com\\\/wp-content\\\/uploads\\\/2026\\\/02\\\/The-Magic-Mushroom-Gallery-smartshop-Storefront-Spuistraat.jpg\",\"contentUrl\":\"https:\\\/\\\/thingstodoinamsterdam.com\\\/wp-content\\\/uploads\\\/2026\\\/02\\\/The-Magic-Mushroom-Gallery-smartshop-Storefront-Spuistraat.jpg\",\"width\":1200,\"height\":903,\"caption\":\"Smartshop The Magic Mushroom Gallery: fachada de la tienda de Spuistraat\"},{\"@type\":\"BreadcrumbList\",\"@id\":\"https:\\\/\\\/thingstodoinamsterdam.com\\\/es\\\/smartshops-amsterdam\\\/tienda-the-magic-mushroom-gallery\\\/#breadcrumb\",\"itemListElement\":[{\"@type\":\"ListItem\",\"position\":1,\"name\":\"Qu\u00e9 hacer en \u00c1msterdam\",\"item\":\"https:\\\/\\\/thingstodoinamsterdam.com\\\/es\\\/\"},{\"@type\":\"ListItem\",\"position\":2,\"name\":\"Smartshops en \u00c1msterdam\",\"item\":\"https:\\\/\\\/thingstodoinamsterdam.com\\\/es\\\/smartshops-amsterdam\\\/\"},{\"@type\":\"ListItem\",\"position\":3,\"name\":\"Tienda Smartshop \u00bbThe Magic Mushroom Gallery\u00bb\"}]},{\"@type\":\"WebSite\",\"@id\":\"https:\\\/\\\/thingstodoinamsterdam.com\\\/es\\\/#website\",\"url\":\"https:\\\/\\\/thingstodoinamsterdam.com\\\/es\\\/\",\"name\":\"ThingstodoinAmsterdam.com\",\"description\":\"Amsterdam&#039;s highlights and hidden secrets\",\"publisher\":{\"@id\":\"https:\\\/\\\/thingstodoinamsterdam.com\\\/es\\\/#organization\"},\"potentialAction\":[{\"@type\":\"SearchAction\",\"target\":{\"@type\":\"EntryPoint\",\"urlTemplate\":\"https:\\\/\\\/thingstodoinamsterdam.com\\\/es\\\/?s={search_term_string}\"},\"query-input\":{\"@type\":\"PropertyValueSpecification\",\"valueRequired\":true,\"valueName\":\"search_term_string\"}}],\"inLanguage\":\"es\"},{\"@type\":\"Organization\",\"@id\":\"https:\\\/\\\/thingstodoinamsterdam.com\\\/es\\\/#organization\",\"name\":\"Qu\u00e9 hacer en \u00c1msterdam\",\"url\":\"https:\\\/\\\/thingstodoinamsterdam.com\\\/es\\\/\",\"logo\":{\"@type\":\"ImageObject\",\"inLanguage\":\"es\",\"@id\":\"https:\\\/\\\/thingstodoinamsterdam.com\\\/es\\\/#\\\/schema\\\/logo\\\/image\\\/\",\"url\":\"https:\\\/\\\/thingstodoinamsterdam.com\\\/wp-content\\\/uploads\\\/2025\\\/02\\\/ThingsToDoInAmsterdam-Favicon-logo.png\",\"contentUrl\":\"https:\\\/\\\/thingstodoinamsterdam.com\\\/wp-content\\\/uploads\\\/2025\\\/02\\\/ThingsToDoInAmsterdam-Favicon-logo.png\",\"width\":512,\"height\":512,\"caption\":\"Qu\u00e9 hacer en \u00c1msterdam\"},\"image\":{\"@id\":\"https:\\\/\\\/thingstodoinamsterdam.com\\\/es\\\/#\\\/schema\\\/logo\\\/image\\\/\"},\"sameAs\":[\"https:\\\/\\\/www.facebook.com\\\/thingstodoinamsterdamcom\"]}]}<\/script>\n<!-- \/ Yoast SEO plugin. -->","yoast_head_json":{"title":"The Magic Mushroom Gallery: rese\u00f1as, descuentos y mucho m\u00e1s","description":"The Magic Mushroom Gallery es un smartshop en \u00c1msterdam que vende trufas m\u00e1gicas, productos herbales y psicoactivos. \u00a1Consigue nuestro cup\u00f3n de descuento exclusivo!","robots":{"index":"index","follow":"follow","max-snippet":"max-snippet:-1","max-image-preview":"max-image-preview:large","max-video-preview":"max-video-preview:-1"},"canonical":"https:\/\/thingstodoinamsterdam.com\/es\/smartshops-amsterdam\/tienda-the-magic-mushroom-gallery\/","og_locale":"es_ES","og_type":"article","og_title":"The Magic Mushroom Gallery: rese\u00f1as, descuentos y mucho m\u00e1s","og_description":"The Magic Mushroom Gallery es un smartshop en \u00c1msterdam que vende trufas m\u00e1gicas, productos herbales y psicoactivos. \u00a1Consigue nuestro cup\u00f3n de descuento exclusivo!","og_url":"https:\/\/thingstodoinamsterdam.com\/es\/smartshops-amsterdam\/tienda-the-magic-mushroom-gallery\/","og_site_name":"ThingstodoinAmsterdam.com","article_publisher":"https:\/\/www.facebook.com\/thingstodoinamsterdamcom","article_modified_time":"2026-04-04T08:10:36+00:00","og_image":[{"width":1200,"height":903,"url":"https:\/\/thingstodoinamsterdam.com\/wp-content\/uploads\/2026\/02\/The-Magic-Mushroom-Gallery-smartshop-Storefront-Spuistraat.jpg","type":"image\/jpeg"}],"twitter_card":"summary_large_image","twitter_misc":{"Tiempo de lectura":"3 minutos"},"schema":{"@context":"https:\/\/schema.org","@graph":[{"@type":"WebPage","@id":"https:\/\/thingstodoinamsterdam.com\/es\/smartshops-amsterdam\/tienda-the-magic-mushroom-gallery\/","url":"https:\/\/thingstodoinamsterdam.com\/es\/smartshops-amsterdam\/tienda-the-magic-mushroom-gallery\/","name":"The Magic Mushroom Gallery: rese\u00f1as, descuentos y mucho m\u00e1s","isPartOf":{"@id":"https:\/\/thingstodoinamsterdam.com\/es\/#website"},"primaryImageOfPage":{"@id":"https:\/\/thingstodoinamsterdam.com\/es\/smartshops-amsterdam\/tienda-the-magic-mushroom-gallery\/#primaryimage"},"image":{"@id":"https:\/\/thingstodoinamsterdam.com\/es\/smartshops-amsterdam\/tienda-the-magic-mushroom-gallery\/#primaryimage"},"thumbnailUrl":"https:\/\/thingstodoinamsterdam.com\/wp-content\/uploads\/2026\/02\/The-Magic-Mushroom-Gallery-smartshop-Storefront-Spuistraat.jpg","datePublished":"2023-12-08T08:40:55+00:00","dateModified":"2026-04-04T08:10:36+00:00","description":"The Magic Mushroom Gallery es un smartshop en \u00c1msterdam que vende trufas m\u00e1gicas, productos herbales y psicoactivos. \u00a1Consigue nuestro cup\u00f3n de descuento exclusivo!","breadcrumb":{"@id":"https:\/\/thingstodoinamsterdam.com\/es\/smartshops-amsterdam\/tienda-the-magic-mushroom-gallery\/#breadcrumb"},"inLanguage":"es","potentialAction":[{"@type":"ReadAction","target":["https:\/\/thingstodoinamsterdam.com\/es\/smartshops-amsterdam\/tienda-the-magic-mushroom-gallery\/"]}]},{"@type":"ImageObject","inLanguage":"es","@id":"https:\/\/thingstodoinamsterdam.com\/es\/smartshops-amsterdam\/tienda-the-magic-mushroom-gallery\/#primaryimage","url":"https:\/\/thingstodoinamsterdam.com\/wp-content\/uploads\/2026\/02\/The-Magic-Mushroom-Gallery-smartshop-Storefront-Spuistraat.jpg","contentUrl":"https:\/\/thingstodoinamsterdam.com\/wp-content\/uploads\/2026\/02\/The-Magic-Mushroom-Gallery-smartshop-Storefront-Spuistraat.jpg","width":1200,"height":903,"caption":"Smartshop The Magic Mushroom Gallery: fachada de la tienda de Spuistraat"},{"@type":"BreadcrumbList","@id":"https:\/\/thingstodoinamsterdam.com\/es\/smartshops-amsterdam\/tienda-the-magic-mushroom-gallery\/#breadcrumb","itemListElement":[{"@type":"ListItem","position":1,"name":"Qu\u00e9 hacer en \u00c1msterdam","item":"https:\/\/thingstodoinamsterdam.com\/es\/"},{"@type":"ListItem","position":2,"name":"Smartshops en \u00c1msterdam","item":"https:\/\/thingstodoinamsterdam.com\/es\/smartshops-amsterdam\/"},{"@type":"ListItem","position":3,"name":"Tienda Smartshop \u00bbThe Magic Mushroom Gallery\u00bb"}]},{"@type":"WebSite","@id":"https:\/\/thingstodoinamsterdam.com\/es\/#website","url":"https:\/\/thingstodoinamsterdam.com\/es\/","name":"ThingstodoinAmsterdam.com","description":"Amsterdam&#039;s highlights and hidden secrets","publisher":{"@id":"https:\/\/thingstodoinamsterdam.com\/es\/#organization"},"potentialAction":[{"@type":"SearchAction","target":{"@type":"EntryPoint","urlTemplate":"https:\/\/thingstodoinamsterdam.com\/es\/?s={search_term_string}"},"query-input":{"@type":"PropertyValueSpecification","valueRequired":true,"valueName":"search_term_string"}}],"inLanguage":"es"},{"@type":"Organization","@id":"https:\/\/thingstodoinamsterdam.com\/es\/#organization","name":"Qu\u00e9 hacer en \u00c1msterdam","url":"https:\/\/thingstodoinamsterdam.com\/es\/","logo":{"@type":"ImageObject","inLanguage":"es","@id":"https:\/\/thingstodoinamsterdam.com\/es\/#\/schema\/logo\/image\/","url":"https:\/\/thingstodoinamsterdam.com\/wp-content\/uploads\/2025\/02\/ThingsToDoInAmsterdam-Favicon-logo.png","contentUrl":"https:\/\/thingstodoinamsterdam.com\/wp-content\/uploads\/2025\/02\/ThingsToDoInAmsterdam-Favicon-logo.png","width":512,"height":512,"caption":"Qu\u00e9 hacer en \u00c1msterdam"},"image":{"@id":"https:\/\/thingstodoinamsterdam.com\/es\/#\/schema\/logo\/image\/"},"sameAs":["https:\/\/www.facebook.com\/thingstodoinamsterdamcom"]}]}},"_links":{"self":[{"href":"https:\/\/thingstodoinamsterdam.com\/es\/wp-json\/wp\/v2\/pages\/1018859","targetHints":{"allow":["GET"]}}],"collection":[{"href":"https:\/\/thingstodoinamsterdam.com\/es\/wp-json\/wp\/v2\/pages"}],"about":[{"href":"https:\/\/thingstodoinamsterdam.com\/es\/wp-json\/wp\/v2\/types\/page"}],"author":[{"embeddable":true,"href":"https:\/\/thingstodoinamsterdam.com\/es\/wp-json\/wp\/v2\/users\/1"}],"replies":[{"embeddable":true,"href":"https:\/\/thingstodoinamsterdam.com\/es\/wp-json\/wp\/v2\/comments?post=1018859"}],"version-history":[{"count":6,"href":"https:\/\/thingstodoinamsterdam.com\/es\/wp-json\/wp\/v2\/pages\/1018859\/revisions"}],"predecessor-version":[{"id":2539255,"href":"https:\/\/thingstodoinamsterdam.com\/es\/wp-json\/wp\/v2\/pages\/1018859\/revisions\/2539255"}],"up":[{"embeddable":true,"href":"https:\/\/thingstodoinamsterdam.com\/es\/wp-json\/wp\/v2\/pages\/1017190"}],"wp:featuredmedia":[{"embeddable":true,"href":"https:\/\/thingstodoinamsterdam.com\/es\/wp-json\/wp\/v2\/media\/2531628"}],"wp:attachment":[{"href":"https:\/\/thingstodoinamsterdam.com\/es\/wp-json\/wp\/v2\/media?parent=1018859"}],"curies":[{"name":"wp","href":"https:\/\/api.w.org\/{rel}","templated":true}]}}