{"id":1019908,"date":"2024-03-08T11:20:41","date_gmt":"2024-03-08T09:20:41","guid":{"rendered":"https:\/\/thingstodoinamsterdam.com\/?page_id=1019908"},"modified":"2026-03-10T11:43:37","modified_gmt":"2026-03-10T10:43:37","slug":"anunciate","status":"publish","type":"page","link":"https:\/\/thingstodoinamsterdam.com\/es\/anunciate\/","title":{"rendered":"An\u00fanciate"},"content":{"rendered":"<div class=\"wpb-content-wrapper\"><p>[vc_row][vc_column][vc_column_text css=\u00bb\u00bb]<\/p><div id=\"ez-toc-container\" class=\"ez-toc-v2_0_82_2 counter-hierarchy ez-toc-counter ez-toc-custom ez-toc-container-direction\">\n<div class=\"ez-toc-title-container\">\n<span class=\"ez-toc-title-toggle\"><a href=\"#\" class=\"ez-toc-pull-right ez-toc-btn ez-toc-btn-xs ez-toc-btn-default ez-toc-toggle\" aria-label=\"Alternar tabla de contenidos\"><span class=\"ez-toc-js-icon-con\"><span class=\"\"><span class=\"eztoc-hide\" style=\"display:none;\">Toggle<\/span><span class=\"ez-toc-icon-toggle-span\"><svg style=\"fill: #999;color:#999\" xmlns=\"http:\/\/www.w3.org\/2000\/svg\" class=\"list-377408\" width=\"20px\" height=\"20px\" viewBox=\"0 0 24 24\" fill=\"none\"><path d=\"M6 6H4v2h2V6zm14 0H8v2h12V6zM4 11h2v2H4v-2zm16 0H8v2h12v-2zM4 16h2v2H4v-2zm16 0H8v2h12v-2z\" fill=\"currentColor\"><\/path><\/svg><svg style=\"fill: #999;color:#999\" class=\"arrow-unsorted-368013\" xmlns=\"http:\/\/www.w3.org\/2000\/svg\" width=\"10px\" height=\"10px\" viewBox=\"0 0 24 24\" version=\"1.2\" baseProfile=\"tiny\"><path d=\"M18.2 9.3l-6.2-6.3-6.2 6.3c-.2.2-.3.4-.3.7s.1.5.3.7c.2.2.4.3.7.3h11c.3 0 .5-.1.7-.3.2-.2.3-.5.3-.7s-.1-.5-.3-.7zM5.8 14.7l6.2 6.3 6.2-6.3c.2-.2.3-.5.3-.7s-.1-.5-.3-.7c-.2-.2-.4-.3-.7-.3h-11c-.3 0-.5.1-.7.3-.2.2-.3.5-.3.7s.1.5.3.7z\"\/><\/svg><\/span><\/span><\/span><\/a><\/span><\/div>\n<nav><ul class='ez-toc-list ez-toc-list-level-1 ' ><li class='ez-toc-page-1 ez-toc-heading-level-2'><a class=\"ez-toc-link ez-toc-heading-1\" href=\"https:\/\/thingstodoinamsterdam.com\/es\/anunciate\/#colabora-con-thingstodoinamsterdam\" >Colabora con ThingstodoinAmsterdam<\/a><\/li><li class='ez-toc-page-1 ez-toc-heading-level-2'><a class=\"ez-toc-link ez-toc-heading-2\" href=\"https:\/\/thingstodoinamsterdam.com\/es\/anunciate\/#pagina-de-empresa\" >P\u00e1gina de empresa<\/a><\/li><li class='ez-toc-page-1 ez-toc-heading-level-2'><a class=\"ez-toc-link ez-toc-heading-3\" href=\"https:\/\/thingstodoinamsterdam.com\/es\/anunciate\/#contacta-con-nosotros-para-una-propuesta-de-branded-content-personalizada\" >Contacta con nosotros para una propuesta de branded content personalizada<\/a><\/li><li class='ez-toc-page-1 ez-toc-heading-level-2'><a class=\"ez-toc-link ez-toc-heading-4\" href=\"https:\/\/thingstodoinamsterdam.com\/es\/anunciate\/#%c2%bfquieres-saber-mas\" >\u00bfQuieres saber m\u00e1s?<\/a><\/li><li class='ez-toc-page-1 ez-toc-heading-level-2'><a class=\"ez-toc-link ez-toc-heading-5\" href=\"https:\/\/thingstodoinamsterdam.com\/es\/anunciate\/#ponte-en-contacto-con-nosotros\" >Ponte en contacto con nosotros<\/a><\/li><\/ul><\/nav><\/div>\n\n<h2 id=\"collaborate-with-thingstodoinamsterdam\"><span class=\"ez-toc-section\" id=\"colabora-con-thingstodoinamsterdam\"><\/span>Colabora con ThingstodoinAmsterdam<span class=\"ez-toc-section-end\"><\/span><\/h2>\n<p>Genial que te interese una <strong>colaboraci\u00f3n<\/strong> con ThingstodoinAmsterdam.com, Dani y Floris. Lo que empez\u00f3 a finales de 2017 como escribir desde cafeter\u00edas y buhardillas se ha convertido en la gu\u00eda digital de la ciudad de \u00c1msterdam. Cada mes, m\u00e1s de <strong>54.589 visitantes \u00fanicos<\/strong> visitan ThingstodoinAmsterdam y, en conjunto, <strong>ven 829.789 p\u00e1ginas<\/strong> (medido con Google Analytics 2025).  <\/p>\n<p>Echa un vistazo ahora mismo a nuestro <a href=\"https:\/\/thingstodoinamsterdam.com\/wp-content\/uploads\/2026\/01\/ThingsToDo_Presentation_2026.pptx.pdf\">media kit de 2026<\/a>. Hay muchas posibilidades hechas a medida. <\/p>\n<p>Colaborar con nosotros te aporta:<\/p>\n<ul>\n<li>Reconocimiento de marca<\/li>\n<li>Nuevos visitantes relevantes<\/li>\n<li>Mejores posiciones en Google<\/li>\n<li>M\u00e1s ingresos.<\/li>\n<\/ul>\n<p>[\/vc_column_text][vc_single_image image=\u00bb1018081&#8243; img_size=\u00bbfull\u00bb alignment=\u00bbcenter\u00bb][vc_column_text css=\u00bb\u00bb]<\/p>\n<h2 id=\"company-page\"><span class=\"ez-toc-section\" id=\"pagina-de-empresa\"><\/span>P\u00e1gina de empresa<span class=\"ez-toc-section-end\"><\/span><\/h2>\n<p>Las p\u00e1ginas que mejor encajan con nuestro p\u00fablico objetivo son las p\u00e1ginas de empresa. En estas p\u00e1ginas contamos la historia de tu empresa y puedes ponerte en contacto f\u00e1cilmente con tu p\u00fablico objetivo. Estas p\u00e1ginas funcionan bien en el buscador, lo que significa que, adem\u00e1s de los visitantes de nuestro sitio, tambi\u00e9n llegar\u00e1 tr\u00e1fico desde los motores de b\u00fasqueda. Estas p\u00e1ginas est\u00e1n optimizadas y enriquecidas con fotos, material de v\u00eddeo y datos estructurados.   <\/p>\n<p>Contacta con nosotros o consulta el <a href=\"https:\/\/thingstodoinamsterdam.com\/wp-content\/uploads\/2026\/01\/ThingsToDo_Presentation_2026.pptx.pdf\">media kit de 2026<\/a> para m\u00e1s informaci\u00f3n sobre las p\u00e1ginas de empresa.<\/p>\n<h2 id=\"contact-us-for-a-customized-branded-content-proposal\"><span class=\"ez-toc-section\" id=\"contacta-con-nosotros-para-una-propuesta-de-branded-content-personalizada\"><\/span>Contacta con nosotros para una propuesta de branded content personalizada<span class=\"ez-toc-section-end\"><\/span><\/h2>\n<p>Para que el contenido sea \u00fanico y atractivo para nuestros lectores, (casi) todas las colaboraciones con ThingstodoinAmsterdam se hacen a medida. Por eso preferimos sentarnos contigo en persona o programar una conversaci\u00f3n para definir una estrategia. En ThingstodoinAmsterdam mantenemos un <strong>tono de voz claro<\/strong>, que seguimos tanto nosotros como nuestros redactores habituales. Con <strong>m\u00e1s de 19 a\u00f1os de experiencia en marketing online<\/strong> en los \u00e1mbitos de SEO, consultor\u00eda y marketing de afiliaci\u00f3n, Dani y Floris pueden determinar r\u00e1pidamente c\u00f3mo convertir tus objetivos de comunicaci\u00f3n y marketing en contenido atractivo que d\u00e9 resultados. Para oportunidades publicitarias, puedes escribir a bookings@thingstodoinamsterdam.com.    <\/p>\n<h2 id=\"want-to-know-more-\"><span class=\"ez-toc-section\" id=\"%c2%bfquieres-saber-mas\"><\/span>\u00bfQuieres saber m\u00e1s?<span class=\"ez-toc-section-end\"><\/span><\/h2>\n<p>\u00bfQuieres saber qu\u00e9 podemos hacer por tu empresa y cu\u00e1les son los costes de anunciarse en Things to do in Amsterdam? Entonces env\u00eda un correo a bookings@thingstodoinamsterdam.com.[\/vc_column_text][\/vc_column][\/vc_row][vc_row equal_height=\u00bbyes\u00bb][vc_column width=\u00bb1\/2&#8243;][vc_single_image image=\u00bb1017566&#8243; img_size=\u00bblarge\u00bb alignment=\u00bbcenter\u00bb style=\u00bbvc_box_circle_2&#8243;][vc_column_text]<\/p>\n<p style=\"text-align: center;\"><strong>Floris Broekmeulen<\/strong><\/p>\n<p>[\/vc_column_text][\/vc_column][vc_column width=\u00bb1\/2&#8243;][vc_single_image image=\u00bb1017571&#8243; img_size=\u00bblarge\u00bb alignment=\u00bbcenter\u00bb style=\u00bbvc_box_circle_2&#8243;][vc_column_text]<\/p>\n<p style=\"text-align: center;\"><strong>Dani van Rooij<\/strong><\/p>\n<p>[\/vc_column_text][\/vc_column][\/vc_row][vc_row][vc_column][vc_column_text]<\/p>\n<h2><span class=\"ez-toc-section\" id=\"ponte-en-contacto-con-nosotros\"><\/span>Ponte en contacto con nosotros<span class=\"ez-toc-section-end\"><\/span><\/h2>\n<p>Para un contacto directo, utiliza el formulario de contacto de abajo o env\u00edanos un correo a bookings[at]thingstodoinamsterdam.com y d\u00e9janos tus datos de contacto. \u00a1Te responderemos lo antes posible!<\/p>\n<div class=\"wpcf7 no-js\" id=\"wpcf7-f895-o1\" lang=\"\" dir=\"ltr\" data-wpcf7-id=\"895\">\n<div class=\"screen-reader-response\"><p role=\"status\" aria-live=\"polite\" aria-atomic=\"true\"><\/p> <ul><\/ul><\/div>\n<form action=\"\/es\/wp-json\/wp\/v2\/pages\/1019908#wpcf7-f895-o1\" method=\"post\" class=\"wpcf7-form init\" aria-label=\"Formulario de contacto\" novalidate=\"novalidate\" data-status=\"init\">\n<fieldset class=\"hidden-fields-container\"><input type=\"hidden\" name=\"_wpcf7\" value=\"895\" \/><input type=\"hidden\" name=\"_wpcf7_version\" value=\"6.1.5\" \/><input type=\"hidden\" name=\"_wpcf7_locale\" value=\"\" \/><input type=\"hidden\" name=\"_wpcf7_unit_tag\" value=\"wpcf7-f895-o1\" \/><input type=\"hidden\" name=\"_wpcf7_container_post\" value=\"0\" \/><input type=\"hidden\" name=\"_wpcf7_posted_data_hash\" value=\"\" \/>\n<\/fieldset>\n<p><label> Name:<br \/>\n<span class=\"wpcf7-form-control-wrap\" data-name=\"your-name\"><input size=\"40\" maxlength=\"400\" class=\"wpcf7-form-control wpcf7-text wpcf7-validates-as-required\" aria-required=\"true\" aria-invalid=\"false\" placeholder=\"Your Name\" value=\"\" type=\"text\" name=\"your-name\" \/><\/span> <\/label>\n<\/p>\n<p><label> Email Adress:<br \/>\n<span class=\"wpcf7-form-control-wrap\" data-name=\"your-email\"><input size=\"40\" maxlength=\"400\" class=\"wpcf7-form-control wpcf7-email wpcf7-validates-as-required wpcf7-text wpcf7-validates-as-email\" aria-required=\"true\" aria-invalid=\"false\" value=\"Your Email Adress\" type=\"email\" name=\"your-email\" \/><\/span> <\/label>\n<\/p>\n<p><label> Message:<br \/>\n<span class=\"wpcf7-form-control-wrap\" data-name=\"your-subject\"><input size=\"40\" maxlength=\"400\" class=\"wpcf7-form-control wpcf7-text\" aria-invalid=\"false\" placeholder=\"Your Message\" value=\"\" type=\"text\" name=\"your-subject\" \/><\/span> <\/label>\n<\/p>\n<p><label> Your Message<br \/>\n<span class=\"wpcf7-form-control-wrap\" data-name=\"your-message\"><textarea cols=\"40\" rows=\"10\" maxlength=\"2000\" class=\"wpcf7-form-control wpcf7-textarea wpcf7-validates-as-required\" aria-required=\"true\" aria-invalid=\"false\" name=\"your-message\"><\/textarea><\/span> <\/label>\n<\/p>\n<p><span class=\"wpcf7-form-control-wrap\" data-name=\"acceptance-433\"><span class=\"wpcf7-form-control wpcf7-acceptance\"><span class=\"wpcf7-list-item\"><label><input type=\"checkbox\" name=\"acceptance-433\" value=\"1\" aria-invalid=\"false\" \/><span class=\"wpcf7-list-item-label\">I accept the processing of my personal data and would like ThingstodoinAmsterdam.com to contact me<\/span><\/label><\/span><\/span><\/span>\n<\/p>\n<p><input class=\"wpcf7-form-control wpcf7-submit has-spinner\" type=\"submit\" value=\"Send Message\" \/>\n<\/p><p style=\"display: none !important;\" class=\"akismet-fields-container\" data-prefix=\"_wpcf7_ak_\"><label>&#916;<textarea name=\"_wpcf7_ak_hp_textarea\" cols=\"45\" rows=\"8\" maxlength=\"100\"><\/textarea><\/label><input type=\"hidden\" id=\"ak_js_1\" name=\"_wpcf7_ak_js\" value=\"57\"\/><script type=\"text\/javascript\">\n\/* <![CDATA[ *\/\ndocument.getElementById( \"ak_js_1\" ).setAttribute( \"value\", ( new Date() ).getTime() );\n\/* ]]> *\/\n<\/script>\n<\/p><div class=\"wpcf7-response-output\" aria-hidden=\"true\"><\/div>\n<\/form>\n<\/div>\n[\/vc_column_text][\/vc_column][\/vc_row][vc_row][vc_column][buttonsticky title=\u00bbenviar correo a bookings@thingstodoinamsterdam.com\u00bb el_id=\u00bb1699002149496-6cf28cc4-67a5&#8243;][\/vc_column][\/vc_row]<\/p>\n<\/div>","protected":false},"excerpt":{"rendered":"<p>[vc_row][vc_column][vc_column_text css=\u00bb\u00bb] Colabora con ThingstodoinAmsterdam Genial que te interese una colaboraci\u00f3n con ThingstodoinAmsterdam.com, Dani y Floris. Lo que empez\u00f3 a finales de 2017 como escribir\u2026<\/p>\n","protected":false},"author":33,"featured_media":516641,"parent":0,"menu_order":0,"comment_status":"closed","ping_status":"closed","template":"","meta":{"footnotes":""},"class_list":["post-1019908","page","type-page","status-publish","has-post-thumbnail","hentry"],"yoast_head":"<!-- This site is optimized with the Yoast SEO plugin v27.5 - https:\/\/yoast.com\/product\/yoast-seo-wordpress\/ -->\n<title>Publicidad en ThingstodoinAmsterdam: Aumenta tu Visibilidad<\/title>\n<meta name=\"description\" content=\"Colabora con nosotros. Tenemos muchas opciones para promocionar tu negocio entre miles de personas que visitan \u00c1msterdam.\" \/>\n<meta name=\"robots\" content=\"index, follow, max-snippet:-1, max-image-preview:large, max-video-preview:-1\" \/>\n<link rel=\"canonical\" href=\"https:\/\/thingstodoinamsterdam.com\/es\/anunciate\/\" \/>\n<meta property=\"og:locale\" content=\"es_ES\" \/>\n<meta property=\"og:type\" content=\"article\" \/>\n<meta property=\"og:title\" content=\"Publicidad en ThingstodoinAmsterdam: Aumenta tu Visibilidad\" \/>\n<meta property=\"og:description\" content=\"Colabora con nosotros. Tenemos muchas opciones para promocionar tu negocio entre miles de personas que visitan \u00c1msterdam.\" \/>\n<meta property=\"og:url\" content=\"https:\/\/thingstodoinamsterdam.com\/es\/anunciate\/\" \/>\n<meta property=\"og:site_name\" content=\"ThingstodoinAmsterdam.com\" \/>\n<meta property=\"article:publisher\" content=\"https:\/\/www.facebook.com\/thingstodoinamsterdamcom\" \/>\n<meta property=\"article:modified_time\" content=\"2026-03-10T10:43:37+00:00\" \/>\n<meta property=\"og:image\" content=\"https:\/\/thingstodoinamsterdam.com\/wp-content\/uploads\/2023\/07\/favicon-logo.png\" \/>\n\t<meta property=\"og:image:width\" content=\"512\" \/>\n\t<meta property=\"og:image:height\" content=\"512\" \/>\n\t<meta property=\"og:image:type\" content=\"image\/png\" \/>\n<meta name=\"twitter:card\" content=\"summary_large_image\" \/>\n<meta name=\"twitter:label1\" content=\"Tiempo de lectura\" \/>\n\t<meta name=\"twitter:data1\" content=\"3 minutos\" \/>\n<script type=\"application\/ld+json\" class=\"yoast-schema-graph\">{\"@context\":\"https:\\\/\\\/schema.org\",\"@graph\":[{\"@type\":\"WebPage\",\"@id\":\"https:\\\/\\\/thingstodoinamsterdam.com\\\/es\\\/anunciate\\\/\",\"url\":\"https:\\\/\\\/thingstodoinamsterdam.com\\\/es\\\/anunciate\\\/\",\"name\":\"Publicidad en ThingstodoinAmsterdam: Aumenta tu Visibilidad\",\"isPartOf\":{\"@id\":\"https:\\\/\\\/thingstodoinamsterdam.com\\\/es\\\/#website\"},\"primaryImageOfPage\":{\"@id\":\"https:\\\/\\\/thingstodoinamsterdam.com\\\/es\\\/anunciate\\\/#primaryimage\"},\"image\":{\"@id\":\"https:\\\/\\\/thingstodoinamsterdam.com\\\/es\\\/anunciate\\\/#primaryimage\"},\"thumbnailUrl\":\"https:\\\/\\\/thingstodoinamsterdam.com\\\/wp-content\\\/uploads\\\/2023\\\/07\\\/favicon-logo.png\",\"datePublished\":\"2024-03-08T09:20:41+00:00\",\"dateModified\":\"2026-03-10T10:43:37+00:00\",\"description\":\"Colabora con nosotros. Tenemos muchas opciones para promocionar tu negocio entre miles de personas que visitan \u00c1msterdam.\",\"breadcrumb\":{\"@id\":\"https:\\\/\\\/thingstodoinamsterdam.com\\\/es\\\/anunciate\\\/#breadcrumb\"},\"inLanguage\":\"es\",\"potentialAction\":[{\"@type\":\"ReadAction\",\"target\":[\"https:\\\/\\\/thingstodoinamsterdam.com\\\/es\\\/anunciate\\\/\"]}]},{\"@type\":\"ImageObject\",\"inLanguage\":\"es\",\"@id\":\"https:\\\/\\\/thingstodoinamsterdam.com\\\/es\\\/anunciate\\\/#primaryimage\",\"url\":\"https:\\\/\\\/thingstodoinamsterdam.com\\\/wp-content\\\/uploads\\\/2023\\\/07\\\/favicon-logo.png\",\"contentUrl\":\"https:\\\/\\\/thingstodoinamsterdam.com\\\/wp-content\\\/uploads\\\/2023\\\/07\\\/favicon-logo.png\",\"width\":512,\"height\":512,\"caption\":\"favicon logo thingstodoinamsterdam.com\"},{\"@type\":\"BreadcrumbList\",\"@id\":\"https:\\\/\\\/thingstodoinamsterdam.com\\\/es\\\/anunciate\\\/#breadcrumb\",\"itemListElement\":[{\"@type\":\"ListItem\",\"position\":1,\"name\":\"Qu\u00e9 hacer en \u00c1msterdam\",\"item\":\"https:\\\/\\\/thingstodoinamsterdam.com\\\/es\\\/\"},{\"@type\":\"ListItem\",\"position\":2,\"name\":\"An\u00fanciate\"}]},{\"@type\":\"WebSite\",\"@id\":\"https:\\\/\\\/thingstodoinamsterdam.com\\\/es\\\/#website\",\"url\":\"https:\\\/\\\/thingstodoinamsterdam.com\\\/es\\\/\",\"name\":\"ThingstodoinAmsterdam.com\",\"description\":\"Amsterdam&#039;s highlights and hidden secrets\",\"publisher\":{\"@id\":\"https:\\\/\\\/thingstodoinamsterdam.com\\\/es\\\/#organization\"},\"potentialAction\":[{\"@type\":\"SearchAction\",\"target\":{\"@type\":\"EntryPoint\",\"urlTemplate\":\"https:\\\/\\\/thingstodoinamsterdam.com\\\/es\\\/?s={search_term_string}\"},\"query-input\":{\"@type\":\"PropertyValueSpecification\",\"valueRequired\":true,\"valueName\":\"search_term_string\"}}],\"inLanguage\":\"es\"},{\"@type\":\"Organization\",\"@id\":\"https:\\\/\\\/thingstodoinamsterdam.com\\\/es\\\/#organization\",\"name\":\"Qu\u00e9 hacer en \u00c1msterdam\",\"url\":\"https:\\\/\\\/thingstodoinamsterdam.com\\\/es\\\/\",\"logo\":{\"@type\":\"ImageObject\",\"inLanguage\":\"es\",\"@id\":\"https:\\\/\\\/thingstodoinamsterdam.com\\\/es\\\/#\\\/schema\\\/logo\\\/image\\\/\",\"url\":\"https:\\\/\\\/thingstodoinamsterdam.com\\\/wp-content\\\/uploads\\\/2025\\\/02\\\/ThingsToDoInAmsterdam-Favicon-logo.png\",\"contentUrl\":\"https:\\\/\\\/thingstodoinamsterdam.com\\\/wp-content\\\/uploads\\\/2025\\\/02\\\/ThingsToDoInAmsterdam-Favicon-logo.png\",\"width\":512,\"height\":512,\"caption\":\"Qu\u00e9 hacer en \u00c1msterdam\"},\"image\":{\"@id\":\"https:\\\/\\\/thingstodoinamsterdam.com\\\/es\\\/#\\\/schema\\\/logo\\\/image\\\/\"},\"sameAs\":[\"https:\\\/\\\/www.facebook.com\\\/thingstodoinamsterdamcom\"]}]}<\/script>\n<!-- \/ Yoast SEO plugin. -->","yoast_head_json":{"title":"Publicidad en ThingstodoinAmsterdam: Aumenta tu Visibilidad","description":"Colabora con nosotros. Tenemos muchas opciones para promocionar tu negocio entre miles de personas que visitan \u00c1msterdam.","robots":{"index":"index","follow":"follow","max-snippet":"max-snippet:-1","max-image-preview":"max-image-preview:large","max-video-preview":"max-video-preview:-1"},"canonical":"https:\/\/thingstodoinamsterdam.com\/es\/anunciate\/","og_locale":"es_ES","og_type":"article","og_title":"Publicidad en ThingstodoinAmsterdam: Aumenta tu Visibilidad","og_description":"Colabora con nosotros. Tenemos muchas opciones para promocionar tu negocio entre miles de personas que visitan \u00c1msterdam.","og_url":"https:\/\/thingstodoinamsterdam.com\/es\/anunciate\/","og_site_name":"ThingstodoinAmsterdam.com","article_publisher":"https:\/\/www.facebook.com\/thingstodoinamsterdamcom","article_modified_time":"2026-03-10T10:43:37+00:00","og_image":[{"width":512,"height":512,"url":"https:\/\/thingstodoinamsterdam.com\/wp-content\/uploads\/2023\/07\/favicon-logo.png","type":"image\/png"}],"twitter_card":"summary_large_image","twitter_misc":{"Tiempo de lectura":"3 minutos"},"schema":{"@context":"https:\/\/schema.org","@graph":[{"@type":"WebPage","@id":"https:\/\/thingstodoinamsterdam.com\/es\/anunciate\/","url":"https:\/\/thingstodoinamsterdam.com\/es\/anunciate\/","name":"Publicidad en ThingstodoinAmsterdam: Aumenta tu Visibilidad","isPartOf":{"@id":"https:\/\/thingstodoinamsterdam.com\/es\/#website"},"primaryImageOfPage":{"@id":"https:\/\/thingstodoinamsterdam.com\/es\/anunciate\/#primaryimage"},"image":{"@id":"https:\/\/thingstodoinamsterdam.com\/es\/anunciate\/#primaryimage"},"thumbnailUrl":"https:\/\/thingstodoinamsterdam.com\/wp-content\/uploads\/2023\/07\/favicon-logo.png","datePublished":"2024-03-08T09:20:41+00:00","dateModified":"2026-03-10T10:43:37+00:00","description":"Colabora con nosotros. Tenemos muchas opciones para promocionar tu negocio entre miles de personas que visitan \u00c1msterdam.","breadcrumb":{"@id":"https:\/\/thingstodoinamsterdam.com\/es\/anunciate\/#breadcrumb"},"inLanguage":"es","potentialAction":[{"@type":"ReadAction","target":["https:\/\/thingstodoinamsterdam.com\/es\/anunciate\/"]}]},{"@type":"ImageObject","inLanguage":"es","@id":"https:\/\/thingstodoinamsterdam.com\/es\/anunciate\/#primaryimage","url":"https:\/\/thingstodoinamsterdam.com\/wp-content\/uploads\/2023\/07\/favicon-logo.png","contentUrl":"https:\/\/thingstodoinamsterdam.com\/wp-content\/uploads\/2023\/07\/favicon-logo.png","width":512,"height":512,"caption":"favicon logo thingstodoinamsterdam.com"},{"@type":"BreadcrumbList","@id":"https:\/\/thingstodoinamsterdam.com\/es\/anunciate\/#breadcrumb","itemListElement":[{"@type":"ListItem","position":1,"name":"Qu\u00e9 hacer en \u00c1msterdam","item":"https:\/\/thingstodoinamsterdam.com\/es\/"},{"@type":"ListItem","position":2,"name":"An\u00fanciate"}]},{"@type":"WebSite","@id":"https:\/\/thingstodoinamsterdam.com\/es\/#website","url":"https:\/\/thingstodoinamsterdam.com\/es\/","name":"ThingstodoinAmsterdam.com","description":"Amsterdam&#039;s highlights and hidden secrets","publisher":{"@id":"https:\/\/thingstodoinamsterdam.com\/es\/#organization"},"potentialAction":[{"@type":"SearchAction","target":{"@type":"EntryPoint","urlTemplate":"https:\/\/thingstodoinamsterdam.com\/es\/?s={search_term_string}"},"query-input":{"@type":"PropertyValueSpecification","valueRequired":true,"valueName":"search_term_string"}}],"inLanguage":"es"},{"@type":"Organization","@id":"https:\/\/thingstodoinamsterdam.com\/es\/#organization","name":"Qu\u00e9 hacer en \u00c1msterdam","url":"https:\/\/thingstodoinamsterdam.com\/es\/","logo":{"@type":"ImageObject","inLanguage":"es","@id":"https:\/\/thingstodoinamsterdam.com\/es\/#\/schema\/logo\/image\/","url":"https:\/\/thingstodoinamsterdam.com\/wp-content\/uploads\/2025\/02\/ThingsToDoInAmsterdam-Favicon-logo.png","contentUrl":"https:\/\/thingstodoinamsterdam.com\/wp-content\/uploads\/2025\/02\/ThingsToDoInAmsterdam-Favicon-logo.png","width":512,"height":512,"caption":"Qu\u00e9 hacer en \u00c1msterdam"},"image":{"@id":"https:\/\/thingstodoinamsterdam.com\/es\/#\/schema\/logo\/image\/"},"sameAs":["https:\/\/www.facebook.com\/thingstodoinamsterdamcom"]}]}},"_links":{"self":[{"href":"https:\/\/thingstodoinamsterdam.com\/es\/wp-json\/wp\/v2\/pages\/1019908","targetHints":{"allow":["GET"]}}],"collection":[{"href":"https:\/\/thingstodoinamsterdam.com\/es\/wp-json\/wp\/v2\/pages"}],"about":[{"href":"https:\/\/thingstodoinamsterdam.com\/es\/wp-json\/wp\/v2\/types\/page"}],"author":[{"embeddable":true,"href":"https:\/\/thingstodoinamsterdam.com\/es\/wp-json\/wp\/v2\/users\/33"}],"replies":[{"embeddable":true,"href":"https:\/\/thingstodoinamsterdam.com\/es\/wp-json\/wp\/v2\/comments?post=1019908"}],"version-history":[{"count":8,"href":"https:\/\/thingstodoinamsterdam.com\/es\/wp-json\/wp\/v2\/pages\/1019908\/revisions"}],"predecessor-version":[{"id":2534796,"href":"https:\/\/thingstodoinamsterdam.com\/es\/wp-json\/wp\/v2\/pages\/1019908\/revisions\/2534796"}],"wp:featuredmedia":[{"embeddable":true,"href":"https:\/\/thingstodoinamsterdam.com\/es\/wp-json\/wp\/v2\/media\/516641"}],"wp:attachment":[{"href":"https:\/\/thingstodoinamsterdam.com\/es\/wp-json\/wp\/v2\/media?parent=1019908"}],"curies":[{"name":"wp","href":"https:\/\/api.w.org\/{rel}","templated":true}]}}