{"id":14429,"date":"2022-07-15T15:19:18","date_gmt":"2022-07-15T14:19:18","guid":{"rendered":"https:\/\/thingstodoinamsterdam.com\/?page_id=14429"},"modified":"2025-09-04T16:58:33","modified_gmt":"2025-09-04T14:58:33","slug":"getyourguide-amsterdam","status":"publish","type":"page","link":"https:\/\/thingstodoinamsterdam.com\/es\/quienes-somos\/getyourguide-amsterdam\/","title":{"rendered":"GetYourGuide \u00c1msterdam"},"content":{"rendered":"<div class=\"wpb-content-wrapper\"><p>[vc_row][vc_column][buttonsticky title=\u00bbCompra aqu\u00ed tus entradas a las atracciones m\u00e1s destacadas de \u00c1msterdam\u00bb link=\u00bb\/ticketlink-homeamsterdam-gyg-std\u00bb target=\u00bbtrue\u00bb nofollow=\u00bbtrue\u00bb el_id=\u00bb1663337758234-a6cbfe66-8b04&#8243;][\/vc_column][\/vc_row][vc_row][vc_column][vc_column_text]GetYourGuide es una nueva forma de viajar. F\u00e1cil y c\u00f3moda, repleta de experiencias \u00fanicas.<\/p><div id=\"ez-toc-container\" class=\"ez-toc-v2_0_82_2 counter-hierarchy ez-toc-counter ez-toc-custom ez-toc-container-direction\">\n<div class=\"ez-toc-title-container\">\n<span class=\"ez-toc-title-toggle\"><a href=\"#\" class=\"ez-toc-pull-right ez-toc-btn ez-toc-btn-xs ez-toc-btn-default ez-toc-toggle\" aria-label=\"Alternar tabla de contenidos\"><span class=\"ez-toc-js-icon-con\"><span class=\"\"><span class=\"eztoc-hide\" style=\"display:none;\">Toggle<\/span><span class=\"ez-toc-icon-toggle-span\"><svg style=\"fill: #999;color:#999\" xmlns=\"http:\/\/www.w3.org\/2000\/svg\" class=\"list-377408\" width=\"20px\" height=\"20px\" viewBox=\"0 0 24 24\" fill=\"none\"><path d=\"M6 6H4v2h2V6zm14 0H8v2h12V6zM4 11h2v2H4v-2zm16 0H8v2h12v-2zM4 16h2v2H4v-2zm16 0H8v2h12v-2z\" fill=\"currentColor\"><\/path><\/svg><svg style=\"fill: #999;color:#999\" class=\"arrow-unsorted-368013\" xmlns=\"http:\/\/www.w3.org\/2000\/svg\" width=\"10px\" height=\"10px\" viewBox=\"0 0 24 24\" version=\"1.2\" baseProfile=\"tiny\"><path d=\"M18.2 9.3l-6.2-6.3-6.2 6.3c-.2.2-.3.4-.3.7s.1.5.3.7c.2.2.4.3.7.3h11c.3 0 .5-.1.7-.3.2-.2.3-.5.3-.7s-.1-.5-.3-.7zM5.8 14.7l6.2 6.3 6.2-6.3c.2-.2.3-.5.3-.7s-.1-.5-.3-.7c-.2-.2-.4-.3-.7-.3h-11c-.3 0-.5.1-.7.3-.2.2-.3.5-.3.7s.1.5.3.7z\"\/><\/svg><\/span><\/span><\/span><\/a><\/span><\/div>\n<nav><ul class='ez-toc-list ez-toc-list-level-1 ' ><li class='ez-toc-page-1 ez-toc-heading-level-2'><a class=\"ez-toc-link ez-toc-heading-1\" href=\"https:\/\/thingstodoinamsterdam.com\/es\/quienes-somos\/getyourguide-amsterdam\/#codigos-de-descuento-y-promociones-de-getyourguide\" >C\u00f3digos de descuento y promociones de GetYourGuide<\/a><\/li><li class='ez-toc-page-1 ez-toc-heading-level-2'><a class=\"ez-toc-link ez-toc-heading-2\" href=\"https:\/\/thingstodoinamsterdam.com\/es\/quienes-somos\/getyourguide-amsterdam\/#getyourguide-preguntas-mas-frecuentes\" >GetYourGuide Preguntas\u00a0m\u00e1s frecuentes<\/a><\/li><\/ul><\/nav><\/div>\n\n<p>GetYourGuide te proporciona viajes inolvidables. No importa a donde vayas, Get Your Guide te ofrecer\u00e1 experiencias tanto personales como novedosas. Con GetYourGuide a tu lado \u2014 y en tu bolsillo \u2014 podr\u00e1s descubrir a fondo cada destino al que vayas.<\/p>\n<p>Millones de personas utilizan GetYourGuide para realizar sus viajes de ensue\u00f1o. Y esto es solo el comienzo, el objetivo de Get Your Guide es ayudar a la gente a conectar con sus destinos elegidos y as\u00ed crear su propio viaje so\u00f1ado.[\/vc_column_text][button title=\u00bbCompra aqu\u00ed tus entradas online para las atracciones m\u00e1s destacadas de \u00c1msterdam\u00bb link=\u00bb\/ticketlink-homeamsterdam-gyg-std\u00bb icon=\u00bb\u00bb button_align=\u00bbcenter\u00bb target=\u00bbtrue\u00bb nofollow=\u00bbtrue\u00bb el_id=\u00bb1570001601134-cc7cc402-9184&#8243;][vc_column_text]GetYourGuide.com quiere que todos tus viajes sean extraordinarios. GetYourGuide se convertir\u00e1 en tu gu\u00eda personal y te ayudar\u00e1 a encontrar los planes que m\u00e1s te interesen y los lugares m\u00e1s incre\u00edbles, cualquiera que sea el destino que elijas. Desde los lugares m\u00e1s concurridos a las experiencias m\u00e1s exclusivas y \u00fanicas, gracias a GetYourGuide vivir momentos inolvidables durante tus viajes ser\u00e1 un hecho. Crea tu viaje a medida y deja que GetYourGuide te ayude a lograrlo.<\/p>\n<p>Seg\u00fan las rese\u00f1as de los usuarios de todo el mundo de GetYourGuide, GetYourGuide hace f\u00e1cil el descubrir en profundidad cualquier destino tur\u00edstico: sin estreses a la hora de reservar actividades sin importar el destino, simplemente elige tu actividad favorita y deja que\u00a0GetYourGuide haga el resto.<\/p>\n<div data-gyg-href=\"https:\/\/widget.getyourguide.com\/default\/activites.frame\" data-gyg-iata=\"AMS\" data-gyg-locale-code=\"en-US\" data-gyg-widget=\"activities\" data-gyg-number-of-items=\"3\" data-gyg-currency=\"EUR\" data-gyg-partner-id=\"GWBPMNM\"><\/div>\n<p><script async defer src=\"https:\/\/widget.getyourguide.com\/v2\/widget.js\"><\/script><\/p>\n<p>Crear momentos inolvidables \u2014 eso es lo que hace GetYourGuide \u00c1msterdam. En GetYourGuide encontrar\u00e1s una gran selecci\u00f3n de actividades a realizar para todos los gustos y p\u00fablicos, \u00a1cada momento cuenta!<\/p>\n<p>No dejes que las esperas y colas sean parte de tus recuerdos de tu viaje, reserva con antelaci\u00f3n y ev\u00edtate esperas interminables para acceder a las atracciones m\u00e1s populares.<\/p>\n<p>Adem\u00e1s: aprov\u00e9chate de las recomendaciones personalizadas de GetYourGuide antes y durante tu estancia en el destino elegido y descubre todo lo que tiene por ofrecer.<\/p>\n<h2><span class=\"ez-toc-section\" id=\"codigos-de-descuento-y-promociones-de-getyourguide\"><\/span>C\u00f3digos de descuento y promociones de GetYourGuide<span class=\"ez-toc-section-end\"><\/span><\/h2>\n<p>Anteriormente Getyourguide sol\u00eda trabajar mucho con descuentos y c\u00f3digos promocionales. Sin embargo, desde que GetYourGuide\u00a0se ha convertido en una de las plataformas m\u00e1s usadas, han dejado de ofrecer descuentos y promociones en general. Aunque ocasionalmente puede que los ofrezcan para alg\u00fan evento puntual, \u00a1nosotros seremos los primero en hac\u00e9rtelo saber en cuanto eso ocurra! los podr\u00e1s encontrar cuando los haya despu\u00e9s de este texto. Si ahora mismo no los hay, \u00a1no te desanimes! seguro que ir\u00e1n apareciendo, estate atento.<\/p>\n<h3>Tarjeta regalo de GetYourGuide<\/h3>\n<p>\u00bfQuieres regalar algo \u00fanico? Regalar experiencias es algo que el afortunado recordar\u00e1 para siempre, eso es lo que intenta transmitir GetYourGuide vendiendo sus tarjetas regalo. Las puedes regalar de forma digital o obtenerlas de forma f\u00edsica y podr\u00e1s elegir como regalo entre m\u00e1s de 35000 actividades diferentes llevadas a cabo en todo el mundo. \u00a1La tarjeta regalo puede ser un muy buen obsequio! Para m\u00e1s informaci\u00f3n, entra en\u00a0<a href=\"\/ticketlink-coupon-gyg-std\" target=\"_blank\" rel=\"nofollow noopener noreferrer\">https:\/\/www.getyourguide.es\/coupon<\/a><\/p>\n<p><img decoding=\"async\" class=\"wp-image-3618 size-full aligncenter\" src=\"https:\/\/thingstodoinamsterdam.com\/wp-content\/uploads\/2019\/10\/Get-Your-Guide-Amsterdam.png\" alt=\"Get Your Guide Amsterdam\" width=\"900\" height=\"580\" srcset=\"https:\/\/thingstodoinamsterdam.com\/wp-content\/uploads\/2019\/10\/Get-Your-Guide-Amsterdam.png 900w, https:\/\/thingstodoinamsterdam.com\/wp-content\/uploads\/2019\/10\/Get-Your-Guide-Amsterdam-300x193.png 300w, https:\/\/thingstodoinamsterdam.com\/wp-content\/uploads\/2019\/10\/Get-Your-Guide-Amsterdam-768x495.png 768w\" sizes=\"(max-width: 900px) 100vw, 900px\" \/>[\/vc_column_text][vc_column_text]<\/p>\n<h3 id=\"instructions\"><strong>Top 10 superventas de GetYourGuide \u00c1msterdam<\/strong><\/h3>\n<p><a href=\"https:\/\/thingstodoinamsterdam.com\/es\/\">\u00c1msterdam<\/a>\u00a0es una ciudad magn\u00edfica y GetYourGuide \u00c1msterdam ofrece las mejores experiencias y visitas a los lugares m\u00e1s populares los cuales no te puedes perder. Si vas a visitar \u00c1msterdam pronto, no te pierdas las siguientes actividades y no te olvides de comprar tus entradas con anticipaci\u00f3n;<\/p>\n<ol>\n<li>\u00c1msterdam: Museo Casa de Rembrandt<\/li>\n<li>\u00c1msterdam: Museo de Van Gogh Museum &amp; Crucero por los canales<\/li>\n<li>\u00c1msterdam: Entrada sin esperas para el Museo\u00a0Stedelijk<\/li>\n<li>\u00c1msterdam: Museo de Van Gogh &amp; Crucero en barco semi abierto<\/li>\n<li>\u00c1msterdam: Museo Stedelijk &amp; Crucero de una hora por los canales<\/li>\n<li>\u00c1msterdam: Crucero por los canales con gu\u00eda<\/li>\n<li>3 horas de tour en bicicleta por el centro hist\u00f3rico de \u00c1msterdam<\/li>\n<li>Tour de 75 minutos del estadio Johan Cruijff ArenA<\/li>\n<li>\u00c1msterdam: Crucero por los canales &amp;\u00a0Xtracold Icebar<\/li>\n<li>\u00c1msterdam: Tour a pie cultural e hist\u00f3rico<\/li>\n<\/ol>\n<p>[\/vc_column_text][vc_column_text]GetYourGuide tambi\u00e9n ofrece entradas a una amplia selecci\u00f3n de museos, atracciones y productos. A continuaci\u00f3n, encontrar\u00e1s un listado con las entradas y productos m\u00e1s vendidos en \u00c1msterdam. Puedes comprarlos con antelaci\u00f3n:<\/p>\n<ol>\n<li>\u00c1msterdam: Transporte p\u00fablico<\/li>\n<li>Entradas sin esperas y audio gu\u00edas para el Palacio Real de \u00c1msterdam<\/li>\n<li>La tarjeta de I Amsterdam City Card<\/li>\n<li>Tour a pie por \u00c1msterdam: La fascinante historia de Anne Frank<\/li>\n<li>Tour de medio d\u00eda por los molinos de Zaanse Schans desde \u00c1msterdam<\/li>\n<li>Tickets de transporte p\u00fablico y del autob\u00fas 397 al aeropuerto<\/li>\n<li>\u00c1msterdam Airport Express: Ticket de ida y vuelta del aeropuerto al centro de la ciudad<\/li>\n<li>Tour cultural de la marihuana por algunos Coffeeshops<\/li>\n<li>\u00c1msterdam: Tour a pie sobre la vida de Anne Frank<\/li>\n<li>Transporte al centro comercial Batavia Stad Shopping Outlet<\/li>\n<li>\u00c1msterdam: Tour privado gastron\u00f3mico con un local<\/li>\n<\/ol>\n<p>[\/vc_column_text][vc_column_text]<\/p>\n<h2><span class=\"ez-toc-section\" id=\"getyourguide-preguntas-mas-frecuentes\"><\/span><strong>GetYourGuide Preguntas\u00a0m\u00e1s frecuentes<\/strong><span class=\"ez-toc-section-end\"><\/span><\/h2>\n<h3><strong>\u00bfCu\u00e1ndo recibir\u00e9 mis entradas y\u00a0cu\u00e1nto tardar\u00e1?<\/strong><\/h3>\n<p>Depender\u00e1 del tipo de entrada. Para la mayor\u00eda de museos y actividades deber\u00edas recibir tus entradas en cuesti\u00f3n de minutos.<\/p>\n<h3><strong>\u00bfEs seguro comprar en GetYourGuide?<\/strong><\/h3>\n<p>S\u00ed, es totalmente seguro comprar tus entradas a trav\u00e9s de GetYourGuide.<\/p>\n<h3><strong>\u00bfC\u00f3mo se puede pagar en GetYourGuide?<\/strong><\/h3>\n<p>Se pueden comprar entradas con tarjeta de cr\u00e9dito o d\u00e9bito, PayPal y con Google Pay a trav\u00e9s de la p\u00e1gina web de GetYourGuide o su app. Todos los pagos son seguros y est\u00e1n encriptados.<\/p>\n<h3><strong>\u00bfRealiza GetYourGuide devoluciones por entradas ya compradas?<\/strong><\/h3>\n<p>Depender\u00e1 del proveedor, del tipo de actividad y entrada adquirida ya que hay pol\u00edticas de devoluci\u00f3n diferentes. Por lo general, si cancelas tu entrada antes de 24 horas de la fecha de uso se realizar\u00e1 entonces la devoluci\u00f3n.<\/p>\n<h3><strong>\u00bfC\u00f3mo puedo contactar con el equipo de soporte de GetYourGuide \u00c1msterdam?<\/strong><\/h3>\n<p>Puedes contactar con ellos a trav\u00e9s del n\u00famero de tel\u00e9fono <strong>+493056839445<\/strong>, tambi\u00e9n est\u00e1n disponibles por WhatsApp y email.<\/p>\n<h3><strong>\u00bfOfrece GetYourGuide descuentos o promociones?<\/strong><\/h3>\n<p>No, GetYourGuide no ofrece de normal descuentos y promociones.<\/p>\n<h3><strong>Tengo una queja, \u00bfc\u00f3mo la comparto?<\/strong><\/h3>\n<p>Si tienes alguna queja o comentario lo mejor es llamar, enviar un WhatsApp o un email a GetYourGuide. Recuerda que GetYourGuide trabaja para crear viajes inolvidables para ti, en algunos casos puede ser que el problema recaiga en los proveedores y no en ellos.<b>\u00a0<\/b>[\/vc_column_text][button title=\u00bbCompra aqu\u00ed tus entradas a las atracciones m\u00e1s destacadas de \u00c1msterdam\u00bb link=\u00bb\/ticketlink-homeamsterdam-gyg-std\u00bb icon=\u00bb\u00bb button_align=\u00bbcenter\u00bb target=\u00bbtrue\u00bb nofollow=\u00bbtrue\u00bb el_id=\u00bb1570003760593-e173c5fc-e521&#8243;][\/vc_column][\/vc_row][vc_row][vc_column][reviews heading=\u00bbRese\u00f1as GetYourGuide\u00bb el_id=\u00bb1570003882489-45468607-0d08&#8243;]\u00bfHas comprado tus entradas online para alg\u00fan museo, atracci\u00f3n o actividad? \u00bfCu\u00e1nto tard\u00f3 la entrada en llegarte? \u00bfTe fue f\u00e1cil acceder al museo elegido? \u00a1Comp\u00e1rtenos tu experiencia y ayuda con tu rese\u00f1a a futuros visitantes y a GetYourGuide a mejorar!<\/p>\n<p>Te rogamos por favor paciencia ya que revisamos de forma manual cada rese\u00f1a de GetYourGuide. \u00a1Gracias por tu paciencia![\/reviews][\/vc_column][\/vc_row]<\/p>\n<\/div>","protected":false},"excerpt":{"rendered":"<p>[vc_row][vc_column][buttonsticky title=\u00bbCompra aqu\u00ed tus entradas a las atracciones m\u00e1s destacadas de \u00c1msterdam\u00bb link=\u00bb\/ticketlink-homeamsterdam-gyg-std\u00bb target=\u00bbtrue\u00bb nofollow=\u00bbtrue\u00bb el_id=\u00bb1663337758234-a6cbfe66-8b04&#8243;][\/vc_column][\/vc_row][vc_row][vc_column][vc_column_text]GetYourGuide es una nueva forma de viajar. F\u00e1cil y c\u00f3moda,\u2026<\/p>\n","protected":false},"author":33,"featured_media":13362,"parent":11750,"menu_order":0,"comment_status":"closed","ping_status":"closed","template":"","meta":{"footnotes":""},"class_list":["post-14429","page","type-page","status-publish","has-post-thumbnail","hentry"],"yoast_head":"<!-- This site is optimized with the Yoast SEO plugin v27.4 - https:\/\/yoast.com\/product\/yoast-seo-wordpress\/ -->\n<title>GetYourGuide \u00c1msterdam - ThingstodoinAmsterdam.com<\/title>\n<meta name=\"description\" content=\"GetYourGuide \u00c1msterdam ser\u00e1 tu gu\u00eda de bolsillo, compra tus entradas online con ellos para los museos, actividades y productos m\u00e1s populares.\" \/>\n<meta name=\"robots\" content=\"index, follow, max-snippet:-1, max-image-preview:large, max-video-preview:-1\" \/>\n<link rel=\"canonical\" href=\"https:\/\/thingstodoinamsterdam.com\/es\/quienes-somos\/getyourguide-amsterdam\/\" \/>\n<meta property=\"og:locale\" content=\"es_ES\" \/>\n<meta property=\"og:type\" content=\"article\" \/>\n<meta property=\"og:title\" content=\"GetYourGuide \u00c1msterdam - ThingstodoinAmsterdam.com\" \/>\n<meta property=\"og:description\" content=\"GetYourGuide \u00c1msterdam ser\u00e1 tu gu\u00eda de bolsillo, compra tus entradas online con ellos para los museos, actividades y productos m\u00e1s populares.\" \/>\n<meta property=\"og:url\" content=\"https:\/\/thingstodoinamsterdam.com\/es\/quienes-somos\/getyourguide-amsterdam\/\" \/>\n<meta property=\"og:site_name\" content=\"ThingstodoinAmsterdam.com\" \/>\n<meta property=\"article:publisher\" content=\"https:\/\/www.facebook.com\/thingstodoinamsterdamcom\" \/>\n<meta property=\"article:modified_time\" content=\"2025-09-04T14:58:33+00:00\" \/>\n<meta property=\"og:image\" content=\"https:\/\/thingstodoinamsterdam.com\/wp-content\/uploads\/2019\/10\/GetYourGuide-Amsterdam-e1570198080241.jpg\" \/>\n\t<meta property=\"og:image:width\" content=\"900\" \/>\n\t<meta property=\"og:image:height\" content=\"779\" \/>\n\t<meta property=\"og:image:type\" content=\"image\/jpeg\" \/>\n<meta name=\"twitter:card\" content=\"summary_large_image\" \/>\n<meta name=\"twitter:label1\" content=\"Tiempo de lectura\" \/>\n\t<meta name=\"twitter:data1\" content=\"6 minutos\" \/>\n<script type=\"application\/ld+json\" class=\"yoast-schema-graph\">{\"@context\":\"https:\\\/\\\/schema.org\",\"@graph\":[{\"@type\":\"WebPage\",\"@id\":\"https:\\\/\\\/thingstodoinamsterdam.com\\\/es\\\/quienes-somos\\\/getyourguide-amsterdam\\\/\",\"url\":\"https:\\\/\\\/thingstodoinamsterdam.com\\\/es\\\/quienes-somos\\\/getyourguide-amsterdam\\\/\",\"name\":\"GetYourGuide \u00c1msterdam - ThingstodoinAmsterdam.com\",\"isPartOf\":{\"@id\":\"https:\\\/\\\/thingstodoinamsterdam.com\\\/es\\\/#website\"},\"primaryImageOfPage\":{\"@id\":\"https:\\\/\\\/thingstodoinamsterdam.com\\\/es\\\/quienes-somos\\\/getyourguide-amsterdam\\\/#primaryimage\"},\"image\":{\"@id\":\"https:\\\/\\\/thingstodoinamsterdam.com\\\/es\\\/quienes-somos\\\/getyourguide-amsterdam\\\/#primaryimage\"},\"thumbnailUrl\":\"https:\\\/\\\/thingstodoinamsterdam.com\\\/wp-content\\\/uploads\\\/2019\\\/10\\\/GetYourGuide-Amsterdam-e1570198080241.jpg\",\"datePublished\":\"2022-07-15T14:19:18+00:00\",\"dateModified\":\"2025-09-04T14:58:33+00:00\",\"description\":\"GetYourGuide \u00c1msterdam ser\u00e1 tu gu\u00eda de bolsillo, compra tus entradas online con ellos para los museos, actividades y productos m\u00e1s populares.\",\"breadcrumb\":{\"@id\":\"https:\\\/\\\/thingstodoinamsterdam.com\\\/es\\\/quienes-somos\\\/getyourguide-amsterdam\\\/#breadcrumb\"},\"inLanguage\":\"es\",\"potentialAction\":[{\"@type\":\"ReadAction\",\"target\":[\"https:\\\/\\\/thingstodoinamsterdam.com\\\/es\\\/quienes-somos\\\/getyourguide-amsterdam\\\/\"]}]},{\"@type\":\"ImageObject\",\"inLanguage\":\"es\",\"@id\":\"https:\\\/\\\/thingstodoinamsterdam.com\\\/es\\\/quienes-somos\\\/getyourguide-amsterdam\\\/#primaryimage\",\"url\":\"https:\\\/\\\/thingstodoinamsterdam.com\\\/wp-content\\\/uploads\\\/2019\\\/10\\\/GetYourGuide-Amsterdam-e1570198080241.jpg\",\"contentUrl\":\"https:\\\/\\\/thingstodoinamsterdam.com\\\/wp-content\\\/uploads\\\/2019\\\/10\\\/GetYourGuide-Amsterdam-e1570198080241.jpg\",\"width\":900,\"height\":779,\"caption\":\"GetYourGuide Amsterdam\"},{\"@type\":\"BreadcrumbList\",\"@id\":\"https:\\\/\\\/thingstodoinamsterdam.com\\\/es\\\/quienes-somos\\\/getyourguide-amsterdam\\\/#breadcrumb\",\"itemListElement\":[{\"@type\":\"ListItem\",\"position\":1,\"name\":\"Qu\u00e9 hacer en \u00c1msterdam\",\"item\":\"https:\\\/\\\/thingstodoinamsterdam.com\\\/es\\\/\"},{\"@type\":\"ListItem\",\"position\":2,\"name\":\"Acerca de\",\"item\":\"https:\\\/\\\/thingstodoinamsterdam.com\\\/es\\\/quienes-somos\\\/\"},{\"@type\":\"ListItem\",\"position\":3,\"name\":\"GetYourGuide \u00c1msterdam\"}]},{\"@type\":\"WebSite\",\"@id\":\"https:\\\/\\\/thingstodoinamsterdam.com\\\/es\\\/#website\",\"url\":\"https:\\\/\\\/thingstodoinamsterdam.com\\\/es\\\/\",\"name\":\"ThingstodoinAmsterdam.com\",\"description\":\"Amsterdam&#039;s highlights and hidden secrets\",\"publisher\":{\"@id\":\"https:\\\/\\\/thingstodoinamsterdam.com\\\/es\\\/#organization\"},\"potentialAction\":[{\"@type\":\"SearchAction\",\"target\":{\"@type\":\"EntryPoint\",\"urlTemplate\":\"https:\\\/\\\/thingstodoinamsterdam.com\\\/es\\\/?s={search_term_string}\"},\"query-input\":{\"@type\":\"PropertyValueSpecification\",\"valueRequired\":true,\"valueName\":\"search_term_string\"}}],\"inLanguage\":\"es\"},{\"@type\":\"Organization\",\"@id\":\"https:\\\/\\\/thingstodoinamsterdam.com\\\/es\\\/#organization\",\"name\":\"Qu\u00e9 hacer en \u00c1msterdam\",\"url\":\"https:\\\/\\\/thingstodoinamsterdam.com\\\/es\\\/\",\"logo\":{\"@type\":\"ImageObject\",\"inLanguage\":\"es\",\"@id\":\"https:\\\/\\\/thingstodoinamsterdam.com\\\/es\\\/#\\\/schema\\\/logo\\\/image\\\/\",\"url\":\"https:\\\/\\\/thingstodoinamsterdam.com\\\/wp-content\\\/uploads\\\/2025\\\/02\\\/ThingsToDoInAmsterdam-Favicon-logo.png\",\"contentUrl\":\"https:\\\/\\\/thingstodoinamsterdam.com\\\/wp-content\\\/uploads\\\/2025\\\/02\\\/ThingsToDoInAmsterdam-Favicon-logo.png\",\"width\":512,\"height\":512,\"caption\":\"Qu\u00e9 hacer en \u00c1msterdam\"},\"image\":{\"@id\":\"https:\\\/\\\/thingstodoinamsterdam.com\\\/es\\\/#\\\/schema\\\/logo\\\/image\\\/\"},\"sameAs\":[\"https:\\\/\\\/www.facebook.com\\\/thingstodoinamsterdamcom\"]}]}<\/script>\n<!-- \/ Yoast SEO plugin. -->","yoast_head_json":{"title":"GetYourGuide \u00c1msterdam - ThingstodoinAmsterdam.com","description":"GetYourGuide \u00c1msterdam ser\u00e1 tu gu\u00eda de bolsillo, compra tus entradas online con ellos para los museos, actividades y productos m\u00e1s populares.","robots":{"index":"index","follow":"follow","max-snippet":"max-snippet:-1","max-image-preview":"max-image-preview:large","max-video-preview":"max-video-preview:-1"},"canonical":"https:\/\/thingstodoinamsterdam.com\/es\/quienes-somos\/getyourguide-amsterdam\/","og_locale":"es_ES","og_type":"article","og_title":"GetYourGuide \u00c1msterdam - ThingstodoinAmsterdam.com","og_description":"GetYourGuide \u00c1msterdam ser\u00e1 tu gu\u00eda de bolsillo, compra tus entradas online con ellos para los museos, actividades y productos m\u00e1s populares.","og_url":"https:\/\/thingstodoinamsterdam.com\/es\/quienes-somos\/getyourguide-amsterdam\/","og_site_name":"ThingstodoinAmsterdam.com","article_publisher":"https:\/\/www.facebook.com\/thingstodoinamsterdamcom","article_modified_time":"2025-09-04T14:58:33+00:00","og_image":[{"width":900,"height":779,"url":"https:\/\/thingstodoinamsterdam.com\/wp-content\/uploads\/2019\/10\/GetYourGuide-Amsterdam-e1570198080241.jpg","type":"image\/jpeg"}],"twitter_card":"summary_large_image","twitter_misc":{"Tiempo de lectura":"6 minutos"},"schema":{"@context":"https:\/\/schema.org","@graph":[{"@type":"WebPage","@id":"https:\/\/thingstodoinamsterdam.com\/es\/quienes-somos\/getyourguide-amsterdam\/","url":"https:\/\/thingstodoinamsterdam.com\/es\/quienes-somos\/getyourguide-amsterdam\/","name":"GetYourGuide \u00c1msterdam - ThingstodoinAmsterdam.com","isPartOf":{"@id":"https:\/\/thingstodoinamsterdam.com\/es\/#website"},"primaryImageOfPage":{"@id":"https:\/\/thingstodoinamsterdam.com\/es\/quienes-somos\/getyourguide-amsterdam\/#primaryimage"},"image":{"@id":"https:\/\/thingstodoinamsterdam.com\/es\/quienes-somos\/getyourguide-amsterdam\/#primaryimage"},"thumbnailUrl":"https:\/\/thingstodoinamsterdam.com\/wp-content\/uploads\/2019\/10\/GetYourGuide-Amsterdam-e1570198080241.jpg","datePublished":"2022-07-15T14:19:18+00:00","dateModified":"2025-09-04T14:58:33+00:00","description":"GetYourGuide \u00c1msterdam ser\u00e1 tu gu\u00eda de bolsillo, compra tus entradas online con ellos para los museos, actividades y productos m\u00e1s populares.","breadcrumb":{"@id":"https:\/\/thingstodoinamsterdam.com\/es\/quienes-somos\/getyourguide-amsterdam\/#breadcrumb"},"inLanguage":"es","potentialAction":[{"@type":"ReadAction","target":["https:\/\/thingstodoinamsterdam.com\/es\/quienes-somos\/getyourguide-amsterdam\/"]}]},{"@type":"ImageObject","inLanguage":"es","@id":"https:\/\/thingstodoinamsterdam.com\/es\/quienes-somos\/getyourguide-amsterdam\/#primaryimage","url":"https:\/\/thingstodoinamsterdam.com\/wp-content\/uploads\/2019\/10\/GetYourGuide-Amsterdam-e1570198080241.jpg","contentUrl":"https:\/\/thingstodoinamsterdam.com\/wp-content\/uploads\/2019\/10\/GetYourGuide-Amsterdam-e1570198080241.jpg","width":900,"height":779,"caption":"GetYourGuide Amsterdam"},{"@type":"BreadcrumbList","@id":"https:\/\/thingstodoinamsterdam.com\/es\/quienes-somos\/getyourguide-amsterdam\/#breadcrumb","itemListElement":[{"@type":"ListItem","position":1,"name":"Qu\u00e9 hacer en \u00c1msterdam","item":"https:\/\/thingstodoinamsterdam.com\/es\/"},{"@type":"ListItem","position":2,"name":"Acerca de","item":"https:\/\/thingstodoinamsterdam.com\/es\/quienes-somos\/"},{"@type":"ListItem","position":3,"name":"GetYourGuide \u00c1msterdam"}]},{"@type":"WebSite","@id":"https:\/\/thingstodoinamsterdam.com\/es\/#website","url":"https:\/\/thingstodoinamsterdam.com\/es\/","name":"ThingstodoinAmsterdam.com","description":"Amsterdam&#039;s highlights and hidden secrets","publisher":{"@id":"https:\/\/thingstodoinamsterdam.com\/es\/#organization"},"potentialAction":[{"@type":"SearchAction","target":{"@type":"EntryPoint","urlTemplate":"https:\/\/thingstodoinamsterdam.com\/es\/?s={search_term_string}"},"query-input":{"@type":"PropertyValueSpecification","valueRequired":true,"valueName":"search_term_string"}}],"inLanguage":"es"},{"@type":"Organization","@id":"https:\/\/thingstodoinamsterdam.com\/es\/#organization","name":"Qu\u00e9 hacer en \u00c1msterdam","url":"https:\/\/thingstodoinamsterdam.com\/es\/","logo":{"@type":"ImageObject","inLanguage":"es","@id":"https:\/\/thingstodoinamsterdam.com\/es\/#\/schema\/logo\/image\/","url":"https:\/\/thingstodoinamsterdam.com\/wp-content\/uploads\/2025\/02\/ThingsToDoInAmsterdam-Favicon-logo.png","contentUrl":"https:\/\/thingstodoinamsterdam.com\/wp-content\/uploads\/2025\/02\/ThingsToDoInAmsterdam-Favicon-logo.png","width":512,"height":512,"caption":"Qu\u00e9 hacer en \u00c1msterdam"},"image":{"@id":"https:\/\/thingstodoinamsterdam.com\/es\/#\/schema\/logo\/image\/"},"sameAs":["https:\/\/www.facebook.com\/thingstodoinamsterdamcom"]}]}},"_links":{"self":[{"href":"https:\/\/thingstodoinamsterdam.com\/es\/wp-json\/wp\/v2\/pages\/14429","targetHints":{"allow":["GET"]}}],"collection":[{"href":"https:\/\/thingstodoinamsterdam.com\/es\/wp-json\/wp\/v2\/pages"}],"about":[{"href":"https:\/\/thingstodoinamsterdam.com\/es\/wp-json\/wp\/v2\/types\/page"}],"author":[{"embeddable":true,"href":"https:\/\/thingstodoinamsterdam.com\/es\/wp-json\/wp\/v2\/users\/33"}],"replies":[{"embeddable":true,"href":"https:\/\/thingstodoinamsterdam.com\/es\/wp-json\/wp\/v2\/comments?post=14429"}],"version-history":[{"count":6,"href":"https:\/\/thingstodoinamsterdam.com\/es\/wp-json\/wp\/v2\/pages\/14429\/revisions"}],"predecessor-version":[{"id":2029086,"href":"https:\/\/thingstodoinamsterdam.com\/es\/wp-json\/wp\/v2\/pages\/14429\/revisions\/2029086"}],"up":[{"embeddable":true,"href":"https:\/\/thingstodoinamsterdam.com\/es\/wp-json\/wp\/v2\/pages\/11750"}],"wp:featuredmedia":[{"embeddable":true,"href":"https:\/\/thingstodoinamsterdam.com\/es\/wp-json\/wp\/v2\/media\/13362"}],"wp:attachment":[{"href":"https:\/\/thingstodoinamsterdam.com\/es\/wp-json\/wp\/v2\/media?parent=14429"}],"curies":[{"name":"wp","href":"https:\/\/api.w.org\/{rel}","templated":true}]}}