{"id":14762,"date":"2022-09-16T12:00:33","date_gmt":"2022-09-16T11:00:33","guid":{"rendered":"https:\/\/thingstodoinamsterdam.com\/?page_id=14762"},"modified":"2026-02-11T09:53:23","modified_gmt":"2026-02-11T08:53:23","slug":"excursiones-desde-amsterdam-de-un-dia","status":"publish","type":"page","link":"https:\/\/thingstodoinamsterdam.com\/es\/excursiones-desde-amsterdam-de-un-dia\/","title":{"rendered":"Excursiones desde \u00c1msterdam de un d\u00eda"},"content":{"rendered":"<div class=\"wpb-content-wrapper\"><p>[vc_row][vc_column][vc_column_text]\u00a1Nos encanta \u00c1msterdam como lo habr\u00e9is notado! Es una ciudad con mucho encanto donde hay una gran cantidad de cosas que se pueden hacer, es imposible aburrirse. Sin embargo, los Pa\u00edses Bajos ofrecen mucho m\u00e1s a parte de \u00c1msterdam. Si tienes tiempo te aconsejamos que hagas una excursi\u00f3n de un d\u00eda desde \u00c1msterdam, te sorprender\u00e1s de todo lo que puedes ver a unos pocos minutos de la ciudad. En tan solo un d\u00eda, podr\u00e1s ver cualquiera de la siguientes recomendaciones de a continuaci\u00f3n.<\/p><div id=\"ez-toc-container\" class=\"ez-toc-v2_0_82_2 counter-hierarchy ez-toc-counter ez-toc-custom ez-toc-container-direction\">\n<div class=\"ez-toc-title-container\">\n<span class=\"ez-toc-title-toggle\"><a href=\"#\" class=\"ez-toc-pull-right ez-toc-btn ez-toc-btn-xs ez-toc-btn-default ez-toc-toggle\" aria-label=\"Alternar tabla de contenidos\"><span class=\"ez-toc-js-icon-con\"><span class=\"\"><span class=\"eztoc-hide\" style=\"display:none;\">Toggle<\/span><span class=\"ez-toc-icon-toggle-span\"><svg style=\"fill: #999;color:#999\" xmlns=\"http:\/\/www.w3.org\/2000\/svg\" class=\"list-377408\" width=\"20px\" height=\"20px\" viewBox=\"0 0 24 24\" fill=\"none\"><path d=\"M6 6H4v2h2V6zm14 0H8v2h12V6zM4 11h2v2H4v-2zm16 0H8v2h12v-2zM4 16h2v2H4v-2zm16 0H8v2h12v-2z\" fill=\"currentColor\"><\/path><\/svg><svg style=\"fill: #999;color:#999\" class=\"arrow-unsorted-368013\" xmlns=\"http:\/\/www.w3.org\/2000\/svg\" width=\"10px\" height=\"10px\" viewBox=\"0 0 24 24\" version=\"1.2\" baseProfile=\"tiny\"><path d=\"M18.2 9.3l-6.2-6.3-6.2 6.3c-.2.2-.3.4-.3.7s.1.5.3.7c.2.2.4.3.7.3h11c.3 0 .5-.1.7-.3.2-.2.3-.5.3-.7s-.1-.5-.3-.7zM5.8 14.7l6.2 6.3 6.2-6.3c.2-.2.3-.5.3-.7s-.1-.5-.3-.7c-.2-.2-.4-.3-.7-.3h-11c-.3 0-.5.1-.7.3-.2.2-.3.5-.3.7s.1.5.3.7z\"\/><\/svg><\/span><\/span><\/span><\/a><\/span><\/div>\n<nav><ul class='ez-toc-list ez-toc-list-level-1 ' ><li class='ez-toc-page-1 ez-toc-heading-level-2'><a class=\"ez-toc-link ez-toc-heading-1\" href=\"https:\/\/thingstodoinamsterdam.com\/es\/excursiones-desde-amsterdam-de-un-dia\/#pueblos-que-vale-la-pena-visitar-en-los-paises-bajos\" >Pueblos que vale la pena visitar en los Pa\u00edses Bajos<\/a><\/li><li class='ez-toc-page-1 ez-toc-heading-level-2'><a class=\"ez-toc-link ez-toc-heading-2\" href=\"https:\/\/thingstodoinamsterdam.com\/es\/excursiones-desde-amsterdam-de-un-dia\/#escapadas-desde-amsterdam\" >Escapadas desde \u00c1msterdam<\/a><\/li><li class='ez-toc-page-1 ez-toc-heading-level-2'><a class=\"ez-toc-link ez-toc-heading-3\" href=\"https:\/\/thingstodoinamsterdam.com\/es\/excursiones-desde-amsterdam-de-un-dia\/#excursiones-de-un-dia-a-la-costa\" >Excursiones de un d\u00eda a la costa<\/a><\/li><\/ul><\/nav><\/div>\n\n<p>El n\u00famero de turistas visitando \u00c1msterdam ha crecido exponencialmente en las \u00faltimas dos d\u00e9cadas y se estima que actualmente alrededor de 9 millones de personas visitan la ciudad al a\u00f1o, el doble que en el a\u00f1o 2000. Estas cifras no pasan desapercibidas para los tan solo 800.000 habitantes de la ciudad, sobretodo en la temporada alta donde se puede llegar a tener la sensaci\u00f3n de estar visitando un parque de atracciones por las grandes multitudes de gente en todos lados. Por lo que, despu\u00e9s de pasar unos d\u00edas en <a href=\"https:\/\/thingstodoinamsterdam.com\/es\/\">\u00c1msterdam<\/a>, quiz\u00e1s te apetezca huir de las masas y visitar otros rincones de la provincia.<\/p>\n<p>Hay aut\u00e9nticas joyas por descubrir muy cerca de \u00c1msterdam. Los Pa\u00edses Bajos es un pa\u00eds peque\u00f1o por lo que las distancias para llegar a otros puntos son cortas, a tan solo unos quil\u00f3metros de \u00c1msterdam puedes visitar lugares que valen realmente la pena como por ejemplo los pueblos de <strong>Weesp<\/strong>\u00a0y\u00a0<strong>Muiden<\/strong> o ciudades como <strong>Utrecht<\/strong> y <strong>Rotterdam<\/strong> que est\u00e1n a menos de una hora en transporte p\u00fablico.<\/p>\n<p>Si te apetece hacer una excursi\u00f3n de un d\u00eda desde \u00c1msterdam, no te pierdas las siguientes recomendaciones.<\/p>\n<h2><span class=\"ez-toc-section\" id=\"pueblos-que-vale-la-pena-visitar-en-los-paises-bajos\"><\/span>Pueblos que vale la pena visitar en los Pa\u00edses Bajos<span class=\"ez-toc-section-end\"><\/span><\/h2>\n<p>Si quieres tomarte un respiro del bullicio de la ciudad, te aconsejamos que salgas y descubras alg\u00fan pueblo t\u00edpico holand\u00e9s. Algunas excursiones se pueden hacer incluso en medio d\u00eda, ya que todos estos destinos est\u00e1n menos de una hora de viaje desde \u00c1msterdam. Te sorprender\u00e1 su historia, paisajes y edificios monumentales. Estas son nuestras recomendaciones de pueblos a visitar, a los cuales es posible ir f\u00e1cilmente en bicicleta o en transporte p\u00fablico.[\/vc_column_text][button title=\u00bbReserva aqu\u00ed tu tour guiado de un d\u00eda a Volendam, Marken y Zaanse Schans\u00bb link=\u00bb\/ticketlinkes-daytripmarken-tours-std\u00bb icon=\u00bb\u00bb button_align=\u00bbcenter\u00bb target=\u00bbtrue\u00bb nofollow=\u00bbtrue\u00bb el_id=\u00bb1564476330763-f68bf620-7b84&#8243;][promo_block style_var=\u00bbstyle2&#8243; el_id=\u00bb1564476430490-c53ba6ce-7602&#8243;][promo link=\u00bbtitle:Weesp\u00bb text=\u00bbDescubre la hist\u00f3rica ciudad de Weesp con sus edificios y m\u00faltiples puentes monumentales. Weesp se encuentra a tan solo 15 minutos de \u00c1msterdam y te ense\u00f1ar\u00e1 una cara diferente de los Pa\u00edses Bajos.\u00bb img=\u00bb595&#8243;][promo link=\u00bburl:https%3A%2F%2Fthingstodoinamsterdam.com%2Fes%2Fexcursiones-desde-amsterdam-de-un-dia%2Fmuiden%2F|title:Muiden\u00bb text=\u00bbViaja en el tiempo en Muiden. Visita el castillo y pi\u00e9rdete por las callejuelas de esta localidad. Este pueblo est\u00e1 muy cerca de \u00c1msterdam y tiene mucha historia.\u00bb img=\u00bb1304&#8243;][promo link=\u00bburl:https%3A%2F%2Fthingstodoinamsterdam.com%2Fes%2Fexcursiones-desde-amsterdam-de-un-dia%2Fgiethoorn%2F|title:Giethoorn\u00bb text=\u00bbEste pueblo es conocido como la Venecia de los Pa\u00edses Bajos y est\u00e1 a un par de horas de \u00c1msterdam, a\u00fan as\u00ed vale la pena descubrir este inolvidable enclave.\u00bb img=\u00bb1296&#8243;][promo link=\u00bbtitle:Naarden\u00bb text=\u00bbNaarden es un pueblo no muy conocido bastante cerca de \u00c1msterdam. Este pueblo es muy peculiar e interesante para visitar por su historia y porque est\u00e1 rodeado de una fortaleza en forma de estrella en perfecto estado.\u00bb img=\u00bb1306&#8243;][promo link=\u00bburl:https%3A%2F%2Fthingstodoinamsterdam.com%2Fes%2Fexcursiones-desde-amsterdam-de-un-dia%2Fzaanse-schans%2F|title:Los%20molinos%20de%20viento%20de%20Zaanse%20Schans\u00bb text=\u00bbZaanse Schans es bastante tur\u00edstico pero por motivos de peso; all\u00ed podr\u00e1s conocer varios de los molinos de viento m\u00e1s bonitos y mejor conservados de los Pa\u00edses Bajos. Adem\u00e1s, podr\u00e1s visitar diversos museos como el del queso, el de los zancos de madera t\u00edpicos holandeses y el de las galletas stroopwafels.\u00bb img=\u00bb597&#8243;][promo link=\u00bbtitle:Amstelveen\u00bb text=\u00bbAmstelveen es una localidad m\u00e1s bien peque\u00f1a colindante a \u00c1msterdam, se la puede considerar como una ciudad dormitorio. Es el lugar ideal para escapar del bullicio de \u00c1msterdam e irte de compras por ejemplo con mayor tranquilidad. Amstelveen es tambi\u00e9n conocida por su oferta de arte moderno y contempor\u00e1neo, all\u00ed encontrar\u00e1s por ejemplo el Museo Cobra y el Museo Jan van der Togt.\u00bb img=\u00bb1294&#8243;][\/promo_block][\/vc_column][\/vc_row][vc_row][vc_column][vc_column_text]<\/p>\n<h2><span class=\"ez-toc-section\" id=\"escapadas-desde-amsterdam\"><\/span>Escapadas desde \u00c1msterdam<span class=\"ez-toc-section-end\"><\/span><\/h2>\n<p>No todo el mundo es consciente de que los Pa\u00edses Bajos es un pa\u00eds peque\u00f1o y compacto, \u00a1hay mucho m\u00e1s por ver adem\u00e1s de \u00c1msterdam! Recomendamos a todos aquellos que visit\u00e9is \u00c1msterdam que reserv\u00e9is un d\u00eda para realizar una escapada a otra ciudad holandesa. Las distancias no son muy grandes desde \u00c1msterdam, la mayor\u00eda de las grandes ciudades de\u00a0los Pa\u00edses Bajos est\u00e1n a menos de una hora en transporte p\u00fablico. Algunas de estas ciudades a\u00fan no han sido descubiertas por las masas de turistas, por lo que podr\u00e1s visitarlas de forma relajada. No te pierdas nuestra selecci\u00f3n de ciudades dignas de ser visitadas a continuaci\u00f3n.[\/vc_column_text][button title=\u00bbReserva aqu\u00ed tu excursi\u00f3n de un d\u00eda a La Haya, Delft o Madurodam\u00bb link=\u00bb\/ticketlinkes-daytriprotterdamdenhaag-tours-std\u00bb icon=\u00bb\u00bb button_align=\u00bbcenter\u00bb target=\u00bbtrue\u00bb nofollow=\u00bbtrue\u00bb el_id=\u00bb1564476369352-3f3da5a2-4d3d\u00bb][\/vc_column][\/vc_row][vc_row][vc_column][promo_block style_var=\u00bbstyle2&#8243; el_id=\u00bb1564476940246-8e6f3538-b807&#8243;][promo link=\u00bburl:https%3A%2F%2Fthingstodoinamsterdam.com%2Fes%2Fexcursiones-desde-amsterdam-de-un-dia%2Fcosas-que-hacer-en-utrecht%2F|title:Utrecht\u00bb text=\u00bbEn el mism\u00edsimo centro de los Pa\u00edses Bajos se encuentra Utrecht, ciudad con mucha historia y con m\u00faltiples canales como \u00c1msterdam.\u00bb img=\u00bb1312&#8243;][promo link=\u00bbtitle:Haarlem\u00bb text=\u00bbSi tienes poquito tiempo, Haarlem puede ser la opci\u00f3n perfecta. Est\u00e1 a tan solo 20 minutos en tren desde la estaci\u00f3n Central de \u00c1msterdam y disfrutar\u00e1s de un ambiente diferente. El conocido barrio de Harlem en Nueva York se llama as\u00ed por esta hermosa ciudad.\u00bb img=\u00bb545&#8243;][promo link=\u00bbtitle:Rotterdam\u00bb text=\u00bbLa ciudad de Rotterdam se la puede considerar como el Berl\u00edn de los Pa\u00edses Bajos; urbe moderna, industrial y un poco alternativa.\u00bb img=\u00bb1310&#8243;][promo link=\u00bbtitle:Leiden\u00bb text=\u00bbVisita el Museo de Etnolog\u00eda en Leiden, ciudad hist\u00f3rica conocida por su universidad. Podr\u00e1s ver la ciudad en barco desde los canales o incluso perderte entre las flores de su jard\u00edn bot\u00e1nico Hortus Botanicus, el m\u00e1s antiguo de todo el pa\u00eds.\u00bb img=\u00bb565&#8243;][promo link=\u00bbtitle:Delft\u00bb text=\u00bbDelft es una ciudad mediana maravillosa, con m\u00e1s de 750 a\u00f1os de historia y adem\u00e1s sin haber sido a\u00fan descubierta por las grandes masas. \u00a1Ciudad tranquila y con mucha vida a la vez!\u00bb img=\u00bb1300&#8243;][promo link=\u00bbtitle:Alkmaar\u00bb text=\u00bbAlkmaar est\u00e1 a una hora de \u00c1msterdam hacia el norte. Es una ciudad conocida por pintoresco mercadillo de quesos rodeado de bares con terraza. Pas\u00e9ate por el centro hist\u00f3rico mientras realizas algunas compras.\u00bb img=\u00bb1298&#8243;][promo link=\u00bbtitle:The%20Hague\u00bb text=\u00bbLos Pa\u00edses Bajos es el \u00fanico pa\u00eds donde su gobierno no est\u00e1 situado en la capital. El gobierno holand\u00e9s tiene su sede en La Haya, ciudad costera. \u00a1Vale la pena visitar esta localidad!\u00bb img=\u00bb2887&#8243;][promo link=\u00bbtitle:Apeldoorn\u00bb text=\u00bbApeldoorn es una ciudad no descubierta todav\u00eda por las masas. Este municipio es una alternativa interesante a visitar dentro de la zona metropolitana del \u00bbRandstad\u00bb. Destino perfecto para perderse por la naturaleza de sus alrededores, descubrir su palacio real, su zool\u00f3gico de simios o alguno de sus museos. \u00a1Apeldoorn lo tiene todo!\u00bb img=\u00bb2855&#8243;][\/promo_block][vc_column_text]<\/p>\n<h2><span class=\"ez-toc-section\" id=\"excursiones-de-un-dia-a-la-costa\"><\/span>Excursiones de un d\u00eda a la costa<span class=\"ez-toc-section-end\"><\/span><\/h2>\n<p>\u00bfEst\u00e1s teniendo la suerte de estar visitando \u00c1msterdam con buen clima? Quiz\u00e1s te interesar\u00eda entonces escaparte a la costa y huir del bullicio de la ciudad. Pasea por el paseo a lo largo de la playa o incluso date un ba\u00f1o. La mayor\u00eda de playas est\u00e1n rodeadas de dunas: \u00a1paisaje ideal para un paseo rom\u00e1ntico![\/vc_column_text][\/vc_column][\/vc_row][vc_row][vc_column][promo_block style_var=\u00bbstyle2&#8243; el_id=\u00bb1564477566718-1a231b8e-f3e3&#8243;][promo link=\u00bbtitle:Zandvoort\u00bb text=\u00bb\u00bfAndas buscando una escapada r\u00e1pida a la costa? \u00a1Zandvoort es tu lugar! Est\u00e1 a tan solo treinta minutos de \u00c1msterdam en tren.\u00bb img=\u00bb1314&#8243;][promo link=\u00bb|title:Scheveningen||\u00bb text=\u00bbScheveningen es una de las playas m\u00e1s populares de los Pa\u00edses Bajos. \u00a1Combina la visita a esta playa con la de la ciudad de La Haya!\u00bb img=\u00bb1308&#8243;][promo link=\u00bb|title:IJmuiden||\u00bb text=\u00bbLa playa de IJmuiden es muy buen enclave para practicar windsurf y kitesurf. Date una vuelta y visita los faros.\u00bb img=\u00bb1302&#8243;][\/promo_block][\/vc_column][\/vc_row]<\/p>\n<\/div>","protected":false},"excerpt":{"rendered":"<p>[vc_row][vc_column][vc_column_text]\u00a1Nos encanta \u00c1msterdam como lo habr\u00e9is notado! Es una ciudad con mucho encanto donde hay una gran cantidad de cosas que se pueden hacer, es\u2026<\/p>\n","protected":false},"author":33,"featured_media":14865,"parent":0,"menu_order":0,"comment_status":"closed","ping_status":"closed","template":"","meta":{"footnotes":""},"class_list":["post-14762","page","type-page","status-publish","has-post-thumbnail","hentry"],"yoast_head":"<!-- This site is optimized with the Yoast SEO plugin v27.4 - https:\/\/yoast.com\/product\/yoast-seo-wordpress\/ -->\n<title>Excursiones desde \u00c1msterdam de un d\u00eda - ThingstodoinAmsterdam.com<\/title>\n<meta name=\"description\" content=\"Descubre los pueblos, ciudades y playas t\u00edpicas de los Pa\u00edses Bajos con una excursi\u00f3n de un d\u00eda. \u00a1A menos de una hora de \u00c1msterdam!\" \/>\n<meta name=\"robots\" content=\"index, follow, max-snippet:-1, max-image-preview:large, max-video-preview:-1\" \/>\n<link rel=\"canonical\" href=\"https:\/\/thingstodoinamsterdam.com\/es\/excursiones-desde-amsterdam-de-un-dia\/\" \/>\n<meta property=\"og:locale\" content=\"es_ES\" \/>\n<meta property=\"og:type\" content=\"article\" \/>\n<meta property=\"og:title\" content=\"Excursiones desde \u00c1msterdam de un d\u00eda - ThingstodoinAmsterdam.com\" \/>\n<meta property=\"og:description\" content=\"Descubre los pueblos, ciudades y playas t\u00edpicas de los Pa\u00edses Bajos con una excursi\u00f3n de un d\u00eda. \u00a1A menos de una hora de \u00c1msterdam!\" \/>\n<meta property=\"og:url\" content=\"https:\/\/thingstodoinamsterdam.com\/es\/excursiones-desde-amsterdam-de-un-dia\/\" \/>\n<meta property=\"og:site_name\" content=\"ThingstodoinAmsterdam.com\" \/>\n<meta property=\"article:publisher\" content=\"https:\/\/www.facebook.com\/thingstodoinamsterdamcom\" \/>\n<meta property=\"article:modified_time\" content=\"2026-02-11T08:53:23+00:00\" \/>\n<meta property=\"og:image\" content=\"https:\/\/thingstodoinamsterdam.com\/wp-content\/uploads\/2022\/09\/tulpen-in-Amsterdam.jpg\" \/>\n\t<meta property=\"og:image:width\" content=\"576\" \/>\n\t<meta property=\"og:image:height\" content=\"384\" \/>\n\t<meta property=\"og:image:type\" content=\"image\/jpeg\" \/>\n<meta name=\"twitter:card\" content=\"summary_large_image\" \/>\n<meta name=\"twitter:label1\" content=\"Tiempo de lectura\" \/>\n\t<meta name=\"twitter:data1\" content=\"6 minutos\" \/>\n<script type=\"application\/ld+json\" class=\"yoast-schema-graph\">{\"@context\":\"https:\\\/\\\/schema.org\",\"@graph\":[{\"@type\":\"WebPage\",\"@id\":\"https:\\\/\\\/thingstodoinamsterdam.com\\\/es\\\/excursiones-desde-amsterdam-de-un-dia\\\/\",\"url\":\"https:\\\/\\\/thingstodoinamsterdam.com\\\/es\\\/excursiones-desde-amsterdam-de-un-dia\\\/\",\"name\":\"Excursiones desde \u00c1msterdam de un d\u00eda - ThingstodoinAmsterdam.com\",\"isPartOf\":{\"@id\":\"https:\\\/\\\/thingstodoinamsterdam.com\\\/es\\\/#website\"},\"primaryImageOfPage\":{\"@id\":\"https:\\\/\\\/thingstodoinamsterdam.com\\\/es\\\/excursiones-desde-amsterdam-de-un-dia\\\/#primaryimage\"},\"image\":{\"@id\":\"https:\\\/\\\/thingstodoinamsterdam.com\\\/es\\\/excursiones-desde-amsterdam-de-un-dia\\\/#primaryimage\"},\"thumbnailUrl\":\"https:\\\/\\\/thingstodoinamsterdam.com\\\/wp-content\\\/uploads\\\/2022\\\/09\\\/tulpen-in-Amsterdam.jpg\",\"datePublished\":\"2022-09-16T11:00:33+00:00\",\"dateModified\":\"2026-02-11T08:53:23+00:00\",\"description\":\"Descubre los pueblos, ciudades y playas t\u00edpicas de los Pa\u00edses Bajos con una excursi\u00f3n de un d\u00eda. \u00a1A menos de una hora de \u00c1msterdam!\",\"breadcrumb\":{\"@id\":\"https:\\\/\\\/thingstodoinamsterdam.com\\\/es\\\/excursiones-desde-amsterdam-de-un-dia\\\/#breadcrumb\"},\"inLanguage\":\"es\",\"potentialAction\":[{\"@type\":\"ReadAction\",\"target\":[\"https:\\\/\\\/thingstodoinamsterdam.com\\\/es\\\/excursiones-desde-amsterdam-de-un-dia\\\/\"]}]},{\"@type\":\"ImageObject\",\"inLanguage\":\"es\",\"@id\":\"https:\\\/\\\/thingstodoinamsterdam.com\\\/es\\\/excursiones-desde-amsterdam-de-un-dia\\\/#primaryimage\",\"url\":\"https:\\\/\\\/thingstodoinamsterdam.com\\\/wp-content\\\/uploads\\\/2022\\\/09\\\/tulpen-in-Amsterdam.jpg\",\"contentUrl\":\"https:\\\/\\\/thingstodoinamsterdam.com\\\/wp-content\\\/uploads\\\/2022\\\/09\\\/tulpen-in-Amsterdam.jpg\",\"width\":576,\"height\":384,\"caption\":\"tulpen in Amsterdam\"},{\"@type\":\"BreadcrumbList\",\"@id\":\"https:\\\/\\\/thingstodoinamsterdam.com\\\/es\\\/excursiones-desde-amsterdam-de-un-dia\\\/#breadcrumb\",\"itemListElement\":[{\"@type\":\"ListItem\",\"position\":1,\"name\":\"Qu\u00e9 hacer en \u00c1msterdam\",\"item\":\"https:\\\/\\\/thingstodoinamsterdam.com\\\/es\\\/\"},{\"@type\":\"ListItem\",\"position\":2,\"name\":\"Excursiones desde \u00c1msterdam de un d\u00eda\"}]},{\"@type\":\"WebSite\",\"@id\":\"https:\\\/\\\/thingstodoinamsterdam.com\\\/es\\\/#website\",\"url\":\"https:\\\/\\\/thingstodoinamsterdam.com\\\/es\\\/\",\"name\":\"ThingstodoinAmsterdam.com\",\"description\":\"Amsterdam&#039;s highlights and hidden secrets\",\"publisher\":{\"@id\":\"https:\\\/\\\/thingstodoinamsterdam.com\\\/es\\\/#organization\"},\"potentialAction\":[{\"@type\":\"SearchAction\",\"target\":{\"@type\":\"EntryPoint\",\"urlTemplate\":\"https:\\\/\\\/thingstodoinamsterdam.com\\\/es\\\/?s={search_term_string}\"},\"query-input\":{\"@type\":\"PropertyValueSpecification\",\"valueRequired\":true,\"valueName\":\"search_term_string\"}}],\"inLanguage\":\"es\"},{\"@type\":\"Organization\",\"@id\":\"https:\\\/\\\/thingstodoinamsterdam.com\\\/es\\\/#organization\",\"name\":\"Qu\u00e9 hacer en \u00c1msterdam\",\"url\":\"https:\\\/\\\/thingstodoinamsterdam.com\\\/es\\\/\",\"logo\":{\"@type\":\"ImageObject\",\"inLanguage\":\"es\",\"@id\":\"https:\\\/\\\/thingstodoinamsterdam.com\\\/es\\\/#\\\/schema\\\/logo\\\/image\\\/\",\"url\":\"https:\\\/\\\/thingstodoinamsterdam.com\\\/wp-content\\\/uploads\\\/2025\\\/02\\\/ThingsToDoInAmsterdam-Favicon-logo.png\",\"contentUrl\":\"https:\\\/\\\/thingstodoinamsterdam.com\\\/wp-content\\\/uploads\\\/2025\\\/02\\\/ThingsToDoInAmsterdam-Favicon-logo.png\",\"width\":512,\"height\":512,\"caption\":\"Qu\u00e9 hacer en \u00c1msterdam\"},\"image\":{\"@id\":\"https:\\\/\\\/thingstodoinamsterdam.com\\\/es\\\/#\\\/schema\\\/logo\\\/image\\\/\"},\"sameAs\":[\"https:\\\/\\\/www.facebook.com\\\/thingstodoinamsterdamcom\"]}]}<\/script>\n<!-- \/ Yoast SEO plugin. -->","yoast_head_json":{"title":"Excursiones desde \u00c1msterdam de un d\u00eda - ThingstodoinAmsterdam.com","description":"Descubre los pueblos, ciudades y playas t\u00edpicas de los Pa\u00edses Bajos con una excursi\u00f3n de un d\u00eda. \u00a1A menos de una hora de \u00c1msterdam!","robots":{"index":"index","follow":"follow","max-snippet":"max-snippet:-1","max-image-preview":"max-image-preview:large","max-video-preview":"max-video-preview:-1"},"canonical":"https:\/\/thingstodoinamsterdam.com\/es\/excursiones-desde-amsterdam-de-un-dia\/","og_locale":"es_ES","og_type":"article","og_title":"Excursiones desde \u00c1msterdam de un d\u00eda - ThingstodoinAmsterdam.com","og_description":"Descubre los pueblos, ciudades y playas t\u00edpicas de los Pa\u00edses Bajos con una excursi\u00f3n de un d\u00eda. \u00a1A menos de una hora de \u00c1msterdam!","og_url":"https:\/\/thingstodoinamsterdam.com\/es\/excursiones-desde-amsterdam-de-un-dia\/","og_site_name":"ThingstodoinAmsterdam.com","article_publisher":"https:\/\/www.facebook.com\/thingstodoinamsterdamcom","article_modified_time":"2026-02-11T08:53:23+00:00","og_image":[{"width":576,"height":384,"url":"https:\/\/thingstodoinamsterdam.com\/wp-content\/uploads\/2022\/09\/tulpen-in-Amsterdam.jpg","type":"image\/jpeg"}],"twitter_card":"summary_large_image","twitter_misc":{"Tiempo de lectura":"6 minutos"},"schema":{"@context":"https:\/\/schema.org","@graph":[{"@type":"WebPage","@id":"https:\/\/thingstodoinamsterdam.com\/es\/excursiones-desde-amsterdam-de-un-dia\/","url":"https:\/\/thingstodoinamsterdam.com\/es\/excursiones-desde-amsterdam-de-un-dia\/","name":"Excursiones desde \u00c1msterdam de un d\u00eda - ThingstodoinAmsterdam.com","isPartOf":{"@id":"https:\/\/thingstodoinamsterdam.com\/es\/#website"},"primaryImageOfPage":{"@id":"https:\/\/thingstodoinamsterdam.com\/es\/excursiones-desde-amsterdam-de-un-dia\/#primaryimage"},"image":{"@id":"https:\/\/thingstodoinamsterdam.com\/es\/excursiones-desde-amsterdam-de-un-dia\/#primaryimage"},"thumbnailUrl":"https:\/\/thingstodoinamsterdam.com\/wp-content\/uploads\/2022\/09\/tulpen-in-Amsterdam.jpg","datePublished":"2022-09-16T11:00:33+00:00","dateModified":"2026-02-11T08:53:23+00:00","description":"Descubre los pueblos, ciudades y playas t\u00edpicas de los Pa\u00edses Bajos con una excursi\u00f3n de un d\u00eda. \u00a1A menos de una hora de \u00c1msterdam!","breadcrumb":{"@id":"https:\/\/thingstodoinamsterdam.com\/es\/excursiones-desde-amsterdam-de-un-dia\/#breadcrumb"},"inLanguage":"es","potentialAction":[{"@type":"ReadAction","target":["https:\/\/thingstodoinamsterdam.com\/es\/excursiones-desde-amsterdam-de-un-dia\/"]}]},{"@type":"ImageObject","inLanguage":"es","@id":"https:\/\/thingstodoinamsterdam.com\/es\/excursiones-desde-amsterdam-de-un-dia\/#primaryimage","url":"https:\/\/thingstodoinamsterdam.com\/wp-content\/uploads\/2022\/09\/tulpen-in-Amsterdam.jpg","contentUrl":"https:\/\/thingstodoinamsterdam.com\/wp-content\/uploads\/2022\/09\/tulpen-in-Amsterdam.jpg","width":576,"height":384,"caption":"tulpen in Amsterdam"},{"@type":"BreadcrumbList","@id":"https:\/\/thingstodoinamsterdam.com\/es\/excursiones-desde-amsterdam-de-un-dia\/#breadcrumb","itemListElement":[{"@type":"ListItem","position":1,"name":"Qu\u00e9 hacer en \u00c1msterdam","item":"https:\/\/thingstodoinamsterdam.com\/es\/"},{"@type":"ListItem","position":2,"name":"Excursiones desde \u00c1msterdam de un d\u00eda"}]},{"@type":"WebSite","@id":"https:\/\/thingstodoinamsterdam.com\/es\/#website","url":"https:\/\/thingstodoinamsterdam.com\/es\/","name":"ThingstodoinAmsterdam.com","description":"Amsterdam&#039;s highlights and hidden secrets","publisher":{"@id":"https:\/\/thingstodoinamsterdam.com\/es\/#organization"},"potentialAction":[{"@type":"SearchAction","target":{"@type":"EntryPoint","urlTemplate":"https:\/\/thingstodoinamsterdam.com\/es\/?s={search_term_string}"},"query-input":{"@type":"PropertyValueSpecification","valueRequired":true,"valueName":"search_term_string"}}],"inLanguage":"es"},{"@type":"Organization","@id":"https:\/\/thingstodoinamsterdam.com\/es\/#organization","name":"Qu\u00e9 hacer en \u00c1msterdam","url":"https:\/\/thingstodoinamsterdam.com\/es\/","logo":{"@type":"ImageObject","inLanguage":"es","@id":"https:\/\/thingstodoinamsterdam.com\/es\/#\/schema\/logo\/image\/","url":"https:\/\/thingstodoinamsterdam.com\/wp-content\/uploads\/2025\/02\/ThingsToDoInAmsterdam-Favicon-logo.png","contentUrl":"https:\/\/thingstodoinamsterdam.com\/wp-content\/uploads\/2025\/02\/ThingsToDoInAmsterdam-Favicon-logo.png","width":512,"height":512,"caption":"Qu\u00e9 hacer en \u00c1msterdam"},"image":{"@id":"https:\/\/thingstodoinamsterdam.com\/es\/#\/schema\/logo\/image\/"},"sameAs":["https:\/\/www.facebook.com\/thingstodoinamsterdamcom"]}]}},"_links":{"self":[{"href":"https:\/\/thingstodoinamsterdam.com\/es\/wp-json\/wp\/v2\/pages\/14762","targetHints":{"allow":["GET"]}}],"collection":[{"href":"https:\/\/thingstodoinamsterdam.com\/es\/wp-json\/wp\/v2\/pages"}],"about":[{"href":"https:\/\/thingstodoinamsterdam.com\/es\/wp-json\/wp\/v2\/types\/page"}],"author":[{"embeddable":true,"href":"https:\/\/thingstodoinamsterdam.com\/es\/wp-json\/wp\/v2\/users\/33"}],"replies":[{"embeddable":true,"href":"https:\/\/thingstodoinamsterdam.com\/es\/wp-json\/wp\/v2\/comments?post=14762"}],"version-history":[{"count":7,"href":"https:\/\/thingstodoinamsterdam.com\/es\/wp-json\/wp\/v2\/pages\/14762\/revisions"}],"predecessor-version":[{"id":2531721,"href":"https:\/\/thingstodoinamsterdam.com\/es\/wp-json\/wp\/v2\/pages\/14762\/revisions\/2531721"}],"wp:featuredmedia":[{"embeddable":true,"href":"https:\/\/thingstodoinamsterdam.com\/es\/wp-json\/wp\/v2\/media\/14865"}],"wp:attachment":[{"href":"https:\/\/thingstodoinamsterdam.com\/es\/wp-json\/wp\/v2\/media?parent=14762"}],"curies":[{"name":"wp","href":"https:\/\/api.w.org\/{rel}","templated":true}]}}