{"id":1520977,"date":"2024-05-31T11:26:28","date_gmt":"2024-05-31T09:26:28","guid":{"rendered":"https:\/\/thingstodoinamsterdam.com\/el-catboat\/"},"modified":"2026-04-01T18:18:38","modified_gmt":"2026-04-01T16:18:38","slug":"de-poezenboot","status":"publish","type":"page","link":"https:\/\/thingstodoinamsterdam.com\/es\/de-poezenboot\/","title":{"rendered":"De poezenboot (El barco de los gatos)"},"content":{"rendered":"<div class=\"wpb-content-wrapper\"><p>[vc_row][vc_column width=\u00bb2\/3&#8243;][vc_column_text]Cualquiera que haya estado en \u00c1msterdam sabe que la ciudad es todo canales y casas flotantes. De Poezenboot es una casa flotante \u00fanica convertida en refugio de animales. Voluntarios la gestionan con un gran coraz\u00f3n por los animales y los gatos. Como probablemente habr\u00e1s adivinado, ni siquiera nos molestaremos en explicar lo \u00fanico que es un para\u00edso felino flotante. Lo mejor es que De Poezenboot est\u00e1 abierto al p\u00fablico. As\u00ed que si eres amante de los gatos y visitas \u00c1msterdam y te apetece un momento relajante lejos del bullicio de la ciudad, visita De Poezenboot Catboat. No hay tarifa de entrada, pero por supuesto, dejar\u00e1s un donativo para mantener a los gatos secos y felices.<\/p><div id=\"ez-toc-container\" class=\"ez-toc-v2_0_82_2 counter-hierarchy ez-toc-counter ez-toc-custom ez-toc-container-direction\">\n<div class=\"ez-toc-title-container\">\n<span class=\"ez-toc-title-toggle\"><a href=\"#\" class=\"ez-toc-pull-right ez-toc-btn ez-toc-btn-xs ez-toc-btn-default ez-toc-toggle\" aria-label=\"Alternar tabla de contenidos\"><span class=\"ez-toc-js-icon-con\"><span class=\"\"><span class=\"eztoc-hide\" style=\"display:none;\">Toggle<\/span><span class=\"ez-toc-icon-toggle-span\"><svg style=\"fill: #999;color:#999\" xmlns=\"http:\/\/www.w3.org\/2000\/svg\" class=\"list-377408\" width=\"20px\" height=\"20px\" viewBox=\"0 0 24 24\" fill=\"none\"><path d=\"M6 6H4v2h2V6zm14 0H8v2h12V6zM4 11h2v2H4v-2zm16 0H8v2h12v-2zM4 16h2v2H4v-2zm16 0H8v2h12v-2z\" fill=\"currentColor\"><\/path><\/svg><svg style=\"fill: #999;color:#999\" class=\"arrow-unsorted-368013\" xmlns=\"http:\/\/www.w3.org\/2000\/svg\" width=\"10px\" height=\"10px\" viewBox=\"0 0 24 24\" version=\"1.2\" baseProfile=\"tiny\"><path d=\"M18.2 9.3l-6.2-6.3-6.2 6.3c-.2.2-.3.4-.3.7s.1.5.3.7c.2.2.4.3.7.3h11c.3 0 .5-.1.7-.3.2-.2.3-.5.3-.7s-.1-.5-.3-.7zM5.8 14.7l6.2 6.3 6.2-6.3c.2-.2.3-.5.3-.7s-.1-.5-.3-.7c-.2-.2-.4-.3-.7-.3h-11c-.3 0-.5.1-.7.3-.2.2-.3.5-.3.7s.1.5.3.7z\"\/><\/svg><\/span><\/span><\/span><\/a><\/span><\/div>\n<nav><ul class='ez-toc-list ez-toc-list-level-1 ' ><li class='ez-toc-page-1 ez-toc-heading-level-2'><a class=\"ez-toc-link ez-toc-heading-1\" href=\"https:\/\/thingstodoinamsterdam.com\/es\/de-poezenboot\/#historia-de-de-poezenboot\" >Historia de De Poezenboot<\/a><\/li><li class='ez-toc-page-1 ez-toc-heading-level-2'><a class=\"ez-toc-link ez-toc-heading-2\" href=\"https:\/\/thingstodoinamsterdam.com\/es\/de-poezenboot\/#horario-de-apertura-de-poezenboot\" >Horario de apertura de Poezenboot<\/a><\/li><li class='ez-toc-page-1 ez-toc-heading-level-2'><a class=\"ez-toc-link ez-toc-heading-3\" href=\"https:\/\/thingstodoinamsterdam.com\/es\/de-poezenboot\/#entradas-y-precios\" >Entradas y precios<\/a><\/li><li class='ez-toc-page-1 ez-toc-heading-level-2'><a class=\"ez-toc-link ez-toc-heading-4\" href=\"https:\/\/thingstodoinamsterdam.com\/es\/de-poezenboot\/#direccion-informacion-de-contacto-y-ruta\" >Direcci\u00f3n, informaci\u00f3n de contacto y ruta<\/a><\/li><\/ul><\/nav><\/div>\n\n<p><em><strong>Actualizaci\u00f3n: tras 45 a\u00f1os de servicio, el viejo Poezenboot se jubila. Con la ayuda de voluntarios y donativos, se est\u00e1 trabajando en la construcci\u00f3n de un nuevo refugio flotante. Como puedes imaginar, esto cuesta mucho dinero y esfuerzo. Cualquier <a href=\"https:\/\/www.denieuwepoezenboot.nl\/the-new-amsterdam-catboat\/\">apoyo es bienvenido, echa un vistazo a este sitio web para ayudar<\/a>. <\/strong><\/em>[\/vc_column_text][\/vc_column][vc_column width=\u00bb1\/3&#8243;][vc_single_image image=\u00bb12813&#8243; img_size=\u00bbfull\u00bb alignment=\u00bbcenter\u00bb onclick=\u00bblink_image\u00bb][\/vc_column][\/vc_row][vc_row][vc_column][vc_column_text]<\/p>\n<h2><span class=\"ez-toc-section\" id=\"historia-de-de-poezenboot\"><\/span>Historia de De Poezenboot<span class=\"ez-toc-section-end\"><\/span><\/h2>\n<p>La historia de &#8216;De Poezenboot&#8217; o El barco de los gatos se remonta a 1966, cuando la fundadora Henriette van Weelde encontr\u00f3 una familia de gatos sin hogar buscando refugio bajo un \u00e1rbol. Decidi\u00f3 llevarse a los gatos y cuidarlos en su casa del Herengracht. Poco despu\u00e9s de esa primera familia de gatos, apareci\u00f3 otro gato callejero. Antes de que Henriette se diera cuenta, los rumores se extendieron y la gente empez\u00f3 a traerle gatos de los que ya no pod\u00edan ocuparse. En 1968, Henriette tambi\u00e9n era conocida como \u00abla se\u00f1ora de los gatos\u00bb y necesitaba cada rinc\u00f3n de su casa para albergar a todos sus gatos. En alg\u00fan momento, toda su casa, jard\u00edn y terraza estaban repletos de gatos y la gente segu\u00eda trayendo nuevos gatos. Henriette necesitaba encontrar una soluci\u00f3n, y la encontr\u00f3, simplemente mirando por su ventana. Al ver una casa flotante en el Herengracht, surgi\u00f3 la idea de una casa flotante como refugio para sus gatos. Se adquiri\u00f3 una antigua barcaza holandesa y, con la ayuda de voluntarios, el interior se reconstruy\u00f3 para adaptarse a su nueva funci\u00f3n: un refugio felino flotante. El barco sirvi\u00f3 para este fin durante m\u00e1s de una d\u00e9cada, hasta que fue sustituido en 1979.<\/p>\n<p>Desafortunadamente, Henriette falleci\u00f3 en 2005. Sin embargo, su trabajo contin\u00faa gracias a algunos de los voluntarios leales bajo el liderazgo de Judith, amiga cercana de Henriette. \u00a1Un gran aplauso para ellos!<\/p>\n<p><img decoding=\"async\" class=\"aligncenter wp-image-2607 size-medium\" src=\"https:\/\/thingstodoinamsterdam.com\/wp-content\/uploads\/2019\/08\/The-Catboat-judith-300x225.jpg\" alt=\"La gatera judith\" width=\"300\" height=\"225\" \/>[\/vc_column_text][vc_column_text]<img decoding=\"async\" class=\"size-full wp-image-2609 aligncenter\" src=\"https:\/\/thingstodoinamsterdam.com\/wp-content\/uploads\/2019\/08\/The-Catboat-rebel.jpg\" alt=\"\" width=\"900\" height=\"600\" \/><\/p>\n<p style=\"text-align: center;\">\u00a1La vida en el Catboat es dura!<\/p>\n<p style=\"text-align: center;\"><img decoding=\"async\" class=\"aligncenter size-full wp-image-2610\" src=\"https:\/\/thingstodoinamsterdam.com\/wp-content\/uploads\/2019\/08\/The-Catboat-rooie.jpg\" alt=\"\" width=\"900\" height=\"675\" \/><\/p>\n<p style=\"text-align: center;\">Simplemente relajante<\/p>\n<p style=\"text-align: center;\"><img decoding=\"async\" class=\"aligncenter size-full wp-image-2579\" src=\"https:\/\/thingstodoinamsterdam.com\/wp-content\/uploads\/2019\/08\/Catboat-feeding.jpg\" alt=\"\" width=\"900\" height=\"675\" \/><\/p>\n<p style=\"text-align: center;\">Esa hora del d\u00eda en que cada gato se despierta por un momento<\/p>\n<p style=\"text-align: center;\"><img decoding=\"async\" class=\"aligncenter size-full wp-image-2608\" src=\"https:\/\/thingstodoinamsterdam.com\/wp-content\/uploads\/2019\/08\/The-Catboat-mr-big.jpg\" alt=\"\" width=\"900\" height=\"675\" \/>\u00a1A Mr. Big le encanta relajarse al sol!<\/p>\n<p>[\/vc_column_text][vc_column_text]<\/p>\n<h2><span class=\"ez-toc-section\" id=\"horario-de-apertura-de-poezenboot\"><\/span>Horario de apertura de Poezenboot<span class=\"ez-toc-section-end\"><\/span><\/h2>\n<p>El barco de los gatos est\u00e1 abierto tres d\u00edas a la semana para visitas. Sin embargo, su horario de apertura es limitado porque depende completamente de voluntarios.<\/p>\n<table style=\"width: 100%;\">\n<tbody>\n<tr>\n<td>Lunes<\/td>\n<td>Cerrado<\/td>\n<\/tr>\n<tr>\n<td>Martes<\/td>\n<td>13:00 &#8211; 15:00<\/td>\n<\/tr>\n<tr>\n<td>Mi\u00e9rcoles<\/td>\n<td>Cerrado<\/td>\n<\/tr>\n<tr>\n<td>Jueves<\/td>\n<td>Cerrado<\/td>\n<\/tr>\n<tr>\n<td>Viernes<\/td>\n<td>13:00 &#8211; 15:00<\/td>\n<\/tr>\n<tr>\n<td>S\u00e1bado<\/td>\n<td>13:00 &#8211; 15:00<\/td>\n<\/tr>\n<tr>\n<td>Domingo<\/td>\n<td>Cerrado<\/td>\n<\/tr>\n<\/tbody>\n<\/table>\n<p>[\/vc_column_text][vc_column_text]<\/p>\n<h2><span class=\"ez-toc-section\" id=\"entradas-y-precios\"><\/span>Entradas y precios<span class=\"ez-toc-section-end\"><\/span><\/h2>\n<p>Visitar El Barco Gato (De Poezenboot) es totalmente gratuito. Sin embargo, sabemos que dejar\u00e1s un<strong> donativo generoso, <\/strong>igual que nosotros, para que los voluntarios puedan seguir con su buen trabajo.<\/p>\n<p>M\u00e1s actividades relacionadas con animales en \u00c1msterdam incluyen una <a href=\"https:\/\/thingstodoinamsterdam.com\/es\/zoologico-artis-amsterdam\/\">visita a Artis<\/a> o al <a href=\"https:\/\/thingstodoinamsterdam.com\/museum-amsterdam\/kattenkabinet\/\">Kattenkabinet<\/a>.[\/vc_column_text][vc_column_text]<\/p>\n<h2><span class=\"ez-toc-section\" id=\"direccion-informacion-de-contacto-y-ruta\"><\/span>Direcci\u00f3n, informaci\u00f3n de contacto y ruta<span class=\"ez-toc-section-end\"><\/span><\/h2>\n<p>El Catboat est\u00e1 situado al principio del Singel. Puedes llegar andando desde la Estaci\u00f3n Central en pocos minutos. Si sales de <a href=\"https:\/\/thingstodoinamsterdam.com\/es\/transporte-en-amsterdam\/estacion-central-de-amsterdam\/\">la Estaci\u00f3n Central<\/a> por la parte delantera, sigue a la derecha hasta que llegues al primer canal. El catboat se encuentra en el lado derecho del agua.<\/p>\n<p><strong>Direcci\u00f3n<\/strong><br \/>\nDe Poezenboot &#8211; The Catboat<br \/>\nSingel 38.G<br \/>\n1015 AB \u00c1msterdam<br \/>\nPa\u00edses Bajos<br \/>\n+31 (0) 20 625 8794<br \/>\n<a href=\"http:\/\/depoezenboot.nl\/en\/\">http:\/\/depoezenboot.nl\/en\/<\/a>[\/vc_column_text][g_map heading=\u00bbThe Catboat Amsterdam\u00bb el_id=\u00bb1565338426982-f62d40ab-f6d7&#8243;]<iframe style=\"border: 0;\" src=\"https:\/\/www.google.com\/maps\/embed?pb=!1m18!1m12!1m3!1d2435.57417675237!2d4.8909062155863126!3d52.378140854485345!2m3!1f0!2f0!3f0!3m2!1i1024!2i768!4f13.1!3m3!1m2!1s0x47c609c889013aad%3A0x22fbd4af1537b2e6!2sPoezenboot!5e0!3m2!1sen!2snl!4v1487438763120\" width=\"600\" height=\"450\" frameborder=\"0\" allowfullscreen=\"allowfullscreen\"><\/iframe>[\/g_map][\/vc_column][\/vc_row][vc_row][vc_column][reviews heading=\u00bbOpiniones sobre De Poezenboot\u00bb description=\u00bb\u00bfQu\u00e9 te ha parecido presenciar el \u00fanico refugio felino flotante del mundo? \u00bfRecomendar\u00edas hacer una visita mientras est\u00e1s en \u00c1msterdam? Deja una opini\u00f3n a continuaci\u00f3n. \u00bb item_name=\u00bbPoezenboot\u00bb item_image=\u00bb1575&#8243; item_web=\u00bbhttp:\/\/depoezenboot.nl\/\u00bb item_address=\u00bbSingel 38G\u00bb item_city=\u00bbAmsterdam\u00bb item_postal_code=\u00bb1015 AB\u00bb item_country=\u00bbNL\u00bb el_id=\u00bb1565340080872-32660518-7713&#8243;][\/reviews][vc_column_text]<strong>Echa un vistazo a uno de los siguientes museos o vuelve a la p\u00e1gina general de <a href=\"https:\/\/thingstodoinamsterdam.com\/es\/museos-amsterdam\/\">museos de \u00c1msterdam<\/a>.<\/strong>[\/vc_column_text][\/vc_column][\/vc_row][vc_row][vc_column][promo_block style_var=\u00bbstyle2&#8243; el_id=\u00bb1565340218783-2884dd7c-107e\u00bb][promo link=\u00bburl:https%3A%2F%2Fthingstodoinamsterdam.com%2Fes%2Fzoologico-artis-amsterdam%2F|title:Artis%20Zoo%20de%20Amsterdam|\u00bb text=\u00bb\u00a1Visita uno de los zool\u00f3gicos m\u00e1s antiguos y encantadores de Europa!\u00bb img=\u00bb84&#8243;][promo link=\u00bburl:https%3A%2F%2Fthingstodoinamsterdam.com%2Fes%2Fcrucero-canales-amsterdam%2F|title:Cruceros%20por%20los%20canales|\u00bb text=\u00bbAdmira \u00c1msterdam desde sus bellos canales\u00bb img=\u00bb13723&#8243;][promo link=\u00bburl:https%3A%2F%2Fthingstodoinamsterdam.com%2Fes%2Fmuseos-amsterdam%2Fmuseo-van-gogh%2F|title:Museo%20Van%20Gogh|\u00bb text=\u00bbEcha un vistazo a las obras ic\u00f3nicas de Van Gogh\u00bb img=\u00bb591&#8243;][\/promo_block][\/vc_column][\/vc_row]<\/p>\n<\/div>","protected":false},"excerpt":{"rendered":"<p>[vc_row][vc_column width=\u00bb2\/3&#8243;][vc_column_text]Cualquiera que haya estado en \u00c1msterdam sabe que la ciudad es todo canales y casas flotantes. De Poezenboot es una casa flotante \u00fanica convertida\u2026<\/p>\n","protected":false},"author":1,"featured_media":13154,"parent":0,"menu_order":0,"comment_status":"closed","ping_status":"closed","template":"","meta":{"footnotes":""},"class_list":["post-1520977","page","type-page","status-publish","has-post-thumbnail","hentry"],"yoast_head":"<!-- This site is optimized with the Yoast SEO plugin v27.3 - https:\/\/yoast.com\/product\/yoast-seo-wordpress\/ -->\n<title>El Barco Gato - De Poezenboot en Amsterdam - thingstodoinamsterdam.com<\/title>\n<meta name=\"description\" content=\"Visita El Barco Gato en \u00c1msterdam. El \u00fanico refugio flotante para gatos del mundo. \u00a1Echa un vistazo a las fotos, horarios de apertura y opiniones aqu\u00ed!\" \/>\n<meta name=\"robots\" content=\"index, follow, max-snippet:-1, max-image-preview:large, max-video-preview:-1\" \/>\n<link rel=\"canonical\" href=\"https:\/\/thingstodoinamsterdam.com\/es\/de-poezenboot\/\" \/>\n<meta property=\"og:locale\" content=\"es_ES\" \/>\n<meta property=\"og:type\" content=\"article\" \/>\n<meta property=\"og:title\" content=\"El Barco Gato - De Poezenboot en Amsterdam - thingstodoinamsterdam.com\" \/>\n<meta property=\"og:description\" content=\"Visita El Barco Gato en \u00c1msterdam. El \u00fanico refugio flotante para gatos del mundo. \u00a1Echa un vistazo a las fotos, horarios de apertura y opiniones aqu\u00ed!\" \/>\n<meta property=\"og:url\" content=\"https:\/\/thingstodoinamsterdam.com\/es\/de-poezenboot\/\" \/>\n<meta property=\"og:site_name\" content=\"ThingstodoinAmsterdam.com\" \/>\n<meta property=\"article:publisher\" content=\"https:\/\/www.facebook.com\/thingstodoinamsterdamcom\" \/>\n<meta property=\"article:modified_time\" content=\"2026-04-01T16:18:38+00:00\" \/>\n<meta property=\"og:image\" content=\"https:\/\/thingstodoinamsterdam.com\/wp-content\/uploads\/2019\/08\/The-Catboat-judith-300x225.jpg\" \/>\n\t<meta property=\"og:image:width\" content=\"300\" \/>\n\t<meta property=\"og:image:height\" content=\"225\" \/>\n\t<meta property=\"og:image:type\" content=\"image\/jpeg\" \/>\n<meta name=\"twitter:card\" content=\"summary_large_image\" \/>\n<meta name=\"twitter:label1\" content=\"Tiempo de lectura\" \/>\n\t<meta name=\"twitter:data1\" content=\"5 minutos\" \/>\n<script type=\"application\/ld+json\" class=\"yoast-schema-graph\">{\"@context\":\"https:\\\/\\\/schema.org\",\"@graph\":[{\"@type\":\"WebPage\",\"@id\":\"https:\\\/\\\/thingstodoinamsterdam.com\\\/es\\\/de-poezenboot\\\/\",\"url\":\"https:\\\/\\\/thingstodoinamsterdam.com\\\/es\\\/de-poezenboot\\\/\",\"name\":\"El Barco Gato - De Poezenboot en Amsterdam - thingstodoinamsterdam.com\",\"isPartOf\":{\"@id\":\"https:\\\/\\\/thingstodoinamsterdam.com\\\/es\\\/#website\"},\"primaryImageOfPage\":{\"@id\":\"https:\\\/\\\/thingstodoinamsterdam.com\\\/es\\\/de-poezenboot\\\/#primaryimage\"},\"image\":{\"@id\":\"https:\\\/\\\/thingstodoinamsterdam.com\\\/es\\\/de-poezenboot\\\/#primaryimage\"},\"thumbnailUrl\":\"https:\\\/\\\/thingstodoinamsterdam.com\\\/wp-content\\\/uploads\\\/2019\\\/08\\\/The-Catboat-judith-300x225.jpg\",\"datePublished\":\"2024-05-31T09:26:28+00:00\",\"dateModified\":\"2026-04-01T16:18:38+00:00\",\"description\":\"Visita El Barco Gato en \u00c1msterdam. El \u00fanico refugio flotante para gatos del mundo. \u00a1Echa un vistazo a las fotos, horarios de apertura y opiniones aqu\u00ed!\",\"breadcrumb\":{\"@id\":\"https:\\\/\\\/thingstodoinamsterdam.com\\\/es\\\/de-poezenboot\\\/#breadcrumb\"},\"inLanguage\":\"es\",\"potentialAction\":[{\"@type\":\"ReadAction\",\"target\":[\"https:\\\/\\\/thingstodoinamsterdam.com\\\/es\\\/de-poezenboot\\\/\"]}]},{\"@type\":\"ImageObject\",\"inLanguage\":\"es\",\"@id\":\"https:\\\/\\\/thingstodoinamsterdam.com\\\/es\\\/de-poezenboot\\\/#primaryimage\",\"url\":\"https:\\\/\\\/thingstodoinamsterdam.com\\\/wp-content\\\/uploads\\\/2019\\\/08\\\/The-Catboat-judith-300x225.jpg\",\"contentUrl\":\"https:\\\/\\\/thingstodoinamsterdam.com\\\/wp-content\\\/uploads\\\/2019\\\/08\\\/The-Catboat-judith-300x225.jpg\",\"width\":300,\"height\":225},{\"@type\":\"BreadcrumbList\",\"@id\":\"https:\\\/\\\/thingstodoinamsterdam.com\\\/es\\\/de-poezenboot\\\/#breadcrumb\",\"itemListElement\":[{\"@type\":\"ListItem\",\"position\":1,\"name\":\"Qu\u00e9 hacer en \u00c1msterdam\",\"item\":\"https:\\\/\\\/thingstodoinamsterdam.com\\\/es\\\/\"},{\"@type\":\"ListItem\",\"position\":2,\"name\":\"De poezenboot (El barco de los gatos)\"}]},{\"@type\":\"WebSite\",\"@id\":\"https:\\\/\\\/thingstodoinamsterdam.com\\\/es\\\/#website\",\"url\":\"https:\\\/\\\/thingstodoinamsterdam.com\\\/es\\\/\",\"name\":\"ThingstodoinAmsterdam.com\",\"description\":\"Amsterdam&#039;s highlights and hidden secrets\",\"publisher\":{\"@id\":\"https:\\\/\\\/thingstodoinamsterdam.com\\\/es\\\/#organization\"},\"potentialAction\":[{\"@type\":\"SearchAction\",\"target\":{\"@type\":\"EntryPoint\",\"urlTemplate\":\"https:\\\/\\\/thingstodoinamsterdam.com\\\/es\\\/?s={search_term_string}\"},\"query-input\":{\"@type\":\"PropertyValueSpecification\",\"valueRequired\":true,\"valueName\":\"search_term_string\"}}],\"inLanguage\":\"es\"},{\"@type\":\"Organization\",\"@id\":\"https:\\\/\\\/thingstodoinamsterdam.com\\\/es\\\/#organization\",\"name\":\"Qu\u00e9 hacer en \u00c1msterdam\",\"url\":\"https:\\\/\\\/thingstodoinamsterdam.com\\\/es\\\/\",\"logo\":{\"@type\":\"ImageObject\",\"inLanguage\":\"es\",\"@id\":\"https:\\\/\\\/thingstodoinamsterdam.com\\\/es\\\/#\\\/schema\\\/logo\\\/image\\\/\",\"url\":\"https:\\\/\\\/thingstodoinamsterdam.com\\\/wp-content\\\/uploads\\\/2025\\\/02\\\/ThingsToDoInAmsterdam-Favicon-logo.png\",\"contentUrl\":\"https:\\\/\\\/thingstodoinamsterdam.com\\\/wp-content\\\/uploads\\\/2025\\\/02\\\/ThingsToDoInAmsterdam-Favicon-logo.png\",\"width\":512,\"height\":512,\"caption\":\"Qu\u00e9 hacer en \u00c1msterdam\"},\"image\":{\"@id\":\"https:\\\/\\\/thingstodoinamsterdam.com\\\/es\\\/#\\\/schema\\\/logo\\\/image\\\/\"},\"sameAs\":[\"https:\\\/\\\/www.facebook.com\\\/thingstodoinamsterdamcom\"]}]}<\/script>\n<!-- \/ Yoast SEO plugin. -->","yoast_head_json":{"title":"El Barco Gato - De Poezenboot en Amsterdam - thingstodoinamsterdam.com","description":"Visita El Barco Gato en \u00c1msterdam. El \u00fanico refugio flotante para gatos del mundo. \u00a1Echa un vistazo a las fotos, horarios de apertura y opiniones aqu\u00ed!","robots":{"index":"index","follow":"follow","max-snippet":"max-snippet:-1","max-image-preview":"max-image-preview:large","max-video-preview":"max-video-preview:-1"},"canonical":"https:\/\/thingstodoinamsterdam.com\/es\/de-poezenboot\/","og_locale":"es_ES","og_type":"article","og_title":"El Barco Gato - De Poezenboot en Amsterdam - thingstodoinamsterdam.com","og_description":"Visita El Barco Gato en \u00c1msterdam. El \u00fanico refugio flotante para gatos del mundo. \u00a1Echa un vistazo a las fotos, horarios de apertura y opiniones aqu\u00ed!","og_url":"https:\/\/thingstodoinamsterdam.com\/es\/de-poezenboot\/","og_site_name":"ThingstodoinAmsterdam.com","article_publisher":"https:\/\/www.facebook.com\/thingstodoinamsterdamcom","article_modified_time":"2026-04-01T16:18:38+00:00","og_image":[{"width":300,"height":225,"url":"https:\/\/thingstodoinamsterdam.com\/wp-content\/uploads\/2019\/08\/The-Catboat-judith-300x225.jpg","type":"image\/jpeg"}],"twitter_card":"summary_large_image","twitter_misc":{"Tiempo de lectura":"5 minutos"},"schema":{"@context":"https:\/\/schema.org","@graph":[{"@type":"WebPage","@id":"https:\/\/thingstodoinamsterdam.com\/es\/de-poezenboot\/","url":"https:\/\/thingstodoinamsterdam.com\/es\/de-poezenboot\/","name":"El Barco Gato - De Poezenboot en Amsterdam - thingstodoinamsterdam.com","isPartOf":{"@id":"https:\/\/thingstodoinamsterdam.com\/es\/#website"},"primaryImageOfPage":{"@id":"https:\/\/thingstodoinamsterdam.com\/es\/de-poezenboot\/#primaryimage"},"image":{"@id":"https:\/\/thingstodoinamsterdam.com\/es\/de-poezenboot\/#primaryimage"},"thumbnailUrl":"https:\/\/thingstodoinamsterdam.com\/wp-content\/uploads\/2019\/08\/The-Catboat-judith-300x225.jpg","datePublished":"2024-05-31T09:26:28+00:00","dateModified":"2026-04-01T16:18:38+00:00","description":"Visita El Barco Gato en \u00c1msterdam. El \u00fanico refugio flotante para gatos del mundo. \u00a1Echa un vistazo a las fotos, horarios de apertura y opiniones aqu\u00ed!","breadcrumb":{"@id":"https:\/\/thingstodoinamsterdam.com\/es\/de-poezenboot\/#breadcrumb"},"inLanguage":"es","potentialAction":[{"@type":"ReadAction","target":["https:\/\/thingstodoinamsterdam.com\/es\/de-poezenboot\/"]}]},{"@type":"ImageObject","inLanguage":"es","@id":"https:\/\/thingstodoinamsterdam.com\/es\/de-poezenboot\/#primaryimage","url":"https:\/\/thingstodoinamsterdam.com\/wp-content\/uploads\/2019\/08\/The-Catboat-judith-300x225.jpg","contentUrl":"https:\/\/thingstodoinamsterdam.com\/wp-content\/uploads\/2019\/08\/The-Catboat-judith-300x225.jpg","width":300,"height":225},{"@type":"BreadcrumbList","@id":"https:\/\/thingstodoinamsterdam.com\/es\/de-poezenboot\/#breadcrumb","itemListElement":[{"@type":"ListItem","position":1,"name":"Qu\u00e9 hacer en \u00c1msterdam","item":"https:\/\/thingstodoinamsterdam.com\/es\/"},{"@type":"ListItem","position":2,"name":"De poezenboot (El barco de los gatos)"}]},{"@type":"WebSite","@id":"https:\/\/thingstodoinamsterdam.com\/es\/#website","url":"https:\/\/thingstodoinamsterdam.com\/es\/","name":"ThingstodoinAmsterdam.com","description":"Amsterdam&#039;s highlights and hidden secrets","publisher":{"@id":"https:\/\/thingstodoinamsterdam.com\/es\/#organization"},"potentialAction":[{"@type":"SearchAction","target":{"@type":"EntryPoint","urlTemplate":"https:\/\/thingstodoinamsterdam.com\/es\/?s={search_term_string}"},"query-input":{"@type":"PropertyValueSpecification","valueRequired":true,"valueName":"search_term_string"}}],"inLanguage":"es"},{"@type":"Organization","@id":"https:\/\/thingstodoinamsterdam.com\/es\/#organization","name":"Qu\u00e9 hacer en \u00c1msterdam","url":"https:\/\/thingstodoinamsterdam.com\/es\/","logo":{"@type":"ImageObject","inLanguage":"es","@id":"https:\/\/thingstodoinamsterdam.com\/es\/#\/schema\/logo\/image\/","url":"https:\/\/thingstodoinamsterdam.com\/wp-content\/uploads\/2025\/02\/ThingsToDoInAmsterdam-Favicon-logo.png","contentUrl":"https:\/\/thingstodoinamsterdam.com\/wp-content\/uploads\/2025\/02\/ThingsToDoInAmsterdam-Favicon-logo.png","width":512,"height":512,"caption":"Qu\u00e9 hacer en \u00c1msterdam"},"image":{"@id":"https:\/\/thingstodoinamsterdam.com\/es\/#\/schema\/logo\/image\/"},"sameAs":["https:\/\/www.facebook.com\/thingstodoinamsterdamcom"]}]}},"_links":{"self":[{"href":"https:\/\/thingstodoinamsterdam.com\/es\/wp-json\/wp\/v2\/pages\/1520977","targetHints":{"allow":["GET"]}}],"collection":[{"href":"https:\/\/thingstodoinamsterdam.com\/es\/wp-json\/wp\/v2\/pages"}],"about":[{"href":"https:\/\/thingstodoinamsterdam.com\/es\/wp-json\/wp\/v2\/types\/page"}],"author":[{"embeddable":true,"href":"https:\/\/thingstodoinamsterdam.com\/es\/wp-json\/wp\/v2\/users\/1"}],"replies":[{"embeddable":true,"href":"https:\/\/thingstodoinamsterdam.com\/es\/wp-json\/wp\/v2\/comments?post=1520977"}],"version-history":[{"count":5,"href":"https:\/\/thingstodoinamsterdam.com\/es\/wp-json\/wp\/v2\/pages\/1520977\/revisions"}],"predecessor-version":[{"id":2538910,"href":"https:\/\/thingstodoinamsterdam.com\/es\/wp-json\/wp\/v2\/pages\/1520977\/revisions\/2538910"}],"wp:featuredmedia":[{"embeddable":true,"href":"https:\/\/thingstodoinamsterdam.com\/es\/wp-json\/wp\/v2\/media\/13154"}],"wp:attachment":[{"href":"https:\/\/thingstodoinamsterdam.com\/es\/wp-json\/wp\/v2\/media?parent=1520977"}],"curies":[{"name":"wp","href":"https:\/\/api.w.org\/{rel}","templated":true}]}}