{"id":2027273,"date":"2025-05-16T11:18:26","date_gmt":"2025-05-16T09:18:26","guid":{"rendered":"https:\/\/thingstodoinamsterdam.com\/?page_id=2027273"},"modified":"2025-09-01T15:06:36","modified_gmt":"2025-09-01T13:06:36","slug":"mejores-experiencias-de-realidad-virtual-en-amsterdam","status":"publish","type":"page","link":"https:\/\/thingstodoinamsterdam.com\/es\/atracciones-amsterdam\/mejores-experiencias-de-realidad-virtual-en-amsterdam\/","title":{"rendered":"Mejores experiencias de realidad virtual en \u00c1msterdam"},"content":{"rendered":"<div class=\"wpb-content-wrapper\"><p>[vc_row][vc_column][vc_column_text css=\u00bb\u00bb]<\/p>\n<p class=\"p1\">M\u00e1s all\u00e1 de los canales serpenteantes, los puentes encantadores y las calles hist\u00f3ricas, \u00c1msterdam tambi\u00e9n ofrece algunas de las experiencias de realidad virtual (VR) m\u00e1s innovadoras. En toda la ciudad, hay centros de juegos donde la creatividad, la tecnolog\u00eda y la aventura se encuentran. Ya sea que elijas un complejo grande con varias salas o un estudio m\u00e1s peque\u00f1o, resolver misterios o sobrevivir apocalipsis, puedes esperar experiencias de VR inmersivas y emocionantes en \u00c1msterdam.<\/p>\n<p class=\"p1\">Los centros de VR atraen a turistas, equipos corporativos, familias, amigos y jugadores apasionados. La tecnolog\u00eda de punta, las arenas de libre movimiento y las aventuras guiadas por historias hacen que la escena de VR en \u00c1msterdam sea tan emocionante, ya seas un principiante o un aficionado. Es una experiencia fresca y divertida que te dejar\u00e1 vibrando cuando regreses al mundo real. Si te encantan las escape rooms o tienes curiosidad por saber por qu\u00e9 son tan populares, echa un vistazo a nuestra lista de las <a href=\"https:\/\/thingstodoinamsterdam.com\/amsterdam-attractions\/escape-room-amsterdam\/\">mejores escape rooms de \u00c1msterdam.<\/a><\/p>\n<p class=\"p1\">A continuaci\u00f3n, hemos reunido los mejores lugares de VR en \u00c1msterdam para ayudarte a planificar tu pr\u00f3xima aventura. Los hemos seleccionado en funci\u00f3n de su oferta de VR, instalaciones, ubicaci\u00f3n, calidad y accesibilidad.<\/p>\n<p>[\/vc_column_text][\/vc_column][\/vc_row][vc_row][vc_column][promo_block style_var=\u00bbstyle2&#8243; el_id=\u00bb1635510990126-ab872e2a-205d\u00bb][promo link=\u00bburl:https%3A%2F%2Fthingstodoinamsterdam.com%2Fes%2Fatracciones-amsterdam%2Fmejores-experiencias-de-realidad-virtual-en-amsterdam%2Fadam-vr%2F|title:A&#8217;DAM%20VR%20Game%20%26%20Race%20Park\u00bb address=\u00bbJTNDYnIlM0UlMjBBJUUyJTgwJTk5REFNJTIwVlIlMjBHYW1lJTIwJTI2JTIwUmFjZSUyMFBhcmslMjAlM0NiciUzRSUwQU92ZXJob2Vrc3BsZWluJTIwMTUlMjAlM0NiciUzRSUwQTEwMzElMjBLUyUyMEFtc3RlcmRhbSUyMCUzQ2JyJTNFJTBB\u00bb text=\u00bbUbicado dentro de la ic\u00f3nica torre A&#8217;DAM, A&#8217;DAM VR Game Park ofrece una amplia gama de experiencias que van desde juegos de disparos llenos de adrenalina hasta monta\u00f1as rusas virtuales y escaladas a grandes alturas. El lugar cuenta con equipos de VR de \u00faltima generaci\u00f3n y un ambiente de alta energ\u00eda, perfecto para salidas en grupo o desaf\u00edos en solitario. Su ubicaci\u00f3n central y su atm\u00f3sfera \u00fanica lo convierten en una visita obligada para locales y turistas que buscan experimentar una gran VR con un equipo realmente amigable, siempre listo para ayudar.\u00bb img=\u00bb2026684&#8243;][promo link=\u00bburl:https%3A%2F%2Fthingstodoinamsterdam.com%2Fes%2Fcrucero-canales-amsterdam%2Frecorrido-en-barco-con-realidad-virtual-rv%2F|title:Paseo%20en%20barco%20en%20VR|target:_blank|rel:nofollow\u00bb address=\u00bbJTNDYnIlM0UlMjBWUiUyMFZveWFnZSUyMCUzQ2JyJTNFJTBBTGVpZHNla2FkZSUyMDEwMCUyMCUzQ2JyJTNFJTBBMTAxN1BQJTIwQW1zdGVyZGFtJTIwJTNDYnIlM0UlMEElMjA=\u00bb text=\u00bb\u00a1Nuevo! Viaja 400 a\u00f1os al pasado con este tour en barco con Realidad Virtual, donde podr\u00e1s experimentar tu entorno (360\u00b0) tal y como era durante la Edad de Oro neerlandesa. \u00a1Un paseo en barco por los canales es una actividad imprescindible en \u00c1msterdam! Este nuevo tour en VR es m\u00e1s emocionante que un paseo en barco tradicional. Durante el recorrido, solo tienes que ponerte las gafas de realidad virtual para viajar en el tiempo.\u00bb img=\u00bb2027208&#8243;][promo link=\u00bbtitle:VR%20Gamehouse%20(VRGH)\u00bb address=\u00bbJTNDYnIlM0UlMjBWUiUyMEdhbWVob3VzZSUyMCUyOFZSR0glMjklMjAlM0NiciUzRSUwQUd5cm9zY29vcHdlZyUyMDEwMiUyMCUzQ2JyJTNFJTBBMTA0MiUyMEFYJTIwQW1zdGVyZGFtJTIwJTNDYnIlM0UlMEE=\u00bb text=\u00bbVR GameHouse Amsterdam ofrece un entorno m\u00e1s \u00edntimo pero igualmente inmersivo, dise\u00f1ado para juegos en grupo y desaf\u00edos al estilo escape room. Este lugar combina una atm\u00f3sfera acogedora con una configuraci\u00f3n elegante, ideal para experiencias multijugador. Es un lugar perfecto para eventos o fiestas, y puedes combinar tu diversi\u00f3n en VR con los mejores DJs, bebidas y baile.\u00bb img=\u00bb2026970&#8243;][promo link=\u00bbtitle:VR%20Experience%20Amsterdam\u00bb address=\u00bbJTNDYnIlM0UlMjBWUiUyMEV4cGVyaWVuY2UlMjBBbXN0ZXJkYW0lMjAlM0NiciUzRSUwQVRvbSUyMFNjaHJldXJzd2VnJTIwMTAtRCUyMCUzQ2JyJTNFJTBBMTA2NyUyME1DJTIwQW1zdGVyZGFtJTIwJTNDYnIlM0UlMEElMEElMEE=\u00bb text=\u00bbEnfocado en escenarios inmersivos de escape room y aventuras, VR Experience Amsterdam crea experiencias multisensoriales ideales para amigos y eventos corporativos, ya que los juegos est\u00e1n dise\u00f1ados para fomentar el trabajo en equipo y la resoluci\u00f3n de problemas. Los juegos disponibles incluyen &#8216;Cops vs Robbers&#8217;, un emocionante juego de disparos para 2 a 6 jugadores, y &#8216;Cook\u2019d UP&#8217;, donde el objetivo es servir a los clientes impacientes lo m\u00e1s r\u00e1pido posible.\u00bb img=\u00bb2026949&#8243;][promo link=\u00bbtitle:Lightning%20VR\u00bb address=\u00bbJTNDYnIlM0UlMjBMaWdodG5pbmclMjBWUiUyMCUzQ2JyJTNFJTBBQXN0ZXJ3ZWclMjAxOUUxJTIwJTNDYnIlM0UlMEExMDMxJTIwSEwlMjBBbXN0ZXJkYW1IYWFybGVtbWVyc3RyYWF0JTIwMTI0RCUyMCUzQ2JyJTNFJTBB\u00bb text=\u00bbLightning VR Amsterdam es muy apreciado por sus emocionantes aventuras de libre movimiento con juegos creados especialmente en su estudio. Cuentan con una amplia colecci\u00f3n de t\u00edtulos inmersivos, por lo que puedes esperar una experiencia VR cinematogr\u00e1fica e intensa. El lugar est\u00e1 dividido en dos partes: una es una sala de juegos de 200 m\u00b2 y la otra cuenta con un bar, mesas de billar y juegos de arcade. Tambi\u00e9n es bueno saber que tienen juegos de disparos aptos para ni\u00f1os.\u00bb img=\u00bb2026914&#8243;][promo link=\u00bbtitle:The%20Park%20Playground\u00bb address=\u00bbJTNDYnIlM0UlMjBUaGUlMjBQYXJrJTIwUGxheWdyb3VuZCUyMCUzQ2JyJTNFJTBBUmlnYWthZGUlMjAxMCUwQTEwMTMlMjBCQyUyMEFtc3RlcmRhbSUyMCUzQ2JyJTNFJTBBJTBBJTBBJTBB\u00bb text=\u00bbThe Park Playground se especializa en misiones guiadas por historias y arenas expansivas de libre movimiento que invitan a los jugadores a sumergirse en mundos fant\u00e1sticos. Adecuado tanto para principiantes como para jugadores experimentados, el lugar ofrece juegos emocionantes como escape rooms, batallas VR, misiones de rescate y combates contra extraterrestres. Cada juego es tan realista como se puede esperar, y puedes relajarte en el bar despu\u00e9s de jugar para volver a la realidad.\u00bb img=\u00bb2026924&#8243;][promo link=\u00bbtitle:Zero%20Latency\u00bb address=\u00bbJTNDYnIlM0UlMjBaZXJvJTIwTGF0ZW5jeSUyMCUzQ2JyJTNFJTBBTWVldXdlbmxhYW4lMjAxMjIlMjAlM0NiciUzRSUwQTEwMjElMjBKTiUyMEFtc3RlcmRhbSUyMCUzQ2JyJTNFJTBB\u00bb text=\u00bbZero Latency VR se destaca por su escala, velocidad e inmersi\u00f3n total. Es un lugar de VR en libre movimiento de primer nivel, con grandes arenas sin cables donde los equipos pueden moverse, planificar estrategias y luchar juntos en aventuras virtuales. Espera misiones intensas y r\u00e1pidas, desde sobrevivir a un brote de virus hasta combatir extraterrestres. Zero Latency es perfecto para los buscadores de adrenalina, jugadores en equipo y cualquiera que busque una experiencia emocionante.\u00bb img=\u00bb2026954&#8243;][promo link=\u00bbtitle:VR%20Amsterdam\u00bb address=\u00bbJTNDYnIlM0UlMjBWUiUyMEFtc3RlcmRhbSUyMCUzQ2JyJTNFJTBBRHVpdmVuZHJlY2h0c2VrYWRlJTIwMzYlMjAlM0NiciUzRSUwQTEwOTYlMjBBSCUyMEFtc3RlcmRhbSUyMCUwQQ==\u00bb text=\u00bbVR Amsterdam tiene una amplia variedad de juegos para satisfacer tanto a los jugadores casuales como a los entusiastas experimentados. El lugar cuenta con una biblioteca de juegos en constante cambio y un entorno abierto dise\u00f1ado para desafiar tus reflejos y tu pensamiento estrat\u00e9gico. Con un ambiente amigable y relajado, VR Amsterdam es una excelente opci\u00f3n para cualquiera que quiera sumergirse en el mundo de la realidad virtual.\u00bb img=\u00bb2026976&#8243;][promo link=\u00bburl:https%3A%2F%2Fthingstodoinamsterdam.com%2Faloha-bowling-minigolf-laser-tag-amsterdam%2F|title:Aloha%20VR\u00bb address=\u00bbJTNDYnIlM0UlMjBBbG9oYSUyMFZSJTIwJTNDYnIlM0UlMEFEZSUyMFJ1eXRlcmthZGUlMjAxNTElMjAlM0NiciUzRSUwQTEwMTElMjBBQyUyMEFtc3RlcmRhbSUyMCUzQ2JyJTNFJTBBJTBBJTBBJTBBJTBB\u00bb text=\u00bbUbicado en el animado centro de entretenimiento Aloha, Aloha VR ofrece un toque divertido y festivo a los juegos de realidad virtual. Aqu\u00ed, la emoci\u00f3n de la realidad virtual se combina con otras actividades como bolos, laser tag y cenas informales, lo que lo convierte en una salida divertida para familias, amigos o grupos corporativos. Su ambiente vibrante y sus variadas ofertas lo convierten en un lugar ideal para aquellos que desean combinar juegos de alta tecnolog\u00eda con un ambiente de fiesta.\u00bb img=\u00bb2026904&#8243;][\/promo_block][\/vc_column][\/vc_row][vc_row][vc_column][g_map heading=\u00bbExperiencias de VR en el mapa de la ciudad\u00bb el_id=\u00bb1744705770633-f9f2755d-21d7&#8243;]<iframe src=\"https:\/\/www.google.com\/maps\/d\/embed?mid=1iAAfz0HN0BgWlnFePzhqt5lVcmhgl0A&amp;ehbc=2E312F\" data-mce-fragment=\"1\"><\/iframe>[\/g_map][\/vc_column][\/vc_row][vc_row][vc_column][vc_column_text css=\u00bb\u00bb]<\/p>\n<h3>Consejos para visitar centros de VR en \u00c1msterdam<\/h3>\n<h4>1. Mantente en tu zona de confort de VR<\/h4>\n<p>La realidad virtual puede ser intensa; si eres principiante, elige experiencias que se adapten a tu nivel. Habla con el personal del lugar para descubrir qu\u00e9 opciones son las m\u00e1s adecuadas para ti: normalmente hay algo para todos. Si eres propenso al mareo, pregunta al personal qu\u00e9 juegos son m\u00e1s est\u00e1ticos o menos desorientadores.<\/p>\n<h4>2. Llega temprano<\/h4>\n<p>Muchos lugares recomiendan llegar de 10 a 15 minutos antes para registrarse y recibir las instrucciones.<\/p>\n<h4>3. Viste ropa c\u00f3moda<\/h4>\n<p>Usa ropa y calzado c\u00f3modos que permitan libertad de movimiento, especialmente en las \u00e1reas de libre movimiento.<\/p>\n<h4>4. Respeta el l\u00edmite de tiempo<\/h4>\n<p>S\u00e9 consciente de tu franja horaria para que el pr\u00f3ximo grupo pueda empezar a tiempo. \u00a1Celebra tu victoria fuera de la zona de juego!<br \/>\n[\/vc_column_text][\/vc_column][\/vc_row][vc_row][vc_column][promo_block style_var=\u00bbstyle2&#8243; el_id=\u00bb1566375886183-4d56e822-4a99&#8243;][promo link=\u00bburl:https%3A%2F%2Fthingstodoinamsterdam.com%2Fcanal-cruise%2F|title:Cruceros%20por%20los%20canales\u00bb text=\u00bb\u00a1Zarpa y descubre \u00c1msterdam desde sus encantadores canales en un delicioso crucero!\u00bb img=\u00bb1524317&#8243;][promo link=\u00bburl:https%3A%2F%2Fthingstodoinamsterdam.com%2Famsterdam-attractions%2Fescape-room-amsterdam%2F|title:Escape Rooms\u00bb text=\u00bb\u00a1Pon a prueba tus habilidades de colaboraci\u00f3n con tus amigos en una de las escape rooms de \u00c1msterdam!\u00bb img=\u00bb11503&#8243;][promo link=\u00bburl:https%3A%2F%2Fthingstodoinamsterdam.com%2Famsterdam-attractions%2Fbeer-bike-amsterdam%2F|title:Experiencia%20en%20Beer%20Bike\u00bb text=\u00bb\u00a1Una excelente actividad grupal para amigos, despedidas de soltero o reuniones familiares!\u00bb img=\u00bb1525817&#8243;][\/promo_block][\/vc_column][\/vc_row]<\/p>\n<\/div>","protected":false},"excerpt":{"rendered":"<p>[vc_row][vc_column][vc_column_text css=\u00bb\u00bb] M\u00e1s all\u00e1 de los canales serpenteantes, los puentes encantadores y las calles hist\u00f3ricas, \u00c1msterdam tambi\u00e9n ofrece algunas de las experiencias de realidad virtual\u2026<\/p>\n","protected":false},"author":33,"featured_media":2026743,"parent":1019388,"menu_order":0,"comment_status":"closed","ping_status":"closed","template":"","meta":{"footnotes":""},"class_list":["post-2027273","page","type-page","status-publish","has-post-thumbnail","hentry"],"yoast_head":"<!-- This site is optimized with the Yoast SEO plugin v27.4 - https:\/\/yoast.com\/product\/yoast-seo-wordpress\/ -->\n<title>Mejores experiencias de realidad virtual en \u00c1msterdam<\/title>\n<meta name=\"description\" content=\"Descubre las mejores experiencias de VR en \u00c1msterdam: juegos inmersivos, arenas libres y aventuras emocionantes para todos los niveles. \u00a1Sum\u00e9rgete en la acci\u00f3n!\" \/>\n<meta name=\"robots\" content=\"index, follow, max-snippet:-1, max-image-preview:large, max-video-preview:-1\" \/>\n<link rel=\"canonical\" href=\"https:\/\/thingstodoinamsterdam.com\/es\/atracciones-amsterdam\/mejores-experiencias-de-realidad-virtual-en-amsterdam\/\" \/>\n<meta property=\"og:locale\" content=\"es_ES\" \/>\n<meta property=\"og:type\" content=\"article\" \/>\n<meta property=\"og:title\" content=\"Mejores experiencias de realidad virtual en \u00c1msterdam\" \/>\n<meta property=\"og:description\" content=\"Descubre las mejores experiencias de VR en \u00c1msterdam: juegos inmersivos, arenas libres y aventuras emocionantes para todos los niveles. \u00a1Sum\u00e9rgete en la acci\u00f3n!\" \/>\n<meta property=\"og:url\" content=\"https:\/\/thingstodoinamsterdam.com\/es\/atracciones-amsterdam\/mejores-experiencias-de-realidad-virtual-en-amsterdam\/\" \/>\n<meta property=\"og:site_name\" content=\"ThingstodoinAmsterdam.com\" \/>\n<meta property=\"article:publisher\" content=\"https:\/\/www.facebook.com\/thingstodoinamsterdamcom\" \/>\n<meta property=\"article:modified_time\" content=\"2025-09-01T13:06:36+00:00\" \/>\n<meta property=\"og:image\" content=\"https:\/\/thingstodoinamsterdam.com\/wp-content\/uploads\/2025\/04\/ADAM-VR6.jpg\" \/>\n\t<meta property=\"og:image:width\" content=\"1200\" \/>\n\t<meta property=\"og:image:height\" content=\"900\" \/>\n\t<meta property=\"og:image:type\" content=\"image\/jpeg\" \/>\n<meta name=\"twitter:card\" content=\"summary_large_image\" \/>\n<meta name=\"twitter:label1\" content=\"Tiempo de lectura\" \/>\n\t<meta name=\"twitter:data1\" content=\"6 minutos\" \/>\n<script type=\"application\/ld+json\" class=\"yoast-schema-graph\">{\"@context\":\"https:\\\/\\\/schema.org\",\"@graph\":[{\"@type\":\"WebPage\",\"@id\":\"https:\\\/\\\/thingstodoinamsterdam.com\\\/es\\\/atracciones-amsterdam\\\/mejores-experiencias-de-realidad-virtual-en-amsterdam\\\/\",\"url\":\"https:\\\/\\\/thingstodoinamsterdam.com\\\/es\\\/atracciones-amsterdam\\\/mejores-experiencias-de-realidad-virtual-en-amsterdam\\\/\",\"name\":\"Mejores experiencias de realidad virtual en \u00c1msterdam\",\"isPartOf\":{\"@id\":\"https:\\\/\\\/thingstodoinamsterdam.com\\\/es\\\/#website\"},\"primaryImageOfPage\":{\"@id\":\"https:\\\/\\\/thingstodoinamsterdam.com\\\/es\\\/atracciones-amsterdam\\\/mejores-experiencias-de-realidad-virtual-en-amsterdam\\\/#primaryimage\"},\"image\":{\"@id\":\"https:\\\/\\\/thingstodoinamsterdam.com\\\/es\\\/atracciones-amsterdam\\\/mejores-experiencias-de-realidad-virtual-en-amsterdam\\\/#primaryimage\"},\"thumbnailUrl\":\"https:\\\/\\\/thingstodoinamsterdam.com\\\/wp-content\\\/uploads\\\/2025\\\/04\\\/ADAM-VR6.jpg\",\"datePublished\":\"2025-05-16T09:18:26+00:00\",\"dateModified\":\"2025-09-01T13:06:36+00:00\",\"description\":\"Descubre las mejores experiencias de VR en \u00c1msterdam: juegos inmersivos, arenas libres y aventuras emocionantes para todos los niveles. \u00a1Sum\u00e9rgete en la acci\u00f3n!\",\"breadcrumb\":{\"@id\":\"https:\\\/\\\/thingstodoinamsterdam.com\\\/es\\\/atracciones-amsterdam\\\/mejores-experiencias-de-realidad-virtual-en-amsterdam\\\/#breadcrumb\"},\"inLanguage\":\"es\",\"potentialAction\":[{\"@type\":\"ReadAction\",\"target\":[\"https:\\\/\\\/thingstodoinamsterdam.com\\\/es\\\/atracciones-amsterdam\\\/mejores-experiencias-de-realidad-virtual-en-amsterdam\\\/\"]}]},{\"@type\":\"ImageObject\",\"inLanguage\":\"es\",\"@id\":\"https:\\\/\\\/thingstodoinamsterdam.com\\\/es\\\/atracciones-amsterdam\\\/mejores-experiencias-de-realidad-virtual-en-amsterdam\\\/#primaryimage\",\"url\":\"https:\\\/\\\/thingstodoinamsterdam.com\\\/wp-content\\\/uploads\\\/2025\\\/04\\\/ADAM-VR6.jpg\",\"contentUrl\":\"https:\\\/\\\/thingstodoinamsterdam.com\\\/wp-content\\\/uploads\\\/2025\\\/04\\\/ADAM-VR6.jpg\",\"width\":1200,\"height\":900,\"caption\":\"A'DAM VR Game Park in Amsterdam\"},{\"@type\":\"BreadcrumbList\",\"@id\":\"https:\\\/\\\/thingstodoinamsterdam.com\\\/es\\\/atracciones-amsterdam\\\/mejores-experiencias-de-realidad-virtual-en-amsterdam\\\/#breadcrumb\",\"itemListElement\":[{\"@type\":\"ListItem\",\"position\":1,\"name\":\"Qu\u00e9 hacer en \u00c1msterdam\",\"item\":\"https:\\\/\\\/thingstodoinamsterdam.com\\\/es\\\/\"},{\"@type\":\"ListItem\",\"position\":2,\"name\":\"Principales atracciones tur\u00edsticas en \u00c1msterdam\",\"item\":\"https:\\\/\\\/thingstodoinamsterdam.com\\\/es\\\/atracciones-amsterdam\\\/\"},{\"@type\":\"ListItem\",\"position\":3,\"name\":\"Mejores experiencias de realidad virtual en \u00c1msterdam\"}]},{\"@type\":\"WebSite\",\"@id\":\"https:\\\/\\\/thingstodoinamsterdam.com\\\/es\\\/#website\",\"url\":\"https:\\\/\\\/thingstodoinamsterdam.com\\\/es\\\/\",\"name\":\"ThingstodoinAmsterdam.com\",\"description\":\"Amsterdam&#039;s highlights and hidden secrets\",\"publisher\":{\"@id\":\"https:\\\/\\\/thingstodoinamsterdam.com\\\/es\\\/#organization\"},\"potentialAction\":[{\"@type\":\"SearchAction\",\"target\":{\"@type\":\"EntryPoint\",\"urlTemplate\":\"https:\\\/\\\/thingstodoinamsterdam.com\\\/es\\\/?s={search_term_string}\"},\"query-input\":{\"@type\":\"PropertyValueSpecification\",\"valueRequired\":true,\"valueName\":\"search_term_string\"}}],\"inLanguage\":\"es\"},{\"@type\":\"Organization\",\"@id\":\"https:\\\/\\\/thingstodoinamsterdam.com\\\/es\\\/#organization\",\"name\":\"Qu\u00e9 hacer en \u00c1msterdam\",\"url\":\"https:\\\/\\\/thingstodoinamsterdam.com\\\/es\\\/\",\"logo\":{\"@type\":\"ImageObject\",\"inLanguage\":\"es\",\"@id\":\"https:\\\/\\\/thingstodoinamsterdam.com\\\/es\\\/#\\\/schema\\\/logo\\\/image\\\/\",\"url\":\"https:\\\/\\\/thingstodoinamsterdam.com\\\/wp-content\\\/uploads\\\/2025\\\/02\\\/ThingsToDoInAmsterdam-Favicon-logo.png\",\"contentUrl\":\"https:\\\/\\\/thingstodoinamsterdam.com\\\/wp-content\\\/uploads\\\/2025\\\/02\\\/ThingsToDoInAmsterdam-Favicon-logo.png\",\"width\":512,\"height\":512,\"caption\":\"Qu\u00e9 hacer en \u00c1msterdam\"},\"image\":{\"@id\":\"https:\\\/\\\/thingstodoinamsterdam.com\\\/es\\\/#\\\/schema\\\/logo\\\/image\\\/\"},\"sameAs\":[\"https:\\\/\\\/www.facebook.com\\\/thingstodoinamsterdamcom\"]}]}<\/script>\n<!-- \/ Yoast SEO plugin. -->","yoast_head_json":{"title":"Mejores experiencias de realidad virtual en \u00c1msterdam","description":"Descubre las mejores experiencias de VR en \u00c1msterdam: juegos inmersivos, arenas libres y aventuras emocionantes para todos los niveles. \u00a1Sum\u00e9rgete en la acci\u00f3n!","robots":{"index":"index","follow":"follow","max-snippet":"max-snippet:-1","max-image-preview":"max-image-preview:large","max-video-preview":"max-video-preview:-1"},"canonical":"https:\/\/thingstodoinamsterdam.com\/es\/atracciones-amsterdam\/mejores-experiencias-de-realidad-virtual-en-amsterdam\/","og_locale":"es_ES","og_type":"article","og_title":"Mejores experiencias de realidad virtual en \u00c1msterdam","og_description":"Descubre las mejores experiencias de VR en \u00c1msterdam: juegos inmersivos, arenas libres y aventuras emocionantes para todos los niveles. \u00a1Sum\u00e9rgete en la acci\u00f3n!","og_url":"https:\/\/thingstodoinamsterdam.com\/es\/atracciones-amsterdam\/mejores-experiencias-de-realidad-virtual-en-amsterdam\/","og_site_name":"ThingstodoinAmsterdam.com","article_publisher":"https:\/\/www.facebook.com\/thingstodoinamsterdamcom","article_modified_time":"2025-09-01T13:06:36+00:00","og_image":[{"width":1200,"height":900,"url":"https:\/\/thingstodoinamsterdam.com\/wp-content\/uploads\/2025\/04\/ADAM-VR6.jpg","type":"image\/jpeg"}],"twitter_card":"summary_large_image","twitter_misc":{"Tiempo de lectura":"6 minutos"},"schema":{"@context":"https:\/\/schema.org","@graph":[{"@type":"WebPage","@id":"https:\/\/thingstodoinamsterdam.com\/es\/atracciones-amsterdam\/mejores-experiencias-de-realidad-virtual-en-amsterdam\/","url":"https:\/\/thingstodoinamsterdam.com\/es\/atracciones-amsterdam\/mejores-experiencias-de-realidad-virtual-en-amsterdam\/","name":"Mejores experiencias de realidad virtual en \u00c1msterdam","isPartOf":{"@id":"https:\/\/thingstodoinamsterdam.com\/es\/#website"},"primaryImageOfPage":{"@id":"https:\/\/thingstodoinamsterdam.com\/es\/atracciones-amsterdam\/mejores-experiencias-de-realidad-virtual-en-amsterdam\/#primaryimage"},"image":{"@id":"https:\/\/thingstodoinamsterdam.com\/es\/atracciones-amsterdam\/mejores-experiencias-de-realidad-virtual-en-amsterdam\/#primaryimage"},"thumbnailUrl":"https:\/\/thingstodoinamsterdam.com\/wp-content\/uploads\/2025\/04\/ADAM-VR6.jpg","datePublished":"2025-05-16T09:18:26+00:00","dateModified":"2025-09-01T13:06:36+00:00","description":"Descubre las mejores experiencias de VR en \u00c1msterdam: juegos inmersivos, arenas libres y aventuras emocionantes para todos los niveles. \u00a1Sum\u00e9rgete en la acci\u00f3n!","breadcrumb":{"@id":"https:\/\/thingstodoinamsterdam.com\/es\/atracciones-amsterdam\/mejores-experiencias-de-realidad-virtual-en-amsterdam\/#breadcrumb"},"inLanguage":"es","potentialAction":[{"@type":"ReadAction","target":["https:\/\/thingstodoinamsterdam.com\/es\/atracciones-amsterdam\/mejores-experiencias-de-realidad-virtual-en-amsterdam\/"]}]},{"@type":"ImageObject","inLanguage":"es","@id":"https:\/\/thingstodoinamsterdam.com\/es\/atracciones-amsterdam\/mejores-experiencias-de-realidad-virtual-en-amsterdam\/#primaryimage","url":"https:\/\/thingstodoinamsterdam.com\/wp-content\/uploads\/2025\/04\/ADAM-VR6.jpg","contentUrl":"https:\/\/thingstodoinamsterdam.com\/wp-content\/uploads\/2025\/04\/ADAM-VR6.jpg","width":1200,"height":900,"caption":"A'DAM VR Game Park in Amsterdam"},{"@type":"BreadcrumbList","@id":"https:\/\/thingstodoinamsterdam.com\/es\/atracciones-amsterdam\/mejores-experiencias-de-realidad-virtual-en-amsterdam\/#breadcrumb","itemListElement":[{"@type":"ListItem","position":1,"name":"Qu\u00e9 hacer en \u00c1msterdam","item":"https:\/\/thingstodoinamsterdam.com\/es\/"},{"@type":"ListItem","position":2,"name":"Principales atracciones tur\u00edsticas en \u00c1msterdam","item":"https:\/\/thingstodoinamsterdam.com\/es\/atracciones-amsterdam\/"},{"@type":"ListItem","position":3,"name":"Mejores experiencias de realidad virtual en \u00c1msterdam"}]},{"@type":"WebSite","@id":"https:\/\/thingstodoinamsterdam.com\/es\/#website","url":"https:\/\/thingstodoinamsterdam.com\/es\/","name":"ThingstodoinAmsterdam.com","description":"Amsterdam&#039;s highlights and hidden secrets","publisher":{"@id":"https:\/\/thingstodoinamsterdam.com\/es\/#organization"},"potentialAction":[{"@type":"SearchAction","target":{"@type":"EntryPoint","urlTemplate":"https:\/\/thingstodoinamsterdam.com\/es\/?s={search_term_string}"},"query-input":{"@type":"PropertyValueSpecification","valueRequired":true,"valueName":"search_term_string"}}],"inLanguage":"es"},{"@type":"Organization","@id":"https:\/\/thingstodoinamsterdam.com\/es\/#organization","name":"Qu\u00e9 hacer en \u00c1msterdam","url":"https:\/\/thingstodoinamsterdam.com\/es\/","logo":{"@type":"ImageObject","inLanguage":"es","@id":"https:\/\/thingstodoinamsterdam.com\/es\/#\/schema\/logo\/image\/","url":"https:\/\/thingstodoinamsterdam.com\/wp-content\/uploads\/2025\/02\/ThingsToDoInAmsterdam-Favicon-logo.png","contentUrl":"https:\/\/thingstodoinamsterdam.com\/wp-content\/uploads\/2025\/02\/ThingsToDoInAmsterdam-Favicon-logo.png","width":512,"height":512,"caption":"Qu\u00e9 hacer en \u00c1msterdam"},"image":{"@id":"https:\/\/thingstodoinamsterdam.com\/es\/#\/schema\/logo\/image\/"},"sameAs":["https:\/\/www.facebook.com\/thingstodoinamsterdamcom"]}]}},"_links":{"self":[{"href":"https:\/\/thingstodoinamsterdam.com\/es\/wp-json\/wp\/v2\/pages\/2027273","targetHints":{"allow":["GET"]}}],"collection":[{"href":"https:\/\/thingstodoinamsterdam.com\/es\/wp-json\/wp\/v2\/pages"}],"about":[{"href":"https:\/\/thingstodoinamsterdam.com\/es\/wp-json\/wp\/v2\/types\/page"}],"author":[{"embeddable":true,"href":"https:\/\/thingstodoinamsterdam.com\/es\/wp-json\/wp\/v2\/users\/33"}],"replies":[{"embeddable":true,"href":"https:\/\/thingstodoinamsterdam.com\/es\/wp-json\/wp\/v2\/comments?post=2027273"}],"version-history":[{"count":5,"href":"https:\/\/thingstodoinamsterdam.com\/es\/wp-json\/wp\/v2\/pages\/2027273\/revisions"}],"predecessor-version":[{"id":2028919,"href":"https:\/\/thingstodoinamsterdam.com\/es\/wp-json\/wp\/v2\/pages\/2027273\/revisions\/2028919"}],"up":[{"embeddable":true,"href":"https:\/\/thingstodoinamsterdam.com\/es\/wp-json\/wp\/v2\/pages\/1019388"}],"wp:featuredmedia":[{"embeddable":true,"href":"https:\/\/thingstodoinamsterdam.com\/es\/wp-json\/wp\/v2\/media\/2026743"}],"wp:attachment":[{"href":"https:\/\/thingstodoinamsterdam.com\/es\/wp-json\/wp\/v2\/media?parent=2027273"}],"curies":[{"name":"wp","href":"https:\/\/api.w.org\/{rel}","templated":true}]}}