{"id":2028127,"date":"2025-07-08T12:17:59","date_gmt":"2025-07-08T10:17:59","guid":{"rendered":"https:\/\/thingstodoinamsterdam.com\/?page_id=2028127"},"modified":"2025-12-18T13:47:13","modified_gmt":"2025-12-18T12:47:13","slug":"hoteles-de-amsterdam","status":"publish","type":"page","link":"https:\/\/thingstodoinamsterdam.com\/es\/hoteles-de-amsterdam\/","title":{"rendered":"Hoteles de \u00c1msterdam"},"content":{"rendered":"<div class=\"wpb-content-wrapper\"><p>[vc_row][vc_column][vc_column_text css=\u00bb\u00bb]Con m\u00e1s de 10 millones de turistas visitando \u00c1msterdam cada a\u00f1o, muchas personas buscan un hotel en la ciudad. Para satisfacer esta gran demanda, \u00c1msterdam cuenta con m\u00e1s de 400 hoteles. Sin embargo, a pesar de estos 400 hoteles y sus 55.000 camas, encontrar un alojamiento a un precio razonable puede ser un verdadero reto. Especialmente en temporada alta, desde finales de abril hasta octubre, los precios por habitaci\u00f3n o incluso por cama en dormitorio compartido pueden dispararse. Julio y agosto son los meses m\u00e1s concurridos y caros. Tambi\u00e9n durante d\u00edas festivos como Pascua y Navidad los precios alcanzan sus niveles m\u00e1s altos. Por ejemplo, el fin de semana de Pascua puede ser el doble de caro que el fin de semana siguiente. Por lo tanto, si viajas con un presupuesto ajustado, es recomendable planificar tu viaje con cuidado. Reservar con antelaci\u00f3n te dar\u00e1 m\u00e1s opciones de hoteles y precios. Si buscas alojarte en un lugar \u00fanico e inolvidable, como una<a href=\"https:\/\/thingstodoinamsterdam.com\/es\/blog\/las-mejores-casas-flotantes-en-alquiler-en-amsterdam\/\"> casa flotante en los canales<\/a>, aseg\u00farate de reservar lo antes posible, ya que se agotan r\u00e1pido. Si buscas unas vacaciones de lujo, no te pierdas nuestro art\u00edculo sobre los <a href=\"https:\/\/thingstodoinamsterdam.com\/es\/blog\/mejores-hoteles-lujo-amsterdam\/\">mejores hoteles de lujo en \u00c1msterdam<\/a>.<\/p><div id=\"ez-toc-container\" class=\"ez-toc-v2_0_82_2 counter-hierarchy ez-toc-counter ez-toc-custom ez-toc-container-direction\">\n<div class=\"ez-toc-title-container\">\n<span class=\"ez-toc-title-toggle\"><a href=\"#\" class=\"ez-toc-pull-right ez-toc-btn ez-toc-btn-xs ez-toc-btn-default ez-toc-toggle\" aria-label=\"Alternar tabla de contenidos\"><span class=\"ez-toc-js-icon-con\"><span class=\"\"><span class=\"eztoc-hide\" style=\"display:none;\">Toggle<\/span><span class=\"ez-toc-icon-toggle-span\"><svg style=\"fill: #999;color:#999\" xmlns=\"http:\/\/www.w3.org\/2000\/svg\" class=\"list-377408\" width=\"20px\" height=\"20px\" viewBox=\"0 0 24 24\" fill=\"none\"><path d=\"M6 6H4v2h2V6zm14 0H8v2h12V6zM4 11h2v2H4v-2zm16 0H8v2h12v-2zM4 16h2v2H4v-2zm16 0H8v2h12v-2z\" fill=\"currentColor\"><\/path><\/svg><svg style=\"fill: #999;color:#999\" class=\"arrow-unsorted-368013\" xmlns=\"http:\/\/www.w3.org\/2000\/svg\" width=\"10px\" height=\"10px\" viewBox=\"0 0 24 24\" version=\"1.2\" baseProfile=\"tiny\"><path d=\"M18.2 9.3l-6.2-6.3-6.2 6.3c-.2.2-.3.4-.3.7s.1.5.3.7c.2.2.4.3.7.3h11c.3 0 .5-.1.7-.3.2-.2.3-.5.3-.7s-.1-.5-.3-.7zM5.8 14.7l6.2 6.3 6.2-6.3c.2-.2.3-.5.3-.7s-.1-.5-.3-.7c-.2-.2-.4-.3-.7-.3h-11c-.3 0-.5.1-.7.3-.2.2-.3.5-.3.7s.1.5.3.7z\"\/><\/svg><\/span><\/span><\/span><\/a><\/span><\/div>\n<nav><ul class='ez-toc-list ez-toc-list-level-1 ' ><li class='ez-toc-page-1 ez-toc-heading-level-2'><a class=\"ez-toc-link ez-toc-heading-1\" href=\"https:\/\/thingstodoinamsterdam.com\/es\/hoteles-de-amsterdam\/#como-encontrar-un-hotel-adecuado-en-amsterdam\" >C\u00f3mo encontrar un hotel adecuado en \u00c1msterdam<\/a><\/li><li class='ez-toc-page-1 ez-toc-heading-level-2'><a class=\"ez-toc-link ez-toc-heading-2\" href=\"https:\/\/thingstodoinamsterdam.com\/es\/hoteles-de-amsterdam\/#los-mejores-hoteles-en-amsterdam\" >Los mejores hoteles en \u00c1msterdam<\/a><\/li><li class='ez-toc-page-1 ez-toc-heading-level-2'><a class=\"ez-toc-link ez-toc-heading-3\" href=\"https:\/\/thingstodoinamsterdam.com\/es\/hoteles-de-amsterdam\/#hotel-barato-en-amsterdam\" >Hotel barato en \u00c1msterdam<\/a><\/li><\/ul><\/nav><\/div>\n\n<div id=\"gtx-trans\" style=\"position: absolute; left: 146px; top: 110.667px;\">\n<div class=\"gtx-trans-icon\"><\/div>\n<\/div>\n<p>[\/vc_column_text][button title=\u00bbDescubre los hoteles recomendados en \u00c1msterdam en Booking.com\u00bb link=\u00bbhttps:\/\/thingstodoinamsterdam.com\/ticketlink-amsterdamhotel-booking-std\u00bb icon=\u00bb\u00bb button_align=\u00bbcenter\u00bb target=\u00bbtrue\u00bb nofollow=\u00bbtrue\u00bb el_id=\u00bb1661529258704-426fe517-a817&#8243;][vc_single_image image=\u00bb516341&#8243; img_size=\u00bbfull\u00bb alignment=\u00bbcenter\u00bb css=\u00bb\u00bb][vc_column_text css=\u00bb\u00bb]<\/p>\n<h2><span class=\"ez-toc-section\" id=\"como-encontrar-un-hotel-adecuado-en-amsterdam\"><\/span>C\u00f3mo encontrar un hotel adecuado en \u00c1msterdam<span class=\"ez-toc-section-end\"><\/span><\/h2>\n<p>Si est\u00e1s buscando un hotel, probablemente empieces buscando dentro de un rango de precios espec\u00edfico. Pero adem\u00e1s del precio, te recomendamos considerar otros factores. Tambi\u00e9n debes tener en cuenta lo que planeas hacer. Aunque el transporte p\u00fablico est\u00e1 bien organizado, no hay servicio de metro ni tranv\u00eda durante la noche. Por eso, si tienes pensado salir de fiesta, quiz\u00e1 valga la pena gastar un poco m\u00e1s en un hotel en el centro en lugar de gastar lo ahorrado en taxis. Por otro lado, si no te interesa mucho la vida nocturna, puedes ahorrar algo de dinero aloj\u00e1ndote en un hotel m\u00e1s tranquilo fuera del centro.<\/p>\n<p>Cuando elijas un hotel, ten en cuenta los siguientes aspectos:<\/p>\n<ul>\n<li>Ubicaci\u00f3n del hotel: fuera del centro obtendr\u00e1s una mejor relaci\u00f3n calidad-precio, \u00bfse ajusta eso a tus planes? La desventaja del centro es que puede ser un poco ruidoso cerca de los bares.<\/li>\n<li>Tipo de visitantes: algunos hoteles est\u00e1n mejor adaptados para personas que viajan por negocios, mientras que otros son m\u00e1s adecuados para j\u00f3venes y personas sociables. Si te gustar\u00eda conocer a otros viajeros, quiz\u00e1 un albergue sea una buena alternativa.<\/li>\n<li>Instalaciones: \u00bfplaneas desayunar en el hotel? \u00bfTe gustar\u00eda que tenga un bar?<\/li>\n<li>Opiniones: todos los hoteles dicen ser limpios y c\u00f3modos, pero la informaci\u00f3n m\u00e1s honesta y \u00fatil suele encontrarse en las opiniones de otros hu\u00e9spedes.<\/li>\n<\/ul>\n<p>[\/vc_column_text][button title=\u00bbDescubre los hoteles recomendados en \u00c1msterdam en Booking.com\u00bb link=\u00bbhttps:\/\/thingstodoinamsterdam.com\/ticketlink-amsterdamhotel-booking-std\u00bb icon=\u00bb\u00bb button_align=\u00bbcenter\u00bb target=\u00bbtrue\u00bb nofollow=\u00bbtrue\u00bb el_id=\u00bb1766061874435-d5ba1c9b-aa32&#8243;][vc_column_text css=\u00bb\u00bb]Consejo: tambi\u00e9n hay<a href=\"https:\/\/thingstodoinamsterdam.com\/es\/hoteles-de-amsterdam\/cozycozy\/\"> sitios como CozyCozy<\/a> que usan la base de datos de varias p\u00e1ginas de reservas de alojamiento. \u00a1Est\u00e1n especializados en lugares \u00fanicos![\/vc_column_text][\/vc_column][\/vc_row][vc_row][vc_column][vc_column_text]<\/p>\n<h2><span class=\"ez-toc-section\" id=\"los-mejores-hoteles-en-amsterdam\"><\/span>Los mejores hoteles en \u00c1msterdam<span class=\"ez-toc-section-end\"><\/span><\/h2>\n<p>Probablemente el hotel m\u00e1s famoso e ic\u00f3nico de \u00c1msterdam sea el Hotel Amstel, ahora parte del grupo hotelero Intercontinental. Los precios empiezan alrededor de los \u20ac500 por noche. Con suerte, en temporada baja y reservando con mucha anticipaci\u00f3n, podr\u00edas encontrar habitaciones desde unos \u20ac400. Aunque pueda parecer mucho dinero, recibir\u00e1s una excelente calidad por tu inversi\u00f3n. Este hotel de cinco estrellas est\u00e1 situado en un lugar \u00fanico con vistas al r\u00edo \u00c1mstel. El magn\u00edfico y monumental edificio abri\u00f3 sus puertas en 1867 y desde entonces ofrece todos los lujos que uno pueda desear, incluyendo un restaurante con estrella Michelin. Esto convierte al Hotel Amstel en una opci\u00f3n perfecta para un viaje de lujo a \u00c1msterdam, como por ejemplo una luna de miel.<\/p>\n<p>Discover nuestra lista de 14 hoteles destacados en \u00c1msterdam. Solo seleccionamos los <a href=\"https:\/\/thingstodoinamsterdam.com\/es\/blog\/mejores-hoteles-lujo-amsterdam\/\">mejores hoteles de lujo en \u00c1msterdam<\/a> para ti.<\/p>\n<h3>Otros hoteles de alto nivel<\/h3>\n<p>Adem\u00e1s del Hotel Amstel, hay m\u00e1s hoteles de alto nivel que ofrecen los mismos est\u00e1ndares de hospitalidad. Encontrar\u00e1s el mismo tipo de lujo por un mejor precio. As\u00ed que si buscas una buena relaci\u00f3n calidad-precio, son una excelente alternativa. Descubre estas alternativas destacadas al Hotel Amstel:<\/p>\n<ul>\n<li style=\"list-style-type: none;\">\n<ul>\n<li><\/li>\n<\/ul>\n<\/li>\n<li><strong>Hotel De L&#8217;Europe<\/strong>: quiz\u00e1s tan bonito como el Hotel Amstel. Situado en el centro, cerca de la zona de ocio nocturno de la Plaza Rembrandt. El hotel cuenta con una maravillosa terraza junto al agua y un restaurante calificado con 2 estrellas Michelin. Adem\u00e1s, encontrar\u00e1s un centro de bienestar, spa, gimnasio y piscina.<\/li>\n<li><strong>Conservatorium Hotel<\/strong>: hotel de lujo situado en el centro, en Museumplein. El mobiliario del hotel es moderno. Ofrece spa, gimnasio, piscina y un excelente restaurante.<\/li>\n<li><strong>Krasnapolsky Hotel<\/strong>: como la Plaza Dam se considera el verdadero centro de \u00c1msterdam, el Krasnapolsky tiene una de las mejores ubicaciones. Est\u00e1 justo en la Plaza Dam y ofrece habitaciones espaciosas, un gran caf\u00e9 y un invernadero interior.<\/li>\n<li><strong>Okura Hotel<\/strong>: el Hotel Okura se encuentra en De Pijp, un barrio de moda y tranquilo, justo a las afueras del centro. Despu\u00e9s de un d\u00eda largo, te sentir\u00e1s totalmente relajado. Disfruta de uno de los cuatro restaurantes del hotel, todos con estrella Michelin, uno de ellos incluso con dos. Despu\u00e9s de la cena, puedes tomar una copa en la terraza o relajarte en el spa japon\u00e9s.<\/li>\n<li><strong>Waldorf Astoria Hotel:<\/strong> no tan famoso como el Hotel Amstel, pero sin duda igual de fabuloso. El Waldorf Astoria Hotel est\u00e1 situado en uno de los canales m\u00e1s bonitos de \u00c1msterdam; el Herengracht. Est\u00e1 a solo unos cientos de metros de la zona de ocio nocturno de la Plaza Rembrandt, pero las habitaciones son tranquilas y silenciosas. Las instalaciones incluyen un gran jard\u00edn, spa y dos restaurantes con estrella Michelin.<\/li>\n<\/ul>\n<p>[\/vc_column_text][button title=\u00bbConsulta las mejores ofertas de hoteles 4* y 5* en \u00c1msterdam\u00bb link=\u00bbhttps:\/\/thingstodoinamsterdam.com\/ticketlink-tophotel-booking-std\u00bb button_align=\u00bbcenter\u00bb target=\u00bbtrue\u00bb nofollow=\u00bbtrue\u00bb el_id=\u00bb1564747511197-6bf3dafc-86a1&#8243;][vc_column_text]<\/p>\n<h2><span class=\"ez-toc-section\" id=\"hotel-barato-en-amsterdam\"><\/span>Hotel barato en \u00c1msterdam<span class=\"ez-toc-section-end\"><\/span><\/h2>\n<p>Encontrar un hotel barato en \u00c1msterdam es una tarea dif\u00edcil, y probablemente te preguntes d\u00f3nde alojarse en \u00c1msterdam? Si quieres gastar menos de \u20ac90,- por habitaci\u00f3n por noche, prep\u00e1rate para hacer algunas concesiones. El hotel probablemente estar\u00e1 ubicado fuera del centro y tendr\u00e1 una categor\u00eda de una a tres estrellas, por lo que tus opciones ser\u00e1n limitadas. Si cuentas con un poco m\u00e1s de presupuesto, podr\u00edas considerar pagar alrededor de \u20ac120,- por noche, ya que tendr\u00e1s m\u00e1s opciones y mejores hoteles para elegir.[\/vc_column_text][button title=\u00bbConsulta las ofertas de hoteles m\u00e1s baratos en \u00c1msterdam\u00bb link=\u00bbhttps:\/\/thingstodoinamsterdam.com\/ticketlink-cheaphotel-booking-std\u00bb icon=\u00bb\u00bb button_align=\u00bbcenter\u00bb target=\u00bbtrue\u00bb nofollow=\u00bbtrue\u00bb el_id=\u00bb1564747452850-0e0a2da1-c232&#8243;][vc_column_text css=\u00bb\u00bb]<\/p>\n<h3>Hoteles baratos recomendados<\/h3>\n<p>Como se dijo antes, encontrar un hotel econ\u00f3mico por menos de \u20ac90,- por noche es bastante dif\u00edcil. Aunque no es imposible. Creemos que deber\u00edas echar un vistazo a los siguientes hoteles si buscas un lugar relativamente barato donde alojarte:<\/p>\n<ul>\n<li><strong>Amstel Botel<\/strong>: un hotel \u00fanico sobre un barco. Las habitaciones son peque\u00f1as y sencillas, pero limpias y econ\u00f3micas. El Amstel Botel est\u00e1 ubicado en \u00c1msterdam Noord y se puede llegar con un ferry (gratuito) de 10 minutos desde la Estaci\u00f3n Central de \u00c1msterdam. Por la noche, el hotel ofrece un servicio de traslado gratuito desde la estaci\u00f3n central. Las instalaciones incluyen una terraza y un bar.<\/li>\n<li><\/li>\n<li><strong>ClinkNOORD Hostel<\/strong>: adem\u00e1s de dormitorios, este albergue tambi\u00e9n ofrece habitaciones privadas. Es un lugar ideal para j\u00f3venes, ya que hay un bar con m\u00fasica en vivo, DJs y mesas de billar. Es un excelente lugar para conocer a otros viajeros o mochileros j\u00f3venes.<\/li>\n<li><\/li>\n<li><strong>The Student Hotel:<\/strong> adem\u00e1s de ser un hotel, este lugar tambi\u00e9n funciona como alojamiento temporal para expatriados. Est\u00e1 situado en \u00c1msterdam Oeste, pero tiene conexi\u00f3n frecuente de tranv\u00eda a varias partes de \u00c1msterdam a solo unos cientos de metros. El tranv\u00eda te lleva al centro en veinte minutos. Tiene un amplio sal\u00f3n y gimnasio. Tambi\u00e9n es perfecto para conocer a otras personas.<\/li>\n<\/ul>\n<p>Para m\u00e1s consejos sobre alojamientos asequibles en \u00c1msterdam, aseg\u00farate tambi\u00e9n de leer este art\u00edculo sobre los mejores hostels en \u00c1msterdam.[\/vc_column_text][\/vc_column][\/vc_row][vc_row][vc_column][vc_single_image image=\u00bb13299&#8243; img_size=\u00bbfull\u00bb alignment=\u00bbcenter\u00bb css=\u00bb\u00bb][\/vc_column][\/vc_row]<\/p>\n<\/div>","protected":false},"excerpt":{"rendered":"<p>[vc_row][vc_column][vc_column_text css=\u00bb\u00bb]Con m\u00e1s de 10 millones de turistas visitando \u00c1msterdam cada a\u00f1o, muchas personas buscan un hotel en la ciudad. Para satisfacer esta gran demanda,\u2026<\/p>\n","protected":false},"author":33,"featured_media":13299,"parent":0,"menu_order":0,"comment_status":"closed","ping_status":"closed","template":"","meta":{"footnotes":""},"class_list":["post-2028127","page","type-page","status-publish","has-post-thumbnail","hentry"],"yoast_head":"<!-- This site is optimized with the Yoast SEO plugin v27.3 - https:\/\/yoast.com\/product\/yoast-seo-wordpress\/ -->\n<title>Hoteles de \u00c1msterdam - ThingstodoinAmsterdam.com<\/title>\n<meta name=\"robots\" content=\"index, follow, max-snippet:-1, max-image-preview:large, max-video-preview:-1\" \/>\n<link rel=\"canonical\" href=\"https:\/\/thingstodoinamsterdam.com\/es\/hoteles-de-amsterdam\/\" \/>\n<meta property=\"og:locale\" content=\"es_ES\" \/>\n<meta property=\"og:type\" content=\"article\" \/>\n<meta property=\"og:title\" content=\"Hoteles de \u00c1msterdam - ThingstodoinAmsterdam.com\" \/>\n<meta property=\"og:description\" content=\"[vc_row][vc_column][vc_column_text css=\u00bb\u00bb]Con m\u00e1s de 10 millones de turistas visitando \u00c1msterdam cada a\u00f1o, muchas personas buscan un hotel en la ciudad. Para satisfacer esta gran demanda,\u2026\" \/>\n<meta property=\"og:url\" content=\"https:\/\/thingstodoinamsterdam.com\/es\/hoteles-de-amsterdam\/\" \/>\n<meta property=\"og:site_name\" content=\"ThingstodoinAmsterdam.com\" \/>\n<meta property=\"article:publisher\" content=\"https:\/\/www.facebook.com\/thingstodoinamsterdamcom\" \/>\n<meta property=\"article:modified_time\" content=\"2025-12-18T12:47:13+00:00\" \/>\n<meta property=\"og:image\" content=\"https:\/\/thingstodoinamsterdam.com\/wp-content\/uploads\/2019\/08\/Amstel-Hotel-Amsterdam-1.jpg\" \/>\n\t<meta property=\"og:image:width\" content=\"800\" \/>\n\t<meta property=\"og:image:height\" content=\"532\" \/>\n\t<meta property=\"og:image:type\" content=\"image\/jpeg\" \/>\n<meta name=\"twitter:card\" content=\"summary_large_image\" \/>\n<meta name=\"twitter:label1\" content=\"Tiempo de lectura\" \/>\n\t<meta name=\"twitter:data1\" content=\"7 minutos\" \/>\n<script type=\"application\/ld+json\" class=\"yoast-schema-graph\">{\"@context\":\"https:\\\/\\\/schema.org\",\"@graph\":[{\"@type\":\"WebPage\",\"@id\":\"https:\\\/\\\/thingstodoinamsterdam.com\\\/es\\\/hoteles-de-amsterdam\\\/\",\"url\":\"https:\\\/\\\/thingstodoinamsterdam.com\\\/es\\\/hoteles-de-amsterdam\\\/\",\"name\":\"Hoteles de \u00c1msterdam - ThingstodoinAmsterdam.com\",\"isPartOf\":{\"@id\":\"https:\\\/\\\/thingstodoinamsterdam.com\\\/es\\\/#website\"},\"primaryImageOfPage\":{\"@id\":\"https:\\\/\\\/thingstodoinamsterdam.com\\\/es\\\/hoteles-de-amsterdam\\\/#primaryimage\"},\"image\":{\"@id\":\"https:\\\/\\\/thingstodoinamsterdam.com\\\/es\\\/hoteles-de-amsterdam\\\/#primaryimage\"},\"thumbnailUrl\":\"https:\\\/\\\/thingstodoinamsterdam.com\\\/wp-content\\\/uploads\\\/2019\\\/08\\\/Amstel-Hotel-Amsterdam-1.jpg\",\"datePublished\":\"2025-07-08T10:17:59+00:00\",\"dateModified\":\"2025-12-18T12:47:13+00:00\",\"breadcrumb\":{\"@id\":\"https:\\\/\\\/thingstodoinamsterdam.com\\\/es\\\/hoteles-de-amsterdam\\\/#breadcrumb\"},\"inLanguage\":\"es\",\"potentialAction\":[{\"@type\":\"ReadAction\",\"target\":[\"https:\\\/\\\/thingstodoinamsterdam.com\\\/es\\\/hoteles-de-amsterdam\\\/\"]}]},{\"@type\":\"ImageObject\",\"inLanguage\":\"es\",\"@id\":\"https:\\\/\\\/thingstodoinamsterdam.com\\\/es\\\/hoteles-de-amsterdam\\\/#primaryimage\",\"url\":\"https:\\\/\\\/thingstodoinamsterdam.com\\\/wp-content\\\/uploads\\\/2019\\\/08\\\/Amstel-Hotel-Amsterdam-1.jpg\",\"contentUrl\":\"https:\\\/\\\/thingstodoinamsterdam.com\\\/wp-content\\\/uploads\\\/2019\\\/08\\\/Amstel-Hotel-Amsterdam-1.jpg\",\"width\":800,\"height\":532,\"caption\":\"Amstel Hotel Amsterdam\"},{\"@type\":\"BreadcrumbList\",\"@id\":\"https:\\\/\\\/thingstodoinamsterdam.com\\\/es\\\/hoteles-de-amsterdam\\\/#breadcrumb\",\"itemListElement\":[{\"@type\":\"ListItem\",\"position\":1,\"name\":\"Qu\u00e9 hacer en \u00c1msterdam\",\"item\":\"https:\\\/\\\/thingstodoinamsterdam.com\\\/es\\\/\"},{\"@type\":\"ListItem\",\"position\":2,\"name\":\"Hoteles de \u00c1msterdam\"}]},{\"@type\":\"WebSite\",\"@id\":\"https:\\\/\\\/thingstodoinamsterdam.com\\\/es\\\/#website\",\"url\":\"https:\\\/\\\/thingstodoinamsterdam.com\\\/es\\\/\",\"name\":\"ThingstodoinAmsterdam.com\",\"description\":\"Amsterdam&#039;s highlights and hidden secrets\",\"publisher\":{\"@id\":\"https:\\\/\\\/thingstodoinamsterdam.com\\\/es\\\/#organization\"},\"potentialAction\":[{\"@type\":\"SearchAction\",\"target\":{\"@type\":\"EntryPoint\",\"urlTemplate\":\"https:\\\/\\\/thingstodoinamsterdam.com\\\/es\\\/?s={search_term_string}\"},\"query-input\":{\"@type\":\"PropertyValueSpecification\",\"valueRequired\":true,\"valueName\":\"search_term_string\"}}],\"inLanguage\":\"es\"},{\"@type\":\"Organization\",\"@id\":\"https:\\\/\\\/thingstodoinamsterdam.com\\\/es\\\/#organization\",\"name\":\"Qu\u00e9 hacer en \u00c1msterdam\",\"url\":\"https:\\\/\\\/thingstodoinamsterdam.com\\\/es\\\/\",\"logo\":{\"@type\":\"ImageObject\",\"inLanguage\":\"es\",\"@id\":\"https:\\\/\\\/thingstodoinamsterdam.com\\\/es\\\/#\\\/schema\\\/logo\\\/image\\\/\",\"url\":\"https:\\\/\\\/thingstodoinamsterdam.com\\\/wp-content\\\/uploads\\\/2025\\\/02\\\/ThingsToDoInAmsterdam-Favicon-logo.png\",\"contentUrl\":\"https:\\\/\\\/thingstodoinamsterdam.com\\\/wp-content\\\/uploads\\\/2025\\\/02\\\/ThingsToDoInAmsterdam-Favicon-logo.png\",\"width\":512,\"height\":512,\"caption\":\"Qu\u00e9 hacer en \u00c1msterdam\"},\"image\":{\"@id\":\"https:\\\/\\\/thingstodoinamsterdam.com\\\/es\\\/#\\\/schema\\\/logo\\\/image\\\/\"},\"sameAs\":[\"https:\\\/\\\/www.facebook.com\\\/thingstodoinamsterdamcom\"]}]}<\/script>\n<!-- \/ Yoast SEO plugin. -->","yoast_head_json":{"title":"Hoteles de \u00c1msterdam - ThingstodoinAmsterdam.com","robots":{"index":"index","follow":"follow","max-snippet":"max-snippet:-1","max-image-preview":"max-image-preview:large","max-video-preview":"max-video-preview:-1"},"canonical":"https:\/\/thingstodoinamsterdam.com\/es\/hoteles-de-amsterdam\/","og_locale":"es_ES","og_type":"article","og_title":"Hoteles de \u00c1msterdam - ThingstodoinAmsterdam.com","og_description":"[vc_row][vc_column][vc_column_text css=\u00bb\u00bb]Con m\u00e1s de 10 millones de turistas visitando \u00c1msterdam cada a\u00f1o, muchas personas buscan un hotel en la ciudad. Para satisfacer esta gran demanda,\u2026","og_url":"https:\/\/thingstodoinamsterdam.com\/es\/hoteles-de-amsterdam\/","og_site_name":"ThingstodoinAmsterdam.com","article_publisher":"https:\/\/www.facebook.com\/thingstodoinamsterdamcom","article_modified_time":"2025-12-18T12:47:13+00:00","og_image":[{"width":800,"height":532,"url":"https:\/\/thingstodoinamsterdam.com\/wp-content\/uploads\/2019\/08\/Amstel-Hotel-Amsterdam-1.jpg","type":"image\/jpeg"}],"twitter_card":"summary_large_image","twitter_misc":{"Tiempo de lectura":"7 minutos"},"schema":{"@context":"https:\/\/schema.org","@graph":[{"@type":"WebPage","@id":"https:\/\/thingstodoinamsterdam.com\/es\/hoteles-de-amsterdam\/","url":"https:\/\/thingstodoinamsterdam.com\/es\/hoteles-de-amsterdam\/","name":"Hoteles de \u00c1msterdam - ThingstodoinAmsterdam.com","isPartOf":{"@id":"https:\/\/thingstodoinamsterdam.com\/es\/#website"},"primaryImageOfPage":{"@id":"https:\/\/thingstodoinamsterdam.com\/es\/hoteles-de-amsterdam\/#primaryimage"},"image":{"@id":"https:\/\/thingstodoinamsterdam.com\/es\/hoteles-de-amsterdam\/#primaryimage"},"thumbnailUrl":"https:\/\/thingstodoinamsterdam.com\/wp-content\/uploads\/2019\/08\/Amstel-Hotel-Amsterdam-1.jpg","datePublished":"2025-07-08T10:17:59+00:00","dateModified":"2025-12-18T12:47:13+00:00","breadcrumb":{"@id":"https:\/\/thingstodoinamsterdam.com\/es\/hoteles-de-amsterdam\/#breadcrumb"},"inLanguage":"es","potentialAction":[{"@type":"ReadAction","target":["https:\/\/thingstodoinamsterdam.com\/es\/hoteles-de-amsterdam\/"]}]},{"@type":"ImageObject","inLanguage":"es","@id":"https:\/\/thingstodoinamsterdam.com\/es\/hoteles-de-amsterdam\/#primaryimage","url":"https:\/\/thingstodoinamsterdam.com\/wp-content\/uploads\/2019\/08\/Amstel-Hotel-Amsterdam-1.jpg","contentUrl":"https:\/\/thingstodoinamsterdam.com\/wp-content\/uploads\/2019\/08\/Amstel-Hotel-Amsterdam-1.jpg","width":800,"height":532,"caption":"Amstel Hotel Amsterdam"},{"@type":"BreadcrumbList","@id":"https:\/\/thingstodoinamsterdam.com\/es\/hoteles-de-amsterdam\/#breadcrumb","itemListElement":[{"@type":"ListItem","position":1,"name":"Qu\u00e9 hacer en \u00c1msterdam","item":"https:\/\/thingstodoinamsterdam.com\/es\/"},{"@type":"ListItem","position":2,"name":"Hoteles de \u00c1msterdam"}]},{"@type":"WebSite","@id":"https:\/\/thingstodoinamsterdam.com\/es\/#website","url":"https:\/\/thingstodoinamsterdam.com\/es\/","name":"ThingstodoinAmsterdam.com","description":"Amsterdam&#039;s highlights and hidden secrets","publisher":{"@id":"https:\/\/thingstodoinamsterdam.com\/es\/#organization"},"potentialAction":[{"@type":"SearchAction","target":{"@type":"EntryPoint","urlTemplate":"https:\/\/thingstodoinamsterdam.com\/es\/?s={search_term_string}"},"query-input":{"@type":"PropertyValueSpecification","valueRequired":true,"valueName":"search_term_string"}}],"inLanguage":"es"},{"@type":"Organization","@id":"https:\/\/thingstodoinamsterdam.com\/es\/#organization","name":"Qu\u00e9 hacer en \u00c1msterdam","url":"https:\/\/thingstodoinamsterdam.com\/es\/","logo":{"@type":"ImageObject","inLanguage":"es","@id":"https:\/\/thingstodoinamsterdam.com\/es\/#\/schema\/logo\/image\/","url":"https:\/\/thingstodoinamsterdam.com\/wp-content\/uploads\/2025\/02\/ThingsToDoInAmsterdam-Favicon-logo.png","contentUrl":"https:\/\/thingstodoinamsterdam.com\/wp-content\/uploads\/2025\/02\/ThingsToDoInAmsterdam-Favicon-logo.png","width":512,"height":512,"caption":"Qu\u00e9 hacer en \u00c1msterdam"},"image":{"@id":"https:\/\/thingstodoinamsterdam.com\/es\/#\/schema\/logo\/image\/"},"sameAs":["https:\/\/www.facebook.com\/thingstodoinamsterdamcom"]}]}},"_links":{"self":[{"href":"https:\/\/thingstodoinamsterdam.com\/es\/wp-json\/wp\/v2\/pages\/2028127","targetHints":{"allow":["GET"]}}],"collection":[{"href":"https:\/\/thingstodoinamsterdam.com\/es\/wp-json\/wp\/v2\/pages"}],"about":[{"href":"https:\/\/thingstodoinamsterdam.com\/es\/wp-json\/wp\/v2\/types\/page"}],"author":[{"embeddable":true,"href":"https:\/\/thingstodoinamsterdam.com\/es\/wp-json\/wp\/v2\/users\/33"}],"replies":[{"embeddable":true,"href":"https:\/\/thingstodoinamsterdam.com\/es\/wp-json\/wp\/v2\/comments?post=2028127"}],"version-history":[{"count":6,"href":"https:\/\/thingstodoinamsterdam.com\/es\/wp-json\/wp\/v2\/pages\/2028127\/revisions"}],"predecessor-version":[{"id":2530824,"href":"https:\/\/thingstodoinamsterdam.com\/es\/wp-json\/wp\/v2\/pages\/2028127\/revisions\/2530824"}],"wp:featuredmedia":[{"embeddable":true,"href":"https:\/\/thingstodoinamsterdam.com\/es\/wp-json\/wp\/v2\/media\/13299"}],"wp:attachment":[{"href":"https:\/\/thingstodoinamsterdam.com\/es\/wp-json\/wp\/v2\/media?parent=2028127"}],"curies":[{"name":"wp","href":"https:\/\/api.w.org\/{rel}","templated":true}]}}