{"id":2028163,"date":"2025-07-08T14:39:22","date_gmt":"2025-07-08T12:39:22","guid":{"rendered":"https:\/\/thingstodoinamsterdam.com\/?page_id=2028163"},"modified":"2025-07-08T14:45:29","modified_gmt":"2025-07-08T12:45:29","slug":"cozycozy","status":"publish","type":"page","link":"https:\/\/thingstodoinamsterdam.com\/es\/hoteles-de-amsterdam\/cozycozy\/","title":{"rendered":"CozyCozy &#8211; Alojamiento especial"},"content":{"rendered":"<div class=\"wpb-content-wrapper\"><p>[vc_row][vc_column][buttonsticky title=\u00bbReserva tu alojamiento \u00fanico en CozyCozy\u00bb link=\u00bbhttps:\/\/www.cozycozy.com\/es\u00bb target=\u00bbtrue\u00bb nofollow=\u00bbtrue\u00bb el_id=\u00bb1750166649745-9ef10786-a9e0&#8243;][\/vc_column][\/vc_row][vc_row][vc_column width=\u00bb2\/3&#8243;][vc_column_text css=\u00bb\u00bb]<\/p><div id=\"ez-toc-container\" class=\"ez-toc-v2_0_82_2 counter-hierarchy ez-toc-counter ez-toc-custom ez-toc-container-direction\">\n<div class=\"ez-toc-title-container\">\n<span class=\"ez-toc-title-toggle\"><a href=\"#\" class=\"ez-toc-pull-right ez-toc-btn ez-toc-btn-xs ez-toc-btn-default ez-toc-toggle\" aria-label=\"Alternar tabla de contenidos\"><span class=\"ez-toc-js-icon-con\"><span class=\"\"><span class=\"eztoc-hide\" style=\"display:none;\">Toggle<\/span><span class=\"ez-toc-icon-toggle-span\"><svg style=\"fill: #999;color:#999\" xmlns=\"http:\/\/www.w3.org\/2000\/svg\" class=\"list-377408\" width=\"20px\" height=\"20px\" viewBox=\"0 0 24 24\" fill=\"none\"><path d=\"M6 6H4v2h2V6zm14 0H8v2h12V6zM4 11h2v2H4v-2zm16 0H8v2h12v-2zM4 16h2v2H4v-2zm16 0H8v2h12v-2z\" fill=\"currentColor\"><\/path><\/svg><svg style=\"fill: #999;color:#999\" class=\"arrow-unsorted-368013\" xmlns=\"http:\/\/www.w3.org\/2000\/svg\" width=\"10px\" height=\"10px\" viewBox=\"0 0 24 24\" version=\"1.2\" baseProfile=\"tiny\"><path d=\"M18.2 9.3l-6.2-6.3-6.2 6.3c-.2.2-.3.4-.3.7s.1.5.3.7c.2.2.4.3.7.3h11c.3 0 .5-.1.7-.3.2-.2.3-.5.3-.7s-.1-.5-.3-.7zM5.8 14.7l6.2 6.3 6.2-6.3c.2-.2.3-.5.3-.7s-.1-.5-.3-.7c-.2-.2-.4-.3-.7-.3h-11c-.3 0-.5.1-.7.3-.2.2-.3.5-.3.7s.1.5.3.7z\"\/><\/svg><\/span><\/span><\/span><\/a><\/span><\/div>\n<nav><ul class='ez-toc-list ez-toc-list-level-1 ' ><li class='ez-toc-page-1 ez-toc-heading-level-2'><a class=\"ez-toc-link ez-toc-heading-1\" href=\"https:\/\/thingstodoinamsterdam.com\/es\/hoteles-de-amsterdam\/cozycozy\/#como-funciona-cozycozy\" >C\u00f3mo funciona CozyCozy<\/a><\/li><li class='ez-toc-page-1 ez-toc-heading-level-2'><a class=\"ez-toc-link ez-toc-heading-2\" href=\"https:\/\/thingstodoinamsterdam.com\/es\/hoteles-de-amsterdam\/cozycozy\/#como-buscar\" >C\u00f3mo buscar<\/a><\/li><li class='ez-toc-page-1 ez-toc-heading-level-2'><a class=\"ez-toc-link ez-toc-heading-3\" href=\"https:\/\/thingstodoinamsterdam.com\/es\/hoteles-de-amsterdam\/cozycozy\/#nuestra-experiencia\" >Nuestra experiencia<\/a><\/li><\/ul><\/nav><\/div>\n\n<div class=\"flex-shrink-0 flex flex-col relative items-end\">\n<div class=\"pt-0\">\n<div class=\"gizmo-bot-avatar flex h-8 w-8 items-center justify-center overflow-hidden rounded-full\"><\/div>\n<\/div>\n<\/div>\n<p>Hoy en d\u00eda puede resultar abrumador planificar un viaje. Entre los distintos sitios web para hoteles, alquileres vacacionales, hostales, sitios de glamping e incluso casas flotantes, cada uno con sus propios precios, anuncios y tasas ocultas, a veces se pierde la ilusi\u00f3n de reservar tu pr\u00f3xima escapada.<\/p>\n<p>Con tantas plataformas de alojamiento, lo ideal es tener un solo lugar que te ahorre la molestia de buscar en m\u00faltiples p\u00e1ginas y comparar precios y ofertas manualmente. Y ah\u00ed es donde entra CozyCozy: una plataforma de meta-b\u00fasqueda de alojamientos que simplifica todo el proceso.<\/p>\n<p>CozyCozy re\u00fane todas las plataformas de alojamiento en un solo lugar pr\u00e1ctico. Ya sea que busques un hotel econ\u00f3mico en Par\u00eds, una casa flotante en \u00c1msterdam o un amplio apartamento en Roma, CozyCozy te muestra todas las opciones con precios transparentes y comparaciones sencillas. Promete quitarte el dolor de cabeza de la reserva para que puedas centrarte en lo que realmente importa: disfrutar del viaje.<\/p>\n<p>\u00bfQuieres leer nuestra rese\u00f1a? <a href=\"https:\/\/thingstodoinamsterdam.com\/es\/hoteles-de-amsterdam\/cozycozy\/#review\">L\u00e9ela directamente aqu\u00ed<\/a>..[\/vc_column_text][\/vc_column][vc_column width=\u00bb1\/3&#8243;][vc_single_image image=\u00bb2027945&#8243; img_size=\u00bbfull\u00bb alignment=\u00bbcenter\u00bb css=\u00bb\u00bb][\/vc_column][\/vc_row][vc_row][vc_column width=\u00bb1\/2&#8243;][vc_single_image image=\u00bb2027950&#8243; img_size=\u00bbfull\u00bb alignment=\u00bbcenter\u00bb css=\u00bb\u00bb][\/vc_column][vc_column width=\u00bb1\/2&#8243;][vc_single_image image=\u00bb2027973&#8243; img_size=\u00bbfull\u00bb alignment=\u00bbcenter\u00bb css=\u00bb\u00bb][\/vc_column][\/vc_row][vc_row][vc_column width=\u00bb2\/3&#8243;][vc_column_text css=\u00bb\u00bb]<\/p>\n<h2><span class=\"ez-toc-section\" id=\"como-funciona-cozycozy\"><\/span>C\u00f3mo funciona CozyCozy<span class=\"ez-toc-section-end\"><\/span><\/h2>\n<p>CozyCozy compara precios y disponibilidad de casi todos los grandes sitios de reserva en un solo lugar. Pi\u00e9nsalo como el \u201cSkyscanner de los alojamientos\u201d: agrupa anuncios de sitios como Booking.com, Airbnb, Vrbo, Expedia, Agoda y m\u00e1s, para que veas todas tus opciones una al lado de la otra.<\/p>\n<p>Y no importa qu\u00e9 tipo de alojamiento est\u00e9s buscando \u2014 hotel, apartamento, caba\u00f1a, chalet, yurta, casa en el \u00e1rbol, hostal o camping \u2014 puedes buscarlo todo en un solo lugar, ver precios de varios proveedores y elegir la oferta que m\u00e1s te convenga. Incluso puedes encontrar intercambios de casas aqu\u00ed.<\/p>\n<p>Tiene cobertura mundial con anuncios en m\u00e1s de 200 pa\u00edses, as\u00ed que puedes planificar viajes a casi cualquier lugar. La plataforma hace que sea f\u00e1cil comparar precios de diferentes p\u00e1ginas de reservas, ayud\u00e1ndote a encontrar la mejor oferta sin complicaciones.<\/p>\n<p>Pr\u00e1cticos filtros y herramientas de b\u00fasqueda te permiten afinar los resultados por tipo de alojamiento, n\u00famero de hu\u00e9spedes, si admite mascotas, acceso a piscina, cancelaci\u00f3n gratuita y mucho m\u00e1s. Tambi\u00e9n hay una vista de mapa para encontrar lugares cerca de playas o monumentos, y hay ofertas de \u00faltimo minuto si buscas unas vacaciones espont\u00e1neas.<\/p>\n<p>En cifras, CozyCozy:<\/p>\n<ul>\n<li class=\"p1\">Agrupa ofertas de m\u00e1s de 100 sitios de reservas<\/li>\n<li class=\"p1\">Acceso a m\u00e1s de 20 millones de opciones de alojamiento en todo el mundo<\/li>\n<li class=\"p1\">M\u00e1s de 400 millones de fotos<\/li>\n<li class=\"p1\">Cubre m\u00e1s de 750 zonas tur\u00edsticas<\/li>\n<li class=\"p1\">Incluye m\u00e1s de 3 millones de hoteles<\/li>\n<li class=\"p1\">Ofrece m\u00e1s de 7,5 millones de apartamentos<\/li>\n<li class=\"p1\">Lista m\u00e1s de 4,5 millones de casas<\/li>\n<li class=\"p1\">Muestra m\u00e1s de 500.000 alojamientos inusuales<\/li>\n<li class=\"p1\">Admite m\u00e1s de 175.000 intercambios de casas<\/li>\n<li class=\"p1\">Tiene m\u00e1s de 60.000 campings<\/li>\n<li class=\"p1\">Incluye m\u00e1s de 3.500 casas en los \u00e1rboles<\/li>\n<\/ul>\n<p>[\/vc_column_text][button title=\u00bbBuscar alojamiento en CozyCozy\u00bb link=\u00bbhttps:\/\/www.cozycozy.com\/es\u00bb icon=\u00bb\u00bb button_align=\u00bbcenter\u00bb target=\u00bbtrue\u00bb nofollow=\u00bbtrue\u00bb el_id=\u00bb1570179223317-e7e33b72-1f2c\u00bb][\/vc_column][vc_column width=\u00bb1\/3&#8243;][vc_single_image image=\u00bb2028091&#8243; img_size=\u00bbfull\u00bb alignment=\u00bbcenter\u00bb css=\u00bb\u00bb][vc_single_image image=\u00bb2027968&#8243; img_size=\u00bbfull\u00bb alignment=\u00bbcenter\u00bb css=\u00bb\u00bb][vc_single_image image=\u00bb2027963&#8243; img_size=\u00bbfull\u00bb alignment=\u00bbcenter\u00bb css=\u00bb\u00bb][\/vc_column][\/vc_row][vc_row][vc_column width=\u00bb2\/3&#8243;][vc_column_text css=\u00bb\u00bb]<\/p>\n<h2><span class=\"ez-toc-section\" id=\"como-buscar\"><\/span>C\u00f3mo buscar<span class=\"ez-toc-section-end\"><\/span><\/h2>\n<p>Encontrar tu alojamiento ideal es muy f\u00e1cil. Simplemente usa tu dispositivo para buscar tu destino y fechas de viaje y ver\u00e1s una amplia gama de opciones en una sola pantalla, con precios de diferentes proveedores. Filtra como prefieras para afinar a\u00fan m\u00e1s los resultados.<\/p>\n<p>Puedes comparar ofertas f\u00e1cilmente, ya que CozyCozy te muestra siempre los precios m\u00e1s bajos disponibles en distintas p\u00e1ginas. Una vez que encuentres el alojamiento que quieres, simplemente lo eliges y CozyCozy te redirige al sitio asociado, como Airbnb o Booking.com, para completar tu reserva.<\/p>\n<p>Es importante saber que usar CozyCozy no tiene ning\u00fan coste extra: buscar y comparar es totalmente gratis. Si necesitas cancelar o modificar tu reserva, puedes hacerlo directamente a trav\u00e9s del sitio donde realizaste la reserva, como Booking.com o Airbnb.<br \/>\n[\/vc_column_text][button title=\u00bbEncuentra tu lugar de vacaciones ideal en CozyCozy\u00bb link=\u00bbhttps:\/\/www.cozycozy.com\/es\u00bb icon=\u00bb\u00bb button_align=\u00bbcenter\u00bb target=\u00bbtrue\u00bb nofollow=\u00bbtrue\u00bb el_id=\u00bb1750167352999-902ee187-0c07&#8243;][\/vc_column][vc_column width=\u00bb1\/3&#8243;][vc_single_image image=\u00bb2027984&#8243; img_size=\u00bbfull\u00bb alignment=\u00bbcenter\u00bb css=\u00bb\u00bb][\/vc_column][\/vc_row][vc_row][vc_column width=\u00bb2\/3&#8243;][vc_column_text css=\u00bb\u00bb]<\/p>\n<h2 id=\"review\"><span class=\"ez-toc-section\" id=\"nuestra-experiencia\"><\/span>Nuestra experiencia<span class=\"ez-toc-section-end\"><\/span><\/h2>\n<p>La interfaz de la web es clara e intuitiva, con filtros muy \u00fatiles que facilitan afinar tu b\u00fasqueda. Es <span data-teams=\"true\">especialmente pr\u00e1ctica cuando buscas un alojamiento muy espec\u00edfico, ya que re\u00fane resultados de muchas plataformas, incluyendo Airbnb, Booking y varias m\u00e1s. As\u00ed tienes una visi\u00f3n muy completa sin tener que ir buscando en cada p\u00e1gina por separado.<\/span><\/p>\n<p>En resumen, CozyCozy hace que planificar tu viaje sea mucho m\u00e1s f\u00e1cil. En lugar de estar con mil pesta\u00f1as abiertas y saltar de un sitio a otro, aqu\u00ed lo tienes todo en un solo lugar y sabes que consigues un precio justo. Te quita el estr\u00e9s de reservar para que realmente disfrutes eligiendo d\u00f3nde alojarte y puedas centrarte en esperar con ilusi\u00f3n el viaje.<br \/>\n[\/vc_column_text][\/vc_column][vc_column width=\u00bb1\/3&#8243;][vc_single_image image=\u00bb2027994&#8243; img_size=\u00bbfull\u00bb alignment=\u00bbcenter\u00bb css=\u00bb\u00bb][vc_single_image image=\u00bb2027989&#8243; img_size=\u00bbfull\u00bb alignment=\u00bbcenter\u00bb css=\u00bb\u00bb][\/vc_column][\/vc_row][vc_row][vc_column][reviews heading=\u00bbRese\u00f1as de CozyCozy\u00bb description=\u00bb\u00bfHas buscado alojamiento en CozyCozy? Nos encantar\u00eda saber tu experiencia. \u00bfLo recomendar\u00edas a otros? Cu\u00e9ntanos abajo.\u00bb item_name=\u00bbA&#8217;DAM VR Game Park &#8211; Realidad Virtual \u00c1msterdam\u00bb item_web=\u00bbhttps:\/\/adam-vr.com\/\u00bb item_address=\u00bbOverhoeksplein 15&#8243; item_city=\u00bb\u00c1msterdam\u00bb item_postal_code=\u00bb1031KS\u00bb item_country=\u00bbNL\u00bb el_id=\u00bb1715686148341-8d645a2d-144b\u00bb][\/reviews][\/vc_column][\/vc_row]<\/p>\n<\/div>","protected":false},"excerpt":{"rendered":"<p>[vc_row][vc_column][buttonsticky title=\u00bbReserva tu alojamiento \u00fanico en CozyCozy\u00bb link=\u00bbhttps:\/\/www.cozycozy.com\/es\u00bb target=\u00bbtrue\u00bb nofollow=\u00bbtrue\u00bb el_id=\u00bb1750166649745-9ef10786-a9e0&#8243;][\/vc_column][\/vc_row][vc_row][vc_column width=\u00bb2\/3&#8243;][vc_column_text css=\u00bb\u00bb] Hoy en d\u00eda puede resultar abrumador planificar un viaje. Entre los distintos\u2026<\/p>\n","protected":false},"author":33,"featured_media":2027943,"parent":2028127,"menu_order":0,"comment_status":"closed","ping_status":"closed","template":"","meta":{"footnotes":""},"class_list":["post-2028163","page","type-page","status-publish","has-post-thumbnail","hentry"],"yoast_head":"<!-- This site is optimized with the Yoast SEO plugin v27.3 - https:\/\/yoast.com\/product\/yoast-seo-wordpress\/ -->\n<title>CozyCozy - Alojamiento especial - ThingstodoinAmsterdam.com<\/title>\n<meta name=\"robots\" content=\"index, follow, max-snippet:-1, max-image-preview:large, max-video-preview:-1\" \/>\n<link rel=\"canonical\" href=\"https:\/\/thingstodoinamsterdam.com\/es\/hoteles-de-amsterdam\/cozycozy\/\" \/>\n<meta property=\"og:locale\" content=\"es_ES\" \/>\n<meta property=\"og:type\" content=\"article\" \/>\n<meta property=\"og:title\" content=\"CozyCozy - Alojamiento especial - ThingstodoinAmsterdam.com\" \/>\n<meta property=\"og:description\" content=\"[vc_row][vc_column][buttonsticky title=\u00bbReserva tu alojamiento \u00fanico en CozyCozy\u00bb link=\u00bbhttps:\/\/www.cozycozy.com\/es\u00bb target=\u00bbtrue\u00bb nofollow=\u00bbtrue\u00bb el_id=\u00bb1750166649745-9ef10786-a9e0&#8243;][\/vc_column][\/vc_row][vc_row][vc_column width=\u00bb2\/3&#8243;][vc_column_text css=\u00bb\u00bb] Hoy en d\u00eda puede resultar abrumador planificar un viaje. Entre los distintos\u2026\" \/>\n<meta property=\"og:url\" content=\"https:\/\/thingstodoinamsterdam.com\/es\/hoteles-de-amsterdam\/cozycozy\/\" \/>\n<meta property=\"og:site_name\" content=\"ThingstodoinAmsterdam.com\" \/>\n<meta property=\"article:publisher\" content=\"https:\/\/www.facebook.com\/thingstodoinamsterdamcom\" \/>\n<meta property=\"article:modified_time\" content=\"2025-07-08T12:45:29+00:00\" \/>\n<meta property=\"og:image\" content=\"https:\/\/thingstodoinamsterdam.com\/wp-content\/uploads\/2025\/06\/CozyCozytravel.jpeg\" \/>\n\t<meta property=\"og:image:width\" content=\"1200\" \/>\n\t<meta property=\"og:image:height\" content=\"800\" \/>\n\t<meta property=\"og:image:type\" content=\"image\/jpeg\" \/>\n<meta name=\"twitter:card\" content=\"summary_large_image\" \/>\n<meta name=\"twitter:label1\" content=\"Tiempo de lectura\" \/>\n\t<meta name=\"twitter:data1\" content=\"5 minutos\" \/>\n<script type=\"application\/ld+json\" class=\"yoast-schema-graph\">{\"@context\":\"https:\\\/\\\/schema.org\",\"@graph\":[{\"@type\":\"WebPage\",\"@id\":\"https:\\\/\\\/thingstodoinamsterdam.com\\\/es\\\/hoteles-de-amsterdam\\\/cozycozy\\\/\",\"url\":\"https:\\\/\\\/thingstodoinamsterdam.com\\\/es\\\/hoteles-de-amsterdam\\\/cozycozy\\\/\",\"name\":\"CozyCozy - Alojamiento especial - ThingstodoinAmsterdam.com\",\"isPartOf\":{\"@id\":\"https:\\\/\\\/thingstodoinamsterdam.com\\\/es\\\/#website\"},\"primaryImageOfPage\":{\"@id\":\"https:\\\/\\\/thingstodoinamsterdam.com\\\/es\\\/hoteles-de-amsterdam\\\/cozycozy\\\/#primaryimage\"},\"image\":{\"@id\":\"https:\\\/\\\/thingstodoinamsterdam.com\\\/es\\\/hoteles-de-amsterdam\\\/cozycozy\\\/#primaryimage\"},\"thumbnailUrl\":\"https:\\\/\\\/thingstodoinamsterdam.com\\\/wp-content\\\/uploads\\\/2025\\\/06\\\/CozyCozytravel.jpeg\",\"datePublished\":\"2025-07-08T12:39:22+00:00\",\"dateModified\":\"2025-07-08T12:45:29+00:00\",\"breadcrumb\":{\"@id\":\"https:\\\/\\\/thingstodoinamsterdam.com\\\/es\\\/hoteles-de-amsterdam\\\/cozycozy\\\/#breadcrumb\"},\"inLanguage\":\"es\",\"potentialAction\":[{\"@type\":\"ReadAction\",\"target\":[\"https:\\\/\\\/thingstodoinamsterdam.com\\\/es\\\/hoteles-de-amsterdam\\\/cozycozy\\\/\"]}]},{\"@type\":\"ImageObject\",\"inLanguage\":\"es\",\"@id\":\"https:\\\/\\\/thingstodoinamsterdam.com\\\/es\\\/hoteles-de-amsterdam\\\/cozycozy\\\/#primaryimage\",\"url\":\"https:\\\/\\\/thingstodoinamsterdam.com\\\/wp-content\\\/uploads\\\/2025\\\/06\\\/CozyCozytravel.jpeg\",\"contentUrl\":\"https:\\\/\\\/thingstodoinamsterdam.com\\\/wp-content\\\/uploads\\\/2025\\\/06\\\/CozyCozytravel.jpeg\",\"width\":1200,\"height\":800,\"caption\":\"CozyCozy unique accommodation\"},{\"@type\":\"BreadcrumbList\",\"@id\":\"https:\\\/\\\/thingstodoinamsterdam.com\\\/es\\\/hoteles-de-amsterdam\\\/cozycozy\\\/#breadcrumb\",\"itemListElement\":[{\"@type\":\"ListItem\",\"position\":1,\"name\":\"Qu\u00e9 hacer en \u00c1msterdam\",\"item\":\"https:\\\/\\\/thingstodoinamsterdam.com\\\/es\\\/\"},{\"@type\":\"ListItem\",\"position\":2,\"name\":\"Hoteles de \u00c1msterdam\",\"item\":\"https:\\\/\\\/thingstodoinamsterdam.com\\\/es\\\/hoteles-de-amsterdam\\\/\"},{\"@type\":\"ListItem\",\"position\":3,\"name\":\"CozyCozy &#8211; Alojamiento especial\"}]},{\"@type\":\"WebSite\",\"@id\":\"https:\\\/\\\/thingstodoinamsterdam.com\\\/es\\\/#website\",\"url\":\"https:\\\/\\\/thingstodoinamsterdam.com\\\/es\\\/\",\"name\":\"ThingstodoinAmsterdam.com\",\"description\":\"Amsterdam&#039;s highlights and hidden secrets\",\"publisher\":{\"@id\":\"https:\\\/\\\/thingstodoinamsterdam.com\\\/es\\\/#organization\"},\"potentialAction\":[{\"@type\":\"SearchAction\",\"target\":{\"@type\":\"EntryPoint\",\"urlTemplate\":\"https:\\\/\\\/thingstodoinamsterdam.com\\\/es\\\/?s={search_term_string}\"},\"query-input\":{\"@type\":\"PropertyValueSpecification\",\"valueRequired\":true,\"valueName\":\"search_term_string\"}}],\"inLanguage\":\"es\"},{\"@type\":\"Organization\",\"@id\":\"https:\\\/\\\/thingstodoinamsterdam.com\\\/es\\\/#organization\",\"name\":\"Qu\u00e9 hacer en \u00c1msterdam\",\"url\":\"https:\\\/\\\/thingstodoinamsterdam.com\\\/es\\\/\",\"logo\":{\"@type\":\"ImageObject\",\"inLanguage\":\"es\",\"@id\":\"https:\\\/\\\/thingstodoinamsterdam.com\\\/es\\\/#\\\/schema\\\/logo\\\/image\\\/\",\"url\":\"https:\\\/\\\/thingstodoinamsterdam.com\\\/wp-content\\\/uploads\\\/2025\\\/02\\\/ThingsToDoInAmsterdam-Favicon-logo.png\",\"contentUrl\":\"https:\\\/\\\/thingstodoinamsterdam.com\\\/wp-content\\\/uploads\\\/2025\\\/02\\\/ThingsToDoInAmsterdam-Favicon-logo.png\",\"width\":512,\"height\":512,\"caption\":\"Qu\u00e9 hacer en \u00c1msterdam\"},\"image\":{\"@id\":\"https:\\\/\\\/thingstodoinamsterdam.com\\\/es\\\/#\\\/schema\\\/logo\\\/image\\\/\"},\"sameAs\":[\"https:\\\/\\\/www.facebook.com\\\/thingstodoinamsterdamcom\"]}]}<\/script>\n<!-- \/ Yoast SEO plugin. -->","yoast_head_json":{"title":"CozyCozy - Alojamiento especial - ThingstodoinAmsterdam.com","robots":{"index":"index","follow":"follow","max-snippet":"max-snippet:-1","max-image-preview":"max-image-preview:large","max-video-preview":"max-video-preview:-1"},"canonical":"https:\/\/thingstodoinamsterdam.com\/es\/hoteles-de-amsterdam\/cozycozy\/","og_locale":"es_ES","og_type":"article","og_title":"CozyCozy - Alojamiento especial - ThingstodoinAmsterdam.com","og_description":"[vc_row][vc_column][buttonsticky title=\u00bbReserva tu alojamiento \u00fanico en CozyCozy\u00bb link=\u00bbhttps:\/\/www.cozycozy.com\/es\u00bb target=\u00bbtrue\u00bb nofollow=\u00bbtrue\u00bb el_id=\u00bb1750166649745-9ef10786-a9e0&#8243;][\/vc_column][\/vc_row][vc_row][vc_column width=\u00bb2\/3&#8243;][vc_column_text css=\u00bb\u00bb] Hoy en d\u00eda puede resultar abrumador planificar un viaje. Entre los distintos\u2026","og_url":"https:\/\/thingstodoinamsterdam.com\/es\/hoteles-de-amsterdam\/cozycozy\/","og_site_name":"ThingstodoinAmsterdam.com","article_publisher":"https:\/\/www.facebook.com\/thingstodoinamsterdamcom","article_modified_time":"2025-07-08T12:45:29+00:00","og_image":[{"width":1200,"height":800,"url":"https:\/\/thingstodoinamsterdam.com\/wp-content\/uploads\/2025\/06\/CozyCozytravel.jpeg","type":"image\/jpeg"}],"twitter_card":"summary_large_image","twitter_misc":{"Tiempo de lectura":"5 minutos"},"schema":{"@context":"https:\/\/schema.org","@graph":[{"@type":"WebPage","@id":"https:\/\/thingstodoinamsterdam.com\/es\/hoteles-de-amsterdam\/cozycozy\/","url":"https:\/\/thingstodoinamsterdam.com\/es\/hoteles-de-amsterdam\/cozycozy\/","name":"CozyCozy - Alojamiento especial - ThingstodoinAmsterdam.com","isPartOf":{"@id":"https:\/\/thingstodoinamsterdam.com\/es\/#website"},"primaryImageOfPage":{"@id":"https:\/\/thingstodoinamsterdam.com\/es\/hoteles-de-amsterdam\/cozycozy\/#primaryimage"},"image":{"@id":"https:\/\/thingstodoinamsterdam.com\/es\/hoteles-de-amsterdam\/cozycozy\/#primaryimage"},"thumbnailUrl":"https:\/\/thingstodoinamsterdam.com\/wp-content\/uploads\/2025\/06\/CozyCozytravel.jpeg","datePublished":"2025-07-08T12:39:22+00:00","dateModified":"2025-07-08T12:45:29+00:00","breadcrumb":{"@id":"https:\/\/thingstodoinamsterdam.com\/es\/hoteles-de-amsterdam\/cozycozy\/#breadcrumb"},"inLanguage":"es","potentialAction":[{"@type":"ReadAction","target":["https:\/\/thingstodoinamsterdam.com\/es\/hoteles-de-amsterdam\/cozycozy\/"]}]},{"@type":"ImageObject","inLanguage":"es","@id":"https:\/\/thingstodoinamsterdam.com\/es\/hoteles-de-amsterdam\/cozycozy\/#primaryimage","url":"https:\/\/thingstodoinamsterdam.com\/wp-content\/uploads\/2025\/06\/CozyCozytravel.jpeg","contentUrl":"https:\/\/thingstodoinamsterdam.com\/wp-content\/uploads\/2025\/06\/CozyCozytravel.jpeg","width":1200,"height":800,"caption":"CozyCozy unique accommodation"},{"@type":"BreadcrumbList","@id":"https:\/\/thingstodoinamsterdam.com\/es\/hoteles-de-amsterdam\/cozycozy\/#breadcrumb","itemListElement":[{"@type":"ListItem","position":1,"name":"Qu\u00e9 hacer en \u00c1msterdam","item":"https:\/\/thingstodoinamsterdam.com\/es\/"},{"@type":"ListItem","position":2,"name":"Hoteles de \u00c1msterdam","item":"https:\/\/thingstodoinamsterdam.com\/es\/hoteles-de-amsterdam\/"},{"@type":"ListItem","position":3,"name":"CozyCozy &#8211; Alojamiento especial"}]},{"@type":"WebSite","@id":"https:\/\/thingstodoinamsterdam.com\/es\/#website","url":"https:\/\/thingstodoinamsterdam.com\/es\/","name":"ThingstodoinAmsterdam.com","description":"Amsterdam&#039;s highlights and hidden secrets","publisher":{"@id":"https:\/\/thingstodoinamsterdam.com\/es\/#organization"},"potentialAction":[{"@type":"SearchAction","target":{"@type":"EntryPoint","urlTemplate":"https:\/\/thingstodoinamsterdam.com\/es\/?s={search_term_string}"},"query-input":{"@type":"PropertyValueSpecification","valueRequired":true,"valueName":"search_term_string"}}],"inLanguage":"es"},{"@type":"Organization","@id":"https:\/\/thingstodoinamsterdam.com\/es\/#organization","name":"Qu\u00e9 hacer en \u00c1msterdam","url":"https:\/\/thingstodoinamsterdam.com\/es\/","logo":{"@type":"ImageObject","inLanguage":"es","@id":"https:\/\/thingstodoinamsterdam.com\/es\/#\/schema\/logo\/image\/","url":"https:\/\/thingstodoinamsterdam.com\/wp-content\/uploads\/2025\/02\/ThingsToDoInAmsterdam-Favicon-logo.png","contentUrl":"https:\/\/thingstodoinamsterdam.com\/wp-content\/uploads\/2025\/02\/ThingsToDoInAmsterdam-Favicon-logo.png","width":512,"height":512,"caption":"Qu\u00e9 hacer en \u00c1msterdam"},"image":{"@id":"https:\/\/thingstodoinamsterdam.com\/es\/#\/schema\/logo\/image\/"},"sameAs":["https:\/\/www.facebook.com\/thingstodoinamsterdamcom"]}]}},"_links":{"self":[{"href":"https:\/\/thingstodoinamsterdam.com\/es\/wp-json\/wp\/v2\/pages\/2028163","targetHints":{"allow":["GET"]}}],"collection":[{"href":"https:\/\/thingstodoinamsterdam.com\/es\/wp-json\/wp\/v2\/pages"}],"about":[{"href":"https:\/\/thingstodoinamsterdam.com\/es\/wp-json\/wp\/v2\/types\/page"}],"author":[{"embeddable":true,"href":"https:\/\/thingstodoinamsterdam.com\/es\/wp-json\/wp\/v2\/users\/33"}],"replies":[{"embeddable":true,"href":"https:\/\/thingstodoinamsterdam.com\/es\/wp-json\/wp\/v2\/comments?post=2028163"}],"version-history":[{"count":2,"href":"https:\/\/thingstodoinamsterdam.com\/es\/wp-json\/wp\/v2\/pages\/2028163\/revisions"}],"predecessor-version":[{"id":2028165,"href":"https:\/\/thingstodoinamsterdam.com\/es\/wp-json\/wp\/v2\/pages\/2028163\/revisions\/2028165"}],"up":[{"embeddable":true,"href":"https:\/\/thingstodoinamsterdam.com\/es\/wp-json\/wp\/v2\/pages\/2028127"}],"wp:featuredmedia":[{"embeddable":true,"href":"https:\/\/thingstodoinamsterdam.com\/es\/wp-json\/wp\/v2\/media\/2027943"}],"wp:attachment":[{"href":"https:\/\/thingstodoinamsterdam.com\/es\/wp-json\/wp\/v2\/media?parent=2028163"}],"curies":[{"name":"wp","href":"https:\/\/api.w.org\/{rel}","templated":true}]}}