{"id":2028495,"date":"2025-08-01T14:30:00","date_gmt":"2025-08-01T12:30:00","guid":{"rendered":"https:\/\/thingstodoinamsterdam.com\/lookout-amsterdam\/"},"modified":"2026-03-11T00:56:48","modified_gmt":"2026-03-10T23:56:48","slug":"lookout-amsterdam","status":"publish","type":"page","link":"https:\/\/thingstodoinamsterdam.com\/es\/lookout-amsterdam\/","title":{"rendered":"Lookout Amsterdam"},"content":{"rendered":"<div class=\"wpb-content-wrapper\"><p>[vc_row][vc_column][vc_column_text]El mirador de \u00c1msterdam, o mirador A&#8217;DAM, te ofrece sin duda la vista m\u00e1s magn\u00edfica sobre la ciudad de \u00c1msterdam. \u00c9ste es probablemente el mejor lugar de la ciudad para <a href=\"https:\/\/thingstodoinamsterdam.com\/es\/lugares-que-visitar-y-turismo-en-amsterdam\/\">hacer turismo en \u00c1msterdam<\/a>. La torre tiene unos 100 metros de altura y est\u00e1 situada en el norte de la ciudad, junto a <a href=\"https:\/\/thingstodoinamsterdam.com\/es\/this-is-holland-5d-experiencia-amsterdam\/\">ESTO ES HOLANDA<\/a>. Desde el mirador de \u00c1msterdam podr\u00e1s ver el centro hist\u00f3rico de \u00c1msterdam tras el r\u00edo IJ, la zona portuaria y las zonas rurales al norte de la ciudad. En los d\u00edas despejados puedes incluso divisar los altos edificios de las ciudades circundantes.    <\/p><div id=\"ez-toc-container\" class=\"ez-toc-v2_0_82_2 counter-hierarchy ez-toc-counter ez-toc-custom ez-toc-container-direction\">\n<div class=\"ez-toc-title-container\">\n<span class=\"ez-toc-title-toggle\"><a href=\"#\" class=\"ez-toc-pull-right ez-toc-btn ez-toc-btn-xs ez-toc-btn-default ez-toc-toggle\" aria-label=\"Alternar tabla de contenidos\"><span class=\"ez-toc-js-icon-con\"><span class=\"\"><span class=\"eztoc-hide\" style=\"display:none;\">Toggle<\/span><span class=\"ez-toc-icon-toggle-span\"><svg style=\"fill: #999;color:#999\" xmlns=\"http:\/\/www.w3.org\/2000\/svg\" class=\"list-377408\" width=\"20px\" height=\"20px\" viewBox=\"0 0 24 24\" fill=\"none\"><path d=\"M6 6H4v2h2V6zm14 0H8v2h12V6zM4 11h2v2H4v-2zm16 0H8v2h12v-2zM4 16h2v2H4v-2zm16 0H8v2h12v-2z\" fill=\"currentColor\"><\/path><\/svg><svg style=\"fill: #999;color:#999\" class=\"arrow-unsorted-368013\" xmlns=\"http:\/\/www.w3.org\/2000\/svg\" width=\"10px\" height=\"10px\" viewBox=\"0 0 24 24\" version=\"1.2\" baseProfile=\"tiny\"><path d=\"M18.2 9.3l-6.2-6.3-6.2 6.3c-.2.2-.3.4-.3.7s.1.5.3.7c.2.2.4.3.7.3h11c.3 0 .5-.1.7-.3.2-.2.3-.5.3-.7s-.1-.5-.3-.7zM5.8 14.7l6.2 6.3 6.2-6.3c.2-.2.3-.5.3-.7s-.1-.5-.3-.7c-.2-.2-.4-.3-.7-.3h-11c-.3 0-.5.1-.7.3-.2.2-.3.5-.3.7s.1.5.3.7z\"\/><\/svg><\/span><\/span><\/span><\/a><\/span><\/div>\n<nav><ul class='ez-toc-list ez-toc-list-level-1 ' ><li class='ez-toc-page-1 ez-toc-heading-level-2'><a class=\"ez-toc-link ez-toc-heading-1\" href=\"https:\/\/thingstodoinamsterdam.com\/es\/lookout-amsterdam\/#horario-de-apertura-de-la-torre-mirador-de-amsterdam\" >Horario de apertura de la Torre Mirador de \u00c1msterdam<\/a><\/li><li class='ez-toc-page-1 ez-toc-heading-level-2'><a class=\"ez-toc-link ez-toc-heading-2\" href=\"https:\/\/thingstodoinamsterdam.com\/es\/lookout-amsterdam\/#precios-entradas-y-descuentos-de-la-torre-mirador-de-amsterdam\" >Precios, entradas y descuentos de la Torre Mirador de \u00c1msterdam<\/a><\/li><li class='ez-toc-page-1 ez-toc-heading-level-2'><a class=\"ez-toc-link ez-toc-heading-3\" href=\"https:\/\/thingstodoinamsterdam.com\/es\/lookout-amsterdam\/#impresion-fotografica-de-la-torre-mirador-de-amsterdam\" >Impresi\u00f3n fotogr\u00e1fica de la Torre Mirador de Amsterdam<\/a><\/li><li class='ez-toc-page-1 ez-toc-heading-level-2'><a class=\"ez-toc-link ez-toc-heading-4\" href=\"https:\/\/thingstodoinamsterdam.com\/es\/lookout-amsterdam\/#direccion-informacion-de-contacto-y-ruta-al-mirador-adam\" >Direcci\u00f3n, informaci\u00f3n de contacto y ruta al Mirador A&#8217;DAM<\/a><\/li><li class='ez-toc-page-1 ez-toc-heading-level-2'><a class=\"ez-toc-link ez-toc-heading-5\" href=\"https:\/\/thingstodoinamsterdam.com\/es\/lookout-amsterdam\/#transporte-publico\" >Transporte p\u00fablico<\/a><\/li><\/ul><\/nav><\/div>\n\n<p>Para los que buscan emociones fuertes, hay un columpio en el borde de la torre. As\u00ed podr\u00e1s columpiarte a 100 metros de altura mientras disfrutas del horizonte de \u00c1msterdam. Este columpio, llamado OverTheEdge, es el columpio m\u00e1s alto de Europa y solo te costar\u00e1 7,50 \u20ac de presupuesto. As\u00ed que, si nos preguntas, \u00a1sin duda merece la pena intentarlo!   <\/p>\n<p>Si te dan miedo las alturas, o simplemente no te gusta la idea de columpiarte en lo alto de una torre, tambi\u00e9n existe la posibilidad de disfrutar simplemente de una bebida y algo de comer mientras disfrutas de las vistas, desde el restaurante.[\/vc_column_text][button title=\u00bbReserva tus entradas para el Amsterdam Lookout\u00bb link=\u00bbhttps:\/\/thingstodoinamsterdam.com\/ticketlink-lookout-tiqets-std\u00bb icon=\u00bbfa fa-solid fa-angles-right\u00bb button_align=\u00bbcenter\u00bb target=\u00bbtrue\u00bb nofollow=\u00bbtrue\u00bb el_id=\u00bb1728649084396-8f06a236-91ae\u00bb][vc_video link=\u00bbhttps:\/\/youtu.be\/LBDMRgj5EzQ\u00bb css=\u00bb.vc_custom_1490647146962{margin-right: 25px !important;margin-left: 25px !important;}\u00bb title=\u00bbA&apos;DAM Lookout qu\u00e9 esperar\u00bb][vc_column_text]<\/p>\n<h2><span class=\"ez-toc-section\" id=\"horario-de-apertura-de-la-torre-mirador-de-amsterdam\"><\/span>Horario de apertura de la Torre Mirador de \u00c1msterdam<span class=\"ez-toc-section-end\"><\/span><\/h2>\n<p>El Mirador de \u00c1msterdam est\u00e1 abierto todos los d\u00edas, 7 d\u00edas a la semana. Sin excepciones. Los \u00faltimos invitados pueden entrar 1 hora antes del cierre. Aseg\u00farate de estar en la entrada antes de las 20:00 para evitar decepciones, ya que no te dejar\u00e1n entrar despu\u00e9s de las ocho.   <\/p>\n<table style=\"width: 100%;\">\n<tbody>\n<tr>\n<td>Lunes<\/td>\n<td>10:00 &#8211; 22:00<\/td>\n<\/tr>\n<tr>\n<td>Martes<\/td>\n<td>10:00 &#8211; 22:00<\/td>\n<\/tr>\n<tr>\n<td>Mi\u00e9rcoles<\/td>\n<td>10:00 &#8211; 22:00<\/td>\n<\/tr>\n<tr>\n<td>Jueves<\/td>\n<td>10:00 &#8211; 22:00<\/td>\n<\/tr>\n<tr>\n<td>Viernes<\/td>\n<td>10:00 &#8211; 22:00<\/td>\n<\/tr>\n<tr>\n<td>S\u00e1bado<\/td>\n<td>10:00 &#8211; 22:00<\/td>\n<\/tr>\n<tr>\n<td>Domingo<\/td>\n<td>10:00 &#8211; 22:00<\/td>\n<\/tr>\n<\/tbody>\n<\/table>\n<p>[\/vc_column_text][vc_column_text css=\u00bb\u00bb]<\/p>\n<h2><span class=\"ez-toc-section\" id=\"precios-entradas-y-descuentos-de-la-torre-mirador-de-amsterdam\"><\/span>Precios, entradas y descuentos de la Torre Mirador de \u00c1msterdam<span class=\"ez-toc-section-end\"><\/span><\/h2>\n<p>El Amsterdam Lookout te costar\u00e1 18,50 \u20ac de presupuesto si compras tu entrada en la entrada. Este precio incluye una foto digital gratuita y el uso de los prism\u00e1ticos. Las reservas online tienen descuento, \u00a1no te lo pierdas!  <\/p>\n<table style=\"width: 100%;\">\n<tbody>\n<tr>\n<td>Adultos<\/td>\n<td>24,50 \u20ac<\/td>\n<\/tr>\n<tr>\n<td>Ni\u00f1os de 4 a 12 a\u00f1os<\/td>\n<td>12,50 \u20ac<\/td>\n<\/tr>\n<tr>\n<td>Beb\u00e9s hasta 4 a\u00f1os<\/td>\n<td>Gratis<\/td>\n<\/tr>\n<\/tbody>\n<\/table>\n<div id=\"gtx-trans\" style=\"position: absolute; left: 1222px; top: 49.8125px;\">\n<div class=\"gtx-trans-icon\"><\/div>\n<\/div>\n<p>[\/vc_column_text][button title=\u00bbReserva tus entradas para el Amsterdam Lookout\u00bb link=\u00bbhttps:\/\/thingstodoinamsterdam.com\/ticketlink-lookout-tiqets-std\u00bb icon=\u00bb\u00bb button_align=\u00bbcenter\u00bb target=\u00bbtrue\u00bb nofollow=\u00bbtrue\u00bb el_id=\u00bb1728649341252-6871bcd3-ea2a\u00bb][vc_column_text]<\/p>\n<h2><span class=\"ez-toc-section\" id=\"impresion-fotografica-de-la-torre-mirador-de-amsterdam\"><\/span>Impresi\u00f3n fotogr\u00e1fica de la Torre Mirador de Amsterdam<span class=\"ez-toc-section-end\"><\/span><\/h2>\n<p><a href=\"https:\/\/thingstodoinamsterdam.com\/wp-content\/uploads\/2019\/07\/adam-tower-elevator.jpg\"><img decoding=\"async\" class=\"size-full wp-image-6501 aligncenter\" src=\"https:\/\/thingstodoinamsterdam.com\/wp-content\/uploads\/2019\/07\/adam-tower-elevator.jpg\" alt=\"ascensor torre adam\" width=\"900\" height=\"600\"><\/a><br \/>\n<a href=\"https:\/\/thingstodoinamsterdam.com\/wp-content\/uploads\/2019\/07\/adam-swing.jpg\"><img decoding=\"async\" class=\"size-full wp-image-6505 aligncenter\" src=\"https:\/\/thingstodoinamsterdam.com\/wp-content\/uploads\/2019\/07\/adam-swing.jpg\" alt=\"adam swing\" width=\"900\" height=\"600\"><\/a><br \/>\n<a href=\"https:\/\/thingstodoinamsterdam.com\/wp-content\/uploads\/2019\/07\/view-adam-lookout-tower.jpg\"><img decoding=\"async\" class=\"size-full wp-image-6507 aligncenter\" src=\"https:\/\/thingstodoinamsterdam.com\/wp-content\/uploads\/2019\/07\/view-adam-lookout-tower.jpg\" alt=\"ver torre mirador adam\" width=\"900\" height=\"384\"><\/a><br \/>\n<img decoding=\"async\" class=\"aligncenter size-full wp-image-2711\" src=\"https:\/\/thingstodoinamsterdam.com\/wp-content\/uploads\/2019\/07\/ADAM-Lookout-tower.jpg\" alt=\"\" width=\"900\" height=\"900\"><\/p>\n<p>&nbsp;<\/p>\n<p><img decoding=\"async\" class=\"aligncenter size-full wp-image-2712\" src=\"https:\/\/thingstodoinamsterdam.com\/wp-content\/uploads\/2019\/07\/ADAM-Lookout1.jpg\" alt=\"\" width=\"900\" height=\"900\">[\/vc_column_text][vc_column_text]<\/p>\n<h2><span class=\"ez-toc-section\" id=\"direccion-informacion-de-contacto-y-ruta-al-mirador-adam\"><\/span>Direcci\u00f3n, informaci\u00f3n de contacto y ruta al Mirador A&#8217;DAM<span class=\"ez-toc-section-end\"><\/span><\/h2>\n<p>La Torre Mirador de \u00c1msterdam est\u00e1 situada en el norte de la ciudad. A esta parte de la ciudad se llega mejor en ferry, que sale de la parte trasera de la Estaci\u00f3n Central de \u00c1msterdam. Aseg\u00farate de encontrar el ferry a Buiksloterweg, este ferry te llevar\u00e1 al otro lado del IJ en s\u00f3lo dos minutos.  <\/p>\n<p><strong>Direcci\u00f3n<\/strong><br \/>\nA&#8217;DAM Lookout<br \/>\nOverhoeksplein 5<br \/>\n1031 KS \u00c1msterdam<br \/>\n+31 (0)20 242 0100[\/vc_column_text][g_map heading=\u00bbA&#8217;DAM Lookout on the city map\u00bb height=\u00bb\u00ab450\u00ab\u00bb style=\u00bb\u00abborder: 0\u00ab;\u00bb src=\u00bb\u00abhttps:\/\/www.google.com\/maps\/embed?pb=!1m18!1m12!1m3!1d2435.2586145429696!2d4.89993381580237!3d52.38386197978867!2m3!1f0!2f0!3f0!3m2!1i1024!2i768!4f13.1!3m3!1m2!1s0x47c609b440714bbb%3A0xa6175c28f97a0af6!2zQeKAmURBTSBMb29rb3V0!5e0!3m2!1sen!2snl!4v1490647588855\u00ab\u00bb width=\u00bb\u00ab600\u00ab\u00bb frameborder=\u00bb\u00ab0\u00ab\u00bb el_id=\u00bb1564145656002-965c137f-5c5e\u00bb]<iframe style=\"border: 0;\" src=\"https:\/\/www.google.com\/maps\/embed?pb=!1m18!1m12!1m3!1d2435.2586145429696!2d4.89993381580237!3d52.38386197978867!2m3!1f0!2f0!3f0!3m2!1i1024!2i768!4f13.1!3m3!1m2!1s0x47c609b440714bbb%3A0xa6175c28f97a0af6!2zQeKAmURBTSBMb29rb3V0!5e0!3m2!1sen!2snl!4v1490647588855\" width=\"600\" height=\"450\" frameborder=\"0\" allowfullscreen=\"allowfullscreen\"><\/iframe>[\/g_map][vc_column_text]<\/p>\n<h2><span class=\"ez-toc-section\" id=\"transporte-publico\"><\/span>Transporte p\u00fablico<span class=\"ez-toc-section-end\"><\/span><\/h2>\n<p>\u00bfNecesitas saber c\u00f3mo llegar al Mirador de A&#8217;DAM en transporte p\u00fablico? \u00a1Tranquilo! Dir\u00edgete a la Estaci\u00f3n Central de \u00c1msterdam. Detr\u00e1s de la estaci\u00f3n, encontrar\u00e1s transbordadores que salen hacia el norte de \u00c1msterdam. Aseg\u00farate de encontrar el ferry en direcci\u00f3n a Buiksloterweg. Este transbordador te llevar\u00e1 all\u00ed en 5 minutos. Una vez al otro lado del agua, no puedes perderte la torre. La torre A&#8217;DAM desaconseja a los visitantes que lleven una bicicleta, ya que hay poco espacio para aparcarlas. S\u00f3lo tienes que utilizar el fiable sistema <a href=\"https:\/\/thingstodoinamsterdam.com\/transport\/amsterdam-public-transport\/\">de transporte p\u00fablico <\/a>de \u00c1msterdam.        <\/p>\n<p><a href=\"http:\/\/9292.nl\/en\/?to=amsterdam_overhoeksplein-5\"><img decoding=\"async\" class=\"alignnone wp-image-3080 size-medium\" src=\"https:\/\/thingstodoinamsterdam.com\/wp-content\/uploads\/2019\/07\/Button-Plan-mijn-OV-reis-EN-300x54.png\" alt=\"\" width=\"300\" height=\"54\"><\/a>[\/vc_column_text][vc_column_text css=\u00bb\u00bb]<\/p>\n<h3>M\u00e1s cosas que hacer en \u00c1msterdam<\/h3>\n<p><a href=\"https:\/\/thingstodoinamsterdam.com\/es\/zoologico-artis-amsterdam\/\">Artis Zoo de Amsterdam<\/a><br \/>\n<a href=\"https:\/\/thingstodoinamsterdam.com\/es\/museos-amsterdam\/amsterdam-dungeon\/\">Amsterdam Dungeon &#8211; Mazmorra de Amsterdam<\/a><br \/>\n<a href=\"https:\/\/thingstodoinamsterdam.com\/es\/museos-amsterdam\/body-worlds-amsterdam\/\">MUNDOS DEL CUERPO Amsterdam<\/a><br \/>\n<a href=\"https:\/\/thingstodoinamsterdam.com\/es\/crucero-canales-amsterdam\/\">Crucero por los canales de \u00c1msterdam<\/a><br \/>\n<a href=\"https:\/\/thingstodoinamsterdam.com\/es\/barrio-rojo-amsterdam\/teatro-casa-rosso-amsterdam\/\">Casa Rosso<\/a><br \/>\n<a href=\"https:\/\/thingstodoinamsterdam.com\/es\/museos-amsterdam\/heineken-experience\/\">Experiencia Heineken<\/a><br \/>\n<a href=\"https:\/\/thingstodoinamsterdam.com\/es\/this-is-holland-5d-experiencia-amsterdam\/\">ESTO ES HOLANDA<\/a><br \/>\n<a href=\"https:\/\/thingstodoinamsterdam.com\/es\/museos-amsterdam\/museo-moco-amsterdam\/\">Museo Moco<\/a><br \/>\n<a href=\"https:\/\/thingstodoinamsterdam.com\/es\/museos-amsterdam\/museo-ciencia-nemo\/\">Museo de la Ciencia NEMO<\/a><br \/>\n<a href=\"https:\/\/thingstodoinamsterdam.com\/powerzone-bowling-minigolf-laser-tag-amsterdam\/\">Zona de potencia<\/a><br \/>\n<a href=\"https:\/\/thingstodoinamsterdam.com\/es\/museos-amsterdam\/rijksmuseum-amsterdam\/\">Rijksmuseum<\/a><br \/>\n<a href=\"https:\/\/thingstodoinamsterdam.com\/museum-amsterdam\/stedelijk-museum\/\">Museo Stedelijk<\/a><br \/>\n<a href=\"https:\/\/thingstodoinamsterdam.com\/museum-amsterdam\/tropenmuseum\/\">Tropenmuseum<\/a><br \/>\n<a href=\"https:\/\/thingstodoinamsterdam.com\/es\/museos-amsterdam\/museo-van-gogh\/\">Museo Van Gogh<\/a>[\/vc_column_text][\/vc_column][\/vc_row][vc_row][vc_column][reviews heading=\u00bbRese\u00f1as del Amsterdam Lookout\u00bb description=\u00bb\u00a1Cu\u00e9ntanos tu experiencia en el Amsterdam Lookout! \u00bfQu\u00e9 te parecieron las vistas? \u00bfTomaste algo en el bar o llegaste a probar el columpio? Deja una rese\u00f1a a continuaci\u00f3n y ayuda a otros viajeros.   \u00bb el_id=\u00bb1564146067547-d2a95c14-a53b\u00bb][\/reviews][vc_column_text]Echa <strong>un vistazo a una de las <a href=\"https:\/\/thingstodoinamsterdam.com\/es\/\">cosas que hacer en \u00c1msterdam<\/a> que figuran a continuaci\u00f3n <\/strong>y encuentra tu pr\u00f3xima aventura.[\/vc_column_text][\/vc_column][\/vc_row][vc_row][vc_column][promo_block style_var=\u00bbstyle2&#8243; el_id=\u00bb1564146086475-94048365-c765&#8243;][promo link=\u00bburl:https%3A%2F%2Fthingstodoinamsterdam.com%2Fes%2Fmuseos-amsterdam%2Fheineken-experience%2F|title:Heineken%20Experience|\u00bb text=\u00bb\u00a1Aprende todo sobre la marca mundialmente famosa!\u00bb img=\u00bb87&#8243;][promo link=\u00bburl:https%3A%2F%2Fthingstodoinamsterdam.com%2Fes%2Fzoologico-artis-amsterdam%2F|title:Artis%20Royal%20Zoo|\u00bb text=\u00bbSiempre hay monos en el zoo de \u00c1msterdam\u00bb img=\u00bb84&#8243;][promo link=\u00bburl:https%3A%2F%2Fthingstodoinamsterdam.com%2Fmuseum-amsterdam%2Fmadame-tussauds-wax-museum-amsterdam%2F|title:Madame%20Tussauds|\u00bb text=\u00bb\u00a1Hazte un selfie con la familia real holandesa!\u00bb img=\u00bb632&#8243;][\/promo_block][\/vc_column][\/vc_row]<\/p>\n<\/div>","protected":false},"excerpt":{"rendered":"<p>[vc_row][vc_column][vc_column_text]El mirador de \u00c1msterdam, o mirador A&#8217;DAM, te ofrece sin duda la vista m\u00e1s magn\u00edfica sobre la ciudad de \u00c1msterdam. \u00c9ste es probablemente el mejor\u2026<\/p>\n","protected":false},"author":1,"featured_media":0,"parent":0,"menu_order":0,"comment_status":"closed","ping_status":"closed","template":"","meta":{"footnotes":""},"class_list":["post-2028495","page","type-page","status-publish","hentry"],"yoast_head":"<!-- This site is optimized with the Yoast SEO plugin v27.3 - https:\/\/yoast.com\/product\/yoast-seo-wordpress\/ -->\n<title>Lookout Amsterdam - ThingstodoinAmsterdam.com<\/title>\n<meta name=\"description\" content=\"La torre mirador de \u00c1msterdam te ofrece la vista m\u00e1s magn\u00edfica de la ciudad. Consulta los comentarios y consigue entradas con descuento para saltarte la cola aqu\u00ed mismo.\" \/>\n<meta name=\"robots\" content=\"index, follow, max-snippet:-1, max-image-preview:large, max-video-preview:-1\" \/>\n<link rel=\"canonical\" href=\"https:\/\/thingstodoinamsterdam.com\/es\/lookout-amsterdam\/\" \/>\n<meta property=\"og:locale\" content=\"es_ES\" \/>\n<meta property=\"og:type\" content=\"article\" \/>\n<meta property=\"og:title\" content=\"Lookout Amsterdam - ThingstodoinAmsterdam.com\" \/>\n<meta property=\"og:description\" content=\"La torre mirador de \u00c1msterdam te ofrece la vista m\u00e1s magn\u00edfica de la ciudad. Consulta los comentarios y consigue entradas con descuento para saltarte la cola aqu\u00ed mismo.\" \/>\n<meta property=\"og:url\" content=\"https:\/\/thingstodoinamsterdam.com\/es\/lookout-amsterdam\/\" \/>\n<meta property=\"og:site_name\" content=\"ThingstodoinAmsterdam.com\" \/>\n<meta property=\"article:publisher\" content=\"https:\/\/www.facebook.com\/thingstodoinamsterdamcom\" \/>\n<meta property=\"article:modified_time\" content=\"2026-03-10T23:56:48+00:00\" \/>\n<meta property=\"og:image\" content=\"https:\/\/thingstodoinamsterdam.com\/wp-content\/uploads\/2019\/07\/view-adam-lookout-tower.jpg\" \/>\n\t<meta property=\"og:image:width\" content=\"900\" \/>\n\t<meta property=\"og:image:height\" content=\"384\" \/>\n\t<meta property=\"og:image:type\" content=\"image\/jpeg\" \/>\n<meta name=\"twitter:card\" content=\"summary_large_image\" \/>\n<meta name=\"twitter:label1\" content=\"Tiempo de lectura\" \/>\n\t<meta name=\"twitter:data1\" content=\"6 minutos\" \/>\n<script type=\"application\/ld+json\" class=\"yoast-schema-graph\">{\"@context\":\"https:\\\/\\\/schema.org\",\"@graph\":[{\"@type\":\"WebPage\",\"@id\":\"https:\\\/\\\/thingstodoinamsterdam.com\\\/es\\\/lookout-amsterdam\\\/\",\"url\":\"https:\\\/\\\/thingstodoinamsterdam.com\\\/es\\\/lookout-amsterdam\\\/\",\"name\":\"Lookout Amsterdam - ThingstodoinAmsterdam.com\",\"isPartOf\":{\"@id\":\"https:\\\/\\\/thingstodoinamsterdam.com\\\/es\\\/#website\"},\"primaryImageOfPage\":{\"@id\":\"https:\\\/\\\/thingstodoinamsterdam.com\\\/es\\\/lookout-amsterdam\\\/#primaryimage\"},\"image\":{\"@id\":\"https:\\\/\\\/thingstodoinamsterdam.com\\\/es\\\/lookout-amsterdam\\\/#primaryimage\"},\"thumbnailUrl\":\"https:\\\/\\\/thingstodoinamsterdam.com\\\/wp-content\\\/uploads\\\/2019\\\/07\\\/adam-tower-elevator.jpg\",\"datePublished\":\"2025-08-01T12:30:00+00:00\",\"dateModified\":\"2026-03-10T23:56:48+00:00\",\"description\":\"La torre mirador de \u00c1msterdam te ofrece la vista m\u00e1s magn\u00edfica de la ciudad. Consulta los comentarios y consigue entradas con descuento para saltarte la cola aqu\u00ed mismo.\",\"breadcrumb\":{\"@id\":\"https:\\\/\\\/thingstodoinamsterdam.com\\\/es\\\/lookout-amsterdam\\\/#breadcrumb\"},\"inLanguage\":\"es\",\"potentialAction\":[{\"@type\":\"ReadAction\",\"target\":[\"https:\\\/\\\/thingstodoinamsterdam.com\\\/es\\\/lookout-amsterdam\\\/\"]}]},{\"@type\":\"ImageObject\",\"inLanguage\":\"es\",\"@id\":\"https:\\\/\\\/thingstodoinamsterdam.com\\\/es\\\/lookout-amsterdam\\\/#primaryimage\",\"url\":\"https:\\\/\\\/thingstodoinamsterdam.com\\\/wp-content\\\/uploads\\\/2019\\\/07\\\/adam-tower-elevator.jpg\",\"contentUrl\":\"https:\\\/\\\/thingstodoinamsterdam.com\\\/wp-content\\\/uploads\\\/2019\\\/07\\\/adam-tower-elevator.jpg\"},{\"@type\":\"BreadcrumbList\",\"@id\":\"https:\\\/\\\/thingstodoinamsterdam.com\\\/es\\\/lookout-amsterdam\\\/#breadcrumb\",\"itemListElement\":[{\"@type\":\"ListItem\",\"position\":1,\"name\":\"Qu\u00e9 hacer en \u00c1msterdam\",\"item\":\"https:\\\/\\\/thingstodoinamsterdam.com\\\/es\\\/\"},{\"@type\":\"ListItem\",\"position\":2,\"name\":\"Lookout Amsterdam\"}]},{\"@type\":\"WebSite\",\"@id\":\"https:\\\/\\\/thingstodoinamsterdam.com\\\/es\\\/#website\",\"url\":\"https:\\\/\\\/thingstodoinamsterdam.com\\\/es\\\/\",\"name\":\"ThingstodoinAmsterdam.com\",\"description\":\"Amsterdam&#039;s highlights and hidden secrets\",\"publisher\":{\"@id\":\"https:\\\/\\\/thingstodoinamsterdam.com\\\/es\\\/#organization\"},\"potentialAction\":[{\"@type\":\"SearchAction\",\"target\":{\"@type\":\"EntryPoint\",\"urlTemplate\":\"https:\\\/\\\/thingstodoinamsterdam.com\\\/es\\\/?s={search_term_string}\"},\"query-input\":{\"@type\":\"PropertyValueSpecification\",\"valueRequired\":true,\"valueName\":\"search_term_string\"}}],\"inLanguage\":\"es\"},{\"@type\":\"Organization\",\"@id\":\"https:\\\/\\\/thingstodoinamsterdam.com\\\/es\\\/#organization\",\"name\":\"Qu\u00e9 hacer en \u00c1msterdam\",\"url\":\"https:\\\/\\\/thingstodoinamsterdam.com\\\/es\\\/\",\"logo\":{\"@type\":\"ImageObject\",\"inLanguage\":\"es\",\"@id\":\"https:\\\/\\\/thingstodoinamsterdam.com\\\/es\\\/#\\\/schema\\\/logo\\\/image\\\/\",\"url\":\"https:\\\/\\\/thingstodoinamsterdam.com\\\/wp-content\\\/uploads\\\/2025\\\/02\\\/ThingsToDoInAmsterdam-Favicon-logo.png\",\"contentUrl\":\"https:\\\/\\\/thingstodoinamsterdam.com\\\/wp-content\\\/uploads\\\/2025\\\/02\\\/ThingsToDoInAmsterdam-Favicon-logo.png\",\"width\":512,\"height\":512,\"caption\":\"Qu\u00e9 hacer en \u00c1msterdam\"},\"image\":{\"@id\":\"https:\\\/\\\/thingstodoinamsterdam.com\\\/es\\\/#\\\/schema\\\/logo\\\/image\\\/\"},\"sameAs\":[\"https:\\\/\\\/www.facebook.com\\\/thingstodoinamsterdamcom\"]}]}<\/script>\n<!-- \/ Yoast SEO plugin. -->","yoast_head_json":{"title":"Lookout Amsterdam - ThingstodoinAmsterdam.com","description":"La torre mirador de \u00c1msterdam te ofrece la vista m\u00e1s magn\u00edfica de la ciudad. Consulta los comentarios y consigue entradas con descuento para saltarte la cola aqu\u00ed mismo.","robots":{"index":"index","follow":"follow","max-snippet":"max-snippet:-1","max-image-preview":"max-image-preview:large","max-video-preview":"max-video-preview:-1"},"canonical":"https:\/\/thingstodoinamsterdam.com\/es\/lookout-amsterdam\/","og_locale":"es_ES","og_type":"article","og_title":"Lookout Amsterdam - ThingstodoinAmsterdam.com","og_description":"La torre mirador de \u00c1msterdam te ofrece la vista m\u00e1s magn\u00edfica de la ciudad. Consulta los comentarios y consigue entradas con descuento para saltarte la cola aqu\u00ed mismo.","og_url":"https:\/\/thingstodoinamsterdam.com\/es\/lookout-amsterdam\/","og_site_name":"ThingstodoinAmsterdam.com","article_publisher":"https:\/\/www.facebook.com\/thingstodoinamsterdamcom","article_modified_time":"2026-03-10T23:56:48+00:00","og_image":[{"width":900,"height":384,"url":"https:\/\/thingstodoinamsterdam.com\/wp-content\/uploads\/2019\/07\/view-adam-lookout-tower.jpg","type":"image\/jpeg"}],"twitter_card":"summary_large_image","twitter_misc":{"Tiempo de lectura":"6 minutos"},"schema":{"@context":"https:\/\/schema.org","@graph":[{"@type":"WebPage","@id":"https:\/\/thingstodoinamsterdam.com\/es\/lookout-amsterdam\/","url":"https:\/\/thingstodoinamsterdam.com\/es\/lookout-amsterdam\/","name":"Lookout Amsterdam - ThingstodoinAmsterdam.com","isPartOf":{"@id":"https:\/\/thingstodoinamsterdam.com\/es\/#website"},"primaryImageOfPage":{"@id":"https:\/\/thingstodoinamsterdam.com\/es\/lookout-amsterdam\/#primaryimage"},"image":{"@id":"https:\/\/thingstodoinamsterdam.com\/es\/lookout-amsterdam\/#primaryimage"},"thumbnailUrl":"https:\/\/thingstodoinamsterdam.com\/wp-content\/uploads\/2019\/07\/adam-tower-elevator.jpg","datePublished":"2025-08-01T12:30:00+00:00","dateModified":"2026-03-10T23:56:48+00:00","description":"La torre mirador de \u00c1msterdam te ofrece la vista m\u00e1s magn\u00edfica de la ciudad. Consulta los comentarios y consigue entradas con descuento para saltarte la cola aqu\u00ed mismo.","breadcrumb":{"@id":"https:\/\/thingstodoinamsterdam.com\/es\/lookout-amsterdam\/#breadcrumb"},"inLanguage":"es","potentialAction":[{"@type":"ReadAction","target":["https:\/\/thingstodoinamsterdam.com\/es\/lookout-amsterdam\/"]}]},{"@type":"ImageObject","inLanguage":"es","@id":"https:\/\/thingstodoinamsterdam.com\/es\/lookout-amsterdam\/#primaryimage","url":"https:\/\/thingstodoinamsterdam.com\/wp-content\/uploads\/2019\/07\/adam-tower-elevator.jpg","contentUrl":"https:\/\/thingstodoinamsterdam.com\/wp-content\/uploads\/2019\/07\/adam-tower-elevator.jpg"},{"@type":"BreadcrumbList","@id":"https:\/\/thingstodoinamsterdam.com\/es\/lookout-amsterdam\/#breadcrumb","itemListElement":[{"@type":"ListItem","position":1,"name":"Qu\u00e9 hacer en \u00c1msterdam","item":"https:\/\/thingstodoinamsterdam.com\/es\/"},{"@type":"ListItem","position":2,"name":"Lookout Amsterdam"}]},{"@type":"WebSite","@id":"https:\/\/thingstodoinamsterdam.com\/es\/#website","url":"https:\/\/thingstodoinamsterdam.com\/es\/","name":"ThingstodoinAmsterdam.com","description":"Amsterdam&#039;s highlights and hidden secrets","publisher":{"@id":"https:\/\/thingstodoinamsterdam.com\/es\/#organization"},"potentialAction":[{"@type":"SearchAction","target":{"@type":"EntryPoint","urlTemplate":"https:\/\/thingstodoinamsterdam.com\/es\/?s={search_term_string}"},"query-input":{"@type":"PropertyValueSpecification","valueRequired":true,"valueName":"search_term_string"}}],"inLanguage":"es"},{"@type":"Organization","@id":"https:\/\/thingstodoinamsterdam.com\/es\/#organization","name":"Qu\u00e9 hacer en \u00c1msterdam","url":"https:\/\/thingstodoinamsterdam.com\/es\/","logo":{"@type":"ImageObject","inLanguage":"es","@id":"https:\/\/thingstodoinamsterdam.com\/es\/#\/schema\/logo\/image\/","url":"https:\/\/thingstodoinamsterdam.com\/wp-content\/uploads\/2025\/02\/ThingsToDoInAmsterdam-Favicon-logo.png","contentUrl":"https:\/\/thingstodoinamsterdam.com\/wp-content\/uploads\/2025\/02\/ThingsToDoInAmsterdam-Favicon-logo.png","width":512,"height":512,"caption":"Qu\u00e9 hacer en \u00c1msterdam"},"image":{"@id":"https:\/\/thingstodoinamsterdam.com\/es\/#\/schema\/logo\/image\/"},"sameAs":["https:\/\/www.facebook.com\/thingstodoinamsterdamcom"]}]}},"_links":{"self":[{"href":"https:\/\/thingstodoinamsterdam.com\/es\/wp-json\/wp\/v2\/pages\/2028495","targetHints":{"allow":["GET"]}}],"collection":[{"href":"https:\/\/thingstodoinamsterdam.com\/es\/wp-json\/wp\/v2\/pages"}],"about":[{"href":"https:\/\/thingstodoinamsterdam.com\/es\/wp-json\/wp\/v2\/types\/page"}],"author":[{"embeddable":true,"href":"https:\/\/thingstodoinamsterdam.com\/es\/wp-json\/wp\/v2\/users\/1"}],"replies":[{"embeddable":true,"href":"https:\/\/thingstodoinamsterdam.com\/es\/wp-json\/wp\/v2\/comments?post=2028495"}],"version-history":[{"count":6,"href":"https:\/\/thingstodoinamsterdam.com\/es\/wp-json\/wp\/v2\/pages\/2028495\/revisions"}],"predecessor-version":[{"id":2535100,"href":"https:\/\/thingstodoinamsterdam.com\/es\/wp-json\/wp\/v2\/pages\/2028495\/revisions\/2535100"}],"wp:attachment":[{"href":"https:\/\/thingstodoinamsterdam.com\/es\/wp-json\/wp\/v2\/media?parent=2028495"}],"curies":[{"name":"wp","href":"https:\/\/api.w.org\/{rel}","templated":true}]}}