{"id":2028577,"date":"2025-08-05T09:19:16","date_gmt":"2025-08-05T07:19:16","guid":{"rendered":"https:\/\/thingstodoinamsterdam.com\/?page_id=2028577"},"modified":"2025-08-05T15:25:41","modified_gmt":"2025-08-05T13:25:41","slug":"hellofresh","status":"publish","type":"page","link":"https:\/\/thingstodoinamsterdam.com\/es\/informacion-practica\/mejores-servicios-entrega-comida\/hellofresh\/","title":{"rendered":"Probar HelloFresh \u00bfc\u00f3mo funciona?"},"content":{"rendered":"<div class=\"wpb-content-wrapper\"><p>[vc_row][vc_column width=\u00bb2\/3&#8243;][vc_column_text css=\u00bb\u00bb]HelloFresh es un conocido servicio de cajas de comida que entrega ingredientes frescos y recetas en tu domicilio. Las comidas son f\u00e1ciles de preparar gracias a las instrucciones claras, lo que te permite descubrir nuevas recetas f\u00e1cilmente.<\/p><div id=\"ez-toc-container\" class=\"ez-toc-v2_0_82_2 counter-hierarchy ez-toc-counter ez-toc-custom ez-toc-container-direction\">\n<div class=\"ez-toc-title-container\">\n<span class=\"ez-toc-title-toggle\"><a href=\"#\" class=\"ez-toc-pull-right ez-toc-btn ez-toc-btn-xs ez-toc-btn-default ez-toc-toggle\" aria-label=\"Alternar tabla de contenidos\"><span class=\"ez-toc-js-icon-con\"><span class=\"\"><span class=\"eztoc-hide\" style=\"display:none;\">Toggle<\/span><span class=\"ez-toc-icon-toggle-span\"><svg style=\"fill: #999;color:#999\" xmlns=\"http:\/\/www.w3.org\/2000\/svg\" class=\"list-377408\" width=\"20px\" height=\"20px\" viewBox=\"0 0 24 24\" fill=\"none\"><path d=\"M6 6H4v2h2V6zm14 0H8v2h12V6zM4 11h2v2H4v-2zm16 0H8v2h12v-2zM4 16h2v2H4v-2zm16 0H8v2h12v-2z\" fill=\"currentColor\"><\/path><\/svg><svg style=\"fill: #999;color:#999\" class=\"arrow-unsorted-368013\" xmlns=\"http:\/\/www.w3.org\/2000\/svg\" width=\"10px\" height=\"10px\" viewBox=\"0 0 24 24\" version=\"1.2\" baseProfile=\"tiny\"><path d=\"M18.2 9.3l-6.2-6.3-6.2 6.3c-.2.2-.3.4-.3.7s.1.5.3.7c.2.2.4.3.7.3h11c.3 0 .5-.1.7-.3.2-.2.3-.5.3-.7s-.1-.5-.3-.7zM5.8 14.7l6.2 6.3 6.2-6.3c.2-.2.3-.5.3-.7s-.1-.5-.3-.7c-.2-.2-.4-.3-.7-.3h-11c-.3 0-.5.1-.7.3-.2.2-.3.5-.3.7s.1.5.3.7z\"\/><\/svg><\/span><\/span><\/span><\/a><\/span><\/div>\n<nav><ul class='ez-toc-list ez-toc-list-level-1 ' ><li class='ez-toc-page-1 ez-toc-heading-level-2'><a class=\"ez-toc-link ez-toc-heading-1\" href=\"https:\/\/thingstodoinamsterdam.com\/es\/informacion-practica\/mejores-servicios-entrega-comida\/hellofresh\/#%c2%bfcomo-funciona-hellofresh\" >\u00bfC\u00f3mo funciona HelloFresh?<\/a><\/li><li class='ez-toc-page-1 ez-toc-heading-level-2'><a class=\"ez-toc-link ez-toc-heading-2\" href=\"https:\/\/thingstodoinamsterdam.com\/es\/informacion-practica\/mejores-servicios-entrega-comida\/hellofresh\/#preguntas-frecuentes-sobre-hellofresh\" >Preguntas frecuentes sobre HelloFresh<\/a><\/li><li class='ez-toc-page-1 ez-toc-heading-level-2'><a class=\"ez-toc-link ez-toc-heading-3\" href=\"https:\/\/thingstodoinamsterdam.com\/es\/informacion-practica\/mejores-servicios-entrega-comida\/hellofresh\/#nuestra-experiencia-con-pedir-comida-a-traves-de-hellofresh\" >Nuestra experiencia con pedir comida a trav\u00e9s de HelloFresh<\/a><\/li><\/ul><\/nav><\/div>\n\n<p><strong>&gt;&gt;&gt;<\/strong> Nosotros tambi\u00e9n hemos pedido HelloFresh, \u00bftienes curiosidad por nuestra experiencia? <a href=\"https:\/\/thingstodoinamsterdam.com\/es\/mejores-servicios-entrega-comida\/hellofresh\/#review\">Lee la rese\u00f1a ahora mismo<\/a>.<\/p>\n<h2><span class=\"ez-toc-section\" id=\"%c2%bfcomo-funciona-hellofresh\"><\/span>\u00bfC\u00f3mo funciona HelloFresh?<span class=\"ez-toc-section-end\"><\/span><\/h2>\n<ul>\n<li><strong>Elige tus recetas:<\/strong> Selecciona semanalmente las comidas que desees.<\/li>\n<li><strong>Recibe tu caja:<\/strong> Los ingredientes se entregan frescos, adaptados al n\u00famero de personas.<\/li>\n<li><strong>Cocina y disfruta:<\/strong> Sigue los sencillos pasos para poner deliciosas comidas en la mesa.<\/li>\n<\/ul>\n<h3>Aplicaci\u00f3n de HelloFresh<\/h3>\n<p>HelloFresh ofrece una aplicaci\u00f3n f\u00e1cil de usar con la que puedes elegir recetas, gestionar pedidos y ajustar entregas f\u00e1cilmente. Disponible para iOS y Android, ideal para realizar cambios r\u00e1pidos sobre la marcha.<\/p>\n<h3>Costes y promociones de descuento<\/h3>\n<p>HelloFresh cuesta de media entre 4,50 \u20ac y 7,50 \u20ac por comida por persona. Se ofrecen promociones de descuento con regularidad, lo que te permite familiarizarte con HelloFresh a un precio asequible. Puedes encontrar las promociones actuales a trav\u00e9s de descuentos de HelloFresh.[\/vc_column_text][\/vc_column][vc_column width=\u00bb1\/3&#8243;][vc_single_image image=\u00bb2028202&#8243; img_size=\u00bbfull\u00bb alignment=\u00bbcenter\u00bb css=\u00bb\u00bb][\/vc_column][\/vc_row][vc_row][vc_column width=\u00bb1\/2&#8243;][vc_single_image image=\u00bb2028556&#8243; img_size=\u00bbfull\u00bb alignment=\u00bbcenter\u00bb css=\u00bb\u00bb][vc_column_text css=\u00bb\u00bb]<em>La caja que hemos pedido para 4 d\u00edas para 2 personas.<\/em>[\/vc_column_text][\/vc_column][vc_column width=\u00bb1\/2&#8243;][vc_single_image image=\u00bb2028561&#8243; img_size=\u00bbfull\u00bb alignment=\u00bbcenter\u00bb css=\u00bb\u00bb][vc_column_text css=\u00bb\u00bb]<em>Todos los platos vienen empaquetados individualmente en bolsas de papel, lo cual es muy pr\u00e1ctico. Adem\u00e1s, tambi\u00e9n encontrar\u00e1s el libro de recetas incluido.<\/em>[\/vc_column_text][\/vc_column][\/vc_row][vc_row][vc_column][vc_column_text css=\u00bb\u00bb]<\/p>\n<h3>Pedir sin la aplicaci\u00f3n a trav\u00e9s de HelloFresh<\/h3>\n<p>\u00bfPrefieres pedir sin la aplicaci\u00f3n? \u00a1No hay problema! Tambi\u00e9n puedes ir directamente a HelloFresh a trav\u00e9s de tu navegador y pedir tu comida directamente. Marcas una vez cu\u00e1ntas personas y cu\u00e1ntas porciones quieres. Esta configuraci\u00f3n permanece activa durante tu membres\u00eda, pero puedes cambiarla en cualquier momento.[\/vc_column_text][vc_single_image image=\u00bb2028474&#8243; img_size=\u00bbfull\u00bb alignment=\u00bbcenter\u00bb css=\u00bb\u00bb][vc_column_text css=\u00bb\u00bb]<\/p>\n<h3>Alergias y preferencias diet\u00e9ticas<\/h3>\n<p>Si sufres de alergias o tienes preferencias diet\u00e9ticas espec\u00edficas, a menudo puedes ver en el men\u00fa qu\u00e9 productos est\u00e1n o no en tu comida. Tambi\u00e9n puedes hacer comentarios sobre los art\u00edculos seleccionados antes de realizar tu pedido; por ejemplo: \u201csin leche debido a la alergia\u201d o algo similar.[\/vc_column_text][vc_column_text css=\u00bb\u00bb]<\/p>\n<h2><span class=\"ez-toc-section\" id=\"preguntas-frecuentes-sobre-hellofresh\"><\/span>Preguntas frecuentes sobre HelloFresh<span class=\"ez-toc-section-end\"><\/span><\/h2>\n<h3>\u00bfPuedo mantener temporalmente mi suscripci\u00f3n espa\u00f1ola de HelloFresh en los Pa\u00edses Bajos?<\/h3>\n<p>S\u00ed, es posible. Si vas a estar temporalmente en los Pa\u00edses Bajos, puedes pausar tu suscripci\u00f3n <a href=\"https:\/\/www.hellofresh.es\/\">espa\u00f1ola de HelloFresh<\/a> y recibir temporalmente tus cajas en una direcci\u00f3n neerlandesa. Para ello, inicia sesi\u00f3n en tu cuenta espa\u00f1ola, cambia temporalmente tu direcci\u00f3n de entrega por una direcci\u00f3n en los Pa\u00edses Bajos, y luego selecciona la caja y las recetas que prefieras desde el sitio web local de HelloFresh Pa\u00edses Bajos. Ten en cuenta que los precios, las recetas y las opciones de entrega pueden variar seg\u00fan el pa\u00eds.<\/p>\n<h3>\u00bfSon ecol\u00f3gicos los ingredientes de HelloFresh?<\/h3>\n<p>No todos los ingredientes son ecol\u00f3gicos, pero HelloFresh selecciona cuidadosamente productos frescos y de alta calidad.<\/p>\n<h3>\u00bfC\u00f3mo de flexible es HelloFresh?<\/h3>\n<p>Puedes ajustar, pausar o cancelar tu suscripci\u00f3n f\u00e1cilmente a trav\u00e9s de la aplicaci\u00f3n.<\/p>\n<h3>\u00bfPuedo ajustar las comidas seg\u00fan mis necesidades diet\u00e9ticas o alergias?<\/h3>\n<p>S\u00ed, HelloFresh ofrece opciones personalizadas para diversas necesidades diet\u00e9ticas y alergias.<\/p>\n<h3>\u00bfC\u00f3mo de sostenible es HelloFresh?<\/h3>\n<p>HelloFresh se compromete con la sostenibilidad con proveedores responsables y un embalaje m\u00ednimo.<\/p>\n<h3>\u00bfPuedo regalar HelloFresh?<\/h3>\n<p>S\u00ed, HelloFresh ofrece opciones especiales de regalo.[\/vc_column_text][vc_column_text css=\u00bb\u00bb]<\/p>\n<h3>\u00bfC\u00f3mo se compone tu caja?<\/h3>\n<p>Primero eliges una o varias categor\u00edas, como las que se muestran a continuaci\u00f3n. A continuaci\u00f3n, HelloFresh hace una selecci\u00f3n para ti. En el siguiente paso, siempre puedes sustituir los platos por otras opciones. A menudo ofrecen alrededor de +\/- 30 opciones por semana. As\u00ed que siempre hay algo delicioso para ti.[\/vc_column_text][vc_single_image image=\u00bb2028480&#8243; img_size=\u00bbfull\u00bb alignment=\u00bbcenter\u00bb css=\u00bb\u00bb][vc_column_text css=\u00bb\u00bb]<\/p>\n<h3>\u00bfTengo que a\u00f1adir cosas yo mismo?<\/h3>\n<p>S\u00ed, debes tener ingredientes b\u00e1sicos en casa. Piensa en aceite de oliva, pimienta, sal, pastilla de caldo, etc. He hecho una foto de una receta como ejemplo, de c\u00f3mo se indica esto.[\/vc_column_text][vc_single_image image=\u00bb2028486&#8243; img_size=\u00bbfull\u00bb css=\u00bb\u00bb][\/vc_column][\/vc_row][vc_row][vc_column width=\u00bb2\/3&#8243;][vc_column_text css=\u00bb\u00bb]<\/p>\n<h2 id=\"review\"><span class=\"ez-toc-section\" id=\"nuestra-experiencia-con-pedir-comida-a-traves-de-hellofresh\"><\/span>Nuestra experiencia con pedir comida a trav\u00e9s de HelloFresh<span class=\"ez-toc-section-end\"><\/span><\/h2>\n<p>Para nosotros, probar HelloFresh fue lo m\u00e1s exitoso para aprender nuevas recetas. Al preparar un plato, recuerdas mejor lo que piensas de \u00e9l. He guardado todas las recetas en una carpeta. Adem\u00e1s, para m\u00ed la mayor comodidad fue que tienes que hacer menos compras. Con el consiguiente ahorro de tiempo para idear recetas t\u00fa mismo y poner los ingredientes en tu lista de la compra. La desventaja de las cajas es que eres menos flexible con tu planificaci\u00f3n, porque quieres evitar tener que tirar comida. Adem\u00e1s, nos parece un poco caro ponerlo en la mesa cada semana\/mes.<\/p>\n<p>Las recetas son f\u00e1ciles de seguir y todo viene medido en las bolsas de papel. Vea el ejemplo de al lado de mi bacalao con tagliatelli fresco. \u00a1Para nosotros, HelloFresh es un verdadero acierto de vez en cuando! Es \u00fatil estar atento a sus promociones de descuento, porque sigue siendo m\u00e1s caro que hacer la compra t\u00fa mismo.[\/vc_column_text][\/vc_column][vc_column width=\u00bb1\/3&#8243;][vc_single_image image=\u00bb2028571&#8243; img_size=\u00bbfull\u00bb alignment=\u00bbcenter\u00bb css=\u00bb\u00bb][\/vc_column][\/vc_row]<\/p>\n<\/div>","protected":false},"excerpt":{"rendered":"<p>[vc_row][vc_column width=\u00bb2\/3&#8243;][vc_column_text css=\u00bb\u00bb]HelloFresh es un conocido servicio de cajas de comida que entrega ingredientes frescos y recetas en tu domicilio. Las comidas son f\u00e1ciles de\u2026<\/p>\n","protected":false},"author":33,"featured_media":2028205,"parent":2028595,"menu_order":0,"comment_status":"closed","ping_status":"closed","template":"","meta":{"footnotes":""},"class_list":["post-2028577","page","type-page","status-publish","has-post-thumbnail","hentry"],"yoast_head":"<!-- This site is optimized with the Yoast SEO plugin v27.3 - https:\/\/yoast.com\/product\/yoast-seo-wordpress\/ -->\n<title>Probar HelloFresh \u00bfc\u00f3mo funciona? - ThingstodoinAmsterdam.com<\/title>\n<meta name=\"robots\" content=\"index, follow, max-snippet:-1, max-image-preview:large, max-video-preview:-1\" \/>\n<link rel=\"canonical\" href=\"https:\/\/thingstodoinamsterdam.com\/es\/informacion-practica\/mejores-servicios-entrega-comida\/hellofresh\/\" \/>\n<meta property=\"og:locale\" content=\"es_ES\" \/>\n<meta property=\"og:type\" content=\"article\" \/>\n<meta property=\"og:title\" content=\"Probar HelloFresh \u00bfc\u00f3mo funciona? - ThingstodoinAmsterdam.com\" \/>\n<meta property=\"og:description\" content=\"[vc_row][vc_column width=\u00bb2\/3&#8243;][vc_column_text css=\u00bb\u00bb]HelloFresh es un conocido servicio de cajas de comida que entrega ingredientes frescos y recetas en tu domicilio. Las comidas son f\u00e1ciles de\u2026\" \/>\n<meta property=\"og:url\" content=\"https:\/\/thingstodoinamsterdam.com\/es\/informacion-practica\/mejores-servicios-entrega-comida\/hellofresh\/\" \/>\n<meta property=\"og:site_name\" content=\"ThingstodoinAmsterdam.com\" \/>\n<meta property=\"article:publisher\" content=\"https:\/\/www.facebook.com\/thingstodoinamsterdamcom\" \/>\n<meta property=\"article:modified_time\" content=\"2025-08-05T13:25:41+00:00\" \/>\n<meta property=\"og:image\" content=\"https:\/\/thingstodoinamsterdam.com\/wp-content\/uploads\/2025\/07\/HelloFresh-logo.jpg\" \/>\n\t<meta property=\"og:image:width\" content=\"500\" \/>\n\t<meta property=\"og:image:height\" content=\"500\" \/>\n\t<meta property=\"og:image:type\" content=\"image\/jpeg\" \/>\n<meta name=\"twitter:card\" content=\"summary_large_image\" \/>\n<meta name=\"twitter:label1\" content=\"Tiempo de lectura\" \/>\n\t<meta name=\"twitter:data1\" content=\"5 minutos\" \/>\n<script type=\"application\/ld+json\" class=\"yoast-schema-graph\">{\"@context\":\"https:\\\/\\\/schema.org\",\"@graph\":[{\"@type\":\"WebPage\",\"@id\":\"https:\\\/\\\/thingstodoinamsterdam.com\\\/es\\\/informacion-practica\\\/mejores-servicios-entrega-comida\\\/hellofresh\\\/\",\"url\":\"https:\\\/\\\/thingstodoinamsterdam.com\\\/es\\\/informacion-practica\\\/mejores-servicios-entrega-comida\\\/hellofresh\\\/\",\"name\":\"Probar HelloFresh \u00bfc\u00f3mo funciona? - ThingstodoinAmsterdam.com\",\"isPartOf\":{\"@id\":\"https:\\\/\\\/thingstodoinamsterdam.com\\\/es\\\/#website\"},\"primaryImageOfPage\":{\"@id\":\"https:\\\/\\\/thingstodoinamsterdam.com\\\/es\\\/informacion-practica\\\/mejores-servicios-entrega-comida\\\/hellofresh\\\/#primaryimage\"},\"image\":{\"@id\":\"https:\\\/\\\/thingstodoinamsterdam.com\\\/es\\\/informacion-practica\\\/mejores-servicios-entrega-comida\\\/hellofresh\\\/#primaryimage\"},\"thumbnailUrl\":\"https:\\\/\\\/thingstodoinamsterdam.com\\\/wp-content\\\/uploads\\\/2025\\\/07\\\/HelloFresh-logo.jpg\",\"datePublished\":\"2025-08-05T07:19:16+00:00\",\"dateModified\":\"2025-08-05T13:25:41+00:00\",\"breadcrumb\":{\"@id\":\"https:\\\/\\\/thingstodoinamsterdam.com\\\/es\\\/informacion-practica\\\/mejores-servicios-entrega-comida\\\/hellofresh\\\/#breadcrumb\"},\"inLanguage\":\"es\",\"potentialAction\":[{\"@type\":\"ReadAction\",\"target\":[\"https:\\\/\\\/thingstodoinamsterdam.com\\\/es\\\/informacion-practica\\\/mejores-servicios-entrega-comida\\\/hellofresh\\\/\"]}]},{\"@type\":\"ImageObject\",\"inLanguage\":\"es\",\"@id\":\"https:\\\/\\\/thingstodoinamsterdam.com\\\/es\\\/informacion-practica\\\/mejores-servicios-entrega-comida\\\/hellofresh\\\/#primaryimage\",\"url\":\"https:\\\/\\\/thingstodoinamsterdam.com\\\/wp-content\\\/uploads\\\/2025\\\/07\\\/HelloFresh-logo.jpg\",\"contentUrl\":\"https:\\\/\\\/thingstodoinamsterdam.com\\\/wp-content\\\/uploads\\\/2025\\\/07\\\/HelloFresh-logo.jpg\",\"width\":500,\"height\":500,\"caption\":\"HelloFresh logo\"},{\"@type\":\"BreadcrumbList\",\"@id\":\"https:\\\/\\\/thingstodoinamsterdam.com\\\/es\\\/informacion-practica\\\/mejores-servicios-entrega-comida\\\/hellofresh\\\/#breadcrumb\",\"itemListElement\":[{\"@type\":\"ListItem\",\"position\":1,\"name\":\"Qu\u00e9 hacer en \u00c1msterdam\",\"item\":\"https:\\\/\\\/thingstodoinamsterdam.com\\\/es\\\/\"},{\"@type\":\"ListItem\",\"position\":2,\"name\":\"Informaci\u00f3n pr\u00e1ctica\",\"item\":\"https:\\\/\\\/thingstodoinamsterdam.com\\\/es\\\/informacion-practica\\\/\"},{\"@type\":\"ListItem\",\"position\":3,\"name\":\"Los mejores servicios y aplicaciones de entrega de comida a domicilio en \u00c1msterdam\",\"item\":\"https:\\\/\\\/thingstodoinamsterdam.com\\\/es\\\/informacion-practica\\\/mejores-servicios-entrega-comida\\\/\"},{\"@type\":\"ListItem\",\"position\":4,\"name\":\"Probar HelloFresh \u00bfc\u00f3mo funciona?\"}]},{\"@type\":\"WebSite\",\"@id\":\"https:\\\/\\\/thingstodoinamsterdam.com\\\/es\\\/#website\",\"url\":\"https:\\\/\\\/thingstodoinamsterdam.com\\\/es\\\/\",\"name\":\"ThingstodoinAmsterdam.com\",\"description\":\"Amsterdam&#039;s highlights and hidden secrets\",\"publisher\":{\"@id\":\"https:\\\/\\\/thingstodoinamsterdam.com\\\/es\\\/#organization\"},\"potentialAction\":[{\"@type\":\"SearchAction\",\"target\":{\"@type\":\"EntryPoint\",\"urlTemplate\":\"https:\\\/\\\/thingstodoinamsterdam.com\\\/es\\\/?s={search_term_string}\"},\"query-input\":{\"@type\":\"PropertyValueSpecification\",\"valueRequired\":true,\"valueName\":\"search_term_string\"}}],\"inLanguage\":\"es\"},{\"@type\":\"Organization\",\"@id\":\"https:\\\/\\\/thingstodoinamsterdam.com\\\/es\\\/#organization\",\"name\":\"Qu\u00e9 hacer en \u00c1msterdam\",\"url\":\"https:\\\/\\\/thingstodoinamsterdam.com\\\/es\\\/\",\"logo\":{\"@type\":\"ImageObject\",\"inLanguage\":\"es\",\"@id\":\"https:\\\/\\\/thingstodoinamsterdam.com\\\/es\\\/#\\\/schema\\\/logo\\\/image\\\/\",\"url\":\"https:\\\/\\\/thingstodoinamsterdam.com\\\/wp-content\\\/uploads\\\/2025\\\/02\\\/ThingsToDoInAmsterdam-Favicon-logo.png\",\"contentUrl\":\"https:\\\/\\\/thingstodoinamsterdam.com\\\/wp-content\\\/uploads\\\/2025\\\/02\\\/ThingsToDoInAmsterdam-Favicon-logo.png\",\"width\":512,\"height\":512,\"caption\":\"Qu\u00e9 hacer en \u00c1msterdam\"},\"image\":{\"@id\":\"https:\\\/\\\/thingstodoinamsterdam.com\\\/es\\\/#\\\/schema\\\/logo\\\/image\\\/\"},\"sameAs\":[\"https:\\\/\\\/www.facebook.com\\\/thingstodoinamsterdamcom\"]}]}<\/script>\n<!-- \/ Yoast SEO plugin. -->","yoast_head_json":{"title":"Probar HelloFresh \u00bfc\u00f3mo funciona? - ThingstodoinAmsterdam.com","robots":{"index":"index","follow":"follow","max-snippet":"max-snippet:-1","max-image-preview":"max-image-preview:large","max-video-preview":"max-video-preview:-1"},"canonical":"https:\/\/thingstodoinamsterdam.com\/es\/informacion-practica\/mejores-servicios-entrega-comida\/hellofresh\/","og_locale":"es_ES","og_type":"article","og_title":"Probar HelloFresh \u00bfc\u00f3mo funciona? - ThingstodoinAmsterdam.com","og_description":"[vc_row][vc_column width=\u00bb2\/3&#8243;][vc_column_text css=\u00bb\u00bb]HelloFresh es un conocido servicio de cajas de comida que entrega ingredientes frescos y recetas en tu domicilio. Las comidas son f\u00e1ciles de\u2026","og_url":"https:\/\/thingstodoinamsterdam.com\/es\/informacion-practica\/mejores-servicios-entrega-comida\/hellofresh\/","og_site_name":"ThingstodoinAmsterdam.com","article_publisher":"https:\/\/www.facebook.com\/thingstodoinamsterdamcom","article_modified_time":"2025-08-05T13:25:41+00:00","og_image":[{"width":500,"height":500,"url":"https:\/\/thingstodoinamsterdam.com\/wp-content\/uploads\/2025\/07\/HelloFresh-logo.jpg","type":"image\/jpeg"}],"twitter_card":"summary_large_image","twitter_misc":{"Tiempo de lectura":"5 minutos"},"schema":{"@context":"https:\/\/schema.org","@graph":[{"@type":"WebPage","@id":"https:\/\/thingstodoinamsterdam.com\/es\/informacion-practica\/mejores-servicios-entrega-comida\/hellofresh\/","url":"https:\/\/thingstodoinamsterdam.com\/es\/informacion-practica\/mejores-servicios-entrega-comida\/hellofresh\/","name":"Probar HelloFresh \u00bfc\u00f3mo funciona? - ThingstodoinAmsterdam.com","isPartOf":{"@id":"https:\/\/thingstodoinamsterdam.com\/es\/#website"},"primaryImageOfPage":{"@id":"https:\/\/thingstodoinamsterdam.com\/es\/informacion-practica\/mejores-servicios-entrega-comida\/hellofresh\/#primaryimage"},"image":{"@id":"https:\/\/thingstodoinamsterdam.com\/es\/informacion-practica\/mejores-servicios-entrega-comida\/hellofresh\/#primaryimage"},"thumbnailUrl":"https:\/\/thingstodoinamsterdam.com\/wp-content\/uploads\/2025\/07\/HelloFresh-logo.jpg","datePublished":"2025-08-05T07:19:16+00:00","dateModified":"2025-08-05T13:25:41+00:00","breadcrumb":{"@id":"https:\/\/thingstodoinamsterdam.com\/es\/informacion-practica\/mejores-servicios-entrega-comida\/hellofresh\/#breadcrumb"},"inLanguage":"es","potentialAction":[{"@type":"ReadAction","target":["https:\/\/thingstodoinamsterdam.com\/es\/informacion-practica\/mejores-servicios-entrega-comida\/hellofresh\/"]}]},{"@type":"ImageObject","inLanguage":"es","@id":"https:\/\/thingstodoinamsterdam.com\/es\/informacion-practica\/mejores-servicios-entrega-comida\/hellofresh\/#primaryimage","url":"https:\/\/thingstodoinamsterdam.com\/wp-content\/uploads\/2025\/07\/HelloFresh-logo.jpg","contentUrl":"https:\/\/thingstodoinamsterdam.com\/wp-content\/uploads\/2025\/07\/HelloFresh-logo.jpg","width":500,"height":500,"caption":"HelloFresh logo"},{"@type":"BreadcrumbList","@id":"https:\/\/thingstodoinamsterdam.com\/es\/informacion-practica\/mejores-servicios-entrega-comida\/hellofresh\/#breadcrumb","itemListElement":[{"@type":"ListItem","position":1,"name":"Qu\u00e9 hacer en \u00c1msterdam","item":"https:\/\/thingstodoinamsterdam.com\/es\/"},{"@type":"ListItem","position":2,"name":"Informaci\u00f3n pr\u00e1ctica","item":"https:\/\/thingstodoinamsterdam.com\/es\/informacion-practica\/"},{"@type":"ListItem","position":3,"name":"Los mejores servicios y aplicaciones de entrega de comida a domicilio en \u00c1msterdam","item":"https:\/\/thingstodoinamsterdam.com\/es\/informacion-practica\/mejores-servicios-entrega-comida\/"},{"@type":"ListItem","position":4,"name":"Probar HelloFresh \u00bfc\u00f3mo funciona?"}]},{"@type":"WebSite","@id":"https:\/\/thingstodoinamsterdam.com\/es\/#website","url":"https:\/\/thingstodoinamsterdam.com\/es\/","name":"ThingstodoinAmsterdam.com","description":"Amsterdam&#039;s highlights and hidden secrets","publisher":{"@id":"https:\/\/thingstodoinamsterdam.com\/es\/#organization"},"potentialAction":[{"@type":"SearchAction","target":{"@type":"EntryPoint","urlTemplate":"https:\/\/thingstodoinamsterdam.com\/es\/?s={search_term_string}"},"query-input":{"@type":"PropertyValueSpecification","valueRequired":true,"valueName":"search_term_string"}}],"inLanguage":"es"},{"@type":"Organization","@id":"https:\/\/thingstodoinamsterdam.com\/es\/#organization","name":"Qu\u00e9 hacer en \u00c1msterdam","url":"https:\/\/thingstodoinamsterdam.com\/es\/","logo":{"@type":"ImageObject","inLanguage":"es","@id":"https:\/\/thingstodoinamsterdam.com\/es\/#\/schema\/logo\/image\/","url":"https:\/\/thingstodoinamsterdam.com\/wp-content\/uploads\/2025\/02\/ThingsToDoInAmsterdam-Favicon-logo.png","contentUrl":"https:\/\/thingstodoinamsterdam.com\/wp-content\/uploads\/2025\/02\/ThingsToDoInAmsterdam-Favicon-logo.png","width":512,"height":512,"caption":"Qu\u00e9 hacer en \u00c1msterdam"},"image":{"@id":"https:\/\/thingstodoinamsterdam.com\/es\/#\/schema\/logo\/image\/"},"sameAs":["https:\/\/www.facebook.com\/thingstodoinamsterdamcom"]}]}},"_links":{"self":[{"href":"https:\/\/thingstodoinamsterdam.com\/es\/wp-json\/wp\/v2\/pages\/2028577","targetHints":{"allow":["GET"]}}],"collection":[{"href":"https:\/\/thingstodoinamsterdam.com\/es\/wp-json\/wp\/v2\/pages"}],"about":[{"href":"https:\/\/thingstodoinamsterdam.com\/es\/wp-json\/wp\/v2\/types\/page"}],"author":[{"embeddable":true,"href":"https:\/\/thingstodoinamsterdam.com\/es\/wp-json\/wp\/v2\/users\/33"}],"replies":[{"embeddable":true,"href":"https:\/\/thingstodoinamsterdam.com\/es\/wp-json\/wp\/v2\/comments?post=2028577"}],"version-history":[{"count":5,"href":"https:\/\/thingstodoinamsterdam.com\/es\/wp-json\/wp\/v2\/pages\/2028577\/revisions"}],"predecessor-version":[{"id":2028610,"href":"https:\/\/thingstodoinamsterdam.com\/es\/wp-json\/wp\/v2\/pages\/2028577\/revisions\/2028610"}],"up":[{"embeddable":true,"href":"https:\/\/thingstodoinamsterdam.com\/es\/wp-json\/wp\/v2\/pages\/2028595"}],"wp:featuredmedia":[{"embeddable":true,"href":"https:\/\/thingstodoinamsterdam.com\/es\/wp-json\/wp\/v2\/media\/2028205"}],"wp:attachment":[{"href":"https:\/\/thingstodoinamsterdam.com\/es\/wp-json\/wp\/v2\/media?parent=2028577"}],"curies":[{"name":"wp","href":"https:\/\/api.w.org\/{rel}","templated":true}]}}