{"id":2531697,"date":"2026-02-10T17:56:45","date_gmt":"2026-02-10T16:56:45","guid":{"rendered":"https:\/\/thingstodoinamsterdam.com\/museos-amsterdam\/micropia\/"},"modified":"2026-02-10T18:17:24","modified_gmt":"2026-02-10T17:17:24","slug":"micropia","status":"publish","type":"page","link":"https:\/\/thingstodoinamsterdam.com\/es\/museos-amsterdam\/micropia\/","title":{"rendered":"Micropia"},"content":{"rendered":"<div class=\"wpb-content-wrapper\"><p>[vc_row][vc_column][buttonsticky title=\u00bbCompra entradas sin colas para Micropia a trav\u00e9s de Tours-tickets.com\u00bb link=\u00bbhttps:\/\/thingstodoinamsterdam.com\/ticketlink-micropia-tours-std\u00bb target=\u00bbtrue\u00bb nofollow=\u00bbtrue\u00bb el_id=\u00bb1743170173798-2725c12a-4f7a\u00bb][\/vc_column][\/vc_row][vc_row][vc_column][vc_column_text]<span style=\"font-weight: 400;\">Micropia es un museo galardonado situado cerca de \u00c1msterdam Este (Oost) como parte del <a href=\"https:\/\/thingstodoinamsterdam.com\/es\/zoologico-artis-amsterdam\/\">Artis-Amsterdam Royal Zoo<\/a>. Inaugurado en 2014, Micropia es el \u00fanico museo de microbios de este tipo. La galer\u00eda se inaugur\u00f3 con la intenci\u00f3n de demostrar que los miles de millones de organismos vivos que se pueden encontrar en todas partes y en todo, conocidos como microbios, no son todos malos ni dan miedo, sino que tambi\u00e9n se producen para ayudar al funcionamiento de la vida diaria, incluso para la salud humana. <\/span><\/p>\n<p><span style=\"font-weight: 400;\">Los visitantes del museo pueden ver plantas, animales y otros objetos cotidianos, todo a trav\u00e9s de im\u00e1genes proyectadas bajo la lente de un microscopio. El microscopio moderno es en s\u00ed mismo un invento principalmente holand\u00e9s, con Antonie van Leeuwenhoek mejorando el dise\u00f1o y el aumento, adem\u00e1s de allanar el camino para lo que hoy conocemos como microbiolog\u00eda. <\/span><\/p>\n<p><span style=\"font-weight: 400;\">A medida que recorras los terrenos del museo, podr\u00e1s aprender cosas nuevas sobre ciencia que tender\u00e1n un puente entre tu comprensi\u00f3n de la ciencia y la vida cotidiana. En el laboratorio, los t\u00e9cnicos de laboratorio pueden ense\u00f1ar a visitantes de todas las edades sobre microbios, ciencia y biolog\u00eda, as\u00ed como sobre antibi\u00f3ticos. <\/span><\/p>\n<p><span style=\"font-weight: 400;\">Despu\u00e9s de tu visita, tambi\u00e9n puedes explorar el Artisplein, <a href=\"https:\/\/thingstodoinamsterdam.com\/es\/parques-en-amsterdam\/\">uno de los muchos parques<\/a> que \u00c1msterdam tiene para ofrecer, sin necesidad de entrada.<\/span>[\/vc_column_text][button title=\u00bbCompra entradas sin colas para Micropia a trav\u00e9s de Tours-Tickets.com\u00bb link=\u00bbhttps:\/\/thingstodoinamsterdam.com\/ticketlink-micropia-tours-std\u00bb icon=\u00bb\u00bb button_align=\u00bbcenter\u00bb target=\u00bbtrue\u00bb nofollow=\u00bbtrue\u00bb el_id=\u00bb1565086818620-a8075830-1296&#8243;][vc_video link=\u00bbhttps:\/\/youtu.be\/mc8rZQRQycE?t=8&#8243; align=\u00bbcenter\u00bb css=\u00bb.vc_custom_1543494689691{margin-right: 25px !important;margin-left: 25px !important;}\u00bb title=\u00bbV\u00eddeo de introducci\u00f3n de Micropia &#8211; Euronews\u00bb][vc_column_text]<\/p>\n<h3>Horario de apertura<\/h3>\n<p>\u00a1Micropia est\u00e1 abierto todos los d\u00edas del a\u00f1o!<\/p>\n<table style=\"width: 100%;\">\n<tbody>\n<tr>\n<td>De lunes a mi\u00e9rcoles y domingo<\/td>\n<td>de 9:00 a 18:00<\/td>\n<\/tr>\n<tr>\n<td>De jueves a s\u00e1bado<\/td>\n<td>de 9:00 a 20:00<\/td>\n<\/tr>\n<\/tbody>\n<\/table>\n<p>[\/vc_column_text][vc_column_text css=\u00bb\u00bb]<\/p>\n<h2>Precios de las entradas y descuentos<\/h2>\n<p>Las entradas est\u00e1n disponibles en la entrada de Micropia, as\u00ed como en su sitio web o a trav\u00e9s de socios de venta de entradas.<\/p>\n<h3>Precios de entrada regulares<\/h3>\n<table style=\"width: 100%;\">\n<tbody>\n<tr>\n<td><b>Categor\u00edas de entradas<\/b><\/td>\n<td><strong>Micropia<\/strong><\/td>\n<td><strong>Artis Royal Zoo &amp; Micropia<br \/>\n<\/strong><\/td>\n<\/tr>\n<tr>\n<td>Adultos (mayores de 10 a\u00f1os)<\/td>\n<td>17,5 \u20ac<\/td>\n<td>35 \u20ac<\/td>\n<\/tr>\n<tr>\n<td>La edad recomendada para visitar Micropia es de 8 a\u00f1os o m\u00e1s<\/td>\n<td><\/td>\n<td><\/td>\n<\/tr>\n<\/tbody>\n<\/table>\n<p>[\/vc_column_text][button title=\u00bbCompra entradas sin colas para Micropia a trav\u00e9s de Tours-Tickets.com\u00bb link=\u00bbhttps:\/\/thingstodoinamsterdam.com\/ticketlink-micropia-tours-std\u00bb icon=\u00bb\u00bb button_align=\u00bbcenter\u00bb target=\u00bbtrue\u00bb nofollow=\u00bbtrue\u00bb el_id=\u00bb1565087001959-1eb87a56-c274&#8243;][vc_column_text]<script type=\"application\/ld+json\">{\n  \"@context\": \"http:\/\/schema.org\/\", \n  \"@type\": \"Product\", \n  \"name\": \"Micropia entrance ticket\",\n  \"image\": \"https:\/\/thingstodoinamsterdam.com\/wp-content\/uploads\/2019\/08\/micropia.jpg\",\n  \"description\": \"Micropia museum of microbes entrance tickets\",\n  \"offers\": {\n    \"@type\": \"Offer\",\n    \"priceCurrency\": \"EUR\",\n    \"price\": \"16\",\n    \"priceValidUntil\": \"2022-12-01\",\n    \"availability\": \"http:\/\/schema.org\/LimitedAvailability\",\n    \"itemCondition\": \"http:\/\/schema.org\/NewCondition\"\n  }\n}\n<\/script>[\/vc_column_text][vc_column_text]<\/p>\n<h3>Entrada combinada para ARTIS Zoo &amp; Micropia<\/h3>\n<p>Micropia es un museo independiente dedicado a los animales (diminutos), por lo que se encuentra en el ARTIS Zoo. Si eliges obtener una entrada combinada para ARTIS y Micropia, recibir\u00e1s un descuento del 20%. Mucha gente elige la entrada combinada, ya que los visitantes pueden disfrutar de ambas actividades f\u00e1cilmente en medio d\u00eda. Haz clic en el bot\u00f3n de abajo para conseguir las entradas a trav\u00e9s de Tours &amp; Tickets.[\/vc_column_text][button title=\u00bbCompra entradas combinadas para Artis y Micropia a trav\u00e9s de Tours-Tickets.com\u00bb link=\u00bbhttps:\/\/thingstodoinamsterdam.com\/ticketlink-artis-tours-combi-micropia\u00bb icon=\u00bb\u00bb button_align=\u00bbcenter\u00bb target=\u00bbtrue\u00bb nofollow=\u00bbtrue\u00bb el_id=\u00bb1565087055906-d04ac109-d243&#8243;][vc_column_text]Direcci\u00f3n e informaci\u00f3n de contacto<a href=\"https:\/\/thingstodoinamsterdam.com\/wp-content\/uploads\/2019\/08\/micropes-at-micropia.jpg\"><img decoding=\"async\" class=\"alignright wp-image-6339 size-medium\" src=\"https:\/\/thingstodoinamsterdam.com\/wp-content\/uploads\/2019\/08\/micropes-at-micropia-300x169-1.jpg\" alt=\"microbios en micropia\" width=\"300\" height=\"169\" \/><\/a><\/p>\n<p><strong>Direcci\u00f3n<br \/>\n<\/strong>Artisplein<br \/>\nPlantage Kerklaan 38-40<br \/>\n\u00c1msterdam<br \/>\nTel.: +31 20 52 33 671<\/p>\n<div class=\"mceTemp\"><\/div>\n<p>[\/vc_column_text][g_map heading=\u00bbMicropia on the city map\u00bb el_id=\u00bb1565087154444-5750a414-59fa\u00bb]<iframe style=\"border: 0;\" src=\"https:\/\/www.google.com\/maps\/embed?pb=!1m18!1m12!1m3!1d2436.193670874274!2d4.910381951239059!3d52.36690817968628!2m3!1f0!2f0!3f0!3m2!1i1024!2i768!4f13.1!3m3!1m2!1s0x47c609a26c702645%3A0x85e9e582ae50dc6c!2sMicropia!5e0!3m2!1sen!2sus!4v1543461814115\" width=\"600\" height=\"450\" frameborder=\"0\" allowfullscreen=\"allowfullscreen\"><\/iframe>[\/g_map][vc_column_text]<\/p>\n<h3>Preguntas frecuentes sobre Micropia<\/h3>\n<ol>\n<li style=\"list-style-type: none;\">\n<ol>\n<li><strong>\u00bfEs el museo accesible para sillas de ruedas?<\/strong><br \/>\nS\u00ed. Hay ascensores y aseos adaptados para sillas de ruedas.<\/li>\n<li><strong>\u00bfHay restaurantes cerca?<br \/>\n<\/strong>S\u00ed, el restaurante ARTIS-caf\u00e9 de Plantage est\u00e1 situado justo al lado del museo.<\/li>\n<li><strong>\u00bfPuedo usar mi <a href=\"https:\/\/thingstodoinamsterdam.com\/es\/i-amsterdam-city-card\/\">tarjeta I amsterdam<\/a> para entrar gratis?<\/strong><br \/>\n\u00a1S\u00ed! Micropia permite la entrada gratuita con el uso de tu tarjeta.<\/li>\n<\/ol>\n<\/li>\n<\/ol>\n<p>[\/vc_column_text][vc_column_text css=\u00bb\u00bb]<\/p>\n<h3>M\u00e1s cosas que hacer<\/h3>\n<ul>\n<li><a href=\"https:\/\/thingstodoinamsterdam.com\/es\/museos-amsterdam\/amsterdam-dungeon\/\">Amsterdam Dungeon &#8211; Mazmorra de Amsterdam<\/a><\/li>\n<li><a href=\"https:\/\/thingstodoinamsterdam.com\/es\/museos-amsterdam\/body-worlds-amsterdam\/\">MUNDOS DEL CUERPO Amsterdam<\/a><\/li>\n<li><a href=\"https:\/\/thingstodoinamsterdam.com\/es\/crucero-canales-amsterdam\/\">Cruceros por los canales de \u00c1msterdam<\/a><\/li>\n<li><a href=\"https:\/\/thingstodoinamsterdam.com\/es\/museos-amsterdam\/heineken-experience\/\">Experiencia Heineken<\/a><\/li>\n<li><a href=\"https:\/\/thingstodoinamsterdam.com\/es\/bar-hielo-amsterdam\/\">Ice Bar Amsterdam<\/a><\/li>\n<li>M<a href=\"https:\/\/thingstodoinamsterdam.com\/es\/museos-amsterdam\/museo-moco-amsterdam\/\">useo Moco<\/a><\/li>\n<li><a href=\"https:\/\/thingstodoinamsterdam.com\/es\/museos-amsterdam\/museo-ciencia-nemo\/\">Museo de la Ciencia NEMO<\/a><\/li>\n<li><a href=\"https:\/\/thingstodoinamsterdam.com\/es\/madurodam-paises-bajos-en-miniatura\/\">Madurodam<\/a><\/li>\n<li><a href=\"https:\/\/thingstodoinamsterdam.com\/es\/museos-amsterdam\/rijksmuseum-amsterdam\/\">Rijksmuseum<\/a><\/li>\n<li><a href=\"https:\/\/thingstodoinamsterdam.com\/es\/museos-amsterdam\/museo-van-gogh\/\">Museo Van Gogh<\/a><\/li>\n<\/ul>\n<p>[\/vc_column_text][vc_row_inner][vc_column_inner][reviews heading=\u00bbMicropia Reviews\u00bb description=\u00bbWe are always interested to find out about our visitors&#8217; experiences. Please leave your Micropia review below and help fellow travelers! What did you think of the museum? Would you recommend it to friends? Did you have to wait long at the entrance? Include all you want in your review. Please be patient as we check all reviews by hand &#8212; it will be posted soon!\u00bb item_name=\u00bbMicropia\u00bb item_image=\u00bb1575&#8243; item_tel=\u00bb+31 20 523 3670&#8243; item_web=\u00bbhttps:\/\/www.micropia.nl\/en\/\u00bb item_address=\u00bbPlantage Kerklaan 38-40&#8243; item_city=\u00bbAmsterdam\u00bb item_postal_code=\u00bb1018 CZ\u00bb item_country=\u00bbNL\u00bb el_id=\u00bb1565087228076-c673ae21-b207&#8243;][\/reviews][vc_column_text]<strong>Echa un vistazo a uno de los siguientes museos o vuelve a la p\u00e1gina general de <a href=\"https:\/\/thingstodoinamsterdam.com\/es\/museos-amsterdam\/\">museos de \u00c1msterdam<\/a>.<\/strong>[\/vc_column_text][\/vc_column_inner][\/vc_row_inner][\/vc_column][\/vc_row][vc_row][vc_column][promo_block style_var=\u00bbstyle2&#8243; el_id=\u00bb1565087298437-653801d9-5d12&#8243;][promo link=\u00bburl:https%3A%2F%2Fthingstodoinamsterdam.com%2Fes%2Fatracciones-amsterdam%2Ftaller-de-stroopwafels%2F|title:Taller%20de%20Stroopwafels\u00bb text=\u00bbAprende a hacer la galleta m\u00e1s famosa de los Pa\u00edses Bajos durante un taller de stroopwafel\u00bb img=\u00bb2530115&#8243;][promo link=\u00bburl:https%3A%2F%2Fthingstodoinamsterdam.com%2Fes%2Fcrucero-canales-amsterdam%2F|title:Public%20transport\u00bb text=\u00bbDescubre los mejores paseos en barco y admira \u00c1msterdam desde el agua\u00bb img=\u00bb2530260&#8243;][promo link=\u00bburl:https%3A%2F%2Fthingstodoinamsterdam.com%2Fes%2Fmuseos-amsterdam%2F|title:Museos%20en%20%C3%81msterdam\u00bb text=\u00bbDescubre los museos m\u00e1s famosos del mundo, pero tambi\u00e9n los menos conocidos\u00bb img=\u00bb1089&#8243;][\/promo_block][\/vc_column][\/vc_row]<\/p>\n<\/div>","protected":false},"excerpt":{"rendered":"<p>[vc_row][vc_column][buttonsticky title=\u00bbCompra entradas sin colas para Micropia a trav\u00e9s de Tours-tickets.com\u00bb link=\u00bbhttps:\/\/thingstodoinamsterdam.com\/ticketlink-micropia-tours-std\u00bb target=\u00bbtrue\u00bb nofollow=\u00bbtrue\u00bb el_id=\u00bb1743170173798-2725c12a-4f7a\u00bb][\/vc_column][\/vc_row][vc_row][vc_column][vc_column_text]Micropia es un museo galardonado situado cerca de \u00c1msterdam Este (Oost)\u2026<\/p>\n","protected":false},"author":4,"featured_media":12918,"parent":11960,"menu_order":0,"comment_status":"closed","ping_status":"closed","template":"","meta":{"footnotes":""},"class_list":["post-2531697","page","type-page","status-publish","has-post-thumbnail","hentry"],"yoast_head":"<!-- This site is optimized with the Yoast SEO plugin v27.4 - https:\/\/yoast.com\/product\/yoast-seo-wordpress\/ -->\n<title>Micropia: el museo de los microbios. \u00a1Consigue tus entradas online aqu\u00ed!<\/title>\n<meta name=\"description\" content=\"Micropia es un museo galardonado y el \u00fanico museo de microbios de este tipo. Aprende sobre microbiolog\u00eda y tiende un puente entre la ciencia y el arte.\" \/>\n<meta name=\"robots\" content=\"index, follow, max-snippet:-1, max-image-preview:large, max-video-preview:-1\" \/>\n<link rel=\"canonical\" href=\"https:\/\/thingstodoinamsterdam.com\/es\/museos-amsterdam\/micropia\/\" \/>\n<meta property=\"og:locale\" content=\"es_ES\" \/>\n<meta property=\"og:type\" content=\"article\" \/>\n<meta property=\"og:title\" content=\"Micropia: el museo de los microbios. \u00a1Consigue tus entradas online aqu\u00ed!\" \/>\n<meta property=\"og:description\" content=\"Micropia es un museo galardonado y el \u00fanico museo de microbios de este tipo. Aprende sobre microbiolog\u00eda y tiende un puente entre la ciencia y el arte.\" \/>\n<meta property=\"og:url\" content=\"https:\/\/thingstodoinamsterdam.com\/es\/museos-amsterdam\/micropia\/\" \/>\n<meta property=\"og:site_name\" content=\"ThingstodoinAmsterdam.com\" \/>\n<meta property=\"article:publisher\" content=\"https:\/\/www.facebook.com\/thingstodoinamsterdamcom\" \/>\n<meta property=\"article:modified_time\" content=\"2026-02-10T17:17:24+00:00\" \/>\n<meta property=\"og:image\" content=\"https:\/\/thingstodoinamsterdam.com\/wp-content\/uploads\/2019\/08\/micropia.jpg\" \/>\n\t<meta property=\"og:image:width\" content=\"1536\" \/>\n\t<meta property=\"og:image:height\" content=\"2048\" \/>\n\t<meta property=\"og:image:type\" content=\"image\/jpeg\" \/>\n<meta name=\"twitter:card\" content=\"summary_large_image\" \/>\n<meta name=\"twitter:label1\" content=\"Tiempo de lectura\" \/>\n\t<meta name=\"twitter:data1\" content=\"5 minutos\" \/>\n<script type=\"application\/ld+json\" class=\"yoast-schema-graph\">{\"@context\":\"https:\\\/\\\/schema.org\",\"@graph\":[{\"@type\":\"WebPage\",\"@id\":\"https:\\\/\\\/thingstodoinamsterdam.com\\\/es\\\/museos-amsterdam\\\/micropia\\\/\",\"url\":\"https:\\\/\\\/thingstodoinamsterdam.com\\\/es\\\/museos-amsterdam\\\/micropia\\\/\",\"name\":\"Micropia: el museo de los microbios. \u00a1Consigue tus entradas online aqu\u00ed!\",\"isPartOf\":{\"@id\":\"https:\\\/\\\/thingstodoinamsterdam.com\\\/es\\\/#website\"},\"primaryImageOfPage\":{\"@id\":\"https:\\\/\\\/thingstodoinamsterdam.com\\\/es\\\/museos-amsterdam\\\/micropia\\\/#primaryimage\"},\"image\":{\"@id\":\"https:\\\/\\\/thingstodoinamsterdam.com\\\/es\\\/museos-amsterdam\\\/micropia\\\/#primaryimage\"},\"thumbnailUrl\":\"https:\\\/\\\/thingstodoinamsterdam.com\\\/wp-content\\\/uploads\\\/2019\\\/08\\\/micropia.jpg\",\"datePublished\":\"2026-02-10T16:56:45+00:00\",\"dateModified\":\"2026-02-10T17:17:24+00:00\",\"description\":\"Micropia es un museo galardonado y el \u00fanico museo de microbios de este tipo. Aprende sobre microbiolog\u00eda y tiende un puente entre la ciencia y el arte.\",\"breadcrumb\":{\"@id\":\"https:\\\/\\\/thingstodoinamsterdam.com\\\/es\\\/museos-amsterdam\\\/micropia\\\/#breadcrumb\"},\"inLanguage\":\"es\",\"potentialAction\":[{\"@type\":\"ReadAction\",\"target\":[\"https:\\\/\\\/thingstodoinamsterdam.com\\\/es\\\/museos-amsterdam\\\/micropia\\\/\"]}]},{\"@type\":\"ImageObject\",\"inLanguage\":\"es\",\"@id\":\"https:\\\/\\\/thingstodoinamsterdam.com\\\/es\\\/museos-amsterdam\\\/micropia\\\/#primaryimage\",\"url\":\"https:\\\/\\\/thingstodoinamsterdam.com\\\/wp-content\\\/uploads\\\/2019\\\/08\\\/micropia.jpg\",\"contentUrl\":\"https:\\\/\\\/thingstodoinamsterdam.com\\\/wp-content\\\/uploads\\\/2019\\\/08\\\/micropia.jpg\",\"width\":1536,\"height\":2048},{\"@type\":\"BreadcrumbList\",\"@id\":\"https:\\\/\\\/thingstodoinamsterdam.com\\\/es\\\/museos-amsterdam\\\/micropia\\\/#breadcrumb\",\"itemListElement\":[{\"@type\":\"ListItem\",\"position\":1,\"name\":\"Qu\u00e9 hacer en \u00c1msterdam\",\"item\":\"https:\\\/\\\/thingstodoinamsterdam.com\\\/es\\\/\"},{\"@type\":\"ListItem\",\"position\":2,\"name\":\"Museos en \u00c1msterdam\",\"item\":\"https:\\\/\\\/thingstodoinamsterdam.com\\\/es\\\/museos-amsterdam\\\/\"},{\"@type\":\"ListItem\",\"position\":3,\"name\":\"Micropia\"}]},{\"@type\":\"WebSite\",\"@id\":\"https:\\\/\\\/thingstodoinamsterdam.com\\\/es\\\/#website\",\"url\":\"https:\\\/\\\/thingstodoinamsterdam.com\\\/es\\\/\",\"name\":\"ThingstodoinAmsterdam.com\",\"description\":\"Amsterdam&#039;s highlights and hidden secrets\",\"publisher\":{\"@id\":\"https:\\\/\\\/thingstodoinamsterdam.com\\\/es\\\/#organization\"},\"potentialAction\":[{\"@type\":\"SearchAction\",\"target\":{\"@type\":\"EntryPoint\",\"urlTemplate\":\"https:\\\/\\\/thingstodoinamsterdam.com\\\/es\\\/?s={search_term_string}\"},\"query-input\":{\"@type\":\"PropertyValueSpecification\",\"valueRequired\":true,\"valueName\":\"search_term_string\"}}],\"inLanguage\":\"es\"},{\"@type\":\"Organization\",\"@id\":\"https:\\\/\\\/thingstodoinamsterdam.com\\\/es\\\/#organization\",\"name\":\"Qu\u00e9 hacer en \u00c1msterdam\",\"url\":\"https:\\\/\\\/thingstodoinamsterdam.com\\\/es\\\/\",\"logo\":{\"@type\":\"ImageObject\",\"inLanguage\":\"es\",\"@id\":\"https:\\\/\\\/thingstodoinamsterdam.com\\\/es\\\/#\\\/schema\\\/logo\\\/image\\\/\",\"url\":\"https:\\\/\\\/thingstodoinamsterdam.com\\\/wp-content\\\/uploads\\\/2025\\\/02\\\/ThingsToDoInAmsterdam-Favicon-logo.png\",\"contentUrl\":\"https:\\\/\\\/thingstodoinamsterdam.com\\\/wp-content\\\/uploads\\\/2025\\\/02\\\/ThingsToDoInAmsterdam-Favicon-logo.png\",\"width\":512,\"height\":512,\"caption\":\"Qu\u00e9 hacer en \u00c1msterdam\"},\"image\":{\"@id\":\"https:\\\/\\\/thingstodoinamsterdam.com\\\/es\\\/#\\\/schema\\\/logo\\\/image\\\/\"},\"sameAs\":[\"https:\\\/\\\/www.facebook.com\\\/thingstodoinamsterdamcom\"]}]}<\/script>\n<!-- \/ Yoast SEO plugin. -->","yoast_head_json":{"title":"Micropia: el museo de los microbios. \u00a1Consigue tus entradas online aqu\u00ed!","description":"Micropia es un museo galardonado y el \u00fanico museo de microbios de este tipo. Aprende sobre microbiolog\u00eda y tiende un puente entre la ciencia y el arte.","robots":{"index":"index","follow":"follow","max-snippet":"max-snippet:-1","max-image-preview":"max-image-preview:large","max-video-preview":"max-video-preview:-1"},"canonical":"https:\/\/thingstodoinamsterdam.com\/es\/museos-amsterdam\/micropia\/","og_locale":"es_ES","og_type":"article","og_title":"Micropia: el museo de los microbios. \u00a1Consigue tus entradas online aqu\u00ed!","og_description":"Micropia es un museo galardonado y el \u00fanico museo de microbios de este tipo. Aprende sobre microbiolog\u00eda y tiende un puente entre la ciencia y el arte.","og_url":"https:\/\/thingstodoinamsterdam.com\/es\/museos-amsterdam\/micropia\/","og_site_name":"ThingstodoinAmsterdam.com","article_publisher":"https:\/\/www.facebook.com\/thingstodoinamsterdamcom","article_modified_time":"2026-02-10T17:17:24+00:00","og_image":[{"width":1536,"height":2048,"url":"https:\/\/thingstodoinamsterdam.com\/wp-content\/uploads\/2019\/08\/micropia.jpg","type":"image\/jpeg"}],"twitter_card":"summary_large_image","twitter_misc":{"Tiempo de lectura":"5 minutos"},"schema":{"@context":"https:\/\/schema.org","@graph":[{"@type":"WebPage","@id":"https:\/\/thingstodoinamsterdam.com\/es\/museos-amsterdam\/micropia\/","url":"https:\/\/thingstodoinamsterdam.com\/es\/museos-amsterdam\/micropia\/","name":"Micropia: el museo de los microbios. \u00a1Consigue tus entradas online aqu\u00ed!","isPartOf":{"@id":"https:\/\/thingstodoinamsterdam.com\/es\/#website"},"primaryImageOfPage":{"@id":"https:\/\/thingstodoinamsterdam.com\/es\/museos-amsterdam\/micropia\/#primaryimage"},"image":{"@id":"https:\/\/thingstodoinamsterdam.com\/es\/museos-amsterdam\/micropia\/#primaryimage"},"thumbnailUrl":"https:\/\/thingstodoinamsterdam.com\/wp-content\/uploads\/2019\/08\/micropia.jpg","datePublished":"2026-02-10T16:56:45+00:00","dateModified":"2026-02-10T17:17:24+00:00","description":"Micropia es un museo galardonado y el \u00fanico museo de microbios de este tipo. Aprende sobre microbiolog\u00eda y tiende un puente entre la ciencia y el arte.","breadcrumb":{"@id":"https:\/\/thingstodoinamsterdam.com\/es\/museos-amsterdam\/micropia\/#breadcrumb"},"inLanguage":"es","potentialAction":[{"@type":"ReadAction","target":["https:\/\/thingstodoinamsterdam.com\/es\/museos-amsterdam\/micropia\/"]}]},{"@type":"ImageObject","inLanguage":"es","@id":"https:\/\/thingstodoinamsterdam.com\/es\/museos-amsterdam\/micropia\/#primaryimage","url":"https:\/\/thingstodoinamsterdam.com\/wp-content\/uploads\/2019\/08\/micropia.jpg","contentUrl":"https:\/\/thingstodoinamsterdam.com\/wp-content\/uploads\/2019\/08\/micropia.jpg","width":1536,"height":2048},{"@type":"BreadcrumbList","@id":"https:\/\/thingstodoinamsterdam.com\/es\/museos-amsterdam\/micropia\/#breadcrumb","itemListElement":[{"@type":"ListItem","position":1,"name":"Qu\u00e9 hacer en \u00c1msterdam","item":"https:\/\/thingstodoinamsterdam.com\/es\/"},{"@type":"ListItem","position":2,"name":"Museos en \u00c1msterdam","item":"https:\/\/thingstodoinamsterdam.com\/es\/museos-amsterdam\/"},{"@type":"ListItem","position":3,"name":"Micropia"}]},{"@type":"WebSite","@id":"https:\/\/thingstodoinamsterdam.com\/es\/#website","url":"https:\/\/thingstodoinamsterdam.com\/es\/","name":"ThingstodoinAmsterdam.com","description":"Amsterdam&#039;s highlights and hidden secrets","publisher":{"@id":"https:\/\/thingstodoinamsterdam.com\/es\/#organization"},"potentialAction":[{"@type":"SearchAction","target":{"@type":"EntryPoint","urlTemplate":"https:\/\/thingstodoinamsterdam.com\/es\/?s={search_term_string}"},"query-input":{"@type":"PropertyValueSpecification","valueRequired":true,"valueName":"search_term_string"}}],"inLanguage":"es"},{"@type":"Organization","@id":"https:\/\/thingstodoinamsterdam.com\/es\/#organization","name":"Qu\u00e9 hacer en \u00c1msterdam","url":"https:\/\/thingstodoinamsterdam.com\/es\/","logo":{"@type":"ImageObject","inLanguage":"es","@id":"https:\/\/thingstodoinamsterdam.com\/es\/#\/schema\/logo\/image\/","url":"https:\/\/thingstodoinamsterdam.com\/wp-content\/uploads\/2025\/02\/ThingsToDoInAmsterdam-Favicon-logo.png","contentUrl":"https:\/\/thingstodoinamsterdam.com\/wp-content\/uploads\/2025\/02\/ThingsToDoInAmsterdam-Favicon-logo.png","width":512,"height":512,"caption":"Qu\u00e9 hacer en \u00c1msterdam"},"image":{"@id":"https:\/\/thingstodoinamsterdam.com\/es\/#\/schema\/logo\/image\/"},"sameAs":["https:\/\/www.facebook.com\/thingstodoinamsterdamcom"]}]}},"_links":{"self":[{"href":"https:\/\/thingstodoinamsterdam.com\/es\/wp-json\/wp\/v2\/pages\/2531697","targetHints":{"allow":["GET"]}}],"collection":[{"href":"https:\/\/thingstodoinamsterdam.com\/es\/wp-json\/wp\/v2\/pages"}],"about":[{"href":"https:\/\/thingstodoinamsterdam.com\/es\/wp-json\/wp\/v2\/types\/page"}],"author":[{"embeddable":true,"href":"https:\/\/thingstodoinamsterdam.com\/es\/wp-json\/wp\/v2\/users\/4"}],"replies":[{"embeddable":true,"href":"https:\/\/thingstodoinamsterdam.com\/es\/wp-json\/wp\/v2\/comments?post=2531697"}],"version-history":[{"count":5,"href":"https:\/\/thingstodoinamsterdam.com\/es\/wp-json\/wp\/v2\/pages\/2531697\/revisions"}],"predecessor-version":[{"id":2531704,"href":"https:\/\/thingstodoinamsterdam.com\/es\/wp-json\/wp\/v2\/pages\/2531697\/revisions\/2531704"}],"up":[{"embeddable":true,"href":"https:\/\/thingstodoinamsterdam.com\/es\/wp-json\/wp\/v2\/pages\/11960"}],"wp:featuredmedia":[{"embeddable":true,"href":"https:\/\/thingstodoinamsterdam.com\/es\/wp-json\/wp\/v2\/media\/12918"}],"wp:attachment":[{"href":"https:\/\/thingstodoinamsterdam.com\/es\/wp-json\/wp\/v2\/media?parent=2531697"}],"curies":[{"name":"wp","href":"https:\/\/api.w.org\/{rel}","templated":true}]}}