{"id":2533829,"date":"2026-02-17T17:52:18","date_gmt":"2026-02-17T16:52:18","guid":{"rendered":"https:\/\/thingstodoinamsterdam.com\/descubre-el-begijnhof-de-amsterdam-un-oasis-de-paz\/"},"modified":"2026-03-10T14:37:40","modified_gmt":"2026-03-10T13:37:40","slug":"descubre-el-begijnhof-de-amsterdam-un-oasis-de-paz","status":"publish","type":"page","link":"https:\/\/thingstodoinamsterdam.com\/es\/lugares-que-visitar-y-turismo-en-amsterdam\/descubre-el-begijnhof-de-amsterdam-un-oasis-de-paz\/","title":{"rendered":"\u00a1Descubre el Begijnhof de \u00c1msterdam: un oasis de paz!"},"content":{"rendered":"<div class=\"wpb-content-wrapper\"><p>[vc_row][vc_column][vc_column_text]<a href=\"https:\/\/thingstodoinamsterdam.com\/es\/\">\u00c1msterdam<\/a> es una ciudad que no deja de sorprender a los visitantes. Desde iglesias antiguas (<a href=\"https:\/\/thingstodoinamsterdam.com\/places-sightseeing-amsterdam\/de-oude-kerk\/\">Oude Kerk<\/a> y <a href=\"https:\/\/thingstodoinamsterdam.com\/places-sightseeing-amsterdam\/nieuwe-kerk\/\">Nieuwe Kerk<\/a>) hasta el <a href=\"https:\/\/thingstodoinamsterdam.com\/es\/barrio-rojo-amsterdam\/\">Barrio Rojo<\/a> y el precioso <a href=\"https:\/\/thingstodoinamsterdam.com\/es\/crucero-canales-amsterdam\/\">cintur\u00f3n de canales<\/a>, esta ciudad es hist\u00f3rica y merece la visita. El Begijnhof de \u00c1msterdam es un oasis de paz en el ajetreado centro de la ciudad. Es uno de los \u2018hofjes\u2019 m\u00e1s antiguos de \u00c1msterdam. Un \u2018hofje\u2019 es una palabra neerlandesa para un patio con casas de beneficencia a su alrededor. Existen desde la Edad Media y han proporcionado vivienda a personas mayores (principalmente mujeres). Se financiaban de forma privada y serv\u00edan como una forma de seguridad social. Como su nombre indica, el Begijnhof fue originalmente un beguinaje fundado en el siglo XIV. Un beguinaje, del t\u00e9rmino franc\u00e9s b\u00e9guinage, es un complejo arquitect\u00f3nico creado para alojar a beguinas: mujeres religiosas que viv\u00edan en comunidad sin hacer votos ni retirarse del mundo. Originalmente, las fachadas traseras del Begijnhof daban al agua. El relleno, entre otras cosas, del Spui y del Begijnensloot ha hecho que el agua circundante desaparezca.      <\/p><div id=\"ez-toc-container\" class=\"ez-toc-v2_0_82_2 counter-hierarchy ez-toc-counter ez-toc-custom ez-toc-container-direction\">\n<div class=\"ez-toc-title-container\">\n<span class=\"ez-toc-title-toggle\"><a href=\"#\" class=\"ez-toc-pull-right ez-toc-btn ez-toc-btn-xs ez-toc-btn-default ez-toc-toggle\" aria-label=\"Alternar tabla de contenidos\"><span class=\"ez-toc-js-icon-con\"><span class=\"\"><span class=\"eztoc-hide\" style=\"display:none;\">Toggle<\/span><span class=\"ez-toc-icon-toggle-span\"><svg style=\"fill: #999;color:#999\" xmlns=\"http:\/\/www.w3.org\/2000\/svg\" class=\"list-377408\" width=\"20px\" height=\"20px\" viewBox=\"0 0 24 24\" fill=\"none\"><path d=\"M6 6H4v2h2V6zm14 0H8v2h12V6zM4 11h2v2H4v-2zm16 0H8v2h12v-2zM4 16h2v2H4v-2zm16 0H8v2h12v-2z\" fill=\"currentColor\"><\/path><\/svg><svg style=\"fill: #999;color:#999\" class=\"arrow-unsorted-368013\" xmlns=\"http:\/\/www.w3.org\/2000\/svg\" width=\"10px\" height=\"10px\" viewBox=\"0 0 24 24\" version=\"1.2\" baseProfile=\"tiny\"><path d=\"M18.2 9.3l-6.2-6.3-6.2 6.3c-.2.2-.3.4-.3.7s.1.5.3.7c.2.2.4.3.7.3h11c.3 0 .5-.1.7-.3.2-.2.3-.5.3-.7s-.1-.5-.3-.7zM5.8 14.7l6.2 6.3 6.2-6.3c.2-.2.3-.5.3-.7s-.1-.5-.3-.7c-.2-.2-.4-.3-.7-.3h-11c-.3 0-.5.1-.7.3-.2.2-.3.5-.3.7s.1.5.3.7z\"\/><\/svg><\/span><\/span><\/span><\/a><\/span><\/div>\n<nav><ul class='ez-toc-list ez-toc-list-level-1 ' ><li class='ez-toc-page-1 ez-toc-heading-level-2'><a class=\"ez-toc-link ez-toc-heading-1\" href=\"https:\/\/thingstodoinamsterdam.com\/es\/lugares-que-visitar-y-turismo-en-amsterdam\/descubre-el-begijnhof-de-amsterdam-un-oasis-de-paz\/#historia-del-begijnhof-de-amsterdam\" >Historia del Begijnhof de \u00c1msterdam<\/a><\/li><li class='ez-toc-page-1 ez-toc-heading-level-2'><a class=\"ez-toc-link ez-toc-heading-2\" href=\"https:\/\/thingstodoinamsterdam.com\/es\/lugares-que-visitar-y-turismo-en-amsterdam\/descubre-el-begijnhof-de-amsterdam-un-oasis-de-paz\/#direccion-y-horario-de-apertura-del-begijnhof-de-amsterdam\" >Direcci\u00f3n y horario de apertura del Begijnhof de \u00c1msterdam<\/a><\/li><li class='ez-toc-page-1 ez-toc-heading-level-2'><a class=\"ez-toc-link ez-toc-heading-3\" href=\"https:\/\/thingstodoinamsterdam.com\/es\/lugares-que-visitar-y-turismo-en-amsterdam\/descubre-el-begijnhof-de-amsterdam-un-oasis-de-paz\/#como-llegar-al-begijnhof-de-amsterdam\" >C\u00f3mo llegar al Begijnhof de \u00c1msterdam<\/a><\/li><li class='ez-toc-page-1 ez-toc-heading-level-2'><a class=\"ez-toc-link ez-toc-heading-4\" href=\"https:\/\/thingstodoinamsterdam.com\/es\/lugares-que-visitar-y-turismo-en-amsterdam\/descubre-el-begijnhof-de-amsterdam-un-oasis-de-paz\/#a-pie\" >A pie<\/a><\/li><\/ul><\/nav><\/div>\n\n<h2><img decoding=\"async\" class=\"aligncenter wp-image-7247 size-full\" src=\"https:\/\/thingstodoinamsterdam.com\/wp-content\/uploads\/2019\/08\/Begijnhof-Amsterdam.jpg\" alt=\"Begijnhof \u00c1msterdam\" width=\"1024\" height=\"768\"><\/h2>\n<h2><\/h2>\n<h2><span class=\"ez-toc-section\" id=\"historia-del-begijnhof-de-amsterdam\"><\/span>Historia del Begijnhof de \u00c1msterdam<span class=\"ez-toc-section-end\"><\/span><\/h2>\n<p>Hacia el a\u00f1o 1150, un grupo de mujeres piadosas decidi\u00f3 unirse en una comunidad religiosa, con el objetivo principal de cuidar a los enfermos y ofrecer educaci\u00f3n. Estas fueron las primeras \u2018beguinas\u2019, aunque en aquel momento no se las llamaba as\u00ed. Las mujeres no eran monjas y no viv\u00edan toda su vida recluidas en un monasterio. Aunque deb\u00edan ser solteras, pod\u00edan revocar sus votos en cualquier momento y abandonar el beguinaje por motivos como casarse o estar con la familia. Los or\u00edgenes del patio del Begijnhof de \u00c1msterdam se remontan a la segunda mitad del siglo XIV. Se desconoce el a\u00f1o exacto de su fundaci\u00f3n. Situado justo detr\u00e1s del <a href=\"https:\/\/thingstodoinamsterdam.com\/museum-amsterdam\/amsterdam-museum\/\">Museo de la Ciudad de \u00c1msterdam<\/a>, el beguinaje se ha convertido hoy en un oasis de paz en el bullicioso coraz\u00f3n del centro. El Begijnhof estaba formado por peque\u00f1as casas y una iglesia, alrededor de un patio que siempre se cerraba por la noche. Durante la Reforma, las beguinas tuvieron que ceder su iglesia a los ingleses, y desde entonces se la conoce como la \u2018Iglesia Inglesa\u2019. Con el tiempo, las casas medievales se reconstruyeron o se sustituyeron, pero se ha conservado la fachada de la casa n\u00famero 34. La vivienda data de la segunda mitad del siglo XV y fue reconstruida en 1957 utilizando los materiales originales. El Begijnenhof de \u00c1msterdam est\u00e1 en gran parte abierto a los visitantes. La parte norte, donde solo hay casas, solo es accesible para los residentes y sus invitados. En el jard\u00edn hay, entre otras cosas, una imagen de una beguina. La mayor\u00eda de las fachadas del beguinaje datan de los siglos XVII y XVIII. Las casas en s\u00ed suelen ser m\u00e1s antiguas que las fachadas. La fachada de la casa de madera del Begijnhof 34 es la m\u00e1s singular de todas. La Iglesia Reformada Inglesa y la Capilla del Beguinaje se encuentran dentro del patio.[\/vc_column_text][\/vc_column][\/vc_row][vc_row][vc_column][vc_video link=\u00bbhttps:\/\/www.youtube.com\/watch?v=DOijtdMUPGo\u00bb title=\u00bbUn v\u00eddeo sobre el Begijnhof de \u00c1msterdam\u00bb][\/vc_column][\/vc_row][vc_row][vc_column][vc_column_text]<\/p>\n<h2><span class=\"ez-toc-section\" id=\"direccion-y-horario-de-apertura-del-begijnhof-de-amsterdam\"><\/span>Direcci\u00f3n y horario de apertura del Begijnhof de \u00c1msterdam<span class=\"ez-toc-section-end\"><\/span><\/h2>\n<p>El beguinaje est\u00e1 abierto a los visitantes todos los d\u00edas de <strong>9:00<\/strong> a <strong>17:00<\/strong> y cierra los domingos. Hay dos entradas: en el lado norte del Spui y en la Gedempte Begijnensloot (en la continuaci\u00f3n de la Schuttersgalerij). <strong>Direcci\u00f3n<br \/>\n<\/strong>Beguinaje de \u00c1msterdam Nieuwezijds voorburgwal 371 1012 AB \u00c1msterdam <\/p>\n<p>+31 (0)20 622 1918<br \/>\n<a href=\"https:\/\/begijnhofkapelamsterdam.nl\/english-information\/\">https:\/\/begijnhofkapelamsterdam.nl\/<\/a><\/p>\n<p>La entrada es gratuita.[\/vc_column_text][\/vc_column][\/vc_row][vc_row][vc_column][vc_column_text]<\/p>\n<h2><span class=\"ez-toc-section\" id=\"como-llegar-al-begijnhof-de-amsterdam\"><\/span>C\u00f3mo llegar al Begijnhof de \u00c1msterdam<span class=\"ez-toc-section-end\"><\/span><\/h2>\n<p>El patio del Begijnhof est\u00e1 delimitado por Kalverstraat, Spui y Nieuwezijds Voorburgwal. Hay entradas en el lado norte del Spui y en la Gedempte Begijnensloot. Se puede llegar al Begijnhof desde la <a href=\"https:\/\/thingstodoinamsterdam.com\/transport\/amsterdam-central-station\/\">Estaci\u00f3n Central de \u00c1msterdam<\/a> y <a href=\"https:\/\/thingstodoinamsterdam.com\/places-sightseeing-amsterdam\/leidseplein\/\">Leidseplein<\/a> en tranv\u00eda y tambi\u00e9n a pie. <strong>Desde la Estaci\u00f3n Central de \u00c1msterdam en tranv\u00eda:<\/strong> Tranv\u00edas 4, 12, 14 y 24: b\u00e1jate en la parada <strong>SPUI<\/strong> y camina hasta la <strong>Nieuwezijds Voorburgwal<\/strong>. <strong>Desde Leidseplein en tranv\u00eda:<\/strong> Tranv\u00edas 2, 11 y 12: b\u00e1jate en la parada <strong>SPUI<\/strong> y camina hasta la <strong>Nieuwezijds Voorburgwal<\/strong>.  <\/p>\n<h2><span class=\"ez-toc-section\" id=\"a-pie\"><\/span>A pie<span class=\"ez-toc-section-end\"><\/span><\/h2>\n<p>Si quieres ir andando desde la Estaci\u00f3n Central de \u00c1msterdam, tienes que caminar por la calle comercial Kalverstraat en direcci\u00f3n a la <a href=\"https:\/\/thingstodoinamsterdam.com\/dam-square\/\">plaza Dam<\/a>, <a href=\"https:\/\/thingstodoinamsterdam.com\/museum-amsterdam\/madame-tussauds-wax-museum-amsterdam\/\">Madame Tussauds<\/a> y <a href=\"https:\/\/thingstodoinamsterdam.com\/es\/museos-amsterdam\/ripleys-amsterdam\/\">Ripley\u2019s Believe It or Not!<\/a> Kalverstraat llega hasta el Spui y el Begijnhof se encuentra justo detr\u00e1s del <a href=\"https:\/\/thingstodoinamsterdam.com\/museum-amsterdam\/amsterdam-museum\/\">Museo de \u00c1msterdam<\/a>.[\/vc_column_text][\/vc_column][\/vc_row][vc_row][vc_column][g_map heading=\u00bbBegijnhof Amsterdam on the City Map\u00bb el_id=\u00bb1565191969222-4f3be406-d955&#8243;]<iframe style=\"border: 0;\" src=\"https:\/\/www.google.com\/maps\/embed?pb=!1m18!1m12!1m3!1d2436.044164868093!2d4.887961015801877!3d52.369619179786014!2m3!1f0!2f0!3f0!3m2!1i1024!2i768!4f13.1!3m3!1m2!1s0x47c609c10ab92779%3A0xdb03cc5fdb4c1975!2sBegijnhof!5e0!3m2!1sen!2snl!4v1551972200833\" width=\"600\" height=\"450\" frameborder=\"0\" allowfullscreen=\"allowfullscreen\"><\/iframe>[\/g_map][\/vc_column][\/vc_row][vc_row][vc_column][promo_block style_var=\u00bbstyle2&#8243; el_id=\u00bb1565192062938-e350daa9-35a8&#8243;][promo link=\u00bburl:https%3A%2F%2Fthingstodoinamsterdam.com%2Fmuseum-amsterdam%2Famsterdam-museum%2F|title:Amsterdam%20City%20Museum||\u00bb text=\u00bb\u00a1Descubre todo sobre \u00c1msterdam visitando el museo de la ciudad!\u00bb img=\u00bb2614&#8243;][promo link=\u00bburl:https%3A%2F%2Fthingstodoinamsterdam.com%2Fmuseum-amsterdam%2Fripleys-believe-it-or-not%2F|title:Ripley%E2%80%99s%20Believe%20It%20or%20Not!||\u00bb text=\u00bb\u00a1Descubre el maravilloso mundo de lo raro y lo extravagante en Ripley\u2019s Believe It or Not!\u00bb img=\u00bb2400&#8243;][promo link=\u00bburl:https%3A%2F%2Fthingstodoinamsterdam.com%2Fmuseum-amsterdam%2Fmadame-tussauds-wax-museum-amsterdam%2F|title:Madame%20Tussauds||\u00bb text=\u00bb\u00a1Hazte un selfie con la familia real holandesa!\u00bb img=\u00bb2233&#8243;][\/promo_block][\/vc_column][\/vc_row][vc_row][vc_column][reviews item_name=\u00bbBegijnhof Amsterdam\u00bb item_image=\u00bb1575&#8243; item_tel=\u00bb+31 (0)20 622 1918&#8243; item_web=\u00bbhttps:\/\/www.amsterdamoudestad.nl\/bezienswaardigheden\/bezienswaardigheden-oude-binnenstad\/begijnhof\u00bb item_address=\u00bbNieuwezijds Voorburgwal 371&#8243; item_city=\u00bbAmsterdam\u00bb item_postal_code=\u00bb1012 RS\u00bb item_country=\u00bbNL\u00bb el_id=\u00bb1565191985801-17005e04-1855&#8243;][\/reviews][\/vc_column][\/vc_row]<\/p>\n<\/div>","protected":false},"excerpt":{"rendered":"<p>[vc_row][vc_column][vc_column_text]\u00c1msterdam es una ciudad que no deja de sorprender a los visitantes. Desde iglesias antiguas (Oude Kerk y Nieuwe Kerk) hasta el Barrio Rojo y\u2026<\/p>\n","protected":false},"author":3,"featured_media":13077,"parent":2534860,"menu_order":0,"comment_status":"closed","ping_status":"closed","template":"","meta":{"footnotes":""},"class_list":["post-2533829","page","type-page","status-publish","has-post-thumbnail","hentry"],"yoast_head":"<!-- This site is optimized with the Yoast SEO plugin v27.4 - https:\/\/yoast.com\/product\/yoast-seo-wordpress\/ -->\n<title>Descubre el Begijnhof de \u00c1msterdam: un oasis de paz en el centro de la ciudad<\/title>\n<meta name=\"description\" content=\"El Begijnhof de \u00c1msterdam se encuentra en pleno coraz\u00f3n de la ciudad. Originalmente fue un beguinaje fundado en el siglo XIV y albergaba a mujeres religiosas laicas.\" \/>\n<meta name=\"robots\" content=\"index, follow, max-snippet:-1, max-image-preview:large, max-video-preview:-1\" \/>\n<link rel=\"canonical\" href=\"https:\/\/thingstodoinamsterdam.com\/es\/lugares-que-visitar-y-turismo-en-amsterdam\/descubre-el-begijnhof-de-amsterdam-un-oasis-de-paz\/\" \/>\n<meta property=\"og:locale\" content=\"es_ES\" \/>\n<meta property=\"og:type\" content=\"article\" \/>\n<meta property=\"og:title\" content=\"Descubre el Begijnhof de \u00c1msterdam: un oasis de paz en el centro de la ciudad\" \/>\n<meta property=\"og:description\" content=\"El Begijnhof de \u00c1msterdam se encuentra en pleno coraz\u00f3n de la ciudad. Originalmente fue un beguinaje fundado en el siglo XIV y albergaba a mujeres religiosas laicas.\" \/>\n<meta property=\"og:url\" content=\"https:\/\/thingstodoinamsterdam.com\/es\/lugares-que-visitar-y-turismo-en-amsterdam\/descubre-el-begijnhof-de-amsterdam-un-oasis-de-paz\/\" \/>\n<meta property=\"og:site_name\" content=\"ThingstodoinAmsterdam.com\" \/>\n<meta property=\"article:publisher\" content=\"https:\/\/www.facebook.com\/thingstodoinamsterdamcom\" \/>\n<meta property=\"article:modified_time\" content=\"2026-03-10T13:37:40+00:00\" \/>\n<meta property=\"og:image\" content=\"https:\/\/thingstodoinamsterdam.com\/wp-content\/uploads\/2019\/08\/Amsterdams-Begijnhof.jpg\" \/>\n\t<meta property=\"og:image:width\" content=\"2048\" \/>\n\t<meta property=\"og:image:height\" content=\"1365\" \/>\n\t<meta property=\"og:image:type\" content=\"image\/jpeg\" \/>\n<meta name=\"twitter:card\" content=\"summary_large_image\" \/>\n<meta name=\"twitter:label1\" content=\"Tiempo de lectura\" \/>\n\t<meta name=\"twitter:data1\" content=\"5 minutos\" \/>\n<script type=\"application\/ld+json\" class=\"yoast-schema-graph\">{\"@context\":\"https:\\\/\\\/schema.org\",\"@graph\":[{\"@type\":\"WebPage\",\"@id\":\"https:\\\/\\\/thingstodoinamsterdam.com\\\/es\\\/lugares-que-visitar-y-turismo-en-amsterdam\\\/descubre-el-begijnhof-de-amsterdam-un-oasis-de-paz\\\/\",\"url\":\"https:\\\/\\\/thingstodoinamsterdam.com\\\/es\\\/lugares-que-visitar-y-turismo-en-amsterdam\\\/descubre-el-begijnhof-de-amsterdam-un-oasis-de-paz\\\/\",\"name\":\"Descubre el Begijnhof de \u00c1msterdam: un oasis de paz en el centro de la ciudad\",\"isPartOf\":{\"@id\":\"https:\\\/\\\/thingstodoinamsterdam.com\\\/es\\\/#website\"},\"primaryImageOfPage\":{\"@id\":\"https:\\\/\\\/thingstodoinamsterdam.com\\\/es\\\/lugares-que-visitar-y-turismo-en-amsterdam\\\/descubre-el-begijnhof-de-amsterdam-un-oasis-de-paz\\\/#primaryimage\"},\"image\":{\"@id\":\"https:\\\/\\\/thingstodoinamsterdam.com\\\/es\\\/lugares-que-visitar-y-turismo-en-amsterdam\\\/descubre-el-begijnhof-de-amsterdam-un-oasis-de-paz\\\/#primaryimage\"},\"thumbnailUrl\":\"https:\\\/\\\/thingstodoinamsterdam.com\\\/wp-content\\\/uploads\\\/2019\\\/08\\\/Amsterdams-Begijnhof.jpg\",\"datePublished\":\"2026-02-17T16:52:18+00:00\",\"dateModified\":\"2026-03-10T13:37:40+00:00\",\"description\":\"El Begijnhof de \u00c1msterdam se encuentra en pleno coraz\u00f3n de la ciudad. Originalmente fue un beguinaje fundado en el siglo XIV y albergaba a mujeres religiosas laicas.\",\"breadcrumb\":{\"@id\":\"https:\\\/\\\/thingstodoinamsterdam.com\\\/es\\\/lugares-que-visitar-y-turismo-en-amsterdam\\\/descubre-el-begijnhof-de-amsterdam-un-oasis-de-paz\\\/#breadcrumb\"},\"inLanguage\":\"es\",\"potentialAction\":[{\"@type\":\"ReadAction\",\"target\":[\"https:\\\/\\\/thingstodoinamsterdam.com\\\/es\\\/lugares-que-visitar-y-turismo-en-amsterdam\\\/descubre-el-begijnhof-de-amsterdam-un-oasis-de-paz\\\/\"]}]},{\"@type\":\"ImageObject\",\"inLanguage\":\"es\",\"@id\":\"https:\\\/\\\/thingstodoinamsterdam.com\\\/es\\\/lugares-que-visitar-y-turismo-en-amsterdam\\\/descubre-el-begijnhof-de-amsterdam-un-oasis-de-paz\\\/#primaryimage\",\"url\":\"https:\\\/\\\/thingstodoinamsterdam.com\\\/wp-content\\\/uploads\\\/2019\\\/08\\\/Amsterdams-Begijnhof.jpg\",\"contentUrl\":\"https:\\\/\\\/thingstodoinamsterdam.com\\\/wp-content\\\/uploads\\\/2019\\\/08\\\/Amsterdams-Begijnhof.jpg\",\"width\":2048,\"height\":1365},{\"@type\":\"BreadcrumbList\",\"@id\":\"https:\\\/\\\/thingstodoinamsterdam.com\\\/es\\\/lugares-que-visitar-y-turismo-en-amsterdam\\\/descubre-el-begijnhof-de-amsterdam-un-oasis-de-paz\\\/#breadcrumb\",\"itemListElement\":[{\"@type\":\"ListItem\",\"position\":1,\"name\":\"Qu\u00e9 hacer en \u00c1msterdam\",\"item\":\"https:\\\/\\\/thingstodoinamsterdam.com\\\/es\\\/\"},{\"@type\":\"ListItem\",\"position\":2,\"name\":\"Lugares que visitar y turismo en \u00c1msterdam\",\"item\":\"https:\\\/\\\/thingstodoinamsterdam.com\\\/es\\\/lugares-que-visitar-y-turismo-en-amsterdam\\\/\"},{\"@type\":\"ListItem\",\"position\":3,\"name\":\"\u00a1Descubre el Begijnhof de \u00c1msterdam: un oasis de paz!\"}]},{\"@type\":\"WebSite\",\"@id\":\"https:\\\/\\\/thingstodoinamsterdam.com\\\/es\\\/#website\",\"url\":\"https:\\\/\\\/thingstodoinamsterdam.com\\\/es\\\/\",\"name\":\"ThingstodoinAmsterdam.com\",\"description\":\"Amsterdam&#039;s highlights and hidden secrets\",\"publisher\":{\"@id\":\"https:\\\/\\\/thingstodoinamsterdam.com\\\/es\\\/#organization\"},\"potentialAction\":[{\"@type\":\"SearchAction\",\"target\":{\"@type\":\"EntryPoint\",\"urlTemplate\":\"https:\\\/\\\/thingstodoinamsterdam.com\\\/es\\\/?s={search_term_string}\"},\"query-input\":{\"@type\":\"PropertyValueSpecification\",\"valueRequired\":true,\"valueName\":\"search_term_string\"}}],\"inLanguage\":\"es\"},{\"@type\":\"Organization\",\"@id\":\"https:\\\/\\\/thingstodoinamsterdam.com\\\/es\\\/#organization\",\"name\":\"Qu\u00e9 hacer en \u00c1msterdam\",\"url\":\"https:\\\/\\\/thingstodoinamsterdam.com\\\/es\\\/\",\"logo\":{\"@type\":\"ImageObject\",\"inLanguage\":\"es\",\"@id\":\"https:\\\/\\\/thingstodoinamsterdam.com\\\/es\\\/#\\\/schema\\\/logo\\\/image\\\/\",\"url\":\"https:\\\/\\\/thingstodoinamsterdam.com\\\/wp-content\\\/uploads\\\/2025\\\/02\\\/ThingsToDoInAmsterdam-Favicon-logo.png\",\"contentUrl\":\"https:\\\/\\\/thingstodoinamsterdam.com\\\/wp-content\\\/uploads\\\/2025\\\/02\\\/ThingsToDoInAmsterdam-Favicon-logo.png\",\"width\":512,\"height\":512,\"caption\":\"Qu\u00e9 hacer en \u00c1msterdam\"},\"image\":{\"@id\":\"https:\\\/\\\/thingstodoinamsterdam.com\\\/es\\\/#\\\/schema\\\/logo\\\/image\\\/\"},\"sameAs\":[\"https:\\\/\\\/www.facebook.com\\\/thingstodoinamsterdamcom\"]}]}<\/script>\n<!-- \/ Yoast SEO plugin. -->","yoast_head_json":{"title":"Descubre el Begijnhof de \u00c1msterdam: un oasis de paz en el centro de la ciudad","description":"El Begijnhof de \u00c1msterdam se encuentra en pleno coraz\u00f3n de la ciudad. Originalmente fue un beguinaje fundado en el siglo XIV y albergaba a mujeres religiosas laicas.","robots":{"index":"index","follow":"follow","max-snippet":"max-snippet:-1","max-image-preview":"max-image-preview:large","max-video-preview":"max-video-preview:-1"},"canonical":"https:\/\/thingstodoinamsterdam.com\/es\/lugares-que-visitar-y-turismo-en-amsterdam\/descubre-el-begijnhof-de-amsterdam-un-oasis-de-paz\/","og_locale":"es_ES","og_type":"article","og_title":"Descubre el Begijnhof de \u00c1msterdam: un oasis de paz en el centro de la ciudad","og_description":"El Begijnhof de \u00c1msterdam se encuentra en pleno coraz\u00f3n de la ciudad. Originalmente fue un beguinaje fundado en el siglo XIV y albergaba a mujeres religiosas laicas.","og_url":"https:\/\/thingstodoinamsterdam.com\/es\/lugares-que-visitar-y-turismo-en-amsterdam\/descubre-el-begijnhof-de-amsterdam-un-oasis-de-paz\/","og_site_name":"ThingstodoinAmsterdam.com","article_publisher":"https:\/\/www.facebook.com\/thingstodoinamsterdamcom","article_modified_time":"2026-03-10T13:37:40+00:00","og_image":[{"width":2048,"height":1365,"url":"https:\/\/thingstodoinamsterdam.com\/wp-content\/uploads\/2019\/08\/Amsterdams-Begijnhof.jpg","type":"image\/jpeg"}],"twitter_card":"summary_large_image","twitter_misc":{"Tiempo de lectura":"5 minutos"},"schema":{"@context":"https:\/\/schema.org","@graph":[{"@type":"WebPage","@id":"https:\/\/thingstodoinamsterdam.com\/es\/lugares-que-visitar-y-turismo-en-amsterdam\/descubre-el-begijnhof-de-amsterdam-un-oasis-de-paz\/","url":"https:\/\/thingstodoinamsterdam.com\/es\/lugares-que-visitar-y-turismo-en-amsterdam\/descubre-el-begijnhof-de-amsterdam-un-oasis-de-paz\/","name":"Descubre el Begijnhof de \u00c1msterdam: un oasis de paz en el centro de la ciudad","isPartOf":{"@id":"https:\/\/thingstodoinamsterdam.com\/es\/#website"},"primaryImageOfPage":{"@id":"https:\/\/thingstodoinamsterdam.com\/es\/lugares-que-visitar-y-turismo-en-amsterdam\/descubre-el-begijnhof-de-amsterdam-un-oasis-de-paz\/#primaryimage"},"image":{"@id":"https:\/\/thingstodoinamsterdam.com\/es\/lugares-que-visitar-y-turismo-en-amsterdam\/descubre-el-begijnhof-de-amsterdam-un-oasis-de-paz\/#primaryimage"},"thumbnailUrl":"https:\/\/thingstodoinamsterdam.com\/wp-content\/uploads\/2019\/08\/Amsterdams-Begijnhof.jpg","datePublished":"2026-02-17T16:52:18+00:00","dateModified":"2026-03-10T13:37:40+00:00","description":"El Begijnhof de \u00c1msterdam se encuentra en pleno coraz\u00f3n de la ciudad. Originalmente fue un beguinaje fundado en el siglo XIV y albergaba a mujeres religiosas laicas.","breadcrumb":{"@id":"https:\/\/thingstodoinamsterdam.com\/es\/lugares-que-visitar-y-turismo-en-amsterdam\/descubre-el-begijnhof-de-amsterdam-un-oasis-de-paz\/#breadcrumb"},"inLanguage":"es","potentialAction":[{"@type":"ReadAction","target":["https:\/\/thingstodoinamsterdam.com\/es\/lugares-que-visitar-y-turismo-en-amsterdam\/descubre-el-begijnhof-de-amsterdam-un-oasis-de-paz\/"]}]},{"@type":"ImageObject","inLanguage":"es","@id":"https:\/\/thingstodoinamsterdam.com\/es\/lugares-que-visitar-y-turismo-en-amsterdam\/descubre-el-begijnhof-de-amsterdam-un-oasis-de-paz\/#primaryimage","url":"https:\/\/thingstodoinamsterdam.com\/wp-content\/uploads\/2019\/08\/Amsterdams-Begijnhof.jpg","contentUrl":"https:\/\/thingstodoinamsterdam.com\/wp-content\/uploads\/2019\/08\/Amsterdams-Begijnhof.jpg","width":2048,"height":1365},{"@type":"BreadcrumbList","@id":"https:\/\/thingstodoinamsterdam.com\/es\/lugares-que-visitar-y-turismo-en-amsterdam\/descubre-el-begijnhof-de-amsterdam-un-oasis-de-paz\/#breadcrumb","itemListElement":[{"@type":"ListItem","position":1,"name":"Qu\u00e9 hacer en \u00c1msterdam","item":"https:\/\/thingstodoinamsterdam.com\/es\/"},{"@type":"ListItem","position":2,"name":"Lugares que visitar y turismo en \u00c1msterdam","item":"https:\/\/thingstodoinamsterdam.com\/es\/lugares-que-visitar-y-turismo-en-amsterdam\/"},{"@type":"ListItem","position":3,"name":"\u00a1Descubre el Begijnhof de \u00c1msterdam: un oasis de paz!"}]},{"@type":"WebSite","@id":"https:\/\/thingstodoinamsterdam.com\/es\/#website","url":"https:\/\/thingstodoinamsterdam.com\/es\/","name":"ThingstodoinAmsterdam.com","description":"Amsterdam&#039;s highlights and hidden secrets","publisher":{"@id":"https:\/\/thingstodoinamsterdam.com\/es\/#organization"},"potentialAction":[{"@type":"SearchAction","target":{"@type":"EntryPoint","urlTemplate":"https:\/\/thingstodoinamsterdam.com\/es\/?s={search_term_string}"},"query-input":{"@type":"PropertyValueSpecification","valueRequired":true,"valueName":"search_term_string"}}],"inLanguage":"es"},{"@type":"Organization","@id":"https:\/\/thingstodoinamsterdam.com\/es\/#organization","name":"Qu\u00e9 hacer en \u00c1msterdam","url":"https:\/\/thingstodoinamsterdam.com\/es\/","logo":{"@type":"ImageObject","inLanguage":"es","@id":"https:\/\/thingstodoinamsterdam.com\/es\/#\/schema\/logo\/image\/","url":"https:\/\/thingstodoinamsterdam.com\/wp-content\/uploads\/2025\/02\/ThingsToDoInAmsterdam-Favicon-logo.png","contentUrl":"https:\/\/thingstodoinamsterdam.com\/wp-content\/uploads\/2025\/02\/ThingsToDoInAmsterdam-Favicon-logo.png","width":512,"height":512,"caption":"Qu\u00e9 hacer en \u00c1msterdam"},"image":{"@id":"https:\/\/thingstodoinamsterdam.com\/es\/#\/schema\/logo\/image\/"},"sameAs":["https:\/\/www.facebook.com\/thingstodoinamsterdamcom"]}]}},"_links":{"self":[{"href":"https:\/\/thingstodoinamsterdam.com\/es\/wp-json\/wp\/v2\/pages\/2533829","targetHints":{"allow":["GET"]}}],"collection":[{"href":"https:\/\/thingstodoinamsterdam.com\/es\/wp-json\/wp\/v2\/pages"}],"about":[{"href":"https:\/\/thingstodoinamsterdam.com\/es\/wp-json\/wp\/v2\/types\/page"}],"author":[{"embeddable":true,"href":"https:\/\/thingstodoinamsterdam.com\/es\/wp-json\/wp\/v2\/users\/3"}],"replies":[{"embeddable":true,"href":"https:\/\/thingstodoinamsterdam.com\/es\/wp-json\/wp\/v2\/comments?post=2533829"}],"version-history":[{"count":5,"href":"https:\/\/thingstodoinamsterdam.com\/es\/wp-json\/wp\/v2\/pages\/2533829\/revisions"}],"predecessor-version":[{"id":2533844,"href":"https:\/\/thingstodoinamsterdam.com\/es\/wp-json\/wp\/v2\/pages\/2533829\/revisions\/2533844"}],"up":[{"embeddable":true,"href":"https:\/\/thingstodoinamsterdam.com\/es\/wp-json\/wp\/v2\/pages\/2534860"}],"wp:featuredmedia":[{"embeddable":true,"href":"https:\/\/thingstodoinamsterdam.com\/es\/wp-json\/wp\/v2\/media\/13077"}],"wp:attachment":[{"href":"https:\/\/thingstodoinamsterdam.com\/es\/wp-json\/wp\/v2\/media?parent=2533829"}],"curies":[{"name":"wp","href":"https:\/\/api.w.org\/{rel}","templated":true}]}}