{"id":2534860,"date":"2026-03-10T14:37:33","date_gmt":"2026-03-10T13:37:33","guid":{"rendered":"https:\/\/thingstodoinamsterdam.com\/lugares-que-visitar-y-turismo-en-amsterdam\/"},"modified":"2026-03-11T13:08:09","modified_gmt":"2026-03-11T12:08:09","slug":"lugares-que-visitar-y-turismo-en-amsterdam","status":"publish","type":"page","link":"https:\/\/thingstodoinamsterdam.com\/es\/lugares-que-visitar-y-turismo-en-amsterdam\/","title":{"rendered":"Lugares que visitar y turismo en \u00c1msterdam"},"content":{"rendered":"<div class=\"wpb-content-wrapper\"><p>[vc_row][vc_column][vc_column_text css=\u00bb\u00bb]\u00bfEst\u00e1s visitando \u00c1msterdam y te preguntas qu\u00e9 lugares visitar? Bien, est\u00e1s planificando porque hay mucho que ver y hacer. En esta p\u00e1gina te mostramos <a href=\"https:\/\/thingstodoinamsterdam.com\/es\/\">los principales atractivos de \u00c1msterdam<\/a> y secretos ocultos para tu viaje tur\u00edstico. Te recomendamos encarecidamente que descubras y veas m\u00e1s de las zonas que rodean \u00c1msterdam. Planifica tus <a href=\"https:\/\/thingstodoinamsterdam.com\/es\/excursiones-desde-amsterdam-de-un-dia\/\">excursiones de un d\u00eda desde \u00c1msterdam<\/a>. Nuestro consejo es que lo hagas si tienes 2 d\u00edas o m\u00e1s. La mayor\u00eda de los visitantes, sin embargo, tienen unos pocos d\u00edas de turismo en \u00c1msterdam, as\u00ed que planifica tu tiempo sabiamente para no perderte lo mejor.<\/p>\n<p>Como el <a href=\"https:\/\/thingstodoinamsterdam.com\/es\/tiempo-y-clima-de-amsterdam\/\" target=\"_blank\" rel=\"noopener\">tiempo en \u00c1msterdam<\/a> no siempre acompa\u00f1a <span style=\"box-sizing: border-box; margin: 0px; padding: 0px;\">para hacer turismo, puedes reservar un <a href=\"https:\/\/thingstodoinamsterdam.com\/es\/tours-amsterdam-hop-on-hop-off\/\" target=\"_blank\" rel=\"noopener\">tour hop-on, hop-off<\/a> para ver los lugares de inter\u00e9s<\/span> protegido del clima, ya sea en autob\u00fas o en barco. Si tienes la suerte de tener buen tiempo<span style=\"box-sizing: border-box; margin: 0px; padding: 0px;\">, tambi\u00e9n puedes considerar un <a href=\"https:\/\/thingstodoinamsterdam.com\/es\/tours-en-bicicleta-amsterdam\/\" target=\"_blank\" rel=\"noopener\">tour en bicicleta por los lugares de inter\u00e9s<\/a><\/span>.[\/vc_column_text][vc_column_text css=\u00bb\u00bb]<\/p>\n<h2>Principales atractivos y secretos ocultos del turismo en \u00c1msterdam<\/h2>\n<p>Nuestro lema es mostrar tanto los principales atractivos como los secretos ocultos, los lugares que no te puedes perder en tu viaje a \u00c1msterdam. Pero tambi\u00e9n nos gustar\u00eda compartir algunos secretos ocultos: lugares en \u00c1msterdam que no son tan conocidos pero que definitivamente merecen una visita. As\u00ed que si quieres hacer turismo fuera de los caminos trillados en \u00c1msterdam y sus alrededores, \u00a1sigue leyendo!<\/p>\n<p>Nosotros, como aut\u00e9nticos locales, te aconsejamos <a href=\"https:\/\/thingstodoinamsterdam.com\/transport\/cycling-bike-rental-tours\/\" target=\"_blank\" rel=\"noopener\">alquilar una bicicleta<\/a>, ya que es una forma c\u00f3moda de moverte por un centro urbano tan compacto. Alternativamente, caminar en combinaci\u00f3n con el <a href=\"https:\/\/thingstodoinamsterdam.com\/transport\/amsterdam-public-transport\/\">transporte p\u00fablico en \u00c1msterdam<\/a> tambi\u00e9n es una excelente manera de recorrer \u00c1msterdam.<\/p>\n<h3>Imprescindibles en \u00c1msterdam:<\/h3>\n<p>[\/vc_column_text][\/vc_column][\/vc_row][vc_row][vc_column][promo_block style_var=\u00bbstyle3&#8243; el_id=\u00bb1565184574520-4eec6a0b-9a3a\u00bb][promo link=\u00bburl:https%3A%2F%2Fthingstodoinamsterdam.com%2Fes%2Flugares-que-visitar-y-turismo-en-amsterdam%2Fcinturon-de-canales-de-amsterdam%2F|title:Amsterdam%20Canal%20Belt|\u00bb text=\u00bbEl rom\u00e1ntico Cintur\u00f3n de Canales de \u00c1msterdam es Patrimonio de la Humanidad de la UNESCO. Est\u00e1 lleno de casas monumentales junto a los canales y arquitectura t\u00edpica de \u00c1msterdam. T\u00f3mate tu tiempo para pasear, o expl\u00f3ralo durante un crucero por los canales.\u00bb img=\u00bb2498&#8243;][promo link=\u00bburl:https%3A%2F%2Fthingstodoinamsterdam.com%2Fes%2Flugares-que-visitar-y-turismo-en-amsterdam%2Fmercado-albert-cuyp%2F|title:Albert%20Cuyp%20Market|\u00bb text=\u00bbPasea por el Mercado Albert Cuyp donde encontrar\u00e1s m\u00e1s de trescientos puestos. Rod\u00e9ate de puestos de comida que venden productos como pescado, aves, queso, verduras y frutas. Adem\u00e1s, encontrar\u00e1s puestos que venden ropa, cosm\u00e9ticos y m\u00e1s. Lo mejor de todo: los precios est\u00e1n entre los m\u00e1s baratos de \u00c1msterdam. La propia calle Albert Cuyp est\u00e1 rodeada de numerosas tiendas ex\u00f3ticas, estudios, cafeter\u00edas acogedoras y restaurantes que contribuyen a la pompa y el ambiente festivo del mercado.\u00bb img=\u00bb2496&#8243;][promo link=\u00bburl:https%3A%2F%2Fthingstodoinamsterdam.com%2Fes%2Flugares-que-visitar-y-turismo-en-amsterdam%2Fbarrio-nueve-calles-amsterdam%2F|title:Nine%20Streets|\u00bb text=\u00bbEsta parte espec\u00edfica del Cintur\u00f3n de Canales de \u00c1msterdam es conocida por sus numerosas tiendas y terrazas. Es un lugar estupendo para hacer algunas compras relajadas de recuerdos y quiz\u00e1s tomar algo en una terraza.\u00bb img=\u00bb2500&#8243;][promo link=\u00bburl:https%3A%2F%2Fthingstodoinamsterdam.com%2Fes%2Fbarrio-rojo-amsterdam%2F|title:Red%20light%20district|\u00bb text=\u00bbEl Barrio Rojo o &#8216;De Wallen&#8217; en neerland\u00e9s alberga una de las profesiones m\u00e1s antiguas del mundo. Pasea por la zona y visita el teatro er\u00f3tico m\u00e1s antiguo de \u00c1msterdam, Casa Rosso, o uno de los peepshows.\u00bb img=\u00bb2516&#8243;][promo link=\u00bburl:https%3A%2F%2Fthingstodoinamsterdam.com%2Fes%2Flugares-que-visitar-y-turismo-en-amsterdam%2Fdescubre-el-begijnhof-de-amsterdam-un-oasis-de-paz%2F|title:Begijnhof|\u00bb text=\u00bbBegijnhof podr\u00eda ser uno de los secretos mejor guardados de \u00c1msterdam. Situado en el centro de la ciudad justo detr\u00e1s de la concurrida calle comercial Kalverstraat, encontrar\u00e1s esta pieza de patrimonio cultural. Se puede visitar de forma gratuita.\u00bb img=\u00bb2502&#8243;][promo link=\u00bburl:https%3A%2F%2Fthingstodoinamsterdam.com%2Fplaces-sightseeing-amsterdam%2Fleidseplein%2F|title:Leidseplein|\u00bb img=\u00bb2510&#8243;][promo link=\u00bburl:https%3A%2F%2Fthingstodoinamsterdam.com%2Fes%2Flugares-que-visitar-y-turismo-en-amsterdam%2Fjohan-cruijff-arena-estadio-tour%2F|title:Amsterdam%20ArenA|\u00bb text=\u00bbEl Amsterdam Arena fue renombrado en honor al icono del club Johan Cruijff como Johan Cruijff Arena. Descubre el club de f\u00fatbol m\u00e1s famoso (y mejor) de los Pa\u00edses Bajos y visita la casa del Ajax.\u00bb img=\u00bb2512&#8243;][promo link=\u00bburl:https%3A%2F%2Fthingstodoinamsterdam.com%2Fes%2Flugares-que-visitar-y-turismo-en-amsterdam%2Fmuseumplein%2F|title:Museumplein\u00bb text=\u00bbMuseumplein alberga una amplia gama de museos, incluidos el mundialmente famoso Rijksmuseum y el Museo Van Gogh. Tambi\u00e9n ofrece espacio para descansar o incluso hacer un p\u00edcnic, por ejemplo, y no te lo puedes perder en tu viaje a \u00c1msterdam.\u00bb img=\u00bb2514&#8243;][promo link=\u00bburl:https%3A%2F%2Fthingstodoinamsterdam.com%2Fdam-square%2F|title:Dam%20Square|\u00bb text=\u00bbDescubre la plaza considerada el coraz\u00f3n de la ciudad. Est\u00e1 conectada a trav\u00e9s de la calle &#8216;Damrak&#8217; con la Estaci\u00f3n Central de \u00c1msterdam. En la Plaza Dam encontrar\u00e1s varios lugares de inter\u00e9s y atracciones populares, como De Grote Kerk, Madame Tussauds, el Palacio Real y Ripley&#8217;s Believe it or not.\u00bb img=\u00bb2506&#8243;][promo link=\u00bburl:https%3A%2F%2Fthingstodoinamsterdam.com%2Fes%2Fexcursiones-desde-amsterdam-de-un-dia%2F|title:Day%20trip%20from%20Amsterdam|\u00bb text=\u00bbSi tienes un poco m\u00e1s de tiempo, te recomendamos encarecidamente ir m\u00e1s all\u00e1 de los l\u00edmites de la ciudad. Hay muchos lugares justo fuera de \u00c1msterdam que realmente merecen la pena.\u00bb img=\u00bb2531733&#8243;][promo link=\u00bburl:https%3A%2F%2Fthingstodoinamsterdam.com%2Fes%2F%3Fpage_id%3D1520977|title:The%20Catboat|\u00bb text=\u00bb\u00a1Visita el \u00fanico refugio de animales flotante del mundo! Una visita obligada para cualquier amigo de los gatos. Visitar el Poezenboot es totalmente gratuito, pero se agradece un donativo.\u00bb img=\u00bb2518&#8243;][promo link=\u00bburl:https%3A%2F%2Fthingstodoinamsterdam.com%2Fplaces-sightseeing-amsterdam%2Fnieuwe-kerk%2F|title:Nieuwe%20Kerk|\u00bb text=\u00bbTodas las ciudades tienen iglesias. Pero la \u00fanica diferencia es que la de \u00c1msterdam tiene un significado muy especial en la historia del pa\u00eds. Es la iglesia donde todos los pr\u00edncipes y princesas neerlandeses, desde el rey Guillermo I en 1814, son investidos cuando ascienden al trono (en 2013 tambi\u00e9n el rey Guillermo Alejandro).\u00bb img=\u00bb2508&#8243;][promo link=\u00bburl:https%3A%2F%2Fthingstodoinamsterdam.com%2Fplaces-sightseeing-amsterdam%2Fconcertgebouw-amsterdam%2F|title:Concertgebouw%20Amsterdam|\u00bb text=\u00bbEl Concertgebouw tiene una gran tradici\u00f3n en la organizaci\u00f3n de conciertos legendarios de grandes como Gustav Mahler, Richard Strauss, Bernard Haitink, Yehudi Menuhin, Jessye Norman, Louis Armstrong, Sting y otros. Junto con otras orquestas, la Orquesta Real del Concertgebouw ofrece algunas de las mejores actuaciones. Seg\u00fan muchos expertos, la mejor orquesta del mundo. Puedes visitar el edificio y dejar que tus o\u00eddos sean acariciados por una orquesta entera, rodeado de los mejores m\u00fasicos del mundo.\u00bb img=\u00bb2504&#8243;][promo link=\u00bburl:https%3A%2F%2Fthingstodoinamsterdam.com%2Fes%2Flugares-que-visitar-y-turismo-en-amsterdam%2Famsterdam-noord%2F|title:Amsterdam-Noord\u00bb text=\u00bb\u00c1msterdam Noord es una parte de la ciudad menos descubierta por las grandes multitudes. Pero sin embargo, \u00a1definitivamente merece una visita! Esta parte m\u00e1s industrial de la ciudad se siente m\u00e1s cruda, menos pulida que el centro. T\u00f3mate un descanso del ajetreado centro tomando el ferry gratuito y explora lo que la parte norte de la ciudad tiene para ofrecer.\u00bb img=\u00bb3169&#8243;][promo link=\u00bburl:https%3A%2F%2Fthingstodoinamsterdam.com%2Fplaces-sightseeing-amsterdam%2Fde-oude-kerk%2F|title:Welcome%20to%20Amsterdam%E2%80%99s%20Oude%20Kerk%20%E2%80%93%20Amsterdam%20started%20here%21|\u00bb text=\u00bbLa Oude Kerk, literalmente la Iglesia Vieja en el Barrio Rojo, existe desde el nacimiento de la ciudad. Ya estaba all\u00ed cuando \u00c1msterdam era todav\u00eda una ciudad portuaria junto al mar. \u00a1Descubre m\u00e1s aqu\u00ed!\u00bb img=\u00bb8921&#8243;][\/promo_block][\/vc_column][\/vc_row]<\/p>\n<\/div>","protected":false},"excerpt":{"rendered":"<p>[vc_row][vc_column][vc_column_text css=\u00bb\u00bb]\u00bfEst\u00e1s visitando \u00c1msterdam y te preguntas qu\u00e9 lugares visitar? Bien, est\u00e1s planificando porque hay mucho que ver y hacer. En esta p\u00e1gina te mostramos\u2026<\/p>\n","protected":false},"author":1,"featured_media":13303,"parent":0,"menu_order":0,"comment_status":"closed","ping_status":"closed","template":"","meta":{"footnotes":""},"class_list":["post-2534860","page","type-page","status-publish","has-post-thumbnail","hentry"],"yoast_head":"<!-- This site is optimized with the Yoast SEO plugin v27.4 - https:\/\/yoast.com\/product\/yoast-seo-wordpress\/ -->\n<title>Lugares que visitar y turismo en \u00c1msterdam - ThingstodoinAmsterdam.com<\/title>\n<meta name=\"description\" content=\"\u00bfQu\u00e9 lugares no te puedes perder en tu viaje a \u00c1msterdam? Desc\u00fabrelos aqu\u00ed y vive la mejor experiencia tur\u00edstica. Desde los principales atractivos hasta secretos ocultos.\" \/>\n<meta name=\"robots\" content=\"index, follow, max-snippet:-1, max-image-preview:large, max-video-preview:-1\" \/>\n<link rel=\"canonical\" href=\"https:\/\/thingstodoinamsterdam.com\/es\/lugares-que-visitar-y-turismo-en-amsterdam\/\" \/>\n<meta property=\"og:locale\" content=\"es_ES\" \/>\n<meta property=\"og:type\" content=\"article\" \/>\n<meta property=\"og:title\" content=\"Lugares que visitar y turismo en \u00c1msterdam - ThingstodoinAmsterdam.com\" \/>\n<meta property=\"og:description\" content=\"\u00bfQu\u00e9 lugares no te puedes perder en tu viaje a \u00c1msterdam? Desc\u00fabrelos aqu\u00ed y vive la mejor experiencia tur\u00edstica. Desde los principales atractivos hasta secretos ocultos.\" \/>\n<meta property=\"og:url\" content=\"https:\/\/thingstodoinamsterdam.com\/es\/lugares-que-visitar-y-turismo-en-amsterdam\/\" \/>\n<meta property=\"og:site_name\" content=\"ThingstodoinAmsterdam.com\" \/>\n<meta property=\"article:publisher\" content=\"https:\/\/www.facebook.com\/thingstodoinamsterdamcom\" \/>\n<meta property=\"article:modified_time\" content=\"2026-03-11T12:08:09+00:00\" \/>\n<meta property=\"og:image\" content=\"https:\/\/thingstodoinamsterdam.com\/wp-content\/uploads\/2019\/08\/Amsterdam-Canal-Belt-map-by-Unesco-300x300-2.png\" \/>\n\t<meta property=\"og:image:width\" content=\"300\" \/>\n\t<meta property=\"og:image:height\" content=\"300\" \/>\n\t<meta property=\"og:image:type\" content=\"image\/png\" \/>\n<meta name=\"twitter:card\" content=\"summary_large_image\" \/>\n<meta name=\"twitter:label1\" content=\"Tiempo de lectura\" \/>\n\t<meta name=\"twitter:data1\" content=\"5 minutos\" \/>\n<script type=\"application\/ld+json\" class=\"yoast-schema-graph\">{\"@context\":\"https:\\\/\\\/schema.org\",\"@graph\":[{\"@type\":\"WebPage\",\"@id\":\"https:\\\/\\\/thingstodoinamsterdam.com\\\/es\\\/lugares-que-visitar-y-turismo-en-amsterdam\\\/\",\"url\":\"https:\\\/\\\/thingstodoinamsterdam.com\\\/es\\\/lugares-que-visitar-y-turismo-en-amsterdam\\\/\",\"name\":\"Lugares que visitar y turismo en \u00c1msterdam - ThingstodoinAmsterdam.com\",\"isPartOf\":{\"@id\":\"https:\\\/\\\/thingstodoinamsterdam.com\\\/es\\\/#website\"},\"primaryImageOfPage\":{\"@id\":\"https:\\\/\\\/thingstodoinamsterdam.com\\\/es\\\/lugares-que-visitar-y-turismo-en-amsterdam\\\/#primaryimage\"},\"image\":{\"@id\":\"https:\\\/\\\/thingstodoinamsterdam.com\\\/es\\\/lugares-que-visitar-y-turismo-en-amsterdam\\\/#primaryimage\"},\"thumbnailUrl\":\"https:\\\/\\\/thingstodoinamsterdam.com\\\/wp-content\\\/uploads\\\/2019\\\/08\\\/Amsterdam-Canal-Belt-map-by-Unesco-300x300-2.png\",\"datePublished\":\"2026-03-10T13:37:33+00:00\",\"dateModified\":\"2026-03-11T12:08:09+00:00\",\"description\":\"\u00bfQu\u00e9 lugares no te puedes perder en tu viaje a \u00c1msterdam? Desc\u00fabrelos aqu\u00ed y vive la mejor experiencia tur\u00edstica. Desde los principales atractivos hasta secretos ocultos.\",\"breadcrumb\":{\"@id\":\"https:\\\/\\\/thingstodoinamsterdam.com\\\/es\\\/lugares-que-visitar-y-turismo-en-amsterdam\\\/#breadcrumb\"},\"inLanguage\":\"es\",\"potentialAction\":[{\"@type\":\"ReadAction\",\"target\":[\"https:\\\/\\\/thingstodoinamsterdam.com\\\/es\\\/lugares-que-visitar-y-turismo-en-amsterdam\\\/\"]}]},{\"@type\":\"ImageObject\",\"inLanguage\":\"es\",\"@id\":\"https:\\\/\\\/thingstodoinamsterdam.com\\\/es\\\/lugares-que-visitar-y-turismo-en-amsterdam\\\/#primaryimage\",\"url\":\"https:\\\/\\\/thingstodoinamsterdam.com\\\/wp-content\\\/uploads\\\/2019\\\/08\\\/Amsterdam-Canal-Belt-map-by-Unesco-300x300-2.png\",\"contentUrl\":\"https:\\\/\\\/thingstodoinamsterdam.com\\\/wp-content\\\/uploads\\\/2019\\\/08\\\/Amsterdam-Canal-Belt-map-by-Unesco-300x300-2.png\",\"width\":300,\"height\":300,\"caption\":\"Canal belt\"},{\"@type\":\"BreadcrumbList\",\"@id\":\"https:\\\/\\\/thingstodoinamsterdam.com\\\/es\\\/lugares-que-visitar-y-turismo-en-amsterdam\\\/#breadcrumb\",\"itemListElement\":[{\"@type\":\"ListItem\",\"position\":1,\"name\":\"Qu\u00e9 hacer en \u00c1msterdam\",\"item\":\"https:\\\/\\\/thingstodoinamsterdam.com\\\/es\\\/\"},{\"@type\":\"ListItem\",\"position\":2,\"name\":\"Lugares que visitar y turismo en \u00c1msterdam\"}]},{\"@type\":\"WebSite\",\"@id\":\"https:\\\/\\\/thingstodoinamsterdam.com\\\/es\\\/#website\",\"url\":\"https:\\\/\\\/thingstodoinamsterdam.com\\\/es\\\/\",\"name\":\"ThingstodoinAmsterdam.com\",\"description\":\"Amsterdam&#039;s highlights and hidden secrets\",\"publisher\":{\"@id\":\"https:\\\/\\\/thingstodoinamsterdam.com\\\/es\\\/#organization\"},\"potentialAction\":[{\"@type\":\"SearchAction\",\"target\":{\"@type\":\"EntryPoint\",\"urlTemplate\":\"https:\\\/\\\/thingstodoinamsterdam.com\\\/es\\\/?s={search_term_string}\"},\"query-input\":{\"@type\":\"PropertyValueSpecification\",\"valueRequired\":true,\"valueName\":\"search_term_string\"}}],\"inLanguage\":\"es\"},{\"@type\":\"Organization\",\"@id\":\"https:\\\/\\\/thingstodoinamsterdam.com\\\/es\\\/#organization\",\"name\":\"Qu\u00e9 hacer en \u00c1msterdam\",\"url\":\"https:\\\/\\\/thingstodoinamsterdam.com\\\/es\\\/\",\"logo\":{\"@type\":\"ImageObject\",\"inLanguage\":\"es\",\"@id\":\"https:\\\/\\\/thingstodoinamsterdam.com\\\/es\\\/#\\\/schema\\\/logo\\\/image\\\/\",\"url\":\"https:\\\/\\\/thingstodoinamsterdam.com\\\/wp-content\\\/uploads\\\/2025\\\/02\\\/ThingsToDoInAmsterdam-Favicon-logo.png\",\"contentUrl\":\"https:\\\/\\\/thingstodoinamsterdam.com\\\/wp-content\\\/uploads\\\/2025\\\/02\\\/ThingsToDoInAmsterdam-Favicon-logo.png\",\"width\":512,\"height\":512,\"caption\":\"Qu\u00e9 hacer en \u00c1msterdam\"},\"image\":{\"@id\":\"https:\\\/\\\/thingstodoinamsterdam.com\\\/es\\\/#\\\/schema\\\/logo\\\/image\\\/\"},\"sameAs\":[\"https:\\\/\\\/www.facebook.com\\\/thingstodoinamsterdamcom\"]}]}<\/script>\n<!-- \/ Yoast SEO plugin. -->","yoast_head_json":{"title":"Lugares que visitar y turismo en \u00c1msterdam - ThingstodoinAmsterdam.com","description":"\u00bfQu\u00e9 lugares no te puedes perder en tu viaje a \u00c1msterdam? Desc\u00fabrelos aqu\u00ed y vive la mejor experiencia tur\u00edstica. Desde los principales atractivos hasta secretos ocultos.","robots":{"index":"index","follow":"follow","max-snippet":"max-snippet:-1","max-image-preview":"max-image-preview:large","max-video-preview":"max-video-preview:-1"},"canonical":"https:\/\/thingstodoinamsterdam.com\/es\/lugares-que-visitar-y-turismo-en-amsterdam\/","og_locale":"es_ES","og_type":"article","og_title":"Lugares que visitar y turismo en \u00c1msterdam - ThingstodoinAmsterdam.com","og_description":"\u00bfQu\u00e9 lugares no te puedes perder en tu viaje a \u00c1msterdam? Desc\u00fabrelos aqu\u00ed y vive la mejor experiencia tur\u00edstica. Desde los principales atractivos hasta secretos ocultos.","og_url":"https:\/\/thingstodoinamsterdam.com\/es\/lugares-que-visitar-y-turismo-en-amsterdam\/","og_site_name":"ThingstodoinAmsterdam.com","article_publisher":"https:\/\/www.facebook.com\/thingstodoinamsterdamcom","article_modified_time":"2026-03-11T12:08:09+00:00","og_image":[{"width":300,"height":300,"url":"https:\/\/thingstodoinamsterdam.com\/wp-content\/uploads\/2019\/08\/Amsterdam-Canal-Belt-map-by-Unesco-300x300-2.png","type":"image\/png"}],"twitter_card":"summary_large_image","twitter_misc":{"Tiempo de lectura":"5 minutos"},"schema":{"@context":"https:\/\/schema.org","@graph":[{"@type":"WebPage","@id":"https:\/\/thingstodoinamsterdam.com\/es\/lugares-que-visitar-y-turismo-en-amsterdam\/","url":"https:\/\/thingstodoinamsterdam.com\/es\/lugares-que-visitar-y-turismo-en-amsterdam\/","name":"Lugares que visitar y turismo en \u00c1msterdam - ThingstodoinAmsterdam.com","isPartOf":{"@id":"https:\/\/thingstodoinamsterdam.com\/es\/#website"},"primaryImageOfPage":{"@id":"https:\/\/thingstodoinamsterdam.com\/es\/lugares-que-visitar-y-turismo-en-amsterdam\/#primaryimage"},"image":{"@id":"https:\/\/thingstodoinamsterdam.com\/es\/lugares-que-visitar-y-turismo-en-amsterdam\/#primaryimage"},"thumbnailUrl":"https:\/\/thingstodoinamsterdam.com\/wp-content\/uploads\/2019\/08\/Amsterdam-Canal-Belt-map-by-Unesco-300x300-2.png","datePublished":"2026-03-10T13:37:33+00:00","dateModified":"2026-03-11T12:08:09+00:00","description":"\u00bfQu\u00e9 lugares no te puedes perder en tu viaje a \u00c1msterdam? Desc\u00fabrelos aqu\u00ed y vive la mejor experiencia tur\u00edstica. Desde los principales atractivos hasta secretos ocultos.","breadcrumb":{"@id":"https:\/\/thingstodoinamsterdam.com\/es\/lugares-que-visitar-y-turismo-en-amsterdam\/#breadcrumb"},"inLanguage":"es","potentialAction":[{"@type":"ReadAction","target":["https:\/\/thingstodoinamsterdam.com\/es\/lugares-que-visitar-y-turismo-en-amsterdam\/"]}]},{"@type":"ImageObject","inLanguage":"es","@id":"https:\/\/thingstodoinamsterdam.com\/es\/lugares-que-visitar-y-turismo-en-amsterdam\/#primaryimage","url":"https:\/\/thingstodoinamsterdam.com\/wp-content\/uploads\/2019\/08\/Amsterdam-Canal-Belt-map-by-Unesco-300x300-2.png","contentUrl":"https:\/\/thingstodoinamsterdam.com\/wp-content\/uploads\/2019\/08\/Amsterdam-Canal-Belt-map-by-Unesco-300x300-2.png","width":300,"height":300,"caption":"Canal belt"},{"@type":"BreadcrumbList","@id":"https:\/\/thingstodoinamsterdam.com\/es\/lugares-que-visitar-y-turismo-en-amsterdam\/#breadcrumb","itemListElement":[{"@type":"ListItem","position":1,"name":"Qu\u00e9 hacer en \u00c1msterdam","item":"https:\/\/thingstodoinamsterdam.com\/es\/"},{"@type":"ListItem","position":2,"name":"Lugares que visitar y turismo en \u00c1msterdam"}]},{"@type":"WebSite","@id":"https:\/\/thingstodoinamsterdam.com\/es\/#website","url":"https:\/\/thingstodoinamsterdam.com\/es\/","name":"ThingstodoinAmsterdam.com","description":"Amsterdam&#039;s highlights and hidden secrets","publisher":{"@id":"https:\/\/thingstodoinamsterdam.com\/es\/#organization"},"potentialAction":[{"@type":"SearchAction","target":{"@type":"EntryPoint","urlTemplate":"https:\/\/thingstodoinamsterdam.com\/es\/?s={search_term_string}"},"query-input":{"@type":"PropertyValueSpecification","valueRequired":true,"valueName":"search_term_string"}}],"inLanguage":"es"},{"@type":"Organization","@id":"https:\/\/thingstodoinamsterdam.com\/es\/#organization","name":"Qu\u00e9 hacer en \u00c1msterdam","url":"https:\/\/thingstodoinamsterdam.com\/es\/","logo":{"@type":"ImageObject","inLanguage":"es","@id":"https:\/\/thingstodoinamsterdam.com\/es\/#\/schema\/logo\/image\/","url":"https:\/\/thingstodoinamsterdam.com\/wp-content\/uploads\/2025\/02\/ThingsToDoInAmsterdam-Favicon-logo.png","contentUrl":"https:\/\/thingstodoinamsterdam.com\/wp-content\/uploads\/2025\/02\/ThingsToDoInAmsterdam-Favicon-logo.png","width":512,"height":512,"caption":"Qu\u00e9 hacer en \u00c1msterdam"},"image":{"@id":"https:\/\/thingstodoinamsterdam.com\/es\/#\/schema\/logo\/image\/"},"sameAs":["https:\/\/www.facebook.com\/thingstodoinamsterdamcom"]}]}},"_links":{"self":[{"href":"https:\/\/thingstodoinamsterdam.com\/es\/wp-json\/wp\/v2\/pages\/2534860","targetHints":{"allow":["GET"]}}],"collection":[{"href":"https:\/\/thingstodoinamsterdam.com\/es\/wp-json\/wp\/v2\/pages"}],"about":[{"href":"https:\/\/thingstodoinamsterdam.com\/es\/wp-json\/wp\/v2\/types\/page"}],"author":[{"embeddable":true,"href":"https:\/\/thingstodoinamsterdam.com\/es\/wp-json\/wp\/v2\/users\/1"}],"replies":[{"embeddable":true,"href":"https:\/\/thingstodoinamsterdam.com\/es\/wp-json\/wp\/v2\/comments?post=2534860"}],"version-history":[{"count":5,"href":"https:\/\/thingstodoinamsterdam.com\/es\/wp-json\/wp\/v2\/pages\/2534860\/revisions"}],"predecessor-version":[{"id":2535173,"href":"https:\/\/thingstodoinamsterdam.com\/es\/wp-json\/wp\/v2\/pages\/2534860\/revisions\/2535173"}],"wp:featuredmedia":[{"embeddable":true,"href":"https:\/\/thingstodoinamsterdam.com\/es\/wp-json\/wp\/v2\/media\/13303"}],"wp:attachment":[{"href":"https:\/\/thingstodoinamsterdam.com\/es\/wp-json\/wp\/v2\/media?parent=2534860"}],"curies":[{"name":"wp","href":"https:\/\/api.w.org\/{rel}","templated":true}]}}