{"id":2534934,"date":"2026-03-10T15:21:56","date_gmt":"2026-03-10T14:21:56","guid":{"rendered":"https:\/\/thingstodoinamsterdam.com\/informacion-practica\/"},"modified":"2026-04-14T09:49:05","modified_gmt":"2026-04-14T07:49:05","slug":"informacion-practica","status":"publish","type":"page","link":"https:\/\/thingstodoinamsterdam.com\/es\/informacion-practica\/","title":{"rendered":"Informaci\u00f3n pr\u00e1ctica"},"content":{"rendered":"<div class=\"wpb-content-wrapper\"><p>[vc_row][vc_column][vc_column_text css=\u00bb\u00bb]En esta lista, encontrar\u00e1s un resumen r\u00e1pido de los temas de informaci\u00f3n pr\u00e1ctica m\u00e1s comunes.<\/p>\n<ul>\n<li><strong>N\u00famero de emergencia<\/strong>: llama al <strong>112<\/strong> en caso de una situaci\u00f3n de riesgo vital.<\/li>\n<li><strong>Idioma neerland\u00e9s<\/strong>: En los Pa\u00edses Bajos se habla neerland\u00e9s. No obstante, muchos han adoptado el ingl\u00e9s como segunda lengua. Esto significa que puedes desenvolverte f\u00e1cilmente con un ingl\u00e9s b\u00e1sico. Otros idiomas que hablan muchos neerlandeses son el franc\u00e9s y el alem\u00e1n.   <\/li>\n<li><strong>Dinero y moneda<\/strong>: el euro (EUR, \u20ac) se utiliza como moneda en todo el pa\u00eds. Las monedas extranjeras se pueden cambiar, pero no se aceptan. O simplemente usa tu tarjeta bancaria nacional en uno de los muchos cajeros autom\u00e1ticos. Las tarjetas de cr\u00e9dito suelen aceptarse en hoteles, restaurantes y gasolineras. Sin embargo, ten en cuenta que la mayor\u00eda de los supermercados no aceptan pagos con tarjeta de cr\u00e9dito.    <\/li>\n<li><strong>Tarjetas de descuento<\/strong>: Las tarjetas de descuento m\u00e1s utilizadas en \u00c1msterdam son la <a href=\"https:\/\/thingstodoinamsterdam.com\/es\/informacion-practica\/i-amsterdam-city-card\/\">I Amsterdam City Card<\/a> y la Museumkaart.<\/li>\n<li><strong>Visitar \u00c1msterdam con <\/strong><b>ni\u00f1os<\/b>: \u00c1msterdam se considera una ciudad muy segura. Aunque hay mucho tr\u00e1fico, mucha gente no se detiene en los sem\u00e1foros. Algunos lugare\u00f1os utilizan el t\u00e9rmino \u201cverde \u00c1msterdam\u201d para referirse a un sem\u00e1foro en rojo. Dicho esto, hay much\u00edsimas actividades para hacer con ni\u00f1os peque\u00f1os o adolescentes.   <\/li>\n<li><strong>Embajadas<\/strong>: a trav\u00e9s de la p\u00e1gina web del <a href=\"https:\/\/www.government.nl\/topics\/embassies-consulates-and-other-representations\">Ministerio de Asuntos Exteriores<\/a> puedes introducir tu pa\u00eds para ver exactamente d\u00f3nde se encuentra la embajada de tu pa\u00eds. Algunos de vosotros tambi\u00e9n necesitar\u00e9is saber si es obligatorio un visado para vuestro viaje. <\/li>\n<li><strong>Enchufes y tomas de corriente<\/strong>: En los Pa\u00edses Bajos se utiliza habitualmente el Europlug. Es un enchufe de CA plano, de dos polos no desmontable y clavijas redondas, preparado para voltajes de hasta 250 V y corrientes de hasta 2,5 A. <\/li>\n<\/ul>\n<p>[\/vc_column_text][vc_column_text]\u00bfEst\u00e1s visitando \u00c1msterdam y quieres estar bien preparado? \u00a1Consulta los diversos temas tratados en esta web a continuaci\u00f3n![\/vc_column_text][\/vc_column][\/vc_row][vc_row][vc_column][promo_block style_var=\u00bbstyle2&#8243; el_id=\u00bb1565265736520-ebffa72c-0349&#8243;][promo link=\u00bburl:https%3A%2F%2Fthingstodoinamsterdam.com%2Fes%2Finformacion-practica%2Fi-amsterdam-city-card%2F|title:I%20amsterdam%20City%20Card|\u00bb text=\u00bb\u00a1Descubre \u00c1msterdam con la I Amsterdam City Card! Esta tarjeta te da acceso gratuito a muchas atracciones importantes y ofrece descuentos en muchas m\u00e1s. Adem\u00e1s, tambi\u00e9n se puede usar en el transporte p\u00fablico, \u00a1descubre m\u00e1s aqu\u00ed!  \u00bb img=\u00bb2945&#8243;][promo link=\u00bburl:https%3A%2F%2Fthingstodoinamsterdam.com%2Fes%2Ftransporte-en-amsterdam%2Faparcar-en-amsterdam%2F|title:Aparcar%20en%20%C3%81msterdam|\u00bb text=\u00bbAparcar en \u00c1msterdam es todo un tema. Las tarifas de aparcamiento en la calle son caras y la disponibilidad es limitada. Por lo tanto, un poco de planificaci\u00f3n con respecto al aparcamiento puede ahorrarte mucho tiempo y dinero.  \u00bb img=\u00bb2703&#8243;][promo link=\u00bburl:https%3A%2F%2Fthingstodoinamsterdam.com%2Fes%2Finformacion-practica%2Fmejores-servicios-entrega-comida%2F|title:Los%20mejores%20servicios%20de%20entrega%20de%20comida%20en%20%C3%81msterdam|\u00bb text=\u00bb\u00a1Disfruta de lo mejor de la escena culinaria de \u00c1msterdam desde la comodidad de tu alojamiento! Ya sea que te apetezcan platos holandeses locales, sushi fresco o hamburguesas gourmet, los servicios de entrega de comida de la ciudad te traen un mundo de sabores directamente a tu puerta. Descubre las plataformas m\u00e1s fiables, las opciones de entrega m\u00e1s r\u00e1pidas y las mejores ofertas para satisfacer tu apetito sin salir de casa.  \u00bb img=\u00bb2028370&#8243;][promo link=\u00bburl:https%3A%2F%2Fthingstodoinamsterdam.com%2Fes%2Ftiempo-y-clima-de-amsterdam%2F|title:El%20tiempo%20en%20%C3%81msterdam|\u00bb text=\u00bbEn solo unos minutos podr\u00e1s estar completamente informado y preparado para el tiempo en \u00c1msterdam\u00bb img=\u00bb2697&#8243;][promo link=\u00bburl:https%3A%2F%2Fthingstodoinamsterdam.com%2Fes%2Ftransporte-en-amsterdam%2F|title:Transporte%20en%20%C3%81msterdam|\u00bb text=\u00bb\u00a1Lee todo sobre c\u00f3mo viajar en y hacia \u00c1msterdam! \u00a1La infraestructura de transporte p\u00fablico es excelente! Consulta todas tus opciones, desde volar hasta conducir y, por supuesto, alquilar una bicicleta.  \u00bb img=\u00bb2695&#8243;][promo link=\u00bburl:https%3A%2F%2Fthingstodoinamsterdam.com%2Fes%2Fdonde-alojarse-en-amsterdam%2F|title:D%C3%B3nde%20alojarse%20en%20%C3%81msterdam|\u00bb text=\u00bbSi a\u00fan no has reservado tu hotel, este art\u00edculo te ayudar\u00e1 a entender qu\u00e9 debes tener en cuenta al reservar tu hotel o alojamiento.\u00bb img=\u00bb1971&#8243;][promo link=\u00bburl:https%3A%2F%2Fthingstodoinamsterdam.com%2Fpractical-information%2Fodido-esim%2F|title:Odido%20ESIM|\u00bb text=\u00bbMantenerse conectado mientras visitas \u00c1msterdam o cualquier lugar de los Pa\u00edses Bajos es m\u00e1s f\u00e1cil que nunca. Una opci\u00f3n que los viajeros pueden considerar es la eSIM SimWallet de Odido. \u00bb img=\u00bb2529175&#8243;][promo link=\u00bburl:https%3A%2F%2Fthingstodoinamsterdam.com%2Fbest-time-visit-amsterdam%2F|title:La%20mejor%20%C3%A9poca%20para%20visitar%20%C3%81msterdam|\u00bb text=\u00bbConoce la mejor \u00e9poca para visitar \u00c1msterdam seg\u00fan tus necesidades\u00bb img=\u00bb1087&#8243;][promo link=\u00bburl:https%3A%2F%2Fthingstodoinamsterdam.com%2Fpractical-information%2Ftourist-information-center-amsterdam%2F|title:Oficina%20de%20Turismo%20de%20%C3%81msterdam|\u00bb text=\u00bb\u00a1Descubre d\u00f3nde est\u00e1n las oficinas de turismo y qu\u00e9 pueden ofrecerte!\u00bb img=\u00bb2693&#8243;][promo link=\u00bburl:https%3A%2F%2Fthingstodoinamsterdam.com%2Fpractical-information%2Ffaq-amsterdam%2F|title:Preguntas%20frecuentes%20sobre%20%C3%81msterdam|\u00bb text=\u00bbEncuentra tu respuesta a la mayor\u00eda de las preguntas frecuentes de thingstodoinamsterdam.com\u00bb img=\u00bb2701&#8243;][promo link=\u00bburl:https%3A%2F%2Fthingstodoinamsterdam.com%2Fpractical-information%2Famsterdam-maps%2F|title:Mapa%20de%20%C3%81msterdam|\u00bb text=\u00bbDescubre y prep\u00e1rate con el mapa de la ciudad de \u00c1msterdam\u00bb img=\u00bb2699&#8243;][promo link=\u00bburl:https%3A%2F%2Fthingstodoinamsterdam.com%2Fpractical-information%2Famsterdam-apps%2F|title:Aplicaciones%20de%20%C3%81msterdam|\u00bb text=\u00bbEncuentra aqu\u00ed las aplicaciones de viaje m\u00e1s utilizadas para \u00c1msterdam\u00bb img=\u00bb2691&#8243;][\/promo_block][\/vc_column][\/vc_row]<\/p>\n<\/div>","protected":false},"excerpt":{"rendered":"<p>[vc_row][vc_column][vc_column_text css=\u00bb\u00bb]En esta lista, encontrar\u00e1s un resumen r\u00e1pido de los temas de informaci\u00f3n pr\u00e1ctica m\u00e1s comunes. N\u00famero de emergencia: llama al 112 en caso de\u2026<\/p>\n","protected":false},"author":1,"featured_media":0,"parent":0,"menu_order":0,"comment_status":"closed","ping_status":"closed","template":"","meta":{"footnotes":""},"class_list":["post-2534934","page","type-page","status-publish","hentry"],"yoast_head":"<!-- This site is optimized with the Yoast SEO plugin v27.4 - https:\/\/yoast.com\/product\/yoast-seo-wordpress\/ -->\n<title>Informaci\u00f3n pr\u00e1ctica - thingstodoinamsterdam.com<\/title>\n<meta name=\"description\" content=\"Echa un vistazo a la informaci\u00f3n pr\u00e1ctica para tu viaje a \u00c1msterdam. Esta informaci\u00f3n te ayudar\u00e1 a ahorrar mucho dinero y tiempo. \u00a1Prep\u00e1rate!\" \/>\n<meta name=\"robots\" content=\"index, follow, max-snippet:-1, max-image-preview:large, max-video-preview:-1\" \/>\n<link rel=\"canonical\" href=\"https:\/\/thingstodoinamsterdam.com\/es\/informacion-practica\/\" \/>\n<meta property=\"og:locale\" content=\"es_ES\" \/>\n<meta property=\"og:type\" content=\"article\" \/>\n<meta property=\"og:title\" content=\"Informaci\u00f3n pr\u00e1ctica - thingstodoinamsterdam.com\" \/>\n<meta property=\"og:description\" content=\"Echa un vistazo a la informaci\u00f3n pr\u00e1ctica para tu viaje a \u00c1msterdam. Esta informaci\u00f3n te ayudar\u00e1 a ahorrar mucho dinero y tiempo. \u00a1Prep\u00e1rate!\" \/>\n<meta property=\"og:url\" content=\"https:\/\/thingstodoinamsterdam.com\/es\/informacion-practica\/\" \/>\n<meta property=\"og:site_name\" content=\"ThingstodoinAmsterdam.com\" \/>\n<meta property=\"article:publisher\" content=\"https:\/\/www.facebook.com\/thingstodoinamsterdamcom\" \/>\n<meta property=\"article:modified_time\" content=\"2026-04-14T07:49:05+00:00\" \/>\n<meta name=\"twitter:card\" content=\"summary_large_image\" \/>\n<meta name=\"twitter:label1\" content=\"Tiempo de lectura\" \/>\n\t<meta name=\"twitter:data1\" content=\"5 minutos\" \/>\n<script type=\"application\/ld+json\" class=\"yoast-schema-graph\">{\"@context\":\"https:\\\/\\\/schema.org\",\"@graph\":[{\"@type\":\"WebPage\",\"@id\":\"https:\\\/\\\/thingstodoinamsterdam.com\\\/es\\\/informacion-practica\\\/\",\"url\":\"https:\\\/\\\/thingstodoinamsterdam.com\\\/es\\\/informacion-practica\\\/\",\"name\":\"Informaci\u00f3n pr\u00e1ctica - thingstodoinamsterdam.com\",\"isPartOf\":{\"@id\":\"https:\\\/\\\/thingstodoinamsterdam.com\\\/es\\\/#website\"},\"datePublished\":\"2026-03-10T14:21:56+00:00\",\"dateModified\":\"2026-04-14T07:49:05+00:00\",\"description\":\"Echa un vistazo a la informaci\u00f3n pr\u00e1ctica para tu viaje a \u00c1msterdam. Esta informaci\u00f3n te ayudar\u00e1 a ahorrar mucho dinero y tiempo. \u00a1Prep\u00e1rate!\",\"breadcrumb\":{\"@id\":\"https:\\\/\\\/thingstodoinamsterdam.com\\\/es\\\/informacion-practica\\\/#breadcrumb\"},\"inLanguage\":\"es\",\"potentialAction\":[{\"@type\":\"ReadAction\",\"target\":[\"https:\\\/\\\/thingstodoinamsterdam.com\\\/es\\\/informacion-practica\\\/\"]}]},{\"@type\":\"BreadcrumbList\",\"@id\":\"https:\\\/\\\/thingstodoinamsterdam.com\\\/es\\\/informacion-practica\\\/#breadcrumb\",\"itemListElement\":[{\"@type\":\"ListItem\",\"position\":1,\"name\":\"Qu\u00e9 hacer en \u00c1msterdam\",\"item\":\"https:\\\/\\\/thingstodoinamsterdam.com\\\/es\\\/\"},{\"@type\":\"ListItem\",\"position\":2,\"name\":\"Informaci\u00f3n pr\u00e1ctica\"}]},{\"@type\":\"WebSite\",\"@id\":\"https:\\\/\\\/thingstodoinamsterdam.com\\\/es\\\/#website\",\"url\":\"https:\\\/\\\/thingstodoinamsterdam.com\\\/es\\\/\",\"name\":\"ThingstodoinAmsterdam.com\",\"description\":\"Amsterdam&#039;s highlights and hidden secrets\",\"publisher\":{\"@id\":\"https:\\\/\\\/thingstodoinamsterdam.com\\\/es\\\/#organization\"},\"potentialAction\":[{\"@type\":\"SearchAction\",\"target\":{\"@type\":\"EntryPoint\",\"urlTemplate\":\"https:\\\/\\\/thingstodoinamsterdam.com\\\/es\\\/?s={search_term_string}\"},\"query-input\":{\"@type\":\"PropertyValueSpecification\",\"valueRequired\":true,\"valueName\":\"search_term_string\"}}],\"inLanguage\":\"es\"},{\"@type\":\"Organization\",\"@id\":\"https:\\\/\\\/thingstodoinamsterdam.com\\\/es\\\/#organization\",\"name\":\"Qu\u00e9 hacer en \u00c1msterdam\",\"url\":\"https:\\\/\\\/thingstodoinamsterdam.com\\\/es\\\/\",\"logo\":{\"@type\":\"ImageObject\",\"inLanguage\":\"es\",\"@id\":\"https:\\\/\\\/thingstodoinamsterdam.com\\\/es\\\/#\\\/schema\\\/logo\\\/image\\\/\",\"url\":\"https:\\\/\\\/thingstodoinamsterdam.com\\\/wp-content\\\/uploads\\\/2025\\\/02\\\/ThingsToDoInAmsterdam-Favicon-logo.png\",\"contentUrl\":\"https:\\\/\\\/thingstodoinamsterdam.com\\\/wp-content\\\/uploads\\\/2025\\\/02\\\/ThingsToDoInAmsterdam-Favicon-logo.png\",\"width\":512,\"height\":512,\"caption\":\"Qu\u00e9 hacer en \u00c1msterdam\"},\"image\":{\"@id\":\"https:\\\/\\\/thingstodoinamsterdam.com\\\/es\\\/#\\\/schema\\\/logo\\\/image\\\/\"},\"sameAs\":[\"https:\\\/\\\/www.facebook.com\\\/thingstodoinamsterdamcom\"]}]}<\/script>\n<!-- \/ Yoast SEO plugin. -->","yoast_head_json":{"title":"Informaci\u00f3n pr\u00e1ctica - thingstodoinamsterdam.com","description":"Echa un vistazo a la informaci\u00f3n pr\u00e1ctica para tu viaje a \u00c1msterdam. Esta informaci\u00f3n te ayudar\u00e1 a ahorrar mucho dinero y tiempo. \u00a1Prep\u00e1rate!","robots":{"index":"index","follow":"follow","max-snippet":"max-snippet:-1","max-image-preview":"max-image-preview:large","max-video-preview":"max-video-preview:-1"},"canonical":"https:\/\/thingstodoinamsterdam.com\/es\/informacion-practica\/","og_locale":"es_ES","og_type":"article","og_title":"Informaci\u00f3n pr\u00e1ctica - thingstodoinamsterdam.com","og_description":"Echa un vistazo a la informaci\u00f3n pr\u00e1ctica para tu viaje a \u00c1msterdam. Esta informaci\u00f3n te ayudar\u00e1 a ahorrar mucho dinero y tiempo. \u00a1Prep\u00e1rate!","og_url":"https:\/\/thingstodoinamsterdam.com\/es\/informacion-practica\/","og_site_name":"ThingstodoinAmsterdam.com","article_publisher":"https:\/\/www.facebook.com\/thingstodoinamsterdamcom","article_modified_time":"2026-04-14T07:49:05+00:00","twitter_card":"summary_large_image","twitter_misc":{"Tiempo de lectura":"5 minutos"},"schema":{"@context":"https:\/\/schema.org","@graph":[{"@type":"WebPage","@id":"https:\/\/thingstodoinamsterdam.com\/es\/informacion-practica\/","url":"https:\/\/thingstodoinamsterdam.com\/es\/informacion-practica\/","name":"Informaci\u00f3n pr\u00e1ctica - thingstodoinamsterdam.com","isPartOf":{"@id":"https:\/\/thingstodoinamsterdam.com\/es\/#website"},"datePublished":"2026-03-10T14:21:56+00:00","dateModified":"2026-04-14T07:49:05+00:00","description":"Echa un vistazo a la informaci\u00f3n pr\u00e1ctica para tu viaje a \u00c1msterdam. Esta informaci\u00f3n te ayudar\u00e1 a ahorrar mucho dinero y tiempo. \u00a1Prep\u00e1rate!","breadcrumb":{"@id":"https:\/\/thingstodoinamsterdam.com\/es\/informacion-practica\/#breadcrumb"},"inLanguage":"es","potentialAction":[{"@type":"ReadAction","target":["https:\/\/thingstodoinamsterdam.com\/es\/informacion-practica\/"]}]},{"@type":"BreadcrumbList","@id":"https:\/\/thingstodoinamsterdam.com\/es\/informacion-practica\/#breadcrumb","itemListElement":[{"@type":"ListItem","position":1,"name":"Qu\u00e9 hacer en \u00c1msterdam","item":"https:\/\/thingstodoinamsterdam.com\/es\/"},{"@type":"ListItem","position":2,"name":"Informaci\u00f3n pr\u00e1ctica"}]},{"@type":"WebSite","@id":"https:\/\/thingstodoinamsterdam.com\/es\/#website","url":"https:\/\/thingstodoinamsterdam.com\/es\/","name":"ThingstodoinAmsterdam.com","description":"Amsterdam&#039;s highlights and hidden secrets","publisher":{"@id":"https:\/\/thingstodoinamsterdam.com\/es\/#organization"},"potentialAction":[{"@type":"SearchAction","target":{"@type":"EntryPoint","urlTemplate":"https:\/\/thingstodoinamsterdam.com\/es\/?s={search_term_string}"},"query-input":{"@type":"PropertyValueSpecification","valueRequired":true,"valueName":"search_term_string"}}],"inLanguage":"es"},{"@type":"Organization","@id":"https:\/\/thingstodoinamsterdam.com\/es\/#organization","name":"Qu\u00e9 hacer en \u00c1msterdam","url":"https:\/\/thingstodoinamsterdam.com\/es\/","logo":{"@type":"ImageObject","inLanguage":"es","@id":"https:\/\/thingstodoinamsterdam.com\/es\/#\/schema\/logo\/image\/","url":"https:\/\/thingstodoinamsterdam.com\/wp-content\/uploads\/2025\/02\/ThingsToDoInAmsterdam-Favicon-logo.png","contentUrl":"https:\/\/thingstodoinamsterdam.com\/wp-content\/uploads\/2025\/02\/ThingsToDoInAmsterdam-Favicon-logo.png","width":512,"height":512,"caption":"Qu\u00e9 hacer en \u00c1msterdam"},"image":{"@id":"https:\/\/thingstodoinamsterdam.com\/es\/#\/schema\/logo\/image\/"},"sameAs":["https:\/\/www.facebook.com\/thingstodoinamsterdamcom"]}]}},"_links":{"self":[{"href":"https:\/\/thingstodoinamsterdam.com\/es\/wp-json\/wp\/v2\/pages\/2534934","targetHints":{"allow":["GET"]}}],"collection":[{"href":"https:\/\/thingstodoinamsterdam.com\/es\/wp-json\/wp\/v2\/pages"}],"about":[{"href":"https:\/\/thingstodoinamsterdam.com\/es\/wp-json\/wp\/v2\/types\/page"}],"author":[{"embeddable":true,"href":"https:\/\/thingstodoinamsterdam.com\/es\/wp-json\/wp\/v2\/users\/1"}],"replies":[{"embeddable":true,"href":"https:\/\/thingstodoinamsterdam.com\/es\/wp-json\/wp\/v2\/comments?post=2534934"}],"version-history":[{"count":5,"href":"https:\/\/thingstodoinamsterdam.com\/es\/wp-json\/wp\/v2\/pages\/2534934\/revisions"}],"predecessor-version":[{"id":2539342,"href":"https:\/\/thingstodoinamsterdam.com\/es\/wp-json\/wp\/v2\/pages\/2534934\/revisions\/2539342"}],"wp:attachment":[{"href":"https:\/\/thingstodoinamsterdam.com\/es\/wp-json\/wp\/v2\/media?parent=2534934"}],"curies":[{"name":"wp","href":"https:\/\/api.w.org\/{rel}","templated":true}]}}