{"id":516321,"date":"2023-06-23T16:23:52","date_gmt":"2023-06-23T15:23:52","guid":{"rendered":"https:\/\/thingstodoinamsterdam.com\/?page_id=516321"},"modified":"2025-07-01T11:51:19","modified_gmt":"2025-07-01T09:51:19","slug":"museo-maritimo-nacional","status":"publish","type":"page","link":"https:\/\/thingstodoinamsterdam.com\/es\/museos-amsterdam\/museo-maritimo-nacional\/","title":{"rendered":"Museo Mar\u00edtimo Nacional"},"content":{"rendered":"<div class=\"wpb-content-wrapper\"><p>[vc_row][vc_column width=\u00bb2\/3&#8243;][vc_column_text]Si te gustan los barcos, te encantar\u00e1 visitar el Museo Mar\u00edtimo Nacional. En este museo, podr\u00e1s aprender m\u00e1s sobre la historia mar\u00edtima de los Pa\u00edses Bajos y que sirvi\u00f3 para darle forma al pa\u00eds que es hoy actualmente. El museo muestra los \u00faltimos 500 a\u00f1os de la historia mar\u00edtima del pa\u00eds y es perfecto para el p\u00fablico m\u00e1s joven tambi\u00e9n ya que hay una r\u00e9plica del antiguo velero \u00bbEast Indiaman \u00c1msterdam\u00bb la cual se puede visitar por dentro. En el museo hay centenares de elementos interactivos, los cuales aportar\u00e1n diversi\u00f3n a los ni\u00f1os.<\/p><div id=\"ez-toc-container\" class=\"ez-toc-v2_0_82_2 counter-hierarchy ez-toc-counter ez-toc-custom ez-toc-container-direction\">\n<div class=\"ez-toc-title-container\">\n<span class=\"ez-toc-title-toggle\"><a href=\"#\" class=\"ez-toc-pull-right ez-toc-btn ez-toc-btn-xs ez-toc-btn-default ez-toc-toggle\" aria-label=\"Alternar tabla de contenidos\"><span class=\"ez-toc-js-icon-con\"><span class=\"\"><span class=\"eztoc-hide\" style=\"display:none;\">Toggle<\/span><span class=\"ez-toc-icon-toggle-span\"><svg style=\"fill: #999;color:#999\" xmlns=\"http:\/\/www.w3.org\/2000\/svg\" class=\"list-377408\" width=\"20px\" height=\"20px\" viewBox=\"0 0 24 24\" fill=\"none\"><path d=\"M6 6H4v2h2V6zm14 0H8v2h12V6zM4 11h2v2H4v-2zm16 0H8v2h12v-2zM4 16h2v2H4v-2zm16 0H8v2h12v-2z\" fill=\"currentColor\"><\/path><\/svg><svg style=\"fill: #999;color:#999\" class=\"arrow-unsorted-368013\" xmlns=\"http:\/\/www.w3.org\/2000\/svg\" width=\"10px\" height=\"10px\" viewBox=\"0 0 24 24\" version=\"1.2\" baseProfile=\"tiny\"><path d=\"M18.2 9.3l-6.2-6.3-6.2 6.3c-.2.2-.3.4-.3.7s.1.5.3.7c.2.2.4.3.7.3h11c.3 0 .5-.1.7-.3.2-.2.3-.5.3-.7s-.1-.5-.3-.7zM5.8 14.7l6.2 6.3 6.2-6.3c.2-.2.3-.5.3-.7s-.1-.5-.3-.7c-.2-.2-.4-.3-.7-.3h-11c-.3 0-.5.1-.7.3-.2.2-.3.5-.3.7s.1.5.3.7z\"\/><\/svg><\/span><\/span><\/span><\/a><\/span><\/div>\n<nav><ul class='ez-toc-list ez-toc-list-level-1 ' ><li class='ez-toc-page-1 ez-toc-heading-level-2'><a class=\"ez-toc-link ez-toc-heading-1\" href=\"https:\/\/thingstodoinamsterdam.com\/es\/museos-amsterdam\/museo-maritimo-nacional\/#horario-de-apertura\" >Horario de apertura<\/a><\/li><li class='ez-toc-page-1 ez-toc-heading-level-2'><a class=\"ez-toc-link ez-toc-heading-2\" href=\"https:\/\/thingstodoinamsterdam.com\/es\/museos-amsterdam\/museo-maritimo-nacional\/#entradas-precios-y-descuentos-para-el-museo-maritimo-nacional\" >Entradas, precios y descuentos para el Museo Mar\u00edtimo Nacional<\/a><\/li><li class='ez-toc-page-1 ez-toc-heading-level-2'><a class=\"ez-toc-link ez-toc-heading-3\" href=\"https:\/\/thingstodoinamsterdam.com\/es\/museos-amsterdam\/museo-maritimo-nacional\/#direccion-informacion-de-contacto-y-como-llegar-al-museo\" >Direcci\u00f3n, informaci\u00f3n de contacto y c\u00f3mo llegar al museo<\/a><\/li><\/ul><\/nav><\/div>\n\n<p>Hay mucho por descubrir en el Museo Mar\u00edtimo Nacional para los adultos tambi\u00e9n, como por ejemplo, una de las piezas maestras del museo es la Barcaza Real y adem\u00e1s hay una vasta colecci\u00f3n de;[\/vc_column_text][\/vc_column][vc_column width=\u00bb1\/3&#8243;][vc_single_image image=\u00bb2319&#8243; img_size=\u00bbfull\u00bb add_caption=\u00bbyes\u00bb alignment=\u00bbcenter\u00bb][\/vc_column][\/vc_row][vc_row][vc_column][vc_column_text]<\/p>\n<ul>\n<li>Pinturas<\/li>\n<li>Restos de barcos<\/li>\n<li>Instrumentos<\/li>\n<li>Armas<\/li>\n<li>Modelos de barcos<\/li>\n<li>Mapas navales<\/li>\n<li>Muebles<\/li>\n<li>Modelos t\u00e9cnicos<\/li>\n<li>Modelos a escala<\/li>\n<li>Y m\u00e1s&#8230;<\/li>\n<\/ul>\n<p>Como otros pa\u00edses europeos, los holandeses empezaron a explorar el mundo en barco en el siglo XVI. Estos viajes peligrosos se realizaban en b\u00fasqueda de prosperidad; empezaron a comercializar con productos ex\u00f3ticos como especias, algod\u00f3n y oro. En este museo, te teletransportar\u00e1s al pasado y descubrir\u00e1s lo que era vivir en esos tiempos. Podr\u00e1s subirte a una r\u00e9plica de un velero que se hundi\u00f3 en 1749 para hacerte una idea de lo que era explorar el mundo en uno de estos buques.<\/p>\n<p>Aunque los Pa\u00edses Bajos y el resto de pa\u00edses europeos se aprovecharon mucho durante los siglos XVI y XVII de la importaci\u00f3n y exportaci\u00f3n en estos \u00bbnuevos\u00bb territorios, aquellos pa\u00edses no estaban prosperando de forma igualitaria sino que todo lo contrario, estos territorios sol\u00edan ser colonizados y explotados. Fue una \u00e9poca muy violenta puesto que se antepuso el bienestar del primer mundo \u00fanicamente. El rol que tuvieron los holandeses durante la era de la esclavitud es referido muchas veces como una mancha en la historia del pa\u00eds; esta parte de la historia tambi\u00e9n se toca en el Museo Nacional Mar\u00edtimo.[\/vc_column_text][button title=\u00bbCompra aqu\u00ed tus entradas con descuento al Museo Mar\u00edtimo Nacional\u00bb link=\u00bbhttps:\/\/thingstodoinamsterdam.com\/ticketlinkes-nationalmaritimemuseum-tours-std\u00bb icon=\u00bb\u00bb button_align=\u00bbcenter\u00bb target=\u00bbtrue\u00bb nofollow=\u00bbtrue\u00bb el_id=\u00bb1565096298984-d8435c3a-c29c\u00bb][vc_video link=\u00bbhttps:\/\/youtu.be\/9Sd1GO9HYyE\u00bb][vc_column_text]<\/p>\n<h2><span class=\"ez-toc-section\" id=\"horario-de-apertura\"><\/span>Horario de apertura<span class=\"ez-toc-section-end\"><\/span><\/h2>\n<p>El Museo Mar\u00edtimo Nacional est\u00e1 abierto normalmente 6 d\u00edas a la semana, <strong>de Martes a Domingo de 9:00 a 17:00<\/strong>. Las \u00fanicas excepciones son las siguientes fechas:<\/p>\n<ul>\n<li>1 de enero &#8211; D\u00eda de A\u00f1o nuevo &#8211; <strong>Cerrado<\/strong><\/li>\n<li>27 de Abril &#8211; D\u00eda del Rey &#8211; <strong>Cerrado<\/strong><\/li>\n<li>25 de diciembre &#8211; D\u00eda de Navidad &#8211; <strong>Cerrado<\/strong><\/li>\n<\/ul>\n<p>[\/vc_column_text][vc_column_text]<\/p>\n<h2><span class=\"ez-toc-section\" id=\"entradas-precios-y-descuentos-para-el-museo-maritimo-nacional\"><\/span>Entradas, precios y descuentos para el Museo Mar\u00edtimo Nacional<span class=\"ez-toc-section-end\"><\/span><\/h2>\n<p>Las entradas al Museo Mar\u00edtimo Nacional se pueden adquirir en la misma entrada del museo o por internet a trav\u00e9s del siguiente bot\u00f3n. Nuestros colaboradores te enviar\u00e1n las entradas instant\u00e1neamente a tu tel\u00e9fono m\u00f3vil y de esta manera podr\u00e1s saltarte la cola. Adem\u00e1s de no tener que esperar para entrar, al comprar las entradas online se te aplicar\u00e1 un descuento muy atractivo.<\/p>\n<table style=\"width: 100%;\">\n<tbody>\n<tr>\n<td>Ni\u00f1os menores de 3 a\u00f1os<\/td>\n<td>Gratis<\/td>\n<\/tr>\n<tr>\n<td>Menores de entre 4 &#8211; 17 a\u00f1os<\/td>\n<td>\u20ac 8,50<\/td>\n<\/tr>\n<tr>\n<td>Adultos<\/td>\n<td>\u20ac 17,50<\/td>\n<\/tr>\n<\/tbody>\n<\/table>\n<p>[\/vc_column_text][button title=\u00bbCompra aqu\u00ed tus entradas con descuento al Museo Mar\u00edtimo Nacional\u00bb link=\u00bbhttps:\/\/thingstodoinamsterdam.com\/ticketlinkes-nationalmaritimemuseum-tours-std\u00bb icon=\u00bb\u00bb button_align=\u00bbcenter\u00bb target=\u00bbtrue\u00bb nofollow=\u00bbtrue\u00bb el_id=\u00bb1687530631154-28c8e13b-48ad\u00bb][vc_column_text]<\/p>\n<h2><span class=\"ez-toc-section\" id=\"direccion-informacion-de-contacto-y-como-llegar-al-museo\"><\/span>Direcci\u00f3n, informaci\u00f3n de contacto y c\u00f3mo llegar al museo<span class=\"ez-toc-section-end\"><\/span><\/h2>\n<p>El Museo Mar\u00edtimo Nacional est\u00e1 situado al este de la estaci\u00f3n Central de \u00c1msterdam, al lado del <a href=\"https:\/\/thingstodoinamsterdam.com\/es\/museos-amsterdam\/museo-ciencia-nemo\/\">Museo de la ciencia Nemo<\/a>, ubicado dentro de un edificio muy grande y verde. Reconocer\u00e1s el edificio f\u00e1cilmente, es blanco y majestuoso y est\u00e1 flotando en el agua.<\/p>\n<p><strong>Direcci\u00f3n<br \/>\n<\/strong>Het Scheepvaartmuseum<strong><br \/>\n<\/strong>Kattenburgerplein 1<br \/>\n1018 KK Amsterdam<br \/>\n+31 (0)20 52 32 222<br \/>\n<a href=\"mailto:info@hetscheepvaartmuseum.nl\">info@hetscheepvaartmuseum.nl<\/a><\/p>\n<p><a href=\"https:\/\/www.hetscheepvaartmuseum.com\/spanish\">https:\/\/www.hetscheepvaartmuseum.nl\/<\/a>[\/vc_column_text][g_map heading=\u00bbNational Maritime Museum Amsterdam en el mapa\u00bb el_id=\u00bb1565096526567-a3b68f50-7e86&#8243;]<iframe style=\"border: 0;\" src=\"https:\/\/www.google.com\/maps\/embed?pb=!1m18!1m12!1m3!1d2435.928946120727!2d4.912691115858554!3d52.37170837978634!2m3!1f0!2f0!3f0!3m2!1i1024!2i768!4f13.1!3m3!1m2!1s0x47c609a14eabed5f%3A0x59a81b9e66483986!2sAmsterdam+Maritime+History+Museum!5e0!3m2!1sen!2snl!4v1484086045867\" width=\"600\" height=\"450\" frameborder=\"0\" allowfullscreen=\"allowfullscreen\"><\/iframe>[\/g_map][vc_column_text]<\/p>\n<h3>Transporte p\u00fablico<\/h3>\n<p>El Museo Mar\u00edtimo Nacional est\u00e1 situado cerca de la estaci\u00f3n Central de \u00c1msterdam, as\u00ed que la mejor manera para llegar all\u00ed es logrando llegar a la estaci\u00f3n primero. Desde la estaci\u00f3n deber\u00e1s andar al museo entre unos 15 y 20 minutos. Puedes tambi\u00e9n tomar el autob\u00fas desde la estaci\u00f3n Central, el bus te dejar\u00e1 a unos pocos metros de la entrada principal del museo.<\/p>\n<p><strong>Desde la estaci\u00f3n Central de \u00c1msterdam:<\/strong><\/p>\n<ul>\n<li style=\"list-style-type: none;\">\n<ul>\n<li style=\"list-style-type: none;\">\n<ul>\n<li>Bus 22, direcci\u00f3n Indische Buurt, parada Kadijksplein<\/li>\n<li>Bus 48, direcci\u00f3n Borneo Eiland, parada Kadijksplein<\/li>\n<\/ul>\n<\/li>\n<\/ul>\n<\/li>\n<\/ul>\n<p><a href=\"http:\/\/9292.nl\/en\/?to=amsterdam_kattenburgerplein-1\"><img decoding=\"async\" class=\"alignnone size-medium wp-image-3080\" src=\"https:\/\/thingstodoinamsterdam.com\/wp-content\/uploads\/2019\/07\/Button-Plan-mijn-OV-reis-EN-300x54.png\" alt=\"\" width=\"300\" height=\"54\" \/><\/a>[\/vc_column_text][vc_column_text css=\u00bb\u00bb]<\/p>\n<h3>Otros planes<\/h3>\n<p><a href=\"https:\/\/thingstodoinamsterdam.com\/es\/zoologico-artis-amsterdam\/\">Zool\u00f3gico Artis<\/a><br \/>\nAmsterdam Dungeon<br \/>\n<a href=\"https:\/\/thingstodoinamsterdam.com\/es\/museos-amsterdam\/body-worlds-amsterdam\/\">BODY WORLDS \u00c1msterdam<\/a><br \/>\n<a href=\"https:\/\/thingstodoinamsterdam.com\/es\/crucero-canales-amsterdam\/\">Crucero por los canales \u00c1msterdam<\/a><br \/>\n<a href=\"https:\/\/thingstodoinamsterdam.com\/es\/excursiones-desde-amsterdam-de-un-dia\/\">Excursiones de un d\u00eda desde \u00c1msterdam<\/a><br \/>\n<a href=\"https:\/\/thingstodoinamsterdam.com\/es\/museos-amsterdam\/heineken-experience\/\">Heineken Experience \u00c1msterdam<\/a><br \/>\nHermitage<br \/>\n<a href=\"https:\/\/thingstodoinamsterdam.com\/es\/bar-hielo-amsterdam\/\">Bar de hielo XtraCold<\/a><br \/>\nI Amsterdam City Card<br \/>\n<a href=\"https:\/\/thingstodoinamsterdam.com\/es\/museos-amsterdam\/museo-moco-amsterdam\/\">Moco Museum<\/a><br \/>\nPowerzone<br \/>\n<a href=\"https:\/\/thingstodoinamsterdam.com\/es\/\">Qu\u00e9 hacer en \u00c1msterdam<\/a><br \/>\n<a href=\"https:\/\/thingstodoinamsterdam.com\/es\/museos-amsterdam\/rijksmuseum-amsterdam\/\">Rijksmuseum<\/a><br \/>\nStedelijk Museum<br \/>\nTropenmuseum[\/vc_column_text][\/vc_column][\/vc_row][vc_row][vc_column][reviews heading=\u00bbRese\u00f1as Museo Mar\u00edtimo Nacional\u00bb description=\u00bb\u00bfHas estado en el Museo Mar\u00edtimo Nacional? Estamos interesados en saber tu opini\u00f3n acerca de tu experiencia en el museo. D\u00e9janos por favor tu rese\u00f1a sobre tu visita a continuaci\u00f3n y \u00a1ayuda a otros futuros visitantes! \u00bfQu\u00e9 te pareci\u00f3? \u00bfRecomendar\u00edas la visita a tus amigos? \u00bfTuviste que hacer mucha cola en la entrada? Incluye todos los detalles que quieras en tu escrito. Te rogamos por favor paciencia ya que revisamos de forma manual cada rese\u00f1a. \u00a1Compartiremos tus comentarios pronto!\u00bb item_name=\u00bbHet Scheepvaartmuseum\u00bb item_image=\u00bb1575&#8243; item_tel=\u00bb+31 (0)20 52 32 222&#8243; item_web=\u00bbhttps:\/\/www.hetscheepvaartmuseum.nl\/\u00bb item_address=\u00bbKattenburgerplein 1&#8243; item_city=\u00bbAmsterdam\u00bb item_postal_code=\u00bb1018 KK Amsterdam\u00bb item_country=\u00bbNL\u00bb el_id=\u00bb1565096582967-30f6f1a6-b84d\u00bb][\/reviews][vc_column_text]Echa un vistazo tambi\u00e9n a los siguientes museos:[\/vc_column_text][\/vc_column][\/vc_row][vc_row][vc_column][promo_block style_var=\u00bbstyle2&#8243; el_id=\u00bb1565096677689-94e80d9d-900a\u00bb][promo link=\u00bburl:https%3A%2F%2Fthingstodoinamsterdam.com%2Fes%2Fmuseos-amsterdam%2Frijksmuseum-amsterdam%2F|title:Rijksmuseum\u00bb text=\u00bbDescubre La Ronda de la Noche de Rembrandt y otras obras de famosos artistas holandeses\u00bb img=\u00bb1089&#8243;][promo link=\u00bburl:https%3A%2F%2Fthingstodoinamsterdam.com%2Fes%2Fmuseos-amsterdam%2Fheineken-experience%2F|title:Heineken%20Experience\u00bb text=\u00bbTodo aquel que ame la cerveza conoce Heineken. Aprende m\u00e1s sobre ella visitando su antigua destiler\u00eda y \u00a1no te pierdas su terraza con vistas panor\u00e1micas!\u00bb img=\u00bb547&#8243;][promo link=\u00bburl:https%3A%2F%2Fthingstodoinamsterdam.com%2Fes%2Fmuseos-amsterdam%2Fcasa-anne-frank%2F|title:Anne%20Frank%20House\u00bb text=\u00bbAprende sobre el mundialmente famoso diario de Anne Frank\u00bb img=\u00bb527&#8243;][\/promo_block][\/vc_column][\/vc_row][vc_row][vc_column][buttonsticky title=\u00bbConsigue tus entradas descontadas online a trav\u00e9s de Tours-tickets.com\u00bb link=\u00bbhttps:\/\/thingstodoinamsterdam.com\/ticketlinkes-nationalmaritimemuseum-tours-std\u00bb target=\u00bbtrue\u00bb nofollow=\u00bbtrue\u00bb el_id=\u00bb1601640165478-83a4b42b-60a4&#8243;][\/vc_column][\/vc_row]<\/p>\n<\/div>","protected":false},"excerpt":{"rendered":"<p>[vc_row][vc_column width=\u00bb2\/3&#8243;][vc_column_text]Si te gustan los barcos, te encantar\u00e1 visitar el Museo Mar\u00edtimo Nacional. En este museo, podr\u00e1s aprender m\u00e1s sobre la historia mar\u00edtima de los\u2026<\/p>\n","protected":false},"author":1,"featured_media":13320,"parent":11960,"menu_order":0,"comment_status":"closed","ping_status":"closed","template":"","meta":{"footnotes":""},"class_list":["post-516321","page","type-page","status-publish","has-post-thumbnail","hentry"],"yoast_head":"<!-- This site is optimized with the Yoast SEO plugin v27.4 - https:\/\/yoast.com\/product\/yoast-seo-wordpress\/ -->\n<title>Museo Mar\u00edtimo Nacional - ThingstodoinAmsterdam.com<\/title>\n<meta name=\"description\" content=\"En el Museo Mar\u00edtimo Nacional podr\u00e1s aprender sobre la historia mar\u00edtima de los Pa\u00edses Bajos y visitar una r\u00e9plica a tama\u00f1o real de un velero\" \/>\n<meta name=\"robots\" content=\"index, follow, max-snippet:-1, max-image-preview:large, max-video-preview:-1\" \/>\n<link rel=\"canonical\" href=\"https:\/\/thingstodoinamsterdam.com\/es\/museos-amsterdam\/museo-maritimo-nacional\/\" \/>\n<meta property=\"og:locale\" content=\"es_ES\" \/>\n<meta property=\"og:type\" content=\"article\" \/>\n<meta property=\"og:title\" content=\"Museo Mar\u00edtimo Nacional - ThingstodoinAmsterdam.com\" \/>\n<meta property=\"og:description\" content=\"En el Museo Mar\u00edtimo Nacional podr\u00e1s aprender sobre la historia mar\u00edtima de los Pa\u00edses Bajos y visitar una r\u00e9plica a tama\u00f1o real de un velero\" \/>\n<meta property=\"og:url\" content=\"https:\/\/thingstodoinamsterdam.com\/es\/museos-amsterdam\/museo-maritimo-nacional\/\" \/>\n<meta property=\"og:site_name\" content=\"ThingstodoinAmsterdam.com\" \/>\n<meta property=\"article:publisher\" content=\"https:\/\/www.facebook.com\/thingstodoinamsterdamcom\" \/>\n<meta property=\"article:modified_time\" content=\"2025-07-01T09:51:19+00:00\" \/>\n<meta property=\"og:image\" content=\"https:\/\/thingstodoinamsterdam.com\/wp-content\/uploads\/2019\/08\/Maritime-Museum-Amsterdam-2.jpg\" \/>\n\t<meta property=\"og:image:width\" content=\"1200\" \/>\n\t<meta property=\"og:image:height\" content=\"900\" \/>\n\t<meta property=\"og:image:type\" content=\"image\/jpeg\" \/>\n<meta name=\"twitter:card\" content=\"summary_large_image\" \/>\n<meta name=\"twitter:label1\" content=\"Tiempo de lectura\" \/>\n\t<meta name=\"twitter:data1\" content=\"6 minutos\" \/>\n<script type=\"application\/ld+json\" class=\"yoast-schema-graph\">{\"@context\":\"https:\\\/\\\/schema.org\",\"@graph\":[{\"@type\":\"WebPage\",\"@id\":\"https:\\\/\\\/thingstodoinamsterdam.com\\\/es\\\/museos-amsterdam\\\/museo-maritimo-nacional\\\/\",\"url\":\"https:\\\/\\\/thingstodoinamsterdam.com\\\/es\\\/museos-amsterdam\\\/museo-maritimo-nacional\\\/\",\"name\":\"Museo Mar\u00edtimo Nacional - ThingstodoinAmsterdam.com\",\"isPartOf\":{\"@id\":\"https:\\\/\\\/thingstodoinamsterdam.com\\\/es\\\/#website\"},\"primaryImageOfPage\":{\"@id\":\"https:\\\/\\\/thingstodoinamsterdam.com\\\/es\\\/museos-amsterdam\\\/museo-maritimo-nacional\\\/#primaryimage\"},\"image\":{\"@id\":\"https:\\\/\\\/thingstodoinamsterdam.com\\\/es\\\/museos-amsterdam\\\/museo-maritimo-nacional\\\/#primaryimage\"},\"thumbnailUrl\":\"https:\\\/\\\/thingstodoinamsterdam.com\\\/wp-content\\\/uploads\\\/2019\\\/08\\\/Maritime-Museum-Amsterdam-2.jpg\",\"datePublished\":\"2023-06-23T15:23:52+00:00\",\"dateModified\":\"2025-07-01T09:51:19+00:00\",\"description\":\"En el Museo Mar\u00edtimo Nacional podr\u00e1s aprender sobre la historia mar\u00edtima de los Pa\u00edses Bajos y visitar una r\u00e9plica a tama\u00f1o real de un velero\",\"breadcrumb\":{\"@id\":\"https:\\\/\\\/thingstodoinamsterdam.com\\\/es\\\/museos-amsterdam\\\/museo-maritimo-nacional\\\/#breadcrumb\"},\"inLanguage\":\"es\",\"potentialAction\":[{\"@type\":\"ReadAction\",\"target\":[\"https:\\\/\\\/thingstodoinamsterdam.com\\\/es\\\/museos-amsterdam\\\/museo-maritimo-nacional\\\/\"]}]},{\"@type\":\"ImageObject\",\"inLanguage\":\"es\",\"@id\":\"https:\\\/\\\/thingstodoinamsterdam.com\\\/es\\\/museos-amsterdam\\\/museo-maritimo-nacional\\\/#primaryimage\",\"url\":\"https:\\\/\\\/thingstodoinamsterdam.com\\\/wp-content\\\/uploads\\\/2019\\\/08\\\/Maritime-Museum-Amsterdam-2.jpg\",\"contentUrl\":\"https:\\\/\\\/thingstodoinamsterdam.com\\\/wp-content\\\/uploads\\\/2019\\\/08\\\/Maritime-Museum-Amsterdam-2.jpg\",\"width\":1200,\"height\":900,\"caption\":\"Maritime Museum Amsterdam\"},{\"@type\":\"BreadcrumbList\",\"@id\":\"https:\\\/\\\/thingstodoinamsterdam.com\\\/es\\\/museos-amsterdam\\\/museo-maritimo-nacional\\\/#breadcrumb\",\"itemListElement\":[{\"@type\":\"ListItem\",\"position\":1,\"name\":\"Qu\u00e9 hacer en \u00c1msterdam\",\"item\":\"https:\\\/\\\/thingstodoinamsterdam.com\\\/es\\\/\"},{\"@type\":\"ListItem\",\"position\":2,\"name\":\"Museos en \u00c1msterdam\",\"item\":\"https:\\\/\\\/thingstodoinamsterdam.com\\\/es\\\/museos-amsterdam\\\/\"},{\"@type\":\"ListItem\",\"position\":3,\"name\":\"Museo Mar\u00edtimo Nacional\"}]},{\"@type\":\"WebSite\",\"@id\":\"https:\\\/\\\/thingstodoinamsterdam.com\\\/es\\\/#website\",\"url\":\"https:\\\/\\\/thingstodoinamsterdam.com\\\/es\\\/\",\"name\":\"ThingstodoinAmsterdam.com\",\"description\":\"Amsterdam&#039;s highlights and hidden secrets\",\"publisher\":{\"@id\":\"https:\\\/\\\/thingstodoinamsterdam.com\\\/es\\\/#organization\"},\"potentialAction\":[{\"@type\":\"SearchAction\",\"target\":{\"@type\":\"EntryPoint\",\"urlTemplate\":\"https:\\\/\\\/thingstodoinamsterdam.com\\\/es\\\/?s={search_term_string}\"},\"query-input\":{\"@type\":\"PropertyValueSpecification\",\"valueRequired\":true,\"valueName\":\"search_term_string\"}}],\"inLanguage\":\"es\"},{\"@type\":\"Organization\",\"@id\":\"https:\\\/\\\/thingstodoinamsterdam.com\\\/es\\\/#organization\",\"name\":\"Qu\u00e9 hacer en \u00c1msterdam\",\"url\":\"https:\\\/\\\/thingstodoinamsterdam.com\\\/es\\\/\",\"logo\":{\"@type\":\"ImageObject\",\"inLanguage\":\"es\",\"@id\":\"https:\\\/\\\/thingstodoinamsterdam.com\\\/es\\\/#\\\/schema\\\/logo\\\/image\\\/\",\"url\":\"https:\\\/\\\/thingstodoinamsterdam.com\\\/wp-content\\\/uploads\\\/2025\\\/02\\\/ThingsToDoInAmsterdam-Favicon-logo.png\",\"contentUrl\":\"https:\\\/\\\/thingstodoinamsterdam.com\\\/wp-content\\\/uploads\\\/2025\\\/02\\\/ThingsToDoInAmsterdam-Favicon-logo.png\",\"width\":512,\"height\":512,\"caption\":\"Qu\u00e9 hacer en \u00c1msterdam\"},\"image\":{\"@id\":\"https:\\\/\\\/thingstodoinamsterdam.com\\\/es\\\/#\\\/schema\\\/logo\\\/image\\\/\"},\"sameAs\":[\"https:\\\/\\\/www.facebook.com\\\/thingstodoinamsterdamcom\"]}]}<\/script>\n<!-- \/ Yoast SEO plugin. -->","yoast_head_json":{"title":"Museo Mar\u00edtimo Nacional - ThingstodoinAmsterdam.com","description":"En el Museo Mar\u00edtimo Nacional podr\u00e1s aprender sobre la historia mar\u00edtima de los Pa\u00edses Bajos y visitar una r\u00e9plica a tama\u00f1o real de un velero","robots":{"index":"index","follow":"follow","max-snippet":"max-snippet:-1","max-image-preview":"max-image-preview:large","max-video-preview":"max-video-preview:-1"},"canonical":"https:\/\/thingstodoinamsterdam.com\/es\/museos-amsterdam\/museo-maritimo-nacional\/","og_locale":"es_ES","og_type":"article","og_title":"Museo Mar\u00edtimo Nacional - ThingstodoinAmsterdam.com","og_description":"En el Museo Mar\u00edtimo Nacional podr\u00e1s aprender sobre la historia mar\u00edtima de los Pa\u00edses Bajos y visitar una r\u00e9plica a tama\u00f1o real de un velero","og_url":"https:\/\/thingstodoinamsterdam.com\/es\/museos-amsterdam\/museo-maritimo-nacional\/","og_site_name":"ThingstodoinAmsterdam.com","article_publisher":"https:\/\/www.facebook.com\/thingstodoinamsterdamcom","article_modified_time":"2025-07-01T09:51:19+00:00","og_image":[{"width":1200,"height":900,"url":"https:\/\/thingstodoinamsterdam.com\/wp-content\/uploads\/2019\/08\/Maritime-Museum-Amsterdam-2.jpg","type":"image\/jpeg"}],"twitter_card":"summary_large_image","twitter_misc":{"Tiempo de lectura":"6 minutos"},"schema":{"@context":"https:\/\/schema.org","@graph":[{"@type":"WebPage","@id":"https:\/\/thingstodoinamsterdam.com\/es\/museos-amsterdam\/museo-maritimo-nacional\/","url":"https:\/\/thingstodoinamsterdam.com\/es\/museos-amsterdam\/museo-maritimo-nacional\/","name":"Museo Mar\u00edtimo Nacional - ThingstodoinAmsterdam.com","isPartOf":{"@id":"https:\/\/thingstodoinamsterdam.com\/es\/#website"},"primaryImageOfPage":{"@id":"https:\/\/thingstodoinamsterdam.com\/es\/museos-amsterdam\/museo-maritimo-nacional\/#primaryimage"},"image":{"@id":"https:\/\/thingstodoinamsterdam.com\/es\/museos-amsterdam\/museo-maritimo-nacional\/#primaryimage"},"thumbnailUrl":"https:\/\/thingstodoinamsterdam.com\/wp-content\/uploads\/2019\/08\/Maritime-Museum-Amsterdam-2.jpg","datePublished":"2023-06-23T15:23:52+00:00","dateModified":"2025-07-01T09:51:19+00:00","description":"En el Museo Mar\u00edtimo Nacional podr\u00e1s aprender sobre la historia mar\u00edtima de los Pa\u00edses Bajos y visitar una r\u00e9plica a tama\u00f1o real de un velero","breadcrumb":{"@id":"https:\/\/thingstodoinamsterdam.com\/es\/museos-amsterdam\/museo-maritimo-nacional\/#breadcrumb"},"inLanguage":"es","potentialAction":[{"@type":"ReadAction","target":["https:\/\/thingstodoinamsterdam.com\/es\/museos-amsterdam\/museo-maritimo-nacional\/"]}]},{"@type":"ImageObject","inLanguage":"es","@id":"https:\/\/thingstodoinamsterdam.com\/es\/museos-amsterdam\/museo-maritimo-nacional\/#primaryimage","url":"https:\/\/thingstodoinamsterdam.com\/wp-content\/uploads\/2019\/08\/Maritime-Museum-Amsterdam-2.jpg","contentUrl":"https:\/\/thingstodoinamsterdam.com\/wp-content\/uploads\/2019\/08\/Maritime-Museum-Amsterdam-2.jpg","width":1200,"height":900,"caption":"Maritime Museum Amsterdam"},{"@type":"BreadcrumbList","@id":"https:\/\/thingstodoinamsterdam.com\/es\/museos-amsterdam\/museo-maritimo-nacional\/#breadcrumb","itemListElement":[{"@type":"ListItem","position":1,"name":"Qu\u00e9 hacer en \u00c1msterdam","item":"https:\/\/thingstodoinamsterdam.com\/es\/"},{"@type":"ListItem","position":2,"name":"Museos en \u00c1msterdam","item":"https:\/\/thingstodoinamsterdam.com\/es\/museos-amsterdam\/"},{"@type":"ListItem","position":3,"name":"Museo Mar\u00edtimo Nacional"}]},{"@type":"WebSite","@id":"https:\/\/thingstodoinamsterdam.com\/es\/#website","url":"https:\/\/thingstodoinamsterdam.com\/es\/","name":"ThingstodoinAmsterdam.com","description":"Amsterdam&#039;s highlights and hidden secrets","publisher":{"@id":"https:\/\/thingstodoinamsterdam.com\/es\/#organization"},"potentialAction":[{"@type":"SearchAction","target":{"@type":"EntryPoint","urlTemplate":"https:\/\/thingstodoinamsterdam.com\/es\/?s={search_term_string}"},"query-input":{"@type":"PropertyValueSpecification","valueRequired":true,"valueName":"search_term_string"}}],"inLanguage":"es"},{"@type":"Organization","@id":"https:\/\/thingstodoinamsterdam.com\/es\/#organization","name":"Qu\u00e9 hacer en \u00c1msterdam","url":"https:\/\/thingstodoinamsterdam.com\/es\/","logo":{"@type":"ImageObject","inLanguage":"es","@id":"https:\/\/thingstodoinamsterdam.com\/es\/#\/schema\/logo\/image\/","url":"https:\/\/thingstodoinamsterdam.com\/wp-content\/uploads\/2025\/02\/ThingsToDoInAmsterdam-Favicon-logo.png","contentUrl":"https:\/\/thingstodoinamsterdam.com\/wp-content\/uploads\/2025\/02\/ThingsToDoInAmsterdam-Favicon-logo.png","width":512,"height":512,"caption":"Qu\u00e9 hacer en \u00c1msterdam"},"image":{"@id":"https:\/\/thingstodoinamsterdam.com\/es\/#\/schema\/logo\/image\/"},"sameAs":["https:\/\/www.facebook.com\/thingstodoinamsterdamcom"]}]}},"_links":{"self":[{"href":"https:\/\/thingstodoinamsterdam.com\/es\/wp-json\/wp\/v2\/pages\/516321","targetHints":{"allow":["GET"]}}],"collection":[{"href":"https:\/\/thingstodoinamsterdam.com\/es\/wp-json\/wp\/v2\/pages"}],"about":[{"href":"https:\/\/thingstodoinamsterdam.com\/es\/wp-json\/wp\/v2\/types\/page"}],"author":[{"embeddable":true,"href":"https:\/\/thingstodoinamsterdam.com\/es\/wp-json\/wp\/v2\/users\/1"}],"replies":[{"embeddable":true,"href":"https:\/\/thingstodoinamsterdam.com\/es\/wp-json\/wp\/v2\/comments?post=516321"}],"version-history":[{"count":6,"href":"https:\/\/thingstodoinamsterdam.com\/es\/wp-json\/wp\/v2\/pages\/516321\/revisions"}],"predecessor-version":[{"id":2028003,"href":"https:\/\/thingstodoinamsterdam.com\/es\/wp-json\/wp\/v2\/pages\/516321\/revisions\/2028003"}],"up":[{"embeddable":true,"href":"https:\/\/thingstodoinamsterdam.com\/es\/wp-json\/wp\/v2\/pages\/11960"}],"wp:featuredmedia":[{"embeddable":true,"href":"https:\/\/thingstodoinamsterdam.com\/es\/wp-json\/wp\/v2\/media\/13320"}],"wp:attachment":[{"href":"https:\/\/thingstodoinamsterdam.com\/es\/wp-json\/wp\/v2\/media?parent=516321"}],"curies":[{"name":"wp","href":"https:\/\/api.w.org\/{rel}","templated":true}]}}