{"id":2027271,"date":"2025-05-16T13:57:43","date_gmt":"2025-05-16T11:57:43","guid":{"rendered":"https:\/\/thingstodoinamsterdam.com\/?page_id=2027271"},"modified":"2025-09-01T15:00:05","modified_gmt":"2025-09-01T13:00:05","slug":"les-meilleures-experiences-vr","status":"publish","type":"page","link":"https:\/\/thingstodoinamsterdam.com\/fr\/le-top-des-activites-a-amsterdam\/les-meilleures-experiences-vr\/","title":{"rendered":"Les meilleures exp\u00e9riences VR \u00e0 Amsterdam | Guide VR"},"content":{"rendered":"<div class=\"wpb-content-wrapper\"><p>[vc_row][vc_column][vc_column_text css=&#8221;&#8221;]<\/p>\n<p class=\"p1\">Au-del\u00e0 des canaux sinueux, des ponts charmants et des rues historiques, Amsterdam propose \u00e9galement certaines des exp\u00e9riences de r\u00e9alit\u00e9 virtuelle (VR) les plus innovantes. \u00c0 travers la ville, vous trouverez des centres de jeux o\u00f9 cr\u00e9ativit\u00e9, technologie et aventure se rencontrent. Que vous optiez pour un grand complexe multi-salles ou un studio plus petit, que vous pr\u00e9f\u00e9riez r\u00e9soudre des myst\u00e8res ou survivre \u00e0 des apocalypses, vous pouvez vous attendre \u00e0 des exp\u00e9riences VR immersives et palpitantes \u00e0 Amsterdam.<\/p>\n<p class=\"p1\">Les centres de VR attirent les touristes, les \u00e9quipes d&#8217;entreprise, les familles, les amis et les gamers passionn\u00e9s. Des technologies de pointe, des ar\u00e8nes en libre circulation et des aventures guid\u00e9es par des histoires rendent la sc\u00e8ne VR d&#8217;Amsterdam si excitante, que vous soyez novice ou expert. C&#8217;est une exp\u00e9rience fra\u00eeche et amusante qui vous laissera des frissons lorsque vous reviendrez au monde r\u00e9el. Si vous aimez les escape rooms ou \u00eates curieux de d\u00e9couvrir pourquoi elles sont si populaires, jetez un \u0153il \u00e0 notre s\u00e9lection des <a href=\"https:\/\/thingstodoinamsterdam.com\/fr\/le-top-des-activites-a-amsterdam\/les-meilleures-salles-devasion-a-amsterdam-complete-overview\/\">meilleures escape rooms d&#8217;Amsterdam.<\/a><\/p>\n<p class=\"p1\">Ci-dessous, nous avons r\u00e9uni les meilleurs lieux de VR \u00e0 Amsterdam pour vous aider \u00e0 planifier votre prochaine aventure. Nous les avons s\u00e9lectionn\u00e9s en fonction de leur offre VR, de leurs installations, de leur emplacement, de leur qualit\u00e9 et de leur accessibilit\u00e9.<\/p>\n<p>[\/vc_column_text][\/vc_column][\/vc_row][vc_row][vc_column][promo_block style_var=&#8221;style2&#8243; el_id=&#8221;1635510990126-ab872e2a-205d&#8221;][promo link=&#8221;url:https%3A%2F%2Fthingstodoinamsterdam.com%2Ffr%2Fle-top-des-activites-a-amsterdam%2Fles-meilleures-experiences-vr-a-amsterdam-guide-vr%2Fadam-vr%2F|title:A&#8217;DAM%20VR%20Game%20%26%20Race%20Park&#8221; address=&#8221;JTNDYnIlM0UlMjBBJUUyJTgwJTk5REFNJTIwVlIlMjBHYW1lJTIwJTI2JTIwUmFjZSUyMFBhcmslMjAlM0NiciUzRSUwQU92ZXJob2Vrc3BsZWluJTIwMTUlMjAlM0NiciUzRSUwQTEwMzElMjBLUyUyMEFtc3RlcmRhbSUyMCUzQ2JyJTNFJTBB&#8221; text=&#8221;Situ\u00e9 \u00e0 l&#8217;int\u00e9rieur de la c\u00e9l\u00e8bre tour A&#8217;DAM, le A&#8217;DAM VR Game Park propose une vaste gamme d&#8217;exp\u00e9riences allant des jeux de tir \u00e0 sensations fortes aux montagnes russes virtuelles et \u00e0 l&#8217;escalade de grandes hauteurs. Le lieu dispose d&#8217;\u00e9quipements VR de pointe et d&#8217;une ambiance dynamique, parfaite pour des sorties en groupe ou des d\u00e9fis en solo. Son emplacement central et son atmosph\u00e8re unique en font une destination incontournable pour les locaux et les touristes \u00e0 la recherche d&#8217;une excellente exp\u00e9rience VR avec une \u00e9quipe vraiment sympathique, toujours pr\u00eate \u00e0 aider.&#8221; img=&#8221;2026684&#8243;][promo link=&#8221;url:https%3A%2F%2Fthingstodoinamsterdam.com%2Ffr%2Fcroisiere-sur-les-canaux-amsterdam%2Fcroisiere-vr-voyage%2F|title:VR%20Voyage%20croisi%C3%A8re&#8221; address=&#8221;JTNDYnIlM0UlMjBWUiUyMFZveWFnZSUyMCUzQ2JyJTNFJTBBTGVpZHNla2FkZSUyMDEwMCUyMCUzQ2JyJTNFJTBBMTAxN1BQJTIwQW1zdGVyZGFtJTIwJTNDYnIlM0UlM0NiciUzRSUyMDEwJUUyJTgwJUFGJTI1JTIwZGUlMjByJUMzJUE5ZHVjdGlvbiUyMGF2ZWMlMjBsZSUyMGNvZGUlMjBwcm9tbyUyMCUzQ2IlM0VWUlYtVEItMTAlM0MlMkZiJTNFJTBBJTBBJTIw&#8221; text=&#8221;Nouveau ! Remontez 400 ans dans le temps gr\u00e2ce \u00e0 cette croisi\u00e8re en bateau en r\u00e9alit\u00e9 virtuelle, o\u00f9 vous pouvez d\u00e9couvrir votre environnement (360\u00b0) tel qu\u2019il \u00e9tait \u00e0 l\u2019\u00e9poque de l\u2019\u00c2ge d\u2019or n\u00e9erlandais. Une croisi\u00e8re sur les canaux est un incontournable \u00e0 Amsterdam ! Cette nouvelle visite en VR est plus palpitante qu\u2019une croisi\u00e8re classique. Pendant la visite, il vous suffit de mettre les lunettes de r\u00e9alit\u00e9 virtuelle pour voyager dans le pass\u00e9.&#8221; img=&#8221;2027208&#8243;][promo link=&#8221;title:Lightning%20VR&#8221; address=&#8221;JTNDYnIlM0UlMjBMaWdodG5pbmclMjBWUiUyMCUzQ2JyJTNFJTBBQXN0ZXJ3ZWclMjAxOUUxJTIwJTNDYnIlM0UlMEExMDMxJTIwSEwlMjBBbXN0ZXJkYW1IYWFybGVtbWVyc3RyYWF0JTIwMTI0RCUyMCUzQ2JyJTNFJTBB&#8221; text=&#8221;Lightning VR Amsterdam est tr\u00e8s appr\u00e9ci\u00e9 pour ses aventures libres et palpitantes, avec des jeux sp\u00e9cialement cr\u00e9\u00e9s dans leur studio. Ils disposent d&#8217;une large collection de titres immersifs, offrant une exp\u00e9rience VR cin\u00e9matographique et intense. Le lieu est divis\u00e9 en deux parties &#8211; une salle de jeu de 200 m\u00b2 et un espace avec bar, tables de billard et jeux d&#8217;arcade. Bon \u00e0 savoir, il y a aussi des jeux de tir adapt\u00e9s aux enfants.&#8221; img=&#8221;2026914&#8243;][promo link=&#8221;title:VR%20Gamehouse%20(VRGH)&#8221; address=&#8221;JTNDYnIlM0UlMjBWUiUyMEdhbWVob3VzZSUyMCUyOFZSR0glMjklMjAlM0NiciUzRSUwQUd5cm9zY29vcHdlZyUyMDEwMiUyMCUzQ2JyJTNFJTBBMTA0MiUyMEFYJTIwQW1zdGVyZGFtJTIwJTNDYnIlM0UlMEE=&#8221; text=&#8221;VR GameHouse Amsterdam offre un environnement plus intime mais tout aussi immersif, sp\u00e9cialement con\u00e7u pour les jeux en groupe et les d\u00e9fis de type escape room. Ce lieu combine une ambiance chaleureuse et une configuration \u00e9l\u00e9gante, id\u00e9ale pour les exp\u00e9riences multijoueurs. C&#8217;est un endroit parfait pour les \u00e9v\u00e9nements ou les f\u00eates, o\u00f9 vous pouvez combiner votre plaisir VR avec des DJ, des boissons et des soir\u00e9es dansantes.&#8221; img=&#8221;2026970&#8243;][promo link=&#8221;title:VR%20Experience%20Amsterdam&#8221; address=&#8221;JTNDYnIlM0UlMjBWUiUyMEV4cGVyaWVuY2UlMjBBbXN0ZXJkYW0lMjAlM0NiciUzRSUwQVRvbSUyMFNjaHJldXJzd2VnJTIwMTAtRCUyMCUzQ2JyJTNFJTBBMTA2NyUyME1DJTIwQW1zdGVyZGFtJTIwJTNDYnIlM0UlMEElMEElMEE=&#8221; text=&#8221;Sp\u00e9cialis\u00e9 dans les sc\u00e9narios immersifs de type escape room et aventures, VR Experience Amsterdam cr\u00e9e des exp\u00e9riences multisensorielles id\u00e9ales pour les amis et les \u00e9v\u00e9nements d&#8217;entreprise, car les jeux sont con\u00e7us pour encourager le travail d&#8217;\u00e9quipe et la r\u00e9solution de probl\u00e8mes. Les jeux propos\u00e9s incluent &#8216;Cops vs Robbers&#8217;, un jeu de tir passionnant pour 2 \u00e0 6 joueurs, et &#8216;Cook&#8217;d UP&#8217;, o\u00f9 le but est de servir les clients impatients le plus rapidement possible.&#8221; img=&#8221;2026949&#8243;][promo link=&#8221;title:The%20Park%20Playground&#8221; address=&#8221;JTNDYnIlM0UlMjBUaGUlMjBQYXJrJTIwUGxheWdyb3VuZCUyMCUzQ2JyJTNFJTBBUmlnYWthZGUlMjAxMCUwQTEwMTMlMjBCQyUyMEFtc3RlcmRhbSUyMCUzQ2JyJTNFJTBBJTBBJTBBJTBB&#8221; text=&#8221;The Park Playground est sp\u00e9cialis\u00e9 dans les missions sc\u00e9naris\u00e9es et les vastes ar\u00e8nes en libre circulation qui invitent les joueurs \u00e0 s&#8217;immerger dans des mondes fantastiques. Convient aux d\u00e9butants comme aux joueurs exp\u00e9riment\u00e9s, le lieu propose des jeux palpitants comme des escape rooms, des batailles VR, des missions de sauvetage et des combats contre des extraterrestres. Chaque jeu est aussi proche de la r\u00e9alit\u00e9 que possible, et vous \u00eates les bienvenus pour vous d\u00e9tendre au bar apr\u00e8s le jeu pour revenir doucement \u00e0 la r\u00e9alit\u00e9.&#8221; img=&#8221;2026924&#8243;][promo link=&#8221;title:Zero%20Latency&#8221; address=&#8221;JTNDYnIlM0UlMjBaZXJvJTIwTGF0ZW5jeSUyMCUzQ2JyJTNFJTBBTWVldXdlbmxhYW4lMjAxMjIlMjAlM0NiciUzRSUwQTEwMjElMjBKTiUyMEFtc3RlcmRhbSUyMCUzQ2JyJTNFJTBB&#8221; text=&#8221;Zero Latency VR se distingue par son \u00e9chelle, sa rapidit\u00e9 et son immersion totale. C&#8217;est une destination de choix pour les ar\u00e8nes en libre circulation, sans c\u00e2bles, o\u00f9 les \u00e9quipes peuvent se d\u00e9placer, \u00e9laborer des strat\u00e9gies et combattre ensemble dans des aventures virtuelles. Attendez-vous \u00e0 des missions intenses et rapides &#8211; de la survie lors d&#8217;une \u00e9pid\u00e9mie de virus aux combats contre des extraterrestres. Zero Latency est parfait pour les amateurs de sensations fortes, les joueurs d&#8217;\u00e9quipe et tous ceux qui recherchent une exp\u00e9rience riche en adr\u00e9naline.&#8221; img=&#8221;2026954&#8243;][promo link=&#8221;title:VR%20Amsterdam&#8221; address=&#8221;JTNDYnIlM0UlMjBWUiUyMEFtc3RlcmRhbSUyMCUzQ2JyJTNFJTBBRHVpdmVuZHJlY2h0c2VrYWRlJTIwMzYlMjAlM0NiciUzRSUwQTEwOTYlMjBBSCUyMEFtc3RlcmRhbSUyMCUwQQ==&#8221; text=&#8221;VR Amsterdam propose une large gamme de jeux pour satisfaire \u00e0 la fois les joueurs occasionnels et les passionn\u00e9s exp\u00e9riment\u00e9s. Le lieu offre une biblioth\u00e8que de jeux en constante \u00e9volution et un environnement ouvert con\u00e7u pour tester vos r\u00e9flexes et votre pens\u00e9e strat\u00e9gique. Avec une ambiance amicale et d\u00e9tendue, VR Amsterdam est une excellente option pour tous ceux qui souhaitent plonger dans le monde de la r\u00e9alit\u00e9 virtuelle.&#8221; img=&#8221;2026976&#8243;][promo link=&#8221;url:https%3A%2F%2Fthingstodoinamsterdam.com%2Faloha-bowling-minigolf-laser-tag-amsterdam%2F|title:Aloha%20VR&#8221; address=&#8221;JTNDYnIlM0UlMjBBbG9oYSUyMFZSJTIwJTNDYnIlM0UlMEFEZSUyMFJ1eXRlcmthZGUlMjAxNTElMjAlM0NiciUzRSUwQTEwMTElMjBBQyUyMEFtc3RlcmRhbSUyMCUzQ2JyJTNFJTBBJTBBJTBBJTBBJTBB&#8221; text=&#8221;Situ\u00e9 dans le dynamique centre de divertissement Aloha, Aloha VR propose une touche amusante et festive aux jeux VR. Ici, l&#8217;excitation de la r\u00e9alit\u00e9 virtuelle est combin\u00e9e \u00e0 d&#8217;autres activit\u00e9s comme le bowling, le laser tag et les repas d\u00e9contract\u00e9s, ce qui en fait une sortie amusante pour les familles, les amis ou les groupes d&#8217;entreprise. Son ambiance vibrante et ses nombreuses offres en font un lieu id\u00e9al pour ceux qui veulent combiner jeux high-tech et ambiance festive.&#8221; img=&#8221;2026904&#8243;][\/promo_block][\/vc_column][\/vc_row][vc_row][vc_column][g_map heading=&#8221;Exp\u00e9riences VR sur la carte de la ville&#8221; el_id=&#8221;1744705770633-f9f2755d-21d7&#8243;]<iframe src=\"https:\/\/www.google.com\/maps\/d\/embed?mid=1iAAfz0HN0BgWlnFePzhqt5lVcmhgl0A&amp;ehbc=2E312F\"><\/iframe>[\/g_map][\/vc_column][\/vc_row][vc_row][vc_column][vc_column_text css=&#8221;&#8221;]<\/p>\n<h3>Conseils pour visiter les centres VR \u00e0 Amsterdam<\/h3>\n<h4>1. Restez dans votre zone de confort VR<\/h4>\n<p>La r\u00e9alit\u00e9 virtuelle peut \u00eatre intense ; si vous \u00eates d\u00e9butant, choisissez des exp\u00e9riences adapt\u00e9es \u00e0 votre niveau. Parlez au personnel du lieu pour savoir ce qui vous convient le mieux &#8211; il y a g\u00e9n\u00e9ralement des options pour tout le monde. Si vous \u00eates sensible au mal des transports, demandez au personnel quels jeux sont plus stationnaires ou moins d\u00e9sorientants.<\/p>\n<h4>2. Arrivez en avance<\/h4>\n<p>De nombreux lieux conseillent d&#8217;arriver 10 \u00e0 15 minutes plus t\u00f4t pour vous enregistrer et recevoir les instructions.<\/p>\n<h4>3. Habillez-vous confortablement<\/h4>\n<p>Portez des v\u00eatements et des chaussures confortables qui permettent une grande libert\u00e9 de mouvement, surtout dans les zones en libre circulation.<\/p>\n<h4>4. Respectez la limite de temps<\/h4>\n<p>Soyez attentif \u00e0 votre cr\u00e9neau horaire afin que le groupe suivant puisse commencer \u00e0 l&#8217;heure. C\u00e9l\u00e9brez votre victoire en dehors de la zone de jeu !<br \/>\n[\/vc_column_text][\/vc_column][\/vc_row][vc_row][vc_column][promo_block style_var=&#8221;style2&#8243; el_id=&#8221;1566375886183-4d56e822-4a99&#8243;][promo link=&#8221;url:https%3A%2F%2Fthingstodoinamsterdam.com%2Fcanal-cruise%2F|title:Croisi\u00e8res%20sur%20les%20canaux&#8221; text=&#8221;Partez \u00e0 l&#8217;aventure et d\u00e9couvrez Amsterdam depuis ses canaux enchanteurs lors d&#8217;une magnifique croisi\u00e8re !&#8221; img=&#8221;1524317&#8243;][promo link=&#8221;url:https%3A%2F%2Fthingstodoinamsterdam.com%2Famsterdam-attractions%2Fescape-room-amsterdam%2F|title:Escape Rooms&#8221; text=&#8221;Mettez \u00e0 l&#8217;\u00e9preuve vos comp\u00e9tences en collaboration avec vos amis dans l&#8217;une des escape rooms d&#8217;Amsterdam !&#8221; img=&#8221;11503&#8243;][promo link=&#8221;url:https%3A%2F%2Fthingstodoinamsterdam.com%2Famsterdam-attractions%2Fbeer-bike-amsterdam%2F|title:Exp\u00e9rience%20Beer%20Bike&#8221; text=&#8221;Activit\u00e9 de groupe g\u00e9niale pour les amis, les enterrements de vie de gar\u00e7on ou les r\u00e9unions de famille !&#8221; img=&#8221;1525817&#8243;][\/promo_block][\/vc_column][\/vc_row]<\/p>\n<\/div>","protected":false},"excerpt":{"rendered":"<p>[vc_row][vc_column][vc_column_text css=&#8221;&#8221;] Au-del\u00e0 des canaux sinueux, des ponts charmants et des rues historiques, Amsterdam propose \u00e9galement certaines des exp\u00e9riences de r\u00e9alit\u00e9 virtuelle (VR) les plus\u2026<\/p>\n","protected":false},"author":33,"featured_media":2026741,"parent":513,"menu_order":0,"comment_status":"closed","ping_status":"closed","template":"","meta":{"footnotes":""},"class_list":["post-2027271","page","type-page","status-publish","has-post-thumbnail","hentry"],"yoast_head":"<!-- This site is optimized with the Yoast SEO plugin v27.4 - https:\/\/yoast.com\/product\/yoast-seo-wordpress\/ -->\n<title>Les meilleures exp\u00e9riences VR \u00e0 Amsterdam | Guide VR<\/title>\n<meta name=\"description\" content=\"D\u00e9couvrez les meilleures exp\u00e9riences de r\u00e9alit\u00e9 virtuelle \u00e0 Amsterdam - des jeux immersifs pour tous les niveaux, des ar\u00e8nes libres et des aventures palpitantes.\" \/>\n<meta name=\"robots\" content=\"index, follow, max-snippet:-1, max-image-preview:large, max-video-preview:-1\" \/>\n<link rel=\"canonical\" href=\"https:\/\/thingstodoinamsterdam.com\/fr\/le-top-des-activites-a-amsterdam\/les-meilleures-experiences-vr\/\" \/>\n<meta property=\"og:locale\" content=\"fr_FR\" \/>\n<meta property=\"og:type\" content=\"article\" \/>\n<meta property=\"og:title\" content=\"Les meilleures exp\u00e9riences VR \u00e0 Amsterdam | Guide VR\" \/>\n<meta property=\"og:description\" content=\"D\u00e9couvrez les meilleures exp\u00e9riences de r\u00e9alit\u00e9 virtuelle \u00e0 Amsterdam - des jeux immersifs pour tous les niveaux, des ar\u00e8nes libres et des aventures palpitantes.\" \/>\n<meta property=\"og:url\" content=\"https:\/\/thingstodoinamsterdam.com\/fr\/le-top-des-activites-a-amsterdam\/les-meilleures-experiences-vr\/\" \/>\n<meta property=\"og:site_name\" content=\"ThingstodoinAmsterdam.com\" \/>\n<meta property=\"article:publisher\" content=\"https:\/\/www.facebook.com\/thingstodoinamsterdamcom\" \/>\n<meta property=\"article:modified_time\" content=\"2025-09-01T13:00:05+00:00\" \/>\n<meta property=\"og:image\" content=\"https:\/\/thingstodoinamsterdam.com\/wp-content\/uploads\/2025\/04\/ADAM-VR6.jpg\" \/>\n\t<meta property=\"og:image:width\" content=\"1200\" \/>\n\t<meta property=\"og:image:height\" content=\"900\" \/>\n\t<meta property=\"og:image:type\" content=\"image\/jpeg\" \/>\n<meta name=\"twitter:card\" content=\"summary_large_image\" \/>\n<meta name=\"twitter:label1\" content=\"Est. reading time\" \/>\n\t<meta name=\"twitter:data1\" content=\"8 minutes\" \/>\n<script type=\"application\/ld+json\" class=\"yoast-schema-graph\">{\"@context\":\"https:\\\/\\\/schema.org\",\"@graph\":[{\"@type\":\"WebPage\",\"@id\":\"https:\\\/\\\/thingstodoinamsterdam.com\\\/fr\\\/le-top-des-activites-a-amsterdam\\\/les-meilleures-experiences-vr\\\/\",\"url\":\"https:\\\/\\\/thingstodoinamsterdam.com\\\/fr\\\/le-top-des-activites-a-amsterdam\\\/les-meilleures-experiences-vr\\\/\",\"name\":\"Les meilleures exp\u00e9riences VR \u00e0 Amsterdam | Guide VR\",\"isPartOf\":{\"@id\":\"https:\\\/\\\/thingstodoinamsterdam.com\\\/fr\\\/#website\"},\"primaryImageOfPage\":{\"@id\":\"https:\\\/\\\/thingstodoinamsterdam.com\\\/fr\\\/le-top-des-activites-a-amsterdam\\\/les-meilleures-experiences-vr\\\/#primaryimage\"},\"image\":{\"@id\":\"https:\\\/\\\/thingstodoinamsterdam.com\\\/fr\\\/le-top-des-activites-a-amsterdam\\\/les-meilleures-experiences-vr\\\/#primaryimage\"},\"thumbnailUrl\":\"https:\\\/\\\/thingstodoinamsterdam.com\\\/wp-content\\\/uploads\\\/2025\\\/04\\\/ADAM-VR6.jpg\",\"datePublished\":\"2025-05-16T11:57:43+00:00\",\"dateModified\":\"2025-09-01T13:00:05+00:00\",\"description\":\"D\u00e9couvrez les meilleures exp\u00e9riences de r\u00e9alit\u00e9 virtuelle \u00e0 Amsterdam - des jeux immersifs pour tous les niveaux, des ar\u00e8nes libres et des aventures palpitantes.\",\"breadcrumb\":{\"@id\":\"https:\\\/\\\/thingstodoinamsterdam.com\\\/fr\\\/le-top-des-activites-a-amsterdam\\\/les-meilleures-experiences-vr\\\/#breadcrumb\"},\"inLanguage\":\"fr\",\"potentialAction\":[{\"@type\":\"ReadAction\",\"target\":[\"https:\\\/\\\/thingstodoinamsterdam.com\\\/fr\\\/le-top-des-activites-a-amsterdam\\\/les-meilleures-experiences-vr\\\/\"]}]},{\"@type\":\"ImageObject\",\"inLanguage\":\"fr\",\"@id\":\"https:\\\/\\\/thingstodoinamsterdam.com\\\/fr\\\/le-top-des-activites-a-amsterdam\\\/les-meilleures-experiences-vr\\\/#primaryimage\",\"url\":\"https:\\\/\\\/thingstodoinamsterdam.com\\\/wp-content\\\/uploads\\\/2025\\\/04\\\/ADAM-VR6.jpg\",\"contentUrl\":\"https:\\\/\\\/thingstodoinamsterdam.com\\\/wp-content\\\/uploads\\\/2025\\\/04\\\/ADAM-VR6.jpg\",\"width\":1200,\"height\":900,\"caption\":\"A'DAM VR Game Park in Amsterdam\"},{\"@type\":\"BreadcrumbList\",\"@id\":\"https:\\\/\\\/thingstodoinamsterdam.com\\\/fr\\\/le-top-des-activites-a-amsterdam\\\/les-meilleures-experiences-vr\\\/#breadcrumb\",\"itemListElement\":[{\"@type\":\"ListItem\",\"position\":1,\"name\":\"Visiter Amsterdam\",\"item\":\"https:\\\/\\\/thingstodoinamsterdam.com\\\/fr\\\/\"},{\"@type\":\"ListItem\",\"position\":2,\"name\":\"Principales attractions touristiques \u00e0 Amsterdam\",\"item\":\"https:\\\/\\\/thingstodoinamsterdam.com\\\/fr\\\/le-top-des-activites-a-amsterdam\\\/\"},{\"@type\":\"ListItem\",\"position\":3,\"name\":\"Les meilleures exp\u00e9riences VR \u00e0 Amsterdam | Guide VR\"}]},{\"@type\":\"WebSite\",\"@id\":\"https:\\\/\\\/thingstodoinamsterdam.com\\\/fr\\\/#website\",\"url\":\"https:\\\/\\\/thingstodoinamsterdam.com\\\/fr\\\/\",\"name\":\"ThingstodoinAmsterdam.com\",\"description\":\"Amsterdam&#039;s highlights and hidden secrets\",\"publisher\":{\"@id\":\"https:\\\/\\\/thingstodoinamsterdam.com\\\/fr\\\/#organization\"},\"potentialAction\":[{\"@type\":\"SearchAction\",\"target\":{\"@type\":\"EntryPoint\",\"urlTemplate\":\"https:\\\/\\\/thingstodoinamsterdam.com\\\/fr\\\/?s={search_term_string}\"},\"query-input\":{\"@type\":\"PropertyValueSpecification\",\"valueRequired\":true,\"valueName\":\"search_term_string\"}}],\"inLanguage\":\"fr\"},{\"@type\":\"Organization\",\"@id\":\"https:\\\/\\\/thingstodoinamsterdam.com\\\/fr\\\/#organization\",\"name\":\"Visiter Amsterdam\",\"url\":\"https:\\\/\\\/thingstodoinamsterdam.com\\\/fr\\\/\",\"logo\":{\"@type\":\"ImageObject\",\"inLanguage\":\"fr\",\"@id\":\"https:\\\/\\\/thingstodoinamsterdam.com\\\/fr\\\/#\\\/schema\\\/logo\\\/image\\\/\",\"url\":\"https:\\\/\\\/thingstodoinamsterdam.com\\\/wp-content\\\/uploads\\\/2025\\\/02\\\/ThingsToDoInAmsterdam-Favicon-logo.png\",\"contentUrl\":\"https:\\\/\\\/thingstodoinamsterdam.com\\\/wp-content\\\/uploads\\\/2025\\\/02\\\/ThingsToDoInAmsterdam-Favicon-logo.png\",\"width\":512,\"height\":512,\"caption\":\"Visiter Amsterdam\"},\"image\":{\"@id\":\"https:\\\/\\\/thingstodoinamsterdam.com\\\/fr\\\/#\\\/schema\\\/logo\\\/image\\\/\"},\"sameAs\":[\"https:\\\/\\\/www.facebook.com\\\/thingstodoinamsterdamcom\"]}]}<\/script>\n<!-- \/ Yoast SEO plugin. -->","yoast_head_json":{"title":"Les meilleures exp\u00e9riences VR \u00e0 Amsterdam | Guide VR","description":"D\u00e9couvrez les meilleures exp\u00e9riences de r\u00e9alit\u00e9 virtuelle \u00e0 Amsterdam - des jeux immersifs pour tous les niveaux, des ar\u00e8nes libres et des aventures palpitantes.","robots":{"index":"index","follow":"follow","max-snippet":"max-snippet:-1","max-image-preview":"max-image-preview:large","max-video-preview":"max-video-preview:-1"},"canonical":"https:\/\/thingstodoinamsterdam.com\/fr\/le-top-des-activites-a-amsterdam\/les-meilleures-experiences-vr\/","og_locale":"fr_FR","og_type":"article","og_title":"Les meilleures exp\u00e9riences VR \u00e0 Amsterdam | Guide VR","og_description":"D\u00e9couvrez les meilleures exp\u00e9riences de r\u00e9alit\u00e9 virtuelle \u00e0 Amsterdam - des jeux immersifs pour tous les niveaux, des ar\u00e8nes libres et des aventures palpitantes.","og_url":"https:\/\/thingstodoinamsterdam.com\/fr\/le-top-des-activites-a-amsterdam\/les-meilleures-experiences-vr\/","og_site_name":"ThingstodoinAmsterdam.com","article_publisher":"https:\/\/www.facebook.com\/thingstodoinamsterdamcom","article_modified_time":"2025-09-01T13:00:05+00:00","og_image":[{"width":1200,"height":900,"url":"https:\/\/thingstodoinamsterdam.com\/wp-content\/uploads\/2025\/04\/ADAM-VR6.jpg","type":"image\/jpeg"}],"twitter_card":"summary_large_image","twitter_misc":{"Est. reading time":"8 minutes"},"schema":{"@context":"https:\/\/schema.org","@graph":[{"@type":"WebPage","@id":"https:\/\/thingstodoinamsterdam.com\/fr\/le-top-des-activites-a-amsterdam\/les-meilleures-experiences-vr\/","url":"https:\/\/thingstodoinamsterdam.com\/fr\/le-top-des-activites-a-amsterdam\/les-meilleures-experiences-vr\/","name":"Les meilleures exp\u00e9riences VR \u00e0 Amsterdam | Guide VR","isPartOf":{"@id":"https:\/\/thingstodoinamsterdam.com\/fr\/#website"},"primaryImageOfPage":{"@id":"https:\/\/thingstodoinamsterdam.com\/fr\/le-top-des-activites-a-amsterdam\/les-meilleures-experiences-vr\/#primaryimage"},"image":{"@id":"https:\/\/thingstodoinamsterdam.com\/fr\/le-top-des-activites-a-amsterdam\/les-meilleures-experiences-vr\/#primaryimage"},"thumbnailUrl":"https:\/\/thingstodoinamsterdam.com\/wp-content\/uploads\/2025\/04\/ADAM-VR6.jpg","datePublished":"2025-05-16T11:57:43+00:00","dateModified":"2025-09-01T13:00:05+00:00","description":"D\u00e9couvrez les meilleures exp\u00e9riences de r\u00e9alit\u00e9 virtuelle \u00e0 Amsterdam - des jeux immersifs pour tous les niveaux, des ar\u00e8nes libres et des aventures palpitantes.","breadcrumb":{"@id":"https:\/\/thingstodoinamsterdam.com\/fr\/le-top-des-activites-a-amsterdam\/les-meilleures-experiences-vr\/#breadcrumb"},"inLanguage":"fr","potentialAction":[{"@type":"ReadAction","target":["https:\/\/thingstodoinamsterdam.com\/fr\/le-top-des-activites-a-amsterdam\/les-meilleures-experiences-vr\/"]}]},{"@type":"ImageObject","inLanguage":"fr","@id":"https:\/\/thingstodoinamsterdam.com\/fr\/le-top-des-activites-a-amsterdam\/les-meilleures-experiences-vr\/#primaryimage","url":"https:\/\/thingstodoinamsterdam.com\/wp-content\/uploads\/2025\/04\/ADAM-VR6.jpg","contentUrl":"https:\/\/thingstodoinamsterdam.com\/wp-content\/uploads\/2025\/04\/ADAM-VR6.jpg","width":1200,"height":900,"caption":"A'DAM VR Game Park in Amsterdam"},{"@type":"BreadcrumbList","@id":"https:\/\/thingstodoinamsterdam.com\/fr\/le-top-des-activites-a-amsterdam\/les-meilleures-experiences-vr\/#breadcrumb","itemListElement":[{"@type":"ListItem","position":1,"name":"Visiter Amsterdam","item":"https:\/\/thingstodoinamsterdam.com\/fr\/"},{"@type":"ListItem","position":2,"name":"Principales attractions touristiques \u00e0 Amsterdam","item":"https:\/\/thingstodoinamsterdam.com\/fr\/le-top-des-activites-a-amsterdam\/"},{"@type":"ListItem","position":3,"name":"Les meilleures exp\u00e9riences VR \u00e0 Amsterdam | Guide VR"}]},{"@type":"WebSite","@id":"https:\/\/thingstodoinamsterdam.com\/fr\/#website","url":"https:\/\/thingstodoinamsterdam.com\/fr\/","name":"ThingstodoinAmsterdam.com","description":"Amsterdam&#039;s highlights and hidden secrets","publisher":{"@id":"https:\/\/thingstodoinamsterdam.com\/fr\/#organization"},"potentialAction":[{"@type":"SearchAction","target":{"@type":"EntryPoint","urlTemplate":"https:\/\/thingstodoinamsterdam.com\/fr\/?s={search_term_string}"},"query-input":{"@type":"PropertyValueSpecification","valueRequired":true,"valueName":"search_term_string"}}],"inLanguage":"fr"},{"@type":"Organization","@id":"https:\/\/thingstodoinamsterdam.com\/fr\/#organization","name":"Visiter Amsterdam","url":"https:\/\/thingstodoinamsterdam.com\/fr\/","logo":{"@type":"ImageObject","inLanguage":"fr","@id":"https:\/\/thingstodoinamsterdam.com\/fr\/#\/schema\/logo\/image\/","url":"https:\/\/thingstodoinamsterdam.com\/wp-content\/uploads\/2025\/02\/ThingsToDoInAmsterdam-Favicon-logo.png","contentUrl":"https:\/\/thingstodoinamsterdam.com\/wp-content\/uploads\/2025\/02\/ThingsToDoInAmsterdam-Favicon-logo.png","width":512,"height":512,"caption":"Visiter Amsterdam"},"image":{"@id":"https:\/\/thingstodoinamsterdam.com\/fr\/#\/schema\/logo\/image\/"},"sameAs":["https:\/\/www.facebook.com\/thingstodoinamsterdamcom"]}]}},"_links":{"self":[{"href":"https:\/\/thingstodoinamsterdam.com\/fr\/wp-json\/wp\/v2\/pages\/2027271","targetHints":{"allow":["GET"]}}],"collection":[{"href":"https:\/\/thingstodoinamsterdam.com\/fr\/wp-json\/wp\/v2\/pages"}],"about":[{"href":"https:\/\/thingstodoinamsterdam.com\/fr\/wp-json\/wp\/v2\/types\/page"}],"author":[{"embeddable":true,"href":"https:\/\/thingstodoinamsterdam.com\/fr\/wp-json\/wp\/v2\/users\/33"}],"replies":[{"embeddable":true,"href":"https:\/\/thingstodoinamsterdam.com\/fr\/wp-json\/wp\/v2\/comments?post=2027271"}],"version-history":[{"count":5,"href":"https:\/\/thingstodoinamsterdam.com\/fr\/wp-json\/wp\/v2\/pages\/2027271\/revisions"}],"predecessor-version":[{"id":2028916,"href":"https:\/\/thingstodoinamsterdam.com\/fr\/wp-json\/wp\/v2\/pages\/2027271\/revisions\/2028916"}],"up":[{"embeddable":true,"href":"https:\/\/thingstodoinamsterdam.com\/fr\/wp-json\/wp\/v2\/pages\/513"}],"wp:featuredmedia":[{"embeddable":true,"href":"https:\/\/thingstodoinamsterdam.com\/fr\/wp-json\/wp\/v2\/media\/2026741"}],"wp:attachment":[{"href":"https:\/\/thingstodoinamsterdam.com\/fr\/wp-json\/wp\/v2\/media?parent=2027271"}],"curies":[{"name":"wp","href":"https:\/\/api.w.org\/{rel}","templated":true}]}}