{"id":2028149,"date":"2025-07-08T14:22:18","date_gmt":"2025-07-08T12:22:18","guid":{"rendered":"https:\/\/thingstodoinamsterdam.com\/?page_id=2028149"},"modified":"2025-07-08T14:24:05","modified_gmt":"2025-07-08T12:24:05","slug":"cozycozy","status":"publish","type":"page","link":"https:\/\/thingstodoinamsterdam.com\/fr\/hotels-amsterdam\/cozycozy\/","title":{"rendered":"CozyCozy &#8211; h\u00e9bergement unique\u202f"},"content":{"rendered":"<div class=\"wpb-content-wrapper\"><p>[vc_row][vc_column][buttonsticky title=&#8221;R\u00e9servez votre h\u00e9bergement unique sur CozyCozy&#8221; link=&#8221;https:\/\/www.cozycozy.com\/fr&#8221; target=&#8221;true&#8221; nofollow=&#8221;true&#8221; el_id=&#8221;1750166649745-9ef10786-a9e0&#8243;][\/vc_column][\/vc_row][vc_row][vc_column width=&#8221;2\/3&#8243;][vc_column_text css=&#8221;&#8221;]<\/p><div id=\"ez-toc-container\" class=\"ez-toc-v2_0_82_2 counter-hierarchy ez-toc-counter ez-toc-custom ez-toc-container-direction\">\n<div class=\"ez-toc-title-container\">\n<span class=\"ez-toc-title-toggle\"><a href=\"#\" class=\"ez-toc-pull-right ez-toc-btn ez-toc-btn-xs ez-toc-btn-default ez-toc-toggle\" aria-label=\"Toggle Table of Content\"><span class=\"ez-toc-js-icon-con\"><span class=\"\"><span class=\"eztoc-hide\" style=\"display:none;\">Toggle<\/span><span class=\"ez-toc-icon-toggle-span\"><svg style=\"fill: #999;color:#999\" xmlns=\"http:\/\/www.w3.org\/2000\/svg\" class=\"list-377408\" width=\"20px\" height=\"20px\" viewBox=\"0 0 24 24\" fill=\"none\"><path d=\"M6 6H4v2h2V6zm14 0H8v2h12V6zM4 11h2v2H4v-2zm16 0H8v2h12v-2zM4 16h2v2H4v-2zm16 0H8v2h12v-2z\" fill=\"currentColor\"><\/path><\/svg><svg style=\"fill: #999;color:#999\" class=\"arrow-unsorted-368013\" xmlns=\"http:\/\/www.w3.org\/2000\/svg\" width=\"10px\" height=\"10px\" viewBox=\"0 0 24 24\" version=\"1.2\" baseProfile=\"tiny\"><path d=\"M18.2 9.3l-6.2-6.3-6.2 6.3c-.2.2-.3.4-.3.7s.1.5.3.7c.2.2.4.3.7.3h11c.3 0 .5-.1.7-.3.2-.2.3-.5.3-.7s-.1-.5-.3-.7zM5.8 14.7l6.2 6.3 6.2-6.3c.2-.2.3-.5.3-.7s-.1-.5-.3-.7c-.2-.2-.4-.3-.7-.3h-11c-.3 0-.5.1-.7.3-.2.2-.3.5-.3.7s.1.5.3.7z\"\/><\/svg><\/span><\/span><\/span><\/a><\/span><\/div>\n<nav><ul class='ez-toc-list ez-toc-list-level-1 ' ><li class='ez-toc-page-1 ez-toc-heading-level-2'><a class=\"ez-toc-link ez-toc-heading-1\" href=\"https:\/\/thingstodoinamsterdam.com\/fr\/hotels-amsterdam\/cozycozy\/#comment-fonctionne-cozycozy\" >Comment fonctionne CozyCozy<\/a><\/li><li class='ez-toc-page-1 ez-toc-heading-level-2'><a class=\"ez-toc-link ez-toc-heading-2\" href=\"https:\/\/thingstodoinamsterdam.com\/fr\/hotels-amsterdam\/cozycozy\/#comment-rechercher\" >Comment rechercher<\/a><\/li><li class='ez-toc-page-1 ez-toc-heading-level-2'><a class=\"ez-toc-link ez-toc-heading-3\" href=\"https:\/\/thingstodoinamsterdam.com\/fr\/hotels-amsterdam\/cozycozy\/#notre-avis\" >Notre avis<\/a><\/li><\/ul><\/nav><\/div>\n\n<div class=\"flex-shrink-0 flex flex-col relative items-end\">\n<div class=\"pt-0\">\n<div class=\"gizmo-bot-avatar flex h-8 w-8 items-center justify-center overflow-hidden rounded-full\"><\/div>\n<\/div>\n<\/div>\n<p>Il peut \u00eatre difficile de planifier un voyage de nos jours. Entre les diff\u00e9rents sites pour h\u00f4tels, locations de vacances, auberges de jeunesse, glampings et m\u00eame p\u00e9niches, chacun avec ses propres prix, annonces et frais cach\u00e9s, cela peut parfois enlever le plaisir de r\u00e9server son prochain s\u00e9jour.<\/p>\n<p>Avec autant de plateformes d\u2019h\u00e9bergement, l\u2019id\u00e9al est d\u2019avoir un seul endroit qui vous \u00e9vite de rechercher sur plusieurs sites et de comparer manuellement les offres et les prix. C\u2019est exactement l\u00e0 que CozyCozy intervient : une plateforme de m\u00e9tarecherche d\u2019h\u00e9bergements qui simplifie tout le processus.<\/p>\n<p>CozyCozy rassemble toutes les plateformes d\u2019h\u00e9bergement en un seul endroit pratique. Que vous cherchiez un h\u00f4tel \u00e9conomique \u00e0 Paris, une p\u00e9niche \u00e0 Amsterdam ou une location spacieuse \u00e0 Rome, CozyCozy vous montre toutes vos options avec des prix transparents et des comparaisons faciles. La promesse : enlever le casse-t\u00eate de la r\u00e9servation pour que vous puissiez vous concentrer sur l\u2019essentiel : profiter de votre voyage.<\/p>\n<p>Curieux de lire notre avis ? <a href=\"https:\/\/thingstodoinamsterdam.com\/fr\/hotels-amsterdam\/cozycozy\/#review\">Lisez-le directement ici<\/a>..[\/vc_column_text][\/vc_column][vc_column width=&#8221;1\/3&#8243;][vc_single_image image=&#8221;2027945&#8243; img_size=&#8221;full&#8221; alignment=&#8221;center&#8221; css=&#8221;&#8221;][\/vc_column][\/vc_row][vc_row][vc_column width=&#8221;1\/2&#8243;][vc_single_image image=&#8221;2027950&#8243; img_size=&#8221;full&#8221; alignment=&#8221;center&#8221; css=&#8221;&#8221;][\/vc_column][vc_column width=&#8221;1\/2&#8243;][vc_single_image image=&#8221;2027973&#8243; img_size=&#8221;full&#8221; alignment=&#8221;center&#8221; css=&#8221;&#8221;][\/vc_column][\/vc_row][vc_row][vc_column width=&#8221;2\/3&#8243;][vc_column_text css=&#8221;&#8221;]<\/p>\n<h2><span class=\"ez-toc-section\" id=\"comment-fonctionne-cozycozy\"><\/span>Comment fonctionne CozyCozy<span class=\"ez-toc-section-end\"><\/span><\/h2>\n<p>CozyCozy compare les prix et les disponibilit\u00e9s sur presque tous les grands sites de r\u00e9servation, le tout au m\u00eame endroit. Consid\u00e9rez-le comme le \u00ab\u202fSkyscanner de l\u2019h\u00e9bergement\u202f\u00bb : il regroupe les annonces de sites comme Booking.com, Airbnb, Vrbo, Expedia, Agoda et bien d\u2019autres, pour que vous voyiez toutes vos options c\u00f4te \u00e0 c\u00f4te.<\/p>\n<p>Et peu importe le type d\u2019h\u00e9bergement que vous recherchez \u2014 h\u00f4tel, location d\u2019appartement, cabane, chalet, yourte, cabane dans les arbres, auberge de jeunesse ou emplacement de camping \u2014 vous pouvez tout chercher au m\u00eame endroit, comparer les prix de plusieurs prestataires et choisir l\u2019offre qui vous convient. Vous pouvez m\u00eame trouver un \u00e9change de maison ici.<\/p>\n<p>La plateforme couvre le monde entier avec des annonces dans plus de 200 pays, ce qui vous permet de planifier des voyages presque partout. Elle facilite la comparaison des prix des sites de r\u00e9servation c\u00f4te \u00e0 c\u00f4te, pour vous aider \u00e0 trouver la meilleure offre sans complication.<\/p>\n<p>Des filtres et outils de recherche pratiques vous permettent d\u2019affiner les r\u00e9sultats selon le type d\u2019h\u00e9bergement, le nombre de personnes, l\u2019accueil des animaux, l\u2019acc\u00e8s \u00e0 une piscine, l\u2019annulation gratuite et bien plus encore. Une vue carte permet aussi de trouver des h\u00e9bergements proches de la plage ou de sites touristiques, et il y a m\u00eame des offres de derni\u00e8re minute si vous cherchez des vacances spontan\u00e9es.<\/p>\n<p>En chiffres, CozyCozy\u202f:<\/p>\n<ul>\n<li class=\"p1\">Rassemble des offres de plus de 100 sites marchands<\/li>\n<li class=\"p1\">Acc\u00e8s \u00e0 plus de 20 millions d\u2019options d\u2019h\u00e9bergement dans le monde<\/li>\n<li class=\"p1\">Propose plus de 400 millions de photos<\/li>\n<li class=\"p1\">Couvre plus de 750 zones touristiques<\/li>\n<li class=\"p1\">Inclut plus de 3 millions d\u2019h\u00f4tels<\/li>\n<li class=\"p1\">Propose plus de 7,5 millions d\u2019appartements<\/li>\n<li class=\"p1\">R\u00e9pertorie plus de 4,5 millions de maisons<\/li>\n<li class=\"p1\">Affiche plus de 500\u202f000 h\u00e9bergements insolites<\/li>\n<li class=\"p1\">Prend en charge plus de 175\u202f000 \u00e9changes de maison<\/li>\n<li class=\"p1\">R\u00e9unit plus de 60\u202f000 campings<\/li>\n<li class=\"p1\">Inclut plus de 3\u202f500 cabanes dans les arbres<\/li>\n<\/ul>\n<p>[\/vc_column_text][button title=&#8221;Rechercher un h\u00e9bergement sur CozyCozy&#8221; link=&#8221;https:\/\/www.cozycozy.com\/fr&#8221; icon=&#8221;&#8221; button_align=&#8221;center&#8221; target=&#8221;true&#8221; nofollow=&#8221;true&#8221; el_id=&#8221;1570179223317-e7e33b72-1f2c&#8221;][\/vc_column][vc_column width=&#8221;1\/3&#8243;][vc_single_image image=&#8221;2028091&#8243; img_size=&#8221;full&#8221; alignment=&#8221;center&#8221; css=&#8221;&#8221;][vc_single_image image=&#8221;2027968&#8243; img_size=&#8221;full&#8221; alignment=&#8221;center&#8221; css=&#8221;&#8221;][vc_single_image image=&#8221;2027963&#8243; img_size=&#8221;full&#8221; alignment=&#8221;center&#8221; css=&#8221;&#8221;][\/vc_column][\/vc_row][vc_row][vc_column width=&#8221;2\/3&#8243;][vc_column_text css=&#8221;&#8221;]<\/p>\n<h2><span class=\"ez-toc-section\" id=\"comment-rechercher\"><\/span>Comment rechercher<span class=\"ez-toc-section-end\"><\/span><\/h2>\n<p>Trouver votre h\u00e9bergement id\u00e9al est tr\u00e8s simple. Il suffit d\u2019utiliser votre appareil pour rechercher votre destination et vos dates de voyage afin de voir un large choix d\u2019options d\u2019h\u00e9bergement sur un seul \u00e9cran, avec les prix de diff\u00e9rents prestataires. Filtrez comme vous le souhaitez pour affiner encore plus vos r\u00e9sultats.<\/p>\n<p>Vous pouvez facilement comparer les offres, CozyCozy vous montrant les prix les plus bas disponibles sur plusieurs sites. Une fois que vous avez trouv\u00e9 l\u2019endroit qui vous pla\u00eet, vous le s\u00e9lectionnez simplement et CozyCozy vous redirige vers le site partenaire, comme Airbnb ou Booking.com, pour finaliser votre r\u00e9servation.<\/p>\n<p>Bon \u00e0 savoir : CozyCozy ne facture aucun frais suppl\u00e9mentaire \u2014 la recherche et la comparaison sont totalement gratuites. Si vous devez annuler ou modifier votre r\u00e9servation, vous pouvez le faire directement sur le site o\u00f9 vous avez r\u00e9serv\u00e9, comme Booking.com ou Airbnb.<br \/>\n[\/vc_column_text][button title=&#8221;Trouvez votre lieu de vacances id\u00e9al sur CozyCozy&#8221; link=&#8221;https:\/\/www.cozycozy.com\/fr&#8221; icon=&#8221;&#8221; button_align=&#8221;center&#8221; target=&#8221;true&#8221; nofollow=&#8221;true&#8221; el_id=&#8221;1750167352999-902ee187-0c07&#8243;][\/vc_column][vc_column width=&#8221;1\/3&#8243;][vc_single_image image=&#8221;2027984&#8243; img_size=&#8221;full&#8221; alignment=&#8221;center&#8221; css=&#8221;&#8221;][\/vc_column][\/vc_row][vc_row][vc_column width=&#8221;2\/3&#8243;][vc_column_text css=&#8221;&#8221;]<\/p>\n<h2 id=\"review\"><span class=\"ez-toc-section\" id=\"notre-avis\"><\/span>Notre avis<span class=\"ez-toc-section-end\"><\/span><\/h2>\n<p>L\u2019interface du site est claire et intuitive, avec des filtres pratiques qui facilitent le tri des r\u00e9sultats. C\u2019est <span data-teams=\"true\">particuli\u00e8rement pratique si vous recherchez un h\u00e9bergement tr\u00e8s sp\u00e9cifique, car CozyCozy agr\u00e8ge les r\u00e9sultats de nombreuses plateformes, y compris Airbnb, Booking et bien d\u2019autres. Ainsi, vous b\u00e9n\u00e9ficiez d\u2019un aper\u00e7u complet sans devoir tout v\u00e9rifier s\u00e9par\u00e9ment.<\/span><\/p>\n<p>En r\u00e9sum\u00e9, CozyCozy rend la planification d\u2019un voyage bien plus simple. Au lieu de jongler avec une dizaine de sites et d\u2019\u00eatre submerg\u00e9 par trop d\u2019onglets, vous voyez tout au m\u00eame endroit et vous savez que vous b\u00e9n\u00e9ficiez d\u2019un tarif juste. Cela enl\u00e8ve le stress de la r\u00e9servation, pour que vous puissiez vraiment profiter du choix de votre h\u00e9bergement et vous concentrer sur l\u2019excitation du voyage \u00e0 venir.<br \/>\n[\/vc_column_text][\/vc_column][vc_column width=&#8221;1\/3&#8243;][vc_single_image image=&#8221;2027994&#8243; img_size=&#8221;full&#8221; alignment=&#8221;center&#8221; css=&#8221;&#8221;][vc_single_image image=&#8221;2027989&#8243; img_size=&#8221;full&#8221; alignment=&#8221;center&#8221; css=&#8221;&#8221;][\/vc_column][\/vc_row][vc_row][vc_column][reviews heading=&#8221;Avis CozyCozy&#8221; description=&#8221;Avez-vous d\u00e9j\u00e0 cherch\u00e9 un h\u00e9bergement sur CozyCozy ? Nous serions ravis de conna\u00eetre votre exp\u00e9rience ! Le recommanderiez-vous \u00e0 d\u2019autres ? Dites-le-nous ci-dessous\u202f!&#8221; item_name=&#8221;A&#8217;DAM VR Game Park &#8211; Virtual Reality Amsterdam&#8221; item_web=&#8221;https:\/\/adam-vr.com\/&#8221; item_address=&#8221;Overhoeksplein 15&#8243; item_city=&#8221;Amsterdam&#8221; item_postal_code=&#8221;1031KS&#8221; item_country=&#8221;NL&#8221; el_id=&#8221;1715686148341-8d645a2d-144b&#8221;][\/reviews][\/vc_column][\/vc_row]<\/p>\n<\/div>","protected":false},"excerpt":{"rendered":"<p>[vc_row][vc_column][buttonsticky title=&#8221;R\u00e9servez votre h\u00e9bergement unique sur CozyCozy&#8221; link=&#8221;https:\/\/www.cozycozy.com\/fr&#8221; target=&#8221;true&#8221; nofollow=&#8221;true&#8221; el_id=&#8221;1750166649745-9ef10786-a9e0&#8243;][\/vc_column][\/vc_row][vc_row][vc_column width=&#8221;2\/3&#8243;][vc_column_text css=&#8221;&#8221;] Il peut \u00eatre difficile de planifier un voyage de nos jours. Entre\u2026<\/p>\n","protected":false},"author":33,"featured_media":2027941,"parent":5040,"menu_order":0,"comment_status":"closed","ping_status":"closed","template":"","meta":{"footnotes":""},"class_list":["post-2028149","page","type-page","status-publish","has-post-thumbnail","hentry"],"yoast_head":"<!-- This site is optimized with the Yoast SEO plugin v27.3 - https:\/\/yoast.com\/product\/yoast-seo-wordpress\/ -->\n<title>CozyCozy - h\u00e9bergement unique\u202f - ThingstodoinAmsterdam.com<\/title>\n<meta name=\"robots\" content=\"index, follow, max-snippet:-1, max-image-preview:large, max-video-preview:-1\" \/>\n<link rel=\"canonical\" href=\"https:\/\/thingstodoinamsterdam.com\/fr\/hotels-amsterdam\/cozycozy\/\" \/>\n<meta property=\"og:locale\" content=\"fr_FR\" \/>\n<meta property=\"og:type\" content=\"article\" \/>\n<meta property=\"og:title\" content=\"CozyCozy - h\u00e9bergement unique\u202f - ThingstodoinAmsterdam.com\" \/>\n<meta property=\"og:description\" content=\"[vc_row][vc_column][buttonsticky title=&#8221;R\u00e9servez votre h\u00e9bergement unique sur CozyCozy&#8221; link=&#8221;https:\/\/www.cozycozy.com\/fr&#8221; target=&#8221;true&#8221; nofollow=&#8221;true&#8221; el_id=&#8221;1750166649745-9ef10786-a9e0&#8243;][\/vc_column][\/vc_row][vc_row][vc_column width=&#8221;2\/3&#8243;][vc_column_text css=&#8221;&#8221;] Il peut \u00eatre difficile de planifier un voyage de nos jours. Entre\u2026\" \/>\n<meta property=\"og:url\" content=\"https:\/\/thingstodoinamsterdam.com\/fr\/hotels-amsterdam\/cozycozy\/\" \/>\n<meta property=\"og:site_name\" content=\"ThingstodoinAmsterdam.com\" \/>\n<meta property=\"article:publisher\" content=\"https:\/\/www.facebook.com\/thingstodoinamsterdamcom\" \/>\n<meta property=\"article:modified_time\" content=\"2025-07-08T12:24:05+00:00\" \/>\n<meta property=\"og:image\" content=\"https:\/\/thingstodoinamsterdam.com\/wp-content\/uploads\/2025\/06\/CozyCozytravel.jpeg\" \/>\n\t<meta property=\"og:image:width\" content=\"1200\" \/>\n\t<meta property=\"og:image:height\" content=\"800\" \/>\n\t<meta property=\"og:image:type\" content=\"image\/jpeg\" \/>\n<meta name=\"twitter:card\" content=\"summary_large_image\" \/>\n<meta name=\"twitter:label1\" content=\"Est. reading time\" \/>\n\t<meta name=\"twitter:data1\" content=\"5 minutes\" \/>\n<script type=\"application\/ld+json\" class=\"yoast-schema-graph\">{\"@context\":\"https:\\\/\\\/schema.org\",\"@graph\":[{\"@type\":\"WebPage\",\"@id\":\"https:\\\/\\\/thingstodoinamsterdam.com\\\/fr\\\/hotels-amsterdam\\\/cozycozy\\\/\",\"url\":\"https:\\\/\\\/thingstodoinamsterdam.com\\\/fr\\\/hotels-amsterdam\\\/cozycozy\\\/\",\"name\":\"CozyCozy - h\u00e9bergement unique\u202f - ThingstodoinAmsterdam.com\",\"isPartOf\":{\"@id\":\"https:\\\/\\\/thingstodoinamsterdam.com\\\/fr\\\/#website\"},\"primaryImageOfPage\":{\"@id\":\"https:\\\/\\\/thingstodoinamsterdam.com\\\/fr\\\/hotels-amsterdam\\\/cozycozy\\\/#primaryimage\"},\"image\":{\"@id\":\"https:\\\/\\\/thingstodoinamsterdam.com\\\/fr\\\/hotels-amsterdam\\\/cozycozy\\\/#primaryimage\"},\"thumbnailUrl\":\"https:\\\/\\\/thingstodoinamsterdam.com\\\/wp-content\\\/uploads\\\/2025\\\/06\\\/CozyCozytravel.jpeg\",\"datePublished\":\"2025-07-08T12:22:18+00:00\",\"dateModified\":\"2025-07-08T12:24:05+00:00\",\"breadcrumb\":{\"@id\":\"https:\\\/\\\/thingstodoinamsterdam.com\\\/fr\\\/hotels-amsterdam\\\/cozycozy\\\/#breadcrumb\"},\"inLanguage\":\"fr\",\"potentialAction\":[{\"@type\":\"ReadAction\",\"target\":[\"https:\\\/\\\/thingstodoinamsterdam.com\\\/fr\\\/hotels-amsterdam\\\/cozycozy\\\/\"]}]},{\"@type\":\"ImageObject\",\"inLanguage\":\"fr\",\"@id\":\"https:\\\/\\\/thingstodoinamsterdam.com\\\/fr\\\/hotels-amsterdam\\\/cozycozy\\\/#primaryimage\",\"url\":\"https:\\\/\\\/thingstodoinamsterdam.com\\\/wp-content\\\/uploads\\\/2025\\\/06\\\/CozyCozytravel.jpeg\",\"contentUrl\":\"https:\\\/\\\/thingstodoinamsterdam.com\\\/wp-content\\\/uploads\\\/2025\\\/06\\\/CozyCozytravel.jpeg\",\"width\":1200,\"height\":800,\"caption\":\"CozyCozy unique accommodation\"},{\"@type\":\"BreadcrumbList\",\"@id\":\"https:\\\/\\\/thingstodoinamsterdam.com\\\/fr\\\/hotels-amsterdam\\\/cozycozy\\\/#breadcrumb\",\"itemListElement\":[{\"@type\":\"ListItem\",\"position\":1,\"name\":\"Visiter Amsterdam\",\"item\":\"https:\\\/\\\/thingstodoinamsterdam.com\\\/fr\\\/\"},{\"@type\":\"ListItem\",\"position\":2,\"name\":\"H\u00f4tels Amsterdam\",\"item\":\"https:\\\/\\\/thingstodoinamsterdam.com\\\/fr\\\/hotels-amsterdam\\\/\"},{\"@type\":\"ListItem\",\"position\":3,\"name\":\"CozyCozy &#8211; h\u00e9bergement unique\u202f\"}]},{\"@type\":\"WebSite\",\"@id\":\"https:\\\/\\\/thingstodoinamsterdam.com\\\/fr\\\/#website\",\"url\":\"https:\\\/\\\/thingstodoinamsterdam.com\\\/fr\\\/\",\"name\":\"ThingstodoinAmsterdam.com\",\"description\":\"Amsterdam&#039;s highlights and hidden secrets\",\"publisher\":{\"@id\":\"https:\\\/\\\/thingstodoinamsterdam.com\\\/fr\\\/#organization\"},\"potentialAction\":[{\"@type\":\"SearchAction\",\"target\":{\"@type\":\"EntryPoint\",\"urlTemplate\":\"https:\\\/\\\/thingstodoinamsterdam.com\\\/fr\\\/?s={search_term_string}\"},\"query-input\":{\"@type\":\"PropertyValueSpecification\",\"valueRequired\":true,\"valueName\":\"search_term_string\"}}],\"inLanguage\":\"fr\"},{\"@type\":\"Organization\",\"@id\":\"https:\\\/\\\/thingstodoinamsterdam.com\\\/fr\\\/#organization\",\"name\":\"Visiter Amsterdam\",\"url\":\"https:\\\/\\\/thingstodoinamsterdam.com\\\/fr\\\/\",\"logo\":{\"@type\":\"ImageObject\",\"inLanguage\":\"fr\",\"@id\":\"https:\\\/\\\/thingstodoinamsterdam.com\\\/fr\\\/#\\\/schema\\\/logo\\\/image\\\/\",\"url\":\"https:\\\/\\\/thingstodoinamsterdam.com\\\/wp-content\\\/uploads\\\/2025\\\/02\\\/ThingsToDoInAmsterdam-Favicon-logo.png\",\"contentUrl\":\"https:\\\/\\\/thingstodoinamsterdam.com\\\/wp-content\\\/uploads\\\/2025\\\/02\\\/ThingsToDoInAmsterdam-Favicon-logo.png\",\"width\":512,\"height\":512,\"caption\":\"Visiter Amsterdam\"},\"image\":{\"@id\":\"https:\\\/\\\/thingstodoinamsterdam.com\\\/fr\\\/#\\\/schema\\\/logo\\\/image\\\/\"},\"sameAs\":[\"https:\\\/\\\/www.facebook.com\\\/thingstodoinamsterdamcom\"]}]}<\/script>\n<!-- \/ Yoast SEO plugin. -->","yoast_head_json":{"title":"CozyCozy - h\u00e9bergement unique\u202f - ThingstodoinAmsterdam.com","robots":{"index":"index","follow":"follow","max-snippet":"max-snippet:-1","max-image-preview":"max-image-preview:large","max-video-preview":"max-video-preview:-1"},"canonical":"https:\/\/thingstodoinamsterdam.com\/fr\/hotels-amsterdam\/cozycozy\/","og_locale":"fr_FR","og_type":"article","og_title":"CozyCozy - h\u00e9bergement unique\u202f - ThingstodoinAmsterdam.com","og_description":"[vc_row][vc_column][buttonsticky title=&#8221;R\u00e9servez votre h\u00e9bergement unique sur CozyCozy&#8221; link=&#8221;https:\/\/www.cozycozy.com\/fr&#8221; target=&#8221;true&#8221; nofollow=&#8221;true&#8221; el_id=&#8221;1750166649745-9ef10786-a9e0&#8243;][\/vc_column][\/vc_row][vc_row][vc_column width=&#8221;2\/3&#8243;][vc_column_text css=&#8221;&#8221;] Il peut \u00eatre difficile de planifier un voyage de nos jours. Entre\u2026","og_url":"https:\/\/thingstodoinamsterdam.com\/fr\/hotels-amsterdam\/cozycozy\/","og_site_name":"ThingstodoinAmsterdam.com","article_publisher":"https:\/\/www.facebook.com\/thingstodoinamsterdamcom","article_modified_time":"2025-07-08T12:24:05+00:00","og_image":[{"width":1200,"height":800,"url":"https:\/\/thingstodoinamsterdam.com\/wp-content\/uploads\/2025\/06\/CozyCozytravel.jpeg","type":"image\/jpeg"}],"twitter_card":"summary_large_image","twitter_misc":{"Est. reading time":"5 minutes"},"schema":{"@context":"https:\/\/schema.org","@graph":[{"@type":"WebPage","@id":"https:\/\/thingstodoinamsterdam.com\/fr\/hotels-amsterdam\/cozycozy\/","url":"https:\/\/thingstodoinamsterdam.com\/fr\/hotels-amsterdam\/cozycozy\/","name":"CozyCozy - h\u00e9bergement unique\u202f - ThingstodoinAmsterdam.com","isPartOf":{"@id":"https:\/\/thingstodoinamsterdam.com\/fr\/#website"},"primaryImageOfPage":{"@id":"https:\/\/thingstodoinamsterdam.com\/fr\/hotels-amsterdam\/cozycozy\/#primaryimage"},"image":{"@id":"https:\/\/thingstodoinamsterdam.com\/fr\/hotels-amsterdam\/cozycozy\/#primaryimage"},"thumbnailUrl":"https:\/\/thingstodoinamsterdam.com\/wp-content\/uploads\/2025\/06\/CozyCozytravel.jpeg","datePublished":"2025-07-08T12:22:18+00:00","dateModified":"2025-07-08T12:24:05+00:00","breadcrumb":{"@id":"https:\/\/thingstodoinamsterdam.com\/fr\/hotels-amsterdam\/cozycozy\/#breadcrumb"},"inLanguage":"fr","potentialAction":[{"@type":"ReadAction","target":["https:\/\/thingstodoinamsterdam.com\/fr\/hotels-amsterdam\/cozycozy\/"]}]},{"@type":"ImageObject","inLanguage":"fr","@id":"https:\/\/thingstodoinamsterdam.com\/fr\/hotels-amsterdam\/cozycozy\/#primaryimage","url":"https:\/\/thingstodoinamsterdam.com\/wp-content\/uploads\/2025\/06\/CozyCozytravel.jpeg","contentUrl":"https:\/\/thingstodoinamsterdam.com\/wp-content\/uploads\/2025\/06\/CozyCozytravel.jpeg","width":1200,"height":800,"caption":"CozyCozy unique accommodation"},{"@type":"BreadcrumbList","@id":"https:\/\/thingstodoinamsterdam.com\/fr\/hotels-amsterdam\/cozycozy\/#breadcrumb","itemListElement":[{"@type":"ListItem","position":1,"name":"Visiter Amsterdam","item":"https:\/\/thingstodoinamsterdam.com\/fr\/"},{"@type":"ListItem","position":2,"name":"H\u00f4tels Amsterdam","item":"https:\/\/thingstodoinamsterdam.com\/fr\/hotels-amsterdam\/"},{"@type":"ListItem","position":3,"name":"CozyCozy &#8211; h\u00e9bergement unique\u202f"}]},{"@type":"WebSite","@id":"https:\/\/thingstodoinamsterdam.com\/fr\/#website","url":"https:\/\/thingstodoinamsterdam.com\/fr\/","name":"ThingstodoinAmsterdam.com","description":"Amsterdam&#039;s highlights and hidden secrets","publisher":{"@id":"https:\/\/thingstodoinamsterdam.com\/fr\/#organization"},"potentialAction":[{"@type":"SearchAction","target":{"@type":"EntryPoint","urlTemplate":"https:\/\/thingstodoinamsterdam.com\/fr\/?s={search_term_string}"},"query-input":{"@type":"PropertyValueSpecification","valueRequired":true,"valueName":"search_term_string"}}],"inLanguage":"fr"},{"@type":"Organization","@id":"https:\/\/thingstodoinamsterdam.com\/fr\/#organization","name":"Visiter Amsterdam","url":"https:\/\/thingstodoinamsterdam.com\/fr\/","logo":{"@type":"ImageObject","inLanguage":"fr","@id":"https:\/\/thingstodoinamsterdam.com\/fr\/#\/schema\/logo\/image\/","url":"https:\/\/thingstodoinamsterdam.com\/wp-content\/uploads\/2025\/02\/ThingsToDoInAmsterdam-Favicon-logo.png","contentUrl":"https:\/\/thingstodoinamsterdam.com\/wp-content\/uploads\/2025\/02\/ThingsToDoInAmsterdam-Favicon-logo.png","width":512,"height":512,"caption":"Visiter Amsterdam"},"image":{"@id":"https:\/\/thingstodoinamsterdam.com\/fr\/#\/schema\/logo\/image\/"},"sameAs":["https:\/\/www.facebook.com\/thingstodoinamsterdamcom"]}]}},"_links":{"self":[{"href":"https:\/\/thingstodoinamsterdam.com\/fr\/wp-json\/wp\/v2\/pages\/2028149","targetHints":{"allow":["GET"]}}],"collection":[{"href":"https:\/\/thingstodoinamsterdam.com\/fr\/wp-json\/wp\/v2\/pages"}],"about":[{"href":"https:\/\/thingstodoinamsterdam.com\/fr\/wp-json\/wp\/v2\/types\/page"}],"author":[{"embeddable":true,"href":"https:\/\/thingstodoinamsterdam.com\/fr\/wp-json\/wp\/v2\/users\/33"}],"replies":[{"embeddable":true,"href":"https:\/\/thingstodoinamsterdam.com\/fr\/wp-json\/wp\/v2\/comments?post=2028149"}],"version-history":[{"count":2,"href":"https:\/\/thingstodoinamsterdam.com\/fr\/wp-json\/wp\/v2\/pages\/2028149\/revisions"}],"predecessor-version":[{"id":2028156,"href":"https:\/\/thingstodoinamsterdam.com\/fr\/wp-json\/wp\/v2\/pages\/2028149\/revisions\/2028156"}],"up":[{"embeddable":true,"href":"https:\/\/thingstodoinamsterdam.com\/fr\/wp-json\/wp\/v2\/pages\/5040"}],"wp:featuredmedia":[{"embeddable":true,"href":"https:\/\/thingstodoinamsterdam.com\/fr\/wp-json\/wp\/v2\/media\/2027941"}],"wp:attachment":[{"href":"https:\/\/thingstodoinamsterdam.com\/fr\/wp-json\/wp\/v2\/media?parent=2028149"}],"curies":[{"name":"wp","href":"https:\/\/api.w.org\/{rel}","templated":true}]}}