{"id":2529242,"date":"2025-09-12T17:25:47","date_gmt":"2025-09-12T15:25:47","guid":{"rendered":"https:\/\/thingstodoinamsterdam.com\/factor-meals-des-repas-prepares-delicieux\/"},"modified":"2025-09-16T15:01:41","modified_gmt":"2025-09-16T13:01:41","slug":"factor-meals","status":"publish","type":"page","link":"https:\/\/thingstodoinamsterdam.com\/fr\/informations-pratiques\/les-meilleurs-services-de-livraison-de-repas\/factor-meals\/","title":{"rendered":"Factor Meals &#8211; des repas pr\u00e9par\u00e9s d\u00e9licieux"},"content":{"rendered":"<div class=\"wpb-content-wrapper\"><p>[vc_row][vc_column width=&#8221;2\/3&#8243;][vc_column_text css=&#8221;&#8221;]Vous avez aussi un emploi du temps surcharg\u00e9 et donc peu de temps pour cuisiner ? Commander \u00e0 manger est souvent une solution facile. Cependant, si vous voulez rester un peu en forme, ce n&#8217;est souvent pas la meilleure solution. De plus, la livraison peut parfois prendre (trop) longtemps, c&#8217;est cher et la qualit\u00e9 est variable. Si vous vous reconnaissez dans cette situation, Factor Meals pourrait \u00eatre la solution pour vous ! En effet, Factor livre \u00e0 domicile des repas pr\u00e9par\u00e9s sains et savoureux. Les recettes changent r\u00e9guli\u00e8rement et sont \u00e9labor\u00e9es en collaboration avec des di\u00e9t\u00e9ticiens. Avec les repas pr\u00e9par\u00e9s de Factor, vous gardez donc la commodit\u00e9 de ne pas avoir \u00e0 cuisiner, sans faire de compromis sur la sant\u00e9 !<\/p><div id=\"ez-toc-container\" class=\"ez-toc-v2_0_82_2 counter-hierarchy ez-toc-counter ez-toc-custom ez-toc-container-direction\">\n<div class=\"ez-toc-title-container\">\n<span class=\"ez-toc-title-toggle\"><a href=\"#\" class=\"ez-toc-pull-right ez-toc-btn ez-toc-btn-xs ez-toc-btn-default ez-toc-toggle\" aria-label=\"Toggle Table of Content\"><span class=\"ez-toc-js-icon-con\"><span class=\"\"><span class=\"eztoc-hide\" style=\"display:none;\">Toggle<\/span><span class=\"ez-toc-icon-toggle-span\"><svg style=\"fill: #999;color:#999\" xmlns=\"http:\/\/www.w3.org\/2000\/svg\" class=\"list-377408\" width=\"20px\" height=\"20px\" viewBox=\"0 0 24 24\" fill=\"none\"><path d=\"M6 6H4v2h2V6zm14 0H8v2h12V6zM4 11h2v2H4v-2zm16 0H8v2h12v-2zM4 16h2v2H4v-2zm16 0H8v2h12v-2z\" fill=\"currentColor\"><\/path><\/svg><svg style=\"fill: #999;color:#999\" class=\"arrow-unsorted-368013\" xmlns=\"http:\/\/www.w3.org\/2000\/svg\" width=\"10px\" height=\"10px\" viewBox=\"0 0 24 24\" version=\"1.2\" baseProfile=\"tiny\"><path d=\"M18.2 9.3l-6.2-6.3-6.2 6.3c-.2.2-.3.4-.3.7s.1.5.3.7c.2.2.4.3.7.3h11c.3 0 .5-.1.7-.3.2-.2.3-.5.3-.7s-.1-.5-.3-.7zM5.8 14.7l6.2 6.3 6.2-6.3c.2-.2.3-.5.3-.7s-.1-.5-.3-.7c-.2-.2-.4-.3-.7-.3h-11c-.3 0-.5.1-.7.3-.2.2-.3.5-.3.7s.1.5.3.7z\"\/><\/svg><\/span><\/span><\/span><\/a><\/span><\/div>\n<nav><ul class='ez-toc-list ez-toc-list-level-1 ' ><li class='ez-toc-page-1 ez-toc-heading-level-2'><a class=\"ez-toc-link ez-toc-heading-1\" href=\"https:\/\/thingstodoinamsterdam.com\/fr\/informations-pratiques\/les-meilleurs-services-de-livraison-de-repas\/factor-meals\/#comment-fonctionne-le-concept-de-factor\" >Comment fonctionne le concept de Factor ?<\/a><\/li><li class='ez-toc-page-1 ez-toc-heading-level-2'><a class=\"ez-toc-link ez-toc-heading-2\" href=\"https:\/\/thingstodoinamsterdam.com\/fr\/informations-pratiques\/les-meilleurs-services-de-livraison-de-repas\/factor-meals\/#notre-experience-avec-les-repas-prepares-de-factor\" >Notre exp\u00e9rience avec les repas pr\u00e9par\u00e9s de Factor<\/a><\/li><\/ul><\/nav><\/div>\n\n<p>De passage \u00e0 Amsterdam pour peu de temps ? Vous pouvez aussi commander <a href=\"https:\/\/www.factormeals.be\/?locale=fr-BE\">les d\u00e9licieux plats pr\u00e9par\u00e9s de Factor<\/a> en Belgique ![\/vc_column_text][button title=&#8221;Commandez les plats pr\u00e9par\u00e9s de Factor aux Pays-Bas&#8221; link=&#8221;https:\/\/thingstodoinamsterdam.com\/ticketlink-delivery-factormeals-std&#8221; icon=&#8221;&#8221; button_align=&#8221;center&#8221; target=&#8221;true&#8221; nofollow=&#8221;true&#8221; el_id=&#8221;1578434951680-956e0efe-9c0d&#8221;][\/vc_column][vc_column width=&#8221;1\/3&#8243;][vc_single_image image=&#8221;2529166&#8243; img_size=&#8221;full&#8221; alignment=&#8221;center&#8221; css=&#8221;&#8221;][\/vc_column][\/vc_row][vc_row][vc_column][vc_column_text css=&#8221;&#8221;]<\/p>\n<h2><span class=\"ez-toc-section\" id=\"comment-fonctionne-le-concept-de-factor\"><\/span>Comment fonctionne le concept de Factor ?<span class=\"ez-toc-section-end\"><\/span><\/h2>\n<p>En tant que client de Factor Meals, vous recevez chaque semaine une invitation \u00e0 consulter le nouveau menu pour choisir vos repas de la semaine suivante. Les repas sont class\u00e9s pour r\u00e9pondre \u00e0 diff\u00e9rents r\u00e9gimes alimentaires :<\/p>\n<ol>\n<li>Keto<\/li>\n<li>Choix du Chef<\/li>\n<li>Riche en prot\u00e9ines<\/li>\n<li>Faible en calories<\/li>\n<\/ol>\n<p>Bien s\u00fbr, vous pouvez aussi les m\u00e9langer selon vos propres souhaits et go\u00fbts ! Les repas contiennent toujours au moins 150 grammes de l\u00e9gumes et sont livr\u00e9s frais (non congel\u00e9s). Vous pouvez \u00e9galement faire s\u00e9lectionner automatiquement les repas en indiquant votre r\u00e9gime souhait\u00e9 et vos allergies, ainsi vous n&#8217;avez plus besoin de regarder ce qui est au menu cette semaine et vous \u00eates surpris chaque semaine.<\/p>\n<h3>Abonnement flexible<\/h3>\n<p>En tant que client de Factor, vous avez toujours un abonnement que vous pouvez ajuster de mani\u00e8re flexible. Vous pouvez choisir entre 4 et 14 repas par semaine. De plus, vous pouvez facilement ajouter des repas suppl\u00e9mentaires \u00e0 votre livraison si vous n&#8217;arrivez pas \u00e0 choisir ou si vous recevez quelqu&#8217;un \u00e0 d\u00eener, par exemple. Vous pouvez apporter des modifications \u00e0 votre commande jusqu&#8217;au mercredi pr\u00e9c\u00e9dent au plus tard chez Factor, via le site web ou l&#8217;application pratique.<\/p>\n<p>[\/vc_column_text][\/vc_column][\/vc_row][vc_row][vc_column][vc_single_image image=&#8221;2529198&#8243; img_size=&#8221;full&#8221; alignment=&#8221;center&#8221; css=&#8221;&#8221;][button title=&#8221;Commandez les plats pr\u00e9par\u00e9s de Factor aux Pays-Bas&#8221; link=&#8221;https:\/\/thingstodoinamsterdam.com\/ticketlink-delivery-factormeals-std&#8221; icon=&#8221;&#8221; button_align=&#8221;center&#8221; target=&#8221;true&#8221; nofollow=&#8221;true&#8221; el_id=&#8221;1758018396612-0e025cd8-1eec&#8221;][\/vc_column][\/vc_row][vc_row][vc_column width=&#8221;2\/3&#8243;][vc_column_text css=&#8221;&#8221;]<\/p>\n<h2><span class=\"ez-toc-section\" id=\"notre-experience-avec-les-repas-prepares-de-factor\"><\/span>Notre exp\u00e9rience avec les repas pr\u00e9par\u00e9s de Factor<span class=\"ez-toc-section-end\"><\/span><\/h2>\n<p>Pour voir comment les repas de Factor se comportent, j&#8217;ai choisi une box de 8 repas. En s\u00e9lectionnant les plats, j&#8217;ai trouv\u00e9 suffisamment de choix et de vari\u00e9t\u00e9. Je dois pr\u00e9ciser que je suis un mangeur relativement facile qui aime (presque) tout et n&#8217;a pas d&#8217;allergies. Choisir 8 repas a donc \u00e9t\u00e9 rapide, bien que j&#8217;aie vu plus de repas que j&#8217;aurais voulu essayer !<\/p>\n<p>J&#8217;avais command\u00e9 mes repas un vendredi. La premi\u00e8re livraison des repas a pris une semaine et demie, ce qui fait que je l&#8217;avais un peu oubli\u00e9. La livraison \u00e9tait extr\u00eamement ponctuelle. Elle \u00e9tait annonc\u00e9e entre 07h00 du matin et 12h00 midi. Le livreur \u00e9tait d\u00e9j\u00e0 \u00e0 la porte \u00e0 7h15, un horaire auquel je ne m&#8217;attendais pas vraiment. Le livreur a \u00e9galement sonn\u00e9 pour que je puisse mettre les repas au frais, ce qui est logique en soi mais un peu trop t\u00f4t \u00e0 mon go\u00fbt pour sonner.[\/vc_column_text][\/vc_column][vc_column width=&#8221;1\/3&#8243;][vc_single_image image=&#8221;2529183&#8243; img_size=&#8221;full&#8221; alignment=&#8221;center&#8221; css=&#8221;&#8221;][\/vc_column][\/vc_row][vc_row][vc_column width=&#8221;2\/3&#8243;][vc_column_text css=&#8221;&#8221;]<\/p>\n<h3>Premi\u00e8re impression<\/h3>\n<p>La premi\u00e8re impression est excellente. Les repas sont emball\u00e9s professionnellement individuellement et chaque repas a son propre emballage avec des informations sur le plat et les ingr\u00e9dients. De plus, il y a dans la bo\u00eete quelques invitations pour que vous puissiez faire d\u00e9couvrir Factor gratuitement \u00e0 vos amis ou \u00e0 votre famille. Lorsque vous retirez les emballages du repas, les repas ne semblent pas aussi beaux que sur les images, car certains ingr\u00e9dients comme la sauce doivent fondre pendant le r\u00e9chauffage.<\/p>\n<h3>La pr\u00e9paration des repas<\/h3>\n<p>Comme on peut s&#8217;y attendre d&#8217;un repas pr\u00e9par\u00e9, vous n&#8217;avez besoin de rien savoir faire d&#8217;autre que d&#8217;utiliser un micro-ondes\/four pour la pr\u00e9paration du repas. Dans mon cas, je choisis d&#8217;utiliser le four. Le four prend environ 10-15 minutes de plus que le micro-ondes, mais je trouve personnellement que la nourriture r\u00e9chauff\u00e9e au four est meilleure en termes de go\u00fbt et de texture.[\/vc_column_text][\/vc_column][vc_column width=&#8221;1\/3&#8243;][vc_single_image image=&#8221;2529188&#8243; img_size=&#8221;full&#8221; alignment=&#8221;center&#8221; css=&#8221;&#8221;][\/vc_column][\/vc_row][vc_row][vc_column width=&#8221;2\/3&#8243;][vc_column_text css=&#8221;&#8221;]<\/p>\n<h3>La qualit\u00e9 et le go\u00fbt des repas<\/h3>\n<p>Je suis tr\u00e8s satisfait du go\u00fbt de la nourriture ! Je suis quelqu&#8217;un qui aime les plats avec beaucoup de saveur et c&#8217;est excellent pour la plupart des plats. Les l\u00e9gumes et la viande sont souvent marin\u00e9s avec une sauce et des \u00e9pices. Ici et l\u00e0, \u00e7a pourrait \u00eatre un peu plus \u00e9pic\u00e9 pour moi, mais c&#8217;est personnel, et heureusement j&#8217;ai toujours du sambal \u00e0 la maison.<\/p>\n<h3>La taille des portions<\/h3>\n<p>La quantit\u00e9 des repas est un peu insuffisante pour moi personnellement. En particulier les repas keto, sans glucides, ne sont pas capables de me donner un vrai sentiment de sati\u00e9t\u00e9. Vous pourriez \u00e9ventuellement r\u00e9soudre ce probl\u00e8me en ajoutant vous-m\u00eame du pain, du riz ou des p\u00e2tes, ou bien s\u00fbr en ne s\u00e9lectionnant plus les options keto. Je ne mange moi-m\u00eame que deux repas par jour, ce qui fait que je suis aussi habitu\u00e9 \u00e0 prendre une plus grande portion surtout pendant le d\u00eener. Avec les repas pr\u00e9par\u00e9s de Factor, je pourrais en fait manger deux repas pour avoir suffisamment mang\u00e9.[\/vc_column_text][\/vc_column][vc_column width=&#8221;1\/3&#8243;][vc_single_image image=&#8221;2529193&#8243; img_size=&#8221;full&#8221; alignment=&#8221;center&#8221; css=&#8221;&#8221;][\/vc_column][\/vc_row][vc_row][vc_column][button title=&#8221;Commandez les plats pr\u00e9par\u00e9s de Factor aux Pays-Bas&#8221; link=&#8221;https:\/\/thingstodoinamsterdam.com\/ticketlink-delivery-factormeals-std&#8221; icon=&#8221;&#8221; button_align=&#8221;center&#8221; target=&#8221;true&#8221; nofollow=&#8221;true&#8221; el_id=&#8221;1758018383515-efe8cef5-8765&#8243;][vc_column_text css=&#8221;&#8221;]<\/p>\n<h3>Conclusion<\/h3>\n<p>Factor est une excellente option pour tous ceux qui veulent gagner du temps sur la cuisine, sans que cela ne se fasse au d\u00e9triment de leur sant\u00e9 ou de leur r\u00e9gime. Factor fonctionne toujours avec un abonnement mais est facilement ajustable chaque semaine. Il y a une assez grande vari\u00e9t\u00e9 dans les plats que vous pouvez choisir et les recettes changent r\u00e9guli\u00e8rement, ce qui fait que vous ne mangez pas toujours la m\u00eame chose. Les repas sont livr\u00e9s frais, ce qui am\u00e9liore la qualit\u00e9, mais limite la dur\u00e9e de conservation. Les plats sont tr\u00e8s savoureux et pr\u00eats en un rien de temps. Selon le plat et l&#8217;app\u00e9tit, les portions sont un peu petites pour un gros mangeur.[\/vc_column_text][\/vc_column][\/vc_row]<\/p>\n<\/div>","protected":false},"excerpt":{"rendered":"<p>[vc_row][vc_column width=&#8221;2\/3&#8243;][vc_column_text css=&#8221;&#8221;]Vous avez aussi un emploi du temps surcharg\u00e9 et donc peu de temps pour cuisiner ? Commander \u00e0 manger est souvent une solution\u2026<\/p>\n","protected":false},"author":1,"featured_media":2529168,"parent":2529266,"menu_order":0,"comment_status":"closed","ping_status":"closed","template":"","meta":{"footnotes":""},"class_list":["post-2529242","page","type-page","status-publish","has-post-thumbnail","hentry"],"yoast_head":"<!-- This site is optimized with the Yoast SEO plugin v27.3 - https:\/\/yoast.com\/product\/yoast-seo-wordpress\/ -->\n<title>Factor Meals - des repas pr\u00e9par\u00e9s d\u00e9licieux - ThingstodoinAmsterdam.com<\/title>\n<meta name=\"robots\" content=\"index, follow, max-snippet:-1, max-image-preview:large, max-video-preview:-1\" \/>\n<link rel=\"canonical\" href=\"https:\/\/thingstodoinamsterdam.com\/fr\/informations-pratiques\/les-meilleurs-services-de-livraison-de-repas\/factor-meals\/\" \/>\n<meta property=\"og:locale\" content=\"fr_FR\" \/>\n<meta property=\"og:type\" content=\"article\" \/>\n<meta property=\"og:title\" content=\"Factor Meals - des repas pr\u00e9par\u00e9s d\u00e9licieux - ThingstodoinAmsterdam.com\" \/>\n<meta property=\"og:description\" content=\"[vc_row][vc_column width=&#8221;2\/3&#8243;][vc_column_text css=&#8221;&#8221;]Vous avez aussi un emploi du temps surcharg\u00e9 et donc peu de temps pour cuisiner ? Commander \u00e0 manger est souvent une solution\u2026\" \/>\n<meta property=\"og:url\" content=\"https:\/\/thingstodoinamsterdam.com\/fr\/informations-pratiques\/les-meilleurs-services-de-livraison-de-repas\/factor-meals\/\" \/>\n<meta property=\"og:site_name\" content=\"ThingstodoinAmsterdam.com\" \/>\n<meta property=\"article:publisher\" content=\"https:\/\/www.facebook.com\/thingstodoinamsterdamcom\" \/>\n<meta property=\"article:modified_time\" content=\"2025-09-16T13:01:41+00:00\" \/>\n<meta property=\"og:image\" content=\"https:\/\/thingstodoinamsterdam.com\/wp-content\/uploads\/2025\/09\/Factor-meals-logo.jpg\" \/>\n\t<meta property=\"og:image:width\" content=\"800\" \/>\n\t<meta property=\"og:image:height\" content=\"800\" \/>\n\t<meta property=\"og:image:type\" content=\"image\/jpeg\" \/>\n<meta name=\"twitter:card\" content=\"summary_large_image\" \/>\n<meta name=\"twitter:label1\" content=\"Est. reading time\" \/>\n\t<meta name=\"twitter:data1\" content=\"6 minutes\" \/>\n<script type=\"application\/ld+json\" class=\"yoast-schema-graph\">{\"@context\":\"https:\\\/\\\/schema.org\",\"@graph\":[{\"@type\":\"WebPage\",\"@id\":\"https:\\\/\\\/thingstodoinamsterdam.com\\\/fr\\\/informations-pratiques\\\/les-meilleurs-services-de-livraison-de-repas\\\/factor-meals\\\/\",\"url\":\"https:\\\/\\\/thingstodoinamsterdam.com\\\/fr\\\/informations-pratiques\\\/les-meilleurs-services-de-livraison-de-repas\\\/factor-meals\\\/\",\"name\":\"Factor Meals - des repas pr\u00e9par\u00e9s d\u00e9licieux - ThingstodoinAmsterdam.com\",\"isPartOf\":{\"@id\":\"https:\\\/\\\/thingstodoinamsterdam.com\\\/fr\\\/#website\"},\"primaryImageOfPage\":{\"@id\":\"https:\\\/\\\/thingstodoinamsterdam.com\\\/fr\\\/informations-pratiques\\\/les-meilleurs-services-de-livraison-de-repas\\\/factor-meals\\\/#primaryimage\"},\"image\":{\"@id\":\"https:\\\/\\\/thingstodoinamsterdam.com\\\/fr\\\/informations-pratiques\\\/les-meilleurs-services-de-livraison-de-repas\\\/factor-meals\\\/#primaryimage\"},\"thumbnailUrl\":\"https:\\\/\\\/thingstodoinamsterdam.com\\\/wp-content\\\/uploads\\\/2025\\\/09\\\/Factor-meals-logo.jpg\",\"datePublished\":\"2025-09-12T15:25:47+00:00\",\"dateModified\":\"2025-09-16T13:01:41+00:00\",\"breadcrumb\":{\"@id\":\"https:\\\/\\\/thingstodoinamsterdam.com\\\/fr\\\/informations-pratiques\\\/les-meilleurs-services-de-livraison-de-repas\\\/factor-meals\\\/#breadcrumb\"},\"inLanguage\":\"fr\",\"potentialAction\":[{\"@type\":\"ReadAction\",\"target\":[\"https:\\\/\\\/thingstodoinamsterdam.com\\\/fr\\\/informations-pratiques\\\/les-meilleurs-services-de-livraison-de-repas\\\/factor-meals\\\/\"]}]},{\"@type\":\"ImageObject\",\"inLanguage\":\"fr\",\"@id\":\"https:\\\/\\\/thingstodoinamsterdam.com\\\/fr\\\/informations-pratiques\\\/les-meilleurs-services-de-livraison-de-repas\\\/factor-meals\\\/#primaryimage\",\"url\":\"https:\\\/\\\/thingstodoinamsterdam.com\\\/wp-content\\\/uploads\\\/2025\\\/09\\\/Factor-meals-logo.jpg\",\"contentUrl\":\"https:\\\/\\\/thingstodoinamsterdam.com\\\/wp-content\\\/uploads\\\/2025\\\/09\\\/Factor-meals-logo.jpg\",\"width\":800,\"height\":800,\"caption\":\"Factor meals logo\"},{\"@type\":\"BreadcrumbList\",\"@id\":\"https:\\\/\\\/thingstodoinamsterdam.com\\\/fr\\\/informations-pratiques\\\/les-meilleurs-services-de-livraison-de-repas\\\/factor-meals\\\/#breadcrumb\",\"itemListElement\":[{\"@type\":\"ListItem\",\"position\":1,\"name\":\"Visiter Amsterdam\",\"item\":\"https:\\\/\\\/thingstodoinamsterdam.com\\\/fr\\\/\"},{\"@type\":\"ListItem\",\"position\":2,\"name\":\"Informations pratiques\",\"item\":\"https:\\\/\\\/thingstodoinamsterdam.com\\\/fr\\\/informations-pratiques\\\/\"},{\"@type\":\"ListItem\",\"position\":3,\"name\":\"Les meilleurs services et applications de livraison de repas \u00e0 Amsterdam\",\"item\":\"https:\\\/\\\/thingstodoinamsterdam.com\\\/fr\\\/informations-pratiques\\\/les-meilleurs-services-de-livraison-de-repas\\\/\"},{\"@type\":\"ListItem\",\"position\":4,\"name\":\"Factor Meals &#8211; des repas pr\u00e9par\u00e9s d\u00e9licieux\"}]},{\"@type\":\"WebSite\",\"@id\":\"https:\\\/\\\/thingstodoinamsterdam.com\\\/fr\\\/#website\",\"url\":\"https:\\\/\\\/thingstodoinamsterdam.com\\\/fr\\\/\",\"name\":\"ThingstodoinAmsterdam.com\",\"description\":\"Amsterdam&#039;s highlights and hidden secrets\",\"publisher\":{\"@id\":\"https:\\\/\\\/thingstodoinamsterdam.com\\\/fr\\\/#organization\"},\"potentialAction\":[{\"@type\":\"SearchAction\",\"target\":{\"@type\":\"EntryPoint\",\"urlTemplate\":\"https:\\\/\\\/thingstodoinamsterdam.com\\\/fr\\\/?s={search_term_string}\"},\"query-input\":{\"@type\":\"PropertyValueSpecification\",\"valueRequired\":true,\"valueName\":\"search_term_string\"}}],\"inLanguage\":\"fr\"},{\"@type\":\"Organization\",\"@id\":\"https:\\\/\\\/thingstodoinamsterdam.com\\\/fr\\\/#organization\",\"name\":\"Visiter Amsterdam\",\"url\":\"https:\\\/\\\/thingstodoinamsterdam.com\\\/fr\\\/\",\"logo\":{\"@type\":\"ImageObject\",\"inLanguage\":\"fr\",\"@id\":\"https:\\\/\\\/thingstodoinamsterdam.com\\\/fr\\\/#\\\/schema\\\/logo\\\/image\\\/\",\"url\":\"https:\\\/\\\/thingstodoinamsterdam.com\\\/wp-content\\\/uploads\\\/2025\\\/02\\\/ThingsToDoInAmsterdam-Favicon-logo.png\",\"contentUrl\":\"https:\\\/\\\/thingstodoinamsterdam.com\\\/wp-content\\\/uploads\\\/2025\\\/02\\\/ThingsToDoInAmsterdam-Favicon-logo.png\",\"width\":512,\"height\":512,\"caption\":\"Visiter Amsterdam\"},\"image\":{\"@id\":\"https:\\\/\\\/thingstodoinamsterdam.com\\\/fr\\\/#\\\/schema\\\/logo\\\/image\\\/\"},\"sameAs\":[\"https:\\\/\\\/www.facebook.com\\\/thingstodoinamsterdamcom\"]}]}<\/script>\n<!-- \/ Yoast SEO plugin. -->","yoast_head_json":{"title":"Factor Meals - des repas pr\u00e9par\u00e9s d\u00e9licieux - ThingstodoinAmsterdam.com","robots":{"index":"index","follow":"follow","max-snippet":"max-snippet:-1","max-image-preview":"max-image-preview:large","max-video-preview":"max-video-preview:-1"},"canonical":"https:\/\/thingstodoinamsterdam.com\/fr\/informations-pratiques\/les-meilleurs-services-de-livraison-de-repas\/factor-meals\/","og_locale":"fr_FR","og_type":"article","og_title":"Factor Meals - des repas pr\u00e9par\u00e9s d\u00e9licieux - ThingstodoinAmsterdam.com","og_description":"[vc_row][vc_column width=&#8221;2\/3&#8243;][vc_column_text css=&#8221;&#8221;]Vous avez aussi un emploi du temps surcharg\u00e9 et donc peu de temps pour cuisiner ? Commander \u00e0 manger est souvent une solution\u2026","og_url":"https:\/\/thingstodoinamsterdam.com\/fr\/informations-pratiques\/les-meilleurs-services-de-livraison-de-repas\/factor-meals\/","og_site_name":"ThingstodoinAmsterdam.com","article_publisher":"https:\/\/www.facebook.com\/thingstodoinamsterdamcom","article_modified_time":"2025-09-16T13:01:41+00:00","og_image":[{"width":800,"height":800,"url":"https:\/\/thingstodoinamsterdam.com\/wp-content\/uploads\/2025\/09\/Factor-meals-logo.jpg","type":"image\/jpeg"}],"twitter_card":"summary_large_image","twitter_misc":{"Est. reading time":"6 minutes"},"schema":{"@context":"https:\/\/schema.org","@graph":[{"@type":"WebPage","@id":"https:\/\/thingstodoinamsterdam.com\/fr\/informations-pratiques\/les-meilleurs-services-de-livraison-de-repas\/factor-meals\/","url":"https:\/\/thingstodoinamsterdam.com\/fr\/informations-pratiques\/les-meilleurs-services-de-livraison-de-repas\/factor-meals\/","name":"Factor Meals - des repas pr\u00e9par\u00e9s d\u00e9licieux - ThingstodoinAmsterdam.com","isPartOf":{"@id":"https:\/\/thingstodoinamsterdam.com\/fr\/#website"},"primaryImageOfPage":{"@id":"https:\/\/thingstodoinamsterdam.com\/fr\/informations-pratiques\/les-meilleurs-services-de-livraison-de-repas\/factor-meals\/#primaryimage"},"image":{"@id":"https:\/\/thingstodoinamsterdam.com\/fr\/informations-pratiques\/les-meilleurs-services-de-livraison-de-repas\/factor-meals\/#primaryimage"},"thumbnailUrl":"https:\/\/thingstodoinamsterdam.com\/wp-content\/uploads\/2025\/09\/Factor-meals-logo.jpg","datePublished":"2025-09-12T15:25:47+00:00","dateModified":"2025-09-16T13:01:41+00:00","breadcrumb":{"@id":"https:\/\/thingstodoinamsterdam.com\/fr\/informations-pratiques\/les-meilleurs-services-de-livraison-de-repas\/factor-meals\/#breadcrumb"},"inLanguage":"fr","potentialAction":[{"@type":"ReadAction","target":["https:\/\/thingstodoinamsterdam.com\/fr\/informations-pratiques\/les-meilleurs-services-de-livraison-de-repas\/factor-meals\/"]}]},{"@type":"ImageObject","inLanguage":"fr","@id":"https:\/\/thingstodoinamsterdam.com\/fr\/informations-pratiques\/les-meilleurs-services-de-livraison-de-repas\/factor-meals\/#primaryimage","url":"https:\/\/thingstodoinamsterdam.com\/wp-content\/uploads\/2025\/09\/Factor-meals-logo.jpg","contentUrl":"https:\/\/thingstodoinamsterdam.com\/wp-content\/uploads\/2025\/09\/Factor-meals-logo.jpg","width":800,"height":800,"caption":"Factor meals logo"},{"@type":"BreadcrumbList","@id":"https:\/\/thingstodoinamsterdam.com\/fr\/informations-pratiques\/les-meilleurs-services-de-livraison-de-repas\/factor-meals\/#breadcrumb","itemListElement":[{"@type":"ListItem","position":1,"name":"Visiter Amsterdam","item":"https:\/\/thingstodoinamsterdam.com\/fr\/"},{"@type":"ListItem","position":2,"name":"Informations pratiques","item":"https:\/\/thingstodoinamsterdam.com\/fr\/informations-pratiques\/"},{"@type":"ListItem","position":3,"name":"Les meilleurs services et applications de livraison de repas \u00e0 Amsterdam","item":"https:\/\/thingstodoinamsterdam.com\/fr\/informations-pratiques\/les-meilleurs-services-de-livraison-de-repas\/"},{"@type":"ListItem","position":4,"name":"Factor Meals &#8211; des repas pr\u00e9par\u00e9s d\u00e9licieux"}]},{"@type":"WebSite","@id":"https:\/\/thingstodoinamsterdam.com\/fr\/#website","url":"https:\/\/thingstodoinamsterdam.com\/fr\/","name":"ThingstodoinAmsterdam.com","description":"Amsterdam&#039;s highlights and hidden secrets","publisher":{"@id":"https:\/\/thingstodoinamsterdam.com\/fr\/#organization"},"potentialAction":[{"@type":"SearchAction","target":{"@type":"EntryPoint","urlTemplate":"https:\/\/thingstodoinamsterdam.com\/fr\/?s={search_term_string}"},"query-input":{"@type":"PropertyValueSpecification","valueRequired":true,"valueName":"search_term_string"}}],"inLanguage":"fr"},{"@type":"Organization","@id":"https:\/\/thingstodoinamsterdam.com\/fr\/#organization","name":"Visiter Amsterdam","url":"https:\/\/thingstodoinamsterdam.com\/fr\/","logo":{"@type":"ImageObject","inLanguage":"fr","@id":"https:\/\/thingstodoinamsterdam.com\/fr\/#\/schema\/logo\/image\/","url":"https:\/\/thingstodoinamsterdam.com\/wp-content\/uploads\/2025\/02\/ThingsToDoInAmsterdam-Favicon-logo.png","contentUrl":"https:\/\/thingstodoinamsterdam.com\/wp-content\/uploads\/2025\/02\/ThingsToDoInAmsterdam-Favicon-logo.png","width":512,"height":512,"caption":"Visiter Amsterdam"},"image":{"@id":"https:\/\/thingstodoinamsterdam.com\/fr\/#\/schema\/logo\/image\/"},"sameAs":["https:\/\/www.facebook.com\/thingstodoinamsterdamcom"]}]}},"_links":{"self":[{"href":"https:\/\/thingstodoinamsterdam.com\/fr\/wp-json\/wp\/v2\/pages\/2529242","targetHints":{"allow":["GET"]}}],"collection":[{"href":"https:\/\/thingstodoinamsterdam.com\/fr\/wp-json\/wp\/v2\/pages"}],"about":[{"href":"https:\/\/thingstodoinamsterdam.com\/fr\/wp-json\/wp\/v2\/types\/page"}],"author":[{"embeddable":true,"href":"https:\/\/thingstodoinamsterdam.com\/fr\/wp-json\/wp\/v2\/users\/1"}],"replies":[{"embeddable":true,"href":"https:\/\/thingstodoinamsterdam.com\/fr\/wp-json\/wp\/v2\/comments?post=2529242"}],"version-history":[{"count":5,"href":"https:\/\/thingstodoinamsterdam.com\/fr\/wp-json\/wp\/v2\/pages\/2529242\/revisions"}],"predecessor-version":[{"id":2529254,"href":"https:\/\/thingstodoinamsterdam.com\/fr\/wp-json\/wp\/v2\/pages\/2529242\/revisions\/2529254"}],"up":[{"embeddable":true,"href":"https:\/\/thingstodoinamsterdam.com\/fr\/wp-json\/wp\/v2\/pages\/2529266"}],"wp:featuredmedia":[{"embeddable":true,"href":"https:\/\/thingstodoinamsterdam.com\/fr\/wp-json\/wp\/v2\/media\/2529168"}],"wp:attachment":[{"href":"https:\/\/thingstodoinamsterdam.com\/fr\/wp-json\/wp\/v2\/media?parent=2529242"}],"curies":[{"name":"wp","href":"https:\/\/api.w.org\/{rel}","templated":true}]}}