{"id":2534790,"date":"2026-03-10T11:43:30","date_gmt":"2026-03-10T10:43:30","guid":{"rendered":"https:\/\/thingstodoinamsterdam.com\/faire-de-la-publicite\/"},"modified":"2026-03-10T11:43:31","modified_gmt":"2026-03-10T10:43:31","slug":"faire-de-la-publicite","status":"publish","type":"page","link":"https:\/\/thingstodoinamsterdam.com\/fr\/faire-de-la-publicite\/","title":{"rendered":"Faire de la publicit\u00e9"},"content":{"rendered":"<div class=\"wpb-content-wrapper\"><p>[vc_row][vc_column][vc_column_text css=&#8221;&#8221;]<\/p><div id=\"ez-toc-container\" class=\"ez-toc-v2_0_82_2 counter-hierarchy ez-toc-counter ez-toc-custom ez-toc-container-direction\">\n<div class=\"ez-toc-title-container\">\n<span class=\"ez-toc-title-toggle\"><a href=\"#\" class=\"ez-toc-pull-right ez-toc-btn ez-toc-btn-xs ez-toc-btn-default ez-toc-toggle\" aria-label=\"Toggle Table of Content\"><span class=\"ez-toc-js-icon-con\"><span class=\"\"><span class=\"eztoc-hide\" style=\"display:none;\">Toggle<\/span><span class=\"ez-toc-icon-toggle-span\"><svg style=\"fill: #999;color:#999\" xmlns=\"http:\/\/www.w3.org\/2000\/svg\" class=\"list-377408\" width=\"20px\" height=\"20px\" viewBox=\"0 0 24 24\" fill=\"none\"><path d=\"M6 6H4v2h2V6zm14 0H8v2h12V6zM4 11h2v2H4v-2zm16 0H8v2h12v-2zM4 16h2v2H4v-2zm16 0H8v2h12v-2z\" fill=\"currentColor\"><\/path><\/svg><svg style=\"fill: #999;color:#999\" class=\"arrow-unsorted-368013\" xmlns=\"http:\/\/www.w3.org\/2000\/svg\" width=\"10px\" height=\"10px\" viewBox=\"0 0 24 24\" version=\"1.2\" baseProfile=\"tiny\"><path d=\"M18.2 9.3l-6.2-6.3-6.2 6.3c-.2.2-.3.4-.3.7s.1.5.3.7c.2.2.4.3.7.3h11c.3 0 .5-.1.7-.3.2-.2.3-.5.3-.7s-.1-.5-.3-.7zM5.8 14.7l6.2 6.3 6.2-6.3c.2-.2.3-.5.3-.7s-.1-.5-.3-.7c-.2-.2-.4-.3-.7-.3h-11c-.3 0-.5.1-.7.3-.2.2-.3.5-.3.7s.1.5.3.7z\"\/><\/svg><\/span><\/span><\/span><\/a><\/span><\/div>\n<nav><ul class='ez-toc-list ez-toc-list-level-1 ' ><li class='ez-toc-page-1 ez-toc-heading-level-2'><a class=\"ez-toc-link ez-toc-heading-1\" href=\"https:\/\/thingstodoinamsterdam.com\/fr\/faire-de-la-publicite\/#collaborer-avec-thingstodoinamsterdam\" >Collaborer avec ThingstodoinAmsterdam<\/a><\/li><li class='ez-toc-page-1 ez-toc-heading-level-2'><a class=\"ez-toc-link ez-toc-heading-2\" href=\"https:\/\/thingstodoinamsterdam.com\/fr\/faire-de-la-publicite\/#page-entreprise\" >Page entreprise<\/a><\/li><li class='ez-toc-page-1 ez-toc-heading-level-2'><a class=\"ez-toc-link ez-toc-heading-3\" href=\"https:\/\/thingstodoinamsterdam.com\/fr\/faire-de-la-publicite\/#contacte-nous-pour-une-proposition-de-contenu-de-marque-sur-mesure\" >Contacte-nous pour une proposition de contenu de marque sur mesure<\/a><\/li><li class='ez-toc-page-1 ez-toc-heading-level-2'><a class=\"ez-toc-link ez-toc-heading-4\" href=\"https:\/\/thingstodoinamsterdam.com\/fr\/faire-de-la-publicite\/#tu-veux-en-savoir-plus\" >Tu veux en savoir plus ?<\/a><\/li><li class='ez-toc-page-1 ez-toc-heading-level-2'><a class=\"ez-toc-link ez-toc-heading-5\" href=\"https:\/\/thingstodoinamsterdam.com\/fr\/faire-de-la-publicite\/#contacte-nous\" >Contacte-nous<\/a><\/li><\/ul><\/nav><\/div>\n\n<h2 id=\"collaborate-with-thingstodoinamsterdam\"><span class=\"ez-toc-section\" id=\"collaborer-avec-thingstodoinamsterdam\"><\/span>Collaborer avec ThingstodoinAmsterdam<span class=\"ez-toc-section-end\"><\/span><\/h2>\n<p>Super que tu sois int\u00e9ress\u00e9(e) par une <strong>collaboration<\/strong> avec ThingstodoinAmsterdam.com, Dani et Floris. Ce qui a commenc\u00e9 fin 2017 par des textes \u00e9crits depuis des caf\u00e9s et des chambres mansard\u00e9es est devenu le guide num\u00e9rique de la ville d\u2019Amsterdam. Chaque mois, plus de <strong>54\u202f589 visiteurs uniques<\/strong> visitent ThingstodoinAmsterdam et, ensemble, ils <strong>consultent 829\u202f789 pages<\/strong> (mesur\u00e9 via Google Analytics 2025).  <\/p>\n<p>D\u00e9couvre tout de suite notre <a href=\"https:\/\/thingstodoinamsterdam.com\/wp-content\/uploads\/2026\/01\/ThingsToDo_Presentation_2026.pptx.pdf\">media kit 2026<\/a>. Il existe de nombreuses possibilit\u00e9s sur mesure. <\/p>\n<p>Collaborer avec nous t\u2019apporte :<\/p>\n<ul>\n<li>Notori\u00e9t\u00e9 de marque<\/li>\n<li>De nouveaux visiteurs pertinents<\/li>\n<li>De meilleures positions sur Google<\/li>\n<li>Plus de revenus.<\/li>\n<\/ul>\n<p>[\/vc_column_text][vc_single_image image=&#8221;1018079&#8243; img_size=&#8221;full&#8221; alignment=&#8221;center&#8221;][vc_column_text css=&#8221;&#8221;]<\/p>\n<h2 id=\"company-page\"><span class=\"ez-toc-section\" id=\"page-entreprise\"><\/span>Page entreprise<span class=\"ez-toc-section-end\"><\/span><\/h2>\n<p>Les pages qui correspondent le mieux \u00e0 notre public cible sont les pages entreprise. Sur ces pages, nous racontons l\u2019histoire de ton entreprise et tu peux facilement entrer en contact avec ton groupe cible. Ces pages performent bien dans les moteurs de recherche, ce qui signifie qu\u2019en plus des visiteurs de notre site, il y aura aussi du trafic provenant des moteurs de recherche. Ces pages sont optimis\u00e9es et enrichies de photos, de vid\u00e9os et de donn\u00e9es structur\u00e9es.   <\/p>\n<p>Contacte-nous ou consulte le <a href=\"https:\/\/thingstodoinamsterdam.com\/wp-content\/uploads\/2026\/01\/ThingsToDo_Presentation_2026.pptx.pdf\">media kit 2026<\/a> pour plus d\u2019infos sur les pages entreprise.<\/p>\n<h2 id=\"contact-us-for-a-customized-branded-content-proposal\"><span class=\"ez-toc-section\" id=\"contacte-nous-pour-une-proposition-de-contenu-de-marque-sur-mesure\"><\/span>Contacte-nous pour une proposition de contenu de marque sur mesure<span class=\"ez-toc-section-end\"><\/span><\/h2>\n<p>Pour que le contenu reste unique et captivant pour nos lecteurs, (presque) toutes les collaborations avec ThingstodoinAmsterdam sont r\u00e9alis\u00e9es sur mesure. C\u2019est pourquoi nous pr\u00e9f\u00e9rons nous asseoir avec toi en personne, ou planifier un \u00e9change pour discuter d\u2019une strat\u00e9gie. Nous maintenons une <strong>ligne \u00e9ditoriale claire<\/strong> sur ThingstodoinAmsterdam, que nous suivons, tout comme nos r\u00e9dacteurs r\u00e9guliers. Avec <strong>plus de 19 ans d\u2019exp\u00e9rience en marketing en ligne<\/strong> dans les domaines du SEO, du conseil et de l\u2019affiliation, Dani et Floris peuvent rapidement d\u00e9terminer comment transformer tes objectifs de communication et de marketing en contenu attractif qui donne des r\u00e9sultats. Pour les opportunit\u00e9s publicitaires, tu peux envoyer un e-mail \u00e0 bookings@thingstodoinamsterdam.com.    <\/p>\n<h2 id=\"want-to-know-more-\"><span class=\"ez-toc-section\" id=\"tu-veux-en-savoir-plus\"><\/span>Tu veux en savoir plus ?<span class=\"ez-toc-section-end\"><\/span><\/h2>\n<p>Tu veux savoir ce que nous pouvons faire pour ton entreprise et quels sont les co\u00fbts pour faire de la publicit\u00e9 sur Things to do in Amsterdam ? Alors envoie un e-mail \u00e0 bookings@thingstodoinamsterdam.com.[\/vc_column_text][\/vc_column][\/vc_row][vc_row equal_height=&#8221;yes&#8221;][vc_column width=&#8221;1\/2&#8243;][vc_single_image image=&#8221;1017564&#8243; img_size=&#8221;large&#8221; alignment=&#8221;center&#8221; style=&#8221;vc_box_circle_2&#8243;][vc_column_text]<\/p>\n<p style=\"text-align: center;\"><strong>Floris Broekmeulen<\/strong><\/p>\n<p>[\/vc_column_text][\/vc_column][vc_column width=&#8221;1\/2&#8243;][vc_single_image image=&#8221;1017569&#8243; img_size=&#8221;large&#8221; alignment=&#8221;center&#8221; style=&#8221;vc_box_circle_2&#8243;][vc_column_text]<\/p>\n<p style=\"text-align: center;\"><strong>Dani van Rooij<\/strong><\/p>\n<p>[\/vc_column_text][\/vc_column][\/vc_row][vc_row][vc_column][vc_column_text]<\/p>\n<h2><span class=\"ez-toc-section\" id=\"contacte-nous\"><\/span>Contacte-nous<span class=\"ez-toc-section-end\"><\/span><\/h2>\n<p>Pour un contact direct, utilise le formulaire ci-dessous ou \u00e9cris-nous \u00e0 bookings[at]thingstodoinamsterdam.com en laissant tes coordonn\u00e9es. Nous te r\u00e9pondrons d\u00e8s que possible !<\/p>\n<div class=\"wpcf7 no-js\" id=\"wpcf7-f895-o1\" lang=\"\" dir=\"ltr\" data-wpcf7-id=\"895\">\n<div class=\"screen-reader-response\"><p role=\"status\" aria-live=\"polite\" aria-atomic=\"true\"><\/p> <ul><\/ul><\/div>\n<form action=\"\/fr\/wp-json\/wp\/v2\/pages\/2534790#wpcf7-f895-o1\" method=\"post\" class=\"wpcf7-form init\" aria-label=\"Contact form\" novalidate=\"novalidate\" data-status=\"init\">\n<fieldset class=\"hidden-fields-container\"><input type=\"hidden\" name=\"_wpcf7\" value=\"895\" \/><input type=\"hidden\" name=\"_wpcf7_version\" value=\"6.1.5\" \/><input type=\"hidden\" name=\"_wpcf7_locale\" value=\"\" \/><input type=\"hidden\" name=\"_wpcf7_unit_tag\" value=\"wpcf7-f895-o1\" \/><input type=\"hidden\" name=\"_wpcf7_container_post\" value=\"0\" \/><input type=\"hidden\" name=\"_wpcf7_posted_data_hash\" value=\"\" \/>\n<\/fieldset>\n<p><label> Name:<br \/>\n<span class=\"wpcf7-form-control-wrap\" data-name=\"your-name\"><input size=\"40\" maxlength=\"400\" class=\"wpcf7-form-control wpcf7-text wpcf7-validates-as-required\" aria-required=\"true\" aria-invalid=\"false\" placeholder=\"Your Name\" value=\"\" type=\"text\" name=\"your-name\" \/><\/span> <\/label>\n<\/p>\n<p><label> Email Adress:<br \/>\n<span class=\"wpcf7-form-control-wrap\" data-name=\"your-email\"><input size=\"40\" maxlength=\"400\" class=\"wpcf7-form-control wpcf7-email wpcf7-validates-as-required wpcf7-text wpcf7-validates-as-email\" aria-required=\"true\" aria-invalid=\"false\" value=\"Your Email Adress\" type=\"email\" name=\"your-email\" \/><\/span> <\/label>\n<\/p>\n<p><label> Message:<br \/>\n<span class=\"wpcf7-form-control-wrap\" data-name=\"your-subject\"><input size=\"40\" maxlength=\"400\" class=\"wpcf7-form-control wpcf7-text\" aria-invalid=\"false\" placeholder=\"Your Message\" value=\"\" type=\"text\" name=\"your-subject\" \/><\/span> <\/label>\n<\/p>\n<p><label> Your Message<br \/>\n<span class=\"wpcf7-form-control-wrap\" data-name=\"your-message\"><textarea cols=\"40\" rows=\"10\" maxlength=\"2000\" class=\"wpcf7-form-control wpcf7-textarea wpcf7-validates-as-required\" aria-required=\"true\" aria-invalid=\"false\" name=\"your-message\"><\/textarea><\/span> <\/label>\n<\/p>\n<p><span class=\"wpcf7-form-control-wrap\" data-name=\"acceptance-433\"><span class=\"wpcf7-form-control wpcf7-acceptance\"><span class=\"wpcf7-list-item\"><label><input type=\"checkbox\" name=\"acceptance-433\" value=\"1\" aria-invalid=\"false\" \/><span class=\"wpcf7-list-item-label\">I accept the processing of my personal data and would like ThingstodoinAmsterdam.com to contact me<\/span><\/label><\/span><\/span><\/span>\n<\/p>\n<p><input class=\"wpcf7-form-control wpcf7-submit has-spinner\" type=\"submit\" value=\"Send Message\" \/>\n<\/p><p style=\"display: none !important;\" class=\"akismet-fields-container\" data-prefix=\"_wpcf7_ak_\"><label>&#916;<textarea name=\"_wpcf7_ak_hp_textarea\" cols=\"45\" rows=\"8\" maxlength=\"100\"><\/textarea><\/label><input type=\"hidden\" id=\"ak_js_1\" name=\"_wpcf7_ak_js\" value=\"44\"\/><script>document.getElementById( \"ak_js_1\" ).setAttribute( \"value\", ( new Date() ).getTime() );<\/script><\/p><div class=\"wpcf7-response-output\" aria-hidden=\"true\"><\/div>\n<\/form>\n<\/div>\n[\/vc_column_text][\/vc_column][\/vc_row][vc_row][vc_column][buttonsticky title=&#8221;envoyer un e-mail \u00e0 bookings@thingstodoinamsterdam.com&#8221; el_id=&#8221;1699002149496-6cf28cc4-67a5&#8243;][\/vc_column][\/vc_row]<\/p>\n<\/div>","protected":false},"excerpt":{"rendered":"<p>[vc_row][vc_column][vc_column_text css=&#8221;&#8221;] Collaborer avec ThingstodoinAmsterdam Super que tu sois int\u00e9ress\u00e9(e) par une collaboration avec ThingstodoinAmsterdam.com, Dani et Floris. Ce qui a commenc\u00e9 fin 2017 par\u2026<\/p>\n","protected":false},"author":33,"featured_media":1016920,"parent":0,"menu_order":0,"comment_status":"closed","ping_status":"closed","template":"","meta":{"footnotes":""},"class_list":["post-2534790","page","type-page","status-publish","has-post-thumbnail","hentry"],"yoast_head":"<!-- This site is optimized with the Yoast SEO plugin v27.4 - https:\/\/yoast.com\/product\/yoast-seo-wordpress\/ -->\n<title>Faire de la publicit\u00e9 - ThingstodoinAmsterdam.com<\/title>\n<meta name=\"description\" content=\"Collabore avec nous. Nous avons de nombreuses options pour promouvoir ton entreprise aupr\u00e8s des milliers de personnes qui visitent Amsterdam.\" \/>\n<meta name=\"robots\" content=\"index, follow, max-snippet:-1, max-image-preview:large, max-video-preview:-1\" \/>\n<link rel=\"canonical\" href=\"https:\/\/thingstodoinamsterdam.com\/fr\/faire-de-la-publicite\/\" \/>\n<meta property=\"og:locale\" content=\"fr_FR\" \/>\n<meta property=\"og:type\" content=\"article\" \/>\n<meta property=\"og:title\" content=\"Faire de la publicit\u00e9 - ThingstodoinAmsterdam.com\" \/>\n<meta property=\"og:description\" content=\"Collabore avec nous. Nous avons de nombreuses options pour promouvoir ton entreprise aupr\u00e8s des milliers de personnes qui visitent Amsterdam.\" \/>\n<meta property=\"og:url\" content=\"https:\/\/thingstodoinamsterdam.com\/fr\/faire-de-la-publicite\/\" \/>\n<meta property=\"og:site_name\" content=\"ThingstodoinAmsterdam.com\" \/>\n<meta property=\"article:publisher\" content=\"https:\/\/www.facebook.com\/thingstodoinamsterdamcom\" \/>\n<meta property=\"article:modified_time\" content=\"2026-03-10T10:43:31+00:00\" \/>\n<meta property=\"og:image\" content=\"https:\/\/thingstodoinamsterdam.com\/wp-content\/uploads\/2023\/08\/cropped-ThingsToDo_favicon.png\" \/>\n\t<meta property=\"og:image:width\" content=\"512\" \/>\n\t<meta property=\"og:image:height\" content=\"512\" \/>\n\t<meta property=\"og:image:type\" content=\"image\/png\" \/>\n<meta name=\"twitter:card\" content=\"summary_large_image\" \/>\n<meta name=\"twitter:label1\" content=\"Est. reading time\" \/>\n\t<meta name=\"twitter:data1\" content=\"3 minutes\" \/>\n<script type=\"application\/ld+json\" class=\"yoast-schema-graph\">{\"@context\":\"https:\\\/\\\/schema.org\",\"@graph\":[{\"@type\":\"WebPage\",\"@id\":\"https:\\\/\\\/thingstodoinamsterdam.com\\\/fr\\\/faire-de-la-publicite\\\/\",\"url\":\"https:\\\/\\\/thingstodoinamsterdam.com\\\/fr\\\/faire-de-la-publicite\\\/\",\"name\":\"Faire de la publicit\u00e9 - ThingstodoinAmsterdam.com\",\"isPartOf\":{\"@id\":\"https:\\\/\\\/thingstodoinamsterdam.com\\\/fr\\\/#website\"},\"primaryImageOfPage\":{\"@id\":\"https:\\\/\\\/thingstodoinamsterdam.com\\\/fr\\\/faire-de-la-publicite\\\/#primaryimage\"},\"image\":{\"@id\":\"https:\\\/\\\/thingstodoinamsterdam.com\\\/fr\\\/faire-de-la-publicite\\\/#primaryimage\"},\"thumbnailUrl\":\"https:\\\/\\\/thingstodoinamsterdam.com\\\/wp-content\\\/uploads\\\/2023\\\/08\\\/cropped-ThingsToDo_favicon.png\",\"datePublished\":\"2026-03-10T10:43:30+00:00\",\"dateModified\":\"2026-03-10T10:43:31+00:00\",\"description\":\"Collabore avec nous. Nous avons de nombreuses options pour promouvoir ton entreprise aupr\u00e8s des milliers de personnes qui visitent Amsterdam.\",\"breadcrumb\":{\"@id\":\"https:\\\/\\\/thingstodoinamsterdam.com\\\/fr\\\/faire-de-la-publicite\\\/#breadcrumb\"},\"inLanguage\":\"fr\",\"potentialAction\":[{\"@type\":\"ReadAction\",\"target\":[\"https:\\\/\\\/thingstodoinamsterdam.com\\\/fr\\\/faire-de-la-publicite\\\/\"]}]},{\"@type\":\"ImageObject\",\"inLanguage\":\"fr\",\"@id\":\"https:\\\/\\\/thingstodoinamsterdam.com\\\/fr\\\/faire-de-la-publicite\\\/#primaryimage\",\"url\":\"https:\\\/\\\/thingstodoinamsterdam.com\\\/wp-content\\\/uploads\\\/2023\\\/08\\\/cropped-ThingsToDo_favicon.png\",\"contentUrl\":\"https:\\\/\\\/thingstodoinamsterdam.com\\\/wp-content\\\/uploads\\\/2023\\\/08\\\/cropped-ThingsToDo_favicon.png\",\"width\":512,\"height\":512},{\"@type\":\"BreadcrumbList\",\"@id\":\"https:\\\/\\\/thingstodoinamsterdam.com\\\/fr\\\/faire-de-la-publicite\\\/#breadcrumb\",\"itemListElement\":[{\"@type\":\"ListItem\",\"position\":1,\"name\":\"Visiter Amsterdam\",\"item\":\"https:\\\/\\\/thingstodoinamsterdam.com\\\/fr\\\/\"},{\"@type\":\"ListItem\",\"position\":2,\"name\":\"Faire de la publicit\u00e9\"}]},{\"@type\":\"WebSite\",\"@id\":\"https:\\\/\\\/thingstodoinamsterdam.com\\\/fr\\\/#website\",\"url\":\"https:\\\/\\\/thingstodoinamsterdam.com\\\/fr\\\/\",\"name\":\"ThingstodoinAmsterdam.com\",\"description\":\"Amsterdam&#039;s highlights and hidden secrets\",\"publisher\":{\"@id\":\"https:\\\/\\\/thingstodoinamsterdam.com\\\/fr\\\/#organization\"},\"potentialAction\":[{\"@type\":\"SearchAction\",\"target\":{\"@type\":\"EntryPoint\",\"urlTemplate\":\"https:\\\/\\\/thingstodoinamsterdam.com\\\/fr\\\/?s={search_term_string}\"},\"query-input\":{\"@type\":\"PropertyValueSpecification\",\"valueRequired\":true,\"valueName\":\"search_term_string\"}}],\"inLanguage\":\"fr\"},{\"@type\":\"Organization\",\"@id\":\"https:\\\/\\\/thingstodoinamsterdam.com\\\/fr\\\/#organization\",\"name\":\"Visiter Amsterdam\",\"url\":\"https:\\\/\\\/thingstodoinamsterdam.com\\\/fr\\\/\",\"logo\":{\"@type\":\"ImageObject\",\"inLanguage\":\"fr\",\"@id\":\"https:\\\/\\\/thingstodoinamsterdam.com\\\/fr\\\/#\\\/schema\\\/logo\\\/image\\\/\",\"url\":\"https:\\\/\\\/thingstodoinamsterdam.com\\\/wp-content\\\/uploads\\\/2025\\\/02\\\/ThingsToDoInAmsterdam-Favicon-logo.png\",\"contentUrl\":\"https:\\\/\\\/thingstodoinamsterdam.com\\\/wp-content\\\/uploads\\\/2025\\\/02\\\/ThingsToDoInAmsterdam-Favicon-logo.png\",\"width\":512,\"height\":512,\"caption\":\"Visiter Amsterdam\"},\"image\":{\"@id\":\"https:\\\/\\\/thingstodoinamsterdam.com\\\/fr\\\/#\\\/schema\\\/logo\\\/image\\\/\"},\"sameAs\":[\"https:\\\/\\\/www.facebook.com\\\/thingstodoinamsterdamcom\"]}]}<\/script>\n<!-- \/ Yoast SEO plugin. -->","yoast_head_json":{"title":"Faire de la publicit\u00e9 - ThingstodoinAmsterdam.com","description":"Collabore avec nous. Nous avons de nombreuses options pour promouvoir ton entreprise aupr\u00e8s des milliers de personnes qui visitent Amsterdam.","robots":{"index":"index","follow":"follow","max-snippet":"max-snippet:-1","max-image-preview":"max-image-preview:large","max-video-preview":"max-video-preview:-1"},"canonical":"https:\/\/thingstodoinamsterdam.com\/fr\/faire-de-la-publicite\/","og_locale":"fr_FR","og_type":"article","og_title":"Faire de la publicit\u00e9 - ThingstodoinAmsterdam.com","og_description":"Collabore avec nous. Nous avons de nombreuses options pour promouvoir ton entreprise aupr\u00e8s des milliers de personnes qui visitent Amsterdam.","og_url":"https:\/\/thingstodoinamsterdam.com\/fr\/faire-de-la-publicite\/","og_site_name":"ThingstodoinAmsterdam.com","article_publisher":"https:\/\/www.facebook.com\/thingstodoinamsterdamcom","article_modified_time":"2026-03-10T10:43:31+00:00","og_image":[{"width":512,"height":512,"url":"https:\/\/thingstodoinamsterdam.com\/wp-content\/uploads\/2023\/08\/cropped-ThingsToDo_favicon.png","type":"image\/png"}],"twitter_card":"summary_large_image","twitter_misc":{"Est. reading time":"3 minutes"},"schema":{"@context":"https:\/\/schema.org","@graph":[{"@type":"WebPage","@id":"https:\/\/thingstodoinamsterdam.com\/fr\/faire-de-la-publicite\/","url":"https:\/\/thingstodoinamsterdam.com\/fr\/faire-de-la-publicite\/","name":"Faire de la publicit\u00e9 - ThingstodoinAmsterdam.com","isPartOf":{"@id":"https:\/\/thingstodoinamsterdam.com\/fr\/#website"},"primaryImageOfPage":{"@id":"https:\/\/thingstodoinamsterdam.com\/fr\/faire-de-la-publicite\/#primaryimage"},"image":{"@id":"https:\/\/thingstodoinamsterdam.com\/fr\/faire-de-la-publicite\/#primaryimage"},"thumbnailUrl":"https:\/\/thingstodoinamsterdam.com\/wp-content\/uploads\/2023\/08\/cropped-ThingsToDo_favicon.png","datePublished":"2026-03-10T10:43:30+00:00","dateModified":"2026-03-10T10:43:31+00:00","description":"Collabore avec nous. Nous avons de nombreuses options pour promouvoir ton entreprise aupr\u00e8s des milliers de personnes qui visitent Amsterdam.","breadcrumb":{"@id":"https:\/\/thingstodoinamsterdam.com\/fr\/faire-de-la-publicite\/#breadcrumb"},"inLanguage":"fr","potentialAction":[{"@type":"ReadAction","target":["https:\/\/thingstodoinamsterdam.com\/fr\/faire-de-la-publicite\/"]}]},{"@type":"ImageObject","inLanguage":"fr","@id":"https:\/\/thingstodoinamsterdam.com\/fr\/faire-de-la-publicite\/#primaryimage","url":"https:\/\/thingstodoinamsterdam.com\/wp-content\/uploads\/2023\/08\/cropped-ThingsToDo_favicon.png","contentUrl":"https:\/\/thingstodoinamsterdam.com\/wp-content\/uploads\/2023\/08\/cropped-ThingsToDo_favicon.png","width":512,"height":512},{"@type":"BreadcrumbList","@id":"https:\/\/thingstodoinamsterdam.com\/fr\/faire-de-la-publicite\/#breadcrumb","itemListElement":[{"@type":"ListItem","position":1,"name":"Visiter Amsterdam","item":"https:\/\/thingstodoinamsterdam.com\/fr\/"},{"@type":"ListItem","position":2,"name":"Faire de la publicit\u00e9"}]},{"@type":"WebSite","@id":"https:\/\/thingstodoinamsterdam.com\/fr\/#website","url":"https:\/\/thingstodoinamsterdam.com\/fr\/","name":"ThingstodoinAmsterdam.com","description":"Amsterdam&#039;s highlights and hidden secrets","publisher":{"@id":"https:\/\/thingstodoinamsterdam.com\/fr\/#organization"},"potentialAction":[{"@type":"SearchAction","target":{"@type":"EntryPoint","urlTemplate":"https:\/\/thingstodoinamsterdam.com\/fr\/?s={search_term_string}"},"query-input":{"@type":"PropertyValueSpecification","valueRequired":true,"valueName":"search_term_string"}}],"inLanguage":"fr"},{"@type":"Organization","@id":"https:\/\/thingstodoinamsterdam.com\/fr\/#organization","name":"Visiter Amsterdam","url":"https:\/\/thingstodoinamsterdam.com\/fr\/","logo":{"@type":"ImageObject","inLanguage":"fr","@id":"https:\/\/thingstodoinamsterdam.com\/fr\/#\/schema\/logo\/image\/","url":"https:\/\/thingstodoinamsterdam.com\/wp-content\/uploads\/2025\/02\/ThingsToDoInAmsterdam-Favicon-logo.png","contentUrl":"https:\/\/thingstodoinamsterdam.com\/wp-content\/uploads\/2025\/02\/ThingsToDoInAmsterdam-Favicon-logo.png","width":512,"height":512,"caption":"Visiter Amsterdam"},"image":{"@id":"https:\/\/thingstodoinamsterdam.com\/fr\/#\/schema\/logo\/image\/"},"sameAs":["https:\/\/www.facebook.com\/thingstodoinamsterdamcom"]}]}},"_links":{"self":[{"href":"https:\/\/thingstodoinamsterdam.com\/fr\/wp-json\/wp\/v2\/pages\/2534790","targetHints":{"allow":["GET"]}}],"collection":[{"href":"https:\/\/thingstodoinamsterdam.com\/fr\/wp-json\/wp\/v2\/pages"}],"about":[{"href":"https:\/\/thingstodoinamsterdam.com\/fr\/wp-json\/wp\/v2\/types\/page"}],"author":[{"embeddable":true,"href":"https:\/\/thingstodoinamsterdam.com\/fr\/wp-json\/wp\/v2\/users\/33"}],"replies":[{"embeddable":true,"href":"https:\/\/thingstodoinamsterdam.com\/fr\/wp-json\/wp\/v2\/comments?post=2534790"}],"version-history":[{"count":3,"href":"https:\/\/thingstodoinamsterdam.com\/fr\/wp-json\/wp\/v2\/pages\/2534790\/revisions"}],"predecessor-version":[{"id":2534793,"href":"https:\/\/thingstodoinamsterdam.com\/fr\/wp-json\/wp\/v2\/pages\/2534790\/revisions\/2534793"}],"wp:featuredmedia":[{"embeddable":true,"href":"https:\/\/thingstodoinamsterdam.com\/fr\/wp-json\/wp\/v2\/media\/1016920"}],"wp:attachment":[{"href":"https:\/\/thingstodoinamsterdam.com\/fr\/wp-json\/wp\/v2\/media?parent=2534790"}],"curies":[{"name":"wp","href":"https:\/\/api.w.org\/{rel}","templated":true}]}}