{"id":2535584,"date":"2026-03-24T15:39:49","date_gmt":"2026-03-24T14:39:49","guid":{"rendered":"https:\/\/thingstodoinamsterdam.com\/autour-amsterdam\/giethoorn\/location-de-bateaux-a-giethoorn\/"},"modified":"2026-03-24T15:40:03","modified_gmt":"2026-03-24T14:40:03","slug":"location-de-bateaux-a-giethoorn","status":"publish","type":"page","link":"https:\/\/thingstodoinamsterdam.com\/fr\/autour-amsterdam\/giethoorn\/location-de-bateaux-a-giethoorn\/","title":{"rendered":"Location de bateaux \u00e0 Giethoorn"},"content":{"rendered":"<div class=\"wpb-content-wrapper\"><p>[vc_row][vc_column][buttonsticky title=&#8221;R\u00e9serve ta balade en bateau \u00e0 Giethoorn ici&#8221; link=&#8221;http:\/\/www.giethoorn-boat-rental-nl\/&#8221; target=&#8221;true&#8221; nofollow=&#8221;true&#8221; el_id=&#8221;1722005386472-5ab5eef9-f515&#8243;][\/vc_column][\/vc_row][vc_row][vc_column width=&#8221;2\/3&#8243;][vc_column_text]<\/p><div id=\"ez-toc-container\" class=\"ez-toc-v2_0_82_2 counter-hierarchy ez-toc-counter ez-toc-custom ez-toc-container-direction\">\n<div class=\"ez-toc-title-container\">\n<span class=\"ez-toc-title-toggle\"><a href=\"#\" class=\"ez-toc-pull-right ez-toc-btn ez-toc-btn-xs ez-toc-btn-default ez-toc-toggle\" aria-label=\"Toggle Table of Content\"><span class=\"ez-toc-js-icon-con\"><span class=\"\"><span class=\"eztoc-hide\" style=\"display:none;\">Toggle<\/span><span class=\"ez-toc-icon-toggle-span\"><svg style=\"fill: #999;color:#999\" xmlns=\"http:\/\/www.w3.org\/2000\/svg\" class=\"list-377408\" width=\"20px\" height=\"20px\" viewBox=\"0 0 24 24\" fill=\"none\"><path d=\"M6 6H4v2h2V6zm14 0H8v2h12V6zM4 11h2v2H4v-2zm16 0H8v2h12v-2zM4 16h2v2H4v-2zm16 0H8v2h12v-2z\" fill=\"currentColor\"><\/path><\/svg><svg style=\"fill: #999;color:#999\" class=\"arrow-unsorted-368013\" xmlns=\"http:\/\/www.w3.org\/2000\/svg\" width=\"10px\" height=\"10px\" viewBox=\"0 0 24 24\" version=\"1.2\" baseProfile=\"tiny\"><path d=\"M18.2 9.3l-6.2-6.3-6.2 6.3c-.2.2-.3.4-.3.7s.1.5.3.7c.2.2.4.3.7.3h11c.3 0 .5-.1.7-.3.2-.2.3-.5.3-.7s-.1-.5-.3-.7zM5.8 14.7l6.2 6.3 6.2-6.3c.2-.2.3-.5.3-.7s-.1-.5-.3-.7c-.2-.2-.4-.3-.7-.3h-11c-.3 0-.5.1-.7.3-.2.2-.3.5-.3.7s.1.5.3.7z\"\/><\/svg><\/span><\/span><\/span><\/a><\/span><\/div>\n<nav><ul class='ez-toc-list ez-toc-list-level-1 ' ><li class='ez-toc-page-1 ez-toc-heading-level-2'><a class=\"ez-toc-link ez-toc-heading-1\" href=\"https:\/\/thingstodoinamsterdam.com\/fr\/autour-amsterdam\/giethoorn\/location-de-bateaux-a-giethoorn\/#location-de-bateaux-a-giethoorn-ce-que-tu-dois-savoir\" >Location de bateaux \u00e0 Giethoorn : ce que tu dois savoir<\/a><\/li><li class='ez-toc-page-1 ez-toc-heading-level-2'><a class=\"ez-toc-link ez-toc-heading-2\" href=\"https:\/\/thingstodoinamsterdam.com\/fr\/autour-amsterdam\/giethoorn\/location-de-bateaux-a-giethoorn\/#choses-importantes-a-savoir\" >Choses importantes \u00e0 savoir :<\/a><\/li><li class='ez-toc-page-1 ez-toc-heading-level-2'><a class=\"ez-toc-link ez-toc-heading-3\" href=\"https:\/\/thingstodoinamsterdam.com\/fr\/autour-amsterdam\/giethoorn\/location-de-bateaux-a-giethoorn\/#notre-experience\" >Notre exp\u00e9rience<\/a><\/li><\/ul><\/nav><\/div>\n\n<p class=\"p1\">Si tu pr\u00e9vois un voyage \u00e0 Giethoorn, le charmant village n\u00e9erlandais c\u00e9l\u00e8bre pour ses canaux, ses chaumi\u00e8res et son atmosph\u00e8re paisible, louer un bateau est de loin la meilleure fa\u00e7on de le d\u00e9couvrir.<\/p>\n<p class=\"p1\"><a href=\"https:\/\/giethoorn-boat-rental.nl\/\"><b>Giethoorn Boat Rental<\/b><\/a> offre un moyen facile, pratique et pittoresque d&#8217;explorer ce village f\u00e9erique \u00e0 ton propre rythme. Il existe une large gamme de bateaux de diff\u00e9rentes tailles pour des sorties amusantes entre amis et en famille, ou m\u00eame une croisi\u00e8re romantique avec ton \u00eatre cher. <\/p>\n<p class=\"p3\">Nich\u00e9 dans la province d&#8217;Overijssel, \u00e0 environ 90 km au nord-est d&#8217;Amsterdam, Giethoorn est souvent surnomm\u00e9e la \u00ab Venise des Pays-Bas \u00bb gr\u00e2ce \u00e0 ses canaux pittoresques, ses ponts en bois et son charme sans voiture. Contrairement aux voies navigables anim\u00e9es d&#8217;Amsterdam, les canaux de Giethoorn offrent une \u00e9vasion sereine o\u00f9 tu peux glisser devant des fermes historiques, une v\u00e9g\u00e9tation luxuriante et des jardins pittoresques. <\/p>\n<p data-start=\"283\" data-end=\"462\" data-is-last-node=\"\">Environ 2\u202f600 personnes vivent \u00e0 Giethoorn, et malgr\u00e9 une petite population, le village attire des milliers de touristes chaque ann\u00e9e qui viennent explorer cet endroit sp\u00e9cial en bateau. Pour plus d&#8217;informations et de superbes activit\u00e9s \u00e0 faire \u00e0 Giethoorn, jette un \u0153il <a href=\"https:\/\/thingstodoinamsterdam.com\/fr\/autour-amsterdam\/giethoorn\/\">ici<\/a>. <\/p>\n<p>[\/vc_column_text][\/vc_column][vc_column width=&#8221;1\/3&#8243;][vc_single_image image=&#8221;1525982&#8243; img_size=&#8221;full&#8221; alignment=&#8221;center&#8221;][\/vc_column][\/vc_row][vc_row][vc_column][button title=&#8221;R\u00e9serve ta location de bateau \u00e0 Giethoorn ici&#8221; link=&#8221;https:\/\/giethoorn-boat-rental.nl\/&#8221; icon=&#8221;&#8221; button_align=&#8221;center&#8221; target=&#8221;true&#8221; nofollow=&#8221;true&#8221; el_id=&#8221;1715359069789-13c6ea6d-a6f7&#8243;][\/vc_column][\/vc_row][vc_row][vc_column width=&#8221;1\/2&#8243;][vc_single_image image=&#8221;1525987&#8243; img_size=&#8221;full&#8221; alignment=&#8221;center&#8221;][\/vc_column][vc_column width=&#8221;1\/2&#8243;][vc_single_image image=&#8221;1525977&#8243; img_size=&#8221;full&#8221; alignment=&#8221;center&#8221;][\/vc_column][\/vc_row][vc_row][vc_column width=&#8221;2\/3&#8243;][vc_column_text]<\/p>\n<h2><span class=\"ez-toc-section\" id=\"location-de-bateaux-a-giethoorn-ce-que-tu-dois-savoir\"><\/span>Location de bateaux \u00e0 Giethoorn : ce que tu dois savoir<span class=\"ez-toc-section-end\"><\/span><\/h2>\n<p>Faire du bateau est une activit\u00e9 incontournable lors d&#8217;une visite \u00e0 Giethoorn. Bien que tu puisses te promener le long des sentiers ou faire du v\u00e9lo, la location d&#8217;un bateau te permet de t&#8217;immerger pleinement dans l&#8217;atmosph\u00e8re tranquille et d&#8217;explorer les coins cach\u00e9s du village qui ne sont pas accessibles \u00e0 pied. <\/p>\n<p class=\"p1\">Le point de d\u00e9part est au Binnenpad 88. Tu y trouveras un parking gratuit, des toilettes et un kiosque pour le caf\u00e9 et les collations. <\/p>\n<p class=\"p1\">Giethoorn Boat Rental propose une excellente s\u00e9lection de bateaux<b>,<\/b> il est donc facile de trouver quelque chose qui correspond \u00e0 tes besoins et \u00e0 la taille de ton groupe.<\/p>\n<h3 class=\"p1\"><b>Types de bateaux disponibles<\/b><\/h3>\n<p class=\"p1\"><b>Bateaux \u00e9lectriques (Whisper boats)<\/b><\/p>\n<p class=\"p1\">Ce sont de petits bateaux \u00e0 propulsion \u00e9lectrique qui ne font pas de bruit. Ils sont respectueux de l&#8217;environnement et te permettent de profiter de la tranquillit\u00e9 de Giethoorn. Les capacit\u00e9s d&#8217;accueil varient, et tu peux choisir entre un bateau de 4, 5, 6 ou 8 places.  <\/p>\n<p class=\"p1\"><b>Bateaux de luxe <\/b><\/p>\n<p class=\"p1\">Plus grands et plus luxueux que les bateaux \u00e9lectriques, les sloops offrent des si\u00e8ges confortables avec coussins et dossiers. Ils sont id\u00e9aux pour les familles ou les groupes qui souhaitent un confort suppl\u00e9mentaire. Les tailles de bateaux varient d&#8217;un bateau de 4 personnes \u00e0 un bateau de 12 places.  <\/p>\n<p class=\"p1\"><strong>Balade en bateau guid\u00e9e<\/strong><\/p>\n<p class=\"p1\">Giethoorn Boat Rentals propose une visite guid\u00e9e afin que tu puisses admirer les vues pittoresques du magnifique village tout en te relaxant. La plus courte balade en bateau dure environ 60 minutes, mais cela peut varier en fonction du trafic sur l&#8217;eau. <\/p>\n<p class=\"p1\">Pendant la croisi\u00e8re, qui peut accueillir 44 passagers, tu traverseras des canaux \u00e9troits, passeras sous de charmants ponts et traverseras un lac peu profond avant de revenir au point d&#8217;embarquement. En chemin, les skippers exp\u00e9riment\u00e9s partageront des histoires int\u00e9ressantes sur l&#8217;histoire de Giethoorn. <\/p>\n<p class=\"p1\"><b>Croisi\u00e8re priv\u00e9e <\/b><\/p>\n<p class=\"p1\">Pour quelque chose d&#8217;un peu plus intime et sur mesure, tu peux \u00e9galement opter pour une croisi\u00e8re priv\u00e9e de 60 minutes pour un maximum de six personnes, o\u00f9 ton guide t&#8217;emm\u00e8nera au-del\u00e0 des lieux touristiques habituels, r\u00e9v\u00e9lant des joyaux cach\u00e9s que la plupart des visiteurs ne voient pas.<\/p>\n<h3>Itin\u00e9raires de bateaux<\/h3>\n<p class=\"p1\">Giethoorn Village propose une application avec quatre itin\u00e9raires de navigation pittoresques, chacun mettant en valeur le charme unique et les points forts de la r\u00e9gion. Que tu navigues pour une courte dur\u00e9e ou que tu fasses une croisi\u00e8re plus tranquille de quelques heures, l&#8217;application a un itin\u00e9raire id\u00e9al pour toi. Il y a quatre itin\u00e9raires au choix :  <\/p>\n<ul class=\"ul1\">\n<li class=\"li1\"><b>Itin\u00e9raire 1<\/b> \u2013 1 \u00e0 1,5 heure<\/li>\n<li class=\"li1\"><b>Itin\u00e9raire 2<\/b> \u2013 1,5 \u00e0 2 heures<\/li>\n<li class=\"li1\"><b>Itin\u00e9raire 3<\/b> \u2013 2 heures<\/li>\n<li class=\"li1\"><b>Itin\u00e9raire 4<\/b> \u2013 3 heures<\/li>\n<\/ul>\n<p class=\"p1\">L&#8217;application peut \u00eatre t\u00e9l\u00e9charg\u00e9e sur l&#8217;App Store ou Google Play. Une fois install\u00e9e, les utilisateurs peuvent parcourir les itin\u00e9raires de navigation disponibles et s\u00e9lectionner leur voyage pr\u00e9f\u00e9r\u00e9. <\/p>\n<p class=\"p1\">Pour garantir une exp\u00e9rience fluide, les clients sont encourag\u00e9s \u00e0 installer l&#8217;application avant de prendre le large. Ceux qui ont d\u00e9j\u00e0 l&#8217;application install\u00e9e recevront une assistance prioritaire de l&#8217;\u00e9quipe de service. <\/p>\n<p>[\/vc_column_text][\/vc_column][vc_column width=&#8221;1\/3&#8243;][vc_single_image image=&#8221;1525947&#8243; img_size=&#8221;full&#8221;][vc_single_image image=&#8221;1525993&#8243; img_size=&#8221;full&#8221;][vc_single_image image=&#8221;1525972&#8243; img_size=&#8221;full&#8221; alignment=&#8221;center&#8221;][vc_single_image image=&#8221;1525998&#8243; img_size=&#8221;full&#8221;][\/vc_column][\/vc_row][vc_row][vc_column width=&#8221;2\/3&#8243;][vc_column_text]<\/p>\n<h2 class=\"p1\"><span class=\"ez-toc-section\" id=\"choses-importantes-a-savoir\"><\/span>Choses importantes \u00e0 savoir :<span class=\"ez-toc-section-end\"><\/span><\/h2>\n<p class=\"p1\"><b>Comment louer un bateau<\/b><\/p>\n<p class=\"p1\">La r\u00e9servation est simple via leur <a href=\"http:\/\/www.giethoorn-boat-rental-nl\">site web<\/a>. Les r\u00e9servations sont fortement recommand\u00e9es, surtout pendant la haute saison (printemps et \u00e9t\u00e9) lorsque Giethoorn re\u00e7oit un grand nombre de visiteurs. <\/p>\n<p class=\"p1\">Les dur\u00e9es de location varient, avec des options allant d&#8217;une heure \u00e0 une journ\u00e9e compl\u00e8te. Si tu souhaites explorer au-del\u00e0 du village, une location plus longue est recommand\u00e9e. <\/p>\n<p class=\"p1\">Pas d&#8217;exp\u00e9rience en bateau ? Pas de probl\u00e8me ! Un avantage majeur de Giethoorn Boat Rental est qu&#8217;aucun permis de navigation ni exp\u00e9rience pr\u00e9alable n&#8217;est requis. Les bateaux \u00e9lectriques sont faciles \u00e0 utiliser, et tu recevras une courte s\u00e9ance d&#8217;instructions avant le d\u00e9part.   <\/p>\n<p class=\"p1\"><strong>R\u00e8gles de navigation \u00e0 Giethoorn<\/strong><\/p>\n<p class=\"p1\">Pour garantir une exp\u00e9rience agr\u00e9able et fluide pour tous, voici quelques r\u00e8gles de navigation \u00e0 suivre :<\/p>\n<ul class=\"ul1\">\n<li class=\"li1\">Garde la droite autant que possible.<\/li>\n<li class=\"li1\">Apporte des collations et des boissons pour une balade relaxante, surtout si tu pr\u00e9vois de rester sur l&#8217;eau pendant quelques heures.<\/li>\n<li class=\"li1\">V\u00e9rifie les pr\u00e9visions m\u00e9t\u00e9orologiques \u2013 la navigation est plus agr\u00e9able par temps ensoleill\u00e9 !<\/li>\n<li class=\"li1\">Respecte les limites de vitesse et les r\u00e8gles de navigation<\/li>\n<li class=\"li1\">Les bateaux de tourisme ont toujours la priorit\u00e9 \u2013 assure-toi de leur laisser de l&#8217;espace.<\/li>\n<li class=\"li1\">Les chiens sont autoris\u00e9s sur ce bateau.<\/li>\n<li class=\"li1\">L&#8217;amarrage sous les ponts n&#8217;est pas autoris\u00e9.<\/li>\n<li class=\"li1\">C\u00e8de le passage aux services d&#8217;urgence s&#8217;ils doivent passer.<\/li>\n<li class=\"li1\">Le canal du village est \u00e9troit, avec une largeur allant jusqu&#8217;\u00e0 3,5 m\u00e8tres et une profondeur de 60 cm, alors navigue prudemment.<\/li>\n<li class=\"li1\">Sois respectueux des habitants de Giethoorn en maintenant le niveau sonore bas et en respectant la propri\u00e9t\u00e9 priv\u00e9e.<\/li>\n<li class=\"li1\">Naviguer sous l&#8217;influence est ill\u00e9gal \u2013 la police fluviale effectue des contr\u00f4les quotidiens.<\/li>\n<li class=\"li1\">Les r\u00e8gles de circulation \u00e0 sens unique s&#8217;appliquent dans le canal du village, alors suis la direction indiqu\u00e9e.<\/li>\n<li class=\"li1\">Attends-toi \u00e0 des embouteillages les jours de forte affluence, car le trafic de bateaux dans le canal du village peut \u00eatre dense.<\/li>\n<li class=\"li1\">Les heures de pointe se situent entre 12h00 et 15h00, lorsque les canaux sont les plus fr\u00e9quent\u00e9s.<\/li>\n<\/ul>\n<p>[\/vc_column_text][\/vc_column][vc_column width=&#8221;1\/3&#8243;][vc_single_image image=&#8221;1525942&#8243; img_size=&#8221;full&#8221; alignment=&#8221;center&#8221;][vc_single_image image=&#8221;1525962&#8243; img_size=&#8221;full&#8221;][\/vc_column][\/vc_row][vc_row][vc_column][button title=&#8221;R\u00e9serve ta balade en bateau \u00e0 Giethoorn ici&#8221; link=&#8221;https:\/\/giethoorn-boat-rental.nl\/&#8221; icon=&#8221;&#8221; button_align=&#8221;center&#8221; target=&#8221;true&#8221; nofollow=&#8221;true&#8221; el_id=&#8221;1715359602038-1888ca03-25a3&#8243;][\/vc_column][\/vc_row][vc_row][vc_column][vc_column_text]<\/p>\n<h2 class=\"p1\"><span class=\"ez-toc-section\" id=\"notre-experience\"><\/span><b>Notre exp\u00e9rience<\/b><span class=\"ez-toc-section-end\"><\/span><\/h2>\n<p>Comme partout aux Pays-Bas, d\u00e9couvrir une ville ou un village depuis l&#8217;eau est l&#8217;une des meilleures fa\u00e7ons de l&#8217;explorer et de l&#8217;exp\u00e9rimenter. Louer un bateau signifie aussi que tu as la libert\u00e9 d&#8217;explorer \u2013 il n&#8217;y a pas d&#8217;horaire fixe et tu peux aller \u00e0 ton propre rythme. <\/p>\n<p class=\"p1\">Que tu voyages en couple, en famille ou entre amis, louer un bateau est une exp\u00e9rience m\u00e9morable. Nous avons trouv\u00e9 que Boat Rental rend incroyablement facile et agr\u00e9able l&#8217;exp\u00e9rience de ce village f\u00e9erique. Avec une vari\u00e9t\u00e9 de bateaux, un processus de r\u00e9servation simple et des paysages \u00e0 couper le souffle, c&#8217;\u00e9tait le moyen id\u00e9al d&#8217;explorer Giethoorn. Si tu visites les Pays-Bas et que tu veux une exp\u00e9rience vraiment unique et relaxante, louer un bateau \u00e0 Giethoorn est un incontournable !   <\/p>\n<p>[\/vc_column_text][\/vc_column][\/vc_row][vc_row][vc_column][reviews heading=&#8221;Avis sur Giethoorn Boat Rental&#8221; description=&#8221;As-tu d\u00e9j\u00e0 lou\u00e9 quelque chose chez Giethoorn Boat Rentals ? Parle-nous, ainsi qu&apos;aux autres voyageurs, de ton exp\u00e9rience ! Comment as-tu aim\u00e9 le bateau ? A-t-il r\u00e9pondu \u00e0 tes attentes ? Recommanderais-tu cette croisi\u00e8re \u00e0 d&apos;autres ou en recommanderais-tu une diff\u00e9rente ? Fais-le nous savoir ci-dessous !     &#8221; el_id=&#8221;1715686148341-8d645a2d-144b&#8221;][\/reviews][\/vc_column][\/vc_row]<\/p>\n<\/div>","protected":false},"excerpt":{"rendered":"<p>[vc_row][vc_column][buttonsticky title=&#8221;R\u00e9serve ta balade en bateau \u00e0 Giethoorn ici&#8221; link=&#8221;http:\/\/www.giethoorn-boat-rental-nl\/&#8221; target=&#8221;true&#8221; nofollow=&#8221;true&#8221; el_id=&#8221;1722005386472-5ab5eef9-f515&#8243;][\/vc_column][\/vc_row][vc_row][vc_column width=&#8221;2\/3&#8243;][vc_column_text] Si tu pr\u00e9vois un voyage \u00e0 Giethoorn, le charmant village n\u00e9erlandais\u2026<\/p>\n","protected":false},"author":33,"featured_media":0,"parent":1525596,"menu_order":0,"comment_status":"closed","ping_status":"closed","template":"","meta":{"footnotes":""},"class_list":["post-2535584","page","type-page","status-publish","hentry"],"yoast_head":"<!-- This site is optimized with the Yoast SEO plugin v27.4 - https:\/\/yoast.com\/product\/yoast-seo-wordpress\/ -->\n<title>Location de bateaux \u00e0 Giethoorn - ThingstodoinAmsterdam.com<\/title>\n<meta name=\"description\" content=\"Loue un bateau \u00e0 Giethoorn et explore ses canaux pittoresques. Choisis parmi des bateaux de diff\u00e9rentes tailles pour une journ\u00e9e de d\u00e9tente dans la \u00ab Venise des Pays-Bas \u00bb.\" \/>\n<meta name=\"robots\" content=\"index, follow, max-snippet:-1, max-image-preview:large, max-video-preview:-1\" \/>\n<link rel=\"canonical\" href=\"https:\/\/thingstodoinamsterdam.com\/fr\/autour-amsterdam\/giethoorn\/location-de-bateaux-a-giethoorn\/\" \/>\n<meta property=\"og:locale\" content=\"fr_FR\" \/>\n<meta property=\"og:type\" content=\"article\" \/>\n<meta property=\"og:title\" content=\"Location de bateaux \u00e0 Giethoorn - ThingstodoinAmsterdam.com\" \/>\n<meta property=\"og:description\" content=\"Loue un bateau \u00e0 Giethoorn et explore ses canaux pittoresques. Choisis parmi des bateaux de diff\u00e9rentes tailles pour une journ\u00e9e de d\u00e9tente dans la \u00ab Venise des Pays-Bas \u00bb.\" \/>\n<meta property=\"og:url\" content=\"https:\/\/thingstodoinamsterdam.com\/fr\/autour-amsterdam\/giethoorn\/location-de-bateaux-a-giethoorn\/\" \/>\n<meta property=\"og:site_name\" content=\"ThingstodoinAmsterdam.com\" \/>\n<meta property=\"article:publisher\" content=\"https:\/\/www.facebook.com\/thingstodoinamsterdamcom\" \/>\n<meta property=\"article:modified_time\" content=\"2026-03-24T14:40:03+00:00\" \/>\n<meta name=\"twitter:card\" content=\"summary_large_image\" \/>\n<meta name=\"twitter:label1\" content=\"Est. reading time\" \/>\n\t<meta name=\"twitter:data1\" content=\"8 minutes\" \/>\n<script type=\"application\/ld+json\" class=\"yoast-schema-graph\">{\"@context\":\"https:\\\/\\\/schema.org\",\"@graph\":[{\"@type\":\"WebPage\",\"@id\":\"https:\\\/\\\/thingstodoinamsterdam.com\\\/fr\\\/autour-amsterdam\\\/giethoorn\\\/location-de-bateaux-a-giethoorn\\\/\",\"url\":\"https:\\\/\\\/thingstodoinamsterdam.com\\\/fr\\\/autour-amsterdam\\\/giethoorn\\\/location-de-bateaux-a-giethoorn\\\/\",\"name\":\"Location de bateaux \u00e0 Giethoorn - ThingstodoinAmsterdam.com\",\"isPartOf\":{\"@id\":\"https:\\\/\\\/thingstodoinamsterdam.com\\\/fr\\\/#website\"},\"datePublished\":\"2026-03-24T14:39:49+00:00\",\"dateModified\":\"2026-03-24T14:40:03+00:00\",\"description\":\"Loue un bateau \u00e0 Giethoorn et explore ses canaux pittoresques. Choisis parmi des bateaux de diff\u00e9rentes tailles pour une journ\u00e9e de d\u00e9tente dans la \u00ab Venise des Pays-Bas \u00bb.\",\"breadcrumb\":{\"@id\":\"https:\\\/\\\/thingstodoinamsterdam.com\\\/fr\\\/autour-amsterdam\\\/giethoorn\\\/location-de-bateaux-a-giethoorn\\\/#breadcrumb\"},\"inLanguage\":\"fr\",\"potentialAction\":[{\"@type\":\"ReadAction\",\"target\":[\"https:\\\/\\\/thingstodoinamsterdam.com\\\/fr\\\/autour-amsterdam\\\/giethoorn\\\/location-de-bateaux-a-giethoorn\\\/\"]}]},{\"@type\":\"BreadcrumbList\",\"@id\":\"https:\\\/\\\/thingstodoinamsterdam.com\\\/fr\\\/autour-amsterdam\\\/giethoorn\\\/location-de-bateaux-a-giethoorn\\\/#breadcrumb\",\"itemListElement\":[{\"@type\":\"ListItem\",\"position\":1,\"name\":\"Visiter Amsterdam\",\"item\":\"https:\\\/\\\/thingstodoinamsterdam.com\\\/fr\\\/\"},{\"@type\":\"ListItem\",\"position\":2,\"name\":\"Excursion d&#8217;une journ\u00e9e \u00e0 partir d&#8217;Amsterdam\",\"item\":\"https:\\\/\\\/thingstodoinamsterdam.com\\\/fr\\\/autour-amsterdam\\\/\"},{\"@type\":\"ListItem\",\"position\":3,\"name\":\"Giethoorn\",\"item\":\"https:\\\/\\\/thingstodoinamsterdam.com\\\/fr\\\/autour-amsterdam\\\/giethoorn\\\/\"},{\"@type\":\"ListItem\",\"position\":4,\"name\":\"Location de bateaux \u00e0 Giethoorn\"}]},{\"@type\":\"WebSite\",\"@id\":\"https:\\\/\\\/thingstodoinamsterdam.com\\\/fr\\\/#website\",\"url\":\"https:\\\/\\\/thingstodoinamsterdam.com\\\/fr\\\/\",\"name\":\"ThingstodoinAmsterdam.com\",\"description\":\"Amsterdam&#039;s highlights and hidden secrets\",\"publisher\":{\"@id\":\"https:\\\/\\\/thingstodoinamsterdam.com\\\/fr\\\/#organization\"},\"potentialAction\":[{\"@type\":\"SearchAction\",\"target\":{\"@type\":\"EntryPoint\",\"urlTemplate\":\"https:\\\/\\\/thingstodoinamsterdam.com\\\/fr\\\/?s={search_term_string}\"},\"query-input\":{\"@type\":\"PropertyValueSpecification\",\"valueRequired\":true,\"valueName\":\"search_term_string\"}}],\"inLanguage\":\"fr\"},{\"@type\":\"Organization\",\"@id\":\"https:\\\/\\\/thingstodoinamsterdam.com\\\/fr\\\/#organization\",\"name\":\"Visiter Amsterdam\",\"url\":\"https:\\\/\\\/thingstodoinamsterdam.com\\\/fr\\\/\",\"logo\":{\"@type\":\"ImageObject\",\"inLanguage\":\"fr\",\"@id\":\"https:\\\/\\\/thingstodoinamsterdam.com\\\/fr\\\/#\\\/schema\\\/logo\\\/image\\\/\",\"url\":\"https:\\\/\\\/thingstodoinamsterdam.com\\\/wp-content\\\/uploads\\\/2025\\\/02\\\/ThingsToDoInAmsterdam-Favicon-logo.png\",\"contentUrl\":\"https:\\\/\\\/thingstodoinamsterdam.com\\\/wp-content\\\/uploads\\\/2025\\\/02\\\/ThingsToDoInAmsterdam-Favicon-logo.png\",\"width\":512,\"height\":512,\"caption\":\"Visiter Amsterdam\"},\"image\":{\"@id\":\"https:\\\/\\\/thingstodoinamsterdam.com\\\/fr\\\/#\\\/schema\\\/logo\\\/image\\\/\"},\"sameAs\":[\"https:\\\/\\\/www.facebook.com\\\/thingstodoinamsterdamcom\"]}]}<\/script>\n<!-- \/ Yoast SEO plugin. -->","yoast_head_json":{"title":"Location de bateaux \u00e0 Giethoorn - ThingstodoinAmsterdam.com","description":"Loue un bateau \u00e0 Giethoorn et explore ses canaux pittoresques. Choisis parmi des bateaux de diff\u00e9rentes tailles pour une journ\u00e9e de d\u00e9tente dans la \u00ab Venise des Pays-Bas \u00bb.","robots":{"index":"index","follow":"follow","max-snippet":"max-snippet:-1","max-image-preview":"max-image-preview:large","max-video-preview":"max-video-preview:-1"},"canonical":"https:\/\/thingstodoinamsterdam.com\/fr\/autour-amsterdam\/giethoorn\/location-de-bateaux-a-giethoorn\/","og_locale":"fr_FR","og_type":"article","og_title":"Location de bateaux \u00e0 Giethoorn - ThingstodoinAmsterdam.com","og_description":"Loue un bateau \u00e0 Giethoorn et explore ses canaux pittoresques. Choisis parmi des bateaux de diff\u00e9rentes tailles pour une journ\u00e9e de d\u00e9tente dans la \u00ab Venise des Pays-Bas \u00bb.","og_url":"https:\/\/thingstodoinamsterdam.com\/fr\/autour-amsterdam\/giethoorn\/location-de-bateaux-a-giethoorn\/","og_site_name":"ThingstodoinAmsterdam.com","article_publisher":"https:\/\/www.facebook.com\/thingstodoinamsterdamcom","article_modified_time":"2026-03-24T14:40:03+00:00","twitter_card":"summary_large_image","twitter_misc":{"Est. reading time":"8 minutes"},"schema":{"@context":"https:\/\/schema.org","@graph":[{"@type":"WebPage","@id":"https:\/\/thingstodoinamsterdam.com\/fr\/autour-amsterdam\/giethoorn\/location-de-bateaux-a-giethoorn\/","url":"https:\/\/thingstodoinamsterdam.com\/fr\/autour-amsterdam\/giethoorn\/location-de-bateaux-a-giethoorn\/","name":"Location de bateaux \u00e0 Giethoorn - ThingstodoinAmsterdam.com","isPartOf":{"@id":"https:\/\/thingstodoinamsterdam.com\/fr\/#website"},"datePublished":"2026-03-24T14:39:49+00:00","dateModified":"2026-03-24T14:40:03+00:00","description":"Loue un bateau \u00e0 Giethoorn et explore ses canaux pittoresques. Choisis parmi des bateaux de diff\u00e9rentes tailles pour une journ\u00e9e de d\u00e9tente dans la \u00ab Venise des Pays-Bas \u00bb.","breadcrumb":{"@id":"https:\/\/thingstodoinamsterdam.com\/fr\/autour-amsterdam\/giethoorn\/location-de-bateaux-a-giethoorn\/#breadcrumb"},"inLanguage":"fr","potentialAction":[{"@type":"ReadAction","target":["https:\/\/thingstodoinamsterdam.com\/fr\/autour-amsterdam\/giethoorn\/location-de-bateaux-a-giethoorn\/"]}]},{"@type":"BreadcrumbList","@id":"https:\/\/thingstodoinamsterdam.com\/fr\/autour-amsterdam\/giethoorn\/location-de-bateaux-a-giethoorn\/#breadcrumb","itemListElement":[{"@type":"ListItem","position":1,"name":"Visiter Amsterdam","item":"https:\/\/thingstodoinamsterdam.com\/fr\/"},{"@type":"ListItem","position":2,"name":"Excursion d&#8217;une journ\u00e9e \u00e0 partir d&#8217;Amsterdam","item":"https:\/\/thingstodoinamsterdam.com\/fr\/autour-amsterdam\/"},{"@type":"ListItem","position":3,"name":"Giethoorn","item":"https:\/\/thingstodoinamsterdam.com\/fr\/autour-amsterdam\/giethoorn\/"},{"@type":"ListItem","position":4,"name":"Location de bateaux \u00e0 Giethoorn"}]},{"@type":"WebSite","@id":"https:\/\/thingstodoinamsterdam.com\/fr\/#website","url":"https:\/\/thingstodoinamsterdam.com\/fr\/","name":"ThingstodoinAmsterdam.com","description":"Amsterdam&#039;s highlights and hidden secrets","publisher":{"@id":"https:\/\/thingstodoinamsterdam.com\/fr\/#organization"},"potentialAction":[{"@type":"SearchAction","target":{"@type":"EntryPoint","urlTemplate":"https:\/\/thingstodoinamsterdam.com\/fr\/?s={search_term_string}"},"query-input":{"@type":"PropertyValueSpecification","valueRequired":true,"valueName":"search_term_string"}}],"inLanguage":"fr"},{"@type":"Organization","@id":"https:\/\/thingstodoinamsterdam.com\/fr\/#organization","name":"Visiter Amsterdam","url":"https:\/\/thingstodoinamsterdam.com\/fr\/","logo":{"@type":"ImageObject","inLanguage":"fr","@id":"https:\/\/thingstodoinamsterdam.com\/fr\/#\/schema\/logo\/image\/","url":"https:\/\/thingstodoinamsterdam.com\/wp-content\/uploads\/2025\/02\/ThingsToDoInAmsterdam-Favicon-logo.png","contentUrl":"https:\/\/thingstodoinamsterdam.com\/wp-content\/uploads\/2025\/02\/ThingsToDoInAmsterdam-Favicon-logo.png","width":512,"height":512,"caption":"Visiter Amsterdam"},"image":{"@id":"https:\/\/thingstodoinamsterdam.com\/fr\/#\/schema\/logo\/image\/"},"sameAs":["https:\/\/www.facebook.com\/thingstodoinamsterdamcom"]}]}},"_links":{"self":[{"href":"https:\/\/thingstodoinamsterdam.com\/fr\/wp-json\/wp\/v2\/pages\/2535584","targetHints":{"allow":["GET"]}}],"collection":[{"href":"https:\/\/thingstodoinamsterdam.com\/fr\/wp-json\/wp\/v2\/pages"}],"about":[{"href":"https:\/\/thingstodoinamsterdam.com\/fr\/wp-json\/wp\/v2\/types\/page"}],"author":[{"embeddable":true,"href":"https:\/\/thingstodoinamsterdam.com\/fr\/wp-json\/wp\/v2\/users\/33"}],"replies":[{"embeddable":true,"href":"https:\/\/thingstodoinamsterdam.com\/fr\/wp-json\/wp\/v2\/comments?post=2535584"}],"version-history":[{"count":5,"href":"https:\/\/thingstodoinamsterdam.com\/fr\/wp-json\/wp\/v2\/pages\/2535584\/revisions"}],"predecessor-version":[{"id":2535604,"href":"https:\/\/thingstodoinamsterdam.com\/fr\/wp-json\/wp\/v2\/pages\/2535584\/revisions\/2535604"}],"up":[{"embeddable":true,"href":"https:\/\/thingstodoinamsterdam.com\/fr\/wp-json\/wp\/v2\/pages\/1525596"}],"wp:attachment":[{"href":"https:\/\/thingstodoinamsterdam.com\/fr\/wp-json\/wp\/v2\/media?parent=2535584"}],"curies":[{"name":"wp","href":"https:\/\/api.w.org\/{rel}","templated":true}]}}