{"id":2539221,"date":"2026-04-04T10:02:38","date_gmt":"2026-04-04T08:02:38","guid":{"rendered":"https:\/\/thingstodoinamsterdam.com\/smartshops-amsterdam\/the-magic-mushroom-gallery\/"},"modified":"2026-04-04T10:02:42","modified_gmt":"2026-04-04T08:02:42","slug":"the-magic-mushroom-gallery","status":"publish","type":"page","link":"https:\/\/thingstodoinamsterdam.com\/fr\/smartshops-amsterdam\/the-magic-mushroom-gallery\/","title":{"rendered":"The Magic Mushroom Gallery"},"content":{"rendered":"<div class=\"wpb-content-wrapper\"><p>[vc_row][vc_column width=&#8221;2\/3&#8243;][vc_column_text]The Magic Mushroom Gallery est l&#8217;un des smartshops les plus anciens et les meilleurs de la ville, il existe depuis 1996. Les smartshops sont des magasins qui vendent des stimulants l\u00e9gaux, des hallucinog\u00e8nes, des plantes psychoactives, des graines de cannabis et autres. The Magic Mushroom Gallery se distingue des autres smartshops par son haut niveau de service et ses employ\u00e9s comp\u00e9tents. Ils ne se contentent pas de vendre leurs produits, mais prennent \u00e9galement le temps d&#8217;\u00e9valuer ta situation personnelle et de r\u00e9pondre \u00e0 toutes tes questions. Nous insistons pour que toute personne qui envisage d&#8217;utiliser ces produits suive attentivement leurs conseils, afin de pouvoir en profiter de mani\u00e8re s\u00fbre et responsable ! Tous les produits vendus, y compris les populaires truffes magiques, sont l\u00e9gaux \u00e0 la vente et \u00e0 la consommation aux Pays-Bas.     <\/p><div id=\"ez-toc-container\" class=\"ez-toc-v2_0_82_2 counter-hierarchy ez-toc-counter ez-toc-custom ez-toc-container-direction\">\n<div class=\"ez-toc-title-container\">\n<span class=\"ez-toc-title-toggle\"><a href=\"#\" class=\"ez-toc-pull-right ez-toc-btn ez-toc-btn-xs ez-toc-btn-default ez-toc-toggle\" aria-label=\"Toggle Table of Content\"><span class=\"ez-toc-js-icon-con\"><span class=\"\"><span class=\"eztoc-hide\" style=\"display:none;\">Toggle<\/span><span class=\"ez-toc-icon-toggle-span\"><svg style=\"fill: #999;color:#999\" xmlns=\"http:\/\/www.w3.org\/2000\/svg\" class=\"list-377408\" width=\"20px\" height=\"20px\" viewBox=\"0 0 24 24\" fill=\"none\"><path d=\"M6 6H4v2h2V6zm14 0H8v2h12V6zM4 11h2v2H4v-2zm16 0H8v2h12v-2zM4 16h2v2H4v-2zm16 0H8v2h12v-2z\" fill=\"currentColor\"><\/path><\/svg><svg style=\"fill: #999;color:#999\" class=\"arrow-unsorted-368013\" xmlns=\"http:\/\/www.w3.org\/2000\/svg\" width=\"10px\" height=\"10px\" viewBox=\"0 0 24 24\" version=\"1.2\" baseProfile=\"tiny\"><path d=\"M18.2 9.3l-6.2-6.3-6.2 6.3c-.2.2-.3.4-.3.7s.1.5.3.7c.2.2.4.3.7.3h11c.3 0 .5-.1.7-.3.2-.2.3-.5.3-.7s-.1-.5-.3-.7zM5.8 14.7l6.2 6.3 6.2-6.3c.2-.2.3-.5.3-.7s-.1-.5-.3-.7c-.2-.2-.4-.3-.7-.3h-11c-.3 0-.5.1-.7.3-.2.2-.3.5-.3.7s.1.5.3.7z\"\/><\/svg><\/span><\/span><\/span><\/a><\/span><\/div>\n<nav><ul class='ez-toc-list ez-toc-list-level-1 ' ><li class='ez-toc-page-1 ez-toc-heading-level-2'><a class=\"ez-toc-link ez-toc-heading-1\" href=\"https:\/\/thingstodoinamsterdam.com\/fr\/smartshops-amsterdam\/the-magic-mushroom-gallery\/#bon-de-reduction-exclusif\" >Bon de r\u00e9duction exclusif<\/a><\/li><li class='ez-toc-page-1 ez-toc-heading-level-2'><a class=\"ez-toc-link ez-toc-heading-2\" href=\"https:\/\/thingstodoinamsterdam.com\/fr\/smartshops-amsterdam\/the-magic-mushroom-gallery\/#truffes-magiques\" >Truffes magiques<\/a><\/li><li class='ez-toc-page-1 ez-toc-heading-level-2'><a class=\"ez-toc-link ez-toc-heading-3\" href=\"https:\/\/thingstodoinamsterdam.com\/fr\/smartshops-amsterdam\/the-magic-mushroom-gallery\/#psychedeliques-naturels-pilules-festives-et-ecstasy-a-base-de-plantes\" >Psych\u00e9d\u00e9liques naturels, pilules festives et ecstasy \u00e0 base de plantes<\/a><\/li><li class='ez-toc-page-1 ez-toc-heading-level-2'><a class=\"ez-toc-link ez-toc-heading-4\" href=\"https:\/\/thingstodoinamsterdam.com\/fr\/smartshops-amsterdam\/the-magic-mushroom-gallery\/#complements-alimentaires-a-base-de-plantes\" >Compl\u00e9ments alimentaires \u00e0 base de plantes<\/a><\/li><li class='ez-toc-page-1 ez-toc-heading-level-2'><a class=\"ez-toc-link ez-toc-heading-5\" href=\"https:\/\/thingstodoinamsterdam.com\/fr\/smartshops-amsterdam\/the-magic-mushroom-gallery\/#adresses-et-emplacements\" >Adresses et emplacements<\/a><\/li><\/ul><\/nav><\/div>\n\n<p>Les produits que tu trouveras chez The Magic Mushroom Gallery incluent :<\/p>\n<ul>\n<li>Plus de 10 types diff\u00e9rents de <a href=\"https:\/\/thingstodoinamsterdam.com\/fr\/blog\/tout-ce-quil-faut-savoir-sur-lutilisation-des-truffes-a-amsterdam\/\">truffes magiques<\/a><\/li>\n<li>Alternatives naturelles et \u00e0 base de plantes pour les drogues festives telles que l&#8217;ecstasy<\/li>\n<li>Substances psychoactives naturelles, y compris des plantes et des cactus<\/li>\n<li>Stimulants sexuels biologiques<\/li>\n<li>Cadeaux sympas, gadgets et plus encore<\/li>\n<\/ul>\n<p>[\/vc_column_text][\/vc_column][vc_column width=&#8221;1\/3&#8243;][vc_single_image image=&#8221;2539214&#8243; img_size=&#8221;full&#8221; alignment=&#8221;center&#8221; onclick=&#8221;img_link_large&#8221; css=&#8221;&#8221;][\/vc_column][\/vc_row][vc_row][vc_column width=&#8221;1\/3&#8243;][vc_single_image image=&#8221;2539215&#8243; img_size=&#8221;full&#8221; alignment=&#8221;center&#8221; onclick=&#8221;zoom&#8221; css=&#8221;&#8221;][\/vc_column][vc_column width=&#8221;1\/3&#8243;][vc_single_image image=&#8221;1018785&#8243; img_size=&#8221;full&#8221; alignment=&#8221;center&#8221; onclick=&#8221;custom_link&#8221; link=&#8221;https:\/\/thingstodoinamsterdam.com\/wp-content\/uploads\/2020\/11\/The-Magic-Mushroom-Gallery-discount-voucher.pdf&#8221;][\/vc_column][vc_column width=&#8221;1\/3&#8243;][vc_single_image image=&#8221;2539216&#8243; img_size=&#8221;full&#8221; alignment=&#8221;center&#8221; onclick=&#8221;img_link_large&#8221; css=&#8221;&#8221;][\/vc_column][\/vc_row][vc_row][vc_column][vc_column_text]<\/p>\n<h2><span class=\"ez-toc-section\" id=\"bon-de-reduction-exclusif\"><\/span>Bon de r\u00e9duction exclusif<span class=\"ez-toc-section-end\"><\/span><\/h2>\n<p>Tu visites The Magic Mushroom Gallery ? T\u00e9l\u00e9charge ou imprime notre bon de r\u00e9duction exclusif de 10 % et profite de 10 % de r\u00e9duction sur tous tes achats ![\/vc_column_text][button title=&#8221;Profite de 10 % de r\u00e9duction sur tous tes achats @ The Magic Mushroom Gallery&#8221; link=&#8221;https:\/\/thingstodoinamsterdam.com\/wp-content\/uploads\/2020\/11\/The-Magic-Mushroom-Gallery-discount-voucher.pdf&#8221; icon=&#8221;&#8221; button_align=&#8221;center&#8221; target=&#8221;true&#8221; el_id=&#8221;1570179223317-e7e33b72-1f2c&#8221;][\/vc_column][\/vc_row][vc_row][vc_column][vc_column_text css=&#8221;&#8221;]<\/p>\n<h2><span class=\"ez-toc-section\" id=\"truffes-magiques\"><\/span>Truffes magiques<span class=\"ez-toc-section-end\"><\/span><\/h2>\n<p>L&#8217;article le plus populaire de The Magic Mushroom Gallery, de loin, est la truffe psych\u00e9d\u00e9lique contenant de la psilocybine. Ces organismes qui poussent sous terre peuvent \u00eatre pris en microdose \u00e0 des fins m\u00e9dicinales ou en doses plus importantes pour une exp\u00e9rience psych\u00e9d\u00e9lique. Assure-toi de consulter les employ\u00e9s de Magic Mushroom Gallery ; ils peuvent te conseiller sur le type de truffes et le dosage correct afin que tu puisses vivre une exp\u00e9rience s\u00fbre et agr\u00e9able avec ces cadeaux de la nature.[\/vc_column_text][vc_single_image image=&#8221;2535835&#8243; img_size=&#8221;full&#8221; alignment=&#8221;center&#8221; onclick=&#8221;img_link_large&#8221; css=&#8221;&#8221;][vc_single_image image=&#8221;2539217&#8243; img_size=&#8221;full&#8221; alignment=&#8221;center&#8221; onclick=&#8221;img_link_large&#8221; css=&#8221;&#8221;][\/vc_column][\/vc_row][vc_row][vc_column][vc_column_text css=&#8221;&#8221;]<\/p>\n<h2><span class=\"ez-toc-section\" id=\"psychedeliques-naturels-pilules-festives-et-ecstasy-a-base-de-plantes\"><\/span>Psych\u00e9d\u00e9liques naturels, pilules festives et ecstasy \u00e0 base de plantes<span class=\"ez-toc-section-end\"><\/span><\/h2>\n<p>Si tu cherches un high naturel, un surplus d&#8217;\u00e9nergie ou un trip introspectif, le Magic Mushroom Gallery vend diverses alternatives aux substances ill\u00e9gales telles que la MDMA. Ces highs naturels sont l\u00e9gaux et offrent des effets similaires \u00e0 ceux des drogues r\u00e9cr\u00e9atives, avec une descente plus douce. N&#8217;h\u00e9site pas \u00e0 demander conseil et les employ\u00e9s se feront un plaisir de t&#8217;aider.[\/vc_column_text][vc_single_image image=&#8221;2535836&#8243; img_size=&#8221;full&#8221; alignment=&#8221;center&#8221; onclick=&#8221;img_link_large&#8221; css=&#8221;&#8221;][\/vc_column][\/vc_row][vc_row][vc_column][vc_column_text css=&#8221;&#8221;]<\/p>\n<h2><span class=\"ez-toc-section\" id=\"complements-alimentaires-a-base-de-plantes\"><\/span>Compl\u00e9ments alimentaires \u00e0 base de plantes<span class=\"ez-toc-section-end\"><\/span><\/h2>\n<p>Tu trouveras divers rem\u00e8des naturels et compl\u00e9ments pour am\u00e9liorer ton sommeil, ta concentration et ton humeur. \u00c0 base de substances naturelles, comme le champignon crini\u00e8re de lion.[\/vc_column_text][vc_single_image image=&#8221;2535837&#8243; img_size=&#8221;full&#8221; alignment=&#8221;center&#8221; onclick=&#8221;img_link_large&#8221; css=&#8221;&#8221;][\/vc_column][\/vc_row][vc_row][vc_column width=&#8221;1\/3&#8243;][vc_single_image image=&#8221;2539218&#8243; img_size=&#8221;full&#8221; alignment=&#8221;center&#8221; onclick=&#8221;img_link_large&#8221; css=&#8221;&#8221;][\/vc_column][vc_column width=&#8221;1\/3&#8243;][vc_single_image image=&#8221;2539219&#8243; img_size=&#8221;full&#8221; alignment=&#8221;center&#8221; onclick=&#8221;img_link_large&#8221; css=&#8221;&#8221;][\/vc_column][vc_column width=&#8221;1\/3&#8243;][vc_single_image image=&#8221;2539220&#8243; img_size=&#8221;full&#8221; alignment=&#8221;center&#8221; onclick=&#8221;img_link_large&#8221; css=&#8221;&#8221;][\/vc_column][\/vc_row][vc_row][vc_column][vc_column_text css=&#8221;&#8221;]<\/p>\n<h2><span class=\"ez-toc-section\" id=\"adresses-et-emplacements\"><\/span>Adresses et emplacements<span class=\"ez-toc-section-end\"><\/span><\/h2>\n<p>The Magic Mushroom Gallery poss\u00e8de actuellement deux magasins situ\u00e9s au centre d&#8217;Amsterdam. Le magasin principal se trouve au Spuistraat 249, l&#8217;autre magasin est situ\u00e9 sur le Bloemenmarkt (march\u00e9 aux fleurs).[\/vc_column_text][g_map heading=&#8221;The Magic Mushroom Gallery &#8211; Spuistraat&#8221; el_id=&#8221;1606486865437-93102fdb-acd1&#8243;][\/g_map][vc_column_text]<strong>The Magic Mushrooms Gallery &#8211; Spuistraat<br \/>\n<\/strong>Spuistraat 249<br \/>\n1012 VP<br \/>\nAmsterdam<strong><br \/>\n<\/strong><\/p>\n<p>[\/vc_column_text][g_map el_id=&#8221;1606486806910-6b1f4cdb-96ab&#8221;][\/g_map][vc_column_text]<strong>The Magic Mushrooms Gallery &#8211; March\u00e9 aux fleurs<br \/>\n<\/strong>Singel 524<br \/>\n1017AZ<br \/>\nAmsterdam<strong><br \/>\n<\/strong><\/p>\n<p>[\/vc_column_text][\/vc_column][\/vc_row][vc_row][vc_column][reviews heading=&#8221;Avis sur The Magic Mushroom Gallery Amsterdam&#8221; description=&#8221;Nous sommes toujours int\u00e9ress\u00e9s de conna\u00eetre les exp\u00e9riences de nos visiteurs. Laisse ton avis ci-dessous et aide les autres visiteurs ! Qu&apos;as-tu pens\u00e9 de The Magic Mushroom Gallery ? Ont-ils pu r\u00e9pondre \u00e0 tes questions ? Le recommanderais-tu \u00e0 tes amis ? Inclus tout ce que tu veux dans ton avis et sois patient car nous v\u00e9rifions tous les avis manuellement. Le tien sera publi\u00e9 bient\u00f4t !      &#8221; item_name=&#8221;Heineken Experience&#8221; item_image=&#8221;1575&#8243; item_tel=&#8221;+31 (0)20 523 9222&#8243; item_web=&#8221;https:\/\/www.heineken.com\/&#8221; item_address=&#8221;Stadhouderskade 76&#8243; item_city=&#8221;Amsterdam&#8221; item_postal_code=&#8221;1072 AE&#8221; item_country=&#8221;NLD&#8221; el_id=&#8221;1606484017463-54c18636-572d&#8221;][\/reviews][\/vc_column][\/vc_row][vc_row][vc_column][promo_block style_var=&#8221;style2&#8243; el_id=&#8221;1565013379594-e68cefa7-5151&#8243;][promo link=&#8221;url:https%3A%2F%2Fthingstodoinamsterdam.com%2Ffr%2Fcroisiere-sur-les-canaux-amsterdam%2Fcloud-boat-amsterdam-avis%2F|title:Cloud%20Boat%20%E2%80%93%20420%20Friendly%20Smoke%20Boat%20Tour%20|&#8221; text=&#8221;Profite d&apos;un moment d\u00e9tente avec une boisson lors de cette croisi\u00e8re 420 friendly sur les canaux d&apos;Amsterdam&#8221; img=&#8221;2529808&#8243;][promo link=&#8221;url:https%3A%2F%2Fthingstodoinamsterdam.com%2Ffr%2Fcroisiere-sur-les-canaux-amsterdam%2F|title:Canal%20Cruises|&#8221; text=&#8221;D\u00e9couvre les meilleures croisi\u00e8res sur les canaux d&apos;Amsterdam, y compris les croisi\u00e8res 420 friendly !&#8221; img=&#8221;4189&#8243;][promo link=&#8221;url:https%3A%2F%2Fthingstodoinamsterdam.com%2Ffr%2Fmusees-amsterdam%2Fripleys-believe-it-or-not-amsterdam%2F|title:Ripley%27s%20Believe%20It%20or%20Not%21|&#8221; text=&#8221;D\u00e9couvre certains des objets les plus \u00e9tranges du monde dans ce mus\u00e9e !&#8221; img=&#8221;2394&#8243;][\/promo_block][\/vc_column][\/vc_row]<\/p>\n<\/div>","protected":false},"excerpt":{"rendered":"<p>[vc_row][vc_column width=&#8221;2\/3&#8243;][vc_column_text]The Magic Mushroom Gallery est l&#8217;un des smartshops les plus anciens et les meilleurs de la ville, il existe depuis 1996. Les smartshops sont\u2026<\/p>\n","protected":false},"author":1,"featured_media":2539214,"parent":2026092,"menu_order":0,"comment_status":"closed","ping_status":"closed","template":"","meta":{"footnotes":""},"class_list":["post-2539221","page","type-page","status-publish","has-post-thumbnail","hentry"],"yoast_head":"<!-- This site is optimized with the Yoast SEO plugin v27.3 - https:\/\/yoast.com\/product\/yoast-seo-wordpress\/ -->\n<title>The Magic Mushroom Gallery - avis, r\u00e9ductions et plus encore !<\/title>\n<meta name=\"description\" content=\"The Magic Mushroom Gallery est un smartshop \u00e0 Amsterdam qui vend des truffes magiques, des plantes m\u00e9dicinales et des psychoactifs. Profite de notre bon de r\u00e9duction exclusif !\" \/>\n<meta name=\"robots\" content=\"index, follow, max-snippet:-1, max-image-preview:large, max-video-preview:-1\" \/>\n<link rel=\"canonical\" href=\"https:\/\/thingstodoinamsterdam.com\/fr\/smartshops-amsterdam\/the-magic-mushroom-gallery\/\" \/>\n<meta property=\"og:locale\" content=\"fr_FR\" \/>\n<meta property=\"og:type\" content=\"article\" \/>\n<meta property=\"og:title\" content=\"The Magic Mushroom Gallery - avis, r\u00e9ductions et plus encore !\" \/>\n<meta property=\"og:description\" content=\"The Magic Mushroom Gallery est un smartshop \u00e0 Amsterdam qui vend des truffes magiques, des plantes m\u00e9dicinales et des psychoactifs. Profite de notre bon de r\u00e9duction exclusif !\" \/>\n<meta property=\"og:url\" content=\"https:\/\/thingstodoinamsterdam.com\/fr\/smartshops-amsterdam\/the-magic-mushroom-gallery\/\" \/>\n<meta property=\"og:site_name\" content=\"ThingstodoinAmsterdam.com\" \/>\n<meta property=\"article:publisher\" content=\"https:\/\/www.facebook.com\/thingstodoinamsterdamcom\" \/>\n<meta property=\"article:modified_time\" content=\"2026-04-04T08:02:42+00:00\" \/>\n<meta property=\"og:image\" content=\"https:\/\/thingstodoinamsterdam.com\/wp-content\/uploads\/2026\/02\/The-Magic-Mushroom-Gallery-smartshop-Storefront-Spuistraat.jpg\" \/>\n\t<meta property=\"og:image:width\" content=\"1200\" \/>\n\t<meta property=\"og:image:height\" content=\"903\" \/>\n\t<meta property=\"og:image:type\" content=\"image\/jpeg\" \/>\n<meta name=\"twitter:card\" content=\"summary_large_image\" \/>\n<meta name=\"twitter:label1\" content=\"Est. reading time\" \/>\n\t<meta name=\"twitter:data1\" content=\"5 minutes\" \/>\n<script type=\"application\/ld+json\" class=\"yoast-schema-graph\">{\"@context\":\"https:\\\/\\\/schema.org\",\"@graph\":[{\"@type\":\"WebPage\",\"@id\":\"https:\\\/\\\/thingstodoinamsterdam.com\\\/fr\\\/smartshops-amsterdam\\\/the-magic-mushroom-gallery\\\/\",\"url\":\"https:\\\/\\\/thingstodoinamsterdam.com\\\/fr\\\/smartshops-amsterdam\\\/the-magic-mushroom-gallery\\\/\",\"name\":\"The Magic Mushroom Gallery - avis, r\u00e9ductions et plus encore !\",\"isPartOf\":{\"@id\":\"https:\\\/\\\/thingstodoinamsterdam.com\\\/fr\\\/#website\"},\"primaryImageOfPage\":{\"@id\":\"https:\\\/\\\/thingstodoinamsterdam.com\\\/fr\\\/smartshops-amsterdam\\\/the-magic-mushroom-gallery\\\/#primaryimage\"},\"image\":{\"@id\":\"https:\\\/\\\/thingstodoinamsterdam.com\\\/fr\\\/smartshops-amsterdam\\\/the-magic-mushroom-gallery\\\/#primaryimage\"},\"thumbnailUrl\":\"https:\\\/\\\/thingstodoinamsterdam.com\\\/wp-content\\\/uploads\\\/2026\\\/02\\\/The-Magic-Mushroom-Gallery-smartshop-Storefront-Spuistraat.jpg\",\"datePublished\":\"2026-04-04T08:02:38+00:00\",\"dateModified\":\"2026-04-04T08:02:42+00:00\",\"description\":\"The Magic Mushroom Gallery est un smartshop \u00e0 Amsterdam qui vend des truffes magiques, des plantes m\u00e9dicinales et des psychoactifs. Profite de notre bon de r\u00e9duction exclusif !\",\"breadcrumb\":{\"@id\":\"https:\\\/\\\/thingstodoinamsterdam.com\\\/fr\\\/smartshops-amsterdam\\\/the-magic-mushroom-gallery\\\/#breadcrumb\"},\"inLanguage\":\"fr\",\"potentialAction\":[{\"@type\":\"ReadAction\",\"target\":[\"https:\\\/\\\/thingstodoinamsterdam.com\\\/fr\\\/smartshops-amsterdam\\\/the-magic-mushroom-gallery\\\/\"]}]},{\"@type\":\"ImageObject\",\"inLanguage\":\"fr\",\"@id\":\"https:\\\/\\\/thingstodoinamsterdam.com\\\/fr\\\/smartshops-amsterdam\\\/the-magic-mushroom-gallery\\\/#primaryimage\",\"url\":\"https:\\\/\\\/thingstodoinamsterdam.com\\\/wp-content\\\/uploads\\\/2026\\\/02\\\/The-Magic-Mushroom-Gallery-smartshop-Storefront-Spuistraat.jpg\",\"contentUrl\":\"https:\\\/\\\/thingstodoinamsterdam.com\\\/wp-content\\\/uploads\\\/2026\\\/02\\\/The-Magic-Mushroom-Gallery-smartshop-Storefront-Spuistraat.jpg\",\"width\":1200,\"height\":903,\"caption\":\"Smartshop The Magic Mushroom Gallery - Devanture Spuistraat\"},{\"@type\":\"BreadcrumbList\",\"@id\":\"https:\\\/\\\/thingstodoinamsterdam.com\\\/fr\\\/smartshops-amsterdam\\\/the-magic-mushroom-gallery\\\/#breadcrumb\",\"itemListElement\":[{\"@type\":\"ListItem\",\"position\":1,\"name\":\"Visiter Amsterdam\",\"item\":\"https:\\\/\\\/thingstodoinamsterdam.com\\\/fr\\\/\"},{\"@type\":\"ListItem\",\"position\":2,\"name\":\"Smartshops \u00e0 Amsterdam\",\"item\":\"https:\\\/\\\/thingstodoinamsterdam.com\\\/fr\\\/smartshops-amsterdam\\\/\"},{\"@type\":\"ListItem\",\"position\":3,\"name\":\"The Magic Mushroom Gallery\"}]},{\"@type\":\"WebSite\",\"@id\":\"https:\\\/\\\/thingstodoinamsterdam.com\\\/fr\\\/#website\",\"url\":\"https:\\\/\\\/thingstodoinamsterdam.com\\\/fr\\\/\",\"name\":\"ThingstodoinAmsterdam.com\",\"description\":\"Amsterdam&#039;s highlights and hidden secrets\",\"publisher\":{\"@id\":\"https:\\\/\\\/thingstodoinamsterdam.com\\\/fr\\\/#organization\"},\"potentialAction\":[{\"@type\":\"SearchAction\",\"target\":{\"@type\":\"EntryPoint\",\"urlTemplate\":\"https:\\\/\\\/thingstodoinamsterdam.com\\\/fr\\\/?s={search_term_string}\"},\"query-input\":{\"@type\":\"PropertyValueSpecification\",\"valueRequired\":true,\"valueName\":\"search_term_string\"}}],\"inLanguage\":\"fr\"},{\"@type\":\"Organization\",\"@id\":\"https:\\\/\\\/thingstodoinamsterdam.com\\\/fr\\\/#organization\",\"name\":\"Visiter Amsterdam\",\"url\":\"https:\\\/\\\/thingstodoinamsterdam.com\\\/fr\\\/\",\"logo\":{\"@type\":\"ImageObject\",\"inLanguage\":\"fr\",\"@id\":\"https:\\\/\\\/thingstodoinamsterdam.com\\\/fr\\\/#\\\/schema\\\/logo\\\/image\\\/\",\"url\":\"https:\\\/\\\/thingstodoinamsterdam.com\\\/wp-content\\\/uploads\\\/2025\\\/02\\\/ThingsToDoInAmsterdam-Favicon-logo.png\",\"contentUrl\":\"https:\\\/\\\/thingstodoinamsterdam.com\\\/wp-content\\\/uploads\\\/2025\\\/02\\\/ThingsToDoInAmsterdam-Favicon-logo.png\",\"width\":512,\"height\":512,\"caption\":\"Visiter Amsterdam\"},\"image\":{\"@id\":\"https:\\\/\\\/thingstodoinamsterdam.com\\\/fr\\\/#\\\/schema\\\/logo\\\/image\\\/\"},\"sameAs\":[\"https:\\\/\\\/www.facebook.com\\\/thingstodoinamsterdamcom\"]}]}<\/script>\n<!-- \/ Yoast SEO plugin. -->","yoast_head_json":{"title":"The Magic Mushroom Gallery - avis, r\u00e9ductions et plus encore !","description":"The Magic Mushroom Gallery est un smartshop \u00e0 Amsterdam qui vend des truffes magiques, des plantes m\u00e9dicinales et des psychoactifs. Profite de notre bon de r\u00e9duction exclusif !","robots":{"index":"index","follow":"follow","max-snippet":"max-snippet:-1","max-image-preview":"max-image-preview:large","max-video-preview":"max-video-preview:-1"},"canonical":"https:\/\/thingstodoinamsterdam.com\/fr\/smartshops-amsterdam\/the-magic-mushroom-gallery\/","og_locale":"fr_FR","og_type":"article","og_title":"The Magic Mushroom Gallery - avis, r\u00e9ductions et plus encore !","og_description":"The Magic Mushroom Gallery est un smartshop \u00e0 Amsterdam qui vend des truffes magiques, des plantes m\u00e9dicinales et des psychoactifs. Profite de notre bon de r\u00e9duction exclusif !","og_url":"https:\/\/thingstodoinamsterdam.com\/fr\/smartshops-amsterdam\/the-magic-mushroom-gallery\/","og_site_name":"ThingstodoinAmsterdam.com","article_publisher":"https:\/\/www.facebook.com\/thingstodoinamsterdamcom","article_modified_time":"2026-04-04T08:02:42+00:00","og_image":[{"width":1200,"height":903,"url":"https:\/\/thingstodoinamsterdam.com\/wp-content\/uploads\/2026\/02\/The-Magic-Mushroom-Gallery-smartshop-Storefront-Spuistraat.jpg","type":"image\/jpeg"}],"twitter_card":"summary_large_image","twitter_misc":{"Est. reading time":"5 minutes"},"schema":{"@context":"https:\/\/schema.org","@graph":[{"@type":"WebPage","@id":"https:\/\/thingstodoinamsterdam.com\/fr\/smartshops-amsterdam\/the-magic-mushroom-gallery\/","url":"https:\/\/thingstodoinamsterdam.com\/fr\/smartshops-amsterdam\/the-magic-mushroom-gallery\/","name":"The Magic Mushroom Gallery - avis, r\u00e9ductions et plus encore !","isPartOf":{"@id":"https:\/\/thingstodoinamsterdam.com\/fr\/#website"},"primaryImageOfPage":{"@id":"https:\/\/thingstodoinamsterdam.com\/fr\/smartshops-amsterdam\/the-magic-mushroom-gallery\/#primaryimage"},"image":{"@id":"https:\/\/thingstodoinamsterdam.com\/fr\/smartshops-amsterdam\/the-magic-mushroom-gallery\/#primaryimage"},"thumbnailUrl":"https:\/\/thingstodoinamsterdam.com\/wp-content\/uploads\/2026\/02\/The-Magic-Mushroom-Gallery-smartshop-Storefront-Spuistraat.jpg","datePublished":"2026-04-04T08:02:38+00:00","dateModified":"2026-04-04T08:02:42+00:00","description":"The Magic Mushroom Gallery est un smartshop \u00e0 Amsterdam qui vend des truffes magiques, des plantes m\u00e9dicinales et des psychoactifs. Profite de notre bon de r\u00e9duction exclusif !","breadcrumb":{"@id":"https:\/\/thingstodoinamsterdam.com\/fr\/smartshops-amsterdam\/the-magic-mushroom-gallery\/#breadcrumb"},"inLanguage":"fr","potentialAction":[{"@type":"ReadAction","target":["https:\/\/thingstodoinamsterdam.com\/fr\/smartshops-amsterdam\/the-magic-mushroom-gallery\/"]}]},{"@type":"ImageObject","inLanguage":"fr","@id":"https:\/\/thingstodoinamsterdam.com\/fr\/smartshops-amsterdam\/the-magic-mushroom-gallery\/#primaryimage","url":"https:\/\/thingstodoinamsterdam.com\/wp-content\/uploads\/2026\/02\/The-Magic-Mushroom-Gallery-smartshop-Storefront-Spuistraat.jpg","contentUrl":"https:\/\/thingstodoinamsterdam.com\/wp-content\/uploads\/2026\/02\/The-Magic-Mushroom-Gallery-smartshop-Storefront-Spuistraat.jpg","width":1200,"height":903,"caption":"Smartshop The Magic Mushroom Gallery - Devanture Spuistraat"},{"@type":"BreadcrumbList","@id":"https:\/\/thingstodoinamsterdam.com\/fr\/smartshops-amsterdam\/the-magic-mushroom-gallery\/#breadcrumb","itemListElement":[{"@type":"ListItem","position":1,"name":"Visiter Amsterdam","item":"https:\/\/thingstodoinamsterdam.com\/fr\/"},{"@type":"ListItem","position":2,"name":"Smartshops \u00e0 Amsterdam","item":"https:\/\/thingstodoinamsterdam.com\/fr\/smartshops-amsterdam\/"},{"@type":"ListItem","position":3,"name":"The Magic Mushroom Gallery"}]},{"@type":"WebSite","@id":"https:\/\/thingstodoinamsterdam.com\/fr\/#website","url":"https:\/\/thingstodoinamsterdam.com\/fr\/","name":"ThingstodoinAmsterdam.com","description":"Amsterdam&#039;s highlights and hidden secrets","publisher":{"@id":"https:\/\/thingstodoinamsterdam.com\/fr\/#organization"},"potentialAction":[{"@type":"SearchAction","target":{"@type":"EntryPoint","urlTemplate":"https:\/\/thingstodoinamsterdam.com\/fr\/?s={search_term_string}"},"query-input":{"@type":"PropertyValueSpecification","valueRequired":true,"valueName":"search_term_string"}}],"inLanguage":"fr"},{"@type":"Organization","@id":"https:\/\/thingstodoinamsterdam.com\/fr\/#organization","name":"Visiter Amsterdam","url":"https:\/\/thingstodoinamsterdam.com\/fr\/","logo":{"@type":"ImageObject","inLanguage":"fr","@id":"https:\/\/thingstodoinamsterdam.com\/fr\/#\/schema\/logo\/image\/","url":"https:\/\/thingstodoinamsterdam.com\/wp-content\/uploads\/2025\/02\/ThingsToDoInAmsterdam-Favicon-logo.png","contentUrl":"https:\/\/thingstodoinamsterdam.com\/wp-content\/uploads\/2025\/02\/ThingsToDoInAmsterdam-Favicon-logo.png","width":512,"height":512,"caption":"Visiter Amsterdam"},"image":{"@id":"https:\/\/thingstodoinamsterdam.com\/fr\/#\/schema\/logo\/image\/"},"sameAs":["https:\/\/www.facebook.com\/thingstodoinamsterdamcom"]}]}},"_links":{"self":[{"href":"https:\/\/thingstodoinamsterdam.com\/fr\/wp-json\/wp\/v2\/pages\/2539221","targetHints":{"allow":["GET"]}}],"collection":[{"href":"https:\/\/thingstodoinamsterdam.com\/fr\/wp-json\/wp\/v2\/pages"}],"about":[{"href":"https:\/\/thingstodoinamsterdam.com\/fr\/wp-json\/wp\/v2\/types\/page"}],"author":[{"embeddable":true,"href":"https:\/\/thingstodoinamsterdam.com\/fr\/wp-json\/wp\/v2\/users\/1"}],"replies":[{"embeddable":true,"href":"https:\/\/thingstodoinamsterdam.com\/fr\/wp-json\/wp\/v2\/comments?post=2539221"}],"version-history":[{"count":5,"href":"https:\/\/thingstodoinamsterdam.com\/fr\/wp-json\/wp\/v2\/pages\/2539221\/revisions"}],"predecessor-version":[{"id":2539228,"href":"https:\/\/thingstodoinamsterdam.com\/fr\/wp-json\/wp\/v2\/pages\/2539221\/revisions\/2539228"}],"up":[{"embeddable":true,"href":"https:\/\/thingstodoinamsterdam.com\/fr\/wp-json\/wp\/v2\/pages\/2026092"}],"wp:featuredmedia":[{"embeddable":true,"href":"https:\/\/thingstodoinamsterdam.com\/fr\/wp-json\/wp\/v2\/media\/2539214"}],"wp:attachment":[{"href":"https:\/\/thingstodoinamsterdam.com\/fr\/wp-json\/wp\/v2\/media?parent=2539221"}],"curies":[{"name":"wp","href":"https:\/\/api.w.org\/{rel}","templated":true}]}}