{"id":258,"date":"2019-05-14T15:04:32","date_gmt":"2019-05-14T15:04:32","guid":{"rendered":"https:\/\/thingstodoinamsterdam.com\/?page_id=258"},"modified":"2024-05-31T11:26:23","modified_gmt":"2024-05-31T09:26:23","slug":"restaurants-etoiles-du-guide-michelin-a-amsterdam","status":"publish","type":"page","link":"https:\/\/thingstodoinamsterdam.com\/fr\/restaurants-a-amsterdam\/restaurants-etoiles-du-guide-michelin-a-amsterdam\/","title":{"rendered":"Restaurants \u00e9toil\u00e9s Michelin \u00e0 Amsterdam"},"content":{"rendered":"<div class=\"wpb-content-wrapper\"><p>[vc_row][vc_column][vc_column_text]Tu es partant pour un d\u00eener exclusif dans l&#8217;un des restaurants \u00e9toil\u00e9s Michelin d&#8217;Amsterdam ? Ces restaurants offrent la plus haute qualit\u00e9, et satisferont tous tes besoins au-del\u00e0 de tes esp\u00e9rances. <a href=\"https:\/\/thingstodoinamsterdam.com\/fr\/\">thingstodoinamsterdam.com<\/a> a rassembl\u00e9 pour toi les meilleurs restaurants \u00e9toil\u00e9s d&#8217;Amsterdam.<\/p><div id=\"ez-toc-container\" class=\"ez-toc-v2_0_82_2 counter-hierarchy ez-toc-counter ez-toc-custom ez-toc-container-direction\">\n<div class=\"ez-toc-title-container\">\n<span class=\"ez-toc-title-toggle\"><a href=\"#\" class=\"ez-toc-pull-right ez-toc-btn ez-toc-btn-xs ez-toc-btn-default ez-toc-toggle\" aria-label=\"Toggle Table of Content\"><span class=\"ez-toc-js-icon-con\"><span class=\"\"><span class=\"eztoc-hide\" style=\"display:none;\">Toggle<\/span><span class=\"ez-toc-icon-toggle-span\"><svg style=\"fill: #999;color:#999\" xmlns=\"http:\/\/www.w3.org\/2000\/svg\" class=\"list-377408\" width=\"20px\" height=\"20px\" viewBox=\"0 0 24 24\" fill=\"none\"><path d=\"M6 6H4v2h2V6zm14 0H8v2h12V6zM4 11h2v2H4v-2zm16 0H8v2h12v-2zM4 16h2v2H4v-2zm16 0H8v2h12v-2z\" fill=\"currentColor\"><\/path><\/svg><svg style=\"fill: #999;color:#999\" class=\"arrow-unsorted-368013\" xmlns=\"http:\/\/www.w3.org\/2000\/svg\" width=\"10px\" height=\"10px\" viewBox=\"0 0 24 24\" version=\"1.2\" baseProfile=\"tiny\"><path d=\"M18.2 9.3l-6.2-6.3-6.2 6.3c-.2.2-.3.4-.3.7s.1.5.3.7c.2.2.4.3.7.3h11c.3 0 .5-.1.7-.3.2-.2.3-.5.3-.7s-.1-.5-.3-.7zM5.8 14.7l6.2 6.3 6.2-6.3c.2-.2.3-.5.3-.7s-.1-.5-.3-.7c-.2-.2-.4-.3-.7-.3h-11c-.3 0-.5.1-.7.3-.2.2-.3.5-.3.7s.1.5.3.7z\"\/><\/svg><\/span><\/span><\/span><\/a><\/span><\/div>\n<nav><ul class='ez-toc-list ez-toc-list-level-1 ' ><li class='ez-toc-page-1 ez-toc-heading-level-2'><a class=\"ez-toc-link ez-toc-heading-1\" href=\"https:\/\/thingstodoinamsterdam.com\/fr\/restaurants-a-amsterdam\/restaurants-etoiles-du-guide-michelin-a-amsterdam\/#restaurants-etoiles\" >Restaurants \u00e9toil\u00e9s<\/a><\/li><li class='ez-toc-page-1 ez-toc-heading-level-2'><a class=\"ez-toc-link ez-toc-heading-2\" href=\"https:\/\/thingstodoinamsterdam.com\/fr\/restaurants-a-amsterdam\/restaurants-etoiles-du-guide-michelin-a-amsterdam\/#conseille-un-restaurant-etoile-a-amsterdam\" >Conseille un restaurant \u00e9toil\u00e9 \u00e0 Amsterdam<\/a><\/li><\/ul><\/nav><\/div>\n\n<p><strong>Remarque : <\/strong>dans notre s\u00e9lection, nous avons tenu compte du fait que tout le monde n&#8217;a pas le m\u00eame budget. Tu trouveras donc dans notre s\u00e9lection les restaurants \u00e9toil\u00e9s Michelin dans toutes les gammes de prix. Comme nous l&#8217;avons d\u00e9couvert, il y a aussi des restaurants relativement moins chers qui proposent des repas d&#8217;une qualit\u00e9 extraordinaire pour environ 38 \u20ac. Cela dit, il se peut que tu cherches la meilleure exp\u00e9rience des \u00e9toiles Michelin, c&#8217;est pourquoi nous avons \u00e9galement s\u00e9lectionn\u00e9 des restaurants dans une cat\u00e9gorie de prix plus \u00e9lev\u00e9e.[\/vc_column_text][\/vc_column][\/vc_row][vc_row][vc_column][promo_block style_var=&#8221;style2&#8243; el_id=&#8221;1565782854314-1199ed8e-bb9b&#8221;][promo link=&#8221;|title:Sinne*||&#8221; price=&#8221;\u20ac&#8221; address=&#8221;Q2VudHV1cmJhYW4lMjAzNDIlMkMlMjAxMDcyJTIwR1A=&#8221; text=&#8221;Cet endroit est excellent pour un repas bon march\u00e9 ; des tranches de pizza italienne authentique extraordinairement bonnes.&#8221; img=&#8221;3124&#8243;][promo link=&#8221;|title:Librije%E2%80%99s%20zusje**||&#8221; price=&#8221;\u20ac\u20ac&#8221; address=&#8221;SGVyZW5ncmFjaHQlMjA1NDIlMkMlMjAxMDE3JTIwQlI=&#8221; text=&#8221;La sp\u00e9cialit\u00e9 de Librije&#8217;s zusje sont les plats r\u00e9gionaux et les meilleurs produits locaux qui sont combin\u00e9s avec les techniques de cuisine les plus r\u00e9centes et les cuisines internationales.&#8221; img=&#8221;3120&#8243;][promo link=&#8221;|title:Ciel%20Bleu**||&#8221; price=&#8221;\u20ac\u20ac\u20ac&#8221; address=&#8221;RmVyZGluYW5kJTIwQm9sc3RyYWF0JTIwMzMzJTJDJTIwMTA3MiUyMExI&#8221; text=&#8221;Ciel bleu est situ\u00e9 au 23\u00e8me \u00e9tage du c\u00e9l\u00e8bre h\u00f4tel Okura. Leur sp\u00e9cialit\u00e9 sont les plats de saison, c&#8217;est pourquoi le menu change 4 fois par an.&#8221; img=&#8221;3118&#8243;][\/promo_block][\/vc_column][\/vc_row][vc_row][vc_column][vc_column_text]<\/p>\n<h2><span class=\"ez-toc-section\" id=\"restaurants-etoiles\"><\/span>Restaurants \u00e9toil\u00e9s<span class=\"ez-toc-section-end\"><\/span><\/h2>\n<p>Comme tu le sais, les restaurants \u00e9toil\u00e9s sont r\u00e9put\u00e9s pour la qualit\u00e9 de leur nourriture, y compris la pr\u00e9sentation, le service et l&#8217;hospitalit\u00e9, les nombreux cours et le d\u00e9cor luxueux. De plus, avoir d&#8217;excellentes critiques et passer par l&#8217;examen d&#8217;un inspecteur officiel des \u00e9toiles Michelin sont tous obligatoires pour obtenir ce titre. Il y a beaucoup plus d&#8217;aspects qui seront examin\u00e9s, par exemple il est obligatoire d&#8217;avoir une exp\u00e9rience professionnelle dans l&#8217;h\u00f4tellerie ou la restauration, etc. En d&#8217;autres termes, ton CV doit avoir le bon &#8220;profil \u00e9toil\u00e9&#8221;. Un autre fait int\u00e9ressant est que tu ne trouveras des restaurants \u00e9toil\u00e9s que dans les lieux dits couverts par le guide Michelin. En d&#8217;autres termes, si ton restaurant n&#8217;est pas situ\u00e9 dans ces zones, il ne pourra pas obtenir d&#8217;\u00e9toiles Michelin. \u00c0 Amsterdam, le plus grand nombre d&#8217;\u00e9toiles Michelin est de 2 \u00e9toiles !<\/p>\n<p>En r\u00e9sum\u00e9 : les restrictions pour obtenir un restaurant \u00e9toil\u00e9 sont tr\u00e8s strictes. Cela signifie que tu peux avoir de grandes attentes, lorsque tu pr\u00e9vois de visiter l&#8217;un de ces restaurants \u00e9toil\u00e9s Michelin \u00e0 Amsterdam. Cela vaut vraiment la peine de cliquer sur chaque restaurant pour affiner tes attentes.<\/p>\n<h2><span class=\"ez-toc-section\" id=\"conseille-un-restaurant-etoile-a-amsterdam\"><\/span>Conseille un restaurant \u00e9toil\u00e9 \u00e0 Amsterdam<span class=\"ez-toc-section-end\"><\/span><\/h2>\n<p>As-tu trouv\u00e9 un restaurant \u00e9toil\u00e9 qui manque encore \u00e0 l&#8217;aper\u00e7u ? Nous te serions tr\u00e8s reconnaissants de nous <a href=\"https:\/\/thingstodoinamsterdam.com\/fr\/a-propos\/\">contacter<\/a>! Nous prenons tes commentaires au s\u00e9rieux et nous aimons toujours entendre les r\u00e9actions de nos visiteurs. Cela signifie que voir ton restaurant \u00e9toil\u00e9 pr\u00e9f\u00e9r\u00e9 d&#8217;Amsterdam sur cette page n&#8217;est qu&#8217;\u00e0 un clic de distance !<\/p>\n<p>Jette aussi un coup d&#8217;\u0153il aux autres <a href=\"https:\/\/thingstodoinamsterdam.com\/fr\/restaurants-a-amsterdam\/\">restaurants d&#8217;Amsterdam<\/a>[\/vc_column_text][\/vc_column][\/vc_row]<\/p>\n<\/div>","protected":false},"excerpt":{"rendered":"<p>[vc_row][vc_column][vc_column_text]Tu es partant pour un d\u00eener exclusif dans l&#8217;un des restaurants \u00e9toil\u00e9s Michelin d&#8217;Amsterdam ? Ces restaurants offrent la plus haute qualit\u00e9, et satisferont tous\u2026<\/p>\n","protected":false},"author":1,"featured_media":3123,"parent":259,"menu_order":0,"comment_status":"closed","ping_status":"closed","template":"","meta":{"footnotes":""},"class_list":["post-258","page","type-page","status-publish","has-post-thumbnail","hentry"],"yoast_head":"<!-- This site is optimized with the Yoast SEO plugin v27.4 - https:\/\/yoast.com\/product\/yoast-seo-wordpress\/ -->\n<title>Restaurants \u00e9toil\u00e9s Michelin Amsterdam - thingstodoinamsterdam.com<\/title>\n<meta name=\"description\" content=\"Tu cherches une exp\u00e9rience culinaire unique \u00e0 Amsterdam ? Cette page te fournit toutes les informations sur les restaurants \u00e9toil\u00e9s d&#039;Amsterdam.\" \/>\n<meta name=\"robots\" content=\"index, follow, max-snippet:-1, max-image-preview:large, max-video-preview:-1\" \/>\n<link rel=\"canonical\" href=\"https:\/\/thingstodoinamsterdam.com\/fr\/restaurants-a-amsterdam\/restaurants-etoiles-du-guide-michelin-a-amsterdam\/\" \/>\n<meta property=\"og:locale\" content=\"fr_FR\" \/>\n<meta property=\"og:type\" content=\"article\" \/>\n<meta property=\"og:title\" content=\"Restaurants \u00e9toil\u00e9s Michelin Amsterdam - thingstodoinamsterdam.com\" \/>\n<meta property=\"og:description\" content=\"Tu cherches une exp\u00e9rience culinaire unique \u00e0 Amsterdam ? Cette page te fournit toutes les informations sur les restaurants \u00e9toil\u00e9s d&#039;Amsterdam.\" \/>\n<meta property=\"og:url\" content=\"https:\/\/thingstodoinamsterdam.com\/fr\/restaurants-a-amsterdam\/restaurants-etoiles-du-guide-michelin-a-amsterdam\/\" \/>\n<meta property=\"og:site_name\" content=\"ThingstodoinAmsterdam.com\" \/>\n<meta property=\"article:publisher\" content=\"https:\/\/www.facebook.com\/thingstodoinamsterdamcom\" \/>\n<meta property=\"article:modified_time\" content=\"2024-05-31T09:26:23+00:00\" \/>\n<meta property=\"og:image\" content=\"https:\/\/thingstodoinamsterdam.com\/wp-content\/uploads\/2019\/08\/michelin-star-restaurants.jpg\" \/>\n\t<meta property=\"og:image:width\" content=\"640\" \/>\n\t<meta property=\"og:image:height\" content=\"427\" \/>\n\t<meta property=\"og:image:type\" content=\"image\/jpeg\" \/>\n<meta name=\"twitter:card\" content=\"summary_large_image\" \/>\n<meta name=\"twitter:label1\" content=\"Est. reading time\" \/>\n\t<meta name=\"twitter:data1\" content=\"3 minutes\" \/>\n<script type=\"application\/ld+json\" class=\"yoast-schema-graph\">{\"@context\":\"https:\\\/\\\/schema.org\",\"@graph\":[{\"@type\":\"WebPage\",\"@id\":\"https:\\\/\\\/thingstodoinamsterdam.com\\\/fr\\\/restaurants-a-amsterdam\\\/restaurants-etoiles-du-guide-michelin-a-amsterdam\\\/\",\"url\":\"https:\\\/\\\/thingstodoinamsterdam.com\\\/fr\\\/restaurants-a-amsterdam\\\/restaurants-etoiles-du-guide-michelin-a-amsterdam\\\/\",\"name\":\"Restaurants \u00e9toil\u00e9s Michelin Amsterdam - thingstodoinamsterdam.com\",\"isPartOf\":{\"@id\":\"https:\\\/\\\/thingstodoinamsterdam.com\\\/fr\\\/#website\"},\"primaryImageOfPage\":{\"@id\":\"https:\\\/\\\/thingstodoinamsterdam.com\\\/fr\\\/restaurants-a-amsterdam\\\/restaurants-etoiles-du-guide-michelin-a-amsterdam\\\/#primaryimage\"},\"image\":{\"@id\":\"https:\\\/\\\/thingstodoinamsterdam.com\\\/fr\\\/restaurants-a-amsterdam\\\/restaurants-etoiles-du-guide-michelin-a-amsterdam\\\/#primaryimage\"},\"thumbnailUrl\":\"https:\\\/\\\/thingstodoinamsterdam.com\\\/wp-content\\\/uploads\\\/2019\\\/08\\\/michelin-star-restaurants.jpg\",\"datePublished\":\"2019-05-14T15:04:32+00:00\",\"dateModified\":\"2024-05-31T09:26:23+00:00\",\"description\":\"Tu cherches une exp\u00e9rience culinaire unique \u00e0 Amsterdam ? Cette page te fournit toutes les informations sur les restaurants \u00e9toil\u00e9s d'Amsterdam.\",\"breadcrumb\":{\"@id\":\"https:\\\/\\\/thingstodoinamsterdam.com\\\/fr\\\/restaurants-a-amsterdam\\\/restaurants-etoiles-du-guide-michelin-a-amsterdam\\\/#breadcrumb\"},\"inLanguage\":\"fr\",\"potentialAction\":[{\"@type\":\"ReadAction\",\"target\":[\"https:\\\/\\\/thingstodoinamsterdam.com\\\/fr\\\/restaurants-a-amsterdam\\\/restaurants-etoiles-du-guide-michelin-a-amsterdam\\\/\"]}]},{\"@type\":\"ImageObject\",\"inLanguage\":\"fr\",\"@id\":\"https:\\\/\\\/thingstodoinamsterdam.com\\\/fr\\\/restaurants-a-amsterdam\\\/restaurants-etoiles-du-guide-michelin-a-amsterdam\\\/#primaryimage\",\"url\":\"https:\\\/\\\/thingstodoinamsterdam.com\\\/wp-content\\\/uploads\\\/2019\\\/08\\\/michelin-star-restaurants.jpg\",\"contentUrl\":\"https:\\\/\\\/thingstodoinamsterdam.com\\\/wp-content\\\/uploads\\\/2019\\\/08\\\/michelin-star-restaurants.jpg\",\"width\":640,\"height\":427,\"caption\":\"michelin star restaurants\"},{\"@type\":\"BreadcrumbList\",\"@id\":\"https:\\\/\\\/thingstodoinamsterdam.com\\\/fr\\\/restaurants-a-amsterdam\\\/restaurants-etoiles-du-guide-michelin-a-amsterdam\\\/#breadcrumb\",\"itemListElement\":[{\"@type\":\"ListItem\",\"position\":1,\"name\":\"Visiter Amsterdam\",\"item\":\"https:\\\/\\\/thingstodoinamsterdam.com\\\/fr\\\/\"},{\"@type\":\"ListItem\",\"position\":2,\"name\":\"Restaurants Amsterdam\",\"item\":\"https:\\\/\\\/thingstodoinamsterdam.com\\\/fr\\\/restaurants-a-amsterdam\\\/\"},{\"@type\":\"ListItem\",\"position\":3,\"name\":\"Restaurants \u00e9toil\u00e9s Michelin \u00e0 Amsterdam\"}]},{\"@type\":\"WebSite\",\"@id\":\"https:\\\/\\\/thingstodoinamsterdam.com\\\/fr\\\/#website\",\"url\":\"https:\\\/\\\/thingstodoinamsterdam.com\\\/fr\\\/\",\"name\":\"ThingstodoinAmsterdam.com\",\"description\":\"Amsterdam&#039;s highlights and hidden secrets\",\"publisher\":{\"@id\":\"https:\\\/\\\/thingstodoinamsterdam.com\\\/fr\\\/#organization\"},\"potentialAction\":[{\"@type\":\"SearchAction\",\"target\":{\"@type\":\"EntryPoint\",\"urlTemplate\":\"https:\\\/\\\/thingstodoinamsterdam.com\\\/fr\\\/?s={search_term_string}\"},\"query-input\":{\"@type\":\"PropertyValueSpecification\",\"valueRequired\":true,\"valueName\":\"search_term_string\"}}],\"inLanguage\":\"fr\"},{\"@type\":\"Organization\",\"@id\":\"https:\\\/\\\/thingstodoinamsterdam.com\\\/fr\\\/#organization\",\"name\":\"Visiter Amsterdam\",\"url\":\"https:\\\/\\\/thingstodoinamsterdam.com\\\/fr\\\/\",\"logo\":{\"@type\":\"ImageObject\",\"inLanguage\":\"fr\",\"@id\":\"https:\\\/\\\/thingstodoinamsterdam.com\\\/fr\\\/#\\\/schema\\\/logo\\\/image\\\/\",\"url\":\"https:\\\/\\\/thingstodoinamsterdam.com\\\/wp-content\\\/uploads\\\/2025\\\/02\\\/ThingsToDoInAmsterdam-Favicon-logo.png\",\"contentUrl\":\"https:\\\/\\\/thingstodoinamsterdam.com\\\/wp-content\\\/uploads\\\/2025\\\/02\\\/ThingsToDoInAmsterdam-Favicon-logo.png\",\"width\":512,\"height\":512,\"caption\":\"Visiter Amsterdam\"},\"image\":{\"@id\":\"https:\\\/\\\/thingstodoinamsterdam.com\\\/fr\\\/#\\\/schema\\\/logo\\\/image\\\/\"},\"sameAs\":[\"https:\\\/\\\/www.facebook.com\\\/thingstodoinamsterdamcom\"]}]}<\/script>\n<!-- \/ Yoast SEO plugin. -->","yoast_head_json":{"title":"Restaurants \u00e9toil\u00e9s Michelin Amsterdam - thingstodoinamsterdam.com","description":"Tu cherches une exp\u00e9rience culinaire unique \u00e0 Amsterdam ? Cette page te fournit toutes les informations sur les restaurants \u00e9toil\u00e9s d'Amsterdam.","robots":{"index":"index","follow":"follow","max-snippet":"max-snippet:-1","max-image-preview":"max-image-preview:large","max-video-preview":"max-video-preview:-1"},"canonical":"https:\/\/thingstodoinamsterdam.com\/fr\/restaurants-a-amsterdam\/restaurants-etoiles-du-guide-michelin-a-amsterdam\/","og_locale":"fr_FR","og_type":"article","og_title":"Restaurants \u00e9toil\u00e9s Michelin Amsterdam - thingstodoinamsterdam.com","og_description":"Tu cherches une exp\u00e9rience culinaire unique \u00e0 Amsterdam ? Cette page te fournit toutes les informations sur les restaurants \u00e9toil\u00e9s d'Amsterdam.","og_url":"https:\/\/thingstodoinamsterdam.com\/fr\/restaurants-a-amsterdam\/restaurants-etoiles-du-guide-michelin-a-amsterdam\/","og_site_name":"ThingstodoinAmsterdam.com","article_publisher":"https:\/\/www.facebook.com\/thingstodoinamsterdamcom","article_modified_time":"2024-05-31T09:26:23+00:00","og_image":[{"width":640,"height":427,"url":"https:\/\/thingstodoinamsterdam.com\/wp-content\/uploads\/2019\/08\/michelin-star-restaurants.jpg","type":"image\/jpeg"}],"twitter_card":"summary_large_image","twitter_misc":{"Est. reading time":"3 minutes"},"schema":{"@context":"https:\/\/schema.org","@graph":[{"@type":"WebPage","@id":"https:\/\/thingstodoinamsterdam.com\/fr\/restaurants-a-amsterdam\/restaurants-etoiles-du-guide-michelin-a-amsterdam\/","url":"https:\/\/thingstodoinamsterdam.com\/fr\/restaurants-a-amsterdam\/restaurants-etoiles-du-guide-michelin-a-amsterdam\/","name":"Restaurants \u00e9toil\u00e9s Michelin Amsterdam - thingstodoinamsterdam.com","isPartOf":{"@id":"https:\/\/thingstodoinamsterdam.com\/fr\/#website"},"primaryImageOfPage":{"@id":"https:\/\/thingstodoinamsterdam.com\/fr\/restaurants-a-amsterdam\/restaurants-etoiles-du-guide-michelin-a-amsterdam\/#primaryimage"},"image":{"@id":"https:\/\/thingstodoinamsterdam.com\/fr\/restaurants-a-amsterdam\/restaurants-etoiles-du-guide-michelin-a-amsterdam\/#primaryimage"},"thumbnailUrl":"https:\/\/thingstodoinamsterdam.com\/wp-content\/uploads\/2019\/08\/michelin-star-restaurants.jpg","datePublished":"2019-05-14T15:04:32+00:00","dateModified":"2024-05-31T09:26:23+00:00","description":"Tu cherches une exp\u00e9rience culinaire unique \u00e0 Amsterdam ? Cette page te fournit toutes les informations sur les restaurants \u00e9toil\u00e9s d'Amsterdam.","breadcrumb":{"@id":"https:\/\/thingstodoinamsterdam.com\/fr\/restaurants-a-amsterdam\/restaurants-etoiles-du-guide-michelin-a-amsterdam\/#breadcrumb"},"inLanguage":"fr","potentialAction":[{"@type":"ReadAction","target":["https:\/\/thingstodoinamsterdam.com\/fr\/restaurants-a-amsterdam\/restaurants-etoiles-du-guide-michelin-a-amsterdam\/"]}]},{"@type":"ImageObject","inLanguage":"fr","@id":"https:\/\/thingstodoinamsterdam.com\/fr\/restaurants-a-amsterdam\/restaurants-etoiles-du-guide-michelin-a-amsterdam\/#primaryimage","url":"https:\/\/thingstodoinamsterdam.com\/wp-content\/uploads\/2019\/08\/michelin-star-restaurants.jpg","contentUrl":"https:\/\/thingstodoinamsterdam.com\/wp-content\/uploads\/2019\/08\/michelin-star-restaurants.jpg","width":640,"height":427,"caption":"michelin star restaurants"},{"@type":"BreadcrumbList","@id":"https:\/\/thingstodoinamsterdam.com\/fr\/restaurants-a-amsterdam\/restaurants-etoiles-du-guide-michelin-a-amsterdam\/#breadcrumb","itemListElement":[{"@type":"ListItem","position":1,"name":"Visiter Amsterdam","item":"https:\/\/thingstodoinamsterdam.com\/fr\/"},{"@type":"ListItem","position":2,"name":"Restaurants Amsterdam","item":"https:\/\/thingstodoinamsterdam.com\/fr\/restaurants-a-amsterdam\/"},{"@type":"ListItem","position":3,"name":"Restaurants \u00e9toil\u00e9s Michelin \u00e0 Amsterdam"}]},{"@type":"WebSite","@id":"https:\/\/thingstodoinamsterdam.com\/fr\/#website","url":"https:\/\/thingstodoinamsterdam.com\/fr\/","name":"ThingstodoinAmsterdam.com","description":"Amsterdam&#039;s highlights and hidden secrets","publisher":{"@id":"https:\/\/thingstodoinamsterdam.com\/fr\/#organization"},"potentialAction":[{"@type":"SearchAction","target":{"@type":"EntryPoint","urlTemplate":"https:\/\/thingstodoinamsterdam.com\/fr\/?s={search_term_string}"},"query-input":{"@type":"PropertyValueSpecification","valueRequired":true,"valueName":"search_term_string"}}],"inLanguage":"fr"},{"@type":"Organization","@id":"https:\/\/thingstodoinamsterdam.com\/fr\/#organization","name":"Visiter Amsterdam","url":"https:\/\/thingstodoinamsterdam.com\/fr\/","logo":{"@type":"ImageObject","inLanguage":"fr","@id":"https:\/\/thingstodoinamsterdam.com\/fr\/#\/schema\/logo\/image\/","url":"https:\/\/thingstodoinamsterdam.com\/wp-content\/uploads\/2025\/02\/ThingsToDoInAmsterdam-Favicon-logo.png","contentUrl":"https:\/\/thingstodoinamsterdam.com\/wp-content\/uploads\/2025\/02\/ThingsToDoInAmsterdam-Favicon-logo.png","width":512,"height":512,"caption":"Visiter Amsterdam"},"image":{"@id":"https:\/\/thingstodoinamsterdam.com\/fr\/#\/schema\/logo\/image\/"},"sameAs":["https:\/\/www.facebook.com\/thingstodoinamsterdamcom"]}]}},"_links":{"self":[{"href":"https:\/\/thingstodoinamsterdam.com\/fr\/wp-json\/wp\/v2\/pages\/258","targetHints":{"allow":["GET"]}}],"collection":[{"href":"https:\/\/thingstodoinamsterdam.com\/fr\/wp-json\/wp\/v2\/pages"}],"about":[{"href":"https:\/\/thingstodoinamsterdam.com\/fr\/wp-json\/wp\/v2\/types\/page"}],"author":[{"embeddable":true,"href":"https:\/\/thingstodoinamsterdam.com\/fr\/wp-json\/wp\/v2\/users\/1"}],"replies":[{"embeddable":true,"href":"https:\/\/thingstodoinamsterdam.com\/fr\/wp-json\/wp\/v2\/comments?post=258"}],"version-history":[{"count":5,"href":"https:\/\/thingstodoinamsterdam.com\/fr\/wp-json\/wp\/v2\/pages\/258\/revisions"}],"predecessor-version":[{"id":1520959,"href":"https:\/\/thingstodoinamsterdam.com\/fr\/wp-json\/wp\/v2\/pages\/258\/revisions\/1520959"}],"up":[{"embeddable":true,"href":"https:\/\/thingstodoinamsterdam.com\/fr\/wp-json\/wp\/v2\/pages\/259"}],"wp:featuredmedia":[{"embeddable":true,"href":"https:\/\/thingstodoinamsterdam.com\/fr\/wp-json\/wp\/v2\/media\/3123"}],"wp:attachment":[{"href":"https:\/\/thingstodoinamsterdam.com\/fr\/wp-json\/wp\/v2\/media?parent=258"}],"curies":[{"name":"wp","href":"https:\/\/api.w.org\/{rel}","templated":true}]}}