{"id":259,"date":"2019-05-14T14:52:30","date_gmt":"2019-05-14T14:52:30","guid":{"rendered":"https:\/\/thingstodoinamsterdam.com\/?page_id=259"},"modified":"2024-05-31T14:56:28","modified_gmt":"2024-05-31T12:56:28","slug":"restaurants-a-amsterdam","status":"publish","type":"page","link":"https:\/\/thingstodoinamsterdam.com\/fr\/restaurants-a-amsterdam\/","title":{"rendered":"Restaurants Amsterdam"},"content":{"rendered":"<div class=\"wpb-content-wrapper\"><p>[vc_row][vc_column][vc_column_text]Amsterdam est une ville o\u00f9 se m\u00ealent des influences culturelles du monde entier. Tu trouveras donc des restaurants proposant des plats de toutes les r\u00e9gions du monde. Les habitants d&#8217;Amsterdam ont adopt\u00e9 les cuisines internationales probablement encore plus que les leurs. Cela a \u00e0 voir avec le manque de cr\u00e9ativit\u00e9 des N\u00e9erlandais dans la cuisine. Un plat hollandais maison typique se compose de pommes de terre cuites, de l\u00e9gumes cuits au choix et de viande cuite au four. G\u00e9n\u00e9ralement, on y ajoute de petites saveurs suppl\u00e9mentaires provenant d&#8217;herbes et d&#8217;\u00e9pices. Cela explique pourquoi nous aimons tant les cuisines internationales. Cela dit, il y a quelques restaurants qui r\u00e9ussissent \u00e0 servir la cuisine n\u00e9erlandaise avec go\u00fbt, avec quelques influences fran\u00e7aises. Nous aimerions que tu montres qu&#8217;il y a bien plus que de manger au <a href=\"https:\/\/thingstodoinamsterdam.com\/hard-rock-cafe-amsterdam\/\">Hard Rock cafe \u00e0 Amsterdam<\/a>.<br \/>\n[\/vc_column_text][\/vc_column][\/vc_row][vc_row][vc_column][posts posts_per_page=&#8221;3&#8243; tax_query_type=&#8221;only&#8221; taxonomy_terms=&#8221;restaurants&#8221; el_id=&#8221;1707239287578-9523b418-56b3&#8243;][vc_column_text]<\/p>\n<h2>Notre s\u00e9lection de restaurants \u00e0 Amsterdam<\/h2>\n<p>Nous avons s\u00e9lectionn\u00e9 pour toi sur ce site les meilleurs restaurants d&#8217;Amsterdam. Comme nous essayons de donner de bons conseils \u00e0 tout le monde, notre s\u00e9lection se compose de diff\u00e9rentes cuisines. Pour chaque cat\u00e9gorie, nous avons s\u00e9lectionn\u00e9 quelques-uns des restaurants les mieux not\u00e9s dans leur domaine. Nous avons \u00e9galement pris en compte le fait que chaque voyageur a un budget diff\u00e9rent et avons donc s\u00e9lectionn\u00e9 des restaurants dans diff\u00e9rentes gammes de prix. Dans chaque cat\u00e9gorie, tu trouveras \u00e0 la fois le restaurant le moins cher et les restaurants les plus chers.<\/p>\n<h3>Gammes de prix restaurants<\/h3>\n<p>Clique d&#8217;abord sur la cat\u00e9gorie restaurant de ton choix. Par exemple les restaurants hollandais. Tu y trouveras un aper\u00e7u des restaurants que nous avons tri\u00e9s sur le volet, avec l&#8217;aide de commentaires. Directement sous le nom du restaurant, tu verras un \u00e0 trois panneaux \u20ac. Et plus le nombre augmente, plus les prix augmentent. Facile, hein ? En dehors des restaurants \u00e9toil\u00e9s, voici \u00e0 peu pr\u00e8s les fourchettes de prix :<\/p>\n<ul>\n<li>\u20ac &#8211; plat principal disponible pour moins de \u20ac15,-<\/li>\n<li>\u20ac\u20ac &#8211; plat principal disponible pour un peu plus de \u20ac20,-<\/li>\n<li>\u20ac\u20ac\u20ac &#8211; plats principaux \u00e0 partir de \u20ac30,- ou plus<\/li>\n<\/ul>\n<p>Ces chiffres sont bien s\u00fbr une estimation et ne constituent pas une garantie. Certains plats sont tout simplement plus chers que d&#8217;autres, mais nous voulons te donner une id\u00e9e.[\/vc_column_text][promo_block style_var=&#8221;style4&#8243; el_id=&#8221;1565273416846-b1e88da7-64d9&#8243;][promo link=&#8221;url:https%3A%2F%2Fthingstodoinamsterdam.com%2Frestaurants-amsterdam%2Findonesian-restaurant%2F|title:Indonesian%20Restaurants|target:%20_blank|rel:nofollow&#8221; text=&#8221;Check out the the various dishes of the Indonesian quisine!&#8221; img=&#8221;4669&#8243;][promo link=&#8221;url:https%3A%2F%2Fthingstodoinamsterdam.com%2Frestaurants-amsterdam%2Fdutch-restaurant%2F|title:Traditional%20Dutch%20restaurants|target:%20_blank|rel:nofollow&#8221; text=&#8221;Have a taste of the Dutch quisine&#8221; img=&#8221;2749&#8243;][promo link=&#8221;url:https%3A%2F%2Fthingstodoinamsterdam.com%2Frestaurants-amsterdam%2Fmichelin-star-restaurants%2F|title:Michelin%20Star%20Restaurants|target:%20_blank|rel:nofollow&#8221; text=&#8221;Try the most exclusive dishes in one of Amsterdam\u2019s Michelin Star rated restaurants&#8221; img=&#8221;569&#8243;][promo link=&#8221;url:https%3A%2F%2Fthingstodoinamsterdam.com%2Frestaurants-amsterdam%2Fitalian-restaurant%2F|title:Italian%20Restaurants|target:%20_blank|rel:nofollow&#8221; text=&#8221;Nothing beats a good pizza or pasta!&#8221; img=&#8221;2745&#8243;][\/promo_block][\/vc_column][\/vc_row]<\/p>\n<\/div>","protected":false},"excerpt":{"rendered":"<p>[vc_row][vc_column][vc_column_text]Amsterdam est une ville o\u00f9 se m\u00ealent des influences culturelles du monde entier. Tu trouveras donc des restaurants proposant des plats de toutes les r\u00e9gions\u2026<\/p>\n","protected":false},"author":1,"featured_media":3268,"parent":0,"menu_order":0,"comment_status":"closed","ping_status":"closed","template":"","meta":{"footnotes":""},"class_list":["post-259","page","type-page","status-publish","has-post-thumbnail","hentry"],"yoast_head":"<!-- This site is optimized with the Yoast SEO plugin v27.4 - https:\/\/yoast.com\/product\/yoast-seo-wordpress\/ -->\n<title>Les meilleurs restaurants d&#039;Amsterdam - d\u00e9couvre les restaurants que nous avons s\u00e9lectionn\u00e9s !<\/title>\n<meta name=\"description\" content=\"D\u00e9couvre notre s\u00e9lection des meilleurs restaurants d&#039;Amsterdam. Nous avons fait une s\u00e9lection de restaurants aux cuisines et aux gammes de prix vari\u00e9s.\" \/>\n<meta name=\"robots\" content=\"index, follow, max-snippet:-1, max-image-preview:large, max-video-preview:-1\" \/>\n<link rel=\"canonical\" href=\"https:\/\/thingstodoinamsterdam.com\/fr\/restaurants-a-amsterdam\/\" \/>\n<meta property=\"og:locale\" content=\"fr_FR\" \/>\n<meta property=\"og:type\" content=\"article\" \/>\n<meta property=\"og:title\" content=\"Les meilleurs restaurants d&#039;Amsterdam - d\u00e9couvre les restaurants que nous avons s\u00e9lectionn\u00e9s !\" \/>\n<meta property=\"og:description\" content=\"D\u00e9couvre notre s\u00e9lection des meilleurs restaurants d&#039;Amsterdam. Nous avons fait une s\u00e9lection de restaurants aux cuisines et aux gammes de prix vari\u00e9s.\" \/>\n<meta property=\"og:url\" content=\"https:\/\/thingstodoinamsterdam.com\/fr\/restaurants-a-amsterdam\/\" \/>\n<meta property=\"og:site_name\" content=\"ThingstodoinAmsterdam.com\" \/>\n<meta property=\"article:publisher\" content=\"https:\/\/www.facebook.com\/thingstodoinamsterdamcom\" \/>\n<meta property=\"article:modified_time\" content=\"2024-05-31T12:56:28+00:00\" \/>\n<meta property=\"og:image\" content=\"https:\/\/thingstodoinamsterdam.com\/wp-content\/uploads\/2019\/08\/stamppot-andijvie.jpg\" \/>\n\t<meta property=\"og:image:width\" content=\"390\" \/>\n\t<meta property=\"og:image:height\" content=\"390\" \/>\n\t<meta property=\"og:image:type\" content=\"image\/jpeg\" \/>\n<meta name=\"twitter:card\" content=\"summary_large_image\" \/>\n<meta name=\"twitter:label1\" content=\"Est. reading time\" \/>\n\t<meta name=\"twitter:data1\" content=\"3 minutes\" \/>\n<script type=\"application\/ld+json\" class=\"yoast-schema-graph\">{\"@context\":\"https:\\\/\\\/schema.org\",\"@graph\":[{\"@type\":\"WebPage\",\"@id\":\"https:\\\/\\\/thingstodoinamsterdam.com\\\/fr\\\/restaurants-a-amsterdam\\\/\",\"url\":\"https:\\\/\\\/thingstodoinamsterdam.com\\\/fr\\\/restaurants-a-amsterdam\\\/\",\"name\":\"Les meilleurs restaurants d'Amsterdam - d\u00e9couvre les restaurants que nous avons s\u00e9lectionn\u00e9s !\",\"isPartOf\":{\"@id\":\"https:\\\/\\\/thingstodoinamsterdam.com\\\/fr\\\/#website\"},\"primaryImageOfPage\":{\"@id\":\"https:\\\/\\\/thingstodoinamsterdam.com\\\/fr\\\/restaurants-a-amsterdam\\\/#primaryimage\"},\"image\":{\"@id\":\"https:\\\/\\\/thingstodoinamsterdam.com\\\/fr\\\/restaurants-a-amsterdam\\\/#primaryimage\"},\"thumbnailUrl\":\"https:\\\/\\\/thingstodoinamsterdam.com\\\/wp-content\\\/uploads\\\/2019\\\/08\\\/stamppot-andijvie.jpg\",\"datePublished\":\"2019-05-14T14:52:30+00:00\",\"dateModified\":\"2024-05-31T12:56:28+00:00\",\"description\":\"D\u00e9couvre notre s\u00e9lection des meilleurs restaurants d'Amsterdam. Nous avons fait une s\u00e9lection de restaurants aux cuisines et aux gammes de prix vari\u00e9s.\",\"breadcrumb\":{\"@id\":\"https:\\\/\\\/thingstodoinamsterdam.com\\\/fr\\\/restaurants-a-amsterdam\\\/#breadcrumb\"},\"inLanguage\":\"fr\",\"potentialAction\":[{\"@type\":\"ReadAction\",\"target\":[\"https:\\\/\\\/thingstodoinamsterdam.com\\\/fr\\\/restaurants-a-amsterdam\\\/\"]}]},{\"@type\":\"ImageObject\",\"inLanguage\":\"fr\",\"@id\":\"https:\\\/\\\/thingstodoinamsterdam.com\\\/fr\\\/restaurants-a-amsterdam\\\/#primaryimage\",\"url\":\"https:\\\/\\\/thingstodoinamsterdam.com\\\/wp-content\\\/uploads\\\/2019\\\/08\\\/stamppot-andijvie.jpg\",\"contentUrl\":\"https:\\\/\\\/thingstodoinamsterdam.com\\\/wp-content\\\/uploads\\\/2019\\\/08\\\/stamppot-andijvie.jpg\",\"width\":390,\"height\":390},{\"@type\":\"BreadcrumbList\",\"@id\":\"https:\\\/\\\/thingstodoinamsterdam.com\\\/fr\\\/restaurants-a-amsterdam\\\/#breadcrumb\",\"itemListElement\":[{\"@type\":\"ListItem\",\"position\":1,\"name\":\"Visiter Amsterdam\",\"item\":\"https:\\\/\\\/thingstodoinamsterdam.com\\\/fr\\\/\"},{\"@type\":\"ListItem\",\"position\":2,\"name\":\"Restaurants Amsterdam\"}]},{\"@type\":\"WebSite\",\"@id\":\"https:\\\/\\\/thingstodoinamsterdam.com\\\/fr\\\/#website\",\"url\":\"https:\\\/\\\/thingstodoinamsterdam.com\\\/fr\\\/\",\"name\":\"ThingstodoinAmsterdam.com\",\"description\":\"Amsterdam&#039;s highlights and hidden secrets\",\"publisher\":{\"@id\":\"https:\\\/\\\/thingstodoinamsterdam.com\\\/fr\\\/#organization\"},\"potentialAction\":[{\"@type\":\"SearchAction\",\"target\":{\"@type\":\"EntryPoint\",\"urlTemplate\":\"https:\\\/\\\/thingstodoinamsterdam.com\\\/fr\\\/?s={search_term_string}\"},\"query-input\":{\"@type\":\"PropertyValueSpecification\",\"valueRequired\":true,\"valueName\":\"search_term_string\"}}],\"inLanguage\":\"fr\"},{\"@type\":\"Organization\",\"@id\":\"https:\\\/\\\/thingstodoinamsterdam.com\\\/fr\\\/#organization\",\"name\":\"Visiter Amsterdam\",\"url\":\"https:\\\/\\\/thingstodoinamsterdam.com\\\/fr\\\/\",\"logo\":{\"@type\":\"ImageObject\",\"inLanguage\":\"fr\",\"@id\":\"https:\\\/\\\/thingstodoinamsterdam.com\\\/fr\\\/#\\\/schema\\\/logo\\\/image\\\/\",\"url\":\"https:\\\/\\\/thingstodoinamsterdam.com\\\/wp-content\\\/uploads\\\/2025\\\/02\\\/ThingsToDoInAmsterdam-Favicon-logo.png\",\"contentUrl\":\"https:\\\/\\\/thingstodoinamsterdam.com\\\/wp-content\\\/uploads\\\/2025\\\/02\\\/ThingsToDoInAmsterdam-Favicon-logo.png\",\"width\":512,\"height\":512,\"caption\":\"Visiter Amsterdam\"},\"image\":{\"@id\":\"https:\\\/\\\/thingstodoinamsterdam.com\\\/fr\\\/#\\\/schema\\\/logo\\\/image\\\/\"},\"sameAs\":[\"https:\\\/\\\/www.facebook.com\\\/thingstodoinamsterdamcom\"]}]}<\/script>\n<!-- \/ Yoast SEO plugin. -->","yoast_head_json":{"title":"Les meilleurs restaurants d'Amsterdam - d\u00e9couvre les restaurants que nous avons s\u00e9lectionn\u00e9s !","description":"D\u00e9couvre notre s\u00e9lection des meilleurs restaurants d'Amsterdam. Nous avons fait une s\u00e9lection de restaurants aux cuisines et aux gammes de prix vari\u00e9s.","robots":{"index":"index","follow":"follow","max-snippet":"max-snippet:-1","max-image-preview":"max-image-preview:large","max-video-preview":"max-video-preview:-1"},"canonical":"https:\/\/thingstodoinamsterdam.com\/fr\/restaurants-a-amsterdam\/","og_locale":"fr_FR","og_type":"article","og_title":"Les meilleurs restaurants d'Amsterdam - d\u00e9couvre les restaurants que nous avons s\u00e9lectionn\u00e9s !","og_description":"D\u00e9couvre notre s\u00e9lection des meilleurs restaurants d'Amsterdam. Nous avons fait une s\u00e9lection de restaurants aux cuisines et aux gammes de prix vari\u00e9s.","og_url":"https:\/\/thingstodoinamsterdam.com\/fr\/restaurants-a-amsterdam\/","og_site_name":"ThingstodoinAmsterdam.com","article_publisher":"https:\/\/www.facebook.com\/thingstodoinamsterdamcom","article_modified_time":"2024-05-31T12:56:28+00:00","og_image":[{"width":390,"height":390,"url":"https:\/\/thingstodoinamsterdam.com\/wp-content\/uploads\/2019\/08\/stamppot-andijvie.jpg","type":"image\/jpeg"}],"twitter_card":"summary_large_image","twitter_misc":{"Est. reading time":"3 minutes"},"schema":{"@context":"https:\/\/schema.org","@graph":[{"@type":"WebPage","@id":"https:\/\/thingstodoinamsterdam.com\/fr\/restaurants-a-amsterdam\/","url":"https:\/\/thingstodoinamsterdam.com\/fr\/restaurants-a-amsterdam\/","name":"Les meilleurs restaurants d'Amsterdam - d\u00e9couvre les restaurants que nous avons s\u00e9lectionn\u00e9s !","isPartOf":{"@id":"https:\/\/thingstodoinamsterdam.com\/fr\/#website"},"primaryImageOfPage":{"@id":"https:\/\/thingstodoinamsterdam.com\/fr\/restaurants-a-amsterdam\/#primaryimage"},"image":{"@id":"https:\/\/thingstodoinamsterdam.com\/fr\/restaurants-a-amsterdam\/#primaryimage"},"thumbnailUrl":"https:\/\/thingstodoinamsterdam.com\/wp-content\/uploads\/2019\/08\/stamppot-andijvie.jpg","datePublished":"2019-05-14T14:52:30+00:00","dateModified":"2024-05-31T12:56:28+00:00","description":"D\u00e9couvre notre s\u00e9lection des meilleurs restaurants d'Amsterdam. Nous avons fait une s\u00e9lection de restaurants aux cuisines et aux gammes de prix vari\u00e9s.","breadcrumb":{"@id":"https:\/\/thingstodoinamsterdam.com\/fr\/restaurants-a-amsterdam\/#breadcrumb"},"inLanguage":"fr","potentialAction":[{"@type":"ReadAction","target":["https:\/\/thingstodoinamsterdam.com\/fr\/restaurants-a-amsterdam\/"]}]},{"@type":"ImageObject","inLanguage":"fr","@id":"https:\/\/thingstodoinamsterdam.com\/fr\/restaurants-a-amsterdam\/#primaryimage","url":"https:\/\/thingstodoinamsterdam.com\/wp-content\/uploads\/2019\/08\/stamppot-andijvie.jpg","contentUrl":"https:\/\/thingstodoinamsterdam.com\/wp-content\/uploads\/2019\/08\/stamppot-andijvie.jpg","width":390,"height":390},{"@type":"BreadcrumbList","@id":"https:\/\/thingstodoinamsterdam.com\/fr\/restaurants-a-amsterdam\/#breadcrumb","itemListElement":[{"@type":"ListItem","position":1,"name":"Visiter Amsterdam","item":"https:\/\/thingstodoinamsterdam.com\/fr\/"},{"@type":"ListItem","position":2,"name":"Restaurants Amsterdam"}]},{"@type":"WebSite","@id":"https:\/\/thingstodoinamsterdam.com\/fr\/#website","url":"https:\/\/thingstodoinamsterdam.com\/fr\/","name":"ThingstodoinAmsterdam.com","description":"Amsterdam&#039;s highlights and hidden secrets","publisher":{"@id":"https:\/\/thingstodoinamsterdam.com\/fr\/#organization"},"potentialAction":[{"@type":"SearchAction","target":{"@type":"EntryPoint","urlTemplate":"https:\/\/thingstodoinamsterdam.com\/fr\/?s={search_term_string}"},"query-input":{"@type":"PropertyValueSpecification","valueRequired":true,"valueName":"search_term_string"}}],"inLanguage":"fr"},{"@type":"Organization","@id":"https:\/\/thingstodoinamsterdam.com\/fr\/#organization","name":"Visiter Amsterdam","url":"https:\/\/thingstodoinamsterdam.com\/fr\/","logo":{"@type":"ImageObject","inLanguage":"fr","@id":"https:\/\/thingstodoinamsterdam.com\/fr\/#\/schema\/logo\/image\/","url":"https:\/\/thingstodoinamsterdam.com\/wp-content\/uploads\/2025\/02\/ThingsToDoInAmsterdam-Favicon-logo.png","contentUrl":"https:\/\/thingstodoinamsterdam.com\/wp-content\/uploads\/2025\/02\/ThingsToDoInAmsterdam-Favicon-logo.png","width":512,"height":512,"caption":"Visiter Amsterdam"},"image":{"@id":"https:\/\/thingstodoinamsterdam.com\/fr\/#\/schema\/logo\/image\/"},"sameAs":["https:\/\/www.facebook.com\/thingstodoinamsterdamcom"]}]}},"_links":{"self":[{"href":"https:\/\/thingstodoinamsterdam.com\/fr\/wp-json\/wp\/v2\/pages\/259","targetHints":{"allow":["GET"]}}],"collection":[{"href":"https:\/\/thingstodoinamsterdam.com\/fr\/wp-json\/wp\/v2\/pages"}],"about":[{"href":"https:\/\/thingstodoinamsterdam.com\/fr\/wp-json\/wp\/v2\/types\/page"}],"author":[{"embeddable":true,"href":"https:\/\/thingstodoinamsterdam.com\/fr\/wp-json\/wp\/v2\/users\/1"}],"replies":[{"embeddable":true,"href":"https:\/\/thingstodoinamsterdam.com\/fr\/wp-json\/wp\/v2\/comments?post=259"}],"version-history":[{"count":4,"href":"https:\/\/thingstodoinamsterdam.com\/fr\/wp-json\/wp\/v2\/pages\/259\/revisions"}],"predecessor-version":[{"id":1521273,"href":"https:\/\/thingstodoinamsterdam.com\/fr\/wp-json\/wp\/v2\/pages\/259\/revisions\/1521273"}],"wp:featuredmedia":[{"embeddable":true,"href":"https:\/\/thingstodoinamsterdam.com\/fr\/wp-json\/wp\/v2\/media\/3268"}],"wp:attachment":[{"href":"https:\/\/thingstodoinamsterdam.com\/fr\/wp-json\/wp\/v2\/media?parent=259"}],"curies":[{"name":"wp","href":"https:\/\/api.w.org\/{rel}","templated":true}]}}