{"id":401,"date":"2024-10-11T13:56:27","date_gmt":"2024-10-11T11:56:27","guid":{"rendered":"https:\/\/thingstodoinamsterdam.com\/?page_id=401"},"modified":"2025-09-03T23:45:51","modified_gmt":"2025-09-03T21:45:51","slug":"adam-lookout","status":"publish","type":"page","link":"https:\/\/thingstodoinamsterdam.com\/fr\/adam-lookout\/","title":{"rendered":"A&#8217;DAM Lookout"},"content":{"rendered":"<div class=\"wpb-content-wrapper\"><p>[vc_row][vc_column][vc_column_text]A&#8217;DAM Lookout vous donne, sans aucun doute, la plus belle vue panoramique (360\u00b0) sur la ville d&#8217;Amsterdam. La tour mesure environ 100 m\u00e8tres de haut et est situ\u00e9e dans le Nord de la ville, \u00e0 c\u00f4t\u00e9 de <a href=\"https:\/\/thingstodoinamsterdam.com\/fr\/this-is-holland-experience-en-5d\/\">THIS IS HOLLAND<\/a>.<\/p><div id=\"ez-toc-container\" class=\"ez-toc-v2_0_82_2 counter-hierarchy ez-toc-counter ez-toc-custom ez-toc-container-direction\">\n<div class=\"ez-toc-title-container\">\n<span class=\"ez-toc-title-toggle\"><a href=\"#\" class=\"ez-toc-pull-right ez-toc-btn ez-toc-btn-xs ez-toc-btn-default ez-toc-toggle\" aria-label=\"Toggle Table of Content\"><span class=\"ez-toc-js-icon-con\"><span class=\"\"><span class=\"eztoc-hide\" style=\"display:none;\">Toggle<\/span><span class=\"ez-toc-icon-toggle-span\"><svg style=\"fill: #999;color:#999\" xmlns=\"http:\/\/www.w3.org\/2000\/svg\" class=\"list-377408\" width=\"20px\" height=\"20px\" viewBox=\"0 0 24 24\" fill=\"none\"><path d=\"M6 6H4v2h2V6zm14 0H8v2h12V6zM4 11h2v2H4v-2zm16 0H8v2h12v-2zM4 16h2v2H4v-2zm16 0H8v2h12v-2z\" fill=\"currentColor\"><\/path><\/svg><svg style=\"fill: #999;color:#999\" class=\"arrow-unsorted-368013\" xmlns=\"http:\/\/www.w3.org\/2000\/svg\" width=\"10px\" height=\"10px\" viewBox=\"0 0 24 24\" version=\"1.2\" baseProfile=\"tiny\"><path d=\"M18.2 9.3l-6.2-6.3-6.2 6.3c-.2.2-.3.4-.3.7s.1.5.3.7c.2.2.4.3.7.3h11c.3 0 .5-.1.7-.3.2-.2.3-.5.3-.7s-.1-.5-.3-.7zM5.8 14.7l6.2 6.3 6.2-6.3c.2-.2.3-.5.3-.7s-.1-.5-.3-.7c-.2-.2-.4-.3-.7-.3h-11c-.3 0-.5.1-.7.3-.2.2-.3.5-.3.7s.1.5.3.7z\"\/><\/svg><\/span><\/span><\/span><\/a><\/span><\/div>\n<nav><ul class='ez-toc-list ez-toc-list-level-1 ' ><li class='ez-toc-page-1 ez-toc-heading-level-2'><a class=\"ez-toc-link ez-toc-heading-1\" href=\"https:\/\/thingstodoinamsterdam.com\/fr\/adam-lookout\/#adam-lookout-horaires-douverture\" >A&#8217;DAM Lookout Horaires d&#8217;ouverture<\/a><\/li><li class='ez-toc-page-1 ez-toc-heading-level-2'><a class=\"ez-toc-link ez-toc-heading-2\" href=\"https:\/\/thingstodoinamsterdam.com\/fr\/adam-lookout\/#tarifs-billets-et-reductions-adam-lookout\" >Tarifs, billets et r\u00e9ductions A&#8217;DAM Lookout<\/a><\/li><li class='ez-toc-page-1 ez-toc-heading-level-2'><a class=\"ez-toc-link ez-toc-heading-3\" href=\"https:\/\/thingstodoinamsterdam.com\/fr\/adam-lookout\/#transports-publics\" >Transports publics<\/a><\/li><\/ul><\/nav><\/div>\n\n<p>Du haut de la tour, vous pourrez observer le centre historique d&#8217;Amsterdam, ses c\u00e9l\u00e8bres <a href=\"https:\/\/thingstodoinamsterdam.com\/fr\/croisiere-sur-les-canaux-amsterdam\/\">canaux<\/a>\u00a0mais \u00e9galement la zone portuaire et les zones rurales au nord de la ville. Par temps clair, vous pouvez m\u00eame apercevoir de hauts immeubles dans les villes environnantes.<\/p>\n<p>Pour les aventuriers, et surtout pour les plus courageux, n&#8217;h\u00e9sitez pas \u00e0 faire un tour sur la balan\u00e7oire, install\u00e9e sur le toit de la tour ! Venez vous balancer, \u00e0 100 m\u00e8tres de haut et dans le vide, tout en profitant d&#8217;une magnifique vue, pour seulement 5\u20ac !! Si vous nous le demandez, \u00e7a vaut vraiment le coup d&#8217;essayer.<\/p>\n<p>Si vous n&#8217;aimez pas la hauteur, ou que vous n&#8217;aimez tous simplement pas l&#8217;id\u00e9e de faire de la balan\u00e7oire dans le vide, profitez du cadre et de la vue panoramique autour d&#8217;un verre ou de quelque chose \u00e0 grignoter dans le restaurant !<\/p>\n<div id=\"gtx-trans\" style=\"position: absolute; left: -4px; top: 62px;\">\n<div class=\"gtx-trans-icon\"><\/div>\n<\/div>\n<p>[\/vc_column_text][button title=&#8221;Achetez vos billets &#8220;coupe-file&#8220; avec Tiqets.com&#8221; link=&#8221;https:\/\/thingstodoinamsterdam.com\/ticketlinkfr-lookout-tiqets-std&#8221; icon=&#8221;fas fa-angle-double-right&#8221; button_align=&#8221;center&#8221; target=&#8221;true&#8221; nofollow=&#8221;true&#8221; el_id=&#8221;1565595671287-9b8b577b-c774&#8243;][slider_container el_id=&#8221;1565595722038-76911ee9-bc98&#8243;][slider img=&#8221;1465&#8243;][slider img=&#8221;2913&#8243;][slider img=&#8221;2915&#8243;][\/slider_container][vc_video link=&#8221;https:\/\/youtu.be\/LBDMRgj5EzQ&#8221; title=&#8221;A&#8217;DAM Lookout&#8221; css=&#8221;.vc_custom_1557488220800{margin-right: 25px !important;margin-left: 25px !important;}&#8221;][vc_column_text]<\/p>\n<h2><span class=\"ez-toc-section\" id=\"adam-lookout-horaires-douverture\"><\/span>A&#8217;DAM Lookout Horaires d&#8217;ouverture<span class=\"ez-toc-section-end\"><\/span><\/h2>\n<p>La tour A&#8217;DAM Lookout est ouverte tous les jours de la semaine. Sans exceptions. Les derniers invit\u00e9s sont autoris\u00e9s 1 heure avant la fermeture. Assurez-vous d&#8217;\u00eatre \u00e0 l&#8217;entr\u00e9e avant 20h00 pour \u00e9viter toute d\u00e9ception, car vous ne serez pas autoris\u00e9 \u00e0 entrer apr\u00e8s huit heures.<\/p>\n<table style=\"width: 100%;\">\n<tbody>\n<tr>\n<td>Lundi<\/td>\n<td>10:00 &#8211; 22:00<\/td>\n<\/tr>\n<tr>\n<td>Mardi<\/td>\n<td>10:00 &#8211; 22:00<\/td>\n<\/tr>\n<tr>\n<td>Mercredi<\/td>\n<td>10:00 &#8211; 22:00<\/td>\n<\/tr>\n<tr>\n<td>Jeudi<\/td>\n<td>10:00 &#8211; 22:00<\/td>\n<\/tr>\n<tr>\n<td>Vendredi<\/td>\n<td>10:00 &#8211; 22:00<\/td>\n<\/tr>\n<tr>\n<td>Samedi<\/td>\n<td>10:00 &#8211; 22:00<\/td>\n<\/tr>\n<tr>\n<td>Dimanche<\/td>\n<td>10:00 &#8211; 22:00<\/td>\n<\/tr>\n<\/tbody>\n<\/table>\n<p>[\/vc_column_text][vc_column_text]<\/p>\n<h2><span class=\"ez-toc-section\" id=\"tarifs-billets-et-reductions-adam-lookout\"><\/span>Tarifs, billets et r\u00e9ductions A&#8217;DAM Lookout<span class=\"ez-toc-section-end\"><\/span><\/h2>\n<p>Les prix affich\u00e9s incluent l&#8217;entr\u00e9e + photos num\u00e9riques, l&#8217;acc\u00e8s \u00e0 la balan\u00e7oire vous co\u00fbtera 7,50 \u20ac suppl\u00e9mentaire.<\/p>\n<table style=\"width: 100%;\">\n<tbody>\n<tr>\n<td>Adultes<\/td>\n<td>18,50\u20ac<\/td>\n<\/tr>\n<tr>\n<td>Enfants de 4 \u00e0 12 ans<\/td>\n<td>12,50\u20ac<\/td>\n<\/tr>\n<tr>\n<td>Enfants de moins de 4 ans<\/td>\n<td>Gratuit<\/td>\n<\/tr>\n<\/tbody>\n<\/table>\n<p>[\/vc_column_text][button title=&#8221;Achetez vos billets &#8220;coupe-file&#8220; avec Tiqets.com&#8221; link=&#8221;https:\/\/thingstodoinamsterdam.com\/ticketlinkfr-lookout-tiqets-std&#8221; icon=&#8221;fas fa-angle-double-right&#8221; button_align=&#8221;center&#8221; target=&#8221;true&#8221; nofollow=&#8221;true&#8221; el_id=&#8221;1565596105561-dfd77433-4c6d&#8221;][vc_column_text]La tour A&#8217;DAM Lookout est situ\u00e9e dans le Nord d&#8217;Amsterdam. Cette partie de la ville est accessible en bateau (ferry gratuit) \u00e0 partir d&#8217;Amsterdam Centraal Station. V\u00e9rifiez bien de prendre le ferry en direction de Buiksloterweg, vous rejoindrez l&#8217;autre c\u00f4t\u00e9 en 2 minutes.<\/p>\n<p><strong>Adresse<\/strong><br \/>\nA&#8217;DAM Lookout<br \/>\nOverhoeksplein 5<br \/>\n1031 KS Amsterdam<br \/>\n+31 (0)20 242 0100[\/vc_column_text][g_map heading=&#8221;A&#8217;DAM Lookout&#8221; el_id=&#8221;1565596207168-0c3f1ddb-fd0c&#8221;]<iframe style=\"border: 0;\" src=\"https:\/\/www.google.com\/maps\/embed?pb=!1m18!1m12!1m3!1d2435.2586145429696!2d4.89993381580237!3d52.38386197978867!2m3!1f0!2f0!3f0!3m2!1i1024!2i768!4f13.1!3m3!1m2!1s0x47c609b440714bbb%3A0xa6175c28f97a0af6!2zQeKAmURBTSBMb29rb3V0!5e0!3m2!1sen!2snl!4v1490647588855\" width=\"600\" height=\"450\" frameborder=\"0\" allowfullscreen=\"allowfullscreen\"><\/iframe>[\/g_map][vc_column_text]<\/p>\n<h2><span class=\"ez-toc-section\" id=\"transports-publics\"><\/span>Transports publics<span class=\"ez-toc-section-end\"><\/span><\/h2>\n<p>Vous souhaitez vous rendre \u00e0 A&#8217;DAM Lookout avec les transports publics? Facile ! Rendez-vous \u00e0 Amsterdam Centraal Station et prenez le ferry en direction de Buiksloterweg. Rejoignez l&#8217;autre c\u00f4t\u00e9 en quelques minutes !<\/p>\n<p>Pour vous renseigner sur les temps de trajet actuels, vous pouvez utiliser le widget ci-dessous en fonction de votre position actuelle. Cette application vous aidera lorsque vous ne savez pas quel bus ou tram vous pouvez emprunter depuis votre position.<\/p>\n<p>&nbsp;<\/p>\n<p><a href=\"http:\/\/9292.nl\/en\/?to=amsterdam_overhoeksplein-5\"><img decoding=\"async\" class=\"alignnone wp-image-3080 size-medium\" src=\"https:\/\/thingstodoinamsterdam.com\/wp-content\/uploads\/2019\/07\/Button-Plan-mijn-OV-reis-EN-300x54.png\" alt=\"\" width=\"300\" height=\"54\" \/><\/a>[\/vc_column_text][vc_column_text]<a href=\"https:\/\/thingstodoinamsterdam.com\/fr\/artis-zoo-amsterdam\/\">Artis Amsterdam Zoo<\/a><br \/>\n<a href=\"https:\/\/thingstodoinamsterdam.com\/fr\/musees-amsterdam\/amsterdam-dungeon\/\">Amsterdam Dungeon<\/a><br \/>\n<a href=\"https:\/\/thingstodoinamsterdam.com\/fr\/musees-amsterdam\/body-worlds-amsterdam\/\">BODY WORLDS Amsterdam<\/a><br \/>\n<a href=\"https:\/\/thingstodoinamsterdam.com\/fr\/croisiere-sur-les-canaux-amsterdam\/\">Croisi\u00e8re sur les canaux d&#8217;Amsterdam<\/a><br \/>\n<a href=\"https:\/\/thingstodoinamsterdam.com\/fr\/le-quartier-rouge\/casa-rosso-theatre-erotique-amsterdam\/\">Casa Rosso<\/a><br \/>\n<a href=\"https:\/\/thingstodoinamsterdam.com\/fr\/musees-amsterdam\/heineken-experience-amsterdam\/\">Heineken Experience<\/a><br \/>\n<a href=\"https:\/\/thingstodoinamsterdam.com\/fr\/this-is-holland-experience-en-5d\/\">THIS IS HOLLAND<\/a><br \/>\n<a href=\"https:\/\/thingstodoinamsterdam.com\/fr\/musees-amsterdam\/moco-museum\/\">Moco Museum<\/a><br \/>\n<a href=\"https:\/\/thingstodoinamsterdam.com\/fr\/musees-amsterdam\/musee-nemo-amsterdam\/\">NEMO Science Museum<\/a><br \/>\nPowerzone<br \/>\n<a href=\"https:\/\/thingstodoinamsterdam.com\/fr\/musees-amsterdam\/le-rijksmuseum\/\">Rijksmuseum<\/a><br \/>\n<a href=\"https:\/\/thingstodoinamsterdam.com\/fr\/musees-amsterdam\/le-musee-stedelijk\/\">Stedelijk Museum<\/a><br \/>\n<a href=\"https:\/\/thingstodoinamsterdam.com\/fr\/musees-amsterdam\/le-musee-des-tropiques\/\">Le mus\u00e9e des Tropiques<\/a><br \/>\n<a href=\"https:\/\/thingstodoinamsterdam.com\/fr\/musees-amsterdam\/le-musee-van-gogh\/\">Van Gogh Museum<\/a>[\/vc_column_text][\/vc_column][\/vc_row][vc_row][vc_column][reviews heading=&#8221;Avis sur A&#8217;DAM Lookout&#8221; description=&#8221;Nous sommes toujours int\u00e9ress\u00e9s en ce qui concerne les exp\u00e9riences de nos visiteurs. Dites-nous ce que vous en avez pens\u00e9 et aidez les autres voyageurs !&#8221; el_id=&#8221;1565596305256-4260a00b-c958&#8243;][\/reviews][vc_column_text]<\/p>\n<div class=\"vc_row wpb_row vc_row-fluid\">\n<div class=\"wpb_column vc_column_container vc_col-sm-12\">\n<div class=\"vc_column-inner\">\n<div class=\"wpb_wrapper\">\n<div class=\"wpb_text_column wpb_content_element \">\n<div class=\"wpb_wrapper\"><strong>Jetez un oeil \u00e0 l\u2019une des attractions ci-dessous ou revenez \u00e0 la page g\u00e9n\u00e9rale concernant <a href=\"https:\/\/thingstodoinamsterdam.com\/fr\/\">les choses \u00e0 faire \u00e0 Amsterdam<\/a>.<\/strong><\/div>\n<\/div>\n<\/div>\n<\/div>\n<\/div>\n<\/div>\n<p>[\/vc_column_text][\/vc_column][\/vc_row][vc_row][vc_column][promo_block style_var=&#8221;style2&#8243; el_id=&#8221;1565596366201-341c4cbc-679a&#8221;][promo link=&#8221;url:https%3A%2F%2Fthingstodoinamsterdam.com%2Ffr%2Fmusees-amsterdam%2Fheineken-experience-amsterdam%2F|title:Heineken%20Experience||&#8221; text=&#8221;Venez en apprendre plus sur la c\u00e9l\u00e8bre marque de bi\u00e8re.&#8221; img=&#8221;2187&#8243;][promo link=&#8221;url:https%3A%2F%2Fthingstodoinamsterdam.com%2Ffr%2Fartis-zoo-amsterdam%2F|title:ARTIS%20zoo%20Amsterdam||&#8221; text=&#8221;Toujours une affaire de singe dans le zoo d\u2019Amsterdam.&#8221; img=&#8221;530&#8243;][promo link=&#8221;url:https%3A%2F%2Fthingstodoinamsterdam.com%2Ffr%2Fmusees-amsterdam%2Fmadame-tussauds-amsterdam%2F|title:Madame%20Tussauds||&#8221; text=&#8221;Prenez un selfie avec la Dutch Royal family !&#8221; img=&#8221;2234&#8243;][\/promo_block][\/vc_column][\/vc_row]<\/p>\n<\/div>","protected":false},"excerpt":{"rendered":"<p>[vc_row][vc_column][vc_column_text]A&#8217;DAM Lookout vous donne, sans aucun doute, la plus belle vue panoramique (360\u00b0) sur la ville d&#8217;Amsterdam. La tour mesure environ 100 m\u00e8tres de haut\u2026<\/p>\n","protected":false},"author":1,"featured_media":2917,"parent":0,"menu_order":0,"comment_status":"closed","ping_status":"closed","template":"","meta":{"footnotes":""},"class_list":["post-401","page","type-page","status-publish","has-post-thumbnail","hentry"],"yoast_head":"<!-- This site is optimized with the Yoast SEO plugin v27.4 - https:\/\/yoast.com\/product\/yoast-seo-wordpress\/ -->\n<title>A&#039;DAM Lookout - tarifs, billets, r\u00e9ductions, informations pratiques &amp; +<\/title>\n<meta name=\"description\" content=\"Le belv\u00e9d\u00e8re d&#039;Amsterdam te donne la plus magnifique vue sur la ville. V\u00e9rifie les commentaires et obtiens des billets \u00e0 prix r\u00e9duit pour sauter la ligne ici !\" \/>\n<meta name=\"robots\" content=\"index, follow, max-snippet:-1, max-image-preview:large, max-video-preview:-1\" \/>\n<link rel=\"canonical\" href=\"https:\/\/thingstodoinamsterdam.com\/fr\/adam-lookout\/\" \/>\n<meta property=\"og:locale\" content=\"fr_FR\" \/>\n<meta property=\"og:type\" content=\"article\" \/>\n<meta property=\"og:title\" content=\"A&#039;DAM Lookout - tarifs, billets, r\u00e9ductions, informations pratiques &amp; +\" \/>\n<meta property=\"og:description\" content=\"Le belv\u00e9d\u00e8re d&#039;Amsterdam te donne la plus magnifique vue sur la ville. V\u00e9rifie les commentaires et obtiens des billets \u00e0 prix r\u00e9duit pour sauter la ligne ici !\" \/>\n<meta property=\"og:url\" content=\"https:\/\/thingstodoinamsterdam.com\/fr\/adam-lookout\/\" \/>\n<meta property=\"og:site_name\" content=\"ThingstodoinAmsterdam.com\" \/>\n<meta property=\"article:publisher\" content=\"https:\/\/www.facebook.com\/thingstodoinamsterdamcom\" \/>\n<meta property=\"article:modified_time\" content=\"2025-09-03T21:45:51+00:00\" \/>\n<meta property=\"og:image\" content=\"https:\/\/thingstodoinamsterdam.com\/wp-content\/uploads\/2019\/08\/ADAM-Lookout1.jpg\" \/>\n\t<meta property=\"og:image:width\" content=\"900\" \/>\n\t<meta property=\"og:image:height\" content=\"900\" \/>\n\t<meta property=\"og:image:type\" content=\"image\/jpeg\" \/>\n<meta name=\"twitter:card\" content=\"summary_large_image\" \/>\n<meta name=\"twitter:label1\" content=\"Est. reading time\" \/>\n\t<meta name=\"twitter:data1\" content=\"4 minutes\" \/>\n<script type=\"application\/ld+json\" class=\"yoast-schema-graph\">{\"@context\":\"https:\\\/\\\/schema.org\",\"@graph\":[{\"@type\":\"WebPage\",\"@id\":\"https:\\\/\\\/thingstodoinamsterdam.com\\\/fr\\\/adam-lookout\\\/\",\"url\":\"https:\\\/\\\/thingstodoinamsterdam.com\\\/fr\\\/adam-lookout\\\/\",\"name\":\"A'DAM Lookout - tarifs, billets, r\u00e9ductions, informations pratiques & +\",\"isPartOf\":{\"@id\":\"https:\\\/\\\/thingstodoinamsterdam.com\\\/fr\\\/#website\"},\"primaryImageOfPage\":{\"@id\":\"https:\\\/\\\/thingstodoinamsterdam.com\\\/fr\\\/adam-lookout\\\/#primaryimage\"},\"image\":{\"@id\":\"https:\\\/\\\/thingstodoinamsterdam.com\\\/fr\\\/adam-lookout\\\/#primaryimage\"},\"thumbnailUrl\":\"https:\\\/\\\/thingstodoinamsterdam.com\\\/wp-content\\\/uploads\\\/2019\\\/08\\\/ADAM-Lookout1.jpg\",\"datePublished\":\"2024-10-11T11:56:27+00:00\",\"dateModified\":\"2025-09-03T21:45:51+00:00\",\"description\":\"Le belv\u00e9d\u00e8re d'Amsterdam te donne la plus magnifique vue sur la ville. V\u00e9rifie les commentaires et obtiens des billets \u00e0 prix r\u00e9duit pour sauter la ligne ici !\",\"breadcrumb\":{\"@id\":\"https:\\\/\\\/thingstodoinamsterdam.com\\\/fr\\\/adam-lookout\\\/#breadcrumb\"},\"inLanguage\":\"fr\",\"potentialAction\":[{\"@type\":\"ReadAction\",\"target\":[\"https:\\\/\\\/thingstodoinamsterdam.com\\\/fr\\\/adam-lookout\\\/\"]}]},{\"@type\":\"ImageObject\",\"inLanguage\":\"fr\",\"@id\":\"https:\\\/\\\/thingstodoinamsterdam.com\\\/fr\\\/adam-lookout\\\/#primaryimage\",\"url\":\"https:\\\/\\\/thingstodoinamsterdam.com\\\/wp-content\\\/uploads\\\/2019\\\/08\\\/ADAM-Lookout1.jpg\",\"contentUrl\":\"https:\\\/\\\/thingstodoinamsterdam.com\\\/wp-content\\\/uploads\\\/2019\\\/08\\\/ADAM-Lookout1.jpg\",\"width\":900,\"height\":900},{\"@type\":\"BreadcrumbList\",\"@id\":\"https:\\\/\\\/thingstodoinamsterdam.com\\\/fr\\\/adam-lookout\\\/#breadcrumb\",\"itemListElement\":[{\"@type\":\"ListItem\",\"position\":1,\"name\":\"Visiter Amsterdam\",\"item\":\"https:\\\/\\\/thingstodoinamsterdam.com\\\/fr\\\/\"},{\"@type\":\"ListItem\",\"position\":2,\"name\":\"A&#8217;DAM Lookout\"}]},{\"@type\":\"WebSite\",\"@id\":\"https:\\\/\\\/thingstodoinamsterdam.com\\\/fr\\\/#website\",\"url\":\"https:\\\/\\\/thingstodoinamsterdam.com\\\/fr\\\/\",\"name\":\"ThingstodoinAmsterdam.com\",\"description\":\"Amsterdam&#039;s highlights and hidden secrets\",\"publisher\":{\"@id\":\"https:\\\/\\\/thingstodoinamsterdam.com\\\/fr\\\/#organization\"},\"potentialAction\":[{\"@type\":\"SearchAction\",\"target\":{\"@type\":\"EntryPoint\",\"urlTemplate\":\"https:\\\/\\\/thingstodoinamsterdam.com\\\/fr\\\/?s={search_term_string}\"},\"query-input\":{\"@type\":\"PropertyValueSpecification\",\"valueRequired\":true,\"valueName\":\"search_term_string\"}}],\"inLanguage\":\"fr\"},{\"@type\":\"Organization\",\"@id\":\"https:\\\/\\\/thingstodoinamsterdam.com\\\/fr\\\/#organization\",\"name\":\"Visiter Amsterdam\",\"url\":\"https:\\\/\\\/thingstodoinamsterdam.com\\\/fr\\\/\",\"logo\":{\"@type\":\"ImageObject\",\"inLanguage\":\"fr\",\"@id\":\"https:\\\/\\\/thingstodoinamsterdam.com\\\/fr\\\/#\\\/schema\\\/logo\\\/image\\\/\",\"url\":\"https:\\\/\\\/thingstodoinamsterdam.com\\\/wp-content\\\/uploads\\\/2025\\\/02\\\/ThingsToDoInAmsterdam-Favicon-logo.png\",\"contentUrl\":\"https:\\\/\\\/thingstodoinamsterdam.com\\\/wp-content\\\/uploads\\\/2025\\\/02\\\/ThingsToDoInAmsterdam-Favicon-logo.png\",\"width\":512,\"height\":512,\"caption\":\"Visiter Amsterdam\"},\"image\":{\"@id\":\"https:\\\/\\\/thingstodoinamsterdam.com\\\/fr\\\/#\\\/schema\\\/logo\\\/image\\\/\"},\"sameAs\":[\"https:\\\/\\\/www.facebook.com\\\/thingstodoinamsterdamcom\"]}]}<\/script>\n<!-- \/ Yoast SEO plugin. -->","yoast_head_json":{"title":"A'DAM Lookout - tarifs, billets, r\u00e9ductions, informations pratiques & +","description":"Le belv\u00e9d\u00e8re d'Amsterdam te donne la plus magnifique vue sur la ville. V\u00e9rifie les commentaires et obtiens des billets \u00e0 prix r\u00e9duit pour sauter la ligne ici !","robots":{"index":"index","follow":"follow","max-snippet":"max-snippet:-1","max-image-preview":"max-image-preview:large","max-video-preview":"max-video-preview:-1"},"canonical":"https:\/\/thingstodoinamsterdam.com\/fr\/adam-lookout\/","og_locale":"fr_FR","og_type":"article","og_title":"A'DAM Lookout - tarifs, billets, r\u00e9ductions, informations pratiques & +","og_description":"Le belv\u00e9d\u00e8re d'Amsterdam te donne la plus magnifique vue sur la ville. V\u00e9rifie les commentaires et obtiens des billets \u00e0 prix r\u00e9duit pour sauter la ligne ici !","og_url":"https:\/\/thingstodoinamsterdam.com\/fr\/adam-lookout\/","og_site_name":"ThingstodoinAmsterdam.com","article_publisher":"https:\/\/www.facebook.com\/thingstodoinamsterdamcom","article_modified_time":"2025-09-03T21:45:51+00:00","og_image":[{"width":900,"height":900,"url":"https:\/\/thingstodoinamsterdam.com\/wp-content\/uploads\/2019\/08\/ADAM-Lookout1.jpg","type":"image\/jpeg"}],"twitter_card":"summary_large_image","twitter_misc":{"Est. reading time":"4 minutes"},"schema":{"@context":"https:\/\/schema.org","@graph":[{"@type":"WebPage","@id":"https:\/\/thingstodoinamsterdam.com\/fr\/adam-lookout\/","url":"https:\/\/thingstodoinamsterdam.com\/fr\/adam-lookout\/","name":"A'DAM Lookout - tarifs, billets, r\u00e9ductions, informations pratiques & +","isPartOf":{"@id":"https:\/\/thingstodoinamsterdam.com\/fr\/#website"},"primaryImageOfPage":{"@id":"https:\/\/thingstodoinamsterdam.com\/fr\/adam-lookout\/#primaryimage"},"image":{"@id":"https:\/\/thingstodoinamsterdam.com\/fr\/adam-lookout\/#primaryimage"},"thumbnailUrl":"https:\/\/thingstodoinamsterdam.com\/wp-content\/uploads\/2019\/08\/ADAM-Lookout1.jpg","datePublished":"2024-10-11T11:56:27+00:00","dateModified":"2025-09-03T21:45:51+00:00","description":"Le belv\u00e9d\u00e8re d'Amsterdam te donne la plus magnifique vue sur la ville. V\u00e9rifie les commentaires et obtiens des billets \u00e0 prix r\u00e9duit pour sauter la ligne ici !","breadcrumb":{"@id":"https:\/\/thingstodoinamsterdam.com\/fr\/adam-lookout\/#breadcrumb"},"inLanguage":"fr","potentialAction":[{"@type":"ReadAction","target":["https:\/\/thingstodoinamsterdam.com\/fr\/adam-lookout\/"]}]},{"@type":"ImageObject","inLanguage":"fr","@id":"https:\/\/thingstodoinamsterdam.com\/fr\/adam-lookout\/#primaryimage","url":"https:\/\/thingstodoinamsterdam.com\/wp-content\/uploads\/2019\/08\/ADAM-Lookout1.jpg","contentUrl":"https:\/\/thingstodoinamsterdam.com\/wp-content\/uploads\/2019\/08\/ADAM-Lookout1.jpg","width":900,"height":900},{"@type":"BreadcrumbList","@id":"https:\/\/thingstodoinamsterdam.com\/fr\/adam-lookout\/#breadcrumb","itemListElement":[{"@type":"ListItem","position":1,"name":"Visiter Amsterdam","item":"https:\/\/thingstodoinamsterdam.com\/fr\/"},{"@type":"ListItem","position":2,"name":"A&#8217;DAM Lookout"}]},{"@type":"WebSite","@id":"https:\/\/thingstodoinamsterdam.com\/fr\/#website","url":"https:\/\/thingstodoinamsterdam.com\/fr\/","name":"ThingstodoinAmsterdam.com","description":"Amsterdam&#039;s highlights and hidden secrets","publisher":{"@id":"https:\/\/thingstodoinamsterdam.com\/fr\/#organization"},"potentialAction":[{"@type":"SearchAction","target":{"@type":"EntryPoint","urlTemplate":"https:\/\/thingstodoinamsterdam.com\/fr\/?s={search_term_string}"},"query-input":{"@type":"PropertyValueSpecification","valueRequired":true,"valueName":"search_term_string"}}],"inLanguage":"fr"},{"@type":"Organization","@id":"https:\/\/thingstodoinamsterdam.com\/fr\/#organization","name":"Visiter Amsterdam","url":"https:\/\/thingstodoinamsterdam.com\/fr\/","logo":{"@type":"ImageObject","inLanguage":"fr","@id":"https:\/\/thingstodoinamsterdam.com\/fr\/#\/schema\/logo\/image\/","url":"https:\/\/thingstodoinamsterdam.com\/wp-content\/uploads\/2025\/02\/ThingsToDoInAmsterdam-Favicon-logo.png","contentUrl":"https:\/\/thingstodoinamsterdam.com\/wp-content\/uploads\/2025\/02\/ThingsToDoInAmsterdam-Favicon-logo.png","width":512,"height":512,"caption":"Visiter Amsterdam"},"image":{"@id":"https:\/\/thingstodoinamsterdam.com\/fr\/#\/schema\/logo\/image\/"},"sameAs":["https:\/\/www.facebook.com\/thingstodoinamsterdamcom"]}]}},"_links":{"self":[{"href":"https:\/\/thingstodoinamsterdam.com\/fr\/wp-json\/wp\/v2\/pages\/401","targetHints":{"allow":["GET"]}}],"collection":[{"href":"https:\/\/thingstodoinamsterdam.com\/fr\/wp-json\/wp\/v2\/pages"}],"about":[{"href":"https:\/\/thingstodoinamsterdam.com\/fr\/wp-json\/wp\/v2\/types\/page"}],"author":[{"embeddable":true,"href":"https:\/\/thingstodoinamsterdam.com\/fr\/wp-json\/wp\/v2\/users\/1"}],"replies":[{"embeddable":true,"href":"https:\/\/thingstodoinamsterdam.com\/fr\/wp-json\/wp\/v2\/comments?post=401"}],"version-history":[{"count":7,"href":"https:\/\/thingstodoinamsterdam.com\/fr\/wp-json\/wp\/v2\/pages\/401\/revisions"}],"predecessor-version":[{"id":2029074,"href":"https:\/\/thingstodoinamsterdam.com\/fr\/wp-json\/wp\/v2\/pages\/401\/revisions\/2029074"}],"wp:featuredmedia":[{"embeddable":true,"href":"https:\/\/thingstodoinamsterdam.com\/fr\/wp-json\/wp\/v2\/media\/2917"}],"wp:attachment":[{"href":"https:\/\/thingstodoinamsterdam.com\/fr\/wp-json\/wp\/v2\/media?parent=401"}],"curies":[{"name":"wp","href":"https:\/\/api.w.org\/{rel}","templated":true}]}}