{"id":404,"date":"2019-04-15T11:20:33","date_gmt":"2019-04-15T11:20:33","guid":{"rendered":"https:\/\/thingstodoinamsterdam.com\/?page_id=404"},"modified":"2024-05-31T14:57:08","modified_gmt":"2024-05-31T12:57:08","slug":"service-client","status":"publish","type":"page","link":"https:\/\/thingstodoinamsterdam.com\/fr\/a-propos\/service-client\/","title":{"rendered":"Service \u00e0 la client\u00e8le"},"content":{"rendered":"<div class=\"wpb-content-wrapper\"><p>[vc_row][vc_column][vc_column_text]Nous, thingstodoinamsterdam.com, nous effor\u00e7ons toujours de te faire b\u00e9n\u00e9ficier des meilleures offres sur les exp\u00e9riences \u00e0 Amsterdam. C&#8217;est pourquoi nous collaborons avec des partenaires de billetterie de confiance tels que <a href=\"https:\/\/thingstodoinamsterdam.com\/fr\/a-propos\/tours-tickets\/\">Tours &amp; Tickets<\/a> et <a href=\"https:\/\/thingstodoinamsterdam.com\/fr\/a-propos\/tiqets-com\/\">Tiqets<\/a>. Si tu as achet\u00e9 des billets aupr\u00e8s de l&#8217;un de nos partenaires et que tu as des questions ou des besoins concernant ta commande, il est pr\u00e9f\u00e9rable de les contacter directement car nous n&#8217;avons pas acc\u00e8s aux d\u00e9tails de ta commande.<\/p>\n<hr>\n<p>Si tu as <strong>achet\u00e9 directement sur thingstodoinamsterdam.com<\/strong>, nous sommes heureux de t&#8217;aider pour toute question concernant ta commande ! Tu peux consulter les questions fr\u00e9quemment pos\u00e9es ci-dessous. As-tu une autre question ? N&#8217;h\u00e9site pas \u00e0 nous contacter.<\/p>\n<h2>Questions fr\u00e9quemment pos\u00e9es<\/h2>\n<p><em><strong>Quand et comment recevrai-je mes billets ?<\/strong><\/em><\/p>\n<p><em>Directement apr\u00e8s le paiement, nous t&#8217;enverrons ta confirmation de commande qui peut \u00eatre utilis\u00e9e comme billet \u00e0 l&#8217;adresse e-mail fournie. Veille \u00e0 nous fournir une adresse \u00e9lectronique valide.  <\/em><\/p>\n<p><em><strong>Je n&#8217;ai pas re\u00e7u mes billets\/la confirmation de commande. Que dois-je faire ?<\/strong><\/em><\/p>\n<p><em>Dans la plupart des cas, cela est d\u00fb \u00e0 un l\u00e9ger retard. N&#8217;oublie pas de rafra\u00eechir ta bo\u00eete de r\u00e9ception. Si tu n&#8217;as toujours pas de courrier apr\u00e8s plus de dix minutes, v\u00e9rifie ton dossier spam. Toujours pas d&#8217;e-mail ? N&#8217;h\u00e9site pas \u00e0 nous contacter nous nous y mettrons tout de suite.<\/em><\/p>\n<p><em><strong>Comment puis-je modifier ou annuler ma r\u00e9servation ? Quelles sont tes conditions d&#8217;annulation ?<\/strong><\/em><\/p>\n<p><em>Jusqu&#8217;\u00e0 24 heures avant ta r\u00e9servation, nous te rembourserons 90 % du montant total de l&#8217;achat. Apr\u00e8s 24 heures avant la r\u00e9servation, tu peux encore reporter ta r\u00e9servation (en fonction des disponibilit\u00e9s) gratuitement. Les r\u00e9servations ne peuvent pas \u00eatre report\u00e9es apr\u00e8s 3 heures avant la r\u00e9servation.<\/em><\/p>\n<p><em>Pour annuler ou reporter ta r\u00e9servation, contacte le lieu\/partenaire aupr\u00e8s duquel tu as r\u00e9serv\u00e9. Nous te fournirons les coordonn\u00e9es de contact sur ta confirmation de commande. Si tu as besoin d&#8217;aide, n&#8217;h\u00e9site pas \u00e0 nous contacter !<\/em><\/p>\n<p><em><strong>Dois-je imprimer mes billets \/ ma confirmation de commande ?<\/strong><\/em><\/p>\n<p><em>Non, il n&#8217;est pas n\u00e9cessaire d&#8217;apporter une version imprim\u00e9e. Cependant, assure-toi de pouvoir montrer tes billets \/ la confirmation de commande sur ton smartphone lorsqu&#8217;on te le demande.<\/em><\/p>\n<p><em><strong>Comment thingstodoinamsterdam.com traitera-t-il mes informations personnelles ?<\/strong><\/em><\/p>\n<p><em>Nous accordons de l&#8217;importance \u00e0 ta vie priv\u00e9e et nous traitons tes donn\u00e9es personnelles avec soin. Notre site Internet utilise le cryptage SSL pour assurer la s\u00e9curit\u00e9 du traitement des informations personnelles. Nous partagerons tes donn\u00e9es personnelles exclusivement pour le traitement correct de ta r\u00e9servation. Les partenaires \/ lieux qui re\u00e7oivent ta r\u00e9servation n&#8217;utiliseront jamais tes donn\u00e9es personnelles \u00e0 des fins de marketing. thingstodoinamsterdam.com ne partagera \/ vendra jamais tes donn\u00e9es personnelles dans un but autre que celui d&#8217;assurer le bon d\u00e9roulement de ta r\u00e9servation. Pour plus d&#8217;informations, consulte aussi notre <a href=\"https:\/\/thingstodoinamsterdam.com\/about\/privacy-policy\/\">politique de confidentialit\u00e9<\/a>.<\/em><\/p>\n<p><em><strong>Comment puis-je contacter thingstodoinamsterdam.com concernant les r\u00e9servations ?<\/strong><\/em><\/p>\n<p><em>Contacte-nous par le biais des <strong>r\u00e9servations[at]thingstodoinamsterdam.com<\/strong> nous essaierons de r\u00e9pondre \u00e0 ton e-mail dans les 24 heures. En cas d&#8217;urgence, contacte-nous au <a href=\"tel:0031617347947\">+316-17 347 947<\/a>.<\/em><em>  <\/em>[\/vc_column_text][\/vc_column][\/vc_row]<\/p>\n<\/div>","protected":false},"excerpt":{"rendered":"<p>[vc_row][vc_column][vc_column_text]Nous, thingstodoinamsterdam.com, nous effor\u00e7ons toujours de te faire b\u00e9n\u00e9ficier des meilleures offres sur les exp\u00e9riences \u00e0 Amsterdam. C&#8217;est pourquoi nous collaborons avec des partenaires de\u2026<\/p>\n","protected":false},"author":1,"featured_media":11026,"parent":447,"menu_order":0,"comment_status":"closed","ping_status":"closed","template":"","meta":{"footnotes":""},"class_list":["post-404","page","type-page","status-publish","has-post-thumbnail","hentry"],"yoast_head":"<!-- This site is optimized with the Yoast SEO plugin v27.4 - https:\/\/yoast.com\/product\/yoast-seo-wordpress\/ -->\n<title>Service \u00e0 la client\u00e8le - ThingstodoinAmsterdam.com<\/title>\n<meta name=\"description\" content=\"Trouvez les meilleures offres pour des exp\u00e9riences uniques \u00e0 Amsterdam. Ici, toutes les informations \u00e0 propos de notre service client.\" \/>\n<meta name=\"robots\" content=\"index, follow, max-snippet:-1, max-image-preview:large, max-video-preview:-1\" \/>\n<link rel=\"canonical\" href=\"https:\/\/thingstodoinamsterdam.com\/fr\/a-propos\/service-client\/\" \/>\n<meta property=\"og:locale\" content=\"fr_FR\" \/>\n<meta property=\"og:type\" content=\"article\" \/>\n<meta property=\"og:title\" content=\"Service \u00e0 la client\u00e8le - ThingstodoinAmsterdam.com\" \/>\n<meta property=\"og:description\" content=\"Trouvez les meilleures offres pour des exp\u00e9riences uniques \u00e0 Amsterdam. Ici, toutes les informations \u00e0 propos de notre service client.\" \/>\n<meta property=\"og:url\" content=\"https:\/\/thingstodoinamsterdam.com\/fr\/a-propos\/service-client\/\" \/>\n<meta property=\"og:site_name\" content=\"ThingstodoinAmsterdam.com\" \/>\n<meta property=\"article:publisher\" content=\"https:\/\/www.facebook.com\/thingstodoinamsterdamcom\" \/>\n<meta property=\"article:modified_time\" content=\"2024-05-31T12:57:08+00:00\" \/>\n<meta property=\"og:image\" content=\"https:\/\/thingstodoinamsterdam.com\/wp-content\/uploads\/2021\/08\/faq.jpg\" \/>\n\t<meta property=\"og:image:width\" content=\"400\" \/>\n\t<meta property=\"og:image:height\" content=\"219\" \/>\n\t<meta property=\"og:image:type\" content=\"image\/jpeg\" \/>\n<meta name=\"twitter:card\" content=\"summary_large_image\" \/>\n<meta name=\"twitter:label1\" content=\"Est. reading time\" \/>\n\t<meta name=\"twitter:data1\" content=\"3 minutes\" \/>\n<script type=\"application\/ld+json\" class=\"yoast-schema-graph\">{\"@context\":\"https:\\\/\\\/schema.org\",\"@graph\":[{\"@type\":\"WebPage\",\"@id\":\"https:\\\/\\\/thingstodoinamsterdam.com\\\/fr\\\/a-propos\\\/service-client\\\/\",\"url\":\"https:\\\/\\\/thingstodoinamsterdam.com\\\/fr\\\/a-propos\\\/service-client\\\/\",\"name\":\"Service \u00e0 la client\u00e8le - ThingstodoinAmsterdam.com\",\"isPartOf\":{\"@id\":\"https:\\\/\\\/thingstodoinamsterdam.com\\\/fr\\\/#website\"},\"primaryImageOfPage\":{\"@id\":\"https:\\\/\\\/thingstodoinamsterdam.com\\\/fr\\\/a-propos\\\/service-client\\\/#primaryimage\"},\"image\":{\"@id\":\"https:\\\/\\\/thingstodoinamsterdam.com\\\/fr\\\/a-propos\\\/service-client\\\/#primaryimage\"},\"thumbnailUrl\":\"https:\\\/\\\/thingstodoinamsterdam.com\\\/wp-content\\\/uploads\\\/2021\\\/08\\\/faq.jpg\",\"datePublished\":\"2019-04-15T11:20:33+00:00\",\"dateModified\":\"2024-05-31T12:57:08+00:00\",\"description\":\"Trouvez les meilleures offres pour des exp\u00e9riences uniques \u00e0 Amsterdam. Ici, toutes les informations \u00e0 propos de notre service client.\",\"breadcrumb\":{\"@id\":\"https:\\\/\\\/thingstodoinamsterdam.com\\\/fr\\\/a-propos\\\/service-client\\\/#breadcrumb\"},\"inLanguage\":\"fr\",\"potentialAction\":[{\"@type\":\"ReadAction\",\"target\":[\"https:\\\/\\\/thingstodoinamsterdam.com\\\/fr\\\/a-propos\\\/service-client\\\/\"]}]},{\"@type\":\"ImageObject\",\"inLanguage\":\"fr\",\"@id\":\"https:\\\/\\\/thingstodoinamsterdam.com\\\/fr\\\/a-propos\\\/service-client\\\/#primaryimage\",\"url\":\"https:\\\/\\\/thingstodoinamsterdam.com\\\/wp-content\\\/uploads\\\/2021\\\/08\\\/faq.jpg\",\"contentUrl\":\"https:\\\/\\\/thingstodoinamsterdam.com\\\/wp-content\\\/uploads\\\/2021\\\/08\\\/faq.jpg\",\"width\":400,\"height\":219,\"caption\":\"faq\"},{\"@type\":\"BreadcrumbList\",\"@id\":\"https:\\\/\\\/thingstodoinamsterdam.com\\\/fr\\\/a-propos\\\/service-client\\\/#breadcrumb\",\"itemListElement\":[{\"@type\":\"ListItem\",\"position\":1,\"name\":\"Visiter Amsterdam\",\"item\":\"https:\\\/\\\/thingstodoinamsterdam.com\\\/fr\\\/\"},{\"@type\":\"ListItem\",\"position\":2,\"name\":\"\u00c0 propos de\",\"item\":\"https:\\\/\\\/thingstodoinamsterdam.com\\\/fr\\\/a-propos\\\/\"},{\"@type\":\"ListItem\",\"position\":3,\"name\":\"Service \u00e0 la client\u00e8le\"}]},{\"@type\":\"WebSite\",\"@id\":\"https:\\\/\\\/thingstodoinamsterdam.com\\\/fr\\\/#website\",\"url\":\"https:\\\/\\\/thingstodoinamsterdam.com\\\/fr\\\/\",\"name\":\"ThingstodoinAmsterdam.com\",\"description\":\"Amsterdam&#039;s highlights and hidden secrets\",\"publisher\":{\"@id\":\"https:\\\/\\\/thingstodoinamsterdam.com\\\/fr\\\/#organization\"},\"potentialAction\":[{\"@type\":\"SearchAction\",\"target\":{\"@type\":\"EntryPoint\",\"urlTemplate\":\"https:\\\/\\\/thingstodoinamsterdam.com\\\/fr\\\/?s={search_term_string}\"},\"query-input\":{\"@type\":\"PropertyValueSpecification\",\"valueRequired\":true,\"valueName\":\"search_term_string\"}}],\"inLanguage\":\"fr\"},{\"@type\":\"Organization\",\"@id\":\"https:\\\/\\\/thingstodoinamsterdam.com\\\/fr\\\/#organization\",\"name\":\"Visiter Amsterdam\",\"url\":\"https:\\\/\\\/thingstodoinamsterdam.com\\\/fr\\\/\",\"logo\":{\"@type\":\"ImageObject\",\"inLanguage\":\"fr\",\"@id\":\"https:\\\/\\\/thingstodoinamsterdam.com\\\/fr\\\/#\\\/schema\\\/logo\\\/image\\\/\",\"url\":\"https:\\\/\\\/thingstodoinamsterdam.com\\\/wp-content\\\/uploads\\\/2025\\\/02\\\/ThingsToDoInAmsterdam-Favicon-logo.png\",\"contentUrl\":\"https:\\\/\\\/thingstodoinamsterdam.com\\\/wp-content\\\/uploads\\\/2025\\\/02\\\/ThingsToDoInAmsterdam-Favicon-logo.png\",\"width\":512,\"height\":512,\"caption\":\"Visiter Amsterdam\"},\"image\":{\"@id\":\"https:\\\/\\\/thingstodoinamsterdam.com\\\/fr\\\/#\\\/schema\\\/logo\\\/image\\\/\"},\"sameAs\":[\"https:\\\/\\\/www.facebook.com\\\/thingstodoinamsterdamcom\"]}]}<\/script>\n<!-- \/ Yoast SEO plugin. -->","yoast_head_json":{"title":"Service \u00e0 la client\u00e8le - ThingstodoinAmsterdam.com","description":"Trouvez les meilleures offres pour des exp\u00e9riences uniques \u00e0 Amsterdam. Ici, toutes les informations \u00e0 propos de notre service client.","robots":{"index":"index","follow":"follow","max-snippet":"max-snippet:-1","max-image-preview":"max-image-preview:large","max-video-preview":"max-video-preview:-1"},"canonical":"https:\/\/thingstodoinamsterdam.com\/fr\/a-propos\/service-client\/","og_locale":"fr_FR","og_type":"article","og_title":"Service \u00e0 la client\u00e8le - ThingstodoinAmsterdam.com","og_description":"Trouvez les meilleures offres pour des exp\u00e9riences uniques \u00e0 Amsterdam. Ici, toutes les informations \u00e0 propos de notre service client.","og_url":"https:\/\/thingstodoinamsterdam.com\/fr\/a-propos\/service-client\/","og_site_name":"ThingstodoinAmsterdam.com","article_publisher":"https:\/\/www.facebook.com\/thingstodoinamsterdamcom","article_modified_time":"2024-05-31T12:57:08+00:00","og_image":[{"width":400,"height":219,"url":"https:\/\/thingstodoinamsterdam.com\/wp-content\/uploads\/2021\/08\/faq.jpg","type":"image\/jpeg"}],"twitter_card":"summary_large_image","twitter_misc":{"Est. reading time":"3 minutes"},"schema":{"@context":"https:\/\/schema.org","@graph":[{"@type":"WebPage","@id":"https:\/\/thingstodoinamsterdam.com\/fr\/a-propos\/service-client\/","url":"https:\/\/thingstodoinamsterdam.com\/fr\/a-propos\/service-client\/","name":"Service \u00e0 la client\u00e8le - ThingstodoinAmsterdam.com","isPartOf":{"@id":"https:\/\/thingstodoinamsterdam.com\/fr\/#website"},"primaryImageOfPage":{"@id":"https:\/\/thingstodoinamsterdam.com\/fr\/a-propos\/service-client\/#primaryimage"},"image":{"@id":"https:\/\/thingstodoinamsterdam.com\/fr\/a-propos\/service-client\/#primaryimage"},"thumbnailUrl":"https:\/\/thingstodoinamsterdam.com\/wp-content\/uploads\/2021\/08\/faq.jpg","datePublished":"2019-04-15T11:20:33+00:00","dateModified":"2024-05-31T12:57:08+00:00","description":"Trouvez les meilleures offres pour des exp\u00e9riences uniques \u00e0 Amsterdam. Ici, toutes les informations \u00e0 propos de notre service client.","breadcrumb":{"@id":"https:\/\/thingstodoinamsterdam.com\/fr\/a-propos\/service-client\/#breadcrumb"},"inLanguage":"fr","potentialAction":[{"@type":"ReadAction","target":["https:\/\/thingstodoinamsterdam.com\/fr\/a-propos\/service-client\/"]}]},{"@type":"ImageObject","inLanguage":"fr","@id":"https:\/\/thingstodoinamsterdam.com\/fr\/a-propos\/service-client\/#primaryimage","url":"https:\/\/thingstodoinamsterdam.com\/wp-content\/uploads\/2021\/08\/faq.jpg","contentUrl":"https:\/\/thingstodoinamsterdam.com\/wp-content\/uploads\/2021\/08\/faq.jpg","width":400,"height":219,"caption":"faq"},{"@type":"BreadcrumbList","@id":"https:\/\/thingstodoinamsterdam.com\/fr\/a-propos\/service-client\/#breadcrumb","itemListElement":[{"@type":"ListItem","position":1,"name":"Visiter Amsterdam","item":"https:\/\/thingstodoinamsterdam.com\/fr\/"},{"@type":"ListItem","position":2,"name":"\u00c0 propos de","item":"https:\/\/thingstodoinamsterdam.com\/fr\/a-propos\/"},{"@type":"ListItem","position":3,"name":"Service \u00e0 la client\u00e8le"}]},{"@type":"WebSite","@id":"https:\/\/thingstodoinamsterdam.com\/fr\/#website","url":"https:\/\/thingstodoinamsterdam.com\/fr\/","name":"ThingstodoinAmsterdam.com","description":"Amsterdam&#039;s highlights and hidden secrets","publisher":{"@id":"https:\/\/thingstodoinamsterdam.com\/fr\/#organization"},"potentialAction":[{"@type":"SearchAction","target":{"@type":"EntryPoint","urlTemplate":"https:\/\/thingstodoinamsterdam.com\/fr\/?s={search_term_string}"},"query-input":{"@type":"PropertyValueSpecification","valueRequired":true,"valueName":"search_term_string"}}],"inLanguage":"fr"},{"@type":"Organization","@id":"https:\/\/thingstodoinamsterdam.com\/fr\/#organization","name":"Visiter Amsterdam","url":"https:\/\/thingstodoinamsterdam.com\/fr\/","logo":{"@type":"ImageObject","inLanguage":"fr","@id":"https:\/\/thingstodoinamsterdam.com\/fr\/#\/schema\/logo\/image\/","url":"https:\/\/thingstodoinamsterdam.com\/wp-content\/uploads\/2025\/02\/ThingsToDoInAmsterdam-Favicon-logo.png","contentUrl":"https:\/\/thingstodoinamsterdam.com\/wp-content\/uploads\/2025\/02\/ThingsToDoInAmsterdam-Favicon-logo.png","width":512,"height":512,"caption":"Visiter Amsterdam"},"image":{"@id":"https:\/\/thingstodoinamsterdam.com\/fr\/#\/schema\/logo\/image\/"},"sameAs":["https:\/\/www.facebook.com\/thingstodoinamsterdamcom"]}]}},"_links":{"self":[{"href":"https:\/\/thingstodoinamsterdam.com\/fr\/wp-json\/wp\/v2\/pages\/404","targetHints":{"allow":["GET"]}}],"collection":[{"href":"https:\/\/thingstodoinamsterdam.com\/fr\/wp-json\/wp\/v2\/pages"}],"about":[{"href":"https:\/\/thingstodoinamsterdam.com\/fr\/wp-json\/wp\/v2\/types\/page"}],"author":[{"embeddable":true,"href":"https:\/\/thingstodoinamsterdam.com\/fr\/wp-json\/wp\/v2\/users\/1"}],"replies":[{"embeddable":true,"href":"https:\/\/thingstodoinamsterdam.com\/fr\/wp-json\/wp\/v2\/comments?post=404"}],"version-history":[{"count":3,"href":"https:\/\/thingstodoinamsterdam.com\/fr\/wp-json\/wp\/v2\/pages\/404\/revisions"}],"predecessor-version":[{"id":1521416,"href":"https:\/\/thingstodoinamsterdam.com\/fr\/wp-json\/wp\/v2\/pages\/404\/revisions\/1521416"}],"up":[{"embeddable":true,"href":"https:\/\/thingstodoinamsterdam.com\/fr\/wp-json\/wp\/v2\/pages\/447"}],"wp:featuredmedia":[{"embeddable":true,"href":"https:\/\/thingstodoinamsterdam.com\/fr\/wp-json\/wp\/v2\/media\/11026"}],"wp:attachment":[{"href":"https:\/\/thingstodoinamsterdam.com\/fr\/wp-json\/wp\/v2\/media?parent=404"}],"curies":[{"name":"wp","href":"https:\/\/api.w.org\/{rel}","templated":true}]}}