{"id":408,"date":"2019-05-14T15:29:21","date_gmt":"2019-05-14T15:29:21","guid":{"rendered":"https:\/\/thingstodoinamsterdam.com\/?page_id=408"},"modified":"2021-08-20T11:11:35","modified_gmt":"2021-08-20T10:11:35","slug":"quand-partir-a-amsterdam","status":"publish","type":"page","link":"https:\/\/thingstodoinamsterdam.com\/fr\/quand-partir-a-amsterdam\/","title":{"rendered":"Quand partir \u00e0 Amsterdam"},"content":{"rendered":"<div class=\"wpb-content-wrapper\"><p>[vc_row][vc_column][vc_column_text]Ce qui est merveilleux \u00e0 Amsterdam, c&#8217;est que peu importe le temps et la p\u00e9riode de l&#8217;ann\u00e9e, vous n&#8217;aurez jamais le temps de vous ennuyer, il y a tellement \u00e0 voir ! En r\u00e9alit\u00e9, il n&#8217;y a pas de bonne ou de mauvaise r\u00e9ponse \u00e0 la question : quel est le meilleur moment pour visiter Amsterdam? Car tout d\u00e9pend de vos envies et de l&#8217;exp\u00e9rience que vous souhaitez vivre durant votre s\u00e9jour.<\/p>\n<p>\u00c0 Amsterdam, les voyageurs et les touristes viennent tout au long de l&#8217;ann\u00e9e, \u00e0 chaque saison, lors de tout \u00e9v\u00e8nement&#8230;<\/p>\n<p>Nous savons que ce n&#8217;est pas la r\u00e9ponse la plus satisfaisante, donc essayons d&#8217;\u00eatre plus pr\u00e9cis.<\/p>\n<p>&nbsp;<\/p>\n<h2>Quand aller \u00e0 Amsterdam ?<\/h2>\n<p>&nbsp;<\/p>\n<h3>Pour les beaux jours<\/h3>\n<p>Comme les Pays-Bas sont un pays c\u00f4tier, le climat est oc\u00e9anique, les temp\u00e9ratures sont en g\u00e9n\u00e9rales assez fra\u00eeches. En effet, les hivers sont marqu\u00e9s par de basses temp\u00e9ratures (<span class=\"s1\">0\u00b0C-5\u00b0C \/ 32\u00b0F-40\u00b0F), et parfois il neige.<\/span><\/p>\n<p>\u00c0 l&#8217;inverse, les mois de juin, juillet et ao\u00fbt sont plus doux, les temp\u00e9ratures tournent autour de\u00a0<span class=\"s1\">20\u00b0C\/71\u00b0F.<\/span><\/p>\n<p><span class=\"s1\">Si vous souhaitez passer votre s\u00e9jour \u00e0 Amsterdam lorsque les temp\u00e9ratures ne sont pas trop basses, la meilleure p\u00e9riode pour visiter cette magnifique ville est entre mai et septembre. Pour plus d&#8217;informations sur le climat et la m\u00e9t\u00e9o \u00e0 Amsterdam <a href=\"https:\/\/thingstodoinamsterdam.com\/fr\/meteo-a-amsterdam\/\">cliquez ici<\/a>.<\/span><\/p>\n<h3>Pour \u00eatre au calme<\/h3>\n<p class=\"p1\"><span class=\"s1\">Plus de 10 millions de touristes viennent visiter Amsterdam chaque ann\u00e9e. La haute saison d\u00e9marre fin mars jusqu&#8217;en septembre. Le pic d&#8217;affluence est en juillet et ao\u00fbt, lorsque les familles sont en vacances.<\/span><\/p>\n<p><em>\u00c0 noter : les gros \u00e9v\u00e8nements tels que King&#8217;s Day, No\u00ebl, Nouvel An, P\u00e2ques&#8230; sont \u00e0 \u00e9viter si vous ne voulez pas vous retrouver au milieu de la foule !<\/em><\/p>\n<p>Si vous souhaitez plus de tranquillit\u00e9, l&#8217;automne et l&#8217;hiver, sont, les saisons les plus calmes compar\u00e9 \u00e0 la p\u00e9riode printemps \/ \u00e9t\u00e9. Mais tout est relatif, car la ville d&#8217;Amsterdam reste une ville tr\u00e8s dynamique !<\/p>\n<p><img decoding=\"async\" class=\"alignright wp-image-4445 size-medium\" style=\"font-family: Verdana, Geneva, sans-serif; font-weight: inherit;\" title=\"best time to visit amsterdam keukenhof tulips\" src=\"https:\/\/thingstodoinamsterdam.com\/wp-content\/uploads\/2019\/07\/keukenhof-2018-300x200.jpg\" alt=\"keukenhof tulips 2018 \" width=\"300\" height=\"200\" \/><\/p>\n<h3>Quand visiter Amsterdam pour les tulipes&#8230;<\/h3>\n<p>La tulipe est l&#8217;un des symboles des Pays-Bas. L&#8217;endroit id\u00e9al pour voir une multitude de tulipes et des milliers de couleurs est \u00e0 <a href=\"https:\/\/thingstodoinamsterdam.com\/fr\/blog\/keukenhof-2019-jardin-des-tulipes\/\">Keukenhof<\/a>, le jardin des tulipes situ\u00e9 \u00e0 Lisse. Toutefois, la saison des fleurs est limit\u00e9e, environ 2 mois dans l&#8217;ann\u00e9e. Donc si vous voulez voir ce spectacle magnifique, il va falloir planifier votre voyage sur la p\u00e9riode avril &#8211; mai.<\/p>\n<p>Dates d&#8217;ouverture de Keukenhof en 2019 : <strong>du 21 mars au 29 mai<\/strong>.<\/p>\n<p>&nbsp;<\/p>\n<h3>Le meilleur moment pour venir faire la f\u00eate \u00e0 Amsterdam<\/h3>\n<p class=\"p1\"><span class=\"s1\">Les Pays-Bas, et particuli\u00e8rement Amsterdam, sont connus pour ses nombreux festivals tout au long du printemps et de l&#8217;\u00e9t\u00e9 ! Durant cette saison, il y a des festivals, vari\u00e9s, presque tous les week-ends. De plus, le 27 avril, les Pays-Bas f\u00eatent le King&#8217;s Day, un \u00e9v\u00e8nement annuel qui rassemble des milliers de personnes \u00e0 travers le pays.\u00a0<\/span><\/p>\n<p>\u00c0 noter que pendant cette p\u00e9riode, les prix des logements montent en fl\u00e8che, mais pour nous, cela en vaut la peine ![\/vc_column_text][\/vc_column][\/vc_row][vc_row][vc_column][vc_column_text]<strong>Jetez un coup d&#8217;oeil aux <a href=\"https:\/\/thingstodoinamsterdam.com\/fr\/\">choses \u00e0 faire \u00e0 Amsterdam<\/a> ainsi que les <a href=\"https:\/\/thingstodoinamsterdam.com\/fr\/musees-amsterdam\/\">mus\u00e9es \u00e0 visiter<\/a>.<\/strong>[\/vc_column_text][\/vc_column][\/vc_row][vc_row][vc_column][promo_block style_var=&#8221;style2&#8243; el_id=&#8221;1565705400103-132f1532-9293&#8243;][promo link=&#8221;url:https%3A%2F%2Fthingstodoinamsterdam.com%2Ffr%2Fmusees-amsterdam%2Fle-rijksmuseum%2F|title:Rijksmuseum||&#8221; text=&#8221;Venez d\u00e9couvrir le c\u00e9l\u00e8bre Night Watch de Rembrandt et bien d\u2019autres oeuvres d\u2019artistes n\u00e9erlandais.&#8221; img=&#8221;1090&#8243;][promo link=&#8221;url:https%3A%2F%2Fthingstodoinamsterdam.com%2Ffr%2Fmusees-amsterdam%2Fle-musee-van-gogh%2F|title:Van%20Gogh%20Museum||&#8221; text=&#8221;Le mus\u00e9e est d\u00e9di\u00e9 \u00e0 la vie de Vincent van Gogh. Venez admirer ses oeuvres.&#8221; img=&#8221;592&#8243;][promo link=&#8221;url:https%3A%2F%2Fthingstodoinamsterdam.com%2Ffr%2Fmusees-amsterdam%2Fheineken-experience-amsterdam%2F|title:Heineken%20Experience||&#8221; text=&#8221;Apprenez-en plus sur la c\u00e9l\u00e8bre marque de bi\u00e8re. Rendez-vous dans l\u2019ancienne brasserie.&#8221; img=&#8221;548&#8243;][\/promo_block][\/vc_column][\/vc_row]<\/p>\n<\/div>","protected":false},"excerpt":{"rendered":"<p>[vc_row][vc_column][vc_column_text]Ce qui est merveilleux \u00e0 Amsterdam, c&#8217;est que peu importe le temps et la p\u00e9riode de l&#8217;ann\u00e9e, vous n&#8217;aurez jamais le temps de vous ennuyer,\u2026<\/p>\n","protected":false},"author":1,"featured_media":3082,"parent":0,"menu_order":0,"comment_status":"closed","ping_status":"closed","template":"","meta":{"footnotes":""},"class_list":["post-408","page","type-page","status-publish","has-post-thumbnail","hentry"],"yoast_head":"<!-- This site is optimized with the Yoast SEO plugin v27.4 - https:\/\/yoast.com\/product\/yoast-seo-wordpress\/ -->\n<title>Quand partir \u00e0 Amsterdam - informations pratiques &amp; plus<\/title>\n<meta name=\"description\" content=\"Sur cette page nous vous \u00e9clairons sur les meilleurs moments pour visiter Amsterdam. Quand visiter Amsterdam pour avoir du beau temps, pour faire la f\u00eate...\" \/>\n<meta name=\"robots\" content=\"index, follow, max-snippet:-1, max-image-preview:large, max-video-preview:-1\" \/>\n<link rel=\"canonical\" href=\"https:\/\/thingstodoinamsterdam.com\/fr\/quand-partir-a-amsterdam\/\" \/>\n<meta property=\"og:locale\" content=\"fr_FR\" \/>\n<meta property=\"og:type\" content=\"article\" \/>\n<meta property=\"og:title\" content=\"Quand partir \u00e0 Amsterdam - informations pratiques &amp; plus\" \/>\n<meta property=\"og:description\" content=\"Sur cette page nous vous \u00e9clairons sur les meilleurs moments pour visiter Amsterdam. Quand visiter Amsterdam pour avoir du beau temps, pour faire la f\u00eate...\" \/>\n<meta property=\"og:url\" content=\"https:\/\/thingstodoinamsterdam.com\/fr\/quand-partir-a-amsterdam\/\" \/>\n<meta property=\"og:site_name\" content=\"ThingstodoinAmsterdam.com\" \/>\n<meta property=\"article:publisher\" content=\"https:\/\/www.facebook.com\/thingstodoinamsterdamcom\" \/>\n<meta property=\"article:modified_time\" content=\"2021-08-20T10:11:35+00:00\" \/>\n<meta property=\"og:image\" content=\"https:\/\/thingstodoinamsterdam.com\/wp-content\/uploads\/2019\/08\/Cycling-in-Amsterdam-300x300.jpg\" \/>\n\t<meta property=\"og:image:width\" content=\"300\" \/>\n\t<meta property=\"og:image:height\" content=\"300\" \/>\n\t<meta property=\"og:image:type\" content=\"image\/jpeg\" \/>\n<meta name=\"twitter:card\" content=\"summary_large_image\" \/>\n<meta name=\"twitter:label1\" content=\"Est. reading time\" \/>\n\t<meta name=\"twitter:data1\" content=\"3 minutes\" \/>\n<script type=\"application\/ld+json\" class=\"yoast-schema-graph\">{\"@context\":\"https:\\\/\\\/schema.org\",\"@graph\":[{\"@type\":\"WebPage\",\"@id\":\"https:\\\/\\\/thingstodoinamsterdam.com\\\/fr\\\/quand-partir-a-amsterdam\\\/\",\"url\":\"https:\\\/\\\/thingstodoinamsterdam.com\\\/fr\\\/quand-partir-a-amsterdam\\\/\",\"name\":\"Quand partir \u00e0 Amsterdam - informations pratiques & plus\",\"isPartOf\":{\"@id\":\"https:\\\/\\\/thingstodoinamsterdam.com\\\/fr\\\/#website\"},\"primaryImageOfPage\":{\"@id\":\"https:\\\/\\\/thingstodoinamsterdam.com\\\/fr\\\/quand-partir-a-amsterdam\\\/#primaryimage\"},\"image\":{\"@id\":\"https:\\\/\\\/thingstodoinamsterdam.com\\\/fr\\\/quand-partir-a-amsterdam\\\/#primaryimage\"},\"thumbnailUrl\":\"https:\\\/\\\/thingstodoinamsterdam.com\\\/wp-content\\\/uploads\\\/2019\\\/08\\\/Cycling-in-Amsterdam-300x300.jpg\",\"datePublished\":\"2019-05-14T15:29:21+00:00\",\"dateModified\":\"2021-08-20T10:11:35+00:00\",\"description\":\"Sur cette page nous vous \u00e9clairons sur les meilleurs moments pour visiter Amsterdam. Quand visiter Amsterdam pour avoir du beau temps, pour faire la f\u00eate...\",\"breadcrumb\":{\"@id\":\"https:\\\/\\\/thingstodoinamsterdam.com\\\/fr\\\/quand-partir-a-amsterdam\\\/#breadcrumb\"},\"inLanguage\":\"fr\",\"potentialAction\":[{\"@type\":\"ReadAction\",\"target\":[\"https:\\\/\\\/thingstodoinamsterdam.com\\\/fr\\\/quand-partir-a-amsterdam\\\/\"]}]},{\"@type\":\"ImageObject\",\"inLanguage\":\"fr\",\"@id\":\"https:\\\/\\\/thingstodoinamsterdam.com\\\/fr\\\/quand-partir-a-amsterdam\\\/#primaryimage\",\"url\":\"https:\\\/\\\/thingstodoinamsterdam.com\\\/wp-content\\\/uploads\\\/2019\\\/08\\\/Cycling-in-Amsterdam-300x300.jpg\",\"contentUrl\":\"https:\\\/\\\/thingstodoinamsterdam.com\\\/wp-content\\\/uploads\\\/2019\\\/08\\\/Cycling-in-Amsterdam-300x300.jpg\",\"width\":300,\"height\":300,\"caption\":\"seasonal amsterdam\"},{\"@type\":\"BreadcrumbList\",\"@id\":\"https:\\\/\\\/thingstodoinamsterdam.com\\\/fr\\\/quand-partir-a-amsterdam\\\/#breadcrumb\",\"itemListElement\":[{\"@type\":\"ListItem\",\"position\":1,\"name\":\"Visiter Amsterdam\",\"item\":\"https:\\\/\\\/thingstodoinamsterdam.com\\\/fr\\\/\"},{\"@type\":\"ListItem\",\"position\":2,\"name\":\"Quand partir \u00e0 Amsterdam\"}]},{\"@type\":\"WebSite\",\"@id\":\"https:\\\/\\\/thingstodoinamsterdam.com\\\/fr\\\/#website\",\"url\":\"https:\\\/\\\/thingstodoinamsterdam.com\\\/fr\\\/\",\"name\":\"ThingstodoinAmsterdam.com\",\"description\":\"Amsterdam&#039;s highlights and hidden secrets\",\"publisher\":{\"@id\":\"https:\\\/\\\/thingstodoinamsterdam.com\\\/fr\\\/#organization\"},\"potentialAction\":[{\"@type\":\"SearchAction\",\"target\":{\"@type\":\"EntryPoint\",\"urlTemplate\":\"https:\\\/\\\/thingstodoinamsterdam.com\\\/fr\\\/?s={search_term_string}\"},\"query-input\":{\"@type\":\"PropertyValueSpecification\",\"valueRequired\":true,\"valueName\":\"search_term_string\"}}],\"inLanguage\":\"fr\"},{\"@type\":\"Organization\",\"@id\":\"https:\\\/\\\/thingstodoinamsterdam.com\\\/fr\\\/#organization\",\"name\":\"Visiter Amsterdam\",\"url\":\"https:\\\/\\\/thingstodoinamsterdam.com\\\/fr\\\/\",\"logo\":{\"@type\":\"ImageObject\",\"inLanguage\":\"fr\",\"@id\":\"https:\\\/\\\/thingstodoinamsterdam.com\\\/fr\\\/#\\\/schema\\\/logo\\\/image\\\/\",\"url\":\"https:\\\/\\\/thingstodoinamsterdam.com\\\/wp-content\\\/uploads\\\/2025\\\/02\\\/ThingsToDoInAmsterdam-Favicon-logo.png\",\"contentUrl\":\"https:\\\/\\\/thingstodoinamsterdam.com\\\/wp-content\\\/uploads\\\/2025\\\/02\\\/ThingsToDoInAmsterdam-Favicon-logo.png\",\"width\":512,\"height\":512,\"caption\":\"Visiter Amsterdam\"},\"image\":{\"@id\":\"https:\\\/\\\/thingstodoinamsterdam.com\\\/fr\\\/#\\\/schema\\\/logo\\\/image\\\/\"},\"sameAs\":[\"https:\\\/\\\/www.facebook.com\\\/thingstodoinamsterdamcom\"]}]}<\/script>\n<!-- \/ Yoast SEO plugin. -->","yoast_head_json":{"title":"Quand partir \u00e0 Amsterdam - informations pratiques & plus","description":"Sur cette page nous vous \u00e9clairons sur les meilleurs moments pour visiter Amsterdam. Quand visiter Amsterdam pour avoir du beau temps, pour faire la f\u00eate...","robots":{"index":"index","follow":"follow","max-snippet":"max-snippet:-1","max-image-preview":"max-image-preview:large","max-video-preview":"max-video-preview:-1"},"canonical":"https:\/\/thingstodoinamsterdam.com\/fr\/quand-partir-a-amsterdam\/","og_locale":"fr_FR","og_type":"article","og_title":"Quand partir \u00e0 Amsterdam - informations pratiques & plus","og_description":"Sur cette page nous vous \u00e9clairons sur les meilleurs moments pour visiter Amsterdam. Quand visiter Amsterdam pour avoir du beau temps, pour faire la f\u00eate...","og_url":"https:\/\/thingstodoinamsterdam.com\/fr\/quand-partir-a-amsterdam\/","og_site_name":"ThingstodoinAmsterdam.com","article_publisher":"https:\/\/www.facebook.com\/thingstodoinamsterdamcom","article_modified_time":"2021-08-20T10:11:35+00:00","og_image":[{"width":300,"height":300,"url":"https:\/\/thingstodoinamsterdam.com\/wp-content\/uploads\/2019\/08\/Cycling-in-Amsterdam-300x300.jpg","type":"image\/jpeg"}],"twitter_card":"summary_large_image","twitter_misc":{"Est. reading time":"3 minutes"},"schema":{"@context":"https:\/\/schema.org","@graph":[{"@type":"WebPage","@id":"https:\/\/thingstodoinamsterdam.com\/fr\/quand-partir-a-amsterdam\/","url":"https:\/\/thingstodoinamsterdam.com\/fr\/quand-partir-a-amsterdam\/","name":"Quand partir \u00e0 Amsterdam - informations pratiques & plus","isPartOf":{"@id":"https:\/\/thingstodoinamsterdam.com\/fr\/#website"},"primaryImageOfPage":{"@id":"https:\/\/thingstodoinamsterdam.com\/fr\/quand-partir-a-amsterdam\/#primaryimage"},"image":{"@id":"https:\/\/thingstodoinamsterdam.com\/fr\/quand-partir-a-amsterdam\/#primaryimage"},"thumbnailUrl":"https:\/\/thingstodoinamsterdam.com\/wp-content\/uploads\/2019\/08\/Cycling-in-Amsterdam-300x300.jpg","datePublished":"2019-05-14T15:29:21+00:00","dateModified":"2021-08-20T10:11:35+00:00","description":"Sur cette page nous vous \u00e9clairons sur les meilleurs moments pour visiter Amsterdam. Quand visiter Amsterdam pour avoir du beau temps, pour faire la f\u00eate...","breadcrumb":{"@id":"https:\/\/thingstodoinamsterdam.com\/fr\/quand-partir-a-amsterdam\/#breadcrumb"},"inLanguage":"fr","potentialAction":[{"@type":"ReadAction","target":["https:\/\/thingstodoinamsterdam.com\/fr\/quand-partir-a-amsterdam\/"]}]},{"@type":"ImageObject","inLanguage":"fr","@id":"https:\/\/thingstodoinamsterdam.com\/fr\/quand-partir-a-amsterdam\/#primaryimage","url":"https:\/\/thingstodoinamsterdam.com\/wp-content\/uploads\/2019\/08\/Cycling-in-Amsterdam-300x300.jpg","contentUrl":"https:\/\/thingstodoinamsterdam.com\/wp-content\/uploads\/2019\/08\/Cycling-in-Amsterdam-300x300.jpg","width":300,"height":300,"caption":"seasonal amsterdam"},{"@type":"BreadcrumbList","@id":"https:\/\/thingstodoinamsterdam.com\/fr\/quand-partir-a-amsterdam\/#breadcrumb","itemListElement":[{"@type":"ListItem","position":1,"name":"Visiter Amsterdam","item":"https:\/\/thingstodoinamsterdam.com\/fr\/"},{"@type":"ListItem","position":2,"name":"Quand partir \u00e0 Amsterdam"}]},{"@type":"WebSite","@id":"https:\/\/thingstodoinamsterdam.com\/fr\/#website","url":"https:\/\/thingstodoinamsterdam.com\/fr\/","name":"ThingstodoinAmsterdam.com","description":"Amsterdam&#039;s highlights and hidden secrets","publisher":{"@id":"https:\/\/thingstodoinamsterdam.com\/fr\/#organization"},"potentialAction":[{"@type":"SearchAction","target":{"@type":"EntryPoint","urlTemplate":"https:\/\/thingstodoinamsterdam.com\/fr\/?s={search_term_string}"},"query-input":{"@type":"PropertyValueSpecification","valueRequired":true,"valueName":"search_term_string"}}],"inLanguage":"fr"},{"@type":"Organization","@id":"https:\/\/thingstodoinamsterdam.com\/fr\/#organization","name":"Visiter Amsterdam","url":"https:\/\/thingstodoinamsterdam.com\/fr\/","logo":{"@type":"ImageObject","inLanguage":"fr","@id":"https:\/\/thingstodoinamsterdam.com\/fr\/#\/schema\/logo\/image\/","url":"https:\/\/thingstodoinamsterdam.com\/wp-content\/uploads\/2025\/02\/ThingsToDoInAmsterdam-Favicon-logo.png","contentUrl":"https:\/\/thingstodoinamsterdam.com\/wp-content\/uploads\/2025\/02\/ThingsToDoInAmsterdam-Favicon-logo.png","width":512,"height":512,"caption":"Visiter Amsterdam"},"image":{"@id":"https:\/\/thingstodoinamsterdam.com\/fr\/#\/schema\/logo\/image\/"},"sameAs":["https:\/\/www.facebook.com\/thingstodoinamsterdamcom"]}]}},"_links":{"self":[{"href":"https:\/\/thingstodoinamsterdam.com\/fr\/wp-json\/wp\/v2\/pages\/408","targetHints":{"allow":["GET"]}}],"collection":[{"href":"https:\/\/thingstodoinamsterdam.com\/fr\/wp-json\/wp\/v2\/pages"}],"about":[{"href":"https:\/\/thingstodoinamsterdam.com\/fr\/wp-json\/wp\/v2\/types\/page"}],"author":[{"embeddable":true,"href":"https:\/\/thingstodoinamsterdam.com\/fr\/wp-json\/wp\/v2\/users\/1"}],"replies":[{"embeddable":true,"href":"https:\/\/thingstodoinamsterdam.com\/fr\/wp-json\/wp\/v2\/comments?post=408"}],"version-history":[{"count":2,"href":"https:\/\/thingstodoinamsterdam.com\/fr\/wp-json\/wp\/v2\/pages\/408\/revisions"}],"predecessor-version":[{"id":10996,"href":"https:\/\/thingstodoinamsterdam.com\/fr\/wp-json\/wp\/v2\/pages\/408\/revisions\/10996"}],"wp:featuredmedia":[{"embeddable":true,"href":"https:\/\/thingstodoinamsterdam.com\/fr\/wp-json\/wp\/v2\/media\/3082"}],"wp:attachment":[{"href":"https:\/\/thingstodoinamsterdam.com\/fr\/wp-json\/wp\/v2\/media?parent=408"}],"curies":[{"name":"wp","href":"https:\/\/api.w.org\/{rel}","templated":true}]}}