{"id":410,"date":"2019-05-21T11:51:55","date_gmt":"2019-05-21T11:51:55","guid":{"rendered":"https:\/\/thingstodoinamsterdam.com\/?page_id=410"},"modified":"2025-09-03T23:43:34","modified_gmt":"2025-09-03T21:43:34","slug":"artis-zoo-amsterdam","status":"publish","type":"page","link":"https:\/\/thingstodoinamsterdam.com\/fr\/artis-zoo-amsterdam\/","title":{"rendered":"ARTIS zoo Amsterdam"},"content":{"rendered":"<div class=\"wpb-content-wrapper\"><p>[vc_row][vc_column][vc_column_text]<a href=\"https:\/\/thingstodoinamsterdam.com\/wp-content\/uploads\/2019\/08\/B094C003-DD6C-46C1-8E57-EB1A084F9161.jpg\"><img decoding=\"async\" class=\"size-medium wp-image-9146 alignright\" src=\"https:\/\/thingstodoinamsterdam.com\/wp-content\/uploads\/2019\/08\/B094C003-DD6C-46C1-8E57-EB1A084F9161-240x300-1.jpg\" alt=\"\" width=\"240\" height=\"300\" \/><\/a><\/p><div id=\"ez-toc-container\" class=\"ez-toc-v2_0_82_2 counter-hierarchy ez-toc-counter ez-toc-custom ez-toc-container-direction\">\n<div class=\"ez-toc-title-container\">\n<span class=\"ez-toc-title-toggle\"><a href=\"#\" class=\"ez-toc-pull-right ez-toc-btn ez-toc-btn-xs ez-toc-btn-default ez-toc-toggle\" aria-label=\"Toggle Table of Content\"><span class=\"ez-toc-js-icon-con\"><span class=\"\"><span class=\"eztoc-hide\" style=\"display:none;\">Toggle<\/span><span class=\"ez-toc-icon-toggle-span\"><svg style=\"fill: #999;color:#999\" xmlns=\"http:\/\/www.w3.org\/2000\/svg\" class=\"list-377408\" width=\"20px\" height=\"20px\" viewBox=\"0 0 24 24\" fill=\"none\"><path d=\"M6 6H4v2h2V6zm14 0H8v2h12V6zM4 11h2v2H4v-2zm16 0H8v2h12v-2zM4 16h2v2H4v-2zm16 0H8v2h12v-2z\" fill=\"currentColor\"><\/path><\/svg><svg style=\"fill: #999;color:#999\" class=\"arrow-unsorted-368013\" xmlns=\"http:\/\/www.w3.org\/2000\/svg\" width=\"10px\" height=\"10px\" viewBox=\"0 0 24 24\" version=\"1.2\" baseProfile=\"tiny\"><path d=\"M18.2 9.3l-6.2-6.3-6.2 6.3c-.2.2-.3.4-.3.7s.1.5.3.7c.2.2.4.3.7.3h11c.3 0 .5-.1.7-.3.2-.2.3-.5.3-.7s-.1-.5-.3-.7zM5.8 14.7l6.2 6.3 6.2-6.3c.2-.2.3-.5.3-.7s-.1-.5-.3-.7c-.2-.2-.4-.3-.7-.3h-11c-.3 0-.5.1-.7.3-.2.2-.3.5-.3.7s.1.5.3.7z\"\/><\/svg><\/span><\/span><\/span><\/a><\/span><\/div>\n<nav><ul class='ez-toc-list ez-toc-list-level-1 ' ><li class='ez-toc-page-1 ez-toc-heading-level-2'><a class=\"ez-toc-link ez-toc-heading-1\" href=\"https:\/\/thingstodoinamsterdam.com\/fr\/artis-zoo-amsterdam\/#micropia\" >Micropia<\/a><\/li><li class='ez-toc-page-1 ez-toc-heading-level-2'><a class=\"ez-toc-link ez-toc-heading-2\" href=\"https:\/\/thingstodoinamsterdam.com\/fr\/artis-zoo-amsterdam\/#artis-amsterdam-tarifs-billets-et-reductions\" >Artis Amsterdam tarifs, billets et r\u00e9ductions<\/a><\/li><\/ul><\/nav><\/div>\n\n<p>ARTIS zoo Amsterdam est le plus vieux zoo des Pays-Bas. Il offre une belle pause au sein de la ville.<\/p>\n<p>ARTIS Amsterdam a \u00e9t\u00e9 fond\u00e9 en 1838 et construit pr\u00e8s du centre-ville, il est donc assez petit. Ce zoo est un super lieu pour un rendez-vous romantique ou une sortie en famille.<\/p>\n<p>Le zoo d&#8217;Amsterdam abrite plus de 750 esp\u00e8ces diff\u00e9rentes d&#8217;animaux et plus de 300 esp\u00e8ces de v\u00e9g\u00e9taux. Ce zoo est agr\u00e9able toute l&#8217;ann\u00e9e, mais particuli\u00e8rement le printemps et l&#8217;\u00e9t\u00e9, lorsque les jardins sont fleuris et les arbres garnis de feuilles.<\/p>\n<p>Dans le zoo ARTIS \u00e0 Amsterdam, vous d\u00e9couvrirez \u00e9norm\u00e9ment de choses, et cela peut bien vous occuper quelques heures, telles que des parcs d&#8217;animaux, des jardins, des petites for\u00eats, un aquarium, un insectarium&#8230;<\/p>\n<p>Venez observer tous les animaux du zoo, des girafes, \u00e9l\u00e9phants, singes, serpents, lions, mais \u00e9galement des oiseaux, des poissons&#8230;<\/p>\n<h2><\/h2>\n<h2><span class=\"ez-toc-section\" id=\"micropia\"><\/span>Micropia<span class=\"ez-toc-section-end\"><\/span><\/h2>\n<p>En 2014 le mus\u00e9e Micropia a ouvert ses portes. Il est connect\u00e9 au zoo ARTIS \u00e0 Amsterdam. Au sein de ce mus\u00e9e, vous en apprendrez plus sur les micro-organismes.<\/p>\n<p>L&#8217;acc\u00e8s \u00e0 cette partie est payant, il vous faudra acheter un billet.[\/vc_column_text][button title=&#8221;Achetez vos billets sur Tours-tickets.com en utilisant notre code de r\u00e9duction&#8221; link=&#8221;https:\/\/thingstodoinamsterdam.com\/ticketlinkfr-artis-tours-std&#8221; button_align=&#8221;center&#8221; target=&#8221;true&#8221; nofollow=&#8221;true&#8221; el_id=&#8221;1595326427667-b0404fe5-9779&#8243;][vc_column_text]<\/p>\n<p style=\"text-align: center;\">&#8211; Achetez vos billets sur Tours &amp; Tickets avec notre code promo\u00a0<mark><strong>&#8216;THINGSTODO10<\/strong>&#8216;<\/mark>\u00a0et obtenez 10% de r\u00e9duction &#8211;<\/p>\n<p>[\/vc_column_text][button title=&#8221;Achetez vos billets sur Getyourguide.com&#8221; link=&#8221;https:\/\/thingstodoinamsterdam.com\/ticketlink-artis-getyourguide-std&#8221; icon=&#8221;&#8221; button_align=&#8221;center&#8221; target=&#8221;true&#8221; nofollow=&#8221;true&#8221; el_id=&#8221;1565597054019-07fd107c-1a2a&#8221;][vc_video link=&#8221;https:\/\/youtu.be\/9R-nmzpRqIk&#8221; css=&#8221;.vc_custom_1558429667257{margin-right: 25px !important;margin-left: 25px !important;}&#8221; title=&#8221;ARTIS zoo Amsterdam&#8221;][vc_column_text]<\/p>\n<h3>ARTIS zoo &#8211; horaires d&#8217;ouverture<\/h3>\n<p>Le zoo Artis Royal est ouvert tous les jours. Il y a 3 saisons qui influencent les heures d&#8217;ouverture :<\/p>\n<p>&nbsp;<\/p>\n<table style=\"width: 100%;\">\n<tbody>\n<tr>\n<td><strong>Du 1er mars au 31 octobre<\/strong><\/td>\n<td>9:00 &#8211; 18:00<\/td>\n<\/tr>\n<tr>\n<td><strong>Du 1er novembre au 28 f\u00e9vrier<\/strong><\/td>\n<td>9:00 &#8211; 17:00<\/td>\n<\/tr>\n<tr>\n<td><strong>Le 31 d\u00e9cembre<\/strong><\/td>\n<td>9:00 &#8211; 16:00<\/td>\n<\/tr>\n<tr>\n<td><strong>Le 1er Janvier<\/strong><\/td>\n<td>10:00 &#8211; 17:00<\/td>\n<\/tr>\n<tr>\n<td><strong>Tous les samedis de juin, juillet et ao\u00fbt<\/strong><\/td>\n<td>9:00 &#8211; coucher du soleil<\/td>\n<\/tr>\n<\/tbody>\n<\/table>\n<p>[\/vc_column_text][vc_column_text]<\/p>\n<h2><span class=\"ez-toc-section\" id=\"artis-amsterdam-tarifs-billets-et-reductions\"><\/span>Artis Amsterdam tarifs, billets et r\u00e9ductions<span class=\"ez-toc-section-end\"><\/span><\/h2>\n<p>Vous pouvez acheter vos billets \u00e0 l&#8217;entr\u00e9e du zoo ou alors en ligne !<\/p>\n<p>Il y a deux billets diff\u00e9rents :<\/p>\n<ul>\n<li>Billet pour Artis Royal Zoo<\/li>\n<li>Billet pour Artis Royal Zoo + Micropia<\/li>\n<\/ul>\n<h3>Tarifs<\/h3>\n<table style=\"width: 100%;\">\n<tbody>\n<tr>\n<td><b>Billets Artis Royal Zoo<\/b><\/td>\n<td><strong>sur place\u00a0<\/strong><\/td>\n<td><strong>en ligne\u00a0<\/strong><\/td>\n<\/tr>\n<tr>\n<td>Normal (10+)<\/td>\n<td>24\u20ac<\/td>\n<td>22\u20ac<\/td>\n<\/tr>\n<tr>\n<td>Jeunes (3\u00a0-9 ans)<\/td>\n<td>20,50\u20ac<\/td>\n<td>18,50<\/td>\n<\/tr>\n<tr>\n<td>Enfants (0-2 ans)<\/td>\n<td>gratuit<\/td>\n<td>gratuit<\/td>\n<\/tr>\n<\/tbody>\n<\/table>\n<p>&nbsp;<\/p>\n<table style=\"width: 100%;\">\n<tbody>\n<tr>\n<td><b>Billets Artis Royal Zoo &amp; Micropia<\/b><\/td>\n<td><b>sur place<\/b><\/td>\n<td><strong>en ligne\u00a0<\/strong><\/td>\n<\/tr>\n<tr>\n<td>Normal (10+)<\/td>\n<td>30,50\u20ac<\/td>\n<td>28,50\u20ac<\/td>\n<\/tr>\n<tr>\n<td>Jeunes (3\u00a0-9 ans)<\/td>\n<td>26,50\u20ac*<\/td>\n<td>24,50\u20ac*<\/td>\n<\/tr>\n<tr>\n<td>Enfants (0-2 ans)<\/td>\n<td>gratuit*<\/td>\n<td>gratuit*<\/td>\n<\/tr>\n<tr>\n<td>* l&#8217;\u00e2ge recommand\u00e9 pour Micropia est de 8 ans et plus<\/td>\n<td><\/td>\n<td><\/td>\n<\/tr>\n<\/tbody>\n<\/table>\n<p>[\/vc_column_text][button title=&#8221;Achetez vos billets sur Getyourguide.com&#8221; link=&#8221;https:\/\/thingstodoinamsterdam.com\/ticketlink-artis-getyourguide-std&#8221; icon=&#8221;&#8221; button_align=&#8221;center&#8221; target=&#8221;true&#8221; nofollow=&#8221;true&#8221; el_id=&#8221;1595326469711-a9dbbef6-e4c0&#8243;][button title=&#8221;Achetez vos billets sur Tours-tickets.com en utilisant notre code de r\u00e9duction&#8221; link=&#8221;https:\/\/thingstodoinamsterdam.com\/ticketlinkfr-artis-tours-std&#8221; button_align=&#8221;center&#8221; target=&#8221;true&#8221; nofollow=&#8221;true&#8221; el_id=&#8221;1565597246760-994f2be5-7582&#8243;][button title=&#8221;Achetez vos billets sur Tiqets.com en utilisant notre code de r\u00e9duction&#8221; link=&#8221;https:\/\/thingstodoinamsterdam.com\/ticketlinkfr-artis-tiqets-std&#8221; button_align=&#8221;center&#8221; target=&#8221;true&#8221; nofollow=&#8221;true&#8221; el_id=&#8221;1565597286095-7254376e-f9ab&#8221;][vc_column_text css=&#8221;&#8221;]<\/p>\n<h3>Artis Zoo &amp; Micropia billets combin\u00e9s<\/h3>\n<p>[\/vc_column_text][button title=&#8221;Achetez vos billets combin\u00e9s pour ARTIS zoo et Micropia sur Tours-tickets.com&#8221; link=&#8221;https:\/\/tc.tradetracker.net\/?c=25043&amp;m=12&amp;a=282233&amp;u=\/fr\/combinaisons\/zoo-artis-royal-damsterdam-plus-micropia\/&#8221; button_align=&#8221;center&#8221; target=&#8221;true&#8221; nofollow=&#8221;true&#8221; el_id=&#8221;1565597320452-ca322a01-fe70&#8243;][vc_column_text]<\/p>\n<div class=\"row\">\n<div class=\"col-md-6\">\n<p>Artis Royal Zoo est situ\u00e9 dans le centre d&#8217;Amsterdam. La meilleure fa\u00e7on de rejoindre le zoo est par transports publics.Il y a aussi un parking, 9\u20ac pour une journ\u00e9e.<\/p>\n<p><strong>Adresse<\/strong><strong><br \/>\n<\/strong>Artis Royal Zoo<br \/>\nPlantage Kerklaan 38-40<br \/>\n1018 CZ\u00a0Amsterdam<br \/>\n+31 (9) 00 278\u00a04796<br \/>\ninfo@artis.nl<\/p>\n<\/div>\n<div class=\"col-md-6\"><a href=\"https:\/\/thingstodoinamsterdam.com\/wp-content\/uploads\/2019\/07\/4093108457_a2b1748a01_z.jpg\" rel=\"attachment wp-att-642\"><img decoding=\"async\" class=\"size-medium wp-image-642 alignright\" src=\"https:\/\/thingstodoinamsterdam.com\/wp-content\/uploads\/2019\/07\/4093108457_a2b1748a01_z-300x225-1.jpg\" alt=\"Artis Royal Zoo Amsterdam\" width=\"300\" height=\"225\" \/><\/a><\/div>\n<\/div>\n<p>[\/vc_column_text][g_map heading=&#8221;Artis Amsterdam on the city map&#8221; el_id=&#8221;1565597550658-035f77a9-7d01&#8243;]<iframe style=\"border: 0;\" src=\"https:\/\/www.google.com\/maps\/embed?pb=!1m18!1m12!1m3!1d2436.2437384427626!2d4.9143434156595385!3d52.36600027978531!2m3!1f0!2f0!3f0!3m2!1i1024!2i768!4f13.1!3m3!1m2!1s0x47c609a1dbac0061%3A0xe6853789b8a4a3d!2sARTIS!5e0!3m2!1snl!2snl!4v1488642878318\" width=\"600\" height=\"450\" frameborder=\"0\" allowfullscreen=\"allowfullscreen\"><\/iframe>[\/g_map][vc_column_text]<\/p>\n<h3>Transports publics<\/h3>\n<p>Le meilleur moyen de rejoindre ARTIS zoo \u00e0 Amsterdam est de prendre le tramway. \u00c0 partir d&#8217;Amsterdam Centraal Station vous pouvez choisir entre le tram 9 ou 14, le nom de l&#8217;arr\u00eat est : Artis Royal Zoo. \u00c0 partir de l\u00e0, vous mettrez environ 20 minutes.<\/p>\n<p>C&#8217;est aussi possible de s&#8217;y rendre en voiture, il y a un parking.<\/p>\n<p><strong>\u00c0 partir d&#8217;Amsterdam Centraal Station<\/strong><\/p>\n<ul>\n<li>Tram 9, en direction de Diemen (Sniep), arr\u00eat \u00e0 Artis Royal Zoo<\/li>\n<li>Tram 14, en direction de Flevopark (Slotenmeer), arr\u00eat \u00e0 Artis Royal Zoo<\/li>\n<li>Metro 51 ou 53, arr\u00eat \u00e0 Waterlooplein<\/li>\n<\/ul>\n<p>&nbsp;<\/p>\n<p>Pour vous renseigner sur les temps de trajet actuels, vous pouvez utiliser le widget ci-dessous en fonction de votre position actuelle. Cette application vous aidera lorsque vous ne savez pas quel bus ou tram vous pouvez emprunter depuis votre position.<\/p>\n<p><a href=\"http:\/\/9292.nl\/en\/?to=amsterdam_dierentuin-artis\"><img decoding=\"async\" class=\"alignnone size-medium wp-image-3080\" src=\"https:\/\/thingstodoinamsterdam.com\/wp-content\/uploads\/2019\/07\/Button-Plan-mijn-OV-reis-EN-300x54.png\" alt=\"\" width=\"300\" height=\"54\" \/><\/a>[\/vc_column_text][vc_column_text]<a href=\"https:\/\/thingstodoinamsterdam.com\/fr\/musees-amsterdam\/amsterdam-dungeon\/\">Amsterdam Dungeon<\/a><br \/>\n<a href=\"https:\/\/thingstodoinamsterdam.com\/fr\/musees-amsterdam\/body-worlds-amsterdam\/\">BODY WORLDS Amsterdam<\/a><br \/>\n<a href=\"https:\/\/thingstodoinamsterdam.com\/fr\/croisiere-sur-les-canaux-amsterdam\/\">Croisi\u00e8re sur les canaux d&#8217;Amsterdam<\/a><br \/>\n<a href=\"https:\/\/thingstodoinamsterdam.com\/fr\/musees-amsterdam\/heineken-experience-amsterdam\/\">Heineken Experience<\/a><br \/>\n<a href=\"https:\/\/thingstodoinamsterdam.com\/fr\/ice-bar-amsterdam\/\">Ice Bar Amsterdam<\/a><br \/>\n<a href=\"https:\/\/thingstodoinamsterdam.com\/fr\/this-is-holland-experience-en-5d\/\">THIS IS HOLLAND<\/a><br \/>\n<a href=\"https:\/\/thingstodoinamsterdam.com\/fr\/musees-amsterdam\/moco-museum\/\">Moco Museum<\/a><br \/>\n<a href=\"https:\/\/thingstodoinamsterdam.com\/fr\/musees-amsterdam\/musee-nemo-amsterdam\/\">NEMO Science Museum<\/a><br \/>\nMadurodam<br \/>\nPowerzone<br \/>\n<a href=\"https:\/\/thingstodoinamsterdam.com\/fr\/musees-amsterdam\/le-rijksmuseum\/\">Rijksmuseum<\/a><br \/>\n<a href=\"https:\/\/thingstodoinamsterdam.com\/fr\/musees-amsterdam\/le-musee-stedelijk\/\">Stedelijk Museum<\/a><br \/>\n<a href=\"https:\/\/thingstodoinamsterdam.com\/fr\/musees-amsterdam\/le-musee-des-tropiques\/\">Le mus\u00e9e des Tropiques<\/a><br \/>\n<a href=\"https:\/\/thingstodoinamsterdam.com\/fr\/musees-amsterdam\/le-musee-van-gogh\/\">Van Gogh Museum<\/a>[\/vc_column_text][\/vc_column][\/vc_row][vc_row][vc_column][reviews heading=&#8221;Avis pour ARTIS Royal Zoo Amsterdam&#8221; description=&#8221;Nous sommes toujours int\u00e9ress\u00e9s en ce qui concerne les exp\u00e9riences de nos visiteurs. Dites-nous ce que vous en avez pens\u00e9 et aidez les autres voyageurs !&#8221; el_id=&#8221;1565597637091-ac235b70-ef42&#8243;][\/reviews][vc_column_text]<strong>Jetez un oeil \u00e0 l\u2019une des attractions ci-dessous ou revenez \u00e0 la page g\u00e9n\u00e9rale concernant <a href=\"https:\/\/thingstodoinamsterdam.com\/fr\/\">les choses \u00e0 faire \u00e0 Amsterdam<\/a>.<\/strong>[\/vc_column_text][\/vc_column][\/vc_row][vc_row][vc_column][promo_block style_var=&#8221;style2&#8243; el_id=&#8221;1565597753666-0733b163-232d&#8221;][promo link=&#8221;url:https%3A%2F%2Fthingstodoinamsterdam.com%2Ffr%2Fcroisiere-sur-les-canaux-amsterdam%2F|title:Croisi%C3%A8re%20sur%20les%20canaux%20d%E2%80%99Amsterdam||&#8221; text=&#8221;Amsterdam est appel\u00e9e la Venise du Nord. D\u00e9couvrez pourquoi\u2026&#8221; img=&#8221;2554&#8243;][promo link=&#8221;url:https%3A%2F%2Fthingstodoinamsterdam.com%2Ffr%2Fmusees-amsterdam%2Fle-musee-van-gogh%2F|title:Van%20Gogh%20Museum||&#8221; text=&#8221;Venez d\u00e9couvrir les oeuvres d\u2019art du c\u00e9l\u00e8bre artiste n\u00e9erlandais.&#8221; img=&#8221;592&#8243;][promo link=&#8221;url:https%3A%2F%2Fthingstodoinamsterdam.com%2Ffr%2Fmusees-amsterdam%2Fmadame-tussauds-amsterdam%2F|title:Madame%20Tussauds||&#8221; text=&#8221;Prenez un selfie avec la Dutch Royal family!&#8221; img=&#8221;2234&#8243;][\/promo_block][\/vc_column][\/vc_row]<\/p>\n<\/div>","protected":false},"excerpt":{"rendered":"<p>[vc_row][vc_column][vc_column_text] ARTIS zoo Amsterdam est le plus vieux zoo des Pays-Bas. Il offre une belle pause au sein de la ville. ARTIS Amsterdam a \u00e9t\u00e9\u2026<\/p>\n","protected":false},"author":20,"featured_media":2923,"parent":0,"menu_order":0,"comment_status":"closed","ping_status":"closed","template":"","meta":{"footnotes":""},"class_list":["post-410","page","type-page","status-publish","has-post-thumbnail","hentry"],"yoast_head":"<!-- This site is optimized with the Yoast SEO plugin v27.4 - https:\/\/yoast.com\/product\/yoast-seo-wordpress\/ -->\n<title>ARTIS zoo Amsterdam - tarifs, r\u00e9ductions, informations pratiques, avis &amp; +<\/title>\n<meta name=\"description\" content=\"Venez d\u00e9couvrir le plus vieux zoo des Pays-Bas. Girafes, \u00e9l\u00e9phants, singes.. une belle pause vous attend. R\u00e9servez vos billets \u00e0 prix r\u00e9duits en ligne !\" \/>\n<meta name=\"robots\" content=\"index, follow, max-snippet:-1, max-image-preview:large, max-video-preview:-1\" \/>\n<link rel=\"canonical\" href=\"https:\/\/thingstodoinamsterdam.com\/fr\/artis-zoo-amsterdam\/\" \/>\n<meta property=\"og:locale\" content=\"fr_FR\" \/>\n<meta property=\"og:type\" content=\"article\" \/>\n<meta property=\"og:title\" content=\"ARTIS zoo Amsterdam - tarifs, r\u00e9ductions, informations pratiques, avis &amp; +\" \/>\n<meta property=\"og:description\" content=\"Venez d\u00e9couvrir le plus vieux zoo des Pays-Bas. Girafes, \u00e9l\u00e9phants, singes.. une belle pause vous attend. R\u00e9servez vos billets \u00e0 prix r\u00e9duits en ligne !\" \/>\n<meta property=\"og:url\" content=\"https:\/\/thingstodoinamsterdam.com\/fr\/artis-zoo-amsterdam\/\" \/>\n<meta property=\"og:site_name\" content=\"ThingstodoinAmsterdam.com\" \/>\n<meta property=\"article:publisher\" content=\"https:\/\/www.facebook.com\/thingstodoinamsterdamcom\" \/>\n<meta property=\"article:modified_time\" content=\"2025-09-03T21:43:34+00:00\" \/>\n<meta property=\"og:image\" content=\"https:\/\/thingstodoinamsterdam.com\/wp-content\/uploads\/2019\/08\/2518817474_41f5213763_z.jpg\" \/>\n\t<meta property=\"og:image:width\" content=\"500\" \/>\n\t<meta property=\"og:image:height\" content=\"333\" \/>\n\t<meta property=\"og:image:type\" content=\"image\/jpeg\" \/>\n<meta name=\"twitter:card\" content=\"summary_large_image\" \/>\n<meta name=\"twitter:label1\" content=\"Est. reading time\" \/>\n\t<meta name=\"twitter:data1\" content=\"5 minutes\" \/>\n<script type=\"application\/ld+json\" class=\"yoast-schema-graph\">{\"@context\":\"https:\\\/\\\/schema.org\",\"@graph\":[{\"@type\":\"WebPage\",\"@id\":\"https:\\\/\\\/thingstodoinamsterdam.com\\\/fr\\\/artis-zoo-amsterdam\\\/\",\"url\":\"https:\\\/\\\/thingstodoinamsterdam.com\\\/fr\\\/artis-zoo-amsterdam\\\/\",\"name\":\"ARTIS zoo Amsterdam - tarifs, r\u00e9ductions, informations pratiques, avis & +\",\"isPartOf\":{\"@id\":\"https:\\\/\\\/thingstodoinamsterdam.com\\\/fr\\\/#website\"},\"primaryImageOfPage\":{\"@id\":\"https:\\\/\\\/thingstodoinamsterdam.com\\\/fr\\\/artis-zoo-amsterdam\\\/#primaryimage\"},\"image\":{\"@id\":\"https:\\\/\\\/thingstodoinamsterdam.com\\\/fr\\\/artis-zoo-amsterdam\\\/#primaryimage\"},\"thumbnailUrl\":\"https:\\\/\\\/thingstodoinamsterdam.com\\\/wp-content\\\/uploads\\\/2019\\\/08\\\/2518817474_41f5213763_z.jpg\",\"datePublished\":\"2019-05-21T11:51:55+00:00\",\"dateModified\":\"2025-09-03T21:43:34+00:00\",\"description\":\"Venez d\u00e9couvrir le plus vieux zoo des Pays-Bas. Girafes, \u00e9l\u00e9phants, singes.. une belle pause vous attend. R\u00e9servez vos billets \u00e0 prix r\u00e9duits en ligne !\",\"breadcrumb\":{\"@id\":\"https:\\\/\\\/thingstodoinamsterdam.com\\\/fr\\\/artis-zoo-amsterdam\\\/#breadcrumb\"},\"inLanguage\":\"fr\",\"potentialAction\":[{\"@type\":\"ReadAction\",\"target\":[\"https:\\\/\\\/thingstodoinamsterdam.com\\\/fr\\\/artis-zoo-amsterdam\\\/\"]}]},{\"@type\":\"ImageObject\",\"inLanguage\":\"fr\",\"@id\":\"https:\\\/\\\/thingstodoinamsterdam.com\\\/fr\\\/artis-zoo-amsterdam\\\/#primaryimage\",\"url\":\"https:\\\/\\\/thingstodoinamsterdam.com\\\/wp-content\\\/uploads\\\/2019\\\/08\\\/2518817474_41f5213763_z.jpg\",\"contentUrl\":\"https:\\\/\\\/thingstodoinamsterdam.com\\\/wp-content\\\/uploads\\\/2019\\\/08\\\/2518817474_41f5213763_z.jpg\",\"width\":500,\"height\":333},{\"@type\":\"BreadcrumbList\",\"@id\":\"https:\\\/\\\/thingstodoinamsterdam.com\\\/fr\\\/artis-zoo-amsterdam\\\/#breadcrumb\",\"itemListElement\":[{\"@type\":\"ListItem\",\"position\":1,\"name\":\"Visiter Amsterdam\",\"item\":\"https:\\\/\\\/thingstodoinamsterdam.com\\\/fr\\\/\"},{\"@type\":\"ListItem\",\"position\":2,\"name\":\"ARTIS zoo Amsterdam\"}]},{\"@type\":\"WebSite\",\"@id\":\"https:\\\/\\\/thingstodoinamsterdam.com\\\/fr\\\/#website\",\"url\":\"https:\\\/\\\/thingstodoinamsterdam.com\\\/fr\\\/\",\"name\":\"ThingstodoinAmsterdam.com\",\"description\":\"Amsterdam&#039;s highlights and hidden secrets\",\"publisher\":{\"@id\":\"https:\\\/\\\/thingstodoinamsterdam.com\\\/fr\\\/#organization\"},\"potentialAction\":[{\"@type\":\"SearchAction\",\"target\":{\"@type\":\"EntryPoint\",\"urlTemplate\":\"https:\\\/\\\/thingstodoinamsterdam.com\\\/fr\\\/?s={search_term_string}\"},\"query-input\":{\"@type\":\"PropertyValueSpecification\",\"valueRequired\":true,\"valueName\":\"search_term_string\"}}],\"inLanguage\":\"fr\"},{\"@type\":\"Organization\",\"@id\":\"https:\\\/\\\/thingstodoinamsterdam.com\\\/fr\\\/#organization\",\"name\":\"Visiter Amsterdam\",\"url\":\"https:\\\/\\\/thingstodoinamsterdam.com\\\/fr\\\/\",\"logo\":{\"@type\":\"ImageObject\",\"inLanguage\":\"fr\",\"@id\":\"https:\\\/\\\/thingstodoinamsterdam.com\\\/fr\\\/#\\\/schema\\\/logo\\\/image\\\/\",\"url\":\"https:\\\/\\\/thingstodoinamsterdam.com\\\/wp-content\\\/uploads\\\/2025\\\/02\\\/ThingsToDoInAmsterdam-Favicon-logo.png\",\"contentUrl\":\"https:\\\/\\\/thingstodoinamsterdam.com\\\/wp-content\\\/uploads\\\/2025\\\/02\\\/ThingsToDoInAmsterdam-Favicon-logo.png\",\"width\":512,\"height\":512,\"caption\":\"Visiter Amsterdam\"},\"image\":{\"@id\":\"https:\\\/\\\/thingstodoinamsterdam.com\\\/fr\\\/#\\\/schema\\\/logo\\\/image\\\/\"},\"sameAs\":[\"https:\\\/\\\/www.facebook.com\\\/thingstodoinamsterdamcom\"]}]}<\/script>\n<!-- \/ Yoast SEO plugin. -->","yoast_head_json":{"title":"ARTIS zoo Amsterdam - tarifs, r\u00e9ductions, informations pratiques, avis & +","description":"Venez d\u00e9couvrir le plus vieux zoo des Pays-Bas. Girafes, \u00e9l\u00e9phants, singes.. une belle pause vous attend. R\u00e9servez vos billets \u00e0 prix r\u00e9duits en ligne !","robots":{"index":"index","follow":"follow","max-snippet":"max-snippet:-1","max-image-preview":"max-image-preview:large","max-video-preview":"max-video-preview:-1"},"canonical":"https:\/\/thingstodoinamsterdam.com\/fr\/artis-zoo-amsterdam\/","og_locale":"fr_FR","og_type":"article","og_title":"ARTIS zoo Amsterdam - tarifs, r\u00e9ductions, informations pratiques, avis & +","og_description":"Venez d\u00e9couvrir le plus vieux zoo des Pays-Bas. Girafes, \u00e9l\u00e9phants, singes.. une belle pause vous attend. R\u00e9servez vos billets \u00e0 prix r\u00e9duits en ligne !","og_url":"https:\/\/thingstodoinamsterdam.com\/fr\/artis-zoo-amsterdam\/","og_site_name":"ThingstodoinAmsterdam.com","article_publisher":"https:\/\/www.facebook.com\/thingstodoinamsterdamcom","article_modified_time":"2025-09-03T21:43:34+00:00","og_image":[{"width":500,"height":333,"url":"https:\/\/thingstodoinamsterdam.com\/wp-content\/uploads\/2019\/08\/2518817474_41f5213763_z.jpg","type":"image\/jpeg"}],"twitter_card":"summary_large_image","twitter_misc":{"Est. reading time":"5 minutes"},"schema":{"@context":"https:\/\/schema.org","@graph":[{"@type":"WebPage","@id":"https:\/\/thingstodoinamsterdam.com\/fr\/artis-zoo-amsterdam\/","url":"https:\/\/thingstodoinamsterdam.com\/fr\/artis-zoo-amsterdam\/","name":"ARTIS zoo Amsterdam - tarifs, r\u00e9ductions, informations pratiques, avis & +","isPartOf":{"@id":"https:\/\/thingstodoinamsterdam.com\/fr\/#website"},"primaryImageOfPage":{"@id":"https:\/\/thingstodoinamsterdam.com\/fr\/artis-zoo-amsterdam\/#primaryimage"},"image":{"@id":"https:\/\/thingstodoinamsterdam.com\/fr\/artis-zoo-amsterdam\/#primaryimage"},"thumbnailUrl":"https:\/\/thingstodoinamsterdam.com\/wp-content\/uploads\/2019\/08\/2518817474_41f5213763_z.jpg","datePublished":"2019-05-21T11:51:55+00:00","dateModified":"2025-09-03T21:43:34+00:00","description":"Venez d\u00e9couvrir le plus vieux zoo des Pays-Bas. Girafes, \u00e9l\u00e9phants, singes.. une belle pause vous attend. R\u00e9servez vos billets \u00e0 prix r\u00e9duits en ligne !","breadcrumb":{"@id":"https:\/\/thingstodoinamsterdam.com\/fr\/artis-zoo-amsterdam\/#breadcrumb"},"inLanguage":"fr","potentialAction":[{"@type":"ReadAction","target":["https:\/\/thingstodoinamsterdam.com\/fr\/artis-zoo-amsterdam\/"]}]},{"@type":"ImageObject","inLanguage":"fr","@id":"https:\/\/thingstodoinamsterdam.com\/fr\/artis-zoo-amsterdam\/#primaryimage","url":"https:\/\/thingstodoinamsterdam.com\/wp-content\/uploads\/2019\/08\/2518817474_41f5213763_z.jpg","contentUrl":"https:\/\/thingstodoinamsterdam.com\/wp-content\/uploads\/2019\/08\/2518817474_41f5213763_z.jpg","width":500,"height":333},{"@type":"BreadcrumbList","@id":"https:\/\/thingstodoinamsterdam.com\/fr\/artis-zoo-amsterdam\/#breadcrumb","itemListElement":[{"@type":"ListItem","position":1,"name":"Visiter Amsterdam","item":"https:\/\/thingstodoinamsterdam.com\/fr\/"},{"@type":"ListItem","position":2,"name":"ARTIS zoo Amsterdam"}]},{"@type":"WebSite","@id":"https:\/\/thingstodoinamsterdam.com\/fr\/#website","url":"https:\/\/thingstodoinamsterdam.com\/fr\/","name":"ThingstodoinAmsterdam.com","description":"Amsterdam&#039;s highlights and hidden secrets","publisher":{"@id":"https:\/\/thingstodoinamsterdam.com\/fr\/#organization"},"potentialAction":[{"@type":"SearchAction","target":{"@type":"EntryPoint","urlTemplate":"https:\/\/thingstodoinamsterdam.com\/fr\/?s={search_term_string}"},"query-input":{"@type":"PropertyValueSpecification","valueRequired":true,"valueName":"search_term_string"}}],"inLanguage":"fr"},{"@type":"Organization","@id":"https:\/\/thingstodoinamsterdam.com\/fr\/#organization","name":"Visiter Amsterdam","url":"https:\/\/thingstodoinamsterdam.com\/fr\/","logo":{"@type":"ImageObject","inLanguage":"fr","@id":"https:\/\/thingstodoinamsterdam.com\/fr\/#\/schema\/logo\/image\/","url":"https:\/\/thingstodoinamsterdam.com\/wp-content\/uploads\/2025\/02\/ThingsToDoInAmsterdam-Favicon-logo.png","contentUrl":"https:\/\/thingstodoinamsterdam.com\/wp-content\/uploads\/2025\/02\/ThingsToDoInAmsterdam-Favicon-logo.png","width":512,"height":512,"caption":"Visiter Amsterdam"},"image":{"@id":"https:\/\/thingstodoinamsterdam.com\/fr\/#\/schema\/logo\/image\/"},"sameAs":["https:\/\/www.facebook.com\/thingstodoinamsterdamcom"]}]}},"_links":{"self":[{"href":"https:\/\/thingstodoinamsterdam.com\/fr\/wp-json\/wp\/v2\/pages\/410","targetHints":{"allow":["GET"]}}],"collection":[{"href":"https:\/\/thingstodoinamsterdam.com\/fr\/wp-json\/wp\/v2\/pages"}],"about":[{"href":"https:\/\/thingstodoinamsterdam.com\/fr\/wp-json\/wp\/v2\/types\/page"}],"author":[{"embeddable":true,"href":"https:\/\/thingstodoinamsterdam.com\/fr\/wp-json\/wp\/v2\/users\/20"}],"replies":[{"embeddable":true,"href":"https:\/\/thingstodoinamsterdam.com\/fr\/wp-json\/wp\/v2\/comments?post=410"}],"version-history":[{"count":6,"href":"https:\/\/thingstodoinamsterdam.com\/fr\/wp-json\/wp\/v2\/pages\/410\/revisions"}],"predecessor-version":[{"id":2029073,"href":"https:\/\/thingstodoinamsterdam.com\/fr\/wp-json\/wp\/v2\/pages\/410\/revisions\/2029073"}],"wp:featuredmedia":[{"embeddable":true,"href":"https:\/\/thingstodoinamsterdam.com\/fr\/wp-json\/wp\/v2\/media\/2923"}],"wp:attachment":[{"href":"https:\/\/thingstodoinamsterdam.com\/fr\/wp-json\/wp\/v2\/media?parent=410"}],"curies":[{"name":"wp","href":"https:\/\/api.w.org\/{rel}","templated":true}]}}